{"id":3936,"date":"2020-12-25T19:16:53","date_gmt":"2020-12-25T19:16:53","guid":{"rendered":"https:\/\/www.meavia-mh.hr\/?post_type=product&#038;p=3936"},"modified":"2026-01-24T08:09:41","modified_gmt":"2026-01-24T07:09:41","slug":"ikon-iq-x8-finishing-wipe-cleanser-and-sanitiser-400-ml","status":"publish","type":"product","link":"https:\/\/www.meavia-mh.hr\/sl\/product\/ikon-iq-x8-finishing-wipe-cleanser-and-sanitiser-400-ml\/","title":{"rendered":"IKON.iQ X8 Finishing Wipe, Cleaner and Sanitiser, 400 ml"},"content":{"rendered":"<p>IKON.iQ X8 FINISHING WIPE, \u010distilo in razku\u017eilo. \u010cistilo za nohte. O\u010disti lepljivo plast gela, pa tudi naravni noht pred geliranjem ali akrilnimi tehnikami. Daje popoln sijaj.<\/p>\n<h6>Zna\u010dilnosti:<\/h6>\n<ul>\n<li>odstrani zaviralno (lepljivo) plast z gelov in <a href=\"https:\/\/www.meavia-mh.hr\/sl\/product\/ikon-iq-ultimate-gel-neutral-pink-uv-led-50ml\/\">gel lak<\/a><\/li>\n<li>lahko se uporablja tudi za odstranjevanje strjenih ostankov gela z delovnih povr\u0161in<\/li>\n<li>profesionalna formula z minimalnim vonjem<\/li>\n<li>vrhunska kakovost za zdrave in lepe nohte<\/li>\n<li>brez \u0161kodljivih in strupenih snovi<\/li>\n<\/ul>\n<h6>Pakiranje: 400 ml<\/h6>\n<h6><\/h6>\n<h6>Sestava:<\/h6>\n<ul>\n<li>Izopropilni alkohol<\/li>\n<li>Etil acetat<\/li>\n<li>Prunus Persica (breskev)<\/li>\n<li>Oljni izvle\u010dek jedrc<\/li>\n<\/ul>","protected":false},"excerpt":{"rendered":"<p>IKON.iQ X8 FINISHING WIPE, Cleaner and Sanitiser. Cleaner za nokte.\u00a0\u010cisti ljepljivi sloj gela, a isto tako i prirodni nokat prije geliranja ili akril tehnike. Daje savr\u0161en sjaj. Karakteristike: uklanja inhibicijski (ljepljivi) sloj s gelova i gel lakova mo\u017ee se koristiti i za uklanjanje stvrdnutih ostataka gela s radnih povr\u0161ina profesionalna formula s minimalnim mirisom premium [&hellip;]<\/p>\n","protected":false},"featured_media":3940,"comment_status":"open","ping_status":"closed","template":"","meta":{"_uag_custom_page_level_css":"","site-sidebar-layout":"default","site-content-layout":"default","ast-site-content-layout":"default","site-content-style":"default","site-sidebar-style":"default","ast-global-header-display":"","ast-banner-title-visibility":"","ast-main-header-display":"","ast-hfb-above-header-display":"","ast-hfb-below-header-display":"","ast-hfb-mobile-header-display":"","site-post-title":"","ast-breadcrumbs-content":"","ast-featured-img":"","footer-sml-layout":"","ast-disable-related-posts":"","theme-transparent-header-meta":"default","adv-header-id-meta":"","stick-header-meta":"default","header-above-stick-meta":"","header-main-stick-meta":"","header-below-stick-meta":"","astra-migrate-meta-layouts":"default","ast-page-background-enabled":"default","ast-page-background-meta":{"desktop":{"background-color":"var(--ast-global-color-4)","background-image":"","background-repeat":"repeat","background-position":"center center","background-size":"auto","background-attachment":"scroll","background-type":"","background-media":"","overlay-type":"","overlay-color":"","overlay-opacity":"","overlay-gradient":""},"tablet":{"background-color":"","background-image":"","background-repeat":"repeat","background-position":"center center","background-size":"auto","background-attachment":"scroll","background-type":"","background-media":"","overlay-type":"","overlay-color":"","overlay-opacity":"","overlay-gradient":""},"mobile":{"background-color":"","background-image":"","background-repeat":"repeat","background-position":"center center","background-size":"auto","background-attachment":"scroll","background-type":"","background-media":"","overlay-type":"","overlay-color":"","overlay-opacity":"","overlay-gradient":""}},"ast-content-background-meta":{"desktop":{"background-color":"var(--ast-global-color-5)","background-image":"","background-repeat":"repeat","background-position":"center center","background-size":"auto","background-attachment":"scroll","background-type":"","background-media":"","overlay-type":"","overlay-color":"","overlay-opacity":"","overlay-gradient":""},"tablet":{"background-color":"var(--ast-global-color-5)","background-image":"","background-repeat":"repeat","background-position":"center center","background-size":"auto","background-attachment":"scroll","background-type":"","background-media":"","overlay-type":"","overlay-color":"","overlay-opacity":"","overlay-gradient":""},"mobile":{"background-color":"var(--ast-global-color-5)","background-image":"","background-repeat":"repeat","background-position":"center center","background-size":"auto","background-attachment":"scroll","background-type":"","background-media":"","overlay-type":"","overlay-color":"","overlay-opacity":"","overlay-gradient":""}}},"product_brand":[604],"product_cat":[25,115],"product_tag":[199],"class_list":{"0":"post-3936","1":"product","2":"type-product","3":"status-publish","4":"has-post-thumbnail","6":"product_brand-ikon-iq","7":"product_cat-ikoniq","8":"product_cat-pripremne-tekucine","9":"product_tag-cleaner","10":"desktop-align-left","11":"tablet-align-left","12":"mobile-align-left","13":"ast-product-gallery-layout-horizontal-slider","14":"ast-product-gallery-with-no-image","15":"ast-product-tabs-layout-horizontal","17":"first","18":"outofstock","19":"taxable","20":"shipping-taxable","21":"purchasable","22":"product-type-simple"},"yoast_head":"<!-- This site is optimized with the Yoast SEO plugin v27.4 - https:\/\/yoast.com\/product\/yoast-seo-wordpress\/ -->\n<title>IKON.iQ X8 Finishing Wipe, Cleaner and Sanitiser, 400 ml &#8902; Mea Via Beauty<\/title>\n<meta name=\"description\" content=\"Cleaner &#8902; IKON.iQ X8 Finishing Wipe, Cleaner and Sanitiser, 400 ml premium kvaliteta &#8902; bez \u0161tetnih i toksi\u010dnih tvari\" \/>\n<meta name=\"robots\" content=\"index, follow, max-snippet:-1, max-image-preview:large, max-video-preview:-1\" \/>\n<link rel=\"canonical\" href=\"https:\/\/www.meavia-mh.hr\/sl\/product\/ikon-iq-x8-finishing-wipe-cleanser-and-sanitiser-400-ml\/\" \/>\n<meta property=\"og:locale\" content=\"sl_SI\" \/>\n<meta property=\"og:type\" content=\"article\" \/>\n<meta property=\"og:title\" content=\"IKON.iQ X8 Finishing Wipe, Cleaner and Sanitiser, 400 ml &#8902; Mea Via Beauty\" \/>\n<meta property=\"og:description\" content=\"Cleaner &#8902; IKON.iQ X8 Finishing Wipe, Cleaner and Sanitiser, 400 ml premium kvaliteta &#8902; bez \u0161tetnih i toksi\u010dnih tvari\" \/>\n<meta property=\"og:url\" content=\"https:\/\/www.meavia-mh.hr\/sl\/product\/ikon-iq-x8-finishing-wipe-cleanser-and-sanitiser-400-ml\/\" \/>\n<meta property=\"og:site_name\" content=\"Mea Via Beauty\" \/>\n<meta property=\"article:publisher\" content=\"https:\/\/www.facebook.com\/MeaViaNailsWorld\" \/>\n<meta property=\"article:modified_time\" content=\"2026-01-24T07:09:41+00:00\" \/>\n<meta property=\"og:image\" content=\"https:\/\/www.meavia-mh.hr\/wp-content\/uploads\/2020\/12\/IKON.iQ-X8-FINISHING-WIPE-Cleaner-and-Sanitiser-400-ml.jpg\" \/>\n\t<meta property=\"og:image:width\" content=\"1322\" \/>\n\t<meta property=\"og:image:height\" content=\"1284\" \/>\n\t<meta property=\"og:image:type\" content=\"image\/jpeg\" \/>\n<meta name=\"twitter:card\" content=\"summary_large_image\" \/>\n<meta name=\"twitter:label1\" content=\"Est. reading time\" \/>\n\t<meta name=\"twitter:data1\" content=\"1 minuta\" \/>\n<script type=\"application\/ld+json\" class=\"yoast-schema-graph\">{\"@context\":\"https:\\\/\\\/schema.org\",\"@graph\":[{\"@type\":\"WebPage\",\"@id\":\"https:\\\/\\\/www.meavia-mh.hr\\\/product\\\/ikon-iq-x8-finishing-wipe-cleanser-and-sanitiser-400-ml\\\/\",\"url\":\"https:\\\/\\\/www.meavia-mh.hr\\\/product\\\/ikon-iq-x8-finishing-wipe-cleanser-and-sanitiser-400-ml\\\/\",\"name\":\"IKON.iQ X8 Finishing Wipe, Cleaner and Sanitiser, 400 ml &#8902; Mea Via Beauty\",\"isPartOf\":{\"@id\":\"https:\\\/\\\/meavia-mh.hr\\\/sl\\\/#website\"},\"primaryImageOfPage\":{\"@id\":\"https:\\\/\\\/www.meavia-mh.hr\\\/product\\\/ikon-iq-x8-finishing-wipe-cleanser-and-sanitiser-400-ml\\\/#primaryimage\"},\"image\":{\"@id\":\"https:\\\/\\\/www.meavia-mh.hr\\\/product\\\/ikon-iq-x8-finishing-wipe-cleanser-and-sanitiser-400-ml\\\/#primaryimage\"},\"thumbnailUrl\":\"https:\\\/\\\/www.meavia-mh.hr\\\/wp-content\\\/uploads\\\/2020\\\/12\\\/IKON.iQ-X8-FINISHING-WIPE-Cleaner-and-Sanitiser-400-ml.jpg\",\"datePublished\":\"2020-12-25T19:16:53+00:00\",\"dateModified\":\"2026-01-24T07:09:41+00:00\",\"description\":\"Cleaner &#8902; IKON.iQ X8 Finishing Wipe, Cleaner and Sanitiser, 400 ml premium kvaliteta &#8902; bez \u0161tetnih i toksi\u010dnih tvari\",\"breadcrumb\":{\"@id\":\"https:\\\/\\\/www.meavia-mh.hr\\\/product\\\/ikon-iq-x8-finishing-wipe-cleanser-and-sanitiser-400-ml\\\/#breadcrumb\"},\"inLanguage\":\"sl-SI\",\"potentialAction\":[{\"@type\":\"ReadAction\",\"target\":[\"https:\\\/\\\/www.meavia-mh.hr\\\/product\\\/ikon-iq-x8-finishing-wipe-cleanser-and-sanitiser-400-ml\\\/\"]}]},{\"@type\":\"ImageObject\",\"inLanguage\":\"sl-SI\",\"@id\":\"https:\\\/\\\/www.meavia-mh.hr\\\/product\\\/ikon-iq-x8-finishing-wipe-cleanser-and-sanitiser-400-ml\\\/#primaryimage\",\"url\":\"https:\\\/\\\/www.meavia-mh.hr\\\/wp-content\\\/uploads\\\/2020\\\/12\\\/IKON.iQ-X8-FINISHING-WIPE-Cleaner-and-Sanitiser-400-ml.jpg\",\"contentUrl\":\"https:\\\/\\\/www.meavia-mh.hr\\\/wp-content\\\/uploads\\\/2020\\\/12\\\/IKON.iQ-X8-FINISHING-WIPE-Cleaner-and-Sanitiser-400-ml.jpg\",\"width\":1322,\"height\":1284,\"caption\":\"IKON.iQ X8 FINISHING WIPE, Cleaner and Sanitiser, 400 ml\"},{\"@type\":\"BreadcrumbList\",\"@id\":\"https:\\\/\\\/www.meavia-mh.hr\\\/product\\\/ikon-iq-x8-finishing-wipe-cleanser-and-sanitiser-400-ml\\\/#breadcrumb\",\"itemListElement\":[{\"@type\":\"ListItem\",\"position\":1,\"name\":\"Po\u010detna stranica\",\"item\":\"https:\\\/\\\/www.meavia-mh.hr\\\/\"},{\"@type\":\"ListItem\",\"position\":2,\"name\":\"Trgovina\",\"item\":\"https:\\\/\\\/meavia-mh.hr\\\/sl\\\/store\\\/\"},{\"@type\":\"ListItem\",\"position\":3,\"name\":\"IKON.iQ X8 Finishing Wipe, Cleaner and Sanitiser, 400 ml\"}]},{\"@type\":\"WebSite\",\"@id\":\"https:\\\/\\\/meavia-mh.hr\\\/sl\\\/#website\",\"url\":\"https:\\\/\\\/meavia-mh.hr\\\/sl\\\/\",\"name\":\"Mea Via Beauty\",\"description\":\"Only The Best For Your Beauty\",\"publisher\":{\"@id\":\"https:\\\/\\\/meavia-mh.hr\\\/sl\\\/#organization\"},\"alternateName\":\"Mea Via Nails\",\"potentialAction\":[{\"@type\":\"SearchAction\",\"target\":{\"@type\":\"EntryPoint\",\"urlTemplate\":\"https:\\\/\\\/meavia-mh.hr\\\/sl\\\/?s={search_term_string}\"},\"query-input\":{\"@type\":\"PropertyValueSpecification\",\"valueRequired\":true,\"valueName\":\"search_term_string\"}}],\"inLanguage\":\"sl-SI\"},{\"@type\":\"Organization\",\"@id\":\"https:\\\/\\\/meavia-mh.hr\\\/sl\\\/#organization\",\"name\":\"Mea Via Nails World\",\"alternateName\":\"Mea Via\",\"url\":\"https:\\\/\\\/meavia-mh.hr\\\/sl\\\/\",\"logo\":{\"@type\":\"ImageObject\",\"inLanguage\":\"sl-SI\",\"@id\":\"https:\\\/\\\/meavia-mh.hr\\\/sl\\\/#\\\/schema\\\/logo\\\/image\\\/\",\"url\":\"https:\\\/\\\/www.meavia-mh.hr\\\/wp-content\\\/uploads\\\/2020\\\/12\\\/Mea-Via.png\",\"contentUrl\":\"https:\\\/\\\/www.meavia-mh.hr\\\/wp-content\\\/uploads\\\/2020\\\/12\\\/Mea-Via.png\",\"width\":1181,\"height\":393,\"caption\":\"Mea Via Nails World\"},\"image\":{\"@id\":\"https:\\\/\\\/meavia-mh.hr\\\/sl\\\/#\\\/schema\\\/logo\\\/image\\\/\"},\"sameAs\":[\"https:\\\/\\\/www.facebook.com\\\/MeaViaNailsWorld\",\"https:\\\/\\\/www.instagram.com\\\/mea_via_nails_world\\\/\",\"https:\\\/\\\/www.youtube.com\\\/channel\\\/UCECk0hpRWP6TN-EfA4ER96g\\\/featured\"]}]}<\/script>\n<!-- \/ Yoast SEO plugin. -->","yoast_head_json":{"title":"IKON.iQ X8 rob\u010dek za kon\u010dno obdelavo, \u010distilo in razku\u017eilo, 400 ml \u22c6 Mea Via Beauty","description":"\u010cistilo \u22c6 IKON.iQ X8 rob\u010dek za fino obdelavo, \u010distilo in razku\u017eilo, 400 ml vrhunske kakovosti \u22c6 brez \u0161kodljivih in strupenih snovi","robots":{"index":"index","follow":"follow","max-snippet":"max-snippet:-1","max-image-preview":"max-image-preview:large","max-video-preview":"max-video-preview:-1"},"canonical":"https:\/\/www.meavia-mh.hr\/sl\/product\/ikon-iq-x8-finishing-wipe-cleanser-and-sanitiser-400-ml\/","og_locale":"sl_SI","og_type":"article","og_title":"IKON.iQ X8 Finishing Wipe, Cleaner and Sanitiser, 400 ml &#8902; Mea Via Beauty","og_description":"Cleaner &#8902; IKON.iQ X8 Finishing Wipe, Cleaner and Sanitiser, 400 ml premium kvaliteta &#8902; bez \u0161tetnih i toksi\u010dnih tvari","og_url":"https:\/\/www.meavia-mh.hr\/sl\/product\/ikon-iq-x8-finishing-wipe-cleanser-and-sanitiser-400-ml\/","og_site_name":"Mea Via Beauty","article_publisher":"https:\/\/www.facebook.com\/MeaViaNailsWorld","article_modified_time":"2026-01-24T07:09:41+00:00","og_image":[{"width":1322,"height":1284,"url":"https:\/\/www.meavia-mh.hr\/wp-content\/uploads\/2020\/12\/IKON.iQ-X8-FINISHING-WIPE-Cleaner-and-Sanitiser-400-ml.jpg","type":"image\/jpeg"}],"twitter_card":"summary_large_image","twitter_misc":{"Est. reading time":"1 minuta"},"schema":{"@context":"https:\/\/schema.org","@graph":[{"@type":"WebPage","@id":"https:\/\/www.meavia-mh.hr\/product\/ikon-iq-x8-finishing-wipe-cleanser-and-sanitiser-400-ml\/","url":"https:\/\/www.meavia-mh.hr\/product\/ikon-iq-x8-finishing-wipe-cleanser-and-sanitiser-400-ml\/","name":"IKON.iQ X8 rob\u010dek za kon\u010dno obdelavo, \u010distilo in razku\u017eilo, 400 ml \u22c6 Mea Via Beauty","isPartOf":{"@id":"https:\/\/meavia-mh.hr\/sl\/#website"},"primaryImageOfPage":{"@id":"https:\/\/www.meavia-mh.hr\/product\/ikon-iq-x8-finishing-wipe-cleanser-and-sanitiser-400-ml\/#primaryimage"},"image":{"@id":"https:\/\/www.meavia-mh.hr\/product\/ikon-iq-x8-finishing-wipe-cleanser-and-sanitiser-400-ml\/#primaryimage"},"thumbnailUrl":"https:\/\/www.meavia-mh.hr\/wp-content\/uploads\/2020\/12\/IKON.iQ-X8-FINISHING-WIPE-Cleaner-and-Sanitiser-400-ml.jpg","datePublished":"2020-12-25T19:16:53+00:00","dateModified":"2026-01-24T07:09:41+00:00","description":"\u010cistilo \u22c6 IKON.iQ X8 rob\u010dek za fino obdelavo, \u010distilo in razku\u017eilo, 400 ml vrhunske kakovosti \u22c6 brez \u0161kodljivih in strupenih snovi","breadcrumb":{"@id":"https:\/\/www.meavia-mh.hr\/product\/ikon-iq-x8-finishing-wipe-cleanser-and-sanitiser-400-ml\/#breadcrumb"},"inLanguage":"sl-SI","potentialAction":[{"@type":"ReadAction","target":["https:\/\/www.meavia-mh.hr\/product\/ikon-iq-x8-finishing-wipe-cleanser-and-sanitiser-400-ml\/"]}]},{"@type":"ImageObject","inLanguage":"sl-SI","@id":"https:\/\/www.meavia-mh.hr\/product\/ikon-iq-x8-finishing-wipe-cleanser-and-sanitiser-400-ml\/#primaryimage","url":"https:\/\/www.meavia-mh.hr\/wp-content\/uploads\/2020\/12\/IKON.iQ-X8-FINISHING-WIPE-Cleaner-and-Sanitiser-400-ml.jpg","contentUrl":"https:\/\/www.meavia-mh.hr\/wp-content\/uploads\/2020\/12\/IKON.iQ-X8-FINISHING-WIPE-Cleaner-and-Sanitiser-400-ml.jpg","width":1322,"height":1284,"caption":"IKON.iQ X8 FINISHING WIPE, Cleaner and Sanitiser, 400 ml"},{"@type":"BreadcrumbList","@id":"https:\/\/www.meavia-mh.hr\/product\/ikon-iq-x8-finishing-wipe-cleanser-and-sanitiser-400-ml\/#breadcrumb","itemListElement":[{"@type":"ListItem","position":1,"name":"Po\u010detna stranica","item":"https:\/\/www.meavia-mh.hr\/"},{"@type":"ListItem","position":2,"name":"Trgovina","item":"https:\/\/meavia-mh.hr\/sl\/store\/"},{"@type":"ListItem","position":3,"name":"IKON.iQ X8 Finishing Wipe, Cleaner and Sanitiser, 400 ml"}]},{"@type":"WebSite","@id":"https:\/\/meavia-mh.hr\/sl\/#website","url":"https:\/\/meavia-mh.hr\/sl\/","name":"MEA VIA BEAUTY","description":"Only The Best For Your Beauty","publisher":{"@id":"https:\/\/meavia-mh.hr\/sl\/#organization"},"alternateName":"Mea Via Nails","potentialAction":[{"@type":"SearchAction","target":{"@type":"EntryPoint","urlTemplate":"https:\/\/meavia-mh.hr\/sl\/?s={search_term_string}"},"query-input":{"@type":"PropertyValueSpecification","valueRequired":true,"valueName":"search_term_string"}}],"inLanguage":"sl-SI"},{"@type":"Organization","@id":"https:\/\/meavia-mh.hr\/sl\/#organization","name":"Mea Via Nails World","alternateName":"Mea Via","url":"https:\/\/meavia-mh.hr\/sl\/","logo":{"@type":"ImageObject","inLanguage":"sl-SI","@id":"https:\/\/meavia-mh.hr\/sl\/#\/schema\/logo\/image\/","url":"https:\/\/www.meavia-mh.hr\/wp-content\/uploads\/2020\/12\/Mea-Via.png","contentUrl":"https:\/\/www.meavia-mh.hr\/wp-content\/uploads\/2020\/12\/Mea-Via.png","width":1181,"height":393,"caption":"Mea Via Nails World"},"image":{"@id":"https:\/\/meavia-mh.hr\/sl\/#\/schema\/logo\/image\/"},"sameAs":["https:\/\/www.facebook.com\/MeaViaNailsWorld","https:\/\/www.instagram.com\/mea_via_nails_world\/","https:\/\/www.youtube.com\/channel\/UCECk0hpRWP6TN-EfA4ER96g\/featured"]}]}},"spectra_custom_meta":{"_edit_last":["1239"],"_edit_lock":["1664022834:1"],"_oembed_4c244aa0c5d26a8ef4662540ac7293e4":["<iframe title=\"IKON.IQ Nail Liquids Explained\" width=\"500\" height=\"281\" src=\"https:\/\/www.youtube.com\/embed\/SePAvUDFJaA?start=32&feature=oembed\" frameborder=\"0\" allow=\"accelerometer; autoplay; clipboard-write; encrypted-media; gyroscope; picture-in-picture\" allowfullscreen><\/iframe>"],"_oembed_time_4c244aa0c5d26a8ef4662540ac7293e4":["1612985682"],"_oembed_99c2450a2a23aec6cafa54c74351d724":["<iframe title=\"IKON.IQ Nail Liquids Explained\" width=\"898\" height=\"505\" src=\"https:\/\/www.youtube.com\/embed\/SePAvUDFJaA?start=32&feature=oembed\" frameborder=\"0\" allow=\"accelerometer; autoplay; clipboard-write; encrypted-media; gyroscope; picture-in-picture\" allowfullscreen><\/iframe>"],"_oembed_time_99c2450a2a23aec6cafa54c74351d724":["1608922918"],"_wp_page_template":["default"],"_yoast_wpseo_focuskw":["cleaner"],"_yoast_wpseo_linkdex":["50"],"_yoast_wpseo_content_score":["90"],"_sku":["M71067"],"_regular_price":["22.43"],"total_sales":["15"],"_tax_status":["taxable"],"_tax_class":[""],"_manage_stock":["yes"],"_backorders":["no"],"_sold_individually":["no"],"_virtual":["no"],"_downloadable":["no"],"_download_limit":["-1"],"_download_expiry":["-1"],"_stock":["0.000000"],"_stock_status":["outofstock"],"_wc_average_rating":["0"],"_wc_review_count":["0"],"_product_version":["10.4.3"],"_price":["22.43"],"_yoast_wpseo_primary_product_cat":["115"],"site-sidebar-layout":["default"],"site-content-layout":["default"],"theme-transparent-header-meta":["default"],"stick-header-meta":["default"],"_oembed_7841d28a67ce1189aeffc108752281c9":["<iframe title=\"IKON.IQ Nail Liquids Explained\" width=\"922\" height=\"519\" src=\"https:\/\/www.youtube.com\/embed\/SePAvUDFJaA?start=32&feature=oembed\" frameborder=\"0\" allow=\"accelerometer; autoplay; clipboard-write; encrypted-media; gyroscope; picture-in-picture\" allowfullscreen><\/iframe>"],"_oembed_time_7841d28a67ce1189aeffc108752281c9":["1608923822"],"_thumbnail_id":["3940"],"_yoast_wpseo_metadesc":["Cleaner %%sep%% %%title%% premium kvaliteta %%sep%% bez \u0161tetnih i toksi\u010dnih tvari"],"_oembed_5a77a9e2589ca9d1b2d56e8bdaeafc45":["<iframe title=\"IKON.IQ Nail Liquids Explained\" width=\"1200\" height=\"675\" src=\"https:\/\/www.youtube.com\/embed\/SePAvUDFJaA?start=32&feature=oembed\" frameborder=\"0\" allow=\"accelerometer; autoplay; clipboard-write; encrypted-media; gyroscope; picture-in-picture\" allowfullscreen><\/iframe>"],"_oembed_time_5a77a9e2589ca9d1b2d56e8bdaeafc45":["1608981985"],"_woocs_price_geo_countries":[""],"_woocs_regular_price_geo":[""],"_woocs_sale_price_geo":[""],"_yoast_wpseo_estimated-reading-time-minutes":["1"],"_yoast_wpseo_wordproof_timestamp":[""],"cartflows_redirect_flow_id":[""],"cartflows_add_to_cart_text":[""],"_woocs_regular_price_EUR":["22.43"],"_woocs_sale_price_EUR":["-1"],"_lowest_price_30_days":["22.43"],"uag_migration_processed":["1"],"_elementor_page_assets":["a:0:{}"],"_uag_page_assets":["a:9:{s:3:\"css\";s:0:\"\";s:2:\"js\";s:0:\"\";s:18:\"current_block_list\";a:3:{i:0;s:11:\"core\/search\";i:1;s:18:\"core\/legacy-widget\";i:2;s:27:\"woocommerce\/product-filters\";}s:8:\"uag_flag\";b:0;s:11:\"uag_version\";s:10:\"1776414062\";s:6:\"gfonts\";a:0:{}s:10:\"gfonts_url\";s:0:\"\";s:12:\"gfonts_files\";a:0:{}s:14:\"uag_faq_layout\";b:0;}"]},"uagb_featured_image_src":{"full":["https:\/\/www.meavia-mh.hr\/wp-content\/uploads\/2020\/12\/IKON.iQ-X8-FINISHING-WIPE-Cleaner-and-Sanitiser-400-ml.jpg",1322,1284,false],"thumbnail":["https:\/\/www.meavia-mh.hr\/wp-content\/uploads\/2020\/12\/IKON.iQ-X8-FINISHING-WIPE-Cleaner-and-Sanitiser-400-ml-150x150.jpg",150,150,true],"medium":["https:\/\/www.meavia-mh.hr\/wp-content\/uploads\/2020\/12\/IKON.iQ-X8-FINISHING-WIPE-Cleaner-and-Sanitiser-400-ml-300x291.jpg",300,291,true],"medium_large":["https:\/\/www.meavia-mh.hr\/wp-content\/uploads\/2020\/12\/IKON.iQ-X8-FINISHING-WIPE-Cleaner-and-Sanitiser-400-ml-768x746.jpg",768,746,true],"large":["https:\/\/www.meavia-mh.hr\/wp-content\/uploads\/2020\/12\/IKON.iQ-X8-FINISHING-WIPE-Cleaner-and-Sanitiser-400-ml-1024x995.jpg",1024,995,true],"1536x1536":["https:\/\/www.meavia-mh.hr\/wp-content\/uploads\/2020\/12\/IKON.iQ-X8-FINISHING-WIPE-Cleaner-and-Sanitiser-400-ml.jpg",1322,1284,false],"2048x2048":["https:\/\/www.meavia-mh.hr\/wp-content\/uploads\/2020\/12\/IKON.iQ-X8-FINISHING-WIPE-Cleaner-and-Sanitiser-400-ml.jpg",1322,1284,false],"trp-custom-language-flag":["https:\/\/www.meavia-mh.hr\/wp-content\/uploads\/2020\/12\/IKON.iQ-X8-FINISHING-WIPE-Cleaner-and-Sanitiser-400-ml.jpg",12,12,false],"woocommerce_thumbnail":["https:\/\/www.meavia-mh.hr\/wp-content\/uploads\/2020\/12\/IKON.iQ-X8-FINISHING-WIPE-Cleaner-and-Sanitiser-400-ml-300x300.jpg",300,300,true],"woocommerce_single":["https:\/\/www.meavia-mh.hr\/wp-content\/uploads\/2020\/12\/IKON.iQ-X8-FINISHING-WIPE-Cleaner-and-Sanitiser-400-ml-600x583.jpg",600,583,true],"woocommerce_gallery_thumbnail":["https:\/\/www.meavia-mh.hr\/wp-content\/uploads\/2020\/12\/IKON.iQ-X8-FINISHING-WIPE-Cleaner-and-Sanitiser-400-ml-100x100.jpg",100,100,true]},"uagb_author_info":{"display_name":"Mea Via","author_link":"https:\/\/www.meavia-mh.hr\/sl\/author\/"},"uagb_comment_info":0,"uagb_excerpt":"IKON.iQ X8 FINISHING WIPE, Cleaner and Sanitiser. Cleaner za nokte.\u00a0\u010cisti ljepljivi sloj gela, a isto tako i prirodni nokat prije geliranja ili akril tehnike. Daje savr\u0161en sjaj. Karakteristike: uklanja inhibicijski (ljepljivi) sloj s gelova i gel lakova mo\u017ee se koristiti i za uklanjanje stvrdnutih ostataka gela s radnih povr\u0161ina profesionalna formula s minimalnim mirisom premium&hellip;","_links":{"self":[{"href":"https:\/\/www.meavia-mh.hr\/sl\/wp-json\/wp\/v2\/product\/3936","targetHints":{"allow":["GET"]}}],"collection":[{"href":"https:\/\/www.meavia-mh.hr\/sl\/wp-json\/wp\/v2\/product"}],"about":[{"href":"https:\/\/www.meavia-mh.hr\/sl\/wp-json\/wp\/v2\/types\/product"}],"replies":[{"embeddable":true,"href":"https:\/\/www.meavia-mh.hr\/sl\/wp-json\/wp\/v2\/comments?post=3936"}],"version-history":[{"count":1,"href":"https:\/\/www.meavia-mh.hr\/sl\/wp-json\/wp\/v2\/product\/3936\/revisions"}],"predecessor-version":[{"id":31469,"href":"https:\/\/www.meavia-mh.hr\/sl\/wp-json\/wp\/v2\/product\/3936\/revisions\/31469"}],"wp:featuredmedia":[{"embeddable":true,"href":"https:\/\/www.meavia-mh.hr\/sl\/wp-json\/wp\/v2\/media\/3940"}],"wp:attachment":[{"href":"https:\/\/www.meavia-mh.hr\/sl\/wp-json\/wp\/v2\/media?parent=3936"}],"wp:term":[{"taxonomy":"product_brand","embeddable":true,"href":"https:\/\/www.meavia-mh.hr\/sl\/wp-json\/wp\/v2\/product_brand?post=3936"},{"taxonomy":"product_cat","embeddable":true,"href":"https:\/\/www.meavia-mh.hr\/sl\/wp-json\/wp\/v2\/product_cat?post=3936"},{"taxonomy":"product_tag","embeddable":true,"href":"https:\/\/www.meavia-mh.hr\/sl\/wp-json\/wp\/v2\/product_tag?post=3936"}],"curies":[{"name":"delovni list","href":"https:\/\/api.w.org\/{rel}","templated":true}]}}