{"id":3925,"date":"2020-12-24T23:14:24","date_gmt":"2020-12-24T23:14:24","guid":{"rendered":"https:\/\/www.meavia-mh.hr\/?post_type=product&#038;p=3925"},"modified":"2026-04-06T12:28:29","modified_gmt":"2026-04-06T11:28:29","slug":"ikon-iq-sablone-proaktiv-nail-forms-500-kom","status":"publish","type":"product","link":"https:\/\/www.meavia-mh.hr\/sl\/product\/ikon-iq-sablone-proaktiv-nail-forms-500-kom\/","title":{"rendered":"IKON.iQ Proaktiv \u0161ablone za nohte - 500 kosov"},"content":{"rendered":"<p>IKON.iQ Proaktiv \u0161ablone za nohte - zna\u010dilnosti:<\/p>\n<ul>\n<li>Tehnologija AluSculpt vam zagotavlja popolno togost oblike nohtov, da zagotovite popolno krivuljo C<\/li>\n<li>Podrobna vodila na predlogi zagotavljajo, da so va\u0161e oblike vedno popolne in skraj\u0161ajo \u010das oblikovanja<\/li>\n<li>Mo\u010dno lepilo ohranja obliko zaprto<\/li>\n<li>500 predlog v kolutu<\/li>\n<li>Premium kvaliteta<\/li>\n<\/ul>\n<p>\u0160ablone so narejene iz novega materiala AluSculpt. To zagotavlja, da imajo oblike PROAKTIV v nasprotju s tradicionalnimi papirnatimi \u0161ablonami optimalno togost, potrebno za ustvarjanje popolnih c-krivulj tako v salonu kot za konkuren\u010dno uporabo. V kombinaciji z <a href=\"https:\/\/www.meavia-mh.hr\/sl\/product\/ikon-iq-ultimate-gel-neutral-pink-uv-led-50ml\/\">IKON.iQ nohti ULTIMATE<\/a> Geli za oblikovanje &quot;no-pinch&quot;, to je zmagovalna kombinacija!<\/p>\n<p>Podrobna navodila na predlogah olaj\u0161ajo ustvarjanje vseh oblik nohtov in pomagajo zmanj\u0161ati koli\u010dino vlo\u017eitve in oblikovanja.<\/p>\n<h6>Pakiranje: 500 kosov \/ zvitek<\/h6>","protected":false},"excerpt":{"rendered":"<p>Alu \u0161ablone za nohte.<\/p>","protected":false},"featured_media":3929,"comment_status":"closed","ping_status":"closed","template":"","meta":{"_uag_custom_page_level_css":"","site-sidebar-layout":"default","site-content-layout":null,"ast-site-content-layout":"default","site-content-style":"default","site-sidebar-style":"default","ast-global-header-display":"","ast-banner-title-visibility":"","ast-main-header-display":"","ast-hfb-above-header-display":"","ast-hfb-below-header-display":"","ast-hfb-mobile-header-display":"","site-post-title":"","ast-breadcrumbs-content":null,"ast-featured-img":"","footer-sml-layout":"","ast-disable-related-posts":"","theme-transparent-header-meta":"default","adv-header-id-meta":"","stick-header-meta":"default","header-above-stick-meta":"","header-main-stick-meta":"","header-below-stick-meta":"","astra-migrate-meta-layouts":"default","ast-page-background-enabled":"default","ast-page-background-meta":{"desktop":{"background-color":"var(--ast-global-color-4)","background-image":"","background-repeat":"repeat","background-position":"center center","background-size":"auto","background-attachment":"scroll","background-type":"","background-media":"","overlay-type":"","overlay-color":"","overlay-opacity":"","overlay-gradient":""},"tablet":{"background-color":"","background-image":"","background-repeat":"repeat","background-position":"center center","background-size":"auto","background-attachment":"scroll","background-type":"","background-media":"","overlay-type":"","overlay-color":"","overlay-opacity":"","overlay-gradient":""},"mobile":{"background-color":"","background-image":"","background-repeat":"repeat","background-position":"center center","background-size":"auto","background-attachment":"scroll","background-type":"","background-media":"","overlay-type":"","overlay-color":"","overlay-opacity":"","overlay-gradient":""}},"ast-content-background-meta":{"desktop":{"background-color":"var(--ast-global-color-5)","background-image":"","background-repeat":"repeat","background-position":"center center","background-size":"auto","background-attachment":"scroll","background-type":"","background-media":"","overlay-type":"","overlay-color":"","overlay-opacity":"","overlay-gradient":""},"tablet":{"background-color":"var(--ast-global-color-5)","background-image":"","background-repeat":"repeat","background-position":"center center","background-size":"auto","background-attachment":"scroll","background-type":"","background-media":"","overlay-type":"","overlay-color":"","overlay-opacity":"","overlay-gradient":""},"mobile":{"background-color":"var(--ast-global-color-5)","background-image":"","background-repeat":"repeat","background-position":"center center","background-size":"auto","background-attachment":"scroll","background-type":"","background-media":"","overlay-type":"","overlay-color":"","overlay-opacity":"","overlay-gradient":""}}},"product_brand":[604],"product_cat":[25,116],"product_tag":[198],"class_list":{"0":"post-3925","1":"product","2":"type-product","3":"status-publish","4":"has-post-thumbnail","6":"product_brand-ikon-iq","7":"product_cat-ikoniq","8":"product_cat-sablone-i-tipse","9":"product_tag-sablone","10":"desktop-align-left","11":"tablet-align-left","12":"mobile-align-left","13":"ast-product-gallery-layout-horizontal-slider","14":"ast-product-tabs-layout-horizontal","16":"first","17":"outofstock","18":"taxable","19":"shipping-taxable","20":"purchasable","21":"product-type-simple"},"yoast_head":"<!-- This site is optimized with the Yoast SEO plugin v27.4 - https:\/\/yoast.com\/product\/yoast-seo-wordpress\/ -->\n<title>IKON.iQ Proaktiv \u0161ablone za nokte - 500 kom &#8902; Mea Via Beauty<\/title>\n<meta name=\"description\" content=\"IKON.iQ Proaktiv \u0161ablone za nokte - 500 kom &#8902; izra\u0111ene od specijalnog alu materijala &#8902; za precizno i jednostavno oblikovanje nokta\" \/>\n<meta name=\"robots\" content=\"index, follow, max-snippet:-1, max-image-preview:large, max-video-preview:-1\" \/>\n<link rel=\"canonical\" href=\"https:\/\/www.meavia-mh.hr\/sl\/product\/ikon-iq-sablone-proaktiv-nail-forms-500-kom\/\" \/>\n<meta property=\"og:locale\" content=\"sl_SI\" \/>\n<meta property=\"og:type\" content=\"article\" \/>\n<meta property=\"og:title\" content=\"IKON.iQ Proaktiv \u0161ablone za nokte - 500 kom &#8902; Mea Via Beauty\" \/>\n<meta property=\"og:description\" content=\"IKON.iQ Proaktiv \u0161ablone za nokte - 500 kom &#8902; izra\u0111ene od specijalnog alu materijala &#8902; za precizno i jednostavno oblikovanje nokta\" \/>\n<meta property=\"og:url\" content=\"https:\/\/www.meavia-mh.hr\/sl\/product\/ikon-iq-sablone-proaktiv-nail-forms-500-kom\/\" \/>\n<meta property=\"og:site_name\" content=\"Mea Via Beauty\" \/>\n<meta property=\"article:publisher\" content=\"https:\/\/www.facebook.com\/MeaViaNailsWorld\" \/>\n<meta property=\"article:modified_time\" content=\"2026-04-06T11:28:29+00:00\" \/>\n<meta property=\"og:image\" content=\"https:\/\/www.meavia-mh.hr\/wp-content\/uploads\/2020\/12\/IKON.iQ-PROAKTIV-sablone-za-noktenail-forms-500-kom_.jpg\" \/>\n\t<meta property=\"og:image:width\" content=\"1276\" \/>\n\t<meta property=\"og:image:height\" content=\"1318\" \/>\n\t<meta property=\"og:image:type\" content=\"image\/jpeg\" \/>\n<meta name=\"twitter:card\" content=\"summary_large_image\" \/>\n<meta name=\"twitter:label1\" content=\"Est. reading time\" \/>\n\t<meta name=\"twitter:data1\" content=\"1 minuta\" \/>\n<script type=\"application\/ld+json\" class=\"yoast-schema-graph\">{\"@context\":\"https:\\\/\\\/schema.org\",\"@graph\":[{\"@type\":\"WebPage\",\"@id\":\"https:\\\/\\\/www.meavia-mh.hr\\\/product\\\/ikon-iq-sablone-proaktiv-nail-forms-500-kom\\\/\",\"url\":\"https:\\\/\\\/www.meavia-mh.hr\\\/product\\\/ikon-iq-sablone-proaktiv-nail-forms-500-kom\\\/\",\"name\":\"IKON.iQ Proaktiv \u0161ablone za nokte - 500 kom &#8902; Mea Via Beauty\",\"isPartOf\":{\"@id\":\"https:\\\/\\\/meavia-mh.hr\\\/sl\\\/#website\"},\"primaryImageOfPage\":{\"@id\":\"https:\\\/\\\/www.meavia-mh.hr\\\/product\\\/ikon-iq-sablone-proaktiv-nail-forms-500-kom\\\/#primaryimage\"},\"image\":{\"@id\":\"https:\\\/\\\/www.meavia-mh.hr\\\/product\\\/ikon-iq-sablone-proaktiv-nail-forms-500-kom\\\/#primaryimage\"},\"thumbnailUrl\":\"https:\\\/\\\/www.meavia-mh.hr\\\/wp-content\\\/uploads\\\/2020\\\/12\\\/IKON.iQ-PROAKTIV-sablone-za-noktenail-forms-500-kom_.jpg\",\"datePublished\":\"2020-12-24T23:14:24+00:00\",\"dateModified\":\"2026-04-06T11:28:29+00:00\",\"description\":\"IKON.iQ Proaktiv \u0161ablone za nokte - 500 kom &#8902; izra\u0111ene od specijalnog alu materijala &#8902; za precizno i jednostavno oblikovanje nokta\",\"breadcrumb\":{\"@id\":\"https:\\\/\\\/www.meavia-mh.hr\\\/product\\\/ikon-iq-sablone-proaktiv-nail-forms-500-kom\\\/#breadcrumb\"},\"inLanguage\":\"sl-SI\",\"potentialAction\":[{\"@type\":\"ReadAction\",\"target\":[\"https:\\\/\\\/www.meavia-mh.hr\\\/product\\\/ikon-iq-sablone-proaktiv-nail-forms-500-kom\\\/\"]}]},{\"@type\":\"ImageObject\",\"inLanguage\":\"sl-SI\",\"@id\":\"https:\\\/\\\/www.meavia-mh.hr\\\/product\\\/ikon-iq-sablone-proaktiv-nail-forms-500-kom\\\/#primaryimage\",\"url\":\"https:\\\/\\\/www.meavia-mh.hr\\\/wp-content\\\/uploads\\\/2020\\\/12\\\/IKON.iQ-PROAKTIV-sablone-za-noktenail-forms-500-kom_.jpg\",\"contentUrl\":\"https:\\\/\\\/www.meavia-mh.hr\\\/wp-content\\\/uploads\\\/2020\\\/12\\\/IKON.iQ-PROAKTIV-sablone-za-noktenail-forms-500-kom_.jpg\",\"width\":1276,\"height\":1318,\"caption\":\"IKON.iQ PROAKTIV \u0161ablone za nokte\\\/nail forms, 500 kom\"},{\"@type\":\"BreadcrumbList\",\"@id\":\"https:\\\/\\\/www.meavia-mh.hr\\\/product\\\/ikon-iq-sablone-proaktiv-nail-forms-500-kom\\\/#breadcrumb\",\"itemListElement\":[{\"@type\":\"ListItem\",\"position\":1,\"name\":\"Po\u010detna stranica\",\"item\":\"https:\\\/\\\/www.meavia-mh.hr\\\/\"},{\"@type\":\"ListItem\",\"position\":2,\"name\":\"Trgovina\",\"item\":\"https:\\\/\\\/meavia-mh.hr\\\/sl\\\/store\\\/\"},{\"@type\":\"ListItem\",\"position\":3,\"name\":\"IKON.iQ Proaktiv \u0161ablone za nokte &#8211; 500 kom\"}]},{\"@type\":\"WebSite\",\"@id\":\"https:\\\/\\\/meavia-mh.hr\\\/sl\\\/#website\",\"url\":\"https:\\\/\\\/meavia-mh.hr\\\/sl\\\/\",\"name\":\"Mea Via Beauty\",\"description\":\"Only The Best For Your Beauty\",\"publisher\":{\"@id\":\"https:\\\/\\\/meavia-mh.hr\\\/sl\\\/#organization\"},\"alternateName\":\"Mea Via Nails\",\"potentialAction\":[{\"@type\":\"SearchAction\",\"target\":{\"@type\":\"EntryPoint\",\"urlTemplate\":\"https:\\\/\\\/meavia-mh.hr\\\/sl\\\/?s={search_term_string}\"},\"query-input\":{\"@type\":\"PropertyValueSpecification\",\"valueRequired\":true,\"valueName\":\"search_term_string\"}}],\"inLanguage\":\"sl-SI\"},{\"@type\":\"Organization\",\"@id\":\"https:\\\/\\\/meavia-mh.hr\\\/sl\\\/#organization\",\"name\":\"Mea Via Nails World\",\"alternateName\":\"Mea Via\",\"url\":\"https:\\\/\\\/meavia-mh.hr\\\/sl\\\/\",\"logo\":{\"@type\":\"ImageObject\",\"inLanguage\":\"sl-SI\",\"@id\":\"https:\\\/\\\/meavia-mh.hr\\\/sl\\\/#\\\/schema\\\/logo\\\/image\\\/\",\"url\":\"https:\\\/\\\/www.meavia-mh.hr\\\/wp-content\\\/uploads\\\/2020\\\/12\\\/Mea-Via.png\",\"contentUrl\":\"https:\\\/\\\/www.meavia-mh.hr\\\/wp-content\\\/uploads\\\/2020\\\/12\\\/Mea-Via.png\",\"width\":1181,\"height\":393,\"caption\":\"Mea Via Nails World\"},\"image\":{\"@id\":\"https:\\\/\\\/meavia-mh.hr\\\/sl\\\/#\\\/schema\\\/logo\\\/image\\\/\"},\"sameAs\":[\"https:\\\/\\\/www.facebook.com\\\/MeaViaNailsWorld\",\"https:\\\/\\\/www.instagram.com\\\/mea_via_nails_world\\\/\",\"https:\\\/\\\/www.youtube.com\\\/channel\\\/UCECk0hpRWP6TN-EfA4ER96g\\\/featured\"]}]}<\/script>\n<!-- \/ Yoast SEO plugin. -->","yoast_head_json":{"title":"\u0160ablone za nohte IKON.iQ Proaktiv - 500 kosov \u22c6 Mea Via Beauty","description":"IKON.iQ Proaktivne \u0161ablone za nohte - 500 kosov \u22c6 iz posebnega aluminijastega materiala \u22c6 za natan\u010dno in enostavno oblikovanje nohtov","robots":{"index":"index","follow":"follow","max-snippet":"max-snippet:-1","max-image-preview":"max-image-preview:large","max-video-preview":"max-video-preview:-1"},"canonical":"https:\/\/www.meavia-mh.hr\/sl\/product\/ikon-iq-sablone-proaktiv-nail-forms-500-kom\/","og_locale":"sl_SI","og_type":"article","og_title":"IKON.iQ Proaktiv \u0161ablone za nokte - 500 kom &#8902; Mea Via Beauty","og_description":"IKON.iQ Proaktiv \u0161ablone za nokte - 500 kom &#8902; izra\u0111ene od specijalnog alu materijala &#8902; za precizno i jednostavno oblikovanje nokta","og_url":"https:\/\/www.meavia-mh.hr\/sl\/product\/ikon-iq-sablone-proaktiv-nail-forms-500-kom\/","og_site_name":"Mea Via Beauty","article_publisher":"https:\/\/www.facebook.com\/MeaViaNailsWorld","article_modified_time":"2026-04-06T11:28:29+00:00","og_image":[{"width":1276,"height":1318,"url":"https:\/\/www.meavia-mh.hr\/wp-content\/uploads\/2020\/12\/IKON.iQ-PROAKTIV-sablone-za-noktenail-forms-500-kom_.jpg","type":"image\/jpeg"}],"twitter_card":"summary_large_image","twitter_misc":{"Est. reading time":"1 minuta"},"schema":{"@context":"https:\/\/schema.org","@graph":[{"@type":"WebPage","@id":"https:\/\/www.meavia-mh.hr\/product\/ikon-iq-sablone-proaktiv-nail-forms-500-kom\/","url":"https:\/\/www.meavia-mh.hr\/product\/ikon-iq-sablone-proaktiv-nail-forms-500-kom\/","name":"\u0160ablone za nohte IKON.iQ Proaktiv - 500 kosov \u22c6 Mea Via Beauty","isPartOf":{"@id":"https:\/\/meavia-mh.hr\/sl\/#website"},"primaryImageOfPage":{"@id":"https:\/\/www.meavia-mh.hr\/product\/ikon-iq-sablone-proaktiv-nail-forms-500-kom\/#primaryimage"},"image":{"@id":"https:\/\/www.meavia-mh.hr\/product\/ikon-iq-sablone-proaktiv-nail-forms-500-kom\/#primaryimage"},"thumbnailUrl":"https:\/\/www.meavia-mh.hr\/wp-content\/uploads\/2020\/12\/IKON.iQ-PROAKTIV-sablone-za-noktenail-forms-500-kom_.jpg","datePublished":"2020-12-24T23:14:24+00:00","dateModified":"2026-04-06T11:28:29+00:00","description":"IKON.iQ Proaktivne \u0161ablone za nohte - 500 kosov \u22c6 iz posebnega aluminijastega materiala \u22c6 za natan\u010dno in enostavno oblikovanje nohtov","breadcrumb":{"@id":"https:\/\/www.meavia-mh.hr\/product\/ikon-iq-sablone-proaktiv-nail-forms-500-kom\/#breadcrumb"},"inLanguage":"sl-SI","potentialAction":[{"@type":"ReadAction","target":["https:\/\/www.meavia-mh.hr\/product\/ikon-iq-sablone-proaktiv-nail-forms-500-kom\/"]}]},{"@type":"ImageObject","inLanguage":"sl-SI","@id":"https:\/\/www.meavia-mh.hr\/product\/ikon-iq-sablone-proaktiv-nail-forms-500-kom\/#primaryimage","url":"https:\/\/www.meavia-mh.hr\/wp-content\/uploads\/2020\/12\/IKON.iQ-PROAKTIV-sablone-za-noktenail-forms-500-kom_.jpg","contentUrl":"https:\/\/www.meavia-mh.hr\/wp-content\/uploads\/2020\/12\/IKON.iQ-PROAKTIV-sablone-za-noktenail-forms-500-kom_.jpg","width":1276,"height":1318,"caption":"IKON.iQ PROAKTIV \u0161ablone za nokte\/nail forms, 500 kom"},{"@type":"BreadcrumbList","@id":"https:\/\/www.meavia-mh.hr\/product\/ikon-iq-sablone-proaktiv-nail-forms-500-kom\/#breadcrumb","itemListElement":[{"@type":"ListItem","position":1,"name":"Po\u010detna stranica","item":"https:\/\/www.meavia-mh.hr\/"},{"@type":"ListItem","position":2,"name":"Trgovina","item":"https:\/\/meavia-mh.hr\/sl\/store\/"},{"@type":"ListItem","position":3,"name":"IKON.iQ Proaktiv \u0161ablone za nokte &#8211; 500 kom"}]},{"@type":"WebSite","@id":"https:\/\/meavia-mh.hr\/sl\/#website","url":"https:\/\/meavia-mh.hr\/sl\/","name":"MEA VIA BEAUTY","description":"Only The Best For Your Beauty","publisher":{"@id":"https:\/\/meavia-mh.hr\/sl\/#organization"},"alternateName":"Mea Via Nails","potentialAction":[{"@type":"SearchAction","target":{"@type":"EntryPoint","urlTemplate":"https:\/\/meavia-mh.hr\/sl\/?s={search_term_string}"},"query-input":{"@type":"PropertyValueSpecification","valueRequired":true,"valueName":"search_term_string"}}],"inLanguage":"sl-SI"},{"@type":"Organization","@id":"https:\/\/meavia-mh.hr\/sl\/#organization","name":"Mea Via Nails World","alternateName":"Mea Via","url":"https:\/\/meavia-mh.hr\/sl\/","logo":{"@type":"ImageObject","inLanguage":"sl-SI","@id":"https:\/\/meavia-mh.hr\/sl\/#\/schema\/logo\/image\/","url":"https:\/\/www.meavia-mh.hr\/wp-content\/uploads\/2020\/12\/Mea-Via.png","contentUrl":"https:\/\/www.meavia-mh.hr\/wp-content\/uploads\/2020\/12\/Mea-Via.png","width":1181,"height":393,"caption":"Mea Via Nails World"},"image":{"@id":"https:\/\/meavia-mh.hr\/sl\/#\/schema\/logo\/image\/"},"sameAs":["https:\/\/www.facebook.com\/MeaViaNailsWorld","https:\/\/www.instagram.com\/mea_via_nails_world\/","https:\/\/www.youtube.com\/channel\/UCECk0hpRWP6TN-EfA4ER96g\/featured"]}]}},"spectra_custom_meta":{"_edit_last":["1239"],"_edit_lock":["1760967291:1239"],"_wp_page_template":["default"],"_yoast_wpseo_focuskw":["\u0161ablone za nokte"],"_yoast_wpseo_metadesc":["%%title%% %%sep%% izra\u0111ene od specijalnog alu materijala %%sep%% za precizno i jednostavno oblikovanje nokta"],"_yoast_wpseo_linkdex":["58"],"_yoast_wpseo_content_score":["90"],"total_sales":["105"],"_tax_status":["taxable"],"_tax_class":[""],"_manage_stock":["yes"],"_backorders":["no"],"_sold_individually":["no"],"_virtual":["no"],"_downloadable":["no"],"_download_limit":["-1"],"_download_expiry":["-1"],"_stock":["0"],"_stock_status":["outofstock"],"_wc_average_rating":["0"],"_wc_review_count":["0"],"_product_version":["10.6.2"],"_yoast_wpseo_primary_product_cat":["116"],"site-sidebar-layout":["default"],"site-content-layout":[null],"theme-transparent-header-meta":["default"],"stick-header-meta":["default"],"_thumbnail_id":["3929"],"_sku":["N10005"],"_regular_price":["24.99"],"_price":["24.99"],"_product_image_gallery":["3928"],"_woocs_price_geo_countries":[""],"_woocs_regular_price_geo":[""],"_woocs_sale_price_geo":[""],"_yoast_wpseo_estimated-reading-time-minutes":["1"],"_woocs_regular_price_EUR":["20.1"],"_woocs_sale_price_EUR":["-1"],"ast-below-header-display":[null],"_lowest_price_30_days":["21.1"],"cartflows_redirect_flow_id":[""],"cartflows_add_to_cart_text":[""],"_yoast_wpseo_primary_fb_product_set":[""],"_yoast_wpseo_wordproof_timestamp":[""],"uag_migration_processed":["1"],"ast-above-header-display":[null],"footer-adv-display":[null],"adv-header-id-meta":[""],"ast-breadcrumbs-content":[null],"_last_change_time":["1775195770"],"_elementor_page_assets":["a:0:{}"],"_uag_page_assets":["a:9:{s:3:\"css\";s:0:\"\";s:2:\"js\";s:0:\"\";s:18:\"current_block_list\";a:3:{i:0;s:11:\"core\/search\";i:1;s:18:\"core\/legacy-widget\";i:2;s:27:\"woocommerce\/product-filters\";}s:8:\"uag_flag\";b:0;s:11:\"uag_version\";s:10:\"1776780739\";s:6:\"gfonts\";a:0:{}s:10:\"gfonts_url\";s:0:\"\";s:12:\"gfonts_files\";a:0:{}s:14:\"uag_faq_layout\";b:0;}"]},"uagb_featured_image_src":{"full":["https:\/\/www.meavia-mh.hr\/wp-content\/uploads\/2020\/12\/IKON.iQ-PROAKTIV-sablone-za-noktenail-forms-500-kom_.jpg",1276,1318,false],"thumbnail":["https:\/\/www.meavia-mh.hr\/wp-content\/uploads\/2020\/12\/IKON.iQ-PROAKTIV-sablone-za-noktenail-forms-500-kom_-150x150.jpg",150,150,true],"medium":["https:\/\/www.meavia-mh.hr\/wp-content\/uploads\/2020\/12\/IKON.iQ-PROAKTIV-sablone-za-noktenail-forms-500-kom_-290x300.jpg",290,300,true],"medium_large":["https:\/\/www.meavia-mh.hr\/wp-content\/uploads\/2020\/12\/IKON.iQ-PROAKTIV-sablone-za-noktenail-forms-500-kom_-768x793.jpg",768,793,true],"large":["https:\/\/www.meavia-mh.hr\/wp-content\/uploads\/2020\/12\/IKON.iQ-PROAKTIV-sablone-za-noktenail-forms-500-kom_-991x1024.jpg",991,1024,true],"1536x1536":["https:\/\/www.meavia-mh.hr\/wp-content\/uploads\/2020\/12\/IKON.iQ-PROAKTIV-sablone-za-noktenail-forms-500-kom_.jpg",1276,1318,false],"2048x2048":["https:\/\/www.meavia-mh.hr\/wp-content\/uploads\/2020\/12\/IKON.iQ-PROAKTIV-sablone-za-noktenail-forms-500-kom_.jpg",1276,1318,false],"trp-custom-language-flag":["https:\/\/www.meavia-mh.hr\/wp-content\/uploads\/2020\/12\/IKON.iQ-PROAKTIV-sablone-za-noktenail-forms-500-kom_.jpg",12,12,false],"woocommerce_thumbnail":["https:\/\/www.meavia-mh.hr\/wp-content\/uploads\/2020\/12\/IKON.iQ-PROAKTIV-sablone-za-noktenail-forms-500-kom_-300x300.jpg",300,300,true],"woocommerce_single":["https:\/\/www.meavia-mh.hr\/wp-content\/uploads\/2020\/12\/IKON.iQ-PROAKTIV-sablone-za-noktenail-forms-500-kom_-600x620.jpg",600,620,true],"woocommerce_gallery_thumbnail":["https:\/\/www.meavia-mh.hr\/wp-content\/uploads\/2020\/12\/IKON.iQ-PROAKTIV-sablone-za-noktenail-forms-500-kom_-100x100.jpg",100,100,true]},"uagb_author_info":{"display_name":"Mea Via","author_link":"https:\/\/www.meavia-mh.hr\/sl\/author\/"},"uagb_comment_info":0,"uagb_excerpt":"Alu \u0161ablone za nokte.","_links":{"self":[{"href":"https:\/\/www.meavia-mh.hr\/sl\/wp-json\/wp\/v2\/product\/3925","targetHints":{"allow":["GET"]}}],"collection":[{"href":"https:\/\/www.meavia-mh.hr\/sl\/wp-json\/wp\/v2\/product"}],"about":[{"href":"https:\/\/www.meavia-mh.hr\/sl\/wp-json\/wp\/v2\/types\/product"}],"replies":[{"embeddable":true,"href":"https:\/\/www.meavia-mh.hr\/sl\/wp-json\/wp\/v2\/comments?post=3925"}],"version-history":[{"count":1,"href":"https:\/\/www.meavia-mh.hr\/sl\/wp-json\/wp\/v2\/product\/3925\/revisions"}],"predecessor-version":[{"id":31471,"href":"https:\/\/www.meavia-mh.hr\/sl\/wp-json\/wp\/v2\/product\/3925\/revisions\/31471"}],"wp:featuredmedia":[{"embeddable":true,"href":"https:\/\/www.meavia-mh.hr\/sl\/wp-json\/wp\/v2\/media\/3929"}],"wp:attachment":[{"href":"https:\/\/www.meavia-mh.hr\/sl\/wp-json\/wp\/v2\/media?parent=3925"}],"wp:term":[{"taxonomy":"product_brand","embeddable":true,"href":"https:\/\/www.meavia-mh.hr\/sl\/wp-json\/wp\/v2\/product_brand?post=3925"},{"taxonomy":"product_cat","embeddable":true,"href":"https:\/\/www.meavia-mh.hr\/sl\/wp-json\/wp\/v2\/product_cat?post=3925"},{"taxonomy":"product_tag","embeddable":true,"href":"https:\/\/www.meavia-mh.hr\/sl\/wp-json\/wp\/v2\/product_tag?post=3925"}],"curies":[{"name":"delovni list","href":"https:\/\/api.w.org\/{rel}","templated":true}]}}