{"id":39221,"date":"2025-07-11T16:27:50","date_gmt":"2025-07-11T14:27:50","guid":{"rendered":"https:\/\/www.meavia-mh.hr\/?post_type=product&#038;p=39221"},"modified":"2026-04-16T15:38:30","modified_gmt":"2026-04-16T14:38:30","slug":"stylistic-raspa-half-mon-80-100","status":"publish","type":"product","link":"https:\/\/www.meavia-mh.hr\/sl\/product\/stylistic-raspa-half-mon-80-100\/","title":{"rendered":"Stilska ra\u0161pa Half Mon 80\/100"},"content":{"rendered":"<p>Stylistic Half Moon 80\/100 ra\u0161pa je grobozrnata pilica, namenjena odstranjevanju gel laka in manikure.<\/p>\n<p>Profesionalna re\u0161itev za strokovnjake, ki cenijo najvi\u0161jo kakovost in skrbijo za vsako podrobnost.<\/p>\n<p>Ra\u0161pa Stylistic Half Moon 80\/100 zagotavlja visoko kakovost, je izdelana iz vrhunskih materialov, je zelo odporna in dolgo obstojna. Zahvaljujo\u010d trdnemu jedru je sredina ra\u0161pe (pile) izjemno stabilna, kar prepre\u010duje, da bi se pila med delom upogibala.<\/p>\n<p>Pilica za nohte v obliki polmeseca je edinstvena, ergonomska kombinacija dveh oblik \u2013 plo\u0161\u010date in banane. Zahvaljujo\u010d temu je delo z njim izjemno enostavno. Omogo\u010da natan\u010dno obdelavo te\u017eko dostopnih mest. Sodobna, bolj\u0161a struktura papirnatih datotek, izdelana iz najkakovostnej\u0161ih surovin, zagotavlja dolgotrajno uporabo.<\/p>\n<p>Zanj je zna\u010dilna trda sredina, odporna na deformacije. Izdelek gladko drsi po povr\u0161ini reza, ne da bi po\u0161kodoval ko\u017eo ali povzro\u010dal nelagodje. Kakovostna povr\u0161ina je odporna proti obrabi.<\/p>\n<p>Pilica je priporo\u010dljiva za vse postopke manikure in pedikure, pri katerih potrebujete natan\u010dno in varno pripravo nohtov.<\/p>\n<p><span style=\"font-size: 16px; font-style: normal;\">Za profesionalno uporabo.<\/span><\/p>\n<h6>Pakiranje: 1 kos<\/h6>\n<p><strong>Polmeseca (polmeseca)<br \/>\n<\/strong>Oblika pile Half Moon vam omogo\u010da, da dose\u017eete te\u017eko dostopna mesta, kot so robovi, in prepre\u010duje po\u0161kodbe ko\u017ee.<br \/>\n<strong>GRADACJA 80\/100<\/strong><\/p>\n<h6><strong>Katero datoteko izbrati?<\/strong><\/h6>\n<div>Pri izbiri datoteke ni pomembna barva, temve\u010d to, koliko ima datoteka pesk (oznake drobnosti zrn na datotekah).<\/div>\n<div>Manj\u0161e oznake na pili, npr. 80\/100, pomenijo, da je pila bolj groba, ve\u010dje oznake na pili, npr. 180\/240, pa pomenijo, da je pila bolj fina. Manj\u0161a oznaka pomeni bolj grobo in ostrej\u0161o pilo, ve\u010dja oznaka pomeni bolj fino in ne\u017eno pilo.<\/div>\n<div>\n<figure id=\"attachment_13871\" aria-describedby=\"caption-attachment-13871\" style=\"width: 843px\" class=\"wp-caption aligncenter\"><a href=\"https:\/\/www.meavia-mh.hr\/wp-content\/uploads\/2022\/06\/IMG_5062.jpg\"><img fetchpriority=\"high\" decoding=\"async\" class=\"wp-image-13871 size-full\" src=\"https:\/\/www.meavia-mh.hr\/wp-content\/uploads\/2022\/06\/IMG_5062.jpg\" alt=\"Stylistic ra\u0161pa turpija best quality\" width=\"843\" height=\"843\" srcset=\"https:\/\/www.meavia-mh.hr\/wp-content\/uploads\/2022\/06\/IMG_5062.jpg 843w, https:\/\/www.meavia-mh.hr\/wp-content\/uploads\/2022\/06\/IMG_5062-300x300.jpg 300w, https:\/\/www.meavia-mh.hr\/wp-content\/uploads\/2022\/06\/IMG_5062-150x150.jpg 150w, https:\/\/www.meavia-mh.hr\/wp-content\/uploads\/2022\/06\/IMG_5062-768x768.jpg 768w, https:\/\/www.meavia-mh.hr\/wp-content\/uploads\/2022\/06\/IMG_5062-12x12.jpg 12w, https:\/\/www.meavia-mh.hr\/wp-content\/uploads\/2022\/06\/IMG_5062-600x600.jpg 600w, https:\/\/www.meavia-mh.hr\/wp-content\/uploads\/2022\/06\/IMG_5062-100x100.jpg 100w\" sizes=\"(max-width: 843px) 100vw, 843px\" \/><\/a><figcaption id=\"caption-attachment-13871\" class=\"wp-caption-text\">Stilisti\u010dna raspa datoteka najbolj\u0161e kakovosti<\/figcaption><\/figure>\n<\/div>\n<div>\n<h6><strong>Kaj je gradacija?<\/strong><\/h6>\n<p>To je koli\u010dina zrna, posuta na povr\u0161ini papirne datoteke na 1 cm kvadratni. Kaj to pomeni v praksi? Vi\u0161je kot je \u0161tevilo\/gradacija, bolj ob\u010dutljiva bo ra\u0161pa.<\/p>\n<p>Mo\u010dnej\u0161a zrna se bodo hitro in u\u010dinkovito znebila na primer ostankov hibridne ali gelne mase in bodo nohte pripravila na nadaljnje tretmaje. Mehkej\u0161a stran bo uporabna za pripravo naravne nohtne plo\u0161\u010de, matiranje in dajanje ustrezne kon\u010dne oblike.<\/p>\n<p>Pilica je priporo\u010dljiva za vse postopke manikure in pedikure, pri katerih potrebujete natan\u010dno in varno pripravo nohtov.<\/p>\n<figure id=\"attachment_13870\" aria-describedby=\"caption-attachment-13870\" style=\"width: 834px\" class=\"wp-caption aligncenter\"><a href=\"https:\/\/www.meavia-mh.hr\/wp-content\/uploads\/2022\/06\/IMG_5061.jpg\"><img decoding=\"async\" class=\"wp-image-13870 size-full\" src=\"https:\/\/www.meavia-mh.hr\/wp-content\/uploads\/2022\/06\/IMG_5061-e1654509665891.jpg\" alt=\"Stylistic ra\u0161pa turpija best quality\" width=\"834\" height=\"843\" srcset=\"https:\/\/www.meavia-mh.hr\/wp-content\/uploads\/2022\/06\/IMG_5061-e1654509665891.jpg 834w, https:\/\/www.meavia-mh.hr\/wp-content\/uploads\/2022\/06\/IMG_5061-e1654509665891-297x300.jpg 297w, https:\/\/www.meavia-mh.hr\/wp-content\/uploads\/2022\/06\/IMG_5061-e1654509665891-768x776.jpg 768w, https:\/\/www.meavia-mh.hr\/wp-content\/uploads\/2022\/06\/IMG_5061-e1654509665891-12x12.jpg 12w, https:\/\/www.meavia-mh.hr\/wp-content\/uploads\/2022\/06\/IMG_5061-e1654509665891-600x606.jpg 600w, https:\/\/www.meavia-mh.hr\/wp-content\/uploads\/2022\/06\/IMG_5061-e1654509665891-100x100.jpg 100w\" sizes=\"(max-width: 834px) 100vw, 834px\" \/><\/a><figcaption id=\"caption-attachment-13870\" class=\"wp-caption-text\">Stilisti\u010dna raspa datoteka najbolj\u0161e kakovosti<\/figcaption><\/figure>\n<\/div>","protected":false},"excerpt":{"rendered":"<p>Stylistic ra\u0161pa Half Moon 80\/100 dizajnirana je grubozrnata turpija, namijenjena za obradu gelova i uklanjanje manikure. Profesionalno rje\u0161enje za profesionalce koji cijene najvi\u0161u kvalitetu i vode ra\u010duna o svakom detalju. Stylistic ra\u0161pa Half Moon 80\/100 osiguravaja visoku kvalitetu, izra\u0111ena je od vrhunskih materijala, jako je otporna i dugotrajna. Zahvaljuju\u0107i \u010dvrstoj jezgri sredina ra\u0161pe (turpije) je [&hellip;]<\/p>\n","protected":false},"featured_media":39217,"comment_status":"closed","ping_status":"closed","template":"","meta":{"_uag_custom_page_level_css":"","site-sidebar-layout":"default","site-content-layout":"","ast-site-content-layout":"default","site-content-style":"default","site-sidebar-style":"default","ast-global-header-display":"","ast-banner-title-visibility":"","ast-main-header-display":"","ast-hfb-above-header-display":"","ast-hfb-below-header-display":"","ast-hfb-mobile-header-display":"","site-post-title":"","ast-breadcrumbs-content":"","ast-featured-img":"","footer-sml-layout":"","ast-disable-related-posts":"","theme-transparent-header-meta":"default","adv-header-id-meta":"","stick-header-meta":"default","header-above-stick-meta":"","header-main-stick-meta":"","header-below-stick-meta":"","astra-migrate-meta-layouts":"set","ast-page-background-enabled":"default","ast-page-background-meta":{"desktop":{"background-color":"var(--ast-global-color-4)","background-image":"","background-repeat":"repeat","background-position":"center center","background-size":"auto","background-attachment":"scroll","background-type":"","background-media":"","overlay-type":"","overlay-color":"","overlay-opacity":"","overlay-gradient":""},"tablet":{"background-color":"","background-image":"","background-repeat":"repeat","background-position":"center center","background-size":"auto","background-attachment":"scroll","background-type":"","background-media":"","overlay-type":"","overlay-color":"","overlay-opacity":"","overlay-gradient":""},"mobile":{"background-color":"","background-image":"","background-repeat":"repeat","background-position":"center center","background-size":"auto","background-attachment":"scroll","background-type":"","background-media":"","overlay-type":"","overlay-color":"","overlay-opacity":"","overlay-gradient":""}},"ast-content-background-meta":{"desktop":{"background-color":"var(--ast-global-color-5)","background-image":"","background-repeat":"repeat","background-position":"center center","background-size":"auto","background-attachment":"scroll","background-type":"","background-media":"","overlay-type":"","overlay-color":"","overlay-opacity":"","overlay-gradient":""},"tablet":{"background-color":"var(--ast-global-color-5)","background-image":"","background-repeat":"repeat","background-position":"center center","background-size":"auto","background-attachment":"scroll","background-type":"","background-media":"","overlay-type":"","overlay-color":"","overlay-opacity":"","overlay-gradient":""},"mobile":{"background-color":"var(--ast-global-color-5)","background-image":"","background-repeat":"repeat","background-position":"center center","background-size":"auto","background-attachment":"scroll","background-type":"","background-media":"","overlay-type":"","overlay-color":"","overlay-opacity":"","overlay-gradient":""}}},"product_brand":[],"product_cat":[523,113],"product_tag":[196,197],"class_list":{"0":"post-39221","1":"product","2":"type-product","3":"status-publish","4":"has-post-thumbnail","6":"product_cat-novo","7":"product_cat-raspe","8":"product_tag-raspa","9":"product_tag-turpija","10":"desktop-align-left","11":"tablet-align-left","12":"mobile-align-left","13":"ast-product-gallery-layout-horizontal-slider","14":"ast-product-tabs-layout-horizontal","16":"first","17":"instock","18":"taxable","19":"shipping-taxable","20":"purchasable","21":"product-type-simple"},"yoast_head":"<!-- This site is optimized with the Yoast SEO plugin v27.4 - https:\/\/yoast.com\/product\/yoast-seo-wordpress\/ -->\n<title>Stylistic ra\u0161pa Half Mon 80\/100 &#8902; Mea Via Beauty<\/title>\n<meta name=\"description\" content=\"Stylistic ra\u0161pa Half Mon 80\/100 &#8902; trupija za gel, akril gel, trajni lak&#8902; dvostrana ra\u0161pa za manikuru &#8902; top kvaliteta\" \/>\n<meta name=\"robots\" content=\"index, follow, max-snippet:-1, max-image-preview:large, max-video-preview:-1\" \/>\n<link rel=\"canonical\" href=\"https:\/\/www.meavia-mh.hr\/sl\/product\/stylistic-raspa-half-mon-80-100\/\" \/>\n<meta property=\"og:locale\" content=\"sl_SI\" \/>\n<meta property=\"og:type\" content=\"article\" \/>\n<meta property=\"og:title\" content=\"Stylistic ra\u0161pa Half Mon 80\/100 &#8902; Mea Via Beauty\" \/>\n<meta property=\"og:description\" content=\"Stylistic ra\u0161pa Half Mon 80\/100 &#8902; trupija za gel, akril gel, trajni lak&#8902; dvostrana ra\u0161pa za manikuru &#8902; top kvaliteta\" \/>\n<meta property=\"og:url\" content=\"https:\/\/www.meavia-mh.hr\/sl\/product\/stylistic-raspa-half-mon-80-100\/\" \/>\n<meta property=\"og:site_name\" content=\"Mea Via Beauty\" \/>\n<meta property=\"article:publisher\" content=\"https:\/\/www.facebook.com\/MeaViaNailsWorld\" \/>\n<meta property=\"article:modified_time\" content=\"2026-04-16T14:38:30+00:00\" \/>\n<meta property=\"og:image\" content=\"https:\/\/www.meavia-mh.hr\/wp-content\/uploads\/2025\/07\/Stylistic_lodka_80-100-pilnik-do-paznokci-2.webp\" \/>\n\t<meta property=\"og:image:width\" content=\"1500\" \/>\n\t<meta property=\"og:image:height\" content=\"1500\" \/>\n\t<meta property=\"og:image:type\" content=\"image\/webp\" \/>\n<meta name=\"twitter:card\" content=\"summary_large_image\" \/>\n<meta name=\"twitter:label1\" content=\"Est. reading time\" \/>\n\t<meta name=\"twitter:data1\" content=\"3 minute\" \/>\n<script type=\"application\/ld+json\" class=\"yoast-schema-graph\">{\"@context\":\"https:\\\/\\\/schema.org\",\"@graph\":[{\"@type\":\"WebPage\",\"@id\":\"https:\\\/\\\/www.meavia-mh.hr\\\/product\\\/stylistic-raspa-half-mon-80-100\\\/\",\"url\":\"https:\\\/\\\/www.meavia-mh.hr\\\/product\\\/stylistic-raspa-half-mon-80-100\\\/\",\"name\":\"Stylistic ra\u0161pa Half Mon 80\\\/100 &#8902; Mea Via Beauty\",\"isPartOf\":{\"@id\":\"https:\\\/\\\/meavia-mh.hr\\\/sl\\\/#website\"},\"primaryImageOfPage\":{\"@id\":\"https:\\\/\\\/www.meavia-mh.hr\\\/product\\\/stylistic-raspa-half-mon-80-100\\\/#primaryimage\"},\"image\":{\"@id\":\"https:\\\/\\\/www.meavia-mh.hr\\\/product\\\/stylistic-raspa-half-mon-80-100\\\/#primaryimage\"},\"thumbnailUrl\":\"https:\\\/\\\/www.meavia-mh.hr\\\/wp-content\\\/uploads\\\/2025\\\/07\\\/Stylistic_lodka_80-100-pilnik-do-paznokci-2.webp\",\"datePublished\":\"2025-07-11T14:27:50+00:00\",\"dateModified\":\"2026-04-16T14:38:30+00:00\",\"description\":\"Stylistic ra\u0161pa Half Mon 80\\\/100 &#8902; trupija za gel, akril gel, trajni lak&#8902; dvostrana ra\u0161pa za manikuru &#8902; top kvaliteta\",\"breadcrumb\":{\"@id\":\"https:\\\/\\\/www.meavia-mh.hr\\\/product\\\/stylistic-raspa-half-mon-80-100\\\/#breadcrumb\"},\"inLanguage\":\"sl-SI\",\"potentialAction\":[{\"@type\":\"ReadAction\",\"target\":[\"https:\\\/\\\/www.meavia-mh.hr\\\/product\\\/stylistic-raspa-half-mon-80-100\\\/\"]}]},{\"@type\":\"ImageObject\",\"inLanguage\":\"sl-SI\",\"@id\":\"https:\\\/\\\/www.meavia-mh.hr\\\/product\\\/stylistic-raspa-half-mon-80-100\\\/#primaryimage\",\"url\":\"https:\\\/\\\/www.meavia-mh.hr\\\/wp-content\\\/uploads\\\/2025\\\/07\\\/Stylistic_lodka_80-100-pilnik-do-paznokci-2.webp\",\"contentUrl\":\"https:\\\/\\\/www.meavia-mh.hr\\\/wp-content\\\/uploads\\\/2025\\\/07\\\/Stylistic_lodka_80-100-pilnik-do-paznokci-2.webp\",\"width\":1500,\"height\":1500,\"caption\":\"Stylistic ra\u0161pa Half Mon 80\\\/100\"},{\"@type\":\"BreadcrumbList\",\"@id\":\"https:\\\/\\\/www.meavia-mh.hr\\\/product\\\/stylistic-raspa-half-mon-80-100\\\/#breadcrumb\",\"itemListElement\":[{\"@type\":\"ListItem\",\"position\":1,\"name\":\"Po\u010detna stranica\",\"item\":\"https:\\\/\\\/www.meavia-mh.hr\\\/\"},{\"@type\":\"ListItem\",\"position\":2,\"name\":\"Trgovina\",\"item\":\"https:\\\/\\\/meavia-mh.hr\\\/sl\\\/store\\\/\"},{\"@type\":\"ListItem\",\"position\":3,\"name\":\"Stylistic ra\u0161pa Half Mon 80\\\/100\"}]},{\"@type\":\"WebSite\",\"@id\":\"https:\\\/\\\/meavia-mh.hr\\\/sl\\\/#website\",\"url\":\"https:\\\/\\\/meavia-mh.hr\\\/sl\\\/\",\"name\":\"Mea Via Beauty\",\"description\":\"Only The Best For Your Beauty\",\"publisher\":{\"@id\":\"https:\\\/\\\/meavia-mh.hr\\\/sl\\\/#organization\"},\"alternateName\":\"Mea Via Nails\",\"potentialAction\":[{\"@type\":\"SearchAction\",\"target\":{\"@type\":\"EntryPoint\",\"urlTemplate\":\"https:\\\/\\\/meavia-mh.hr\\\/sl\\\/?s={search_term_string}\"},\"query-input\":{\"@type\":\"PropertyValueSpecification\",\"valueRequired\":true,\"valueName\":\"search_term_string\"}}],\"inLanguage\":\"sl-SI\"},{\"@type\":\"Organization\",\"@id\":\"https:\\\/\\\/meavia-mh.hr\\\/sl\\\/#organization\",\"name\":\"Mea Via Nails World\",\"alternateName\":\"Mea Via\",\"url\":\"https:\\\/\\\/meavia-mh.hr\\\/sl\\\/\",\"logo\":{\"@type\":\"ImageObject\",\"inLanguage\":\"sl-SI\",\"@id\":\"https:\\\/\\\/meavia-mh.hr\\\/sl\\\/#\\\/schema\\\/logo\\\/image\\\/\",\"url\":\"https:\\\/\\\/www.meavia-mh.hr\\\/wp-content\\\/uploads\\\/2020\\\/12\\\/Mea-Via.png\",\"contentUrl\":\"https:\\\/\\\/www.meavia-mh.hr\\\/wp-content\\\/uploads\\\/2020\\\/12\\\/Mea-Via.png\",\"width\":1181,\"height\":393,\"caption\":\"Mea Via Nails World\"},\"image\":{\"@id\":\"https:\\\/\\\/meavia-mh.hr\\\/sl\\\/#\\\/schema\\\/logo\\\/image\\\/\"},\"sameAs\":[\"https:\\\/\\\/www.facebook.com\\\/MeaViaNailsWorld\",\"https:\\\/\\\/www.instagram.com\\\/mea_via_nails_world\\\/\",\"https:\\\/\\\/www.youtube.com\\\/channel\\\/UCECk0hpRWP6TN-EfA4ER96g\\\/featured\"]}]}<\/script>\n<!-- \/ Yoast SEO plugin. -->","yoast_head_json":{"title":"Stilisti\u010dna raspa Half Mon 80\/100 \u22c6 Mea Via Beauty","description":"Stilisti\u010dna ra\u0161pa Half Mon 80\/100 \u22c6 primerna za gel, akrilni gel, permanentni lak \u22c6 dvostranska ra\u0161pa za manikuro \u22c6 vrhunska kakovost","robots":{"index":"index","follow":"follow","max-snippet":"max-snippet:-1","max-image-preview":"max-image-preview:large","max-video-preview":"max-video-preview:-1"},"canonical":"https:\/\/www.meavia-mh.hr\/sl\/product\/stylistic-raspa-half-mon-80-100\/","og_locale":"sl_SI","og_type":"article","og_title":"Stylistic ra\u0161pa Half Mon 80\/100 &#8902; Mea Via Beauty","og_description":"Stylistic ra\u0161pa Half Mon 80\/100 &#8902; trupija za gel, akril gel, trajni lak&#8902; dvostrana ra\u0161pa za manikuru &#8902; top kvaliteta","og_url":"https:\/\/www.meavia-mh.hr\/sl\/product\/stylistic-raspa-half-mon-80-100\/","og_site_name":"Mea Via Beauty","article_publisher":"https:\/\/www.facebook.com\/MeaViaNailsWorld","article_modified_time":"2026-04-16T14:38:30+00:00","og_image":[{"width":1500,"height":1500,"url":"https:\/\/www.meavia-mh.hr\/wp-content\/uploads\/2025\/07\/Stylistic_lodka_80-100-pilnik-do-paznokci-2.webp","type":"image\/webp"}],"twitter_card":"summary_large_image","twitter_misc":{"Est. reading time":"3 minute"},"schema":{"@context":"https:\/\/schema.org","@graph":[{"@type":"WebPage","@id":"https:\/\/www.meavia-mh.hr\/product\/stylistic-raspa-half-mon-80-100\/","url":"https:\/\/www.meavia-mh.hr\/product\/stylistic-raspa-half-mon-80-100\/","name":"Stilisti\u010dna raspa Half Mon 80\/100 \u22c6 Mea Via Beauty","isPartOf":{"@id":"https:\/\/meavia-mh.hr\/sl\/#website"},"primaryImageOfPage":{"@id":"https:\/\/www.meavia-mh.hr\/product\/stylistic-raspa-half-mon-80-100\/#primaryimage"},"image":{"@id":"https:\/\/www.meavia-mh.hr\/product\/stylistic-raspa-half-mon-80-100\/#primaryimage"},"thumbnailUrl":"https:\/\/www.meavia-mh.hr\/wp-content\/uploads\/2025\/07\/Stylistic_lodka_80-100-pilnik-do-paznokci-2.webp","datePublished":"2025-07-11T14:27:50+00:00","dateModified":"2026-04-16T14:38:30+00:00","description":"Stilisti\u010dna ra\u0161pa Half Mon 80\/100 \u22c6 primerna za gel, akrilni gel, permanentni lak \u22c6 dvostranska ra\u0161pa za manikuro \u22c6 vrhunska kakovost","breadcrumb":{"@id":"https:\/\/www.meavia-mh.hr\/product\/stylistic-raspa-half-mon-80-100\/#breadcrumb"},"inLanguage":"sl-SI","potentialAction":[{"@type":"ReadAction","target":["https:\/\/www.meavia-mh.hr\/product\/stylistic-raspa-half-mon-80-100\/"]}]},{"@type":"ImageObject","inLanguage":"sl-SI","@id":"https:\/\/www.meavia-mh.hr\/product\/stylistic-raspa-half-mon-80-100\/#primaryimage","url":"https:\/\/www.meavia-mh.hr\/wp-content\/uploads\/2025\/07\/Stylistic_lodka_80-100-pilnik-do-paznokci-2.webp","contentUrl":"https:\/\/www.meavia-mh.hr\/wp-content\/uploads\/2025\/07\/Stylistic_lodka_80-100-pilnik-do-paznokci-2.webp","width":1500,"height":1500,"caption":"Stylistic ra\u0161pa Half Mon 80\/100"},{"@type":"BreadcrumbList","@id":"https:\/\/www.meavia-mh.hr\/product\/stylistic-raspa-half-mon-80-100\/#breadcrumb","itemListElement":[{"@type":"ListItem","position":1,"name":"Po\u010detna stranica","item":"https:\/\/www.meavia-mh.hr\/"},{"@type":"ListItem","position":2,"name":"Trgovina","item":"https:\/\/meavia-mh.hr\/sl\/store\/"},{"@type":"ListItem","position":3,"name":"Stylistic ra\u0161pa Half Mon 80\/100"}]},{"@type":"WebSite","@id":"https:\/\/meavia-mh.hr\/sl\/#website","url":"https:\/\/meavia-mh.hr\/sl\/","name":"MEA VIA BEAUTY","description":"Only The Best For Your Beauty","publisher":{"@id":"https:\/\/meavia-mh.hr\/sl\/#organization"},"alternateName":"Mea Via Nails","potentialAction":[{"@type":"SearchAction","target":{"@type":"EntryPoint","urlTemplate":"https:\/\/meavia-mh.hr\/sl\/?s={search_term_string}"},"query-input":{"@type":"PropertyValueSpecification","valueRequired":true,"valueName":"search_term_string"}}],"inLanguage":"sl-SI"},{"@type":"Organization","@id":"https:\/\/meavia-mh.hr\/sl\/#organization","name":"Mea Via Nails World","alternateName":"Mea Via","url":"https:\/\/meavia-mh.hr\/sl\/","logo":{"@type":"ImageObject","inLanguage":"sl-SI","@id":"https:\/\/meavia-mh.hr\/sl\/#\/schema\/logo\/image\/","url":"https:\/\/www.meavia-mh.hr\/wp-content\/uploads\/2020\/12\/Mea-Via.png","contentUrl":"https:\/\/www.meavia-mh.hr\/wp-content\/uploads\/2020\/12\/Mea-Via.png","width":1181,"height":393,"caption":"Mea Via Nails World"},"image":{"@id":"https:\/\/meavia-mh.hr\/sl\/#\/schema\/logo\/image\/"},"sameAs":["https:\/\/www.facebook.com\/MeaViaNailsWorld","https:\/\/www.instagram.com\/mea_via_nails_world\/","https:\/\/www.youtube.com\/channel\/UCECk0hpRWP6TN-EfA4ER96g\/featured"]}]}},"spectra_custom_meta":{"_sku":["5906395776863"],"_regular_price":["0.80"],"total_sales":["49"],"_tax_status":["taxable"],"_tax_class":[""],"_manage_stock":["yes"],"_backorders":["no"],"_sold_individually":["no"],"_virtual":["no"],"_downloadable":["no"],"_product_image_gallery":["13869,13872,13871,13870"],"_download_limit":["-1"],"_download_expiry":["-1"],"_stock":["102"],"_stock_status":["instock"],"_wc_average_rating":["0"],"_wc_review_count":["0"],"_product_version":["10.7.0"],"_price":["0.80"],"_wp_page_template":["default"],"_yoast_wpseo_focuskw":["Ra\u0161pa za nokte Half Moon"],"_yoast_wpseo_metadesc":["%%title%% %%sep%% trupija za gel, akril gel, trajni lak%%sep%% dvostrana ra\u0161pa za manikuru %%sep%% top kvaliteta"],"_yoast_wpseo_linkdex":["66"],"_yoast_wpseo_content_score":["90"],"site-sidebar-layout":["default"],"theme-transparent-header-meta":["default"],"stick-header-meta":["default"],"_yoast_wpseo_primary_product_cat":["113"],"_woocs_price_geo_countries":[""],"_woocs_regular_price_geo":[""],"_woocs_sale_price_geo":[""],"_yoast_wpseo_estimated-reading-time-minutes":["3"],"cartflows_redirect_flow_id":[""],"cartflows_add_to_cart_text":[""],"_woocs_regular_price_EUR":["26.53"],"_woocs_sale_price_EUR":["-1"],"uag_migration_processed":["1"],"_lowest_price_30_days":["26.53"],"_wc_facebook_sync_enabled":["yes"],"fb_visibility":["yes"],"fb_product_description":[""],"fb_rich_text_description":[""],"_wc_facebook_product_image_source":["product"],"fb_product_video":["a:0:{}"],"fb_brand":[""],"fb_mpn":[""],"fb_size":[""],"fb_color":[""],"fb_material":[""],"fb_pattern":[""],"fb_age_group":[""],"fb_gender":[""],"fb_product_condition":[""],"ast-site-content-layout":["default"],"site-content-style":["default"],"site-sidebar-style":["default"],"_yoast_wpseo_primary_product_brand":[""],"_yoast_wpseo_primary_fb_product_set":[""],"_edit_lock":["1752244248:1239"],"_edit_last":["1239"],"_thumbnail_id":["39217"],"astra-migrate-meta-layouts":["set"],"_last_change_time":["1765740686"],"_elementor_page_assets":["a:0:{}"],"_uag_page_assets":["a:9:{s:3:\"css\";s:0:\"\";s:2:\"js\";s:0:\"\";s:18:\"current_block_list\";a:3:{i:0;s:11:\"core\/search\";i:1;s:18:\"core\/legacy-widget\";i:2;s:27:\"woocommerce\/product-filters\";}s:8:\"uag_flag\";b:0;s:11:\"uag_version\";s:10:\"1776526977\";s:6:\"gfonts\";a:0:{}s:10:\"gfonts_url\";s:0:\"\";s:12:\"gfonts_files\";a:0:{}s:14:\"uag_faq_layout\";b:0;}"]},"uagb_featured_image_src":{"full":["https:\/\/www.meavia-mh.hr\/wp-content\/uploads\/2025\/07\/Stylistic_lodka_80-100-pilnik-do-paznokci-2.webp",1500,1500,false],"thumbnail":["https:\/\/www.meavia-mh.hr\/wp-content\/uploads\/2025\/07\/Stylistic_lodka_80-100-pilnik-do-paznokci-2-150x150.webp",150,150,true],"medium":["https:\/\/www.meavia-mh.hr\/wp-content\/uploads\/2025\/07\/Stylistic_lodka_80-100-pilnik-do-paznokci-2-300x300.webp",300,300,true],"medium_large":["https:\/\/www.meavia-mh.hr\/wp-content\/uploads\/2025\/07\/Stylistic_lodka_80-100-pilnik-do-paznokci-2-768x768.webp",768,768,true],"large":["https:\/\/www.meavia-mh.hr\/wp-content\/uploads\/2025\/07\/Stylistic_lodka_80-100-pilnik-do-paznokci-2-1024x1024.webp",1024,1024,true],"1536x1536":["https:\/\/www.meavia-mh.hr\/wp-content\/uploads\/2025\/07\/Stylistic_lodka_80-100-pilnik-do-paznokci-2.webp",1500,1500,false],"2048x2048":["https:\/\/www.meavia-mh.hr\/wp-content\/uploads\/2025\/07\/Stylistic_lodka_80-100-pilnik-do-paznokci-2.webp",1500,1500,false],"trp-custom-language-flag":["https:\/\/www.meavia-mh.hr\/wp-content\/uploads\/2025\/07\/Stylistic_lodka_80-100-pilnik-do-paznokci-2-12x12.webp",12,12,true],"woocommerce_thumbnail":["https:\/\/www.meavia-mh.hr\/wp-content\/uploads\/2025\/07\/Stylistic_lodka_80-100-pilnik-do-paznokci-2-300x300.webp",300,300,true],"woocommerce_single":["https:\/\/www.meavia-mh.hr\/wp-content\/uploads\/2025\/07\/Stylistic_lodka_80-100-pilnik-do-paznokci-2-600x600.webp",600,600,true],"woocommerce_gallery_thumbnail":["https:\/\/www.meavia-mh.hr\/wp-content\/uploads\/2025\/07\/Stylistic_lodka_80-100-pilnik-do-paznokci-2-100x100.webp",100,100,true]},"uagb_author_info":{"display_name":"Zla Gol","author_link":"https:\/\/www.meavia-mh.hr\/sl\/author\/"},"uagb_comment_info":0,"uagb_excerpt":"Stylistic ra\u0161pa Half Moon 80\/100 dizajnirana je grubozrnata turpija, namijenjena za obradu gelova i uklanjanje manikure. Profesionalno rje\u0161enje za profesionalce koji cijene najvi\u0161u kvalitetu i vode ra\u010duna o svakom detalju. Stylistic ra\u0161pa Half Moon 80\/100 osiguravaja visoku kvalitetu, izra\u0111ena je od vrhunskih materijala, jako je otporna i dugotrajna. Zahvaljuju\u0107i \u010dvrstoj jezgri sredina ra\u0161pe (turpije) je&hellip;","_links":{"self":[{"href":"https:\/\/www.meavia-mh.hr\/sl\/wp-json\/wp\/v2\/product\/39221","targetHints":{"allow":["GET"]}}],"collection":[{"href":"https:\/\/www.meavia-mh.hr\/sl\/wp-json\/wp\/v2\/product"}],"about":[{"href":"https:\/\/www.meavia-mh.hr\/sl\/wp-json\/wp\/v2\/types\/product"}],"replies":[{"embeddable":true,"href":"https:\/\/www.meavia-mh.hr\/sl\/wp-json\/wp\/v2\/comments?post=39221"}],"version-history":[{"count":1,"href":"https:\/\/www.meavia-mh.hr\/sl\/wp-json\/wp\/v2\/product\/39221\/revisions"}],"predecessor-version":[{"id":39222,"href":"https:\/\/www.meavia-mh.hr\/sl\/wp-json\/wp\/v2\/product\/39221\/revisions\/39222"}],"wp:featuredmedia":[{"embeddable":true,"href":"https:\/\/www.meavia-mh.hr\/sl\/wp-json\/wp\/v2\/media\/39217"}],"wp:attachment":[{"href":"https:\/\/www.meavia-mh.hr\/sl\/wp-json\/wp\/v2\/media?parent=39221"}],"wp:term":[{"taxonomy":"product_brand","embeddable":true,"href":"https:\/\/www.meavia-mh.hr\/sl\/wp-json\/wp\/v2\/product_brand?post=39221"},{"taxonomy":"product_cat","embeddable":true,"href":"https:\/\/www.meavia-mh.hr\/sl\/wp-json\/wp\/v2\/product_cat?post=39221"},{"taxonomy":"product_tag","embeddable":true,"href":"https:\/\/www.meavia-mh.hr\/sl\/wp-json\/wp\/v2\/product_tag?post=39221"}],"curies":[{"name":"delovni list","href":"https:\/\/api.w.org\/{rel}","templated":true}]}}