{"id":3904,"date":"2020-12-24T22:00:53","date_gmt":"2020-12-24T22:00:53","guid":{"rendered":"https:\/\/www.meavia-mh.hr\/?post_type=product&#038;p=3904"},"modified":"2024-07-05T15:50:20","modified_gmt":"2024-07-05T15:50:20","slug":"ikon-iq-value-files-raspe-100-180-50-kom","status":"publish","type":"product","link":"https:\/\/www.meavia-mh.hr\/sl\/product\/ikon-iq-value-files-raspe-100-180-50-kom\/","title":{"rendered":"IKON.iQ Value rape 100\/180 (50 kom)"},"content":{"rendered":"<p>Pilica za nohte finosti 100\/180 zagotavlja visoko kakovost ter enostavno in enostavno obdelavo nohtov. Ra\u0161pa je izdelana iz najkakovostnej\u0161ega japonskega brusnega papirja, ki ji zagotavlja odpornost in vzdr\u017eljivost med uporabo. Njegova fleksibilnost zagotavlja dostopnost vseh povr\u0161in na nohtni plo\u0161\u010di, vklju\u010dno z obdelavo ob robu obnohtne ko\u017eice.<\/p>\n<h6>Zna\u010dilnosti:<\/h6>\n<ul>\n<li>IKON.iQ VALUE Pile ra\u0161pa 100\/180, (50 kom)<\/li>\n<li>zelo dolgotrajni nohtni ra\u0161pi<\/li>\n<li>dvostranski ra\u0161p gradacije 100\/180<\/li>\n<li>najkakovostnej\u0161i japonski abrazivni premaz<\/li>\n<li>Premium kvaliteta<\/li>\n<li>vse ra\u0161pe je mogo\u010de razku\u017eiti<\/li>\n<\/ul>\n<h6>Pakiranje: 50 kos<\/h6>\n<h6><strong>Katero pilico za nohte izbrati?<\/strong><\/h6>\n<div>Pri izbiri datoteke ni pomembna barva, temve\u010d kakovost in koli\u010dina peska (oznake drobnosti zrn).<\/div>\n<div>Manj\u0161e oznake na razpr\u0161ilniku, npr. 80\/100, pomenijo, da so zrna pilice bolj groba, ve\u010dje oznake na datotekah, npr. 180\/240, pa, da so zrna datoteke bolj drobna. Manj\u0161a kot je oznaka, groba in ostrej\u0161a je datoteka, ve\u010dja je oznaka na datoteki, drobnej\u0161a in mehkej\u0161a je datoteka. Nekatere datoteke imajo me\u0161ane oznake, npr. 80\/100 ali 120\/180, 180\/240 ... To pomeni, na primer za 180\/240, da ima ena stran 180 peska, druga stran pa 240 peska.<\/div>\n<ul>\n<li>80\/80 - razpr\u0161ilec za nohte je v glavnem namenjen tro\u0161enju umetnega materiala z nohtov (odstranjevanje konic). Ima veliko trenje in odstranjuje ve\u010dje povr\u0161ine materiala z nohta.<\/li>\n<li>100\/100 - razpr\u0161ilec za nohte s tak\u0161no kroglico je namenjen predvsem razmazovanju umetnega materiala z nohtov (odstranjevanje konic).<\/li>\n<li>100\/180 - klasi\u010dna gradacija ra\u0161pov je namenjena osnovnemu laj\u0161anju nohtov.<\/li>\n<li>180\/240 - pilica za nohte s tak\u0161no kroglico je namenjena glajenju (matiranju) naravne nohtne plo\u0161\u010de, ob\u010dutljivim naravnim nohtom in kon\u010dnemu oblikovanju akrilnih ali geliranih nohtov.<\/li>\n<\/ul>\n<p>IKON.iQ raspe video predstavitev:<\/p>\n<p>https:\/\/www.youtube.com\/watch?v=3WGD9JlY4vQ&#038;list=PLYARWdED2Jslsy93VfyXXRXgWaskr3Vxb&#038;index=6<\/p>","protected":false},"excerpt":{"rendered":"<p>Ra\u0161pa za nokte fino\u0107e 100\/180 osiguravaja visoku kvalitetu i jednostvanu te laku obradu nokta. Ra\u0161pa je izra\u0111ena od najkvalitetnijeg japanskog brusnog papira, \u0161to joj osigurava otpornost i dugotrajnost prilikom uporabe. Njezina savitljivost osigurava dostupnost svih povr\u0161ina na plo\u010di nokta uklju\u010duju\u0107i i obradu uz rub ko\u017eice. Karakteristike: IKON.iQ VALUE Files ra\u0161pe 100\/180, (50 kom) vrlo dugotrajne [&hellip;]<\/p>\n","protected":false},"featured_media":3905,"comment_status":"open","ping_status":"closed","template":"","meta":{"_uag_custom_page_level_css":"","site-sidebar-layout":"default","site-content-layout":"default","ast-site-content-layout":"default","site-content-style":"default","site-sidebar-style":"default","ast-global-header-display":"","ast-banner-title-visibility":"","ast-main-header-display":"","ast-hfb-above-header-display":"","ast-hfb-below-header-display":"","ast-hfb-mobile-header-display":"","site-post-title":"","ast-breadcrumbs-content":"","ast-featured-img":"","footer-sml-layout":"","ast-disable-related-posts":"","theme-transparent-header-meta":"default","adv-header-id-meta":"","stick-header-meta":"default","header-above-stick-meta":"","header-main-stick-meta":"","header-below-stick-meta":"","astra-migrate-meta-layouts":"default","ast-page-background-enabled":"default","ast-page-background-meta":{"desktop":{"background-color":"var(--ast-global-color-4)","background-image":"","background-repeat":"repeat","background-position":"center center","background-size":"auto","background-attachment":"scroll","background-type":"","background-media":"","overlay-type":"","overlay-color":"","overlay-opacity":"","overlay-gradient":""},"tablet":{"background-color":"","background-image":"","background-repeat":"repeat","background-position":"center center","background-size":"auto","background-attachment":"scroll","background-type":"","background-media":"","overlay-type":"","overlay-color":"","overlay-opacity":"","overlay-gradient":""},"mobile":{"background-color":"","background-image":"","background-repeat":"repeat","background-position":"center center","background-size":"auto","background-attachment":"scroll","background-type":"","background-media":"","overlay-type":"","overlay-color":"","overlay-opacity":"","overlay-gradient":""}},"ast-content-background-meta":{"desktop":{"background-color":"var(--ast-global-color-5)","background-image":"","background-repeat":"repeat","background-position":"center center","background-size":"auto","background-attachment":"scroll","background-type":"","background-media":"","overlay-type":"","overlay-color":"","overlay-opacity":"","overlay-gradient":""},"tablet":{"background-color":"var(--ast-global-color-5)","background-image":"","background-repeat":"repeat","background-position":"center center","background-size":"auto","background-attachment":"scroll","background-type":"","background-media":"","overlay-type":"","overlay-color":"","overlay-opacity":"","overlay-gradient":""},"mobile":{"background-color":"var(--ast-global-color-5)","background-image":"","background-repeat":"repeat","background-position":"center center","background-size":"auto","background-attachment":"scroll","background-type":"","background-media":"","overlay-type":"","overlay-color":"","overlay-opacity":"","overlay-gradient":""}}},"product_brand":[],"product_cat":[113],"product_tag":[196,197],"class_list":{"0":"post-3904","1":"product","2":"type-product","3":"status-publish","4":"has-post-thumbnail","6":"product_cat-raspe","7":"product_tag-raspa","8":"product_tag-turpija","9":"desktop-align-left","10":"tablet-align-left","11":"mobile-align-left","12":"ast-product-gallery-layout-horizontal-slider","13":"ast-product-gallery-with-no-image","14":"ast-product-tabs-layout-horizontal","16":"first","17":"outofstock","18":"taxable","19":"shipping-taxable","20":"purchasable","21":"product-type-simple"},"yoast_head":"<!-- This site is optimized with the Yoast SEO plugin v27.5 - https:\/\/yoast.com\/product\/yoast-seo-wordpress\/ -->\n<title>IKON.iQ Value ra\u0161pe 100\/180 (50 kom) &#8902; Mea Via Beauty<\/title>\n<meta name=\"description\" content=\"IKON.iQ Value ra\u0161pe 100\/180 (50 kom) &#8902; najkvalitetniji japanski abrazivni premaz &#8902; sve ra\u0161pe se mogu dezinficirati\" \/>\n<meta name=\"robots\" content=\"index, follow, max-snippet:-1, max-image-preview:large, max-video-preview:-1\" \/>\n<link rel=\"canonical\" href=\"https:\/\/www.meavia-mh.hr\/sl\/product\/ikon-iq-value-files-raspe-100-180-50-kom\/\" \/>\n<meta property=\"og:locale\" content=\"sl_SI\" \/>\n<meta property=\"og:type\" content=\"article\" \/>\n<meta property=\"og:title\" content=\"IKON.iQ Value ra\u0161pe 100\/180 (50 kom) &#8902; Mea Via Beauty\" \/>\n<meta property=\"og:description\" content=\"IKON.iQ Value ra\u0161pe 100\/180 (50 kom) &#8902; najkvalitetniji japanski abrazivni premaz &#8902; sve ra\u0161pe se mogu dezinficirati\" \/>\n<meta property=\"og:url\" content=\"https:\/\/www.meavia-mh.hr\/sl\/product\/ikon-iq-value-files-raspe-100-180-50-kom\/\" \/>\n<meta property=\"og:site_name\" content=\"Mea Via Beauty\" \/>\n<meta property=\"article:publisher\" content=\"https:\/\/www.facebook.com\/MeaViaNailsWorld\" \/>\n<meta property=\"article:modified_time\" content=\"2024-07-05T15:50:20+00:00\" \/>\n<meta property=\"og:image\" content=\"https:\/\/www.meavia-mh.hr\/wp-content\/uploads\/2020\/12\/IKON.iQ-VALUE-Files-raspe-100180-50-kom.jpg\" \/>\n\t<meta property=\"og:image:width\" content=\"1114\" \/>\n\t<meta property=\"og:image:height\" content=\"634\" \/>\n\t<meta property=\"og:image:type\" content=\"image\/jpeg\" \/>\n<meta name=\"twitter:card\" content=\"summary_large_image\" \/>\n<meta name=\"twitter:label1\" content=\"Est. reading time\" \/>\n\t<meta name=\"twitter:data1\" content=\"2 minuti\" \/>\n<script type=\"application\/ld+json\" class=\"yoast-schema-graph\">{\"@context\":\"https:\\\/\\\/schema.org\",\"@graph\":[{\"@type\":\"WebPage\",\"@id\":\"https:\\\/\\\/www.meavia-mh.hr\\\/product\\\/ikon-iq-value-files-raspe-100-180-50-kom\\\/\",\"url\":\"https:\\\/\\\/www.meavia-mh.hr\\\/product\\\/ikon-iq-value-files-raspe-100-180-50-kom\\\/\",\"name\":\"IKON.iQ Value ra\u0161pe 100\\\/180 (50 kom) &#8902; Mea Via Beauty\",\"isPartOf\":{\"@id\":\"https:\\\/\\\/meavia-mh.hr\\\/sl\\\/#website\"},\"primaryImageOfPage\":{\"@id\":\"https:\\\/\\\/www.meavia-mh.hr\\\/product\\\/ikon-iq-value-files-raspe-100-180-50-kom\\\/#primaryimage\"},\"image\":{\"@id\":\"https:\\\/\\\/www.meavia-mh.hr\\\/product\\\/ikon-iq-value-files-raspe-100-180-50-kom\\\/#primaryimage\"},\"thumbnailUrl\":\"https:\\\/\\\/www.meavia-mh.hr\\\/wp-content\\\/uploads\\\/2020\\\/12\\\/IKON.iQ-VALUE-Files-raspe-100180-50-kom.jpg\",\"datePublished\":\"2020-12-24T22:00:53+00:00\",\"dateModified\":\"2024-07-05T15:50:20+00:00\",\"description\":\"IKON.iQ Value ra\u0161pe 100\\\/180 (50 kom) &#8902; najkvalitetniji japanski abrazivni premaz &#8902; sve ra\u0161pe se mogu dezinficirati\",\"breadcrumb\":{\"@id\":\"https:\\\/\\\/www.meavia-mh.hr\\\/product\\\/ikon-iq-value-files-raspe-100-180-50-kom\\\/#breadcrumb\"},\"inLanguage\":\"sl-SI\",\"potentialAction\":[{\"@type\":\"ReadAction\",\"target\":[\"https:\\\/\\\/www.meavia-mh.hr\\\/product\\\/ikon-iq-value-files-raspe-100-180-50-kom\\\/\"]}]},{\"@type\":\"ImageObject\",\"inLanguage\":\"sl-SI\",\"@id\":\"https:\\\/\\\/www.meavia-mh.hr\\\/product\\\/ikon-iq-value-files-raspe-100-180-50-kom\\\/#primaryimage\",\"url\":\"https:\\\/\\\/www.meavia-mh.hr\\\/wp-content\\\/uploads\\\/2020\\\/12\\\/IKON.iQ-VALUE-Files-raspe-100180-50-kom.jpg\",\"contentUrl\":\"https:\\\/\\\/www.meavia-mh.hr\\\/wp-content\\\/uploads\\\/2020\\\/12\\\/IKON.iQ-VALUE-Files-raspe-100180-50-kom.jpg\",\"width\":1114,\"height\":634,\"caption\":\"IKON.iQ VALUE Files ra\u0161pe 100\\\/180, (50 kom)\"},{\"@type\":\"BreadcrumbList\",\"@id\":\"https:\\\/\\\/www.meavia-mh.hr\\\/product\\\/ikon-iq-value-files-raspe-100-180-50-kom\\\/#breadcrumb\",\"itemListElement\":[{\"@type\":\"ListItem\",\"position\":1,\"name\":\"Po\u010detna stranica\",\"item\":\"https:\\\/\\\/www.meavia-mh.hr\\\/\"},{\"@type\":\"ListItem\",\"position\":2,\"name\":\"Trgovina\",\"item\":\"https:\\\/\\\/meavia-mh.hr\\\/sl\\\/store\\\/\"},{\"@type\":\"ListItem\",\"position\":3,\"name\":\"IKON.iQ Value ra\u0161pe 100\\\/180 (50 kom)\"}]},{\"@type\":\"WebSite\",\"@id\":\"https:\\\/\\\/meavia-mh.hr\\\/sl\\\/#website\",\"url\":\"https:\\\/\\\/meavia-mh.hr\\\/sl\\\/\",\"name\":\"Mea Via Beauty\",\"description\":\"Only The Best For Your Beauty\",\"publisher\":{\"@id\":\"https:\\\/\\\/meavia-mh.hr\\\/sl\\\/#organization\"},\"alternateName\":\"Mea Via Nails\",\"potentialAction\":[{\"@type\":\"SearchAction\",\"target\":{\"@type\":\"EntryPoint\",\"urlTemplate\":\"https:\\\/\\\/meavia-mh.hr\\\/sl\\\/?s={search_term_string}\"},\"query-input\":{\"@type\":\"PropertyValueSpecification\",\"valueRequired\":true,\"valueName\":\"search_term_string\"}}],\"inLanguage\":\"sl-SI\"},{\"@type\":\"Organization\",\"@id\":\"https:\\\/\\\/meavia-mh.hr\\\/sl\\\/#organization\",\"name\":\"Mea Via Nails World\",\"alternateName\":\"Mea Via\",\"url\":\"https:\\\/\\\/meavia-mh.hr\\\/sl\\\/\",\"logo\":{\"@type\":\"ImageObject\",\"inLanguage\":\"sl-SI\",\"@id\":\"https:\\\/\\\/meavia-mh.hr\\\/sl\\\/#\\\/schema\\\/logo\\\/image\\\/\",\"url\":\"https:\\\/\\\/www.meavia-mh.hr\\\/wp-content\\\/uploads\\\/2020\\\/12\\\/Mea-Via.png\",\"contentUrl\":\"https:\\\/\\\/www.meavia-mh.hr\\\/wp-content\\\/uploads\\\/2020\\\/12\\\/Mea-Via.png\",\"width\":1181,\"height\":393,\"caption\":\"Mea Via Nails World\"},\"image\":{\"@id\":\"https:\\\/\\\/meavia-mh.hr\\\/sl\\\/#\\\/schema\\\/logo\\\/image\\\/\"},\"sameAs\":[\"https:\\\/\\\/www.facebook.com\\\/MeaViaNailsWorld\",\"https:\\\/\\\/www.instagram.com\\\/mea_via_nails_world\\\/\",\"https:\\\/\\\/www.youtube.com\\\/channel\\\/UCECk0hpRWP6TN-EfA4ER96g\\\/featured\"]}]}<\/script>\n<!-- \/ Yoast SEO plugin. -->","yoast_head_json":{"title":"IKON.iQ Value ra\u0161pe 100\/180 (50 kom) &#8902; Mea Via Beauty","description":"IKON.iQ Value ra\u0161pe 100\/180 (50 kom) &#8902; najkvalitetniji japanski abrazivni premaz &#8902; sve ra\u0161pe se mogu dezinficirati","robots":{"index":"index","follow":"follow","max-snippet":"max-snippet:-1","max-image-preview":"max-image-preview:large","max-video-preview":"max-video-preview:-1"},"canonical":"https:\/\/www.meavia-mh.hr\/sl\/product\/ikon-iq-value-files-raspe-100-180-50-kom\/","og_locale":"sl_SI","og_type":"article","og_title":"IKON.iQ Value ra\u0161pe 100\/180 (50 kom) &#8902; Mea Via Beauty","og_description":"IKON.iQ Value ra\u0161pe 100\/180 (50 kom) &#8902; najkvalitetniji japanski abrazivni premaz &#8902; sve ra\u0161pe se mogu dezinficirati","og_url":"https:\/\/www.meavia-mh.hr\/sl\/product\/ikon-iq-value-files-raspe-100-180-50-kom\/","og_site_name":"Mea Via Beauty","article_publisher":"https:\/\/www.facebook.com\/MeaViaNailsWorld","article_modified_time":"2024-07-05T15:50:20+00:00","og_image":[{"width":1114,"height":634,"url":"https:\/\/www.meavia-mh.hr\/wp-content\/uploads\/2020\/12\/IKON.iQ-VALUE-Files-raspe-100180-50-kom.jpg","type":"image\/jpeg"}],"twitter_card":"summary_large_image","twitter_misc":{"Est. reading time":"2 minuti"},"schema":{"@context":"https:\/\/schema.org","@graph":[{"@type":"WebPage","@id":"https:\/\/www.meavia-mh.hr\/product\/ikon-iq-value-files-raspe-100-180-50-kom\/","url":"https:\/\/www.meavia-mh.hr\/product\/ikon-iq-value-files-raspe-100-180-50-kom\/","name":"IKON.iQ Value ra\u0161pe 100\/180 (50 kom) &#8902; Mea Via Beauty","isPartOf":{"@id":"https:\/\/meavia-mh.hr\/sl\/#website"},"primaryImageOfPage":{"@id":"https:\/\/www.meavia-mh.hr\/product\/ikon-iq-value-files-raspe-100-180-50-kom\/#primaryimage"},"image":{"@id":"https:\/\/www.meavia-mh.hr\/product\/ikon-iq-value-files-raspe-100-180-50-kom\/#primaryimage"},"thumbnailUrl":"https:\/\/www.meavia-mh.hr\/wp-content\/uploads\/2020\/12\/IKON.iQ-VALUE-Files-raspe-100180-50-kom.jpg","datePublished":"2020-12-24T22:00:53+00:00","dateModified":"2024-07-05T15:50:20+00:00","description":"IKON.iQ Value ra\u0161pe 100\/180 (50 kom) &#8902; najkvalitetniji japanski abrazivni premaz &#8902; sve ra\u0161pe se mogu dezinficirati","breadcrumb":{"@id":"https:\/\/www.meavia-mh.hr\/product\/ikon-iq-value-files-raspe-100-180-50-kom\/#breadcrumb"},"inLanguage":"sl-SI","potentialAction":[{"@type":"ReadAction","target":["https:\/\/www.meavia-mh.hr\/product\/ikon-iq-value-files-raspe-100-180-50-kom\/"]}]},{"@type":"ImageObject","inLanguage":"sl-SI","@id":"https:\/\/www.meavia-mh.hr\/product\/ikon-iq-value-files-raspe-100-180-50-kom\/#primaryimage","url":"https:\/\/www.meavia-mh.hr\/wp-content\/uploads\/2020\/12\/IKON.iQ-VALUE-Files-raspe-100180-50-kom.jpg","contentUrl":"https:\/\/www.meavia-mh.hr\/wp-content\/uploads\/2020\/12\/IKON.iQ-VALUE-Files-raspe-100180-50-kom.jpg","width":1114,"height":634,"caption":"IKON.iQ VALUE Files ra\u0161pe 100\/180, (50 kom)"},{"@type":"BreadcrumbList","@id":"https:\/\/www.meavia-mh.hr\/product\/ikon-iq-value-files-raspe-100-180-50-kom\/#breadcrumb","itemListElement":[{"@type":"ListItem","position":1,"name":"Po\u010detna stranica","item":"https:\/\/www.meavia-mh.hr\/"},{"@type":"ListItem","position":2,"name":"Trgovina","item":"https:\/\/meavia-mh.hr\/sl\/store\/"},{"@type":"ListItem","position":3,"name":"IKON.iQ Value ra\u0161pe 100\/180 (50 kom)"}]},{"@type":"WebSite","@id":"https:\/\/meavia-mh.hr\/sl\/#website","url":"https:\/\/meavia-mh.hr\/sl\/","name":"MEA VIA BEAUTY","description":"Only The Best For Your Beauty","publisher":{"@id":"https:\/\/meavia-mh.hr\/sl\/#organization"},"alternateName":"Mea Via Nails","potentialAction":[{"@type":"SearchAction","target":{"@type":"EntryPoint","urlTemplate":"https:\/\/meavia-mh.hr\/sl\/?s={search_term_string}"},"query-input":{"@type":"PropertyValueSpecification","valueRequired":true,"valueName":"search_term_string"}}],"inLanguage":"sl-SI"},{"@type":"Organization","@id":"https:\/\/meavia-mh.hr\/sl\/#organization","name":"Mea Via Nails World","alternateName":"Mea Via","url":"https:\/\/meavia-mh.hr\/sl\/","logo":{"@type":"ImageObject","inLanguage":"sl-SI","@id":"https:\/\/meavia-mh.hr\/sl\/#\/schema\/logo\/image\/","url":"https:\/\/www.meavia-mh.hr\/wp-content\/uploads\/2020\/12\/Mea-Via.png","contentUrl":"https:\/\/www.meavia-mh.hr\/wp-content\/uploads\/2020\/12\/Mea-Via.png","width":1181,"height":393,"caption":"Mea Via Nails World"},"image":{"@id":"https:\/\/meavia-mh.hr\/sl\/#\/schema\/logo\/image\/"},"sameAs":["https:\/\/www.facebook.com\/MeaViaNailsWorld","https:\/\/www.instagram.com\/mea_via_nails_world\/","https:\/\/www.youtube.com\/channel\/UCECk0hpRWP6TN-EfA4ER96g\/featured"]}]}},"spectra_custom_meta":{"_sku":["V10005-50"],"_regular_price":["21.22"],"total_sales":["3"],"_tax_status":["taxable"],"_tax_class":[""],"_manage_stock":["yes"],"_backorders":["no"],"_sold_individually":["no"],"_virtual":["no"],"_downloadable":["no"],"_download_limit":["-1"],"_download_expiry":["-1"],"_thumbnail_id":["3905"],"_stock":["0"],"_stock_status":["outofstock"],"_wc_average_rating":["0"],"_wc_review_count":["0"],"_product_version":["7.1.1"],"_price":["21.22"],"_oembed_1583823a6f7cfc0d57253f9c909564ab":["<iframe title=\"IKON.IQ Nail Files Explained\" width=\"898\" height=\"674\" src=\"https:\/\/www.youtube.com\/embed\/3WGD9JlY4vQ?list=PLYARWdED2Jslsy93VfyXXRXgWaskr3Vxb\" frameborder=\"0\" allow=\"accelerometer; autoplay; clipboard-write; encrypted-media; gyroscope; picture-in-picture\" allowfullscreen><\/iframe>"],"_oembed_time_1583823a6f7cfc0d57253f9c909564ab":["1608844917"],"_wp_page_template":["default"],"_yoast_wpseo_focuskw":["ra\u0161pa 100\/180"],"_yoast_wpseo_metadesc":["%%title%% %%sep%% najkvalitetniji japanski abrazivni premaz %%sep%% sve ra\u0161pe se mogu dezinficirati"],"_yoast_wpseo_linkdex":["64"],"_yoast_wpseo_content_score":["90"],"_yoast_wpseo_primary_product_cat":["113"],"site-sidebar-layout":["default"],"site-content-layout":["default"],"theme-transparent-header-meta":["default"],"stick-header-meta":["default"],"_oembed_761eb985746ff668eac61eee2c76ab99":["<iframe title=\"IKON.IQ Nail Files Explained\" width=\"500\" height=\"375\" src=\"https:\/\/www.youtube.com\/embed\/3WGD9JlY4vQ?list=PLYARWdED2Jslsy93VfyXXRXgWaskr3Vxb\" frameborder=\"0\" allow=\"accelerometer; autoplay; clipboard-write; encrypted-media; gyroscope; picture-in-picture\" allowfullscreen><\/iframe>"],"_oembed_time_761eb985746ff668eac61eee2c76ab99":["1636493606"],"_oembed_11b4edb2ed6a7d9d6c14f536d7ce5fab":["<iframe title=\"IKON.IQ Nail Files Explained\" width=\"922\" height=\"692\" src=\"https:\/\/www.youtube.com\/embed\/3WGD9JlY4vQ?list=PLYARWdED2Jslsy93VfyXXRXgWaskr3Vxb\" frameborder=\"0\" allow=\"accelerometer; autoplay; clipboard-write; encrypted-media; gyroscope; picture-in-picture\" allowfullscreen><\/iframe>"],"_oembed_time_11b4edb2ed6a7d9d6c14f536d7ce5fab":["1608845255"],"_edit_lock":["1636759384:1"],"_edit_last":["1"],"_oembed_4d18753d878028cba95d7c0f7ed0ab5a":["<iframe title=\"IKON.IQ Nail Files Explained\" width=\"1200\" height=\"900\" src=\"https:\/\/www.youtube.com\/embed\/3WGD9JlY4vQ?list=PLYARWdED2Jslsy93VfyXXRXgWaskr3Vxb\" frameborder=\"0\" allow=\"accelerometer; autoplay; clipboard-write; encrypted-media; gyroscope; picture-in-picture\" allowfullscreen><\/iframe>"],"_oembed_time_4d18753d878028cba95d7c0f7ed0ab5a":["1608909195"],"_woocs_price_geo_countries":[""],"_woocs_regular_price_geo":[""],"_woocs_sale_price_geo":[""],"_yoast_wpseo_estimated-reading-time-minutes":["2"],"cartflows_redirect_flow_id":[""],"cartflows_add_to_cart_text":[""],"_woocs_regular_price_EUR":["21.22"],"_woocs_sale_price_EUR":["-1"],"_oembed_5694e5557382f0ab6ab7822eaaf837cc":["{{unknown}}"],"uag_migration_processed":["1"],"_elementor_page_assets":["a:0:{}"],"_uag_page_assets":["a:9:{s:3:\"css\";s:0:\"\";s:2:\"js\";s:0:\"\";s:18:\"current_block_list\";a:3:{i:0;s:11:\"core\/search\";i:1;s:18:\"core\/legacy-widget\";i:2;s:27:\"woocommerce\/product-filters\";}s:8:\"uag_flag\";b:0;s:11:\"uag_version\";s:10:\"1777717944\";s:6:\"gfonts\";a:0:{}s:10:\"gfonts_url\";s:0:\"\";s:12:\"gfonts_files\";a:0:{}s:14:\"uag_faq_layout\";b:0;}"]},"uagb_featured_image_src":{"full":["https:\/\/www.meavia-mh.hr\/wp-content\/uploads\/2020\/12\/IKON.iQ-VALUE-Files-raspe-100180-50-kom.jpg",1114,634,false],"thumbnail":["https:\/\/www.meavia-mh.hr\/wp-content\/uploads\/2020\/12\/IKON.iQ-VALUE-Files-raspe-100180-50-kom-150x150.jpg",150,150,true],"medium":["https:\/\/www.meavia-mh.hr\/wp-content\/uploads\/2020\/12\/IKON.iQ-VALUE-Files-raspe-100180-50-kom-300x171.jpg",300,171,true],"medium_large":["https:\/\/www.meavia-mh.hr\/wp-content\/uploads\/2020\/12\/IKON.iQ-VALUE-Files-raspe-100180-50-kom-768x437.jpg",768,437,true],"large":["https:\/\/www.meavia-mh.hr\/wp-content\/uploads\/2020\/12\/IKON.iQ-VALUE-Files-raspe-100180-50-kom-1024x583.jpg",1024,583,true],"1536x1536":["https:\/\/www.meavia-mh.hr\/wp-content\/uploads\/2020\/12\/IKON.iQ-VALUE-Files-raspe-100180-50-kom.jpg",1114,634,false],"2048x2048":["https:\/\/www.meavia-mh.hr\/wp-content\/uploads\/2020\/12\/IKON.iQ-VALUE-Files-raspe-100180-50-kom.jpg",1114,634,false],"trp-custom-language-flag":["https:\/\/www.meavia-mh.hr\/wp-content\/uploads\/2020\/12\/IKON.iQ-VALUE-Files-raspe-100180-50-kom.jpg",18,10,false],"woocommerce_thumbnail":["https:\/\/www.meavia-mh.hr\/wp-content\/uploads\/2020\/12\/IKON.iQ-VALUE-Files-raspe-100180-50-kom-300x300.jpg",300,300,true],"woocommerce_single":["https:\/\/www.meavia-mh.hr\/wp-content\/uploads\/2020\/12\/IKON.iQ-VALUE-Files-raspe-100180-50-kom-600x341.jpg",600,341,true],"woocommerce_gallery_thumbnail":["https:\/\/www.meavia-mh.hr\/wp-content\/uploads\/2020\/12\/IKON.iQ-VALUE-Files-raspe-100180-50-kom-100x100.jpg",100,100,true]},"uagb_author_info":{"display_name":"Mea Via","author_link":"https:\/\/www.meavia-mh.hr\/sl\/author\/"},"uagb_comment_info":0,"uagb_excerpt":"Ra\u0161pa za nokte fino\u0107e 100\/180 osiguravaja visoku kvalitetu i jednostvanu te laku obradu nokta. Ra\u0161pa je izra\u0111ena od najkvalitetnijeg japanskog brusnog papira, \u0161to joj osigurava otpornost i dugotrajnost prilikom uporabe. Njezina savitljivost osigurava dostupnost svih povr\u0161ina na plo\u010di nokta uklju\u010duju\u0107i i obradu uz rub ko\u017eice. Karakteristike: IKON.iQ VALUE Files ra\u0161pe 100\/180, (50 kom) vrlo dugotrajne&hellip;","_links":{"self":[{"href":"https:\/\/www.meavia-mh.hr\/sl\/wp-json\/wp\/v2\/product\/3904","targetHints":{"allow":["GET"]}}],"collection":[{"href":"https:\/\/www.meavia-mh.hr\/sl\/wp-json\/wp\/v2\/product"}],"about":[{"href":"https:\/\/www.meavia-mh.hr\/sl\/wp-json\/wp\/v2\/types\/product"}],"replies":[{"embeddable":true,"href":"https:\/\/www.meavia-mh.hr\/sl\/wp-json\/wp\/v2\/comments?post=3904"}],"version-history":[{"count":1,"href":"https:\/\/www.meavia-mh.hr\/sl\/wp-json\/wp\/v2\/product\/3904\/revisions"}],"predecessor-version":[{"id":31476,"href":"https:\/\/www.meavia-mh.hr\/sl\/wp-json\/wp\/v2\/product\/3904\/revisions\/31476"}],"wp:featuredmedia":[{"embeddable":true,"href":"https:\/\/www.meavia-mh.hr\/sl\/wp-json\/wp\/v2\/media\/3905"}],"wp:attachment":[{"href":"https:\/\/www.meavia-mh.hr\/sl\/wp-json\/wp\/v2\/media?parent=3904"}],"wp:term":[{"taxonomy":"product_brand","embeddable":true,"href":"https:\/\/www.meavia-mh.hr\/sl\/wp-json\/wp\/v2\/product_brand?post=3904"},{"taxonomy":"product_cat","embeddable":true,"href":"https:\/\/www.meavia-mh.hr\/sl\/wp-json\/wp\/v2\/product_cat?post=3904"},{"taxonomy":"product_tag","embeddable":true,"href":"https:\/\/www.meavia-mh.hr\/sl\/wp-json\/wp\/v2\/product_tag?post=3904"}],"curies":[{"name":"delovni list","href":"https:\/\/api.w.org\/{rel}","templated":true}]}}