{"id":38796,"date":"2025-06-27T13:58:01","date_gmt":"2025-06-27T11:58:01","guid":{"rendered":"https:\/\/www.meavia-mh.hr\/?post_type=product&#038;p=38796"},"modified":"2026-03-25T20:33:40","modified_gmt":"2026-03-25T19:33:40","slug":"uv-led-lampa-za-nokte-x13-65w","status":"publish","type":"product","link":"https:\/\/www.meavia-mh.hr\/sl\/product\/uv-led-lampa-za-nokte-x13-65w\/","title":{"rendered":"UV\/LED lu\u010dka za nohte X13 65W"},"content":{"rendered":"<p>UV\/LED lu\u010dka za nohte <strong class=\"font-semibold\">X13 65<\/strong><strong><span class=\"\"> z zrcalnim (kovinskim) dnom<\/span><\/strong><span class=\"\"> je sodobna naprava, ki vam omogo\u010da <\/span><strong><span class=\"\">hitra in prakti\u010dna izvedba manikure in pedikure<\/span><\/strong><span class=\"\"> z uporabo hibridnih lakov, gelov in drugih pripravkov, ki jih je treba fiksirati v UV\/LED svetilki. <\/span><strong><span class=\"\">Enakomerno razporejene diode<\/span><\/strong><span class=\"\"> V kombinaciji z dvojno LED tehnologijo zagotavljajo popolno fiksacijo nohtnega dizajna. Svetilka izstopa <\/span><strong><span class=\"\">minimalisti\u010dna oblika<\/span><\/strong><span class=\"\">, enostavnost uporabe in prakti\u010dne lastnosti, zaradi \u010desar je odli\u010dna izbira za profesionalne salone in doma\u010do uporabo.\u00a0<\/span><\/p>\n<p><span class=\"\">Zahvale gredo <\/span><strong><span class=\"\">36 natan\u010dno name\u0161\u010denih LED diod<\/span><\/strong><span class=\"\">, svetilka zagotavlja popolno strjevanje gelov in hibridnih lakov, <\/span><strong><span class=\"\">odstranjevanje mrtvih con<\/span><\/strong><span class=\"\">. <\/span><span class=\"\">Dvojna LED tehnologija, ki <\/span><strong><span class=\"\">oddaja svetlobo na dveh valovnih dol\u017einah<\/span><\/strong><span class=\"\">, zmanj\u0161uje utrujenost o\u010di in \u0161iri zmogljivosti naprave. <\/span><strong><span class=\"\">Zrcalno kovinsko dno enakomerno odbija svetlobo<\/span><\/strong><span class=\"\"> pospe\u0161evanje procesa kaljenja.  Svetilka omogo\u010da <\/span><strong><span class=\"\">popolno strjevanje tudi za najzahtevnej\u0161e izdelke<\/span><\/strong><span class=\"\">, ki dose\u017ee te\u017eko dostopna mesta nohtne plo\u0161\u010de.<\/span><\/p>\n<p><span class=\"\">UV\/LED svetilka za nohte X13 65W je opremljena z <\/span><strong><span class=\"\">\u010dasovnik s \u0161tirimi prednastavljenimi \u010dasi<\/span><\/strong><span class=\"\">: 10 s, 30 s, 60 s in 99 s (znano kot \u00bbna\u010din nizke toplote\u00ab), ki so vsi prikazani na digitalnem zaslonu. <\/span><strong><span class=\"\">Vgrajen senzor gibanja<\/span><\/strong><span class=\"\"> samodejno aktivira svetilko, ko pod njo polo\u017eite prste na roke ali noge, ob predpostavki, da <\/span><strong><span class=\"\">120 sekund je najdalj\u0161i \u010das osvetlitve<\/span><\/strong><span class=\"\">. Ta funkcija deluje, ko ni izbran noben na\u010din in je na zaslonu prikazan \u010das su\u0161enja. To omogo\u010da <\/span><strong><span class=\"\">nastavitev prostega \u010dasa<\/span><\/strong><span class=\"\">\u00a0ki se trenutno izvaja.<\/span><\/p>\n<p><span class=\"\">Optimalne dimenzije omogo\u010dajo <\/span><strong><span class=\"\">udobno namestitev celotne roke ali noge pod svetilko<\/span><\/strong><span class=\"\">, kar zagotavlja hitro in enakomerno strjevanje vzorca, hkrati pa zmanj\u0161uje tveganje za alergije. <\/span><strong><span class=\"\">Magnetno, odstranljivo dno<\/span><\/strong><span class=\"\"> olaj\u0161a izvajanje pedikure in <\/span><strong><span class=\"\">\u010di\u0161\u010denje in dezinfekcija naprav<\/span><\/strong><span class=\"\">, kar dodatno pove\u010da udobje uporabnika.<\/span><\/p>\n<h6>Tehni\u010dne specifikacije:<\/h6>\n<ul>\n<li><span class=\"\">\u010casovnik: 10 s, 30 s, 60 s, 99 s <\/span><\/li>\n<li><span class=\"\">Najdalj\u0161i \u010das delovanja: 120 s <\/span><\/li>\n<li><span class=\"\">Senzor gibanja: da <\/span><\/li>\n<li><span class=\"\">Vhodna napetost: 100\u2013240 V <\/span><\/li>\n<li><span class=\"\">Izhodna napetost napajanja: 24 V \u2013 1,5 A <\/span><\/li>\n<li><span class=\"\">Mo\u010d: 65 W <\/span><\/li>\n<li><span class=\"\">\u0160tevilo LED diod: 36 <\/span><\/li>\n<li><span class=\"\">Valovna dol\u017eina svetlobe: 365 nm, 405 nm <\/span><\/li>\n<li><span class=\"\">Dimenzije: 21 x 21,5 x 9 cm<\/span><\/li>\n<li><strong>Barva: bela s snemljivo kovinsko podlo\u017eko\u00a0<\/strong><\/li>\n<li>Garancija: 12 mesecev, velja ob predlo\u017eitvi ra\u010duna in embala\u017ee.<\/li>\n<li>Opomba: Pazite, da material ne pride v stik z \u017earnicami in senzorji. \u010ce pride, ga previdno o\u010distite, da ne po\u0161kodujete \u017earnic in senzorjev.<\/li>\n<li>\n<h6>\u010ce izdelek trenutno ni na zalogi, je dobava v 10-15 delovnih dneh.<\/h6>\n<\/li>\n<\/ul>\n<h6>SPLO\u0160NE INFORMACIJE IN OPOZORILA:<\/h6>\n<ul>\n<li>Uporabite ustrezno napetost za \u017earnico. Ne dovolite, da naprava pride v stik z vodo.<\/li>\n<li>Ne uporabljajte LED svetilke:<br \/>\n- v mokrih prostorih,<br \/>\n- \u010de je napajalnik po\u0161kodovan<br \/>\n- \u010de je naprava ali priklju\u010dni kabel po\u0161kodovan<br \/>\n- \u010de je TIMER po\u0161kodovan.<\/li>\n<li>Napravo hranite stran od otrok.<\/li>\n<li>Naprava je namenjena za uporabo v zaprtih prostorih.<\/li>\n<\/ul>","protected":false},"excerpt":{"rendered":"<h6>\u010ce izdelek trenutno ni na zalogi, je dobava v 10-15 delovnih dneh.<\/h6>","protected":false},"featured_media":38807,"comment_status":"closed","ping_status":"closed","template":"","meta":{"_uag_custom_page_level_css":"","site-sidebar-layout":"default","site-content-layout":"","ast-site-content-layout":"default","site-content-style":"default","site-sidebar-style":"default","ast-global-header-display":"","ast-banner-title-visibility":"","ast-main-header-display":"","ast-hfb-above-header-display":"","ast-hfb-below-header-display":"","ast-hfb-mobile-header-display":"","site-post-title":"","ast-breadcrumbs-content":"","ast-featured-img":"","footer-sml-layout":"","ast-disable-related-posts":"","theme-transparent-header-meta":"default","adv-header-id-meta":"","stick-header-meta":"default","header-above-stick-meta":"","header-main-stick-meta":"","header-below-stick-meta":"","astra-migrate-meta-layouts":"set","ast-page-background-enabled":"default","ast-page-background-meta":{"desktop":{"background-color":"var(--ast-global-color-4)","background-image":"","background-repeat":"repeat","background-position":"center center","background-size":"auto","background-attachment":"scroll","background-type":"","background-media":"","overlay-type":"","overlay-color":"","overlay-opacity":"","overlay-gradient":""},"tablet":{"background-color":"","background-image":"","background-repeat":"repeat","background-position":"center center","background-size":"auto","background-attachment":"scroll","background-type":"","background-media":"","overlay-type":"","overlay-color":"","overlay-opacity":"","overlay-gradient":""},"mobile":{"background-color":"","background-image":"","background-repeat":"repeat","background-position":"center center","background-size":"auto","background-attachment":"scroll","background-type":"","background-media":"","overlay-type":"","overlay-color":"","overlay-opacity":"","overlay-gradient":""}},"ast-content-background-meta":{"desktop":{"background-color":"var(--ast-global-color-5)","background-image":"","background-repeat":"repeat","background-position":"center center","background-size":"auto","background-attachment":"scroll","background-type":"","background-media":"","overlay-type":"","overlay-color":"","overlay-opacity":"","overlay-gradient":""},"tablet":{"background-color":"var(--ast-global-color-5)","background-image":"","background-repeat":"repeat","background-position":"center center","background-size":"auto","background-attachment":"scroll","background-type":"","background-media":"","overlay-type":"","overlay-color":"","overlay-opacity":"","overlay-gradient":""},"mobile":{"background-color":"var(--ast-global-color-5)","background-image":"","background-repeat":"repeat","background-position":"center center","background-size":"auto","background-attachment":"scroll","background-type":"","background-media":"","overlay-type":"","overlay-color":"","overlay-opacity":"","overlay-gradient":""}}},"product_brand":[],"product_cat":[523,220],"product_tag":[221],"class_list":{"0":"post-38796","1":"product","2":"type-product","3":"status-publish","4":"has-post-thumbnail","6":"product_cat-novo","7":"product_cat-uvled-lampe","8":"product_tag-uv-led-lampa","9":"desktop-align-left","10":"tablet-align-left","11":"mobile-align-left","12":"ast-product-gallery-layout-horizontal-slider","13":"ast-product-tabs-layout-horizontal","15":"first","16":"instock","17":"taxable","18":"shipping-taxable","19":"purchasable","20":"product-type-simple"},"yoast_head":"<!-- This site is optimized with the Yoast SEO plugin v27.4 - https:\/\/yoast.com\/product\/yoast-seo-wordpress\/ -->\n<title>UV\/LED lampa za nokte X13 65W &#8902; Mea Via Beauty<\/title>\n<meta name=\"description\" content=\"UV\/LED lampa za nokte X13 65W &#8902; profesionalna lampa za nokte &#8902; za sve vrste gelova, akrila, trajnih lakova &#8902; ja\u010dina 65 W &#8902; top kvaliteta\" \/>\n<meta name=\"robots\" content=\"index, follow, max-snippet:-1, max-image-preview:large, max-video-preview:-1\" \/>\n<link rel=\"canonical\" href=\"https:\/\/www.meavia-mh.hr\/sl\/product\/uv-led-lampa-za-nokte-x13-65w\/\" \/>\n<meta property=\"og:locale\" content=\"sl_SI\" \/>\n<meta property=\"og:type\" content=\"article\" \/>\n<meta property=\"og:title\" content=\"UV\/LED lampa za nokte X13 65W &#8902; Mea Via Beauty\" \/>\n<meta property=\"og:description\" content=\"UV\/LED lampa za nokte X13 65W &#8902; profesionalna lampa za nokte &#8902; za sve vrste gelova, akrila, trajnih lakova &#8902; ja\u010dina 65 W &#8902; top kvaliteta\" \/>\n<meta property=\"og:url\" content=\"https:\/\/www.meavia-mh.hr\/sl\/product\/uv-led-lampa-za-nokte-x13-65w\/\" \/>\n<meta property=\"og:site_name\" content=\"Mea Via Beauty\" \/>\n<meta property=\"article:publisher\" content=\"https:\/\/www.facebook.com\/MeaViaNailsWorld\" \/>\n<meta property=\"article:modified_time\" content=\"2026-03-25T19:33:40+00:00\" \/>\n<meta property=\"og:image\" content=\"https:\/\/www.meavia-mh.hr\/wp-content\/uploads\/2025\/06\/150706_01_2204.webp\" \/>\n\t<meta property=\"og:image:width\" content=\"1200\" \/>\n\t<meta property=\"og:image:height\" content=\"1200\" \/>\n\t<meta property=\"og:image:type\" content=\"image\/webp\" \/>\n<meta name=\"twitter:card\" content=\"summary_large_image\" \/>\n<meta name=\"twitter:label1\" content=\"Est. reading time\" \/>\n\t<meta name=\"twitter:data1\" content=\"3 minute\" \/>\n<script type=\"application\/ld+json\" class=\"yoast-schema-graph\">{\"@context\":\"https:\\\/\\\/schema.org\",\"@graph\":[{\"@type\":\"WebPage\",\"@id\":\"https:\\\/\\\/www.meavia-mh.hr\\\/product\\\/uv-led-lampa-za-nokte-x13-65w\\\/\",\"url\":\"https:\\\/\\\/www.meavia-mh.hr\\\/product\\\/uv-led-lampa-za-nokte-x13-65w\\\/\",\"name\":\"UV\\\/LED lampa za nokte X13 65W &#8902; Mea Via Beauty\",\"isPartOf\":{\"@id\":\"https:\\\/\\\/meavia-mh.hr\\\/sl\\\/#website\"},\"primaryImageOfPage\":{\"@id\":\"https:\\\/\\\/www.meavia-mh.hr\\\/product\\\/uv-led-lampa-za-nokte-x13-65w\\\/#primaryimage\"},\"image\":{\"@id\":\"https:\\\/\\\/www.meavia-mh.hr\\\/product\\\/uv-led-lampa-za-nokte-x13-65w\\\/#primaryimage\"},\"thumbnailUrl\":\"https:\\\/\\\/www.meavia-mh.hr\\\/wp-content\\\/uploads\\\/2025\\\/06\\\/150706_01_2204.webp\",\"datePublished\":\"2025-06-27T11:58:01+00:00\",\"dateModified\":\"2026-03-25T19:33:40+00:00\",\"description\":\"UV\\\/LED lampa za nokte X13 65W &#8902; profesionalna lampa za nokte &#8902; za sve vrste gelova, akrila, trajnih lakova &#8902; ja\u010dina 65 W &#8902; top kvaliteta\",\"breadcrumb\":{\"@id\":\"https:\\\/\\\/www.meavia-mh.hr\\\/product\\\/uv-led-lampa-za-nokte-x13-65w\\\/#breadcrumb\"},\"inLanguage\":\"sl-SI\",\"potentialAction\":[{\"@type\":\"ReadAction\",\"target\":[\"https:\\\/\\\/www.meavia-mh.hr\\\/product\\\/uv-led-lampa-za-nokte-x13-65w\\\/\"]}]},{\"@type\":\"ImageObject\",\"inLanguage\":\"sl-SI\",\"@id\":\"https:\\\/\\\/www.meavia-mh.hr\\\/product\\\/uv-led-lampa-za-nokte-x13-65w\\\/#primaryimage\",\"url\":\"https:\\\/\\\/www.meavia-mh.hr\\\/wp-content\\\/uploads\\\/2025\\\/06\\\/150706_01_2204.webp\",\"contentUrl\":\"https:\\\/\\\/www.meavia-mh.hr\\\/wp-content\\\/uploads\\\/2025\\\/06\\\/150706_01_2204.webp\",\"width\":1200,\"height\":1200,\"caption\":\"UV\\\/LED lampa za nokte X13 65W\"},{\"@type\":\"BreadcrumbList\",\"@id\":\"https:\\\/\\\/www.meavia-mh.hr\\\/product\\\/uv-led-lampa-za-nokte-x13-65w\\\/#breadcrumb\",\"itemListElement\":[{\"@type\":\"ListItem\",\"position\":1,\"name\":\"Po\u010detna stranica\",\"item\":\"https:\\\/\\\/www.meavia-mh.hr\\\/\"},{\"@type\":\"ListItem\",\"position\":2,\"name\":\"Trgovina\",\"item\":\"https:\\\/\\\/meavia-mh.hr\\\/sl\\\/store\\\/\"},{\"@type\":\"ListItem\",\"position\":3,\"name\":\"UV\\\/LED lampa za nokte X13 65W\"}]},{\"@type\":\"WebSite\",\"@id\":\"https:\\\/\\\/meavia-mh.hr\\\/sl\\\/#website\",\"url\":\"https:\\\/\\\/meavia-mh.hr\\\/sl\\\/\",\"name\":\"Mea Via Beauty\",\"description\":\"Only The Best For Your Beauty\",\"publisher\":{\"@id\":\"https:\\\/\\\/meavia-mh.hr\\\/sl\\\/#organization\"},\"alternateName\":\"Mea Via Nails\",\"potentialAction\":[{\"@type\":\"SearchAction\",\"target\":{\"@type\":\"EntryPoint\",\"urlTemplate\":\"https:\\\/\\\/meavia-mh.hr\\\/sl\\\/?s={search_term_string}\"},\"query-input\":{\"@type\":\"PropertyValueSpecification\",\"valueRequired\":true,\"valueName\":\"search_term_string\"}}],\"inLanguage\":\"sl-SI\"},{\"@type\":\"Organization\",\"@id\":\"https:\\\/\\\/meavia-mh.hr\\\/sl\\\/#organization\",\"name\":\"Mea Via Nails World\",\"alternateName\":\"Mea Via\",\"url\":\"https:\\\/\\\/meavia-mh.hr\\\/sl\\\/\",\"logo\":{\"@type\":\"ImageObject\",\"inLanguage\":\"sl-SI\",\"@id\":\"https:\\\/\\\/meavia-mh.hr\\\/sl\\\/#\\\/schema\\\/logo\\\/image\\\/\",\"url\":\"https:\\\/\\\/www.meavia-mh.hr\\\/wp-content\\\/uploads\\\/2020\\\/12\\\/Mea-Via.png\",\"contentUrl\":\"https:\\\/\\\/www.meavia-mh.hr\\\/wp-content\\\/uploads\\\/2020\\\/12\\\/Mea-Via.png\",\"width\":1181,\"height\":393,\"caption\":\"Mea Via Nails World\"},\"image\":{\"@id\":\"https:\\\/\\\/meavia-mh.hr\\\/sl\\\/#\\\/schema\\\/logo\\\/image\\\/\"},\"sameAs\":[\"https:\\\/\\\/www.facebook.com\\\/MeaViaNailsWorld\",\"https:\\\/\\\/www.instagram.com\\\/mea_via_nails_world\\\/\",\"https:\\\/\\\/www.youtube.com\\\/channel\\\/UCECk0hpRWP6TN-EfA4ER96g\\\/featured\"]}]}<\/script>\n<!-- \/ Yoast SEO plugin. -->","yoast_head_json":{"title":"UV\/LED svetilka za nohte X13 65W \u22c6 Mea Via Beauty","description":"UV\/LED svetilka za nohte X13 65W \u22c6 profesionalna svetilka za nohte \u22c6 za vse vrste gelov, akrila, permanentnih lakov \u22c6 mo\u010d 65 W \u22c6 vrhunska kakovost","robots":{"index":"index","follow":"follow","max-snippet":"max-snippet:-1","max-image-preview":"max-image-preview:large","max-video-preview":"max-video-preview:-1"},"canonical":"https:\/\/www.meavia-mh.hr\/sl\/product\/uv-led-lampa-za-nokte-x13-65w\/","og_locale":"sl_SI","og_type":"article","og_title":"UV\/LED lampa za nokte X13 65W &#8902; Mea Via Beauty","og_description":"UV\/LED lampa za nokte X13 65W &#8902; profesionalna lampa za nokte &#8902; za sve vrste gelova, akrila, trajnih lakova &#8902; ja\u010dina 65 W &#8902; top kvaliteta","og_url":"https:\/\/www.meavia-mh.hr\/sl\/product\/uv-led-lampa-za-nokte-x13-65w\/","og_site_name":"Mea Via Beauty","article_publisher":"https:\/\/www.facebook.com\/MeaViaNailsWorld","article_modified_time":"2026-03-25T19:33:40+00:00","og_image":[{"width":1200,"height":1200,"url":"https:\/\/www.meavia-mh.hr\/wp-content\/uploads\/2025\/06\/150706_01_2204.webp","type":"image\/webp"}],"twitter_card":"summary_large_image","twitter_misc":{"Est. reading time":"3 minute"},"schema":{"@context":"https:\/\/schema.org","@graph":[{"@type":"WebPage","@id":"https:\/\/www.meavia-mh.hr\/product\/uv-led-lampa-za-nokte-x13-65w\/","url":"https:\/\/www.meavia-mh.hr\/product\/uv-led-lampa-za-nokte-x13-65w\/","name":"UV\/LED svetilka za nohte X13 65W \u22c6 Mea Via Beauty","isPartOf":{"@id":"https:\/\/meavia-mh.hr\/sl\/#website"},"primaryImageOfPage":{"@id":"https:\/\/www.meavia-mh.hr\/product\/uv-led-lampa-za-nokte-x13-65w\/#primaryimage"},"image":{"@id":"https:\/\/www.meavia-mh.hr\/product\/uv-led-lampa-za-nokte-x13-65w\/#primaryimage"},"thumbnailUrl":"https:\/\/www.meavia-mh.hr\/wp-content\/uploads\/2025\/06\/150706_01_2204.webp","datePublished":"2025-06-27T11:58:01+00:00","dateModified":"2026-03-25T19:33:40+00:00","description":"UV\/LED svetilka za nohte X13 65W \u22c6 profesionalna svetilka za nohte \u22c6 za vse vrste gelov, akrila, permanentnih lakov \u22c6 mo\u010d 65 W \u22c6 vrhunska kakovost","breadcrumb":{"@id":"https:\/\/www.meavia-mh.hr\/product\/uv-led-lampa-za-nokte-x13-65w\/#breadcrumb"},"inLanguage":"sl-SI","potentialAction":[{"@type":"ReadAction","target":["https:\/\/www.meavia-mh.hr\/product\/uv-led-lampa-za-nokte-x13-65w\/"]}]},{"@type":"ImageObject","inLanguage":"sl-SI","@id":"https:\/\/www.meavia-mh.hr\/product\/uv-led-lampa-za-nokte-x13-65w\/#primaryimage","url":"https:\/\/www.meavia-mh.hr\/wp-content\/uploads\/2025\/06\/150706_01_2204.webp","contentUrl":"https:\/\/www.meavia-mh.hr\/wp-content\/uploads\/2025\/06\/150706_01_2204.webp","width":1200,"height":1200,"caption":"UV\/LED lampa za nokte X13 65W"},{"@type":"BreadcrumbList","@id":"https:\/\/www.meavia-mh.hr\/product\/uv-led-lampa-za-nokte-x13-65w\/#breadcrumb","itemListElement":[{"@type":"ListItem","position":1,"name":"Po\u010detna stranica","item":"https:\/\/www.meavia-mh.hr\/"},{"@type":"ListItem","position":2,"name":"Trgovina","item":"https:\/\/meavia-mh.hr\/sl\/store\/"},{"@type":"ListItem","position":3,"name":"UV\/LED lampa za nokte X13 65W"}]},{"@type":"WebSite","@id":"https:\/\/meavia-mh.hr\/sl\/#website","url":"https:\/\/meavia-mh.hr\/sl\/","name":"MEA VIA BEAUTY","description":"Only The Best For Your Beauty","publisher":{"@id":"https:\/\/meavia-mh.hr\/sl\/#organization"},"alternateName":"Mea Via Nails","potentialAction":[{"@type":"SearchAction","target":{"@type":"EntryPoint","urlTemplate":"https:\/\/meavia-mh.hr\/sl\/?s={search_term_string}"},"query-input":{"@type":"PropertyValueSpecification","valueRequired":true,"valueName":"search_term_string"}}],"inLanguage":"sl-SI"},{"@type":"Organization","@id":"https:\/\/meavia-mh.hr\/sl\/#organization","name":"Mea Via Nails World","alternateName":"Mea Via","url":"https:\/\/meavia-mh.hr\/sl\/","logo":{"@type":"ImageObject","inLanguage":"sl-SI","@id":"https:\/\/meavia-mh.hr\/sl\/#\/schema\/logo\/image\/","url":"https:\/\/www.meavia-mh.hr\/wp-content\/uploads\/2020\/12\/Mea-Via.png","contentUrl":"https:\/\/www.meavia-mh.hr\/wp-content\/uploads\/2020\/12\/Mea-Via.png","width":1181,"height":393,"caption":"Mea Via Nails World"},"image":{"@id":"https:\/\/meavia-mh.hr\/sl\/#\/schema\/logo\/image\/"},"sameAs":["https:\/\/www.facebook.com\/MeaViaNailsWorld","https:\/\/www.instagram.com\/mea_via_nails_world\/","https:\/\/www.youtube.com\/channel\/UCECk0hpRWP6TN-EfA4ER96g\/featured"]}]}},"spectra_custom_meta":{"_sku":["150706"],"_regular_price":["49.90"],"total_sales":["12"],"_tax_status":["taxable"],"_tax_class":[""],"_manage_stock":["yes"],"_backorders":["notify"],"_sold_individually":["no"],"_purchase_note":["Ako prozvod nije trenutno na stanju isporuka je u roku 10-15 radnih dana."],"_virtual":["no"],"_downloadable":["no"],"_download_limit":["-1"],"_download_expiry":["-1"],"_stock":["2"],"_stock_status":["instock"],"_wc_average_rating":["0"],"_wc_review_count":["0"],"_product_version":["10.6.1"],"_price":["49.90"],"_wp_page_template":["default"],"_yoast_wpseo_focuskw":["UV\/LED lampa za nokte"],"_yoast_wpseo_linkdex":["74"],"_yoast_wpseo_content_score":["90"],"_yoast_wpseo_primary_product_cat":["523"],"site-sidebar-layout":["default"],"theme-transparent-header-meta":["default"],"stick-header-meta":["default"],"_yoast_wpseo_metadesc":["%%title%% %%sep%% profesionalna lampa za nokte %%sep%% za sve vrste gelova, akrila, trajnih lakova %%sep%% ja\u010dina 65 W %%sep%% top kvaliteta"],"_woocs_price_geo_countries":[""],"_woocs_regular_price_geo":[""],"_woocs_sale_price_geo":[""],"_yoast_wpseo_estimated-reading-time-minutes":["3"],"cartflows_redirect_flow_id":[""],"cartflows_add_to_cart_text":[""],"_oembed_53fe97b525b648c945af438c5fe5a31c":["<iframe title=\"LED lamp 48W Professional\" width=\"500\" height=\"281\" src=\"https:\/\/www.youtube.com\/embed\/D08sCdnBJB4?feature=oembed\" frameborder=\"0\" allow=\"accelerometer; autoplay; clipboard-write; encrypted-media; gyroscope; picture-in-picture\" allowfullscreen><\/iframe>"],"_oembed_time_53fe97b525b648c945af438c5fe5a31c":["1641308156"],"_oembed_be414722c04d39066d21cec2ff898dd3":["<iframe title=\"LED lamp 48W Professional\" width=\"898\" height=\"505\" src=\"https:\/\/www.youtube.com\/embed\/D08sCdnBJB4?feature=oembed\" frameborder=\"0\" allow=\"accelerometer; autoplay; clipboard-write; encrypted-media; gyroscope; picture-in-picture\" allowfullscreen><\/iframe>"],"_oembed_time_be414722c04d39066d21cec2ff898dd3":["1628590695"],"_oembed_cbb9261634fd8fd81daf764ce84db375":["<iframe title=\"LED lamp 48W Professional\" width=\"922\" height=\"519\" src=\"https:\/\/www.youtube.com\/embed\/D08sCdnBJB4?feature=oembed\" frameborder=\"0\" allow=\"accelerometer; autoplay; clipboard-write; encrypted-media; gyroscope; picture-in-picture\" allowfullscreen><\/iframe>"],"_oembed_time_cbb9261634fd8fd81daf764ce84db375":["1628593231"],"_oembed_277f12271272a4fb5e9d87faf9313923":["<iframe title=\"LED lamp 48W Professional\" width=\"1200\" height=\"675\" src=\"https:\/\/www.youtube.com\/embed\/D08sCdnBJB4?feature=oembed\" frameborder=\"0\" allow=\"accelerometer; autoplay; clipboard-write; encrypted-media; gyroscope; picture-in-picture\" allowfullscreen><\/iframe>"],"_oembed_time_277f12271272a4fb5e9d87faf9313923":["1628626334"],"_woocs_regular_price_EUR":["42.46"],"_woocs_sale_price_EUR":["-1"],"_lowest_price_30_days":["42.46"],"_oembed_bac2c90dd0f82d398ce8b90d6831e344":["<iframe title=\"LED lamp 48W Professional\" width=\"500\" height=\"281\" src=\"https:\/\/www.youtube.com\/embed\/D08sCdnBJB4?feature=oembed\" frameborder=\"0\" allow=\"accelerometer; autoplay; clipboard-write; encrypted-media; gyroscope; picture-in-picture; web-share\" referrerpolicy=\"strict-origin-when-cross-origin\" allowfullscreen><\/iframe>"],"_oembed_time_bac2c90dd0f82d398ce8b90d6831e344":["1713094010"],"uag_migration_processed":["1"],"ast-site-content-layout":["default"],"site-content-style":["default"],"site-sidebar-style":["default"],"_yoast_wpseo_primary_fb_product_set":[""],"_wc_facebook_sync_enabled":["yes"],"fb_visibility":["yes"],"fb_product_description":[""],"_wc_facebook_product_image_source":["product"],"_wc_facebook_commerce_enabled":["no"],"fb_rich_text_description":[""],"fb_product_video":["a:0:{}"],"fb_brand":[""],"fb_mpn":[""],"fb_size":[""],"fb_color":[""],"fb_material":[""],"fb_pattern":[""],"fb_age_group":[""],"fb_gender":[""],"fb_product_condition":[""],"_yoast_wpseo_primary_product_brand":[""],"_edit_lock":["1763486314:1239"],"_edit_last":["1239"],"_global_unique_id":["5906717462078"],"_wc_facebook_sync_enabled_v2":["yes"],"_thumbnail_id":["38807"],"_product_image_gallery":["38806,38805,38803,38804,38800,38799,38802,38801"],"fb_product_item_id":["10044509618973835"],"astra-migrate-meta-layouts":["set"],"_last_change_time":["1773398850"],"_elementor_page_assets":["a:0:{}"],"_uag_page_assets":["a:9:{s:3:\"css\";s:0:\"\";s:2:\"js\";s:0:\"\";s:18:\"current_block_list\";a:3:{i:0;s:11:\"core\/search\";i:1;s:18:\"core\/legacy-widget\";i:2;s:27:\"woocommerce\/product-filters\";}s:8:\"uag_flag\";b:0;s:11:\"uag_version\";s:10:\"1776542595\";s:6:\"gfonts\";a:0:{}s:10:\"gfonts_url\";s:0:\"\";s:12:\"gfonts_files\";a:0:{}s:14:\"uag_faq_layout\";b:0;}"]},"uagb_featured_image_src":{"full":["https:\/\/www.meavia-mh.hr\/wp-content\/uploads\/2025\/06\/150706_01_2204.webp",1200,1200,false],"thumbnail":["https:\/\/www.meavia-mh.hr\/wp-content\/uploads\/2025\/06\/150706_01_2204-150x150.webp",150,150,true],"medium":["https:\/\/www.meavia-mh.hr\/wp-content\/uploads\/2025\/06\/150706_01_2204-300x300.webp",300,300,true],"medium_large":["https:\/\/www.meavia-mh.hr\/wp-content\/uploads\/2025\/06\/150706_01_2204-768x768.webp",768,768,true],"large":["https:\/\/www.meavia-mh.hr\/wp-content\/uploads\/2025\/06\/150706_01_2204-1024x1024.webp",1024,1024,true],"1536x1536":["https:\/\/www.meavia-mh.hr\/wp-content\/uploads\/2025\/06\/150706_01_2204.webp",1200,1200,false],"2048x2048":["https:\/\/www.meavia-mh.hr\/wp-content\/uploads\/2025\/06\/150706_01_2204.webp",1200,1200,false],"trp-custom-language-flag":["https:\/\/www.meavia-mh.hr\/wp-content\/uploads\/2025\/06\/150706_01_2204-12x12.webp",12,12,true],"woocommerce_thumbnail":["https:\/\/www.meavia-mh.hr\/wp-content\/uploads\/2025\/06\/150706_01_2204-300x300.webp",300,300,true],"woocommerce_single":["https:\/\/www.meavia-mh.hr\/wp-content\/uploads\/2025\/06\/150706_01_2204-600x600.webp",600,600,true],"woocommerce_gallery_thumbnail":["https:\/\/www.meavia-mh.hr\/wp-content\/uploads\/2025\/06\/150706_01_2204-100x100.webp",100,100,true]},"uagb_author_info":{"display_name":"Zla Gol","author_link":"https:\/\/www.meavia-mh.hr\/sl\/author\/"},"uagb_comment_info":0,"uagb_excerpt":"Ako prozvod nije trenutno na stanju isporuka je u roku 10-15 radnih dana.","_links":{"self":[{"href":"https:\/\/www.meavia-mh.hr\/sl\/wp-json\/wp\/v2\/product\/38796","targetHints":{"allow":["GET"]}}],"collection":[{"href":"https:\/\/www.meavia-mh.hr\/sl\/wp-json\/wp\/v2\/product"}],"about":[{"href":"https:\/\/www.meavia-mh.hr\/sl\/wp-json\/wp\/v2\/types\/product"}],"replies":[{"embeddable":true,"href":"https:\/\/www.meavia-mh.hr\/sl\/wp-json\/wp\/v2\/comments?post=38796"}],"version-history":[{"count":1,"href":"https:\/\/www.meavia-mh.hr\/sl\/wp-json\/wp\/v2\/product\/38796\/revisions"}],"predecessor-version":[{"id":38798,"href":"https:\/\/www.meavia-mh.hr\/sl\/wp-json\/wp\/v2\/product\/38796\/revisions\/38798"}],"wp:featuredmedia":[{"embeddable":true,"href":"https:\/\/www.meavia-mh.hr\/sl\/wp-json\/wp\/v2\/media\/38807"}],"wp:attachment":[{"href":"https:\/\/www.meavia-mh.hr\/sl\/wp-json\/wp\/v2\/media?parent=38796"}],"wp:term":[{"taxonomy":"product_brand","embeddable":true,"href":"https:\/\/www.meavia-mh.hr\/sl\/wp-json\/wp\/v2\/product_brand?post=38796"},{"taxonomy":"product_cat","embeddable":true,"href":"https:\/\/www.meavia-mh.hr\/sl\/wp-json\/wp\/v2\/product_cat?post=38796"},{"taxonomy":"product_tag","embeddable":true,"href":"https:\/\/www.meavia-mh.hr\/sl\/wp-json\/wp\/v2\/product_tag?post=38796"}],"curies":[{"name":"delovni list","href":"https:\/\/api.w.org\/{rel}","templated":true}]}}