{"id":38770,"date":"2025-06-25T14:16:49","date_gmt":"2025-06-25T12:16:49","guid":{"rendered":"https:\/\/www.meavia-mh.hr\/?post_type=product&#038;p=38770"},"modified":"2026-03-18T08:38:03","modified_gmt":"2026-03-18T07:38:03","slug":"staleks-blazinice-bez-dlacica-smart-400-kom","status":"publish","type":"product","link":"https:\/\/www.meavia-mh.hr\/sl\/product\/staleks-blazinice-bez-dlacica-smart-400-kom\/","title":{"rendered":"Stalex blazinice brez vlaken Smart 400 kosov"},"content":{"rendered":"<p>Perforirane blazinice Stalex, ki ne pu\u0161\u010dajo vlaken, pametno in previdno odstranijo lepilni sloj gel laka, akrila in gela. Idealne so tudi za razma\u0161\u010devanje naravnih in umetnih nohtnih plo\u0161\u010d, ne da bi pri tem pustile dla\u010dice. Uporabljajo se za profesionalne namene pri izvajanju manikure in pedikure ter za \u010di\u0161\u010denje gelov in akrila s \u010dopi\u010dev.<\/p>\n<h3>Zna\u010dilnosti:<\/h3>\n<ul>\n<li>Material: spunbond<\/li>\n<li>Pakiranje: 400 kosov<\/li>\n<li>Velikost blazinice: 4,5 x 4,5 cm<\/li>\n<li>Bela<\/li>\n<li>Velikost paketa: 5,2 cm x 19,2 cm<\/li>\n<li>100% brez vlaken<\/li>\n<li>Za profesionalno uporabo v manikuri in pedikuri<\/li>\n<li>Mehka na dotik<\/li>\n<li>Visoka stopnja absorpcije vlage<\/li>\n<li>Za \u010di\u0161\u010denje nohtne plo\u0161\u010de, odstranjevanje laka in lepilne plasti<\/li>\n<li>Za enkratno uporabo<\/li>\n<li>Popolnoma higieni\u010dno<\/li>\n<\/ul>\n<p>Zagotovite si Staleks blazinice in poskrbite za popolnost svoje manikure in pedikure z vrhunsko kakovostjo in zanesljivostjo.<\/p>","protected":false},"excerpt":{"rendered":"<p><a href=\"https:\/\/www.meavia-mh.hr\/wp-content\/uploads\/2022\/04\/staleks-pro-logo-2.jpg\"><img decoding=\"async\" class=\"size-medium wp-image-12389\" src=\"https:\/\/www.meavia-mh.hr\/wp-content\/uploads\/2022\/04\/staleks-pro-logo-2-300x60.jpg\" alt=\"staleks pro logo 2\" width=\"300\" height=\"60\" srcset=\"https:\/\/www.meavia-mh.hr\/wp-content\/uploads\/2022\/04\/staleks-pro-logo-2-300x60.jpg 300w, https:\/\/www.meavia-mh.hr\/wp-content\/uploads\/2022\/04\/staleks-pro-logo-2-1024x206.jpg 1024w, https:\/\/www.meavia-mh.hr\/wp-content\/uploads\/2022\/04\/staleks-pro-logo-2-768x154.jpg 768w, https:\/\/www.meavia-mh.hr\/wp-content\/uploads\/2022\/04\/staleks-pro-logo-2-18x4.jpg 18w, https:\/\/www.meavia-mh.hr\/wp-content\/uploads\/2022\/04\/staleks-pro-logo-2-600x120.jpg 600w, https:\/\/www.meavia-mh.hr\/wp-content\/uploads\/2022\/04\/staleks-pro-logo-2.jpg 1534w\" sizes=\"(max-width: 300px) 100vw, 300px\" \/><\/a><\/p>","protected":false},"featured_media":38772,"comment_status":"closed","ping_status":"closed","template":"","meta":{"_uag_custom_page_level_css":"","site-sidebar-layout":"default","site-content-layout":"","ast-site-content-layout":"default","site-content-style":"default","site-sidebar-style":"default","ast-global-header-display":"","ast-banner-title-visibility":"","ast-main-header-display":"","ast-hfb-above-header-display":"","ast-hfb-below-header-display":"","ast-hfb-mobile-header-display":"","site-post-title":"","ast-breadcrumbs-content":"","ast-featured-img":"","footer-sml-layout":"","ast-disable-related-posts":"","theme-transparent-header-meta":"default","adv-header-id-meta":"","stick-header-meta":"default","header-above-stick-meta":"","header-main-stick-meta":"","header-below-stick-meta":"","astra-migrate-meta-layouts":"set","ast-page-background-enabled":"default","ast-page-background-meta":{"desktop":{"background-color":"var(--ast-global-color-4)","background-image":"","background-repeat":"repeat","background-position":"center center","background-size":"auto","background-attachment":"scroll","background-type":"","background-media":"","overlay-type":"","overlay-color":"","overlay-opacity":"","overlay-gradient":""},"tablet":{"background-color":"","background-image":"","background-repeat":"repeat","background-position":"center center","background-size":"auto","background-attachment":"scroll","background-type":"","background-media":"","overlay-type":"","overlay-color":"","overlay-opacity":"","overlay-gradient":""},"mobile":{"background-color":"","background-image":"","background-repeat":"repeat","background-position":"center center","background-size":"auto","background-attachment":"scroll","background-type":"","background-media":"","overlay-type":"","overlay-color":"","overlay-opacity":"","overlay-gradient":""}},"ast-content-background-meta":{"desktop":{"background-color":"var(--ast-global-color-5)","background-image":"","background-repeat":"repeat","background-position":"center center","background-size":"auto","background-attachment":"scroll","background-type":"","background-media":"","overlay-type":"","overlay-color":"","overlay-opacity":"","overlay-gradient":""},"tablet":{"background-color":"var(--ast-global-color-5)","background-image":"","background-repeat":"repeat","background-position":"center center","background-size":"auto","background-attachment":"scroll","background-type":"","background-media":"","overlay-type":"","overlay-color":"","overlay-opacity":"","overlay-gradient":""},"mobile":{"background-color":"var(--ast-global-color-5)","background-image":"","background-repeat":"repeat","background-position":"center center","background-size":"auto","background-attachment":"scroll","background-type":"","background-media":"","overlay-type":"","overlay-color":"","overlay-opacity":"","overlay-gradient":""}}},"product_brand":[608],"product_cat":[24,523,369],"product_tag":[244,226,365],"class_list":{"0":"post-38770","1":"product","2":"type-product","3":"status-publish","4":"has-post-thumbnail","6":"product_brand-staleks","7":"product_cat-dodaci","8":"product_cat-novo","9":"product_cat-staleks","10":"product_tag-manikura","11":"product_tag-pedikura","12":"product_tag-staleks","13":"desktop-align-left","14":"tablet-align-left","15":"mobile-align-left","16":"ast-product-gallery-layout-horizontal-slider","17":"ast-product-tabs-layout-horizontal","19":"first","20":"outofstock","21":"taxable","22":"shipping-taxable","23":"purchasable","24":"product-type-simple"},"yoast_head":"<!-- This site is optimized with the Yoast SEO plugin v27.4 - https:\/\/yoast.com\/product\/yoast-seo-wordpress\/ -->\n<title>Staleks blazinice bez dla\u010dica Smart 400 kom &#8902; Mea Via Beauty<\/title>\n<meta name=\"description\" content=\"Staleks blazinice bez dla\u010dica Smart 400 kom &#8902; pinceta za pin\u010danje &#8902; top kvaliteta &#8902; medicinski \u010delik &#8902; oblikovanje c-luka &#8902;\" \/>\n<meta name=\"robots\" content=\"index, follow, max-snippet:-1, max-image-preview:large, max-video-preview:-1\" \/>\n<link rel=\"canonical\" href=\"https:\/\/www.meavia-mh.hr\/sl\/product\/staleks-blazinice-bez-dlacica-smart-400-kom\/\" \/>\n<meta property=\"og:locale\" content=\"sl_SI\" \/>\n<meta property=\"og:type\" content=\"article\" \/>\n<meta property=\"og:title\" content=\"Staleks blazinice bez dla\u010dica Smart 400 kom &#8902; Mea Via Beauty\" \/>\n<meta property=\"og:description\" content=\"Staleks blazinice bez dla\u010dica Smart 400 kom &#8902; pinceta za pin\u010danje &#8902; top kvaliteta &#8902; medicinski \u010delik &#8902; oblikovanje c-luka &#8902;\" \/>\n<meta property=\"og:url\" content=\"https:\/\/www.meavia-mh.hr\/sl\/product\/staleks-blazinice-bez-dlacica-smart-400-kom\/\" \/>\n<meta property=\"og:site_name\" content=\"Mea Via Beauty\" \/>\n<meta property=\"article:publisher\" content=\"https:\/\/www.facebook.com\/MeaViaNailsWorld\" \/>\n<meta property=\"article:modified_time\" content=\"2026-03-18T07:38:03+00:00\" \/>\n<meta property=\"og:image\" content=\"https:\/\/www.meavia-mh.hr\/wp-content\/uploads\/2025\/06\/ws-400_1-1536x1536-1.webp\" \/>\n\t<meta property=\"og:image:width\" content=\"1536\" \/>\n\t<meta property=\"og:image:height\" content=\"1536\" \/>\n\t<meta property=\"og:image:type\" content=\"image\/webp\" \/>\n<meta name=\"twitter:card\" content=\"summary_large_image\" \/>\n<meta name=\"twitter:label1\" content=\"Est. reading time\" \/>\n\t<meta name=\"twitter:data1\" content=\"1 minuta\" \/>\n<script type=\"application\/ld+json\" class=\"yoast-schema-graph\">{\"@context\":\"https:\\\/\\\/schema.org\",\"@graph\":[{\"@type\":\"WebPage\",\"@id\":\"https:\\\/\\\/www.meavia-mh.hr\\\/product\\\/staleks-blazinice-bez-dlacica-smart-400-kom\\\/\",\"url\":\"https:\\\/\\\/www.meavia-mh.hr\\\/product\\\/staleks-blazinice-bez-dlacica-smart-400-kom\\\/\",\"name\":\"Staleks blazinice bez dla\u010dica Smart 400 kom &#8902; Mea Via Beauty\",\"isPartOf\":{\"@id\":\"https:\\\/\\\/meavia-mh.hr\\\/sl\\\/#website\"},\"primaryImageOfPage\":{\"@id\":\"https:\\\/\\\/www.meavia-mh.hr\\\/product\\\/staleks-blazinice-bez-dlacica-smart-400-kom\\\/#primaryimage\"},\"image\":{\"@id\":\"https:\\\/\\\/www.meavia-mh.hr\\\/product\\\/staleks-blazinice-bez-dlacica-smart-400-kom\\\/#primaryimage\"},\"thumbnailUrl\":\"https:\\\/\\\/www.meavia-mh.hr\\\/wp-content\\\/uploads\\\/2025\\\/06\\\/ws-400_1-1536x1536-1.webp\",\"datePublished\":\"2025-06-25T12:16:49+00:00\",\"dateModified\":\"2026-03-18T07:38:03+00:00\",\"description\":\"Staleks blazinice bez dla\u010dica Smart 400 kom &#8902; pinceta za pin\u010danje &#8902; top kvaliteta &#8902; medicinski \u010delik &#8902; oblikovanje c-luka &#8902;\",\"breadcrumb\":{\"@id\":\"https:\\\/\\\/www.meavia-mh.hr\\\/product\\\/staleks-blazinice-bez-dlacica-smart-400-kom\\\/#breadcrumb\"},\"inLanguage\":\"sl-SI\",\"potentialAction\":[{\"@type\":\"ReadAction\",\"target\":[\"https:\\\/\\\/www.meavia-mh.hr\\\/product\\\/staleks-blazinice-bez-dlacica-smart-400-kom\\\/\"]}]},{\"@type\":\"ImageObject\",\"inLanguage\":\"sl-SI\",\"@id\":\"https:\\\/\\\/www.meavia-mh.hr\\\/product\\\/staleks-blazinice-bez-dlacica-smart-400-kom\\\/#primaryimage\",\"url\":\"https:\\\/\\\/www.meavia-mh.hr\\\/wp-content\\\/uploads\\\/2025\\\/06\\\/ws-400_1-1536x1536-1.webp\",\"contentUrl\":\"https:\\\/\\\/www.meavia-mh.hr\\\/wp-content\\\/uploads\\\/2025\\\/06\\\/ws-400_1-1536x1536-1.webp\",\"width\":1536,\"height\":1536,\"caption\":\"Staleks blazinice bez dla\u010dica Smart 400 kom\"},{\"@type\":\"BreadcrumbList\",\"@id\":\"https:\\\/\\\/www.meavia-mh.hr\\\/product\\\/staleks-blazinice-bez-dlacica-smart-400-kom\\\/#breadcrumb\",\"itemListElement\":[{\"@type\":\"ListItem\",\"position\":1,\"name\":\"Po\u010detna stranica\",\"item\":\"https:\\\/\\\/www.meavia-mh.hr\\\/\"},{\"@type\":\"ListItem\",\"position\":2,\"name\":\"Trgovina\",\"item\":\"https:\\\/\\\/meavia-mh.hr\\\/sl\\\/store\\\/\"},{\"@type\":\"ListItem\",\"position\":3,\"name\":\"Staleks blazinice bez dla\u010dica Smart 400 kom\"}]},{\"@type\":\"WebSite\",\"@id\":\"https:\\\/\\\/meavia-mh.hr\\\/sl\\\/#website\",\"url\":\"https:\\\/\\\/meavia-mh.hr\\\/sl\\\/\",\"name\":\"Mea Via Beauty\",\"description\":\"Only The Best For Your Beauty\",\"publisher\":{\"@id\":\"https:\\\/\\\/meavia-mh.hr\\\/sl\\\/#organization\"},\"alternateName\":\"Mea Via Nails\",\"potentialAction\":[{\"@type\":\"SearchAction\",\"target\":{\"@type\":\"EntryPoint\",\"urlTemplate\":\"https:\\\/\\\/meavia-mh.hr\\\/sl\\\/?s={search_term_string}\"},\"query-input\":{\"@type\":\"PropertyValueSpecification\",\"valueRequired\":true,\"valueName\":\"search_term_string\"}}],\"inLanguage\":\"sl-SI\"},{\"@type\":\"Organization\",\"@id\":\"https:\\\/\\\/meavia-mh.hr\\\/sl\\\/#organization\",\"name\":\"Mea Via Nails World\",\"alternateName\":\"Mea Via\",\"url\":\"https:\\\/\\\/meavia-mh.hr\\\/sl\\\/\",\"logo\":{\"@type\":\"ImageObject\",\"inLanguage\":\"sl-SI\",\"@id\":\"https:\\\/\\\/meavia-mh.hr\\\/sl\\\/#\\\/schema\\\/logo\\\/image\\\/\",\"url\":\"https:\\\/\\\/www.meavia-mh.hr\\\/wp-content\\\/uploads\\\/2020\\\/12\\\/Mea-Via.png\",\"contentUrl\":\"https:\\\/\\\/www.meavia-mh.hr\\\/wp-content\\\/uploads\\\/2020\\\/12\\\/Mea-Via.png\",\"width\":1181,\"height\":393,\"caption\":\"Mea Via Nails World\"},\"image\":{\"@id\":\"https:\\\/\\\/meavia-mh.hr\\\/sl\\\/#\\\/schema\\\/logo\\\/image\\\/\"},\"sameAs\":[\"https:\\\/\\\/www.facebook.com\\\/MeaViaNailsWorld\",\"https:\\\/\\\/www.instagram.com\\\/mea_via_nails_world\\\/\",\"https:\\\/\\\/www.youtube.com\\\/channel\\\/UCECk0hpRWP6TN-EfA4ER96g\\\/featured\"]}]}<\/script>\n<!-- \/ Yoast SEO plugin. -->","yoast_head_json":{"title":"Stalex blazinice brez vlaken Smart 400 kosov \u22c6 Mea Via Beauty","description":"Staleks blazinice brez vlaken Smart 400 kosov \u22c6 \u0161\u010dipalna pinceta \u22c6 vrhunska kakovost \u22c6 medicinsko jeklo \u22c6 oblikovanje C-loka \u22c6","robots":{"index":"index","follow":"follow","max-snippet":"max-snippet:-1","max-image-preview":"max-image-preview:large","max-video-preview":"max-video-preview:-1"},"canonical":"https:\/\/www.meavia-mh.hr\/sl\/product\/staleks-blazinice-bez-dlacica-smart-400-kom\/","og_locale":"sl_SI","og_type":"article","og_title":"Staleks blazinice bez dla\u010dica Smart 400 kom &#8902; Mea Via Beauty","og_description":"Staleks blazinice bez dla\u010dica Smart 400 kom &#8902; pinceta za pin\u010danje &#8902; top kvaliteta &#8902; medicinski \u010delik &#8902; oblikovanje c-luka &#8902;","og_url":"https:\/\/www.meavia-mh.hr\/sl\/product\/staleks-blazinice-bez-dlacica-smart-400-kom\/","og_site_name":"Mea Via Beauty","article_publisher":"https:\/\/www.facebook.com\/MeaViaNailsWorld","article_modified_time":"2026-03-18T07:38:03+00:00","og_image":[{"width":1536,"height":1536,"url":"https:\/\/www.meavia-mh.hr\/wp-content\/uploads\/2025\/06\/ws-400_1-1536x1536-1.webp","type":"image\/webp"}],"twitter_card":"summary_large_image","twitter_misc":{"Est. reading time":"1 minuta"},"schema":{"@context":"https:\/\/schema.org","@graph":[{"@type":"WebPage","@id":"https:\/\/www.meavia-mh.hr\/product\/staleks-blazinice-bez-dlacica-smart-400-kom\/","url":"https:\/\/www.meavia-mh.hr\/product\/staleks-blazinice-bez-dlacica-smart-400-kom\/","name":"Stalex blazinice brez vlaken Smart 400 kosov \u22c6 Mea Via Beauty","isPartOf":{"@id":"https:\/\/meavia-mh.hr\/sl\/#website"},"primaryImageOfPage":{"@id":"https:\/\/www.meavia-mh.hr\/product\/staleks-blazinice-bez-dlacica-smart-400-kom\/#primaryimage"},"image":{"@id":"https:\/\/www.meavia-mh.hr\/product\/staleks-blazinice-bez-dlacica-smart-400-kom\/#primaryimage"},"thumbnailUrl":"https:\/\/www.meavia-mh.hr\/wp-content\/uploads\/2025\/06\/ws-400_1-1536x1536-1.webp","datePublished":"2025-06-25T12:16:49+00:00","dateModified":"2026-03-18T07:38:03+00:00","description":"Staleks blazinice brez vlaken Smart 400 kosov \u22c6 \u0161\u010dipalna pinceta \u22c6 vrhunska kakovost \u22c6 medicinsko jeklo \u22c6 oblikovanje C-loka \u22c6","breadcrumb":{"@id":"https:\/\/www.meavia-mh.hr\/product\/staleks-blazinice-bez-dlacica-smart-400-kom\/#breadcrumb"},"inLanguage":"sl-SI","potentialAction":[{"@type":"ReadAction","target":["https:\/\/www.meavia-mh.hr\/product\/staleks-blazinice-bez-dlacica-smart-400-kom\/"]}]},{"@type":"ImageObject","inLanguage":"sl-SI","@id":"https:\/\/www.meavia-mh.hr\/product\/staleks-blazinice-bez-dlacica-smart-400-kom\/#primaryimage","url":"https:\/\/www.meavia-mh.hr\/wp-content\/uploads\/2025\/06\/ws-400_1-1536x1536-1.webp","contentUrl":"https:\/\/www.meavia-mh.hr\/wp-content\/uploads\/2025\/06\/ws-400_1-1536x1536-1.webp","width":1536,"height":1536,"caption":"Staleks blazinice bez dla\u010dica Smart 400 kom"},{"@type":"BreadcrumbList","@id":"https:\/\/www.meavia-mh.hr\/product\/staleks-blazinice-bez-dlacica-smart-400-kom\/#breadcrumb","itemListElement":[{"@type":"ListItem","position":1,"name":"Po\u010detna stranica","item":"https:\/\/www.meavia-mh.hr\/"},{"@type":"ListItem","position":2,"name":"Trgovina","item":"https:\/\/meavia-mh.hr\/sl\/store\/"},{"@type":"ListItem","position":3,"name":"Staleks blazinice bez dla\u010dica Smart 400 kom"}]},{"@type":"WebSite","@id":"https:\/\/meavia-mh.hr\/sl\/#website","url":"https:\/\/meavia-mh.hr\/sl\/","name":"MEA VIA BEAUTY","description":"Only The Best For Your Beauty","publisher":{"@id":"https:\/\/meavia-mh.hr\/sl\/#organization"},"alternateName":"Mea Via Nails","potentialAction":[{"@type":"SearchAction","target":{"@type":"EntryPoint","urlTemplate":"https:\/\/meavia-mh.hr\/sl\/?s={search_term_string}"},"query-input":{"@type":"PropertyValueSpecification","valueRequired":true,"valueName":"search_term_string"}}],"inLanguage":"sl-SI"},{"@type":"Organization","@id":"https:\/\/meavia-mh.hr\/sl\/#organization","name":"Mea Via Nails World","alternateName":"Mea Via","url":"https:\/\/meavia-mh.hr\/sl\/","logo":{"@type":"ImageObject","inLanguage":"sl-SI","@id":"https:\/\/meavia-mh.hr\/sl\/#\/schema\/logo\/image\/","url":"https:\/\/www.meavia-mh.hr\/wp-content\/uploads\/2020\/12\/Mea-Via.png","contentUrl":"https:\/\/www.meavia-mh.hr\/wp-content\/uploads\/2020\/12\/Mea-Via.png","width":1181,"height":393,"caption":"Mea Via Nails World"},"image":{"@id":"https:\/\/meavia-mh.hr\/sl\/#\/schema\/logo\/image\/"},"sameAs":["https:\/\/www.facebook.com\/MeaViaNailsWorld","https:\/\/www.instagram.com\/mea_via_nails_world\/","https:\/\/www.youtube.com\/channel\/UCECk0hpRWP6TN-EfA4ER96g\/featured"]}]}},"spectra_custom_meta":{"_sku":["WS-400"],"_regular_price":["2.99"],"total_sales":["38"],"_tax_status":["taxable"],"_tax_class":[""],"_manage_stock":["yes"],"_backorders":["no"],"_sold_individually":["no"],"_virtual":["no"],"_downloadable":["no"],"_product_image_gallery":["38771"],"_download_limit":["-1"],"_download_expiry":["-1"],"_thumbnail_id":["38772"],"_stock":["0"],"_stock_status":["outofstock"],"_wc_average_rating":["0"],"_wc_review_count":["0"],"_product_version":["10.6.1"],"_price":["2.99"],"_wp_page_template":["default"],"_yoast_wpseo_focuskw":["Staleks blazinice za nokte"],"_yoast_wpseo_metadesc":["%%title%% %%sep%% pinceta za pin\u010danje %%sep%% top kvaliteta %%sep%% medicinski \u010delik %%sep%% oblikovanje c-luka %%sep%%"],"_yoast_wpseo_linkdex":["44"],"_yoast_wpseo_content_score":["90"],"_yoast_wpseo_estimated-reading-time-minutes":["1"],"cartflows_redirect_flow_id":[""],"cartflows_add_to_cart_text":[""],"_woocs_price_geo_countries":[""],"_woocs_regular_price_geo":[""],"_woocs_sale_price_geo":[""],"site-sidebar-layout":["default"],"_yoast_wpseo_primary_product_cat":["372"],"theme-transparent-header-meta":["default"],"stick-header-meta":["default"],"_woocs_regular_price_EUR":["17.24"],"_woocs_sale_price_EUR":["-1"],"_lowest_price_30_days":["3.99"],"_yoast_wpseo_wordproof_timestamp":[""],"_oembed_21172d58aee87593cbaadb8e92b2eb72":["<iframe title=\"Staleks Pro - Mea Via Nails Wolrd\" width=\"500\" height=\"281\" src=\"https:\/\/www.youtube.com\/embed\/KN0qVgefruw?feature=oembed\" frameborder=\"0\" allow=\"accelerometer; autoplay; clipboard-write; encrypted-media; gyroscope; picture-in-picture; web-share\" allowfullscreen><\/iframe>"],"_oembed_time_21172d58aee87593cbaadb8e92b2eb72":["1703771073"],"_oembed_a6dce74c5cfe4418a2a4ecaab2a2a42b":["<iframe title=\"Staleks Pro - Mea Via Nails Wolrd\" width=\"872\" height=\"491\" src=\"https:\/\/www.youtube.com\/embed\/KN0qVgefruw?feature=oembed\" frameborder=\"0\" allow=\"accelerometer; autoplay; clipboard-write; encrypted-media; gyroscope; picture-in-picture; web-share\" allowfullscreen><\/iframe>"],"_oembed_time_a6dce74c5cfe4418a2a4ecaab2a2a42b":["1696447266"],"ast-site-content-layout":["default"],"site-content-style":["default"],"site-sidebar-style":["default"],"_yoast_wpseo_primary_fb_product_set":[""],"_oembed_e19c2845695f455bc952bcb3c1d8001a":["<iframe title=\"Staleks Pro - Mea Via Nails Wolrd\" width=\"922\" height=\"519\" src=\"https:\/\/www.youtube.com\/embed\/KN0qVgefruw?feature=oembed\" frameborder=\"0\" allow=\"accelerometer; autoplay; clipboard-write; encrypted-media; gyroscope; picture-in-picture; web-share\" allowfullscreen><\/iframe>"],"_oembed_time_e19c2845695f455bc952bcb3c1d8001a":["1696447288"],"_oembed_6ec73f9dbdee637adacb7c156da7fbe8":["<iframe title=\"Staleks Pro - Mea Via Nails Wolrd\" width=\"1200\" height=\"675\" src=\"https:\/\/www.youtube.com\/embed\/KN0qVgefruw?feature=oembed\" frameborder=\"0\" allow=\"accelerometer; autoplay; clipboard-write; encrypted-media; gyroscope; picture-in-picture; web-share\" allowfullscreen><\/iframe>"],"_oembed_time_6ec73f9dbdee637adacb7c156da7fbe8":["1696535564"],"_oembed_7396c9a3ae1b07b590635eec473b1a54":["<iframe title=\"Staleks Pro Scissors - Mea Via Nails Wolrd\" width=\"500\" height=\"281\" src=\"https:\/\/www.youtube.com\/embed\/bNZhU5zpwGY?feature=oembed\" frameborder=\"0\" allow=\"accelerometer; autoplay; clipboard-write; encrypted-media; gyroscope; picture-in-picture; web-share\" allowfullscreen><\/iframe>"],"_oembed_time_7396c9a3ae1b07b590635eec473b1a54":["1703771073"],"_oembed_d124e16ac0d85b091f1a628a2d665603":["<iframe title=\"Staleks Pro Scissors - Mea Via Nails Wolrd\" width=\"872\" height=\"491\" src=\"https:\/\/www.youtube.com\/embed\/bNZhU5zpwGY?feature=oembed\" frameborder=\"0\" allow=\"accelerometer; autoplay; clipboard-write; encrypted-media; gyroscope; picture-in-picture; web-share\" allowfullscreen><\/iframe>"],"_oembed_time_d124e16ac0d85b091f1a628a2d665603":["1696712006"],"_oembed_d00df38a18b39011c22bda49711bb65f":["<iframe title=\"Staleks Pro Scissors - Mea Via Nails Wolrd\" width=\"922\" height=\"519\" src=\"https:\/\/www.youtube.com\/embed\/bNZhU5zpwGY?feature=oembed\" frameborder=\"0\" allow=\"accelerometer; autoplay; clipboard-write; encrypted-media; gyroscope; picture-in-picture; web-share\" allowfullscreen><\/iframe>"],"_oembed_time_d00df38a18b39011c22bda49711bb65f":["1696712024"],"_oembed_0f59275a4eddcbb8b8c2c4172d03ff4d":["<iframe title=\"Staleks Pro Scissors - Mea Via Nails Wolrd\" width=\"1200\" height=\"675\" src=\"https:\/\/www.youtube.com\/embed\/bNZhU5zpwGY?feature=oembed\" frameborder=\"0\" allow=\"accelerometer; autoplay; clipboard-write; encrypted-media; gyroscope; picture-in-picture; web-share\" allowfullscreen><\/iframe>"],"_oembed_time_0f59275a4eddcbb8b8c2c4172d03ff4d":["1696712026"],"uag_migration_processed":["1"],"ast-above-header-display":[""],"ast-below-header-display":[""],"site-content-layout":[""],"_wc_facebook_sync_enabled":["yes"],"fb_visibility":["yes"],"fb_product_description":[""],"fb_rich_text_description":[""],"_wc_facebook_product_image_source":["product"],"fb_product_video":["a:0:{}"],"fb_brand":["Staleks"],"fb_mpn":[""],"_yoast_wpseo_primary_product_brand":["608"],"_edit_lock":["1750854020:1239"],"_edit_last":["1239"],"_global_unique_id":["4823126601373"],"_wc_facebook_sync_enabled_v2":["yes"],"fb_size":[""],"fb_color":[""],"fb_material":[""],"fb_pattern":[""],"fb_age_group":[""],"fb_gender":[""],"fb_product_condition":[""],"astra-migrate-meta-layouts":["set"],"_last_change_time":["1772278068"],"_elementor_page_assets":["a:0:{}"],"_uag_page_assets":["a:9:{s:3:\"css\";s:0:\"\";s:2:\"js\";s:0:\"\";s:18:\"current_block_list\";a:3:{i:0;s:11:\"core\/search\";i:1;s:18:\"core\/legacy-widget\";i:2;s:27:\"woocommerce\/product-filters\";}s:8:\"uag_flag\";b:0;s:11:\"uag_version\";s:10:\"1776403924\";s:6:\"gfonts\";a:0:{}s:10:\"gfonts_url\";s:0:\"\";s:12:\"gfonts_files\";a:0:{}s:14:\"uag_faq_layout\";b:0;}"]},"uagb_featured_image_src":{"full":["https:\/\/www.meavia-mh.hr\/wp-content\/uploads\/2025\/06\/ws-400_1-1536x1536-1.webp",1536,1536,false],"thumbnail":["https:\/\/www.meavia-mh.hr\/wp-content\/uploads\/2025\/06\/ws-400_1-1536x1536-1-150x150.webp",150,150,true],"medium":["https:\/\/www.meavia-mh.hr\/wp-content\/uploads\/2025\/06\/ws-400_1-1536x1536-1-300x300.webp",300,300,true],"medium_large":["https:\/\/www.meavia-mh.hr\/wp-content\/uploads\/2025\/06\/ws-400_1-1536x1536-1-768x768.webp",768,768,true],"large":["https:\/\/www.meavia-mh.hr\/wp-content\/uploads\/2025\/06\/ws-400_1-1536x1536-1-1024x1024.webp",1024,1024,true],"1536x1536":["https:\/\/www.meavia-mh.hr\/wp-content\/uploads\/2025\/06\/ws-400_1-1536x1536-1.webp",1536,1536,false],"2048x2048":["https:\/\/www.meavia-mh.hr\/wp-content\/uploads\/2025\/06\/ws-400_1-1536x1536-1.webp",1536,1536,false],"trp-custom-language-flag":["https:\/\/www.meavia-mh.hr\/wp-content\/uploads\/2025\/06\/ws-400_1-1536x1536-1-12x12.webp",12,12,true],"woocommerce_thumbnail":["https:\/\/www.meavia-mh.hr\/wp-content\/uploads\/2025\/06\/ws-400_1-1536x1536-1-300x300.webp",300,300,true],"woocommerce_single":["https:\/\/www.meavia-mh.hr\/wp-content\/uploads\/2025\/06\/ws-400_1-1536x1536-1-600x600.webp",600,600,true],"woocommerce_gallery_thumbnail":["https:\/\/www.meavia-mh.hr\/wp-content\/uploads\/2025\/06\/ws-400_1-1536x1536-1-100x100.webp",100,100,true]},"uagb_author_info":{"display_name":"Zla Gol","author_link":"https:\/\/www.meavia-mh.hr\/sl\/author\/"},"uagb_comment_info":0,"uagb_excerpt":null,"_links":{"self":[{"href":"https:\/\/www.meavia-mh.hr\/sl\/wp-json\/wp\/v2\/product\/38770","targetHints":{"allow":["GET"]}}],"collection":[{"href":"https:\/\/www.meavia-mh.hr\/sl\/wp-json\/wp\/v2\/product"}],"about":[{"href":"https:\/\/www.meavia-mh.hr\/sl\/wp-json\/wp\/v2\/types\/product"}],"replies":[{"embeddable":true,"href":"https:\/\/www.meavia-mh.hr\/sl\/wp-json\/wp\/v2\/comments?post=38770"}],"version-history":[{"count":1,"href":"https:\/\/www.meavia-mh.hr\/sl\/wp-json\/wp\/v2\/product\/38770\/revisions"}],"predecessor-version":[{"id":38773,"href":"https:\/\/www.meavia-mh.hr\/sl\/wp-json\/wp\/v2\/product\/38770\/revisions\/38773"}],"wp:featuredmedia":[{"embeddable":true,"href":"https:\/\/www.meavia-mh.hr\/sl\/wp-json\/wp\/v2\/media\/38772"}],"wp:attachment":[{"href":"https:\/\/www.meavia-mh.hr\/sl\/wp-json\/wp\/v2\/media?parent=38770"}],"wp:term":[{"taxonomy":"product_brand","embeddable":true,"href":"https:\/\/www.meavia-mh.hr\/sl\/wp-json\/wp\/v2\/product_brand?post=38770"},{"taxonomy":"product_cat","embeddable":true,"href":"https:\/\/www.meavia-mh.hr\/sl\/wp-json\/wp\/v2\/product_cat?post=38770"},{"taxonomy":"product_tag","embeddable":true,"href":"https:\/\/www.meavia-mh.hr\/sl\/wp-json\/wp\/v2\/product_tag?post=38770"}],"curies":[{"name":"delovni list","href":"https:\/\/api.w.org\/{rel}","templated":true}]}}