{"id":38709,"date":"2025-06-21T15:19:10","date_gmt":"2025-06-21T15:19:10","guid":{"rendered":"https:\/\/www.meavia-mh.hr\/?post_type=product&#038;p=38709"},"modified":"2026-01-24T08:46:33","modified_gmt":"2026-01-24T07:46:33","slug":"reklamni-stalak-za-lakove","status":"publish","type":"product","link":"https:\/\/www.meavia-mh.hr\/sl\/product\/reklamni-stalak-za-lakove\/","title":{"rendered":"Reklamno stojalo za lake"},"content":{"rendered":"<p>Stojalo za permanentne lake za nohte je elegantno, prozorno, ve\u010dnivojsko stojalo, ki vam bo omogo\u010dilo uspe\u0161no predstavitev va\u0161e ponudbe permanentnih lakov za nohte. Lahko prika\u017ee do 36 barv lakov za nohte, odvisno od velikosti stekleni\u010dk in na\u010dina predstavitve.<\/p>\n<p><span style=\"font-size: 16px; font-style: normal;\">Omogo\u010da vam, da na preprost in u\u010dinkovit na\u010din predstavite barve permanentnih lakov za nohte, okraske za nohte ali kon\u010dane stilizacije nohtov.\u00a0<\/span><\/p>\n<p>Stojalo je izdelano iz kakovostnega, prozornega, akrilnega polimera, estetski videz pa dopolnjujejo zaobljeni robovi. Zaradi svoje privla\u010dne oblike in prakti\u010dnega dizajna bo okrasil vsako manikirno mizo in na manikirno nego privabil \u0161e ve\u010d strank.<\/p>\n<p>Stojalo za lake za nohte ima 3 nivoje \u2013 vsak od njih lahko vsebuje ve\u010d <span style=\"font-size: 16px; font-style: normal;\">barva <a href=\"https:\/\/www.meavia-mh.hr\/sl\/product\/palu-gel-polish-trajni-lak-hollywood-red-r3-11-ml\/\">trajno<\/a> ali <a href=\"https:\/\/www.meavia-mh.hr\/sl\/product\/kostka-effect-color-gel-metal-redness\/\">barvni lak<\/a>, <a href=\"https:\/\/www.meavia-mh.hr\/sl\/product\/kostka-swarovski-kristali-jewelry-box-5\/\">dekoracija nohtov<\/a> ali kon\u010dano, oblikovanje nohtov<\/span>.<\/p>\n<p><span class=\"\">Plastika, iz katere je narejen <\/span><strong><span class=\"\">enostavno \u010di\u0161\u010denje, <\/span><\/strong><span class=\"\">z<\/span><span class=\"\">Uporabite blago milo in vodo. Funkcionalni organizator je pripravljen za uporabo po sestavljanju. Komplet vsebuje vijake, potrebne za sestavljanje stojala.<\/span><\/p>\n<p><span class=\"\">Dimenzije razstavnega prostora: 30\u00d712,5\u00d712 cm <\/span><br \/>\n<span class=\"\">Dimenzije police: 18,5 \u00d7 3,5 \u00d7 4,3 cm<\/span><\/p>","protected":false},"excerpt":{"rendered":"<p>Reklamni stalak za trajne lakove je elegantan, proziran, vi\u0161ekatni displej koji \u0107e vam omogu\u0107iti da uspje\u0161no prezentirate ponudu trajnih lakova. Na njemu mo\u017eete prezentirati do 36 boja lakova, ovisno i veli\u010dini bo\u010dica i na\u010dinu prezentacije. Omogu\u0107uje vam predstavljanje boja trajnig lakova, ukrasa za nokte ili gotovih nail stilizacija na jednostavan i u\u010dinkovit na\u010din.\u00a0 Stalak je [&hellip;]<\/p>\n","protected":false},"featured_media":38711,"comment_status":"closed","ping_status":"closed","template":"","meta":{"_uag_custom_page_level_css":"","site-sidebar-layout":"default","site-content-layout":"default","ast-site-content-layout":"default","site-content-style":"default","site-sidebar-style":"default","ast-global-header-display":"","ast-banner-title-visibility":"","ast-main-header-display":"","ast-hfb-above-header-display":"","ast-hfb-below-header-display":"","ast-hfb-mobile-header-display":"","site-post-title":"","ast-breadcrumbs-content":"","ast-featured-img":"","footer-sml-layout":"","ast-disable-related-posts":"","theme-transparent-header-meta":"default","adv-header-id-meta":"","stick-header-meta":"default","header-above-stick-meta":"","header-main-stick-meta":"","header-below-stick-meta":"","astra-migrate-meta-layouts":"set","ast-page-background-enabled":"default","ast-page-background-meta":{"desktop":{"background-color":"var(--ast-global-color-4)","background-image":"","background-repeat":"repeat","background-position":"center center","background-size":"auto","background-attachment":"scroll","background-type":"","background-media":"","overlay-type":"","overlay-color":"","overlay-opacity":"","overlay-gradient":""},"tablet":{"background-color":"","background-image":"","background-repeat":"repeat","background-position":"center center","background-size":"auto","background-attachment":"scroll","background-type":"","background-media":"","overlay-type":"","overlay-color":"","overlay-opacity":"","overlay-gradient":""},"mobile":{"background-color":"","background-image":"","background-repeat":"repeat","background-position":"center center","background-size":"auto","background-attachment":"scroll","background-type":"","background-media":"","overlay-type":"","overlay-color":"","overlay-opacity":"","overlay-gradient":""}},"ast-content-background-meta":{"desktop":{"background-color":"var(--ast-global-color-5)","background-image":"","background-repeat":"repeat","background-position":"center center","background-size":"auto","background-attachment":"scroll","background-type":"","background-media":"","overlay-type":"","overlay-color":"","overlay-opacity":"","overlay-gradient":""},"tablet":{"background-color":"var(--ast-global-color-5)","background-image":"","background-repeat":"repeat","background-position":"center center","background-size":"auto","background-attachment":"scroll","background-type":"","background-media":"","overlay-type":"","overlay-color":"","overlay-opacity":"","overlay-gradient":""},"mobile":{"background-color":"var(--ast-global-color-5)","background-image":"","background-repeat":"repeat","background-position":"center center","background-size":"auto","background-attachment":"scroll","background-type":"","background-media":"","overlay-type":"","overlay-color":"","overlay-opacity":"","overlay-gradient":""}}},"product_brand":[],"product_cat":[524,24],"product_tag":[298],"class_list":{"0":"post-38709","1":"product","2":"type-product","3":"status-publish","4":"has-post-thumbnail","6":"product_cat-akcija","7":"product_cat-dodaci","8":"product_tag-stalak-za-lakove","9":"desktop-align-left","10":"tablet-align-left","11":"mobile-align-left","12":"ast-product-gallery-layout-horizontal-slider","13":"ast-product-tabs-layout-horizontal","15":"first","16":"instock","17":"sale","18":"taxable","19":"shipping-taxable","20":"purchasable","21":"product-type-simple"},"yoast_head":"<!-- This site is optimized with the Yoast SEO plugin v27.4 - https:\/\/yoast.com\/product\/yoast-seo-wordpress\/ -->\n<title>Reklamni stalak za lakove &#8902; reklamni stalak Mea Via Beauty<\/title>\n<meta name=\"description\" content=\"Reklamni stalak za lakove &#8902; reklamni stalak za lakove &#8902; za 36 laka &#8902; idelan za svaki stol za manikru &#8902; stalak za trajni lak &#8902; stalak za gelove\" \/>\n<meta name=\"robots\" content=\"index, follow, max-snippet:-1, max-image-preview:large, max-video-preview:-1\" \/>\n<link rel=\"canonical\" href=\"https:\/\/www.meavia-mh.hr\/sl\/product\/reklamni-stalak-za-lakove\/\" \/>\n<meta property=\"og:locale\" content=\"sl_SI\" \/>\n<meta property=\"og:type\" content=\"article\" \/>\n<meta property=\"og:title\" content=\"Reklamni stalak za lakove &#8902; reklamni stalak Mea Via Beauty\" \/>\n<meta property=\"og:description\" content=\"Reklamni stalak za lakove &#8902; reklamni stalak za lakove &#8902; za 36 laka &#8902; idelan za svaki stol za manikru &#8902; stalak za trajni lak &#8902; stalak za gelove\" \/>\n<meta property=\"og:url\" content=\"https:\/\/www.meavia-mh.hr\/sl\/product\/reklamni-stalak-za-lakove\/\" \/>\n<meta property=\"og:site_name\" content=\"Mea Via Beauty\" \/>\n<meta property=\"article:publisher\" content=\"https:\/\/www.facebook.com\/MeaViaNailsWorld\" \/>\n<meta property=\"article:modified_time\" content=\"2026-01-24T07:46:33+00:00\" \/>\n<meta property=\"og:image\" content=\"https:\/\/www.meavia-mh.hr\/wp-content\/uploads\/2025\/06\/Display-za-lakove.webp\" \/>\n\t<meta property=\"og:image:width\" content=\"1200\" \/>\n\t<meta property=\"og:image:height\" content=\"1200\" \/>\n\t<meta property=\"og:image:type\" content=\"image\/webp\" \/>\n<meta name=\"twitter:card\" content=\"summary_large_image\" \/>\n<meta name=\"twitter:label1\" content=\"Est. reading time\" \/>\n\t<meta name=\"twitter:data1\" content=\"2 minuti\" \/>\n<script type=\"application\/ld+json\" class=\"yoast-schema-graph\">{\"@context\":\"https:\\\/\\\/schema.org\",\"@graph\":[{\"@type\":\"WebPage\",\"@id\":\"https:\\\/\\\/www.meavia-mh.hr\\\/product\\\/reklamni-stalak-za-lakove\\\/\",\"url\":\"https:\\\/\\\/www.meavia-mh.hr\\\/product\\\/reklamni-stalak-za-lakove\\\/\",\"name\":\"Reklamni stalak za lakove &#8902; reklamni stalak Mea Via Beauty\",\"isPartOf\":{\"@id\":\"https:\\\/\\\/meavia-mh.hr\\\/sl\\\/#website\"},\"primaryImageOfPage\":{\"@id\":\"https:\\\/\\\/www.meavia-mh.hr\\\/product\\\/reklamni-stalak-za-lakove\\\/#primaryimage\"},\"image\":{\"@id\":\"https:\\\/\\\/www.meavia-mh.hr\\\/product\\\/reklamni-stalak-za-lakove\\\/#primaryimage\"},\"thumbnailUrl\":\"https:\\\/\\\/www.meavia-mh.hr\\\/wp-content\\\/uploads\\\/2025\\\/06\\\/Display-za-lakove.webp\",\"datePublished\":\"2025-06-21T15:19:10+00:00\",\"dateModified\":\"2026-01-24T07:46:33+00:00\",\"description\":\"Reklamni stalak za lakove &#8902; reklamni stalak za lakove &#8902; za 36 laka &#8902; idelan za svaki stol za manikru &#8902; stalak za trajni lak &#8902; stalak za gelove\",\"breadcrumb\":{\"@id\":\"https:\\\/\\\/www.meavia-mh.hr\\\/product\\\/reklamni-stalak-za-lakove\\\/#breadcrumb\"},\"inLanguage\":\"sl-SI\",\"potentialAction\":[{\"@type\":\"ReadAction\",\"target\":[\"https:\\\/\\\/www.meavia-mh.hr\\\/product\\\/reklamni-stalak-za-lakove\\\/\"]}]},{\"@type\":\"ImageObject\",\"inLanguage\":\"sl-SI\",\"@id\":\"https:\\\/\\\/www.meavia-mh.hr\\\/product\\\/reklamni-stalak-za-lakove\\\/#primaryimage\",\"url\":\"https:\\\/\\\/www.meavia-mh.hr\\\/wp-content\\\/uploads\\\/2025\\\/06\\\/Display-za-lakove.webp\",\"contentUrl\":\"https:\\\/\\\/www.meavia-mh.hr\\\/wp-content\\\/uploads\\\/2025\\\/06\\\/Display-za-lakove.webp\",\"width\":1200,\"height\":1200,\"caption\":\"Reklamni stalak za lakove\"},{\"@type\":\"BreadcrumbList\",\"@id\":\"https:\\\/\\\/www.meavia-mh.hr\\\/product\\\/reklamni-stalak-za-lakove\\\/#breadcrumb\",\"itemListElement\":[{\"@type\":\"ListItem\",\"position\":1,\"name\":\"Po\u010detna stranica\",\"item\":\"https:\\\/\\\/www.meavia-mh.hr\\\/\"},{\"@type\":\"ListItem\",\"position\":2,\"name\":\"Trgovina\",\"item\":\"https:\\\/\\\/meavia-mh.hr\\\/sl\\\/store\\\/\"},{\"@type\":\"ListItem\",\"position\":3,\"name\":\"Reklamni stalak za lakove\"}]},{\"@type\":\"WebSite\",\"@id\":\"https:\\\/\\\/meavia-mh.hr\\\/sl\\\/#website\",\"url\":\"https:\\\/\\\/meavia-mh.hr\\\/sl\\\/\",\"name\":\"Mea Via Beauty\",\"description\":\"Only The Best For Your Beauty\",\"publisher\":{\"@id\":\"https:\\\/\\\/meavia-mh.hr\\\/sl\\\/#organization\"},\"alternateName\":\"Mea Via Nails\",\"potentialAction\":[{\"@type\":\"SearchAction\",\"target\":{\"@type\":\"EntryPoint\",\"urlTemplate\":\"https:\\\/\\\/meavia-mh.hr\\\/sl\\\/?s={search_term_string}\"},\"query-input\":{\"@type\":\"PropertyValueSpecification\",\"valueRequired\":true,\"valueName\":\"search_term_string\"}}],\"inLanguage\":\"sl-SI\"},{\"@type\":\"Organization\",\"@id\":\"https:\\\/\\\/meavia-mh.hr\\\/sl\\\/#organization\",\"name\":\"Mea Via Nails World\",\"alternateName\":\"Mea Via\",\"url\":\"https:\\\/\\\/meavia-mh.hr\\\/sl\\\/\",\"logo\":{\"@type\":\"ImageObject\",\"inLanguage\":\"sl-SI\",\"@id\":\"https:\\\/\\\/meavia-mh.hr\\\/sl\\\/#\\\/schema\\\/logo\\\/image\\\/\",\"url\":\"https:\\\/\\\/www.meavia-mh.hr\\\/wp-content\\\/uploads\\\/2020\\\/12\\\/Mea-Via.png\",\"contentUrl\":\"https:\\\/\\\/www.meavia-mh.hr\\\/wp-content\\\/uploads\\\/2020\\\/12\\\/Mea-Via.png\",\"width\":1181,\"height\":393,\"caption\":\"Mea Via Nails World\"},\"image\":{\"@id\":\"https:\\\/\\\/meavia-mh.hr\\\/sl\\\/#\\\/schema\\\/logo\\\/image\\\/\"},\"sameAs\":[\"https:\\\/\\\/www.facebook.com\\\/MeaViaNailsWorld\",\"https:\\\/\\\/www.instagram.com\\\/mea_via_nails_world\\\/\",\"https:\\\/\\\/www.youtube.com\\\/channel\\\/UCECk0hpRWP6TN-EfA4ER96g\\\/featured\"]}]}<\/script>\n<!-- \/ Yoast SEO plugin. -->","yoast_head_json":{"title":"Reklamno stojalo za lake za nohte \u22c6 reklamno stojalo Mea Via Beauty","description":"Reklamni stalak za lakove &#8902; reklamni stalak za lakove &#8902; za 36 laka &#8902; idelan za svaki stol za manikru &#8902; stalak za trajni lak &#8902; stalak za gelove","robots":{"index":"index","follow":"follow","max-snippet":"max-snippet:-1","max-image-preview":"max-image-preview:large","max-video-preview":"max-video-preview:-1"},"canonical":"https:\/\/www.meavia-mh.hr\/sl\/product\/reklamni-stalak-za-lakove\/","og_locale":"sl_SI","og_type":"article","og_title":"Reklamni stalak za lakove &#8902; reklamni stalak Mea Via Beauty","og_description":"Reklamni stalak za lakove &#8902; reklamni stalak za lakove &#8902; za 36 laka &#8902; idelan za svaki stol za manikru &#8902; stalak za trajni lak &#8902; stalak za gelove","og_url":"https:\/\/www.meavia-mh.hr\/sl\/product\/reklamni-stalak-za-lakove\/","og_site_name":"Mea Via Beauty","article_publisher":"https:\/\/www.facebook.com\/MeaViaNailsWorld","article_modified_time":"2026-01-24T07:46:33+00:00","og_image":[{"width":1200,"height":1200,"url":"https:\/\/www.meavia-mh.hr\/wp-content\/uploads\/2025\/06\/Display-za-lakove.webp","type":"image\/webp"}],"twitter_card":"summary_large_image","twitter_misc":{"Est. reading time":"2 minuti"},"schema":{"@context":"https:\/\/schema.org","@graph":[{"@type":"WebPage","@id":"https:\/\/www.meavia-mh.hr\/product\/reklamni-stalak-za-lakove\/","url":"https:\/\/www.meavia-mh.hr\/product\/reklamni-stalak-za-lakove\/","name":"Reklamno stojalo za lake za nohte \u22c6 reklamno stojalo Mea Via Beauty","isPartOf":{"@id":"https:\/\/meavia-mh.hr\/sl\/#website"},"primaryImageOfPage":{"@id":"https:\/\/www.meavia-mh.hr\/product\/reklamni-stalak-za-lakove\/#primaryimage"},"image":{"@id":"https:\/\/www.meavia-mh.hr\/product\/reklamni-stalak-za-lakove\/#primaryimage"},"thumbnailUrl":"https:\/\/www.meavia-mh.hr\/wp-content\/uploads\/2025\/06\/Display-za-lakove.webp","datePublished":"2025-06-21T15:19:10+00:00","dateModified":"2026-01-24T07:46:33+00:00","description":"Reklamni stalak za lakove &#8902; reklamni stalak za lakove &#8902; za 36 laka &#8902; idelan za svaki stol za manikru &#8902; stalak za trajni lak &#8902; stalak za gelove","breadcrumb":{"@id":"https:\/\/www.meavia-mh.hr\/product\/reklamni-stalak-za-lakove\/#breadcrumb"},"inLanguage":"sl-SI","potentialAction":[{"@type":"ReadAction","target":["https:\/\/www.meavia-mh.hr\/product\/reklamni-stalak-za-lakove\/"]}]},{"@type":"ImageObject","inLanguage":"sl-SI","@id":"https:\/\/www.meavia-mh.hr\/product\/reklamni-stalak-za-lakove\/#primaryimage","url":"https:\/\/www.meavia-mh.hr\/wp-content\/uploads\/2025\/06\/Display-za-lakove.webp","contentUrl":"https:\/\/www.meavia-mh.hr\/wp-content\/uploads\/2025\/06\/Display-za-lakove.webp","width":1200,"height":1200,"caption":"Reklamni stalak za lakove"},{"@type":"BreadcrumbList","@id":"https:\/\/www.meavia-mh.hr\/product\/reklamni-stalak-za-lakove\/#breadcrumb","itemListElement":[{"@type":"ListItem","position":1,"name":"Po\u010detna stranica","item":"https:\/\/www.meavia-mh.hr\/"},{"@type":"ListItem","position":2,"name":"Trgovina","item":"https:\/\/meavia-mh.hr\/sl\/store\/"},{"@type":"ListItem","position":3,"name":"Reklamni stalak za lakove"}]},{"@type":"WebSite","@id":"https:\/\/meavia-mh.hr\/sl\/#website","url":"https:\/\/meavia-mh.hr\/sl\/","name":"MEA VIA BEAUTY","description":"Only The Best For Your Beauty","publisher":{"@id":"https:\/\/meavia-mh.hr\/sl\/#organization"},"alternateName":"Mea Via Nails","potentialAction":[{"@type":"SearchAction","target":{"@type":"EntryPoint","urlTemplate":"https:\/\/meavia-mh.hr\/sl\/?s={search_term_string}"},"query-input":{"@type":"PropertyValueSpecification","valueRequired":true,"valueName":"search_term_string"}}],"inLanguage":"sl-SI"},{"@type":"Organization","@id":"https:\/\/meavia-mh.hr\/sl\/#organization","name":"Mea Via Nails World","alternateName":"Mea Via","url":"https:\/\/meavia-mh.hr\/sl\/","logo":{"@type":"ImageObject","inLanguage":"sl-SI","@id":"https:\/\/meavia-mh.hr\/sl\/#\/schema\/logo\/image\/","url":"https:\/\/www.meavia-mh.hr\/wp-content\/uploads\/2020\/12\/Mea-Via.png","contentUrl":"https:\/\/www.meavia-mh.hr\/wp-content\/uploads\/2020\/12\/Mea-Via.png","width":1181,"height":393,"caption":"Mea Via Nails World"},"image":{"@id":"https:\/\/meavia-mh.hr\/sl\/#\/schema\/logo\/image\/"},"sameAs":["https:\/\/www.facebook.com\/MeaViaNailsWorld","https:\/\/www.instagram.com\/mea_via_nails_world\/","https:\/\/www.youtube.com\/channel\/UCECk0hpRWP6TN-EfA4ER96g\/featured"]}]}},"spectra_custom_meta":{"_sku":["144337"],"_regular_price":["12.99"],"total_sales":["1"],"_tax_status":["taxable"],"_tax_class":[""],"_manage_stock":["yes"],"_backorders":["no"],"_sold_individually":["no"],"_virtual":["no"],"_downloadable":["no"],"_product_image_gallery":["38710"],"_download_limit":["-1"],"_download_expiry":["-1"],"_thumbnail_id":["38711"],"_stock":["19"],"_stock_status":["instock"],"_wc_average_rating":["0"],"_wc_review_count":["0"],"_product_version":["10.4.3"],"_price":["11.69"],"_wp_page_template":["default"],"_yoast_wpseo_focuskw":["Reklamni stalak za lakove"],"_yoast_wpseo_linkdex":["81"],"_yoast_wpseo_content_score":["90"],"_yoast_wpseo_estimated-reading-time-minutes":["2"],"cartflows_redirect_flow_id":[""],"cartflows_add_to_cart_text":[""],"_woocs_price_geo_countries":[""],"_woocs_regular_price_geo":[""],"_woocs_sale_price_geo":[""],"site-sidebar-layout":["default"],"site-content-layout":["default"],"theme-transparent-header-meta":["default"],"stick-header-meta":["default"],"_yoast_wpseo_primary_product_cat":["24"],"_yoast_wpseo_title":["%%title%% %%page%% %%sep%% reklamni stalak %%sitename%%"],"_yoast_wpseo_metadesc":["%%title%% %%sep%% reklamni stalak za lakove %%sep%% za 36 laka %%sep%% idelan za svaki stol za manikru %%sep%% stalak za trajni lak %%sep%% stalak za gelove"],"_oembed_9eee412fca586884ba5317588471b862":["<iframe title=\"Promotivni stalak za lakove\" width=\"500\" height=\"281\" src=\"https:\/\/www.youtube.com\/embed\/hK6xf2QPlK8?feature=oembed\" frameborder=\"0\" allow=\"accelerometer; autoplay; clipboard-write; encrypted-media; gyroscope; picture-in-picture\" allowfullscreen><\/iframe>"],"_oembed_time_9eee412fca586884ba5317588471b862":["1630792320"],"_oembed_77707daba22676d58b4cf37a6d614a46":["<iframe title=\"Promotivni stalak za lakove\" width=\"898\" height=\"505\" src=\"https:\/\/www.youtube.com\/embed\/hK6xf2QPlK8?feature=oembed\" frameborder=\"0\" allow=\"accelerometer; autoplay; clipboard-write; encrypted-media; gyroscope; picture-in-picture\" allowfullscreen><\/iframe>"],"_oembed_time_77707daba22676d58b4cf37a6d614a46":["1630792323"],"_oembed_3abc123acac48b1d568ee2330c2d39eb":["<iframe title=\"Promotivni stalak za lakove\" width=\"922\" height=\"519\" src=\"https:\/\/www.youtube.com\/embed\/hK6xf2QPlK8?feature=oembed\" frameborder=\"0\" allow=\"accelerometer; autoplay; clipboard-write; encrypted-media; gyroscope; picture-in-picture\" allowfullscreen><\/iframe>"],"_oembed_time_3abc123acac48b1d568ee2330c2d39eb":["1630792365"],"_oembed_de7e6dc9b5a115cfa47a0712a77a5423":["<iframe title=\"Promotivni stalak za lakove\" width=\"1200\" height=\"675\" src=\"https:\/\/www.youtube.com\/embed\/hK6xf2QPlK8?feature=oembed\" frameborder=\"0\" allow=\"accelerometer; autoplay; clipboard-write; encrypted-media; gyroscope; picture-in-picture\" allowfullscreen><\/iframe>"],"_oembed_time_de7e6dc9b5a115cfa47a0712a77a5423":["1630826384"],"_oembed_4d75ba814be0e3150f754144a99b48c5":["<iframe title=\"Promotivni stalak za lakove\" width=\"500\" height=\"281\" src=\"https:\/\/www.youtube.com\/embed\/UoOpylgEIqc?feature=oembed\" frameborder=\"0\" allow=\"accelerometer; autoplay; clipboard-write; encrypted-media; gyroscope; picture-in-picture\" allowfullscreen><\/iframe>"],"_oembed_time_4d75ba814be0e3150f754144a99b48c5":["1631214954"],"_oembed_dbd986f46aefe4b7380b841d4ea031e1":["<iframe title=\"Promotivni stalak za lakove\" width=\"898\" height=\"505\" src=\"https:\/\/www.youtube.com\/embed\/UoOpylgEIqc?feature=oembed\" frameborder=\"0\" allow=\"accelerometer; autoplay; clipboard-write; encrypted-media; gyroscope; picture-in-picture\" allowfullscreen><\/iframe>"],"_oembed_time_dbd986f46aefe4b7380b841d4ea031e1":["1631215625"],"_woocs_regular_price_EUR":["10.6"],"_woocs_sale_price_EUR":["-1"],"_oembed_593ff28fc898f4a9930a1ef3cd31718c":["<iframe title=\"Promotivni stalak za lakove\" width=\"922\" height=\"519\" src=\"https:\/\/www.youtube.com\/embed\/UoOpylgEIqc?feature=oembed\" frameborder=\"0\" allow=\"accelerometer; autoplay; clipboard-write; encrypted-media; gyroscope; picture-in-picture\" allowfullscreen><\/iframe>"],"_oembed_time_593ff28fc898f4a9930a1ef3cd31718c":["1631215649"],"_oembed_ea60410f71e713d7d74da15f043bef5b":["<iframe title=\"Promotivni stalak za lakove\" width=\"1200\" height=\"675\" src=\"https:\/\/www.youtube.com\/embed\/UoOpylgEIqc?feature=oembed\" frameborder=\"0\" allow=\"accelerometer; autoplay; clipboard-write; encrypted-media; gyroscope; picture-in-picture\" allowfullscreen><\/iframe>"],"_oembed_time_ea60410f71e713d7d74da15f043bef5b":["1631215746"],"_oembed_26ca1f0d5a4cc987f2e15968c03d08e7":["<iframe title=\"Promotivni stalak za lakove\" width=\"500\" height=\"281\" src=\"https:\/\/www.youtube.com\/embed\/UoOpylgEIqc?feature=oembed\" frameborder=\"0\" allow=\"accelerometer; autoplay; clipboard-write; encrypted-media; gyroscope; picture-in-picture; web-share\" referrerpolicy=\"strict-origin-when-cross-origin\" allowfullscreen><\/iframe>"],"_oembed_time_26ca1f0d5a4cc987f2e15968c03d08e7":["1714339598"],"uag_migration_processed":["1"],"_edit_lock":["1757167141:1239"],"_edit_last":["1239"],"_global_unique_id":["5906717451683"],"_wc_facebook_sync_enabled_v2":["yes"],"fb_visibility":["yes"],"fb_product_description":[""],"fb_rich_text_description":[""],"_wc_facebook_product_image_source":["product"],"fb_product_video":["a:0:{}"],"fb_brand":[""],"fb_mpn":[""],"fb_size":[""],"fb_color":[""],"fb_material":[""],"fb_pattern":[""],"fb_age_group":[""],"fb_gender":[""],"fb_product_condition":[""],"ast-site-content-layout":["default"],"site-content-style":["default"],"site-sidebar-style":["default"],"_yoast_wpseo_primary_product_brand":[""],"_yoast_wpseo_primary_fb_product_set":[""],"_sale_price":["11.69"],"_wc_facebook_sync_enabled":["yes"],"astra-migrate-meta-layouts":["set"],"_elementor_page_assets":["a:0:{}"],"_uag_page_assets":["a:9:{s:3:\"css\";s:0:\"\";s:2:\"js\";s:0:\"\";s:18:\"current_block_list\";a:3:{i:0;s:11:\"core\/search\";i:1;s:18:\"core\/legacy-widget\";i:2;s:27:\"woocommerce\/product-filters\";}s:8:\"uag_flag\";b:0;s:11:\"uag_version\";s:10:\"1776770017\";s:6:\"gfonts\";a:0:{}s:10:\"gfonts_url\";s:0:\"\";s:12:\"gfonts_files\";a:0:{}s:14:\"uag_faq_layout\";b:0;}"]},"uagb_featured_image_src":{"full":["https:\/\/www.meavia-mh.hr\/wp-content\/uploads\/2025\/06\/Display-za-lakove.webp",1200,1200,false],"thumbnail":["https:\/\/www.meavia-mh.hr\/wp-content\/uploads\/2025\/06\/Display-za-lakove-150x150.webp",150,150,true],"medium":["https:\/\/www.meavia-mh.hr\/wp-content\/uploads\/2025\/06\/Display-za-lakove-300x300.webp",300,300,true],"medium_large":["https:\/\/www.meavia-mh.hr\/wp-content\/uploads\/2025\/06\/Display-za-lakove-768x768.webp",768,768,true],"large":["https:\/\/www.meavia-mh.hr\/wp-content\/uploads\/2025\/06\/Display-za-lakove-1024x1024.webp",1024,1024,true],"1536x1536":["https:\/\/www.meavia-mh.hr\/wp-content\/uploads\/2025\/06\/Display-za-lakove.webp",1200,1200,false],"2048x2048":["https:\/\/www.meavia-mh.hr\/wp-content\/uploads\/2025\/06\/Display-za-lakove.webp",1200,1200,false],"trp-custom-language-flag":["https:\/\/www.meavia-mh.hr\/wp-content\/uploads\/2025\/06\/Display-za-lakove-12x12.webp",12,12,true],"woocommerce_thumbnail":["https:\/\/www.meavia-mh.hr\/wp-content\/uploads\/2025\/06\/Display-za-lakove-300x300.webp",300,300,true],"woocommerce_single":["https:\/\/www.meavia-mh.hr\/wp-content\/uploads\/2025\/06\/Display-za-lakove-600x600.webp",600,600,true],"woocommerce_gallery_thumbnail":["https:\/\/www.meavia-mh.hr\/wp-content\/uploads\/2025\/06\/Display-za-lakove-100x100.webp",100,100,true]},"uagb_author_info":{"display_name":"Zla Gol","author_link":"https:\/\/www.meavia-mh.hr\/sl\/author\/"},"uagb_comment_info":0,"uagb_excerpt":"Reklamni stalak za trajne lakove je elegantan, proziran, vi\u0161ekatni displej koji \u0107e vam omogu\u0107iti da uspje\u0161no prezentirate ponudu trajnih lakova. Na njemu mo\u017eete prezentirati do 36 boja lakova, ovisno i veli\u010dini bo\u010dica i na\u010dinu prezentacije. Omogu\u0107uje vam predstavljanje boja trajnig lakova, ukrasa za nokte ili gotovih nail stilizacija na jednostavan i u\u010dinkovit na\u010din.\u00a0 Stalak je&hellip;","_links":{"self":[{"href":"https:\/\/www.meavia-mh.hr\/sl\/wp-json\/wp\/v2\/product\/38709","targetHints":{"allow":["GET"]}}],"collection":[{"href":"https:\/\/www.meavia-mh.hr\/sl\/wp-json\/wp\/v2\/product"}],"about":[{"href":"https:\/\/www.meavia-mh.hr\/sl\/wp-json\/wp\/v2\/types\/product"}],"replies":[{"embeddable":true,"href":"https:\/\/www.meavia-mh.hr\/sl\/wp-json\/wp\/v2\/comments?post=38709"}],"version-history":[{"count":2,"href":"https:\/\/www.meavia-mh.hr\/sl\/wp-json\/wp\/v2\/product\/38709\/revisions"}],"predecessor-version":[{"id":41807,"href":"https:\/\/www.meavia-mh.hr\/sl\/wp-json\/wp\/v2\/product\/38709\/revisions\/41807"}],"wp:featuredmedia":[{"embeddable":true,"href":"https:\/\/www.meavia-mh.hr\/sl\/wp-json\/wp\/v2\/media\/38711"}],"wp:attachment":[{"href":"https:\/\/www.meavia-mh.hr\/sl\/wp-json\/wp\/v2\/media?parent=38709"}],"wp:term":[{"taxonomy":"product_brand","embeddable":true,"href":"https:\/\/www.meavia-mh.hr\/sl\/wp-json\/wp\/v2\/product_brand?post=38709"},{"taxonomy":"product_cat","embeddable":true,"href":"https:\/\/www.meavia-mh.hr\/sl\/wp-json\/wp\/v2\/product_cat?post=38709"},{"taxonomy":"product_tag","embeddable":true,"href":"https:\/\/www.meavia-mh.hr\/sl\/wp-json\/wp\/v2\/product_tag?post=38709"}],"curies":[{"name":"delovni list","href":"https:\/\/api.w.org\/{rel}","templated":true}]}}