{"id":37819,"date":"2025-05-01T21:10:46","date_gmt":"2025-05-01T21:10:46","guid":{"rendered":"https:\/\/www.meavia-mh.hr\/?post_type=product&#038;p=37819"},"modified":"2026-01-29T22:46:28","modified_gmt":"2026-01-29T21:46:28","slug":"separatori-za-prste-za-pedikuru-10-kom","status":"publish","type":"product","link":"https:\/\/www.meavia-mh.hr\/sl\/product\/separatori-za-prste-za-pedikuru-10-kom\/","title":{"rendered":"Lo\u010dilniki za prste na nogah za pedikuro 10 kosov"},"content":{"rendered":"<div><span class=\"\">Lo\u010dilniki za prste na nogah za enkratno uporabo za pedikuro so izdelani iz trpe\u017ene pene, mehke in elasti\u010dne. K.<\/span><span class=\"\">za\u010drtani med tretmajem pedikure. \u00a0<\/span>Nepogre\u0161ljiv pripomo\u010dek v priznanih SPA ordinacijah in salonih, ki ponujajo nego telesa ali pedikuro.<\/div>\n<div><\/div>\n<h6>Lastnosti:<\/h6>\n<ul>\n<li>Higienski, okolju prijazen in udoben za no\u0161enje<\/li>\n<li>Varno za \u010dlove\u0161ko ko\u017eo<\/li>\n<li>Lahek in enostaven za prena\u0161anje<\/li>\n<li>Za enkratno uporabo<\/li>\n<li><span style=\"font-size: 16px;\">Barva: rumena<\/span><\/li>\n<li>\u0160irina: 10 cm<\/li>\n<li>Vi\u0161ina: 4 cm<\/li>\n<\/ul>\n<h6>Koli\u010dina: 10 kosov<\/h6>","protected":false},"excerpt":{"rendered":"<p>Jednokratni Separatori za prste za pedikuru izra\u0111eni su od izdr\u017eljive pjene, mekane i elasti\u010dne. Korisne tijekom tretmana pedikure. \u00a0Nezaobilazan dodatak u renomiranim SPA ordinacijama i salonima koji nude tretmane tijela ili pedikuru. Zna\u010dajke: Sanitarni, ekolo\u0161ki prihvatljivi i ugodni za no\u0161enje Sigurni za ljudsku ko\u017eu Lagani i jednostavne za no\u0161enje Za jednokratnu upotrebu Boja: \u017euta \u0160irina: [&hellip;]<\/p>\n","protected":false},"featured_media":37821,"comment_status":"closed","ping_status":"closed","template":"","meta":{"_uag_custom_page_level_css":"","site-sidebar-layout":"default","site-content-layout":"default","ast-site-content-layout":"default","site-content-style":"default","site-sidebar-style":"default","ast-global-header-display":"","ast-banner-title-visibility":"","ast-main-header-display":"","ast-hfb-above-header-display":"","ast-hfb-below-header-display":"","ast-hfb-mobile-header-display":"","site-post-title":"","ast-breadcrumbs-content":"","ast-featured-img":"","footer-sml-layout":"","ast-disable-related-posts":"","theme-transparent-header-meta":"default","adv-header-id-meta":"","stick-header-meta":"default","header-above-stick-meta":"","header-main-stick-meta":"","header-below-stick-meta":"","astra-migrate-meta-layouts":"set","ast-page-background-enabled":"default","ast-page-background-meta":{"desktop":{"background-color":"var(--ast-global-color-4)","background-image":"","background-repeat":"repeat","background-position":"center center","background-size":"auto","background-attachment":"scroll","background-type":"","background-media":"","overlay-type":"","overlay-color":"","overlay-opacity":"","overlay-gradient":""},"tablet":{"background-color":"","background-image":"","background-repeat":"repeat","background-position":"center center","background-size":"auto","background-attachment":"scroll","background-type":"","background-media":"","overlay-type":"","overlay-color":"","overlay-opacity":"","overlay-gradient":""},"mobile":{"background-color":"","background-image":"","background-repeat":"repeat","background-position":"center center","background-size":"auto","background-attachment":"scroll","background-type":"","background-media":"","overlay-type":"","overlay-color":"","overlay-opacity":"","overlay-gradient":""}},"ast-content-background-meta":{"desktop":{"background-color":"var(--ast-global-color-5)","background-image":"","background-repeat":"repeat","background-position":"center center","background-size":"auto","background-attachment":"scroll","background-type":"","background-media":"","overlay-type":"","overlay-color":"","overlay-opacity":"","overlay-gradient":""},"tablet":{"background-color":"var(--ast-global-color-5)","background-image":"","background-repeat":"repeat","background-position":"center center","background-size":"auto","background-attachment":"scroll","background-type":"","background-media":"","overlay-type":"","overlay-color":"","overlay-opacity":"","overlay-gradient":""},"mobile":{"background-color":"var(--ast-global-color-5)","background-image":"","background-repeat":"repeat","background-position":"center center","background-size":"auto","background-attachment":"scroll","background-type":"","background-media":"","overlay-type":"","overlay-color":"","overlay-opacity":"","overlay-gradient":""}}},"product_brand":[],"product_cat":[24,523],"product_tag":[226,429],"class_list":{"0":"post-37819","1":"product","2":"type-product","3":"status-publish","4":"has-post-thumbnail","6":"product_cat-dodaci","7":"product_cat-novo","8":"product_tag-pedikura","9":"product_tag-separatori-za-prste","10":"desktop-align-left","11":"tablet-align-left","12":"mobile-align-left","13":"ast-product-gallery-layout-horizontal-slider","14":"ast-product-tabs-layout-horizontal","16":"first","17":"instock","18":"taxable","19":"shipping-taxable","20":"purchasable","21":"product-type-simple"},"yoast_head":"<!-- This site is optimized with the Yoast SEO plugin v27.4 - https:\/\/yoast.com\/product\/yoast-seo-wordpress\/ -->\n<title>Separatori za prste za pedikuru 10 kom &#8902; Mea Via Beauty<\/title>\n<meta name=\"description\" content=\"Separatori za prste za pedikuru 10 kom &#8902; separatori za pedikuru &#8902; vrhunska kvaliteta &#8902; jednokratnii &#8902; higijenski &#8902; pakiranje 2 komada\" \/>\n<meta name=\"robots\" content=\"index, follow, max-snippet:-1, max-image-preview:large, max-video-preview:-1\" \/>\n<link rel=\"canonical\" href=\"https:\/\/www.meavia-mh.hr\/sl\/product\/separatori-za-prste-za-pedikuru-10-kom\/\" \/>\n<meta property=\"og:locale\" content=\"sl_SI\" \/>\n<meta property=\"og:type\" content=\"article\" \/>\n<meta property=\"og:title\" content=\"Separatori za prste za pedikuru 10 kom &#8902; Mea Via Beauty\" \/>\n<meta property=\"og:description\" content=\"Separatori za prste za pedikuru 10 kom &#8902; separatori za pedikuru &#8902; vrhunska kvaliteta &#8902; jednokratnii &#8902; higijenski &#8902; pakiranje 2 komada\" \/>\n<meta property=\"og:url\" content=\"https:\/\/www.meavia-mh.hr\/sl\/product\/separatori-za-prste-za-pedikuru-10-kom\/\" \/>\n<meta property=\"og:site_name\" content=\"Mea Via Beauty\" \/>\n<meta property=\"article:publisher\" content=\"https:\/\/www.facebook.com\/MeaViaNailsWorld\" \/>\n<meta property=\"article:modified_time\" content=\"2026-01-29T21:46:28+00:00\" \/>\n<meta property=\"og:image\" content=\"https:\/\/www.meavia-mh.hr\/wp-content\/uploads\/2025\/05\/Separatori-za-prste-za-pedikuru-10-kom-1.jpg\" \/>\n\t<meta property=\"og:image:width\" content=\"1346\" \/>\n\t<meta property=\"og:image:height\" content=\"1346\" \/>\n\t<meta property=\"og:image:type\" content=\"image\/jpeg\" \/>\n<meta name=\"twitter:card\" content=\"summary_large_image\" \/>\n<meta name=\"twitter:label1\" content=\"Est. reading time\" \/>\n\t<meta name=\"twitter:data1\" content=\"1 minuta\" \/>\n<script type=\"application\/ld+json\" class=\"yoast-schema-graph\">{\"@context\":\"https:\\\/\\\/schema.org\",\"@graph\":[{\"@type\":\"WebPage\",\"@id\":\"https:\\\/\\\/www.meavia-mh.hr\\\/product\\\/separatori-za-prste-za-pedikuru-10-kom\\\/\",\"url\":\"https:\\\/\\\/www.meavia-mh.hr\\\/product\\\/separatori-za-prste-za-pedikuru-10-kom\\\/\",\"name\":\"Separatori za prste za pedikuru 10 kom &#8902; Mea Via Beauty\",\"isPartOf\":{\"@id\":\"https:\\\/\\\/meavia-mh.hr\\\/sl\\\/#website\"},\"primaryImageOfPage\":{\"@id\":\"https:\\\/\\\/www.meavia-mh.hr\\\/product\\\/separatori-za-prste-za-pedikuru-10-kom\\\/#primaryimage\"},\"image\":{\"@id\":\"https:\\\/\\\/www.meavia-mh.hr\\\/product\\\/separatori-za-prste-za-pedikuru-10-kom\\\/#primaryimage\"},\"thumbnailUrl\":\"https:\\\/\\\/www.meavia-mh.hr\\\/wp-content\\\/uploads\\\/2025\\\/05\\\/Separatori-za-prste-za-pedikuru-10-kom-1.jpg\",\"datePublished\":\"2025-05-01T21:10:46+00:00\",\"dateModified\":\"2026-01-29T21:46:28+00:00\",\"description\":\"Separatori za prste za pedikuru 10 kom &#8902; separatori za pedikuru &#8902; vrhunska kvaliteta &#8902; jednokratnii &#8902; higijenski &#8902; pakiranje 2 komada\",\"breadcrumb\":{\"@id\":\"https:\\\/\\\/www.meavia-mh.hr\\\/product\\\/separatori-za-prste-za-pedikuru-10-kom\\\/#breadcrumb\"},\"inLanguage\":\"sl-SI\",\"potentialAction\":[{\"@type\":\"ReadAction\",\"target\":[\"https:\\\/\\\/www.meavia-mh.hr\\\/product\\\/separatori-za-prste-za-pedikuru-10-kom\\\/\"]}]},{\"@type\":\"ImageObject\",\"inLanguage\":\"sl-SI\",\"@id\":\"https:\\\/\\\/www.meavia-mh.hr\\\/product\\\/separatori-za-prste-za-pedikuru-10-kom\\\/#primaryimage\",\"url\":\"https:\\\/\\\/www.meavia-mh.hr\\\/wp-content\\\/uploads\\\/2025\\\/05\\\/Separatori-za-prste-za-pedikuru-10-kom-1.jpg\",\"contentUrl\":\"https:\\\/\\\/www.meavia-mh.hr\\\/wp-content\\\/uploads\\\/2025\\\/05\\\/Separatori-za-prste-za-pedikuru-10-kom-1.jpg\",\"width\":1346,\"height\":1346,\"caption\":\"Separatori za prste za pedikuru 10 kom\"},{\"@type\":\"BreadcrumbList\",\"@id\":\"https:\\\/\\\/www.meavia-mh.hr\\\/product\\\/separatori-za-prste-za-pedikuru-10-kom\\\/#breadcrumb\",\"itemListElement\":[{\"@type\":\"ListItem\",\"position\":1,\"name\":\"Po\u010detna stranica\",\"item\":\"https:\\\/\\\/www.meavia-mh.hr\\\/\"},{\"@type\":\"ListItem\",\"position\":2,\"name\":\"Trgovina\",\"item\":\"https:\\\/\\\/meavia-mh.hr\\\/sl\\\/store\\\/\"},{\"@type\":\"ListItem\",\"position\":3,\"name\":\"Separatori za prste za pedikuru 10 kom\"}]},{\"@type\":\"WebSite\",\"@id\":\"https:\\\/\\\/meavia-mh.hr\\\/sl\\\/#website\",\"url\":\"https:\\\/\\\/meavia-mh.hr\\\/sl\\\/\",\"name\":\"Mea Via Beauty\",\"description\":\"Only The Best For Your Beauty\",\"publisher\":{\"@id\":\"https:\\\/\\\/meavia-mh.hr\\\/sl\\\/#organization\"},\"alternateName\":\"Mea Via Nails\",\"potentialAction\":[{\"@type\":\"SearchAction\",\"target\":{\"@type\":\"EntryPoint\",\"urlTemplate\":\"https:\\\/\\\/meavia-mh.hr\\\/sl\\\/?s={search_term_string}\"},\"query-input\":{\"@type\":\"PropertyValueSpecification\",\"valueRequired\":true,\"valueName\":\"search_term_string\"}}],\"inLanguage\":\"sl-SI\"},{\"@type\":\"Organization\",\"@id\":\"https:\\\/\\\/meavia-mh.hr\\\/sl\\\/#organization\",\"name\":\"Mea Via Nails World\",\"alternateName\":\"Mea Via\",\"url\":\"https:\\\/\\\/meavia-mh.hr\\\/sl\\\/\",\"logo\":{\"@type\":\"ImageObject\",\"inLanguage\":\"sl-SI\",\"@id\":\"https:\\\/\\\/meavia-mh.hr\\\/sl\\\/#\\\/schema\\\/logo\\\/image\\\/\",\"url\":\"https:\\\/\\\/www.meavia-mh.hr\\\/wp-content\\\/uploads\\\/2020\\\/12\\\/Mea-Via.png\",\"contentUrl\":\"https:\\\/\\\/www.meavia-mh.hr\\\/wp-content\\\/uploads\\\/2020\\\/12\\\/Mea-Via.png\",\"width\":1181,\"height\":393,\"caption\":\"Mea Via Nails World\"},\"image\":{\"@id\":\"https:\\\/\\\/meavia-mh.hr\\\/sl\\\/#\\\/schema\\\/logo\\\/image\\\/\"},\"sameAs\":[\"https:\\\/\\\/www.facebook.com\\\/MeaViaNailsWorld\",\"https:\\\/\\\/www.instagram.com\\\/mea_via_nails_world\\\/\",\"https:\\\/\\\/www.youtube.com\\\/channel\\\/UCECk0hpRWP6TN-EfA4ER96g\\\/featured\"]}]}<\/script>\n<!-- \/ Yoast SEO plugin. -->","yoast_head_json":{"title":"Lo\u010dilniki za prste na nogah za pedikuro 10 kosov \u22c6 Mea Via Beauty","description":"Lo\u010dilniki za prste na nogah za pedikuro 10 kosov \u22c6 lo\u010dilniki za pedikuro \u22c6 vrhunska kakovost \u22c6 za enkratno uporabo \u22c6 higienski \u22c6 pakiranje 2 kosov","robots":{"index":"index","follow":"follow","max-snippet":"max-snippet:-1","max-image-preview":"max-image-preview:large","max-video-preview":"max-video-preview:-1"},"canonical":"https:\/\/www.meavia-mh.hr\/sl\/product\/separatori-za-prste-za-pedikuru-10-kom\/","og_locale":"sl_SI","og_type":"article","og_title":"Separatori za prste za pedikuru 10 kom &#8902; Mea Via Beauty","og_description":"Separatori za prste za pedikuru 10 kom &#8902; separatori za pedikuru &#8902; vrhunska kvaliteta &#8902; jednokratnii &#8902; higijenski &#8902; pakiranje 2 komada","og_url":"https:\/\/www.meavia-mh.hr\/sl\/product\/separatori-za-prste-za-pedikuru-10-kom\/","og_site_name":"Mea Via Beauty","article_publisher":"https:\/\/www.facebook.com\/MeaViaNailsWorld","article_modified_time":"2026-01-29T21:46:28+00:00","og_image":[{"width":1346,"height":1346,"url":"https:\/\/www.meavia-mh.hr\/wp-content\/uploads\/2025\/05\/Separatori-za-prste-za-pedikuru-10-kom-1.jpg","type":"image\/jpeg"}],"twitter_card":"summary_large_image","twitter_misc":{"Est. reading time":"1 minuta"},"schema":{"@context":"https:\/\/schema.org","@graph":[{"@type":"WebPage","@id":"https:\/\/www.meavia-mh.hr\/product\/separatori-za-prste-za-pedikuru-10-kom\/","url":"https:\/\/www.meavia-mh.hr\/product\/separatori-za-prste-za-pedikuru-10-kom\/","name":"Lo\u010dilniki za prste na nogah za pedikuro 10 kosov \u22c6 Mea Via Beauty","isPartOf":{"@id":"https:\/\/meavia-mh.hr\/sl\/#website"},"primaryImageOfPage":{"@id":"https:\/\/www.meavia-mh.hr\/product\/separatori-za-prste-za-pedikuru-10-kom\/#primaryimage"},"image":{"@id":"https:\/\/www.meavia-mh.hr\/product\/separatori-za-prste-za-pedikuru-10-kom\/#primaryimage"},"thumbnailUrl":"https:\/\/www.meavia-mh.hr\/wp-content\/uploads\/2025\/05\/Separatori-za-prste-za-pedikuru-10-kom-1.jpg","datePublished":"2025-05-01T21:10:46+00:00","dateModified":"2026-01-29T21:46:28+00:00","description":"Lo\u010dilniki za prste na nogah za pedikuro 10 kosov \u22c6 lo\u010dilniki za pedikuro \u22c6 vrhunska kakovost \u22c6 za enkratno uporabo \u22c6 higienski \u22c6 pakiranje 2 kosov","breadcrumb":{"@id":"https:\/\/www.meavia-mh.hr\/product\/separatori-za-prste-za-pedikuru-10-kom\/#breadcrumb"},"inLanguage":"sl-SI","potentialAction":[{"@type":"ReadAction","target":["https:\/\/www.meavia-mh.hr\/product\/separatori-za-prste-za-pedikuru-10-kom\/"]}]},{"@type":"ImageObject","inLanguage":"sl-SI","@id":"https:\/\/www.meavia-mh.hr\/product\/separatori-za-prste-za-pedikuru-10-kom\/#primaryimage","url":"https:\/\/www.meavia-mh.hr\/wp-content\/uploads\/2025\/05\/Separatori-za-prste-za-pedikuru-10-kom-1.jpg","contentUrl":"https:\/\/www.meavia-mh.hr\/wp-content\/uploads\/2025\/05\/Separatori-za-prste-za-pedikuru-10-kom-1.jpg","width":1346,"height":1346,"caption":"Separatori za prste za pedikuru 10 kom"},{"@type":"BreadcrumbList","@id":"https:\/\/www.meavia-mh.hr\/product\/separatori-za-prste-za-pedikuru-10-kom\/#breadcrumb","itemListElement":[{"@type":"ListItem","position":1,"name":"Po\u010detna stranica","item":"https:\/\/www.meavia-mh.hr\/"},{"@type":"ListItem","position":2,"name":"Trgovina","item":"https:\/\/meavia-mh.hr\/sl\/store\/"},{"@type":"ListItem","position":3,"name":"Separatori za prste za pedikuru 10 kom"}]},{"@type":"WebSite","@id":"https:\/\/meavia-mh.hr\/sl\/#website","url":"https:\/\/meavia-mh.hr\/sl\/","name":"MEA VIA BEAUTY","description":"Only The Best For Your Beauty","publisher":{"@id":"https:\/\/meavia-mh.hr\/sl\/#organization"},"alternateName":"Mea Via Nails","potentialAction":[{"@type":"SearchAction","target":{"@type":"EntryPoint","urlTemplate":"https:\/\/meavia-mh.hr\/sl\/?s={search_term_string}"},"query-input":{"@type":"PropertyValueSpecification","valueRequired":true,"valueName":"search_term_string"}}],"inLanguage":"sl-SI"},{"@type":"Organization","@id":"https:\/\/meavia-mh.hr\/sl\/#organization","name":"Mea Via Nails World","alternateName":"Mea Via","url":"https:\/\/meavia-mh.hr\/sl\/","logo":{"@type":"ImageObject","inLanguage":"sl-SI","@id":"https:\/\/meavia-mh.hr\/sl\/#\/schema\/logo\/image\/","url":"https:\/\/www.meavia-mh.hr\/wp-content\/uploads\/2020\/12\/Mea-Via.png","contentUrl":"https:\/\/www.meavia-mh.hr\/wp-content\/uploads\/2020\/12\/Mea-Via.png","width":1181,"height":393,"caption":"Mea Via Nails World"},"image":{"@id":"https:\/\/meavia-mh.hr\/sl\/#\/schema\/logo\/image\/"},"sameAs":["https:\/\/www.facebook.com\/MeaViaNailsWorld","https:\/\/www.instagram.com\/mea_via_nails_world\/","https:\/\/www.youtube.com\/channel\/UCECk0hpRWP6TN-EfA4ER96g\/featured"]}]}},"spectra_custom_meta":{"_sku":["142920"],"_regular_price":["2.99"],"total_sales":["10"],"_tax_status":["taxable"],"_tax_class":[""],"_manage_stock":["yes"],"_backorders":["no"],"_sold_individually":["no"],"_virtual":["no"],"_downloadable":["no"],"_product_image_gallery":["37820"],"_download_limit":["-1"],"_download_expiry":["-1"],"_thumbnail_id":["37821"],"_stock":["10"],"_stock_status":["instock"],"_wc_average_rating":["0"],"_wc_review_count":["0"],"_product_version":["10.4.3"],"_price":["2.99"],"_wp_page_template":["default"],"_yoast_wpseo_focuskw":["separatori za prste"],"_yoast_wpseo_metadesc":["%%title%% %%sep%% separatori za pedikuru %%sep%% vrhunska kvaliteta %%sep%% jednokratnii %%sep%% higijenski %%sep%% pakiranje 2 komada"],"_yoast_wpseo_linkdex":["50"],"_yoast_wpseo_content_score":["90"],"_yoast_wpseo_estimated-reading-time-minutes":["1"],"_yoast_wpseo_wordproof_timestamp":[""],"cartflows_redirect_flow_id":[""],"cartflows_add_to_cart_text":[""],"_woocs_price_geo_countries":[""],"_woocs_regular_price_geo":[""],"_woocs_sale_price_geo":[""],"site-sidebar-layout":["default"],"site-content-layout":["default"],"theme-transparent-header-meta":["default"],"stick-header-meta":["default"],"_yoast_wpseo_primary_product_cat":["24"],"_woocs_regular_price_EUR":["0.66"],"_woocs_sale_price_EUR":["-1"],"_lowest_price_30_days":["0.66"],"uag_migration_processed":["1"],"_edit_lock":["1746134825:1239"],"_edit_last":["1239"],"_wc_facebook_sync_enabled":["yes"],"fb_visibility":["yes"],"fb_product_description":[""],"fb_rich_text_description":[""],"_wc_facebook_product_image_source":["product"],"fb_product_video":["a:0:{}"],"fb_brand":[""],"fb_mpn":[""],"fb_size":[""],"fb_color":[""],"fb_material":[""],"fb_pattern":[""],"fb_age_group":[""],"fb_gender":[""],"fb_product_condition":[""],"fb_product_group_id":["9719445488174062"],"ast-site-content-layout":["default"],"site-content-style":["default"],"site-sidebar-style":["default"],"astra-migrate-meta-layouts":["set"],"_yoast_wpseo_primary_product_brand":[""],"_yoast_wpseo_primary_fb_product_set":[""],"_last_change_time":["1760550500"],"_elementor_page_assets":["a:0:{}"],"_uag_page_assets":["a:9:{s:3:\"css\";s:0:\"\";s:2:\"js\";s:0:\"\";s:18:\"current_block_list\";a:3:{i:0;s:11:\"core\/search\";i:1;s:18:\"core\/legacy-widget\";i:2;s:27:\"woocommerce\/product-filters\";}s:8:\"uag_flag\";b:0;s:11:\"uag_version\";s:10:\"1776760064\";s:6:\"gfonts\";a:0:{}s:10:\"gfonts_url\";s:0:\"\";s:12:\"gfonts_files\";a:0:{}s:14:\"uag_faq_layout\";b:0;}"]},"uagb_featured_image_src":{"full":["https:\/\/www.meavia-mh.hr\/wp-content\/uploads\/2025\/05\/Separatori-za-prste-za-pedikuru-10-kom-1.jpg",1346,1346,false],"thumbnail":["https:\/\/www.meavia-mh.hr\/wp-content\/uploads\/2025\/05\/Separatori-za-prste-za-pedikuru-10-kom-1-150x150.jpg",150,150,true],"medium":["https:\/\/www.meavia-mh.hr\/wp-content\/uploads\/2025\/05\/Separatori-za-prste-za-pedikuru-10-kom-1-300x300.jpg",300,300,true],"medium_large":["https:\/\/www.meavia-mh.hr\/wp-content\/uploads\/2025\/05\/Separatori-za-prste-za-pedikuru-10-kom-1-768x768.jpg",768,768,true],"large":["https:\/\/www.meavia-mh.hr\/wp-content\/uploads\/2025\/05\/Separatori-za-prste-za-pedikuru-10-kom-1-1024x1024.jpg",1024,1024,true],"1536x1536":["https:\/\/www.meavia-mh.hr\/wp-content\/uploads\/2025\/05\/Separatori-za-prste-za-pedikuru-10-kom-1.jpg",1346,1346,false],"2048x2048":["https:\/\/www.meavia-mh.hr\/wp-content\/uploads\/2025\/05\/Separatori-za-prste-za-pedikuru-10-kom-1.jpg",1346,1346,false],"trp-custom-language-flag":["https:\/\/www.meavia-mh.hr\/wp-content\/uploads\/2025\/05\/Separatori-za-prste-za-pedikuru-10-kom-1-12x12.jpg",12,12,true],"woocommerce_thumbnail":["https:\/\/www.meavia-mh.hr\/wp-content\/uploads\/2025\/05\/Separatori-za-prste-za-pedikuru-10-kom-1-300x300.jpg",300,300,true],"woocommerce_single":["https:\/\/www.meavia-mh.hr\/wp-content\/uploads\/2025\/05\/Separatori-za-prste-za-pedikuru-10-kom-1-600x600.jpg",600,600,true],"woocommerce_gallery_thumbnail":["https:\/\/www.meavia-mh.hr\/wp-content\/uploads\/2025\/05\/Separatori-za-prste-za-pedikuru-10-kom-1-100x100.jpg",100,100,true]},"uagb_author_info":{"display_name":"Zla Gol","author_link":"https:\/\/www.meavia-mh.hr\/sl\/author\/"},"uagb_comment_info":0,"uagb_excerpt":"Jednokratni Separatori za prste za pedikuru izra\u0111eni su od izdr\u017eljive pjene, mekane i elasti\u010dne. Korisne tijekom tretmana pedikure. \u00a0Nezaobilazan dodatak u renomiranim SPA ordinacijama i salonima koji nude tretmane tijela ili pedikuru. Zna\u010dajke: Sanitarni, ekolo\u0161ki prihvatljivi i ugodni za no\u0161enje Sigurni za ljudsku ko\u017eu Lagani i jednostavne za no\u0161enje Za jednokratnu upotrebu Boja: \u017euta \u0160irina:&hellip;","_links":{"self":[{"href":"https:\/\/www.meavia-mh.hr\/sl\/wp-json\/wp\/v2\/product\/37819","targetHints":{"allow":["GET"]}}],"collection":[{"href":"https:\/\/www.meavia-mh.hr\/sl\/wp-json\/wp\/v2\/product"}],"about":[{"href":"https:\/\/www.meavia-mh.hr\/sl\/wp-json\/wp\/v2\/types\/product"}],"replies":[{"embeddable":true,"href":"https:\/\/www.meavia-mh.hr\/sl\/wp-json\/wp\/v2\/comments?post=37819"}],"version-history":[{"count":1,"href":"https:\/\/www.meavia-mh.hr\/sl\/wp-json\/wp\/v2\/product\/37819\/revisions"}],"predecessor-version":[{"id":37822,"href":"https:\/\/www.meavia-mh.hr\/sl\/wp-json\/wp\/v2\/product\/37819\/revisions\/37822"}],"wp:featuredmedia":[{"embeddable":true,"href":"https:\/\/www.meavia-mh.hr\/sl\/wp-json\/wp\/v2\/media\/37821"}],"wp:attachment":[{"href":"https:\/\/www.meavia-mh.hr\/sl\/wp-json\/wp\/v2\/media?parent=37819"}],"wp:term":[{"taxonomy":"product_brand","embeddable":true,"href":"https:\/\/www.meavia-mh.hr\/sl\/wp-json\/wp\/v2\/product_brand?post=37819"},{"taxonomy":"product_cat","embeddable":true,"href":"https:\/\/www.meavia-mh.hr\/sl\/wp-json\/wp\/v2\/product_cat?post=37819"},{"taxonomy":"product_tag","embeddable":true,"href":"https:\/\/www.meavia-mh.hr\/sl\/wp-json\/wp\/v2\/product_tag?post=37819"}],"curies":[{"name":"delovni list","href":"https:\/\/api.w.org\/{rel}","templated":true}]}}