{"id":37039,"date":"2025-03-06T09:24:41","date_gmt":"2025-03-06T09:24:41","guid":{"rendered":"https:\/\/www.meavia-mh.hr\/?post_type=product&#038;p=37039"},"modified":"2026-05-08T08:30:42","modified_gmt":"2026-05-08T07:30:42","slug":"blazinice-za-nokte-claresa-500-kom","status":"publish","type":"product","link":"https:\/\/www.meavia-mh.hr\/sl\/product\/blazinice-za-nokte-claresa-500-kom\/","title":{"rendered":"Clares blazinice za nohte \u2013 500 kosov"},"content":{"rendered":"<p>Blazinice za nohte so nepogre\u0161ljiv pomo\u017eni material za \u010di\u0161\u010denje naravnih in geliranih nohtov pred, med in po njihovi ureditvi. Kakovostne blazinice so izdelane iz celuloze in ne pu\u0161\u010dajo vlaken. Profesionalni 8-slojni tuferji brez prahu. Zaradi svoje kakovosti jih odlikuje visoka absorpcijska sposobnost. Velikost blazinice: 4 x 5 cm<\/p>\n<ul>\n<li>Blazinice so narejene iz celulozne vate.<\/li>\n<li>Profesionalni 8-slojni tuferji brez prahu.<\/li>\n<li>Vrhunske ve\u010dplastne bomba\u017ene blazinice za umivanje nohtne plo\u0161\u010de po postopku.<\/li>\n<li><span lang=\"de\" xml:lang=\"de\">Na nohtni plo\u0161\u010di ne pu\u0161\u010dajo nepotrebnih sledi.<\/span><\/li>\n<li>En zvitek vsebuje 500 kosov bomba\u017enih blazinic (blazinic).<\/li>\n<\/ul>\n<h6><span style=\"font-size: 17.600000381469727px; font-style: normal; font-weight: bold;\">Pakiranje po 500 kosov\u00a0<\/span><\/h6>\n<p><span style=\"color: #000000;\"><strong>Namen:<\/strong><\/span>\u00a0Potro\u0161ni material za enkratno uporabo za profesionalno manikuro in nadgradnjo nohtov.<\/p>","protected":false},"excerpt":{"rendered":"<p>Blazinice za nokte neobilazan su pomo\u0107ni materijal za \u010di\u0161\u0107enje prirodnih i geliranih noktiju prije, za vrijeme i nakon izrade. Kvalitetni jastu\u010di\u0107i blazinica izra\u0111eni su od celuloze i ne ostavljaju dla\u010dice. Profesionalni 8-slojni tuferi bez pra\u0161ine. Zahvaljuju\u0107i svojoj kvaliteti odlikuju se visokom apsorpcijskom sposobno\u0161\u0107u. Veli\u010dina blazinice: 4 x 5 cm Blazinice su izra\u0111ene od celulozne vate. [&hellip;]<\/p>\n","protected":false},"featured_media":5428,"comment_status":"closed","ping_status":"closed","template":"","meta":{"_uag_custom_page_level_css":"","site-sidebar-layout":"default","site-content-layout":null,"ast-site-content-layout":"default","site-content-style":"default","site-sidebar-style":"default","ast-global-header-display":"","ast-banner-title-visibility":"","ast-main-header-display":"","ast-hfb-above-header-display":"","ast-hfb-below-header-display":"","ast-hfb-mobile-header-display":"","site-post-title":"","ast-breadcrumbs-content":null,"ast-featured-img":"","footer-sml-layout":"","ast-disable-related-posts":"","theme-transparent-header-meta":"default","adv-header-id-meta":"","stick-header-meta":"default","header-above-stick-meta":"","header-main-stick-meta":"","header-below-stick-meta":"","astra-migrate-meta-layouts":"set","ast-page-background-enabled":"default","ast-page-background-meta":{"desktop":{"background-color":"var(--ast-global-color-4)","background-image":"","background-repeat":"repeat","background-position":"center center","background-size":"auto","background-attachment":"scroll","background-type":"","background-media":"","overlay-type":"","overlay-color":"","overlay-opacity":"","overlay-gradient":""},"tablet":{"background-color":"","background-image":"","background-repeat":"repeat","background-position":"center center","background-size":"auto","background-attachment":"scroll","background-type":"","background-media":"","overlay-type":"","overlay-color":"","overlay-opacity":"","overlay-gradient":""},"mobile":{"background-color":"","background-image":"","background-repeat":"repeat","background-position":"center center","background-size":"auto","background-attachment":"scroll","background-type":"","background-media":"","overlay-type":"","overlay-color":"","overlay-opacity":"","overlay-gradient":""}},"ast-content-background-meta":{"desktop":{"background-color":"var(--ast-global-color-5)","background-image":"","background-repeat":"repeat","background-position":"center center","background-size":"auto","background-attachment":"scroll","background-type":"","background-media":"","overlay-type":"","overlay-color":"","overlay-opacity":"","overlay-gradient":""},"tablet":{"background-color":"var(--ast-global-color-5)","background-image":"","background-repeat":"repeat","background-position":"center center","background-size":"auto","background-attachment":"scroll","background-type":"","background-media":"","overlay-type":"","overlay-color":"","overlay-opacity":"","overlay-gradient":""},"mobile":{"background-color":"var(--ast-global-color-5)","background-image":"","background-repeat":"repeat","background-position":"center center","background-size":"auto","background-attachment":"scroll","background-type":"","background-media":"","overlay-type":"","overlay-color":"","overlay-opacity":"","overlay-gradient":""}}},"product_brand":[],"product_cat":[24],"product_tag":[246,313,244,226],"class_list":{"0":"post-37039","1":"product","2":"type-product","3":"status-publish","4":"has-post-thumbnail","6":"product_cat-dodaci","7":"product_tag-accessorise","8":"product_tag-blazinice","9":"product_tag-manikura","10":"product_tag-pedikura","11":"desktop-align-left","12":"tablet-align-left","13":"mobile-align-left","14":"ast-product-gallery-layout-horizontal-slider","15":"ast-product-tabs-layout-horizontal","17":"first","18":"instock","19":"taxable","20":"shipping-taxable","21":"purchasable","22":"product-type-simple"},"yoast_head":"<!-- This site is optimized with the Yoast SEO plugin v27.5 - https:\/\/yoast.com\/product\/yoast-seo-wordpress\/ -->\n<title>Blazinice za nokte Claresa - 500 kom &#8902; 500 komada &#8902; Mea Via Beauty<\/title>\n<meta name=\"description\" content=\"Blazinice za nokte Claresa - 500 kom &#8902; veliko pakiranje od 500 komada &#8902; za manikuru i pedikuru &#8902; vi\u0161eslojni pamu\u010dni jastu\u010di\u0107i za pranje plo\u010de nokta\" \/>\n<meta name=\"robots\" content=\"index, follow, max-snippet:-1, max-image-preview:large, max-video-preview:-1\" \/>\n<link rel=\"canonical\" href=\"https:\/\/www.meavia-mh.hr\/sl\/product\/blazinice-za-nokte-claresa-500-kom\/\" \/>\n<meta property=\"og:locale\" content=\"sl_SI\" \/>\n<meta property=\"og:type\" content=\"article\" \/>\n<meta property=\"og:title\" content=\"Blazinice za nokte Claresa - 500 kom &#8902; 500 komada &#8902; Mea Via Beauty\" \/>\n<meta property=\"og:description\" content=\"Blazinice za nokte Claresa - 500 kom &#8902; veliko pakiranje od 500 komada &#8902; za manikuru i pedikuru &#8902; vi\u0161eslojni pamu\u010dni jastu\u010di\u0107i za pranje plo\u010de nokta\" \/>\n<meta property=\"og:url\" content=\"https:\/\/www.meavia-mh.hr\/sl\/product\/blazinice-za-nokte-claresa-500-kom\/\" \/>\n<meta property=\"og:site_name\" content=\"Mea Via Beauty\" \/>\n<meta property=\"article:publisher\" content=\"https:\/\/www.facebook.com\/MeaViaNailsWorld\" \/>\n<meta property=\"article:modified_time\" content=\"2026-05-08T07:30:42+00:00\" \/>\n<meta property=\"og:image\" content=\"https:\/\/www.meavia-mh.hr\/wp-content\/uploads\/2021\/01\/Blazinice-za-nokte-500-kom.jpg\" \/>\n\t<meta property=\"og:image:width\" content=\"1350\" \/>\n\t<meta property=\"og:image:height\" content=\"1352\" \/>\n\t<meta property=\"og:image:type\" content=\"image\/jpeg\" \/>\n<meta name=\"twitter:card\" content=\"summary_large_image\" \/>\n<meta name=\"twitter:label1\" content=\"Est. reading time\" \/>\n\t<meta name=\"twitter:data1\" content=\"1 minuta\" \/>\n<script type=\"application\/ld+json\" class=\"yoast-schema-graph\">{\"@context\":\"https:\\\/\\\/schema.org\",\"@graph\":[{\"@type\":\"WebPage\",\"@id\":\"https:\\\/\\\/www.meavia-mh.hr\\\/product\\\/blazinice-za-nokte-claresa-500-kom\\\/\",\"url\":\"https:\\\/\\\/www.meavia-mh.hr\\\/product\\\/blazinice-za-nokte-claresa-500-kom\\\/\",\"name\":\"Blazinice za nokte Claresa - 500 kom &#8902; 500 komada &#8902; Mea Via Beauty\",\"isPartOf\":{\"@id\":\"https:\\\/\\\/meavia-mh.hr\\\/sl\\\/#website\"},\"primaryImageOfPage\":{\"@id\":\"https:\\\/\\\/www.meavia-mh.hr\\\/product\\\/blazinice-za-nokte-claresa-500-kom\\\/#primaryimage\"},\"image\":{\"@id\":\"https:\\\/\\\/www.meavia-mh.hr\\\/product\\\/blazinice-za-nokte-claresa-500-kom\\\/#primaryimage\"},\"thumbnailUrl\":\"https:\\\/\\\/www.meavia-mh.hr\\\/wp-content\\\/uploads\\\/2021\\\/01\\\/Blazinice-za-nokte-500-kom.jpg\",\"datePublished\":\"2025-03-06T09:24:41+00:00\",\"dateModified\":\"2026-05-08T07:30:42+00:00\",\"description\":\"Blazinice za nokte Claresa - 500 kom &#8902; veliko pakiranje od 500 komada &#8902; za manikuru i pedikuru &#8902; vi\u0161eslojni pamu\u010dni jastu\u010di\u0107i za pranje plo\u010de nokta\",\"breadcrumb\":{\"@id\":\"https:\\\/\\\/www.meavia-mh.hr\\\/product\\\/blazinice-za-nokte-claresa-500-kom\\\/#breadcrumb\"},\"inLanguage\":\"sl-SI\",\"potentialAction\":[{\"@type\":\"ReadAction\",\"target\":[\"https:\\\/\\\/www.meavia-mh.hr\\\/product\\\/blazinice-za-nokte-claresa-500-kom\\\/\"]}]},{\"@type\":\"ImageObject\",\"inLanguage\":\"sl-SI\",\"@id\":\"https:\\\/\\\/www.meavia-mh.hr\\\/product\\\/blazinice-za-nokte-claresa-500-kom\\\/#primaryimage\",\"url\":\"https:\\\/\\\/www.meavia-mh.hr\\\/wp-content\\\/uploads\\\/2021\\\/01\\\/Blazinice-za-nokte-500-kom.jpg\",\"contentUrl\":\"https:\\\/\\\/www.meavia-mh.hr\\\/wp-content\\\/uploads\\\/2021\\\/01\\\/Blazinice-za-nokte-500-kom.jpg\",\"width\":1350,\"height\":1352,\"caption\":\"Blazinice za nokte - 500 kom\"},{\"@type\":\"BreadcrumbList\",\"@id\":\"https:\\\/\\\/www.meavia-mh.hr\\\/product\\\/blazinice-za-nokte-claresa-500-kom\\\/#breadcrumb\",\"itemListElement\":[{\"@type\":\"ListItem\",\"position\":1,\"name\":\"Po\u010detna stranica\",\"item\":\"https:\\\/\\\/www.meavia-mh.hr\\\/\"},{\"@type\":\"ListItem\",\"position\":2,\"name\":\"Trgovina\",\"item\":\"https:\\\/\\\/meavia-mh.hr\\\/sl\\\/store\\\/\"},{\"@type\":\"ListItem\",\"position\":3,\"name\":\"Blazinice za nokte Claresa &#8211; 500 kom\"}]},{\"@type\":\"WebSite\",\"@id\":\"https:\\\/\\\/meavia-mh.hr\\\/sl\\\/#website\",\"url\":\"https:\\\/\\\/meavia-mh.hr\\\/sl\\\/\",\"name\":\"Mea Via Beauty\",\"description\":\"Only The Best For Your Beauty\",\"publisher\":{\"@id\":\"https:\\\/\\\/meavia-mh.hr\\\/sl\\\/#organization\"},\"alternateName\":\"Mea Via Nails\",\"potentialAction\":[{\"@type\":\"SearchAction\",\"target\":{\"@type\":\"EntryPoint\",\"urlTemplate\":\"https:\\\/\\\/meavia-mh.hr\\\/sl\\\/?s={search_term_string}\"},\"query-input\":{\"@type\":\"PropertyValueSpecification\",\"valueRequired\":true,\"valueName\":\"search_term_string\"}}],\"inLanguage\":\"sl-SI\"},{\"@type\":\"Organization\",\"@id\":\"https:\\\/\\\/meavia-mh.hr\\\/sl\\\/#organization\",\"name\":\"Mea Via Nails World\",\"alternateName\":\"Mea Via\",\"url\":\"https:\\\/\\\/meavia-mh.hr\\\/sl\\\/\",\"logo\":{\"@type\":\"ImageObject\",\"inLanguage\":\"sl-SI\",\"@id\":\"https:\\\/\\\/meavia-mh.hr\\\/sl\\\/#\\\/schema\\\/logo\\\/image\\\/\",\"url\":\"https:\\\/\\\/www.meavia-mh.hr\\\/wp-content\\\/uploads\\\/2020\\\/12\\\/Mea-Via.png\",\"contentUrl\":\"https:\\\/\\\/www.meavia-mh.hr\\\/wp-content\\\/uploads\\\/2020\\\/12\\\/Mea-Via.png\",\"width\":1181,\"height\":393,\"caption\":\"Mea Via Nails World\"},\"image\":{\"@id\":\"https:\\\/\\\/meavia-mh.hr\\\/sl\\\/#\\\/schema\\\/logo\\\/image\\\/\"},\"sameAs\":[\"https:\\\/\\\/www.facebook.com\\\/MeaViaNailsWorld\",\"https:\\\/\\\/www.instagram.com\\\/mea_via_nails_world\\\/\",\"https:\\\/\\\/www.youtube.com\\\/channel\\\/UCECk0hpRWP6TN-EfA4ER96g\\\/featured\"]}]}<\/script>\n<!-- \/ Yoast SEO plugin. -->","yoast_head_json":{"title":"Clares blazinice za nohte - 500 kosov \u22c6 500 kosov \u22c6 Mea Via Beauty","description":"Claresa blazinice za nohte - 500 kosov \u22c6 veliko pakiranje 500 kosov \u22c6 za manikuro in pedikuro \u22c6 ve\u010dplastne bomba\u017ene blazinice za umivanje nohtne plo\u0161\u010de","robots":{"index":"index","follow":"follow","max-snippet":"max-snippet:-1","max-image-preview":"max-image-preview:large","max-video-preview":"max-video-preview:-1"},"canonical":"https:\/\/www.meavia-mh.hr\/sl\/product\/blazinice-za-nokte-claresa-500-kom\/","og_locale":"sl_SI","og_type":"article","og_title":"Blazinice za nokte Claresa - 500 kom &#8902; 500 komada &#8902; Mea Via Beauty","og_description":"Blazinice za nokte Claresa - 500 kom &#8902; veliko pakiranje od 500 komada &#8902; za manikuru i pedikuru &#8902; vi\u0161eslojni pamu\u010dni jastu\u010di\u0107i za pranje plo\u010de nokta","og_url":"https:\/\/www.meavia-mh.hr\/sl\/product\/blazinice-za-nokte-claresa-500-kom\/","og_site_name":"Mea Via Beauty","article_publisher":"https:\/\/www.facebook.com\/MeaViaNailsWorld","article_modified_time":"2026-05-08T07:30:42+00:00","og_image":[{"width":1350,"height":1352,"url":"https:\/\/www.meavia-mh.hr\/wp-content\/uploads\/2021\/01\/Blazinice-za-nokte-500-kom.jpg","type":"image\/jpeg"}],"twitter_card":"summary_large_image","twitter_misc":{"Est. reading time":"1 minuta"},"schema":{"@context":"https:\/\/schema.org","@graph":[{"@type":"WebPage","@id":"https:\/\/www.meavia-mh.hr\/product\/blazinice-za-nokte-claresa-500-kom\/","url":"https:\/\/www.meavia-mh.hr\/product\/blazinice-za-nokte-claresa-500-kom\/","name":"Clares blazinice za nohte - 500 kosov \u22c6 500 kosov \u22c6 Mea Via Beauty","isPartOf":{"@id":"https:\/\/meavia-mh.hr\/sl\/#website"},"primaryImageOfPage":{"@id":"https:\/\/www.meavia-mh.hr\/product\/blazinice-za-nokte-claresa-500-kom\/#primaryimage"},"image":{"@id":"https:\/\/www.meavia-mh.hr\/product\/blazinice-za-nokte-claresa-500-kom\/#primaryimage"},"thumbnailUrl":"https:\/\/www.meavia-mh.hr\/wp-content\/uploads\/2021\/01\/Blazinice-za-nokte-500-kom.jpg","datePublished":"2025-03-06T09:24:41+00:00","dateModified":"2026-05-08T07:30:42+00:00","description":"Claresa blazinice za nohte - 500 kosov \u22c6 veliko pakiranje 500 kosov \u22c6 za manikuro in pedikuro \u22c6 ve\u010dplastne bomba\u017ene blazinice za umivanje nohtne plo\u0161\u010de","breadcrumb":{"@id":"https:\/\/www.meavia-mh.hr\/product\/blazinice-za-nokte-claresa-500-kom\/#breadcrumb"},"inLanguage":"sl-SI","potentialAction":[{"@type":"ReadAction","target":["https:\/\/www.meavia-mh.hr\/product\/blazinice-za-nokte-claresa-500-kom\/"]}]},{"@type":"ImageObject","inLanguage":"sl-SI","@id":"https:\/\/www.meavia-mh.hr\/product\/blazinice-za-nokte-claresa-500-kom\/#primaryimage","url":"https:\/\/www.meavia-mh.hr\/wp-content\/uploads\/2021\/01\/Blazinice-za-nokte-500-kom.jpg","contentUrl":"https:\/\/www.meavia-mh.hr\/wp-content\/uploads\/2021\/01\/Blazinice-za-nokte-500-kom.jpg","width":1350,"height":1352,"caption":"Blazinice za nokte - 500 kom"},{"@type":"BreadcrumbList","@id":"https:\/\/www.meavia-mh.hr\/product\/blazinice-za-nokte-claresa-500-kom\/#breadcrumb","itemListElement":[{"@type":"ListItem","position":1,"name":"Po\u010detna stranica","item":"https:\/\/www.meavia-mh.hr\/"},{"@type":"ListItem","position":2,"name":"Trgovina","item":"https:\/\/meavia-mh.hr\/sl\/store\/"},{"@type":"ListItem","position":3,"name":"Blazinice za nokte Claresa &#8211; 500 kom"}]},{"@type":"WebSite","@id":"https:\/\/meavia-mh.hr\/sl\/#website","url":"https:\/\/meavia-mh.hr\/sl\/","name":"MEA VIA BEAUTY","description":"Only The Best For Your Beauty","publisher":{"@id":"https:\/\/meavia-mh.hr\/sl\/#organization"},"alternateName":"Mea Via Nails","potentialAction":[{"@type":"SearchAction","target":{"@type":"EntryPoint","urlTemplate":"https:\/\/meavia-mh.hr\/sl\/?s={search_term_string}"},"query-input":{"@type":"PropertyValueSpecification","valueRequired":true,"valueName":"search_term_string"}}],"inLanguage":"sl-SI"},{"@type":"Organization","@id":"https:\/\/meavia-mh.hr\/sl\/#organization","name":"Mea Via Nails World","alternateName":"Mea Via","url":"https:\/\/meavia-mh.hr\/sl\/","logo":{"@type":"ImageObject","inLanguage":"sl-SI","@id":"https:\/\/meavia-mh.hr\/sl\/#\/schema\/logo\/image\/","url":"https:\/\/www.meavia-mh.hr\/wp-content\/uploads\/2020\/12\/Mea-Via.png","contentUrl":"https:\/\/www.meavia-mh.hr\/wp-content\/uploads\/2020\/12\/Mea-Via.png","width":1181,"height":393,"caption":"Mea Via Nails World"},"image":{"@id":"https:\/\/meavia-mh.hr\/sl\/#\/schema\/logo\/image\/"},"sameAs":["https:\/\/www.facebook.com\/MeaViaNailsWorld","https:\/\/www.instagram.com\/mea_via_nails_world\/","https:\/\/www.youtube.com\/channel\/UCECk0hpRWP6TN-EfA4ER96g\/featured"]}]}},"spectra_custom_meta":{"_sku":["PL-WAC-BEZ-0500-001"],"_regular_price":["3.9"],"total_sales":["48"],"_tax_status":["taxable"],"_tax_class":[""],"_manage_stock":["yes"],"_backorders":["no"],"_sold_individually":["no"],"_virtual":["no"],"_downloadable":["no"],"_product_image_gallery":["5429"],"_download_limit":["-1"],"_download_expiry":["-1"],"_thumbnail_id":["5428"],"_stock":["3"],"_stock_status":["instock"],"_wc_average_rating":["0"],"_wc_review_count":["0"],"_product_version":["10.7.0"],"_price":["3.9"],"_wp_page_template":["default"],"_yoast_wpseo_focuskw":["blazinice za nokte"],"_yoast_wpseo_metadesc":["%%title%% %%sep%% veliko pakiranje od 500 komada %%sep%% za manikuru i pedikuru %%sep%% vi\u0161eslojni pamu\u010dni jastu\u010di\u0107i za pranje plo\u010de nokta"],"_yoast_wpseo_linkdex":["50"],"_yoast_wpseo_content_score":["90"],"_yoast_wpseo_primary_product_cat":["24"],"site-sidebar-layout":["default"],"site-content-layout":[null],"theme-transparent-header-meta":["default"],"stick-header-meta":["default"],"_yoast_wpseo_estimated-reading-time-minutes":["1"],"_yoast_wpseo_title":["%%title%% %%page%% %%sep%% 500 komada %%sep%% %%sitename%%"],"_woocs_price_geo_countries":[""],"_woocs_regular_price_geo":[""],"_woocs_sale_price_geo":[""],"cartflows_redirect_flow_id":[""],"cartflows_add_to_cart_text":[""],"_woocs_regular_price_EUR":["3.7"],"_woocs_sale_price_EUR":["-1"],"_lowest_price_30_days":["3.9"],"_yoast_wpseo_wordproof_timestamp":[""],"_yoast_wpseo_primary_fb_product_set":[""],"uag_migration_processed":["1"],"_edit_lock":["1755439268:1239"],"_edit_last":["1239"],"_wc_facebook_sync_enabled":["yes"],"fb_visibility":["yes"],"fb_product_description":[""],"fb_rich_text_description":[""],"_wc_facebook_product_image_source":["product"],"fb_product_video":["a:0:{}"],"fb_brand":[""],"fb_mpn":[""],"fb_product_group_id":["9297336633719574"],"ast-site-content-layout":["default"],"site-content-style":["default"],"site-sidebar-style":["default"],"_yoast_wpseo_primary_product_brand":[""],"fb_product_item_id":["9297337050386199"],"astra-migrate-meta-layouts":["set"],"ast-above-header-display":[null],"ast-below-header-display":[null],"footer-adv-display":[null],"adv-header-id-meta":[""],"ast-breadcrumbs-content":[null],"_last_change_time":["1777316295"],"_elementor_page_assets":["a:0:{}"],"_uag_page_assets":["a:9:{s:3:\"css\";s:0:\"\";s:2:\"js\";s:0:\"\";s:18:\"current_block_list\";a:3:{i:0;s:11:\"core\/search\";i:1;s:18:\"core\/legacy-widget\";i:2;s:27:\"woocommerce\/product-filters\";}s:8:\"uag_flag\";b:0;s:11:\"uag_version\";s:10:\"1778404377\";s:6:\"gfonts\";a:0:{}s:10:\"gfonts_url\";s:0:\"\";s:12:\"gfonts_files\";a:0:{}s:14:\"uag_faq_layout\";b:0;}"]},"uagb_featured_image_src":{"full":["https:\/\/www.meavia-mh.hr\/wp-content\/uploads\/2021\/01\/Blazinice-za-nokte-500-kom.jpg",1350,1352,false],"thumbnail":["https:\/\/www.meavia-mh.hr\/wp-content\/uploads\/2021\/01\/Blazinice-za-nokte-500-kom-150x150.jpg",150,150,true],"medium":["https:\/\/www.meavia-mh.hr\/wp-content\/uploads\/2021\/01\/Blazinice-za-nokte-500-kom-300x300.jpg",300,300,true],"medium_large":["https:\/\/www.meavia-mh.hr\/wp-content\/uploads\/2021\/01\/Blazinice-za-nokte-500-kom-768x769.jpg",768,769,true],"large":["https:\/\/www.meavia-mh.hr\/wp-content\/uploads\/2021\/01\/Blazinice-za-nokte-500-kom-1022x1024.jpg",1022,1024,true],"1536x1536":["https:\/\/www.meavia-mh.hr\/wp-content\/uploads\/2021\/01\/Blazinice-za-nokte-500-kom.jpg",1350,1352,false],"2048x2048":["https:\/\/www.meavia-mh.hr\/wp-content\/uploads\/2021\/01\/Blazinice-za-nokte-500-kom.jpg",1350,1352,false],"trp-custom-language-flag":["https:\/\/www.meavia-mh.hr\/wp-content\/uploads\/2021\/01\/Blazinice-za-nokte-500-kom.jpg",12,12,false],"woocommerce_thumbnail":["https:\/\/www.meavia-mh.hr\/wp-content\/uploads\/2021\/01\/Blazinice-za-nokte-500-kom-300x300.jpg",300,300,true],"woocommerce_single":["https:\/\/www.meavia-mh.hr\/wp-content\/uploads\/2021\/01\/Blazinice-za-nokte-500-kom-600x601.jpg",600,601,true],"woocommerce_gallery_thumbnail":["https:\/\/www.meavia-mh.hr\/wp-content\/uploads\/2021\/01\/Blazinice-za-nokte-500-kom-100x100.jpg",100,100,true]},"uagb_author_info":{"display_name":"Zla Gol","author_link":"https:\/\/www.meavia-mh.hr\/sl\/author\/"},"uagb_comment_info":0,"uagb_excerpt":"Blazinice za nokte neobilazan su pomo\u0107ni materijal za \u010di\u0161\u0107enje prirodnih i geliranih noktiju prije, za vrijeme i nakon izrade. Kvalitetni jastu\u010di\u0107i blazinica izra\u0111eni su od celuloze i ne ostavljaju dla\u010dice. Profesionalni 8-slojni tuferi bez pra\u0161ine. Zahvaljuju\u0107i svojoj kvaliteti odlikuju se visokom apsorpcijskom sposobno\u0161\u0107u. Veli\u010dina blazinice: 4 x 5 cm Blazinice su izra\u0111ene od celulozne vate.&hellip;","_links":{"self":[{"href":"https:\/\/www.meavia-mh.hr\/sl\/wp-json\/wp\/v2\/product\/37039","targetHints":{"allow":["GET"]}}],"collection":[{"href":"https:\/\/www.meavia-mh.hr\/sl\/wp-json\/wp\/v2\/product"}],"about":[{"href":"https:\/\/www.meavia-mh.hr\/sl\/wp-json\/wp\/v2\/types\/product"}],"replies":[{"embeddable":true,"href":"https:\/\/www.meavia-mh.hr\/sl\/wp-json\/wp\/v2\/comments?post=37039"}],"version-history":[{"count":1,"href":"https:\/\/www.meavia-mh.hr\/sl\/wp-json\/wp\/v2\/product\/37039\/revisions"}],"predecessor-version":[{"id":37040,"href":"https:\/\/www.meavia-mh.hr\/sl\/wp-json\/wp\/v2\/product\/37039\/revisions\/37040"}],"wp:featuredmedia":[{"embeddable":true,"href":"https:\/\/www.meavia-mh.hr\/sl\/wp-json\/wp\/v2\/media\/5428"}],"wp:attachment":[{"href":"https:\/\/www.meavia-mh.hr\/sl\/wp-json\/wp\/v2\/media?parent=37039"}],"wp:term":[{"taxonomy":"product_brand","embeddable":true,"href":"https:\/\/www.meavia-mh.hr\/sl\/wp-json\/wp\/v2\/product_brand?post=37039"},{"taxonomy":"product_cat","embeddable":true,"href":"https:\/\/www.meavia-mh.hr\/sl\/wp-json\/wp\/v2\/product_cat?post=37039"},{"taxonomy":"product_tag","embeddable":true,"href":"https:\/\/www.meavia-mh.hr\/sl\/wp-json\/wp\/v2\/product_tag?post=37039"}],"curies":[{"name":"delovni list","href":"https:\/\/api.w.org\/{rel}","templated":true}]}}