{"id":35339,"date":"2025-01-09T08:05:56","date_gmt":"2025-01-09T08:05:56","guid":{"rendered":"https:\/\/www.meavia-mh.hr\/?post_type=product&#038;p=35339"},"modified":"2026-04-16T16:32:21","modified_gmt":"2026-04-16T15:32:21","slug":"zamjenska-zarulja-za-uv-c-sterilizator","status":"publish","type":"product","link":"https:\/\/www.meavia-mh.hr\/sl\/product\/zamjenska-zarulja-za-uv-c-sterilizator\/","title":{"rendered":"Nadomestna \u017earnica za UV-C sterilizator"},"content":{"rendered":"<p>Nadomestna \u017earnica za UV-C sterilizatorje.<\/p>\n<p>Zdru\u017eljivo z modeli UV-C sterilizatorjev:<\/p>\n<ul>\n<li><a href=\"https:\/\/www.meavia-mh.hr\/sl\/product\/uv-c-sterilizator-germix\/\">UV-C sterilizator <strong class=\"font-semibold\"><span class=\"VIpgJd-yAWNEb-VIpgJd-fmcmS-sn54Q\">Germix \u00a0<\/span><\/strong><\/a><\/li>\n<li><a href=\"https:\/\/www.meavia-mh.hr\/sl\/product\/uv-c-sterilizator-blue\/\">UV-C sterilizator Blue<\/a><\/li>\n<\/ul>\n<p><strong>Pakiranje: 1 kos<\/strong><\/p>\n<p>Opomba: \u010ce izdelka trenutno ni na zalogi, je dobavni rok od 7 do 10 delovnih dni.<\/p>","protected":false},"excerpt":{"rendered":"<p>Nadomestna \u017earnica za UV-C sterilizatorje. Zdru\u017eljivo z modeli UV-C sterilizatorjev:: UV-C sterilizator Germix UV-C sterilizator moder Pakiranje: 1 kos Opomba: \u010ce izdelka trenutno ni na zalogi, je dobavni rok od 7 do 10 delovnih dni.<\/p>","protected":false},"featured_media":35340,"comment_status":"closed","ping_status":"closed","template":"","meta":{"_uag_custom_page_level_css":"","site-sidebar-layout":"default","site-content-layout":"","ast-site-content-layout":"default","site-content-style":"default","site-sidebar-style":"default","ast-global-header-display":"","ast-banner-title-visibility":"","ast-main-header-display":"","ast-hfb-above-header-display":"","ast-hfb-below-header-display":"","ast-hfb-mobile-header-display":"","site-post-title":"","ast-breadcrumbs-content":"","ast-featured-img":"","footer-sml-layout":"","ast-disable-related-posts":"","theme-transparent-header-meta":"default","adv-header-id-meta":"","stick-header-meta":"default","header-above-stick-meta":"","header-main-stick-meta":"","header-below-stick-meta":"","astra-migrate-meta-layouts":"set","ast-page-background-enabled":"default","ast-page-background-meta":{"desktop":{"background-color":"var(--ast-global-color-4)","background-image":"","background-repeat":"repeat","background-position":"center center","background-size":"auto","background-attachment":"scroll","background-type":"","background-media":"","overlay-type":"","overlay-color":"","overlay-opacity":"","overlay-gradient":""},"tablet":{"background-color":"","background-image":"","background-repeat":"repeat","background-position":"center center","background-size":"auto","background-attachment":"scroll","background-type":"","background-media":"","overlay-type":"","overlay-color":"","overlay-opacity":"","overlay-gradient":""},"mobile":{"background-color":"","background-image":"","background-repeat":"repeat","background-position":"center center","background-size":"auto","background-attachment":"scroll","background-type":"","background-media":"","overlay-type":"","overlay-color":"","overlay-opacity":"","overlay-gradient":""}},"ast-content-background-meta":{"desktop":{"background-color":"var(--ast-global-color-5)","background-image":"","background-repeat":"repeat","background-position":"center center","background-size":"auto","background-attachment":"scroll","background-type":"","background-media":"","overlay-type":"","overlay-color":"","overlay-opacity":"","overlay-gradient":""},"tablet":{"background-color":"var(--ast-global-color-5)","background-image":"","background-repeat":"repeat","background-position":"center center","background-size":"auto","background-attachment":"scroll","background-type":"","background-media":"","overlay-type":"","overlay-color":"","overlay-opacity":"","overlay-gradient":""},"mobile":{"background-color":"var(--ast-global-color-5)","background-image":"","background-repeat":"repeat","background-position":"center center","background-size":"auto","background-attachment":"scroll","background-type":"","background-media":"","overlay-type":"","overlay-color":"","overlay-opacity":"","overlay-gradient":""}}},"product_brand":[],"product_cat":[536],"product_tag":[],"class_list":{"0":"post-35339","1":"product","2":"type-product","3":"status-publish","4":"has-post-thumbnail","6":"product_cat-sterilizatori","7":"desktop-align-left","8":"tablet-align-left","9":"mobile-align-left","10":"ast-product-gallery-layout-horizontal-slider","11":"ast-product-gallery-with-no-image","12":"ast-product-tabs-layout-horizontal","14":"first","15":"instock","16":"taxable","17":"shipping-taxable","18":"purchasable","19":"product-type-simple"},"yoast_head":"<!-- This site is optimized with the Yoast SEO plugin v27.4 - https:\/\/yoast.com\/product\/yoast-seo-wordpress\/ -->\n<title>Zamjenska \u017earulja za UV-C sterilizator &#8902; Mea Via Beauty<\/title>\n<meta name=\"description\" content=\"Zamjenska \u017earulja za UV-C sterilizator &#8902; Kompatibilno sa modelima UV-C sterilizatorima &#8902; UV-C sterilizator Germix &#8902;\u00a0UV-C sterilizator Blue\" \/>\n<meta name=\"robots\" content=\"index, follow, max-snippet:-1, max-image-preview:large, max-video-preview:-1\" \/>\n<link rel=\"canonical\" href=\"https:\/\/www.meavia-mh.hr\/sl\/product\/zamjenska-zarulja-za-uv-c-sterilizator\/\" \/>\n<meta property=\"og:locale\" content=\"sl_SI\" \/>\n<meta property=\"og:type\" content=\"article\" \/>\n<meta property=\"og:title\" content=\"Zamjenska \u017earulja za UV-C sterilizator &#8902; Mea Via Beauty\" \/>\n<meta property=\"og:description\" content=\"Zamjenska \u017earulja za UV-C sterilizator &#8902; Kompatibilno sa modelima UV-C sterilizatorima &#8902; UV-C sterilizator Germix &#8902;\u00a0UV-C sterilizator Blue\" \/>\n<meta property=\"og:url\" content=\"https:\/\/www.meavia-mh.hr\/sl\/product\/zamjenska-zarulja-za-uv-c-sterilizator\/\" \/>\n<meta property=\"og:site_name\" content=\"Mea Via Beauty\" \/>\n<meta property=\"article:publisher\" content=\"https:\/\/www.facebook.com\/MeaViaNailsWorld\" \/>\n<meta property=\"article:modified_time\" content=\"2026-04-16T15:32:21+00:00\" \/>\n<meta property=\"og:image\" content=\"https:\/\/www.meavia-mh.hr\/wp-content\/uploads\/2025\/01\/Zamjenska-zarulja-za-UV-C-sterilizator-2.jpg\" \/>\n\t<meta property=\"og:image:width\" content=\"1576\" \/>\n\t<meta property=\"og:image:height\" content=\"1574\" \/>\n\t<meta property=\"og:image:type\" content=\"image\/jpeg\" \/>\n<meta name=\"twitter:card\" content=\"summary_large_image\" \/>\n<meta name=\"twitter:label1\" content=\"Est. reading time\" \/>\n\t<meta name=\"twitter:data1\" content=\"1 minuta\" \/>\n<script type=\"application\/ld+json\" class=\"yoast-schema-graph\">{\"@context\":\"https:\\\/\\\/schema.org\",\"@graph\":[{\"@type\":\"WebPage\",\"@id\":\"https:\\\/\\\/www.meavia-mh.hr\\\/product\\\/zamjenska-zarulja-za-uv-c-sterilizator\\\/\",\"url\":\"https:\\\/\\\/www.meavia-mh.hr\\\/product\\\/zamjenska-zarulja-za-uv-c-sterilizator\\\/\",\"name\":\"Zamjenska \u017earulja za UV-C sterilizator &#8902; Mea Via Beauty\",\"isPartOf\":{\"@id\":\"https:\\\/\\\/meavia-mh.hr\\\/sl\\\/#website\"},\"primaryImageOfPage\":{\"@id\":\"https:\\\/\\\/www.meavia-mh.hr\\\/product\\\/zamjenska-zarulja-za-uv-c-sterilizator\\\/#primaryimage\"},\"image\":{\"@id\":\"https:\\\/\\\/www.meavia-mh.hr\\\/product\\\/zamjenska-zarulja-za-uv-c-sterilizator\\\/#primaryimage\"},\"thumbnailUrl\":\"https:\\\/\\\/www.meavia-mh.hr\\\/wp-content\\\/uploads\\\/2025\\\/01\\\/Zamjenska-zarulja-za-UV-C-sterilizator-2.jpg\",\"datePublished\":\"2025-01-09T08:05:56+00:00\",\"dateModified\":\"2026-04-16T15:32:21+00:00\",\"description\":\"Zamjenska \u017earulja za UV-C sterilizator &#8902; Kompatibilno sa modelima UV-C sterilizatorima &#8902; UV-C sterilizator Germix &#8902;\u00a0UV-C sterilizator Blue\",\"breadcrumb\":{\"@id\":\"https:\\\/\\\/www.meavia-mh.hr\\\/product\\\/zamjenska-zarulja-za-uv-c-sterilizator\\\/#breadcrumb\"},\"inLanguage\":\"sl-SI\",\"potentialAction\":[{\"@type\":\"ReadAction\",\"target\":[\"https:\\\/\\\/www.meavia-mh.hr\\\/product\\\/zamjenska-zarulja-za-uv-c-sterilizator\\\/\"]}]},{\"@type\":\"ImageObject\",\"inLanguage\":\"sl-SI\",\"@id\":\"https:\\\/\\\/www.meavia-mh.hr\\\/product\\\/zamjenska-zarulja-za-uv-c-sterilizator\\\/#primaryimage\",\"url\":\"https:\\\/\\\/www.meavia-mh.hr\\\/wp-content\\\/uploads\\\/2025\\\/01\\\/Zamjenska-zarulja-za-UV-C-sterilizator-2.jpg\",\"contentUrl\":\"https:\\\/\\\/www.meavia-mh.hr\\\/wp-content\\\/uploads\\\/2025\\\/01\\\/Zamjenska-zarulja-za-UV-C-sterilizator-2.jpg\",\"width\":1576,\"height\":1574,\"caption\":\"Zamjenska \u017earulja za UV-C sterilizator\"},{\"@type\":\"BreadcrumbList\",\"@id\":\"https:\\\/\\\/www.meavia-mh.hr\\\/product\\\/zamjenska-zarulja-za-uv-c-sterilizator\\\/#breadcrumb\",\"itemListElement\":[{\"@type\":\"ListItem\",\"position\":1,\"name\":\"Po\u010detna stranica\",\"item\":\"https:\\\/\\\/www.meavia-mh.hr\\\/\"},{\"@type\":\"ListItem\",\"position\":2,\"name\":\"Trgovina\",\"item\":\"https:\\\/\\\/meavia-mh.hr\\\/sl\\\/store\\\/\"},{\"@type\":\"ListItem\",\"position\":3,\"name\":\"Zamjenska \u017earulja za UV-C sterilizator\"}]},{\"@type\":\"WebSite\",\"@id\":\"https:\\\/\\\/meavia-mh.hr\\\/sl\\\/#website\",\"url\":\"https:\\\/\\\/meavia-mh.hr\\\/sl\\\/\",\"name\":\"Mea Via Beauty\",\"description\":\"Only The Best For Your Beauty\",\"publisher\":{\"@id\":\"https:\\\/\\\/meavia-mh.hr\\\/sl\\\/#organization\"},\"alternateName\":\"Mea Via Nails\",\"potentialAction\":[{\"@type\":\"SearchAction\",\"target\":{\"@type\":\"EntryPoint\",\"urlTemplate\":\"https:\\\/\\\/meavia-mh.hr\\\/sl\\\/?s={search_term_string}\"},\"query-input\":{\"@type\":\"PropertyValueSpecification\",\"valueRequired\":true,\"valueName\":\"search_term_string\"}}],\"inLanguage\":\"sl-SI\"},{\"@type\":\"Organization\",\"@id\":\"https:\\\/\\\/meavia-mh.hr\\\/sl\\\/#organization\",\"name\":\"Mea Via Nails World\",\"alternateName\":\"Mea Via\",\"url\":\"https:\\\/\\\/meavia-mh.hr\\\/sl\\\/\",\"logo\":{\"@type\":\"ImageObject\",\"inLanguage\":\"sl-SI\",\"@id\":\"https:\\\/\\\/meavia-mh.hr\\\/sl\\\/#\\\/schema\\\/logo\\\/image\\\/\",\"url\":\"https:\\\/\\\/www.meavia-mh.hr\\\/wp-content\\\/uploads\\\/2020\\\/12\\\/Mea-Via.png\",\"contentUrl\":\"https:\\\/\\\/www.meavia-mh.hr\\\/wp-content\\\/uploads\\\/2020\\\/12\\\/Mea-Via.png\",\"width\":1181,\"height\":393,\"caption\":\"Mea Via Nails World\"},\"image\":{\"@id\":\"https:\\\/\\\/meavia-mh.hr\\\/sl\\\/#\\\/schema\\\/logo\\\/image\\\/\"},\"sameAs\":[\"https:\\\/\\\/www.facebook.com\\\/MeaViaNailsWorld\",\"https:\\\/\\\/www.instagram.com\\\/mea_via_nails_world\\\/\",\"https:\\\/\\\/www.youtube.com\\\/channel\\\/UCECk0hpRWP6TN-EfA4ER96g\\\/featured\"]}]}<\/script>\n<!-- \/ Yoast SEO plugin. -->","yoast_head_json":{"title":"Nadomestna \u017earnica za UV-C sterilizator \u22c6 Mea Via Beauty","description":"Nadomestna \u017earnica za UV-C sterilizator \u22c6 Zdru\u017eljivo z modeli UV-C sterilizatorjev \u22c6 UV-C sterilizator Germix \u22c6 UV-C sterilizator moder","robots":{"index":"index","follow":"follow","max-snippet":"max-snippet:-1","max-image-preview":"max-image-preview:large","max-video-preview":"max-video-preview:-1"},"canonical":"https:\/\/www.meavia-mh.hr\/sl\/product\/zamjenska-zarulja-za-uv-c-sterilizator\/","og_locale":"sl_SI","og_type":"article","og_title":"Zamjenska \u017earulja za UV-C sterilizator &#8902; Mea Via Beauty","og_description":"Zamjenska \u017earulja za UV-C sterilizator &#8902; Kompatibilno sa modelima UV-C sterilizatorima &#8902; UV-C sterilizator Germix &#8902;\u00a0UV-C sterilizator Blue","og_url":"https:\/\/www.meavia-mh.hr\/sl\/product\/zamjenska-zarulja-za-uv-c-sterilizator\/","og_site_name":"Mea Via Beauty","article_publisher":"https:\/\/www.facebook.com\/MeaViaNailsWorld","article_modified_time":"2026-04-16T15:32:21+00:00","og_image":[{"width":1576,"height":1574,"url":"https:\/\/www.meavia-mh.hr\/wp-content\/uploads\/2025\/01\/Zamjenska-zarulja-za-UV-C-sterilizator-2.jpg","type":"image\/jpeg"}],"twitter_card":"summary_large_image","twitter_misc":{"Est. reading time":"1 minuta"},"schema":{"@context":"https:\/\/schema.org","@graph":[{"@type":"WebPage","@id":"https:\/\/www.meavia-mh.hr\/product\/zamjenska-zarulja-za-uv-c-sterilizator\/","url":"https:\/\/www.meavia-mh.hr\/product\/zamjenska-zarulja-za-uv-c-sterilizator\/","name":"Nadomestna \u017earnica za UV-C sterilizator \u22c6 Mea Via Beauty","isPartOf":{"@id":"https:\/\/meavia-mh.hr\/sl\/#website"},"primaryImageOfPage":{"@id":"https:\/\/www.meavia-mh.hr\/product\/zamjenska-zarulja-za-uv-c-sterilizator\/#primaryimage"},"image":{"@id":"https:\/\/www.meavia-mh.hr\/product\/zamjenska-zarulja-za-uv-c-sterilizator\/#primaryimage"},"thumbnailUrl":"https:\/\/www.meavia-mh.hr\/wp-content\/uploads\/2025\/01\/Zamjenska-zarulja-za-UV-C-sterilizator-2.jpg","datePublished":"2025-01-09T08:05:56+00:00","dateModified":"2026-04-16T15:32:21+00:00","description":"Nadomestna \u017earnica za UV-C sterilizator \u22c6 Zdru\u017eljivo z modeli UV-C sterilizatorjev \u22c6 UV-C sterilizator Germix \u22c6 UV-C sterilizator moder","breadcrumb":{"@id":"https:\/\/www.meavia-mh.hr\/product\/zamjenska-zarulja-za-uv-c-sterilizator\/#breadcrumb"},"inLanguage":"sl-SI","potentialAction":[{"@type":"ReadAction","target":["https:\/\/www.meavia-mh.hr\/product\/zamjenska-zarulja-za-uv-c-sterilizator\/"]}]},{"@type":"ImageObject","inLanguage":"sl-SI","@id":"https:\/\/www.meavia-mh.hr\/product\/zamjenska-zarulja-za-uv-c-sterilizator\/#primaryimage","url":"https:\/\/www.meavia-mh.hr\/wp-content\/uploads\/2025\/01\/Zamjenska-zarulja-za-UV-C-sterilizator-2.jpg","contentUrl":"https:\/\/www.meavia-mh.hr\/wp-content\/uploads\/2025\/01\/Zamjenska-zarulja-za-UV-C-sterilizator-2.jpg","width":1576,"height":1574,"caption":"Zamjenska \u017earulja za UV-C sterilizator"},{"@type":"BreadcrumbList","@id":"https:\/\/www.meavia-mh.hr\/product\/zamjenska-zarulja-za-uv-c-sterilizator\/#breadcrumb","itemListElement":[{"@type":"ListItem","position":1,"name":"Po\u010detna stranica","item":"https:\/\/www.meavia-mh.hr\/"},{"@type":"ListItem","position":2,"name":"Trgovina","item":"https:\/\/meavia-mh.hr\/sl\/store\/"},{"@type":"ListItem","position":3,"name":"Zamjenska \u017earulja za UV-C sterilizator"}]},{"@type":"WebSite","@id":"https:\/\/meavia-mh.hr\/sl\/#website","url":"https:\/\/meavia-mh.hr\/sl\/","name":"MEA VIA BEAUTY","description":"Only The Best For Your Beauty","publisher":{"@id":"https:\/\/meavia-mh.hr\/sl\/#organization"},"alternateName":"Mea Via Nails","potentialAction":[{"@type":"SearchAction","target":{"@type":"EntryPoint","urlTemplate":"https:\/\/meavia-mh.hr\/sl\/?s={search_term_string}"},"query-input":{"@type":"PropertyValueSpecification","valueRequired":true,"valueName":"search_term_string"}}],"inLanguage":"sl-SI"},{"@type":"Organization","@id":"https:\/\/meavia-mh.hr\/sl\/#organization","name":"Mea Via Nails World","alternateName":"Mea Via","url":"https:\/\/meavia-mh.hr\/sl\/","logo":{"@type":"ImageObject","inLanguage":"sl-SI","@id":"https:\/\/meavia-mh.hr\/sl\/#\/schema\/logo\/image\/","url":"https:\/\/www.meavia-mh.hr\/wp-content\/uploads\/2020\/12\/Mea-Via.png","contentUrl":"https:\/\/www.meavia-mh.hr\/wp-content\/uploads\/2020\/12\/Mea-Via.png","width":1181,"height":393,"caption":"Mea Via Nails World"},"image":{"@id":"https:\/\/meavia-mh.hr\/sl\/#\/schema\/logo\/image\/"},"sameAs":["https:\/\/www.facebook.com\/MeaViaNailsWorld","https:\/\/www.instagram.com\/mea_via_nails_world\/","https:\/\/www.youtube.com\/channel\/UCECk0hpRWP6TN-EfA4ER96g\/featured"]}]}},"spectra_custom_meta":{"_edit_lock":["1772709157:1239"],"_edit_last":["1239"],"_thumbnail_id":["35340"],"_wp_page_template":["default"],"cartflows_redirect_flow_id":[""],"cartflows_add_to_cart_text":[""],"total_sales":["45"],"_tax_status":["taxable"],"_tax_class":[""],"_manage_stock":["yes"],"_backorders":["notify"],"_sold_individually":["no"],"_virtual":["no"],"_downloadable":["no"],"_download_limit":["-1"],"_download_expiry":["-1"],"_stock":["2"],"_stock_status":["instock"],"_wc_average_rating":["0"],"_wc_review_count":["0"],"_product_version":["10.7.0"],"_sku":["131506"],"_global_unique_id":["5906717431258"],"_regular_price":["7.00"],"_upsell_ids":["a:1:{i:0;i:11966;}"],"_crosssell_ids":["a:1:{i:0;i:11154;}"],"_price":["7.00"],"_wc_facebook_sync_enabled":["yes"],"fb_visibility":["yes"],"fb_product_description":[""],"_wc_facebook_product_image_source":["product"],"_wc_facebook_commerce_enabled":["no"],"fb_product_group_id":["8785350878258635"],"site-sidebar-layout":["default"],"ast-site-content-layout":["default"],"site-content-style":["default"],"site-sidebar-style":["default"],"theme-transparent-header-meta":["default"],"stick-header-meta":["default"],"_yoast_wpseo_primary_product_cat":["536"],"_yoast_wpseo_primary_fb_product_set":[""],"_yoast_wpseo_focuskw":["zamjenska \u017earulja za sterilizator"],"_yoast_wpseo_linkdex":["66"],"_yoast_wpseo_content_score":["90"],"_yoast_wpseo_estimated-reading-time-minutes":["1"],"fb_product_item_id":["8785351021591954"],"fb_rich_text_description":[""],"fb_brand":[""],"fb_mpn":[""],"_yoast_wpseo_primary_product_brand":[""],"_wc_facebook_sync_enabled_v2":["yes"],"fb_product_video":["a:0:{}"],"fb_size":[""],"fb_color":[""],"fb_material":[""],"fb_pattern":[""],"fb_age_group":[""],"fb_gender":[""],"fb_product_condition":[""],"_purchase_note":["Ukoliko proizvod trenutno nije na stanju, rok isporuke je 7 do 10 radnih dana."],"_yoast_wpseo_metadesc":["%%title%% %%sep%% Kompatibilno sa modelima UV-C sterilizatorima %%sep%% UV-C sterilizator Germix %%sep%%\u00a0UV-C sterilizator Blue"],"_last_change_time":["1773486509"],"astra-migrate-meta-layouts":["set"],"_elementor_page_assets":["a:0:{}"],"_uag_page_assets":["a:9:{s:3:\"css\";s:0:\"\";s:2:\"js\";s:0:\"\";s:18:\"current_block_list\";a:3:{i:0;s:11:\"core\/search\";i:1;s:18:\"core\/legacy-widget\";i:2;s:27:\"woocommerce\/product-filters\";}s:8:\"uag_flag\";b:0;s:11:\"uag_version\";s:10:\"1776503599\";s:6:\"gfonts\";a:0:{}s:10:\"gfonts_url\";s:0:\"\";s:12:\"gfonts_files\";a:0:{}s:14:\"uag_faq_layout\";b:0;}"]},"uagb_featured_image_src":{"full":["https:\/\/www.meavia-mh.hr\/wp-content\/uploads\/2025\/01\/Zamjenska-zarulja-za-UV-C-sterilizator-2.jpg",1576,1574,false],"thumbnail":["https:\/\/www.meavia-mh.hr\/wp-content\/uploads\/2025\/01\/Zamjenska-zarulja-za-UV-C-sterilizator-2-150x150.jpg",150,150,true],"medium":["https:\/\/www.meavia-mh.hr\/wp-content\/uploads\/2025\/01\/Zamjenska-zarulja-za-UV-C-sterilizator-2-300x300.jpg",300,300,true],"medium_large":["https:\/\/www.meavia-mh.hr\/wp-content\/uploads\/2025\/01\/Zamjenska-zarulja-za-UV-C-sterilizator-2-768x767.jpg",768,767,true],"large":["https:\/\/www.meavia-mh.hr\/wp-content\/uploads\/2025\/01\/Zamjenska-zarulja-za-UV-C-sterilizator-2-1024x1024.jpg",1024,1024,true],"1536x1536":["https:\/\/www.meavia-mh.hr\/wp-content\/uploads\/2025\/01\/Zamjenska-zarulja-za-UV-C-sterilizator-2-1536x1534.jpg",1536,1534,true],"2048x2048":["https:\/\/www.meavia-mh.hr\/wp-content\/uploads\/2025\/01\/Zamjenska-zarulja-za-UV-C-sterilizator-2.jpg",1576,1574,false],"trp-custom-language-flag":["https:\/\/www.meavia-mh.hr\/wp-content\/uploads\/2025\/01\/Zamjenska-zarulja-za-UV-C-sterilizator-2-12x12.jpg",12,12,true],"woocommerce_thumbnail":["https:\/\/www.meavia-mh.hr\/wp-content\/uploads\/2025\/01\/Zamjenska-zarulja-za-UV-C-sterilizator-2-300x300.jpg",300,300,true],"woocommerce_single":["https:\/\/www.meavia-mh.hr\/wp-content\/uploads\/2025\/01\/Zamjenska-zarulja-za-UV-C-sterilizator-2-600x599.jpg",600,599,true],"woocommerce_gallery_thumbnail":["https:\/\/www.meavia-mh.hr\/wp-content\/uploads\/2025\/01\/Zamjenska-zarulja-za-UV-C-sterilizator-2-100x100.jpg",100,100,true]},"uagb_author_info":{"display_name":"Zla Gol","author_link":"https:\/\/www.meavia-mh.hr\/sl\/author\/"},"uagb_comment_info":0,"uagb_excerpt":"Zamjenska \u017earulja za UV-C sterilizatore. Kompatibilno sa modelima UV-C sterilizatorima:: UV-C sterilizator Germix \u00a0 UV-C sterilizator Blue Pakiranje: 1 komad Napomena: Ukoliko proizvod trenutno nije na stanju, rok isporuke je 7 do 10 radnih dana.","_links":{"self":[{"href":"https:\/\/www.meavia-mh.hr\/sl\/wp-json\/wp\/v2\/product\/35339","targetHints":{"allow":["GET"]}}],"collection":[{"href":"https:\/\/www.meavia-mh.hr\/sl\/wp-json\/wp\/v2\/product"}],"about":[{"href":"https:\/\/www.meavia-mh.hr\/sl\/wp-json\/wp\/v2\/types\/product"}],"replies":[{"embeddable":true,"href":"https:\/\/www.meavia-mh.hr\/sl\/wp-json\/wp\/v2\/comments?post=35339"}],"version-history":[{"count":4,"href":"https:\/\/www.meavia-mh.hr\/sl\/wp-json\/wp\/v2\/product\/35339\/revisions"}],"predecessor-version":[{"id":42518,"href":"https:\/\/www.meavia-mh.hr\/sl\/wp-json\/wp\/v2\/product\/35339\/revisions\/42518"}],"wp:featuredmedia":[{"embeddable":true,"href":"https:\/\/www.meavia-mh.hr\/sl\/wp-json\/wp\/v2\/media\/35340"}],"wp:attachment":[{"href":"https:\/\/www.meavia-mh.hr\/sl\/wp-json\/wp\/v2\/media?parent=35339"}],"wp:term":[{"taxonomy":"product_brand","embeddable":true,"href":"https:\/\/www.meavia-mh.hr\/sl\/wp-json\/wp\/v2\/product_brand?post=35339"},{"taxonomy":"product_cat","embeddable":true,"href":"https:\/\/www.meavia-mh.hr\/sl\/wp-json\/wp\/v2\/product_cat?post=35339"},{"taxonomy":"product_tag","embeddable":true,"href":"https:\/\/www.meavia-mh.hr\/sl\/wp-json\/wp\/v2\/product_tag?post=35339"}],"curies":[{"name":"delovni list","href":"https:\/\/api.w.org\/{rel}","templated":true}]}}