{"id":33326,"date":"2024-10-22T07:38:42","date_gmt":"2024-10-22T07:38:42","guid":{"rendered":"https:\/\/www.meavia-mh.hr\/?post_type=product&#038;p=33326"},"modified":"2026-04-06T12:31:58","modified_gmt":"2026-04-06T11:31:58","slug":"blazinice-za-nokte-pink-250-kom-bez-dlacica","status":"publish","type":"product","link":"https:\/\/www.meavia-mh.hr\/sl\/product\/blazinice-za-nokte-pink-250-kom-bez-dlacica\/","title":{"rendered":"Blazinice za nohte roza 250 kom (brez dlak)"},"content":{"rendered":"<p>Blazinice za nohte roza 250 kom (brez dlak) so popoln izdelek za vsakodnevno nego nohtov.<\/p>\n<p>te <strong>roza, trpe\u017ena in vpojna<\/strong> oblazinjene blazinice zaradi svoje porozne strukture omogo\u010dajo hitro in u\u010dinkovito odstranjevanje odve\u010dne teko\u010dine brez pu\u0161\u010danja vlaken, prahu ali dlak. Izdelani iz trdnega materiala, posebej zasnovanega za profesionalce v industriji oblikovanja nohtov, se popolnoma prilegajo vsem tretmajem.<\/p>\n<ul>\n<li><strong>Brez dlak in vlaken<\/strong>: ne pu\u0161\u010dajo sledi na povr\u0161ini.<\/li>\n<li><strong>So trdni in se ne razslojijo<\/strong>: izjemno vzdr\u017eljiv in zanesljiv.<\/li>\n<li><strong>Ve\u010dnamenska uporaba<\/strong>: idealno za razma\u0161\u010devanje nohtne plo\u0161\u010de, odstranjevanje lepljive plasti gela, prahu po piljenju in klasi\u010dnega laka za nohte. Primerno tudi za oblikovalce trepalnic za \u010di\u0161\u010denje ostankov lepila z delovnih povr\u0161in.<\/li>\n<li><strong>Higiensko<\/strong>: brez pritiska, brez vonja in iz naravnega bomba\u017ea.<\/li>\n<\/ul>\n<p><strong>Dimenzije<\/strong>: 5\u00d75 cm<br \/>\n<strong>Velikost<\/strong>: 250 kosov<\/p>\n<p>Dodajte te visokokakovostne bomba\u017ene blazinice svoji profesionalni opremi za brezhibno nego nohtov in higienske tretmaje!<\/p>\n<p><span style=\"color: #000000;\"><strong>Namen:<\/strong><\/span>\u00a0Potro\u0161ni material za enkratno uporabo za profesionalno manikuro in nadgradnjo nohtov.<\/p>","protected":false},"excerpt":{"rendered":"<p>Pakiranje 250 kosov.<\/p>","protected":false},"featured_media":33314,"comment_status":"closed","ping_status":"closed","template":"","meta":{"_uag_custom_page_level_css":"","site-sidebar-layout":"default","site-content-layout":"default","ast-site-content-layout":"default","site-content-style":"default","site-sidebar-style":"default","ast-global-header-display":"","ast-banner-title-visibility":"","ast-main-header-display":"","ast-hfb-above-header-display":"","ast-hfb-below-header-display":"","ast-hfb-mobile-header-display":"","site-post-title":"","ast-breadcrumbs-content":"","ast-featured-img":"","footer-sml-layout":"","ast-disable-related-posts":"","theme-transparent-header-meta":"default","adv-header-id-meta":"","stick-header-meta":"default","header-above-stick-meta":"","header-main-stick-meta":"","header-below-stick-meta":"","astra-migrate-meta-layouts":"set","ast-page-background-enabled":"default","ast-page-background-meta":{"desktop":{"background-color":"var(--ast-global-color-4)","background-image":"","background-repeat":"repeat","background-position":"center center","background-size":"auto","background-attachment":"scroll","background-type":"","background-media":"","overlay-type":"","overlay-color":"","overlay-opacity":"","overlay-gradient":""},"tablet":{"background-color":"","background-image":"","background-repeat":"repeat","background-position":"center center","background-size":"auto","background-attachment":"scroll","background-type":"","background-media":"","overlay-type":"","overlay-color":"","overlay-opacity":"","overlay-gradient":""},"mobile":{"background-color":"","background-image":"","background-repeat":"repeat","background-position":"center center","background-size":"auto","background-attachment":"scroll","background-type":"","background-media":"","overlay-type":"","overlay-color":"","overlay-opacity":"","overlay-gradient":""}},"ast-content-background-meta":{"desktop":{"background-color":"var(--ast-global-color-5)","background-image":"","background-repeat":"repeat","background-position":"center center","background-size":"auto","background-attachment":"scroll","background-type":"","background-media":"","overlay-type":"","overlay-color":"","overlay-opacity":"","overlay-gradient":""},"tablet":{"background-color":"var(--ast-global-color-5)","background-image":"","background-repeat":"repeat","background-position":"center center","background-size":"auto","background-attachment":"scroll","background-type":"","background-media":"","overlay-type":"","overlay-color":"","overlay-opacity":"","overlay-gradient":""},"mobile":{"background-color":"var(--ast-global-color-5)","background-image":"","background-repeat":"repeat","background-position":"center center","background-size":"auto","background-attachment":"scroll","background-type":"","background-media":"","overlay-type":"","overlay-color":"","overlay-opacity":"","overlay-gradient":""}}},"product_brand":[],"product_cat":[24],"product_tag":[246,313,244,226],"class_list":{"0":"post-33326","1":"product","2":"type-product","3":"status-publish","4":"has-post-thumbnail","6":"product_cat-dodaci","7":"product_tag-accessorise","8":"product_tag-blazinice","9":"product_tag-manikura","10":"product_tag-pedikura","11":"desktop-align-left","12":"tablet-align-left","13":"mobile-align-left","14":"ast-product-gallery-layout-horizontal-slider","15":"ast-product-tabs-layout-horizontal","17":"first","18":"outofstock","19":"taxable","20":"shipping-taxable","21":"purchasable","22":"product-type-simple"},"yoast_head":"<!-- This site is optimized with the Yoast SEO plugin v27.4 - https:\/\/yoast.com\/product\/yoast-seo-wordpress\/ -->\n<title>Blazinice za nokte pink 250 kom (bez dla\u010dica) &#8902; manikura i pedikura &#8902; Mea Via Beauty<\/title>\n<meta name=\"description\" content=\"Blazinice za nokte pink 250 kom (bez dla\u010dica) &#8902; pza manikuru i pedikuru &#8902; za manikuru i pedikuru &#8902; vi\u0161eslojni pamu\u010dni jastu\u010di\u0107i za nokte\" \/>\n<meta name=\"robots\" content=\"index, follow, max-snippet:-1, max-image-preview:large, max-video-preview:-1\" \/>\n<link rel=\"canonical\" href=\"https:\/\/www.meavia-mh.hr\/sl\/product\/blazinice-za-nokte-pink-250-kom-bez-dlacica\/\" \/>\n<meta property=\"og:locale\" content=\"sl_SI\" \/>\n<meta property=\"og:type\" content=\"article\" \/>\n<meta property=\"og:title\" content=\"Blazinice za nokte pink 250 kom (bez dla\u010dica) &#8902; manikura i pedikura &#8902; Mea Via Beauty\" \/>\n<meta property=\"og:description\" content=\"Blazinice za nokte pink 250 kom (bez dla\u010dica) &#8902; pza manikuru i pedikuru &#8902; za manikuru i pedikuru &#8902; vi\u0161eslojni pamu\u010dni jastu\u010di\u0107i za nokte\" \/>\n<meta property=\"og:url\" content=\"https:\/\/www.meavia-mh.hr\/sl\/product\/blazinice-za-nokte-pink-250-kom-bez-dlacica\/\" \/>\n<meta property=\"og:site_name\" content=\"Mea Via Beauty\" \/>\n<meta property=\"article:publisher\" content=\"https:\/\/www.facebook.com\/MeaViaNailsWorld\" \/>\n<meta property=\"article:modified_time\" content=\"2026-04-06T11:31:58+00:00\" \/>\n<meta property=\"og:image\" content=\"https:\/\/www.meavia-mh.hr\/wp-content\/uploads\/2024\/10\/blazinice___.jpg\" \/>\n\t<meta property=\"og:image:width\" content=\"1618\" \/>\n\t<meta property=\"og:image:height\" content=\"1614\" \/>\n\t<meta property=\"og:image:type\" content=\"image\/jpeg\" \/>\n<meta name=\"twitter:card\" content=\"summary_large_image\" \/>\n<meta name=\"twitter:label1\" content=\"Est. reading time\" \/>\n\t<meta name=\"twitter:data1\" content=\"2 minuti\" \/>\n<script type=\"application\/ld+json\" class=\"yoast-schema-graph\">{\"@context\":\"https:\\\/\\\/schema.org\",\"@graph\":[{\"@type\":\"WebPage\",\"@id\":\"https:\\\/\\\/www.meavia-mh.hr\\\/product\\\/blazinice-za-nokte-pink-250-kom-bez-dlacica\\\/\",\"url\":\"https:\\\/\\\/www.meavia-mh.hr\\\/product\\\/blazinice-za-nokte-pink-250-kom-bez-dlacica\\\/\",\"name\":\"Blazinice za nokte pink 250 kom (bez dla\u010dica) &#8902; manikura i pedikura &#8902; Mea Via Beauty\",\"isPartOf\":{\"@id\":\"https:\\\/\\\/meavia-mh.hr\\\/sl\\\/#website\"},\"primaryImageOfPage\":{\"@id\":\"https:\\\/\\\/www.meavia-mh.hr\\\/product\\\/blazinice-za-nokte-pink-250-kom-bez-dlacica\\\/#primaryimage\"},\"image\":{\"@id\":\"https:\\\/\\\/www.meavia-mh.hr\\\/product\\\/blazinice-za-nokte-pink-250-kom-bez-dlacica\\\/#primaryimage\"},\"thumbnailUrl\":\"https:\\\/\\\/www.meavia-mh.hr\\\/wp-content\\\/uploads\\\/2024\\\/10\\\/blazinice___.jpg\",\"datePublished\":\"2024-10-22T07:38:42+00:00\",\"dateModified\":\"2026-04-06T11:31:58+00:00\",\"description\":\"Blazinice za nokte pink 250 kom (bez dla\u010dica) &#8902; pza manikuru i pedikuru &#8902; za manikuru i pedikuru &#8902; vi\u0161eslojni pamu\u010dni jastu\u010di\u0107i za nokte\",\"breadcrumb\":{\"@id\":\"https:\\\/\\\/www.meavia-mh.hr\\\/product\\\/blazinice-za-nokte-pink-250-kom-bez-dlacica\\\/#breadcrumb\"},\"inLanguage\":\"sl-SI\",\"potentialAction\":[{\"@type\":\"ReadAction\",\"target\":[\"https:\\\/\\\/www.meavia-mh.hr\\\/product\\\/blazinice-za-nokte-pink-250-kom-bez-dlacica\\\/\"]}]},{\"@type\":\"ImageObject\",\"inLanguage\":\"sl-SI\",\"@id\":\"https:\\\/\\\/www.meavia-mh.hr\\\/product\\\/blazinice-za-nokte-pink-250-kom-bez-dlacica\\\/#primaryimage\",\"url\":\"https:\\\/\\\/www.meavia-mh.hr\\\/wp-content\\\/uploads\\\/2024\\\/10\\\/blazinice___.jpg\",\"contentUrl\":\"https:\\\/\\\/www.meavia-mh.hr\\\/wp-content\\\/uploads\\\/2024\\\/10\\\/blazinice___.jpg\",\"width\":1618,\"height\":1614,\"caption\":\"Blazinice za nokte pink 250 kom (bez dla\u010dica)\"},{\"@type\":\"BreadcrumbList\",\"@id\":\"https:\\\/\\\/www.meavia-mh.hr\\\/product\\\/blazinice-za-nokte-pink-250-kom-bez-dlacica\\\/#breadcrumb\",\"itemListElement\":[{\"@type\":\"ListItem\",\"position\":1,\"name\":\"Po\u010detna stranica\",\"item\":\"https:\\\/\\\/www.meavia-mh.hr\\\/\"},{\"@type\":\"ListItem\",\"position\":2,\"name\":\"Trgovina\",\"item\":\"https:\\\/\\\/meavia-mh.hr\\\/sl\\\/store\\\/\"},{\"@type\":\"ListItem\",\"position\":3,\"name\":\"Blazinice za nokte pink 250 kom (bez dla\u010dica)\"}]},{\"@type\":\"WebSite\",\"@id\":\"https:\\\/\\\/meavia-mh.hr\\\/sl\\\/#website\",\"url\":\"https:\\\/\\\/meavia-mh.hr\\\/sl\\\/\",\"name\":\"Mea Via Beauty\",\"description\":\"Only The Best For Your Beauty\",\"publisher\":{\"@id\":\"https:\\\/\\\/meavia-mh.hr\\\/sl\\\/#organization\"},\"alternateName\":\"Mea Via Nails\",\"potentialAction\":[{\"@type\":\"SearchAction\",\"target\":{\"@type\":\"EntryPoint\",\"urlTemplate\":\"https:\\\/\\\/meavia-mh.hr\\\/sl\\\/?s={search_term_string}\"},\"query-input\":{\"@type\":\"PropertyValueSpecification\",\"valueRequired\":true,\"valueName\":\"search_term_string\"}}],\"inLanguage\":\"sl-SI\"},{\"@type\":\"Organization\",\"@id\":\"https:\\\/\\\/meavia-mh.hr\\\/sl\\\/#organization\",\"name\":\"Mea Via Nails World\",\"alternateName\":\"Mea Via\",\"url\":\"https:\\\/\\\/meavia-mh.hr\\\/sl\\\/\",\"logo\":{\"@type\":\"ImageObject\",\"inLanguage\":\"sl-SI\",\"@id\":\"https:\\\/\\\/meavia-mh.hr\\\/sl\\\/#\\\/schema\\\/logo\\\/image\\\/\",\"url\":\"https:\\\/\\\/www.meavia-mh.hr\\\/wp-content\\\/uploads\\\/2020\\\/12\\\/Mea-Via.png\",\"contentUrl\":\"https:\\\/\\\/www.meavia-mh.hr\\\/wp-content\\\/uploads\\\/2020\\\/12\\\/Mea-Via.png\",\"width\":1181,\"height\":393,\"caption\":\"Mea Via Nails World\"},\"image\":{\"@id\":\"https:\\\/\\\/meavia-mh.hr\\\/sl\\\/#\\\/schema\\\/logo\\\/image\\\/\"},\"sameAs\":[\"https:\\\/\\\/www.facebook.com\\\/MeaViaNailsWorld\",\"https:\\\/\\\/www.instagram.com\\\/mea_via_nails_world\\\/\",\"https:\\\/\\\/www.youtube.com\\\/channel\\\/UCECk0hpRWP6TN-EfA4ER96g\\\/featured\"]}]}<\/script>\n<!-- \/ Yoast SEO plugin. -->","yoast_head_json":{"title":"Blazinice za nohte roza 250 kosov (brez dlak) \u22c6 manikura in pedikura \u22c6 Mea Via Beauty","description":"Roza blazinice za nohte 250 kosov (brez dlak) \u22c6 za manikuro in pedikuro \u22c6 za manikuro in pedikuro \u22c6 ve\u010dplastne bomba\u017ene blazinice za nohte","robots":{"index":"index","follow":"follow","max-snippet":"max-snippet:-1","max-image-preview":"max-image-preview:large","max-video-preview":"max-video-preview:-1"},"canonical":"https:\/\/www.meavia-mh.hr\/sl\/product\/blazinice-za-nokte-pink-250-kom-bez-dlacica\/","og_locale":"sl_SI","og_type":"article","og_title":"Blazinice za nokte pink 250 kom (bez dla\u010dica) &#8902; manikura i pedikura &#8902; Mea Via Beauty","og_description":"Blazinice za nokte pink 250 kom (bez dla\u010dica) &#8902; pza manikuru i pedikuru &#8902; za manikuru i pedikuru &#8902; vi\u0161eslojni pamu\u010dni jastu\u010di\u0107i za nokte","og_url":"https:\/\/www.meavia-mh.hr\/sl\/product\/blazinice-za-nokte-pink-250-kom-bez-dlacica\/","og_site_name":"Mea Via Beauty","article_publisher":"https:\/\/www.facebook.com\/MeaViaNailsWorld","article_modified_time":"2026-04-06T11:31:58+00:00","og_image":[{"width":1618,"height":1614,"url":"https:\/\/www.meavia-mh.hr\/wp-content\/uploads\/2024\/10\/blazinice___.jpg","type":"image\/jpeg"}],"twitter_card":"summary_large_image","twitter_misc":{"Est. reading time":"2 minuti"},"schema":{"@context":"https:\/\/schema.org","@graph":[{"@type":"WebPage","@id":"https:\/\/www.meavia-mh.hr\/product\/blazinice-za-nokte-pink-250-kom-bez-dlacica\/","url":"https:\/\/www.meavia-mh.hr\/product\/blazinice-za-nokte-pink-250-kom-bez-dlacica\/","name":"Blazinice za nohte roza 250 kosov (brez dlak) \u22c6 manikura in pedikura \u22c6 Mea Via Beauty","isPartOf":{"@id":"https:\/\/meavia-mh.hr\/sl\/#website"},"primaryImageOfPage":{"@id":"https:\/\/www.meavia-mh.hr\/product\/blazinice-za-nokte-pink-250-kom-bez-dlacica\/#primaryimage"},"image":{"@id":"https:\/\/www.meavia-mh.hr\/product\/blazinice-za-nokte-pink-250-kom-bez-dlacica\/#primaryimage"},"thumbnailUrl":"https:\/\/www.meavia-mh.hr\/wp-content\/uploads\/2024\/10\/blazinice___.jpg","datePublished":"2024-10-22T07:38:42+00:00","dateModified":"2026-04-06T11:31:58+00:00","description":"Roza blazinice za nohte 250 kosov (brez dlak) \u22c6 za manikuro in pedikuro \u22c6 za manikuro in pedikuro \u22c6 ve\u010dplastne bomba\u017ene blazinice za nohte","breadcrumb":{"@id":"https:\/\/www.meavia-mh.hr\/product\/blazinice-za-nokte-pink-250-kom-bez-dlacica\/#breadcrumb"},"inLanguage":"sl-SI","potentialAction":[{"@type":"ReadAction","target":["https:\/\/www.meavia-mh.hr\/product\/blazinice-za-nokte-pink-250-kom-bez-dlacica\/"]}]},{"@type":"ImageObject","inLanguage":"sl-SI","@id":"https:\/\/www.meavia-mh.hr\/product\/blazinice-za-nokte-pink-250-kom-bez-dlacica\/#primaryimage","url":"https:\/\/www.meavia-mh.hr\/wp-content\/uploads\/2024\/10\/blazinice___.jpg","contentUrl":"https:\/\/www.meavia-mh.hr\/wp-content\/uploads\/2024\/10\/blazinice___.jpg","width":1618,"height":1614,"caption":"Blazinice za nokte pink 250 kom (bez dla\u010dica)"},{"@type":"BreadcrumbList","@id":"https:\/\/www.meavia-mh.hr\/product\/blazinice-za-nokte-pink-250-kom-bez-dlacica\/#breadcrumb","itemListElement":[{"@type":"ListItem","position":1,"name":"Po\u010detna stranica","item":"https:\/\/www.meavia-mh.hr\/"},{"@type":"ListItem","position":2,"name":"Trgovina","item":"https:\/\/meavia-mh.hr\/sl\/store\/"},{"@type":"ListItem","position":3,"name":"Blazinice za nokte pink 250 kom (bez dla\u010dica)"}]},{"@type":"WebSite","@id":"https:\/\/meavia-mh.hr\/sl\/#website","url":"https:\/\/meavia-mh.hr\/sl\/","name":"MEA VIA BEAUTY","description":"Only The Best For Your Beauty","publisher":{"@id":"https:\/\/meavia-mh.hr\/sl\/#organization"},"alternateName":"Mea Via Nails","potentialAction":[{"@type":"SearchAction","target":{"@type":"EntryPoint","urlTemplate":"https:\/\/meavia-mh.hr\/sl\/?s={search_term_string}"},"query-input":{"@type":"PropertyValueSpecification","valueRequired":true,"valueName":"search_term_string"}}],"inLanguage":"sl-SI"},{"@type":"Organization","@id":"https:\/\/meavia-mh.hr\/sl\/#organization","name":"Mea Via Nails World","alternateName":"Mea Via","url":"https:\/\/meavia-mh.hr\/sl\/","logo":{"@type":"ImageObject","inLanguage":"sl-SI","@id":"https:\/\/meavia-mh.hr\/sl\/#\/schema\/logo\/image\/","url":"https:\/\/www.meavia-mh.hr\/wp-content\/uploads\/2020\/12\/Mea-Via.png","contentUrl":"https:\/\/www.meavia-mh.hr\/wp-content\/uploads\/2020\/12\/Mea-Via.png","width":1181,"height":393,"caption":"Mea Via Nails World"},"image":{"@id":"https:\/\/meavia-mh.hr\/sl\/#\/schema\/logo\/image\/"},"sameAs":["https:\/\/www.facebook.com\/MeaViaNailsWorld","https:\/\/www.instagram.com\/mea_via_nails_world\/","https:\/\/www.youtube.com\/channel\/UCECk0hpRWP6TN-EfA4ER96g\/featured"]}]}},"spectra_custom_meta":{"_sku":["5903990535192"],"_regular_price":["2.59"],"total_sales":["31"],"_tax_status":["taxable"],"_tax_class":[""],"_manage_stock":["yes"],"_backorders":["no"],"_sold_individually":["no"],"_virtual":["no"],"_downloadable":["no"],"_product_image_gallery":["33313"],"_download_limit":["-1"],"_download_expiry":["-1"],"_thumbnail_id":["33314"],"_stock":["0"],"_stock_status":["outofstock"],"_wc_average_rating":["0"],"_wc_review_count":["0"],"_product_version":["10.6.2"],"_price":["2.59"],"_wp_page_template":["default"],"_yoast_wpseo_focuskw":["blazinice za nokte"],"_yoast_wpseo_metadesc":["%%title%% %%sep%% pza manikuru i pedikuru %%sep%% za manikuru i pedikuru %%sep%% vi\u0161eslojni pamu\u010dni jastu\u010di\u0107i za nokte"],"_yoast_wpseo_linkdex":["57"],"_yoast_wpseo_content_score":["90"],"_yoast_wpseo_primary_product_cat":["24"],"site-sidebar-layout":["default"],"site-content-layout":["default"],"theme-transparent-header-meta":["default"],"stick-header-meta":["default"],"_yoast_wpseo_estimated-reading-time-minutes":["2"],"_yoast_wpseo_title":["%%title%% %%page%% %%sep%% manikura i pedikura %%sep%% %%sitename%%"],"_woocs_price_geo_countries":[""],"_woocs_regular_price_geo":[""],"_woocs_sale_price_geo":[""],"cartflows_redirect_flow_id":[""],"cartflows_add_to_cart_text":[""],"_woocs_regular_price_EUR":["6.62"],"_woocs_sale_price_EUR":["-1"],"_lowest_price_30_days":["6.62"],"uag_migration_processed":["1"],"ast-site-content-layout":["default"],"site-content-style":["default"],"site-sidebar-style":["default"],"_yoast_wpseo_primary_fb_product_set":[""],"_edit_lock":["1750842446:1239"],"_edit_last":["1239"],"_global_unique_id":["5903990535192"],"astra-migrate-meta-layouts":["set"],"fb_product_item_id":["8651031114993727"],"_last_change_time":["1775132383"],"_uag_page_assets":["a:9:{s:3:\"css\";s:0:\"\";s:2:\"js\";s:0:\"\";s:18:\"current_block_list\";a:3:{i:0;s:11:\"core\/search\";i:1;s:18:\"core\/legacy-widget\";i:2;s:27:\"woocommerce\/product-filters\";}s:8:\"uag_flag\";b:0;s:11:\"uag_version\";s:10:\"1776414062\";s:6:\"gfonts\";a:0:{}s:10:\"gfonts_url\";s:0:\"\";s:12:\"gfonts_files\";a:0:{}s:14:\"uag_faq_layout\";b:0;}"]},"uagb_featured_image_src":{"full":["https:\/\/www.meavia-mh.hr\/wp-content\/uploads\/2024\/10\/blazinice___.jpg",1618,1614,false],"thumbnail":["https:\/\/www.meavia-mh.hr\/wp-content\/uploads\/2024\/10\/blazinice___-150x150.jpg",150,150,true],"medium":["https:\/\/www.meavia-mh.hr\/wp-content\/uploads\/2024\/10\/blazinice___-300x300.jpg",300,300,true],"medium_large":["https:\/\/www.meavia-mh.hr\/wp-content\/uploads\/2024\/10\/blazinice___-768x766.jpg",768,766,true],"large":["https:\/\/www.meavia-mh.hr\/wp-content\/uploads\/2024\/10\/blazinice___-1024x1021.jpg",1024,1021,true],"1536x1536":["https:\/\/www.meavia-mh.hr\/wp-content\/uploads\/2024\/10\/blazinice___-1536x1532.jpg",1536,1532,true],"2048x2048":["https:\/\/www.meavia-mh.hr\/wp-content\/uploads\/2024\/10\/blazinice___.jpg",1618,1614,false],"trp-custom-language-flag":["https:\/\/www.meavia-mh.hr\/wp-content\/uploads\/2024\/10\/blazinice___-12x12.jpg",12,12,true],"woocommerce_thumbnail":["https:\/\/www.meavia-mh.hr\/wp-content\/uploads\/2024\/10\/blazinice___-300x300.jpg",300,300,true],"woocommerce_single":["https:\/\/www.meavia-mh.hr\/wp-content\/uploads\/2024\/10\/blazinice___-600x599.jpg",600,599,true],"woocommerce_gallery_thumbnail":["https:\/\/www.meavia-mh.hr\/wp-content\/uploads\/2024\/10\/blazinice___-100x100.jpg",100,100,true]},"uagb_author_info":{"display_name":"Zla Gol","author_link":"https:\/\/www.meavia-mh.hr\/sl\/author\/"},"uagb_comment_info":0,"uagb_excerpt":"Pakiranje od 250 komada.","_links":{"self":[{"href":"https:\/\/www.meavia-mh.hr\/sl\/wp-json\/wp\/v2\/product\/33326","targetHints":{"allow":["GET"]}}],"collection":[{"href":"https:\/\/www.meavia-mh.hr\/sl\/wp-json\/wp\/v2\/product"}],"about":[{"href":"https:\/\/www.meavia-mh.hr\/sl\/wp-json\/wp\/v2\/types\/product"}],"replies":[{"embeddable":true,"href":"https:\/\/www.meavia-mh.hr\/sl\/wp-json\/wp\/v2\/comments?post=33326"}],"version-history":[{"count":4,"href":"https:\/\/www.meavia-mh.hr\/sl\/wp-json\/wp\/v2\/product\/33326\/revisions"}],"predecessor-version":[{"id":33330,"href":"https:\/\/www.meavia-mh.hr\/sl\/wp-json\/wp\/v2\/product\/33326\/revisions\/33330"}],"wp:featuredmedia":[{"embeddable":true,"href":"https:\/\/www.meavia-mh.hr\/sl\/wp-json\/wp\/v2\/media\/33314"}],"wp:attachment":[{"href":"https:\/\/www.meavia-mh.hr\/sl\/wp-json\/wp\/v2\/media?parent=33326"}],"wp:term":[{"taxonomy":"product_brand","embeddable":true,"href":"https:\/\/www.meavia-mh.hr\/sl\/wp-json\/wp\/v2\/product_brand?post=33326"},{"taxonomy":"product_cat","embeddable":true,"href":"https:\/\/www.meavia-mh.hr\/sl\/wp-json\/wp\/v2\/product_cat?post=33326"},{"taxonomy":"product_tag","embeddable":true,"href":"https:\/\/www.meavia-mh.hr\/sl\/wp-json\/wp\/v2\/product_tag?post=33326"}],"curies":[{"name":"delovni list","href":"https:\/\/api.w.org\/{rel}","templated":true}]}}