{"id":33309,"date":"2024-10-22T07:13:02","date_gmt":"2024-10-22T07:13:02","guid":{"rendered":"https:\/\/www.meavia-mh.hr\/?post_type=product&#038;p=33309"},"modified":"2026-01-24T09:08:05","modified_gmt":"2026-01-24T08:08:05","slug":"vrecice-za-sterilizaciju-90x230-mm-200-kom","status":"publish","type":"product","link":"https:\/\/www.meavia-mh.hr\/sl\/product\/vrecice-za-sterilizaciju-90x230-mm-200-kom\/","title":{"rendered":"Sterilizacijske vre\u010dke 90\u00d7230 mm (200 kom.)"},"content":{"rendered":"<p>Sterilizacijske vre\u010dke 90\u00d7230 mm (200 kom) so idealen izdelek za varno sterilizacijo <a href=\"https:\/\/www.meavia-mh.hr\/sl\/product\/staleks-pro-skarice-za-manikuru-smart-41-3\/\">\u0161karje<\/a>, potiskala, rezkarji in drugi pripomo\u010dki in instrumenti za manikuro in pedikuro. te <strong>samolepilni papir in folija<\/strong> vre\u010dke so zasnovane za sterilizacijo s paro pod pritiskom ali etilen oksidom, kar zagotavlja maksimalno higieno in varnost.<\/p>\n<ul>\n<li><strong>Material<\/strong>: specialni medicinski papir (60g\/m2) in 7-slojna pregradna folija.<\/li>\n<li><strong>Trdnost in vzdr\u017eljivost<\/strong>: vre\u010dke so odporne na trganje in omogo\u010dajo varno sterilizacijo.<\/li>\n<li><strong>Kemi\u010dni indikatorji<\/strong>: vsebuje indikatorje za sterilizacijo s paro in etilen oksid.<\/li>\n<li><strong>Certifikati<\/strong>: vre\u010dke ustrezajo standardom EN868-5 in nosijo oznako CE.<\/li>\n<li><strong>Enostaven za uporabo<\/strong>: samolepilna oblika omogo\u010da enostavno in varno zapiranje.<\/li>\n<\/ul>\n<h3>Navodila:<\/h3>\n<ol>\n<li>Predmete previdno polo\u017eite v vre\u010dko.<\/li>\n<li>Odstranite za\u0161\u010ditni trak, prepognite vzdol\u017e perforacije in pritisnite, da se tesno zapre.<\/li>\n<li>Vre\u010dke zlo\u017eite tako, da gre papir na papir in folija na folijo.<\/li>\n<\/ol>\n<p><strong>Velikost<\/strong>: 200 kosov<br \/>\n<strong>Dimenzije<\/strong>: 90 mm x 230 mm<\/p>\n<p>Te sterilizacijske vre\u010dke so klju\u010dni del za vzdr\u017eevanje visokih higienskih standardov v vsakodnevni praksi vsakega salona za nohte!<\/p>\n<p>&nbsp;<\/p>","protected":false},"excerpt":{"rendered":"<p>Vre\u010dice za sterilizaciju 90&#215;230 mm (200 kom)\u00a0idealan je proizvod za sigurnu sterilizaciju \u0161karica, poguriva\u010da, freza te ostalih alata i instrumenata za manikuru i pedikuru. Ove samoljepljive papirno-folijske vre\u0107ice su dizajnirane za sterilizaciju parom pod pritiskom ili ethylenoxidom, osiguravaju\u0107i maksimalnu higijenu i sigurnost. Materijal: specijalni medicinski papir (60g\/m2) i 7-slojna barijerna folija. \u010cvrsto\u0107a i izdr\u017eljivost: vre\u0107ice [&hellip;]<\/p>\n","protected":false},"featured_media":33320,"comment_status":"closed","ping_status":"closed","template":"","meta":{"_uag_custom_page_level_css":"","site-sidebar-layout":"default","site-content-layout":null,"ast-site-content-layout":"default","site-content-style":"default","site-sidebar-style":"default","ast-global-header-display":"","ast-banner-title-visibility":"","ast-main-header-display":"","ast-hfb-above-header-display":"","ast-hfb-below-header-display":"","ast-hfb-mobile-header-display":"","site-post-title":"","ast-breadcrumbs-content":null,"ast-featured-img":"","footer-sml-layout":"","ast-disable-related-posts":"","theme-transparent-header-meta":"default","adv-header-id-meta":"","stick-header-meta":"default","header-above-stick-meta":"","header-main-stick-meta":"","header-below-stick-meta":"","astra-migrate-meta-layouts":"set","ast-page-background-enabled":"default","ast-page-background-meta":{"desktop":{"background-color":"var(--ast-global-color-4)","background-image":"","background-repeat":"repeat","background-position":"center center","background-size":"auto","background-attachment":"scroll","background-type":"","background-media":"","overlay-type":"","overlay-color":"","overlay-opacity":"","overlay-gradient":""},"tablet":{"background-color":"","background-image":"","background-repeat":"repeat","background-position":"center center","background-size":"auto","background-attachment":"scroll","background-type":"","background-media":"","overlay-type":"","overlay-color":"","overlay-opacity":"","overlay-gradient":""},"mobile":{"background-color":"","background-image":"","background-repeat":"repeat","background-position":"center center","background-size":"auto","background-attachment":"scroll","background-type":"","background-media":"","overlay-type":"","overlay-color":"","overlay-opacity":"","overlay-gradient":""}},"ast-content-background-meta":{"desktop":{"background-color":"var(--ast-global-color-5)","background-image":"","background-repeat":"repeat","background-position":"center center","background-size":"auto","background-attachment":"scroll","background-type":"","background-media":"","overlay-type":"","overlay-color":"","overlay-opacity":"","overlay-gradient":""},"tablet":{"background-color":"var(--ast-global-color-5)","background-image":"","background-repeat":"repeat","background-position":"center center","background-size":"auto","background-attachment":"scroll","background-type":"","background-media":"","overlay-type":"","overlay-color":"","overlay-opacity":"","overlay-gradient":""},"mobile":{"background-color":"var(--ast-global-color-5)","background-image":"","background-repeat":"repeat","background-position":"center center","background-size":"auto","background-attachment":"scroll","background-type":"","background-media":"","overlay-type":"","overlay-color":"","overlay-opacity":"","overlay-gradient":""}}},"product_brand":[],"product_cat":[24],"product_tag":[265],"class_list":{"0":"post-33309","1":"product","2":"type-product","3":"status-publish","4":"has-post-thumbnail","6":"product_cat-dodaci","7":"product_tag-casica-za-nail-tekucine","8":"desktop-align-left","9":"tablet-align-left","10":"mobile-align-left","11":"ast-product-gallery-layout-horizontal-slider","12":"ast-product-tabs-layout-horizontal","14":"first","15":"outofstock","16":"taxable","17":"shipping-taxable","18":"purchasable","19":"product-type-simple"},"yoast_head":"<!-- This site is optimized with the Yoast SEO plugin v27.4 - https:\/\/yoast.com\/product\/yoast-seo-wordpress\/ -->\n<title>Vre\u010dice za sterilizaciju 90x230 mm (200 kom) &#8902; Mea Via Beauty<\/title>\n<meta name=\"description\" content=\"Mea Via Beauty &#8902; Vre\u010dice za sterilizaciju 90x230 mm (200 kom) &#8902; za pedikuru i manikuru&#8902; za\u0161tita pribora za manikuru &#8902; higijensko \u010duvanje pribora\" \/>\n<meta name=\"robots\" content=\"index, follow, max-snippet:-1, max-image-preview:large, max-video-preview:-1\" \/>\n<link rel=\"canonical\" href=\"https:\/\/www.meavia-mh.hr\/sl\/product\/vrecice-za-sterilizaciju-90x230-mm-200-kom\/\" \/>\n<meta property=\"og:locale\" content=\"sl_SI\" \/>\n<meta property=\"og:type\" content=\"article\" \/>\n<meta property=\"og:title\" content=\"Vre\u010dice za sterilizaciju 90x230 mm (200 kom) &#8902; Mea Via Beauty\" \/>\n<meta property=\"og:description\" content=\"Mea Via Beauty &#8902; Vre\u010dice za sterilizaciju 90x230 mm (200 kom) &#8902; za pedikuru i manikuru&#8902; za\u0161tita pribora za manikuru &#8902; higijensko \u010duvanje pribora\" \/>\n<meta property=\"og:url\" content=\"https:\/\/www.meavia-mh.hr\/sl\/product\/vrecice-za-sterilizaciju-90x230-mm-200-kom\/\" \/>\n<meta property=\"og:site_name\" content=\"Mea Via Beauty\" \/>\n<meta property=\"article:publisher\" content=\"https:\/\/www.facebook.com\/MeaViaNailsWorld\" \/>\n<meta property=\"article:modified_time\" content=\"2026-01-24T08:08:05+00:00\" \/>\n<meta property=\"og:image\" content=\"https:\/\/www.meavia-mh.hr\/wp-content\/uploads\/2024\/10\/Vrecice-za-sterilizaciju-90x230-mm-200-kom-2.jpg\" \/>\n\t<meta property=\"og:image:width\" content=\"1508\" \/>\n\t<meta property=\"og:image:height\" content=\"1424\" \/>\n\t<meta property=\"og:image:type\" content=\"image\/jpeg\" \/>\n<meta name=\"twitter:card\" content=\"summary_large_image\" \/>\n<meta name=\"twitter:label1\" content=\"Est. reading time\" \/>\n\t<meta name=\"twitter:data1\" content=\"2 minuti\" \/>\n<script type=\"application\/ld+json\" class=\"yoast-schema-graph\">{\"@context\":\"https:\\\/\\\/schema.org\",\"@graph\":[{\"@type\":\"WebPage\",\"@id\":\"https:\\\/\\\/www.meavia-mh.hr\\\/product\\\/vrecice-za-sterilizaciju-90x230-mm-200-kom\\\/\",\"url\":\"https:\\\/\\\/www.meavia-mh.hr\\\/product\\\/vrecice-za-sterilizaciju-90x230-mm-200-kom\\\/\",\"name\":\"Vre\u010dice za sterilizaciju 90x230 mm (200 kom) &#8902; Mea Via Beauty\",\"isPartOf\":{\"@id\":\"https:\\\/\\\/meavia-mh.hr\\\/sl\\\/#website\"},\"primaryImageOfPage\":{\"@id\":\"https:\\\/\\\/www.meavia-mh.hr\\\/product\\\/vrecice-za-sterilizaciju-90x230-mm-200-kom\\\/#primaryimage\"},\"image\":{\"@id\":\"https:\\\/\\\/www.meavia-mh.hr\\\/product\\\/vrecice-za-sterilizaciju-90x230-mm-200-kom\\\/#primaryimage\"},\"thumbnailUrl\":\"https:\\\/\\\/www.meavia-mh.hr\\\/wp-content\\\/uploads\\\/2024\\\/10\\\/Vrecice-za-sterilizaciju-90x230-mm-200-kom-2.jpg\",\"datePublished\":\"2024-10-22T07:13:02+00:00\",\"dateModified\":\"2026-01-24T08:08:05+00:00\",\"description\":\"Mea Via Beauty &#8902; Vre\u010dice za sterilizaciju 90x230 mm (200 kom) &#8902; za pedikuru i manikuru&#8902; za\u0161tita pribora za manikuru &#8902; higijensko \u010duvanje pribora\",\"breadcrumb\":{\"@id\":\"https:\\\/\\\/www.meavia-mh.hr\\\/product\\\/vrecice-za-sterilizaciju-90x230-mm-200-kom\\\/#breadcrumb\"},\"inLanguage\":\"sl-SI\",\"potentialAction\":[{\"@type\":\"ReadAction\",\"target\":[\"https:\\\/\\\/www.meavia-mh.hr\\\/product\\\/vrecice-za-sterilizaciju-90x230-mm-200-kom\\\/\"]}]},{\"@type\":\"ImageObject\",\"inLanguage\":\"sl-SI\",\"@id\":\"https:\\\/\\\/www.meavia-mh.hr\\\/product\\\/vrecice-za-sterilizaciju-90x230-mm-200-kom\\\/#primaryimage\",\"url\":\"https:\\\/\\\/www.meavia-mh.hr\\\/wp-content\\\/uploads\\\/2024\\\/10\\\/Vrecice-za-sterilizaciju-90x230-mm-200-kom-2.jpg\",\"contentUrl\":\"https:\\\/\\\/www.meavia-mh.hr\\\/wp-content\\\/uploads\\\/2024\\\/10\\\/Vrecice-za-sterilizaciju-90x230-mm-200-kom-2.jpg\",\"width\":1508,\"height\":1424,\"caption\":\"Vre\u010dice za sterilizaciju 90x230 mm (200 kom)\"},{\"@type\":\"BreadcrumbList\",\"@id\":\"https:\\\/\\\/www.meavia-mh.hr\\\/product\\\/vrecice-za-sterilizaciju-90x230-mm-200-kom\\\/#breadcrumb\",\"itemListElement\":[{\"@type\":\"ListItem\",\"position\":1,\"name\":\"Po\u010detna stranica\",\"item\":\"https:\\\/\\\/www.meavia-mh.hr\\\/\"},{\"@type\":\"ListItem\",\"position\":2,\"name\":\"Trgovina\",\"item\":\"https:\\\/\\\/meavia-mh.hr\\\/sl\\\/store\\\/\"},{\"@type\":\"ListItem\",\"position\":3,\"name\":\"Vre\u010dice za sterilizaciju 90&#215;230 mm (200 kom)\"}]},{\"@type\":\"WebSite\",\"@id\":\"https:\\\/\\\/meavia-mh.hr\\\/sl\\\/#website\",\"url\":\"https:\\\/\\\/meavia-mh.hr\\\/sl\\\/\",\"name\":\"Mea Via Beauty\",\"description\":\"Only The Best For Your Beauty\",\"publisher\":{\"@id\":\"https:\\\/\\\/meavia-mh.hr\\\/sl\\\/#organization\"},\"alternateName\":\"Mea Via Nails\",\"potentialAction\":[{\"@type\":\"SearchAction\",\"target\":{\"@type\":\"EntryPoint\",\"urlTemplate\":\"https:\\\/\\\/meavia-mh.hr\\\/sl\\\/?s={search_term_string}\"},\"query-input\":{\"@type\":\"PropertyValueSpecification\",\"valueRequired\":true,\"valueName\":\"search_term_string\"}}],\"inLanguage\":\"sl-SI\"},{\"@type\":\"Organization\",\"@id\":\"https:\\\/\\\/meavia-mh.hr\\\/sl\\\/#organization\",\"name\":\"Mea Via Nails World\",\"alternateName\":\"Mea Via\",\"url\":\"https:\\\/\\\/meavia-mh.hr\\\/sl\\\/\",\"logo\":{\"@type\":\"ImageObject\",\"inLanguage\":\"sl-SI\",\"@id\":\"https:\\\/\\\/meavia-mh.hr\\\/sl\\\/#\\\/schema\\\/logo\\\/image\\\/\",\"url\":\"https:\\\/\\\/www.meavia-mh.hr\\\/wp-content\\\/uploads\\\/2020\\\/12\\\/Mea-Via.png\",\"contentUrl\":\"https:\\\/\\\/www.meavia-mh.hr\\\/wp-content\\\/uploads\\\/2020\\\/12\\\/Mea-Via.png\",\"width\":1181,\"height\":393,\"caption\":\"Mea Via Nails World\"},\"image\":{\"@id\":\"https:\\\/\\\/meavia-mh.hr\\\/sl\\\/#\\\/schema\\\/logo\\\/image\\\/\"},\"sameAs\":[\"https:\\\/\\\/www.facebook.com\\\/MeaViaNailsWorld\",\"https:\\\/\\\/www.instagram.com\\\/mea_via_nails_world\\\/\",\"https:\\\/\\\/www.youtube.com\\\/channel\\\/UCECk0hpRWP6TN-EfA4ER96g\\\/featured\"]}]}<\/script>\n<!-- \/ Yoast SEO plugin. -->","yoast_head_json":{"title":"Vre\u010dke za sterilizacijo 90x230 mm (200 kosov) \u22c6 Mea Via Beauty","description":"Mea Via Beauty \u22c6 Vre\u010dke za sterilizacijo 90x230 mm (200 kosov) \u22c6 za pedikuro in manikuro \u22c6 za\u0161\u010dita pripomo\u010dkov za manikuro \u22c6 higiensko shranjevanje pripomo\u010dkov","robots":{"index":"index","follow":"follow","max-snippet":"max-snippet:-1","max-image-preview":"max-image-preview:large","max-video-preview":"max-video-preview:-1"},"canonical":"https:\/\/www.meavia-mh.hr\/sl\/product\/vrecice-za-sterilizaciju-90x230-mm-200-kom\/","og_locale":"sl_SI","og_type":"article","og_title":"Vre\u010dice za sterilizaciju 90x230 mm (200 kom) &#8902; Mea Via Beauty","og_description":"Mea Via Beauty &#8902; Vre\u010dice za sterilizaciju 90x230 mm (200 kom) &#8902; za pedikuru i manikuru&#8902; za\u0161tita pribora za manikuru &#8902; higijensko \u010duvanje pribora","og_url":"https:\/\/www.meavia-mh.hr\/sl\/product\/vrecice-za-sterilizaciju-90x230-mm-200-kom\/","og_site_name":"Mea Via Beauty","article_publisher":"https:\/\/www.facebook.com\/MeaViaNailsWorld","article_modified_time":"2026-01-24T08:08:05+00:00","og_image":[{"width":1508,"height":1424,"url":"https:\/\/www.meavia-mh.hr\/wp-content\/uploads\/2024\/10\/Vrecice-za-sterilizaciju-90x230-mm-200-kom-2.jpg","type":"image\/jpeg"}],"twitter_card":"summary_large_image","twitter_misc":{"Est. reading time":"2 minuti"},"schema":{"@context":"https:\/\/schema.org","@graph":[{"@type":"WebPage","@id":"https:\/\/www.meavia-mh.hr\/product\/vrecice-za-sterilizaciju-90x230-mm-200-kom\/","url":"https:\/\/www.meavia-mh.hr\/product\/vrecice-za-sterilizaciju-90x230-mm-200-kom\/","name":"Vre\u010dke za sterilizacijo 90x230 mm (200 kosov) \u22c6 Mea Via Beauty","isPartOf":{"@id":"https:\/\/meavia-mh.hr\/sl\/#website"},"primaryImageOfPage":{"@id":"https:\/\/www.meavia-mh.hr\/product\/vrecice-za-sterilizaciju-90x230-mm-200-kom\/#primaryimage"},"image":{"@id":"https:\/\/www.meavia-mh.hr\/product\/vrecice-za-sterilizaciju-90x230-mm-200-kom\/#primaryimage"},"thumbnailUrl":"https:\/\/www.meavia-mh.hr\/wp-content\/uploads\/2024\/10\/Vrecice-za-sterilizaciju-90x230-mm-200-kom-2.jpg","datePublished":"2024-10-22T07:13:02+00:00","dateModified":"2026-01-24T08:08:05+00:00","description":"Mea Via Beauty \u22c6 Vre\u010dke za sterilizacijo 90x230 mm (200 kosov) \u22c6 za pedikuro in manikuro \u22c6 za\u0161\u010dita pripomo\u010dkov za manikuro \u22c6 higiensko shranjevanje pripomo\u010dkov","breadcrumb":{"@id":"https:\/\/www.meavia-mh.hr\/product\/vrecice-za-sterilizaciju-90x230-mm-200-kom\/#breadcrumb"},"inLanguage":"sl-SI","potentialAction":[{"@type":"ReadAction","target":["https:\/\/www.meavia-mh.hr\/product\/vrecice-za-sterilizaciju-90x230-mm-200-kom\/"]}]},{"@type":"ImageObject","inLanguage":"sl-SI","@id":"https:\/\/www.meavia-mh.hr\/product\/vrecice-za-sterilizaciju-90x230-mm-200-kom\/#primaryimage","url":"https:\/\/www.meavia-mh.hr\/wp-content\/uploads\/2024\/10\/Vrecice-za-sterilizaciju-90x230-mm-200-kom-2.jpg","contentUrl":"https:\/\/www.meavia-mh.hr\/wp-content\/uploads\/2024\/10\/Vrecice-za-sterilizaciju-90x230-mm-200-kom-2.jpg","width":1508,"height":1424,"caption":"Vre\u010dice za sterilizaciju 90x230 mm (200 kom)"},{"@type":"BreadcrumbList","@id":"https:\/\/www.meavia-mh.hr\/product\/vrecice-za-sterilizaciju-90x230-mm-200-kom\/#breadcrumb","itemListElement":[{"@type":"ListItem","position":1,"name":"Po\u010detna stranica","item":"https:\/\/www.meavia-mh.hr\/"},{"@type":"ListItem","position":2,"name":"Trgovina","item":"https:\/\/meavia-mh.hr\/sl\/store\/"},{"@type":"ListItem","position":3,"name":"Vre\u010dice za sterilizaciju 90&#215;230 mm (200 kom)"}]},{"@type":"WebSite","@id":"https:\/\/meavia-mh.hr\/sl\/#website","url":"https:\/\/meavia-mh.hr\/sl\/","name":"MEA VIA BEAUTY","description":"Only The Best For Your Beauty","publisher":{"@id":"https:\/\/meavia-mh.hr\/sl\/#organization"},"alternateName":"Mea Via Nails","potentialAction":[{"@type":"SearchAction","target":{"@type":"EntryPoint","urlTemplate":"https:\/\/meavia-mh.hr\/sl\/?s={search_term_string}"},"query-input":{"@type":"PropertyValueSpecification","valueRequired":true,"valueName":"search_term_string"}}],"inLanguage":"sl-SI"},{"@type":"Organization","@id":"https:\/\/meavia-mh.hr\/sl\/#organization","name":"Mea Via Nails World","alternateName":"Mea Via","url":"https:\/\/meavia-mh.hr\/sl\/","logo":{"@type":"ImageObject","inLanguage":"sl-SI","@id":"https:\/\/meavia-mh.hr\/sl\/#\/schema\/logo\/image\/","url":"https:\/\/www.meavia-mh.hr\/wp-content\/uploads\/2020\/12\/Mea-Via.png","contentUrl":"https:\/\/www.meavia-mh.hr\/wp-content\/uploads\/2020\/12\/Mea-Via.png","width":1181,"height":393,"caption":"Mea Via Nails World"},"image":{"@id":"https:\/\/meavia-mh.hr\/sl\/#\/schema\/logo\/image\/"},"sameAs":["https:\/\/www.facebook.com\/MeaViaNailsWorld","https:\/\/www.instagram.com\/mea_via_nails_world\/","https:\/\/www.youtube.com\/channel\/UCECk0hpRWP6TN-EfA4ER96g\/featured"]}]}},"spectra_custom_meta":{"_sku":["5904169464473"],"_regular_price":["12.99"],"total_sales":["10"],"_tax_status":["taxable"],"_tax_class":[""],"_manage_stock":["yes"],"_backorders":["no"],"_sold_individually":["no"],"_virtual":["no"],"_downloadable":["no"],"_product_image_gallery":["33316,33322,33315,33318,33317,33325"],"_download_limit":["-1"],"_download_expiry":["-1"],"_thumbnail_id":["33320"],"_stock":["0"],"_stock_status":["outofstock"],"_wc_average_rating":["0"],"_wc_review_count":["0"],"_product_version":["10.4.3"],"_price":["12.99"],"_wp_page_template":["default"],"_yoast_wpseo_focuskw":["vre\u010dice za sterilizaciju"],"_yoast_wpseo_metadesc":["%%sitename%% %%sep%% %%title%% %%sep%% za pedikuru i manikuru%%sep%% za\u0161tita pribora za manikuru %%sep%% higijensko \u010duvanje pribora"],"_yoast_wpseo_linkdex":["65"],"_yoast_wpseo_content_score":["90"],"_yoast_wpseo_primary_product_cat":["24"],"site-sidebar-layout":["default"],"site-content-layout":[null],"theme-transparent-header-meta":["default"],"stick-header-meta":["default"],"_woocs_price_geo_countries":[""],"_woocs_regular_price_geo":[""],"_woocs_sale_price_geo":[""],"_yoast_wpseo_estimated-reading-time-minutes":["2"],"cartflows_redirect_flow_id":[""],"cartflows_add_to_cart_text":[""],"_woocs_regular_price_EUR":["1.31"],"_woocs_sale_price_EUR":["-1"],"_lowest_price_30_days":["1.31"],"uag_migration_processed":["1"],"ast-site-content-layout":["default"],"site-content-style":["default"],"site-sidebar-style":["default"],"_yoast_wpseo_primary_fb_product_set":[""],"_edit_lock":["1767535908:1239"],"_edit_last":["1239"],"_crosssell_ids":["a:2:{i:0;i:18575;i:1;i:12393;}"],"astra-migrate-meta-layouts":["set"],"ast-above-header-display":[null],"ast-below-header-display":[null],"footer-adv-display":[null],"adv-header-id-meta":[""],"ast-breadcrumbs-content":[null],"_elementor_page_assets":["a:0:{}"],"_uag_page_assets":["a:9:{s:3:\"css\";s:0:\"\";s:2:\"js\";s:0:\"\";s:18:\"current_block_list\";a:3:{i:0;s:11:\"core\/search\";i:1;s:18:\"core\/legacy-widget\";i:2;s:27:\"woocommerce\/product-filters\";}s:8:\"uag_flag\";b:0;s:11:\"uag_version\";s:10:\"1776503599\";s:6:\"gfonts\";a:0:{}s:10:\"gfonts_url\";s:0:\"\";s:12:\"gfonts_files\";a:0:{}s:14:\"uag_faq_layout\";b:0;}"]},"uagb_featured_image_src":{"full":["https:\/\/www.meavia-mh.hr\/wp-content\/uploads\/2024\/10\/Vrecice-za-sterilizaciju-90x230-mm-200-kom-2.jpg",1508,1424,false],"thumbnail":["https:\/\/www.meavia-mh.hr\/wp-content\/uploads\/2024\/10\/Vrecice-za-sterilizaciju-90x230-mm-200-kom-2-150x150.jpg",150,150,true],"medium":["https:\/\/www.meavia-mh.hr\/wp-content\/uploads\/2024\/10\/Vrecice-za-sterilizaciju-90x230-mm-200-kom-2-300x283.jpg",300,283,true],"medium_large":["https:\/\/www.meavia-mh.hr\/wp-content\/uploads\/2024\/10\/Vrecice-za-sterilizaciju-90x230-mm-200-kom-2-768x725.jpg",768,725,true],"large":["https:\/\/www.meavia-mh.hr\/wp-content\/uploads\/2024\/10\/Vrecice-za-sterilizaciju-90x230-mm-200-kom-2-1024x967.jpg",1024,967,true],"1536x1536":["https:\/\/www.meavia-mh.hr\/wp-content\/uploads\/2024\/10\/Vrecice-za-sterilizaciju-90x230-mm-200-kom-2.jpg",1508,1424,false],"2048x2048":["https:\/\/www.meavia-mh.hr\/wp-content\/uploads\/2024\/10\/Vrecice-za-sterilizaciju-90x230-mm-200-kom-2.jpg",1508,1424,false],"trp-custom-language-flag":["https:\/\/www.meavia-mh.hr\/wp-content\/uploads\/2024\/10\/Vrecice-za-sterilizaciju-90x230-mm-200-kom-2-13x12.jpg",13,12,true],"woocommerce_thumbnail":["https:\/\/www.meavia-mh.hr\/wp-content\/uploads\/2024\/10\/Vrecice-za-sterilizaciju-90x230-mm-200-kom-2-300x300.jpg",300,300,true],"woocommerce_single":["https:\/\/www.meavia-mh.hr\/wp-content\/uploads\/2024\/10\/Vrecice-za-sterilizaciju-90x230-mm-200-kom-2-600x567.jpg",600,567,true],"woocommerce_gallery_thumbnail":["https:\/\/www.meavia-mh.hr\/wp-content\/uploads\/2024\/10\/Vrecice-za-sterilizaciju-90x230-mm-200-kom-2-100x100.jpg",100,100,true]},"uagb_author_info":{"display_name":"Zla Gol","author_link":"https:\/\/www.meavia-mh.hr\/sl\/author\/"},"uagb_comment_info":0,"uagb_excerpt":"Vre\u010dice za sterilizaciju 90&#215;230 mm (200 kom)\u00a0idealan je proizvod za sigurnu sterilizaciju \u0161karica, poguriva\u010da, freza te ostalih alata i instrumenata za manikuru i pedikuru. Ove samoljepljive papirno-folijske vre\u0107ice su dizajnirane za sterilizaciju parom pod pritiskom ili ethylenoxidom, osiguravaju\u0107i maksimalnu higijenu i sigurnost. Materijal: specijalni medicinski papir (60g\/m2) i 7-slojna barijerna folija. \u010cvrsto\u0107a i izdr\u017eljivost: vre\u0107ice&hellip;","_links":{"self":[{"href":"https:\/\/www.meavia-mh.hr\/sl\/wp-json\/wp\/v2\/product\/33309","targetHints":{"allow":["GET"]}}],"collection":[{"href":"https:\/\/www.meavia-mh.hr\/sl\/wp-json\/wp\/v2\/product"}],"about":[{"href":"https:\/\/www.meavia-mh.hr\/sl\/wp-json\/wp\/v2\/types\/product"}],"replies":[{"embeddable":true,"href":"https:\/\/www.meavia-mh.hr\/sl\/wp-json\/wp\/v2\/comments?post=33309"}],"version-history":[{"count":2,"href":"https:\/\/www.meavia-mh.hr\/sl\/wp-json\/wp\/v2\/product\/33309\/revisions"}],"predecessor-version":[{"id":33324,"href":"https:\/\/www.meavia-mh.hr\/sl\/wp-json\/wp\/v2\/product\/33309\/revisions\/33324"}],"wp:featuredmedia":[{"embeddable":true,"href":"https:\/\/www.meavia-mh.hr\/sl\/wp-json\/wp\/v2\/media\/33320"}],"wp:attachment":[{"href":"https:\/\/www.meavia-mh.hr\/sl\/wp-json\/wp\/v2\/media?parent=33309"}],"wp:term":[{"taxonomy":"product_brand","embeddable":true,"href":"https:\/\/www.meavia-mh.hr\/sl\/wp-json\/wp\/v2\/product_brand?post=33309"},{"taxonomy":"product_cat","embeddable":true,"href":"https:\/\/www.meavia-mh.hr\/sl\/wp-json\/wp\/v2\/product_cat?post=33309"},{"taxonomy":"product_tag","embeddable":true,"href":"https:\/\/www.meavia-mh.hr\/sl\/wp-json\/wp\/v2\/product_tag?post=33309"}],"curies":[{"name":"delovni list","href":"https:\/\/api.w.org\/{rel}","templated":true}]}}