{"id":33237,"date":"2024-10-14T07:49:51","date_gmt":"2024-10-14T07:49:51","guid":{"rendered":"https:\/\/www.meavia-mh.hr\/?post_type=product&#038;p=33237"},"modified":"2026-04-13T08:02:23","modified_gmt":"2026-04-13T07:02:23","slug":"blazinice-za-nokte-500-kom-bez-dlacica-u-kutiji","status":"publish","type":"product","link":"https:\/\/www.meavia-mh.hr\/sl\/product\/blazinice-za-nokte-500-kom-bez-dlacica-u-kutiji\/","title":{"rendered":"Blazinice za nohte 500 kom (brez dlak) v \u0161katli"},"content":{"rendered":"<p>Blazinice za nohte so nepogre\u0161ljiv pomo\u017eni material za \u010di\u0161\u010denje naravnih in geliranih nohtov pred, med in po njihovi ureditvi. Kakovostne blazinice so izdelane iz celuloze in ne pu\u0161\u010dajo vlaken. Zaradi svoje kakovosti jih odlikuje visoka absorpcijska sposobnost. Pakirano v akrilni \u0161katli za enkratno uporabo.<\/p>\n<ul>\n<li>Blazinice so narejene iz celulozne vate.<\/li>\n<li>Ne pu\u0161\u010dajo dlak.<\/li>\n<li>Vrhunske ve\u010dplastne bomba\u017ene blazinice za umivanje nohtne plo\u0161\u010de po postopku.<\/li>\n<li><span lang=\"de\" xml:lang=\"de\">Na nohtni plo\u0161\u010di ne pu\u0161\u010dajo nepotrebnih sledi.<\/span><\/li>\n<li>Rola vsebuje 500 kosov vatnih blazinic.<\/li>\n<\/ul>\n<h6><span style=\"font-size: 17.600000381469727px; font-style: normal; font-weight: bold;\">Pakiranje po 500 kosov\u00a0<\/span><\/h6>\n<p><span style=\"color: #000000;\"><strong>Namen:<\/strong><\/span>\u00a0Potro\u0161ni material za enkratno uporabo za profesionalno manikuro in nadgradnjo nohtov.<\/p>","protected":false},"excerpt":{"rendered":"<p>Pakiranje po 500 kosov.<\/p>","protected":false},"featured_media":33242,"comment_status":"closed","ping_status":"closed","template":"","meta":{"_uag_custom_page_level_css":"","site-sidebar-layout":"default","site-content-layout":null,"ast-site-content-layout":"default","site-content-style":"default","site-sidebar-style":"default","ast-global-header-display":"","ast-banner-title-visibility":"","ast-main-header-display":"","ast-hfb-above-header-display":"","ast-hfb-below-header-display":"","ast-hfb-mobile-header-display":"","site-post-title":"","ast-breadcrumbs-content":null,"ast-featured-img":"","footer-sml-layout":"","ast-disable-related-posts":"","theme-transparent-header-meta":"default","adv-header-id-meta":"","stick-header-meta":"default","header-above-stick-meta":"","header-main-stick-meta":"","header-below-stick-meta":"","astra-migrate-meta-layouts":"set","ast-page-background-enabled":"default","ast-page-background-meta":{"desktop":{"background-color":"var(--ast-global-color-4)","background-image":"","background-repeat":"repeat","background-position":"center center","background-size":"auto","background-attachment":"scroll","background-type":"","background-media":"","overlay-type":"","overlay-color":"","overlay-opacity":"","overlay-gradient":""},"tablet":{"background-color":"","background-image":"","background-repeat":"repeat","background-position":"center center","background-size":"auto","background-attachment":"scroll","background-type":"","background-media":"","overlay-type":"","overlay-color":"","overlay-opacity":"","overlay-gradient":""},"mobile":{"background-color":"","background-image":"","background-repeat":"repeat","background-position":"center center","background-size":"auto","background-attachment":"scroll","background-type":"","background-media":"","overlay-type":"","overlay-color":"","overlay-opacity":"","overlay-gradient":""}},"ast-content-background-meta":{"desktop":{"background-color":"var(--ast-global-color-5)","background-image":"","background-repeat":"repeat","background-position":"center center","background-size":"auto","background-attachment":"scroll","background-type":"","background-media":"","overlay-type":"","overlay-color":"","overlay-opacity":"","overlay-gradient":""},"tablet":{"background-color":"var(--ast-global-color-5)","background-image":"","background-repeat":"repeat","background-position":"center center","background-size":"auto","background-attachment":"scroll","background-type":"","background-media":"","overlay-type":"","overlay-color":"","overlay-opacity":"","overlay-gradient":""},"mobile":{"background-color":"var(--ast-global-color-5)","background-image":"","background-repeat":"repeat","background-position":"center center","background-size":"auto","background-attachment":"scroll","background-type":"","background-media":"","overlay-type":"","overlay-color":"","overlay-opacity":"","overlay-gradient":""}}},"product_brand":[],"product_cat":[524,24],"product_tag":[246,313,244,226],"class_list":{"0":"post-33237","1":"product","2":"type-product","3":"status-publish","4":"has-post-thumbnail","6":"product_cat-akcija","7":"product_cat-dodaci","8":"product_tag-accessorise","9":"product_tag-blazinice","10":"product_tag-manikura","11":"product_tag-pedikura","12":"desktop-align-left","13":"tablet-align-left","14":"mobile-align-left","15":"ast-product-gallery-layout-horizontal-slider","16":"ast-product-tabs-layout-horizontal","18":"first","19":"outofstock","20":"sale","21":"taxable","22":"shipping-taxable","23":"purchasable","24":"product-type-simple"},"yoast_head":"<!-- This site is optimized with the Yoast SEO plugin v27.4 - https:\/\/yoast.com\/product\/yoast-seo-wordpress\/ -->\n<title>Blazinice za nokte 500 kom (bez dla\u010dica) u kutiji &#8902; manikura i pedikura &#8902; Mea Via Beauty<\/title>\n<meta name=\"description\" content=\"Blazinice za nokte 500 kom (bez dla\u010dica) u kutiji &#8902; veliko pakiranje od 500 komada &#8902; za manikuru i pedikuru &#8902; vi\u0161eslojni pamu\u010dni jastu\u010di\u0107i za nokte\" \/>\n<meta name=\"robots\" content=\"index, follow, max-snippet:-1, max-image-preview:large, max-video-preview:-1\" \/>\n<link rel=\"canonical\" href=\"https:\/\/www.meavia-mh.hr\/sl\/product\/blazinice-za-nokte-500-kom-bez-dlacica-u-kutiji\/\" \/>\n<meta property=\"og:locale\" content=\"sl_SI\" \/>\n<meta property=\"og:type\" content=\"article\" \/>\n<meta property=\"og:title\" content=\"Blazinice za nokte 500 kom (bez dla\u010dica) u kutiji &#8902; manikura i pedikura &#8902; Mea Via Beauty\" \/>\n<meta property=\"og:description\" content=\"Blazinice za nokte 500 kom (bez dla\u010dica) u kutiji &#8902; veliko pakiranje od 500 komada &#8902; za manikuru i pedikuru &#8902; vi\u0161eslojni pamu\u010dni jastu\u010di\u0107i za nokte\" \/>\n<meta property=\"og:url\" content=\"https:\/\/www.meavia-mh.hr\/sl\/product\/blazinice-za-nokte-500-kom-bez-dlacica-u-kutiji\/\" \/>\n<meta property=\"og:site_name\" content=\"Mea Via Beauty\" \/>\n<meta property=\"article:publisher\" content=\"https:\/\/www.facebook.com\/MeaViaNailsWorld\" \/>\n<meta property=\"article:modified_time\" content=\"2026-04-13T07:02:23+00:00\" \/>\n<meta property=\"og:image\" content=\"https:\/\/www.meavia-mh.hr\/wp-content\/uploads\/2024\/10\/blazinice.jpg\" \/>\n\t<meta property=\"og:image:width\" content=\"1398\" \/>\n\t<meta property=\"og:image:height\" content=\"1400\" \/>\n\t<meta property=\"og:image:type\" content=\"image\/jpeg\" \/>\n<meta name=\"twitter:card\" content=\"summary_large_image\" \/>\n<meta name=\"twitter:label1\" content=\"Est. reading time\" \/>\n\t<meta name=\"twitter:data1\" content=\"1 minuta\" \/>\n<script type=\"application\/ld+json\" class=\"yoast-schema-graph\">{\"@context\":\"https:\\\/\\\/schema.org\",\"@graph\":[{\"@type\":\"WebPage\",\"@id\":\"https:\\\/\\\/www.meavia-mh.hr\\\/product\\\/blazinice-za-nokte-500-kom-bez-dlacica-u-kutiji\\\/\",\"url\":\"https:\\\/\\\/www.meavia-mh.hr\\\/product\\\/blazinice-za-nokte-500-kom-bez-dlacica-u-kutiji\\\/\",\"name\":\"Blazinice za nokte 500 kom (bez dla\u010dica) u kutiji &#8902; manikura i pedikura &#8902; Mea Via Beauty\",\"isPartOf\":{\"@id\":\"https:\\\/\\\/meavia-mh.hr\\\/sl\\\/#website\"},\"primaryImageOfPage\":{\"@id\":\"https:\\\/\\\/www.meavia-mh.hr\\\/product\\\/blazinice-za-nokte-500-kom-bez-dlacica-u-kutiji\\\/#primaryimage\"},\"image\":{\"@id\":\"https:\\\/\\\/www.meavia-mh.hr\\\/product\\\/blazinice-za-nokte-500-kom-bez-dlacica-u-kutiji\\\/#primaryimage\"},\"thumbnailUrl\":\"https:\\\/\\\/www.meavia-mh.hr\\\/wp-content\\\/uploads\\\/2024\\\/10\\\/blazinice.jpg\",\"datePublished\":\"2024-10-14T07:49:51+00:00\",\"dateModified\":\"2026-04-13T07:02:23+00:00\",\"description\":\"Blazinice za nokte 500 kom (bez dla\u010dica) u kutiji &#8902; veliko pakiranje od 500 komada &#8902; za manikuru i pedikuru &#8902; vi\u0161eslojni pamu\u010dni jastu\u010di\u0107i za nokte\",\"breadcrumb\":{\"@id\":\"https:\\\/\\\/www.meavia-mh.hr\\\/product\\\/blazinice-za-nokte-500-kom-bez-dlacica-u-kutiji\\\/#breadcrumb\"},\"inLanguage\":\"sl-SI\",\"potentialAction\":[{\"@type\":\"ReadAction\",\"target\":[\"https:\\\/\\\/www.meavia-mh.hr\\\/product\\\/blazinice-za-nokte-500-kom-bez-dlacica-u-kutiji\\\/\"]}]},{\"@type\":\"ImageObject\",\"inLanguage\":\"sl-SI\",\"@id\":\"https:\\\/\\\/www.meavia-mh.hr\\\/product\\\/blazinice-za-nokte-500-kom-bez-dlacica-u-kutiji\\\/#primaryimage\",\"url\":\"https:\\\/\\\/www.meavia-mh.hr\\\/wp-content\\\/uploads\\\/2024\\\/10\\\/blazinice.jpg\",\"contentUrl\":\"https:\\\/\\\/www.meavia-mh.hr\\\/wp-content\\\/uploads\\\/2024\\\/10\\\/blazinice.jpg\",\"width\":1398,\"height\":1400,\"caption\":\"Blazinice za nokte 500 kom (bez dla\u010dica) u kutiji\"},{\"@type\":\"BreadcrumbList\",\"@id\":\"https:\\\/\\\/www.meavia-mh.hr\\\/product\\\/blazinice-za-nokte-500-kom-bez-dlacica-u-kutiji\\\/#breadcrumb\",\"itemListElement\":[{\"@type\":\"ListItem\",\"position\":1,\"name\":\"Po\u010detna stranica\",\"item\":\"https:\\\/\\\/www.meavia-mh.hr\\\/\"},{\"@type\":\"ListItem\",\"position\":2,\"name\":\"Trgovina\",\"item\":\"https:\\\/\\\/meavia-mh.hr\\\/sl\\\/store\\\/\"},{\"@type\":\"ListItem\",\"position\":3,\"name\":\"Blazinice za nokte 500 kom (bez dla\u010dica) u kutiji\"}]},{\"@type\":\"WebSite\",\"@id\":\"https:\\\/\\\/meavia-mh.hr\\\/sl\\\/#website\",\"url\":\"https:\\\/\\\/meavia-mh.hr\\\/sl\\\/\",\"name\":\"Mea Via Beauty\",\"description\":\"Only The Best For Your Beauty\",\"publisher\":{\"@id\":\"https:\\\/\\\/meavia-mh.hr\\\/sl\\\/#organization\"},\"alternateName\":\"Mea Via Nails\",\"potentialAction\":[{\"@type\":\"SearchAction\",\"target\":{\"@type\":\"EntryPoint\",\"urlTemplate\":\"https:\\\/\\\/meavia-mh.hr\\\/sl\\\/?s={search_term_string}\"},\"query-input\":{\"@type\":\"PropertyValueSpecification\",\"valueRequired\":true,\"valueName\":\"search_term_string\"}}],\"inLanguage\":\"sl-SI\"},{\"@type\":\"Organization\",\"@id\":\"https:\\\/\\\/meavia-mh.hr\\\/sl\\\/#organization\",\"name\":\"Mea Via Nails World\",\"alternateName\":\"Mea Via\",\"url\":\"https:\\\/\\\/meavia-mh.hr\\\/sl\\\/\",\"logo\":{\"@type\":\"ImageObject\",\"inLanguage\":\"sl-SI\",\"@id\":\"https:\\\/\\\/meavia-mh.hr\\\/sl\\\/#\\\/schema\\\/logo\\\/image\\\/\",\"url\":\"https:\\\/\\\/www.meavia-mh.hr\\\/wp-content\\\/uploads\\\/2020\\\/12\\\/Mea-Via.png\",\"contentUrl\":\"https:\\\/\\\/www.meavia-mh.hr\\\/wp-content\\\/uploads\\\/2020\\\/12\\\/Mea-Via.png\",\"width\":1181,\"height\":393,\"caption\":\"Mea Via Nails World\"},\"image\":{\"@id\":\"https:\\\/\\\/meavia-mh.hr\\\/sl\\\/#\\\/schema\\\/logo\\\/image\\\/\"},\"sameAs\":[\"https:\\\/\\\/www.facebook.com\\\/MeaViaNailsWorld\",\"https:\\\/\\\/www.instagram.com\\\/mea_via_nails_world\\\/\",\"https:\\\/\\\/www.youtube.com\\\/channel\\\/UCECk0hpRWP6TN-EfA4ER96g\\\/featured\"]}]}<\/script>\n<!-- \/ Yoast SEO plugin. -->","yoast_head_json":{"title":"Blazinice za nohte 500 kosov (brez dlak) v \u0161katli \u22c6 manikura in pedikura \u22c6 Mea Via Beauty","description":"Blazinice za nohte 500 kosov (brez dlak) v \u0161katli \u22c6 veliko pakiranje 500 kosov \u22c6 za manikuro in pedikuro \u22c6 ve\u010dplastne bomba\u017ene blazinice za nohte","robots":{"index":"index","follow":"follow","max-snippet":"max-snippet:-1","max-image-preview":"max-image-preview:large","max-video-preview":"max-video-preview:-1"},"canonical":"https:\/\/www.meavia-mh.hr\/sl\/product\/blazinice-za-nokte-500-kom-bez-dlacica-u-kutiji\/","og_locale":"sl_SI","og_type":"article","og_title":"Blazinice za nokte 500 kom (bez dla\u010dica) u kutiji &#8902; manikura i pedikura &#8902; Mea Via Beauty","og_description":"Blazinice za nokte 500 kom (bez dla\u010dica) u kutiji &#8902; veliko pakiranje od 500 komada &#8902; za manikuru i pedikuru &#8902; vi\u0161eslojni pamu\u010dni jastu\u010di\u0107i za nokte","og_url":"https:\/\/www.meavia-mh.hr\/sl\/product\/blazinice-za-nokte-500-kom-bez-dlacica-u-kutiji\/","og_site_name":"Mea Via Beauty","article_publisher":"https:\/\/www.facebook.com\/MeaViaNailsWorld","article_modified_time":"2026-04-13T07:02:23+00:00","og_image":[{"width":1398,"height":1400,"url":"https:\/\/www.meavia-mh.hr\/wp-content\/uploads\/2024\/10\/blazinice.jpg","type":"image\/jpeg"}],"twitter_card":"summary_large_image","twitter_misc":{"Est. reading time":"1 minuta"},"schema":{"@context":"https:\/\/schema.org","@graph":[{"@type":"WebPage","@id":"https:\/\/www.meavia-mh.hr\/product\/blazinice-za-nokte-500-kom-bez-dlacica-u-kutiji\/","url":"https:\/\/www.meavia-mh.hr\/product\/blazinice-za-nokte-500-kom-bez-dlacica-u-kutiji\/","name":"Blazinice za nohte 500 kosov (brez dlak) v \u0161katli \u22c6 manikura in pedikura \u22c6 Mea Via Beauty","isPartOf":{"@id":"https:\/\/meavia-mh.hr\/sl\/#website"},"primaryImageOfPage":{"@id":"https:\/\/www.meavia-mh.hr\/product\/blazinice-za-nokte-500-kom-bez-dlacica-u-kutiji\/#primaryimage"},"image":{"@id":"https:\/\/www.meavia-mh.hr\/product\/blazinice-za-nokte-500-kom-bez-dlacica-u-kutiji\/#primaryimage"},"thumbnailUrl":"https:\/\/www.meavia-mh.hr\/wp-content\/uploads\/2024\/10\/blazinice.jpg","datePublished":"2024-10-14T07:49:51+00:00","dateModified":"2026-04-13T07:02:23+00:00","description":"Blazinice za nohte 500 kosov (brez dlak) v \u0161katli \u22c6 veliko pakiranje 500 kosov \u22c6 za manikuro in pedikuro \u22c6 ve\u010dplastne bomba\u017ene blazinice za nohte","breadcrumb":{"@id":"https:\/\/www.meavia-mh.hr\/product\/blazinice-za-nokte-500-kom-bez-dlacica-u-kutiji\/#breadcrumb"},"inLanguage":"sl-SI","potentialAction":[{"@type":"ReadAction","target":["https:\/\/www.meavia-mh.hr\/product\/blazinice-za-nokte-500-kom-bez-dlacica-u-kutiji\/"]}]},{"@type":"ImageObject","inLanguage":"sl-SI","@id":"https:\/\/www.meavia-mh.hr\/product\/blazinice-za-nokte-500-kom-bez-dlacica-u-kutiji\/#primaryimage","url":"https:\/\/www.meavia-mh.hr\/wp-content\/uploads\/2024\/10\/blazinice.jpg","contentUrl":"https:\/\/www.meavia-mh.hr\/wp-content\/uploads\/2024\/10\/blazinice.jpg","width":1398,"height":1400,"caption":"Blazinice za nokte 500 kom (bez dla\u010dica) u kutiji"},{"@type":"BreadcrumbList","@id":"https:\/\/www.meavia-mh.hr\/product\/blazinice-za-nokte-500-kom-bez-dlacica-u-kutiji\/#breadcrumb","itemListElement":[{"@type":"ListItem","position":1,"name":"Po\u010detna stranica","item":"https:\/\/www.meavia-mh.hr\/"},{"@type":"ListItem","position":2,"name":"Trgovina","item":"https:\/\/meavia-mh.hr\/sl\/store\/"},{"@type":"ListItem","position":3,"name":"Blazinice za nokte 500 kom (bez dla\u010dica) u kutiji"}]},{"@type":"WebSite","@id":"https:\/\/meavia-mh.hr\/sl\/#website","url":"https:\/\/meavia-mh.hr\/sl\/","name":"MEA VIA BEAUTY","description":"Only The Best For Your Beauty","publisher":{"@id":"https:\/\/meavia-mh.hr\/sl\/#organization"},"alternateName":"Mea Via Nails","potentialAction":[{"@type":"SearchAction","target":{"@type":"EntryPoint","urlTemplate":"https:\/\/meavia-mh.hr\/sl\/?s={search_term_string}"},"query-input":{"@type":"PropertyValueSpecification","valueRequired":true,"valueName":"search_term_string"}}],"inLanguage":"sl-SI"},{"@type":"Organization","@id":"https:\/\/meavia-mh.hr\/sl\/#organization","name":"Mea Via Nails World","alternateName":"Mea Via","url":"https:\/\/meavia-mh.hr\/sl\/","logo":{"@type":"ImageObject","inLanguage":"sl-SI","@id":"https:\/\/meavia-mh.hr\/sl\/#\/schema\/logo\/image\/","url":"https:\/\/www.meavia-mh.hr\/wp-content\/uploads\/2020\/12\/Mea-Via.png","contentUrl":"https:\/\/www.meavia-mh.hr\/wp-content\/uploads\/2020\/12\/Mea-Via.png","width":1181,"height":393,"caption":"Mea Via Nails World"},"image":{"@id":"https:\/\/meavia-mh.hr\/sl\/#\/schema\/logo\/image\/"},"sameAs":["https:\/\/www.facebook.com\/MeaViaNailsWorld","https:\/\/www.instagram.com\/mea_via_nails_world\/","https:\/\/www.youtube.com\/channel\/UCECk0hpRWP6TN-EfA4ER96g\/featured"]}]}},"spectra_custom_meta":{"_sku":["100994"],"_regular_price":["5.99"],"total_sales":["19"],"_tax_status":["taxable"],"_tax_class":[""],"_manage_stock":["yes"],"_backorders":["no"],"_sold_individually":["no"],"_virtual":["no"],"_downloadable":["no"],"_product_image_gallery":["33241,33243"],"_download_limit":["-1"],"_download_expiry":["-1"],"_thumbnail_id":["33242"],"_stock":["0"],"_stock_status":["outofstock"],"_wc_average_rating":["0"],"_wc_review_count":["0"],"_product_version":["10.6.2"],"_price":["4.79"],"_wp_page_template":["default"],"_yoast_wpseo_focuskw":["blazinice za nokte"],"_yoast_wpseo_metadesc":["%%title%% %%sep%% veliko pakiranje od 500 komada %%sep%% za manikuru i pedikuru %%sep%% vi\u0161eslojni pamu\u010dni jastu\u010di\u0107i za nokte"],"_yoast_wpseo_linkdex":["46"],"_yoast_wpseo_content_score":["90"],"_yoast_wpseo_primary_product_cat":["24"],"site-sidebar-layout":["default"],"site-content-layout":[null],"theme-transparent-header-meta":["default"],"stick-header-meta":["default"],"_yoast_wpseo_estimated-reading-time-minutes":["1"],"_yoast_wpseo_title":["%%title%% %%page%% %%sep%% manikura i pedikura %%sep%% %%sitename%%"],"_woocs_price_geo_countries":[""],"_woocs_regular_price_geo":[""],"_woocs_sale_price_geo":[""],"cartflows_redirect_flow_id":[""],"cartflows_add_to_cart_text":[""],"_woocs_regular_price_EUR":["6.62"],"_woocs_sale_price_EUR":["-1"],"_lowest_price_30_days":["6.62"],"uag_migration_processed":["1"],"_edit_lock":["1759676717:1239"],"_edit_last":["1239"],"_global_unique_id":["5906717452666"],"ast-site-content-layout":["default"],"site-content-style":["default"],"site-sidebar-style":["default"],"_yoast_wpseo_primary_fb_product_set":[""],"fb_product_item_id":["8678373058921586"],"_wc_facebook_sync_enabled":["yes"],"fb_visibility":["yes"],"fb_product_description":[""],"_wc_facebook_product_image_source":["product"],"_wc_facebook_commerce_enabled":["no"],"astra-migrate-meta-layouts":["set"],"ast-above-header-display":[null],"ast-below-header-display":[null],"footer-adv-display":[null],"adv-header-id-meta":[""],"ast-breadcrumbs-content":[null],"_sale_price":["4.79"],"_last_change_time":["1774907111"],"_elementor_page_assets":["a:0:{}"],"_uag_page_assets":["a:9:{s:3:\"css\";s:0:\"\";s:2:\"js\";s:0:\"\";s:18:\"current_block_list\";a:3:{i:0;s:11:\"core\/search\";i:1;s:18:\"core\/legacy-widget\";i:2;s:27:\"woocommerce\/product-filters\";}s:8:\"uag_flag\";b:0;s:11:\"uag_version\";s:10:\"1776503599\";s:6:\"gfonts\";a:0:{}s:10:\"gfonts_url\";s:0:\"\";s:12:\"gfonts_files\";a:0:{}s:14:\"uag_faq_layout\";b:0;}"]},"uagb_featured_image_src":{"full":["https:\/\/www.meavia-mh.hr\/wp-content\/uploads\/2024\/10\/blazinice.jpg",1398,1400,false],"thumbnail":["https:\/\/www.meavia-mh.hr\/wp-content\/uploads\/2024\/10\/blazinice-150x150.jpg",150,150,true],"medium":["https:\/\/www.meavia-mh.hr\/wp-content\/uploads\/2024\/10\/blazinice-300x300.jpg",300,300,true],"medium_large":["https:\/\/www.meavia-mh.hr\/wp-content\/uploads\/2024\/10\/blazinice-768x769.jpg",768,769,true],"large":["https:\/\/www.meavia-mh.hr\/wp-content\/uploads\/2024\/10\/blazinice-1024x1024.jpg",1024,1024,true],"1536x1536":["https:\/\/www.meavia-mh.hr\/wp-content\/uploads\/2024\/10\/blazinice.jpg",1398,1400,false],"2048x2048":["https:\/\/www.meavia-mh.hr\/wp-content\/uploads\/2024\/10\/blazinice.jpg",1398,1400,false],"trp-custom-language-flag":["https:\/\/www.meavia-mh.hr\/wp-content\/uploads\/2024\/10\/blazinice-12x12.jpg",12,12,true],"woocommerce_thumbnail":["https:\/\/www.meavia-mh.hr\/wp-content\/uploads\/2024\/10\/blazinice-300x300.jpg",300,300,true],"woocommerce_single":["https:\/\/www.meavia-mh.hr\/wp-content\/uploads\/2024\/10\/blazinice-600x601.jpg",600,601,true],"woocommerce_gallery_thumbnail":["https:\/\/www.meavia-mh.hr\/wp-content\/uploads\/2024\/10\/blazinice-100x100.jpg",100,100,true]},"uagb_author_info":{"display_name":"Zla Gol","author_link":"https:\/\/www.meavia-mh.hr\/sl\/author\/"},"uagb_comment_info":0,"uagb_excerpt":"Pakiranje od 500 komada.","_links":{"self":[{"href":"https:\/\/www.meavia-mh.hr\/sl\/wp-json\/wp\/v2\/product\/33237","targetHints":{"allow":["GET"]}}],"collection":[{"href":"https:\/\/www.meavia-mh.hr\/sl\/wp-json\/wp\/v2\/product"}],"about":[{"href":"https:\/\/www.meavia-mh.hr\/sl\/wp-json\/wp\/v2\/types\/product"}],"replies":[{"embeddable":true,"href":"https:\/\/www.meavia-mh.hr\/sl\/wp-json\/wp\/v2\/comments?post=33237"}],"version-history":[{"count":1,"href":"https:\/\/www.meavia-mh.hr\/sl\/wp-json\/wp\/v2\/product\/33237\/revisions"}],"predecessor-version":[{"id":33244,"href":"https:\/\/www.meavia-mh.hr\/sl\/wp-json\/wp\/v2\/product\/33237\/revisions\/33244"}],"wp:featuredmedia":[{"embeddable":true,"href":"https:\/\/www.meavia-mh.hr\/sl\/wp-json\/wp\/v2\/media\/33242"}],"wp:attachment":[{"href":"https:\/\/www.meavia-mh.hr\/sl\/wp-json\/wp\/v2\/media?parent=33237"}],"wp:term":[{"taxonomy":"product_brand","embeddable":true,"href":"https:\/\/www.meavia-mh.hr\/sl\/wp-json\/wp\/v2\/product_brand?post=33237"},{"taxonomy":"product_cat","embeddable":true,"href":"https:\/\/www.meavia-mh.hr\/sl\/wp-json\/wp\/v2\/product_cat?post=33237"},{"taxonomy":"product_tag","embeddable":true,"href":"https:\/\/www.meavia-mh.hr\/sl\/wp-json\/wp\/v2\/product_tag?post=33237"}],"curies":[{"name":"delovni list","href":"https:\/\/api.w.org\/{rel}","templated":true}]}}