{"id":32675,"date":"2024-09-09T10:38:59","date_gmt":"2024-09-09T10:38:59","guid":{"rendered":"https:\/\/www.meavia-mh.hr\/?post_type=product&#038;p=32675"},"modified":"2026-04-20T08:41:19","modified_gmt":"2026-04-20T07:41:19","slug":"claresa-nail-prep-dehydrator","status":"publish","type":"product","link":"https:\/\/www.meavia-mh.hr\/sl\/product\/claresa-nail-prep-dehydrator\/","title":{"rendered":"Claresa Nail Prep DEHIDRATOR"},"content":{"rendered":"<div class=\"flex-1 overflow-hidden\">\n<div class=\"react-scroll-to-bottom--css-derca-79elbk h-full dark:bg-gray-800\">\n<div class=\"react-scroll-to-bottom--css-derca-1n7m0yu\">\n<div class=\"flex flex-col text-sm dark:bg-gray-800\">\n<div class=\"group w-full text-token-text-primary border-b border-black\/10 dark:border-gray-900\/50 bg-gray-50 dark:bg-[#444654]\" data-testid=\"conversation-turn-83\">\n<div class=\"p-4 justify-center text-base md:gap-6 md:py-6 m-auto\">\n<div class=\"flex flex-1 gap-4 text-base mx-auto md:gap-6 md:max-w-2xl lg:max-w-[38rem] xl:max-w-3xl }\">\n<div class=\"relative flex w-[calc(100%-50px)] flex-col gap-1 md:gap-3 lg:w-[calc(100%-115px)]\">\n<div class=\"flex flex-grow flex-col gap-3 max-w-full\">\n<div class=\"min-h-[20px] flex flex-col items-start gap-3 overflow-x-auto whitespace-pre-wrap break-words\">\n<div class=\"markdown prose w-full break-words dark:prose-invert light\">\n<p>Claresa Nail Prep DEHYDRATOR je pripravak koji priprema plo\u010du nokta za stilizaciju.<span class=\"\">\u00a0Njegova glavna svrha je <\/span><strong><span class=\"\">uklanjanje vlage i lipidnog sloja<\/span><\/strong><span class=\"\"> s povr\u0161ine nokta. Dehidrator treba nanijeti na prethodno pripremljenu plo\u010du nokta, koja je matirana i o\u010di\u0161\u0107ena od pra\u0161ine.<\/span>Koristi se umjesto cleanera i mo\u017ee se primijeniti prilikom svake pripreme nokta. Proizvod je namijenjen profesionalnoj upotrebi.<\/p>\n<ul>\n<li>priprema plo\u010du nokta za stilizaciju<\/li>\n<li>uklanja lipidni sloj i vlagu s plo\u010de nokta<\/li>\n<li>jednostavna primjena zahvaljuju\u0107i kistu<\/li>\n<\/ul>\n<p>Ovaj dehidrator je klju\u010dni korak za postizanje savr\u0161enog dizajna noktiju. Nje\u017eno priprema nokte, uklanjaju\u0107i ne\u010disto\u0107e i vlagu, \u010dime osigurava dugotrajnost i postojanost boje. S prakti\u010dnim kistom, primjena je brza i jednostavna. Za profesionalnu upotrebu. Osigurava vrhunske rezultate svaki put. Nabavite svoj Claresa Nail Prep DEHYDRATOR\u00a0i pru\u017eite svojim noktima vrhunsku njegu koju zaslu\u017euju.<\/p>\n<h3>Upute za upotrebu:<\/h3>\n<p>Nanesite dehidrator kistom na pripremljeni nokat. Pri\u010dekajte dok pripravak ne ispari. Brzo isparavanje ukazuje na dobru pripremu plo\u010de nokta. Ne dodirujte ko\u017eu.<\/p>\n<figure id=\"attachment_32677\" aria-describedby=\"caption-attachment-32677\" style=\"width: 724px\" class=\"wp-caption aligncenter\"><a href=\"https:\/\/www.meavia-mh.hr\/wp-content\/uploads\/2024\/09\/Claresa-Dehydrator-Nail-Prep-EN-1920.jpg\"><img fetchpriority=\"high\" decoding=\"async\" class=\"wp-image-32677 size-large\" src=\"https:\/\/www.meavia-mh.hr\/wp-content\/uploads\/2024\/09\/Claresa-Dehydrator-Nail-Prep-EN-1920-724x1024.jpg\" alt=\"Claresa Nail Prep DEHYDRATOR\" width=\"724\" height=\"1024\" srcset=\"https:\/\/www.meavia-mh.hr\/wp-content\/uploads\/2024\/09\/Claresa-Dehydrator-Nail-Prep-EN-1920-724x1024.jpg 724w, https:\/\/www.meavia-mh.hr\/wp-content\/uploads\/2024\/09\/Claresa-Dehydrator-Nail-Prep-EN-1920-212x300.jpg 212w, https:\/\/www.meavia-mh.hr\/wp-content\/uploads\/2024\/09\/Claresa-Dehydrator-Nail-Prep-EN-1920-768x1086.jpg 768w, https:\/\/www.meavia-mh.hr\/wp-content\/uploads\/2024\/09\/Claresa-Dehydrator-Nail-Prep-EN-1920-1086x1536.jpg 1086w, https:\/\/www.meavia-mh.hr\/wp-content\/uploads\/2024\/09\/Claresa-Dehydrator-Nail-Prep-EN-1920-8x12.jpg 8w, https:\/\/www.meavia-mh.hr\/wp-content\/uploads\/2024\/09\/Claresa-Dehydrator-Nail-Prep-EN-1920-600x848.jpg 600w, https:\/\/www.meavia-mh.hr\/wp-content\/uploads\/2024\/09\/Claresa-Dehydrator-Nail-Prep-EN-1920.jpg 1358w\" sizes=\"(max-width: 724px) 100vw, 724px\" \/><\/a><figcaption id=\"caption-attachment-32677\" class=\"wp-caption-text\">Claresa Nail Prep DEHYDRATOR<\/figcaption><\/figure>\n<p><strong style=\"font-size: 16px;\">Sadr\u017eaj: 5 ml<\/strong><\/p>\n<\/div>\n<\/div>\n<\/div>\n<\/div>\n<\/div>\n<\/div>\n<\/div>\n<div class=\"group w-full text-token-text-primary border-b border-black\/10 dark:border-gray-900\/50 bg-gray-50 dark:bg-[#444654]\" data-testid=\"conversation-turn-85\">\n<div class=\"p-4 justify-center text-base md:gap-6 md:py-6 m-auto\">\n<div class=\"flex flex-1 gap-4 text-base mx-auto md:gap-6 md:max-w-2xl lg:max-w-[38rem] xl:max-w-3xl }\">\n<div class=\"relative flex w-[calc(100%-50px)] flex-col gap-1 md:gap-3 lg:w-[calc(100%-115px)]\">\n<div class=\"flex flex-grow flex-col gap-3 max-w-full\">\n<div class=\"min-h-[20px] flex flex-col items-start gap-3 overflow-x-auto whitespace-pre-wrap break-words\">\n<div class=\"markdown prose w-full break-words dark:prose-invert light\">\n<p><strong>Sastav\/Ingredients:\u00a0<\/strong>Isopropyl Alcohol, Ethyl Acetate, Isobutyl Acetate<\/p>\n<h4>Mjere opreza:<\/h4>\n<ul>\n<li>\u010cuvati izvan pogleda i dohvata djece.<\/li>\n<li>Izbjegavajte kontakt s o\u010dima.<\/li>\n<li>Ne koristiti u slu\u010daju preosjetljivosti na bilo koji od sastojaka proizvoda.<\/li>\n<li>U slu\u010daju bilo kakvih nuspojava ili pojave preosjetljivosti, npr. peckanja, svrbe\u017ea, crvenila itd., treba prekinuti kori\u0161tenje proizvoda.<\/li>\n<li>Nemojte koristiti na na\u010din koji nije u skladu s namjenom.<\/li>\n<li>Ne koristiti nakon isteka roka valjanosti.<\/li>\n<li>Pa\u017eljivo pro\u010ditajte upute za uporabu<\/li>\n<\/ul>\n<p>Cijena se odnosi na prodaju putem Interneta. Fotografija proizvoda ne mora u potpunosti odgovarati stvarnom izgledu i sadr\u017eaju proizvoda. U slu\u010daju tehni\u010dkih pogre\u0161aka Mea Via ne preuzima odgovornost za to\u010dnost prikazanih cijena i fotografija.\u00a0<em>Imajte na umu da ula\u017eemo sve napore kako bismo osigurali da slika predstavljena na web stranici najbolje odra\u017eava stvarne boje na\u0161ih proizvoda. \u010cimbenici izvan na\u0161e kontrole kori\u0161teni tijekom pregledavanja kao \u0161to su npr. osvjetljenje, vrsta kori\u0161tene elektroni\u010dke opreme, postavke zaslona ili grafi\u010dke kartice \u2013 utje\u010du na prijem\/interpretaciju gledane slike.<\/em><\/p>\n<p>&nbsp;<\/p>\n<\/div>\n<\/div>\n<\/div>\n<\/div>\n<\/div>\n<\/div>\n<\/div>\n<\/div>\n<\/div>\n<\/div>\n<\/div>\n","protected":false},"excerpt":{"rendered":"<p><a href=\"https:\/\/www.meavia-mh.hr\/wp-content\/uploads\/2022\/07\/1-3.jpg\"><img decoding=\"async\" class=\"alignnone size-thumbnail wp-image-14687\" src=\"https:\/\/www.meavia-mh.hr\/wp-content\/uploads\/2022\/07\/1-3-150x150.jpg\" alt=\"Dermatologically tested\" width=\"150\" height=\"150\" srcset=\"https:\/\/www.meavia-mh.hr\/wp-content\/uploads\/2022\/07\/1-3-150x150.jpg 150w, https:\/\/www.meavia-mh.hr\/wp-content\/uploads\/2022\/07\/1-3-300x300.jpg 300w, https:\/\/www.meavia-mh.hr\/wp-content\/uploads\/2022\/07\/1-3-1024x1024.jpg 1024w, https:\/\/www.meavia-mh.hr\/wp-content\/uploads\/2022\/07\/1-3-768x768.jpg 768w, https:\/\/www.meavia-mh.hr\/wp-content\/uploads\/2022\/07\/1-3-12x12.jpg 12w, https:\/\/www.meavia-mh.hr\/wp-content\/uploads\/2022\/07\/1-3-600x600.jpg 600w, https:\/\/www.meavia-mh.hr\/wp-content\/uploads\/2022\/07\/1-3-100x100.jpg 100w, https:\/\/www.meavia-mh.hr\/wp-content\/uploads\/2022\/07\/1-3.jpg 1080w\" sizes=\"(max-width: 150px) 100vw, 150px\" \/><\/a><\/p>","protected":false},"featured_media":32676,"comment_status":"closed","ping_status":"closed","template":"","meta":{"_uag_custom_page_level_css":"","site-sidebar-layout":"default","site-content-layout":"","ast-site-content-layout":"default","site-content-style":"default","site-sidebar-style":"default","ast-global-header-display":"","ast-banner-title-visibility":"","ast-main-header-display":"","ast-hfb-above-header-display":"","ast-hfb-below-header-display":"","ast-hfb-mobile-header-display":"","site-post-title":"","ast-breadcrumbs-content":"","ast-featured-img":"","footer-sml-layout":"","ast-disable-related-posts":"","theme-transparent-header-meta":"default","adv-header-id-meta":"","stick-header-meta":"default","header-above-stick-meta":"","header-main-stick-meta":"","header-below-stick-meta":"","astra-migrate-meta-layouts":"set","ast-page-background-enabled":"default","ast-page-background-meta":{"desktop":{"background-color":"var(--ast-global-color-4)","background-image":"","background-repeat":"repeat","background-position":"center center","background-size":"auto","background-attachment":"scroll","background-type":"","background-media":"","overlay-type":"","overlay-color":"","overlay-opacity":"","overlay-gradient":""},"tablet":{"background-color":"","background-image":"","background-repeat":"repeat","background-position":"center center","background-size":"auto","background-attachment":"scroll","background-type":"","background-media":"","overlay-type":"","overlay-color":"","overlay-opacity":"","overlay-gradient":""},"mobile":{"background-color":"","background-image":"","background-repeat":"repeat","background-position":"center center","background-size":"auto","background-attachment":"scroll","background-type":"","background-media":"","overlay-type":"","overlay-color":"","overlay-opacity":"","overlay-gradient":""}},"ast-content-background-meta":{"desktop":{"background-color":"var(--ast-global-color-5)","background-image":"","background-repeat":"repeat","background-position":"center center","background-size":"auto","background-attachment":"scroll","background-type":"","background-media":"","overlay-type":"","overlay-color":"","overlay-opacity":"","overlay-gradient":""},"tablet":{"background-color":"var(--ast-global-color-5)","background-image":"","background-repeat":"repeat","background-position":"center center","background-size":"auto","background-attachment":"scroll","background-type":"","background-media":"","overlay-type":"","overlay-color":"","overlay-opacity":"","overlay-gradient":""},"mobile":{"background-color":"var(--ast-global-color-5)","background-image":"","background-repeat":"repeat","background-position":"center center","background-size":"auto","background-attachment":"scroll","background-type":"","background-media":"","overlay-type":"","overlay-color":"","overlay-opacity":"","overlay-gradient":""}}},"product_brand":[607],"product_cat":[534,115],"product_tag":[557,211],"class_list":{"0":"post-32675","1":"product","2":"type-product","3":"status-publish","4":"has-post-thumbnail","6":"product_brand-claresa","7":"product_cat-claresa","8":"product_cat-pripremne-tekucine","9":"product_tag-dehydrator","10":"product_tag-pomocne-tekucine","11":"desktop-align-left","12":"tablet-align-left","13":"mobile-align-left","14":"ast-product-gallery-layout-horizontal-slider","15":"ast-product-tabs-layout-horizontal","17":"first","18":"instock","19":"taxable","20":"shipping-taxable","21":"purchasable","22":"product-type-simple"},"yoast_head":"<!-- This site is optimized with the Yoast SEO plugin v27.4 - https:\/\/yoast.com\/product\/yoast-seo-wordpress\/ -->\n<title>Claresa Nail Prep DEHYDRATOR &#8902; kiselinski primer &#8902; Mea Via Beauty<\/title>\n<meta name=\"description\" content=\"Claresa Nail Prep DEHYDRATOR &#8902; priprema plo\u010du nokta za stilizaciju &#8902; uklanja lipidni sloj i vlagu s plo\u010de nokta &#8902; jednostavna primjena zahvaljuju\u0107i kistu\" \/>\n<meta name=\"robots\" content=\"index, follow, max-snippet:-1, max-image-preview:large, max-video-preview:-1\" \/>\n<link rel=\"canonical\" href=\"https:\/\/www.meavia-mh.hr\/sl\/product\/claresa-nail-prep-dehydrator\/\" \/>\n<meta property=\"og:locale\" content=\"sl_SI\" \/>\n<meta property=\"og:type\" content=\"article\" \/>\n<meta property=\"og:title\" content=\"Claresa Nail Prep DEHYDRATOR &#8902; kiselinski primer &#8902; Mea Via Beauty\" \/>\n<meta property=\"og:description\" content=\"Claresa Nail Prep DEHYDRATOR &#8902; priprema plo\u010du nokta za stilizaciju &#8902; uklanja lipidni sloj i vlagu s plo\u010de nokta &#8902; jednostavna primjena zahvaljuju\u0107i kistu\" \/>\n<meta property=\"og:url\" content=\"https:\/\/www.meavia-mh.hr\/sl\/product\/claresa-nail-prep-dehydrator\/\" \/>\n<meta property=\"og:site_name\" content=\"Mea Via Beauty\" \/>\n<meta property=\"article:publisher\" content=\"https:\/\/www.facebook.com\/MeaViaNailsWorld\" \/>\n<meta property=\"article:modified_time\" content=\"2026-04-20T07:41:19+00:00\" \/>\n<meta property=\"og:image\" content=\"https:\/\/www.meavia-mh.hr\/wp-content\/uploads\/2024\/09\/Claresa_NAIL-PREP_dehydrator.jpg\" \/>\n\t<meta property=\"og:image:width\" content=\"1500\" \/>\n\t<meta property=\"og:image:height\" content=\"1500\" \/>\n\t<meta property=\"og:image:type\" content=\"image\/jpeg\" \/>\n<meta name=\"twitter:card\" content=\"summary_large_image\" \/>\n<meta name=\"twitter:label1\" content=\"Est. reading time\" \/>\n\t<meta name=\"twitter:data1\" content=\"3 minute\" \/>\n<script type=\"application\/ld+json\" class=\"yoast-schema-graph\">{\"@context\":\"https:\\\/\\\/schema.org\",\"@graph\":[{\"@type\":\"WebPage\",\"@id\":\"https:\\\/\\\/www.meavia-mh.hr\\\/product\\\/claresa-nail-prep-dehydrator\\\/\",\"url\":\"https:\\\/\\\/www.meavia-mh.hr\\\/product\\\/claresa-nail-prep-dehydrator\\\/\",\"name\":\"Claresa Nail Prep DEHYDRATOR &#8902; kiselinski primer &#8902; Mea Via Beauty\",\"isPartOf\":{\"@id\":\"https:\\\/\\\/meavia-mh.hr\\\/sl\\\/#website\"},\"primaryImageOfPage\":{\"@id\":\"https:\\\/\\\/www.meavia-mh.hr\\\/product\\\/claresa-nail-prep-dehydrator\\\/#primaryimage\"},\"image\":{\"@id\":\"https:\\\/\\\/www.meavia-mh.hr\\\/product\\\/claresa-nail-prep-dehydrator\\\/#primaryimage\"},\"thumbnailUrl\":\"https:\\\/\\\/www.meavia-mh.hr\\\/wp-content\\\/uploads\\\/2024\\\/09\\\/Claresa_NAIL-PREP_dehydrator.jpg\",\"datePublished\":\"2024-09-09T10:38:59+00:00\",\"dateModified\":\"2026-04-20T07:41:19+00:00\",\"description\":\"Claresa Nail Prep DEHYDRATOR &#8902; priprema plo\u010du nokta za stilizaciju &#8902; uklanja lipidni sloj i vlagu s plo\u010de nokta &#8902; jednostavna primjena zahvaljuju\u0107i kistu\",\"breadcrumb\":{\"@id\":\"https:\\\/\\\/www.meavia-mh.hr\\\/product\\\/claresa-nail-prep-dehydrator\\\/#breadcrumb\"},\"inLanguage\":\"sl-SI\",\"potentialAction\":[{\"@type\":\"ReadAction\",\"target\":[\"https:\\\/\\\/www.meavia-mh.hr\\\/product\\\/claresa-nail-prep-dehydrator\\\/\"]}]},{\"@type\":\"ImageObject\",\"inLanguage\":\"sl-SI\",\"@id\":\"https:\\\/\\\/www.meavia-mh.hr\\\/product\\\/claresa-nail-prep-dehydrator\\\/#primaryimage\",\"url\":\"https:\\\/\\\/www.meavia-mh.hr\\\/wp-content\\\/uploads\\\/2024\\\/09\\\/Claresa_NAIL-PREP_dehydrator.jpg\",\"contentUrl\":\"https:\\\/\\\/www.meavia-mh.hr\\\/wp-content\\\/uploads\\\/2024\\\/09\\\/Claresa_NAIL-PREP_dehydrator.jpg\",\"width\":1500,\"height\":1500,\"caption\":\"Claresa Nail Prep DEHYDRATOR\"},{\"@type\":\"BreadcrumbList\",\"@id\":\"https:\\\/\\\/www.meavia-mh.hr\\\/product\\\/claresa-nail-prep-dehydrator\\\/#breadcrumb\",\"itemListElement\":[{\"@type\":\"ListItem\",\"position\":1,\"name\":\"Po\u010detna stranica\",\"item\":\"https:\\\/\\\/www.meavia-mh.hr\\\/\"},{\"@type\":\"ListItem\",\"position\":2,\"name\":\"Trgovina\",\"item\":\"https:\\\/\\\/meavia-mh.hr\\\/sl\\\/store\\\/\"},{\"@type\":\"ListItem\",\"position\":3,\"name\":\"Claresa Nail Prep DEHYDRATOR\"}]},{\"@type\":\"WebSite\",\"@id\":\"https:\\\/\\\/meavia-mh.hr\\\/sl\\\/#website\",\"url\":\"https:\\\/\\\/meavia-mh.hr\\\/sl\\\/\",\"name\":\"Mea Via Beauty\",\"description\":\"Only The Best For Your Beauty\",\"publisher\":{\"@id\":\"https:\\\/\\\/meavia-mh.hr\\\/sl\\\/#organization\"},\"alternateName\":\"Mea Via Nails\",\"potentialAction\":[{\"@type\":\"SearchAction\",\"target\":{\"@type\":\"EntryPoint\",\"urlTemplate\":\"https:\\\/\\\/meavia-mh.hr\\\/sl\\\/?s={search_term_string}\"},\"query-input\":{\"@type\":\"PropertyValueSpecification\",\"valueRequired\":true,\"valueName\":\"search_term_string\"}}],\"inLanguage\":\"sl-SI\"},{\"@type\":\"Organization\",\"@id\":\"https:\\\/\\\/meavia-mh.hr\\\/sl\\\/#organization\",\"name\":\"Mea Via Nails World\",\"alternateName\":\"Mea Via\",\"url\":\"https:\\\/\\\/meavia-mh.hr\\\/sl\\\/\",\"logo\":{\"@type\":\"ImageObject\",\"inLanguage\":\"sl-SI\",\"@id\":\"https:\\\/\\\/meavia-mh.hr\\\/sl\\\/#\\\/schema\\\/logo\\\/image\\\/\",\"url\":\"https:\\\/\\\/www.meavia-mh.hr\\\/wp-content\\\/uploads\\\/2020\\\/12\\\/Mea-Via.png\",\"contentUrl\":\"https:\\\/\\\/www.meavia-mh.hr\\\/wp-content\\\/uploads\\\/2020\\\/12\\\/Mea-Via.png\",\"width\":1181,\"height\":393,\"caption\":\"Mea Via Nails World\"},\"image\":{\"@id\":\"https:\\\/\\\/meavia-mh.hr\\\/sl\\\/#\\\/schema\\\/logo\\\/image\\\/\"},\"sameAs\":[\"https:\\\/\\\/www.facebook.com\\\/MeaViaNailsWorld\",\"https:\\\/\\\/www.instagram.com\\\/mea_via_nails_world\\\/\",\"https:\\\/\\\/www.youtube.com\\\/channel\\\/UCECk0hpRWP6TN-EfA4ER96g\\\/featured\"]}]}<\/script>\n<!-- \/ Yoast SEO plugin. -->","yoast_head_json":{"title":"Claresa Nail Prep DEHYDRATOR \u22c6 kislinski primer \u22c6 Mea Via Beauty","description":"Claresa Nail Prep DEHYDRATOR \u22c6 pripravi nohtno plo\u0161\u010do za oblikovanje \u22c6 odstrani lipidno plast in vlago z nohtne plo\u0161\u010de \u22c6 enostaven nanos zahvaljujo\u010d \u010dopi\u010du","robots":{"index":"index","follow":"follow","max-snippet":"max-snippet:-1","max-image-preview":"max-image-preview:large","max-video-preview":"max-video-preview:-1"},"canonical":"https:\/\/www.meavia-mh.hr\/sl\/product\/claresa-nail-prep-dehydrator\/","og_locale":"sl_SI","og_type":"article","og_title":"Claresa Nail Prep DEHYDRATOR &#8902; kiselinski primer &#8902; Mea Via Beauty","og_description":"Claresa Nail Prep DEHYDRATOR &#8902; priprema plo\u010du nokta za stilizaciju &#8902; uklanja lipidni sloj i vlagu s plo\u010de nokta &#8902; jednostavna primjena zahvaljuju\u0107i kistu","og_url":"https:\/\/www.meavia-mh.hr\/sl\/product\/claresa-nail-prep-dehydrator\/","og_site_name":"Mea Via Beauty","article_publisher":"https:\/\/www.facebook.com\/MeaViaNailsWorld","article_modified_time":"2026-04-20T07:41:19+00:00","og_image":[{"width":1500,"height":1500,"url":"https:\/\/www.meavia-mh.hr\/wp-content\/uploads\/2024\/09\/Claresa_NAIL-PREP_dehydrator.jpg","type":"image\/jpeg"}],"twitter_card":"summary_large_image","twitter_misc":{"Est. reading time":"3 minute"},"schema":{"@context":"https:\/\/schema.org","@graph":[{"@type":"WebPage","@id":"https:\/\/www.meavia-mh.hr\/product\/claresa-nail-prep-dehydrator\/","url":"https:\/\/www.meavia-mh.hr\/product\/claresa-nail-prep-dehydrator\/","name":"Claresa Nail Prep DEHYDRATOR \u22c6 kislinski primer \u22c6 Mea Via Beauty","isPartOf":{"@id":"https:\/\/meavia-mh.hr\/sl\/#website"},"primaryImageOfPage":{"@id":"https:\/\/www.meavia-mh.hr\/product\/claresa-nail-prep-dehydrator\/#primaryimage"},"image":{"@id":"https:\/\/www.meavia-mh.hr\/product\/claresa-nail-prep-dehydrator\/#primaryimage"},"thumbnailUrl":"https:\/\/www.meavia-mh.hr\/wp-content\/uploads\/2024\/09\/Claresa_NAIL-PREP_dehydrator.jpg","datePublished":"2024-09-09T10:38:59+00:00","dateModified":"2026-04-20T07:41:19+00:00","description":"Claresa Nail Prep DEHYDRATOR \u22c6 pripravi nohtno plo\u0161\u010do za oblikovanje \u22c6 odstrani lipidno plast in vlago z nohtne plo\u0161\u010de \u22c6 enostaven nanos zahvaljujo\u010d \u010dopi\u010du","breadcrumb":{"@id":"https:\/\/www.meavia-mh.hr\/product\/claresa-nail-prep-dehydrator\/#breadcrumb"},"inLanguage":"sl-SI","potentialAction":[{"@type":"ReadAction","target":["https:\/\/www.meavia-mh.hr\/product\/claresa-nail-prep-dehydrator\/"]}]},{"@type":"ImageObject","inLanguage":"sl-SI","@id":"https:\/\/www.meavia-mh.hr\/product\/claresa-nail-prep-dehydrator\/#primaryimage","url":"https:\/\/www.meavia-mh.hr\/wp-content\/uploads\/2024\/09\/Claresa_NAIL-PREP_dehydrator.jpg","contentUrl":"https:\/\/www.meavia-mh.hr\/wp-content\/uploads\/2024\/09\/Claresa_NAIL-PREP_dehydrator.jpg","width":1500,"height":1500,"caption":"Claresa Nail Prep DEHYDRATOR"},{"@type":"BreadcrumbList","@id":"https:\/\/www.meavia-mh.hr\/product\/claresa-nail-prep-dehydrator\/#breadcrumb","itemListElement":[{"@type":"ListItem","position":1,"name":"Po\u010detna stranica","item":"https:\/\/www.meavia-mh.hr\/"},{"@type":"ListItem","position":2,"name":"Trgovina","item":"https:\/\/meavia-mh.hr\/sl\/store\/"},{"@type":"ListItem","position":3,"name":"Claresa Nail Prep DEHYDRATOR"}]},{"@type":"WebSite","@id":"https:\/\/meavia-mh.hr\/sl\/#website","url":"https:\/\/meavia-mh.hr\/sl\/","name":"MEA VIA BEAUTY","description":"Only The Best For Your Beauty","publisher":{"@id":"https:\/\/meavia-mh.hr\/sl\/#organization"},"alternateName":"Mea Via Nails","potentialAction":[{"@type":"SearchAction","target":{"@type":"EntryPoint","urlTemplate":"https:\/\/meavia-mh.hr\/sl\/?s={search_term_string}"},"query-input":{"@type":"PropertyValueSpecification","valueRequired":true,"valueName":"search_term_string"}}],"inLanguage":"sl-SI"},{"@type":"Organization","@id":"https:\/\/meavia-mh.hr\/sl\/#organization","name":"Mea Via Nails World","alternateName":"Mea Via","url":"https:\/\/meavia-mh.hr\/sl\/","logo":{"@type":"ImageObject","inLanguage":"sl-SI","@id":"https:\/\/meavia-mh.hr\/sl\/#\/schema\/logo\/image\/","url":"https:\/\/www.meavia-mh.hr\/wp-content\/uploads\/2020\/12\/Mea-Via.png","contentUrl":"https:\/\/www.meavia-mh.hr\/wp-content\/uploads\/2020\/12\/Mea-Via.png","width":1181,"height":393,"caption":"Mea Via Nails World"},"image":{"@id":"https:\/\/meavia-mh.hr\/sl\/#\/schema\/logo\/image\/"},"sameAs":["https:\/\/www.facebook.com\/MeaViaNailsWorld","https:\/\/www.instagram.com\/mea_via_nails_world\/","https:\/\/www.youtube.com\/channel\/UCECk0hpRWP6TN-EfA4ER96g\/featured"]}]}},"spectra_custom_meta":{"_sku":["5903819822199"],"_regular_price":["5.30"],"total_sales":["30"],"_tax_status":["taxable"],"_tax_class":[""],"_manage_stock":["yes"],"_backorders":["no"],"_sold_individually":["no"],"_virtual":["no"],"_downloadable":["no"],"_product_image_gallery":["32677"],"_download_limit":["-1"],"_download_expiry":["-1"],"_thumbnail_id":["32676"],"_stock":["21"],"_stock_status":["instock"],"_wc_average_rating":["0"],"_wc_review_count":["0"],"_product_version":["10.7.0"],"_price":["5.30"],"_wp_page_template":["default"],"_yoast_wpseo_focuskw":["Claresa Dehydrator"],"_yoast_wpseo_linkdex":["76"],"_yoast_wpseo_content_score":["90"],"_yoast_wpseo_primary_product_cat":["115"],"site-sidebar-layout":["default"],"theme-transparent-header-meta":["default"],"stick-header-meta":["default"],"_yoast_wpseo_title":["%%title%% %%page%% %%sep%% kiselinski primer %%sep%% %%sitename%%"],"_yoast_wpseo_metadesc":["%%title%% %%sep%% priprema plo\u010du nokta za stilizaciju %%sep%% uklanja lipidni sloj i vlagu s plo\u010de nokta %%sep%% jednostavna primjena zahvaljuju\u0107i kistu"],"_woocs_regular_price_EUR":["9.28"],"_woocs_sale_price_EUR":["-1"],"_woocs_price_geo_countries":[""],"_woocs_regular_price_geo":[""],"_woocs_sale_price_geo":[""],"_yoast_wpseo_estimated-reading-time-minutes":["3"],"_lowest_price_30_days":["5.30"],"cartflows_redirect_flow_id":[""],"cartflows_add_to_cart_text":[""],"_yoast_wpseo_primary_fb_product_set":[""],"_yoast_wpseo_wordproof_timestamp":[""],"ast-site-content-layout":["default"],"site-content-style":["default"],"site-sidebar-style":["default"],"uag_migration_processed":["1"],"_edit_lock":["1730142757:1239"],"_edit_last":["1239"],"astra-migrate-meta-layouts":["set"],"_elementor_page_assets":["a:0:{}"],"_uag_page_assets":["a:9:{s:3:\"css\";s:0:\"\";s:2:\"js\";s:0:\"\";s:18:\"current_block_list\";a:3:{i:0;s:11:\"core\/search\";i:1;s:18:\"core\/legacy-widget\";i:2;s:27:\"woocommerce\/product-filters\";}s:8:\"uag_flag\";b:0;s:11:\"uag_version\";s:10:\"1776780739\";s:6:\"gfonts\";a:0:{}s:10:\"gfonts_url\";s:0:\"\";s:12:\"gfonts_files\";a:0:{}s:14:\"uag_faq_layout\";b:0;}"]},"uagb_featured_image_src":{"full":["https:\/\/www.meavia-mh.hr\/wp-content\/uploads\/2024\/09\/Claresa_NAIL-PREP_dehydrator.jpg",1500,1500,false],"thumbnail":["https:\/\/www.meavia-mh.hr\/wp-content\/uploads\/2024\/09\/Claresa_NAIL-PREP_dehydrator-150x150.jpg",150,150,true],"medium":["https:\/\/www.meavia-mh.hr\/wp-content\/uploads\/2024\/09\/Claresa_NAIL-PREP_dehydrator-300x300.jpg",300,300,true],"medium_large":["https:\/\/www.meavia-mh.hr\/wp-content\/uploads\/2024\/09\/Claresa_NAIL-PREP_dehydrator-768x768.jpg",768,768,true],"large":["https:\/\/www.meavia-mh.hr\/wp-content\/uploads\/2024\/09\/Claresa_NAIL-PREP_dehydrator-1024x1024.jpg",1024,1024,true],"1536x1536":["https:\/\/www.meavia-mh.hr\/wp-content\/uploads\/2024\/09\/Claresa_NAIL-PREP_dehydrator.jpg",1500,1500,false],"2048x2048":["https:\/\/www.meavia-mh.hr\/wp-content\/uploads\/2024\/09\/Claresa_NAIL-PREP_dehydrator.jpg",1500,1500,false],"trp-custom-language-flag":["https:\/\/www.meavia-mh.hr\/wp-content\/uploads\/2024\/09\/Claresa_NAIL-PREP_dehydrator-12x12.jpg",12,12,true],"woocommerce_thumbnail":["https:\/\/www.meavia-mh.hr\/wp-content\/uploads\/2024\/09\/Claresa_NAIL-PREP_dehydrator-300x300.jpg",300,300,true],"woocommerce_single":["https:\/\/www.meavia-mh.hr\/wp-content\/uploads\/2024\/09\/Claresa_NAIL-PREP_dehydrator-600x600.jpg",600,600,true],"woocommerce_gallery_thumbnail":["https:\/\/www.meavia-mh.hr\/wp-content\/uploads\/2024\/09\/Claresa_NAIL-PREP_dehydrator-100x100.jpg",100,100,true]},"uagb_author_info":{"display_name":"Zla Gol","author_link":"https:\/\/www.meavia-mh.hr\/sl\/author\/"},"uagb_comment_info":0,"uagb_excerpt":null,"_links":{"self":[{"href":"https:\/\/www.meavia-mh.hr\/sl\/wp-json\/wp\/v2\/product\/32675","targetHints":{"allow":["GET"]}}],"collection":[{"href":"https:\/\/www.meavia-mh.hr\/sl\/wp-json\/wp\/v2\/product"}],"about":[{"href":"https:\/\/www.meavia-mh.hr\/sl\/wp-json\/wp\/v2\/types\/product"}],"replies":[{"embeddable":true,"href":"https:\/\/www.meavia-mh.hr\/sl\/wp-json\/wp\/v2\/comments?post=32675"}],"version-history":[{"count":1,"href":"https:\/\/www.meavia-mh.hr\/sl\/wp-json\/wp\/v2\/product\/32675\/revisions"}],"predecessor-version":[{"id":32678,"href":"https:\/\/www.meavia-mh.hr\/sl\/wp-json\/wp\/v2\/product\/32675\/revisions\/32678"}],"wp:featuredmedia":[{"embeddable":true,"href":"https:\/\/www.meavia-mh.hr\/sl\/wp-json\/wp\/v2\/media\/32676"}],"wp:attachment":[{"href":"https:\/\/www.meavia-mh.hr\/sl\/wp-json\/wp\/v2\/media?parent=32675"}],"wp:term":[{"taxonomy":"product_brand","embeddable":true,"href":"https:\/\/www.meavia-mh.hr\/sl\/wp-json\/wp\/v2\/product_brand?post=32675"},{"taxonomy":"product_cat","embeddable":true,"href":"https:\/\/www.meavia-mh.hr\/sl\/wp-json\/wp\/v2\/product_cat?post=32675"},{"taxonomy":"product_tag","embeddable":true,"href":"https:\/\/www.meavia-mh.hr\/sl\/wp-json\/wp\/v2\/product_tag?post=32675"}],"curies":[{"name":"delovni list","href":"https:\/\/api.w.org\/{rel}","templated":true}]}}