{"id":32016,"date":"2024-07-13T06:25:11","date_gmt":"2024-07-13T06:25:11","guid":{"rendered":"https:\/\/www.meavia-mh.hr\/?post_type=product&#038;p=32016"},"modified":"2026-03-10T09:12:26","modified_gmt":"2026-03-10T08:12:26","slug":"led-lampa-za-nokte-u11-84w","status":"publish","type":"product","link":"https:\/\/www.meavia-mh.hr\/sl\/product\/led-lampa-za-nokte-u11-84w\/","title":{"rendered":"LED lu\u010dka za nohte U11 \u2013 84W"},"content":{"rendered":"<p>UV\/LED lu\u010dka za nohte U11 \u2013 84W \u2013 profesionalna lu\u010dka za hitro in u\u010dinkovito utrjevanje UV\/LED gelov in permanentnih lakov.<\/p>\n<p><span class=\"\">UV\/LED lu\u010dka za nohte U11 ima vgrajen senzor gibanja, \u010dasovnik za 30, 60 in 120 sekund, po aktivaciji senzorja pa neprekinjeno sveti 120 sekund. <\/span><\/p>\n<p>120 sekund \u00bbNa\u010din nizkega ogrevanja\u00ab je na\u010din, v katerem se mo\u010d \u017earnice postopoma pove\u010duje vsakih 30 sekund. <span class=\"\">Zmanj\u0161a peko\u010d ob\u010dutek pri nana\u0161anju gradbenih gelov. <\/span>Velik zaslon omogo\u010da enostavno upravljanje \u010dasa. Snemljivo stojalo.<\/p>\n<ul>\n<li>Zasnovan za za\u0161\u010dito o\u010di med delom.<\/li>\n<li>Dual Led tehnologija - kombinacija LED in UV svetlobe (365 nm + 405 nm) vse polimerizira <a href=\"https:\/\/www.meavia-mh.hr\/sl\/product\/ikon-iq-polytek-polymer-gel-cover-pink-60g\/\">akrilni geli<\/a>, \u00a0<a href=\"https:\/\/www.meavia-mh.hr\/sl\/product\/palu-gel-polish-trajni-lak-london-grey-g6-11ml\/\">trajni laki<\/a> in <a href=\"https:\/\/www.meavia-mh.hr\/sl\/product\/palu-gradivni-gel-pink-15-ml\/\">geli<\/a>.<\/li>\n<li>40 enakomerno razporejenih LED diod naredi izdelek popolnoma polimeriziran in imeli boste ve\u010d svobode pri delu<\/li>\n<li>Idealno za pedikuro in manikuro<\/li>\n<li>\u017divljenjska doba naprave: 50.000 ur.<\/li>\n<li>Ne dra\u017ei o\u010di.<\/li>\n<li>Brez opeklin na nohtni plo\u0161\u010di.<\/li>\n<\/ul>\n<h6>LED lu\u010dka za nohte U11 -84W (tehni\u010dne specifikacije):<\/h6>\n<ul>\n<li>Senzor gibanja<\/li>\n<li>LED prikaz \u010dasa<\/li>\n<li>Od\u0161tevanje: 3 na\u010dini polimerizacije: 30, 60 in 120 sekund<\/li>\n<li>Napajalni vti\u010d<\/li>\n<li>42 UV\/LED LED (365 + 405 nm)<\/li>\n<li>brez zamenjave \u017earnice<\/li>\n<li>Mo\u010d: 84W<\/li>\n<li>Te\u017ea: 0,80 kg<\/li>\n<li>Dimenzije: 23 x 21 x 12 cm<\/li>\n<li>Barva: bela<\/li>\n<\/ul>\n<h6>SPLO\u0160NE INFORMACIJE IN OPOZORILA:<\/h6>\n<ul>\n<li>Uporabite ustrezno napetost za \u017earnico. Ne dovolite, da naprava pride v stik z vodo.<\/li>\n<li>Ne uporabljajte LED svetilke:<br \/>\n- v mokrih prostorih,<br \/>\n- \u010de je napajalnik po\u0161kodovan<br \/>\n- \u010de je naprava ali priklju\u010dni kabel po\u0161kodovan<br \/>\n- \u010de je TIMER po\u0161kodovan.<\/li>\n<li>Napravo hranite stran od otrok.<\/li>\n<li>Naprava je namenjena za uporabo v zaprtih prostorih.<\/li>\n<\/ul>\n<h4>Garancijski pogoji<\/h4>\n<p>Zagotavljamo vam, da je izdelek brez vidnih napak in bo brezhibno deloval ob pravilnem upo\u0161tevanju navodil za uporabo. Vse morebitne okvare bomo brezpla\u010dno odpravili v na\u0161em servisu v garancijskem roku.<br \/>\nGarancijska doba za\u010dne te\u010di od prvega dne nakupa in traja 12 mesecev. Garancija se prizna ob predlo\u017eitvi ra\u010duna.<\/p>\n<p><strong>Garancija se ne prizna v primeru:<\/strong><\/p>\n<ul>\n<li>\u010de kupec ne predlo\u017ei ra\u010duna<\/li>\n<li>\u010de stranka ni pravilno uporabila navodil za uporabo<\/li>\n<li>\u010de je izdelek v garancijskem roku odprla in popravila nepoobla\u0161\u010dena oseba<\/li>\n<li>\u010de so napake na izdelku nastale zaradi po\u0161kodbe zaradi nepravilne uporabe<\/li>\n<li>\u010de so napake na izdelku nastale zaradi vi\u0161je sile kot so: udar strele, elektri\u010dni udar v elektri\u010dnem omre\u017eju, naravne nesre\u010de ipd.<\/li>\n<li>\u010de je napako povzro\u010dila napaka v sistemu, na katerega je izdelek priklju\u010den<\/li>\n<\/ul>","protected":false},"excerpt":{"rendered":"<p>UV\/LED Lampa za nokte U11 &#8211; 84W &#8211; profesionalna lampa za brzo i u\u010dinkovito stvrdnjavanje UV\/LED gelova i trajnih lakova. UV\/LED Lampa za nokte U11\u00a0ima ugra\u0111eni senzor pokreta, mjera\u010d vremena za 30, 60 i 120 sekundi, a nakon aktiviranja senzora svijetli neprekidno 120 sekundi. 120 sekundi &#8220;Na\u010din niske topline&#8221; na\u010din je u kojem se snaga [&hellip;]<\/p>\n","protected":false},"featured_media":8069,"comment_status":"closed","ping_status":"closed","template":"","meta":{"_uag_custom_page_level_css":"","site-sidebar-layout":"default","site-content-layout":"","ast-site-content-layout":"default","site-content-style":"default","site-sidebar-style":"default","ast-global-header-display":"","ast-banner-title-visibility":"","ast-main-header-display":"","ast-hfb-above-header-display":"","ast-hfb-below-header-display":"","ast-hfb-mobile-header-display":"","site-post-title":"","ast-breadcrumbs-content":"","ast-featured-img":"","footer-sml-layout":"","ast-disable-related-posts":"","theme-transparent-header-meta":"default","adv-header-id-meta":"","stick-header-meta":"default","header-above-stick-meta":"","header-main-stick-meta":"","header-below-stick-meta":"","astra-migrate-meta-layouts":"set","ast-page-background-enabled":"default","ast-page-background-meta":{"desktop":{"background-color":"var(--ast-global-color-4)","background-image":"","background-repeat":"repeat","background-position":"center center","background-size":"auto","background-attachment":"scroll","background-type":"","background-media":"","overlay-type":"","overlay-color":"","overlay-opacity":"","overlay-gradient":""},"tablet":{"background-color":"","background-image":"","background-repeat":"repeat","background-position":"center center","background-size":"auto","background-attachment":"scroll","background-type":"","background-media":"","overlay-type":"","overlay-color":"","overlay-opacity":"","overlay-gradient":""},"mobile":{"background-color":"","background-image":"","background-repeat":"repeat","background-position":"center center","background-size":"auto","background-attachment":"scroll","background-type":"","background-media":"","overlay-type":"","overlay-color":"","overlay-opacity":"","overlay-gradient":""}},"ast-content-background-meta":{"desktop":{"background-color":"var(--ast-global-color-5)","background-image":"","background-repeat":"repeat","background-position":"center center","background-size":"auto","background-attachment":"scroll","background-type":"","background-media":"","overlay-type":"","overlay-color":"","overlay-opacity":"","overlay-gradient":""},"tablet":{"background-color":"var(--ast-global-color-5)","background-image":"","background-repeat":"repeat","background-position":"center center","background-size":"auto","background-attachment":"scroll","background-type":"","background-media":"","overlay-type":"","overlay-color":"","overlay-opacity":"","overlay-gradient":""},"mobile":{"background-color":"var(--ast-global-color-5)","background-image":"","background-repeat":"repeat","background-position":"center center","background-size":"auto","background-attachment":"scroll","background-type":"","background-media":"","overlay-type":"","overlay-color":"","overlay-opacity":"","overlay-gradient":""}}},"product_brand":[],"product_cat":[220],"product_tag":[221],"class_list":{"0":"post-32016","1":"product","2":"type-product","3":"status-publish","4":"has-post-thumbnail","6":"product_cat-uvled-lampe","7":"product_tag-uv-led-lampa","8":"desktop-align-left","9":"tablet-align-left","10":"mobile-align-left","11":"ast-product-gallery-layout-horizontal-slider","12":"ast-product-tabs-layout-horizontal","14":"first","15":"outofstock","16":"taxable","17":"shipping-taxable","18":"purchasable","19":"product-type-simple"},"yoast_head":"<!-- This site is optimized with the Yoast SEO plugin v27.4 - https:\/\/yoast.com\/product\/yoast-seo-wordpress\/ -->\n<title>LED Lampa za nokte U11 - 84W &#8902; profesional &#8902; Mea Via Beauty %<\/title>\n<meta name=\"description\" content=\"LED Lampa za nokte U11 - 84W &#8902; profesionalna lampa za nokte &#8902; za sve vrste gelova, akrila, trajnih lakova &#8902; top kvaliteta &#8902; snaga 84W\" \/>\n<meta name=\"robots\" content=\"index, follow, max-snippet:-1, max-image-preview:large, max-video-preview:-1\" \/>\n<link rel=\"canonical\" href=\"https:\/\/www.meavia-mh.hr\/sl\/product\/led-lampa-za-nokte-u11-84w\/\" \/>\n<meta property=\"og:locale\" content=\"sl_SI\" \/>\n<meta property=\"og:type\" content=\"article\" \/>\n<meta property=\"og:title\" content=\"LED Lampa za nokte U11 - 84W &#8902; profesional &#8902; Mea Via Beauty %\" \/>\n<meta property=\"og:description\" content=\"LED Lampa za nokte U11 - 84W &#8902; profesionalna lampa za nokte &#8902; za sve vrste gelova, akrila, trajnih lakova &#8902; top kvaliteta &#8902; snaga 84W\" \/>\n<meta property=\"og:url\" content=\"https:\/\/www.meavia-mh.hr\/sl\/product\/led-lampa-za-nokte-u11-84w\/\" \/>\n<meta property=\"og:site_name\" content=\"Mea Via Beauty\" \/>\n<meta property=\"article:publisher\" content=\"https:\/\/www.facebook.com\/MeaViaNailsWorld\" \/>\n<meta property=\"article:modified_time\" content=\"2026-03-10T08:12:26+00:00\" \/>\n<meta property=\"og:image\" content=\"https:\/\/www.meavia-mh.hr\/wp-content\/uploads\/2021\/08\/ezgif.com-gif-maker-252.jpg\" \/>\n\t<meta property=\"og:image:width\" content=\"1500\" \/>\n\t<meta property=\"og:image:height\" content=\"1410\" \/>\n\t<meta property=\"og:image:type\" content=\"image\/jpeg\" \/>\n<meta name=\"twitter:card\" content=\"summary_large_image\" \/>\n<meta name=\"twitter:label1\" content=\"Est. reading time\" \/>\n\t<meta name=\"twitter:data1\" content=\"3 minute\" \/>\n<script type=\"application\/ld+json\" class=\"yoast-schema-graph\">{\"@context\":\"https:\\\/\\\/schema.org\",\"@graph\":[{\"@type\":\"WebPage\",\"@id\":\"https:\\\/\\\/www.meavia-mh.hr\\\/product\\\/led-lampa-za-nokte-u11-84w\\\/\",\"url\":\"https:\\\/\\\/www.meavia-mh.hr\\\/product\\\/led-lampa-za-nokte-u11-84w\\\/\",\"name\":\"LED Lampa za nokte U11 - 84W &#8902; profesional &#8902; Mea Via Beauty %\",\"isPartOf\":{\"@id\":\"https:\\\/\\\/meavia-mh.hr\\\/sl\\\/#website\"},\"primaryImageOfPage\":{\"@id\":\"https:\\\/\\\/www.meavia-mh.hr\\\/product\\\/led-lampa-za-nokte-u11-84w\\\/#primaryimage\"},\"image\":{\"@id\":\"https:\\\/\\\/www.meavia-mh.hr\\\/product\\\/led-lampa-za-nokte-u11-84w\\\/#primaryimage\"},\"thumbnailUrl\":\"https:\\\/\\\/www.meavia-mh.hr\\\/wp-content\\\/uploads\\\/2021\\\/08\\\/ezgif.com-gif-maker-252.jpg\",\"datePublished\":\"2024-07-13T06:25:11+00:00\",\"dateModified\":\"2026-03-10T08:12:26+00:00\",\"description\":\"LED Lampa za nokte U11 - 84W &#8902; profesionalna lampa za nokte &#8902; za sve vrste gelova, akrila, trajnih lakova &#8902; top kvaliteta &#8902; snaga 84W\",\"breadcrumb\":{\"@id\":\"https:\\\/\\\/www.meavia-mh.hr\\\/product\\\/led-lampa-za-nokte-u11-84w\\\/#breadcrumb\"},\"inLanguage\":\"sl-SI\",\"potentialAction\":[{\"@type\":\"ReadAction\",\"target\":[\"https:\\\/\\\/www.meavia-mh.hr\\\/product\\\/led-lampa-za-nokte-u11-84w\\\/\"]}]},{\"@type\":\"ImageObject\",\"inLanguage\":\"sl-SI\",\"@id\":\"https:\\\/\\\/www.meavia-mh.hr\\\/product\\\/led-lampa-za-nokte-u11-84w\\\/#primaryimage\",\"url\":\"https:\\\/\\\/www.meavia-mh.hr\\\/wp-content\\\/uploads\\\/2021\\\/08\\\/ezgif.com-gif-maker-252.jpg\",\"contentUrl\":\"https:\\\/\\\/www.meavia-mh.hr\\\/wp-content\\\/uploads\\\/2021\\\/08\\\/ezgif.com-gif-maker-252.jpg\",\"width\":1500,\"height\":1410,\"caption\":\"LED Lampa za nokte U1\"},{\"@type\":\"BreadcrumbList\",\"@id\":\"https:\\\/\\\/www.meavia-mh.hr\\\/product\\\/led-lampa-za-nokte-u11-84w\\\/#breadcrumb\",\"itemListElement\":[{\"@type\":\"ListItem\",\"position\":1,\"name\":\"Po\u010detna stranica\",\"item\":\"https:\\\/\\\/www.meavia-mh.hr\\\/\"},{\"@type\":\"ListItem\",\"position\":2,\"name\":\"Trgovina\",\"item\":\"https:\\\/\\\/meavia-mh.hr\\\/sl\\\/store\\\/\"},{\"@type\":\"ListItem\",\"position\":3,\"name\":\"LED Lampa za nokte U11 &#8211; 84W\"}]},{\"@type\":\"WebSite\",\"@id\":\"https:\\\/\\\/meavia-mh.hr\\\/sl\\\/#website\",\"url\":\"https:\\\/\\\/meavia-mh.hr\\\/sl\\\/\",\"name\":\"Mea Via Beauty\",\"description\":\"Only The Best For Your Beauty\",\"publisher\":{\"@id\":\"https:\\\/\\\/meavia-mh.hr\\\/sl\\\/#organization\"},\"alternateName\":\"Mea Via Nails\",\"potentialAction\":[{\"@type\":\"SearchAction\",\"target\":{\"@type\":\"EntryPoint\",\"urlTemplate\":\"https:\\\/\\\/meavia-mh.hr\\\/sl\\\/?s={search_term_string}\"},\"query-input\":{\"@type\":\"PropertyValueSpecification\",\"valueRequired\":true,\"valueName\":\"search_term_string\"}}],\"inLanguage\":\"sl-SI\"},{\"@type\":\"Organization\",\"@id\":\"https:\\\/\\\/meavia-mh.hr\\\/sl\\\/#organization\",\"name\":\"Mea Via Nails World\",\"alternateName\":\"Mea Via\",\"url\":\"https:\\\/\\\/meavia-mh.hr\\\/sl\\\/\",\"logo\":{\"@type\":\"ImageObject\",\"inLanguage\":\"sl-SI\",\"@id\":\"https:\\\/\\\/meavia-mh.hr\\\/sl\\\/#\\\/schema\\\/logo\\\/image\\\/\",\"url\":\"https:\\\/\\\/www.meavia-mh.hr\\\/wp-content\\\/uploads\\\/2020\\\/12\\\/Mea-Via.png\",\"contentUrl\":\"https:\\\/\\\/www.meavia-mh.hr\\\/wp-content\\\/uploads\\\/2020\\\/12\\\/Mea-Via.png\",\"width\":1181,\"height\":393,\"caption\":\"Mea Via Nails World\"},\"image\":{\"@id\":\"https:\\\/\\\/meavia-mh.hr\\\/sl\\\/#\\\/schema\\\/logo\\\/image\\\/\"},\"sameAs\":[\"https:\\\/\\\/www.facebook.com\\\/MeaViaNailsWorld\",\"https:\\\/\\\/www.instagram.com\\\/mea_via_nails_world\\\/\",\"https:\\\/\\\/www.youtube.com\\\/channel\\\/UCECk0hpRWP6TN-EfA4ER96g\\\/featured\"]}]}<\/script>\n<!-- \/ Yoast SEO plugin. -->","yoast_head_json":{"title":"LED svetilka za nohte U11 - 84W \u22c6 profesionalna \u22c6 Mea Via Beauty %","description":"LED svetilka za nohte U11 - 84W \u22c6 profesionalna svetilka za nohte \u22c6 za vse vrste gelov, akrila, permanentnih lakov \u22c6 vrhunska kakovost \u22c6 mo\u010d 84W","robots":{"index":"index","follow":"follow","max-snippet":"max-snippet:-1","max-image-preview":"max-image-preview:large","max-video-preview":"max-video-preview:-1"},"canonical":"https:\/\/www.meavia-mh.hr\/sl\/product\/led-lampa-za-nokte-u11-84w\/","og_locale":"sl_SI","og_type":"article","og_title":"LED Lampa za nokte U11 - 84W &#8902; profesional &#8902; Mea Via Beauty %","og_description":"LED Lampa za nokte U11 - 84W &#8902; profesionalna lampa za nokte &#8902; za sve vrste gelova, akrila, trajnih lakova &#8902; top kvaliteta &#8902; snaga 84W","og_url":"https:\/\/www.meavia-mh.hr\/sl\/product\/led-lampa-za-nokte-u11-84w\/","og_site_name":"Mea Via Beauty","article_publisher":"https:\/\/www.facebook.com\/MeaViaNailsWorld","article_modified_time":"2026-03-10T08:12:26+00:00","og_image":[{"width":1500,"height":1410,"url":"https:\/\/www.meavia-mh.hr\/wp-content\/uploads\/2021\/08\/ezgif.com-gif-maker-252.jpg","type":"image\/jpeg"}],"twitter_card":"summary_large_image","twitter_misc":{"Est. reading time":"3 minute"},"schema":{"@context":"https:\/\/schema.org","@graph":[{"@type":"WebPage","@id":"https:\/\/www.meavia-mh.hr\/product\/led-lampa-za-nokte-u11-84w\/","url":"https:\/\/www.meavia-mh.hr\/product\/led-lampa-za-nokte-u11-84w\/","name":"LED svetilka za nohte U11 - 84W \u22c6 profesionalna \u22c6 Mea Via Beauty %","isPartOf":{"@id":"https:\/\/meavia-mh.hr\/sl\/#website"},"primaryImageOfPage":{"@id":"https:\/\/www.meavia-mh.hr\/product\/led-lampa-za-nokte-u11-84w\/#primaryimage"},"image":{"@id":"https:\/\/www.meavia-mh.hr\/product\/led-lampa-za-nokte-u11-84w\/#primaryimage"},"thumbnailUrl":"https:\/\/www.meavia-mh.hr\/wp-content\/uploads\/2021\/08\/ezgif.com-gif-maker-252.jpg","datePublished":"2024-07-13T06:25:11+00:00","dateModified":"2026-03-10T08:12:26+00:00","description":"LED svetilka za nohte U11 - 84W \u22c6 profesionalna svetilka za nohte \u22c6 za vse vrste gelov, akrila, permanentnih lakov \u22c6 vrhunska kakovost \u22c6 mo\u010d 84W","breadcrumb":{"@id":"https:\/\/www.meavia-mh.hr\/product\/led-lampa-za-nokte-u11-84w\/#breadcrumb"},"inLanguage":"sl-SI","potentialAction":[{"@type":"ReadAction","target":["https:\/\/www.meavia-mh.hr\/product\/led-lampa-za-nokte-u11-84w\/"]}]},{"@type":"ImageObject","inLanguage":"sl-SI","@id":"https:\/\/www.meavia-mh.hr\/product\/led-lampa-za-nokte-u11-84w\/#primaryimage","url":"https:\/\/www.meavia-mh.hr\/wp-content\/uploads\/2021\/08\/ezgif.com-gif-maker-252.jpg","contentUrl":"https:\/\/www.meavia-mh.hr\/wp-content\/uploads\/2021\/08\/ezgif.com-gif-maker-252.jpg","width":1500,"height":1410,"caption":"LED Lampa za nokte U1"},{"@type":"BreadcrumbList","@id":"https:\/\/www.meavia-mh.hr\/product\/led-lampa-za-nokte-u11-84w\/#breadcrumb","itemListElement":[{"@type":"ListItem","position":1,"name":"Po\u010detna stranica","item":"https:\/\/www.meavia-mh.hr\/"},{"@type":"ListItem","position":2,"name":"Trgovina","item":"https:\/\/meavia-mh.hr\/sl\/store\/"},{"@type":"ListItem","position":3,"name":"LED Lampa za nokte U11 &#8211; 84W"}]},{"@type":"WebSite","@id":"https:\/\/meavia-mh.hr\/sl\/#website","url":"https:\/\/meavia-mh.hr\/sl\/","name":"MEA VIA BEAUTY","description":"Only The Best For Your Beauty","publisher":{"@id":"https:\/\/meavia-mh.hr\/sl\/#organization"},"alternateName":"Mea Via Nails","potentialAction":[{"@type":"SearchAction","target":{"@type":"EntryPoint","urlTemplate":"https:\/\/meavia-mh.hr\/sl\/?s={search_term_string}"},"query-input":{"@type":"PropertyValueSpecification","valueRequired":true,"valueName":"search_term_string"}}],"inLanguage":"sl-SI"},{"@type":"Organization","@id":"https:\/\/meavia-mh.hr\/sl\/#organization","name":"Mea Via Nails World","alternateName":"Mea Via","url":"https:\/\/meavia-mh.hr\/sl\/","logo":{"@type":"ImageObject","inLanguage":"sl-SI","@id":"https:\/\/meavia-mh.hr\/sl\/#\/schema\/logo\/image\/","url":"https:\/\/www.meavia-mh.hr\/wp-content\/uploads\/2020\/12\/Mea-Via.png","contentUrl":"https:\/\/www.meavia-mh.hr\/wp-content\/uploads\/2020\/12\/Mea-Via.png","width":1181,"height":393,"caption":"Mea Via Nails World"},"image":{"@id":"https:\/\/meavia-mh.hr\/sl\/#\/schema\/logo\/image\/"},"sameAs":["https:\/\/www.facebook.com\/MeaViaNailsWorld","https:\/\/www.instagram.com\/mea_via_nails_world\/","https:\/\/www.youtube.com\/channel\/UCECk0hpRWP6TN-EfA4ER96g\/featured"]}]}},"spectra_custom_meta":{"_sku":["133972"],"_regular_price":["40.00"],"total_sales":["10"],"_tax_status":["taxable"],"_tax_class":[""],"_manage_stock":["yes"],"_backorders":["no"],"_sold_individually":["no"],"_virtual":["no"],"_downloadable":["no"],"_product_image_gallery":["8070,8071,8072,8194,8195,8196,8197"],"_download_limit":["-1"],"_download_expiry":["-1"],"_thumbnail_id":["8069"],"_stock":["0"],"_stock_status":["outofstock"],"_wc_average_rating":["0"],"_wc_review_count":["0"],"_product_version":["10.5.3"],"_price":["40.00"],"_wp_page_template":["default"],"_yoast_wpseo_focuskw":["LED Lampa za nokte"],"_yoast_wpseo_linkdex":["78"],"_yoast_wpseo_content_score":["90"],"_yoast_wpseo_primary_product_cat":[""],"site-sidebar-layout":["default"],"theme-transparent-header-meta":["default"],"stick-header-meta":["default"],"_yoast_wpseo_metadesc":["%%title%% %%sep%% profesionalna lampa za nokte %%sep%% za sve vrste gelova, akrila, trajnih lakova %%sep%% top kvaliteta %%sep%% snaga 84W"],"_woocs_price_geo_countries":[""],"_woocs_regular_price_geo":[""],"_woocs_sale_price_geo":[""],"_yoast_wpseo_estimated-reading-time-minutes":["3"],"cartflows_redirect_flow_id":[""],"cartflows_add_to_cart_text":[""],"_yoast_wpseo_title":["%%title%% %%page%% %%sep%% profesional %%sep%% %%sitename%% %"],"_woocs_regular_price_EUR":["53.08"],"_woocs_sale_price_EUR":["-1"],"_lowest_price_30_days":["53.08"],"uag_migration_processed":["1"],"_edit_lock":["1773130346:1239"],"_edit_last":["1239"],"ast-site-content-layout":["default"],"site-content-style":["default"],"site-sidebar-style":["default"],"astra-migrate-meta-layouts":["set"],"_yoast_wpseo_primary_fb_product_set":[""],"ast-above-header-display":[""],"ast-below-header-display":[""],"site-content-layout":[""],"footer-adv-display":[""],"adv-header-id-meta":[""],"ast-breadcrumbs-content":[""],"_last_change_time":["1773130346"],"_elementor_page_assets":["a:0:{}"],"_uag_page_assets":["a:9:{s:3:\"css\";s:0:\"\";s:2:\"js\";s:0:\"\";s:18:\"current_block_list\";a:3:{i:0;s:11:\"core\/search\";i:1;s:18:\"core\/legacy-widget\";i:2;s:27:\"woocommerce\/product-filters\";}s:8:\"uag_flag\";b:0;s:11:\"uag_version\";s:10:\"1776760064\";s:6:\"gfonts\";a:0:{}s:10:\"gfonts_url\";s:0:\"\";s:12:\"gfonts_files\";a:0:{}s:14:\"uag_faq_layout\";b:0;}"]},"uagb_featured_image_src":{"full":["https:\/\/www.meavia-mh.hr\/wp-content\/uploads\/2021\/08\/ezgif.com-gif-maker-252.jpg",1500,1410,false],"thumbnail":["https:\/\/www.meavia-mh.hr\/wp-content\/uploads\/2021\/08\/ezgif.com-gif-maker-252-150x150.jpg",150,150,true],"medium":["https:\/\/www.meavia-mh.hr\/wp-content\/uploads\/2021\/08\/ezgif.com-gif-maker-252-300x282.jpg",300,282,true],"medium_large":["https:\/\/www.meavia-mh.hr\/wp-content\/uploads\/2021\/08\/ezgif.com-gif-maker-252-768x722.jpg",768,722,true],"large":["https:\/\/www.meavia-mh.hr\/wp-content\/uploads\/2021\/08\/ezgif.com-gif-maker-252-1024x963.jpg",1024,963,true],"1536x1536":["https:\/\/www.meavia-mh.hr\/wp-content\/uploads\/2021\/08\/ezgif.com-gif-maker-252.jpg",1500,1410,false],"2048x2048":["https:\/\/www.meavia-mh.hr\/wp-content\/uploads\/2021\/08\/ezgif.com-gif-maker-252.jpg",1500,1410,false],"trp-custom-language-flag":["https:\/\/www.meavia-mh.hr\/wp-content\/uploads\/2021\/08\/ezgif.com-gif-maker-252-13x12.jpg",13,12,true],"woocommerce_thumbnail":["https:\/\/www.meavia-mh.hr\/wp-content\/uploads\/2021\/08\/ezgif.com-gif-maker-252-300x300.jpg",300,300,true],"woocommerce_single":["https:\/\/www.meavia-mh.hr\/wp-content\/uploads\/2021\/08\/ezgif.com-gif-maker-252-600x564.jpg",600,564,true],"woocommerce_gallery_thumbnail":["https:\/\/www.meavia-mh.hr\/wp-content\/uploads\/2021\/08\/ezgif.com-gif-maker-252-100x100.jpg",100,100,true]},"uagb_author_info":{"display_name":"Zla Gol","author_link":"https:\/\/www.meavia-mh.hr\/sl\/author\/"},"uagb_comment_info":0,"uagb_excerpt":"UV\/LED Lampa za nokte U11 &#8211; 84W &#8211; profesionalna lampa za brzo i u\u010dinkovito stvrdnjavanje UV\/LED gelova i trajnih lakova. UV\/LED Lampa za nokte U11\u00a0ima ugra\u0111eni senzor pokreta, mjera\u010d vremena za 30, 60 i 120 sekundi, a nakon aktiviranja senzora svijetli neprekidno 120 sekundi. 120 sekundi &#8220;Na\u010din niske topline&#8221; na\u010din je u kojem se snaga&hellip;","_links":{"self":[{"href":"https:\/\/www.meavia-mh.hr\/sl\/wp-json\/wp\/v2\/product\/32016","targetHints":{"allow":["GET"]}}],"collection":[{"href":"https:\/\/www.meavia-mh.hr\/sl\/wp-json\/wp\/v2\/product"}],"about":[{"href":"https:\/\/www.meavia-mh.hr\/sl\/wp-json\/wp\/v2\/types\/product"}],"replies":[{"embeddable":true,"href":"https:\/\/www.meavia-mh.hr\/sl\/wp-json\/wp\/v2\/comments?post=32016"}],"version-history":[{"count":1,"href":"https:\/\/www.meavia-mh.hr\/sl\/wp-json\/wp\/v2\/product\/32016\/revisions"}],"predecessor-version":[{"id":32017,"href":"https:\/\/www.meavia-mh.hr\/sl\/wp-json\/wp\/v2\/product\/32016\/revisions\/32017"}],"wp:featuredmedia":[{"embeddable":true,"href":"https:\/\/www.meavia-mh.hr\/sl\/wp-json\/wp\/v2\/media\/8069"}],"wp:attachment":[{"href":"https:\/\/www.meavia-mh.hr\/sl\/wp-json\/wp\/v2\/media?parent=32016"}],"wp:term":[{"taxonomy":"product_brand","embeddable":true,"href":"https:\/\/www.meavia-mh.hr\/sl\/wp-json\/wp\/v2\/product_brand?post=32016"},{"taxonomy":"product_cat","embeddable":true,"href":"https:\/\/www.meavia-mh.hr\/sl\/wp-json\/wp\/v2\/product_cat?post=32016"},{"taxonomy":"product_tag","embeddable":true,"href":"https:\/\/www.meavia-mh.hr\/sl\/wp-json\/wp\/v2\/product_tag?post=32016"}],"curies":[{"name":"delovni list","href":"https:\/\/api.w.org\/{rel}","templated":true}]}}