{"id":32011,"date":"2024-07-13T05:59:10","date_gmt":"2024-07-13T05:59:10","guid":{"rendered":"https:\/\/www.meavia-mh.hr\/?post_type=product&#038;p=32011"},"modified":"2026-01-24T09:01:46","modified_gmt":"2026-01-24T08:01:46","slug":"uv-led-lampa-za-nokte-stylistic-48w","status":"publish","type":"product","link":"https:\/\/www.meavia-mh.hr\/sl\/product\/uv-led-lampa-za-nokte-stylistic-48w\/","title":{"rendered":"UV\/LED lu\u010dka za nohte Stylistic \u2013 48W"},"content":{"rendered":"<p>UV\/LED lu\u010dka za nohte Stylistic \u2013 48W \u2013 profesionalna lu\u010dka za hitro in u\u010dinkovito UV\/LED utrjevanje <a href=\"https:\/\/www.meavia-mh.hr\/sl\/product\/evolution-soak-off-sculpting-gels-clear-builder-5ml\/\">geli<\/a>, <a href=\"https:\/\/www.meavia-mh.hr\/sl\/product\/ikon-iq-polytek-polymer-gel-clear-60g\/\">akrilni geli<\/a> in <a href=\"https:\/\/www.meavia-mh.hr\/sl\/product\/ikon-iq-prima-gel-polish-trajni-lak-meja-15-ml\/\">trajni laki<\/a>. Va\u0161a svetilka Stylistic vam bo prihranila dragoceni \u010das in bo zanesljivo, trajno in hitro utrdila vsako va\u0161o najljub\u0161o barvo. <a href=\"https:\/\/www.meavia-mh.hr\/sl\/product\/palu-gel-polish-trajni-lak-new-york-white-w1-11-ml\/\">hibridni lak<\/a>, <a href=\"https:\/\/www.meavia-mh.hr\/sl\/product\/palu-flexi-acryl-gel-peach-3-30-ml\/\">akrilni gel<\/a>, <a href=\"https:\/\/www.meavia-mh.hr\/sl\/product\/evolution-soak-off-sculpting-gels-extension-builder-5ml\/\">gel<\/a> ali <a href=\"https:\/\/www.meavia-mh.hr\/sl\/product\/palu-glitter-eternal-glow-15\/\">dekorativni izdelki<\/a>!<\/p>\n<p>Svetilka oddaja belo svetlobo! Ne utrudi va\u0161ega vida! Najnovej\u0161a generacija svetilk uporablja energetsko var\u010dne LED diode, kar pomeni, da porabijo veliko manj elektri\u010dne energije kot starej\u0161e generacije.\u00a0<span style=\"font-size: 16px; font-style: normal;\">Zahvaljujo\u010d emisiji bele svetlobe - strdi vse - tudi najbolj odporne UV gele\u00a0<\/span><span style=\"font-size: 16px; font-style: normal;\">(UV emisija 365 in 405 nm v diodah).<\/span><\/p>\n<p>Ima kovinsko zrcalno dno, ki dodatno odbija in razpr\u0161uje svetlobo LED diod. Zahvaljujo\u010d temu dose\u017ee tudi te\u017eko dostopna mesta na robovih nohtov in obnohtni ko\u017eici. Tako smo prepri\u010dani, da bo permanentni lak ali gel ustrezno polimeriziran tudi na najbolj ob\u010dutljivih mestih.<\/p>\n<p>Dodatna prednost je, da je spodnji del svetilke name\u0161\u010den na ve\u010d magnetih. Zahvaljujo\u010d temu lahko hitro in enostavno odstranimo dno, kar je \u0161e posebej uporabno pri pedikuri ter za \u010di\u0161\u010denje in razku\u017eevanje lu\u010dke. Spodnja stran svetilke je za\u0161\u010ditena z modro za\u0161\u010ditno folijo, ki jo je potrebno odstraniti pred uporabo.<\/p>\n<h6>Tehni\u010dne specifikacije:<\/h6>\n<ul>\n<li>Senzor gibanja<\/li>\n<li>Od\u0161tevanje s tremi na\u010dini polimerizacije: 10, 30, 60 sekund<\/li>\n<li>Napajalni vti\u010d<\/li>\n<li>30 UV\/LED LED (365 + 405 nm)<\/li>\n<li>brez zamenjave \u017earnice<\/li>\n<li>Mo\u010d: 48W<\/li>\n<li>preklop 24W \/ 48W (dr\u017eite gumb za vklop \/ izklop 2 sekundi)<\/li>\n<li>Dimenzije: 20 cm x 15,7 cm x 9 cm<\/li>\n<li>Vhodna napetost: 110V-240V 50 \/ 60Hz 1A<\/li>\n<li>Izhodna napetost DC-24V 2A<\/li>\n<li><strong>Barva: bela s snemljivo kovinsko podlo\u017eko\u00a0<\/strong><\/li>\n<li>Garancija: 12 mesecev, velja ob predlo\u017eitvi ra\u010duna in embala\u017ee.<\/li>\n<li>Opomba: Pazite, da material ne pride v stik z \u017earnicami in senzorji. \u010ce pride, ga previdno o\u010distite, da ne po\u0161kodujete \u017earnic in senzorjev.<\/li>\n<\/ul>\n<h6>Uporabni\u0161ki priro\u010dnik:<\/h6>\n<ul>\n<li>Lu\u010dko z napajalnim kablom priklju\u010dite na vir napajanja.<\/li>\n<li>\u010casovnik ima 3 na\u010dine polimerizacije: 5 sekund, 30 sekund in 60 sekund<\/li>\n<li>Po zagonu \u017earnice lahko izberete ustrezen gumb \u010dasovnika, da lu\u010dka preide v stanje pripravljenosti in za\u010dne od\u0161tevati izbrani \u010das polimerizacije (vsak izdelek ima svoj \u010das polimerizacije).<\/li>\n<li>Po ponovnem pritisku na izbrani gumb za od\u0161tevanje med delovanjem lu\u010dka preide v stanje pripravljenosti.<\/li>\n<li>Ko vstavite roko, ne da bi izbrali \u010das delovanja, senzor gibanja samodejno vklopi svetilko v na\u010dinu 120s.<\/li>\n<li>Spreminjanje mo\u010di \u017earnice iz 24W na 48W - dr\u017eite gumb za vklop \/ izklop 2 sekundi<\/li>\n<li>Zapomni si izbiro \u010dasa - gumbi 5 sekund, 30 sekund, 60 sekund imajo funkcijo pomnilnika. PO izbiri dolo\u010denega \u010dasa si sijalka zapomni izbiro in ko naslednji\u010d polo\u017eite roko, se lu\u010dka za\u017eene s predhodno izbranim \u010dasom.<\/li>\n<li>Merjenje \u010dasa - po izbiri \u010dasa delovanja med 5 sekundami, 30 sekundami, 60 sekundami se \u010das od\u0161teje od izbranega \u010dasa do ni\u010d.<\/li>\n<li>Ko kon\u010date, odklopite svetilko iz vira napajanja.<\/li>\n<\/ul>\n<h6>SPLO\u0160NE INFORMACIJE IN OPOZORILA:<\/h6>\n<ul>\n<li>Uporabite ustrezno napetost za \u017earnico. Ne dovolite, da naprava pride v stik z vodo.<\/li>\n<li>Ne uporabljajte LED svetilke:<br \/>\n- v mokrih prostorih,<br \/>\n- \u010de je napajalnik po\u0161kodovan<br \/>\n- \u010de je naprava ali priklju\u010dni kabel po\u0161kodovan<br \/>\n- \u010de je TIMER po\u0161kodovan.<\/li>\n<li>Napravo hranite stran od otrok.<\/li>\n<li>Naprava je namenjena za uporabo v zaprtih prostorih.<\/li>\n<\/ul>","protected":false},"excerpt":{"rendered":"<p>UV\/LED lampa za nokte Stylistic &#8211; 48W &#8211; profesionalna lampa za brzo i u\u010dinkovito stvrdnjavanje UV\/LED gelova, acryl gelova i trajnih lakova. Va\u0161a Stylistic lampa u\u0161tedjet \u0107e vam dragocjeno vrijeme te \u0107e pouzdano, trajno i brzo o\u010dvrsnuti svaku od va\u0161ih omiljenih boja hibridnog laka, akrilnog gela, gela ili ukrasnih proizvoda! Lampa\u00a0emitira bijelo svjetlo!\u00a0To vam ne [&hellip;]<\/p>\n","protected":false},"featured_media":32013,"comment_status":"closed","ping_status":"closed","template":"","meta":{"_uag_custom_page_level_css":"","site-sidebar-layout":"default","site-content-layout":"","ast-site-content-layout":"default","site-content-style":"default","site-sidebar-style":"default","ast-global-header-display":"","ast-banner-title-visibility":"","ast-main-header-display":"","ast-hfb-above-header-display":"","ast-hfb-below-header-display":"","ast-hfb-mobile-header-display":"","site-post-title":"","ast-breadcrumbs-content":"","ast-featured-img":"","footer-sml-layout":"","ast-disable-related-posts":"","theme-transparent-header-meta":"default","adv-header-id-meta":"","stick-header-meta":"default","header-above-stick-meta":"","header-main-stick-meta":"","header-below-stick-meta":"","astra-migrate-meta-layouts":"set","ast-page-background-enabled":"default","ast-page-background-meta":{"desktop":{"background-color":"var(--ast-global-color-4)","background-image":"","background-repeat":"repeat","background-position":"center center","background-size":"auto","background-attachment":"scroll","background-type":"","background-media":"","overlay-type":"","overlay-color":"","overlay-opacity":"","overlay-gradient":""},"tablet":{"background-color":"","background-image":"","background-repeat":"repeat","background-position":"center center","background-size":"auto","background-attachment":"scroll","background-type":"","background-media":"","overlay-type":"","overlay-color":"","overlay-opacity":"","overlay-gradient":""},"mobile":{"background-color":"","background-image":"","background-repeat":"repeat","background-position":"center center","background-size":"auto","background-attachment":"scroll","background-type":"","background-media":"","overlay-type":"","overlay-color":"","overlay-opacity":"","overlay-gradient":""}},"ast-content-background-meta":{"desktop":{"background-color":"var(--ast-global-color-5)","background-image":"","background-repeat":"repeat","background-position":"center center","background-size":"auto","background-attachment":"scroll","background-type":"","background-media":"","overlay-type":"","overlay-color":"","overlay-opacity":"","overlay-gradient":""},"tablet":{"background-color":"var(--ast-global-color-5)","background-image":"","background-repeat":"repeat","background-position":"center center","background-size":"auto","background-attachment":"scroll","background-type":"","background-media":"","overlay-type":"","overlay-color":"","overlay-opacity":"","overlay-gradient":""},"mobile":{"background-color":"var(--ast-global-color-5)","background-image":"","background-repeat":"repeat","background-position":"center center","background-size":"auto","background-attachment":"scroll","background-type":"","background-media":"","overlay-type":"","overlay-color":"","overlay-opacity":"","overlay-gradient":""}}},"product_brand":[],"product_cat":[220],"product_tag":[221],"class_list":{"0":"post-32011","1":"product","2":"type-product","3":"status-publish","4":"has-post-thumbnail","6":"product_cat-uvled-lampe","7":"product_tag-uv-led-lampa","8":"desktop-align-left","9":"tablet-align-left","10":"mobile-align-left","11":"ast-product-gallery-layout-horizontal-slider","12":"ast-product-tabs-layout-horizontal","14":"first","15":"outofstock","16":"taxable","17":"shipping-taxable","18":"purchasable","19":"product-type-simple"},"yoast_head":"<!-- This site is optimized with the Yoast SEO plugin v27.4 - https:\/\/yoast.com\/product\/yoast-seo-wordpress\/ -->\n<title>UV\/LED lampa za nokte Stylistic - 48W &#8902; Mea Via Beauty<\/title>\n<meta name=\"description\" content=\"UV\/LED lampa za nokte Stylistic - 48W &#8902; profesionalna lampa za nokte &#8902; za sve vrste gelova, akrila, trajnih lakova &#8902; ja\u010dina 48 W\" \/>\n<meta name=\"robots\" content=\"index, follow, max-snippet:-1, max-image-preview:large, max-video-preview:-1\" \/>\n<link rel=\"canonical\" href=\"https:\/\/www.meavia-mh.hr\/sl\/product\/uv-led-lampa-za-nokte-stylistic-48w\/\" \/>\n<meta property=\"og:locale\" content=\"sl_SI\" \/>\n<meta property=\"og:type\" content=\"article\" \/>\n<meta property=\"og:title\" content=\"UV\/LED lampa za nokte Stylistic - 48W &#8902; Mea Via Beauty\" \/>\n<meta property=\"og:description\" content=\"UV\/LED lampa za nokte Stylistic - 48W &#8902; profesionalna lampa za nokte &#8902; za sve vrste gelova, akrila, trajnih lakova &#8902; ja\u010dina 48 W\" \/>\n<meta property=\"og:url\" content=\"https:\/\/www.meavia-mh.hr\/sl\/product\/uv-led-lampa-za-nokte-stylistic-48w\/\" \/>\n<meta property=\"og:site_name\" content=\"Mea Via Beauty\" \/>\n<meta property=\"article:publisher\" content=\"https:\/\/www.facebook.com\/MeaViaNailsWorld\" \/>\n<meta property=\"article:modified_time\" content=\"2026-01-24T08:01:46+00:00\" \/>\n<meta property=\"og:image\" content=\"https:\/\/www.meavia-mh.hr\/wp-content\/uploads\/2024\/07\/UV-LED-lampa-za-nokte-Stylistic-48W-1.jpg\" \/>\n\t<meta property=\"og:image:width\" content=\"1616\" \/>\n\t<meta property=\"og:image:height\" content=\"1616\" \/>\n\t<meta property=\"og:image:type\" content=\"image\/jpeg\" \/>\n<meta name=\"twitter:card\" content=\"summary_large_image\" \/>\n<meta name=\"twitter:label1\" content=\"Est. reading time\" \/>\n\t<meta name=\"twitter:data1\" content=\"3 minute\" \/>\n<script type=\"application\/ld+json\" class=\"yoast-schema-graph\">{\"@context\":\"https:\\\/\\\/schema.org\",\"@graph\":[{\"@type\":\"WebPage\",\"@id\":\"https:\\\/\\\/www.meavia-mh.hr\\\/product\\\/uv-led-lampa-za-nokte-stylistic-48w\\\/\",\"url\":\"https:\\\/\\\/www.meavia-mh.hr\\\/product\\\/uv-led-lampa-za-nokte-stylistic-48w\\\/\",\"name\":\"UV\\\/LED lampa za nokte Stylistic - 48W &#8902; Mea Via Beauty\",\"isPartOf\":{\"@id\":\"https:\\\/\\\/meavia-mh.hr\\\/sl\\\/#website\"},\"primaryImageOfPage\":{\"@id\":\"https:\\\/\\\/www.meavia-mh.hr\\\/product\\\/uv-led-lampa-za-nokte-stylistic-48w\\\/#primaryimage\"},\"image\":{\"@id\":\"https:\\\/\\\/www.meavia-mh.hr\\\/product\\\/uv-led-lampa-za-nokte-stylistic-48w\\\/#primaryimage\"},\"thumbnailUrl\":\"https:\\\/\\\/www.meavia-mh.hr\\\/wp-content\\\/uploads\\\/2024\\\/07\\\/UV-LED-lampa-za-nokte-Stylistic-48W-1.jpg\",\"datePublished\":\"2024-07-13T05:59:10+00:00\",\"dateModified\":\"2026-01-24T08:01:46+00:00\",\"description\":\"UV\\\/LED lampa za nokte Stylistic - 48W &#8902; profesionalna lampa za nokte &#8902; za sve vrste gelova, akrila, trajnih lakova &#8902; ja\u010dina 48 W\",\"breadcrumb\":{\"@id\":\"https:\\\/\\\/www.meavia-mh.hr\\\/product\\\/uv-led-lampa-za-nokte-stylistic-48w\\\/#breadcrumb\"},\"inLanguage\":\"sl-SI\",\"potentialAction\":[{\"@type\":\"ReadAction\",\"target\":[\"https:\\\/\\\/www.meavia-mh.hr\\\/product\\\/uv-led-lampa-za-nokte-stylistic-48w\\\/\"]}]},{\"@type\":\"ImageObject\",\"inLanguage\":\"sl-SI\",\"@id\":\"https:\\\/\\\/www.meavia-mh.hr\\\/product\\\/uv-led-lampa-za-nokte-stylistic-48w\\\/#primaryimage\",\"url\":\"https:\\\/\\\/www.meavia-mh.hr\\\/wp-content\\\/uploads\\\/2024\\\/07\\\/UV-LED-lampa-za-nokte-Stylistic-48W-1.jpg\",\"contentUrl\":\"https:\\\/\\\/www.meavia-mh.hr\\\/wp-content\\\/uploads\\\/2024\\\/07\\\/UV-LED-lampa-za-nokte-Stylistic-48W-1.jpg\",\"width\":1616,\"height\":1616,\"caption\":\"UV\\\/LED lampa za nokte Stylistic - 48W\"},{\"@type\":\"BreadcrumbList\",\"@id\":\"https:\\\/\\\/www.meavia-mh.hr\\\/product\\\/uv-led-lampa-za-nokte-stylistic-48w\\\/#breadcrumb\",\"itemListElement\":[{\"@type\":\"ListItem\",\"position\":1,\"name\":\"Po\u010detna stranica\",\"item\":\"https:\\\/\\\/www.meavia-mh.hr\\\/\"},{\"@type\":\"ListItem\",\"position\":2,\"name\":\"Trgovina\",\"item\":\"https:\\\/\\\/meavia-mh.hr\\\/sl\\\/store\\\/\"},{\"@type\":\"ListItem\",\"position\":3,\"name\":\"UV\\\/LED lampa za nokte Stylistic &#8211; 48W\"}]},{\"@type\":\"WebSite\",\"@id\":\"https:\\\/\\\/meavia-mh.hr\\\/sl\\\/#website\",\"url\":\"https:\\\/\\\/meavia-mh.hr\\\/sl\\\/\",\"name\":\"Mea Via Beauty\",\"description\":\"Only The Best For Your Beauty\",\"publisher\":{\"@id\":\"https:\\\/\\\/meavia-mh.hr\\\/sl\\\/#organization\"},\"alternateName\":\"Mea Via Nails\",\"potentialAction\":[{\"@type\":\"SearchAction\",\"target\":{\"@type\":\"EntryPoint\",\"urlTemplate\":\"https:\\\/\\\/meavia-mh.hr\\\/sl\\\/?s={search_term_string}\"},\"query-input\":{\"@type\":\"PropertyValueSpecification\",\"valueRequired\":true,\"valueName\":\"search_term_string\"}}],\"inLanguage\":\"sl-SI\"},{\"@type\":\"Organization\",\"@id\":\"https:\\\/\\\/meavia-mh.hr\\\/sl\\\/#organization\",\"name\":\"Mea Via Nails World\",\"alternateName\":\"Mea Via\",\"url\":\"https:\\\/\\\/meavia-mh.hr\\\/sl\\\/\",\"logo\":{\"@type\":\"ImageObject\",\"inLanguage\":\"sl-SI\",\"@id\":\"https:\\\/\\\/meavia-mh.hr\\\/sl\\\/#\\\/schema\\\/logo\\\/image\\\/\",\"url\":\"https:\\\/\\\/www.meavia-mh.hr\\\/wp-content\\\/uploads\\\/2020\\\/12\\\/Mea-Via.png\",\"contentUrl\":\"https:\\\/\\\/www.meavia-mh.hr\\\/wp-content\\\/uploads\\\/2020\\\/12\\\/Mea-Via.png\",\"width\":1181,\"height\":393,\"caption\":\"Mea Via Nails World\"},\"image\":{\"@id\":\"https:\\\/\\\/meavia-mh.hr\\\/sl\\\/#\\\/schema\\\/logo\\\/image\\\/\"},\"sameAs\":[\"https:\\\/\\\/www.facebook.com\\\/MeaViaNailsWorld\",\"https:\\\/\\\/www.instagram.com\\\/mea_via_nails_world\\\/\",\"https:\\\/\\\/www.youtube.com\\\/channel\\\/UCECk0hpRWP6TN-EfA4ER96g\\\/featured\"]}]}<\/script>\n<!-- \/ Yoast SEO plugin. -->","yoast_head_json":{"title":"UV\/LED svetilka za nohte Stylistic - 48W \u22c6 Mea Via Beauty","description":"UV\/LED svetilka za nohte Stylistic - 48W \u22c6 profesionalna svetilka za nohte \u22c6 za vse vrste gelov, akrila, permanentnih lakov \u22c6 mo\u010d 48 W","robots":{"index":"index","follow":"follow","max-snippet":"max-snippet:-1","max-image-preview":"max-image-preview:large","max-video-preview":"max-video-preview:-1"},"canonical":"https:\/\/www.meavia-mh.hr\/sl\/product\/uv-led-lampa-za-nokte-stylistic-48w\/","og_locale":"sl_SI","og_type":"article","og_title":"UV\/LED lampa za nokte Stylistic - 48W &#8902; Mea Via Beauty","og_description":"UV\/LED lampa za nokte Stylistic - 48W &#8902; profesionalna lampa za nokte &#8902; za sve vrste gelova, akrila, trajnih lakova &#8902; ja\u010dina 48 W","og_url":"https:\/\/www.meavia-mh.hr\/sl\/product\/uv-led-lampa-za-nokte-stylistic-48w\/","og_site_name":"Mea Via Beauty","article_publisher":"https:\/\/www.facebook.com\/MeaViaNailsWorld","article_modified_time":"2026-01-24T08:01:46+00:00","og_image":[{"width":1616,"height":1616,"url":"https:\/\/www.meavia-mh.hr\/wp-content\/uploads\/2024\/07\/UV-LED-lampa-za-nokte-Stylistic-48W-1.jpg","type":"image\/jpeg"}],"twitter_card":"summary_large_image","twitter_misc":{"Est. reading time":"3 minute"},"schema":{"@context":"https:\/\/schema.org","@graph":[{"@type":"WebPage","@id":"https:\/\/www.meavia-mh.hr\/product\/uv-led-lampa-za-nokte-stylistic-48w\/","url":"https:\/\/www.meavia-mh.hr\/product\/uv-led-lampa-za-nokte-stylistic-48w\/","name":"UV\/LED svetilka za nohte Stylistic - 48W \u22c6 Mea Via Beauty","isPartOf":{"@id":"https:\/\/meavia-mh.hr\/sl\/#website"},"primaryImageOfPage":{"@id":"https:\/\/www.meavia-mh.hr\/product\/uv-led-lampa-za-nokte-stylistic-48w\/#primaryimage"},"image":{"@id":"https:\/\/www.meavia-mh.hr\/product\/uv-led-lampa-za-nokte-stylistic-48w\/#primaryimage"},"thumbnailUrl":"https:\/\/www.meavia-mh.hr\/wp-content\/uploads\/2024\/07\/UV-LED-lampa-za-nokte-Stylistic-48W-1.jpg","datePublished":"2024-07-13T05:59:10+00:00","dateModified":"2026-01-24T08:01:46+00:00","description":"UV\/LED svetilka za nohte Stylistic - 48W \u22c6 profesionalna svetilka za nohte \u22c6 za vse vrste gelov, akrila, permanentnih lakov \u22c6 mo\u010d 48 W","breadcrumb":{"@id":"https:\/\/www.meavia-mh.hr\/product\/uv-led-lampa-za-nokte-stylistic-48w\/#breadcrumb"},"inLanguage":"sl-SI","potentialAction":[{"@type":"ReadAction","target":["https:\/\/www.meavia-mh.hr\/product\/uv-led-lampa-za-nokte-stylistic-48w\/"]}]},{"@type":"ImageObject","inLanguage":"sl-SI","@id":"https:\/\/www.meavia-mh.hr\/product\/uv-led-lampa-za-nokte-stylistic-48w\/#primaryimage","url":"https:\/\/www.meavia-mh.hr\/wp-content\/uploads\/2024\/07\/UV-LED-lampa-za-nokte-Stylistic-48W-1.jpg","contentUrl":"https:\/\/www.meavia-mh.hr\/wp-content\/uploads\/2024\/07\/UV-LED-lampa-za-nokte-Stylistic-48W-1.jpg","width":1616,"height":1616,"caption":"UV\/LED lampa za nokte Stylistic - 48W"},{"@type":"BreadcrumbList","@id":"https:\/\/www.meavia-mh.hr\/product\/uv-led-lampa-za-nokte-stylistic-48w\/#breadcrumb","itemListElement":[{"@type":"ListItem","position":1,"name":"Po\u010detna stranica","item":"https:\/\/www.meavia-mh.hr\/"},{"@type":"ListItem","position":2,"name":"Trgovina","item":"https:\/\/meavia-mh.hr\/sl\/store\/"},{"@type":"ListItem","position":3,"name":"UV\/LED lampa za nokte Stylistic &#8211; 48W"}]},{"@type":"WebSite","@id":"https:\/\/meavia-mh.hr\/sl\/#website","url":"https:\/\/meavia-mh.hr\/sl\/","name":"MEA VIA BEAUTY","description":"Only The Best For Your Beauty","publisher":{"@id":"https:\/\/meavia-mh.hr\/sl\/#organization"},"alternateName":"Mea Via Nails","potentialAction":[{"@type":"SearchAction","target":{"@type":"EntryPoint","urlTemplate":"https:\/\/meavia-mh.hr\/sl\/?s={search_term_string}"},"query-input":{"@type":"PropertyValueSpecification","valueRequired":true,"valueName":"search_term_string"}}],"inLanguage":"sl-SI"},{"@type":"Organization","@id":"https:\/\/meavia-mh.hr\/sl\/#organization","name":"Mea Via Nails World","alternateName":"Mea Via","url":"https:\/\/meavia-mh.hr\/sl\/","logo":{"@type":"ImageObject","inLanguage":"sl-SI","@id":"https:\/\/meavia-mh.hr\/sl\/#\/schema\/logo\/image\/","url":"https:\/\/www.meavia-mh.hr\/wp-content\/uploads\/2020\/12\/Mea-Via.png","contentUrl":"https:\/\/www.meavia-mh.hr\/wp-content\/uploads\/2020\/12\/Mea-Via.png","width":1181,"height":393,"caption":"Mea Via Nails World"},"image":{"@id":"https:\/\/meavia-mh.hr\/sl\/#\/schema\/logo\/image\/"},"sameAs":["https:\/\/www.facebook.com\/MeaViaNailsWorld","https:\/\/www.instagram.com\/mea_via_nails_world\/","https:\/\/www.youtube.com\/channel\/UCECk0hpRWP6TN-EfA4ER96g\/featured"]}]}},"spectra_custom_meta":{"_sku":["5903819817621"],"_regular_price":["34.99"],"total_sales":["46"],"_tax_status":["taxable"],"_tax_class":[""],"_manage_stock":["yes"],"_backorders":["no"],"_sold_individually":["no"],"_virtual":["no"],"_downloadable":["no"],"_product_image_gallery":["32012,8159,8155,8154,8153,8152,8168"],"_download_limit":["-1"],"_download_expiry":["-1"],"_thumbnail_id":["32013"],"_stock":["0"],"_stock_status":["outofstock"],"_wc_average_rating":["0"],"_wc_review_count":["0"],"_product_version":["10.4.3"],"_price":["34.99"],"_wp_page_template":["default"],"_yoast_wpseo_focuskw":["UV\/LED lampa za nokte stylistic - 48W"],"_yoast_wpseo_linkdex":["78"],"_yoast_wpseo_content_score":["90"],"_yoast_wpseo_primary_product_cat":[""],"site-sidebar-layout":["default"],"theme-transparent-header-meta":["default"],"stick-header-meta":["default"],"_yoast_wpseo_metadesc":["%%title%% %%sep%% profesionalna lampa za nokte %%sep%% za sve vrste gelova, akrila, trajnih lakova %%sep%% ja\u010dina 48 W"],"_woocs_price_geo_countries":[""],"_woocs_regular_price_geo":[""],"_woocs_sale_price_geo":[""],"_yoast_wpseo_estimated-reading-time-minutes":["3"],"cartflows_redirect_flow_id":[""],"cartflows_add_to_cart_text":[""],"_oembed_53fe97b525b648c945af438c5fe5a31c":["<iframe title=\"LED lamp 48W Professional\" width=\"500\" height=\"281\" src=\"https:\/\/www.youtube.com\/embed\/D08sCdnBJB4?feature=oembed\" frameborder=\"0\" allow=\"accelerometer; autoplay; clipboard-write; encrypted-media; gyroscope; picture-in-picture\" allowfullscreen><\/iframe>"],"_oembed_time_53fe97b525b648c945af438c5fe5a31c":["1641308156"],"_oembed_be414722c04d39066d21cec2ff898dd3":["<iframe title=\"LED lamp 48W Professional\" width=\"898\" height=\"505\" src=\"https:\/\/www.youtube.com\/embed\/D08sCdnBJB4?feature=oembed\" frameborder=\"0\" allow=\"accelerometer; autoplay; clipboard-write; encrypted-media; gyroscope; picture-in-picture\" allowfullscreen><\/iframe>"],"_oembed_time_be414722c04d39066d21cec2ff898dd3":["1628590695"],"_oembed_cbb9261634fd8fd81daf764ce84db375":["<iframe title=\"LED lamp 48W Professional\" width=\"922\" height=\"519\" src=\"https:\/\/www.youtube.com\/embed\/D08sCdnBJB4?feature=oembed\" frameborder=\"0\" allow=\"accelerometer; autoplay; clipboard-write; encrypted-media; gyroscope; picture-in-picture\" allowfullscreen><\/iframe>"],"_oembed_time_cbb9261634fd8fd81daf764ce84db375":["1628593231"],"_oembed_277f12271272a4fb5e9d87faf9313923":["<iframe title=\"LED lamp 48W Professional\" width=\"1200\" height=\"675\" src=\"https:\/\/www.youtube.com\/embed\/D08sCdnBJB4?feature=oembed\" frameborder=\"0\" allow=\"accelerometer; autoplay; clipboard-write; encrypted-media; gyroscope; picture-in-picture\" allowfullscreen><\/iframe>"],"_oembed_time_277f12271272a4fb5e9d87faf9313923":["1628626334"],"_woocs_regular_price_EUR":["42.46"],"_woocs_sale_price_EUR":["-1"],"_lowest_price_30_days":["42.46"],"_oembed_bac2c90dd0f82d398ce8b90d6831e344":["<iframe title=\"LED lamp 48W Professional\" width=\"500\" height=\"281\" src=\"https:\/\/www.youtube.com\/embed\/D08sCdnBJB4?feature=oembed\" frameborder=\"0\" allow=\"accelerometer; autoplay; clipboard-write; encrypted-media; gyroscope; picture-in-picture; web-share\" referrerpolicy=\"strict-origin-when-cross-origin\" allowfullscreen><\/iframe>"],"_oembed_time_bac2c90dd0f82d398ce8b90d6831e344":["1713094010"],"uag_migration_processed":["1"],"_edit_lock":["1737557121:1239"],"_edit_last":["1239"],"ast-site-content-layout":["default"],"site-content-style":["default"],"site-sidebar-style":["default"],"_yoast_wpseo_primary_fb_product_set":[""],"_wc_facebook_sync_enabled":["yes"],"fb_visibility":["yes"],"fb_product_description":[""],"_wc_facebook_product_image_source":["product"],"_wc_facebook_commerce_enabled":["no"],"astra-migrate-meta-layouts":["set"],"_last_change_time":["1760149351"],"_elementor_page_assets":["a:0:{}"],"_uag_page_assets":["a:9:{s:3:\"css\";s:0:\"\";s:2:\"js\";s:0:\"\";s:18:\"current_block_list\";a:3:{i:0;s:11:\"core\/search\";i:1;s:18:\"core\/legacy-widget\";i:2;s:27:\"woocommerce\/product-filters\";}s:8:\"uag_flag\";b:0;s:11:\"uag_version\";s:10:\"1776750865\";s:6:\"gfonts\";a:0:{}s:10:\"gfonts_url\";s:0:\"\";s:12:\"gfonts_files\";a:0:{}s:14:\"uag_faq_layout\";b:0;}"]},"uagb_featured_image_src":{"full":["https:\/\/www.meavia-mh.hr\/wp-content\/uploads\/2024\/07\/UV-LED-lampa-za-nokte-Stylistic-48W-1.jpg",1616,1616,false],"thumbnail":["https:\/\/www.meavia-mh.hr\/wp-content\/uploads\/2024\/07\/UV-LED-lampa-za-nokte-Stylistic-48W-1-150x150.jpg",150,150,true],"medium":["https:\/\/www.meavia-mh.hr\/wp-content\/uploads\/2024\/07\/UV-LED-lampa-za-nokte-Stylistic-48W-1-300x300.jpg",300,300,true],"medium_large":["https:\/\/www.meavia-mh.hr\/wp-content\/uploads\/2024\/07\/UV-LED-lampa-za-nokte-Stylistic-48W-1-768x768.jpg",768,768,true],"large":["https:\/\/www.meavia-mh.hr\/wp-content\/uploads\/2024\/07\/UV-LED-lampa-za-nokte-Stylistic-48W-1-1024x1024.jpg",1024,1024,true],"1536x1536":["https:\/\/www.meavia-mh.hr\/wp-content\/uploads\/2024\/07\/UV-LED-lampa-za-nokte-Stylistic-48W-1-1536x1536.jpg",1536,1536,true],"2048x2048":["https:\/\/www.meavia-mh.hr\/wp-content\/uploads\/2024\/07\/UV-LED-lampa-za-nokte-Stylistic-48W-1.jpg",1616,1616,false],"trp-custom-language-flag":["https:\/\/www.meavia-mh.hr\/wp-content\/uploads\/2024\/07\/UV-LED-lampa-za-nokte-Stylistic-48W-1-12x12.jpg",12,12,true],"woocommerce_thumbnail":["https:\/\/www.meavia-mh.hr\/wp-content\/uploads\/2024\/07\/UV-LED-lampa-za-nokte-Stylistic-48W-1-300x300.jpg",300,300,true],"woocommerce_single":["https:\/\/www.meavia-mh.hr\/wp-content\/uploads\/2024\/07\/UV-LED-lampa-za-nokte-Stylistic-48W-1-600x600.jpg",600,600,true],"woocommerce_gallery_thumbnail":["https:\/\/www.meavia-mh.hr\/wp-content\/uploads\/2024\/07\/UV-LED-lampa-za-nokte-Stylistic-48W-1-100x100.jpg",100,100,true]},"uagb_author_info":{"display_name":"Zla Gol","author_link":"https:\/\/www.meavia-mh.hr\/sl\/author\/"},"uagb_comment_info":0,"uagb_excerpt":"UV\/LED lampa za nokte Stylistic &#8211; 48W &#8211; profesionalna lampa za brzo i u\u010dinkovito stvrdnjavanje UV\/LED gelova, acryl gelova i trajnih lakova. Va\u0161a Stylistic lampa u\u0161tedjet \u0107e vam dragocjeno vrijeme te \u0107e pouzdano, trajno i brzo o\u010dvrsnuti svaku od va\u0161ih omiljenih boja hibridnog laka, akrilnog gela, gela ili ukrasnih proizvoda! Lampa\u00a0emitira bijelo svjetlo!\u00a0To vam ne&hellip;","_links":{"self":[{"href":"https:\/\/www.meavia-mh.hr\/sl\/wp-json\/wp\/v2\/product\/32011","targetHints":{"allow":["GET"]}}],"collection":[{"href":"https:\/\/www.meavia-mh.hr\/sl\/wp-json\/wp\/v2\/product"}],"about":[{"href":"https:\/\/www.meavia-mh.hr\/sl\/wp-json\/wp\/v2\/types\/product"}],"replies":[{"embeddable":true,"href":"https:\/\/www.meavia-mh.hr\/sl\/wp-json\/wp\/v2\/comments?post=32011"}],"version-history":[{"count":4,"href":"https:\/\/www.meavia-mh.hr\/sl\/wp-json\/wp\/v2\/product\/32011\/revisions"}],"predecessor-version":[{"id":35809,"href":"https:\/\/www.meavia-mh.hr\/sl\/wp-json\/wp\/v2\/product\/32011\/revisions\/35809"}],"wp:featuredmedia":[{"embeddable":true,"href":"https:\/\/www.meavia-mh.hr\/sl\/wp-json\/wp\/v2\/media\/32013"}],"wp:attachment":[{"href":"https:\/\/www.meavia-mh.hr\/sl\/wp-json\/wp\/v2\/media?parent=32011"}],"wp:term":[{"taxonomy":"product_brand","embeddable":true,"href":"https:\/\/www.meavia-mh.hr\/sl\/wp-json\/wp\/v2\/product_brand?post=32011"},{"taxonomy":"product_cat","embeddable":true,"href":"https:\/\/www.meavia-mh.hr\/sl\/wp-json\/wp\/v2\/product_cat?post=32011"},{"taxonomy":"product_tag","embeddable":true,"href":"https:\/\/www.meavia-mh.hr\/sl\/wp-json\/wp\/v2\/product_tag?post=32011"}],"curies":[{"name":"delovni list","href":"https:\/\/api.w.org\/{rel}","templated":true}]}}