{"id":3108,"date":"2020-12-16T16:27:10","date_gmt":"2020-12-16T16:27:10","guid":{"rendered":"https:\/\/www.meavia-mh.hr\/?post_type=product&#038;p=3108"},"modified":"2025-09-20T16:29:36","modified_gmt":"2025-09-20T14:29:36","slug":"ikon-iq-easy-french-white-painting-gel-15ml","status":"publish","type":"product","link":"https:\/\/www.meavia-mh.hr\/sl\/product\/ikon-iq-easy-french-white-painting-gel-15ml\/","title":{"rendered":"IKON.IQ Easy French White Painting gel - 15 ml"},"content":{"rendered":"<p>KON.IQ Easy French White Painting gel je zelo svetel bel gel, ki se uporablja za barvanje belega prostega roba za franco\u0161\u010dino.<\/p>\n<p>V primerjavi z drugimi belimi geli na trgu se Easy French nanese v samo enem sloju brez senc, nanesemo ga lahko s \u010dopi\u010dem ali risalnim orodjem za doseganje ostrih linij nasmeha.<\/p>\n<p>Hipoalergena formula za zdrave in lepe nohte brez alergij.<\/p>\n<h6>Zna\u010dilnosti:<\/h6>\n<ul>\n<li>Zelo svetel bel slikarski gel<\/li>\n<li>Ustvarite franco\u0161\u010dino enostavno in hitro na gelskih in akrilnih nohtih<\/li>\n<li>Potrebna je samo ena plast gela, brez sence<\/li>\n<li>Nanesite s \u010dopi\u010dem ali pik\u010dastim orodjem<\/li>\n<li>Odli\u010dna barvna stabilnost, ne rumena<\/li>\n<li>Brez HEME in hipoalergen<\/li>\n<li>Izdelano na \u0160vedskem<\/li>\n<li>UV 120 sek \/ LED 60 sek<\/li>\n<\/ul>\n<h6>Pakiranje: 15 ml<\/h6>\n<h4><strong>Sestava:<\/strong><\/h4>\n<ul>\n<li style=\"list-style-type: none;\">\n<ul>\n<li>Bis-HEA poli (1,4-butandiol) -9 \/ IPDI kopolimer<\/li>\n<li>Razred\u010denje kopolimera Bis-HEMA Poly (neopentil glikol adipat) \/ IPDI<\/li>\n<li>PEG200DMA<\/li>\n<li>Trimetilolpropan Trimetakrilat<\/li>\n<li>Tripropilen glikol dimakrilat<\/li>\n<li>1-hidroksicikloheksil fenilketon<\/li>\n<li>Kremen<\/li>\n<\/ul>\n<\/li>\n<\/ul>\n<p><span style=\"font-size: 1.3em; font-weight: bold;\">Lahko vsebuje:<\/span><\/p>\n<ul>\n<li>CI77891, CI 15850, CI 77002, CI 77007, CI 45410, CI 77499<\/li>\n<li>Sljuda, CI 16035, CI 19140, CI 45410, CI 77499, CI 77491<\/li>\n<li>Polibutilen tereftalat, polietilen tereftalat<\/li>\n<li>CI 15880, CI 19140, CI 15850, CI 77510, CI 77510, CI 77266<\/li>\n<li>Akrilatni kopolimer<\/li>\n<\/ul>\n<p><img decoding=\"async\" class=\"wp-image-1503 size-thumbnail alignleft\" src=\"https:\/\/www.meavia-mh.hr\/wp-content\/uploads\/2020\/12\/IKONIQ-hipoallerenic-150x150.png\" alt=\"IKONIQ hypoallerenic\" width=\"150\" height=\"150\" srcset=\"https:\/\/www.meavia-mh.hr\/wp-content\/uploads\/2020\/12\/IKONIQ-hipoallerenic-150x150.png 150w, https:\/\/www.meavia-mh.hr\/wp-content\/uploads\/2020\/12\/IKONIQ-hipoallerenic-100x100.png 100w, https:\/\/www.meavia-mh.hr\/wp-content\/uploads\/2020\/12\/IKONIQ-hipoallerenic.png 239w\" sizes=\"(max-width: 150px) 100vw, 150px\" \/><\/p>\n<p><img decoding=\"async\" class=\"wp-image-1497 size-thumbnail alignleft\" src=\"https:\/\/www.meavia-mh.hr\/wp-content\/uploads\/2020\/12\/Ikoniq-made-with-love-150x150.png\" alt=\"Ikoniq made with love\" width=\"150\" height=\"150\" srcset=\"https:\/\/www.meavia-mh.hr\/wp-content\/uploads\/2020\/12\/Ikoniq-made-with-love-150x150.png 150w, https:\/\/www.meavia-mh.hr\/wp-content\/uploads\/2020\/12\/Ikoniq-made-with-love-100x100.png 100w, https:\/\/www.meavia-mh.hr\/wp-content\/uploads\/2020\/12\/Ikoniq-made-with-love.png 239w\" sizes=\"(max-width: 150px) 100vw, 150px\" \/><\/p>\n<p><img decoding=\"async\" class=\"wp-image-1496 size-thumbnail alignleft\" src=\"https:\/\/www.meavia-mh.hr\/wp-content\/uploads\/2020\/12\/Ikoniq-Cruelty-free-150x150.png\" alt=\"Ikoniq Cruelty free\" width=\"150\" height=\"150\" srcset=\"https:\/\/www.meavia-mh.hr\/wp-content\/uploads\/2020\/12\/Ikoniq-Cruelty-free-150x150.png 150w, https:\/\/www.meavia-mh.hr\/wp-content\/uploads\/2020\/12\/Ikoniq-Cruelty-free-100x100.png 100w, https:\/\/www.meavia-mh.hr\/wp-content\/uploads\/2020\/12\/Ikoniq-Cruelty-free.png 239w\" sizes=\"(max-width: 150px) 100vw, 150px\" \/><\/p>\n<p><img loading=\"lazy\" decoding=\"async\" class=\"wp-image-3015 size-thumbnail alignleft\" src=\"https:\/\/www.meavia-mh.hr\/wp-content\/uploads\/2020\/12\/Ikoniq-made-in-Sweden-150x150.png\" alt=\"Ikoniq made in Sweden\" width=\"150\" height=\"150\" srcset=\"https:\/\/www.meavia-mh.hr\/wp-content\/uploads\/2020\/12\/Ikoniq-made-in-Sweden-150x150.png 150w, https:\/\/www.meavia-mh.hr\/wp-content\/uploads\/2020\/12\/Ikoniq-made-in-Sweden-100x100.png 100w, https:\/\/www.meavia-mh.hr\/wp-content\/uploads\/2020\/12\/Ikoniq-made-in-Sweden.png 239w\" sizes=\"(max-width: 150px) 100vw, 150px\" \/><\/p>\n<p>&nbsp;<\/p>\n<p>&nbsp;<\/p>\n<p>&nbsp;<\/p>\n<p>&nbsp;<\/p>","protected":false},"excerpt":{"rendered":"<p><img loading=\"lazy\" decoding=\"async\" class=\"wp-image-1503 alignleft\" src=\"https:\/\/www.meavia-mh.hr\/wp-content\/uploads\/2020\/12\/IKONIQ-hipoallerenic-150x150.png\" alt=\"IKONIQ hypoallerenic\" width=\"80\" height=\"80\" srcset=\"https:\/\/www.meavia-mh.hr\/wp-content\/uploads\/2020\/12\/IKONIQ-hipoallerenic-150x150.png 150w, https:\/\/www.meavia-mh.hr\/wp-content\/uploads\/2020\/12\/IKONIQ-hipoallerenic-100x100.png 100w, https:\/\/www.meavia-mh.hr\/wp-content\/uploads\/2020\/12\/IKONIQ-hipoallerenic.png 239w\" sizes=\"(max-width: 80px) 100vw, 80px\" \/><\/p>\n<ul>\n<li>Zelo svetel bel slikarski gel<\/li>\n<li>Ustvarite franco\u0161\u010dino enostavno in hitro na gelskih in akrilnih nohtih<\/li>\n<li>Potreben je le en nanos gela, brez sence!<\/li>\n<li>Nanesite s \u010dopi\u010dem ali pik\u010dastim orodjem<\/li>\n<li>Odli\u010dna barvna stabilnost, ne rumena<\/li>\n<\/ul>","protected":false},"featured_media":3109,"comment_status":"closed","ping_status":"closed","template":"","meta":{"_uag_custom_page_level_css":"","site-sidebar-layout":"default","site-content-layout":"default","ast-site-content-layout":"default","site-content-style":"default","site-sidebar-style":"default","ast-global-header-display":"","ast-banner-title-visibility":"","ast-main-header-display":"","ast-hfb-above-header-display":"","ast-hfb-below-header-display":"","ast-hfb-mobile-header-display":"","site-post-title":"","ast-breadcrumbs-content":"","ast-featured-img":"","footer-sml-layout":"","ast-disable-related-posts":"","theme-transparent-header-meta":"default","adv-header-id-meta":"","stick-header-meta":"default","header-above-stick-meta":"","header-main-stick-meta":"","header-below-stick-meta":"","astra-migrate-meta-layouts":"set","ast-page-background-enabled":"default","ast-page-background-meta":{"desktop":{"background-color":"var(--ast-global-color-4)","background-image":"","background-repeat":"repeat","background-position":"center center","background-size":"auto","background-attachment":"scroll","background-type":"","background-media":"","overlay-type":"","overlay-color":"","overlay-opacity":"","overlay-gradient":""},"tablet":{"background-color":"","background-image":"","background-repeat":"repeat","background-position":"center center","background-size":"auto","background-attachment":"scroll","background-type":"","background-media":"","overlay-type":"","overlay-color":"","overlay-opacity":"","overlay-gradient":""},"mobile":{"background-color":"","background-image":"","background-repeat":"repeat","background-position":"center center","background-size":"auto","background-attachment":"scroll","background-type":"","background-media":"","overlay-type":"","overlay-color":"","overlay-opacity":"","overlay-gradient":""}},"ast-content-background-meta":{"desktop":{"background-color":"var(--ast-global-color-5)","background-image":"","background-repeat":"repeat","background-position":"center center","background-size":"auto","background-attachment":"scroll","background-type":"","background-media":"","overlay-type":"","overlay-color":"","overlay-opacity":"","overlay-gradient":""},"tablet":{"background-color":"var(--ast-global-color-5)","background-image":"","background-repeat":"repeat","background-position":"center center","background-size":"auto","background-attachment":"scroll","background-type":"","background-media":"","overlay-type":"","overlay-color":"","overlay-opacity":"","overlay-gradient":""},"mobile":{"background-color":"var(--ast-global-color-5)","background-image":"","background-repeat":"repeat","background-position":"center center","background-size":"auto","background-attachment":"scroll","background-type":"","background-media":"","overlay-type":"","overlay-color":"","overlay-opacity":"","overlay-gradient":""}}},"product_brand":[604],"product_cat":[25,110],"product_tag":[130,77],"class_list":{"0":"post-3108","1":"product","2":"type-product","3":"status-publish","4":"has-post-thumbnail","6":"product_brand-ikon-iq","7":"product_cat-ikoniq","8":"product_cat-nail-art","9":"product_tag-french","10":"product_tag-paint-gel","11":"desktop-align-left","12":"tablet-align-left","13":"mobile-align-left","14":"ast-product-gallery-layout-horizontal-slider","15":"ast-product-gallery-with-no-image","16":"ast-product-tabs-layout-horizontal","18":"first","19":"outofstock","20":"taxable","21":"shipping-taxable","22":"purchasable","23":"product-type-simple"},"yoast_head":"<!-- This site is optimized with the Yoast SEO plugin v27.4 - https:\/\/yoast.com\/product\/yoast-seo-wordpress\/ -->\n<title>IKON.IQ Easy French White Painting gel - 15 ml &#8902; Mea Via Beauty<\/title>\n<meta name=\"description\" content=\"IKON.IQ Easy French White Painting gel - 15 ml &#8902; za bojanje bijelog slobodnog ruba za french &#8902; Hipoalergena formula\" \/>\n<meta name=\"robots\" content=\"index, follow, max-snippet:-1, max-image-preview:large, max-video-preview:-1\" \/>\n<link rel=\"canonical\" href=\"https:\/\/www.meavia-mh.hr\/sl\/product\/ikon-iq-easy-french-white-painting-gel-15ml\/\" \/>\n<meta property=\"og:locale\" content=\"sl_SI\" \/>\n<meta property=\"og:type\" content=\"article\" \/>\n<meta property=\"og:title\" content=\"IKON.IQ Easy French White Painting gel - 15 ml &#8902; Mea Via Beauty\" \/>\n<meta property=\"og:description\" content=\"IKON.IQ Easy French White Painting gel - 15 ml &#8902; za bojanje bijelog slobodnog ruba za french &#8902; Hipoalergena formula\" \/>\n<meta property=\"og:url\" content=\"https:\/\/www.meavia-mh.hr\/sl\/product\/ikon-iq-easy-french-white-painting-gel-15ml\/\" \/>\n<meta property=\"og:site_name\" content=\"Mea Via Beauty\" \/>\n<meta property=\"article:publisher\" content=\"https:\/\/www.facebook.com\/MeaViaNailsWorld\" \/>\n<meta property=\"article:modified_time\" content=\"2025-09-20T14:29:36+00:00\" \/>\n<meta property=\"og:image\" content=\"https:\/\/www.meavia-mh.hr\/wp-content\/uploads\/2020\/12\/111.jpg\" \/>\n\t<meta property=\"og:image:width\" content=\"1260\" \/>\n\t<meta property=\"og:image:height\" content=\"1190\" \/>\n\t<meta property=\"og:image:type\" content=\"image\/jpeg\" \/>\n<meta name=\"twitter:card\" content=\"summary_large_image\" \/>\n<meta name=\"twitter:label1\" content=\"Est. reading time\" \/>\n\t<meta name=\"twitter:data1\" content=\"3 minute\" \/>\n<script type=\"application\/ld+json\" class=\"yoast-schema-graph\">{\"@context\":\"https:\\\/\\\/schema.org\",\"@graph\":[{\"@type\":\"WebPage\",\"@id\":\"https:\\\/\\\/www.meavia-mh.hr\\\/product\\\/ikon-iq-easy-french-white-painting-gel-15ml\\\/\",\"url\":\"https:\\\/\\\/www.meavia-mh.hr\\\/product\\\/ikon-iq-easy-french-white-painting-gel-15ml\\\/\",\"name\":\"IKON.IQ Easy French White Painting gel - 15 ml &#8902; Mea Via Beauty\",\"isPartOf\":{\"@id\":\"https:\\\/\\\/meavia-mh.hr\\\/sl\\\/#website\"},\"primaryImageOfPage\":{\"@id\":\"https:\\\/\\\/www.meavia-mh.hr\\\/product\\\/ikon-iq-easy-french-white-painting-gel-15ml\\\/#primaryimage\"},\"image\":{\"@id\":\"https:\\\/\\\/www.meavia-mh.hr\\\/product\\\/ikon-iq-easy-french-white-painting-gel-15ml\\\/#primaryimage\"},\"thumbnailUrl\":\"https:\\\/\\\/www.meavia-mh.hr\\\/wp-content\\\/uploads\\\/2020\\\/12\\\/111.jpg\",\"datePublished\":\"2020-12-16T16:27:10+00:00\",\"dateModified\":\"2025-09-20T14:29:36+00:00\",\"description\":\"IKON.IQ Easy French White Painting gel - 15 ml &#8902; za bojanje bijelog slobodnog ruba za french &#8902; Hipoalergena formula\",\"breadcrumb\":{\"@id\":\"https:\\\/\\\/www.meavia-mh.hr\\\/product\\\/ikon-iq-easy-french-white-painting-gel-15ml\\\/#breadcrumb\"},\"inLanguage\":\"sl-SI\",\"potentialAction\":[{\"@type\":\"ReadAction\",\"target\":[\"https:\\\/\\\/www.meavia-mh.hr\\\/product\\\/ikon-iq-easy-french-white-painting-gel-15ml\\\/\"]}]},{\"@type\":\"ImageObject\",\"inLanguage\":\"sl-SI\",\"@id\":\"https:\\\/\\\/www.meavia-mh.hr\\\/product\\\/ikon-iq-easy-french-white-painting-gel-15ml\\\/#primaryimage\",\"url\":\"https:\\\/\\\/www.meavia-mh.hr\\\/wp-content\\\/uploads\\\/2020\\\/12\\\/111.jpg\",\"contentUrl\":\"https:\\\/\\\/www.meavia-mh.hr\\\/wp-content\\\/uploads\\\/2020\\\/12\\\/111.jpg\",\"width\":1260,\"height\":1190,\"caption\":\"IKON.IQ EASY FRENCH WHITE PAINTING GEL, 15ML\"},{\"@type\":\"BreadcrumbList\",\"@id\":\"https:\\\/\\\/www.meavia-mh.hr\\\/product\\\/ikon-iq-easy-french-white-painting-gel-15ml\\\/#breadcrumb\",\"itemListElement\":[{\"@type\":\"ListItem\",\"position\":1,\"name\":\"Po\u010detna stranica\",\"item\":\"https:\\\/\\\/www.meavia-mh.hr\\\/\"},{\"@type\":\"ListItem\",\"position\":2,\"name\":\"Trgovina\",\"item\":\"https:\\\/\\\/meavia-mh.hr\\\/sl\\\/store\\\/\"},{\"@type\":\"ListItem\",\"position\":3,\"name\":\"IKON.IQ Easy French White Painting gel &#8211; 15 ml\"}]},{\"@type\":\"WebSite\",\"@id\":\"https:\\\/\\\/meavia-mh.hr\\\/sl\\\/#website\",\"url\":\"https:\\\/\\\/meavia-mh.hr\\\/sl\\\/\",\"name\":\"Mea Via Beauty\",\"description\":\"Only The Best For Your Beauty\",\"publisher\":{\"@id\":\"https:\\\/\\\/meavia-mh.hr\\\/sl\\\/#organization\"},\"alternateName\":\"Mea Via Nails\",\"potentialAction\":[{\"@type\":\"SearchAction\",\"target\":{\"@type\":\"EntryPoint\",\"urlTemplate\":\"https:\\\/\\\/meavia-mh.hr\\\/sl\\\/?s={search_term_string}\"},\"query-input\":{\"@type\":\"PropertyValueSpecification\",\"valueRequired\":true,\"valueName\":\"search_term_string\"}}],\"inLanguage\":\"sl-SI\"},{\"@type\":\"Organization\",\"@id\":\"https:\\\/\\\/meavia-mh.hr\\\/sl\\\/#organization\",\"name\":\"Mea Via Nails World\",\"alternateName\":\"Mea Via\",\"url\":\"https:\\\/\\\/meavia-mh.hr\\\/sl\\\/\",\"logo\":{\"@type\":\"ImageObject\",\"inLanguage\":\"sl-SI\",\"@id\":\"https:\\\/\\\/meavia-mh.hr\\\/sl\\\/#\\\/schema\\\/logo\\\/image\\\/\",\"url\":\"https:\\\/\\\/www.meavia-mh.hr\\\/wp-content\\\/uploads\\\/2020\\\/12\\\/Mea-Via.png\",\"contentUrl\":\"https:\\\/\\\/www.meavia-mh.hr\\\/wp-content\\\/uploads\\\/2020\\\/12\\\/Mea-Via.png\",\"width\":1181,\"height\":393,\"caption\":\"Mea Via Nails World\"},\"image\":{\"@id\":\"https:\\\/\\\/meavia-mh.hr\\\/sl\\\/#\\\/schema\\\/logo\\\/image\\\/\"},\"sameAs\":[\"https:\\\/\\\/www.facebook.com\\\/MeaViaNailsWorld\",\"https:\\\/\\\/www.instagram.com\\\/mea_via_nails_world\\\/\",\"https:\\\/\\\/www.youtube.com\\\/channel\\\/UCECk0hpRWP6TN-EfA4ER96g\\\/featured\"]}]}<\/script>\n<!-- \/ Yoast SEO plugin. -->","yoast_head_json":{"title":"IKON.IQ Easy French White Painting gel - 15 ml \u22c6 Mea Via Beauty","description":"IKON.IQ Easy French White Painting gel - 15 ml \u22c6 za barvanje belega prostega roba za French \u22c6 Hipoalergena formula","robots":{"index":"index","follow":"follow","max-snippet":"max-snippet:-1","max-image-preview":"max-image-preview:large","max-video-preview":"max-video-preview:-1"},"canonical":"https:\/\/www.meavia-mh.hr\/sl\/product\/ikon-iq-easy-french-white-painting-gel-15ml\/","og_locale":"sl_SI","og_type":"article","og_title":"IKON.IQ Easy French White Painting gel - 15 ml &#8902; Mea Via Beauty","og_description":"IKON.IQ Easy French White Painting gel - 15 ml &#8902; za bojanje bijelog slobodnog ruba za french &#8902; Hipoalergena formula","og_url":"https:\/\/www.meavia-mh.hr\/sl\/product\/ikon-iq-easy-french-white-painting-gel-15ml\/","og_site_name":"Mea Via Beauty","article_publisher":"https:\/\/www.facebook.com\/MeaViaNailsWorld","article_modified_time":"2025-09-20T14:29:36+00:00","og_image":[{"width":1260,"height":1190,"url":"https:\/\/www.meavia-mh.hr\/wp-content\/uploads\/2020\/12\/111.jpg","type":"image\/jpeg"}],"twitter_card":"summary_large_image","twitter_misc":{"Est. reading time":"3 minute"},"schema":{"@context":"https:\/\/schema.org","@graph":[{"@type":"WebPage","@id":"https:\/\/www.meavia-mh.hr\/product\/ikon-iq-easy-french-white-painting-gel-15ml\/","url":"https:\/\/www.meavia-mh.hr\/product\/ikon-iq-easy-french-white-painting-gel-15ml\/","name":"IKON.IQ Easy French White Painting gel - 15 ml \u22c6 Mea Via Beauty","isPartOf":{"@id":"https:\/\/meavia-mh.hr\/sl\/#website"},"primaryImageOfPage":{"@id":"https:\/\/www.meavia-mh.hr\/product\/ikon-iq-easy-french-white-painting-gel-15ml\/#primaryimage"},"image":{"@id":"https:\/\/www.meavia-mh.hr\/product\/ikon-iq-easy-french-white-painting-gel-15ml\/#primaryimage"},"thumbnailUrl":"https:\/\/www.meavia-mh.hr\/wp-content\/uploads\/2020\/12\/111.jpg","datePublished":"2020-12-16T16:27:10+00:00","dateModified":"2025-09-20T14:29:36+00:00","description":"IKON.IQ Easy French White Painting gel - 15 ml \u22c6 za barvanje belega prostega roba za French \u22c6 Hipoalergena formula","breadcrumb":{"@id":"https:\/\/www.meavia-mh.hr\/product\/ikon-iq-easy-french-white-painting-gel-15ml\/#breadcrumb"},"inLanguage":"sl-SI","potentialAction":[{"@type":"ReadAction","target":["https:\/\/www.meavia-mh.hr\/product\/ikon-iq-easy-french-white-painting-gel-15ml\/"]}]},{"@type":"ImageObject","inLanguage":"sl-SI","@id":"https:\/\/www.meavia-mh.hr\/product\/ikon-iq-easy-french-white-painting-gel-15ml\/#primaryimage","url":"https:\/\/www.meavia-mh.hr\/wp-content\/uploads\/2020\/12\/111.jpg","contentUrl":"https:\/\/www.meavia-mh.hr\/wp-content\/uploads\/2020\/12\/111.jpg","width":1260,"height":1190,"caption":"IKON.IQ EASY FRENCH WHITE PAINTING GEL, 15ML"},{"@type":"BreadcrumbList","@id":"https:\/\/www.meavia-mh.hr\/product\/ikon-iq-easy-french-white-painting-gel-15ml\/#breadcrumb","itemListElement":[{"@type":"ListItem","position":1,"name":"Po\u010detna stranica","item":"https:\/\/www.meavia-mh.hr\/"},{"@type":"ListItem","position":2,"name":"Trgovina","item":"https:\/\/meavia-mh.hr\/sl\/store\/"},{"@type":"ListItem","position":3,"name":"IKON.IQ Easy French White Painting gel &#8211; 15 ml"}]},{"@type":"WebSite","@id":"https:\/\/meavia-mh.hr\/sl\/#website","url":"https:\/\/meavia-mh.hr\/sl\/","name":"MEA VIA BEAUTY","description":"Only The Best For Your Beauty","publisher":{"@id":"https:\/\/meavia-mh.hr\/sl\/#organization"},"alternateName":"Mea Via Nails","potentialAction":[{"@type":"SearchAction","target":{"@type":"EntryPoint","urlTemplate":"https:\/\/meavia-mh.hr\/sl\/?s={search_term_string}"},"query-input":{"@type":"PropertyValueSpecification","valueRequired":true,"valueName":"search_term_string"}}],"inLanguage":"sl-SI"},{"@type":"Organization","@id":"https:\/\/meavia-mh.hr\/sl\/#organization","name":"Mea Via Nails World","alternateName":"Mea Via","url":"https:\/\/meavia-mh.hr\/sl\/","logo":{"@type":"ImageObject","inLanguage":"sl-SI","@id":"https:\/\/meavia-mh.hr\/sl\/#\/schema\/logo\/image\/","url":"https:\/\/www.meavia-mh.hr\/wp-content\/uploads\/2020\/12\/Mea-Via.png","contentUrl":"https:\/\/www.meavia-mh.hr\/wp-content\/uploads\/2020\/12\/Mea-Via.png","width":1181,"height":393,"caption":"Mea Via Nails World"},"image":{"@id":"https:\/\/meavia-mh.hr\/sl\/#\/schema\/logo\/image\/"},"sameAs":["https:\/\/www.facebook.com\/MeaViaNailsWorld","https:\/\/www.instagram.com\/mea_via_nails_world\/","https:\/\/www.youtube.com\/channel\/UCECk0hpRWP6TN-EfA4ER96g\/featured"]}]}},"spectra_custom_meta":{"_sku":["G74000"],"_regular_price":["22.43"],"total_sales":["3"],"_tax_status":["taxable"],"_tax_class":[""],"_manage_stock":["yes"],"_backorders":["no"],"_sold_individually":["no"],"_virtual":["no"],"_downloadable":["no"],"_download_limit":["-1"],"_download_expiry":["-1"],"_thumbnail_id":["3109"],"_stock":["-2.000000"],"_stock_status":["outofstock"],"_wc_average_rating":["0"],"_wc_review_count":["0"],"_product_version":["10.1.2"],"_price":["22.43"],"_wp_page_template":["default"],"site-sidebar-layout":["default"],"site-content-layout":["default"],"theme-transparent-header-meta":["default"],"stick-header-meta":["default"],"_oembed_57df73b7b10f3e612e5f42409a2a1cc0":["<iframe title=\"Creating an overlay using the IKON.IQ Nails ONE gel\" src=\"https:\/\/player.vimeo.com\/video\/345631086?dnt=1&amp;app_id=122963\" width=\"240\" height=\"426\" frameborder=\"0\" allow=\"autoplay; fullscreen\" allowfullscreen><\/iframe>"],"_oembed_time_57df73b7b10f3e612e5f42409a2a1cc0":["1608063239"],"_oembed_49afae614ddd0b05c4ed9041cd0226db":["<iframe title=\"Creating an overlay using the IKON.IQ Nails ONE gel\" src=\"https:\/\/player.vimeo.com\/video\/345631086?dnt=1&amp;app_id=122963\" width=\"240\" height=\"426\" frameborder=\"0\" allow=\"autoplay; fullscreen\" allowfullscreen><\/iframe>"],"_oembed_time_49afae614ddd0b05c4ed9041cd0226db":["1608063253"],"_oembed_b18615698adc7c4aeea68938bff6fc43":["<iframe title=\"Creating an overlay using the IKON.IQ Nails ONE gel\" src=\"https:\/\/player.vimeo.com\/video\/345631086?dnt=1&amp;app_id=122963\" width=\"240\" height=\"426\" frameborder=\"0\" allow=\"autoplay; fullscreen\" allowfullscreen><\/iframe>"],"_oembed_time_b18615698adc7c4aeea68938bff6fc43":["1608063741"],"_oembed_084290541b15d3b242dd40d894b6beac":["<iframe title=\"Creating an overlay using the IKON.IQ Nails ONE gel\" src=\"https:\/\/player.vimeo.com\/video\/345631086?dnt=1&amp;app_id=122963\" width=\"240\" height=\"426\" frameborder=\"0\" allow=\"autoplay; fullscreen\" allowfullscreen><\/iframe>"],"_oembed_time_084290541b15d3b242dd40d894b6beac":["1608063750"],"_edit_lock":["1755120530:1239"],"_edit_last":["1239"],"_yoast_wpseo_content_score":["90"],"_yoast_wpseo_primary_product_cat":[""],"_yoast_wpseo_focuskw":["french gel"],"_yoast_wpseo_linkdex":["71"],"_yoast_wpseo_metadesc":["%%title%% %%sep%% za bojanje bijelog slobodnog ruba za french %%sep%% Hipoalergena formula"],"_yoast_wpseo_estimated-reading-time-minutes":["3"],"_woocs_regular_price_EUR":["22.43"],"_woocs_sale_price_EUR":["-1"],"_woocs_price_geo_countries":[""],"_woocs_regular_price_geo":[""],"_woocs_sale_price_geo":[""],"uag_migration_processed":["1"],"cartflows_redirect_flow_id":[""],"cartflows_add_to_cart_text":[""],"_wc_facebook_sync_enabled":["yes"],"fb_visibility":["yes"],"fb_product_description":[""],"fb_rich_text_description":[""],"_wc_facebook_product_image_source":["product"],"fb_product_video":["a:0:{}"],"fb_brand":[""],"fb_mpn":[""],"fb_size":[""],"fb_color":[""],"fb_material":[""],"fb_pattern":[""],"fb_age_group":[""],"fb_gender":[""],"fb_product_condition":[""],"ast-site-content-layout":["default"],"site-content-style":["default"],"site-sidebar-style":["default"],"astra-migrate-meta-layouts":["set"],"_yoast_wpseo_primary_product_brand":[""],"_yoast_wpseo_primary_fb_product_set":[""],"_elementor_page_assets":["a:0:{}"],"_uag_page_assets":["a:9:{s:3:\"css\";s:0:\"\";s:2:\"js\";s:0:\"\";s:18:\"current_block_list\";a:3:{i:0;s:11:\"core\/search\";i:1;s:18:\"core\/legacy-widget\";i:2;s:27:\"woocommerce\/product-filters\";}s:8:\"uag_flag\";b:0;s:11:\"uag_version\";s:10:\"1776503599\";s:6:\"gfonts\";a:0:{}s:10:\"gfonts_url\";s:0:\"\";s:12:\"gfonts_files\";a:0:{}s:14:\"uag_faq_layout\";b:0;}"]},"uagb_featured_image_src":{"full":["https:\/\/www.meavia-mh.hr\/wp-content\/uploads\/2020\/12\/111.jpg",1260,1190,false],"thumbnail":["https:\/\/www.meavia-mh.hr\/wp-content\/uploads\/2020\/12\/111-150x150.jpg",150,150,true],"medium":["https:\/\/www.meavia-mh.hr\/wp-content\/uploads\/2020\/12\/111-300x283.jpg",300,283,true],"medium_large":["https:\/\/www.meavia-mh.hr\/wp-content\/uploads\/2020\/12\/111-768x725.jpg",768,725,true],"large":["https:\/\/www.meavia-mh.hr\/wp-content\/uploads\/2020\/12\/111-1024x967.jpg",1024,967,true],"1536x1536":["https:\/\/www.meavia-mh.hr\/wp-content\/uploads\/2020\/12\/111.jpg",1260,1190,false],"2048x2048":["https:\/\/www.meavia-mh.hr\/wp-content\/uploads\/2020\/12\/111.jpg",1260,1190,false],"trp-custom-language-flag":["https:\/\/www.meavia-mh.hr\/wp-content\/uploads\/2020\/12\/111.jpg",13,12,false],"woocommerce_thumbnail":["https:\/\/www.meavia-mh.hr\/wp-content\/uploads\/2020\/12\/111-300x300.jpg",300,300,true],"woocommerce_single":["https:\/\/www.meavia-mh.hr\/wp-content\/uploads\/2020\/12\/111-600x567.jpg",600,567,true],"woocommerce_gallery_thumbnail":["https:\/\/www.meavia-mh.hr\/wp-content\/uploads\/2020\/12\/111-100x100.jpg",100,100,true]},"uagb_author_info":{"display_name":"Mea Via","author_link":"https:\/\/www.meavia-mh.hr\/sl\/author\/"},"uagb_comment_info":0,"uagb_excerpt":"Vrlo svijetli bijeli gel za slikanje Stvorite french lako i brzo na gel i akrilnim noktima Potreban je samo jedan sloj gela, bez sjena! Nanesite kistom ili alatom za to\u010dkice Izvrsna stabilnost boje, ne \u017euti","_links":{"self":[{"href":"https:\/\/www.meavia-mh.hr\/sl\/wp-json\/wp\/v2\/product\/3108","targetHints":{"allow":["GET"]}}],"collection":[{"href":"https:\/\/www.meavia-mh.hr\/sl\/wp-json\/wp\/v2\/product"}],"about":[{"href":"https:\/\/www.meavia-mh.hr\/sl\/wp-json\/wp\/v2\/types\/product"}],"replies":[{"embeddable":true,"href":"https:\/\/www.meavia-mh.hr\/sl\/wp-json\/wp\/v2\/comments?post=3108"}],"version-history":[{"count":2,"href":"https:\/\/www.meavia-mh.hr\/sl\/wp-json\/wp\/v2\/product\/3108\/revisions"}],"predecessor-version":[{"id":41362,"href":"https:\/\/www.meavia-mh.hr\/sl\/wp-json\/wp\/v2\/product\/3108\/revisions\/41362"}],"wp:featuredmedia":[{"embeddable":true,"href":"https:\/\/www.meavia-mh.hr\/sl\/wp-json\/wp\/v2\/media\/3109"}],"wp:attachment":[{"href":"https:\/\/www.meavia-mh.hr\/sl\/wp-json\/wp\/v2\/media?parent=3108"}],"wp:term":[{"taxonomy":"product_brand","embeddable":true,"href":"https:\/\/www.meavia-mh.hr\/sl\/wp-json\/wp\/v2\/product_brand?post=3108"},{"taxonomy":"product_cat","embeddable":true,"href":"https:\/\/www.meavia-mh.hr\/sl\/wp-json\/wp\/v2\/product_cat?post=3108"},{"taxonomy":"product_tag","embeddable":true,"href":"https:\/\/www.meavia-mh.hr\/sl\/wp-json\/wp\/v2\/product_tag?post=3108"}],"curies":[{"name":"delovni list","href":"https:\/\/api.w.org\/{rel}","templated":true}]}}