{"id":3028,"date":"2020-12-14T20:08:55","date_gmt":"2020-12-14T20:08:55","guid":{"rendered":"https:\/\/www.meavia-mh.hr\/?post_type=product&#038;p=3028"},"modified":"2026-03-27T15:34:53","modified_gmt":"2026-03-27T14:34:53","slug":"ikon-iq-opium-clear-sculpting-uv-led-gel-50ml","status":"publish","type":"product","link":"https:\/\/www.meavia-mh.hr\/sl\/product\/ikon-iq-opium-clear-sculpting-uv-led-gel-50ml\/","title":{"rendered":"IKON.iQ Opium Builder Gel Clear, 50 ml"},"content":{"rendered":"<p>IKON.iQ OPIUM geli so srednje viskozni, samorazlivni UV\/LED geli za gradnjo in oblikovanje nohtov. Hipoalergena formula vsebuje sestavine z nizkim tveganjem za alergije za za\u0161\u010dito va\u0161ega zdravja in zdravja va\u0161ih strank. Formula brez HEMA, nestrupena, veganska in brez krutosti. Proizvedeno na \u0160vedskem.<\/p>\n<h6>Zna\u010dilnosti:<\/h6>\n<ul>\n<li>Najnovej\u0161a UV \/ LED napredna formulacija<\/li>\n<li>Hipoalergeno - ne vsebuje HEME, MEHQ in TPO<\/li>\n<li>Srednje kremna viskoznost. Enostaven nanos, ne da bi se razlil po stranskih stenah.<\/li>\n<li>Samoniveliranje<\/li>\n<li>Zagotavlja gladko, enakomerno povr\u0161ino, na katero lahko nanesemo barvne gele, lesketajo\u010de se gele\u2026<\/li>\n<li>OPIUM geli se strdijo brez kr\u010denja na stranskih stenah ali prostem robu<\/li>\n<li>Formulirano z visokokakovostnimi sestavinami, ki se nikoli ne razpokajo ali drobijo<\/li>\n<li>Odli\u010den oprijem. Brez dviga nohtov po 4 do 6 tednih.<\/li>\n<li>Skraj\u0161a \u010das storitve ter pove\u010da zvestobo in zadovoljstvo strank<\/li>\n<li>Lahko se uporablja skupaj z vsemi izdelki IKON.iQ<\/li>\n<\/ul>\n<h6>Uporaba:<\/h6>\n<ul>\n<li><a href=\"https:\/\/www.meavia-mh.hr\/sl\/product\/ikon-iq-x7-dehydrator-and-ph-equalizer-15ml\/\">IKON.iQ X7 + Dehidrator in PH izena\u010devalnik, 15 ml<\/a><\/li>\n<li>Bonder: izbira <a href=\"https:\/\/www.meavia-mh.hr\/sl\/product\/ikon-iq-x2-keratin-bonder-15ml\/\">ICON.iQ X2<\/a>, ali IKON.iQ X10 Air Dry oz <a href=\"https:\/\/www.meavia-mh.hr\/sl\/product\/ikon-iq-x12-uv-led-bonder-15ml\/\">ICON.iQ X12<\/a><a href=\"https:\/\/www.meavia-mh.hr\/sl\/product\/ikon-iq-x12-uv-led-bonder-15ml\/\"> bonder<\/a> (oba brez HEMA)<\/li>\n<li>OPIUM geli ne potrebujejo podlage za gel. Vse barve so osnovne in bodybuilderske.<\/li>\n<li>OPIUM Clear gel \/ OPIUM mle\u010dno roza gel \/ OPIUM Babyboomer Pink gel<\/li>\n<li>IKON.iQ PRIMA Non Wipe Top gel lak, 15 ml<\/li>\n<li>IKON.iQ X6 sredstvo za \u010di\u0161\u010denje in razku\u017eevanje, 125 ml ali 400 ml<\/li>\n<\/ul>\n<h6>Sestava:<\/h6>\n<ul>\n<li>Bis-HEA poli (1,4-butandiol) -9 \/ IPDI kopolimer<\/li>\n<li>Razred\u010ditev kopolimerja bis-hidroksietil metakrilat poli (neopentil glikol adipat) \/ IPDI<\/li>\n<li>Trimetilpropan trimetakrilat<\/li>\n<li>Tripropilen glikol diakrilat<\/li>\n<li>Kremen<\/li>\n<li>1-hidroksilcikloheksil fenil keton<\/li>\n<li>Benzofenon<\/li>\n<li>bis-trimetilbenzoil fenil fosfin<\/li>\n<li>+\/- CI77891, CI 15850, CI47005, CI 77491, CI77499<\/li>\n<\/ul>\n<p><img decoding=\"async\" class=\"wp-image-1503 size-thumbnail alignleft\" src=\"https:\/\/www.meavia-mh.hr\/wp-content\/uploads\/2020\/12\/IKONIQ-hipoallerenic-150x150.png\" alt=\"IKONIQ hypoallerenic\" width=\"150\" height=\"150\" srcset=\"https:\/\/www.meavia-mh.hr\/wp-content\/uploads\/2020\/12\/IKONIQ-hipoallerenic-150x150.png 150w, https:\/\/www.meavia-mh.hr\/wp-content\/uploads\/2020\/12\/IKONIQ-hipoallerenic-100x100.png 100w, https:\/\/www.meavia-mh.hr\/wp-content\/uploads\/2020\/12\/IKONIQ-hipoallerenic.png 239w\" sizes=\"(max-width: 150px) 100vw, 150px\" \/><\/p>\n<p><img decoding=\"async\" class=\"wp-image-1497 size-thumbnail alignleft\" src=\"https:\/\/www.meavia-mh.hr\/wp-content\/uploads\/2020\/12\/Ikoniq-made-with-love-150x150.png\" alt=\"Ikoniq made with love\" width=\"150\" height=\"150\" srcset=\"https:\/\/www.meavia-mh.hr\/wp-content\/uploads\/2020\/12\/Ikoniq-made-with-love-150x150.png 150w, https:\/\/www.meavia-mh.hr\/wp-content\/uploads\/2020\/12\/Ikoniq-made-with-love-100x100.png 100w, https:\/\/www.meavia-mh.hr\/wp-content\/uploads\/2020\/12\/Ikoniq-made-with-love.png 239w\" sizes=\"(max-width: 150px) 100vw, 150px\" \/><\/p>\n<p><img decoding=\"async\" class=\"wp-image-1496 size-thumbnail alignleft\" src=\"https:\/\/www.meavia-mh.hr\/wp-content\/uploads\/2020\/12\/Ikoniq-Cruelty-free-150x150.png\" alt=\"Ikoniq Cruelty free\" width=\"150\" height=\"150\" srcset=\"https:\/\/www.meavia-mh.hr\/wp-content\/uploads\/2020\/12\/Ikoniq-Cruelty-free-150x150.png 150w, https:\/\/www.meavia-mh.hr\/wp-content\/uploads\/2020\/12\/Ikoniq-Cruelty-free-100x100.png 100w, https:\/\/www.meavia-mh.hr\/wp-content\/uploads\/2020\/12\/Ikoniq-Cruelty-free.png 239w\" sizes=\"(max-width: 150px) 100vw, 150px\" \/><\/p>\n<p><img loading=\"lazy\" decoding=\"async\" class=\"wp-image-3015 size-thumbnail alignleft\" src=\"https:\/\/www.meavia-mh.hr\/wp-content\/uploads\/2020\/12\/Ikoniq-made-in-Sweden-150x150.png\" alt=\"Ikoniq made in Sweden\" width=\"150\" height=\"150\" srcset=\"https:\/\/www.meavia-mh.hr\/wp-content\/uploads\/2020\/12\/Ikoniq-made-in-Sweden-150x150.png 150w, https:\/\/www.meavia-mh.hr\/wp-content\/uploads\/2020\/12\/Ikoniq-made-in-Sweden-100x100.png 100w, https:\/\/www.meavia-mh.hr\/wp-content\/uploads\/2020\/12\/Ikoniq-made-in-Sweden.png 239w\" sizes=\"(max-width: 150px) 100vw, 150px\" \/><\/p>","protected":false},"excerpt":{"rendered":"<p><a href=\"https:\/\/www.meavia-mh.hr\/wp-content\/uploads\/2020\/12\/IKONIQ-hipoallerenic.png\"><img loading=\"lazy\" decoding=\"async\" class=\"alignnone wp-image-1503 size-thumbnail\" src=\"https:\/\/www.meavia-mh.hr\/wp-content\/uploads\/2020\/12\/IKONIQ-hipoallerenic-150x150.png\" alt=\"IKON.iQ hypoallergenic\" width=\"150\" height=\"150\" srcset=\"https:\/\/www.meavia-mh.hr\/wp-content\/uploads\/2020\/12\/IKONIQ-hipoallerenic-150x150.png 150w, https:\/\/www.meavia-mh.hr\/wp-content\/uploads\/2020\/12\/IKONIQ-hipoallerenic-100x100.png 100w, https:\/\/www.meavia-mh.hr\/wp-content\/uploads\/2020\/12\/IKONIQ-hipoallerenic.png 239w\" sizes=\"(max-width: 150px) 100vw, 150px\" \/><\/a><\/p>","protected":false},"featured_media":3030,"comment_status":"open","ping_status":"closed","template":"","meta":{"_uag_custom_page_level_css":"","site-sidebar-layout":"default","site-content-layout":"default","ast-site-content-layout":"default","site-content-style":"default","site-sidebar-style":"default","ast-global-header-display":"","ast-banner-title-visibility":"","ast-main-header-display":"","ast-hfb-above-header-display":"","ast-hfb-below-header-display":"","ast-hfb-mobile-header-display":"","site-post-title":"","ast-breadcrumbs-content":"","ast-featured-img":"","footer-sml-layout":"","ast-disable-related-posts":"","theme-transparent-header-meta":"default","adv-header-id-meta":"","stick-header-meta":"default","header-above-stick-meta":"","header-main-stick-meta":"","header-below-stick-meta":null,"astra-migrate-meta-layouts":"default","ast-page-background-enabled":"default","ast-page-background-meta":{"desktop":{"background-color":"var(--ast-global-color-4)","background-image":"","background-repeat":"repeat","background-position":"center center","background-size":"auto","background-attachment":"scroll","background-type":"","background-media":"","overlay-type":"","overlay-color":"","overlay-opacity":"","overlay-gradient":""},"tablet":{"background-color":"","background-image":"","background-repeat":"repeat","background-position":"center center","background-size":"auto","background-attachment":"scroll","background-type":"","background-media":"","overlay-type":"","overlay-color":"","overlay-opacity":"","overlay-gradient":""},"mobile":{"background-color":"","background-image":"","background-repeat":"repeat","background-position":"center center","background-size":"auto","background-attachment":"scroll","background-type":"","background-media":"","overlay-type":"","overlay-color":"","overlay-opacity":"","overlay-gradient":""}},"ast-content-background-meta":{"desktop":{"background-color":"var(--ast-global-color-5)","background-image":"","background-repeat":"repeat","background-position":"center center","background-size":"auto","background-attachment":"scroll","background-type":"","background-media":"","overlay-type":"","overlay-color":"","overlay-opacity":"","overlay-gradient":""},"tablet":{"background-color":"var(--ast-global-color-5)","background-image":"","background-repeat":"repeat","background-position":"center center","background-size":"auto","background-attachment":"scroll","background-type":"","background-media":"","overlay-type":"","overlay-color":"","overlay-opacity":"","overlay-gradient":""},"mobile":{"background-color":"var(--ast-global-color-5)","background-image":"","background-repeat":"repeat","background-position":"center center","background-size":"auto","background-attachment":"scroll","background-type":"","background-media":"","overlay-type":"","overlay-color":"","overlay-opacity":"","overlay-gradient":""}}},"product_brand":[604],"product_cat":[734,25,122],"product_tag":[123,124],"class_list":{"0":"post-3028","1":"product","2":"type-product","3":"status-publish","4":"has-post-thumbnail","6":"product_brand-ikon-iq","7":"product_cat-hipoalergeni-gelovi","8":"product_cat-ikoniq","9":"product_cat-ikoniq-builder-gel","10":"product_tag-builder-gel","11":"product_tag-gradivni-gel","12":"desktop-align-left","13":"tablet-align-left","14":"mobile-align-left","15":"ast-product-gallery-layout-horizontal-slider","16":"ast-product-tabs-layout-horizontal","18":"first","19":"outofstock","20":"taxable","21":"shipping-taxable","22":"purchasable","23":"product-type-simple"},"yoast_head":"<!-- This site is optimized with the Yoast SEO plugin v27.3 - https:\/\/yoast.com\/product\/yoast-seo-wordpress\/ -->\n<title>IKON.iQ Opium gradivni gel Clear, 50 ml &#8902; Mea Via Beauty<\/title>\n<meta name=\"description\" content=\"IKON.iQ Opium gradivni gel Clear, 50 ml &#8902; gelovi za izgradnju i oblikovanje nokta &#8902; Samoniveliraju\u0107i\" \/>\n<meta name=\"robots\" content=\"index, follow, max-snippet:-1, max-image-preview:large, max-video-preview:-1\" \/>\n<link rel=\"canonical\" href=\"https:\/\/www.meavia-mh.hr\/sl\/product\/ikon-iq-opium-clear-sculpting-uv-led-gel-50ml\/\" \/>\n<meta property=\"og:locale\" content=\"sl_SI\" \/>\n<meta property=\"og:type\" content=\"article\" \/>\n<meta property=\"og:title\" content=\"IKON.iQ Opium gradivni gel Clear, 50 ml &#8902; Mea Via Beauty\" \/>\n<meta property=\"og:description\" content=\"IKON.iQ Opium gradivni gel Clear, 50 ml &#8902; gelovi za izgradnju i oblikovanje nokta &#8902; Samoniveliraju\u0107i\" \/>\n<meta property=\"og:url\" content=\"https:\/\/www.meavia-mh.hr\/sl\/product\/ikon-iq-opium-clear-sculpting-uv-led-gel-50ml\/\" \/>\n<meta property=\"og:site_name\" content=\"Mea Via Beauty\" \/>\n<meta property=\"article:publisher\" content=\"https:\/\/www.facebook.com\/MeaViaNailsWorld\" \/>\n<meta property=\"article:modified_time\" content=\"2026-03-27T14:34:53+00:00\" \/>\n<meta property=\"og:image\" content=\"https:\/\/www.meavia-mh.hr\/wp-content\/uploads\/2020\/12\/Slika-zaslona-2020-12-14-u-21.06.15.png\" \/>\n\t<meta property=\"og:image:width\" content=\"856\" \/>\n\t<meta property=\"og:image:height\" content=\"784\" \/>\n\t<meta property=\"og:image:type\" content=\"image\/png\" \/>\n<meta name=\"twitter:card\" content=\"summary_large_image\" \/>\n<meta name=\"twitter:label1\" content=\"Est. reading time\" \/>\n\t<meta name=\"twitter:data1\" content=\"2 minuti\" \/>\n<script type=\"application\/ld+json\" class=\"yoast-schema-graph\">{\"@context\":\"https:\\\/\\\/schema.org\",\"@graph\":[{\"@type\":\"WebPage\",\"@id\":\"https:\\\/\\\/www.meavia-mh.hr\\\/product\\\/ikon-iq-opium-clear-sculpting-uv-led-gel-50ml\\\/\",\"url\":\"https:\\\/\\\/www.meavia-mh.hr\\\/product\\\/ikon-iq-opium-clear-sculpting-uv-led-gel-50ml\\\/\",\"name\":\"IKON.iQ Opium gradivni gel Clear, 50 ml &#8902; Mea Via Beauty\",\"isPartOf\":{\"@id\":\"https:\\\/\\\/meavia-mh.hr\\\/sl\\\/#website\"},\"primaryImageOfPage\":{\"@id\":\"https:\\\/\\\/www.meavia-mh.hr\\\/product\\\/ikon-iq-opium-clear-sculpting-uv-led-gel-50ml\\\/#primaryimage\"},\"image\":{\"@id\":\"https:\\\/\\\/www.meavia-mh.hr\\\/product\\\/ikon-iq-opium-clear-sculpting-uv-led-gel-50ml\\\/#primaryimage\"},\"thumbnailUrl\":\"https:\\\/\\\/www.meavia-mh.hr\\\/wp-content\\\/uploads\\\/2020\\\/12\\\/Slika-zaslona-2020-12-14-u-21.06.15.png\",\"datePublished\":\"2020-12-14T20:08:55+00:00\",\"dateModified\":\"2026-03-27T14:34:53+00:00\",\"description\":\"IKON.iQ Opium gradivni gel Clear, 50 ml &#8902; gelovi za izgradnju i oblikovanje nokta &#8902; Samoniveliraju\u0107i\",\"breadcrumb\":{\"@id\":\"https:\\\/\\\/www.meavia-mh.hr\\\/product\\\/ikon-iq-opium-clear-sculpting-uv-led-gel-50ml\\\/#breadcrumb\"},\"inLanguage\":\"sl-SI\",\"potentialAction\":[{\"@type\":\"ReadAction\",\"target\":[\"https:\\\/\\\/www.meavia-mh.hr\\\/product\\\/ikon-iq-opium-clear-sculpting-uv-led-gel-50ml\\\/\"]}]},{\"@type\":\"ImageObject\",\"inLanguage\":\"sl-SI\",\"@id\":\"https:\\\/\\\/www.meavia-mh.hr\\\/product\\\/ikon-iq-opium-clear-sculpting-uv-led-gel-50ml\\\/#primaryimage\",\"url\":\"https:\\\/\\\/www.meavia-mh.hr\\\/wp-content\\\/uploads\\\/2020\\\/12\\\/Slika-zaslona-2020-12-14-u-21.06.15.png\",\"contentUrl\":\"https:\\\/\\\/www.meavia-mh.hr\\\/wp-content\\\/uploads\\\/2020\\\/12\\\/Slika-zaslona-2020-12-14-u-21.06.15.png\",\"width\":856,\"height\":784,\"caption\":\"IKONiQ OPIUM Clear Sculpting Gel\"},{\"@type\":\"BreadcrumbList\",\"@id\":\"https:\\\/\\\/www.meavia-mh.hr\\\/product\\\/ikon-iq-opium-clear-sculpting-uv-led-gel-50ml\\\/#breadcrumb\",\"itemListElement\":[{\"@type\":\"ListItem\",\"position\":1,\"name\":\"Po\u010detna stranica\",\"item\":\"https:\\\/\\\/www.meavia-mh.hr\\\/\"},{\"@type\":\"ListItem\",\"position\":2,\"name\":\"Trgovina\",\"item\":\"https:\\\/\\\/meavia-mh.hr\\\/sl\\\/store\\\/\"},{\"@type\":\"ListItem\",\"position\":3,\"name\":\"IKON.iQ Opium gradivni gel Clear, 50 ml\"}]},{\"@type\":\"WebSite\",\"@id\":\"https:\\\/\\\/meavia-mh.hr\\\/sl\\\/#website\",\"url\":\"https:\\\/\\\/meavia-mh.hr\\\/sl\\\/\",\"name\":\"Mea Via Beauty\",\"description\":\"Only The Best For Your Beauty\",\"publisher\":{\"@id\":\"https:\\\/\\\/meavia-mh.hr\\\/sl\\\/#organization\"},\"alternateName\":\"Mea Via Nails\",\"potentialAction\":[{\"@type\":\"SearchAction\",\"target\":{\"@type\":\"EntryPoint\",\"urlTemplate\":\"https:\\\/\\\/meavia-mh.hr\\\/sl\\\/?s={search_term_string}\"},\"query-input\":{\"@type\":\"PropertyValueSpecification\",\"valueRequired\":true,\"valueName\":\"search_term_string\"}}],\"inLanguage\":\"sl-SI\"},{\"@type\":\"Organization\",\"@id\":\"https:\\\/\\\/meavia-mh.hr\\\/sl\\\/#organization\",\"name\":\"Mea Via Nails World\",\"alternateName\":\"Mea Via\",\"url\":\"https:\\\/\\\/meavia-mh.hr\\\/sl\\\/\",\"logo\":{\"@type\":\"ImageObject\",\"inLanguage\":\"sl-SI\",\"@id\":\"https:\\\/\\\/meavia-mh.hr\\\/sl\\\/#\\\/schema\\\/logo\\\/image\\\/\",\"url\":\"https:\\\/\\\/www.meavia-mh.hr\\\/wp-content\\\/uploads\\\/2020\\\/12\\\/Mea-Via.png\",\"contentUrl\":\"https:\\\/\\\/www.meavia-mh.hr\\\/wp-content\\\/uploads\\\/2020\\\/12\\\/Mea-Via.png\",\"width\":1181,\"height\":393,\"caption\":\"Mea Via Nails World\"},\"image\":{\"@id\":\"https:\\\/\\\/meavia-mh.hr\\\/sl\\\/#\\\/schema\\\/logo\\\/image\\\/\"},\"sameAs\":[\"https:\\\/\\\/www.facebook.com\\\/MeaViaNailsWorld\",\"https:\\\/\\\/www.instagram.com\\\/mea_via_nails_world\\\/\",\"https:\\\/\\\/www.youtube.com\\\/channel\\\/UCECk0hpRWP6TN-EfA4ER96g\\\/featured\"]}]}<\/script>\n<!-- \/ Yoast SEO plugin. -->","yoast_head_json":{"title":"IKON.iQ Opium gradivni gel Clear, 50 ml \u22c6 Mea Via Beauty","description":"IKON.iQ Opium gradilni gel Prozoren, 50 ml \u22c6 geli za gradnjo in oblikovanje nohtov \u22c6 Samonivelirni","robots":{"index":"index","follow":"follow","max-snippet":"max-snippet:-1","max-image-preview":"max-image-preview:large","max-video-preview":"max-video-preview:-1"},"canonical":"https:\/\/www.meavia-mh.hr\/sl\/product\/ikon-iq-opium-clear-sculpting-uv-led-gel-50ml\/","og_locale":"sl_SI","og_type":"article","og_title":"IKON.iQ Opium gradivni gel Clear, 50 ml &#8902; Mea Via Beauty","og_description":"IKON.iQ Opium gradivni gel Clear, 50 ml &#8902; gelovi za izgradnju i oblikovanje nokta &#8902; Samoniveliraju\u0107i","og_url":"https:\/\/www.meavia-mh.hr\/sl\/product\/ikon-iq-opium-clear-sculpting-uv-led-gel-50ml\/","og_site_name":"Mea Via Beauty","article_publisher":"https:\/\/www.facebook.com\/MeaViaNailsWorld","article_modified_time":"2026-03-27T14:34:53+00:00","og_image":[{"width":856,"height":784,"url":"https:\/\/www.meavia-mh.hr\/wp-content\/uploads\/2020\/12\/Slika-zaslona-2020-12-14-u-21.06.15.png","type":"image\/png"}],"twitter_card":"summary_large_image","twitter_misc":{"Est. reading time":"2 minuti"},"schema":{"@context":"https:\/\/schema.org","@graph":[{"@type":"WebPage","@id":"https:\/\/www.meavia-mh.hr\/product\/ikon-iq-opium-clear-sculpting-uv-led-gel-50ml\/","url":"https:\/\/www.meavia-mh.hr\/product\/ikon-iq-opium-clear-sculpting-uv-led-gel-50ml\/","name":"IKON.iQ Opium gradivni gel Clear, 50 ml \u22c6 Mea Via Beauty","isPartOf":{"@id":"https:\/\/meavia-mh.hr\/sl\/#website"},"primaryImageOfPage":{"@id":"https:\/\/www.meavia-mh.hr\/product\/ikon-iq-opium-clear-sculpting-uv-led-gel-50ml\/#primaryimage"},"image":{"@id":"https:\/\/www.meavia-mh.hr\/product\/ikon-iq-opium-clear-sculpting-uv-led-gel-50ml\/#primaryimage"},"thumbnailUrl":"https:\/\/www.meavia-mh.hr\/wp-content\/uploads\/2020\/12\/Slika-zaslona-2020-12-14-u-21.06.15.png","datePublished":"2020-12-14T20:08:55+00:00","dateModified":"2026-03-27T14:34:53+00:00","description":"IKON.iQ Opium gradilni gel Prozoren, 50 ml \u22c6 geli za gradnjo in oblikovanje nohtov \u22c6 Samonivelirni","breadcrumb":{"@id":"https:\/\/www.meavia-mh.hr\/product\/ikon-iq-opium-clear-sculpting-uv-led-gel-50ml\/#breadcrumb"},"inLanguage":"sl-SI","potentialAction":[{"@type":"ReadAction","target":["https:\/\/www.meavia-mh.hr\/product\/ikon-iq-opium-clear-sculpting-uv-led-gel-50ml\/"]}]},{"@type":"ImageObject","inLanguage":"sl-SI","@id":"https:\/\/www.meavia-mh.hr\/product\/ikon-iq-opium-clear-sculpting-uv-led-gel-50ml\/#primaryimage","url":"https:\/\/www.meavia-mh.hr\/wp-content\/uploads\/2020\/12\/Slika-zaslona-2020-12-14-u-21.06.15.png","contentUrl":"https:\/\/www.meavia-mh.hr\/wp-content\/uploads\/2020\/12\/Slika-zaslona-2020-12-14-u-21.06.15.png","width":856,"height":784,"caption":"IKONiQ OPIUM Clear Sculpting Gel"},{"@type":"BreadcrumbList","@id":"https:\/\/www.meavia-mh.hr\/product\/ikon-iq-opium-clear-sculpting-uv-led-gel-50ml\/#breadcrumb","itemListElement":[{"@type":"ListItem","position":1,"name":"Po\u010detna stranica","item":"https:\/\/www.meavia-mh.hr\/"},{"@type":"ListItem","position":2,"name":"Trgovina","item":"https:\/\/meavia-mh.hr\/sl\/store\/"},{"@type":"ListItem","position":3,"name":"IKON.iQ Opium gradivni gel Clear, 50 ml"}]},{"@type":"WebSite","@id":"https:\/\/meavia-mh.hr\/sl\/#website","url":"https:\/\/meavia-mh.hr\/sl\/","name":"MEA VIA BEAUTY","description":"Only The Best For Your Beauty","publisher":{"@id":"https:\/\/meavia-mh.hr\/sl\/#organization"},"alternateName":"Mea Via Nails","potentialAction":[{"@type":"SearchAction","target":{"@type":"EntryPoint","urlTemplate":"https:\/\/meavia-mh.hr\/sl\/?s={search_term_string}"},"query-input":{"@type":"PropertyValueSpecification","valueRequired":true,"valueName":"search_term_string"}}],"inLanguage":"sl-SI"},{"@type":"Organization","@id":"https:\/\/meavia-mh.hr\/sl\/#organization","name":"Mea Via Nails World","alternateName":"Mea Via","url":"https:\/\/meavia-mh.hr\/sl\/","logo":{"@type":"ImageObject","inLanguage":"sl-SI","@id":"https:\/\/meavia-mh.hr\/sl\/#\/schema\/logo\/image\/","url":"https:\/\/www.meavia-mh.hr\/wp-content\/uploads\/2020\/12\/Mea-Via.png","contentUrl":"https:\/\/www.meavia-mh.hr\/wp-content\/uploads\/2020\/12\/Mea-Via.png","width":1181,"height":393,"caption":"Mea Via Nails World"},"image":{"@id":"https:\/\/meavia-mh.hr\/sl\/#\/schema\/logo\/image\/"},"sameAs":["https:\/\/www.facebook.com\/MeaViaNailsWorld","https:\/\/www.instagram.com\/mea_via_nails_world\/","https:\/\/www.youtube.com\/channel\/UCECk0hpRWP6TN-EfA4ER96g\/featured"]}]}},"spectra_custom_meta":{"_edit_last":["1239"],"_edit_lock":["1629553365:1"],"_wp_page_template":["default"],"_sku":["G73050"],"total_sales":["8"],"_tax_status":["taxable"],"_tax_class":[""],"_manage_stock":["yes"],"_backorders":["no"],"_sold_individually":["no"],"_virtual":["no"],"_downloadable":["no"],"_download_limit":["-1"],"_download_expiry":["-1"],"_stock":["0.000000"],"_stock_status":["outofstock"],"_wc_average_rating":["0"],"_wc_review_count":["0"],"_product_version":["10.6.1"],"site-sidebar-layout":["default"],"site-content-layout":["default"],"theme-transparent-header-meta":["default"],"stick-header-meta":["default"],"_thumbnail_id":["3030"],"_product_image_gallery":["3031,3032"],"_regular_price":["48.97"],"_price":["48.97"],"_yoast_wpseo_content_score":["90"],"_yoast_wpseo_estimated-reading-time-minutes":["2"],"_woocs_price_geo_countries":[""],"_woocs_regular_price_geo":[""],"_woocs_sale_price_geo":[""],"_yoast_wpseo_focuskw":["gradivni gel"],"_yoast_wpseo_metadesc":["%%title%% %%sep%% gelovi za izgradnju i oblikovanje nokta %%sep%% Samoniveliraju\u0107i"],"_yoast_wpseo_linkdex":["47"],"_woocs_regular_price_EUR":["48.97"],"_woocs_sale_price_EUR":["-1"],"ast-below-header-display":[null],"footer-adv-display":[null],"adv-header-id-meta":[""],"header-below-stick-meta":[null],"_lowest_price_30_days":["48.97"],"uag_migration_processed":["1"],"_elementor_page_assets":["a:0:{}"],"_uag_page_assets":["a:9:{s:3:\"css\";s:0:\"\";s:2:\"js\";s:0:\"\";s:18:\"current_block_list\";a:3:{i:0;s:11:\"core\/search\";i:1;s:18:\"core\/legacy-widget\";i:2;s:27:\"woocommerce\/product-filters\";}s:8:\"uag_flag\";b:0;s:11:\"uag_version\";s:10:\"1775837063\";s:6:\"gfonts\";a:0:{}s:10:\"gfonts_url\";s:0:\"\";s:12:\"gfonts_files\";a:0:{}s:14:\"uag_faq_layout\";b:0;}"]},"uagb_featured_image_src":{"full":["https:\/\/www.meavia-mh.hr\/wp-content\/uploads\/2020\/12\/Slika-zaslona-2020-12-14-u-21.06.15.png",856,784,false],"thumbnail":["https:\/\/www.meavia-mh.hr\/wp-content\/uploads\/2020\/12\/Slika-zaslona-2020-12-14-u-21.06.15-150x150.png",150,150,true],"medium":["https:\/\/www.meavia-mh.hr\/wp-content\/uploads\/2020\/12\/Slika-zaslona-2020-12-14-u-21.06.15-300x275.png",300,275,true],"medium_large":["https:\/\/www.meavia-mh.hr\/wp-content\/uploads\/2020\/12\/Slika-zaslona-2020-12-14-u-21.06.15-768x703.png",768,703,true],"large":["https:\/\/www.meavia-mh.hr\/wp-content\/uploads\/2020\/12\/Slika-zaslona-2020-12-14-u-21.06.15.png",856,784,false],"1536x1536":["https:\/\/www.meavia-mh.hr\/wp-content\/uploads\/2020\/12\/Slika-zaslona-2020-12-14-u-21.06.15.png",856,784,false],"2048x2048":["https:\/\/www.meavia-mh.hr\/wp-content\/uploads\/2020\/12\/Slika-zaslona-2020-12-14-u-21.06.15.png",856,784,false],"trp-custom-language-flag":["https:\/\/www.meavia-mh.hr\/wp-content\/uploads\/2020\/12\/Slika-zaslona-2020-12-14-u-21.06.15.png",13,12,false],"woocommerce_thumbnail":["https:\/\/www.meavia-mh.hr\/wp-content\/uploads\/2020\/12\/Slika-zaslona-2020-12-14-u-21.06.15-300x300.png",300,300,true],"woocommerce_single":["https:\/\/www.meavia-mh.hr\/wp-content\/uploads\/2020\/12\/Slika-zaslona-2020-12-14-u-21.06.15-600x550.png",600,550,true],"woocommerce_gallery_thumbnail":["https:\/\/www.meavia-mh.hr\/wp-content\/uploads\/2020\/12\/Slika-zaslona-2020-12-14-u-21.06.15-100x100.png",100,100,true]},"uagb_author_info":{"display_name":"Mea Via","author_link":"https:\/\/www.meavia-mh.hr\/sl\/author\/"},"uagb_comment_info":0,"uagb_excerpt":null,"_links":{"self":[{"href":"https:\/\/www.meavia-mh.hr\/sl\/wp-json\/wp\/v2\/product\/3028","targetHints":{"allow":["GET"]}}],"collection":[{"href":"https:\/\/www.meavia-mh.hr\/sl\/wp-json\/wp\/v2\/product"}],"about":[{"href":"https:\/\/www.meavia-mh.hr\/sl\/wp-json\/wp\/v2\/types\/product"}],"replies":[{"embeddable":true,"href":"https:\/\/www.meavia-mh.hr\/sl\/wp-json\/wp\/v2\/comments?post=3028"}],"version-history":[{"count":1,"href":"https:\/\/www.meavia-mh.hr\/sl\/wp-json\/wp\/v2\/product\/3028\/revisions"}],"predecessor-version":[{"id":31532,"href":"https:\/\/www.meavia-mh.hr\/sl\/wp-json\/wp\/v2\/product\/3028\/revisions\/31532"}],"wp:featuredmedia":[{"embeddable":true,"href":"https:\/\/www.meavia-mh.hr\/sl\/wp-json\/wp\/v2\/media\/3030"}],"wp:attachment":[{"href":"https:\/\/www.meavia-mh.hr\/sl\/wp-json\/wp\/v2\/media?parent=3028"}],"wp:term":[{"taxonomy":"product_brand","embeddable":true,"href":"https:\/\/www.meavia-mh.hr\/sl\/wp-json\/wp\/v2\/product_brand?post=3028"},{"taxonomy":"product_cat","embeddable":true,"href":"https:\/\/www.meavia-mh.hr\/sl\/wp-json\/wp\/v2\/product_cat?post=3028"},{"taxonomy":"product_tag","embeddable":true,"href":"https:\/\/www.meavia-mh.hr\/sl\/wp-json\/wp\/v2\/product_tag?post=3028"}],"curies":[{"name":"delovni list","href":"https:\/\/api.w.org\/{rel}","templated":true}]}}