{"id":28067,"date":"2024-04-01T14:09:04","date_gmt":"2024-04-01T14:09:04","guid":{"rendered":"https:\/\/www.meavia-mh.hr\/?post_type=product&#038;p=28067"},"modified":"2026-01-24T08:57:18","modified_gmt":"2026-01-24T07:57:18","slug":"ikon-iq-magic-solid-chrome-pigments-set-3","status":"publish","type":"product","link":"https:\/\/www.meavia-mh.hr\/sl\/product\/ikon-iq-magic-solid-chrome-pigments-set-3\/","title":{"rendered":"IKON.iQ Magic Solid Chrome pigmenti: set 3"},"content":{"rendered":"<p>IKON.iQ Magic Solid Chrome Pigments: Set 3 je nova generacija okraskov za nohte, ki s svojo kakovostjo izstopajo od ostalih. IKON.iQ Magic Solid Chrome pigmenti so izdelani v skladu z najvi\u0161jimi kakovostnimi in zdravstvenimi standardi. Za razliko od podobnih izdelkov ne vsebujejo \u0161kodljivih in strupenih snovi.<\/p>\n<p>Glede na barvo podlage (permanentni lak, barvni gel) se lahko dobijo razli\u010dne kombinacije. Povsem novi vzorci za vrhunske rezultate pri oblikovanju nohtov! Na slikah si oglejte, kako IKON.iQ Magic Solid Chrome pigmenti izgledajo na razli\u010dnih podlagah.<\/p>\n<div class=\"ast-oembed-container\" style=\"height: 100%;\"><iframe title=\"IKON.iQ Magic Solid Chrome pigmenti: Set 2 - Mea Via Nails Wolrd\" width=\"500\" height=\"281\" src=\"https:\/\/www.youtube.com\/embed\/4UBGYBnekZs?feature=oembed\" frameborder=\"0\" allow=\"accelerometer; autoplay; clipboard-write; encrypted-media; gyroscope; picture-in-picture; web-share\" referrerpolicy=\"strict-origin-when-cross-origin\" allowfullscreen><\/iframe><\/div>\n<h5>Lastnosti IKON.iQ Magic Solid Chrome Pigments:<\/h5>\n<ul>\n<li><span class=\"\">nova generacija pigmentov vrhunske kakovosti<\/span><\/li>\n<li>najtanj\u0161i, najsvetlej\u0161i ko\u0161\u010dki ble\u0161\u010de\u010dega prahu za vrhunske rezultate v umetnosti nohtov<\/li>\n<li><span class=\"\">zagotovite gladko povr\u0161ino na dotik<\/span><\/li>\n<li>enostavno nanese na noht<\/li>\n<li>stro\u0161kovno ugodno, veliko pakiranje vsebuje 6 barv<\/li>\n<\/ul>\n<p>Sestavljen iz najtanj\u0161ih, najsvetlej\u0161ih ko\u0161\u010dkov ble\u0161\u010de\u010dega prahu. Gladka na dotik in izjemno enostavna za nana\u0161anje na gel, gel lak in <a href=\"https:\/\/www.meavia-mh.hr\/sl\/product\/ikon-iq-prima-gel-polish-trajni-lak-megan-15-ml\/\">PRIMA trajni lak<\/a> za nohte. Hitreje in la\u017eje odstranljivo.<\/p>\n<p><em>Upo\u0161tevajte, da se po najbolj\u0161ih mo\u010deh trudimo zagotoviti, da slika, predstavljena na spletnem mestu, najbolje odra\u017ea dejanske barve na\u0161ih izdelkov. Dejavniki, ki jih med brskanjem ne moremo nadzorovati, kot so osvetlitev, vrsta uporabljene elektronske opreme, nastavitve zaslona ali grafi\u010dna kartica - vplivajo na sprejem\/interpretacijo gledane slike.<\/em><\/p>","protected":false},"excerpt":{"rendered":"<p><img decoding=\"async\" class=\"alignnone wp-image-1503\" src=\"https:\/\/www.meavia-mh.hr\/wp-content\/uploads\/2020\/12\/IKONIQ-hipoallerenic.png\" alt=\"IKON.iQ hypoallergenic\" width=\"80\" height=\"80\" srcset=\"https:\/\/www.meavia-mh.hr\/wp-content\/uploads\/2020\/12\/IKONIQ-hipoallerenic.png 239w, https:\/\/www.meavia-mh.hr\/wp-content\/uploads\/2020\/12\/IKONIQ-hipoallerenic-100x100.png 100w, https:\/\/www.meavia-mh.hr\/wp-content\/uploads\/2020\/12\/IKONIQ-hipoallerenic-150x150.png 150w\" sizes=\"(max-width: 80px) 100vw, 80px\" \/><\/p>","protected":false},"featured_media":28064,"comment_status":"closed","ping_status":"closed","template":"","meta":{"_uag_custom_page_level_css":"","site-sidebar-layout":"default","site-content-layout":null,"ast-site-content-layout":"default","site-content-style":"default","site-sidebar-style":"default","ast-global-header-display":"","ast-banner-title-visibility":"","ast-main-header-display":"","ast-hfb-above-header-display":"","ast-hfb-below-header-display":"","ast-hfb-mobile-header-display":"","site-post-title":"","ast-breadcrumbs-content":null,"ast-featured-img":"","footer-sml-layout":"","ast-disable-related-posts":"","theme-transparent-header-meta":"default","adv-header-id-meta":"","stick-header-meta":"default","header-above-stick-meta":"","header-main-stick-meta":"","header-below-stick-meta":"","astra-migrate-meta-layouts":"set","ast-page-background-enabled":"default","ast-page-background-meta":{"desktop":{"background-color":"var(--ast-global-color-4)","background-image":"","background-repeat":"repeat","background-position":"center center","background-size":"auto","background-attachment":"scroll","background-type":"","background-media":"","overlay-type":"","overlay-color":"","overlay-opacity":"","overlay-gradient":""},"tablet":{"background-color":"","background-image":"","background-repeat":"repeat","background-position":"center center","background-size":"auto","background-attachment":"scroll","background-type":"","background-media":"","overlay-type":"","overlay-color":"","overlay-opacity":"","overlay-gradient":""},"mobile":{"background-color":"","background-image":"","background-repeat":"repeat","background-position":"center center","background-size":"auto","background-attachment":"scroll","background-type":"","background-media":"","overlay-type":"","overlay-color":"","overlay-opacity":"","overlay-gradient":""}},"ast-content-background-meta":{"desktop":{"background-color":"var(--ast-global-color-5)","background-image":"","background-repeat":"repeat","background-position":"center center","background-size":"auto","background-attachment":"scroll","background-type":"","background-media":"","overlay-type":"","overlay-color":"","overlay-opacity":"","overlay-gradient":""},"tablet":{"background-color":"var(--ast-global-color-5)","background-image":"","background-repeat":"repeat","background-position":"center center","background-size":"auto","background-attachment":"scroll","background-type":"","background-media":"","overlay-type":"","overlay-color":"","overlay-opacity":"","overlay-gradient":""},"mobile":{"background-color":"var(--ast-global-color-5)","background-image":"","background-repeat":"repeat","background-position":"center center","background-size":"auto","background-attachment":"scroll","background-type":"","background-media":"","overlay-type":"","overlay-color":"","overlay-opacity":"","overlay-gradient":""}}},"product_brand":[604],"product_cat":[25,110],"product_tag":[194,195],"class_list":{"0":"post-28067","1":"product","2":"type-product","3":"status-publish","4":"has-post-thumbnail","6":"product_brand-ikon-iq","7":"product_cat-ikoniq","8":"product_cat-nail-art","9":"product_tag-glitter","10":"product_tag-nail-art","11":"desktop-align-left","12":"tablet-align-left","13":"mobile-align-left","14":"ast-product-gallery-layout-horizontal-slider","15":"ast-product-gallery-with-no-image","16":"ast-product-tabs-layout-horizontal","18":"first","19":"instock","20":"taxable","21":"shipping-taxable","22":"purchasable","23":"product-type-simple"},"yoast_head":"<!-- This site is optimized with the Yoast SEO plugin v27.3 - https:\/\/yoast.com\/product\/yoast-seo-wordpress\/ -->\n<title>IKON.iQ Magic Solid Chrome Pigments: Set 3 &#8902; Mea Via Beauty<\/title>\n<meta name=\"description\" content=\"IKON.iQ Magic Solid Chrome Pigments: Set 3 pigmenti za nail art &#8902; nail art &#8902; za zdrave i lijepe nokte &#8902; ukrasi za nokte &#8902; ukra\u0161avanje noktiju &#8902; nail design\" \/>\n<meta name=\"robots\" content=\"index, follow, max-snippet:-1, max-image-preview:large, max-video-preview:-1\" \/>\n<link rel=\"canonical\" href=\"https:\/\/www.meavia-mh.hr\/sl\/product\/ikon-iq-magic-solid-chrome-pigments-set-3\/\" \/>\n<meta property=\"og:locale\" content=\"sl_SI\" \/>\n<meta property=\"og:type\" content=\"article\" \/>\n<meta property=\"og:title\" content=\"IKON.iQ Magic Solid Chrome Pigments: Set 3 &#8902; Mea Via Beauty\" \/>\n<meta property=\"og:description\" content=\"IKON.iQ Magic Solid Chrome Pigments: Set 3 pigmenti za nail art &#8902; nail art &#8902; za zdrave i lijepe nokte &#8902; ukrasi za nokte &#8902; ukra\u0161avanje noktiju &#8902; nail design\" \/>\n<meta property=\"og:url\" content=\"https:\/\/www.meavia-mh.hr\/sl\/product\/ikon-iq-magic-solid-chrome-pigments-set-3\/\" \/>\n<meta property=\"og:site_name\" content=\"Mea Via Beauty\" \/>\n<meta property=\"article:publisher\" content=\"https:\/\/www.facebook.com\/MeaViaNailsWorld\" \/>\n<meta property=\"article:modified_time\" content=\"2026-01-24T07:57:18+00:00\" \/>\n<meta property=\"og:image\" content=\"https:\/\/www.meavia-mh.hr\/wp-content\/uploads\/2024\/04\/IKON.iQ-Magic-Solid-Chrome-Pigments-Set-3.jpg\" \/>\n\t<meta property=\"og:image:width\" content=\"1328\" \/>\n\t<meta property=\"og:image:height\" content=\"1308\" \/>\n\t<meta property=\"og:image:type\" content=\"image\/jpeg\" \/>\n<meta name=\"twitter:card\" content=\"summary_large_image\" \/>\n<meta name=\"twitter:label1\" content=\"Est. reading time\" \/>\n\t<meta name=\"twitter:data1\" content=\"2 minuti\" \/>\n<script type=\"application\/ld+json\" class=\"yoast-schema-graph\">{\"@context\":\"https:\\\/\\\/schema.org\",\"@graph\":[{\"@type\":\"WebPage\",\"@id\":\"https:\\\/\\\/www.meavia-mh.hr\\\/product\\\/ikon-iq-magic-solid-chrome-pigments-set-3\\\/\",\"url\":\"https:\\\/\\\/www.meavia-mh.hr\\\/product\\\/ikon-iq-magic-solid-chrome-pigments-set-3\\\/\",\"name\":\"IKON.iQ Magic Solid Chrome Pigments: Set 3 &#8902; Mea Via Beauty\",\"isPartOf\":{\"@id\":\"https:\\\/\\\/meavia-mh.hr\\\/sl\\\/#website\"},\"primaryImageOfPage\":{\"@id\":\"https:\\\/\\\/www.meavia-mh.hr\\\/product\\\/ikon-iq-magic-solid-chrome-pigments-set-3\\\/#primaryimage\"},\"image\":{\"@id\":\"https:\\\/\\\/www.meavia-mh.hr\\\/product\\\/ikon-iq-magic-solid-chrome-pigments-set-3\\\/#primaryimage\"},\"thumbnailUrl\":\"https:\\\/\\\/www.meavia-mh.hr\\\/wp-content\\\/uploads\\\/2024\\\/04\\\/IKON.iQ-Magic-Solid-Chrome-Pigments-Set-3.jpg\",\"datePublished\":\"2024-04-01T14:09:04+00:00\",\"dateModified\":\"2026-01-24T07:57:18+00:00\",\"description\":\"IKON.iQ Magic Solid Chrome Pigments: Set 3 pigmenti za nail art &#8902; nail art &#8902; za zdrave i lijepe nokte &#8902; ukrasi za nokte &#8902; ukra\u0161avanje noktiju &#8902; nail design\",\"breadcrumb\":{\"@id\":\"https:\\\/\\\/www.meavia-mh.hr\\\/product\\\/ikon-iq-magic-solid-chrome-pigments-set-3\\\/#breadcrumb\"},\"inLanguage\":\"sl-SI\",\"potentialAction\":[{\"@type\":\"ReadAction\",\"target\":[\"https:\\\/\\\/www.meavia-mh.hr\\\/product\\\/ikon-iq-magic-solid-chrome-pigments-set-3\\\/\"]}]},{\"@type\":\"ImageObject\",\"inLanguage\":\"sl-SI\",\"@id\":\"https:\\\/\\\/www.meavia-mh.hr\\\/product\\\/ikon-iq-magic-solid-chrome-pigments-set-3\\\/#primaryimage\",\"url\":\"https:\\\/\\\/www.meavia-mh.hr\\\/wp-content\\\/uploads\\\/2024\\\/04\\\/IKON.iQ-Magic-Solid-Chrome-Pigments-Set-3.jpg\",\"contentUrl\":\"https:\\\/\\\/www.meavia-mh.hr\\\/wp-content\\\/uploads\\\/2024\\\/04\\\/IKON.iQ-Magic-Solid-Chrome-Pigments-Set-3.jpg\",\"width\":1328,\"height\":1308,\"caption\":\"IKON.iQ Magic Solid Chrome Pigments: Set 3\"},{\"@type\":\"BreadcrumbList\",\"@id\":\"https:\\\/\\\/www.meavia-mh.hr\\\/product\\\/ikon-iq-magic-solid-chrome-pigments-set-3\\\/#breadcrumb\",\"itemListElement\":[{\"@type\":\"ListItem\",\"position\":1,\"name\":\"Po\u010detna stranica\",\"item\":\"https:\\\/\\\/www.meavia-mh.hr\\\/\"},{\"@type\":\"ListItem\",\"position\":2,\"name\":\"Trgovina\",\"item\":\"https:\\\/\\\/meavia-mh.hr\\\/sl\\\/store\\\/\"},{\"@type\":\"ListItem\",\"position\":3,\"name\":\"IKON.iQ Magic Solid Chrome Pigments: Set 3\"}]},{\"@type\":\"WebSite\",\"@id\":\"https:\\\/\\\/meavia-mh.hr\\\/sl\\\/#website\",\"url\":\"https:\\\/\\\/meavia-mh.hr\\\/sl\\\/\",\"name\":\"Mea Via Beauty\",\"description\":\"Only The Best For Your Beauty\",\"publisher\":{\"@id\":\"https:\\\/\\\/meavia-mh.hr\\\/sl\\\/#organization\"},\"alternateName\":\"Mea Via Nails\",\"potentialAction\":[{\"@type\":\"SearchAction\",\"target\":{\"@type\":\"EntryPoint\",\"urlTemplate\":\"https:\\\/\\\/meavia-mh.hr\\\/sl\\\/?s={search_term_string}\"},\"query-input\":{\"@type\":\"PropertyValueSpecification\",\"valueRequired\":true,\"valueName\":\"search_term_string\"}}],\"inLanguage\":\"sl-SI\"},{\"@type\":\"Organization\",\"@id\":\"https:\\\/\\\/meavia-mh.hr\\\/sl\\\/#organization\",\"name\":\"Mea Via Nails World\",\"alternateName\":\"Mea Via\",\"url\":\"https:\\\/\\\/meavia-mh.hr\\\/sl\\\/\",\"logo\":{\"@type\":\"ImageObject\",\"inLanguage\":\"sl-SI\",\"@id\":\"https:\\\/\\\/meavia-mh.hr\\\/sl\\\/#\\\/schema\\\/logo\\\/image\\\/\",\"url\":\"https:\\\/\\\/www.meavia-mh.hr\\\/wp-content\\\/uploads\\\/2020\\\/12\\\/Mea-Via.png\",\"contentUrl\":\"https:\\\/\\\/www.meavia-mh.hr\\\/wp-content\\\/uploads\\\/2020\\\/12\\\/Mea-Via.png\",\"width\":1181,\"height\":393,\"caption\":\"Mea Via Nails World\"},\"image\":{\"@id\":\"https:\\\/\\\/meavia-mh.hr\\\/sl\\\/#\\\/schema\\\/logo\\\/image\\\/\"},\"sameAs\":[\"https:\\\/\\\/www.facebook.com\\\/MeaViaNailsWorld\",\"https:\\\/\\\/www.instagram.com\\\/mea_via_nails_world\\\/\",\"https:\\\/\\\/www.youtube.com\\\/channel\\\/UCECk0hpRWP6TN-EfA4ER96g\\\/featured\"]}]}<\/script>\n<!-- \/ Yoast SEO plugin. -->","yoast_head_json":{"title":"IKON.iQ Magic Solid Chrome Pigments: Set 3 \u22c6 Mea Via Beauty","description":"IKON.iQ Magic Solid Chrome Pigments: Komplet 3 pigmentov za poslikavo nohtov \u22c6 poslikava nohtov \u22c6 za zdrave in lepe nohte \u22c6 okraski za nohte \u22c6 okraski za nohte \u22c6 oblikovanje nohtov","robots":{"index":"index","follow":"follow","max-snippet":"max-snippet:-1","max-image-preview":"max-image-preview:large","max-video-preview":"max-video-preview:-1"},"canonical":"https:\/\/www.meavia-mh.hr\/sl\/product\/ikon-iq-magic-solid-chrome-pigments-set-3\/","og_locale":"sl_SI","og_type":"article","og_title":"IKON.iQ Magic Solid Chrome Pigments: Set 3 &#8902; Mea Via Beauty","og_description":"IKON.iQ Magic Solid Chrome Pigments: Set 3 pigmenti za nail art &#8902; nail art &#8902; za zdrave i lijepe nokte &#8902; ukrasi za nokte &#8902; ukra\u0161avanje noktiju &#8902; nail design","og_url":"https:\/\/www.meavia-mh.hr\/sl\/product\/ikon-iq-magic-solid-chrome-pigments-set-3\/","og_site_name":"Mea Via Beauty","article_publisher":"https:\/\/www.facebook.com\/MeaViaNailsWorld","article_modified_time":"2026-01-24T07:57:18+00:00","og_image":[{"width":1328,"height":1308,"url":"https:\/\/www.meavia-mh.hr\/wp-content\/uploads\/2024\/04\/IKON.iQ-Magic-Solid-Chrome-Pigments-Set-3.jpg","type":"image\/jpeg"}],"twitter_card":"summary_large_image","twitter_misc":{"Est. reading time":"2 minuti"},"schema":{"@context":"https:\/\/schema.org","@graph":[{"@type":"WebPage","@id":"https:\/\/www.meavia-mh.hr\/product\/ikon-iq-magic-solid-chrome-pigments-set-3\/","url":"https:\/\/www.meavia-mh.hr\/product\/ikon-iq-magic-solid-chrome-pigments-set-3\/","name":"IKON.iQ Magic Solid Chrome Pigments: Set 3 \u22c6 Mea Via Beauty","isPartOf":{"@id":"https:\/\/meavia-mh.hr\/sl\/#website"},"primaryImageOfPage":{"@id":"https:\/\/www.meavia-mh.hr\/product\/ikon-iq-magic-solid-chrome-pigments-set-3\/#primaryimage"},"image":{"@id":"https:\/\/www.meavia-mh.hr\/product\/ikon-iq-magic-solid-chrome-pigments-set-3\/#primaryimage"},"thumbnailUrl":"https:\/\/www.meavia-mh.hr\/wp-content\/uploads\/2024\/04\/IKON.iQ-Magic-Solid-Chrome-Pigments-Set-3.jpg","datePublished":"2024-04-01T14:09:04+00:00","dateModified":"2026-01-24T07:57:18+00:00","description":"IKON.iQ Magic Solid Chrome Pigments: Komplet 3 pigmentov za poslikavo nohtov \u22c6 poslikava nohtov \u22c6 za zdrave in lepe nohte \u22c6 okraski za nohte \u22c6 okraski za nohte \u22c6 oblikovanje nohtov","breadcrumb":{"@id":"https:\/\/www.meavia-mh.hr\/product\/ikon-iq-magic-solid-chrome-pigments-set-3\/#breadcrumb"},"inLanguage":"sl-SI","potentialAction":[{"@type":"ReadAction","target":["https:\/\/www.meavia-mh.hr\/product\/ikon-iq-magic-solid-chrome-pigments-set-3\/"]}]},{"@type":"ImageObject","inLanguage":"sl-SI","@id":"https:\/\/www.meavia-mh.hr\/product\/ikon-iq-magic-solid-chrome-pigments-set-3\/#primaryimage","url":"https:\/\/www.meavia-mh.hr\/wp-content\/uploads\/2024\/04\/IKON.iQ-Magic-Solid-Chrome-Pigments-Set-3.jpg","contentUrl":"https:\/\/www.meavia-mh.hr\/wp-content\/uploads\/2024\/04\/IKON.iQ-Magic-Solid-Chrome-Pigments-Set-3.jpg","width":1328,"height":1308,"caption":"IKON.iQ Magic Solid Chrome Pigments: Set 3"},{"@type":"BreadcrumbList","@id":"https:\/\/www.meavia-mh.hr\/product\/ikon-iq-magic-solid-chrome-pigments-set-3\/#breadcrumb","itemListElement":[{"@type":"ListItem","position":1,"name":"Po\u010detna stranica","item":"https:\/\/www.meavia-mh.hr\/"},{"@type":"ListItem","position":2,"name":"Trgovina","item":"https:\/\/meavia-mh.hr\/sl\/store\/"},{"@type":"ListItem","position":3,"name":"IKON.iQ Magic Solid Chrome Pigments: Set 3"}]},{"@type":"WebSite","@id":"https:\/\/meavia-mh.hr\/sl\/#website","url":"https:\/\/meavia-mh.hr\/sl\/","name":"MEA VIA BEAUTY","description":"Only The Best For Your Beauty","publisher":{"@id":"https:\/\/meavia-mh.hr\/sl\/#organization"},"alternateName":"Mea Via Nails","potentialAction":[{"@type":"SearchAction","target":{"@type":"EntryPoint","urlTemplate":"https:\/\/meavia-mh.hr\/sl\/?s={search_term_string}"},"query-input":{"@type":"PropertyValueSpecification","valueRequired":true,"valueName":"search_term_string"}}],"inLanguage":"sl-SI"},{"@type":"Organization","@id":"https:\/\/meavia-mh.hr\/sl\/#organization","name":"Mea Via Nails World","alternateName":"Mea Via","url":"https:\/\/meavia-mh.hr\/sl\/","logo":{"@type":"ImageObject","inLanguage":"sl-SI","@id":"https:\/\/meavia-mh.hr\/sl\/#\/schema\/logo\/image\/","url":"https:\/\/www.meavia-mh.hr\/wp-content\/uploads\/2020\/12\/Mea-Via.png","contentUrl":"https:\/\/www.meavia-mh.hr\/wp-content\/uploads\/2020\/12\/Mea-Via.png","width":1181,"height":393,"caption":"Mea Via Nails World"},"image":{"@id":"https:\/\/meavia-mh.hr\/sl\/#\/schema\/logo\/image\/"},"sameAs":["https:\/\/www.facebook.com\/MeaViaNailsWorld","https:\/\/www.instagram.com\/mea_via_nails_world\/","https:\/\/www.youtube.com\/channel\/UCECk0hpRWP6TN-EfA4ER96g\/featured"]}]}},"spectra_custom_meta":{"_sku":["D17017"],"_regular_price":["13.99"],"total_sales":["3"],"_tax_status":["taxable"],"_tax_class":[""],"_manage_stock":["yes"],"_backorders":["no"],"_sold_individually":["no"],"_virtual":["no"],"_downloadable":["no"],"_download_limit":["-1"],"_download_expiry":["-1"],"_thumbnail_id":["28064"],"_stock":["2.000000"],"_stock_status":["instock"],"_wc_average_rating":["0"],"_wc_review_count":["0"],"_product_version":["10.4.3"],"_price":["13.99"],"_wp_page_template":["default"],"_yoast_wpseo_focuskw":["Chrome Pigments"],"_yoast_wpseo_metadesc":["%%title%% pigmenti za nail art %%sep%% nail art %%sep%% za zdrave i lijepe nokte %%sep%% ukrasi za nokte %%sep%% ukra\u0161avanje noktiju %%sep%% nail design"],"_yoast_wpseo_linkdex":["63"],"_yoast_wpseo_content_score":["90"],"_yoast_wpseo_primary_product_cat":["110"],"site-sidebar-layout":["default"],"site-content-layout":[null],"theme-transparent-header-meta":["default"],"stick-header-meta":["default"],"_woocs_regular_price_EUR":["3.85"],"_woocs_sale_price_EUR":["-1"],"_woocs_price_geo_countries":[""],"_woocs_regular_price_geo":[""],"_woocs_sale_price_geo":[""],"_yoast_wpseo_estimated-reading-time-minutes":["2"],"_yoast_wpseo_wordproof_timestamp":[""],"_lowest_price_30_days":["3.85"],"cartflows_redirect_flow_id":[""],"cartflows_add_to_cart_text":[""],"_yoast_wpseo_primary_fb_product_set":[""],"_oembed_8d97fd57fbedef781474b32cbab9fefc":["<iframe title=\"IKON.iQ Magic Solid Chrome Pigments - Mea Via Nails Wolrd\" width=\"500\" height=\"281\" src=\"https:\/\/www.youtube.com\/embed\/TL3MzBak1uQ?feature=oembed\" frameborder=\"0\" allow=\"accelerometer; autoplay; clipboard-write; encrypted-media; gyroscope; picture-in-picture; web-share\" allowfullscreen><\/iframe>"],"_oembed_time_8d97fd57fbedef781474b32cbab9fefc":["1694035685"],"_oembed_ad79898c7f6477e01ca36f052cc8b657":["<iframe title=\"IKON.iQ Magic Solid Chrome Pigments - Mea Via Nails Wolrd\" width=\"872\" height=\"491\" src=\"https:\/\/www.youtube.com\/embed\/TL3MzBak1uQ?feature=oembed\" frameborder=\"0\" allow=\"accelerometer; autoplay; clipboard-write; encrypted-media; gyroscope; picture-in-picture; web-share\" allowfullscreen><\/iframe>"],"_oembed_time_ad79898c7f6477e01ca36f052cc8b657":["1694035686"],"ast-site-content-layout":["default"],"site-content-style":["default"],"site-sidebar-style":["default"],"_oembed_66b333fe51182aacfebc4ffc5ea0e713":["<iframe title=\"IKON.iQ Magic Solid Chrome Pigments - Mea Via Nails Wolrd\" width=\"922\" height=\"519\" src=\"https:\/\/www.youtube.com\/embed\/TL3MzBak1uQ?feature=oembed\" frameborder=\"0\" allow=\"accelerometer; autoplay; clipboard-write; encrypted-media; gyroscope; picture-in-picture; web-share\" allowfullscreen><\/iframe>"],"_oembed_time_66b333fe51182aacfebc4ffc5ea0e713":["1694035762"],"_oembed_7c45e17519df152026da568896d8fa88":["<iframe title=\"IKON.iQ Magic Solid Chrome Pigments - Mea Via Nails Wolrd\" width=\"1200\" height=\"675\" src=\"https:\/\/www.youtube.com\/embed\/TL3MzBak1uQ?feature=oembed\" frameborder=\"0\" allow=\"accelerometer; autoplay; clipboard-write; encrypted-media; gyroscope; picture-in-picture; web-share\" allowfullscreen><\/iframe>"],"_oembed_time_7c45e17519df152026da568896d8fa88":["1694037284"],"_oembed_059215ec3b03d1199b8f6e0c44d05383":["<iframe title=\"IKON.iQ Magic Solid Chrome Pigments: Set 2 - Mea Via Nails Wolrd\" width=\"500\" height=\"281\" src=\"https:\/\/www.youtube.com\/embed\/4UBGYBnekZs?feature=oembed&enablejsapi=1&origin=https:\/\/www.meavia-mh.hr\" frameborder=\"0\" allow=\"accelerometer; autoplay; clipboard-write; encrypted-media; gyroscope; picture-in-picture; web-share\" referrerpolicy=\"strict-origin-when-cross-origin\" allowfullscreen><\/iframe>"],"_oembed_time_059215ec3b03d1199b8f6e0c44d05383":["1711980272"],"_oembed_ec9d79f8d3d90dbc30c0887b76fda7e7":["<iframe title=\"IKON.iQ Magic Solid Chrome Pigments: Set 2 - Mea Via Nails Wolrd\" width=\"872\" height=\"491\" src=\"https:\/\/www.youtube.com\/embed\/4UBGYBnekZs?feature=oembed&enablejsapi=1&origin=https:\/\/www.meavia-mh.hr\" frameborder=\"0\" allow=\"accelerometer; autoplay; clipboard-write; encrypted-media; gyroscope; picture-in-picture; web-share\" referrerpolicy=\"strict-origin-when-cross-origin\" allowfullscreen><\/iframe>"],"_oembed_time_ec9d79f8d3d90dbc30c0887b76fda7e7":["1711980274"],"_oembed_12d27c62fa0013594f2a6d66331aaffd":["<iframe title=\"IKON.iQ Magic Solid Chrome Pigments: Set 2 - Mea Via Nails Wolrd\" width=\"922\" height=\"519\" src=\"https:\/\/www.youtube.com\/embed\/4UBGYBnekZs?feature=oembed&enablejsapi=1&origin=https:\/\/www.meavia-mh.hr\" frameborder=\"0\" allow=\"accelerometer; autoplay; clipboard-write; encrypted-media; gyroscope; picture-in-picture; web-share\" referrerpolicy=\"strict-origin-when-cross-origin\" allowfullscreen><\/iframe>"],"_oembed_time_12d27c62fa0013594f2a6d66331aaffd":["1711980527"],"_edit_lock":["1721232938:1239"],"_edit_last":["1239"],"astra-migrate-meta-layouts":["set"],"_oembed_88b7bbf2b109960d335792759561d7e8":["<iframe title=\"IKON.iQ Magic Solid Chrome Pigments: Set 2 - Mea Via Nails Wolrd\" width=\"1200\" height=\"675\" src=\"https:\/\/www.youtube.com\/embed\/4UBGYBnekZs?feature=oembed\" frameborder=\"0\" allow=\"accelerometer; autoplay; clipboard-write; encrypted-media; gyroscope; picture-in-picture; web-share\" referrerpolicy=\"strict-origin-when-cross-origin\" allowfullscreen><\/iframe>"],"_oembed_time_88b7bbf2b109960d335792759561d7e8":["1711980910"],"_oembed_6f48c74506a818467e7f7e898c2b7f17":["<iframe title=\"IKON.iQ Magic Solid Chrome Pigments: Set 2 - Mea Via Nails Wolrd\" width=\"500\" height=\"281\" src=\"https:\/\/www.youtube.com\/embed\/4UBGYBnekZs?feature=oembed\" frameborder=\"0\" allow=\"accelerometer; autoplay; clipboard-write; encrypted-media; gyroscope; picture-in-picture; web-share\" referrerpolicy=\"strict-origin-when-cross-origin\" allowfullscreen><\/iframe>"],"_oembed_time_6f48c74506a818467e7f7e898c2b7f17":["1712172876"],"uag_migration_processed":["1"],"ast-above-header-display":[null],"ast-below-header-display":[null],"footer-adv-display":[null],"adv-header-id-meta":[""],"ast-breadcrumbs-content":[null],"_elementor_page_assets":["a:0:{}"],"_uag_page_assets":["a:9:{s:3:\"css\";s:0:\"\";s:2:\"js\";s:0:\"\";s:18:\"current_block_list\";a:3:{i:0;s:11:\"core\/search\";i:1;s:18:\"core\/legacy-widget\";i:2;s:27:\"woocommerce\/product-filters\";}s:8:\"uag_flag\";b:0;s:11:\"uag_version\";s:10:\"1775837063\";s:6:\"gfonts\";a:0:{}s:10:\"gfonts_url\";s:0:\"\";s:12:\"gfonts_files\";a:0:{}s:14:\"uag_faq_layout\";b:0;}"]},"uagb_featured_image_src":{"full":["https:\/\/www.meavia-mh.hr\/wp-content\/uploads\/2024\/04\/IKON.iQ-Magic-Solid-Chrome-Pigments-Set-3.jpg",1328,1308,false],"thumbnail":["https:\/\/www.meavia-mh.hr\/wp-content\/uploads\/2024\/04\/IKON.iQ-Magic-Solid-Chrome-Pigments-Set-3-150x150.jpg",150,150,true],"medium":["https:\/\/www.meavia-mh.hr\/wp-content\/uploads\/2024\/04\/IKON.iQ-Magic-Solid-Chrome-Pigments-Set-3-300x295.jpg",300,295,true],"medium_large":["https:\/\/www.meavia-mh.hr\/wp-content\/uploads\/2024\/04\/IKON.iQ-Magic-Solid-Chrome-Pigments-Set-3-768x756.jpg",768,756,true],"large":["https:\/\/www.meavia-mh.hr\/wp-content\/uploads\/2024\/04\/IKON.iQ-Magic-Solid-Chrome-Pigments-Set-3-1024x1009.jpg",1024,1009,true],"1536x1536":["https:\/\/www.meavia-mh.hr\/wp-content\/uploads\/2024\/04\/IKON.iQ-Magic-Solid-Chrome-Pigments-Set-3.jpg",1328,1308,false],"2048x2048":["https:\/\/www.meavia-mh.hr\/wp-content\/uploads\/2024\/04\/IKON.iQ-Magic-Solid-Chrome-Pigments-Set-3.jpg",1328,1308,false],"trp-custom-language-flag":["https:\/\/www.meavia-mh.hr\/wp-content\/uploads\/2024\/04\/IKON.iQ-Magic-Solid-Chrome-Pigments-Set-3-12x12.jpg",12,12,true],"woocommerce_thumbnail":["https:\/\/www.meavia-mh.hr\/wp-content\/uploads\/2024\/04\/IKON.iQ-Magic-Solid-Chrome-Pigments-Set-3-300x300.jpg",300,300,true],"woocommerce_single":["https:\/\/www.meavia-mh.hr\/wp-content\/uploads\/2024\/04\/IKON.iQ-Magic-Solid-Chrome-Pigments-Set-3-600x591.jpg",600,591,true],"woocommerce_gallery_thumbnail":["https:\/\/www.meavia-mh.hr\/wp-content\/uploads\/2024\/04\/IKON.iQ-Magic-Solid-Chrome-Pigments-Set-3-100x100.jpg",100,100,true]},"uagb_author_info":{"display_name":"Zla Gol","author_link":"https:\/\/www.meavia-mh.hr\/sl\/author\/"},"uagb_comment_info":0,"uagb_excerpt":null,"_links":{"self":[{"href":"https:\/\/www.meavia-mh.hr\/sl\/wp-json\/wp\/v2\/product\/28067","targetHints":{"allow":["GET"]}}],"collection":[{"href":"https:\/\/www.meavia-mh.hr\/sl\/wp-json\/wp\/v2\/product"}],"about":[{"href":"https:\/\/www.meavia-mh.hr\/sl\/wp-json\/wp\/v2\/types\/product"}],"replies":[{"embeddable":true,"href":"https:\/\/www.meavia-mh.hr\/sl\/wp-json\/wp\/v2\/comments?post=28067"}],"version-history":[{"count":1,"href":"https:\/\/www.meavia-mh.hr\/sl\/wp-json\/wp\/v2\/product\/28067\/revisions"}],"predecessor-version":[{"id":28068,"href":"https:\/\/www.meavia-mh.hr\/sl\/wp-json\/wp\/v2\/product\/28067\/revisions\/28068"}],"wp:featuredmedia":[{"embeddable":true,"href":"https:\/\/www.meavia-mh.hr\/sl\/wp-json\/wp\/v2\/media\/28064"}],"wp:attachment":[{"href":"https:\/\/www.meavia-mh.hr\/sl\/wp-json\/wp\/v2\/media?parent=28067"}],"wp:term":[{"taxonomy":"product_brand","embeddable":true,"href":"https:\/\/www.meavia-mh.hr\/sl\/wp-json\/wp\/v2\/product_brand?post=28067"},{"taxonomy":"product_cat","embeddable":true,"href":"https:\/\/www.meavia-mh.hr\/sl\/wp-json\/wp\/v2\/product_cat?post=28067"},{"taxonomy":"product_tag","embeddable":true,"href":"https:\/\/www.meavia-mh.hr\/sl\/wp-json\/wp\/v2\/product_tag?post=28067"}],"curies":[{"name":"delovni list","href":"https:\/\/api.w.org\/{rel}","templated":true}]}}