{"id":27984,"date":"2024-03-27T17:52:33","date_gmt":"2024-03-27T17:52:33","guid":{"rendered":"https:\/\/www.meavia-mh.hr\/?post_type=product&#038;p=27984"},"modified":"2026-01-24T08:56:08","modified_gmt":"2026-01-24T07:56:08","slug":"jastuk-za-naslon-ruke-pink-2","status":"publish","type":"product","link":"https:\/\/www.meavia-mh.hr\/sl\/product\/jastuk-za-naslon-ruke-pink-2\/","title":{"rendered":"Vzglavnik za roke Pink"},"content":{"rendered":"<p>Ro\u017enata blazina za naslon za roke bo va\u0161im strankam pomagala, da bodo njihove roke med manikuro ali pedikuro ostale spro\u0161\u010dene.<\/p>\n<h2><strong>Visoko udobje med storitvijo manikure<\/strong><\/h2>\n<p><strong><span class=\"\">Blazina za manikuro<\/span><\/strong><span class=\"\"> strankam zagotavlja udobje in olaj\u0161a delo stilista. <\/span><span class=\"\">Slu\u017ei kot opora va\u0161i roki pri manikuri, <\/span><strong><span class=\"\">pomaga ohranjati udoben polo\u017eaj med zdravljenjem<\/span><\/strong><span class=\"\">, razbremeni va\u0161e roke in <\/span><strong><span class=\"\">zelo olaj\u0161a oblikovanje<\/span><\/strong><span class=\"\">. <\/span>Polnilo s trdno peno, odporno na deformacije, zagotavlja trajnost izdelka.<\/p>\n<h2><strong>Funkcionalen, eleganten naslon za roke<\/strong><\/h2>\n<p><strong>Eleganten ovitek v srebrnih odtenkih<\/strong> narejena je iz <strong>sijo\u010d sinteti\u010dni material<\/strong> in okra\u0161ena <strong>\u0161ivana srca<\/strong>. Material je odporen <strong>do vlage<\/strong> in ne zadr\u017euje umazanije. <strong>P<\/strong><strong><strong>rasina<\/strong>\u00a0ki nastane pri obdelavi in piljenju nohtov, se ne prime materiala<\/strong>. Ohranjanje \u010distega je izredno enostavno \u2013 med obdelavo ga samo obri\u0161ite z gobo ali krpo. <strong><span class=\"\">Zapenja se z zadrgo<\/span><\/strong><span class=\"\">, tako da ga je po potrebi mogo\u010de enostavno odstraniti za zamenjavo ali temeljitej\u0161e \u010di\u0161\u010denje.<\/span><\/p>\n<ul>\n<li>Material: eko usnje<\/li>\n<li>Barva: roza<\/li>\n<li>Pakiranje: 1 kos<\/li>\n<li>Dimenzije: 30 x 13 x 6 cm<\/li>\n<\/ul>\n<p>Cena se nana\u0161a na prodajo preko interneta. Fotografija izdelka morda ne bo v celoti ustrezala dejanskemu izgledu in vsebini izdelka. V primeru tehni\u010dnih napak Mea Via ne prevzema odgovornosti za to\u010dnost prikazanih cen in fotografij.\u00a0<em>Upo\u0161tevajte, da se po najbolj\u0161ih mo\u010deh trudimo zagotoviti, da slika, predstavljena na spletnem mestu, najbolje odra\u017ea dejanske barve na\u0161ih izdelkov. Dejavniki, ki jih med brskanjem ne moremo nadzorovati, kot so osvetlitev, vrsta uporabljene elektronske opreme, nastavitve zaslona ali grafi\u010dna kartica - vplivajo na sprejem\/interpretacijo gledane slike.<\/em><\/p>","protected":false},"excerpt":{"rendered":"<p>Jastuk za naslon ruke Pink pomo\u0107i \u0107e va\u0161im klijentima da opu\u0161eno dr\u017ee ruku prilikom tretmana manikure ili pedikure. Visoka udobnost tijekom usluge manikure Jastuk za manikuru kupcima pru\u017ea udobnost, a stilistu olak\u0161ava posao. Slu\u017ei kao potpora va\u0161oj ruci tijekom izvo\u0111enja manikure, poma\u017ee u odr\u017eavanju udobnog polo\u017eaja tijekom tretmana, rastere\u0107uje va\u0161e ruke i znatno olak\u0161ava stiliziranje. [&hellip;]<\/p>\n","protected":false},"featured_media":27987,"comment_status":"closed","ping_status":"closed","template":"","meta":{"_uag_custom_page_level_css":"","site-sidebar-layout":"default","site-content-layout":null,"ast-site-content-layout":"default","site-content-style":"default","site-sidebar-style":"default","ast-global-header-display":"","ast-banner-title-visibility":"","ast-main-header-display":"","ast-hfb-above-header-display":"","ast-hfb-below-header-display":"","ast-hfb-mobile-header-display":"","site-post-title":"","ast-breadcrumbs-content":null,"ast-featured-img":"","footer-sml-layout":"","ast-disable-related-posts":"","theme-transparent-header-meta":"default","adv-header-id-meta":"","stick-header-meta":"default","header-above-stick-meta":"","header-main-stick-meta":"","header-below-stick-meta":"","astra-migrate-meta-layouts":"set","ast-page-background-enabled":"default","ast-page-background-meta":{"desktop":{"background-color":"var(--ast-global-color-4)","background-image":"","background-repeat":"repeat","background-position":"center center","background-size":"auto","background-attachment":"scroll","background-type":"","background-media":"","overlay-type":"","overlay-color":"","overlay-opacity":"","overlay-gradient":""},"tablet":{"background-color":"","background-image":"","background-repeat":"repeat","background-position":"center center","background-size":"auto","background-attachment":"scroll","background-type":"","background-media":"","overlay-type":"","overlay-color":"","overlay-opacity":"","overlay-gradient":""},"mobile":{"background-color":"","background-image":"","background-repeat":"repeat","background-position":"center center","background-size":"auto","background-attachment":"scroll","background-type":"","background-media":"","overlay-type":"","overlay-color":"","overlay-opacity":"","overlay-gradient":""}},"ast-content-background-meta":{"desktop":{"background-color":"var(--ast-global-color-5)","background-image":"","background-repeat":"repeat","background-position":"center center","background-size":"auto","background-attachment":"scroll","background-type":"","background-media":"","overlay-type":"","overlay-color":"","overlay-opacity":"","overlay-gradient":""},"tablet":{"background-color":"var(--ast-global-color-5)","background-image":"","background-repeat":"repeat","background-position":"center center","background-size":"auto","background-attachment":"scroll","background-type":"","background-media":"","overlay-type":"","overlay-color":"","overlay-opacity":"","overlay-gradient":""},"mobile":{"background-color":"var(--ast-global-color-5)","background-image":"","background-repeat":"repeat","background-position":"center center","background-size":"auto","background-attachment":"scroll","background-type":"","background-media":"","overlay-type":"","overlay-color":"","overlay-opacity":"","overlay-gradient":""}}},"product_brand":[],"product_cat":[24],"product_tag":[308,309],"class_list":{"0":"post-27984","1":"product","2":"type-product","3":"status-publish","4":"has-post-thumbnail","6":"product_cat-dodaci","7":"product_tag-jastuk","8":"product_tag-naslon-za-ruku","9":"desktop-align-left","10":"tablet-align-left","11":"mobile-align-left","12":"ast-product-gallery-layout-horizontal-slider","13":"ast-product-tabs-layout-horizontal","15":"first","16":"instock","17":"taxable","18":"shipping-taxable","19":"purchasable","20":"product-type-simple"},"yoast_head":"<!-- This site is optimized with the Yoast SEO plugin v27.4 - https:\/\/yoast.com\/product\/yoast-seo-wordpress\/ -->\n<title>Jastuk za naslon ruke Pink &#8902; Mea Via Beauty<\/title>\n<meta name=\"description\" content=\"Jastuk za naslon ruke Pink &#8902; oslonac prilikom tretmana manikure i pedikure &#8902; poma\u017ee klijentima da dr\u017ee ruku opu\u0161tenom\" \/>\n<meta name=\"robots\" content=\"index, follow, max-snippet:-1, max-image-preview:large, max-video-preview:-1\" \/>\n<link rel=\"canonical\" href=\"https:\/\/www.meavia-mh.hr\/sl\/product\/jastuk-za-naslon-ruke-pink-2\/\" \/>\n<meta property=\"og:locale\" content=\"sl_SI\" \/>\n<meta property=\"og:type\" content=\"article\" \/>\n<meta property=\"og:title\" content=\"Jastuk za naslon ruke Pink &#8902; Mea Via Beauty\" \/>\n<meta property=\"og:description\" content=\"Jastuk za naslon ruke Pink &#8902; oslonac prilikom tretmana manikure i pedikure &#8902; poma\u017ee klijentima da dr\u017ee ruku opu\u0161tenom\" \/>\n<meta property=\"og:url\" content=\"https:\/\/www.meavia-mh.hr\/sl\/product\/jastuk-za-naslon-ruke-pink-2\/\" \/>\n<meta property=\"og:site_name\" content=\"Mea Via Beauty\" \/>\n<meta property=\"article:publisher\" content=\"https:\/\/www.facebook.com\/MeaViaNailsWorld\" \/>\n<meta property=\"article:modified_time\" content=\"2026-01-24T07:56:08+00:00\" \/>\n<meta property=\"og:image\" content=\"https:\/\/www.meavia-mh.hr\/wp-content\/uploads\/2024\/03\/Jastuk-za-naslon-ruke-Pink-2.jpg\" \/>\n\t<meta property=\"og:image:width\" content=\"1342\" \/>\n\t<meta property=\"og:image:height\" content=\"1344\" \/>\n\t<meta property=\"og:image:type\" content=\"image\/jpeg\" \/>\n<meta name=\"twitter:card\" content=\"summary_large_image\" \/>\n<meta name=\"twitter:label1\" content=\"Est. reading time\" \/>\n\t<meta name=\"twitter:data1\" content=\"2 minuti\" \/>\n<script type=\"application\/ld+json\" class=\"yoast-schema-graph\">{\"@context\":\"https:\\\/\\\/schema.org\",\"@graph\":[{\"@type\":\"WebPage\",\"@id\":\"https:\\\/\\\/www.meavia-mh.hr\\\/product\\\/jastuk-za-naslon-ruke-pink-2\\\/\",\"url\":\"https:\\\/\\\/www.meavia-mh.hr\\\/product\\\/jastuk-za-naslon-ruke-pink-2\\\/\",\"name\":\"Jastuk za naslon ruke Pink &#8902; Mea Via Beauty\",\"isPartOf\":{\"@id\":\"https:\\\/\\\/meavia-mh.hr\\\/sl\\\/#website\"},\"primaryImageOfPage\":{\"@id\":\"https:\\\/\\\/www.meavia-mh.hr\\\/product\\\/jastuk-za-naslon-ruke-pink-2\\\/#primaryimage\"},\"image\":{\"@id\":\"https:\\\/\\\/www.meavia-mh.hr\\\/product\\\/jastuk-za-naslon-ruke-pink-2\\\/#primaryimage\"},\"thumbnailUrl\":\"https:\\\/\\\/www.meavia-mh.hr\\\/wp-content\\\/uploads\\\/2024\\\/03\\\/Jastuk-za-naslon-ruke-Pink-2.jpg\",\"datePublished\":\"2024-03-27T17:52:33+00:00\",\"dateModified\":\"2026-01-24T07:56:08+00:00\",\"description\":\"Jastuk za naslon ruke Pink &#8902; oslonac prilikom tretmana manikure i pedikure &#8902; poma\u017ee klijentima da dr\u017ee ruku opu\u0161tenom\",\"breadcrumb\":{\"@id\":\"https:\\\/\\\/www.meavia-mh.hr\\\/product\\\/jastuk-za-naslon-ruke-pink-2\\\/#breadcrumb\"},\"inLanguage\":\"sl-SI\",\"potentialAction\":[{\"@type\":\"ReadAction\",\"target\":[\"https:\\\/\\\/www.meavia-mh.hr\\\/product\\\/jastuk-za-naslon-ruke-pink-2\\\/\"]}]},{\"@type\":\"ImageObject\",\"inLanguage\":\"sl-SI\",\"@id\":\"https:\\\/\\\/www.meavia-mh.hr\\\/product\\\/jastuk-za-naslon-ruke-pink-2\\\/#primaryimage\",\"url\":\"https:\\\/\\\/www.meavia-mh.hr\\\/wp-content\\\/uploads\\\/2024\\\/03\\\/Jastuk-za-naslon-ruke-Pink-2.jpg\",\"contentUrl\":\"https:\\\/\\\/www.meavia-mh.hr\\\/wp-content\\\/uploads\\\/2024\\\/03\\\/Jastuk-za-naslon-ruke-Pink-2.jpg\",\"width\":1342,\"height\":1344,\"caption\":\"Jastuk za naslon ruke Pink\"},{\"@type\":\"BreadcrumbList\",\"@id\":\"https:\\\/\\\/www.meavia-mh.hr\\\/product\\\/jastuk-za-naslon-ruke-pink-2\\\/#breadcrumb\",\"itemListElement\":[{\"@type\":\"ListItem\",\"position\":1,\"name\":\"Po\u010detna stranica\",\"item\":\"https:\\\/\\\/www.meavia-mh.hr\\\/\"},{\"@type\":\"ListItem\",\"position\":2,\"name\":\"Trgovina\",\"item\":\"https:\\\/\\\/meavia-mh.hr\\\/sl\\\/store\\\/\"},{\"@type\":\"ListItem\",\"position\":3,\"name\":\"Jastuk za naslon ruke Pink\"}]},{\"@type\":\"WebSite\",\"@id\":\"https:\\\/\\\/meavia-mh.hr\\\/sl\\\/#website\",\"url\":\"https:\\\/\\\/meavia-mh.hr\\\/sl\\\/\",\"name\":\"Mea Via Beauty\",\"description\":\"Only The Best For Your Beauty\",\"publisher\":{\"@id\":\"https:\\\/\\\/meavia-mh.hr\\\/sl\\\/#organization\"},\"alternateName\":\"Mea Via Nails\",\"potentialAction\":[{\"@type\":\"SearchAction\",\"target\":{\"@type\":\"EntryPoint\",\"urlTemplate\":\"https:\\\/\\\/meavia-mh.hr\\\/sl\\\/?s={search_term_string}\"},\"query-input\":{\"@type\":\"PropertyValueSpecification\",\"valueRequired\":true,\"valueName\":\"search_term_string\"}}],\"inLanguage\":\"sl-SI\"},{\"@type\":\"Organization\",\"@id\":\"https:\\\/\\\/meavia-mh.hr\\\/sl\\\/#organization\",\"name\":\"Mea Via Nails World\",\"alternateName\":\"Mea Via\",\"url\":\"https:\\\/\\\/meavia-mh.hr\\\/sl\\\/\",\"logo\":{\"@type\":\"ImageObject\",\"inLanguage\":\"sl-SI\",\"@id\":\"https:\\\/\\\/meavia-mh.hr\\\/sl\\\/#\\\/schema\\\/logo\\\/image\\\/\",\"url\":\"https:\\\/\\\/www.meavia-mh.hr\\\/wp-content\\\/uploads\\\/2020\\\/12\\\/Mea-Via.png\",\"contentUrl\":\"https:\\\/\\\/www.meavia-mh.hr\\\/wp-content\\\/uploads\\\/2020\\\/12\\\/Mea-Via.png\",\"width\":1181,\"height\":393,\"caption\":\"Mea Via Nails World\"},\"image\":{\"@id\":\"https:\\\/\\\/meavia-mh.hr\\\/sl\\\/#\\\/schema\\\/logo\\\/image\\\/\"},\"sameAs\":[\"https:\\\/\\\/www.facebook.com\\\/MeaViaNailsWorld\",\"https:\\\/\\\/www.instagram.com\\\/mea_via_nails_world\\\/\",\"https:\\\/\\\/www.youtube.com\\\/channel\\\/UCECk0hpRWP6TN-EfA4ER96g\\\/featured\"]}]}<\/script>\n<!-- \/ Yoast SEO plugin. -->","yoast_head_json":{"title":"Blazina za naslonjalo za roke roza \u22c6 Mea Via Beauty","description":"Roza blazina za naslonjalo za roke \u22c6 Podpora med manikuro in pedikuro \u22c6 Pomaga strankam, da so roke spro\u0161\u010dene","robots":{"index":"index","follow":"follow","max-snippet":"max-snippet:-1","max-image-preview":"max-image-preview:large","max-video-preview":"max-video-preview:-1"},"canonical":"https:\/\/www.meavia-mh.hr\/sl\/product\/jastuk-za-naslon-ruke-pink-2\/","og_locale":"sl_SI","og_type":"article","og_title":"Jastuk za naslon ruke Pink &#8902; Mea Via Beauty","og_description":"Jastuk za naslon ruke Pink &#8902; oslonac prilikom tretmana manikure i pedikure &#8902; poma\u017ee klijentima da dr\u017ee ruku opu\u0161tenom","og_url":"https:\/\/www.meavia-mh.hr\/sl\/product\/jastuk-za-naslon-ruke-pink-2\/","og_site_name":"Mea Via Beauty","article_publisher":"https:\/\/www.facebook.com\/MeaViaNailsWorld","article_modified_time":"2026-01-24T07:56:08+00:00","og_image":[{"width":1342,"height":1344,"url":"https:\/\/www.meavia-mh.hr\/wp-content\/uploads\/2024\/03\/Jastuk-za-naslon-ruke-Pink-2.jpg","type":"image\/jpeg"}],"twitter_card":"summary_large_image","twitter_misc":{"Est. reading time":"2 minuti"},"schema":{"@context":"https:\/\/schema.org","@graph":[{"@type":"WebPage","@id":"https:\/\/www.meavia-mh.hr\/product\/jastuk-za-naslon-ruke-pink-2\/","url":"https:\/\/www.meavia-mh.hr\/product\/jastuk-za-naslon-ruke-pink-2\/","name":"Blazina za naslonjalo za roke roza \u22c6 Mea Via Beauty","isPartOf":{"@id":"https:\/\/meavia-mh.hr\/sl\/#website"},"primaryImageOfPage":{"@id":"https:\/\/www.meavia-mh.hr\/product\/jastuk-za-naslon-ruke-pink-2\/#primaryimage"},"image":{"@id":"https:\/\/www.meavia-mh.hr\/product\/jastuk-za-naslon-ruke-pink-2\/#primaryimage"},"thumbnailUrl":"https:\/\/www.meavia-mh.hr\/wp-content\/uploads\/2024\/03\/Jastuk-za-naslon-ruke-Pink-2.jpg","datePublished":"2024-03-27T17:52:33+00:00","dateModified":"2026-01-24T07:56:08+00:00","description":"Roza blazina za naslonjalo za roke \u22c6 Podpora med manikuro in pedikuro \u22c6 Pomaga strankam, da so roke spro\u0161\u010dene","breadcrumb":{"@id":"https:\/\/www.meavia-mh.hr\/product\/jastuk-za-naslon-ruke-pink-2\/#breadcrumb"},"inLanguage":"sl-SI","potentialAction":[{"@type":"ReadAction","target":["https:\/\/www.meavia-mh.hr\/product\/jastuk-za-naslon-ruke-pink-2\/"]}]},{"@type":"ImageObject","inLanguage":"sl-SI","@id":"https:\/\/www.meavia-mh.hr\/product\/jastuk-za-naslon-ruke-pink-2\/#primaryimage","url":"https:\/\/www.meavia-mh.hr\/wp-content\/uploads\/2024\/03\/Jastuk-za-naslon-ruke-Pink-2.jpg","contentUrl":"https:\/\/www.meavia-mh.hr\/wp-content\/uploads\/2024\/03\/Jastuk-za-naslon-ruke-Pink-2.jpg","width":1342,"height":1344,"caption":"Jastuk za naslon ruke Pink"},{"@type":"BreadcrumbList","@id":"https:\/\/www.meavia-mh.hr\/product\/jastuk-za-naslon-ruke-pink-2\/#breadcrumb","itemListElement":[{"@type":"ListItem","position":1,"name":"Po\u010detna stranica","item":"https:\/\/www.meavia-mh.hr\/"},{"@type":"ListItem","position":2,"name":"Trgovina","item":"https:\/\/meavia-mh.hr\/sl\/store\/"},{"@type":"ListItem","position":3,"name":"Jastuk za naslon ruke Pink"}]},{"@type":"WebSite","@id":"https:\/\/meavia-mh.hr\/sl\/#website","url":"https:\/\/meavia-mh.hr\/sl\/","name":"MEA VIA BEAUTY","description":"Only The Best For Your Beauty","publisher":{"@id":"https:\/\/meavia-mh.hr\/sl\/#organization"},"alternateName":"Mea Via Nails","potentialAction":[{"@type":"SearchAction","target":{"@type":"EntryPoint","urlTemplate":"https:\/\/meavia-mh.hr\/sl\/?s={search_term_string}"},"query-input":{"@type":"PropertyValueSpecification","valueRequired":true,"valueName":"search_term_string"}}],"inLanguage":"sl-SI"},{"@type":"Organization","@id":"https:\/\/meavia-mh.hr\/sl\/#organization","name":"Mea Via Nails World","alternateName":"Mea Via","url":"https:\/\/meavia-mh.hr\/sl\/","logo":{"@type":"ImageObject","inLanguage":"sl-SI","@id":"https:\/\/meavia-mh.hr\/sl\/#\/schema\/logo\/image\/","url":"https:\/\/www.meavia-mh.hr\/wp-content\/uploads\/2020\/12\/Mea-Via.png","contentUrl":"https:\/\/www.meavia-mh.hr\/wp-content\/uploads\/2020\/12\/Mea-Via.png","width":1181,"height":393,"caption":"Mea Via Nails World"},"image":{"@id":"https:\/\/meavia-mh.hr\/sl\/#\/schema\/logo\/image\/"},"sameAs":["https:\/\/www.facebook.com\/MeaViaNailsWorld","https:\/\/www.instagram.com\/mea_via_nails_world\/","https:\/\/www.youtube.com\/channel\/UCECk0hpRWP6TN-EfA4ER96g\/featured"]}]}},"spectra_custom_meta":{"_sku":["147867"],"_regular_price":["6.00"],"total_sales":["6"],"_tax_status":["taxable"],"_tax_class":[""],"_manage_stock":["yes"],"_backorders":["no"],"_sold_individually":["no"],"_virtual":["no"],"_downloadable":["no"],"_product_image_gallery":["27986,27985"],"_download_limit":["-1"],"_download_expiry":["-1"],"_thumbnail_id":["27987"],"_stock":["3"],"_stock_status":["instock"],"_wc_average_rating":["0"],"_wc_review_count":["0"],"_product_version":["10.4.3"],"_price":["6.00"],"_wp_page_template":["default"],"_yoast_wpseo_focuskw":["Jastuk za naslon ruke"],"_yoast_wpseo_metadesc":["%%title%% %%sep%% oslonac prilikom tretmana manikure i pedikure %%sep%% poma\u017ee klijentima da dr\u017ee ruku opu\u0161tenom"],"_yoast_wpseo_linkdex":["62"],"_yoast_wpseo_content_score":["90"],"_yoast_wpseo_estimated-reading-time-minutes":["2"],"cartflows_redirect_flow_id":[""],"cartflows_add_to_cart_text":[""],"_woocs_price_geo_countries":[""],"_woocs_regular_price_geo":[""],"_woocs_sale_price_geo":[""],"site-sidebar-layout":["default"],"site-content-layout":[null],"theme-transparent-header-meta":["default"],"stick-header-meta":["default"],"_yoast_wpseo_primary_product_cat":["24"],"_woocs_regular_price_EUR":["6.62"],"_woocs_sale_price_EUR":["-1"],"ast-site-content-layout":["default"],"site-content-style":["default"],"site-sidebar-style":["default"],"_yoast_wpseo_primary_fb_product_set":[""],"_yoast_wpseo_wordproof_timestamp":[""],"_edit_lock":["1714583960:1239"],"_edit_last":["1239"],"astra-migrate-meta-layouts":["set"],"ast-above-header-display":[null],"ast-below-header-display":[null],"footer-adv-display":[null],"adv-header-id-meta":[""],"ast-breadcrumbs-content":[null],"uag_migration_processed":["1"],"_last_change_time":["1760550477"],"_uag_page_assets":["a:9:{s:3:\"css\";s:0:\"\";s:2:\"js\";s:0:\"\";s:18:\"current_block_list\";a:3:{i:0;s:11:\"core\/search\";i:1;s:18:\"core\/legacy-widget\";i:2;s:27:\"woocommerce\/product-filters\";}s:8:\"uag_flag\";b:0;s:11:\"uag_version\";s:10:\"1776341704\";s:6:\"gfonts\";a:0:{}s:10:\"gfonts_url\";s:0:\"\";s:12:\"gfonts_files\";a:0:{}s:14:\"uag_faq_layout\";b:0;}"],"_elementor_page_assets":["a:0:{}"]},"uagb_featured_image_src":{"full":["https:\/\/www.meavia-mh.hr\/wp-content\/uploads\/2024\/03\/Jastuk-za-naslon-ruke-Pink-2.jpg",1342,1344,false],"thumbnail":["https:\/\/www.meavia-mh.hr\/wp-content\/uploads\/2024\/03\/Jastuk-za-naslon-ruke-Pink-2-150x150.jpg",150,150,true],"medium":["https:\/\/www.meavia-mh.hr\/wp-content\/uploads\/2024\/03\/Jastuk-za-naslon-ruke-Pink-2-300x300.jpg",300,300,true],"medium_large":["https:\/\/www.meavia-mh.hr\/wp-content\/uploads\/2024\/03\/Jastuk-za-naslon-ruke-Pink-2-768x769.jpg",768,769,true],"large":["https:\/\/www.meavia-mh.hr\/wp-content\/uploads\/2024\/03\/Jastuk-za-naslon-ruke-Pink-2-1022x1024.jpg",1022,1024,true],"1536x1536":["https:\/\/www.meavia-mh.hr\/wp-content\/uploads\/2024\/03\/Jastuk-za-naslon-ruke-Pink-2.jpg",1342,1344,false],"2048x2048":["https:\/\/www.meavia-mh.hr\/wp-content\/uploads\/2024\/03\/Jastuk-za-naslon-ruke-Pink-2.jpg",1342,1344,false],"trp-custom-language-flag":["https:\/\/www.meavia-mh.hr\/wp-content\/uploads\/2024\/03\/Jastuk-za-naslon-ruke-Pink-2-12x12.jpg",12,12,true],"woocommerce_thumbnail":["https:\/\/www.meavia-mh.hr\/wp-content\/uploads\/2024\/03\/Jastuk-za-naslon-ruke-Pink-2-300x300.jpg",300,300,true],"woocommerce_single":["https:\/\/www.meavia-mh.hr\/wp-content\/uploads\/2024\/03\/Jastuk-za-naslon-ruke-Pink-2-600x601.jpg",600,601,true],"woocommerce_gallery_thumbnail":["https:\/\/www.meavia-mh.hr\/wp-content\/uploads\/2024\/03\/Jastuk-za-naslon-ruke-Pink-2-100x100.jpg",100,100,true]},"uagb_author_info":{"display_name":"Zla Gol","author_link":"https:\/\/www.meavia-mh.hr\/sl\/author\/"},"uagb_comment_info":0,"uagb_excerpt":"Jastuk za naslon ruke Pink pomo\u0107i \u0107e va\u0161im klijentima da opu\u0161eno dr\u017ee ruku prilikom tretmana manikure ili pedikure. Visoka udobnost tijekom usluge manikure Jastuk za manikuru kupcima pru\u017ea udobnost, a stilistu olak\u0161ava posao. Slu\u017ei kao potpora va\u0161oj ruci tijekom izvo\u0111enja manikure, poma\u017ee u odr\u017eavanju udobnog polo\u017eaja tijekom tretmana, rastere\u0107uje va\u0161e ruke i znatno olak\u0161ava stiliziranje.&hellip;","_links":{"self":[{"href":"https:\/\/www.meavia-mh.hr\/sl\/wp-json\/wp\/v2\/product\/27984","targetHints":{"allow":["GET"]}}],"collection":[{"href":"https:\/\/www.meavia-mh.hr\/sl\/wp-json\/wp\/v2\/product"}],"about":[{"href":"https:\/\/www.meavia-mh.hr\/sl\/wp-json\/wp\/v2\/types\/product"}],"replies":[{"embeddable":true,"href":"https:\/\/www.meavia-mh.hr\/sl\/wp-json\/wp\/v2\/comments?post=27984"}],"version-history":[{"count":1,"href":"https:\/\/www.meavia-mh.hr\/sl\/wp-json\/wp\/v2\/product\/27984\/revisions"}],"predecessor-version":[{"id":27988,"href":"https:\/\/www.meavia-mh.hr\/sl\/wp-json\/wp\/v2\/product\/27984\/revisions\/27988"}],"wp:featuredmedia":[{"embeddable":true,"href":"https:\/\/www.meavia-mh.hr\/sl\/wp-json\/wp\/v2\/media\/27987"}],"wp:attachment":[{"href":"https:\/\/www.meavia-mh.hr\/sl\/wp-json\/wp\/v2\/media?parent=27984"}],"wp:term":[{"taxonomy":"product_brand","embeddable":true,"href":"https:\/\/www.meavia-mh.hr\/sl\/wp-json\/wp\/v2\/product_brand?post=27984"},{"taxonomy":"product_cat","embeddable":true,"href":"https:\/\/www.meavia-mh.hr\/sl\/wp-json\/wp\/v2\/product_cat?post=27984"},{"taxonomy":"product_tag","embeddable":true,"href":"https:\/\/www.meavia-mh.hr\/sl\/wp-json\/wp\/v2\/product_tag?post=27984"}],"curies":[{"name":"delovni list","href":"https:\/\/api.w.org\/{rel}","templated":true}]}}