{"id":27920,"date":"2024-03-26T08:15:36","date_gmt":"2024-03-26T08:15:36","guid":{"rendered":"https:\/\/www.meavia-mh.hr\/?post_type=product&#038;p=27920"},"modified":"2026-01-24T09:41:15","modified_gmt":"2026-01-24T08:41:15","slug":"staleks-pro-pogurivac-uniq-10-3","status":"publish","type":"product","link":"https:\/\/www.meavia-mh.hr\/sl\/product\/staleks-pro-pogurivac-uniq-10-3\/","title":{"rendered":"Staleks Pro potiska\u010d Uniq 10\/3"},"content":{"rendered":"<div class=\"page\" title=\"stran 1\">\n<div class=\"layoutArea\">\n<div class=\"column\">\n<p>Linija orodij UNIQ GUMMY ponuja udobje in estetski dizajn ter natan\u010dnost pri delu. Izdelane so iz mat jekla, z ro\u010daji iz svetlo roza hipoalergenega silikona.<\/p>\n<p>Potiskalnik STALEKS PRO UNIQ 10\/2 je namenjen manikuri in pedikuri. To orodje ima dve namizji.<\/p>\n<ul>\n<li>delovni del &quot;pravokotni no\u017e&quot; slu\u017ei za dvigovanje in potiskanje hrapave in mo\u010dno zlepljene ko\u017ee, \u010di\u0161\u010denje prostega roba nohta in odstranjevanje polimeriziranih kapljic gelnega laka.<\/li>\n<li>delovni del &quot;zaobljeni \u0161iroki potiska\u010d&quot; je namenjen dvigovanju in potiskanju obnohtne ko\u017eice za njeno nadaljnjo odstranitev; potisnik se trdno prilega nohtni plo\u0161\u010di zaradi rahlega upogiba, ki ponavlja obliko nohta. Primeren je za ozke in srednje nohtne plo\u0161\u010de.<\/li>\n<\/ul>\n<p>Silikonski ro\u010daj pomaga pri enakomerni porazdelitvi pritiska na povr\u0161ino prsta, kar prepre\u010duje po\u0161kodbe ko\u017ee in nelagodje med dolgotrajnim delom. La\u017eje ga je \u010distiti in razku\u017eevati, zaradi \u010desar je uporaba v kozmeti\u010dnih salonih \u010dim bolj higieni\u010dna. Ro\u017enati silikonski ro\u010daj omogo\u010da udoben, nedrse\u010d oprijem orodja, kar vam omogo\u010da delo brez obremenjevanja rok.<\/p>\n<p>Profesionalno ro\u010dno ostrenje kovinskih delov potiskala zagotavlja natan\u010dno delo. Visokokakovostno nerjave\u010de jeklo je odporno proti koroziji in zasnovano za dolgo \u017eivljenjsko dobo.<\/p>\n<p>Stalex Pro pusher Uniq 10\/3 s hipoalergenim ro\u010dajem je mogo\u010de sterilizirati v avtoklavu, pa tudi razku\u017eiti s posebnimi sredstvi, brez izgube kakovosti.<\/p>\n<p>Lahko ga uporabite z <strong><a href=\"https:\/\/www.meavia-mh.hr\/sl\/product\/claresa-odstranjivac-kozice-nokta-cuticle-remover\/\">Odstranjevalec obnohtne ko\u017eice Claresa<\/a><\/strong>, torej pripravek za meh\u010danje ko\u017eiceka za \u0161e bolj\u0161e rezultate.<\/p>\n<\/div>\n<\/div>\n<\/div>\n<h6>Zna\u010dilnosti:<\/h6>\n<ul>\n<li>za zdravljenje obnohtne ko\u017eice<\/li>\n<li>dve delovni povr\u0161ini<\/li>\n<li>idealna te\u017ea za udobno delo<\/li>\n<li>hipoalergenski silikonski ro\u010daji<\/li>\n<li>premer ro\u010daja je zasnovan za dolgo delovanje<\/li>\n<li>profesionalno ro\u010dno ostrenje<\/li>\n<li>izjemna vzdr\u017eljivost<\/li>\n<li>delovni deli iz jekla in silikona so odporni na sterilizacijo v avtoklavu brez izgube kakovosti<\/li>\n<li>priporo\u010dljivo za manikuro in pedikuro<\/li>\n<li>dol\u017eina: 151 mm<\/li>\n<li>premer: 9,6 mm<\/li>\n<li>te\u017ea: 15 g<\/li>\n<li>Blagovna znamka: Staleks Pro<\/li>\n<li>Model: Uniq 10\/3<\/li>\n<\/ul>\n<h6>Sterilizacija kovinskega orodja Staleks:<\/h6>\n<ul>\n<li>dezinfekcija v brezalkoholnih pripravkih<\/li>\n<li>visokotemperaturna sterilizacija v avtoklavu tipa B<\/li>\n<li>po uporabi je treba vse instrumente obravnavati kot kontaminirane in jih je treba obvezno sterilizirati<\/li>\n<\/ul>\n<h6>PRIPORO\u010cILA ZA VZDR\u017dEVANJE IN SHRANJEVANJE PRIPOMO\u010cKOV ZA MANIKURO IN PEDIKURO<\/h6>\n<ul>\n<li>Ne pozabite razku\u017eiti in sterilizirati instrumentov po uporabi v skladu z navodili proizvajalca.<\/li>\n<li><span style=\"font-size: 16px;\">Spojke, vijake in rezalne elemente je treba ob\u010dasno mazati z oljem.<\/span><\/li>\n<li><span style=\"font-size: 16px;\">Ko pride \u010das za ostrenje instrumentov, poi\u0161\u010dite strokovne storitve. Nepravilno ostrenje lahko po\u0161koduje instrument.<\/span><\/li>\n<li><span style=\"font-size: 16px;\">Izogibajte se kontaminaciji rezalnih robov in obmo\u010dij trenja z abrazivi.<\/span><\/li>\n<li><span style=\"font-size: 16px;\">Ne shranjujte v vla\u017enih pogojih.<\/span><\/li>\n<li><span style=\"font-size: 16px;\">Priporo\u010damo shranjevanje instrumentov z rezili obrnjenimi navzgor.<\/span><\/li>\n<li><span style=\"font-size: 16px;\">Za za\u0161\u010dito rezalnih povr\u0161in med dolgotrajnim skladi\u0161\u010denjem ali med transportom uporabite posebne kov\u010dke.<\/span><\/li>\n<li><span style=\"font-size: 16px;\">Izogibajte se stiku med rezalnimi robovi lo\u010denih instrumentov, da ne po\u0161kodujete robov.<\/span><\/li>\n<li><span style=\"font-size: 16px;\">Ne spu\u0161\u010dajte in ne udarjajte instrumentov ob trde povr\u0161ine. To lahko po\u0161koduje rezalne robove, zlasti konice.<\/span><\/li>\n<\/ul>\n<p>Cena se nana\u0161a na prodajo preko interneta. Fotografija izdelka morda ne bo v celoti ustrezala dejanskemu izgledu in vsebini izdelka. V primeru tehni\u010dnih napak Mea Via ne prevzema odgovornosti za to\u010dnost prikazanih cen in fotografij.\u00a0<em>Upo\u0161tevajte, da se po najbolj\u0161ih mo\u010deh trudimo zagotoviti, da slika, predstavljena na spletnem mestu, najbolje odra\u017ea dejanske barve na\u0161ih izdelkov. Dejavniki, ki jih med brskanjem ne moremo nadzorovati, kot so osvetlitev, vrsta uporabljene elektronske opreme, nastavitve zaslona ali grafi\u010dna kartica - vplivajo na sprejem\/interpretacijo gledane slike.<\/em><\/p>","protected":false},"excerpt":{"rendered":"<p><a href=\"https:\/\/www.meavia-mh.hr\/wp-content\/uploads\/2022\/04\/staleks-pro-logo-2.jpg\"><img decoding=\"async\" class=\"size-medium wp-image-12389\" src=\"https:\/\/www.meavia-mh.hr\/wp-content\/uploads\/2022\/04\/staleks-pro-logo-2-300x60.jpg\" alt=\"staleks pro logo 2\" width=\"300\" height=\"60\" srcset=\"https:\/\/www.meavia-mh.hr\/wp-content\/uploads\/2022\/04\/staleks-pro-logo-2-300x60.jpg 300w, https:\/\/www.meavia-mh.hr\/wp-content\/uploads\/2022\/04\/staleks-pro-logo-2-1024x206.jpg 1024w, https:\/\/www.meavia-mh.hr\/wp-content\/uploads\/2022\/04\/staleks-pro-logo-2-768x154.jpg 768w, https:\/\/www.meavia-mh.hr\/wp-content\/uploads\/2022\/04\/staleks-pro-logo-2-18x4.jpg 18w, https:\/\/www.meavia-mh.hr\/wp-content\/uploads\/2022\/04\/staleks-pro-logo-2-600x120.jpg 600w, https:\/\/www.meavia-mh.hr\/wp-content\/uploads\/2022\/04\/staleks-pro-logo-2.jpg 1534w\" sizes=\"(max-width: 300px) 100vw, 300px\" \/><\/a><\/p>","protected":false},"featured_media":27927,"comment_status":"closed","ping_status":"closed","template":"","meta":{"_uag_custom_page_level_css":"","site-sidebar-layout":"default","site-content-layout":null,"ast-site-content-layout":"default","site-content-style":"default","site-sidebar-style":"default","ast-global-header-display":"","ast-banner-title-visibility":"","ast-main-header-display":"","ast-hfb-above-header-display":"","ast-hfb-below-header-display":"","ast-hfb-mobile-header-display":"","site-post-title":"","ast-breadcrumbs-content":null,"ast-featured-img":"","footer-sml-layout":"","ast-disable-related-posts":"","theme-transparent-header-meta":"default","adv-header-id-meta":"","stick-header-meta":"default","header-above-stick-meta":"","header-main-stick-meta":"","header-below-stick-meta":"","astra-migrate-meta-layouts":"set","ast-page-background-enabled":"default","ast-page-background-meta":{"desktop":{"background-color":"var(--ast-global-color-4)","background-image":"","background-repeat":"repeat","background-position":"center center","background-size":"auto","background-attachment":"scroll","background-type":"","background-media":"","overlay-type":"","overlay-color":"","overlay-opacity":"","overlay-gradient":""},"tablet":{"background-color":"","background-image":"","background-repeat":"repeat","background-position":"center center","background-size":"auto","background-attachment":"scroll","background-type":"","background-media":"","overlay-type":"","overlay-color":"","overlay-opacity":"","overlay-gradient":""},"mobile":{"background-color":"","background-image":"","background-repeat":"repeat","background-position":"center center","background-size":"auto","background-attachment":"scroll","background-type":"","background-media":"","overlay-type":"","overlay-color":"","overlay-opacity":"","overlay-gradient":""}},"ast-content-background-meta":{"desktop":{"background-color":"var(--ast-global-color-5)","background-image":"","background-repeat":"repeat","background-position":"center center","background-size":"auto","background-attachment":"scroll","background-type":"","background-media":"","overlay-type":"","overlay-color":"","overlay-opacity":"","overlay-gradient":""},"tablet":{"background-color":"var(--ast-global-color-5)","background-image":"","background-repeat":"repeat","background-position":"center center","background-size":"auto","background-attachment":"scroll","background-type":"","background-media":"","overlay-type":"","overlay-color":"","overlay-opacity":"","overlay-gradient":""},"mobile":{"background-color":"var(--ast-global-color-5)","background-image":"","background-repeat":"repeat","background-position":"center center","background-size":"auto","background-attachment":"scroll","background-type":"","background-media":"","overlay-type":"","overlay-color":"","overlay-opacity":"","overlay-gradient":""}}},"product_brand":[608],"product_cat":[247,369],"product_tag":[244,226,379,365],"class_list":{"0":"post-27920","1":"product","2":"type-product","3":"status-publish","4":"has-post-thumbnail","6":"product_brand-staleks","7":"product_cat-pribor-za-manikuru","8":"product_cat-staleks","9":"product_tag-manikura","10":"product_tag-pedikura","11":"product_tag-pogurivac","12":"product_tag-staleks","13":"desktop-align-left","14":"tablet-align-left","15":"mobile-align-left","16":"ast-product-gallery-layout-horizontal-slider","17":"ast-product-tabs-layout-horizontal","19":"first","20":"outofstock","21":"taxable","22":"shipping-taxable","23":"purchasable","24":"product-type-simple"},"yoast_head":"<!-- This site is optimized with the Yoast SEO plugin v27.4 - https:\/\/yoast.com\/product\/yoast-seo-wordpress\/ -->\n<title>Staleks Pro poguriva\u010d Uniq 10\/3 &#8902; Mea Via Beauty<\/title>\n<meta name=\"description\" content=\"Staleks Pro poguriva\u010d Uniq 10\/3 &#8902; poguriva\u010d za kutikulu &#8902; top kvaliteta &#8902; medicinski \u010delik &#8902; za manikuru i pedikuru &#8902; ru\u010dno bru\u0161en\" \/>\n<meta name=\"robots\" content=\"index, follow, max-snippet:-1, max-image-preview:large, max-video-preview:-1\" \/>\n<link rel=\"canonical\" href=\"https:\/\/www.meavia-mh.hr\/sl\/product\/staleks-pro-pogurivac-uniq-10-3\/\" \/>\n<meta property=\"og:locale\" content=\"sl_SI\" \/>\n<meta property=\"og:type\" content=\"article\" \/>\n<meta property=\"og:title\" content=\"Staleks Pro poguriva\u010d Uniq 10\/3 &#8902; Mea Via Beauty\" \/>\n<meta property=\"og:description\" content=\"Staleks Pro poguriva\u010d Uniq 10\/3 &#8902; poguriva\u010d za kutikulu &#8902; top kvaliteta &#8902; medicinski \u010delik &#8902; za manikuru i pedikuru &#8902; ru\u010dno bru\u0161en\" \/>\n<meta property=\"og:url\" content=\"https:\/\/www.meavia-mh.hr\/sl\/product\/staleks-pro-pogurivac-uniq-10-3\/\" \/>\n<meta property=\"og:site_name\" content=\"Mea Via Beauty\" \/>\n<meta property=\"article:publisher\" content=\"https:\/\/www.facebook.com\/MeaViaNailsWorld\" \/>\n<meta property=\"article:modified_time\" content=\"2026-01-24T08:41:15+00:00\" \/>\n<meta property=\"og:image\" content=\"https:\/\/www.meavia-mh.hr\/wp-content\/uploads\/2024\/03\/Staleks-Pro-pogurivac-Uniq-10-3-6.jpg\" \/>\n\t<meta property=\"og:image:width\" content=\"1500\" \/>\n\t<meta property=\"og:image:height\" content=\"1502\" \/>\n\t<meta property=\"og:image:type\" content=\"image\/jpeg\" \/>\n<meta name=\"twitter:card\" content=\"summary_large_image\" \/>\n<meta name=\"twitter:label1\" content=\"Est. reading time\" \/>\n\t<meta name=\"twitter:data1\" content=\"3 minute\" \/>\n<script type=\"application\/ld+json\" class=\"yoast-schema-graph\">{\"@context\":\"https:\\\/\\\/schema.org\",\"@graph\":[{\"@type\":\"WebPage\",\"@id\":\"https:\\\/\\\/www.meavia-mh.hr\\\/product\\\/staleks-pro-pogurivac-uniq-10-3\\\/\",\"url\":\"https:\\\/\\\/www.meavia-mh.hr\\\/product\\\/staleks-pro-pogurivac-uniq-10-3\\\/\",\"name\":\"Staleks Pro poguriva\u010d Uniq 10\\\/3 &#8902; Mea Via Beauty\",\"isPartOf\":{\"@id\":\"https:\\\/\\\/meavia-mh.hr\\\/sl\\\/#website\"},\"primaryImageOfPage\":{\"@id\":\"https:\\\/\\\/www.meavia-mh.hr\\\/product\\\/staleks-pro-pogurivac-uniq-10-3\\\/#primaryimage\"},\"image\":{\"@id\":\"https:\\\/\\\/www.meavia-mh.hr\\\/product\\\/staleks-pro-pogurivac-uniq-10-3\\\/#primaryimage\"},\"thumbnailUrl\":\"https:\\\/\\\/www.meavia-mh.hr\\\/wp-content\\\/uploads\\\/2024\\\/03\\\/Staleks-Pro-pogurivac-Uniq-10-3-6.jpg\",\"datePublished\":\"2024-03-26T08:15:36+00:00\",\"dateModified\":\"2026-01-24T08:41:15+00:00\",\"description\":\"Staleks Pro poguriva\u010d Uniq 10\\\/3 &#8902; poguriva\u010d za kutikulu &#8902; top kvaliteta &#8902; medicinski \u010delik &#8902; za manikuru i pedikuru &#8902; ru\u010dno bru\u0161en\",\"breadcrumb\":{\"@id\":\"https:\\\/\\\/www.meavia-mh.hr\\\/product\\\/staleks-pro-pogurivac-uniq-10-3\\\/#breadcrumb\"},\"inLanguage\":\"sl-SI\",\"potentialAction\":[{\"@type\":\"ReadAction\",\"target\":[\"https:\\\/\\\/www.meavia-mh.hr\\\/product\\\/staleks-pro-pogurivac-uniq-10-3\\\/\"]}]},{\"@type\":\"ImageObject\",\"inLanguage\":\"sl-SI\",\"@id\":\"https:\\\/\\\/www.meavia-mh.hr\\\/product\\\/staleks-pro-pogurivac-uniq-10-3\\\/#primaryimage\",\"url\":\"https:\\\/\\\/www.meavia-mh.hr\\\/wp-content\\\/uploads\\\/2024\\\/03\\\/Staleks-Pro-pogurivac-Uniq-10-3-6.jpg\",\"contentUrl\":\"https:\\\/\\\/www.meavia-mh.hr\\\/wp-content\\\/uploads\\\/2024\\\/03\\\/Staleks-Pro-pogurivac-Uniq-10-3-6.jpg\",\"width\":1500,\"height\":1502,\"caption\":\"Staleks Pro poguriva\u010d Uniq 10\\\/3\"},{\"@type\":\"BreadcrumbList\",\"@id\":\"https:\\\/\\\/www.meavia-mh.hr\\\/product\\\/staleks-pro-pogurivac-uniq-10-3\\\/#breadcrumb\",\"itemListElement\":[{\"@type\":\"ListItem\",\"position\":1,\"name\":\"Po\u010detna stranica\",\"item\":\"https:\\\/\\\/www.meavia-mh.hr\\\/\"},{\"@type\":\"ListItem\",\"position\":2,\"name\":\"Trgovina\",\"item\":\"https:\\\/\\\/meavia-mh.hr\\\/sl\\\/store\\\/\"},{\"@type\":\"ListItem\",\"position\":3,\"name\":\"Staleks Pro poguriva\u010d Uniq 10\\\/3\"}]},{\"@type\":\"WebSite\",\"@id\":\"https:\\\/\\\/meavia-mh.hr\\\/sl\\\/#website\",\"url\":\"https:\\\/\\\/meavia-mh.hr\\\/sl\\\/\",\"name\":\"Mea Via Beauty\",\"description\":\"Only The Best For Your Beauty\",\"publisher\":{\"@id\":\"https:\\\/\\\/meavia-mh.hr\\\/sl\\\/#organization\"},\"alternateName\":\"Mea Via Nails\",\"potentialAction\":[{\"@type\":\"SearchAction\",\"target\":{\"@type\":\"EntryPoint\",\"urlTemplate\":\"https:\\\/\\\/meavia-mh.hr\\\/sl\\\/?s={search_term_string}\"},\"query-input\":{\"@type\":\"PropertyValueSpecification\",\"valueRequired\":true,\"valueName\":\"search_term_string\"}}],\"inLanguage\":\"sl-SI\"},{\"@type\":\"Organization\",\"@id\":\"https:\\\/\\\/meavia-mh.hr\\\/sl\\\/#organization\",\"name\":\"Mea Via Nails World\",\"alternateName\":\"Mea Via\",\"url\":\"https:\\\/\\\/meavia-mh.hr\\\/sl\\\/\",\"logo\":{\"@type\":\"ImageObject\",\"inLanguage\":\"sl-SI\",\"@id\":\"https:\\\/\\\/meavia-mh.hr\\\/sl\\\/#\\\/schema\\\/logo\\\/image\\\/\",\"url\":\"https:\\\/\\\/www.meavia-mh.hr\\\/wp-content\\\/uploads\\\/2020\\\/12\\\/Mea-Via.png\",\"contentUrl\":\"https:\\\/\\\/www.meavia-mh.hr\\\/wp-content\\\/uploads\\\/2020\\\/12\\\/Mea-Via.png\",\"width\":1181,\"height\":393,\"caption\":\"Mea Via Nails World\"},\"image\":{\"@id\":\"https:\\\/\\\/meavia-mh.hr\\\/sl\\\/#\\\/schema\\\/logo\\\/image\\\/\"},\"sameAs\":[\"https:\\\/\\\/www.facebook.com\\\/MeaViaNailsWorld\",\"https:\\\/\\\/www.instagram.com\\\/mea_via_nails_world\\\/\",\"https:\\\/\\\/www.youtube.com\\\/channel\\\/UCECk0hpRWP6TN-EfA4ER96g\\\/featured\"]}]}<\/script>\n<!-- \/ Yoast SEO plugin. -->","yoast_head_json":{"title":"Staleks Pro potiskalo Uniq 10\/3 \u22c6 Mea Via Beauty","description":"Staleks Pro potiskalnik Uniq 10\/3 \u22c6 potiskalnik obnohtne ko\u017eice \u22c6 vrhunska kakovost \u22c6 medicinsko jeklo \u22c6 za manikuro in pedikuro \u22c6 ro\u010dno poliran","robots":{"index":"index","follow":"follow","max-snippet":"max-snippet:-1","max-image-preview":"max-image-preview:large","max-video-preview":"max-video-preview:-1"},"canonical":"https:\/\/www.meavia-mh.hr\/sl\/product\/staleks-pro-pogurivac-uniq-10-3\/","og_locale":"sl_SI","og_type":"article","og_title":"Staleks Pro poguriva\u010d Uniq 10\/3 &#8902; Mea Via Beauty","og_description":"Staleks Pro poguriva\u010d Uniq 10\/3 &#8902; poguriva\u010d za kutikulu &#8902; top kvaliteta &#8902; medicinski \u010delik &#8902; za manikuru i pedikuru &#8902; ru\u010dno bru\u0161en","og_url":"https:\/\/www.meavia-mh.hr\/sl\/product\/staleks-pro-pogurivac-uniq-10-3\/","og_site_name":"Mea Via Beauty","article_publisher":"https:\/\/www.facebook.com\/MeaViaNailsWorld","article_modified_time":"2026-01-24T08:41:15+00:00","og_image":[{"width":1500,"height":1502,"url":"https:\/\/www.meavia-mh.hr\/wp-content\/uploads\/2024\/03\/Staleks-Pro-pogurivac-Uniq-10-3-6.jpg","type":"image\/jpeg"}],"twitter_card":"summary_large_image","twitter_misc":{"Est. reading time":"3 minute"},"schema":{"@context":"https:\/\/schema.org","@graph":[{"@type":"WebPage","@id":"https:\/\/www.meavia-mh.hr\/product\/staleks-pro-pogurivac-uniq-10-3\/","url":"https:\/\/www.meavia-mh.hr\/product\/staleks-pro-pogurivac-uniq-10-3\/","name":"Staleks Pro potiskalo Uniq 10\/3 \u22c6 Mea Via Beauty","isPartOf":{"@id":"https:\/\/meavia-mh.hr\/sl\/#website"},"primaryImageOfPage":{"@id":"https:\/\/www.meavia-mh.hr\/product\/staleks-pro-pogurivac-uniq-10-3\/#primaryimage"},"image":{"@id":"https:\/\/www.meavia-mh.hr\/product\/staleks-pro-pogurivac-uniq-10-3\/#primaryimage"},"thumbnailUrl":"https:\/\/www.meavia-mh.hr\/wp-content\/uploads\/2024\/03\/Staleks-Pro-pogurivac-Uniq-10-3-6.jpg","datePublished":"2024-03-26T08:15:36+00:00","dateModified":"2026-01-24T08:41:15+00:00","description":"Staleks Pro potiskalnik Uniq 10\/3 \u22c6 potiskalnik obnohtne ko\u017eice \u22c6 vrhunska kakovost \u22c6 medicinsko jeklo \u22c6 za manikuro in pedikuro \u22c6 ro\u010dno poliran","breadcrumb":{"@id":"https:\/\/www.meavia-mh.hr\/product\/staleks-pro-pogurivac-uniq-10-3\/#breadcrumb"},"inLanguage":"sl-SI","potentialAction":[{"@type":"ReadAction","target":["https:\/\/www.meavia-mh.hr\/product\/staleks-pro-pogurivac-uniq-10-3\/"]}]},{"@type":"ImageObject","inLanguage":"sl-SI","@id":"https:\/\/www.meavia-mh.hr\/product\/staleks-pro-pogurivac-uniq-10-3\/#primaryimage","url":"https:\/\/www.meavia-mh.hr\/wp-content\/uploads\/2024\/03\/Staleks-Pro-pogurivac-Uniq-10-3-6.jpg","contentUrl":"https:\/\/www.meavia-mh.hr\/wp-content\/uploads\/2024\/03\/Staleks-Pro-pogurivac-Uniq-10-3-6.jpg","width":1500,"height":1502,"caption":"Staleks Pro poguriva\u010d Uniq 10\/3"},{"@type":"BreadcrumbList","@id":"https:\/\/www.meavia-mh.hr\/product\/staleks-pro-pogurivac-uniq-10-3\/#breadcrumb","itemListElement":[{"@type":"ListItem","position":1,"name":"Po\u010detna stranica","item":"https:\/\/www.meavia-mh.hr\/"},{"@type":"ListItem","position":2,"name":"Trgovina","item":"https:\/\/meavia-mh.hr\/sl\/store\/"},{"@type":"ListItem","position":3,"name":"Staleks Pro poguriva\u010d Uniq 10\/3"}]},{"@type":"WebSite","@id":"https:\/\/meavia-mh.hr\/sl\/#website","url":"https:\/\/meavia-mh.hr\/sl\/","name":"MEA VIA BEAUTY","description":"Only The Best For Your Beauty","publisher":{"@id":"https:\/\/meavia-mh.hr\/sl\/#organization"},"alternateName":"Mea Via Nails","potentialAction":[{"@type":"SearchAction","target":{"@type":"EntryPoint","urlTemplate":"https:\/\/meavia-mh.hr\/sl\/?s={search_term_string}"},"query-input":{"@type":"PropertyValueSpecification","valueRequired":true,"valueName":"search_term_string"}}],"inLanguage":"sl-SI"},{"@type":"Organization","@id":"https:\/\/meavia-mh.hr\/sl\/#organization","name":"Mea Via Nails World","alternateName":"Mea Via","url":"https:\/\/meavia-mh.hr\/sl\/","logo":{"@type":"ImageObject","inLanguage":"sl-SI","@id":"https:\/\/meavia-mh.hr\/sl\/#\/schema\/logo\/image\/","url":"https:\/\/www.meavia-mh.hr\/wp-content\/uploads\/2020\/12\/Mea-Via.png","contentUrl":"https:\/\/www.meavia-mh.hr\/wp-content\/uploads\/2020\/12\/Mea-Via.png","width":1181,"height":393,"caption":"Mea Via Nails World"},"image":{"@id":"https:\/\/meavia-mh.hr\/sl\/#\/schema\/logo\/image\/"},"sameAs":["https:\/\/www.facebook.com\/MeaViaNailsWorld","https:\/\/www.instagram.com\/mea_via_nails_world\/","https:\/\/www.youtube.com\/channel\/UCECk0hpRWP6TN-EfA4ER96g\/featured"]}]}},"spectra_custom_meta":{"_sku":["PQ-10\/3"],"_regular_price":["6.99"],"total_sales":["1"],"_tax_status":["taxable"],"_tax_class":[""],"_manage_stock":["yes"],"_backorders":["no"],"_sold_individually":["no"],"_virtual":["no"],"_downloadable":["no"],"_product_image_gallery":["27921,27926,27924,27923,27922"],"_download_limit":["-1"],"_download_expiry":["-1"],"_thumbnail_id":["27927"],"_stock":["0.000000"],"_stock_status":["outofstock"],"_wc_average_rating":["0"],"_wc_review_count":["0"],"_product_version":["10.4.3"],"_price":["6.99"],"_wp_page_template":["default"],"_yoast_wpseo_focuskw":["staleks poguriva\u010d ko\u017eice"],"_yoast_wpseo_metadesc":["%%title%% %%sep%% poguriva\u010d za kutikulu %%sep%% top kvaliteta %%sep%% medicinski \u010delik %%sep%% za manikuru i pedikuru %%sep%% ru\u010dno bru\u0161en"],"_yoast_wpseo_linkdex":["61"],"_yoast_wpseo_content_score":["90"],"_yoast_wpseo_estimated-reading-time-minutes":["3"],"cartflows_redirect_flow_id":[""],"cartflows_add_to_cart_text":[""],"_woocs_price_geo_countries":[""],"_woocs_regular_price_geo":[""],"_woocs_sale_price_geo":[""],"site-sidebar-layout":["default"],"site-content-layout":[null],"_yoast_wpseo_primary_product_cat":["247"],"theme-transparent-header-meta":["default"],"stick-header-meta":["default"],"_woocs_regular_price_EUR":["8.75"],"_woocs_sale_price_EUR":["-1"],"_yoast_wpseo_wordproof_timestamp":[""],"_lowest_price_30_days":["8.99"],"_yoast_wpseo_primary_fb_product_set":[""],"ast-site-content-layout":["default"],"site-content-style":["default"],"site-sidebar-style":["default"],"ast-above-header-display":[null],"ast-below-header-display":[null],"_edit_lock":["1714584049:1239"],"_edit_last":["1239"],"astra-migrate-meta-layouts":["set"],"footer-adv-display":[null],"adv-header-id-meta":[""],"ast-breadcrumbs-content":[null],"uag_migration_processed":["1"],"_elementor_page_assets":["a:0:{}"],"_uag_page_assets":["a:9:{s:3:\"css\";s:0:\"\";s:2:\"js\";s:0:\"\";s:18:\"current_block_list\";a:3:{i:0;s:11:\"core\/search\";i:1;s:18:\"core\/legacy-widget\";i:2;s:27:\"woocommerce\/product-filters\";}s:8:\"uag_flag\";b:0;s:11:\"uag_version\";s:10:\"1776760064\";s:6:\"gfonts\";a:0:{}s:10:\"gfonts_url\";s:0:\"\";s:12:\"gfonts_files\";a:0:{}s:14:\"uag_faq_layout\";b:0;}"]},"uagb_featured_image_src":{"full":["https:\/\/www.meavia-mh.hr\/wp-content\/uploads\/2024\/03\/Staleks-Pro-pogurivac-Uniq-10-3-6.jpg",1500,1502,false],"thumbnail":["https:\/\/www.meavia-mh.hr\/wp-content\/uploads\/2024\/03\/Staleks-Pro-pogurivac-Uniq-10-3-6-150x150.jpg",150,150,true],"medium":["https:\/\/www.meavia-mh.hr\/wp-content\/uploads\/2024\/03\/Staleks-Pro-pogurivac-Uniq-10-3-6-300x300.jpg",300,300,true],"medium_large":["https:\/\/www.meavia-mh.hr\/wp-content\/uploads\/2024\/03\/Staleks-Pro-pogurivac-Uniq-10-3-6-768x769.jpg",768,769,true],"large":["https:\/\/www.meavia-mh.hr\/wp-content\/uploads\/2024\/03\/Staleks-Pro-pogurivac-Uniq-10-3-6-1024x1024.jpg",1024,1024,true],"1536x1536":["https:\/\/www.meavia-mh.hr\/wp-content\/uploads\/2024\/03\/Staleks-Pro-pogurivac-Uniq-10-3-6.jpg",1500,1502,false],"2048x2048":["https:\/\/www.meavia-mh.hr\/wp-content\/uploads\/2024\/03\/Staleks-Pro-pogurivac-Uniq-10-3-6.jpg",1500,1502,false],"trp-custom-language-flag":["https:\/\/www.meavia-mh.hr\/wp-content\/uploads\/2024\/03\/Staleks-Pro-pogurivac-Uniq-10-3-6-12x12.jpg",12,12,true],"woocommerce_thumbnail":["https:\/\/www.meavia-mh.hr\/wp-content\/uploads\/2024\/03\/Staleks-Pro-pogurivac-Uniq-10-3-6-300x300.jpg",300,300,true],"woocommerce_single":["https:\/\/www.meavia-mh.hr\/wp-content\/uploads\/2024\/03\/Staleks-Pro-pogurivac-Uniq-10-3-6-600x601.jpg",600,601,true],"woocommerce_gallery_thumbnail":["https:\/\/www.meavia-mh.hr\/wp-content\/uploads\/2024\/03\/Staleks-Pro-pogurivac-Uniq-10-3-6-100x100.jpg",100,100,true]},"uagb_author_info":{"display_name":"Zla Gol","author_link":"https:\/\/www.meavia-mh.hr\/sl\/author\/"},"uagb_comment_info":0,"uagb_excerpt":null,"_links":{"self":[{"href":"https:\/\/www.meavia-mh.hr\/sl\/wp-json\/wp\/v2\/product\/27920","targetHints":{"allow":["GET"]}}],"collection":[{"href":"https:\/\/www.meavia-mh.hr\/sl\/wp-json\/wp\/v2\/product"}],"about":[{"href":"https:\/\/www.meavia-mh.hr\/sl\/wp-json\/wp\/v2\/types\/product"}],"replies":[{"embeddable":true,"href":"https:\/\/www.meavia-mh.hr\/sl\/wp-json\/wp\/v2\/comments?post=27920"}],"version-history":[{"count":1,"href":"https:\/\/www.meavia-mh.hr\/sl\/wp-json\/wp\/v2\/product\/27920\/revisions"}],"predecessor-version":[{"id":27928,"href":"https:\/\/www.meavia-mh.hr\/sl\/wp-json\/wp\/v2\/product\/27920\/revisions\/27928"}],"wp:featuredmedia":[{"embeddable":true,"href":"https:\/\/www.meavia-mh.hr\/sl\/wp-json\/wp\/v2\/media\/27927"}],"wp:attachment":[{"href":"https:\/\/www.meavia-mh.hr\/sl\/wp-json\/wp\/v2\/media?parent=27920"}],"wp:term":[{"taxonomy":"product_brand","embeddable":true,"href":"https:\/\/www.meavia-mh.hr\/sl\/wp-json\/wp\/v2\/product_brand?post=27920"},{"taxonomy":"product_cat","embeddable":true,"href":"https:\/\/www.meavia-mh.hr\/sl\/wp-json\/wp\/v2\/product_cat?post=27920"},{"taxonomy":"product_tag","embeddable":true,"href":"https:\/\/www.meavia-mh.hr\/sl\/wp-json\/wp\/v2\/product_tag?post=27920"}],"curies":[{"name":"delovni list","href":"https:\/\/api.w.org\/{rel}","templated":true}]}}