{"id":27745,"date":"2024-03-17T15:55:32","date_gmt":"2024-03-17T15:55:32","guid":{"rendered":"https:\/\/www.meavia-mh.hr\/?post_type=product&#038;p=27745"},"modified":"2026-04-16T15:37:37","modified_gmt":"2026-04-16T14:37:37","slug":"palu-primer-strong","status":"publish","type":"product","link":"https:\/\/www.meavia-mh.hr\/sl\/product\/palu-primer-strong\/","title":{"rendered":"PALU Primer Strong"},"content":{"rendered":"<p>Ta primer brez kislin ustvari film na povr\u0161ini nohta, ki deluje kot dvostranski lepilni trak. To zagotavlja odli\u010den oprijem gelov, hibridnih gelov in akrilnih gelov. Izdelek pu\u0161\u010da viden lepilni film in se lahko uporablja za vse vrste nohtov, \u0161e posebej za problemati\u010dne. Namenjen je profesionalni uporabi.<\/p>\n<p>Posebna formula primerja <strong>brez HEMA in kislin.<\/strong><\/p>\n<figure id=\"attachment_27748\" aria-describedby=\"caption-attachment-27748\" style=\"width: 724px\" class=\"wp-caption aligncenter\"><a href=\"https:\/\/www.meavia-mh.hr\/wp-content\/uploads\/2024\/03\/Palu-Primer-Strong-EN-1920px-.jpg\"><img fetchpriority=\"high\" decoding=\"async\" class=\"wp-image-27748 size-large\" src=\"https:\/\/www.meavia-mh.hr\/wp-content\/uploads\/2024\/03\/Palu-Primer-Strong-EN-1920px--724x1024.jpg\" alt=\"PALU Primer Strong\" width=\"724\" height=\"1024\" srcset=\"https:\/\/www.meavia-mh.hr\/wp-content\/uploads\/2024\/03\/Palu-Primer-Strong-EN-1920px--724x1024.jpg 724w, https:\/\/www.meavia-mh.hr\/wp-content\/uploads\/2024\/03\/Palu-Primer-Strong-EN-1920px--212x300.jpg 212w, https:\/\/www.meavia-mh.hr\/wp-content\/uploads\/2024\/03\/Palu-Primer-Strong-EN-1920px--768x1086.jpg 768w, https:\/\/www.meavia-mh.hr\/wp-content\/uploads\/2024\/03\/Palu-Primer-Strong-EN-1920px--1086x1536.jpg 1086w, https:\/\/www.meavia-mh.hr\/wp-content\/uploads\/2024\/03\/Palu-Primer-Strong-EN-1920px--8x12.jpg 8w, https:\/\/www.meavia-mh.hr\/wp-content\/uploads\/2024\/03\/Palu-Primer-Strong-EN-1920px--600x848.jpg 600w, https:\/\/www.meavia-mh.hr\/wp-content\/uploads\/2024\/03\/Palu-Primer-Strong-EN-1920px-.jpg 1358w\" sizes=\"(max-width: 724px) 100vw, 724px\" \/><\/a><figcaption id=\"caption-attachment-27748\" class=\"wp-caption-text\">PALU Primer Strong<\/figcaption><\/figure>\n<h4><strong>Lastnosti izdelka:<\/strong><\/h4>\n<ul>\n<li>Podalj\u0161a trajanje manikure<\/li>\n<li>Formula <strong>brez kislin<\/strong> (brez kislin)<\/li>\n<li>Formula <strong>brez HEMA<\/strong><\/li>\n<li>Pove\u010da oprijem gelov in hibridnih gelov<\/li>\n<li>Deluje kot dvostranski lepilni trak<\/li>\n<li>Za vse vrste nohtov, \u0161e posebej za problemati\u010dne<\/li>\n<li>Dermatolo\u0161ko testiran izdelek<\/li>\n<li>Brez \u0161kodljivih in strupenih snovi<\/li>\n<li>Brez krutosti (izdelek ni testiran na \u017eivalih)<\/li>\n<li>Izdelano v EU<\/li>\n<li>Vse surovine za proizvodnjo iz EU<\/li>\n<li><span class=\"\">Barva: prozorna.\u00a0<\/span><\/li>\n<\/ul>\n<h6><span style=\"font-size: 17.600000381469727px; font-style: normal; font-weight: bold;\">Pakiranje: 11 ml<\/span><\/h6>\n<p><strong>Izdelek ne vsebuje sestavin, ki bi lahko povzro\u010dile alergije, kot so:formaldehyde, toluene, DBP, camphor, dibutyl phthalate.<\/strong><\/p>\n<h3>NAVODILA:<\/h3>\n<p>Nohtno plo\u0161\u010do rahlo matirajte s polirnim blokom. Na nohtu razma\u0161\u010den <a href=\"https:\/\/www.meavia-mh.hr\/sl\/product\/palu-cleaner-2-500-ml\/\">PALU Cleanerom<\/a>\u00a0nanesite majhno koli\u010dino PALU Primer Strong. Pazite, da se ne dotaknete obnohtne ko\u017eice. Temeljni sloj ne bo popolnoma izhlapel. Po pripravi nohtov na ta na\u010din lahko nanesete <a href=\"https:\/\/www.meavia-mh.hr\/sl\/product\/palu-baza-11-ml\/\">PADLA baza<\/a> ali <a href=\"https:\/\/www.meavia-mh.hr\/sl\/product\/palu-maxi-base-11-ml\/\">PALU Maxi baza<\/a>.<\/p>\n<p>Nanesite eno tanko plast podlage in polimerizirajte v profesionalcu\u00a0<a href=\"https:\/\/www.meavia-mh.hr\/sl\/product\/uv-led-lampa-za-nokte-star-pro-96w-rose\/\">Star Pro 96W UV\/LED sijalke.<\/a>\u00a0<span class=\"\" style=\"font-size: 16px; font-style: normal;\">Odvisno od stanja nohta nanesite 1 ali 2 sloja PALU podlage na plo\u0161\u010dico in vsako plast su\u0161ite 30-60 sekund.\u00a0<\/span><span style=\"font-size: 16px; font-style: normal;\">v UV\/LED svetilki. Stekleni\u010dka s \u010dopi\u010dem zagotavlja maksimalno udobje pri uporabi.<\/span><\/p>\n<p>Noht nadgradite s pomo\u010djo PALU gradilnega gela, PALU akrilnega gela ali PALU gumijaste podlage.<\/p>\n<p><span style=\"font-size: 16px; font-style: normal;\">n<span class=\"\">in na koncu lahko nanesete barvo trajnega laka po \u017eelji<\/span><\/span>. Oglejte si ponudbo vrhunskih trajnih lakov iz na\u0161e ponudbe blagovnih znamk: <a href=\"https:\/\/www.meavia-mh.hr\/sl\/product\/claresa-trajni-lak-gel-polish-frosty-morning-10\/\">Claresa<\/a>, <a href=\"https:\/\/www.meavia-mh.hr\/sl\/product\/emi-lac-french-style-002-9-ml\/\">EMI<\/a>,\u00a0<span style=\"font-size: 16px; font-style: normal;\"><a href=\"https:\/\/www.meavia-mh.hr\/sl\/product\/ikon-iq-prima-gel-polish-trajni-lak-fredrika-15-ml\/\">IKON.iQ<\/a> in\u00a0<\/span><a href=\"https:\/\/www.meavia-mh.hr\/sl\/product\/palu-gel-polish-trajni-lak-petersburg-pe5-11-ml\/\"><span style=\"font-size: 16px;\">PALU<\/span><\/a>.\u00a0<span class=\"\">Na koncu nanesite en sloj \u00a0<a href=\"https:\/\/www.meavia-mh.hr\/sl\/product\/palu-top-coat-crystal-no-wipe-11-ml\/\"><strong>PALU nadlak Crystal No Wipe<\/strong><\/a><\/span><strong><span class=\"\">\u00a0<\/span><\/strong><span class=\"\"> in posu\u0161ite v profesionalcu <a href=\"https:\/\/www.meavia-mh.hr\/sl\/product\/uv-led-lampa-za-nokte-lux-1-48w-srebrno-pink\/\">UV\/LED lu\u010dki.<\/a>\u00a0<\/span><\/p>\n<h3>PALU \u2013 vrhunska kakovost za va\u0161e nohte!<\/h3>\n<p>Vrhunski izdelki znamke PALU se zgledujejo po svetovnih modnih prestolnicah in na\u010dinu \u017eivljenja v velemestu. PALU vklju\u010duje \u0161iroko paleto izdelkov, ki jih uporabljajo profesionalni saloni za manikuro, od izdelkov za oblikovanje, nego rok in stopal do naprav in pohi\u0161tva, ki so potrebni za delovanje salona.<\/p>\n<p>Ali veste, da so izdelki PALU <strong>dermatolo\u0161ko preizku\u0161en<\/strong> in proizvedeno po najvi\u0161jih standardih za kozmeti\u010dno industrijo, vklju\u010dno z ISO 22716, GMP - Good Manufacturing Practices, uporabo surovin evropskega porekla iz skupine Cosmetic Grade in Premium Quality Control. Izdelki PALU so <strong>vegansko in ni testirano na \u017eivalih<\/strong>. Varna formula brez \u0161kodljivih in strupenih snovi. <strong>Formula 10 BREZPLA\u010cNIH ne vsebuje: toluena, DBP, formaldehida, formaldehidne smole, kafre, TPHP, ksilena, triklosana.\u00a0<\/strong><\/p>\n<h4>Sestava\/INCI\/<strong>Ingredients:<\/strong><\/h4>\n<div><span lang=\"PL\">Etil acetat, izopropilidendifenil bisoksihidroksipropil metakrilat, hidroksipropil metakrilat, izobornil metakrilat<\/span><\/div>\n<h4>Previdnostni ukrepi:<\/h4>\n<ul>\n<li>Hraniti izven pogleda in dosega otrok.<\/li>\n<li>Izogibajte se stiku z o\u010dmi.<\/li>\n<li>Ne uporabljajte v primeru preob\u010dutljivosti na katero koli sestavino izdelka.<\/li>\n<li>V primeru kakr\u0161nih koli ne\u017eelenih u\u010dinkov ali preob\u010dutljivosti, kot so peko\u010d ob\u010dutek, srbenje, pordelost ipd., je treba zdravilo prekiniti.<\/li>\n<li>Ne uporabljajte na na\u010din, ki ni v skladu z namenom.<\/li>\n<li>Ne uporabljajte po poteku roka uporabnosti.<\/li>\n<\/ul>\n<p>Cena se nana\u0161a na prodajo preko interneta. Fotografija izdelka morda ne bo v celoti ustrezala dejanskemu izgledu in vsebini izdelka. V primeru tehni\u010dnih napak Mea Via ne prevzema odgovornosti za to\u010dnost prikazanih cen in fotografij.\u00a0<em>Upo\u0161tevajte, da se po najbolj\u0161ih mo\u010deh trudimo zagotoviti, da slika, predstavljena na spletnem mestu, najbolje odra\u017ea dejanske barve na\u0161ih izdelkov. Dejavniki, ki jih med brskanjem ne moremo nadzorovati, kot so osvetlitev, vrsta uporabljene elektronske opreme, nastavitve zaslona ali grafi\u010dna kartica - vplivajo na sprejem\/interpretacijo gledane slike.<\/em><\/p>","protected":false},"excerpt":{"rendered":"<p><a href=\"https:\/\/www.meavia-mh.hr\/wp-content\/uploads\/2022\/07\/1-3.jpg\"><img decoding=\"async\" class=\"alignnone size-thumbnail wp-image-14687\" src=\"https:\/\/www.meavia-mh.hr\/wp-content\/uploads\/2022\/07\/1-3-150x150.jpg\" alt=\"Dermatologically tested\" width=\"150\" height=\"150\" srcset=\"https:\/\/www.meavia-mh.hr\/wp-content\/uploads\/2022\/07\/1-3-150x150.jpg 150w, https:\/\/www.meavia-mh.hr\/wp-content\/uploads\/2022\/07\/1-3-300x300.jpg 300w, https:\/\/www.meavia-mh.hr\/wp-content\/uploads\/2022\/07\/1-3-1024x1024.jpg 1024w, https:\/\/www.meavia-mh.hr\/wp-content\/uploads\/2022\/07\/1-3-768x768.jpg 768w, https:\/\/www.meavia-mh.hr\/wp-content\/uploads\/2022\/07\/1-3-12x12.jpg 12w, https:\/\/www.meavia-mh.hr\/wp-content\/uploads\/2022\/07\/1-3-600x600.jpg 600w, https:\/\/www.meavia-mh.hr\/wp-content\/uploads\/2022\/07\/1-3-100x100.jpg 100w, https:\/\/www.meavia-mh.hr\/wp-content\/uploads\/2022\/07\/1-3.jpg 1080w\" sizes=\"(max-width: 150px) 100vw, 150px\" \/><\/a><\/p>","protected":false},"featured_media":27747,"comment_status":"closed","ping_status":"closed","template":"","meta":{"_uag_custom_page_level_css":"","site-sidebar-layout":"default","site-content-layout":"","ast-site-content-layout":"default","site-content-style":"default","site-sidebar-style":"default","ast-global-header-display":"","ast-banner-title-visibility":"","ast-main-header-display":"","ast-hfb-above-header-display":"","ast-hfb-below-header-display":"","ast-hfb-mobile-header-display":"","site-post-title":"","ast-breadcrumbs-content":"","ast-featured-img":"","footer-sml-layout":"","ast-disable-related-posts":"","theme-transparent-header-meta":"default","adv-header-id-meta":"","stick-header-meta":"default","header-above-stick-meta":"","header-main-stick-meta":"","header-below-stick-meta":"","astra-migrate-meta-layouts":"set","ast-page-background-enabled":"default","ast-page-background-meta":{"desktop":{"background-color":"var(--ast-global-color-4)","background-image":"","background-repeat":"repeat","background-position":"center center","background-size":"auto","background-attachment":"scroll","background-type":"","background-media":"","overlay-type":"","overlay-color":"","overlay-opacity":"","overlay-gradient":""},"tablet":{"background-color":"","background-image":"","background-repeat":"repeat","background-position":"center center","background-size":"auto","background-attachment":"scroll","background-type":"","background-media":"","overlay-type":"","overlay-color":"","overlay-opacity":"","overlay-gradient":""},"mobile":{"background-color":"","background-image":"","background-repeat":"repeat","background-position":"center center","background-size":"auto","background-attachment":"scroll","background-type":"","background-media":"","overlay-type":"","overlay-color":"","overlay-opacity":"","overlay-gradient":""}},"ast-content-background-meta":{"desktop":{"background-color":"var(--ast-global-color-5)","background-image":"","background-repeat":"repeat","background-position":"center center","background-size":"auto","background-attachment":"scroll","background-type":"","background-media":"","overlay-type":"","overlay-color":"","overlay-opacity":"","overlay-gradient":""},"tablet":{"background-color":"var(--ast-global-color-5)","background-image":"","background-repeat":"repeat","background-position":"center center","background-size":"auto","background-attachment":"scroll","background-type":"","background-media":"","overlay-type":"","overlay-color":"","overlay-opacity":"","overlay-gradient":""},"mobile":{"background-color":"var(--ast-global-color-5)","background-image":"","background-repeat":"repeat","background-position":"center center","background-size":"auto","background-attachment":"scroll","background-type":"","background-media":"","overlay-type":"","overlay-color":"","overlay-opacity":"","overlay-gradient":""}}},"product_brand":[606],"product_cat":[27,115],"product_tag":[210],"class_list":{"0":"post-27745","1":"product","2":"type-product","3":"status-publish","4":"has-post-thumbnail","6":"product_brand-palu","7":"product_cat-palu","8":"product_cat-pripremne-tekucine","9":"product_tag-primer","10":"desktop-align-left","11":"tablet-align-left","12":"mobile-align-left","13":"ast-product-gallery-layout-horizontal-slider","14":"ast-product-tabs-layout-horizontal","16":"first","17":"instock","18":"taxable","19":"shipping-taxable","20":"purchasable","21":"product-type-simple"},"yoast_head":"<!-- This site is optimized with the Yoast SEO plugin v27.4 - https:\/\/yoast.com\/product\/yoast-seo-wordpress\/ -->\n<title>PALU Primer Strong &#8902; Mea Via Beauty<\/title>\n<meta name=\"description\" content=\"PALU Primer Strong &#8902; bezkiselinski primer &#8902; ja\u010da i \u0161titi nokte &#8902; HEMA Free &#8902; vrhunska kvaliteta &#8902; dermatolo\u0161ki testiran &#8902; Acid Free\" \/>\n<meta name=\"robots\" content=\"index, follow, max-snippet:-1, max-image-preview:large, max-video-preview:-1\" \/>\n<link rel=\"canonical\" href=\"https:\/\/www.meavia-mh.hr\/sl\/product\/palu-primer-strong\/\" \/>\n<meta property=\"og:locale\" content=\"sl_SI\" \/>\n<meta property=\"og:type\" content=\"article\" \/>\n<meta property=\"og:title\" content=\"PALU Primer Strong &#8902; Mea Via Beauty\" \/>\n<meta property=\"og:description\" content=\"PALU Primer Strong &#8902; bezkiselinski primer &#8902; ja\u010da i \u0161titi nokte &#8902; HEMA Free &#8902; vrhunska kvaliteta &#8902; dermatolo\u0161ki testiran &#8902; Acid Free\" \/>\n<meta property=\"og:url\" content=\"https:\/\/www.meavia-mh.hr\/sl\/product\/palu-primer-strong\/\" \/>\n<meta property=\"og:site_name\" content=\"Mea Via Beauty\" \/>\n<meta property=\"article:publisher\" content=\"https:\/\/www.facebook.com\/MeaViaNailsWorld\" \/>\n<meta property=\"article:modified_time\" content=\"2026-04-16T14:37:37+00:00\" \/>\n<meta property=\"og:image\" content=\"https:\/\/www.meavia-mh.hr\/wp-content\/uploads\/2024\/03\/Palu_PRIMER-STRONG.jpg\" \/>\n\t<meta property=\"og:image:width\" content=\"1500\" \/>\n\t<meta property=\"og:image:height\" content=\"1500\" \/>\n\t<meta property=\"og:image:type\" content=\"image\/jpeg\" \/>\n<meta name=\"twitter:card\" content=\"summary_large_image\" \/>\n<meta name=\"twitter:label1\" content=\"Est. reading time\" \/>\n\t<meta name=\"twitter:data1\" content=\"4 minute\" \/>\n<script type=\"application\/ld+json\" class=\"yoast-schema-graph\">{\"@context\":\"https:\\\/\\\/schema.org\",\"@graph\":[{\"@type\":\"WebPage\",\"@id\":\"https:\\\/\\\/www.meavia-mh.hr\\\/product\\\/palu-primer-strong\\\/\",\"url\":\"https:\\\/\\\/www.meavia-mh.hr\\\/product\\\/palu-primer-strong\\\/\",\"name\":\"PALU Primer Strong &#8902; Mea Via Beauty\",\"isPartOf\":{\"@id\":\"https:\\\/\\\/meavia-mh.hr\\\/sl\\\/#website\"},\"primaryImageOfPage\":{\"@id\":\"https:\\\/\\\/www.meavia-mh.hr\\\/product\\\/palu-primer-strong\\\/#primaryimage\"},\"image\":{\"@id\":\"https:\\\/\\\/www.meavia-mh.hr\\\/product\\\/palu-primer-strong\\\/#primaryimage\"},\"thumbnailUrl\":\"https:\\\/\\\/www.meavia-mh.hr\\\/wp-content\\\/uploads\\\/2024\\\/03\\\/Palu_PRIMER-STRONG.jpg\",\"datePublished\":\"2024-03-17T15:55:32+00:00\",\"dateModified\":\"2026-04-16T14:37:37+00:00\",\"description\":\"PALU Primer Strong &#8902; bezkiselinski primer &#8902; ja\u010da i \u0161titi nokte &#8902; HEMA Free &#8902; vrhunska kvaliteta &#8902; dermatolo\u0161ki testiran &#8902; Acid Free\",\"breadcrumb\":{\"@id\":\"https:\\\/\\\/www.meavia-mh.hr\\\/product\\\/palu-primer-strong\\\/#breadcrumb\"},\"inLanguage\":\"sl-SI\",\"potentialAction\":[{\"@type\":\"ReadAction\",\"target\":[\"https:\\\/\\\/www.meavia-mh.hr\\\/product\\\/palu-primer-strong\\\/\"]}]},{\"@type\":\"ImageObject\",\"inLanguage\":\"sl-SI\",\"@id\":\"https:\\\/\\\/www.meavia-mh.hr\\\/product\\\/palu-primer-strong\\\/#primaryimage\",\"url\":\"https:\\\/\\\/www.meavia-mh.hr\\\/wp-content\\\/uploads\\\/2024\\\/03\\\/Palu_PRIMER-STRONG.jpg\",\"contentUrl\":\"https:\\\/\\\/www.meavia-mh.hr\\\/wp-content\\\/uploads\\\/2024\\\/03\\\/Palu_PRIMER-STRONG.jpg\",\"width\":1500,\"height\":1500,\"caption\":\"PALU Primer Strong\"},{\"@type\":\"BreadcrumbList\",\"@id\":\"https:\\\/\\\/www.meavia-mh.hr\\\/product\\\/palu-primer-strong\\\/#breadcrumb\",\"itemListElement\":[{\"@type\":\"ListItem\",\"position\":1,\"name\":\"Po\u010detna stranica\",\"item\":\"https:\\\/\\\/www.meavia-mh.hr\\\/\"},{\"@type\":\"ListItem\",\"position\":2,\"name\":\"Trgovina\",\"item\":\"https:\\\/\\\/meavia-mh.hr\\\/sl\\\/store\\\/\"},{\"@type\":\"ListItem\",\"position\":3,\"name\":\"PALU Primer Strong\"}]},{\"@type\":\"WebSite\",\"@id\":\"https:\\\/\\\/meavia-mh.hr\\\/sl\\\/#website\",\"url\":\"https:\\\/\\\/meavia-mh.hr\\\/sl\\\/\",\"name\":\"Mea Via Beauty\",\"description\":\"Only The Best For Your Beauty\",\"publisher\":{\"@id\":\"https:\\\/\\\/meavia-mh.hr\\\/sl\\\/#organization\"},\"alternateName\":\"Mea Via Nails\",\"potentialAction\":[{\"@type\":\"SearchAction\",\"target\":{\"@type\":\"EntryPoint\",\"urlTemplate\":\"https:\\\/\\\/meavia-mh.hr\\\/sl\\\/?s={search_term_string}\"},\"query-input\":{\"@type\":\"PropertyValueSpecification\",\"valueRequired\":true,\"valueName\":\"search_term_string\"}}],\"inLanguage\":\"sl-SI\"},{\"@type\":\"Organization\",\"@id\":\"https:\\\/\\\/meavia-mh.hr\\\/sl\\\/#organization\",\"name\":\"Mea Via Nails World\",\"alternateName\":\"Mea Via\",\"url\":\"https:\\\/\\\/meavia-mh.hr\\\/sl\\\/\",\"logo\":{\"@type\":\"ImageObject\",\"inLanguage\":\"sl-SI\",\"@id\":\"https:\\\/\\\/meavia-mh.hr\\\/sl\\\/#\\\/schema\\\/logo\\\/image\\\/\",\"url\":\"https:\\\/\\\/www.meavia-mh.hr\\\/wp-content\\\/uploads\\\/2020\\\/12\\\/Mea-Via.png\",\"contentUrl\":\"https:\\\/\\\/www.meavia-mh.hr\\\/wp-content\\\/uploads\\\/2020\\\/12\\\/Mea-Via.png\",\"width\":1181,\"height\":393,\"caption\":\"Mea Via Nails World\"},\"image\":{\"@id\":\"https:\\\/\\\/meavia-mh.hr\\\/sl\\\/#\\\/schema\\\/logo\\\/image\\\/\"},\"sameAs\":[\"https:\\\/\\\/www.facebook.com\\\/MeaViaNailsWorld\",\"https:\\\/\\\/www.instagram.com\\\/mea_via_nails_world\\\/\",\"https:\\\/\\\/www.youtube.com\\\/channel\\\/UCECk0hpRWP6TN-EfA4ER96g\\\/featured\"]}]}<\/script>\n<!-- \/ Yoast SEO plugin. -->","yoast_head_json":{"title":"PALU Primer Strong \u22c6 Mea Via Beauty","description":"PALU Primer Strong \u22c6 primer brez kislin \u22c6 krepi in \u0161\u010diti nohte \u22c6 brez HEMA \u22c6 vrhunska kakovost \u22c6 dermatolo\u0161ko testirano \u22c6 brez kislin","robots":{"index":"index","follow":"follow","max-snippet":"max-snippet:-1","max-image-preview":"max-image-preview:large","max-video-preview":"max-video-preview:-1"},"canonical":"https:\/\/www.meavia-mh.hr\/sl\/product\/palu-primer-strong\/","og_locale":"sl_SI","og_type":"article","og_title":"PALU Primer Strong &#8902; Mea Via Beauty","og_description":"PALU Primer Strong &#8902; bezkiselinski primer &#8902; ja\u010da i \u0161titi nokte &#8902; HEMA Free &#8902; vrhunska kvaliteta &#8902; dermatolo\u0161ki testiran &#8902; Acid Free","og_url":"https:\/\/www.meavia-mh.hr\/sl\/product\/palu-primer-strong\/","og_site_name":"Mea Via Beauty","article_publisher":"https:\/\/www.facebook.com\/MeaViaNailsWorld","article_modified_time":"2026-04-16T14:37:37+00:00","og_image":[{"width":1500,"height":1500,"url":"https:\/\/www.meavia-mh.hr\/wp-content\/uploads\/2024\/03\/Palu_PRIMER-STRONG.jpg","type":"image\/jpeg"}],"twitter_card":"summary_large_image","twitter_misc":{"Est. reading time":"4 minute"},"schema":{"@context":"https:\/\/schema.org","@graph":[{"@type":"WebPage","@id":"https:\/\/www.meavia-mh.hr\/product\/palu-primer-strong\/","url":"https:\/\/www.meavia-mh.hr\/product\/palu-primer-strong\/","name":"PALU Primer Strong \u22c6 Mea Via Beauty","isPartOf":{"@id":"https:\/\/meavia-mh.hr\/sl\/#website"},"primaryImageOfPage":{"@id":"https:\/\/www.meavia-mh.hr\/product\/palu-primer-strong\/#primaryimage"},"image":{"@id":"https:\/\/www.meavia-mh.hr\/product\/palu-primer-strong\/#primaryimage"},"thumbnailUrl":"https:\/\/www.meavia-mh.hr\/wp-content\/uploads\/2024\/03\/Palu_PRIMER-STRONG.jpg","datePublished":"2024-03-17T15:55:32+00:00","dateModified":"2026-04-16T14:37:37+00:00","description":"PALU Primer Strong \u22c6 primer brez kislin \u22c6 krepi in \u0161\u010diti nohte \u22c6 brez HEMA \u22c6 vrhunska kakovost \u22c6 dermatolo\u0161ko testirano \u22c6 brez kislin","breadcrumb":{"@id":"https:\/\/www.meavia-mh.hr\/product\/palu-primer-strong\/#breadcrumb"},"inLanguage":"sl-SI","potentialAction":[{"@type":"ReadAction","target":["https:\/\/www.meavia-mh.hr\/product\/palu-primer-strong\/"]}]},{"@type":"ImageObject","inLanguage":"sl-SI","@id":"https:\/\/www.meavia-mh.hr\/product\/palu-primer-strong\/#primaryimage","url":"https:\/\/www.meavia-mh.hr\/wp-content\/uploads\/2024\/03\/Palu_PRIMER-STRONG.jpg","contentUrl":"https:\/\/www.meavia-mh.hr\/wp-content\/uploads\/2024\/03\/Palu_PRIMER-STRONG.jpg","width":1500,"height":1500,"caption":"PALU Primer Strong"},{"@type":"BreadcrumbList","@id":"https:\/\/www.meavia-mh.hr\/product\/palu-primer-strong\/#breadcrumb","itemListElement":[{"@type":"ListItem","position":1,"name":"Po\u010detna stranica","item":"https:\/\/www.meavia-mh.hr\/"},{"@type":"ListItem","position":2,"name":"Trgovina","item":"https:\/\/meavia-mh.hr\/sl\/store\/"},{"@type":"ListItem","position":3,"name":"PALU Primer Strong"}]},{"@type":"WebSite","@id":"https:\/\/meavia-mh.hr\/sl\/#website","url":"https:\/\/meavia-mh.hr\/sl\/","name":"MEA VIA BEAUTY","description":"Only The Best For Your Beauty","publisher":{"@id":"https:\/\/meavia-mh.hr\/sl\/#organization"},"alternateName":"Mea Via Nails","potentialAction":[{"@type":"SearchAction","target":{"@type":"EntryPoint","urlTemplate":"https:\/\/meavia-mh.hr\/sl\/?s={search_term_string}"},"query-input":{"@type":"PropertyValueSpecification","valueRequired":true,"valueName":"search_term_string"}}],"inLanguage":"sl-SI"},{"@type":"Organization","@id":"https:\/\/meavia-mh.hr\/sl\/#organization","name":"Mea Via Nails World","alternateName":"Mea Via","url":"https:\/\/meavia-mh.hr\/sl\/","logo":{"@type":"ImageObject","inLanguage":"sl-SI","@id":"https:\/\/meavia-mh.hr\/sl\/#\/schema\/logo\/image\/","url":"https:\/\/www.meavia-mh.hr\/wp-content\/uploads\/2020\/12\/Mea-Via.png","contentUrl":"https:\/\/www.meavia-mh.hr\/wp-content\/uploads\/2020\/12\/Mea-Via.png","width":1181,"height":393,"caption":"Mea Via Nails World"},"image":{"@id":"https:\/\/meavia-mh.hr\/sl\/#\/schema\/logo\/image\/"},"sameAs":["https:\/\/www.facebook.com\/MeaViaNailsWorld","https:\/\/www.instagram.com\/mea_via_nails_world\/","https:\/\/www.youtube.com\/channel\/UCECk0hpRWP6TN-EfA4ER96g\/featured"]}]}},"spectra_custom_meta":{"_sku":["5903819824209"],"_regular_price":["6.19"],"total_sales":["245"],"_tax_status":["taxable"],"_tax_class":[""],"_manage_stock":["yes"],"_backorders":["no"],"_sold_individually":["no"],"_virtual":["no"],"_downloadable":["no"],"_product_image_gallery":["27748"],"_download_limit":["-1"],"_download_expiry":["-1"],"_thumbnail_id":["27747"],"_stock":["27"],"_stock_status":["instock"],"_wc_average_rating":["0"],"_wc_review_count":["0"],"_product_version":["10.7.0"],"_price":["6.19"],"_wp_page_template":["default"],"_yoast_wpseo_focuskw":["PALU Primer Strong"],"_yoast_wpseo_linkdex":["76"],"_yoast_wpseo_content_score":["90"],"_yoast_wpseo_estimated-reading-time-minutes":["4"],"cartflows_redirect_flow_id":[""],"cartflows_add_to_cart_text":[""],"_woocs_price_geo_countries":[""],"_woocs_regular_price_geo":[""],"_woocs_sale_price_geo":[""],"site-sidebar-layout":["default"],"site-content-layout":[""],"theme-transparent-header-meta":["default"],"stick-header-meta":["default"],"_yoast_wpseo_primary_product_cat":["115"],"_yoast_wpseo_metadesc":["%%title%% %%sep%% bezkiselinski primer %%sep%% ja\u010da i \u0161titi nokte %%sep%% HEMA Free %%sep%% vrhunska kvaliteta %%sep%% dermatolo\u0161ki testiran %%sep%% Acid Free"],"_woocs_regular_price_EUR":["5.3"],"_woocs_sale_price_EUR":["-1"],"_lowest_price_30_days":["6.19"],"_yoast_wpseo_wordproof_timestamp":[""],"_yoast_wpseo_primary_fb_product_set":[""],"ast-site-content-layout":["default"],"site-content-style":["default"],"site-sidebar-style":["default"],"_edit_lock":["1730843390:1239"],"_edit_last":["1239"],"ast-above-header-display":[""],"ast-below-header-display":[""],"uag_migration_processed":["1"],"astra-migrate-meta-layouts":["set"],"_last_change_time":["1764680293"],"_elementor_page_assets":["a:0:{}"],"_uag_page_assets":["a:9:{s:3:\"css\";s:0:\"\";s:2:\"js\";s:0:\"\";s:18:\"current_block_list\";a:3:{i:0;s:11:\"core\/search\";i:1;s:18:\"core\/legacy-widget\";i:2;s:27:\"woocommerce\/product-filters\";}s:8:\"uag_flag\";b:0;s:11:\"uag_version\";s:10:\"1776403924\";s:6:\"gfonts\";a:0:{}s:10:\"gfonts_url\";s:0:\"\";s:12:\"gfonts_files\";a:0:{}s:14:\"uag_faq_layout\";b:0;}"]},"uagb_featured_image_src":{"full":["https:\/\/www.meavia-mh.hr\/wp-content\/uploads\/2024\/03\/Palu_PRIMER-STRONG.jpg",1500,1500,false],"thumbnail":["https:\/\/www.meavia-mh.hr\/wp-content\/uploads\/2024\/03\/Palu_PRIMER-STRONG-150x150.jpg",150,150,true],"medium":["https:\/\/www.meavia-mh.hr\/wp-content\/uploads\/2024\/03\/Palu_PRIMER-STRONG-300x300.jpg",300,300,true],"medium_large":["https:\/\/www.meavia-mh.hr\/wp-content\/uploads\/2024\/03\/Palu_PRIMER-STRONG-768x768.jpg",768,768,true],"large":["https:\/\/www.meavia-mh.hr\/wp-content\/uploads\/2024\/03\/Palu_PRIMER-STRONG-1024x1024.jpg",1024,1024,true],"1536x1536":["https:\/\/www.meavia-mh.hr\/wp-content\/uploads\/2024\/03\/Palu_PRIMER-STRONG.jpg",1500,1500,false],"2048x2048":["https:\/\/www.meavia-mh.hr\/wp-content\/uploads\/2024\/03\/Palu_PRIMER-STRONG.jpg",1500,1500,false],"trp-custom-language-flag":["https:\/\/www.meavia-mh.hr\/wp-content\/uploads\/2024\/03\/Palu_PRIMER-STRONG-12x12.jpg",12,12,true],"woocommerce_thumbnail":["https:\/\/www.meavia-mh.hr\/wp-content\/uploads\/2024\/03\/Palu_PRIMER-STRONG-300x300.jpg",300,300,true],"woocommerce_single":["https:\/\/www.meavia-mh.hr\/wp-content\/uploads\/2024\/03\/Palu_PRIMER-STRONG-600x600.jpg",600,600,true],"woocommerce_gallery_thumbnail":["https:\/\/www.meavia-mh.hr\/wp-content\/uploads\/2024\/03\/Palu_PRIMER-STRONG-100x100.jpg",100,100,true]},"uagb_author_info":{"display_name":"Zla Gol","author_link":"https:\/\/www.meavia-mh.hr\/sl\/author\/"},"uagb_comment_info":0,"uagb_excerpt":null,"_links":{"self":[{"href":"https:\/\/www.meavia-mh.hr\/sl\/wp-json\/wp\/v2\/product\/27745","targetHints":{"allow":["GET"]}}],"collection":[{"href":"https:\/\/www.meavia-mh.hr\/sl\/wp-json\/wp\/v2\/product"}],"about":[{"href":"https:\/\/www.meavia-mh.hr\/sl\/wp-json\/wp\/v2\/types\/product"}],"replies":[{"embeddable":true,"href":"https:\/\/www.meavia-mh.hr\/sl\/wp-json\/wp\/v2\/comments?post=27745"}],"version-history":[{"count":1,"href":"https:\/\/www.meavia-mh.hr\/sl\/wp-json\/wp\/v2\/product\/27745\/revisions"}],"predecessor-version":[{"id":27749,"href":"https:\/\/www.meavia-mh.hr\/sl\/wp-json\/wp\/v2\/product\/27745\/revisions\/27749"}],"wp:featuredmedia":[{"embeddable":true,"href":"https:\/\/www.meavia-mh.hr\/sl\/wp-json\/wp\/v2\/media\/27747"}],"wp:attachment":[{"href":"https:\/\/www.meavia-mh.hr\/sl\/wp-json\/wp\/v2\/media?parent=27745"}],"wp:term":[{"taxonomy":"product_brand","embeddable":true,"href":"https:\/\/www.meavia-mh.hr\/sl\/wp-json\/wp\/v2\/product_brand?post=27745"},{"taxonomy":"product_cat","embeddable":true,"href":"https:\/\/www.meavia-mh.hr\/sl\/wp-json\/wp\/v2\/product_cat?post=27745"},{"taxonomy":"product_tag","embeddable":true,"href":"https:\/\/www.meavia-mh.hr\/sl\/wp-json\/wp\/v2\/product_tag?post=27745"}],"curies":[{"name":"delovni list","href":"https:\/\/api.w.org\/{rel}","templated":true}]}}