{"id":27716,"date":"2024-03-14T07:28:02","date_gmt":"2024-03-14T07:28:02","guid":{"rendered":"https:\/\/www.meavia-mh.hr\/?post_type=product&#038;p=27716"},"modified":"2026-04-27T08:27:19","modified_gmt":"2026-04-27T07:27:19","slug":"claresa-top-glass-no-wipe","status":"publish","type":"product","link":"https:\/\/www.meavia-mh.hr\/sl\/product\/claresa-top-glass-no-wipe\/","title":{"rendered":"Claresa Top Glass No Wipe"},"content":{"rendered":"<p><span class=\"\">Kaj storiti, ko \u017eelite zaslon pametnega telefona za\u0161\u010dititi pred praskami in hkrati ohraniti popolno kakovost zaslona? <\/span>Seveda - kupite dobro kaljeno steklo.<\/p>\n<p><strong>Claresa Glass Top No Wipe<\/strong>\u00a0je teko\u010de kaljeno steklo za va\u0161e nohte! Univerzalni <strong>prozoren hibridni vrh<\/strong> je primerno <strong>tako za podalj\u0161ane nohte kot za naravne nohtne plo\u0161\u010de<\/strong> . Njegova formula je <strong>pro\u017een, odli\u010dno \u0161\u010diti pred mehanskimi po\u0161kodbami in daje sijaj z u\u010dinkom mokrih nohtov<\/strong>. Vrh <strong>ne odebeli nohtne plo\u0161\u010de<\/strong>, pri \u010demer jo temeljito varuje. Izdelek <strong>popolnoma odra\u017ea barvo<\/strong> hibridni laki - tako svetli kot temni. Ne zahteva odstranitve disperzijske plasti.<\/p>\n<h3><b>Zna\u010dilnosti<\/b>:<\/h3>\n<ul>\n<li><span class=\"\">Nanos brez te\u017eav, brez poplavljanja obnohtne ko\u017eice<\/span><\/li>\n<li>Barva: prozorna<\/li>\n<li>Visok sijaj z u\u010dinkom mokrih nohtov<\/li>\n<li>Tanka konsistenca<\/li>\n<li>Brez disperzijske plasti<\/li>\n<li>Obstojnost do 3 tedne<\/li>\n<li>Enostavna aplikacija<\/li>\n<li>Dermatolo\u0161ko testirano<\/li>\n<li><strong>F<\/strong><strong>Formulirano brez \u0161kodljivih in strupenih snovi. Ne vsebuje TPO, toluena, DBP, formaldehida, formaldehidne smole, kafre, TPHP, ksilena, triklosana.<\/strong><\/li>\n<li>Vegansko in brez krutosti (izdelek ni testiran na \u017eivalih)<\/li>\n<li>Izdelano v EU<\/li>\n<li>Vse surovine za proizvodnjo iz EU<\/li>\n<li>UV\/LED svetilka \u2013 60 sekund (odvisno od mo\u010di svetilke)<\/li>\n<li><span style=\"font-size: 17.6px; font-style: normal; font-weight: bold;\">Pakiranje: 5 g<\/span><\/li>\n<\/ul>\n<figure id=\"attachment_27719\" aria-describedby=\"caption-attachment-27719\" style=\"width: 724px\" class=\"wp-caption aligncenter\"><a href=\"https:\/\/www.meavia-mh.hr\/wp-content\/uploads\/2024\/03\/Claresa-Top-Glass-EN-1920.jpg\"><img fetchpriority=\"high\" decoding=\"async\" class=\"wp-image-27719 size-large\" src=\"https:\/\/www.meavia-mh.hr\/wp-content\/uploads\/2024\/03\/Claresa-Top-Glass-EN-1920-724x1024.jpg\" alt=\"Claresa Top Glass No wipe\" width=\"724\" height=\"1024\" srcset=\"https:\/\/www.meavia-mh.hr\/wp-content\/uploads\/2024\/03\/Claresa-Top-Glass-EN-1920-724x1024.jpg 724w, https:\/\/www.meavia-mh.hr\/wp-content\/uploads\/2024\/03\/Claresa-Top-Glass-EN-1920-212x300.jpg 212w, https:\/\/www.meavia-mh.hr\/wp-content\/uploads\/2024\/03\/Claresa-Top-Glass-EN-1920-768x1086.jpg 768w, https:\/\/www.meavia-mh.hr\/wp-content\/uploads\/2024\/03\/Claresa-Top-Glass-EN-1920-1086x1536.jpg 1086w, https:\/\/www.meavia-mh.hr\/wp-content\/uploads\/2024\/03\/Claresa-Top-Glass-EN-1920-8x12.jpg 8w, https:\/\/www.meavia-mh.hr\/wp-content\/uploads\/2024\/03\/Claresa-Top-Glass-EN-1920-600x848.jpg 600w, https:\/\/www.meavia-mh.hr\/wp-content\/uploads\/2024\/03\/Claresa-Top-Glass-EN-1920.jpg 1358w\" sizes=\"(max-width: 724px) 100vw, 724px\" \/><\/a><figcaption id=\"caption-attachment-27719\" class=\"wp-caption-text\">Claresa Top Glass No Wipe<\/figcaption><\/figure>\n<h4>Na\u010din uporabe:<\/h4>\n<p>Nohtno plo\u0161\u010do rahlo matirajte s polirnim blokom. Na nohtu razma\u0161\u010den <a href=\"https:\/\/www.meavia-mh.hr\/sl\/product\/palu-cleaner-2-500-ml\/\">PALU Cleanerom<\/a> nanesite eno tanko plast <a href=\"https:\/\/www.meavia-mh.hr\/sl\/product\/claresa-baza\/\">Clares baza<\/a> in polimerizirajte v profesionalnoj\u00a0<a href=\"https:\/\/www.meavia-mh.hr\/sl\/product\/led-lampa-za-nokte-star-pro-96w-white\/\">Star Pro UV\/LED lu\u010dka 96W<\/a>.\u00a0<span class=\"\">Glede na stanje nohta nanesite 1 ali 2 sloja osnovnega laka in vsakega su\u0161ite 60 sekund. <\/span>v <a href=\"https:\/\/www.meavia-mh.hr\/sl\/product\/led-lampa-za-nokte-star-pro-96w-white\/\">UV\/LED lu\u010dke<\/a>. Stekleni\u010dka s \u010dopi\u010dem zagotavlja maksimalno udobje pri uporabi. N<span class=\"\">in na koncu lahko nanesete barvo trajnega laka po \u017eelji<\/span>. Oglejte si ponudbo vrhunskih trajnih lakov iz na\u0161e ponudbe blagovnih znamk: <a href=\"https:\/\/www.meavia-mh.hr\/sl\/product\/claresa-trajni-lak-gel-polish-frosty-morning-10\/\">Claresa<\/a>,\u00a0<a href=\"https:\/\/www.meavia-mh.hr\/sl\/product\/ikon-iq-prima-gel-polish-trajni-lak-fredrika-15-ml\/\">IKON.iQ<\/a>, <a href=\"https:\/\/www.meavia-mh.hr\/sl\/product\/emi-lac-lively-green-325-9-ml\/\">EMI<\/a> in\u00a0<a href=\"https:\/\/www.meavia-mh.hr\/sl\/product\/palu-gel-polish-trajni-lak-petersburg-pe5-11-ml\/\">PALU<\/a>.\u00a0<span class=\"\">Na koncu nanesite eno plast Clares Top Glass No wipe<\/span><strong><span class=\"\">\u00a0<\/span><\/strong><span class=\"\"> in posu\u0161ite v profesionalcu <a href=\"https:\/\/www.meavia-mh.hr\/sl\/product\/uv-led-lampa-za-nokte-lux-1-48w-srebrno-pink\/\">UV\/LED lu\u010dki.<\/a>\u00a0<\/span><\/p>\n<h4>Vrhunska kvaliteta za va\u0161e nohte!<\/h4>\n<p>Ali veste, da izdelki Claresa\u00a0<strong>dermatolo\u0161ko preizku\u0161en<\/strong>\u00a0in izdelani v skladu z najvi\u0161jimi standardi za kozmeti\u010dno industrijo, vklju\u010dno z ISO 22716, GMP \u2013 dobro proizvodno prakso, uporabo surovin evropskega porekla iz skupine Cosmetic Grade in vrhunskim nadzorom kakovosti. Izdelki Claresa so\u00a0<strong>vegansko in ni testirano na \u017eivalih<\/strong>Varna formula brez \u0161kodljivih in strupenih snovi\u00a0<strong>Ne vsebuje: toluena, DBP, formaldehida, formaldehidne smole, kafre, TPHP, ksilena, triklosana, TPO.\u00a0<\/strong><\/p>\n<h4>SESTAVA\/Ingredients\/INCI:<\/h4>\n<p>Akrilatni kopolimer, hidroksipropil metakrilat, etil trimetilbenzoil fenilfosfinat, dimetikon<\/p>\n<p><em><span class=\"\">* navedena sestava se lahko spremeni.\u00a0<\/span><span class=\"\">Celotno sestavo INCI najdete na embala\u017ei izdelka.<\/span><\/em><\/p>","protected":false},"excerpt":{"rendered":"<p><a href=\"https:\/\/www.meavia-mh.hr\/wp-content\/uploads\/2023\/12\/CLARESA_logo_BLACK.png\"><img decoding=\"async\" class=\"alignnone wp-image-25230\" src=\"https:\/\/www.meavia-mh.hr\/wp-content\/uploads\/2023\/12\/CLARESA_logo_BLACK.png\" alt=\"CLARESA_logo_BLACK\" width=\"192\" height=\"45\" \/><\/a><\/p>","protected":false},"featured_media":27720,"comment_status":"closed","ping_status":"closed","template":"","meta":{"_uag_custom_page_level_css":"","site-sidebar-layout":"default","site-content-layout":null,"ast-site-content-layout":"default","site-content-style":"default","site-sidebar-style":"default","ast-global-header-display":"","ast-banner-title-visibility":"","ast-main-header-display":"","ast-hfb-above-header-display":"","ast-hfb-below-header-display":"","ast-hfb-mobile-header-display":"","site-post-title":"","ast-breadcrumbs-content":null,"ast-featured-img":"","footer-sml-layout":"","ast-disable-related-posts":"","theme-transparent-header-meta":"default","adv-header-id-meta":"","stick-header-meta":"default","header-above-stick-meta":"","header-main-stick-meta":"","header-below-stick-meta":"","astra-migrate-meta-layouts":"set","ast-page-background-enabled":"default","ast-page-background-meta":{"desktop":{"background-color":"var(--ast-global-color-4)","background-image":"","background-repeat":"repeat","background-position":"center center","background-size":"auto","background-attachment":"scroll","background-type":"","background-media":"","overlay-type":"","overlay-color":"","overlay-opacity":"","overlay-gradient":""},"tablet":{"background-color":"","background-image":"","background-repeat":"repeat","background-position":"center center","background-size":"auto","background-attachment":"scroll","background-type":"","background-media":"","overlay-type":"","overlay-color":"","overlay-opacity":"","overlay-gradient":""},"mobile":{"background-color":"","background-image":"","background-repeat":"repeat","background-position":"center center","background-size":"auto","background-attachment":"scroll","background-type":"","background-media":"","overlay-type":"","overlay-color":"","overlay-opacity":"","overlay-gradient":""}},"ast-content-background-meta":{"desktop":{"background-color":"var(--ast-global-color-5)","background-image":"","background-repeat":"repeat","background-position":"center center","background-size":"auto","background-attachment":"scroll","background-type":"","background-media":"","overlay-type":"","overlay-color":"","overlay-opacity":"","overlay-gradient":""},"tablet":{"background-color":"var(--ast-global-color-5)","background-image":"","background-repeat":"repeat","background-position":"center center","background-size":"auto","background-attachment":"scroll","background-type":"","background-media":"","overlay-type":"","overlay-color":"","overlay-opacity":"","overlay-gradient":""},"mobile":{"background-color":"var(--ast-global-color-5)","background-image":"","background-repeat":"repeat","background-position":"center center","background-size":"auto","background-attachment":"scroll","background-type":"","background-media":"","overlay-type":"","overlay-color":"","overlay-opacity":"","overlay-gradient":""}}},"product_brand":[607],"product_cat":[534,678,724,676],"product_tag":[153],"class_list":{"0":"post-27716","1":"product","2":"type-product","3":"status-publish","4":"has-post-thumbnail","6":"product_brand-claresa","7":"product_cat-claresa","8":"product_cat-claresa-top-coat","9":"product_cat-classic-no-wipe-top-coat","10":"product_cat-top-coat","11":"product_tag-soak-off-base","12":"desktop-align-left","13":"tablet-align-left","14":"mobile-align-left","15":"ast-product-gallery-layout-horizontal-slider","16":"ast-product-tabs-layout-horizontal","18":"first","19":"instock","20":"taxable","21":"shipping-taxable","22":"purchasable","23":"product-type-simple"},"yoast_head":"<!-- This site is optimized with the Yoast SEO plugin v27.5 - https:\/\/yoast.com\/product\/yoast-seo-wordpress\/ -->\n<title>Claresa Top Glass No wipe &#8902; Mea Via Beauty<\/title>\n<meta name=\"description\" content=\"Claresa Top Glass No wipe &#8902; baza za noke &#8902; baza za gelove &#8902; baza bez kiselina &#8902; vrhunska kvaliteta &#8902; dermatolo\u0161ki testirana &#8902; sa disperzijskim slojem\" \/>\n<meta name=\"robots\" content=\"index, follow, max-snippet:-1, max-image-preview:large, max-video-preview:-1\" \/>\n<link rel=\"canonical\" href=\"https:\/\/www.meavia-mh.hr\/sl\/product\/claresa-top-glass-no-wipe\/\" \/>\n<meta property=\"og:locale\" content=\"sl_SI\" \/>\n<meta property=\"og:type\" content=\"article\" \/>\n<meta property=\"og:title\" content=\"Claresa Top Glass No wipe &#8902; Mea Via Beauty\" \/>\n<meta property=\"og:description\" content=\"Claresa Top Glass No wipe &#8902; baza za noke &#8902; baza za gelove &#8902; baza bez kiselina &#8902; vrhunska kvaliteta &#8902; dermatolo\u0161ki testirana &#8902; sa disperzijskim slojem\" \/>\n<meta property=\"og:url\" content=\"https:\/\/www.meavia-mh.hr\/sl\/product\/claresa-top-glass-no-wipe\/\" \/>\n<meta property=\"og:site_name\" content=\"Mea Via Beauty\" \/>\n<meta property=\"article:publisher\" content=\"https:\/\/www.facebook.com\/MeaViaNailsWorld\" \/>\n<meta property=\"article:modified_time\" content=\"2026-04-27T07:27:19+00:00\" \/>\n<meta property=\"og:image\" content=\"https:\/\/www.meavia-mh.hr\/wp-content\/uploads\/2024\/03\/TOP-GLASS.jpg\" \/>\n\t<meta property=\"og:image:width\" content=\"1500\" \/>\n\t<meta property=\"og:image:height\" content=\"1500\" \/>\n\t<meta property=\"og:image:type\" content=\"image\/jpeg\" \/>\n<meta name=\"twitter:card\" content=\"summary_large_image\" \/>\n<meta name=\"twitter:label1\" content=\"Est. reading time\" \/>\n\t<meta name=\"twitter:data1\" content=\"3 minute\" \/>\n<script type=\"application\/ld+json\" class=\"yoast-schema-graph\">{\"@context\":\"https:\\\/\\\/schema.org\",\"@graph\":[{\"@type\":\"WebPage\",\"@id\":\"https:\\\/\\\/www.meavia-mh.hr\\\/product\\\/claresa-top-glass-no-wipe\\\/\",\"url\":\"https:\\\/\\\/www.meavia-mh.hr\\\/product\\\/claresa-top-glass-no-wipe\\\/\",\"name\":\"Claresa Top Glass No wipe &#8902; Mea Via Beauty\",\"isPartOf\":{\"@id\":\"https:\\\/\\\/meavia-mh.hr\\\/sl\\\/#website\"},\"primaryImageOfPage\":{\"@id\":\"https:\\\/\\\/www.meavia-mh.hr\\\/product\\\/claresa-top-glass-no-wipe\\\/#primaryimage\"},\"image\":{\"@id\":\"https:\\\/\\\/www.meavia-mh.hr\\\/product\\\/claresa-top-glass-no-wipe\\\/#primaryimage\"},\"thumbnailUrl\":\"https:\\\/\\\/www.meavia-mh.hr\\\/wp-content\\\/uploads\\\/2024\\\/03\\\/TOP-GLASS.jpg\",\"datePublished\":\"2024-03-14T07:28:02+00:00\",\"dateModified\":\"2026-04-27T07:27:19+00:00\",\"description\":\"Claresa Top Glass No wipe &#8902; baza za noke &#8902; baza za gelove &#8902; baza bez kiselina &#8902; vrhunska kvaliteta &#8902; dermatolo\u0161ki testirana &#8902; sa disperzijskim slojem\",\"breadcrumb\":{\"@id\":\"https:\\\/\\\/www.meavia-mh.hr\\\/product\\\/claresa-top-glass-no-wipe\\\/#breadcrumb\"},\"inLanguage\":\"sl-SI\",\"potentialAction\":[{\"@type\":\"ReadAction\",\"target\":[\"https:\\\/\\\/www.meavia-mh.hr\\\/product\\\/claresa-top-glass-no-wipe\\\/\"]}]},{\"@type\":\"ImageObject\",\"inLanguage\":\"sl-SI\",\"@id\":\"https:\\\/\\\/www.meavia-mh.hr\\\/product\\\/claresa-top-glass-no-wipe\\\/#primaryimage\",\"url\":\"https:\\\/\\\/www.meavia-mh.hr\\\/wp-content\\\/uploads\\\/2024\\\/03\\\/TOP-GLASS.jpg\",\"contentUrl\":\"https:\\\/\\\/www.meavia-mh.hr\\\/wp-content\\\/uploads\\\/2024\\\/03\\\/TOP-GLASS.jpg\",\"width\":1500,\"height\":1500,\"caption\":\"Claresa Top Glass No wipe\"},{\"@type\":\"BreadcrumbList\",\"@id\":\"https:\\\/\\\/www.meavia-mh.hr\\\/product\\\/claresa-top-glass-no-wipe\\\/#breadcrumb\",\"itemListElement\":[{\"@type\":\"ListItem\",\"position\":1,\"name\":\"Po\u010detna stranica\",\"item\":\"https:\\\/\\\/www.meavia-mh.hr\\\/\"},{\"@type\":\"ListItem\",\"position\":2,\"name\":\"Trgovina\",\"item\":\"https:\\\/\\\/meavia-mh.hr\\\/sl\\\/store\\\/\"},{\"@type\":\"ListItem\",\"position\":3,\"name\":\"Claresa Top Glass No wipe\"}]},{\"@type\":\"WebSite\",\"@id\":\"https:\\\/\\\/meavia-mh.hr\\\/sl\\\/#website\",\"url\":\"https:\\\/\\\/meavia-mh.hr\\\/sl\\\/\",\"name\":\"Mea Via Beauty\",\"description\":\"Only The Best For Your Beauty\",\"publisher\":{\"@id\":\"https:\\\/\\\/meavia-mh.hr\\\/sl\\\/#organization\"},\"alternateName\":\"Mea Via Nails\",\"potentialAction\":[{\"@type\":\"SearchAction\",\"target\":{\"@type\":\"EntryPoint\",\"urlTemplate\":\"https:\\\/\\\/meavia-mh.hr\\\/sl\\\/?s={search_term_string}\"},\"query-input\":{\"@type\":\"PropertyValueSpecification\",\"valueRequired\":true,\"valueName\":\"search_term_string\"}}],\"inLanguage\":\"sl-SI\"},{\"@type\":\"Organization\",\"@id\":\"https:\\\/\\\/meavia-mh.hr\\\/sl\\\/#organization\",\"name\":\"Mea Via Nails World\",\"alternateName\":\"Mea Via\",\"url\":\"https:\\\/\\\/meavia-mh.hr\\\/sl\\\/\",\"logo\":{\"@type\":\"ImageObject\",\"inLanguage\":\"sl-SI\",\"@id\":\"https:\\\/\\\/meavia-mh.hr\\\/sl\\\/#\\\/schema\\\/logo\\\/image\\\/\",\"url\":\"https:\\\/\\\/www.meavia-mh.hr\\\/wp-content\\\/uploads\\\/2020\\\/12\\\/Mea-Via.png\",\"contentUrl\":\"https:\\\/\\\/www.meavia-mh.hr\\\/wp-content\\\/uploads\\\/2020\\\/12\\\/Mea-Via.png\",\"width\":1181,\"height\":393,\"caption\":\"Mea Via Nails World\"},\"image\":{\"@id\":\"https:\\\/\\\/meavia-mh.hr\\\/sl\\\/#\\\/schema\\\/logo\\\/image\\\/\"},\"sameAs\":[\"https:\\\/\\\/www.facebook.com\\\/MeaViaNailsWorld\",\"https:\\\/\\\/www.instagram.com\\\/mea_via_nails_world\\\/\",\"https:\\\/\\\/www.youtube.com\\\/channel\\\/UCECk0hpRWP6TN-EfA4ER96g\\\/featured\"]}]}<\/script>\n<!-- \/ Yoast SEO plugin. -->","yoast_head_json":{"title":"Claresa Top Glass brez brisanja \u22c6 Mea Via Beauty","description":"Claresa Top Glass No Wipe \u22c6 podlaga za nohte \u22c6 gel podlaga \u22c6 podlaga brez kislin \u22c6 vrhunska kakovost \u22c6 dermatolo\u0161ko testirano \u22c6 z disperzijsko plastjo","robots":{"index":"index","follow":"follow","max-snippet":"max-snippet:-1","max-image-preview":"max-image-preview:large","max-video-preview":"max-video-preview:-1"},"canonical":"https:\/\/www.meavia-mh.hr\/sl\/product\/claresa-top-glass-no-wipe\/","og_locale":"sl_SI","og_type":"article","og_title":"Claresa Top Glass No wipe &#8902; Mea Via Beauty","og_description":"Claresa Top Glass No wipe &#8902; baza za noke &#8902; baza za gelove &#8902; baza bez kiselina &#8902; vrhunska kvaliteta &#8902; dermatolo\u0161ki testirana &#8902; sa disperzijskim slojem","og_url":"https:\/\/www.meavia-mh.hr\/sl\/product\/claresa-top-glass-no-wipe\/","og_site_name":"Mea Via Beauty","article_publisher":"https:\/\/www.facebook.com\/MeaViaNailsWorld","article_modified_time":"2026-04-27T07:27:19+00:00","og_image":[{"width":1500,"height":1500,"url":"https:\/\/www.meavia-mh.hr\/wp-content\/uploads\/2024\/03\/TOP-GLASS.jpg","type":"image\/jpeg"}],"twitter_card":"summary_large_image","twitter_misc":{"Est. reading time":"3 minute"},"schema":{"@context":"https:\/\/schema.org","@graph":[{"@type":"WebPage","@id":"https:\/\/www.meavia-mh.hr\/product\/claresa-top-glass-no-wipe\/","url":"https:\/\/www.meavia-mh.hr\/product\/claresa-top-glass-no-wipe\/","name":"Claresa Top Glass brez brisanja \u22c6 Mea Via Beauty","isPartOf":{"@id":"https:\/\/meavia-mh.hr\/sl\/#website"},"primaryImageOfPage":{"@id":"https:\/\/www.meavia-mh.hr\/product\/claresa-top-glass-no-wipe\/#primaryimage"},"image":{"@id":"https:\/\/www.meavia-mh.hr\/product\/claresa-top-glass-no-wipe\/#primaryimage"},"thumbnailUrl":"https:\/\/www.meavia-mh.hr\/wp-content\/uploads\/2024\/03\/TOP-GLASS.jpg","datePublished":"2024-03-14T07:28:02+00:00","dateModified":"2026-04-27T07:27:19+00:00","description":"Claresa Top Glass No Wipe \u22c6 podlaga za nohte \u22c6 gel podlaga \u22c6 podlaga brez kislin \u22c6 vrhunska kakovost \u22c6 dermatolo\u0161ko testirano \u22c6 z disperzijsko plastjo","breadcrumb":{"@id":"https:\/\/www.meavia-mh.hr\/product\/claresa-top-glass-no-wipe\/#breadcrumb"},"inLanguage":"sl-SI","potentialAction":[{"@type":"ReadAction","target":["https:\/\/www.meavia-mh.hr\/product\/claresa-top-glass-no-wipe\/"]}]},{"@type":"ImageObject","inLanguage":"sl-SI","@id":"https:\/\/www.meavia-mh.hr\/product\/claresa-top-glass-no-wipe\/#primaryimage","url":"https:\/\/www.meavia-mh.hr\/wp-content\/uploads\/2024\/03\/TOP-GLASS.jpg","contentUrl":"https:\/\/www.meavia-mh.hr\/wp-content\/uploads\/2024\/03\/TOP-GLASS.jpg","width":1500,"height":1500,"caption":"Claresa Top Glass No wipe"},{"@type":"BreadcrumbList","@id":"https:\/\/www.meavia-mh.hr\/product\/claresa-top-glass-no-wipe\/#breadcrumb","itemListElement":[{"@type":"ListItem","position":1,"name":"Po\u010detna stranica","item":"https:\/\/www.meavia-mh.hr\/"},{"@type":"ListItem","position":2,"name":"Trgovina","item":"https:\/\/meavia-mh.hr\/sl\/store\/"},{"@type":"ListItem","position":3,"name":"Claresa Top Glass No wipe"}]},{"@type":"WebSite","@id":"https:\/\/meavia-mh.hr\/sl\/#website","url":"https:\/\/meavia-mh.hr\/sl\/","name":"MEA VIA BEAUTY","description":"Only The Best For Your Beauty","publisher":{"@id":"https:\/\/meavia-mh.hr\/sl\/#organization"},"alternateName":"Mea Via Nails","potentialAction":[{"@type":"SearchAction","target":{"@type":"EntryPoint","urlTemplate":"https:\/\/meavia-mh.hr\/sl\/?s={search_term_string}"},"query-input":{"@type":"PropertyValueSpecification","valueRequired":true,"valueName":"search_term_string"}}],"inLanguage":"sl-SI"},{"@type":"Organization","@id":"https:\/\/meavia-mh.hr\/sl\/#organization","name":"Mea Via Nails World","alternateName":"Mea Via","url":"https:\/\/meavia-mh.hr\/sl\/","logo":{"@type":"ImageObject","inLanguage":"sl-SI","@id":"https:\/\/meavia-mh.hr\/sl\/#\/schema\/logo\/image\/","url":"https:\/\/www.meavia-mh.hr\/wp-content\/uploads\/2020\/12\/Mea-Via.png","contentUrl":"https:\/\/www.meavia-mh.hr\/wp-content\/uploads\/2020\/12\/Mea-Via.png","width":1181,"height":393,"caption":"Mea Via Nails World"},"image":{"@id":"https:\/\/meavia-mh.hr\/sl\/#\/schema\/logo\/image\/"},"sameAs":["https:\/\/www.facebook.com\/MeaViaNailsWorld","https:\/\/www.instagram.com\/mea_via_nails_world\/","https:\/\/www.youtube.com\/channel\/UCECk0hpRWP6TN-EfA4ER96g\/featured"]}]}},"spectra_custom_meta":{"_sku":["5903819822403"],"_regular_price":["5.99"],"total_sales":["216"],"_tax_status":["taxable"],"_tax_class":[""],"_manage_stock":["yes"],"_backorders":["no"],"_sold_individually":["no"],"_virtual":["no"],"_downloadable":["no"],"_product_image_gallery":["27718,27717,41161,40730"],"_download_limit":["-1"],"_download_expiry":["-1"],"_thumbnail_id":["27720"],"_stock":["10"],"_stock_status":["instock"],"_wc_average_rating":["0"],"_wc_review_count":["0"],"_product_version":["10.7.0"],"_price":["5.99"],"_wp_page_template":["default"],"_yoast_wpseo_focuskw":["Claresa Top Glass No wipe"],"_yoast_wpseo_linkdex":["87"],"_yoast_wpseo_content_score":["90"],"_yoast_wpseo_estimated-reading-time-minutes":["3"],"cartflows_redirect_flow_id":[""],"cartflows_add_to_cart_text":[""],"_woocs_price_geo_countries":[""],"_woocs_regular_price_geo":[""],"_woocs_sale_price_geo":[""],"site-sidebar-layout":["default"],"site-content-layout":[null],"theme-transparent-header-meta":["default"],"stick-header-meta":["default"],"_yoast_wpseo_primary_product_cat":["339"],"_yoast_wpseo_metadesc":["%%title%% %%sep%% baza za noke %%sep%% baza za gelove %%sep%% baza bez kiselina %%sep%% vrhunska kvaliteta %%sep%% dermatolo\u0161ki testirana %%sep%% sa disperzijskim slojem"],"_yoast_wpseo_wordproof_timestamp":[""],"_woocs_regular_price_EUR":["5.3"],"_woocs_sale_price_EUR":["-1"],"_lowest_price_30_days":["5.3"],"ast-site-content-layout":["default"],"site-content-style":["default"],"site-sidebar-style":["default"],"_yoast_wpseo_primary_fb_product_set":[""],"_edit_lock":["1768069511:1239"],"_edit_last":["1239"],"ast-above-header-display":[null],"ast-below-header-display":[null],"uag_migration_processed":["1"],"fb_product_item_id":["9635324899816064"],"_wc_facebook_sync_enabled":["yes"],"fb_visibility":["yes"],"fb_product_description":[""],"_wc_facebook_product_image_source":["product"],"_yoast_wpseo_primary_product_brand":[""],"fb_rich_text_description":[""],"fb_product_video":["a:0:{}"],"fb_brand":[""],"fb_mpn":[""],"fb_size":[""],"fb_color":[""],"fb_material":[""],"fb_pattern":[""],"fb_age_group":[""],"fb_gender":[""],"fb_product_condition":[""],"astra-migrate-meta-layouts":["set"],"_last_change_time":["1775877563"],"footer-adv-display":[null],"adv-header-id-meta":[""],"ast-breadcrumbs-content":[null],"_elementor_page_assets":["a:0:{}"],"_uag_page_assets":["a:9:{s:3:\"css\";s:0:\"\";s:2:\"js\";s:0:\"\";s:18:\"current_block_list\";a:3:{i:0;s:11:\"core\/search\";i:1;s:18:\"core\/legacy-widget\";i:2;s:27:\"woocommerce\/product-filters\";}s:8:\"uag_flag\";b:0;s:11:\"uag_version\";s:10:\"1778404377\";s:6:\"gfonts\";a:0:{}s:10:\"gfonts_url\";s:0:\"\";s:12:\"gfonts_files\";a:0:{}s:14:\"uag_faq_layout\";b:0;}"]},"uagb_featured_image_src":{"full":["https:\/\/www.meavia-mh.hr\/wp-content\/uploads\/2024\/03\/TOP-GLASS.jpg",1500,1500,false],"thumbnail":["https:\/\/www.meavia-mh.hr\/wp-content\/uploads\/2024\/03\/TOP-GLASS-150x150.jpg",150,150,true],"medium":["https:\/\/www.meavia-mh.hr\/wp-content\/uploads\/2024\/03\/TOP-GLASS-300x300.jpg",300,300,true],"medium_large":["https:\/\/www.meavia-mh.hr\/wp-content\/uploads\/2024\/03\/TOP-GLASS-768x768.jpg",768,768,true],"large":["https:\/\/www.meavia-mh.hr\/wp-content\/uploads\/2024\/03\/TOP-GLASS-1024x1024.jpg",1024,1024,true],"1536x1536":["https:\/\/www.meavia-mh.hr\/wp-content\/uploads\/2024\/03\/TOP-GLASS.jpg",1500,1500,false],"2048x2048":["https:\/\/www.meavia-mh.hr\/wp-content\/uploads\/2024\/03\/TOP-GLASS.jpg",1500,1500,false],"trp-custom-language-flag":["https:\/\/www.meavia-mh.hr\/wp-content\/uploads\/2024\/03\/TOP-GLASS-12x12.jpg",12,12,true],"woocommerce_thumbnail":["https:\/\/www.meavia-mh.hr\/wp-content\/uploads\/2024\/03\/TOP-GLASS-300x300.jpg",300,300,true],"woocommerce_single":["https:\/\/www.meavia-mh.hr\/wp-content\/uploads\/2024\/03\/TOP-GLASS-600x600.jpg",600,600,true],"woocommerce_gallery_thumbnail":["https:\/\/www.meavia-mh.hr\/wp-content\/uploads\/2024\/03\/TOP-GLASS-100x100.jpg",100,100,true]},"uagb_author_info":{"display_name":"Zla Gol","author_link":"https:\/\/www.meavia-mh.hr\/sl\/author\/"},"uagb_comment_info":0,"uagb_excerpt":null,"_links":{"self":[{"href":"https:\/\/www.meavia-mh.hr\/sl\/wp-json\/wp\/v2\/product\/27716","targetHints":{"allow":["GET"]}}],"collection":[{"href":"https:\/\/www.meavia-mh.hr\/sl\/wp-json\/wp\/v2\/product"}],"about":[{"href":"https:\/\/www.meavia-mh.hr\/sl\/wp-json\/wp\/v2\/types\/product"}],"replies":[{"embeddable":true,"href":"https:\/\/www.meavia-mh.hr\/sl\/wp-json\/wp\/v2\/comments?post=27716"}],"version-history":[{"count":5,"href":"https:\/\/www.meavia-mh.hr\/sl\/wp-json\/wp\/v2\/product\/27716\/revisions"}],"predecessor-version":[{"id":41596,"href":"https:\/\/www.meavia-mh.hr\/sl\/wp-json\/wp\/v2\/product\/27716\/revisions\/41596"}],"wp:featuredmedia":[{"embeddable":true,"href":"https:\/\/www.meavia-mh.hr\/sl\/wp-json\/wp\/v2\/media\/27720"}],"wp:attachment":[{"href":"https:\/\/www.meavia-mh.hr\/sl\/wp-json\/wp\/v2\/media?parent=27716"}],"wp:term":[{"taxonomy":"product_brand","embeddable":true,"href":"https:\/\/www.meavia-mh.hr\/sl\/wp-json\/wp\/v2\/product_brand?post=27716"},{"taxonomy":"product_cat","embeddable":true,"href":"https:\/\/www.meavia-mh.hr\/sl\/wp-json\/wp\/v2\/product_cat?post=27716"},{"taxonomy":"product_tag","embeddable":true,"href":"https:\/\/www.meavia-mh.hr\/sl\/wp-json\/wp\/v2\/product_tag?post=27716"}],"curies":[{"name":"delovni list","href":"https:\/\/api.w.org\/{rel}","templated":true}]}}