{"id":26792,"date":"2024-01-29T16:52:40","date_gmt":"2024-01-29T16:52:40","guid":{"rendered":"https:\/\/www.meavia-mh.hr\/?post_type=product&#038;p=26792"},"modified":"2026-02-26T16:01:01","modified_gmt":"2026-02-26T15:01:01","slug":"kistovi-za-nail-art-set-3","status":"publish","type":"product","link":"https:\/\/www.meavia-mh.hr\/sl\/product\/kistovi-za-nail-art-set-3\/","title":{"rendered":"\u010copi\u010di za nail art set 3"},"content":{"rendered":"<p>Set \u010dopi\u010dev je popoln pripomo\u010dek za vsakega ljubitelja nail arta. Komplet sestavljajo trije \u010dopi\u010di z razli\u010dnimi dol\u017einami \u0161\u010detin, ki zagotavljajo natan\u010dne in raznolike mo\u017enosti ustvarjanja domiselnih dizajnov na nohtih. Ne glede na to, ali imate radi okrasne vzorce, pike, \u010drte ali ob\u010dutljive okraske, vam bo ta set \u010dopi\u010dev za poslikavo nohtov pomagal dose\u010di popolne rezultate.<\/p>\n<h3>Preprost dizajn<\/h3>\n<p>Minimalisti\u010den, a zanimiv dizajn, ki ga navdihuje morsko steklo, doda \u010dopi\u010dem stilski zna\u010daj. Ro\u010daji so oblikovani tako, da zagotavljajo udobno in varno dr\u017eanje. Poleg tega ima vsaka krta\u010da druga\u010dno barvo ro\u010daja, kar olaj\u0161a iskanje prave dol\u017eine \u0161\u010detin med delom.<\/p>\n<p>V kompletu so 3 krta\u010de z razli\u010dnimi dol\u017einami las.<\/p>\n<h4>dimenzije:<\/h4>\n<ul>\n<li>Dol\u017eina ro\u010daja: 14,5 cm<\/li>\n<li>Dol\u017eina dlake: 7 mm, 9 mm, 11 mm<\/li>\n<\/ul>\n<h4>Katero krta\u010do izbrati<\/h4>\n<p><span style=\"font-size: 16px;\">Ali ste vedeli, da je \u0161\u010detka sestavljena iz treh delov: ro\u010dajev, \u0161\u010detin ali \u0161\u010detin in nastavkov.\u00a0<\/span><\/p>\n<div class=\"itemFullText\">\n<p><strong>Ro\u010daj \u0161\u010detke<\/strong> - lahko iz lesa ali plastike. Ro\u010daj \u0161\u010detke ima pravilno dolo\u010deno dol\u017eino za udoben oprijem \u0161\u010detke ter enostavnej\u0161e in la\u017eje delo. Danes obstajajo skraj\u0161ani, zlo\u017eljivi ro\u010daji.<br \/>\n<strong>Krta\u010da za lase<\/strong> - vrsta las, naravni lasje ali najlon in oblika, v kateri so oblikovani v okrogli ali plo\u0161\u010dati, dolo\u010dajo kon\u010dni namen krta\u010de. Lasje so tisto, kar naredi razliko med dobro in slabo krta\u010do.<br \/>\n<strong>Ferula ali podstavek za noge<\/strong> - je kovinski okrogel del, ki dr\u017ei dlake krta\u010de skupaj in jih pritrdi na ro\u010daj \u0161\u010detke. Osnova las je pritrjena z lepilom in dodatno pritrjena obro\u010dka. Ferula se mora dobro oprijeti ro\u010daja in je pritrjena s posebnim strojem in se vidi po zarezah na njej. \u010ce lasje nenehno izpadajo, to pomeni, da niso pritrjeni z lepilom ali pa so slabo narejeni.<\/p>\n<p>Velikost \u010dopi\u010da je dolo\u010dena s \u0161tevilko. \u0160tevilke velikosti \u010dopi\u010dev se gibljejo od 0 do 40. Manj\u0161e \u0161tevilo pomeni tanj\u0161i \u010dopi\u010d, ve\u010dje \u0161tevilo pomeni ve\u010dji ali debelej\u0161i \u010dopi\u010d. Imamo tudi \u010dopi\u010de v velikostih 0000, 000 in 00 in so namenjeni za zelo natan\u010dne miniaturne detajle (risanje detajlov, \u010drt, nail art).<\/p>\n<p>Poskrbite za rokovanje, \u010di\u0161\u010denje in shranjevanje \u0161\u010detk. Odvisno je od tega, kako dolgo vam bodo \u0161\u010detke zdr\u017eale, ne da bi jih morali zamenjati z novimi. Zelo pomembno je \u010di\u0161\u010denje \u010dopi\u010da po uporabi in pri menjavi barve. \u0160\u010detke shranjujte v posodi z ro\u010daji navzdol in z lasmi navzgor.<\/p>\n<p>Cena se nana\u0161a na prodajo preko interneta. Fotografija izdelka morda ne bo v celoti ustrezala dejanskemu izgledu in vsebini izdelka. V primeru tehni\u010dnih napak Mea Via ne prevzema odgovornosti za to\u010dnost prikazanih cen in fotografij.\u00a0<em>Upo\u0161tevajte, da se po najbolj\u0161ih mo\u010deh trudimo zagotoviti, da slika, predstavljena na spletnem mestu, najbolje odra\u017ea dejanske barve na\u0161ih izdelkov. Dejavniki, ki jih med brskanjem ne moremo nadzorovati, kot so osvetlitev, vrsta uporabljene elektronske opreme, nastavitve zaslona ali grafi\u010dna kartica - vplivajo na sprejem\/interpretacijo gledane slike.<\/em><\/p>\n<\/div>\n<p>&nbsp;<\/p>","protected":false},"excerpt":{"rendered":"<p>Set kistova predstavlja savr\u0161en alat za svakog zaljubljenika u nail art. Set se sastoji od tri kista s razli\u010ditim duljinama dla\u010dica koje pru\u017eaju precizne i raznolike mogu\u0107nosti za stvaranje ma\u0161tovitih dizajna na noktima. Bez obzira volite li ukrasne uzorke, to\u010dkice, pruge ili delikatne ukrase, ovaj set kistova za nail art pomo\u0107i \u0107e vam posti\u0107i savr\u0161ene [&hellip;]<\/p>\n","protected":false},"featured_media":26781,"comment_status":"closed","ping_status":"closed","template":"","meta":{"_uag_custom_page_level_css":"","site-sidebar-layout":"default","site-content-layout":null,"ast-site-content-layout":"default","site-content-style":"default","site-sidebar-style":"default","ast-global-header-display":"","ast-banner-title-visibility":"","ast-main-header-display":"","ast-hfb-above-header-display":"","ast-hfb-below-header-display":"","ast-hfb-mobile-header-display":"","site-post-title":"","ast-breadcrumbs-content":null,"ast-featured-img":"","footer-sml-layout":"","ast-disable-related-posts":"","theme-transparent-header-meta":"default","adv-header-id-meta":"","stick-header-meta":"default","header-above-stick-meta":"","header-main-stick-meta":"","header-below-stick-meta":"","astra-migrate-meta-layouts":"set","ast-page-background-enabled":"default","ast-page-background-meta":{"desktop":{"background-color":"var(--ast-global-color-4)","background-image":"","background-repeat":"repeat","background-position":"center center","background-size":"auto","background-attachment":"scroll","background-type":"","background-media":"","overlay-type":"","overlay-color":"","overlay-opacity":"","overlay-gradient":""},"tablet":{"background-color":"","background-image":"","background-repeat":"repeat","background-position":"center center","background-size":"auto","background-attachment":"scroll","background-type":"","background-media":"","overlay-type":"","overlay-color":"","overlay-opacity":"","overlay-gradient":""},"mobile":{"background-color":"","background-image":"","background-repeat":"repeat","background-position":"center center","background-size":"auto","background-attachment":"scroll","background-type":"","background-media":"","overlay-type":"","overlay-color":"","overlay-opacity":"","overlay-gradient":""}},"ast-content-background-meta":{"desktop":{"background-color":"var(--ast-global-color-5)","background-image":"","background-repeat":"repeat","background-position":"center center","background-size":"auto","background-attachment":"scroll","background-type":"","background-media":"","overlay-type":"","overlay-color":"","overlay-opacity":"","overlay-gradient":""},"tablet":{"background-color":"var(--ast-global-color-5)","background-image":"","background-repeat":"repeat","background-position":"center center","background-size":"auto","background-attachment":"scroll","background-type":"","background-media":"","overlay-type":"","overlay-color":"","overlay-opacity":"","overlay-gradient":""},"mobile":{"background-color":"var(--ast-global-color-5)","background-image":"","background-repeat":"repeat","background-position":"center center","background-size":"auto","background-attachment":"scroll","background-type":"","background-media":"","overlay-type":"","overlay-color":"","overlay-opacity":"","overlay-gradient":""}}},"product_brand":[],"product_cat":[112],"product_tag":[72],"class_list":{"0":"post-26792","1":"product","2":"type-product","3":"status-publish","4":"has-post-thumbnail","6":"product_cat-kistovi","7":"product_tag-kist","8":"desktop-align-left","9":"tablet-align-left","10":"mobile-align-left","11":"ast-product-gallery-layout-horizontal-slider","12":"ast-product-tabs-layout-horizontal","14":"first","15":"instock","16":"taxable","17":"shipping-taxable","18":"purchasable","19":"product-type-simple"},"yoast_head":"<!-- This site is optimized with the Yoast SEO plugin v27.4 - https:\/\/yoast.com\/product\/yoast-seo-wordpress\/ -->\n<title>Kistovi za nail art Set 3 &#8902; premium kvaliteta Mea Via Beauty<\/title>\n<meta name=\"description\" content=\"precizan kist za detalje &#8902; za nail art, crtanje detalja &#8902; premium kvaliteta izrade &#8902; za kori\u0161tenje kod trajnih lakova, paint gelova\u00a0\" \/>\n<meta name=\"robots\" content=\"index, follow, max-snippet:-1, max-image-preview:large, max-video-preview:-1\" \/>\n<link rel=\"canonical\" href=\"https:\/\/www.meavia-mh.hr\/sl\/product\/kistovi-za-nail-art-set-3\/\" \/>\n<meta property=\"og:locale\" content=\"sl_SI\" \/>\n<meta property=\"og:type\" content=\"article\" \/>\n<meta property=\"og:title\" content=\"Kistovi za nail art Set 3 &#8902; premium kvaliteta Mea Via Beauty\" \/>\n<meta property=\"og:description\" content=\"precizan kist za detalje &#8902; za nail art, crtanje detalja &#8902; premium kvaliteta izrade &#8902; za kori\u0161tenje kod trajnih lakova, paint gelova\u00a0\" \/>\n<meta property=\"og:url\" content=\"https:\/\/www.meavia-mh.hr\/sl\/product\/kistovi-za-nail-art-set-3\/\" \/>\n<meta property=\"og:site_name\" content=\"Mea Via Beauty\" \/>\n<meta property=\"article:publisher\" content=\"https:\/\/www.facebook.com\/MeaViaNailsWorld\" \/>\n<meta property=\"article:modified_time\" content=\"2026-02-26T15:01:01+00:00\" \/>\n<meta property=\"og:image\" content=\"https:\/\/www.meavia-mh.hr\/wp-content\/uploads\/2024\/01\/Kist.jpg\" \/>\n\t<meta property=\"og:image:width\" content=\"1350\" \/>\n\t<meta property=\"og:image:height\" content=\"1350\" \/>\n\t<meta property=\"og:image:type\" content=\"image\/jpeg\" \/>\n<meta name=\"twitter:card\" content=\"summary_large_image\" \/>\n<meta name=\"twitter:label1\" content=\"Est. reading time\" \/>\n\t<meta name=\"twitter:data1\" content=\"3 minute\" \/>\n<script type=\"application\/ld+json\" class=\"yoast-schema-graph\">{\"@context\":\"https:\\\/\\\/schema.org\",\"@graph\":[{\"@type\":\"WebPage\",\"@id\":\"https:\\\/\\\/www.meavia-mh.hr\\\/product\\\/kistovi-za-nail-art-set-3\\\/\",\"url\":\"https:\\\/\\\/www.meavia-mh.hr\\\/product\\\/kistovi-za-nail-art-set-3\\\/\",\"name\":\"Kistovi za nail art Set 3 &#8902; premium kvaliteta Mea Via Beauty\",\"isPartOf\":{\"@id\":\"https:\\\/\\\/meavia-mh.hr\\\/sl\\\/#website\"},\"primaryImageOfPage\":{\"@id\":\"https:\\\/\\\/www.meavia-mh.hr\\\/product\\\/kistovi-za-nail-art-set-3\\\/#primaryimage\"},\"image\":{\"@id\":\"https:\\\/\\\/www.meavia-mh.hr\\\/product\\\/kistovi-za-nail-art-set-3\\\/#primaryimage\"},\"thumbnailUrl\":\"https:\\\/\\\/www.meavia-mh.hr\\\/wp-content\\\/uploads\\\/2024\\\/01\\\/Kist.jpg\",\"datePublished\":\"2024-01-29T16:52:40+00:00\",\"dateModified\":\"2026-02-26T15:01:01+00:00\",\"description\":\"precizan kist za detalje &#8902; za nail art, crtanje detalja &#8902; premium kvaliteta izrade &#8902; za kori\u0161tenje kod trajnih lakova, paint gelova\u00a0\",\"breadcrumb\":{\"@id\":\"https:\\\/\\\/www.meavia-mh.hr\\\/product\\\/kistovi-za-nail-art-set-3\\\/#breadcrumb\"},\"inLanguage\":\"sl-SI\",\"potentialAction\":[{\"@type\":\"ReadAction\",\"target\":[\"https:\\\/\\\/www.meavia-mh.hr\\\/product\\\/kistovi-za-nail-art-set-3\\\/\"]}]},{\"@type\":\"ImageObject\",\"inLanguage\":\"sl-SI\",\"@id\":\"https:\\\/\\\/www.meavia-mh.hr\\\/product\\\/kistovi-za-nail-art-set-3\\\/#primaryimage\",\"url\":\"https:\\\/\\\/www.meavia-mh.hr\\\/wp-content\\\/uploads\\\/2024\\\/01\\\/Kist.jpg\",\"contentUrl\":\"https:\\\/\\\/www.meavia-mh.hr\\\/wp-content\\\/uploads\\\/2024\\\/01\\\/Kist.jpg\",\"width\":1350,\"height\":1350,\"caption\":\"Kistovi za nail art Set 3\"},{\"@type\":\"BreadcrumbList\",\"@id\":\"https:\\\/\\\/www.meavia-mh.hr\\\/product\\\/kistovi-za-nail-art-set-3\\\/#breadcrumb\",\"itemListElement\":[{\"@type\":\"ListItem\",\"position\":1,\"name\":\"Po\u010detna stranica\",\"item\":\"https:\\\/\\\/www.meavia-mh.hr\\\/\"},{\"@type\":\"ListItem\",\"position\":2,\"name\":\"Trgovina\",\"item\":\"https:\\\/\\\/meavia-mh.hr\\\/sl\\\/store\\\/\"},{\"@type\":\"ListItem\",\"position\":3,\"name\":\"Kistovi za nail art Set 3\"}]},{\"@type\":\"WebSite\",\"@id\":\"https:\\\/\\\/meavia-mh.hr\\\/sl\\\/#website\",\"url\":\"https:\\\/\\\/meavia-mh.hr\\\/sl\\\/\",\"name\":\"Mea Via Beauty\",\"description\":\"Only The Best For Your Beauty\",\"publisher\":{\"@id\":\"https:\\\/\\\/meavia-mh.hr\\\/sl\\\/#organization\"},\"alternateName\":\"Mea Via Nails\",\"potentialAction\":[{\"@type\":\"SearchAction\",\"target\":{\"@type\":\"EntryPoint\",\"urlTemplate\":\"https:\\\/\\\/meavia-mh.hr\\\/sl\\\/?s={search_term_string}\"},\"query-input\":{\"@type\":\"PropertyValueSpecification\",\"valueRequired\":true,\"valueName\":\"search_term_string\"}}],\"inLanguage\":\"sl-SI\"},{\"@type\":\"Organization\",\"@id\":\"https:\\\/\\\/meavia-mh.hr\\\/sl\\\/#organization\",\"name\":\"Mea Via Nails World\",\"alternateName\":\"Mea Via\",\"url\":\"https:\\\/\\\/meavia-mh.hr\\\/sl\\\/\",\"logo\":{\"@type\":\"ImageObject\",\"inLanguage\":\"sl-SI\",\"@id\":\"https:\\\/\\\/meavia-mh.hr\\\/sl\\\/#\\\/schema\\\/logo\\\/image\\\/\",\"url\":\"https:\\\/\\\/www.meavia-mh.hr\\\/wp-content\\\/uploads\\\/2020\\\/12\\\/Mea-Via.png\",\"contentUrl\":\"https:\\\/\\\/www.meavia-mh.hr\\\/wp-content\\\/uploads\\\/2020\\\/12\\\/Mea-Via.png\",\"width\":1181,\"height\":393,\"caption\":\"Mea Via Nails World\"},\"image\":{\"@id\":\"https:\\\/\\\/meavia-mh.hr\\\/sl\\\/#\\\/schema\\\/logo\\\/image\\\/\"},\"sameAs\":[\"https:\\\/\\\/www.facebook.com\\\/MeaViaNailsWorld\",\"https:\\\/\\\/www.instagram.com\\\/mea_via_nails_world\\\/\",\"https:\\\/\\\/www.youtube.com\\\/channel\\\/UCECk0hpRWP6TN-EfA4ER96g\\\/featured\"]}]}<\/script>\n<!-- \/ Yoast SEO plugin. -->","yoast_head_json":{"title":"Komplet 3 \u010dopi\u010dev za poslikavo nohtov \u22c6 vrhunska kakovost Mea Via Beauty","description":"natan\u010den \u010dopi\u010d za detajle \u22c6 za poslikavo nohtov, risanje detajlov \u22c6 vrhunska kakovost izdelave \u22c6 za uporabo s permanentnimi laki, barvnimi geli\u00a0","robots":{"index":"index","follow":"follow","max-snippet":"max-snippet:-1","max-image-preview":"max-image-preview:large","max-video-preview":"max-video-preview:-1"},"canonical":"https:\/\/www.meavia-mh.hr\/sl\/product\/kistovi-za-nail-art-set-3\/","og_locale":"sl_SI","og_type":"article","og_title":"Kistovi za nail art Set 3 &#8902; premium kvaliteta Mea Via Beauty","og_description":"precizan kist za detalje &#8902; za nail art, crtanje detalja &#8902; premium kvaliteta izrade &#8902; za kori\u0161tenje kod trajnih lakova, paint gelova\u00a0","og_url":"https:\/\/www.meavia-mh.hr\/sl\/product\/kistovi-za-nail-art-set-3\/","og_site_name":"Mea Via Beauty","article_publisher":"https:\/\/www.facebook.com\/MeaViaNailsWorld","article_modified_time":"2026-02-26T15:01:01+00:00","og_image":[{"width":1350,"height":1350,"url":"https:\/\/www.meavia-mh.hr\/wp-content\/uploads\/2024\/01\/Kist.jpg","type":"image\/jpeg"}],"twitter_card":"summary_large_image","twitter_misc":{"Est. reading time":"3 minute"},"schema":{"@context":"https:\/\/schema.org","@graph":[{"@type":"WebPage","@id":"https:\/\/www.meavia-mh.hr\/product\/kistovi-za-nail-art-set-3\/","url":"https:\/\/www.meavia-mh.hr\/product\/kistovi-za-nail-art-set-3\/","name":"Komplet 3 \u010dopi\u010dev za poslikavo nohtov \u22c6 vrhunska kakovost Mea Via Beauty","isPartOf":{"@id":"https:\/\/meavia-mh.hr\/sl\/#website"},"primaryImageOfPage":{"@id":"https:\/\/www.meavia-mh.hr\/product\/kistovi-za-nail-art-set-3\/#primaryimage"},"image":{"@id":"https:\/\/www.meavia-mh.hr\/product\/kistovi-za-nail-art-set-3\/#primaryimage"},"thumbnailUrl":"https:\/\/www.meavia-mh.hr\/wp-content\/uploads\/2024\/01\/Kist.jpg","datePublished":"2024-01-29T16:52:40+00:00","dateModified":"2026-02-26T15:01:01+00:00","description":"natan\u010den \u010dopi\u010d za detajle \u22c6 za poslikavo nohtov, risanje detajlov \u22c6 vrhunska kakovost izdelave \u22c6 za uporabo s permanentnimi laki, barvnimi geli\u00a0","breadcrumb":{"@id":"https:\/\/www.meavia-mh.hr\/product\/kistovi-za-nail-art-set-3\/#breadcrumb"},"inLanguage":"sl-SI","potentialAction":[{"@type":"ReadAction","target":["https:\/\/www.meavia-mh.hr\/product\/kistovi-za-nail-art-set-3\/"]}]},{"@type":"ImageObject","inLanguage":"sl-SI","@id":"https:\/\/www.meavia-mh.hr\/product\/kistovi-za-nail-art-set-3\/#primaryimage","url":"https:\/\/www.meavia-mh.hr\/wp-content\/uploads\/2024\/01\/Kist.jpg","contentUrl":"https:\/\/www.meavia-mh.hr\/wp-content\/uploads\/2024\/01\/Kist.jpg","width":1350,"height":1350,"caption":"Kistovi za nail art Set 3"},{"@type":"BreadcrumbList","@id":"https:\/\/www.meavia-mh.hr\/product\/kistovi-za-nail-art-set-3\/#breadcrumb","itemListElement":[{"@type":"ListItem","position":1,"name":"Po\u010detna stranica","item":"https:\/\/www.meavia-mh.hr\/"},{"@type":"ListItem","position":2,"name":"Trgovina","item":"https:\/\/meavia-mh.hr\/sl\/store\/"},{"@type":"ListItem","position":3,"name":"Kistovi za nail art Set 3"}]},{"@type":"WebSite","@id":"https:\/\/meavia-mh.hr\/sl\/#website","url":"https:\/\/meavia-mh.hr\/sl\/","name":"MEA VIA BEAUTY","description":"Only The Best For Your Beauty","publisher":{"@id":"https:\/\/meavia-mh.hr\/sl\/#organization"},"alternateName":"Mea Via Nails","potentialAction":[{"@type":"SearchAction","target":{"@type":"EntryPoint","urlTemplate":"https:\/\/meavia-mh.hr\/sl\/?s={search_term_string}"},"query-input":{"@type":"PropertyValueSpecification","valueRequired":true,"valueName":"search_term_string"}}],"inLanguage":"sl-SI"},{"@type":"Organization","@id":"https:\/\/meavia-mh.hr\/sl\/#organization","name":"Mea Via Nails World","alternateName":"Mea Via","url":"https:\/\/meavia-mh.hr\/sl\/","logo":{"@type":"ImageObject","inLanguage":"sl-SI","@id":"https:\/\/meavia-mh.hr\/sl\/#\/schema\/logo\/image\/","url":"https:\/\/www.meavia-mh.hr\/wp-content\/uploads\/2020\/12\/Mea-Via.png","contentUrl":"https:\/\/www.meavia-mh.hr\/wp-content\/uploads\/2020\/12\/Mea-Via.png","width":1181,"height":393,"caption":"Mea Via Nails World"},"image":{"@id":"https:\/\/meavia-mh.hr\/sl\/#\/schema\/logo\/image\/"},"sameAs":["https:\/\/www.facebook.com\/MeaViaNailsWorld","https:\/\/www.instagram.com\/mea_via_nails_world\/","https:\/\/www.youtube.com\/channel\/UCECk0hpRWP6TN-EfA4ER96g\/featured"]}]}},"spectra_custom_meta":{"_sku":["147277"],"_regular_price":["4.90"],"total_sales":["76"],"_tax_status":["taxable"],"_tax_class":[""],"_manage_stock":["yes"],"_backorders":["no"],"_sold_individually":["no"],"_virtual":["no"],"_downloadable":["no"],"_product_image_gallery":["26785"],"_download_limit":["-1"],"_download_expiry":["-1"],"_thumbnail_id":["26781"],"_stock":["12"],"_stock_status":["instock"],"_wc_average_rating":["0"],"_wc_review_count":["0"],"_product_version":["10.5.2"],"_price":["4.90"],"_wp_page_template":["default"],"_yoast_wpseo_focuskw":["Stylistic kist Super Liner 0"],"_yoast_wpseo_title":["%%title%% %%page%% %%sep%% premium kvaliteta %%sitename%%"],"_yoast_wpseo_metadesc":["precizan kist za detalje %%sep%% za nail art, crtanje detalja %%sep%% premium kvaliteta izrade %%sep%% za kori\u0161tenje kod trajnih lakova, paint gelova\u00a0"],"_yoast_wpseo_linkdex":["57"],"_yoast_wpseo_content_score":["90"],"_yoast_wpseo_primary_product_cat":["112"],"site-sidebar-layout":["default"],"site-content-layout":[null],"theme-transparent-header-meta":["default"],"stick-header-meta":["default"],"_oembed_a342bf1fed7f38d0c76caa8a9a9014ba":["<iframe title=\"IKON.IQ Sculpting Brushes Explained\" width=\"500\" height=\"281\" src=\"https:\/\/www.youtube.com\/embed\/nYeZ-L8AvXc?list=PLYARWdED2Jslsy93VfyXXRXgWaskr3Vxb\" frameborder=\"0\" allow=\"accelerometer; autoplay; clipboard-write; encrypted-media; gyroscope; picture-in-picture\" allowfullscreen><\/iframe>"],"_oembed_time_a342bf1fed7f38d0c76caa8a9a9014ba":["1612987742"],"_oembed_18dc58266068a7ae3724f8f37da09cd8":["<iframe title=\"IKON.IQ Sculpting Brushes Explained\" width=\"898\" height=\"505\" src=\"https:\/\/www.youtube.com\/embed\/nYeZ-L8AvXc?list=PLYARWdED2Jslsy93VfyXXRXgWaskr3Vxb\" frameborder=\"0\" allow=\"accelerometer; autoplay; clipboard-write; encrypted-media; gyroscope; picture-in-picture\" allowfullscreen><\/iframe>"],"_oembed_time_18dc58266068a7ae3724f8f37da09cd8":["1608833404"],"_oembed_4ea1aa316a2670931be0431af8f393e1":["<iframe title=\"IKON.IQ Sculpting Brushes Explained\" width=\"922\" height=\"519\" src=\"https:\/\/www.youtube.com\/embed\/nYeZ-L8AvXc?list=PLYARWdED2Jslsy93VfyXXRXgWaskr3Vxb\" frameborder=\"0\" allow=\"accelerometer; autoplay; clipboard-write; encrypted-media; gyroscope; picture-in-picture\" allowfullscreen><\/iframe>"],"_oembed_time_4ea1aa316a2670931be0431af8f393e1":["1608833479"],"_oembed_689ae5ac1a397e6820706f3d4dd5033e":["<iframe title=\"IKON.IQ Sculpting Brushes Explained\" width=\"1200\" height=\"675\" src=\"https:\/\/www.youtube.com\/embed\/nYeZ-L8AvXc?list=PLYARWdED2Jslsy93VfyXXRXgWaskr3Vxb\" frameborder=\"0\" allow=\"accelerometer; autoplay; clipboard-write; encrypted-media; gyroscope; picture-in-picture\" allowfullscreen><\/iframe>"],"_oembed_time_689ae5ac1a397e6820706f3d4dd5033e":["1608835143"],"_yoast_wpseo_estimated-reading-time-minutes":["3"],"_woocs_price_geo_countries":[""],"_woocs_regular_price_geo":[""],"_woocs_sale_price_geo":[""],"_oembed_0f098d304c4fdfca3dda22ab151d26f9":["<iframe title=\"Stylistic kistovi\" width=\"500\" height=\"375\" src=\"https:\/\/www.youtube.com\/embed\/KVod1VPBS-M?feature=oembed\" frameborder=\"0\" allow=\"accelerometer; autoplay; clipboard-write; encrypted-media; gyroscope; picture-in-picture\" allowfullscreen><\/iframe>"],"_oembed_time_0f098d304c4fdfca3dda22ab151d26f9":["1627221467"],"_oembed_d15c5a8ea349ad4a76097c47dffb3e43":["<iframe title=\"Stylistic kistovi\" width=\"898\" height=\"674\" src=\"https:\/\/www.youtube.com\/embed\/KVod1VPBS-M?feature=oembed\" frameborder=\"0\" allow=\"accelerometer; autoplay; clipboard-write; encrypted-media; gyroscope; picture-in-picture\" allowfullscreen><\/iframe>"],"_oembed_time_d15c5a8ea349ad4a76097c47dffb3e43":["1627221469"],"cartflows_redirect_flow_id":[""],"cartflows_add_to_cart_text":[""],"_oembed_ebd4b2eae6b877789fa0f749e9baac7b":["<iframe title=\"Stylistic kistovi\" width=\"922\" height=\"692\" src=\"https:\/\/www.youtube.com\/embed\/KVod1VPBS-M?feature=oembed\" frameborder=\"0\" allow=\"accelerometer; autoplay; clipboard-write; encrypted-media; gyroscope; picture-in-picture\" allowfullscreen><\/iframe>"],"_oembed_time_ebd4b2eae6b877789fa0f749e9baac7b":["1627225411"],"_woocs_regular_price_EUR":["14.19"],"_woocs_sale_price_EUR":["-1"],"_oembed_4b50bcc4837603eca9ec1f53c0b3b9d6":["<iframe title=\"Stylistic kistovi\" width=\"1200\" height=\"900\" src=\"https:\/\/www.youtube.com\/embed\/KVod1VPBS-M?feature=oembed\" frameborder=\"0\" allow=\"accelerometer; autoplay; clipboard-write; encrypted-media; gyroscope; picture-in-picture\" allowfullscreen><\/iframe>"],"_oembed_time_4b50bcc4837603eca9ec1f53c0b3b9d6":["1627263544"],"_lowest_price_30_days":["14.19"],"_edit_lock":["1714583679:1239"],"_edit_last":["1239"],"ast-site-content-layout":["default"],"site-content-style":["default"],"site-sidebar-style":["default"],"astra-migrate-meta-layouts":["set"],"_yoast_wpseo_primary_fb_product_set":[""],"_yoast_wpseo_wordproof_timestamp":[""],"ast-above-header-display":[null],"ast-below-header-display":[null],"footer-adv-display":[null],"adv-header-id-meta":[""],"ast-breadcrumbs-content":[null],"uag_migration_processed":["1"],"_last_change_time":["1768318812"],"_elementor_page_assets":["a:0:{}"],"_uag_page_assets":["a:9:{s:3:\"css\";s:0:\"\";s:2:\"js\";s:0:\"\";s:18:\"current_block_list\";a:3:{i:0;s:11:\"core\/search\";i:1;s:18:\"core\/legacy-widget\";i:2;s:27:\"woocommerce\/product-filters\";}s:8:\"uag_flag\";b:0;s:11:\"uag_version\";s:10:\"1776542595\";s:6:\"gfonts\";a:0:{}s:10:\"gfonts_url\";s:0:\"\";s:12:\"gfonts_files\";a:0:{}s:14:\"uag_faq_layout\";b:0;}"]},"uagb_featured_image_src":{"full":["https:\/\/www.meavia-mh.hr\/wp-content\/uploads\/2024\/01\/Kist.jpg",1350,1350,false],"thumbnail":["https:\/\/www.meavia-mh.hr\/wp-content\/uploads\/2024\/01\/Kist-150x150.jpg",150,150,true],"medium":["https:\/\/www.meavia-mh.hr\/wp-content\/uploads\/2024\/01\/Kist-300x300.jpg",300,300,true],"medium_large":["https:\/\/www.meavia-mh.hr\/wp-content\/uploads\/2024\/01\/Kist-768x768.jpg",768,768,true],"large":["https:\/\/www.meavia-mh.hr\/wp-content\/uploads\/2024\/01\/Kist-1024x1024.jpg",1024,1024,true],"1536x1536":["https:\/\/www.meavia-mh.hr\/wp-content\/uploads\/2024\/01\/Kist.jpg",1350,1350,false],"2048x2048":["https:\/\/www.meavia-mh.hr\/wp-content\/uploads\/2024\/01\/Kist.jpg",1350,1350,false],"trp-custom-language-flag":["https:\/\/www.meavia-mh.hr\/wp-content\/uploads\/2024\/01\/Kist-12x12.jpg",12,12,true],"woocommerce_thumbnail":["https:\/\/www.meavia-mh.hr\/wp-content\/uploads\/2024\/01\/Kist-300x300.jpg",300,300,true],"woocommerce_single":["https:\/\/www.meavia-mh.hr\/wp-content\/uploads\/2024\/01\/Kist-600x600.jpg",600,600,true],"woocommerce_gallery_thumbnail":["https:\/\/www.meavia-mh.hr\/wp-content\/uploads\/2024\/01\/Kist-100x100.jpg",100,100,true]},"uagb_author_info":{"display_name":"Zla Gol","author_link":"https:\/\/www.meavia-mh.hr\/sl\/author\/"},"uagb_comment_info":0,"uagb_excerpt":"Set kistova predstavlja savr\u0161en alat za svakog zaljubljenika u nail art. Set se sastoji od tri kista s razli\u010ditim duljinama dla\u010dica koje pru\u017eaju precizne i raznolike mogu\u0107nosti za stvaranje ma\u0161tovitih dizajna na noktima. Bez obzira volite li ukrasne uzorke, to\u010dkice, pruge ili delikatne ukrase, ovaj set kistova za nail art pomo\u0107i \u0107e vam posti\u0107i savr\u0161ene&hellip;","_links":{"self":[{"href":"https:\/\/www.meavia-mh.hr\/sl\/wp-json\/wp\/v2\/product\/26792","targetHints":{"allow":["GET"]}}],"collection":[{"href":"https:\/\/www.meavia-mh.hr\/sl\/wp-json\/wp\/v2\/product"}],"about":[{"href":"https:\/\/www.meavia-mh.hr\/sl\/wp-json\/wp\/v2\/types\/product"}],"replies":[{"embeddable":true,"href":"https:\/\/www.meavia-mh.hr\/sl\/wp-json\/wp\/v2\/comments?post=26792"}],"version-history":[{"count":1,"href":"https:\/\/www.meavia-mh.hr\/sl\/wp-json\/wp\/v2\/product\/26792\/revisions"}],"predecessor-version":[{"id":26793,"href":"https:\/\/www.meavia-mh.hr\/sl\/wp-json\/wp\/v2\/product\/26792\/revisions\/26793"}],"wp:featuredmedia":[{"embeddable":true,"href":"https:\/\/www.meavia-mh.hr\/sl\/wp-json\/wp\/v2\/media\/26781"}],"wp:attachment":[{"href":"https:\/\/www.meavia-mh.hr\/sl\/wp-json\/wp\/v2\/media?parent=26792"}],"wp:term":[{"taxonomy":"product_brand","embeddable":true,"href":"https:\/\/www.meavia-mh.hr\/sl\/wp-json\/wp\/v2\/product_brand?post=26792"},{"taxonomy":"product_cat","embeddable":true,"href":"https:\/\/www.meavia-mh.hr\/sl\/wp-json\/wp\/v2\/product_cat?post=26792"},{"taxonomy":"product_tag","embeddable":true,"href":"https:\/\/www.meavia-mh.hr\/sl\/wp-json\/wp\/v2\/product_tag?post=26792"}],"curies":[{"name":"delovni list","href":"https:\/\/api.w.org\/{rel}","templated":true}]}}