{"id":23889,"date":"2023-10-09T20:14:29","date_gmt":"2023-10-09T20:14:29","guid":{"rendered":"https:\/\/www.meavia-mh.hr\/?post_type=product&#038;p=23889"},"modified":"2026-01-24T08:36:54","modified_gmt":"2026-01-24T07:36:54","slug":"raspa-buffer-za-nokte-half-moon-aba-100-100-safe-package","status":"publish","type":"product","link":"https:\/\/www.meavia-mh.hr\/sl\/product\/raspa-buffer-za-nokte-half-moon-aba-100-100-safe-package\/","title":{"rendered":"Buffer za nohte Half Moon Aba 100\/100 Dual"},"content":{"rendered":"<p>Osve\u017eite svoj salon za manikuro z na\u0161o novo DUAL brusilko za nohte Half Moon Aba 100\/100!<\/p>\n<p>Brusilnik za nohte Half Moon Aba 100\/100 DUAL sistem je bil ustvarjen zahvaljujo\u010d preprosti kombinaciji pilice in laka, ki hitro in enostavno zgladi in matira nohtno plo\u0161\u010do. Ena stran granulacije 100 odli\u010dno skraj\u0161a in spili robove nohta, druga stran, prav tako granulacije 100, izdelana iz kakovostne gobice, pa omogo\u010da oblikovanje in glajenje nohtne povr\u0161ine.<\/p>\n<p>Buffer je \u0161e posebej priporo\u010dljiv za tanke in \u0161ibke nohte, saj ra\u0161pica med uporabo absorbira pritisk na noht, zaradi \u010desar je ne\u017een in varen.<\/p>\n<p>Dualni sistem je nepogre\u0161ljiv pri delu vsakega stilista. Nehajte zapravljati \u010das in denar, sodelujte z Dualo!<\/p>\n<p><strong>Prednosti poliranja:<\/strong><\/p>\n<ul>\n<li>Varna embala\u017ea za enkratno uporabo<\/li>\n<li>Popoln za zaklju\u010dno obdelavo akrilne ali gel mase<\/li>\n<li>Nohte boste hitro matirale<\/li>\n<li>Nohte lahko enostavno pripravite na nadaljnje tretmaje<\/li>\n<li>Univerzalna in ergonomska oblika<\/li>\n<li>Izdelana iz najkakovostnej\u0161ih materialov<\/li>\n<\/ul>\n<h3>Zna\u010dilnosti:<\/h3>\n<p><strong>Varnostna embala\u017ea:<\/strong>\u00a0<span style=\"font-size: 16px; font-style: normal;\">Za zagotovitev varnosti 100%, da datoteke ni uporabil nih\u010de pred vami, lahko izberete razli\u010dico, zapakirano v varen paket.\u00a0<\/span><span style=\"font-size: 16px; font-style: normal;\">Ta re\u0161itev zagotavlja higieno orodja v skladu z veljavnimi standardi. Na\u0161 r<\/span><span style=\"font-size: 16px;\">aspa je pakiran v varni embala\u017ei (Safe Package), ki zagotavlja, da izdelek \u0161e nikoli ni bil uporabljen. Embala\u017ea iz folije za enkratno uporabo zagotavlja maksimalno varnost za vas in va\u0161e stranke. Vsaka ra\u0161pa je posebej pripravljena za profesionalno uporabo.<\/span><\/p>\n<p><strong>Biorazgradljiva folija:<\/strong> S ponosom lahko povemo, da so na\u0161e ra\u0161pe pakirane v biorazgradljivo folijo, kar je korak k ohranjanju okolja. Da bi zmanj\u0161ali vpliv na naravno okolje, so ABA datoteke pakirane v biorazgradljive folije iz koruznega \u0161kroba. \u010cas biorazgradnje uporabljene folije je le tri mesece \u2013 pri standardnih materialih je ta \u010das lahko tudi do nekaj sto let.<\/p>\n<p><strong>Najbolj\u0161a kakovost:<\/strong> Na\u0161e ra\u0161plje, izdelane iz vrhunskih materialov, so izjemno odporne in dolgotrajne. Trdo jedro zagotavlja stabilnost in prepre\u010duje upogibanje med delovanjem.<\/p>\n<p><strong>Univerzalna datoteka:<\/strong> Z zrnatostjo 100\/180 in obliko pol meseca je idealen za naravne in podalj\u0161ane nohte. Uporablja se tako za piljenje naravne nohtne plo\u0161\u010de kot za dela, povezana z drugimi tehnikami podalj\u0161evanja nohtov.<\/p>\n<p><strong>Ergonomska kombinacija oblik:<\/strong> Kombinacija plo\u0161\u010date in bananaste oblike omogo\u010da izjemno enostavno delo z njim, ki omogo\u010da natan\u010dno obdelavo tudi na te\u017eko dostopnih mestih.<\/p>\n<p><strong>Dve stopnji v eni ra\u0161pi:<\/strong> Mo\u010dnej\u0161a granulacija hitro odstrani ostanke hibridnih in gelnih mas, ne\u017enej\u0161a stran pa pripravi naravno nohtno plo\u0161\u010do, matira in da kon\u010dno obliko.<\/p>\n<p><strong>Profesionalna uporaba:<\/strong> Priporo\u010dljivo je za vse tretmaje manikure in pedikure, kjer je potrebna natan\u010dna in varna priprava nohtov.<\/p>\n<p>Ne ogro\u017eajte kakovosti svojega dela. Izberite pilico za nohte half moon Aba 100\/180 in navdu\u0161ite svoje stranke z brezhibnimi rezultati.<\/p>\n<div>\n<h4>Razumevanje gradacije na pilicah za nohte<\/h4>\n<p>Tukaj morate vedeti:<\/p>\n<p><strong>Abrazivnost 100 peska:<\/strong> Ta gradacija je idealna za dodajanje dol\u017eine in oblike umetnim nohtom.<\/p>\n<p><strong>Abrazivnost 150 grit:<\/strong> Primeren je za zahteve po dol\u017eini in debelini ter za dodelavo umetnih nohtov.<\/p>\n<p><strong>Abrazivnost 180 grit:<\/strong> Uporablja se za ravnanje in oblikovanje naravnih in umetnih nohtov.<\/p>\n<p><strong>Abrazivnost 240 grit:<\/strong> Gradacija je namenjena poliranju in piljenju naravnih in umetnih nohtov ter pripravi za lakiranje.<\/p>\n<\/div>","protected":false},"excerpt":{"rendered":"<p>Osvje\u017eite svoj salon manikure s na\u0161om novom DUAL ra\u0161pom buffer za nokte Half Moon Aba 100\/100! Ra\u0161pa buffer za nokte Half Moon Aba 100\/100 DUAL sustav nastao je zahvaljuju\u0107i jednostavnoj kombinaciji turpije i polira koji brzo i jednostavno zagla\u0111uje i matira plo\u010du nokta. Jedna strana granulacije 100 savr\u0161eno skra\u0107uje i turpija rubove nokta, druga strana, [&hellip;]<\/p>\n","protected":false},"featured_media":23896,"comment_status":"closed","ping_status":"closed","template":"","meta":{"_uag_custom_page_level_css":"","site-sidebar-layout":"default","site-content-layout":"default","ast-site-content-layout":"default","site-content-style":"default","site-sidebar-style":"default","ast-global-header-display":"","ast-banner-title-visibility":"","ast-main-header-display":"","ast-hfb-above-header-display":"","ast-hfb-below-header-display":"","ast-hfb-mobile-header-display":"","site-post-title":"","ast-breadcrumbs-content":"","ast-featured-img":"","footer-sml-layout":"","ast-disable-related-posts":"","theme-transparent-header-meta":"default","adv-header-id-meta":"","stick-header-meta":"default","header-above-stick-meta":"","header-main-stick-meta":"","header-below-stick-meta":"","astra-migrate-meta-layouts":"set","ast-page-background-enabled":"default","ast-page-background-meta":{"desktop":{"background-color":"var(--ast-global-color-4)","background-image":"","background-repeat":"repeat","background-position":"center center","background-size":"auto","background-attachment":"scroll","background-type":"","background-media":"","overlay-type":"","overlay-color":"","overlay-opacity":"","overlay-gradient":""},"tablet":{"background-color":"","background-image":"","background-repeat":"repeat","background-position":"center center","background-size":"auto","background-attachment":"scroll","background-type":"","background-media":"","overlay-type":"","overlay-color":"","overlay-opacity":"","overlay-gradient":""},"mobile":{"background-color":"","background-image":"","background-repeat":"repeat","background-position":"center center","background-size":"auto","background-attachment":"scroll","background-type":"","background-media":"","overlay-type":"","overlay-color":"","overlay-opacity":"","overlay-gradient":""}},"ast-content-background-meta":{"desktop":{"background-color":"var(--ast-global-color-5)","background-image":"","background-repeat":"repeat","background-position":"center center","background-size":"auto","background-attachment":"scroll","background-type":"","background-media":"","overlay-type":"","overlay-color":"","overlay-opacity":"","overlay-gradient":""},"tablet":{"background-color":"var(--ast-global-color-5)","background-image":"","background-repeat":"repeat","background-position":"center center","background-size":"auto","background-attachment":"scroll","background-type":"","background-media":"","overlay-type":"","overlay-color":"","overlay-opacity":"","overlay-gradient":""},"mobile":{"background-color":"var(--ast-global-color-5)","background-image":"","background-repeat":"repeat","background-position":"center center","background-size":"auto","background-attachment":"scroll","background-type":"","background-media":"","overlay-type":"","overlay-color":"","overlay-opacity":"","overlay-gradient":""}}},"product_brand":[],"product_cat":[113],"product_tag":[196,197],"class_list":{"0":"post-23889","1":"product","2":"type-product","3":"status-publish","4":"has-post-thumbnail","6":"product_cat-raspe","7":"product_tag-raspa","8":"product_tag-turpija","9":"desktop-align-left","10":"tablet-align-left","11":"mobile-align-left","12":"ast-product-gallery-layout-horizontal-slider","13":"ast-product-tabs-layout-horizontal","15":"first","16":"outofstock","17":"taxable","18":"shipping-taxable","19":"purchasable","20":"product-type-simple"},"yoast_head":"<!-- This site is optimized with the Yoast SEO plugin v27.5 - https:\/\/yoast.com\/product\/yoast-seo-wordpress\/ -->\n<title>Ra\u0161pa buffer za nokte Half Moon Aba 100\/100 Dual &#8902; Mea Via Beauty<\/title>\n<meta name=\"description\" content=\"Ra\u0161pa buffer za nokte Half Moon Aba 100\/100 Dual &#8902; trupija za gel, akril gel, trajni lak&#8902; dvostrana ra\u0161pa za manikuru &#8902; top kvaliteta\" \/>\n<meta name=\"robots\" content=\"index, follow, max-snippet:-1, max-image-preview:large, max-video-preview:-1\" \/>\n<link rel=\"canonical\" href=\"https:\/\/www.meavia-mh.hr\/sl\/product\/raspa-buffer-za-nokte-half-moon-aba-100-100-safe-package\/\" \/>\n<meta property=\"og:locale\" content=\"sl_SI\" \/>\n<meta property=\"og:type\" content=\"article\" \/>\n<meta property=\"og:title\" content=\"Ra\u0161pa buffer za nokte Half Moon Aba 100\/100 Dual &#8902; Mea Via Beauty\" \/>\n<meta property=\"og:description\" content=\"Ra\u0161pa buffer za nokte Half Moon Aba 100\/100 Dual &#8902; trupija za gel, akril gel, trajni lak&#8902; dvostrana ra\u0161pa za manikuru &#8902; top kvaliteta\" \/>\n<meta property=\"og:url\" content=\"https:\/\/www.meavia-mh.hr\/sl\/product\/raspa-buffer-za-nokte-half-moon-aba-100-100-safe-package\/\" \/>\n<meta property=\"og:site_name\" content=\"Mea Via Beauty\" \/>\n<meta property=\"article:publisher\" content=\"https:\/\/www.facebook.com\/MeaViaNailsWorld\" \/>\n<meta property=\"article:modified_time\" content=\"2026-01-24T07:36:54+00:00\" \/>\n<meta property=\"og:image\" content=\"https:\/\/www.meavia-mh.hr\/wp-content\/uploads\/2023\/10\/Raspa-buffer-za-nokte-Half-Moon-Aba-100-100-5.jpg\" \/>\n\t<meta property=\"og:image:width\" content=\"1620\" \/>\n\t<meta property=\"og:image:height\" content=\"1628\" \/>\n\t<meta property=\"og:image:type\" content=\"image\/jpeg\" \/>\n<meta name=\"twitter:card\" content=\"summary_large_image\" \/>\n<meta name=\"twitter:label1\" content=\"Est. reading time\" \/>\n\t<meta name=\"twitter:data1\" content=\"3 minute\" \/>\n<script type=\"application\/ld+json\" class=\"yoast-schema-graph\">{\"@context\":\"https:\\\/\\\/schema.org\",\"@graph\":[{\"@type\":\"WebPage\",\"@id\":\"https:\\\/\\\/www.meavia-mh.hr\\\/product\\\/raspa-buffer-za-nokte-half-moon-aba-100-100-safe-package\\\/\",\"url\":\"https:\\\/\\\/www.meavia-mh.hr\\\/product\\\/raspa-buffer-za-nokte-half-moon-aba-100-100-safe-package\\\/\",\"name\":\"Ra\u0161pa buffer za nokte Half Moon Aba 100\\\/100 Dual &#8902; Mea Via Beauty\",\"isPartOf\":{\"@id\":\"https:\\\/\\\/meavia-mh.hr\\\/sl\\\/#website\"},\"primaryImageOfPage\":{\"@id\":\"https:\\\/\\\/www.meavia-mh.hr\\\/product\\\/raspa-buffer-za-nokte-half-moon-aba-100-100-safe-package\\\/#primaryimage\"},\"image\":{\"@id\":\"https:\\\/\\\/www.meavia-mh.hr\\\/product\\\/raspa-buffer-za-nokte-half-moon-aba-100-100-safe-package\\\/#primaryimage\"},\"thumbnailUrl\":\"https:\\\/\\\/www.meavia-mh.hr\\\/wp-content\\\/uploads\\\/2023\\\/10\\\/Raspa-buffer-za-nokte-Half-Moon-Aba-100-100-5.jpg\",\"datePublished\":\"2023-10-09T20:14:29+00:00\",\"dateModified\":\"2026-01-24T07:36:54+00:00\",\"description\":\"Ra\u0161pa buffer za nokte Half Moon Aba 100\\\/100 Dual &#8902; trupija za gel, akril gel, trajni lak&#8902; dvostrana ra\u0161pa za manikuru &#8902; top kvaliteta\",\"breadcrumb\":{\"@id\":\"https:\\\/\\\/www.meavia-mh.hr\\\/product\\\/raspa-buffer-za-nokte-half-moon-aba-100-100-safe-package\\\/#breadcrumb\"},\"inLanguage\":\"sl-SI\",\"potentialAction\":[{\"@type\":\"ReadAction\",\"target\":[\"https:\\\/\\\/www.meavia-mh.hr\\\/product\\\/raspa-buffer-za-nokte-half-moon-aba-100-100-safe-package\\\/\"]}]},{\"@type\":\"ImageObject\",\"inLanguage\":\"sl-SI\",\"@id\":\"https:\\\/\\\/www.meavia-mh.hr\\\/product\\\/raspa-buffer-za-nokte-half-moon-aba-100-100-safe-package\\\/#primaryimage\",\"url\":\"https:\\\/\\\/www.meavia-mh.hr\\\/wp-content\\\/uploads\\\/2023\\\/10\\\/Raspa-buffer-za-nokte-Half-Moon-Aba-100-100-5.jpg\",\"contentUrl\":\"https:\\\/\\\/www.meavia-mh.hr\\\/wp-content\\\/uploads\\\/2023\\\/10\\\/Raspa-buffer-za-nokte-Half-Moon-Aba-100-100-5.jpg\",\"width\":1620,\"height\":1628,\"caption\":\"Ra\u0161pa buffer za nokte Half Moon Aba 100\\\/100\"},{\"@type\":\"BreadcrumbList\",\"@id\":\"https:\\\/\\\/www.meavia-mh.hr\\\/product\\\/raspa-buffer-za-nokte-half-moon-aba-100-100-safe-package\\\/#breadcrumb\",\"itemListElement\":[{\"@type\":\"ListItem\",\"position\":1,\"name\":\"Po\u010detna stranica\",\"item\":\"https:\\\/\\\/www.meavia-mh.hr\\\/\"},{\"@type\":\"ListItem\",\"position\":2,\"name\":\"Trgovina\",\"item\":\"https:\\\/\\\/meavia-mh.hr\\\/sl\\\/store\\\/\"},{\"@type\":\"ListItem\",\"position\":3,\"name\":\"Ra\u0161pa buffer za nokte Half Moon Aba 100\\\/100 Dual\"}]},{\"@type\":\"WebSite\",\"@id\":\"https:\\\/\\\/meavia-mh.hr\\\/sl\\\/#website\",\"url\":\"https:\\\/\\\/meavia-mh.hr\\\/sl\\\/\",\"name\":\"Mea Via Beauty\",\"description\":\"Only The Best For Your Beauty\",\"publisher\":{\"@id\":\"https:\\\/\\\/meavia-mh.hr\\\/sl\\\/#organization\"},\"alternateName\":\"Mea Via Nails\",\"potentialAction\":[{\"@type\":\"SearchAction\",\"target\":{\"@type\":\"EntryPoint\",\"urlTemplate\":\"https:\\\/\\\/meavia-mh.hr\\\/sl\\\/?s={search_term_string}\"},\"query-input\":{\"@type\":\"PropertyValueSpecification\",\"valueRequired\":true,\"valueName\":\"search_term_string\"}}],\"inLanguage\":\"sl-SI\"},{\"@type\":\"Organization\",\"@id\":\"https:\\\/\\\/meavia-mh.hr\\\/sl\\\/#organization\",\"name\":\"Mea Via Nails World\",\"alternateName\":\"Mea Via\",\"url\":\"https:\\\/\\\/meavia-mh.hr\\\/sl\\\/\",\"logo\":{\"@type\":\"ImageObject\",\"inLanguage\":\"sl-SI\",\"@id\":\"https:\\\/\\\/meavia-mh.hr\\\/sl\\\/#\\\/schema\\\/logo\\\/image\\\/\",\"url\":\"https:\\\/\\\/www.meavia-mh.hr\\\/wp-content\\\/uploads\\\/2020\\\/12\\\/Mea-Via.png\",\"contentUrl\":\"https:\\\/\\\/www.meavia-mh.hr\\\/wp-content\\\/uploads\\\/2020\\\/12\\\/Mea-Via.png\",\"width\":1181,\"height\":393,\"caption\":\"Mea Via Nails World\"},\"image\":{\"@id\":\"https:\\\/\\\/meavia-mh.hr\\\/sl\\\/#\\\/schema\\\/logo\\\/image\\\/\"},\"sameAs\":[\"https:\\\/\\\/www.facebook.com\\\/MeaViaNailsWorld\",\"https:\\\/\\\/www.instagram.com\\\/mea_via_nails_world\\\/\",\"https:\\\/\\\/www.youtube.com\\\/channel\\\/UCECk0hpRWP6TN-EfA4ER96g\\\/featured\"]}]}<\/script>\n<!-- \/ Yoast SEO plugin. -->","yoast_head_json":{"title":"Rapljica za poliranje nohtov Half Moon Aba 100\/100 Dual \u22c6 Mea Via Beauty","description":"Ra\u0161pica za poliranje nohtov Half Moon Aba 100\/100 Dual \u22c6 primerna za gel, akrilni gel, permanentni lak \u22c6 dvostranska ra\u0161pica za manikuro \u22c6 vrhunska kakovost","robots":{"index":"index","follow":"follow","max-snippet":"max-snippet:-1","max-image-preview":"max-image-preview:large","max-video-preview":"max-video-preview:-1"},"canonical":"https:\/\/www.meavia-mh.hr\/sl\/product\/raspa-buffer-za-nokte-half-moon-aba-100-100-safe-package\/","og_locale":"sl_SI","og_type":"article","og_title":"Ra\u0161pa buffer za nokte Half Moon Aba 100\/100 Dual &#8902; Mea Via Beauty","og_description":"Ra\u0161pa buffer za nokte Half Moon Aba 100\/100 Dual &#8902; trupija za gel, akril gel, trajni lak&#8902; dvostrana ra\u0161pa za manikuru &#8902; top kvaliteta","og_url":"https:\/\/www.meavia-mh.hr\/sl\/product\/raspa-buffer-za-nokte-half-moon-aba-100-100-safe-package\/","og_site_name":"Mea Via Beauty","article_publisher":"https:\/\/www.facebook.com\/MeaViaNailsWorld","article_modified_time":"2026-01-24T07:36:54+00:00","og_image":[{"width":1620,"height":1628,"url":"https:\/\/www.meavia-mh.hr\/wp-content\/uploads\/2023\/10\/Raspa-buffer-za-nokte-Half-Moon-Aba-100-100-5.jpg","type":"image\/jpeg"}],"twitter_card":"summary_large_image","twitter_misc":{"Est. reading time":"3 minute"},"schema":{"@context":"https:\/\/schema.org","@graph":[{"@type":"WebPage","@id":"https:\/\/www.meavia-mh.hr\/product\/raspa-buffer-za-nokte-half-moon-aba-100-100-safe-package\/","url":"https:\/\/www.meavia-mh.hr\/product\/raspa-buffer-za-nokte-half-moon-aba-100-100-safe-package\/","name":"Rapljica za poliranje nohtov Half Moon Aba 100\/100 Dual \u22c6 Mea Via Beauty","isPartOf":{"@id":"https:\/\/meavia-mh.hr\/sl\/#website"},"primaryImageOfPage":{"@id":"https:\/\/www.meavia-mh.hr\/product\/raspa-buffer-za-nokte-half-moon-aba-100-100-safe-package\/#primaryimage"},"image":{"@id":"https:\/\/www.meavia-mh.hr\/product\/raspa-buffer-za-nokte-half-moon-aba-100-100-safe-package\/#primaryimage"},"thumbnailUrl":"https:\/\/www.meavia-mh.hr\/wp-content\/uploads\/2023\/10\/Raspa-buffer-za-nokte-Half-Moon-Aba-100-100-5.jpg","datePublished":"2023-10-09T20:14:29+00:00","dateModified":"2026-01-24T07:36:54+00:00","description":"Ra\u0161pica za poliranje nohtov Half Moon Aba 100\/100 Dual \u22c6 primerna za gel, akrilni gel, permanentni lak \u22c6 dvostranska ra\u0161pica za manikuro \u22c6 vrhunska kakovost","breadcrumb":{"@id":"https:\/\/www.meavia-mh.hr\/product\/raspa-buffer-za-nokte-half-moon-aba-100-100-safe-package\/#breadcrumb"},"inLanguage":"sl-SI","potentialAction":[{"@type":"ReadAction","target":["https:\/\/www.meavia-mh.hr\/product\/raspa-buffer-za-nokte-half-moon-aba-100-100-safe-package\/"]}]},{"@type":"ImageObject","inLanguage":"sl-SI","@id":"https:\/\/www.meavia-mh.hr\/product\/raspa-buffer-za-nokte-half-moon-aba-100-100-safe-package\/#primaryimage","url":"https:\/\/www.meavia-mh.hr\/wp-content\/uploads\/2023\/10\/Raspa-buffer-za-nokte-Half-Moon-Aba-100-100-5.jpg","contentUrl":"https:\/\/www.meavia-mh.hr\/wp-content\/uploads\/2023\/10\/Raspa-buffer-za-nokte-Half-Moon-Aba-100-100-5.jpg","width":1620,"height":1628,"caption":"Ra\u0161pa buffer za nokte Half Moon Aba 100\/100"},{"@type":"BreadcrumbList","@id":"https:\/\/www.meavia-mh.hr\/product\/raspa-buffer-za-nokte-half-moon-aba-100-100-safe-package\/#breadcrumb","itemListElement":[{"@type":"ListItem","position":1,"name":"Po\u010detna stranica","item":"https:\/\/www.meavia-mh.hr\/"},{"@type":"ListItem","position":2,"name":"Trgovina","item":"https:\/\/meavia-mh.hr\/sl\/store\/"},{"@type":"ListItem","position":3,"name":"Ra\u0161pa buffer za nokte Half Moon Aba 100\/100 Dual"}]},{"@type":"WebSite","@id":"https:\/\/meavia-mh.hr\/sl\/#website","url":"https:\/\/meavia-mh.hr\/sl\/","name":"MEA VIA BEAUTY","description":"Only The Best For Your Beauty","publisher":{"@id":"https:\/\/meavia-mh.hr\/sl\/#organization"},"alternateName":"Mea Via Nails","potentialAction":[{"@type":"SearchAction","target":{"@type":"EntryPoint","urlTemplate":"https:\/\/meavia-mh.hr\/sl\/?s={search_term_string}"},"query-input":{"@type":"PropertyValueSpecification","valueRequired":true,"valueName":"search_term_string"}}],"inLanguage":"sl-SI"},{"@type":"Organization","@id":"https:\/\/meavia-mh.hr\/sl\/#organization","name":"Mea Via Nails World","alternateName":"Mea Via","url":"https:\/\/meavia-mh.hr\/sl\/","logo":{"@type":"ImageObject","inLanguage":"sl-SI","@id":"https:\/\/meavia-mh.hr\/sl\/#\/schema\/logo\/image\/","url":"https:\/\/www.meavia-mh.hr\/wp-content\/uploads\/2020\/12\/Mea-Via.png","contentUrl":"https:\/\/www.meavia-mh.hr\/wp-content\/uploads\/2020\/12\/Mea-Via.png","width":1181,"height":393,"caption":"Mea Via Nails World"},"image":{"@id":"https:\/\/meavia-mh.hr\/sl\/#\/schema\/logo\/image\/"},"sameAs":["https:\/\/www.facebook.com\/MeaViaNailsWorld","https:\/\/www.instagram.com\/mea_via_nails_world\/","https:\/\/www.youtube.com\/channel\/UCECk0hpRWP6TN-EfA4ER96g\/featured"]}]}},"spectra_custom_meta":{"_sku":["5907541177473"],"_regular_price":["1.99"],"total_sales":["51"],"_tax_status":["taxable"],"_tax_class":[""],"_manage_stock":["yes"],"_backorders":["no"],"_sold_individually":["no"],"_virtual":["no"],"_downloadable":["no"],"_product_image_gallery":["23897,23894,23891,23887,23895,23893,23879,23892"],"_download_limit":["-1"],"_download_expiry":["-1"],"_thumbnail_id":["23896"],"_stock":["0"],"_stock_status":["outofstock"],"_wc_average_rating":["0"],"_wc_review_count":["0"],"_product_version":["10.4.3"],"_price":["1.99"],"_wp_page_template":["default"],"_yoast_wpseo_focuskw":["Ra\u0161pa za nokte Half Moon"],"_yoast_wpseo_metadesc":["%%title%% %%sep%% trupija za gel, akril gel, trajni lak%%sep%% dvostrana ra\u0161pa za manikuru %%sep%% top kvaliteta"],"_yoast_wpseo_linkdex":["62"],"_yoast_wpseo_content_score":["90"],"site-sidebar-layout":["default"],"site-content-layout":["default"],"theme-transparent-header-meta":["default"],"stick-header-meta":["default"],"_yoast_wpseo_primary_product_cat":["113"],"_woocs_price_geo_countries":[""],"_woocs_regular_price_geo":[""],"_woocs_sale_price_geo":[""],"_yoast_wpseo_estimated-reading-time-minutes":["3"],"cartflows_redirect_flow_id":[""],"cartflows_add_to_cart_text":[""],"_woocs_regular_price_EUR":["1.32"],"_woocs_sale_price_EUR":["-1"],"_lowest_price_30_days":["1.99"],"_yoast_wpseo_wordproof_timestamp":[""],"ast-site-content-layout":["default"],"site-content-style":["default"],"site-sidebar-style":["default"],"_yoast_wpseo_primary_fb_product_set":[""],"_edit_lock":["1736727168:1239"],"_edit_last":["1239"],"uag_migration_processed":["1"],"_wc_facebook_sync_enabled":["yes"],"fb_visibility":["yes"],"fb_product_description":[""],"_wc_facebook_product_image_source":["product"],"_wc_facebook_commerce_enabled":["no"],"astra-migrate-meta-layouts":["set"],"_elementor_page_assets":["a:0:{}"],"_uag_page_assets":["a:9:{s:3:\"css\";s:0:\"\";s:2:\"js\";s:0:\"\";s:18:\"current_block_list\";a:3:{i:0;s:11:\"core\/search\";i:1;s:18:\"core\/legacy-widget\";i:2;s:27:\"woocommerce\/product-filters\";}s:8:\"uag_flag\";b:0;s:11:\"uag_version\";s:10:\"1777678124\";s:6:\"gfonts\";a:0:{}s:10:\"gfonts_url\";s:0:\"\";s:12:\"gfonts_files\";a:0:{}s:14:\"uag_faq_layout\";b:0;}"]},"uagb_featured_image_src":{"full":["https:\/\/www.meavia-mh.hr\/wp-content\/uploads\/2023\/10\/Raspa-buffer-za-nokte-Half-Moon-Aba-100-100-5.jpg",1620,1628,false],"thumbnail":["https:\/\/www.meavia-mh.hr\/wp-content\/uploads\/2023\/10\/Raspa-buffer-za-nokte-Half-Moon-Aba-100-100-5-150x150.jpg",150,150,true],"medium":["https:\/\/www.meavia-mh.hr\/wp-content\/uploads\/2023\/10\/Raspa-buffer-za-nokte-Half-Moon-Aba-100-100-5-300x300.jpg",300,300,true],"medium_large":["https:\/\/www.meavia-mh.hr\/wp-content\/uploads\/2023\/10\/Raspa-buffer-za-nokte-Half-Moon-Aba-100-100-5-768x772.jpg",768,772,true],"large":["https:\/\/www.meavia-mh.hr\/wp-content\/uploads\/2023\/10\/Raspa-buffer-za-nokte-Half-Moon-Aba-100-100-5-1019x1024.jpg",1019,1024,true],"1536x1536":["https:\/\/www.meavia-mh.hr\/wp-content\/uploads\/2023\/10\/Raspa-buffer-za-nokte-Half-Moon-Aba-100-100-5-1528x1536.jpg",1528,1536,true],"2048x2048":["https:\/\/www.meavia-mh.hr\/wp-content\/uploads\/2023\/10\/Raspa-buffer-za-nokte-Half-Moon-Aba-100-100-5.jpg",1620,1628,false],"trp-custom-language-flag":["https:\/\/www.meavia-mh.hr\/wp-content\/uploads\/2023\/10\/Raspa-buffer-za-nokte-Half-Moon-Aba-100-100-5-12x12.jpg",12,12,true],"woocommerce_thumbnail":["https:\/\/www.meavia-mh.hr\/wp-content\/uploads\/2023\/10\/Raspa-buffer-za-nokte-Half-Moon-Aba-100-100-5-300x300.jpg",300,300,true],"woocommerce_single":["https:\/\/www.meavia-mh.hr\/wp-content\/uploads\/2023\/10\/Raspa-buffer-za-nokte-Half-Moon-Aba-100-100-5-600x603.jpg",600,603,true],"woocommerce_gallery_thumbnail":["https:\/\/www.meavia-mh.hr\/wp-content\/uploads\/2023\/10\/Raspa-buffer-za-nokte-Half-Moon-Aba-100-100-5-100x100.jpg",100,100,true]},"uagb_author_info":{"display_name":"Zla Gol","author_link":"https:\/\/www.meavia-mh.hr\/sl\/author\/"},"uagb_comment_info":0,"uagb_excerpt":"Osvje\u017eite svoj salon manikure s na\u0161om novom DUAL ra\u0161pom buffer za nokte Half Moon Aba 100\/100! Ra\u0161pa buffer za nokte Half Moon Aba 100\/100 DUAL sustav nastao je zahvaljuju\u0107i jednostavnoj kombinaciji turpije i polira koji brzo i jednostavno zagla\u0111uje i matira plo\u010du nokta. Jedna strana granulacije 100 savr\u0161eno skra\u0107uje i turpija rubove nokta, druga strana,&hellip;","_links":{"self":[{"href":"https:\/\/www.meavia-mh.hr\/sl\/wp-json\/wp\/v2\/product\/23889","targetHints":{"allow":["GET"]}}],"collection":[{"href":"https:\/\/www.meavia-mh.hr\/sl\/wp-json\/wp\/v2\/product"}],"about":[{"href":"https:\/\/www.meavia-mh.hr\/sl\/wp-json\/wp\/v2\/types\/product"}],"replies":[{"embeddable":true,"href":"https:\/\/www.meavia-mh.hr\/sl\/wp-json\/wp\/v2\/comments?post=23889"}],"version-history":[{"count":3,"href":"https:\/\/www.meavia-mh.hr\/sl\/wp-json\/wp\/v2\/product\/23889\/revisions"}],"predecessor-version":[{"id":35496,"href":"https:\/\/www.meavia-mh.hr\/sl\/wp-json\/wp\/v2\/product\/23889\/revisions\/35496"}],"wp:featuredmedia":[{"embeddable":true,"href":"https:\/\/www.meavia-mh.hr\/sl\/wp-json\/wp\/v2\/media\/23896"}],"wp:attachment":[{"href":"https:\/\/www.meavia-mh.hr\/sl\/wp-json\/wp\/v2\/media?parent=23889"}],"wp:term":[{"taxonomy":"product_brand","embeddable":true,"href":"https:\/\/www.meavia-mh.hr\/sl\/wp-json\/wp\/v2\/product_brand?post=23889"},{"taxonomy":"product_cat","embeddable":true,"href":"https:\/\/www.meavia-mh.hr\/sl\/wp-json\/wp\/v2\/product_cat?post=23889"},{"taxonomy":"product_tag","embeddable":true,"href":"https:\/\/www.meavia-mh.hr\/sl\/wp-json\/wp\/v2\/product_tag?post=23889"}],"curies":[{"name":"delovni list","href":"https:\/\/api.w.org\/{rel}","templated":true}]}}