{"id":23853,"date":"2023-10-09T17:47:33","date_gmt":"2023-10-09T17:47:33","guid":{"rendered":"https:\/\/www.meavia-mh.hr\/?post_type=product&#038;p=23853"},"modified":"2026-01-24T08:36:10","modified_gmt":"2026-01-24T07:36:10","slug":"raspa-buffer-za-nokte-half-moon-aba-100-180","status":"publish","type":"product","link":"https:\/\/www.meavia-mh.hr\/sl\/product\/raspa-buffer-za-nokte-half-moon-aba-100-180\/","title":{"rendered":"Raspa bla\u017eilnik za nohte Half Moon Aba 100\/180"},"content":{"rendered":"<p>Brusilnik za nohte Half Moon Aba 100\/180 je dvostranski pufer za pripravo in glajenje nohtne povr\u0161ine. Penasti bla\u017eilnik je oja\u010dan s plasti\u010dnim vlo\u017ekom, ki zagotavlja natan\u010dnost in stabilnost opravljenega dela. Idealen je tako za matiranje naravne nohtne plo\u0161\u010de kot tudi za glajenje neravnin, ki nastanejo zaradi nanosa gela ali akrilne mase. Ustrezna mehkoba in pro\u017enost omogo\u010da prijetno delo, hkrati pa ohranja varnost (ne po\u0161koduje obnohtne ko\u017eice).<\/p>\n<p>Polirnik je na voljo v dveh variantah: 100\/180 in 180\/240. Gradacija 100\/180 rahlo pili, 180\/240 pa polira in odstrani vse praske po uporabi mo\u010dnej\u0161ih pil.<\/p>\n<h4><strong>Prednosti poliranja:<\/strong><\/h4>\n<ul>\n<li>Popoln za naravne nohte<\/li>\n<li>Nohtno plo\u0161\u010do lahko hitro matirate<\/li>\n<li>Nohte lahko enostavno pripravite na nadaljnje tretmaje<\/li>\n<li>Univerzalna in ergonomska oblika<\/li>\n<li>Izdelana iz najkakovostnej\u0161ih materialov<\/li>\n<\/ul>\n<h3>Zna\u010dilnosti:<\/h3>\n<p><strong>Najbolj\u0161a kakovost:<\/strong> Na\u0161e ra\u0161plje, izdelane iz vrhunskih materialov, so izjemno odporne in dolgotrajne. Trdo jedro zagotavlja stabilnost in prepre\u010duje upogibanje med delovanjem.<\/p>\n<p><strong>Ergonomska kombinacija oblik:<\/strong> Kombinacija plo\u0161\u010date in bananaste oblike omogo\u010da izjemno enostavno delo z njim, ki omogo\u010da natan\u010dno obdelavo tudi na te\u017eko dostopnih mestih.<\/p>\n<p><strong>Profesionalna uporaba:<\/strong> Priporo\u010dljivo je za vse tretmaje manikure in pedikure, kjer je potrebna natan\u010dna in varna priprava nohtov.<\/p>\n<p>Ne ogro\u017eajte kakovosti svojega dela. Izberite pufersko strgalo za nohte half moon Aba 180\/240 in navdu\u0161ite svoje stranke z brezhibnimi rezultati.<\/p>\n<div>\n<h4>Kako izbrati pravo datoteko zase?<\/h4>\n<p>Pri izbiri pile barva ni klju\u010dnega pomena. Tisto, kar morate resni\u010dno upo\u0161tevati, je &quot;zrnatost&quot; ali finost zrna na pilah. Tukaj vam predstavljamo klju\u010dne informacije:<\/p>\n<p><strong>1. Manj\u0161a znamenja, bolj groba zrna<\/strong>: Pile z manj\u0161imi oznakami, kot je 80\/100, so bolj grobe. To pomeni, da so idealne za hitrej\u0161e odstranjevanje in oblikovanje materiala, hkrati pa so tudi ostrej\u0161e.<\/p>\n<p><strong>2. Ve\u010dje oznake, drobnej\u0161a zrna:<\/strong> Pile z ve\u010djimi oznakami, na primer 180\/240, imajo bolj fino zrnatost. Te pilice so ne\u017enej\u0161e in idealne za poliranje, matiranje in kon\u010dna obdelava.<\/p>\n<p><strong>3. Me\u0161ane ocene:<\/strong> Nekatere datoteke imajo me\u0161ane oznake, na primer 80\/100 ali 120\/180. To pomeni, da imajo na razli\u010dnih straneh razli\u010dna drobna zrna. Na primer, 180\/240 pomeni, da ima ena stran zrnatost 180, druga stran pa 240.<\/p>\n<p>Izberite datoteko glede na potrebe va\u0161ega dela. \u010ce potrebujete hitro oblikovanje, izberite bolj grobo pilo. Za finej\u0161e in natan\u010dnej\u0161e delo bo popolna izbira pila z drobnej\u0161imi zrni.<\/p>\n<p>Upam, da vam je to pomagalo izbrati pravo datoteko!<\/p>\n<\/div>\n<div>\n<h4>Razumevanje gradacije na pilicah za nohte<\/h4>\n<p>Ko gre za izbiro prave datoteke za va\u0161e delo, je razumevanje stopnjevanja klju\u010dnega pomena. Gradacija se nana\u0161a na koli\u010dino zrn, posutih na povr\u0161ini pile na 1 cm kvadrata. Tukaj morate vedeti:<\/p>\n<p><strong>Abrazivnost 100 peska:<\/strong> Ta gradacija je idealna za dodajanje dol\u017eine in oblike umetnim nohtom.<\/p>\n<p><strong>Abrazivnost 150 grit:<\/strong> Primeren je za zahteve po dol\u017eini in debelini ter za dodelavo umetnih nohtov.<\/p>\n<p><strong>Abrazivnost 180 grit:<\/strong> Uporablja se za ravnanje in oblikovanje naravnih in umetnih nohtov.<\/p>\n<p><strong>Abrazivnost 240 grit:<\/strong> Gradacija je namenjena poliranju in piljenju naravnih in umetnih nohtov ter pripravi za lakiranje.<\/p>\n<p>Mo\u010dnej\u0161a zrna bodo hitro odstranila ostanke hibridne ali gelne mase in nohte pripravila na nadaljnje tretmaje. Mehkej\u0161a stran je uporabna za pripravo naravne nohtne plo\u0161\u010de, matiranje in oblikovanje kon\u010dnega videza.<\/p>\n<p>Izberite pravo gradacijo za svoje potrebe: pilica je priporo\u010dljiva za vse tretmaje manikure in pedikure, kjer je potrebna natan\u010dna in varna priprava nohtov.<\/p>\n<h5>Priljubljene gradacije:<\/h5>\n<ul>\n<li>100\/180: Idealno za pripravo nazidanih\/podalj\u0161anih nohtov, kraj\u0161anje in oblikovanje.<\/li>\n<li>180\/240: Pogosto se uporablja pri klasi\u010dni in hibridni manikuri, kjer je ve\u010dji stik z naravno nohtno plo\u0161\u010do.<\/li>\n<\/ul>\n<h5>Tudi oblika pile igra vlogo in vsaka ima svoje prednosti:<\/h5>\n<ul>\n<li><strong>Ravna oblika<\/strong>: Univerzalna mo\u017enost za oblikovanje in kraj\u0161anje naravnih in podalj\u0161anih nohtov.<\/li>\n<li><strong>Zaobljena banana:<\/strong> Idealen za natan\u010dno obdelavo obnohtne ko\u017eice in te\u017eko dostopnih mest.<\/li>\n<li><strong>Polmeseca (polmeseca)<\/strong>: Pogosto ga uporabljajo stilisti v svojih salonih. Kombinacija plo\u0161\u010date in bananaste oblike omogo\u010da izjemno enostavno delo z njim, ki omogo\u010da natan\u010dno obdelavo tudi na te\u017eko dostopnih mestih.<\/li>\n<\/ul>\n<p>Izberite gradacijo in obliko, ki ustreza va\u0161emu slogu in potrebam za doseganje najbolj\u0161ih rezultatov pri va\u0161em delu.<\/p>\n<p>Cena se nana\u0161a na prodajo preko interneta. Fotografija izdelka morda ne bo v celoti ustrezala dejanskemu izgledu in vsebini izdelka. V primeru tehni\u010dnih napak Mea Via ne prevzema odgovornosti za to\u010dnost prikazanih cen in fotografij.\u00a0<em>Upo\u0161tevajte, da se po najbolj\u0161ih mo\u010deh trudimo zagotoviti, da slika, predstavljena na spletnem mestu, najbolje odra\u017ea dejanske barve na\u0161ih izdelkov. Dejavniki, ki jih med brskanjem ne moremo nadzorovati, kot so osvetlitev, vrsta uporabljene elektronske opreme, nastavitve zaslona ali grafi\u010dna kartica - vplivajo na sprejem\/interpretacijo gledane slike.<\/em><\/p>\n<\/div>","protected":false},"excerpt":{"rendered":"<p>Ra\u0161pa buffer za nokte Half Moon Aba 100\/180 je\u00a0dvostrani buffer za pripremu i zagla\u0111ivanje povr\u0161ine noktiju. Pjenasti buffer je oja\u010dan plasti\u010dnim umetkom kako bi se osigurala preciznost i stabilnost obavljenog posla.\u00a0Idealan je za matiranje prirodne plo\u010de nokta kao i za izravnavanje neravnina nastalih nano\u0161enjem gela ili akrilne mase.\u00a0Odgovaraju\u0107a meko\u0107a i fleksibilnost olak\u0161avaju ugodan rad uz [&hellip;]<\/p>\n","protected":false},"featured_media":23855,"comment_status":"closed","ping_status":"closed","template":"","meta":{"_uag_custom_page_level_css":"","site-sidebar-layout":"default","site-content-layout":null,"ast-site-content-layout":"default","site-content-style":"default","site-sidebar-style":"default","ast-global-header-display":"","ast-banner-title-visibility":"","ast-main-header-display":"","ast-hfb-above-header-display":"","ast-hfb-below-header-display":"","ast-hfb-mobile-header-display":"","site-post-title":"","ast-breadcrumbs-content":"","ast-featured-img":"","footer-sml-layout":"","ast-disable-related-posts":"","theme-transparent-header-meta":"default","adv-header-id-meta":"","stick-header-meta":"default","header-above-stick-meta":"","header-main-stick-meta":"","header-below-stick-meta":"","astra-migrate-meta-layouts":"set","ast-page-background-enabled":"default","ast-page-background-meta":{"desktop":{"background-color":"var(--ast-global-color-4)","background-image":"","background-repeat":"repeat","background-position":"center center","background-size":"auto","background-attachment":"scroll","background-type":"","background-media":"","overlay-type":"","overlay-color":"","overlay-opacity":"","overlay-gradient":""},"tablet":{"background-color":"","background-image":"","background-repeat":"repeat","background-position":"center center","background-size":"auto","background-attachment":"scroll","background-type":"","background-media":"","overlay-type":"","overlay-color":"","overlay-opacity":"","overlay-gradient":""},"mobile":{"background-color":"","background-image":"","background-repeat":"repeat","background-position":"center center","background-size":"auto","background-attachment":"scroll","background-type":"","background-media":"","overlay-type":"","overlay-color":"","overlay-opacity":"","overlay-gradient":""}},"ast-content-background-meta":{"desktop":{"background-color":"var(--ast-global-color-5)","background-image":"","background-repeat":"repeat","background-position":"center center","background-size":"auto","background-attachment":"scroll","background-type":"","background-media":"","overlay-type":"","overlay-color":"","overlay-opacity":"","overlay-gradient":""},"tablet":{"background-color":"var(--ast-global-color-5)","background-image":"","background-repeat":"repeat","background-position":"center center","background-size":"auto","background-attachment":"scroll","background-type":"","background-media":"","overlay-type":"","overlay-color":"","overlay-opacity":"","overlay-gradient":""},"mobile":{"background-color":"var(--ast-global-color-5)","background-image":"","background-repeat":"repeat","background-position":"center center","background-size":"auto","background-attachment":"scroll","background-type":"","background-media":"","overlay-type":"","overlay-color":"","overlay-opacity":"","overlay-gradient":""}}},"product_brand":[],"product_cat":[113],"product_tag":[196,197],"class_list":{"0":"post-23853","1":"product","2":"type-product","3":"status-publish","4":"has-post-thumbnail","6":"product_cat-raspe","7":"product_tag-raspa","8":"product_tag-turpija","9":"desktop-align-left","10":"tablet-align-left","11":"mobile-align-left","12":"ast-product-gallery-layout-horizontal-slider","13":"ast-product-tabs-layout-horizontal","15":"first","16":"outofstock","17":"taxable","18":"shipping-taxable","19":"purchasable","20":"product-type-simple"},"yoast_head":"<!-- This site is optimized with the Yoast SEO plugin v27.5 - https:\/\/yoast.com\/product\/yoast-seo-wordpress\/ -->\n<title>Ra\u0161pa buffer za nokte Half Moon Aba 100\/180 &#8902; Mea Via Beauty<\/title>\n<meta name=\"description\" content=\"Ra\u0161pa buffer za nokte Half Moon Aba 100\/180 &#8902; trupija za gel, akril gel, trajni lak&#8902; dvostrana ra\u0161pa za manikuru &#8902; top kvaliteta\" \/>\n<meta name=\"robots\" content=\"index, follow, max-snippet:-1, max-image-preview:large, max-video-preview:-1\" \/>\n<link rel=\"canonical\" href=\"https:\/\/www.meavia-mh.hr\/sl\/product\/raspa-buffer-za-nokte-half-moon-aba-100-180\/\" \/>\n<meta property=\"og:locale\" content=\"sl_SI\" \/>\n<meta property=\"og:type\" content=\"article\" \/>\n<meta property=\"og:title\" content=\"Ra\u0161pa buffer za nokte Half Moon Aba 100\/180 &#8902; Mea Via Beauty\" \/>\n<meta property=\"og:description\" content=\"Ra\u0161pa buffer za nokte Half Moon Aba 100\/180 &#8902; trupija za gel, akril gel, trajni lak&#8902; dvostrana ra\u0161pa za manikuru &#8902; top kvaliteta\" \/>\n<meta property=\"og:url\" content=\"https:\/\/www.meavia-mh.hr\/sl\/product\/raspa-buffer-za-nokte-half-moon-aba-100-180\/\" \/>\n<meta property=\"og:site_name\" content=\"Mea Via Beauty\" \/>\n<meta property=\"article:publisher\" content=\"https:\/\/www.facebook.com\/MeaViaNailsWorld\" \/>\n<meta property=\"article:modified_time\" content=\"2026-01-24T07:36:10+00:00\" \/>\n<meta property=\"og:image\" content=\"https:\/\/www.meavia-mh.hr\/wp-content\/uploads\/2023\/10\/Raspa-buffer-za-nokte-Half-Moon-Aba-100-180-1.jpg\" \/>\n\t<meta property=\"og:image:width\" content=\"1614\" \/>\n\t<meta property=\"og:image:height\" content=\"1614\" \/>\n\t<meta property=\"og:image:type\" content=\"image\/jpeg\" \/>\n<meta name=\"twitter:card\" content=\"summary_large_image\" \/>\n<meta name=\"twitter:label1\" content=\"Est. reading time\" \/>\n\t<meta name=\"twitter:data1\" content=\"4 minute\" \/>\n<script type=\"application\/ld+json\" class=\"yoast-schema-graph\">{\"@context\":\"https:\\\/\\\/schema.org\",\"@graph\":[{\"@type\":\"WebPage\",\"@id\":\"https:\\\/\\\/www.meavia-mh.hr\\\/product\\\/raspa-buffer-za-nokte-half-moon-aba-100-180\\\/\",\"url\":\"https:\\\/\\\/www.meavia-mh.hr\\\/product\\\/raspa-buffer-za-nokte-half-moon-aba-100-180\\\/\",\"name\":\"Ra\u0161pa buffer za nokte Half Moon Aba 100\\\/180 &#8902; Mea Via Beauty\",\"isPartOf\":{\"@id\":\"https:\\\/\\\/meavia-mh.hr\\\/sl\\\/#website\"},\"primaryImageOfPage\":{\"@id\":\"https:\\\/\\\/www.meavia-mh.hr\\\/product\\\/raspa-buffer-za-nokte-half-moon-aba-100-180\\\/#primaryimage\"},\"image\":{\"@id\":\"https:\\\/\\\/www.meavia-mh.hr\\\/product\\\/raspa-buffer-za-nokte-half-moon-aba-100-180\\\/#primaryimage\"},\"thumbnailUrl\":\"https:\\\/\\\/www.meavia-mh.hr\\\/wp-content\\\/uploads\\\/2023\\\/10\\\/Raspa-buffer-za-nokte-Half-Moon-Aba-100-180-1.jpg\",\"datePublished\":\"2023-10-09T17:47:33+00:00\",\"dateModified\":\"2026-01-24T07:36:10+00:00\",\"description\":\"Ra\u0161pa buffer za nokte Half Moon Aba 100\\\/180 &#8902; trupija za gel, akril gel, trajni lak&#8902; dvostrana ra\u0161pa za manikuru &#8902; top kvaliteta\",\"breadcrumb\":{\"@id\":\"https:\\\/\\\/www.meavia-mh.hr\\\/product\\\/raspa-buffer-za-nokte-half-moon-aba-100-180\\\/#breadcrumb\"},\"inLanguage\":\"sl-SI\",\"potentialAction\":[{\"@type\":\"ReadAction\",\"target\":[\"https:\\\/\\\/www.meavia-mh.hr\\\/product\\\/raspa-buffer-za-nokte-half-moon-aba-100-180\\\/\"]}]},{\"@type\":\"ImageObject\",\"inLanguage\":\"sl-SI\",\"@id\":\"https:\\\/\\\/www.meavia-mh.hr\\\/product\\\/raspa-buffer-za-nokte-half-moon-aba-100-180\\\/#primaryimage\",\"url\":\"https:\\\/\\\/www.meavia-mh.hr\\\/wp-content\\\/uploads\\\/2023\\\/10\\\/Raspa-buffer-za-nokte-Half-Moon-Aba-100-180-1.jpg\",\"contentUrl\":\"https:\\\/\\\/www.meavia-mh.hr\\\/wp-content\\\/uploads\\\/2023\\\/10\\\/Raspa-buffer-za-nokte-Half-Moon-Aba-100-180-1.jpg\",\"width\":1614,\"height\":1614,\"caption\":\"Ra\u0161pa buffer za nokte Half Moon Aba 100\\\/180\"},{\"@type\":\"BreadcrumbList\",\"@id\":\"https:\\\/\\\/www.meavia-mh.hr\\\/product\\\/raspa-buffer-za-nokte-half-moon-aba-100-180\\\/#breadcrumb\",\"itemListElement\":[{\"@type\":\"ListItem\",\"position\":1,\"name\":\"Po\u010detna stranica\",\"item\":\"https:\\\/\\\/www.meavia-mh.hr\\\/\"},{\"@type\":\"ListItem\",\"position\":2,\"name\":\"Trgovina\",\"item\":\"https:\\\/\\\/meavia-mh.hr\\\/sl\\\/store\\\/\"},{\"@type\":\"ListItem\",\"position\":3,\"name\":\"Ra\u0161pa buffer za nokte Half Moon Aba 100\\\/180\"}]},{\"@type\":\"WebSite\",\"@id\":\"https:\\\/\\\/meavia-mh.hr\\\/sl\\\/#website\",\"url\":\"https:\\\/\\\/meavia-mh.hr\\\/sl\\\/\",\"name\":\"Mea Via Beauty\",\"description\":\"Only The Best For Your Beauty\",\"publisher\":{\"@id\":\"https:\\\/\\\/meavia-mh.hr\\\/sl\\\/#organization\"},\"alternateName\":\"Mea Via Nails\",\"potentialAction\":[{\"@type\":\"SearchAction\",\"target\":{\"@type\":\"EntryPoint\",\"urlTemplate\":\"https:\\\/\\\/meavia-mh.hr\\\/sl\\\/?s={search_term_string}\"},\"query-input\":{\"@type\":\"PropertyValueSpecification\",\"valueRequired\":true,\"valueName\":\"search_term_string\"}}],\"inLanguage\":\"sl-SI\"},{\"@type\":\"Organization\",\"@id\":\"https:\\\/\\\/meavia-mh.hr\\\/sl\\\/#organization\",\"name\":\"Mea Via Nails World\",\"alternateName\":\"Mea Via\",\"url\":\"https:\\\/\\\/meavia-mh.hr\\\/sl\\\/\",\"logo\":{\"@type\":\"ImageObject\",\"inLanguage\":\"sl-SI\",\"@id\":\"https:\\\/\\\/meavia-mh.hr\\\/sl\\\/#\\\/schema\\\/logo\\\/image\\\/\",\"url\":\"https:\\\/\\\/www.meavia-mh.hr\\\/wp-content\\\/uploads\\\/2020\\\/12\\\/Mea-Via.png\",\"contentUrl\":\"https:\\\/\\\/www.meavia-mh.hr\\\/wp-content\\\/uploads\\\/2020\\\/12\\\/Mea-Via.png\",\"width\":1181,\"height\":393,\"caption\":\"Mea Via Nails World\"},\"image\":{\"@id\":\"https:\\\/\\\/meavia-mh.hr\\\/sl\\\/#\\\/schema\\\/logo\\\/image\\\/\"},\"sameAs\":[\"https:\\\/\\\/www.facebook.com\\\/MeaViaNailsWorld\",\"https:\\\/\\\/www.instagram.com\\\/mea_via_nails_world\\\/\",\"https:\\\/\\\/www.youtube.com\\\/channel\\\/UCECk0hpRWP6TN-EfA4ER96g\\\/featured\"]}]}<\/script>\n<!-- \/ Yoast SEO plugin. -->","yoast_head_json":{"title":"Ra\u0161pa buffer za nokte Half Moon Aba 100\/180 &#8902; Mea Via Beauty","description":"Ra\u0161pa buffer za nokte Half Moon Aba 100\/180 &#8902; trupija za gel, akril gel, trajni lak&#8902; dvostrana ra\u0161pa za manikuru &#8902; top kvaliteta","robots":{"index":"index","follow":"follow","max-snippet":"max-snippet:-1","max-image-preview":"max-image-preview:large","max-video-preview":"max-video-preview:-1"},"canonical":"https:\/\/www.meavia-mh.hr\/sl\/product\/raspa-buffer-za-nokte-half-moon-aba-100-180\/","og_locale":"sl_SI","og_type":"article","og_title":"Ra\u0161pa buffer za nokte Half Moon Aba 100\/180 &#8902; Mea Via Beauty","og_description":"Ra\u0161pa buffer za nokte Half Moon Aba 100\/180 &#8902; trupija za gel, akril gel, trajni lak&#8902; dvostrana ra\u0161pa za manikuru &#8902; top kvaliteta","og_url":"https:\/\/www.meavia-mh.hr\/sl\/product\/raspa-buffer-za-nokte-half-moon-aba-100-180\/","og_site_name":"Mea Via Beauty","article_publisher":"https:\/\/www.facebook.com\/MeaViaNailsWorld","article_modified_time":"2026-01-24T07:36:10+00:00","og_image":[{"width":1614,"height":1614,"url":"https:\/\/www.meavia-mh.hr\/wp-content\/uploads\/2023\/10\/Raspa-buffer-za-nokte-Half-Moon-Aba-100-180-1.jpg","type":"image\/jpeg"}],"twitter_card":"summary_large_image","twitter_misc":{"Est. reading time":"4 minute"},"schema":{"@context":"https:\/\/schema.org","@graph":[{"@type":"WebPage","@id":"https:\/\/www.meavia-mh.hr\/product\/raspa-buffer-za-nokte-half-moon-aba-100-180\/","url":"https:\/\/www.meavia-mh.hr\/product\/raspa-buffer-za-nokte-half-moon-aba-100-180\/","name":"Ra\u0161pa buffer za nokte Half Moon Aba 100\/180 &#8902; Mea Via Beauty","isPartOf":{"@id":"https:\/\/meavia-mh.hr\/sl\/#website"},"primaryImageOfPage":{"@id":"https:\/\/www.meavia-mh.hr\/product\/raspa-buffer-za-nokte-half-moon-aba-100-180\/#primaryimage"},"image":{"@id":"https:\/\/www.meavia-mh.hr\/product\/raspa-buffer-za-nokte-half-moon-aba-100-180\/#primaryimage"},"thumbnailUrl":"https:\/\/www.meavia-mh.hr\/wp-content\/uploads\/2023\/10\/Raspa-buffer-za-nokte-Half-Moon-Aba-100-180-1.jpg","datePublished":"2023-10-09T17:47:33+00:00","dateModified":"2026-01-24T07:36:10+00:00","description":"Ra\u0161pa buffer za nokte Half Moon Aba 100\/180 &#8902; trupija za gel, akril gel, trajni lak&#8902; dvostrana ra\u0161pa za manikuru &#8902; top kvaliteta","breadcrumb":{"@id":"https:\/\/www.meavia-mh.hr\/product\/raspa-buffer-za-nokte-half-moon-aba-100-180\/#breadcrumb"},"inLanguage":"sl-SI","potentialAction":[{"@type":"ReadAction","target":["https:\/\/www.meavia-mh.hr\/product\/raspa-buffer-za-nokte-half-moon-aba-100-180\/"]}]},{"@type":"ImageObject","inLanguage":"sl-SI","@id":"https:\/\/www.meavia-mh.hr\/product\/raspa-buffer-za-nokte-half-moon-aba-100-180\/#primaryimage","url":"https:\/\/www.meavia-mh.hr\/wp-content\/uploads\/2023\/10\/Raspa-buffer-za-nokte-Half-Moon-Aba-100-180-1.jpg","contentUrl":"https:\/\/www.meavia-mh.hr\/wp-content\/uploads\/2023\/10\/Raspa-buffer-za-nokte-Half-Moon-Aba-100-180-1.jpg","width":1614,"height":1614,"caption":"Ra\u0161pa buffer za nokte Half Moon Aba 100\/180"},{"@type":"BreadcrumbList","@id":"https:\/\/www.meavia-mh.hr\/product\/raspa-buffer-za-nokte-half-moon-aba-100-180\/#breadcrumb","itemListElement":[{"@type":"ListItem","position":1,"name":"Po\u010detna stranica","item":"https:\/\/www.meavia-mh.hr\/"},{"@type":"ListItem","position":2,"name":"Trgovina","item":"https:\/\/meavia-mh.hr\/sl\/store\/"},{"@type":"ListItem","position":3,"name":"Ra\u0161pa buffer za nokte Half Moon Aba 100\/180"}]},{"@type":"WebSite","@id":"https:\/\/meavia-mh.hr\/sl\/#website","url":"https:\/\/meavia-mh.hr\/sl\/","name":"MEA VIA BEAUTY","description":"Only The Best For Your Beauty","publisher":{"@id":"https:\/\/meavia-mh.hr\/sl\/#organization"},"alternateName":"Mea Via Nails","potentialAction":[{"@type":"SearchAction","target":{"@type":"EntryPoint","urlTemplate":"https:\/\/meavia-mh.hr\/sl\/?s={search_term_string}"},"query-input":{"@type":"PropertyValueSpecification","valueRequired":true,"valueName":"search_term_string"}}],"inLanguage":"sl-SI"},{"@type":"Organization","@id":"https:\/\/meavia-mh.hr\/sl\/#organization","name":"Mea Via Nails World","alternateName":"Mea Via","url":"https:\/\/meavia-mh.hr\/sl\/","logo":{"@type":"ImageObject","inLanguage":"sl-SI","@id":"https:\/\/meavia-mh.hr\/sl\/#\/schema\/logo\/image\/","url":"https:\/\/www.meavia-mh.hr\/wp-content\/uploads\/2020\/12\/Mea-Via.png","contentUrl":"https:\/\/www.meavia-mh.hr\/wp-content\/uploads\/2020\/12\/Mea-Via.png","width":1181,"height":393,"caption":"Mea Via Nails World"},"image":{"@id":"https:\/\/meavia-mh.hr\/sl\/#\/schema\/logo\/image\/"},"sameAs":["https:\/\/www.facebook.com\/MeaViaNailsWorld","https:\/\/www.instagram.com\/mea_via_nails_world\/","https:\/\/www.youtube.com\/channel\/UCECk0hpRWP6TN-EfA4ER96g\/featured"]}]}},"spectra_custom_meta":{"_sku":["5907541177756"],"_regular_price":["1.99"],"total_sales":["50"],"_tax_status":["taxable"],"_tax_class":[""],"_manage_stock":["yes"],"_backorders":["no"],"_sold_individually":["no"],"_virtual":["no"],"_downloadable":["no"],"_product_image_gallery":["23856,23854"],"_download_limit":["-1"],"_download_expiry":["-1"],"_thumbnail_id":["23855"],"_stock":["0"],"_stock_status":["outofstock"],"_wc_average_rating":["0"],"_wc_review_count":["0"],"_product_version":["10.4.3"],"_price":["1.99"],"_wp_page_template":["default"],"_yoast_wpseo_focuskw":["Ra\u0161pa za nokte"],"_yoast_wpseo_metadesc":["%%title%% %%sep%% trupija za gel, akril gel, trajni lak%%sep%% dvostrana ra\u0161pa za manikuru %%sep%% top kvaliteta"],"_yoast_wpseo_linkdex":["69"],"_yoast_wpseo_content_score":["90"],"site-sidebar-layout":["default"],"site-content-layout":[null],"theme-transparent-header-meta":["default"],"stick-header-meta":["default"],"_yoast_wpseo_primary_product_cat":["113"],"_woocs_price_geo_countries":[""],"_woocs_regular_price_geo":[""],"_woocs_sale_price_geo":[""],"_yoast_wpseo_estimated-reading-time-minutes":["4"],"cartflows_redirect_flow_id":[""],"cartflows_add_to_cart_text":[""],"_woocs_regular_price_EUR":["1.32"],"_woocs_sale_price_EUR":["-1"],"_lowest_price_30_days":["1.32"],"_yoast_wpseo_wordproof_timestamp":[""],"ast-site-content-layout":["default"],"site-content-style":["default"],"site-sidebar-style":["default"],"_yoast_wpseo_primary_fb_product_set":[""],"_edit_lock":["1696962990:1239"],"_edit_last":["1239"],"astra-migrate-meta-layouts":["set"],"footer-adv-display":[null],"adv-header-id-meta":[""],"uag_migration_processed":["1"],"_elementor_page_assets":["a:0:{}"],"_uag_page_assets":["a:9:{s:3:\"css\";s:0:\"\";s:2:\"js\";s:0:\"\";s:18:\"current_block_list\";a:3:{i:0;s:11:\"core\/search\";i:1;s:18:\"core\/legacy-widget\";i:2;s:27:\"woocommerce\/product-filters\";}s:8:\"uag_flag\";b:0;s:11:\"uag_version\";s:10:\"1777638976\";s:6:\"gfonts\";a:0:{}s:10:\"gfonts_url\";s:0:\"\";s:12:\"gfonts_files\";a:0:{}s:14:\"uag_faq_layout\";b:0;}"]},"uagb_featured_image_src":{"full":["https:\/\/www.meavia-mh.hr\/wp-content\/uploads\/2023\/10\/Raspa-buffer-za-nokte-Half-Moon-Aba-100-180-1.jpg",1614,1614,false],"thumbnail":["https:\/\/www.meavia-mh.hr\/wp-content\/uploads\/2023\/10\/Raspa-buffer-za-nokte-Half-Moon-Aba-100-180-1-150x150.jpg",150,150,true],"medium":["https:\/\/www.meavia-mh.hr\/wp-content\/uploads\/2023\/10\/Raspa-buffer-za-nokte-Half-Moon-Aba-100-180-1-300x300.jpg",300,300,true],"medium_large":["https:\/\/www.meavia-mh.hr\/wp-content\/uploads\/2023\/10\/Raspa-buffer-za-nokte-Half-Moon-Aba-100-180-1-768x768.jpg",768,768,true],"large":["https:\/\/www.meavia-mh.hr\/wp-content\/uploads\/2023\/10\/Raspa-buffer-za-nokte-Half-Moon-Aba-100-180-1-1024x1024.jpg",1024,1024,true],"1536x1536":["https:\/\/www.meavia-mh.hr\/wp-content\/uploads\/2023\/10\/Raspa-buffer-za-nokte-Half-Moon-Aba-100-180-1-1536x1536.jpg",1536,1536,true],"2048x2048":["https:\/\/www.meavia-mh.hr\/wp-content\/uploads\/2023\/10\/Raspa-buffer-za-nokte-Half-Moon-Aba-100-180-1.jpg",1614,1614,false],"trp-custom-language-flag":["https:\/\/www.meavia-mh.hr\/wp-content\/uploads\/2023\/10\/Raspa-buffer-za-nokte-Half-Moon-Aba-100-180-1-12x12.jpg",12,12,true],"woocommerce_thumbnail":["https:\/\/www.meavia-mh.hr\/wp-content\/uploads\/2023\/10\/Raspa-buffer-za-nokte-Half-Moon-Aba-100-180-1-300x300.jpg",300,300,true],"woocommerce_single":["https:\/\/www.meavia-mh.hr\/wp-content\/uploads\/2023\/10\/Raspa-buffer-za-nokte-Half-Moon-Aba-100-180-1-600x600.jpg",600,600,true],"woocommerce_gallery_thumbnail":["https:\/\/www.meavia-mh.hr\/wp-content\/uploads\/2023\/10\/Raspa-buffer-za-nokte-Half-Moon-Aba-100-180-1-100x100.jpg",100,100,true]},"uagb_author_info":{"display_name":"Zla Gol","author_link":"https:\/\/www.meavia-mh.hr\/sl\/author\/"},"uagb_comment_info":0,"uagb_excerpt":"Ra\u0161pa buffer za nokte Half Moon Aba 100\/180 je\u00a0dvostrani buffer za pripremu i zagla\u0111ivanje povr\u0161ine noktiju. Pjenasti buffer je oja\u010dan plasti\u010dnim umetkom kako bi se osigurala preciznost i stabilnost obavljenog posla.\u00a0Idealan je za matiranje prirodne plo\u010de nokta kao i za izravnavanje neravnina nastalih nano\u0161enjem gela ili akrilne mase.\u00a0Odgovaraju\u0107a meko\u0107a i fleksibilnost olak\u0161avaju ugodan rad uz&hellip;","_links":{"self":[{"href":"https:\/\/www.meavia-mh.hr\/sl\/wp-json\/wp\/v2\/product\/23853","targetHints":{"allow":["GET"]}}],"collection":[{"href":"https:\/\/www.meavia-mh.hr\/sl\/wp-json\/wp\/v2\/product"}],"about":[{"href":"https:\/\/www.meavia-mh.hr\/sl\/wp-json\/wp\/v2\/types\/product"}],"replies":[{"embeddable":true,"href":"https:\/\/www.meavia-mh.hr\/sl\/wp-json\/wp\/v2\/comments?post=23853"}],"version-history":[{"count":1,"href":"https:\/\/www.meavia-mh.hr\/sl\/wp-json\/wp\/v2\/product\/23853\/revisions"}],"predecessor-version":[{"id":30332,"href":"https:\/\/www.meavia-mh.hr\/sl\/wp-json\/wp\/v2\/product\/23853\/revisions\/30332"}],"wp:featuredmedia":[{"embeddable":true,"href":"https:\/\/www.meavia-mh.hr\/sl\/wp-json\/wp\/v2\/media\/23855"}],"wp:attachment":[{"href":"https:\/\/www.meavia-mh.hr\/sl\/wp-json\/wp\/v2\/media?parent=23853"}],"wp:term":[{"taxonomy":"product_brand","embeddable":true,"href":"https:\/\/www.meavia-mh.hr\/sl\/wp-json\/wp\/v2\/product_brand?post=23853"},{"taxonomy":"product_cat","embeddable":true,"href":"https:\/\/www.meavia-mh.hr\/sl\/wp-json\/wp\/v2\/product_cat?post=23853"},{"taxonomy":"product_tag","embeddable":true,"href":"https:\/\/www.meavia-mh.hr\/sl\/wp-json\/wp\/v2\/product_tag?post=23853"}],"curies":[{"name":"delovni list","href":"https:\/\/api.w.org\/{rel}","templated":true}]}}