{"id":23818,"date":"2023-10-09T13:47:23","date_gmt":"2023-10-09T13:47:23","guid":{"rendered":"https:\/\/www.meavia-mh.hr\/?post_type=product&#038;p=23818"},"modified":"2026-01-24T08:37:08","modified_gmt":"2026-01-24T07:37:08","slug":"pogurivac-kozice-za-manikuru-pedikuru-pro-4","status":"publish","type":"product","link":"https:\/\/www.meavia-mh.hr\/sl\/product\/pogurivac-kozice-za-manikuru-pedikuru-pro-4\/","title":{"rendered":"Potiskalnik obnohtne ko\u017eice za manikuro\/pedikuro Pro 4"},"content":{"rendered":"<div class=\"page\" title=\"stran 1\">\n<div class=\"layoutArea\">\n<div class=\"column\">\n<p>Potiskalnik obnohtne ko\u017eice za manikuro in pedikuro je idealen pripomo\u010dek za vsakega nohtnega mojstra, pedikerja in kozmeti\u010darja. Ta izjemno kakovosten pripomo\u010dek je nepogre\u0161ljiv v va\u0161i zbirki za manikuro in pedikuro. Dvostranska zasnova potiskala, ena ve\u010dja in ena manj\u0161a, vam omogo\u010da natan\u010dno delo. Profilirana in rebrasta struktura ro\u010daja zagotavlja udobje in natan\u010dnost pri delu.<\/p>\n<p>To je zanesljiva kombinirana oprema za manikuro in pedikuro, ki bo va\u0161im nohtom dala ble\u0161\u010de\u010d videz brez ne\u017eelenih razlitij laka. Pomagal vam bo dvigniti obnohtno ko\u017eico, odstraniti odve\u010dno ko\u017eo na nohtni plo\u0161\u010di in u\u010dinkovito odstraniti hibridno maso.<\/p>\n<p>Zahvaljujo\u010d natan\u010dnemu dizajnu na obeh straneh boste prihranili \u010das in dosegli brezhibne rezultate. Uporabite ga lahko z odstranjevalcem obnohtne ko\u017eice oz\u00a0<a href=\"https:\/\/www.meavia-mh.hr\/sl\/product\/claresa-odstranjivac-kozice-nokta-cuticle-remover\/\">Odstranjevalec obnohtne ko\u017eice Claresa<\/a>\u00a0<span style=\"font-size: 16px;\">za \u0161e bolj\u0161e rezultate.<\/span><\/p>\n<p>Izdelek je izdelan iz visokokakovostnega nerjave\u010dega jekla in ga je mogo\u010de sterilizirati. \u010ce cenite eleganten, a klasi\u010den dizajn, je ta izdelek prava izbira za vas.<\/p>\n<p>Zagotovite si ga \u0161e danes in svojim nohtom zagotovite najbolj\u0161o mo\u017eno nego!<\/p>\n<\/div>\n<\/div>\n<\/div>\n<h6>Zna\u010dilnosti:<\/h6>\n<ul>\n<li>idealna te\u017ea za udobno delo<\/li>\n<li>pove\u010dan premer ro\u010daja in spremenjene zareze so izbolj\u0161ane<br \/>\norodja za pritrditev v roki<\/li>\n<li>premer ro\u010daja je zasnovan za dolgo delovanje<\/li>\n<li>dva razli\u010dna konca potiskala omogo\u010data razli\u010dne aplikacije<\/li>\n<li>zanesljivo pritrditev orodja zahvaljujo\u010d valovitemu ro\u010daju<\/li>\n<li>izjemna vzdr\u017eljivost<\/li>\n<li>dodatna odpornost proti koroziji<\/li>\n<li>razred jekla: nerjavno jeklo<\/li>\n<li>Dol\u017eina: 14,2 cm<\/li>\n<li><strong>Zgornje dimenzije:<\/strong>\n<ul>\n<li><span class=\"\">dol\u017eina: 3 cm \u0161irina: 0,5 cm<\/span><\/li>\n<li>dol\u017eina: 3 cm \u0161irina: 0,8 cm<\/li>\n<\/ul>\n<\/li>\n<\/ul>\n<h6>Sterilizacija kovinskega orodja:<\/h6>\n<ul>\n<li>dezinfekcija v brezalkoholnih pripravkih<\/li>\n<li>visokotemperaturna sterilizacija v avtoklavu tipa B<\/li>\n<li>Po uporabi je treba vse instrumente \u0161teti za kontaminirane in jih obvezno sterilizirati<\/li>\n<\/ul>\n<h6>PRIPORO\u010cILA ZA VZDR\u017dEVANJE IN SHRANJEVANJE<\/h6>\n<ul>\n<li>Ne pozabite razku\u017eiti in sterilizirati instrumentov po uporabi v skladu z navodili proizvajalca.<\/li>\n<li><span style=\"font-size: 16px;\">Spojke, vijake in rezalne elemente je treba ob\u010dasno mazati z oljem.<\/span><\/li>\n<li><span style=\"font-size: 16px;\">Ko pride \u010das za ostrenje instrumentov, poi\u0161\u010dite strokovne storitve. Nepravilno ostrenje lahko po\u0161koduje instrument.<\/span><\/li>\n<li><span style=\"font-size: 16px;\">Izogibajte se kontaminaciji rezalnih robov in obmo\u010dij trenja z abrazivi.<\/span><\/li>\n<li><span style=\"font-size: 16px;\">Ne shranjujte v vla\u017enih pogojih.<\/span><\/li>\n<li><span style=\"font-size: 16px;\">Priporo\u010damo shranjevanje instrumentov z rezili obrnjenimi navzgor.<\/span><\/li>\n<li><span style=\"font-size: 16px;\">Za za\u0161\u010dito rezalnih povr\u0161in med dolgotrajnim skladi\u0161\u010denjem ali med transportom uporabite posebne kov\u010dke.<\/span><\/li>\n<li><span style=\"font-size: 16px;\">Izogibajte se stiku med rezalnimi robovi lo\u010denih instrumentov, da ne po\u0161kodujete robov.<\/span><\/li>\n<li><span style=\"font-size: 16px;\">Ne spu\u0161\u010dajte in ne udarjajte instrumentov ob trde povr\u0161ine. To lahko po\u0161koduje rezalne robove, zlasti konice.<\/span><\/li>\n<\/ul>","protected":false},"excerpt":{"rendered":"<p>Poguriva\u010d ko\u017eice za manikuru i pedikuru idealan je alat svakog nail tehni\u010dara, pedikera i kozmeti\u010dara.\u00a0Ovaj izuzetno kvalitetan alat neizostavan je u va\u0161oj kolekciji za manikuru i pedikuru. Dvostrani dizajn poguriva\u0107a, jedan ve\u0107i i jedan manji, omogu\u0107uje vam precizan rad. Profilirana i rebrasta struktura dr\u0161ke osigurava udobnost i preciznost tijekom rada. Ovo je pouzdana oprema za [&hellip;]<\/p>\n","protected":false},"featured_media":23821,"comment_status":"closed","ping_status":"closed","template":"","meta":{"_uag_custom_page_level_css":"","site-sidebar-layout":"default","site-content-layout":"default","ast-site-content-layout":"default","site-content-style":"default","site-sidebar-style":"default","ast-global-header-display":"","ast-banner-title-visibility":"","ast-main-header-display":"","ast-hfb-above-header-display":"","ast-hfb-below-header-display":"","ast-hfb-mobile-header-display":"","site-post-title":"","ast-breadcrumbs-content":"","ast-featured-img":"","footer-sml-layout":"","ast-disable-related-posts":"","theme-transparent-header-meta":"default","adv-header-id-meta":"","stick-header-meta":"default","header-above-stick-meta":"","header-main-stick-meta":"","header-below-stick-meta":"","astra-migrate-meta-layouts":"set","ast-page-background-enabled":"default","ast-page-background-meta":{"desktop":{"background-color":"var(--ast-global-color-4)","background-image":"","background-repeat":"repeat","background-position":"center center","background-size":"auto","background-attachment":"scroll","background-type":"","background-media":"","overlay-type":"","overlay-color":"","overlay-opacity":"","overlay-gradient":""},"tablet":{"background-color":"","background-image":"","background-repeat":"repeat","background-position":"center center","background-size":"auto","background-attachment":"scroll","background-type":"","background-media":"","overlay-type":"","overlay-color":"","overlay-opacity":"","overlay-gradient":""},"mobile":{"background-color":"","background-image":"","background-repeat":"repeat","background-position":"center center","background-size":"auto","background-attachment":"scroll","background-type":"","background-media":"","overlay-type":"","overlay-color":"","overlay-opacity":"","overlay-gradient":""}},"ast-content-background-meta":{"desktop":{"background-color":"var(--ast-global-color-5)","background-image":"","background-repeat":"repeat","background-position":"center center","background-size":"auto","background-attachment":"scroll","background-type":"","background-media":"","overlay-type":"","overlay-color":"","overlay-opacity":"","overlay-gradient":""},"tablet":{"background-color":"var(--ast-global-color-5)","background-image":"","background-repeat":"repeat","background-position":"center center","background-size":"auto","background-attachment":"scroll","background-type":"","background-media":"","overlay-type":"","overlay-color":"","overlay-opacity":"","overlay-gradient":""},"mobile":{"background-color":"var(--ast-global-color-5)","background-image":"","background-repeat":"repeat","background-position":"center center","background-size":"auto","background-attachment":"scroll","background-type":"","background-media":"","overlay-type":"","overlay-color":"","overlay-opacity":"","overlay-gradient":""}}},"product_brand":[],"product_cat":[247],"product_tag":[244,226,379],"class_list":{"0":"post-23818","1":"product","2":"type-product","3":"status-publish","4":"has-post-thumbnail","6":"product_cat-pribor-za-manikuru","7":"product_tag-manikura","8":"product_tag-pedikura","9":"product_tag-pogurivac","10":"desktop-align-left","11":"tablet-align-left","12":"mobile-align-left","13":"ast-product-gallery-layout-horizontal-slider","14":"ast-product-tabs-layout-horizontal","16":"first","17":"outofstock","18":"taxable","19":"shipping-taxable","20":"purchasable","21":"product-type-simple"},"yoast_head":"<!-- This site is optimized with the Yoast SEO plugin v27.5 - https:\/\/yoast.com\/product\/yoast-seo-wordpress\/ -->\n<title>Poguriva\u010d ko\u017eice za manikuru \/ pedikuru Pro 4 &#8902; Mea Via Beauty<\/title>\n<meta name=\"description\" content=\"Poguriva\u010d ko\u017eice za manikuru \/ pedikuru Pro 4 &#8902; poguriva\u010d za kutikulu &#8902; top kvaliteta &#8902; medicinski \u010delik &#8902; za manikuru i pedikuru &#8902; ru\u010dno bru\u0161en\" \/>\n<meta name=\"robots\" content=\"index, follow, max-snippet:-1, max-image-preview:large, max-video-preview:-1\" \/>\n<link rel=\"canonical\" href=\"https:\/\/www.meavia-mh.hr\/sl\/product\/pogurivac-kozice-za-manikuru-pedikuru-pro-4\/\" \/>\n<meta property=\"og:locale\" content=\"sl_SI\" \/>\n<meta property=\"og:type\" content=\"article\" \/>\n<meta property=\"og:title\" content=\"Poguriva\u010d ko\u017eice za manikuru \/ pedikuru Pro 4 &#8902; Mea Via Beauty\" \/>\n<meta property=\"og:description\" content=\"Poguriva\u010d ko\u017eice za manikuru \/ pedikuru Pro 4 &#8902; poguriva\u010d za kutikulu &#8902; top kvaliteta &#8902; medicinski \u010delik &#8902; za manikuru i pedikuru &#8902; ru\u010dno bru\u0161en\" \/>\n<meta property=\"og:url\" content=\"https:\/\/www.meavia-mh.hr\/sl\/product\/pogurivac-kozice-za-manikuru-pedikuru-pro-4\/\" \/>\n<meta property=\"og:site_name\" content=\"Mea Via Beauty\" \/>\n<meta property=\"article:publisher\" content=\"https:\/\/www.facebook.com\/MeaViaNailsWorld\" \/>\n<meta property=\"article:modified_time\" content=\"2026-01-24T07:37:08+00:00\" \/>\n<meta property=\"og:image\" content=\"https:\/\/www.meavia-mh.hr\/wp-content\/uploads\/2023\/10\/Pogurivac-kozice-za-manikuru-pedikuru-Pro-4-2.jpg\" \/>\n\t<meta property=\"og:image:width\" content=\"1614\" \/>\n\t<meta property=\"og:image:height\" content=\"1614\" \/>\n\t<meta property=\"og:image:type\" content=\"image\/jpeg\" \/>\n<meta name=\"twitter:card\" content=\"summary_large_image\" \/>\n<meta name=\"twitter:label1\" content=\"Est. reading time\" \/>\n\t<meta name=\"twitter:data1\" content=\"2 minuti\" \/>\n<script type=\"application\/ld+json\" class=\"yoast-schema-graph\">{\"@context\":\"https:\\\/\\\/schema.org\",\"@graph\":[{\"@type\":\"WebPage\",\"@id\":\"https:\\\/\\\/www.meavia-mh.hr\\\/product\\\/pogurivac-kozice-za-manikuru-pedikuru-pro-4\\\/\",\"url\":\"https:\\\/\\\/www.meavia-mh.hr\\\/product\\\/pogurivac-kozice-za-manikuru-pedikuru-pro-4\\\/\",\"name\":\"Poguriva\u010d ko\u017eice za manikuru \\\/ pedikuru Pro 4 &#8902; Mea Via Beauty\",\"isPartOf\":{\"@id\":\"https:\\\/\\\/meavia-mh.hr\\\/sl\\\/#website\"},\"primaryImageOfPage\":{\"@id\":\"https:\\\/\\\/www.meavia-mh.hr\\\/product\\\/pogurivac-kozice-za-manikuru-pedikuru-pro-4\\\/#primaryimage\"},\"image\":{\"@id\":\"https:\\\/\\\/www.meavia-mh.hr\\\/product\\\/pogurivac-kozice-za-manikuru-pedikuru-pro-4\\\/#primaryimage\"},\"thumbnailUrl\":\"https:\\\/\\\/www.meavia-mh.hr\\\/wp-content\\\/uploads\\\/2023\\\/10\\\/Pogurivac-kozice-za-manikuru-pedikuru-Pro-4-2.jpg\",\"datePublished\":\"2023-10-09T13:47:23+00:00\",\"dateModified\":\"2026-01-24T07:37:08+00:00\",\"description\":\"Poguriva\u010d ko\u017eice za manikuru \\\/ pedikuru Pro 4 &#8902; poguriva\u010d za kutikulu &#8902; top kvaliteta &#8902; medicinski \u010delik &#8902; za manikuru i pedikuru &#8902; ru\u010dno bru\u0161en\",\"breadcrumb\":{\"@id\":\"https:\\\/\\\/www.meavia-mh.hr\\\/product\\\/pogurivac-kozice-za-manikuru-pedikuru-pro-4\\\/#breadcrumb\"},\"inLanguage\":\"sl-SI\",\"potentialAction\":[{\"@type\":\"ReadAction\",\"target\":[\"https:\\\/\\\/www.meavia-mh.hr\\\/product\\\/pogurivac-kozice-za-manikuru-pedikuru-pro-4\\\/\"]}]},{\"@type\":\"ImageObject\",\"inLanguage\":\"sl-SI\",\"@id\":\"https:\\\/\\\/www.meavia-mh.hr\\\/product\\\/pogurivac-kozice-za-manikuru-pedikuru-pro-4\\\/#primaryimage\",\"url\":\"https:\\\/\\\/www.meavia-mh.hr\\\/wp-content\\\/uploads\\\/2023\\\/10\\\/Pogurivac-kozice-za-manikuru-pedikuru-Pro-4-2.jpg\",\"contentUrl\":\"https:\\\/\\\/www.meavia-mh.hr\\\/wp-content\\\/uploads\\\/2023\\\/10\\\/Pogurivac-kozice-za-manikuru-pedikuru-Pro-4-2.jpg\",\"width\":1614,\"height\":1614,\"caption\":\"Poguriva\u010d ko\u017eice za manikuru \\\/ pedikuru Pro 4\"},{\"@type\":\"BreadcrumbList\",\"@id\":\"https:\\\/\\\/www.meavia-mh.hr\\\/product\\\/pogurivac-kozice-za-manikuru-pedikuru-pro-4\\\/#breadcrumb\",\"itemListElement\":[{\"@type\":\"ListItem\",\"position\":1,\"name\":\"Po\u010detna stranica\",\"item\":\"https:\\\/\\\/www.meavia-mh.hr\\\/\"},{\"@type\":\"ListItem\",\"position\":2,\"name\":\"Trgovina\",\"item\":\"https:\\\/\\\/meavia-mh.hr\\\/sl\\\/store\\\/\"},{\"@type\":\"ListItem\",\"position\":3,\"name\":\"Poguriva\u010d ko\u017eice za manikuru \\\/ pedikuru Pro 4\"}]},{\"@type\":\"WebSite\",\"@id\":\"https:\\\/\\\/meavia-mh.hr\\\/sl\\\/#website\",\"url\":\"https:\\\/\\\/meavia-mh.hr\\\/sl\\\/\",\"name\":\"Mea Via Beauty\",\"description\":\"Only The Best For Your Beauty\",\"publisher\":{\"@id\":\"https:\\\/\\\/meavia-mh.hr\\\/sl\\\/#organization\"},\"alternateName\":\"Mea Via Nails\",\"potentialAction\":[{\"@type\":\"SearchAction\",\"target\":{\"@type\":\"EntryPoint\",\"urlTemplate\":\"https:\\\/\\\/meavia-mh.hr\\\/sl\\\/?s={search_term_string}\"},\"query-input\":{\"@type\":\"PropertyValueSpecification\",\"valueRequired\":true,\"valueName\":\"search_term_string\"}}],\"inLanguage\":\"sl-SI\"},{\"@type\":\"Organization\",\"@id\":\"https:\\\/\\\/meavia-mh.hr\\\/sl\\\/#organization\",\"name\":\"Mea Via Nails World\",\"alternateName\":\"Mea Via\",\"url\":\"https:\\\/\\\/meavia-mh.hr\\\/sl\\\/\",\"logo\":{\"@type\":\"ImageObject\",\"inLanguage\":\"sl-SI\",\"@id\":\"https:\\\/\\\/meavia-mh.hr\\\/sl\\\/#\\\/schema\\\/logo\\\/image\\\/\",\"url\":\"https:\\\/\\\/www.meavia-mh.hr\\\/wp-content\\\/uploads\\\/2020\\\/12\\\/Mea-Via.png\",\"contentUrl\":\"https:\\\/\\\/www.meavia-mh.hr\\\/wp-content\\\/uploads\\\/2020\\\/12\\\/Mea-Via.png\",\"width\":1181,\"height\":393,\"caption\":\"Mea Via Nails World\"},\"image\":{\"@id\":\"https:\\\/\\\/meavia-mh.hr\\\/sl\\\/#\\\/schema\\\/logo\\\/image\\\/\"},\"sameAs\":[\"https:\\\/\\\/www.facebook.com\\\/MeaViaNailsWorld\",\"https:\\\/\\\/www.instagram.com\\\/mea_via_nails_world\\\/\",\"https:\\\/\\\/www.youtube.com\\\/channel\\\/UCECk0hpRWP6TN-EfA4ER96g\\\/featured\"]}]}<\/script>\n<!-- \/ Yoast SEO plugin. -->","yoast_head_json":{"title":"Potiska\u010d obnohtne ko\u017eice za manikuro \/ pedikuro Pro 4 \u22c6 Mea Via Beauty","description":"Potiska\u010d obnohtne ko\u017eice za manikuro \/ pedikuro Pro 4 \u22c6 potiska\u010d obnohtne ko\u017eice \u22c6 vrhunska kakovost \u22c6 medicinsko jeklo \u22c6 za manikuro in pedikuro \u22c6 ro\u010dno bru\u0161en","robots":{"index":"index","follow":"follow","max-snippet":"max-snippet:-1","max-image-preview":"max-image-preview:large","max-video-preview":"max-video-preview:-1"},"canonical":"https:\/\/www.meavia-mh.hr\/sl\/product\/pogurivac-kozice-za-manikuru-pedikuru-pro-4\/","og_locale":"sl_SI","og_type":"article","og_title":"Poguriva\u010d ko\u017eice za manikuru \/ pedikuru Pro 4 &#8902; Mea Via Beauty","og_description":"Poguriva\u010d ko\u017eice za manikuru \/ pedikuru Pro 4 &#8902; poguriva\u010d za kutikulu &#8902; top kvaliteta &#8902; medicinski \u010delik &#8902; za manikuru i pedikuru &#8902; ru\u010dno bru\u0161en","og_url":"https:\/\/www.meavia-mh.hr\/sl\/product\/pogurivac-kozice-za-manikuru-pedikuru-pro-4\/","og_site_name":"Mea Via Beauty","article_publisher":"https:\/\/www.facebook.com\/MeaViaNailsWorld","article_modified_time":"2026-01-24T07:37:08+00:00","og_image":[{"width":1614,"height":1614,"url":"https:\/\/www.meavia-mh.hr\/wp-content\/uploads\/2023\/10\/Pogurivac-kozice-za-manikuru-pedikuru-Pro-4-2.jpg","type":"image\/jpeg"}],"twitter_card":"summary_large_image","twitter_misc":{"Est. reading time":"2 minuti"},"schema":{"@context":"https:\/\/schema.org","@graph":[{"@type":"WebPage","@id":"https:\/\/www.meavia-mh.hr\/product\/pogurivac-kozice-za-manikuru-pedikuru-pro-4\/","url":"https:\/\/www.meavia-mh.hr\/product\/pogurivac-kozice-za-manikuru-pedikuru-pro-4\/","name":"Potiska\u010d obnohtne ko\u017eice za manikuro \/ pedikuro Pro 4 \u22c6 Mea Via Beauty","isPartOf":{"@id":"https:\/\/meavia-mh.hr\/sl\/#website"},"primaryImageOfPage":{"@id":"https:\/\/www.meavia-mh.hr\/product\/pogurivac-kozice-za-manikuru-pedikuru-pro-4\/#primaryimage"},"image":{"@id":"https:\/\/www.meavia-mh.hr\/product\/pogurivac-kozice-za-manikuru-pedikuru-pro-4\/#primaryimage"},"thumbnailUrl":"https:\/\/www.meavia-mh.hr\/wp-content\/uploads\/2023\/10\/Pogurivac-kozice-za-manikuru-pedikuru-Pro-4-2.jpg","datePublished":"2023-10-09T13:47:23+00:00","dateModified":"2026-01-24T07:37:08+00:00","description":"Potiska\u010d obnohtne ko\u017eice za manikuro \/ pedikuro Pro 4 \u22c6 potiska\u010d obnohtne ko\u017eice \u22c6 vrhunska kakovost \u22c6 medicinsko jeklo \u22c6 za manikuro in pedikuro \u22c6 ro\u010dno bru\u0161en","breadcrumb":{"@id":"https:\/\/www.meavia-mh.hr\/product\/pogurivac-kozice-za-manikuru-pedikuru-pro-4\/#breadcrumb"},"inLanguage":"sl-SI","potentialAction":[{"@type":"ReadAction","target":["https:\/\/www.meavia-mh.hr\/product\/pogurivac-kozice-za-manikuru-pedikuru-pro-4\/"]}]},{"@type":"ImageObject","inLanguage":"sl-SI","@id":"https:\/\/www.meavia-mh.hr\/product\/pogurivac-kozice-za-manikuru-pedikuru-pro-4\/#primaryimage","url":"https:\/\/www.meavia-mh.hr\/wp-content\/uploads\/2023\/10\/Pogurivac-kozice-za-manikuru-pedikuru-Pro-4-2.jpg","contentUrl":"https:\/\/www.meavia-mh.hr\/wp-content\/uploads\/2023\/10\/Pogurivac-kozice-za-manikuru-pedikuru-Pro-4-2.jpg","width":1614,"height":1614,"caption":"Poguriva\u010d ko\u017eice za manikuru \/ pedikuru Pro 4"},{"@type":"BreadcrumbList","@id":"https:\/\/www.meavia-mh.hr\/product\/pogurivac-kozice-za-manikuru-pedikuru-pro-4\/#breadcrumb","itemListElement":[{"@type":"ListItem","position":1,"name":"Po\u010detna stranica","item":"https:\/\/www.meavia-mh.hr\/"},{"@type":"ListItem","position":2,"name":"Trgovina","item":"https:\/\/meavia-mh.hr\/sl\/store\/"},{"@type":"ListItem","position":3,"name":"Poguriva\u010d ko\u017eice za manikuru \/ pedikuru Pro 4"}]},{"@type":"WebSite","@id":"https:\/\/meavia-mh.hr\/sl\/#website","url":"https:\/\/meavia-mh.hr\/sl\/","name":"MEA VIA BEAUTY","description":"Only The Best For Your Beauty","publisher":{"@id":"https:\/\/meavia-mh.hr\/sl\/#organization"},"alternateName":"Mea Via Nails","potentialAction":[{"@type":"SearchAction","target":{"@type":"EntryPoint","urlTemplate":"https:\/\/meavia-mh.hr\/sl\/?s={search_term_string}"},"query-input":{"@type":"PropertyValueSpecification","valueRequired":true,"valueName":"search_term_string"}}],"inLanguage":"sl-SI"},{"@type":"Organization","@id":"https:\/\/meavia-mh.hr\/sl\/#organization","name":"Mea Via Nails World","alternateName":"Mea Via","url":"https:\/\/meavia-mh.hr\/sl\/","logo":{"@type":"ImageObject","inLanguage":"sl-SI","@id":"https:\/\/meavia-mh.hr\/sl\/#\/schema\/logo\/image\/","url":"https:\/\/www.meavia-mh.hr\/wp-content\/uploads\/2020\/12\/Mea-Via.png","contentUrl":"https:\/\/www.meavia-mh.hr\/wp-content\/uploads\/2020\/12\/Mea-Via.png","width":1181,"height":393,"caption":"Mea Via Nails World"},"image":{"@id":"https:\/\/meavia-mh.hr\/sl\/#\/schema\/logo\/image\/"},"sameAs":["https:\/\/www.facebook.com\/MeaViaNailsWorld","https:\/\/www.instagram.com\/mea_via_nails_world\/","https:\/\/www.youtube.com\/channel\/UCECk0hpRWP6TN-EfA4ER96g\/featured"]}]}},"spectra_custom_meta":{"_sku":["5901099282870"],"_regular_price":["5.31"],"total_sales":["10"],"_tax_status":["taxable"],"_tax_class":[""],"_manage_stock":["yes"],"_backorders":["no"],"_sold_individually":["no"],"_virtual":["no"],"_downloadable":["no"],"_product_image_gallery":["23819,23820"],"_download_limit":["-1"],"_download_expiry":["-1"],"_thumbnail_id":["23821"],"_stock":["0"],"_stock_status":["outofstock"],"_wc_average_rating":["0"],"_wc_review_count":["0"],"_product_version":["10.4.3"],"_price":["5.31"],"_wp_page_template":["default"],"_yoast_wpseo_focuskw":["poguriva\u010d ko\u017eice"],"_yoast_wpseo_metadesc":["%%title%% %%sep%% poguriva\u010d za kutikulu %%sep%% top kvaliteta %%sep%% medicinski \u010delik %%sep%% za manikuru i pedikuru %%sep%% ru\u010dno bru\u0161en"],"_yoast_wpseo_linkdex":["74"],"_yoast_wpseo_content_score":["90"],"_yoast_wpseo_estimated-reading-time-minutes":["2"],"cartflows_redirect_flow_id":[""],"cartflows_add_to_cart_text":[""],"_woocs_price_geo_countries":[""],"_woocs_regular_price_geo":[""],"_woocs_sale_price_geo":[""],"site-sidebar-layout":["default"],"site-content-layout":["default"],"_yoast_wpseo_primary_product_cat":["247"],"theme-transparent-header-meta":["default"],"stick-header-meta":["default"],"_yoast_wpseo_wordproof_timestamp":[""],"_oembed_8a8c5838baab10ccf5ab397e6e2e36ee":["<iframe title=\"OCHO Pro pribor za pedikuru i manikuru\" width=\"500\" height=\"281\" src=\"https:\/\/www.youtube.com\/embed\/nQrcsaFSUnA?feature=oembed\" frameborder=\"0\" allow=\"accelerometer; autoplay; clipboard-write; encrypted-media; gyroscope; picture-in-picture\" allowfullscreen><\/iframe>"],"_oembed_time_8a8c5838baab10ccf5ab397e6e2e36ee":["1663435462"],"_oembed_4e186b2839327180d77e9361d1935bde":["<iframe title=\"OCHO Pro pribor za pedikuru i manikuru\" width=\"898\" height=\"505\" src=\"https:\/\/www.youtube.com\/embed\/nQrcsaFSUnA?feature=oembed\" frameborder=\"0\" allow=\"accelerometer; autoplay; clipboard-write; encrypted-media; gyroscope; picture-in-picture\" allowfullscreen><\/iframe>"],"_oembed_time_4e186b2839327180d77e9361d1935bde":["1663435463"],"_woocs_regular_price_EUR":["7.95"],"_woocs_sale_price_EUR":["-1"],"_oembed_2240ce21079c1c61c050d87a75cb512b":["<iframe title=\"OCHO Pro pribor za pedikuru i manikuru\" width=\"922\" height=\"519\" src=\"https:\/\/www.youtube.com\/embed\/nQrcsaFSUnA?feature=oembed\" frameborder=\"0\" allow=\"accelerometer; autoplay; clipboard-write; encrypted-media; gyroscope; picture-in-picture\" allowfullscreen><\/iframe>"],"_oembed_time_2240ce21079c1c61c050d87a75cb512b":["1663435474"],"_oembed_e8b252464bfb56908f69252d9844c526":["<iframe title=\"OCHO Pro pribor za pedikuru i manikuru\" width=\"1200\" height=\"675\" src=\"https:\/\/www.youtube.com\/embed\/nQrcsaFSUnA?feature=oembed\" frameborder=\"0\" allow=\"accelerometer; autoplay; clipboard-write; encrypted-media; gyroscope; picture-in-picture\" allowfullscreen><\/iframe>"],"_oembed_time_e8b252464bfb56908f69252d9844c526":["1663435486"],"_lowest_price_30_days":["5.31"],"_edit_lock":["1697754502:1239"],"_oembed_c0e23fa39bf6b3d99c062e1a62498ee3":["<iframe title=\"OCHO Pro pribor za pedikuru i manikuru\" width=\"662\" height=\"372\" src=\"https:\/\/www.youtube.com\/embed\/nQrcsaFSUnA?feature=oembed\" frameborder=\"0\" allow=\"accelerometer; autoplay; clipboard-write; encrypted-media; gyroscope; picture-in-picture; web-share\" allowfullscreen><\/iframe>"],"_oembed_time_c0e23fa39bf6b3d99c062e1a62498ee3":["1696859253"],"_edit_last":["1239"],"ast-site-content-layout":["default"],"site-content-style":["default"],"site-sidebar-style":["default"],"_yoast_wpseo_primary_fb_product_set":[""],"astra-migrate-meta-layouts":["set"],"uag_migration_processed":["1"],"_elementor_page_assets":["a:0:{}"],"_uag_page_assets":["a:9:{s:3:\"css\";s:0:\"\";s:2:\"js\";s:0:\"\";s:18:\"current_block_list\";a:3:{i:0;s:11:\"core\/search\";i:1;s:18:\"core\/legacy-widget\";i:2;s:27:\"woocommerce\/product-filters\";}s:8:\"uag_flag\";b:0;s:11:\"uag_version\";s:10:\"1777678124\";s:6:\"gfonts\";a:0:{}s:10:\"gfonts_url\";s:0:\"\";s:12:\"gfonts_files\";a:0:{}s:14:\"uag_faq_layout\";b:0;}"]},"uagb_featured_image_src":{"full":["https:\/\/www.meavia-mh.hr\/wp-content\/uploads\/2023\/10\/Pogurivac-kozice-za-manikuru-pedikuru-Pro-4-2.jpg",1614,1614,false],"thumbnail":["https:\/\/www.meavia-mh.hr\/wp-content\/uploads\/2023\/10\/Pogurivac-kozice-za-manikuru-pedikuru-Pro-4-2-150x150.jpg",150,150,true],"medium":["https:\/\/www.meavia-mh.hr\/wp-content\/uploads\/2023\/10\/Pogurivac-kozice-za-manikuru-pedikuru-Pro-4-2-300x300.jpg",300,300,true],"medium_large":["https:\/\/www.meavia-mh.hr\/wp-content\/uploads\/2023\/10\/Pogurivac-kozice-za-manikuru-pedikuru-Pro-4-2-768x768.jpg",768,768,true],"large":["https:\/\/www.meavia-mh.hr\/wp-content\/uploads\/2023\/10\/Pogurivac-kozice-za-manikuru-pedikuru-Pro-4-2-1024x1024.jpg",1024,1024,true],"1536x1536":["https:\/\/www.meavia-mh.hr\/wp-content\/uploads\/2023\/10\/Pogurivac-kozice-za-manikuru-pedikuru-Pro-4-2-1536x1536.jpg",1536,1536,true],"2048x2048":["https:\/\/www.meavia-mh.hr\/wp-content\/uploads\/2023\/10\/Pogurivac-kozice-za-manikuru-pedikuru-Pro-4-2.jpg",1614,1614,false],"trp-custom-language-flag":["https:\/\/www.meavia-mh.hr\/wp-content\/uploads\/2023\/10\/Pogurivac-kozice-za-manikuru-pedikuru-Pro-4-2-12x12.jpg",12,12,true],"woocommerce_thumbnail":["https:\/\/www.meavia-mh.hr\/wp-content\/uploads\/2023\/10\/Pogurivac-kozice-za-manikuru-pedikuru-Pro-4-2-300x300.jpg",300,300,true],"woocommerce_single":["https:\/\/www.meavia-mh.hr\/wp-content\/uploads\/2023\/10\/Pogurivac-kozice-za-manikuru-pedikuru-Pro-4-2-600x600.jpg",600,600,true],"woocommerce_gallery_thumbnail":["https:\/\/www.meavia-mh.hr\/wp-content\/uploads\/2023\/10\/Pogurivac-kozice-za-manikuru-pedikuru-Pro-4-2-100x100.jpg",100,100,true]},"uagb_author_info":{"display_name":"Zla Gol","author_link":"https:\/\/www.meavia-mh.hr\/sl\/author\/"},"uagb_comment_info":0,"uagb_excerpt":"Poguriva\u010d ko\u017eice za manikuru i pedikuru idealan je alat svakog nail tehni\u010dara, pedikera i kozmeti\u010dara.\u00a0Ovaj izuzetno kvalitetan alat neizostavan je u va\u0161oj kolekciji za manikuru i pedikuru. Dvostrani dizajn poguriva\u0107a, jedan ve\u0107i i jedan manji, omogu\u0107uje vam precizan rad. Profilirana i rebrasta struktura dr\u0161ke osigurava udobnost i preciznost tijekom rada. Ovo je pouzdana oprema za&hellip;","_links":{"self":[{"href":"https:\/\/www.meavia-mh.hr\/sl\/wp-json\/wp\/v2\/product\/23818","targetHints":{"allow":["GET"]}}],"collection":[{"href":"https:\/\/www.meavia-mh.hr\/sl\/wp-json\/wp\/v2\/product"}],"about":[{"href":"https:\/\/www.meavia-mh.hr\/sl\/wp-json\/wp\/v2\/types\/product"}],"replies":[{"embeddable":true,"href":"https:\/\/www.meavia-mh.hr\/sl\/wp-json\/wp\/v2\/comments?post=23818"}],"version-history":[{"count":1,"href":"https:\/\/www.meavia-mh.hr\/sl\/wp-json\/wp\/v2\/product\/23818\/revisions"}],"predecessor-version":[{"id":30337,"href":"https:\/\/www.meavia-mh.hr\/sl\/wp-json\/wp\/v2\/product\/23818\/revisions\/30337"}],"wp:featuredmedia":[{"embeddable":true,"href":"https:\/\/www.meavia-mh.hr\/sl\/wp-json\/wp\/v2\/media\/23821"}],"wp:attachment":[{"href":"https:\/\/www.meavia-mh.hr\/sl\/wp-json\/wp\/v2\/media?parent=23818"}],"wp:term":[{"taxonomy":"product_brand","embeddable":true,"href":"https:\/\/www.meavia-mh.hr\/sl\/wp-json\/wp\/v2\/product_brand?post=23818"},{"taxonomy":"product_cat","embeddable":true,"href":"https:\/\/www.meavia-mh.hr\/sl\/wp-json\/wp\/v2\/product_cat?post=23818"},{"taxonomy":"product_tag","embeddable":true,"href":"https:\/\/www.meavia-mh.hr\/sl\/wp-json\/wp\/v2\/product_tag?post=23818"}],"curies":[{"name":"delovni list","href":"https:\/\/api.w.org\/{rel}","templated":true}]}}