{"id":23388,"date":"2023-09-28T15:17:10","date_gmt":"2023-09-28T15:17:10","guid":{"rendered":"https:\/\/www.meavia-mh.hr\/?post_type=product&#038;p=23388"},"modified":"2026-04-07T08:56:49","modified_gmt":"2026-04-07T07:56:49","slug":"uv-c-sterilizator-blue","status":"publish","type":"product","link":"https:\/\/www.meavia-mh.hr\/sl\/product\/uv-c-sterilizator-blue\/","title":{"rendered":"UV-C sterilizator Blue"},"content":{"rendered":"<p>UV-C sterilizator Blue je nujen pripomo\u010dek za sterilizacijo opreme in pripomo\u010dkov v va\u0161em salonu ali doma. S pomo\u010djo te naprave boste razku\u017eili vse pripomo\u010dke za manikuro in pedikuro, nastavke za brusilke \u2013 rezkarje ter vso kovinsko in plasti\u010dno opremo, <a href=\"https:\/\/www.meavia-mh.hr\/sl\/product\/ikon-iq-skarice-za-kutikulu\/\">\u0161karje<\/a>, <a href=\"https:\/\/www.meavia-mh.hr\/sl\/product\/pogurivac-kozice-za-manikuru-pedikuru-yc004\/\">potiskalci ko\u017ee<\/a>, pincete, frizerski pripomo\u010dki, nakit. Poleg zelo visoke u\u010dinkovitosti pranja in dosega najbolj nedostopnih detajlov ultrazvo\u010dna sterilizacija ne povzro\u010di popolnoma nobenih mehanskih po\u0161kodb opranih predmetov.<\/p>\n<p><span class=\"\">Med delovanjem naprava uporablja UV-C sevanje z valovno dol\u017eino 254 nm, ki uni\u010di vegetativne oblike mikroorganizmov. <\/span><span class=\"\">Gre za napravo za suho dezinfekcijo (UV-C \u017earki) brez uporabe kemi\u010dnih raztopin in ni nevarnosti prevelikega odmerjanja. <\/span>Pred sterilizacijo je treba orodje oprati in posu\u0161iti. <span class=\"\">Elementi kompleksne strukture naj bodo \u010dim bolj odprti in razstavljeni, tako da ultravijoli\u010dna svetloba pokrije celotno povr\u0161ino. <\/span>Dezinfekcija je u\u010dinkovita, ko UV-C \u017earki padejo neposredno na element.<\/p>\n<p>Pred postopkom sterilizacije v UV sterilizatorju je potrebno sterilizacijski predmet o\u010distiti in ga nato razku\u017eiti z alkoholom ali drugim razku\u017eilom.<\/p>\n<p>Higiena je nujen del storitev manikure in pedikure vsakega salona, kar je tudi zakonsko urejeno. Da ne bi prena\u0161ali bakterij, virusov in drugih oku\u017eb na sebe ali svoje stranke, je potrebno komplet orodja in instrumentov sterilizirati in hraniti v popolnih higienskih pogojih. Obstajajo razli\u010dne vrste sterilizacijskih naprav. Razlikujejo se po na\u010dinu obdelave, hitrosti, u\u010dinkovitosti in razli\u010dnih cenovnih kategorijah. <b>Sterilizacija<\/b> je postopek, s katerim se vsi mikroorganizmi in njihove spore popolnoma odstranijo ali uni\u010dijo iz predmetov, instrumentov in materialov do te mere, da jih ni mogo\u010de dokazati na standardnih goji\u0161\u010dih. Osnovno na\u010delo: vsi instrumenti, materiali in pripomo\u010dki, ki pridejo v stik s po\u0161kodovanim ali izpostavljenim tkivom, morajo biti sterilni, tisti, ki pridejo v stik z nedotaknjeno ko\u017eo in sluznico, pa je mogo\u010de razku\u017eiti.<\/p>\n<h6>Tehni\u010dni podatki:<\/h6>\n<ul>\n<li>\u010cas, potreben za sterilizacijo: 30-45 minut<\/li>\n<li>\n<div><b>Tehni\u010dni podatki :<\/b><\/div>\n<div><span class=\"\">220-240V<\/span><\/div>\n<div>50 Hz<\/div>\n<div>8W<\/div>\n<div>dimenzije:<\/div>\n<div>dol\u017eina 40 cm<\/div>\n<div>\u0161irina 30 cm<\/div>\n<div>vi\u0161ina 15 cm<\/div>\n<\/li>\n<\/ul>\n<h6><em>Sterilizator lahko sterilizira naslednje predmete:<\/em><\/h6>\n<ul>\n<li>Frizerski pripomo\u010dki in pripomo\u010dki: krta\u010de, glavniki, kodralniki, stri\u017eniki, sponke in podobni izdelki<\/li>\n<li>Kozmeti\u010dni dodatki: pilice za nohte, pincete, \u0161karje za nohte, \u0161karje za nohte in podobni izdelki<\/li>\n<\/ul>\n<h6><i><b>Sterilizator ne more sterilizirati naslednjih predmetov:<\/b><\/i><\/h6>\n<ul>\n<li>Predmeti, ki se sterilizirajo izklju\u010dno pri visokih temperaturah.<\/li>\n<li>Predmeti, ki so bili v stiku s po\u0161kodbami ko\u017ee, kot tudi predmeti, ki se zdravijo s kakr\u0161nimi koli postopki, ki povzro\u010dajo krvavitev<\/li>\n<\/ul>\n<div class=\"tabs\">\n<div id=\"tab-content\" class=\"tab-content\"><\/div>\n<\/div>\n<section class=\"page-product-box clearfix\"><\/section>\n<h6><strong>KAKO UPORABITI:<\/strong><\/h6>\n<ul>\n<li>Razpakirajte napravo<\/li>\n<li>Sterilizator postavite na ravno in stabilno povr\u0161ino<\/li>\n<li>V sterilizator polo\u017eite predmete, ki so bili predhodno o\u010di\u0161\u010deni in na njih ni nobenih usedlin.<\/li>\n<li style=\"font-size: 16px;\">Predmete, ki jih je treba sterilizirati, je treba predhodno sterilizirati ali oprati in posu\u0161iti<\/li>\n<li>Pritisnite gumb ON in za\u017eenite napravo.\n<div><span class=\"\">Vstavite orodje za dezinfekcijo in zaprite odprtino.\u00a0<\/span>\u00a0Od takrat od\u0161tevamo \u010das sterilizacije. Lu\u010d se samodejno ugasne, ko odprete pokrov. Postopek sterilizacije bo prekinjen.<\/div>\n<\/li>\n<li>\u010cas, potreben za pravilno sterilizacijo instrumentov, je 30-45 minut<\/li>\n<\/ul>\n<h6>SPLO\u0160NE INFORMACIJE IN OPOZORILA<\/h6>\n<ul>\n<li>Ne uporabljajte:<br \/>\n- v mokrih, vla\u017enih prostorih<br \/>\n- \u010de je napajalnik po\u0161kodovan<br \/>\n- \u010de je naprava ali priklju\u010dni kabel po\u0161kodovana<br \/>\n- \u010de so \u010dasovni gumbi po\u0161kodovani<\/li>\n<li>Napravo hranite stran od otrok.<\/li>\n<li>za interno uporabo.<\/li>\n<\/ul>\n<h4>Garancijski pogoji<\/h4>\n<p>12 mesecev. Garancija se prizna ob predlo\u017eitvi ra\u010duna.<\/p>","protected":false},"excerpt":{"rendered":"<h6>\u010ce izdelka trenutno ni na zalogi, je dostava v 7 do 10 delovnih dneh.<\/h6>","protected":false},"featured_media":23398,"comment_status":"closed","ping_status":"closed","template":"","meta":{"_uag_custom_page_level_css":"","site-sidebar-layout":"default","site-content-layout":"","ast-site-content-layout":"default","site-content-style":"default","site-sidebar-style":"default","ast-global-header-display":"","ast-banner-title-visibility":"","ast-main-header-display":"","ast-hfb-above-header-display":"","ast-hfb-below-header-display":"","ast-hfb-mobile-header-display":"","site-post-title":"","ast-breadcrumbs-content":"","ast-featured-img":"","footer-sml-layout":"","ast-disable-related-posts":"","theme-transparent-header-meta":"default","adv-header-id-meta":"","stick-header-meta":"default","header-above-stick-meta":"","header-main-stick-meta":"","header-below-stick-meta":"","astra-migrate-meta-layouts":"set","ast-page-background-enabled":"default","ast-page-background-meta":{"desktop":{"background-color":"var(--ast-global-color-4)","background-image":"","background-repeat":"repeat","background-position":"center center","background-size":"auto","background-attachment":"scroll","background-type":"","background-media":"","overlay-type":"","overlay-color":"","overlay-opacity":"","overlay-gradient":""},"tablet":{"background-color":"","background-image":"","background-repeat":"repeat","background-position":"center center","background-size":"auto","background-attachment":"scroll","background-type":"","background-media":"","overlay-type":"","overlay-color":"","overlay-opacity":"","overlay-gradient":""},"mobile":{"background-color":"","background-image":"","background-repeat":"repeat","background-position":"center center","background-size":"auto","background-attachment":"scroll","background-type":"","background-media":"","overlay-type":"","overlay-color":"","overlay-opacity":"","overlay-gradient":""}},"ast-content-background-meta":{"desktop":{"background-color":"var(--ast-global-color-5)","background-image":"","background-repeat":"repeat","background-position":"center center","background-size":"auto","background-attachment":"scroll","background-type":"","background-media":"","overlay-type":"","overlay-color":"","overlay-opacity":"","overlay-gradient":""},"tablet":{"background-color":"var(--ast-global-color-5)","background-image":"","background-repeat":"repeat","background-position":"center center","background-size":"auto","background-attachment":"scroll","background-type":"","background-media":"","overlay-type":"","overlay-color":"","overlay-opacity":"","overlay-gradient":""},"mobile":{"background-color":"var(--ast-global-color-5)","background-image":"","background-repeat":"repeat","background-position":"center center","background-size":"auto","background-attachment":"scroll","background-type":"","background-media":"","overlay-type":"","overlay-color":"","overlay-opacity":"","overlay-gradient":""}}},"product_brand":[],"product_cat":[536],"product_tag":[306],"class_list":{"0":"post-23388","1":"product","2":"type-product","3":"status-publish","4":"has-post-thumbnail","6":"product_cat-sterilizatori","7":"product_tag-sterilizator","8":"desktop-align-left","9":"tablet-align-left","10":"mobile-align-left","11":"ast-product-gallery-layout-horizontal-slider","12":"ast-product-tabs-layout-horizontal","14":"first","15":"onbackorder","16":"taxable","17":"shipping-taxable","18":"purchasable","19":"product-type-simple"},"yoast_head":"<!-- This site is optimized with the Yoast SEO plugin v27.6 - https:\/\/yoast.com\/product\/yoast-seo-wordpress\/ -->\n<title>UV-C sterilizator Blue &#8902; Mea Via Beauty<\/title>\n<meta name=\"description\" content=\"UV-C sterilizator Blue &#8902; sterilizator za salone i ku\u0107nu upotabu &#8902; sterilizira i dezinficira pribor za manikuru i pedikuru\" \/>\n<meta name=\"robots\" content=\"index, follow, max-snippet:-1, max-image-preview:large, max-video-preview:-1\" \/>\n<link rel=\"canonical\" href=\"https:\/\/www.meavia-mh.hr\/sl\/product\/uv-c-sterilizator-blue\/\" \/>\n<meta property=\"og:locale\" content=\"sl_SI\" \/>\n<meta property=\"og:type\" content=\"article\" \/>\n<meta property=\"og:title\" content=\"UV-C sterilizator Blue &#8902; Mea Via Beauty\" \/>\n<meta property=\"og:description\" content=\"UV-C sterilizator Blue &#8902; sterilizator za salone i ku\u0107nu upotabu &#8902; sterilizira i dezinficira pribor za manikuru i pedikuru\" \/>\n<meta property=\"og:url\" content=\"https:\/\/www.meavia-mh.hr\/sl\/product\/uv-c-sterilizator-blue\/\" \/>\n<meta property=\"og:site_name\" content=\"Mea Via Beauty\" \/>\n<meta property=\"article:publisher\" content=\"https:\/\/www.facebook.com\/MeaViaNailsWorld\" \/>\n<meta property=\"article:modified_time\" content=\"2026-04-07T07:56:49+00:00\" \/>\n<meta property=\"og:image\" content=\"https:\/\/www.meavia-mh.hr\/wp-content\/uploads\/2023\/09\/sterilizator-blue-2.jpg\" \/>\n\t<meta property=\"og:image:width\" content=\"1584\" \/>\n\t<meta property=\"og:image:height\" content=\"1582\" \/>\n\t<meta property=\"og:image:type\" content=\"image\/jpeg\" \/>\n<meta name=\"twitter:card\" content=\"summary_large_image\" \/>\n<meta name=\"twitter:label1\" content=\"Est. reading time\" \/>\n\t<meta name=\"twitter:data1\" content=\"3 minute\" \/>\n<script type=\"application\/ld+json\" class=\"yoast-schema-graph\">{\"@context\":\"https:\\\/\\\/schema.org\",\"@graph\":[{\"@type\":\"WebPage\",\"@id\":\"https:\\\/\\\/www.meavia-mh.hr\\\/product\\\/uv-c-sterilizator-blue\\\/\",\"url\":\"https:\\\/\\\/www.meavia-mh.hr\\\/product\\\/uv-c-sterilizator-blue\\\/\",\"name\":\"UV-C sterilizator Blue &#8902; Mea Via Beauty\",\"isPartOf\":{\"@id\":\"https:\\\/\\\/meavia-mh.hr\\\/sl\\\/#website\"},\"primaryImageOfPage\":{\"@id\":\"https:\\\/\\\/www.meavia-mh.hr\\\/product\\\/uv-c-sterilizator-blue\\\/#primaryimage\"},\"image\":{\"@id\":\"https:\\\/\\\/www.meavia-mh.hr\\\/product\\\/uv-c-sterilizator-blue\\\/#primaryimage\"},\"thumbnailUrl\":\"https:\\\/\\\/www.meavia-mh.hr\\\/wp-content\\\/uploads\\\/2023\\\/09\\\/sterilizator-blue-2.jpg\",\"datePublished\":\"2023-09-28T15:17:10+00:00\",\"dateModified\":\"2026-04-07T07:56:49+00:00\",\"description\":\"UV-C sterilizator Blue &#8902; sterilizator za salone i ku\u0107nu upotabu &#8902; sterilizira i dezinficira pribor za manikuru i pedikuru\",\"breadcrumb\":{\"@id\":\"https:\\\/\\\/www.meavia-mh.hr\\\/product\\\/uv-c-sterilizator-blue\\\/#breadcrumb\"},\"inLanguage\":\"sl-SI\",\"potentialAction\":[{\"@type\":\"ReadAction\",\"target\":[\"https:\\\/\\\/www.meavia-mh.hr\\\/product\\\/uv-c-sterilizator-blue\\\/\"]}]},{\"@type\":\"ImageObject\",\"inLanguage\":\"sl-SI\",\"@id\":\"https:\\\/\\\/www.meavia-mh.hr\\\/product\\\/uv-c-sterilizator-blue\\\/#primaryimage\",\"url\":\"https:\\\/\\\/www.meavia-mh.hr\\\/wp-content\\\/uploads\\\/2023\\\/09\\\/sterilizator-blue-2.jpg\",\"contentUrl\":\"https:\\\/\\\/www.meavia-mh.hr\\\/wp-content\\\/uploads\\\/2023\\\/09\\\/sterilizator-blue-2.jpg\",\"width\":1584,\"height\":1582,\"caption\":\"UV-C sterilizator Blue\"},{\"@type\":\"BreadcrumbList\",\"@id\":\"https:\\\/\\\/www.meavia-mh.hr\\\/product\\\/uv-c-sterilizator-blue\\\/#breadcrumb\",\"itemListElement\":[{\"@type\":\"ListItem\",\"position\":1,\"name\":\"Po\u010detna stranica\",\"item\":\"https:\\\/\\\/www.meavia-mh.hr\\\/\"},{\"@type\":\"ListItem\",\"position\":2,\"name\":\"Trgovina\",\"item\":\"https:\\\/\\\/meavia-mh.hr\\\/sl\\\/store\\\/\"},{\"@type\":\"ListItem\",\"position\":3,\"name\":\"UV-C sterilizator Blue\"}]},{\"@type\":\"WebSite\",\"@id\":\"https:\\\/\\\/meavia-mh.hr\\\/sl\\\/#website\",\"url\":\"https:\\\/\\\/meavia-mh.hr\\\/sl\\\/\",\"name\":\"Mea Via Beauty\",\"description\":\"Only The Best For Your Beauty\",\"publisher\":{\"@id\":\"https:\\\/\\\/meavia-mh.hr\\\/sl\\\/#organization\"},\"alternateName\":\"Mea Via Nails\",\"potentialAction\":[{\"@type\":\"SearchAction\",\"target\":{\"@type\":\"EntryPoint\",\"urlTemplate\":\"https:\\\/\\\/meavia-mh.hr\\\/sl\\\/?s={search_term_string}\"},\"query-input\":{\"@type\":\"PropertyValueSpecification\",\"valueRequired\":true,\"valueName\":\"search_term_string\"}}],\"inLanguage\":\"sl-SI\"},{\"@type\":\"Organization\",\"@id\":\"https:\\\/\\\/meavia-mh.hr\\\/sl\\\/#organization\",\"name\":\"Mea Via Nails World\",\"alternateName\":\"Mea Via\",\"url\":\"https:\\\/\\\/meavia-mh.hr\\\/sl\\\/\",\"logo\":{\"@type\":\"ImageObject\",\"inLanguage\":\"sl-SI\",\"@id\":\"https:\\\/\\\/meavia-mh.hr\\\/sl\\\/#\\\/schema\\\/logo\\\/image\\\/\",\"url\":\"https:\\\/\\\/www.meavia-mh.hr\\\/wp-content\\\/uploads\\\/2020\\\/12\\\/Mea-Via.png\",\"contentUrl\":\"https:\\\/\\\/www.meavia-mh.hr\\\/wp-content\\\/uploads\\\/2020\\\/12\\\/Mea-Via.png\",\"width\":1181,\"height\":393,\"caption\":\"Mea Via Nails World\"},\"image\":{\"@id\":\"https:\\\/\\\/meavia-mh.hr\\\/sl\\\/#\\\/schema\\\/logo\\\/image\\\/\"},\"sameAs\":[\"https:\\\/\\\/www.facebook.com\\\/MeaViaNailsWorld\",\"https:\\\/\\\/www.instagram.com\\\/mea_via_nails_world\\\/\",\"https:\\\/\\\/www.youtube.com\\\/channel\\\/UCECk0hpRWP6TN-EfA4ER96g\\\/featured\"]}]}<\/script>\n<!-- \/ Yoast SEO plugin. -->","yoast_head_json":{"title":"UV-C sterilizator moder \u22c6 Mea Via Beauty","description":"UV-C sterilizator moder \u22c6 sterilizator za salone in doma\u010do uporabo \u22c6 sterilizira in razku\u017euje orodja za manikuro in pedikuro","robots":{"index":"index","follow":"follow","max-snippet":"max-snippet:-1","max-image-preview":"max-image-preview:large","max-video-preview":"max-video-preview:-1"},"canonical":"https:\/\/www.meavia-mh.hr\/sl\/product\/uv-c-sterilizator-blue\/","og_locale":"sl_SI","og_type":"article","og_title":"UV-C sterilizator Blue &#8902; Mea Via Beauty","og_description":"UV-C sterilizator Blue &#8902; sterilizator za salone i ku\u0107nu upotabu &#8902; sterilizira i dezinficira pribor za manikuru i pedikuru","og_url":"https:\/\/www.meavia-mh.hr\/sl\/product\/uv-c-sterilizator-blue\/","og_site_name":"Mea Via Beauty","article_publisher":"https:\/\/www.facebook.com\/MeaViaNailsWorld","article_modified_time":"2026-04-07T07:56:49+00:00","og_image":[{"width":1584,"height":1582,"url":"https:\/\/www.meavia-mh.hr\/wp-content\/uploads\/2023\/09\/sterilizator-blue-2.jpg","type":"image\/jpeg"}],"twitter_card":"summary_large_image","twitter_misc":{"Est. reading time":"3 minute"},"schema":{"@context":"https:\/\/schema.org","@graph":[{"@type":"WebPage","@id":"https:\/\/www.meavia-mh.hr\/product\/uv-c-sterilizator-blue\/","url":"https:\/\/www.meavia-mh.hr\/product\/uv-c-sterilizator-blue\/","name":"UV-C sterilizator moder \u22c6 Mea Via Beauty","isPartOf":{"@id":"https:\/\/meavia-mh.hr\/sl\/#website"},"primaryImageOfPage":{"@id":"https:\/\/www.meavia-mh.hr\/product\/uv-c-sterilizator-blue\/#primaryimage"},"image":{"@id":"https:\/\/www.meavia-mh.hr\/product\/uv-c-sterilizator-blue\/#primaryimage"},"thumbnailUrl":"https:\/\/www.meavia-mh.hr\/wp-content\/uploads\/2023\/09\/sterilizator-blue-2.jpg","datePublished":"2023-09-28T15:17:10+00:00","dateModified":"2026-04-07T07:56:49+00:00","description":"UV-C sterilizator moder \u22c6 sterilizator za salone in doma\u010do uporabo \u22c6 sterilizira in razku\u017euje orodja za manikuro in pedikuro","breadcrumb":{"@id":"https:\/\/www.meavia-mh.hr\/product\/uv-c-sterilizator-blue\/#breadcrumb"},"inLanguage":"sl-SI","potentialAction":[{"@type":"ReadAction","target":["https:\/\/www.meavia-mh.hr\/product\/uv-c-sterilizator-blue\/"]}]},{"@type":"ImageObject","inLanguage":"sl-SI","@id":"https:\/\/www.meavia-mh.hr\/product\/uv-c-sterilizator-blue\/#primaryimage","url":"https:\/\/www.meavia-mh.hr\/wp-content\/uploads\/2023\/09\/sterilizator-blue-2.jpg","contentUrl":"https:\/\/www.meavia-mh.hr\/wp-content\/uploads\/2023\/09\/sterilizator-blue-2.jpg","width":1584,"height":1582,"caption":"UV-C sterilizator Blue"},{"@type":"BreadcrumbList","@id":"https:\/\/www.meavia-mh.hr\/product\/uv-c-sterilizator-blue\/#breadcrumb","itemListElement":[{"@type":"ListItem","position":1,"name":"Po\u010detna stranica","item":"https:\/\/www.meavia-mh.hr\/"},{"@type":"ListItem","position":2,"name":"Trgovina","item":"https:\/\/meavia-mh.hr\/sl\/store\/"},{"@type":"ListItem","position":3,"name":"UV-C sterilizator Blue"}]},{"@type":"WebSite","@id":"https:\/\/meavia-mh.hr\/sl\/#website","url":"https:\/\/meavia-mh.hr\/sl\/","name":"MEA VIA BEAUTY","description":"Only The Best For Your Beauty","publisher":{"@id":"https:\/\/meavia-mh.hr\/sl\/#organization"},"alternateName":"Mea Via Nails","potentialAction":[{"@type":"SearchAction","target":{"@type":"EntryPoint","urlTemplate":"https:\/\/meavia-mh.hr\/sl\/?s={search_term_string}"},"query-input":{"@type":"PropertyValueSpecification","valueRequired":true,"valueName":"search_term_string"}}],"inLanguage":"sl-SI"},{"@type":"Organization","@id":"https:\/\/meavia-mh.hr\/sl\/#organization","name":"Mea Via Nails World","alternateName":"Mea Via","url":"https:\/\/meavia-mh.hr\/sl\/","logo":{"@type":"ImageObject","inLanguage":"sl-SI","@id":"https:\/\/meavia-mh.hr\/sl\/#\/schema\/logo\/image\/","url":"https:\/\/www.meavia-mh.hr\/wp-content\/uploads\/2020\/12\/Mea-Via.png","contentUrl":"https:\/\/www.meavia-mh.hr\/wp-content\/uploads\/2020\/12\/Mea-Via.png","width":1181,"height":393,"caption":"Mea Via Nails World"},"image":{"@id":"https:\/\/meavia-mh.hr\/sl\/#\/schema\/logo\/image\/"},"sameAs":["https:\/\/www.facebook.com\/MeaViaNailsWorld","https:\/\/www.instagram.com\/mea_via_nails_world\/","https:\/\/www.youtube.com\/channel\/UCECk0hpRWP6TN-EfA4ER96g\/featured"]}]}},"spectra_custom_meta":{"_sku":["103515"],"_regular_price":["64.90"],"total_sales":["19"],"_tax_status":["taxable"],"_tax_class":[""],"_manage_stock":["yes"],"_backorders":["notify"],"_sold_individually":["no"],"_virtual":["no"],"_downloadable":["no"],"_product_image_gallery":["23397,23391,23394,23393,23390,23396,23399,23392,23395"],"_download_limit":["-1"],"_download_expiry":["-1"],"_thumbnail_id":["23398"],"_stock":["0"],"_stock_status":["onbackorder"],"_wc_average_rating":["0"],"_wc_review_count":["0"],"_product_version":["10.6.2"],"_price":["64.90"],"_wp_page_template":["default"],"_yoast_wpseo_focuskw":["uv-c sterilizator blue"],"_yoast_wpseo_linkdex":["80"],"_yoast_wpseo_content_score":["90"],"_yoast_wpseo_primary_product_cat":[""],"site-sidebar-layout":["default"],"site-content-layout":[""],"theme-transparent-header-meta":["default"],"stick-header-meta":["default"],"_yoast_wpseo_metadesc":["%%title%% %%sep%% sterilizator za salone i ku\u0107nu upotabu %%sep%% sterilizira i dezinficira pribor za manikuru i pedikuru"],"_woocs_price_geo_countries":[""],"_woocs_regular_price_geo":[""],"_woocs_sale_price_geo":[""],"_yoast_wpseo_estimated-reading-time-minutes":["3"],"cartflows_redirect_flow_id":[""],"cartflows_add_to_cart_text":[""],"_oembed_dbb948f2d5140888985d53095e513413":["<iframe title=\"Promed ultrazvu\u010dni sterilizator  UC-50\" width=\"500\" height=\"281\" src=\"https:\/\/www.youtube.com\/embed\/FVkfLO4vFG0?feature=oembed\" frameborder=\"0\" allow=\"accelerometer; autoplay; clipboard-write; encrypted-media; gyroscope; picture-in-picture\" allowfullscreen><\/iframe>"],"_oembed_time_dbb948f2d5140888985d53095e513413":["1631773658"],"_oembed_4b07da0c982329bfa2fcb07d91616b4f":["<iframe title=\"Promed ultrazvu\u010dni sterilizator  UC-50\" width=\"898\" height=\"505\" src=\"https:\/\/www.youtube.com\/embed\/FVkfLO4vFG0?feature=oembed\" frameborder=\"0\" allow=\"accelerometer; autoplay; clipboard-write; encrypted-media; gyroscope; picture-in-picture\" allowfullscreen><\/iframe>"],"_oembed_time_4b07da0c982329bfa2fcb07d91616b4f":["1631357169"],"_oembed_faced7df4d096a14e01aa84f088350cc":["<iframe title=\"Promed ultrazvu\u010dni sterilizator  UC-50\" width=\"922\" height=\"519\" src=\"https:\/\/www.youtube.com\/embed\/FVkfLO4vFG0?feature=oembed\" frameborder=\"0\" allow=\"accelerometer; autoplay; clipboard-write; encrypted-media; gyroscope; picture-in-picture\" allowfullscreen><\/iframe>"],"_oembed_time_faced7df4d096a14e01aa84f088350cc":["1631357204"],"_oembed_b5384fff31debc9be2feed30abd4fa6a":["<iframe title=\"Promed ultrazvu\u010dni sterilizator  UC-50\" width=\"1200\" height=\"675\" src=\"https:\/\/www.youtube.com\/embed\/FVkfLO4vFG0?feature=oembed\" frameborder=\"0\" allow=\"accelerometer; autoplay; clipboard-write; encrypted-media; gyroscope; picture-in-picture\" allowfullscreen><\/iframe>"],"_oembed_time_b5384fff31debc9be2feed30abd4fa6a":["1631378283"],"_yoast_wpseo_wordproof_timestamp":[""],"_woocs_regular_price_EUR":["79.62"],"_woocs_sale_price_EUR":["-1"],"_lowest_price_30_days":["79.62"],"_edit_lock":["1744662632:1239"],"_edit_last":["1239"],"ast-site-content-layout":["default"],"site-content-style":["default"],"site-sidebar-style":["default"],"_yoast_wpseo_primary_fb_product_set":[""],"ast-above-header-display":[""],"ast-below-header-display":[""],"uag_migration_processed":["1"],"_wc_facebook_sync_enabled":["yes"],"fb_visibility":["yes"],"fb_product_description":[""],"_wc_facebook_product_image_source":["product"],"fb_product_group_id":["9884277371617384"],"_yoast_wpseo_primary_product_brand":[""],"fb_product_item_id":["9566113656767092"],"_purchase_note":["Ako prozvod trenutno nije na stanju isporuka je za 7 do 10 radnih dana."],"fb_rich_text_description":[""],"fb_product_video":["a:0:{}"],"fb_brand":[""],"fb_mpn":[""],"fb_size":[""],"fb_color":[""],"fb_material":[""],"fb_pattern":[""],"fb_age_group":[""],"fb_gender":[""],"fb_product_condition":[""],"astra-migrate-meta-layouts":["set"],"_last_change_time":["1774941690"],"_uag_page_assets":["a:9:{s:3:\"css\";s:0:\"\";s:2:\"js\";s:0:\"\";s:18:\"current_block_list\";a:3:{i:0;s:11:\"core\/search\";i:1;s:18:\"core\/legacy-widget\";i:2;s:27:\"woocommerce\/product-filters\";}s:8:\"uag_flag\";b:0;s:11:\"uag_version\";s:10:\"1778680199\";s:6:\"gfonts\";a:0:{}s:10:\"gfonts_url\";s:0:\"\";s:12:\"gfonts_files\";a:0:{}s:14:\"uag_faq_layout\";b:0;}"],"_elementor_page_assets":["a:0:{}"]},"uagb_featured_image_src":{"full":["https:\/\/www.meavia-mh.hr\/wp-content\/uploads\/2023\/09\/sterilizator-blue-2.jpg",1584,1582,false],"thumbnail":["https:\/\/www.meavia-mh.hr\/wp-content\/uploads\/2023\/09\/sterilizator-blue-2-150x150.jpg",150,150,true],"medium":["https:\/\/www.meavia-mh.hr\/wp-content\/uploads\/2023\/09\/sterilizator-blue-2-300x300.jpg",300,300,true],"medium_large":["https:\/\/www.meavia-mh.hr\/wp-content\/uploads\/2023\/09\/sterilizator-blue-2-768x767.jpg",768,767,true],"large":["https:\/\/www.meavia-mh.hr\/wp-content\/uploads\/2023\/09\/sterilizator-blue-2-1024x1024.jpg",1024,1024,true],"1536x1536":["https:\/\/www.meavia-mh.hr\/wp-content\/uploads\/2023\/09\/sterilizator-blue-2-1536x1534.jpg",1536,1534,true],"2048x2048":["https:\/\/www.meavia-mh.hr\/wp-content\/uploads\/2023\/09\/sterilizator-blue-2.jpg",1584,1582,false],"trp-custom-language-flag":["https:\/\/www.meavia-mh.hr\/wp-content\/uploads\/2023\/09\/sterilizator-blue-2-12x12.jpg",12,12,true],"woocommerce_thumbnail":["https:\/\/www.meavia-mh.hr\/wp-content\/uploads\/2023\/09\/sterilizator-blue-2-300x300.jpg",300,300,true],"woocommerce_single":["https:\/\/www.meavia-mh.hr\/wp-content\/uploads\/2023\/09\/sterilizator-blue-2-600x599.jpg",600,599,true],"woocommerce_gallery_thumbnail":["https:\/\/www.meavia-mh.hr\/wp-content\/uploads\/2023\/09\/sterilizator-blue-2-100x100.jpg",100,100,true]},"uagb_author_info":{"display_name":"Zla Gol","author_link":"https:\/\/www.meavia-mh.hr\/sl\/author\/"},"uagb_comment_info":0,"uagb_excerpt":"Ako prozvod trenutno nije na stanju isporuka je za 7 do 10 radnih dana.","_links":{"self":[{"href":"https:\/\/www.meavia-mh.hr\/sl\/wp-json\/wp\/v2\/product\/23388","targetHints":{"allow":["GET"]}}],"collection":[{"href":"https:\/\/www.meavia-mh.hr\/sl\/wp-json\/wp\/v2\/product"}],"about":[{"href":"https:\/\/www.meavia-mh.hr\/sl\/wp-json\/wp\/v2\/types\/product"}],"replies":[{"embeddable":true,"href":"https:\/\/www.meavia-mh.hr\/sl\/wp-json\/wp\/v2\/comments?post=23388"}],"version-history":[{"count":3,"href":"https:\/\/www.meavia-mh.hr\/sl\/wp-json\/wp\/v2\/product\/23388\/revisions"}],"predecessor-version":[{"id":35829,"href":"https:\/\/www.meavia-mh.hr\/sl\/wp-json\/wp\/v2\/product\/23388\/revisions\/35829"}],"wp:featuredmedia":[{"embeddable":true,"href":"https:\/\/www.meavia-mh.hr\/sl\/wp-json\/wp\/v2\/media\/23398"}],"wp:attachment":[{"href":"https:\/\/www.meavia-mh.hr\/sl\/wp-json\/wp\/v2\/media?parent=23388"}],"wp:term":[{"taxonomy":"product_brand","embeddable":true,"href":"https:\/\/www.meavia-mh.hr\/sl\/wp-json\/wp\/v2\/product_brand?post=23388"},{"taxonomy":"product_cat","embeddable":true,"href":"https:\/\/www.meavia-mh.hr\/sl\/wp-json\/wp\/v2\/product_cat?post=23388"},{"taxonomy":"product_tag","embeddable":true,"href":"https:\/\/www.meavia-mh.hr\/sl\/wp-json\/wp\/v2\/product_tag?post=23388"}],"curies":[{"name":"delovni list","href":"https:\/\/api.w.org\/{rel}","templated":true}]}}