{"id":22537,"date":"2023-08-19T07:29:21","date_gmt":"2023-08-19T07:29:21","guid":{"rendered":"https:\/\/www.meavia-mh.hr\/?post_type=product&#038;p=22537"},"modified":"2026-01-24T08:23:49","modified_gmt":"2026-01-24T07:23:49","slug":"ikon-iq-soak-off-liquid-400-ml","status":"publish","type":"product","link":"https:\/\/www.meavia-mh.hr\/sl\/product\/ikon-iq-soak-off-liquid-400-ml\/","title":{"rendered":"IKON.iQ Soak Off Liquid \u2013 400 ml"},"content":{"rendered":"<p>IKON.iQ Soak Off Liquid Professional je izdelek, ki omogo\u010da hitro in enostavno odstranjevanje permanentnega laka za nohte. Ta vrhunski profesionalni izdelek je popolnoma veganski.<\/p>\n<p><strong>Zna\u010dilnosti:<\/strong><\/p>\n<ul>\n<li>namenjen za hitro odstranjevanje permanentnega laka, gel laka ali akrila<\/li>\n<li>profesionalna formula<\/li>\n<li>sanacijsko priporo\u010dilo <a href=\"https:\/\/www.meavia-mh.hr\/sl\/product\/ikon-iq-prima-gel-polish-trajni-lak-alicia-15-ml\/\">IKON.iQ prejme trajne lake\u00a0<\/a><\/li>\n<li>brez \u0161kodljivih in strupenih snovi<\/li>\n<li>Brez krutosti in vegansko<\/li>\n<\/ul>\n<h6>Pakiranje: 400 ml<\/h6>\n<h6>Sestava:<\/h6>\n<ul>\n<li>Aceton<\/li>\n<li>Aqua<\/li>\n<li>Parfum<\/li>\n<li>Benzil salicilat<\/li>\n<li>Linalool<\/li>\n<li>citronelol<\/li>\n<li>Hidroksicitronelal<\/li>\n<li>Butilfenil metilpropional<\/li>\n<li>Limonen<\/li>\n<li>Hexyl Cinnamal<\/li>\n<li>Citral<\/li>\n<\/ul>","protected":false},"excerpt":{"rendered":"<p>IKON.iQ Soak Off Liquid Profesionalno je pripravak koji vam olak\u0161ava brzo i jednostavno uklanjanje trajnih lakova. Ovaj vrhunski profesionalni proizvod potpuno je veganski. Karakteristike: dizajniran za brzo uklanjanje trajnog laka, gel laka ili akrila profesionalna formula preporuka za otklanjanje IKON.iQ Prima trajnih lakova\u00a0 bez \u0161tetnih i toksi\u010dnih tvari Cruelty Free &amp; Vegan Pakiranje: 400 ml [&hellip;]<\/p>\n","protected":false},"featured_media":22538,"comment_status":"closed","ping_status":"closed","template":"","meta":{"_uag_custom_page_level_css":"","site-sidebar-layout":"default","site-content-layout":null,"ast-site-content-layout":"default","site-content-style":"default","site-sidebar-style":"default","ast-global-header-display":"","ast-banner-title-visibility":"","ast-main-header-display":"","ast-hfb-above-header-display":"","ast-hfb-below-header-display":"","ast-hfb-mobile-header-display":"","site-post-title":"","ast-breadcrumbs-content":null,"ast-featured-img":"","footer-sml-layout":"","ast-disable-related-posts":"","theme-transparent-header-meta":"default","adv-header-id-meta":"","stick-header-meta":"default","header-above-stick-meta":"","header-main-stick-meta":"","header-below-stick-meta":"","astra-migrate-meta-layouts":"set","ast-page-background-enabled":"default","ast-page-background-meta":{"desktop":{"background-color":"var(--ast-global-color-4)","background-image":"","background-repeat":"repeat","background-position":"center center","background-size":"auto","background-attachment":"scroll","background-type":"","background-media":"","overlay-type":"","overlay-color":"","overlay-opacity":"","overlay-gradient":""},"tablet":{"background-color":"","background-image":"","background-repeat":"repeat","background-position":"center center","background-size":"auto","background-attachment":"scroll","background-type":"","background-media":"","overlay-type":"","overlay-color":"","overlay-opacity":"","overlay-gradient":""},"mobile":{"background-color":"","background-image":"","background-repeat":"repeat","background-position":"center center","background-size":"auto","background-attachment":"scroll","background-type":"","background-media":"","overlay-type":"","overlay-color":"","overlay-opacity":"","overlay-gradient":""}},"ast-content-background-meta":{"desktop":{"background-color":"var(--ast-global-color-5)","background-image":"","background-repeat":"repeat","background-position":"center center","background-size":"auto","background-attachment":"scroll","background-type":"","background-media":"","overlay-type":"","overlay-color":"","overlay-opacity":"","overlay-gradient":""},"tablet":{"background-color":"var(--ast-global-color-5)","background-image":"","background-repeat":"repeat","background-position":"center center","background-size":"auto","background-attachment":"scroll","background-type":"","background-media":"","overlay-type":"","overlay-color":"","overlay-opacity":"","overlay-gradient":""},"mobile":{"background-color":"var(--ast-global-color-5)","background-image":"","background-repeat":"repeat","background-position":"center center","background-size":"auto","background-attachment":"scroll","background-type":"","background-media":"","overlay-type":"","overlay-color":"","overlay-opacity":"","overlay-gradient":""}}},"product_brand":[],"product_cat":[115],"product_tag":[152],"class_list":{"0":"post-22537","1":"product","2":"type-product","3":"status-publish","4":"has-post-thumbnail","6":"product_cat-pripremne-tekucine","7":"product_tag-soak-off","8":"desktop-align-left","9":"tablet-align-left","10":"mobile-align-left","11":"ast-product-gallery-layout-horizontal-slider","12":"ast-product-gallery-with-no-image","13":"ast-product-tabs-layout-horizontal","15":"first","16":"instock","17":"taxable","18":"shipping-taxable","19":"purchasable","20":"product-type-simple"},"yoast_head":"<!-- This site is optimized with the Yoast SEO plugin v27.4 - https:\/\/yoast.com\/product\/yoast-seo-wordpress\/ -->\n<title>IKON.iQ Soak Off Liquid - 400 ml &#8902; Mea Via Beauty<\/title>\n<meta name=\"description\" content=\"teku\u0107ina za brzo otklanjanje gela ili trajnog laka &#8902; Soak Off formula &#8902; bez \u0161tetnih i toksi\u010dnih tvari &#8902; lanolin\" \/>\n<meta name=\"robots\" content=\"index, follow, max-snippet:-1, max-image-preview:large, max-video-preview:-1\" \/>\n<link rel=\"canonical\" href=\"https:\/\/www.meavia-mh.hr\/sl\/product\/ikon-iq-soak-off-liquid-400-ml\/\" \/>\n<meta property=\"og:locale\" content=\"sl_SI\" \/>\n<meta property=\"og:type\" content=\"article\" \/>\n<meta property=\"og:title\" content=\"IKON.iQ Soak Off Liquid - 400 ml &#8902; Mea Via Beauty\" \/>\n<meta property=\"og:description\" content=\"teku\u0107ina za brzo otklanjanje gela ili trajnog laka &#8902; Soak Off formula &#8902; bez \u0161tetnih i toksi\u010dnih tvari &#8902; lanolin\" \/>\n<meta property=\"og:url\" content=\"https:\/\/www.meavia-mh.hr\/sl\/product\/ikon-iq-soak-off-liquid-400-ml\/\" \/>\n<meta property=\"og:site_name\" content=\"Mea Via Beauty\" \/>\n<meta property=\"article:publisher\" content=\"https:\/\/www.facebook.com\/MeaViaNailsWorld\" \/>\n<meta property=\"article:modified_time\" content=\"2026-01-24T07:23:49+00:00\" \/>\n<meta property=\"og:image\" content=\"https:\/\/www.meavia-mh.hr\/wp-content\/uploads\/2023\/08\/IKON.iQ-Soak-Off-Liquid.jpg\" \/>\n\t<meta property=\"og:image:width\" content=\"1302\" \/>\n\t<meta property=\"og:image:height\" content=\"1302\" \/>\n\t<meta property=\"og:image:type\" content=\"image\/jpeg\" \/>\n<meta name=\"twitter:card\" content=\"summary_large_image\" \/>\n<meta name=\"twitter:label1\" content=\"Est. reading time\" \/>\n\t<meta name=\"twitter:data1\" content=\"1 minuta\" \/>\n<script type=\"application\/ld+json\" class=\"yoast-schema-graph\">{\"@context\":\"https:\\\/\\\/schema.org\",\"@graph\":[{\"@type\":\"WebPage\",\"@id\":\"https:\\\/\\\/www.meavia-mh.hr\\\/product\\\/ikon-iq-soak-off-liquid-400-ml\\\/\",\"url\":\"https:\\\/\\\/www.meavia-mh.hr\\\/product\\\/ikon-iq-soak-off-liquid-400-ml\\\/\",\"name\":\"IKON.iQ Soak Off Liquid - 400 ml &#8902; Mea Via Beauty\",\"isPartOf\":{\"@id\":\"https:\\\/\\\/meavia-mh.hr\\\/sl\\\/#website\"},\"primaryImageOfPage\":{\"@id\":\"https:\\\/\\\/www.meavia-mh.hr\\\/product\\\/ikon-iq-soak-off-liquid-400-ml\\\/#primaryimage\"},\"image\":{\"@id\":\"https:\\\/\\\/www.meavia-mh.hr\\\/product\\\/ikon-iq-soak-off-liquid-400-ml\\\/#primaryimage\"},\"thumbnailUrl\":\"https:\\\/\\\/www.meavia-mh.hr\\\/wp-content\\\/uploads\\\/2023\\\/08\\\/IKON.iQ-Soak-Off-Liquid.jpg\",\"datePublished\":\"2023-08-19T07:29:21+00:00\",\"dateModified\":\"2026-01-24T07:23:49+00:00\",\"description\":\"teku\u0107ina za brzo otklanjanje gela ili trajnog laka &#8902; Soak Off formula &#8902; bez \u0161tetnih i toksi\u010dnih tvari &#8902; lanolin\",\"breadcrumb\":{\"@id\":\"https:\\\/\\\/www.meavia-mh.hr\\\/product\\\/ikon-iq-soak-off-liquid-400-ml\\\/#breadcrumb\"},\"inLanguage\":\"sl-SI\",\"potentialAction\":[{\"@type\":\"ReadAction\",\"target\":[\"https:\\\/\\\/www.meavia-mh.hr\\\/product\\\/ikon-iq-soak-off-liquid-400-ml\\\/\"]}]},{\"@type\":\"ImageObject\",\"inLanguage\":\"sl-SI\",\"@id\":\"https:\\\/\\\/www.meavia-mh.hr\\\/product\\\/ikon-iq-soak-off-liquid-400-ml\\\/#primaryimage\",\"url\":\"https:\\\/\\\/www.meavia-mh.hr\\\/wp-content\\\/uploads\\\/2023\\\/08\\\/IKON.iQ-Soak-Off-Liquid.jpg\",\"contentUrl\":\"https:\\\/\\\/www.meavia-mh.hr\\\/wp-content\\\/uploads\\\/2023\\\/08\\\/IKON.iQ-Soak-Off-Liquid.jpg\",\"width\":1302,\"height\":1302,\"caption\":\"IKON.iQ Soak Off Liquid\"},{\"@type\":\"BreadcrumbList\",\"@id\":\"https:\\\/\\\/www.meavia-mh.hr\\\/product\\\/ikon-iq-soak-off-liquid-400-ml\\\/#breadcrumb\",\"itemListElement\":[{\"@type\":\"ListItem\",\"position\":1,\"name\":\"Po\u010detna stranica\",\"item\":\"https:\\\/\\\/www.meavia-mh.hr\\\/\"},{\"@type\":\"ListItem\",\"position\":2,\"name\":\"Trgovina\",\"item\":\"https:\\\/\\\/meavia-mh.hr\\\/sl\\\/store\\\/\"},{\"@type\":\"ListItem\",\"position\":3,\"name\":\"IKON.iQ Soak Off Liquid &#8211; 400 ml\"}]},{\"@type\":\"WebSite\",\"@id\":\"https:\\\/\\\/meavia-mh.hr\\\/sl\\\/#website\",\"url\":\"https:\\\/\\\/meavia-mh.hr\\\/sl\\\/\",\"name\":\"Mea Via Beauty\",\"description\":\"Only The Best For Your Beauty\",\"publisher\":{\"@id\":\"https:\\\/\\\/meavia-mh.hr\\\/sl\\\/#organization\"},\"alternateName\":\"Mea Via Nails\",\"potentialAction\":[{\"@type\":\"SearchAction\",\"target\":{\"@type\":\"EntryPoint\",\"urlTemplate\":\"https:\\\/\\\/meavia-mh.hr\\\/sl\\\/?s={search_term_string}\"},\"query-input\":{\"@type\":\"PropertyValueSpecification\",\"valueRequired\":true,\"valueName\":\"search_term_string\"}}],\"inLanguage\":\"sl-SI\"},{\"@type\":\"Organization\",\"@id\":\"https:\\\/\\\/meavia-mh.hr\\\/sl\\\/#organization\",\"name\":\"Mea Via Nails World\",\"alternateName\":\"Mea Via\",\"url\":\"https:\\\/\\\/meavia-mh.hr\\\/sl\\\/\",\"logo\":{\"@type\":\"ImageObject\",\"inLanguage\":\"sl-SI\",\"@id\":\"https:\\\/\\\/meavia-mh.hr\\\/sl\\\/#\\\/schema\\\/logo\\\/image\\\/\",\"url\":\"https:\\\/\\\/www.meavia-mh.hr\\\/wp-content\\\/uploads\\\/2020\\\/12\\\/Mea-Via.png\",\"contentUrl\":\"https:\\\/\\\/www.meavia-mh.hr\\\/wp-content\\\/uploads\\\/2020\\\/12\\\/Mea-Via.png\",\"width\":1181,\"height\":393,\"caption\":\"Mea Via Nails World\"},\"image\":{\"@id\":\"https:\\\/\\\/meavia-mh.hr\\\/sl\\\/#\\\/schema\\\/logo\\\/image\\\/\"},\"sameAs\":[\"https:\\\/\\\/www.facebook.com\\\/MeaViaNailsWorld\",\"https:\\\/\\\/www.instagram.com\\\/mea_via_nails_world\\\/\",\"https:\\\/\\\/www.youtube.com\\\/channel\\\/UCECk0hpRWP6TN-EfA4ER96g\\\/featured\"]}]}<\/script>\n<!-- \/ Yoast SEO plugin. -->","yoast_head_json":{"title":"IKON.iQ teko\u010dina za vpijanje - 400 ml \u22c6 Mea Via Beauty","description":"teko\u010dina za hitro odstranjevanje gela ali permanentnega laka za nohte \u22c6 formula Soak Off \u22c6 brez \u0161kodljivih in strupenih snovi \u22c6 lanolin","robots":{"index":"index","follow":"follow","max-snippet":"max-snippet:-1","max-image-preview":"max-image-preview:large","max-video-preview":"max-video-preview:-1"},"canonical":"https:\/\/www.meavia-mh.hr\/sl\/product\/ikon-iq-soak-off-liquid-400-ml\/","og_locale":"sl_SI","og_type":"article","og_title":"IKON.iQ Soak Off Liquid - 400 ml &#8902; Mea Via Beauty","og_description":"teku\u0107ina za brzo otklanjanje gela ili trajnog laka &#8902; Soak Off formula &#8902; bez \u0161tetnih i toksi\u010dnih tvari &#8902; lanolin","og_url":"https:\/\/www.meavia-mh.hr\/sl\/product\/ikon-iq-soak-off-liquid-400-ml\/","og_site_name":"Mea Via Beauty","article_publisher":"https:\/\/www.facebook.com\/MeaViaNailsWorld","article_modified_time":"2026-01-24T07:23:49+00:00","og_image":[{"width":1302,"height":1302,"url":"https:\/\/www.meavia-mh.hr\/wp-content\/uploads\/2023\/08\/IKON.iQ-Soak-Off-Liquid.jpg","type":"image\/jpeg"}],"twitter_card":"summary_large_image","twitter_misc":{"Est. reading time":"1 minuta"},"schema":{"@context":"https:\/\/schema.org","@graph":[{"@type":"WebPage","@id":"https:\/\/www.meavia-mh.hr\/product\/ikon-iq-soak-off-liquid-400-ml\/","url":"https:\/\/www.meavia-mh.hr\/product\/ikon-iq-soak-off-liquid-400-ml\/","name":"IKON.iQ teko\u010dina za vpijanje - 400 ml \u22c6 Mea Via Beauty","isPartOf":{"@id":"https:\/\/meavia-mh.hr\/sl\/#website"},"primaryImageOfPage":{"@id":"https:\/\/www.meavia-mh.hr\/product\/ikon-iq-soak-off-liquid-400-ml\/#primaryimage"},"image":{"@id":"https:\/\/www.meavia-mh.hr\/product\/ikon-iq-soak-off-liquid-400-ml\/#primaryimage"},"thumbnailUrl":"https:\/\/www.meavia-mh.hr\/wp-content\/uploads\/2023\/08\/IKON.iQ-Soak-Off-Liquid.jpg","datePublished":"2023-08-19T07:29:21+00:00","dateModified":"2026-01-24T07:23:49+00:00","description":"teko\u010dina za hitro odstranjevanje gela ali permanentnega laka za nohte \u22c6 formula Soak Off \u22c6 brez \u0161kodljivih in strupenih snovi \u22c6 lanolin","breadcrumb":{"@id":"https:\/\/www.meavia-mh.hr\/product\/ikon-iq-soak-off-liquid-400-ml\/#breadcrumb"},"inLanguage":"sl-SI","potentialAction":[{"@type":"ReadAction","target":["https:\/\/www.meavia-mh.hr\/product\/ikon-iq-soak-off-liquid-400-ml\/"]}]},{"@type":"ImageObject","inLanguage":"sl-SI","@id":"https:\/\/www.meavia-mh.hr\/product\/ikon-iq-soak-off-liquid-400-ml\/#primaryimage","url":"https:\/\/www.meavia-mh.hr\/wp-content\/uploads\/2023\/08\/IKON.iQ-Soak-Off-Liquid.jpg","contentUrl":"https:\/\/www.meavia-mh.hr\/wp-content\/uploads\/2023\/08\/IKON.iQ-Soak-Off-Liquid.jpg","width":1302,"height":1302,"caption":"IKON.iQ Soak Off Liquid"},{"@type":"BreadcrumbList","@id":"https:\/\/www.meavia-mh.hr\/product\/ikon-iq-soak-off-liquid-400-ml\/#breadcrumb","itemListElement":[{"@type":"ListItem","position":1,"name":"Po\u010detna stranica","item":"https:\/\/www.meavia-mh.hr\/"},{"@type":"ListItem","position":2,"name":"Trgovina","item":"https:\/\/meavia-mh.hr\/sl\/store\/"},{"@type":"ListItem","position":3,"name":"IKON.iQ Soak Off Liquid &#8211; 400 ml"}]},{"@type":"WebSite","@id":"https:\/\/meavia-mh.hr\/sl\/#website","url":"https:\/\/meavia-mh.hr\/sl\/","name":"MEA VIA BEAUTY","description":"Only The Best For Your Beauty","publisher":{"@id":"https:\/\/meavia-mh.hr\/sl\/#organization"},"alternateName":"Mea Via Nails","potentialAction":[{"@type":"SearchAction","target":{"@type":"EntryPoint","urlTemplate":"https:\/\/meavia-mh.hr\/sl\/?s={search_term_string}"},"query-input":{"@type":"PropertyValueSpecification","valueRequired":true,"valueName":"search_term_string"}}],"inLanguage":"sl-SI"},{"@type":"Organization","@id":"https:\/\/meavia-mh.hr\/sl\/#organization","name":"Mea Via Nails World","alternateName":"Mea Via","url":"https:\/\/meavia-mh.hr\/sl\/","logo":{"@type":"ImageObject","inLanguage":"sl-SI","@id":"https:\/\/meavia-mh.hr\/sl\/#\/schema\/logo\/image\/","url":"https:\/\/www.meavia-mh.hr\/wp-content\/uploads\/2020\/12\/Mea-Via.png","contentUrl":"https:\/\/www.meavia-mh.hr\/wp-content\/uploads\/2020\/12\/Mea-Via.png","width":1181,"height":393,"caption":"Mea Via Nails World"},"image":{"@id":"https:\/\/meavia-mh.hr\/sl\/#\/schema\/logo\/image\/"},"sameAs":["https:\/\/www.facebook.com\/MeaViaNailsWorld","https:\/\/www.instagram.com\/mea_via_nails_world\/","https:\/\/www.youtube.com\/channel\/UCECk0hpRWP6TN-EfA4ER96g\/featured"]}]}},"spectra_custom_meta":{"_sku":["M71068"],"_regular_price":["22.50"],"total_sales":["1"],"_tax_status":["taxable"],"_tax_class":[""],"_manage_stock":["yes"],"_backorders":["no"],"_sold_individually":["no"],"_virtual":["no"],"_downloadable":["no"],"_download_limit":["-1"],"_download_expiry":["-1"],"_thumbnail_id":["22538"],"_stock":["3.000000"],"_stock_status":["instock"],"_wc_average_rating":["0"],"_wc_review_count":["0"],"_product_version":["10.4.3"],"_price":["22.50"],"_wp_page_template":["default"],"_yoast_wpseo_focuskw":["IKON.iQ Soak Off Liquid"],"_yoast_wpseo_metadesc":["teku\u0107ina za brzo otklanjanje gela ili trajnog laka %%sep%% Soak Off formula %%sep%% bez \u0161tetnih i toksi\u010dnih tvari %%sep%% lanolin"],"_yoast_wpseo_linkdex":["54"],"_yoast_wpseo_content_score":["90"],"_yoast_wpseo_primary_product_cat":["115"],"site-sidebar-layout":["default"],"site-content-layout":[null],"theme-transparent-header-meta":["default"],"stick-header-meta":["default"],"_oembed_4f32597468f993e57e0c756f1be30df2":["<iframe title=\"IKON.IQ Nail Liquids Explained\" width=\"500\" height=\"281\" src=\"https:\/\/www.youtube.com\/embed\/SePAvUDFJaA?feature=oembed\" frameborder=\"0\" allow=\"accelerometer; autoplay; clipboard-write; encrypted-media; gyroscope; picture-in-picture\" allowfullscreen><\/iframe>"],"_oembed_time_4f32597468f993e57e0c756f1be30df2":["1629660160"],"_oembed_10819b6aa624e70b4c840a6aa427dd42":["<iframe title=\"IKON.IQ Nail Liquids Explained\" width=\"898\" height=\"505\" src=\"https:\/\/www.youtube.com\/embed\/SePAvUDFJaA?feature=oembed\" frameborder=\"0\" allow=\"accelerometer; autoplay; clipboard-write; encrypted-media; gyroscope; picture-in-picture\" allowfullscreen><\/iframe>"],"_oembed_time_10819b6aa624e70b4c840a6aa427dd42":["1608756139"],"_oembed_bc08ab94d5e2626820fd5b05b16c8fd8":["<iframe title=\"IKON.IQ Nail Liquids Explained\" width=\"922\" height=\"519\" src=\"https:\/\/www.youtube.com\/embed\/SePAvUDFJaA?feature=oembed\" frameborder=\"0\" allow=\"accelerometer; autoplay; clipboard-write; encrypted-media; gyroscope; picture-in-picture\" allowfullscreen><\/iframe>"],"_oembed_time_bc08ab94d5e2626820fd5b05b16c8fd8":["1608756161"],"_oembed_3cfdd172e29f8b3e7f8adad1387eef3e":["<iframe title=\"IKON.IQ Nail Liquids Explained\" width=\"1200\" height=\"675\" src=\"https:\/\/www.youtube.com\/embed\/SePAvUDFJaA?feature=oembed\" frameborder=\"0\" allow=\"accelerometer; autoplay; clipboard-write; encrypted-media; gyroscope; picture-in-picture\" allowfullscreen><\/iframe>"],"_oembed_time_3cfdd172e29f8b3e7f8adad1387eef3e":["1608806623"],"_yoast_wpseo_estimated-reading-time-minutes":["1"],"_woocs_price_geo_countries":[""],"_woocs_regular_price_geo":[""],"_woocs_sale_price_geo":[""],"cartflows_redirect_flow_id":[""],"cartflows_add_to_cart_text":[""],"_yoast_wpseo_wordproof_timestamp":[""],"_woocs_regular_price_EUR":["26.53"],"_woocs_sale_price_EUR":["-1"],"_lowest_price_30_days":["22.50"],"_edit_lock":["1753659423:1239"],"_edit_last":["1239"],"ast-site-content-layout":["default"],"site-content-style":["default"],"site-sidebar-style":["default"],"_yoast_wpseo_primary_fb_product_set":[""],"astra-migrate-meta-layouts":["set"],"uag_migration_processed":["1"],"ast-above-header-display":[null],"ast-below-header-display":[null],"footer-adv-display":[null],"adv-header-id-meta":[""],"ast-breadcrumbs-content":[null],"_elementor_page_assets":["a:0:{}"],"_uag_page_assets":["a:9:{s:3:\"css\";s:0:\"\";s:2:\"js\";s:0:\"\";s:18:\"current_block_list\";a:3:{i:0;s:11:\"core\/search\";i:1;s:18:\"core\/legacy-widget\";i:2;s:27:\"woocommerce\/product-filters\";}s:8:\"uag_flag\";b:0;s:11:\"uag_version\";s:10:\"1776750865\";s:6:\"gfonts\";a:0:{}s:10:\"gfonts_url\";s:0:\"\";s:12:\"gfonts_files\";a:0:{}s:14:\"uag_faq_layout\";b:0;}"]},"uagb_featured_image_src":{"full":["https:\/\/www.meavia-mh.hr\/wp-content\/uploads\/2023\/08\/IKON.iQ-Soak-Off-Liquid.jpg",1302,1302,false],"thumbnail":["https:\/\/www.meavia-mh.hr\/wp-content\/uploads\/2023\/08\/IKON.iQ-Soak-Off-Liquid-150x150.jpg",150,150,true],"medium":["https:\/\/www.meavia-mh.hr\/wp-content\/uploads\/2023\/08\/IKON.iQ-Soak-Off-Liquid-300x300.jpg",300,300,true],"medium_large":["https:\/\/www.meavia-mh.hr\/wp-content\/uploads\/2023\/08\/IKON.iQ-Soak-Off-Liquid-768x768.jpg",768,768,true],"large":["https:\/\/www.meavia-mh.hr\/wp-content\/uploads\/2023\/08\/IKON.iQ-Soak-Off-Liquid-1024x1024.jpg",1024,1024,true],"1536x1536":["https:\/\/www.meavia-mh.hr\/wp-content\/uploads\/2023\/08\/IKON.iQ-Soak-Off-Liquid.jpg",1302,1302,false],"2048x2048":["https:\/\/www.meavia-mh.hr\/wp-content\/uploads\/2023\/08\/IKON.iQ-Soak-Off-Liquid.jpg",1302,1302,false],"trp-custom-language-flag":["https:\/\/www.meavia-mh.hr\/wp-content\/uploads\/2023\/08\/IKON.iQ-Soak-Off-Liquid-12x12.jpg",12,12,true],"woocommerce_thumbnail":["https:\/\/www.meavia-mh.hr\/wp-content\/uploads\/2023\/08\/IKON.iQ-Soak-Off-Liquid-300x300.jpg",300,300,true],"woocommerce_single":["https:\/\/www.meavia-mh.hr\/wp-content\/uploads\/2023\/08\/IKON.iQ-Soak-Off-Liquid-600x600.jpg",600,600,true],"woocommerce_gallery_thumbnail":["https:\/\/www.meavia-mh.hr\/wp-content\/uploads\/2023\/08\/IKON.iQ-Soak-Off-Liquid-100x100.jpg",100,100,true]},"uagb_author_info":{"display_name":"Zla Gol","author_link":"https:\/\/www.meavia-mh.hr\/sl\/author\/"},"uagb_comment_info":0,"uagb_excerpt":"IKON.iQ Soak Off Liquid Profesionalno je pripravak koji vam olak\u0161ava brzo i jednostavno uklanjanje trajnih lakova. Ovaj vrhunski profesionalni proizvod potpuno je veganski. Karakteristike: dizajniran za brzo uklanjanje trajnog laka, gel laka ili akrila profesionalna formula preporuka za otklanjanje IKON.iQ Prima trajnih lakova\u00a0 bez \u0161tetnih i toksi\u010dnih tvari Cruelty Free &amp; Vegan Pakiranje: 400 ml&hellip;","_links":{"self":[{"href":"https:\/\/www.meavia-mh.hr\/sl\/wp-json\/wp\/v2\/product\/22537","targetHints":{"allow":["GET"]}}],"collection":[{"href":"https:\/\/www.meavia-mh.hr\/sl\/wp-json\/wp\/v2\/product"}],"about":[{"href":"https:\/\/www.meavia-mh.hr\/sl\/wp-json\/wp\/v2\/types\/product"}],"replies":[{"embeddable":true,"href":"https:\/\/www.meavia-mh.hr\/sl\/wp-json\/wp\/v2\/comments?post=22537"}],"version-history":[{"count":1,"href":"https:\/\/www.meavia-mh.hr\/sl\/wp-json\/wp\/v2\/product\/22537\/revisions"}],"predecessor-version":[{"id":28447,"href":"https:\/\/www.meavia-mh.hr\/sl\/wp-json\/wp\/v2\/product\/22537\/revisions\/28447"}],"wp:featuredmedia":[{"embeddable":true,"href":"https:\/\/www.meavia-mh.hr\/sl\/wp-json\/wp\/v2\/media\/22538"}],"wp:attachment":[{"href":"https:\/\/www.meavia-mh.hr\/sl\/wp-json\/wp\/v2\/media?parent=22537"}],"wp:term":[{"taxonomy":"product_brand","embeddable":true,"href":"https:\/\/www.meavia-mh.hr\/sl\/wp-json\/wp\/v2\/product_brand?post=22537"},{"taxonomy":"product_cat","embeddable":true,"href":"https:\/\/www.meavia-mh.hr\/sl\/wp-json\/wp\/v2\/product_cat?post=22537"},{"taxonomy":"product_tag","embeddable":true,"href":"https:\/\/www.meavia-mh.hr\/sl\/wp-json\/wp\/v2\/product_tag?post=22537"}],"curies":[{"name":"delovni list","href":"https:\/\/api.w.org\/{rel}","templated":true}]}}