{"id":21995,"date":"2023-07-14T16:08:44","date_gmt":"2023-07-14T16:08:44","guid":{"rendered":"https:\/\/www.meavia-mh.hr\/?post_type=product&#038;p=21995"},"modified":"2026-04-16T15:41:29","modified_gmt":"2026-04-16T14:41:29","slug":"stylistic-sablone-za-nokte-100-kom","status":"publish","type":"product","link":"https:\/\/www.meavia-mh.hr\/sl\/product\/stylistic-sablone-za-nokte-100-kom\/","title":{"rendered":"Stylistic \u0161ablone za nohte - 100 kos"},"content":{"rendered":"<p>Stilske \u0161ablone za nohte<span style=\"font-size: 16px\">\u00a0za na\u010din gradnje nohtov<a href=\"https:\/\/www.meavia-mh.hr\/sl\/product\/palu-gradivni-gel-clear-30-ml\/\"> gel<\/a> in <a href=\"https:\/\/www.meavia-mh.hr\/sl\/product\/palu-flexi-acryl-gel-clear-1-30-ml\/\">akril<\/a>. Predloge<\/span><span><span class=\"\">\u00a0saj so podalj\u0161ki nohtov eden tistih pripomo\u010dkov, brez katerih si ni mogo\u010de predstavljati dela v salonu. <\/span>Verjetno nobenemu strokovnjaku ni treba razlagati, kako pomembna je kakovost \u0161ablone in koliko vpliva na udobje stiliranja.<\/span><\/p>\n<p><strong><span><span class=\"\">Stilske \u0161ablone za nohte<\/span><\/span><\/strong><span><span class=\"\">\u00a0izdelane so iz visokokakovostnega materiala, zahvaljujo\u010d kateremu <\/span><\/span><strong><span><span class=\"\">trdno stojijo na nohtu<\/span><\/span><\/strong><span><span class=\"\">, kar zagotavlja pravilno arhitekturo nadgrajenih nohtov.<\/span><\/span><\/p>\n<p><strong><span>Kaj jih lo\u010di od drugih podobnih izdelkov?<\/span><\/strong><\/p>\n<ul>\n<li><strong><span>mo\u010dan, vzdr\u017eljiv papir<\/span><\/strong><span> \u2013 zagotavlja prijetno delo na stabilni povr\u0161ini<\/span><\/li>\n<li><strong><span>mo\u010dno lepilo<\/span><\/strong><span> \u2013 oblika se ne prime niti z mokrimi rokami<\/span><\/li>\n<li><strong><span>funkcionalno oblikovanje<\/span><\/strong><span> \u2013 <\/span><strong><span>intuitivne vodilne \u010drte<\/span><\/strong><span> ki olaj\u0161ajo rezanje predloge in <\/span><strong><span>prazen prostor na mestu nanosa materiala<\/span><\/strong><span> ki omogo\u010da natan\u010dno delo<\/span><\/li>\n<\/ul>\n<div class=\"product-tab\" data-tab=\"box_description\">\n<div class=\"innerbox\">\n<div class=\"resetcss\">\n<p class=\"p1\">Notranji rezi na \u0161ablonah vam omogo\u010dajo, da ustvarite popoln kalup za gradnjo nohtov. <span title=\"\">Zaradi fleksibilne predloge, ki je vstavljena pod prosti rob konice nohta, posnemamo naravni lok nohta, prilagodimo manj\u0161e pomanjkljivosti, prikrijemo pomanjkljivosti in podalj\u0161amo noht.<\/span><\/p>\n<p class=\"p1\">Stilske \u0161ablone za nohte vam bodo pomagale enostavno in preprosto podalj\u0161ati \u0161e tako zahtevno nohtno plo\u0161\u010do. \u0160ablone so posebej oblikovane z majhnimi &quot;u\u0161esi&quot;, tako da lahko enostavno spreminjate velikost \u0161ablone po potrebi, kar vam bo zagotovo olaj\u0161alo delo.<\/p>\n<figure id=\"attachment_21997\" aria-describedby=\"caption-attachment-21997\" style=\"width: 724px\" class=\"wp-caption aligncenter\"><a href=\"https:\/\/www.meavia-mh.hr\/wp-content\/uploads\/2023\/07\/ulotka_formy_papierowe_A4_EN_2-scaled.jpg\"><img fetchpriority=\"high\" decoding=\"async\" class=\"wp-image-21997 size-large\" src=\"https:\/\/www.meavia-mh.hr\/wp-content\/uploads\/2023\/07\/ulotka_formy_papierowe_A4_EN_2-724x1024.jpg\" alt=\"Stylistic \u0161ablone za nokte - 100 kom\" width=\"724\" height=\"1024\" srcset=\"https:\/\/www.meavia-mh.hr\/wp-content\/uploads\/2023\/07\/ulotka_formy_papierowe_A4_EN_2-724x1024.jpg 724w, https:\/\/www.meavia-mh.hr\/wp-content\/uploads\/2023\/07\/ulotka_formy_papierowe_A4_EN_2-212x300.jpg 212w, https:\/\/www.meavia-mh.hr\/wp-content\/uploads\/2023\/07\/ulotka_formy_papierowe_A4_EN_2-768x1086.jpg 768w, https:\/\/www.meavia-mh.hr\/wp-content\/uploads\/2023\/07\/ulotka_formy_papierowe_A4_EN_2-1086x1536.jpg 1086w, https:\/\/www.meavia-mh.hr\/wp-content\/uploads\/2023\/07\/ulotka_formy_papierowe_A4_EN_2-1448x2048.jpg 1448w, https:\/\/www.meavia-mh.hr\/wp-content\/uploads\/2023\/07\/ulotka_formy_papierowe_A4_EN_2-8x12.jpg 8w, https:\/\/www.meavia-mh.hr\/wp-content\/uploads\/2023\/07\/ulotka_formy_papierowe_A4_EN_2-600x849.jpg 600w, https:\/\/www.meavia-mh.hr\/wp-content\/uploads\/2023\/07\/ulotka_formy_papierowe_A4_EN_2-scaled.jpg 1810w\" sizes=\"(max-width: 724px) 100vw, 724px\" \/><\/a><figcaption id=\"caption-attachment-21997\" class=\"wp-caption-text\">Stylistic \u0161ablone za nohte - 100 kos<\/figcaption><\/figure>\n<p><strong>Vrsta uporabe:<\/strong> \u0160ablono polo\u017eite pod pripravljen in skraj\u0161an prosti rob nohta. Po potrebi obre\u017eite \u0161ablono po vodilnih \u010drtah, tako da se oblika popolnoma prilega nohtu.<\/p>\n<p>\u0160ablonsko lepilo je trdno in se med delovanjem ne bo odlepilo.<\/p>\n<p>Predloge so namenjene salonskemu delu. Zaradi enostavnosti in mo\u010di so primerni za za\u010detnike.<\/p>\n<\/div>\n<\/div>\n<\/div>\n<div class=\"product-tab\" data-tab=\"box_description\">\n<div class=\"innerbox\">\n<div class=\"resetcss\">\n<h6>Pakiranje: 100 kos<\/h6>\n<\/div>\n<\/div>\n<\/div>","protected":false},"excerpt":{"rendered":"<p>Stylistic \u0161ablone za nokte\u00a0za izgradnju noktiju metodom gela i akrila. \u00a0\u0160ablone\u00a0za nadogradnju noktiju jedan su od onih dodataka bez kojih je nemogu\u0107e zamisliti rad u salonu. Vjerojatno nijednom profesionalcu ne treba obja\u0161njavati koliko je va\u017ena kvaliteta \u0161ablona i koliko se ona odra\u017eava na udobnost stiliziranja. Stylistic \u0161ablone za nokte\u00a0izra\u0111ene su od visokokvalitetnog materijala zahvaljuju\u0107i kojem [&hellip;]<\/p>\n","protected":false},"featured_media":21996,"comment_status":"closed","ping_status":"closed","template":"","meta":{"_uag_custom_page_level_css":"","site-sidebar-layout":"default","site-content-layout":null,"ast-site-content-layout":"default","site-content-style":"default","site-sidebar-style":"default","ast-global-header-display":"","ast-banner-title-visibility":"","ast-main-header-display":"","ast-hfb-above-header-display":"","ast-hfb-below-header-display":"","ast-hfb-mobile-header-display":"","site-post-title":"","ast-breadcrumbs-content":"","ast-featured-img":"","footer-sml-layout":"","ast-disable-related-posts":"","theme-transparent-header-meta":"default","adv-header-id-meta":"","stick-header-meta":"default","header-above-stick-meta":"","header-main-stick-meta":"","header-below-stick-meta":"","astra-migrate-meta-layouts":"default","ast-page-background-enabled":"default","ast-page-background-meta":{"desktop":{"background-color":"var(--ast-global-color-4)","background-image":"","background-repeat":"repeat","background-position":"center center","background-size":"auto","background-attachment":"scroll","background-type":"","background-media":"","overlay-type":"","overlay-color":"","overlay-opacity":"","overlay-gradient":""},"tablet":{"background-color":"","background-image":"","background-repeat":"repeat","background-position":"center center","background-size":"auto","background-attachment":"scroll","background-type":"","background-media":"","overlay-type":"","overlay-color":"","overlay-opacity":"","overlay-gradient":""},"mobile":{"background-color":"","background-image":"","background-repeat":"repeat","background-position":"center center","background-size":"auto","background-attachment":"scroll","background-type":"","background-media":"","overlay-type":"","overlay-color":"","overlay-opacity":"","overlay-gradient":""}},"ast-content-background-meta":{"desktop":{"background-color":"var(--ast-global-color-5)","background-image":"","background-repeat":"repeat","background-position":"center center","background-size":"auto","background-attachment":"scroll","background-type":"","background-media":"","overlay-type":"","overlay-color":"","overlay-opacity":"","overlay-gradient":""},"tablet":{"background-color":"var(--ast-global-color-5)","background-image":"","background-repeat":"repeat","background-position":"center center","background-size":"auto","background-attachment":"scroll","background-type":"","background-media":"","overlay-type":"","overlay-color":"","overlay-opacity":"","overlay-gradient":""},"mobile":{"background-color":"var(--ast-global-color-5)","background-image":"","background-repeat":"repeat","background-position":"center center","background-size":"auto","background-attachment":"scroll","background-type":"","background-media":"","overlay-type":"","overlay-color":"","overlay-opacity":"","overlay-gradient":""}}},"product_brand":[],"product_cat":[116],"product_tag":[198],"class_list":{"0":"post-21995","1":"product","2":"type-product","3":"status-publish","4":"has-post-thumbnail","6":"product_cat-sablone-i-tipse","7":"product_tag-sablone","8":"desktop-align-left","9":"tablet-align-left","10":"mobile-align-left","11":"ast-product-gallery-layout-horizontal-slider","12":"ast-product-tabs-layout-horizontal","14":"first","15":"instock","16":"taxable","17":"shipping-taxable","18":"purchasable","19":"product-type-simple"},"yoast_head":"<!-- This site is optimized with the Yoast SEO plugin v27.5 - https:\/\/yoast.com\/product\/yoast-seo-wordpress\/ -->\n<title>Stylistic \u0161ablone za nokte - 100 kom &#8902; Mea Via Beauty<\/title>\n<meta name=\"description\" content=\"Stylistic \u0161ablone za nokte - 100 kom &#8902; za izgradnju noktiju metodom gela i akrila &#8902; za sve salonske forme &#8902; jednostavne za rad &#8902; nail forms\" \/>\n<meta name=\"robots\" content=\"index, follow, max-snippet:-1, max-image-preview:large, max-video-preview:-1\" \/>\n<link rel=\"canonical\" href=\"https:\/\/www.meavia-mh.hr\/sl\/product\/stylistic-sablone-za-nokte-100-kom\/\" \/>\n<meta property=\"og:locale\" content=\"sl_SI\" \/>\n<meta property=\"og:type\" content=\"article\" \/>\n<meta property=\"og:title\" content=\"Stylistic \u0161ablone za nokte - 100 kom &#8902; Mea Via Beauty\" \/>\n<meta property=\"og:description\" content=\"Stylistic \u0161ablone za nokte - 100 kom &#8902; za izgradnju noktiju metodom gela i akrila &#8902; za sve salonske forme &#8902; jednostavne za rad &#8902; nail forms\" \/>\n<meta property=\"og:url\" content=\"https:\/\/www.meavia-mh.hr\/sl\/product\/stylistic-sablone-za-nokte-100-kom\/\" \/>\n<meta property=\"og:site_name\" content=\"Mea Via Beauty\" \/>\n<meta property=\"article:publisher\" content=\"https:\/\/www.facebook.com\/MeaViaNailsWorld\" \/>\n<meta property=\"article:modified_time\" content=\"2026-04-16T14:41:29+00:00\" \/>\n<meta property=\"og:image\" content=\"https:\/\/www.meavia-mh.hr\/wp-content\/uploads\/2023\/07\/Stylistic_szablony_1200x1200-3.jpg\" \/>\n\t<meta property=\"og:image:width\" content=\"1200\" \/>\n\t<meta property=\"og:image:height\" content=\"1200\" \/>\n\t<meta property=\"og:image:type\" content=\"image\/jpeg\" \/>\n<meta name=\"twitter:card\" content=\"summary_large_image\" \/>\n<meta name=\"twitter:label1\" content=\"Est. reading time\" \/>\n\t<meta name=\"twitter:data1\" content=\"2 minuti\" \/>\n<script type=\"application\/ld+json\" class=\"yoast-schema-graph\">{\"@context\":\"https:\\\/\\\/schema.org\",\"@graph\":[{\"@type\":\"WebPage\",\"@id\":\"https:\\\/\\\/www.meavia-mh.hr\\\/product\\\/stylistic-sablone-za-nokte-100-kom\\\/\",\"url\":\"https:\\\/\\\/www.meavia-mh.hr\\\/product\\\/stylistic-sablone-za-nokte-100-kom\\\/\",\"name\":\"Stylistic \u0161ablone za nokte - 100 kom &#8902; Mea Via Beauty\",\"isPartOf\":{\"@id\":\"https:\\\/\\\/meavia-mh.hr\\\/sl\\\/#website\"},\"primaryImageOfPage\":{\"@id\":\"https:\\\/\\\/www.meavia-mh.hr\\\/product\\\/stylistic-sablone-za-nokte-100-kom\\\/#primaryimage\"},\"image\":{\"@id\":\"https:\\\/\\\/www.meavia-mh.hr\\\/product\\\/stylistic-sablone-za-nokte-100-kom\\\/#primaryimage\"},\"thumbnailUrl\":\"https:\\\/\\\/www.meavia-mh.hr\\\/wp-content\\\/uploads\\\/2023\\\/07\\\/Stylistic_szablony_1200x1200-3.jpg\",\"datePublished\":\"2023-07-14T16:08:44+00:00\",\"dateModified\":\"2026-04-16T14:41:29+00:00\",\"description\":\"Stylistic \u0161ablone za nokte - 100 kom &#8902; za izgradnju noktiju metodom gela i akrila &#8902; za sve salonske forme &#8902; jednostavne za rad &#8902; nail forms\",\"breadcrumb\":{\"@id\":\"https:\\\/\\\/www.meavia-mh.hr\\\/product\\\/stylistic-sablone-za-nokte-100-kom\\\/#breadcrumb\"},\"inLanguage\":\"sl-SI\",\"potentialAction\":[{\"@type\":\"ReadAction\",\"target\":[\"https:\\\/\\\/www.meavia-mh.hr\\\/product\\\/stylistic-sablone-za-nokte-100-kom\\\/\"]}]},{\"@type\":\"ImageObject\",\"inLanguage\":\"sl-SI\",\"@id\":\"https:\\\/\\\/www.meavia-mh.hr\\\/product\\\/stylistic-sablone-za-nokte-100-kom\\\/#primaryimage\",\"url\":\"https:\\\/\\\/www.meavia-mh.hr\\\/wp-content\\\/uploads\\\/2023\\\/07\\\/Stylistic_szablony_1200x1200-3.jpg\",\"contentUrl\":\"https:\\\/\\\/www.meavia-mh.hr\\\/wp-content\\\/uploads\\\/2023\\\/07\\\/Stylistic_szablony_1200x1200-3.jpg\",\"width\":1200,\"height\":1200,\"caption\":\"Stylistic \u0161ablone za nokte - 100 kom\"},{\"@type\":\"BreadcrumbList\",\"@id\":\"https:\\\/\\\/www.meavia-mh.hr\\\/product\\\/stylistic-sablone-za-nokte-100-kom\\\/#breadcrumb\",\"itemListElement\":[{\"@type\":\"ListItem\",\"position\":1,\"name\":\"Po\u010detna stranica\",\"item\":\"https:\\\/\\\/www.meavia-mh.hr\\\/\"},{\"@type\":\"ListItem\",\"position\":2,\"name\":\"Trgovina\",\"item\":\"https:\\\/\\\/meavia-mh.hr\\\/sl\\\/store\\\/\"},{\"@type\":\"ListItem\",\"position\":3,\"name\":\"Stylistic \u0161ablone za nokte &#8211; 100 kom\"}]},{\"@type\":\"WebSite\",\"@id\":\"https:\\\/\\\/meavia-mh.hr\\\/sl\\\/#website\",\"url\":\"https:\\\/\\\/meavia-mh.hr\\\/sl\\\/\",\"name\":\"Mea Via Beauty\",\"description\":\"Only The Best For Your Beauty\",\"publisher\":{\"@id\":\"https:\\\/\\\/meavia-mh.hr\\\/sl\\\/#organization\"},\"alternateName\":\"Mea Via Nails\",\"potentialAction\":[{\"@type\":\"SearchAction\",\"target\":{\"@type\":\"EntryPoint\",\"urlTemplate\":\"https:\\\/\\\/meavia-mh.hr\\\/sl\\\/?s={search_term_string}\"},\"query-input\":{\"@type\":\"PropertyValueSpecification\",\"valueRequired\":true,\"valueName\":\"search_term_string\"}}],\"inLanguage\":\"sl-SI\"},{\"@type\":\"Organization\",\"@id\":\"https:\\\/\\\/meavia-mh.hr\\\/sl\\\/#organization\",\"name\":\"Mea Via Nails World\",\"alternateName\":\"Mea Via\",\"url\":\"https:\\\/\\\/meavia-mh.hr\\\/sl\\\/\",\"logo\":{\"@type\":\"ImageObject\",\"inLanguage\":\"sl-SI\",\"@id\":\"https:\\\/\\\/meavia-mh.hr\\\/sl\\\/#\\\/schema\\\/logo\\\/image\\\/\",\"url\":\"https:\\\/\\\/www.meavia-mh.hr\\\/wp-content\\\/uploads\\\/2020\\\/12\\\/Mea-Via.png\",\"contentUrl\":\"https:\\\/\\\/www.meavia-mh.hr\\\/wp-content\\\/uploads\\\/2020\\\/12\\\/Mea-Via.png\",\"width\":1181,\"height\":393,\"caption\":\"Mea Via Nails World\"},\"image\":{\"@id\":\"https:\\\/\\\/meavia-mh.hr\\\/sl\\\/#\\\/schema\\\/logo\\\/image\\\/\"},\"sameAs\":[\"https:\\\/\\\/www.facebook.com\\\/MeaViaNailsWorld\",\"https:\\\/\\\/www.instagram.com\\\/mea_via_nails_world\\\/\",\"https:\\\/\\\/www.youtube.com\\\/channel\\\/UCECk0hpRWP6TN-EfA4ER96g\\\/featured\"]}]}<\/script>\n<!-- \/ Yoast SEO plugin. -->","yoast_head_json":{"title":"Stilske \u0161ablone za nohte - 100 kosov \u22c6 Mea Via Beauty","description":"Stilske \u0161ablone za nohte - 100 kosov \u22c6 za oblikovanje nohtov z gelom in akrilom \u22c6 za vse salonske oblike \u22c6 enostavna za uporabo \u22c6 oblike za nohte","robots":{"index":"index","follow":"follow","max-snippet":"max-snippet:-1","max-image-preview":"max-image-preview:large","max-video-preview":"max-video-preview:-1"},"canonical":"https:\/\/www.meavia-mh.hr\/sl\/product\/stylistic-sablone-za-nokte-100-kom\/","og_locale":"sl_SI","og_type":"article","og_title":"Stylistic \u0161ablone za nokte - 100 kom &#8902; Mea Via Beauty","og_description":"Stylistic \u0161ablone za nokte - 100 kom &#8902; za izgradnju noktiju metodom gela i akrila &#8902; za sve salonske forme &#8902; jednostavne za rad &#8902; nail forms","og_url":"https:\/\/www.meavia-mh.hr\/sl\/product\/stylistic-sablone-za-nokte-100-kom\/","og_site_name":"Mea Via Beauty","article_publisher":"https:\/\/www.facebook.com\/MeaViaNailsWorld","article_modified_time":"2026-04-16T14:41:29+00:00","og_image":[{"width":1200,"height":1200,"url":"https:\/\/www.meavia-mh.hr\/wp-content\/uploads\/2023\/07\/Stylistic_szablony_1200x1200-3.jpg","type":"image\/jpeg"}],"twitter_card":"summary_large_image","twitter_misc":{"Est. reading time":"2 minuti"},"schema":{"@context":"https:\/\/schema.org","@graph":[{"@type":"WebPage","@id":"https:\/\/www.meavia-mh.hr\/product\/stylistic-sablone-za-nokte-100-kom\/","url":"https:\/\/www.meavia-mh.hr\/product\/stylistic-sablone-za-nokte-100-kom\/","name":"Stilske \u0161ablone za nohte - 100 kosov \u22c6 Mea Via Beauty","isPartOf":{"@id":"https:\/\/meavia-mh.hr\/sl\/#website"},"primaryImageOfPage":{"@id":"https:\/\/www.meavia-mh.hr\/product\/stylistic-sablone-za-nokte-100-kom\/#primaryimage"},"image":{"@id":"https:\/\/www.meavia-mh.hr\/product\/stylistic-sablone-za-nokte-100-kom\/#primaryimage"},"thumbnailUrl":"https:\/\/www.meavia-mh.hr\/wp-content\/uploads\/2023\/07\/Stylistic_szablony_1200x1200-3.jpg","datePublished":"2023-07-14T16:08:44+00:00","dateModified":"2026-04-16T14:41:29+00:00","description":"Stilske \u0161ablone za nohte - 100 kosov \u22c6 za oblikovanje nohtov z gelom in akrilom \u22c6 za vse salonske oblike \u22c6 enostavna za uporabo \u22c6 oblike za nohte","breadcrumb":{"@id":"https:\/\/www.meavia-mh.hr\/product\/stylistic-sablone-za-nokte-100-kom\/#breadcrumb"},"inLanguage":"sl-SI","potentialAction":[{"@type":"ReadAction","target":["https:\/\/www.meavia-mh.hr\/product\/stylistic-sablone-za-nokte-100-kom\/"]}]},{"@type":"ImageObject","inLanguage":"sl-SI","@id":"https:\/\/www.meavia-mh.hr\/product\/stylistic-sablone-za-nokte-100-kom\/#primaryimage","url":"https:\/\/www.meavia-mh.hr\/wp-content\/uploads\/2023\/07\/Stylistic_szablony_1200x1200-3.jpg","contentUrl":"https:\/\/www.meavia-mh.hr\/wp-content\/uploads\/2023\/07\/Stylistic_szablony_1200x1200-3.jpg","width":1200,"height":1200,"caption":"Stylistic \u0161ablone za nokte - 100 kom"},{"@type":"BreadcrumbList","@id":"https:\/\/www.meavia-mh.hr\/product\/stylistic-sablone-za-nokte-100-kom\/#breadcrumb","itemListElement":[{"@type":"ListItem","position":1,"name":"Po\u010detna stranica","item":"https:\/\/www.meavia-mh.hr\/"},{"@type":"ListItem","position":2,"name":"Trgovina","item":"https:\/\/meavia-mh.hr\/sl\/store\/"},{"@type":"ListItem","position":3,"name":"Stylistic \u0161ablone za nokte &#8211; 100 kom"}]},{"@type":"WebSite","@id":"https:\/\/meavia-mh.hr\/sl\/#website","url":"https:\/\/meavia-mh.hr\/sl\/","name":"MEA VIA BEAUTY","description":"Only The Best For Your Beauty","publisher":{"@id":"https:\/\/meavia-mh.hr\/sl\/#organization"},"alternateName":"Mea Via Nails","potentialAction":[{"@type":"SearchAction","target":{"@type":"EntryPoint","urlTemplate":"https:\/\/meavia-mh.hr\/sl\/?s={search_term_string}"},"query-input":{"@type":"PropertyValueSpecification","valueRequired":true,"valueName":"search_term_string"}}],"inLanguage":"sl-SI"},{"@type":"Organization","@id":"https:\/\/meavia-mh.hr\/sl\/#organization","name":"Mea Via Nails World","alternateName":"Mea Via","url":"https:\/\/meavia-mh.hr\/sl\/","logo":{"@type":"ImageObject","inLanguage":"sl-SI","@id":"https:\/\/meavia-mh.hr\/sl\/#\/schema\/logo\/image\/","url":"https:\/\/www.meavia-mh.hr\/wp-content\/uploads\/2020\/12\/Mea-Via.png","contentUrl":"https:\/\/www.meavia-mh.hr\/wp-content\/uploads\/2020\/12\/Mea-Via.png","width":1181,"height":393,"caption":"Mea Via Nails World"},"image":{"@id":"https:\/\/meavia-mh.hr\/sl\/#\/schema\/logo\/image\/"},"sameAs":["https:\/\/www.facebook.com\/MeaViaNailsWorld","https:\/\/www.instagram.com\/mea_via_nails_world\/","https:\/\/www.youtube.com\/channel\/UCECk0hpRWP6TN-EfA4ER96g\/featured"]}]}},"spectra_custom_meta":{"_sku":["5903819818390"],"_regular_price":["7.95"],"total_sales":["114"],"_tax_status":["taxable"],"_tax_class":[""],"_manage_stock":["yes"],"_backorders":["no"],"_sold_individually":["no"],"_virtual":["no"],"_downloadable":["no"],"_product_image_gallery":["21998"],"_download_limit":["-1"],"_download_expiry":["-1"],"_thumbnail_id":["21996"],"_stock":["7"],"_stock_status":["instock"],"_wc_average_rating":["0"],"_wc_review_count":["0"],"_product_version":["10.7.0"],"_price":["7.95"],"_wp_page_template":["default"],"_yoast_wpseo_focuskw":["Stylistic \u0161ablone za nokte"],"_yoast_wpseo_metadesc":["%%title%% %%sep%% za izgradnju noktiju metodom gela i akrila %%sep%% za sve salonske forme %%sep%% jednostavne za rad %%sep%% nail forms"],"_yoast_wpseo_linkdex":["66"],"_yoast_wpseo_content_score":["90"],"_yoast_wpseo_primary_product_cat":["116"],"site-sidebar-layout":["default"],"site-content-layout":[null],"theme-transparent-header-meta":["default"],"stick-header-meta":["default"],"_woocs_price_geo_countries":[""],"_woocs_regular_price_geo":[""],"_woocs_sale_price_geo":[""],"_yoast_wpseo_estimated-reading-time-minutes":["2"],"cartflows_redirect_flow_id":[""],"cartflows_add_to_cart_text":[""],"_woocs_regular_price_EUR":["7.95"],"_woocs_sale_price_EUR":["-1"],"ast-below-header-display":[""],"_lowest_price_30_days":["7.95"],"_yoast_wpseo_primary_fb_product_set":[""],"_yoast_wpseo_wordproof_timestamp":[""],"_edit_lock":["1698266420:1239"],"_edit_last":["1239"],"footer-adv-display":[null],"adv-header-id-meta":[""],"uag_migration_processed":["1"],"_elementor_page_assets":["a:0:{}"],"_uag_page_assets":["a:9:{s:3:\"css\";s:0:\"\";s:2:\"js\";s:0:\"\";s:18:\"current_block_list\";a:3:{i:0;s:11:\"core\/search\";i:1;s:18:\"core\/legacy-widget\";i:2;s:27:\"woocommerce\/product-filters\";}s:8:\"uag_flag\";b:0;s:11:\"uag_version\";s:10:\"1778258964\";s:6:\"gfonts\";a:0:{}s:10:\"gfonts_url\";s:0:\"\";s:12:\"gfonts_files\";a:0:{}s:14:\"uag_faq_layout\";b:0;}"]},"uagb_featured_image_src":{"full":["https:\/\/www.meavia-mh.hr\/wp-content\/uploads\/2023\/07\/Stylistic_szablony_1200x1200-3.jpg",1200,1200,false],"thumbnail":["https:\/\/www.meavia-mh.hr\/wp-content\/uploads\/2023\/07\/Stylistic_szablony_1200x1200-3-150x150.jpg",150,150,true],"medium":["https:\/\/www.meavia-mh.hr\/wp-content\/uploads\/2023\/07\/Stylistic_szablony_1200x1200-3-300x300.jpg",300,300,true],"medium_large":["https:\/\/www.meavia-mh.hr\/wp-content\/uploads\/2023\/07\/Stylistic_szablony_1200x1200-3-768x768.jpg",768,768,true],"large":["https:\/\/www.meavia-mh.hr\/wp-content\/uploads\/2023\/07\/Stylistic_szablony_1200x1200-3-1024x1024.jpg",1024,1024,true],"1536x1536":["https:\/\/www.meavia-mh.hr\/wp-content\/uploads\/2023\/07\/Stylistic_szablony_1200x1200-3.jpg",1200,1200,false],"2048x2048":["https:\/\/www.meavia-mh.hr\/wp-content\/uploads\/2023\/07\/Stylistic_szablony_1200x1200-3.jpg",1200,1200,false],"trp-custom-language-flag":["https:\/\/www.meavia-mh.hr\/wp-content\/uploads\/2023\/07\/Stylistic_szablony_1200x1200-3-12x12.jpg",12,12,true],"woocommerce_thumbnail":["https:\/\/www.meavia-mh.hr\/wp-content\/uploads\/2023\/07\/Stylistic_szablony_1200x1200-3-300x300.jpg",300,300,true],"woocommerce_single":["https:\/\/www.meavia-mh.hr\/wp-content\/uploads\/2023\/07\/Stylistic_szablony_1200x1200-3-600x600.jpg",600,600,true],"woocommerce_gallery_thumbnail":["https:\/\/www.meavia-mh.hr\/wp-content\/uploads\/2023\/07\/Stylistic_szablony_1200x1200-3-100x100.jpg",100,100,true]},"uagb_author_info":{"display_name":"Zla Gol","author_link":"https:\/\/www.meavia-mh.hr\/sl\/author\/"},"uagb_comment_info":0,"uagb_excerpt":"Stylistic \u0161ablone za nokte\u00a0za izgradnju noktiju metodom gela i akrila. \u00a0\u0160ablone\u00a0za nadogradnju noktiju jedan su od onih dodataka bez kojih je nemogu\u0107e zamisliti rad u salonu. Vjerojatno nijednom profesionalcu ne treba obja\u0161njavati koliko je va\u017ena kvaliteta \u0161ablona i koliko se ona odra\u017eava na udobnost stiliziranja. Stylistic \u0161ablone za nokte\u00a0izra\u0111ene su od visokokvalitetnog materijala zahvaljuju\u0107i kojem&hellip;","_links":{"self":[{"href":"https:\/\/www.meavia-mh.hr\/sl\/wp-json\/wp\/v2\/product\/21995","targetHints":{"allow":["GET"]}}],"collection":[{"href":"https:\/\/www.meavia-mh.hr\/sl\/wp-json\/wp\/v2\/product"}],"about":[{"href":"https:\/\/www.meavia-mh.hr\/sl\/wp-json\/wp\/v2\/types\/product"}],"replies":[{"embeddable":true,"href":"https:\/\/www.meavia-mh.hr\/sl\/wp-json\/wp\/v2\/comments?post=21995"}],"version-history":[{"count":1,"href":"https:\/\/www.meavia-mh.hr\/sl\/wp-json\/wp\/v2\/product\/21995\/revisions"}],"predecessor-version":[{"id":30373,"href":"https:\/\/www.meavia-mh.hr\/sl\/wp-json\/wp\/v2\/product\/21995\/revisions\/30373"}],"wp:featuredmedia":[{"embeddable":true,"href":"https:\/\/www.meavia-mh.hr\/sl\/wp-json\/wp\/v2\/media\/21996"}],"wp:attachment":[{"href":"https:\/\/www.meavia-mh.hr\/sl\/wp-json\/wp\/v2\/media?parent=21995"}],"wp:term":[{"taxonomy":"product_brand","embeddable":true,"href":"https:\/\/www.meavia-mh.hr\/sl\/wp-json\/wp\/v2\/product_brand?post=21995"},{"taxonomy":"product_cat","embeddable":true,"href":"https:\/\/www.meavia-mh.hr\/sl\/wp-json\/wp\/v2\/product_cat?post=21995"},{"taxonomy":"product_tag","embeddable":true,"href":"https:\/\/www.meavia-mh.hr\/sl\/wp-json\/wp\/v2\/product_tag?post=21995"}],"curies":[{"name":"delovni list","href":"https:\/\/api.w.org\/{rel}","templated":true}]}}