{"id":20946,"date":"2023-06-05T21:38:22","date_gmt":"2023-06-05T21:38:22","guid":{"rendered":"https:\/\/www.meavia-mh.hr\/?post_type=product&#038;p=20946"},"modified":"2026-02-26T16:52:30","modified_gmt":"2026-02-26T15:52:30","slug":"staleks-klijesta-za-kutikulu-smart-10-3","status":"publish","type":"product","link":"https:\/\/www.meavia-mh.hr\/sl\/product\/staleks-klijesta-za-kutikulu-smart-10-3\/","title":{"rendered":"Staleks kle\u0161\u010de za obnohtno ko\u017eico Smart 10-3 mm"},"content":{"rendered":"<p>Stalex kle\u0161\u010de za obnohtno ko\u017eico Smart 10-3 <span style=\"font-size: 16px;\">so odli\u010dno orodje za manikuro in pedikuro. Kle\u0161\u010de, posebej zasnovane za rezanje obnohtne ko\u017eice in razpokane ko\u017ee. Konstrukcija orodja je trdna in toga. So kot nala\u0161\u010d za doma\u010do manikuro in za profesionalno uporabo v salonih za nohte, pedikuro in kozmeti\u010dnih salonih. Ravni rezalni robovi brez nagiba zagotavljajo enostavno rezanje, dose\u017eejo lahko razmeroma te\u017eko dostopna mesta, da dose\u017eejo popoln videz nohta.<\/span><\/p>\n<p>Zelo mo\u010dne in ostre, kle\u0161\u010de so izdelane iz nerjavnega jekla AISI 420, ki se uporablja za izdelavo kirur\u0161kih instrumentov. Vakuumska toplotna obdelava zagotavlja visoko trdnost jekla. Kle\u0161\u010de so na obeh straneh ro\u010dno nabru\u0161ene na diamantni brusilni plo\u0161\u010di. Ne topijo in ne rjavijo, zato jih je mogo\u010de razku\u017eiti in sterilizirati. Zahvaljujo\u010d ve\u010dstopenjskemu ro\u010dnemu ostrenju lahko kle\u0161\u010de uporabljate dolgo \u010dasa (3-5 let) brez ponovnega ostrenja. Priro\u010dna oblika in oblika ro\u010dajev kle\u0161\u010d zagotavljata udobno delo z njimi. Vi\u0161ji tlak ne bo problem. Rezi bodo gladki in ne bodo po\u0161kodovali strukture nohtov.<\/p>\n<h6>Zna\u010dilnosti:<\/h6>\n<ul>\n<li>Vrsta jekla: nerjave\u010de jeklo AISI 420<\/li>\n<li>Ro\u010dno bru\u0161en<\/li>\n<li>dol\u017eina rezila 3 mm<\/li>\n<li>dol\u017eina \u0161karij 100 mm<\/li>\n<li>Blagovna znamka: Staleks Pro<\/li>\n<\/ul>\n<figure id=\"attachment_11848\" aria-describedby=\"caption-attachment-11848\" style=\"width: 948px\" class=\"wp-caption aligncenter\"><a href=\"https:\/\/www.meavia-mh.hr\/wp-content\/uploads\/2022\/02\/Slika-zaslona-2022-02-22-u-20.20.01.jpg\"><img fetchpriority=\"high\" decoding=\"async\" class=\"wp-image-11848 size-full\" src=\"https:\/\/www.meavia-mh.hr\/wp-content\/uploads\/2022\/02\/Slika-zaslona-2022-02-22-u-20.20.01.jpg\" alt=\"Staleks klije\u0161ta za kutikulu\" width=\"948\" height=\"630\" srcset=\"https:\/\/www.meavia-mh.hr\/wp-content\/uploads\/2022\/02\/Slika-zaslona-2022-02-22-u-20.20.01.jpg 948w, https:\/\/www.meavia-mh.hr\/wp-content\/uploads\/2022\/02\/Slika-zaslona-2022-02-22-u-20.20.01-300x199.jpg 300w, https:\/\/www.meavia-mh.hr\/wp-content\/uploads\/2022\/02\/Slika-zaslona-2022-02-22-u-20.20.01-768x510.jpg 768w, https:\/\/www.meavia-mh.hr\/wp-content\/uploads\/2022\/02\/Slika-zaslona-2022-02-22-u-20.20.01-18x12.jpg 18w, https:\/\/www.meavia-mh.hr\/wp-content\/uploads\/2022\/02\/Slika-zaslona-2022-02-22-u-20.20.01-600x399.jpg 600w\" sizes=\"(max-width: 948px) 100vw, 948px\" \/><\/a><figcaption id=\"caption-attachment-11848\" class=\"wp-caption-text\">Kle\u0161\u010de za obnohtno ko\u017eico Stalex<\/figcaption><\/figure>\n<p><span style=\"font-size: 16px;\">Vsa kovinska orodja Stalex so izdelana iz nerjavnega jekla AISI420 ali AISI430. To je isto jeklo, iz katerega so izdelani kirur\u0161ki instrumenti. Orodje ima dodatno odpornost proti koroziji zaradi poliranja z brusilno pasto GOI. Kupljene instrumente je treba pred uporabo sterilizirati. Temu postopku \u010di\u0161\u010denja je treba tudi orodje po vsaki uporabi. Pravilno izveden postopek dekontaminacije in periodi\u010dno vzdr\u017eevanje z medicinskim parafinom bosta omogo\u010dila njihovo dolgotrajno in nemoteno uporabo.<\/span><\/p>\n<h6>Sterilizacija kovinskega orodja Staleks:<\/h6>\n<ul>\n<li>dezinfekcija v brezalkoholnih pripravkih<\/li>\n<li>visokotemperaturna sterilizacija v avtoklavu tipa B<\/li>\n<li>Po uporabi je treba vse instrumente \u0161teti za kontaminirane in jih obvezno sterilizirati<\/li>\n<\/ul>\n<h6>PRIPORO\u010cILA ZA VZDR\u017dEVANJE IN SHRANJEVANJE<\/h6>\n<ul>\n<li>Ne pozabite razku\u017eiti in sterilizirati instrumentov po uporabi v skladu z navodili proizvajalca.<\/li>\n<li><span style=\"font-size: 16px;\">Spojke, vijake in rezalne elemente je treba ob\u010dasno mazati z oljem.<\/span><\/li>\n<li><span style=\"font-size: 16px;\">Ko pride \u010das za ostrenje instrumentov, poi\u0161\u010dite strokovne storitve. Nepravilno ostrenje lahko po\u0161koduje instrument.<\/span><\/li>\n<li><span style=\"font-size: 16px;\">Izogibajte se kontaminaciji rezalnih robov in obmo\u010dij trenja z abrazivi.<\/span><\/li>\n<li><span style=\"font-size: 16px;\">Ne shranjujte v vla\u017enih pogojih.<\/span><\/li>\n<li><span style=\"font-size: 16px;\">Priporo\u010damo shranjevanje instrumentov z rezili obrnjenimi navzgor.<\/span><\/li>\n<li><span style=\"font-size: 16px;\">Za za\u0161\u010dito rezalnih povr\u0161in med dolgotrajnim skladi\u0161\u010denjem ali med transportom uporabite posebne kov\u010dke.<\/span><\/li>\n<li><span style=\"font-size: 16px;\">Izogibajte se stiku med rezalnimi robovi lo\u010denih instrumentov, da ne po\u0161kodujete robov.<\/span><\/li>\n<li><span style=\"font-size: 16px;\">Ne spu\u0161\u010dajte in ne udarjajte instrumentov ob trde povr\u0161ine. To lahko po\u0161koduje rezalne robove, zlasti konice.<\/span><\/li>\n<\/ul>","protected":false},"excerpt":{"rendered":"<p><a href=\"https:\/\/www.meavia-mh.hr\/wp-content\/uploads\/2022\/04\/staleks-pro-logo-2.jpg\"><img decoding=\"async\" class=\"wp-image-12389 size-medium\" src=\"https:\/\/www.meavia-mh.hr\/wp-content\/uploads\/2022\/04\/staleks-pro-logo-2-300x60.jpg\" alt=\"staleks pro logo 2\" width=\"300\" height=\"60\" srcset=\"https:\/\/www.meavia-mh.hr\/wp-content\/uploads\/2022\/04\/staleks-pro-logo-2-300x60.jpg 300w, https:\/\/www.meavia-mh.hr\/wp-content\/uploads\/2022\/04\/staleks-pro-logo-2-1024x206.jpg 1024w, https:\/\/www.meavia-mh.hr\/wp-content\/uploads\/2022\/04\/staleks-pro-logo-2-768x154.jpg 768w, https:\/\/www.meavia-mh.hr\/wp-content\/uploads\/2022\/04\/staleks-pro-logo-2-18x4.jpg 18w, https:\/\/www.meavia-mh.hr\/wp-content\/uploads\/2022\/04\/staleks-pro-logo-2-600x120.jpg 600w, https:\/\/www.meavia-mh.hr\/wp-content\/uploads\/2022\/04\/staleks-pro-logo-2.jpg 1534w\" sizes=\"(max-width: 300px) 100vw, 300px\" \/><\/a><\/p>","protected":false},"featured_media":20949,"comment_status":"closed","ping_status":"closed","template":"","meta":{"_uag_custom_page_level_css":"","site-sidebar-layout":"default","site-content-layout":"default","ast-site-content-layout":"default","site-content-style":"default","site-sidebar-style":"default","ast-global-header-display":"","ast-banner-title-visibility":"","ast-main-header-display":"","ast-hfb-above-header-display":"","ast-hfb-below-header-display":"","ast-hfb-mobile-header-display":"","site-post-title":"","ast-breadcrumbs-content":"","ast-featured-img":"","footer-sml-layout":"","ast-disable-related-posts":"","theme-transparent-header-meta":"default","adv-header-id-meta":"","stick-header-meta":"default","header-above-stick-meta":"","header-main-stick-meta":"","header-below-stick-meta":"","astra-migrate-meta-layouts":"set","ast-page-background-enabled":"default","ast-page-background-meta":{"desktop":{"background-color":"var(--ast-global-color-4)","background-image":"","background-repeat":"repeat","background-position":"center center","background-size":"auto","background-attachment":"scroll","background-type":"","background-media":"","overlay-type":"","overlay-color":"","overlay-opacity":"","overlay-gradient":""},"tablet":{"background-color":"","background-image":"","background-repeat":"repeat","background-position":"center center","background-size":"auto","background-attachment":"scroll","background-type":"","background-media":"","overlay-type":"","overlay-color":"","overlay-opacity":"","overlay-gradient":""},"mobile":{"background-color":"","background-image":"","background-repeat":"repeat","background-position":"center center","background-size":"auto","background-attachment":"scroll","background-type":"","background-media":"","overlay-type":"","overlay-color":"","overlay-opacity":"","overlay-gradient":""}},"ast-content-background-meta":{"desktop":{"background-color":"var(--ast-global-color-5)","background-image":"","background-repeat":"repeat","background-position":"center center","background-size":"auto","background-attachment":"scroll","background-type":"","background-media":"","overlay-type":"","overlay-color":"","overlay-opacity":"","overlay-gradient":""},"tablet":{"background-color":"var(--ast-global-color-5)","background-image":"","background-repeat":"repeat","background-position":"center center","background-size":"auto","background-attachment":"scroll","background-type":"","background-media":"","overlay-type":"","overlay-color":"","overlay-opacity":"","overlay-gradient":""},"mobile":{"background-color":"var(--ast-global-color-5)","background-image":"","background-repeat":"repeat","background-position":"center center","background-size":"auto","background-attachment":"scroll","background-type":"","background-media":"","overlay-type":"","overlay-color":"","overlay-opacity":"","overlay-gradient":""}}},"product_brand":[608],"product_cat":[247,369],"product_tag":[264,244,226,365],"class_list":{"0":"post-20946","1":"product","2":"type-product","3":"status-publish","4":"has-post-thumbnail","6":"product_brand-staleks","7":"product_cat-pribor-za-manikuru","8":"product_cat-staleks","9":"product_tag-klijesta","10":"product_tag-manikura","11":"product_tag-pedikura","12":"product_tag-staleks","13":"desktop-align-left","14":"tablet-align-left","15":"mobile-align-left","16":"ast-product-gallery-layout-horizontal-slider","17":"ast-product-tabs-layout-horizontal","19":"first","20":"instock","21":"taxable","22":"shipping-taxable","23":"purchasable","24":"product-type-simple"},"yoast_head":"<!-- This site is optimized with the Yoast SEO plugin v27.4 - https:\/\/yoast.com\/product\/yoast-seo-wordpress\/ -->\n<title>Staleks klije\u0161ta za kutikulu Smart 10-3 mm &#8902; Mea Via Beauty<\/title>\n<meta name=\"description\" content=\"Staleks klije\u0161ta za kutikulu Smart 10-3 mm &#8902; \u0161kare za kutikulu &#8902; top kvaliteta &#8902; medicinski \u010delik &#8902; za manikuru i pedikuru &#8902; ru\u010dno bru\u0161ene\" \/>\n<meta name=\"robots\" content=\"index, follow, max-snippet:-1, max-image-preview:large, max-video-preview:-1\" \/>\n<link rel=\"canonical\" href=\"https:\/\/www.meavia-mh.hr\/sl\/product\/staleks-klijesta-za-kutikulu-smart-10-3\/\" \/>\n<meta property=\"og:locale\" content=\"sl_SI\" \/>\n<meta property=\"og:type\" content=\"article\" \/>\n<meta property=\"og:title\" content=\"Staleks klije\u0161ta za kutikulu Smart 10-3 mm &#8902; Mea Via Beauty\" \/>\n<meta property=\"og:description\" content=\"Staleks klije\u0161ta za kutikulu Smart 10-3 mm &#8902; \u0161kare za kutikulu &#8902; top kvaliteta &#8902; medicinski \u010delik &#8902; za manikuru i pedikuru &#8902; ru\u010dno bru\u0161ene\" \/>\n<meta property=\"og:url\" content=\"https:\/\/www.meavia-mh.hr\/sl\/product\/staleks-klijesta-za-kutikulu-smart-10-3\/\" \/>\n<meta property=\"og:site_name\" content=\"Mea Via Beauty\" \/>\n<meta property=\"article:publisher\" content=\"https:\/\/www.facebook.com\/MeaViaNailsWorld\" \/>\n<meta property=\"article:modified_time\" content=\"2026-02-26T15:52:30+00:00\" \/>\n<meta property=\"og:image\" content=\"https:\/\/www.meavia-mh.hr\/wp-content\/uploads\/2023\/06\/Staleks-klijesta-za-kutikulu-Smart-10-3-2.jpg\" \/>\n\t<meta property=\"og:image:width\" content=\"1612\" \/>\n\t<meta property=\"og:image:height\" content=\"1612\" \/>\n\t<meta property=\"og:image:type\" content=\"image\/jpeg\" \/>\n<meta name=\"twitter:card\" content=\"summary_large_image\" \/>\n<meta name=\"twitter:label1\" content=\"Est. reading time\" \/>\n\t<meta name=\"twitter:data1\" content=\"3 minute\" \/>\n<script type=\"application\/ld+json\" class=\"yoast-schema-graph\">{\"@context\":\"https:\\\/\\\/schema.org\",\"@graph\":[{\"@type\":\"WebPage\",\"@id\":\"https:\\\/\\\/www.meavia-mh.hr\\\/product\\\/staleks-klijesta-za-kutikulu-smart-10-3\\\/\",\"url\":\"https:\\\/\\\/www.meavia-mh.hr\\\/product\\\/staleks-klijesta-za-kutikulu-smart-10-3\\\/\",\"name\":\"Staleks klije\u0161ta za kutikulu Smart 10-3 mm &#8902; Mea Via Beauty\",\"isPartOf\":{\"@id\":\"https:\\\/\\\/meavia-mh.hr\\\/sl\\\/#website\"},\"primaryImageOfPage\":{\"@id\":\"https:\\\/\\\/www.meavia-mh.hr\\\/product\\\/staleks-klijesta-za-kutikulu-smart-10-3\\\/#primaryimage\"},\"image\":{\"@id\":\"https:\\\/\\\/www.meavia-mh.hr\\\/product\\\/staleks-klijesta-za-kutikulu-smart-10-3\\\/#primaryimage\"},\"thumbnailUrl\":\"https:\\\/\\\/www.meavia-mh.hr\\\/wp-content\\\/uploads\\\/2023\\\/06\\\/Staleks-klijesta-za-kutikulu-Smart-10-3-2.jpg\",\"datePublished\":\"2023-06-05T21:38:22+00:00\",\"dateModified\":\"2026-02-26T15:52:30+00:00\",\"description\":\"Staleks klije\u0161ta za kutikulu Smart 10-3 mm &#8902; \u0161kare za kutikulu &#8902; top kvaliteta &#8902; medicinski \u010delik &#8902; za manikuru i pedikuru &#8902; ru\u010dno bru\u0161ene\",\"breadcrumb\":{\"@id\":\"https:\\\/\\\/www.meavia-mh.hr\\\/product\\\/staleks-klijesta-za-kutikulu-smart-10-3\\\/#breadcrumb\"},\"inLanguage\":\"sl-SI\",\"potentialAction\":[{\"@type\":\"ReadAction\",\"target\":[\"https:\\\/\\\/www.meavia-mh.hr\\\/product\\\/staleks-klijesta-za-kutikulu-smart-10-3\\\/\"]}]},{\"@type\":\"ImageObject\",\"inLanguage\":\"sl-SI\",\"@id\":\"https:\\\/\\\/www.meavia-mh.hr\\\/product\\\/staleks-klijesta-za-kutikulu-smart-10-3\\\/#primaryimage\",\"url\":\"https:\\\/\\\/www.meavia-mh.hr\\\/wp-content\\\/uploads\\\/2023\\\/06\\\/Staleks-klijesta-za-kutikulu-Smart-10-3-2.jpg\",\"contentUrl\":\"https:\\\/\\\/www.meavia-mh.hr\\\/wp-content\\\/uploads\\\/2023\\\/06\\\/Staleks-klijesta-za-kutikulu-Smart-10-3-2.jpg\",\"width\":1612,\"height\":1612,\"caption\":\"Staleks klije\u0161ta za kutikulu Smart 10-3\"},{\"@type\":\"BreadcrumbList\",\"@id\":\"https:\\\/\\\/www.meavia-mh.hr\\\/product\\\/staleks-klijesta-za-kutikulu-smart-10-3\\\/#breadcrumb\",\"itemListElement\":[{\"@type\":\"ListItem\",\"position\":1,\"name\":\"Po\u010detna stranica\",\"item\":\"https:\\\/\\\/www.meavia-mh.hr\\\/\"},{\"@type\":\"ListItem\",\"position\":2,\"name\":\"Trgovina\",\"item\":\"https:\\\/\\\/meavia-mh.hr\\\/sl\\\/store\\\/\"},{\"@type\":\"ListItem\",\"position\":3,\"name\":\"Staleks klije\u0161ta za kutikulu Smart 10-3 mm\"}]},{\"@type\":\"WebSite\",\"@id\":\"https:\\\/\\\/meavia-mh.hr\\\/sl\\\/#website\",\"url\":\"https:\\\/\\\/meavia-mh.hr\\\/sl\\\/\",\"name\":\"Mea Via Beauty\",\"description\":\"Only The Best For Your Beauty\",\"publisher\":{\"@id\":\"https:\\\/\\\/meavia-mh.hr\\\/sl\\\/#organization\"},\"alternateName\":\"Mea Via Nails\",\"potentialAction\":[{\"@type\":\"SearchAction\",\"target\":{\"@type\":\"EntryPoint\",\"urlTemplate\":\"https:\\\/\\\/meavia-mh.hr\\\/sl\\\/?s={search_term_string}\"},\"query-input\":{\"@type\":\"PropertyValueSpecification\",\"valueRequired\":true,\"valueName\":\"search_term_string\"}}],\"inLanguage\":\"sl-SI\"},{\"@type\":\"Organization\",\"@id\":\"https:\\\/\\\/meavia-mh.hr\\\/sl\\\/#organization\",\"name\":\"Mea Via Nails World\",\"alternateName\":\"Mea Via\",\"url\":\"https:\\\/\\\/meavia-mh.hr\\\/sl\\\/\",\"logo\":{\"@type\":\"ImageObject\",\"inLanguage\":\"sl-SI\",\"@id\":\"https:\\\/\\\/meavia-mh.hr\\\/sl\\\/#\\\/schema\\\/logo\\\/image\\\/\",\"url\":\"https:\\\/\\\/www.meavia-mh.hr\\\/wp-content\\\/uploads\\\/2020\\\/12\\\/Mea-Via.png\",\"contentUrl\":\"https:\\\/\\\/www.meavia-mh.hr\\\/wp-content\\\/uploads\\\/2020\\\/12\\\/Mea-Via.png\",\"width\":1181,\"height\":393,\"caption\":\"Mea Via Nails World\"},\"image\":{\"@id\":\"https:\\\/\\\/meavia-mh.hr\\\/sl\\\/#\\\/schema\\\/logo\\\/image\\\/\"},\"sameAs\":[\"https:\\\/\\\/www.facebook.com\\\/MeaViaNailsWorld\",\"https:\\\/\\\/www.instagram.com\\\/mea_via_nails_world\\\/\",\"https:\\\/\\\/www.youtube.com\\\/channel\\\/UCECk0hpRWP6TN-EfA4ER96g\\\/featured\"]}]}<\/script>\n<!-- \/ Yoast SEO plugin. -->","yoast_head_json":{"title":"Staleks klije\u0161ta za kutikulu Smart 10-3 mm &#8902; Mea Via Beauty","description":"Staleks klije\u0161ta za kutikulu Smart 10-3 mm &#8902; \u0161kare za kutikulu &#8902; top kvaliteta &#8902; medicinski \u010delik &#8902; za manikuru i pedikuru &#8902; ru\u010dno bru\u0161ene","robots":{"index":"index","follow":"follow","max-snippet":"max-snippet:-1","max-image-preview":"max-image-preview:large","max-video-preview":"max-video-preview:-1"},"canonical":"https:\/\/www.meavia-mh.hr\/sl\/product\/staleks-klijesta-za-kutikulu-smart-10-3\/","og_locale":"sl_SI","og_type":"article","og_title":"Staleks klije\u0161ta za kutikulu Smart 10-3 mm &#8902; Mea Via Beauty","og_description":"Staleks klije\u0161ta za kutikulu Smart 10-3 mm &#8902; \u0161kare za kutikulu &#8902; top kvaliteta &#8902; medicinski \u010delik &#8902; za manikuru i pedikuru &#8902; ru\u010dno bru\u0161ene","og_url":"https:\/\/www.meavia-mh.hr\/sl\/product\/staleks-klijesta-za-kutikulu-smart-10-3\/","og_site_name":"Mea Via Beauty","article_publisher":"https:\/\/www.facebook.com\/MeaViaNailsWorld","article_modified_time":"2026-02-26T15:52:30+00:00","og_image":[{"width":1612,"height":1612,"url":"https:\/\/www.meavia-mh.hr\/wp-content\/uploads\/2023\/06\/Staleks-klijesta-za-kutikulu-Smart-10-3-2.jpg","type":"image\/jpeg"}],"twitter_card":"summary_large_image","twitter_misc":{"Est. reading time":"3 minute"},"schema":{"@context":"https:\/\/schema.org","@graph":[{"@type":"WebPage","@id":"https:\/\/www.meavia-mh.hr\/product\/staleks-klijesta-za-kutikulu-smart-10-3\/","url":"https:\/\/www.meavia-mh.hr\/product\/staleks-klijesta-za-kutikulu-smart-10-3\/","name":"Staleks klije\u0161ta za kutikulu Smart 10-3 mm &#8902; Mea Via Beauty","isPartOf":{"@id":"https:\/\/meavia-mh.hr\/sl\/#website"},"primaryImageOfPage":{"@id":"https:\/\/www.meavia-mh.hr\/product\/staleks-klijesta-za-kutikulu-smart-10-3\/#primaryimage"},"image":{"@id":"https:\/\/www.meavia-mh.hr\/product\/staleks-klijesta-za-kutikulu-smart-10-3\/#primaryimage"},"thumbnailUrl":"https:\/\/www.meavia-mh.hr\/wp-content\/uploads\/2023\/06\/Staleks-klijesta-za-kutikulu-Smart-10-3-2.jpg","datePublished":"2023-06-05T21:38:22+00:00","dateModified":"2026-02-26T15:52:30+00:00","description":"Staleks klije\u0161ta za kutikulu Smart 10-3 mm &#8902; \u0161kare za kutikulu &#8902; top kvaliteta &#8902; medicinski \u010delik &#8902; za manikuru i pedikuru &#8902; ru\u010dno bru\u0161ene","breadcrumb":{"@id":"https:\/\/www.meavia-mh.hr\/product\/staleks-klijesta-za-kutikulu-smart-10-3\/#breadcrumb"},"inLanguage":"sl-SI","potentialAction":[{"@type":"ReadAction","target":["https:\/\/www.meavia-mh.hr\/product\/staleks-klijesta-za-kutikulu-smart-10-3\/"]}]},{"@type":"ImageObject","inLanguage":"sl-SI","@id":"https:\/\/www.meavia-mh.hr\/product\/staleks-klijesta-za-kutikulu-smart-10-3\/#primaryimage","url":"https:\/\/www.meavia-mh.hr\/wp-content\/uploads\/2023\/06\/Staleks-klijesta-za-kutikulu-Smart-10-3-2.jpg","contentUrl":"https:\/\/www.meavia-mh.hr\/wp-content\/uploads\/2023\/06\/Staleks-klijesta-za-kutikulu-Smart-10-3-2.jpg","width":1612,"height":1612,"caption":"Staleks klije\u0161ta za kutikulu Smart 10-3"},{"@type":"BreadcrumbList","@id":"https:\/\/www.meavia-mh.hr\/product\/staleks-klijesta-za-kutikulu-smart-10-3\/#breadcrumb","itemListElement":[{"@type":"ListItem","position":1,"name":"Po\u010detna stranica","item":"https:\/\/www.meavia-mh.hr\/"},{"@type":"ListItem","position":2,"name":"Trgovina","item":"https:\/\/meavia-mh.hr\/sl\/store\/"},{"@type":"ListItem","position":3,"name":"Staleks klije\u0161ta za kutikulu Smart 10-3 mm"}]},{"@type":"WebSite","@id":"https:\/\/meavia-mh.hr\/sl\/#website","url":"https:\/\/meavia-mh.hr\/sl\/","name":"MEA VIA BEAUTY","description":"Only The Best For Your Beauty","publisher":{"@id":"https:\/\/meavia-mh.hr\/sl\/#organization"},"alternateName":"Mea Via Nails","potentialAction":[{"@type":"SearchAction","target":{"@type":"EntryPoint","urlTemplate":"https:\/\/meavia-mh.hr\/sl\/?s={search_term_string}"},"query-input":{"@type":"PropertyValueSpecification","valueRequired":true,"valueName":"search_term_string"}}],"inLanguage":"sl-SI"},{"@type":"Organization","@id":"https:\/\/meavia-mh.hr\/sl\/#organization","name":"Mea Via Nails World","alternateName":"Mea Via","url":"https:\/\/meavia-mh.hr\/sl\/","logo":{"@type":"ImageObject","inLanguage":"sl-SI","@id":"https:\/\/meavia-mh.hr\/sl\/#\/schema\/logo\/image\/","url":"https:\/\/www.meavia-mh.hr\/wp-content\/uploads\/2020\/12\/Mea-Via.png","contentUrl":"https:\/\/www.meavia-mh.hr\/wp-content\/uploads\/2020\/12\/Mea-Via.png","width":1181,"height":393,"caption":"Mea Via Nails World"},"image":{"@id":"https:\/\/meavia-mh.hr\/sl\/#\/schema\/logo\/image\/"},"sameAs":["https:\/\/www.facebook.com\/MeaViaNailsWorld","https:\/\/www.instagram.com\/mea_via_nails_world\/","https:\/\/www.youtube.com\/channel\/UCECk0hpRWP6TN-EfA4ER96g\/featured"]}]}},"spectra_custom_meta":{"_sku":["NS-10-3"],"_regular_price":["25.99"],"total_sales":["31"],"_tax_status":["taxable"],"_tax_class":[""],"_manage_stock":["yes"],"_backorders":["no"],"_sold_individually":["no"],"_virtual":["no"],"_downloadable":["no"],"_product_image_gallery":["20947,20948,20950"],"_download_limit":["-1"],"_download_expiry":["-1"],"_thumbnail_id":["20949"],"_stock":["1"],"_stock_status":["instock"],"_wc_average_rating":["0"],"_wc_review_count":["0"],"_product_version":["10.5.2"],"_price":["25.99"],"_wp_page_template":["default"],"_yoast_wpseo_focuskw":["staleks klije\u0161ta za kutikulu"],"_yoast_wpseo_metadesc":["%%title%% %%sep%% \u0161kare za kutikulu %%sep%% top kvaliteta %%sep%% medicinski \u010delik %%sep%% za manikuru i pedikuru %%sep%% ru\u010dno bru\u0161ene"],"_yoast_wpseo_linkdex":["78"],"_yoast_wpseo_content_score":["90"],"_yoast_wpseo_estimated-reading-time-minutes":["3"],"cartflows_redirect_flow_id":[""],"cartflows_add_to_cart_text":[""],"_woocs_price_geo_countries":[""],"_woocs_regular_price_geo":[""],"_woocs_sale_price_geo":[""],"site-sidebar-layout":["default"],"site-content-layout":["default"],"_yoast_wpseo_primary_product_cat":["247"],"_woocs_regular_price_EUR":["19.23"],"_woocs_sale_price_EUR":["-1"],"theme-transparent-header-meta":["default"],"stick-header-meta":["default"],"_edit_lock":["1740592188:1239"],"_edit_last":["1239"],"_yoast_wpseo_wordproof_timestamp":[""],"_lowest_price_30_days":["19.23"],"_yoast_wpseo_primary_fb_product_set":[""],"uag_migration_processed":["1"],"ast-site-content-layout":["default"],"site-content-style":["default"],"site-sidebar-style":["default"],"fb_product_item_id":["8582432975138058"],"_wc_facebook_sync_enabled":["yes"],"fb_visibility":["yes"],"fb_product_description":[""],"fb_rich_text_description":[""],"_wc_facebook_product_image_source":["product"],"fb_product_video":["a:0:{}"],"fb_brand":[""],"fb_mpn":[""],"astra-migrate-meta-layouts":["set"],"_yoast_wpseo_primary_product_brand":[""],"_last_change_time":["1769835903"],"_elementor_page_assets":["a:0:{}"],"_uag_page_assets":["a:9:{s:3:\"css\";s:0:\"\";s:2:\"js\";s:0:\"\";s:18:\"current_block_list\";a:3:{i:0;s:11:\"core\/search\";i:1;s:18:\"core\/legacy-widget\";i:2;s:27:\"woocommerce\/product-filters\";}s:8:\"uag_flag\";b:0;s:11:\"uag_version\";s:10:\"1776503599\";s:6:\"gfonts\";a:0:{}s:10:\"gfonts_url\";s:0:\"\";s:12:\"gfonts_files\";a:0:{}s:14:\"uag_faq_layout\";b:0;}"]},"uagb_featured_image_src":{"full":["https:\/\/www.meavia-mh.hr\/wp-content\/uploads\/2023\/06\/Staleks-klijesta-za-kutikulu-Smart-10-3-2.jpg",1612,1612,false],"thumbnail":["https:\/\/www.meavia-mh.hr\/wp-content\/uploads\/2023\/06\/Staleks-klijesta-za-kutikulu-Smart-10-3-2-150x150.jpg",150,150,true],"medium":["https:\/\/www.meavia-mh.hr\/wp-content\/uploads\/2023\/06\/Staleks-klijesta-za-kutikulu-Smart-10-3-2-300x300.jpg",300,300,true],"medium_large":["https:\/\/www.meavia-mh.hr\/wp-content\/uploads\/2023\/06\/Staleks-klijesta-za-kutikulu-Smart-10-3-2-768x768.jpg",768,768,true],"large":["https:\/\/www.meavia-mh.hr\/wp-content\/uploads\/2023\/06\/Staleks-klijesta-za-kutikulu-Smart-10-3-2-1024x1024.jpg",1024,1024,true],"1536x1536":["https:\/\/www.meavia-mh.hr\/wp-content\/uploads\/2023\/06\/Staleks-klijesta-za-kutikulu-Smart-10-3-2-1536x1536.jpg",1536,1536,true],"2048x2048":["https:\/\/www.meavia-mh.hr\/wp-content\/uploads\/2023\/06\/Staleks-klijesta-za-kutikulu-Smart-10-3-2.jpg",1612,1612,false],"trp-custom-language-flag":["https:\/\/www.meavia-mh.hr\/wp-content\/uploads\/2023\/06\/Staleks-klijesta-za-kutikulu-Smart-10-3-2-12x12.jpg",12,12,true],"woocommerce_thumbnail":["https:\/\/www.meavia-mh.hr\/wp-content\/uploads\/2023\/06\/Staleks-klijesta-za-kutikulu-Smart-10-3-2-300x300.jpg",300,300,true],"woocommerce_single":["https:\/\/www.meavia-mh.hr\/wp-content\/uploads\/2023\/06\/Staleks-klijesta-za-kutikulu-Smart-10-3-2-600x600.jpg",600,600,true],"woocommerce_gallery_thumbnail":["https:\/\/www.meavia-mh.hr\/wp-content\/uploads\/2023\/06\/Staleks-klijesta-za-kutikulu-Smart-10-3-2-100x100.jpg",100,100,true]},"uagb_author_info":{"display_name":"Zla Gol","author_link":"https:\/\/www.meavia-mh.hr\/sl\/author\/"},"uagb_comment_info":0,"uagb_excerpt":null,"_links":{"self":[{"href":"https:\/\/www.meavia-mh.hr\/sl\/wp-json\/wp\/v2\/product\/20946","targetHints":{"allow":["GET"]}}],"collection":[{"href":"https:\/\/www.meavia-mh.hr\/sl\/wp-json\/wp\/v2\/product"}],"about":[{"href":"https:\/\/www.meavia-mh.hr\/sl\/wp-json\/wp\/v2\/types\/product"}],"replies":[{"embeddable":true,"href":"https:\/\/www.meavia-mh.hr\/sl\/wp-json\/wp\/v2\/comments?post=20946"}],"version-history":[{"count":3,"href":"https:\/\/www.meavia-mh.hr\/sl\/wp-json\/wp\/v2\/product\/20946\/revisions"}],"predecessor-version":[{"id":33098,"href":"https:\/\/www.meavia-mh.hr\/sl\/wp-json\/wp\/v2\/product\/20946\/revisions\/33098"}],"wp:featuredmedia":[{"embeddable":true,"href":"https:\/\/www.meavia-mh.hr\/sl\/wp-json\/wp\/v2\/media\/20949"}],"wp:attachment":[{"href":"https:\/\/www.meavia-mh.hr\/sl\/wp-json\/wp\/v2\/media?parent=20946"}],"wp:term":[{"taxonomy":"product_brand","embeddable":true,"href":"https:\/\/www.meavia-mh.hr\/sl\/wp-json\/wp\/v2\/product_brand?post=20946"},{"taxonomy":"product_cat","embeddable":true,"href":"https:\/\/www.meavia-mh.hr\/sl\/wp-json\/wp\/v2\/product_cat?post=20946"},{"taxonomy":"product_tag","embeddable":true,"href":"https:\/\/www.meavia-mh.hr\/sl\/wp-json\/wp\/v2\/product_tag?post=20946"}],"curies":[{"name":"delovni list","href":"https:\/\/api.w.org\/{rel}","templated":true}]}}