{"id":20907,"date":"2023-06-05T09:28:47","date_gmt":"2023-06-05T09:28:47","guid":{"rendered":"https:\/\/www.meavia-mh.hr\/?post_type=product&#038;p=20907"},"modified":"2026-04-07T08:52:51","modified_gmt":"2026-04-07T07:52:51","slug":"staleks-pro-pogurivac-kozice-expert-90-2","status":"publish","type":"product","link":"https:\/\/www.meavia-mh.hr\/sl\/product\/staleks-pro-pogurivac-kozice-expert-90-2\/","title":{"rendered":"Staleks Pro potiskalec ko\u017eice Expert 90\/2"},"content":{"rendered":"<div class=\"page\" title=\"stran 1\">\n<div class=\"layoutArea\">\n<div class=\"column\">\n<p>Staleks Pro potiskalec ko\u017eice Expert 90\/2<span style=\"font-size: 16px;\">\u00a0<\/span><span style=\"font-size: 16px;\">so odli\u010dno orodje za manikuro in pedikuro. Ta ko\u017eni potiskalnik odlikuje edinstven dizajn in vrhunska kakovost. Peskani ro\u010daji orodja do mat zaklju\u010dka za dodatno ekskluzivnost.<\/span><\/p>\n<p>Priprava ko\u017ee na manikuro je pomemben del priprave nohtov za oblikovanje nohtov. Za doseganje idealnih rezultatov pri manikuri je Staleks PRO razvil dvostransko lopatico za manikuro Expert 90\/2 z dvema delovnima deloma:<\/p>\n<ul>\n<li>delovni del &quot;po\u0161evni potiska\u010d&quot; se uporablja za dvigovanje in potiskanje hrapave in mo\u010dno zlepljene obnohtne ko\u017eice, \u010di\u0161\u010denje prostega roba nohta in odstranjevanje polimeriziranih kapljic gel laka.<\/li>\n<li>delovni del &quot;zaobljeni \u0161iroki potiska\u010d&quot; je namenjen dvigovanju in potiskanju obnohtne ko\u017eice za njeno nadaljnjo odstranitev; potisnik se trdno prilega nohtni plo\u0161\u010di zaradi rahlega upogiba, ki ponavlja obliko nohta<\/li>\n<\/ul>\n<p>Zahvaljujo\u010d natan\u010dni obojestranski obdelavi boste skraj\u0161ali delovni \u010das na minimum, ko\u017ea okoli nohta pa bo brezhibna. Popolnoma dvigne obnohtno ko\u017eico, zaradi \u010desar bo va\u0161 styling vedno sijo\u010d brez grdega, razlitega laka za nohte na ne\u017eelenih mestih.<\/p>\n<p>Lahko ga uporabite z <strong><a href=\"https:\/\/www.meavia-mh.hr\/sl\/product\/claresa-odstranjivac-kozice-nokta-cuticle-remover\/\">Odstranjevalec obnohtne ko\u017eice Claresa<\/a><\/strong>, torej pripravek za meh\u010danje ko\u017eiceka za \u0161e bolj\u0161e rezultate.<\/p>\n<\/div>\n<\/div>\n<\/div>\n<p><strong>Staleks Pro potiskalec ko\u017eice Expert 90\/2<\/strong>\u00a0izdelana je iz nerjave\u010dega jekla AISI 430, ki se uporablja za izdelavo kirur\u0161kih instrumentov in je odporna proti koroziji ter se lahko sterilizira in razku\u017ei. Vakuumska toplotna obdelava zagotavlja visoko trdnost jekla. Potiskalnik je ro\u010dno nabru\u0161en na diamantni brusilni plo\u0161\u010di. Ne rjavi in ne rjavi, zato ga je mogo\u010de razku\u017eiti in sterilizirati. Priro\u010dna oblika in oblika potiska\u010da za obnohtno ko\u017eico zagotavljata udobno delovanje.<\/p>\n<h6>Zna\u010dilnosti:<\/h6>\n<ul>\n<li>idealna te\u017ea za udobno delo<\/li>\n<li>pove\u010dan premer ro\u010daja in spremenjene zareze so izbolj\u0161ane<br \/>\norodja za pritrditev v roki<\/li>\n<li>premer ro\u010daja je zasnovan za dolgo delovanje<\/li>\n<li>peskani ro\u010daji orodja do mat obdelave<\/li>\n<li>zaobljen potiskalec in ukrivljeno rezilo<\/li>\n<li>profesionalno ro\u010dno ostrenje<\/li>\n<li>zanesljivo pritrditev orodja zahvaljujo\u010d valovitemu ro\u010daju<\/li>\n<li>izjemna vzdr\u017eljivost<\/li>\n<li>dodatna odpornost proti koroziji<\/li>\n<li>kakovost jekla: nerjave\u010de jeklo AISI 430<\/li>\n<li>Blagovna znamka: Staleks Pro<\/li>\n<li>Model: Expert 90\/2<\/li>\n<\/ul>\n<p><span style=\"font-size: 16px;\">Vsa kovinska orodja Staleks so izdelana iz nerjave\u010dega jekla razreda AISI420 ali AISI430. To je isto jeklo, iz katerega so izdelani kirur\u0161ki instrumenti. Orodje ima dodatno odpornost proti koroziji zaradi poliranja z GOI brusilno pasto. Kupljene instrumente je treba pred uporabo sterilizirati. Orodja je treba tudi po vsaki uporabi podvr\u017eiti temu postopku \u010di\u0161\u010denja.\u00a0<\/span><\/p>\n<h6>Sterilizacija kovinskega orodja Staleks:<\/h6>\n<ul>\n<li>dezinfekcija v brezalkoholnih pripravkih<\/li>\n<li>visokotemperaturna sterilizacija v avtoklavu tipa B<\/li>\n<li>Po uporabi je treba vse instrumente \u0161teti za kontaminirane in jih obvezno sterilizirati<\/li>\n<\/ul>\n<h6>PRIPORO\u010cILA ZA VZDR\u017dEVANJE IN SHRANJEVANJE<\/h6>\n<ul>\n<li>Ne pozabite razku\u017eiti in sterilizirati instrumentov po uporabi v skladu z navodili proizvajalca.<\/li>\n<li><span style=\"font-size: 16px;\">Spojke, vijake in rezalne elemente je treba ob\u010dasno mazati z oljem.<\/span><\/li>\n<li><span style=\"font-size: 16px;\">Ko pride \u010das za ostrenje instrumentov, poi\u0161\u010dite strokovne storitve. Nepravilno ostrenje lahko po\u0161koduje instrument.<\/span><\/li>\n<li><span style=\"font-size: 16px;\">Izogibajte se kontaminaciji rezalnih robov in obmo\u010dij trenja z abrazivi.<\/span><\/li>\n<li><span style=\"font-size: 16px;\">Ne shranjujte v vla\u017enih pogojih.<\/span><\/li>\n<li><span style=\"font-size: 16px;\">Priporo\u010damo shranjevanje instrumentov z rezili obrnjenimi navzgor.<\/span><\/li>\n<li><span style=\"font-size: 16px;\">Za za\u0161\u010dito rezalnih povr\u0161in med dolgotrajnim skladi\u0161\u010denjem ali med transportom uporabite posebne kov\u010dke.<\/span><\/li>\n<li><span style=\"font-size: 16px;\">Izogibajte se stiku med rezalnimi robovi lo\u010denih instrumentov, da ne po\u0161kodujete robov.<\/span><\/li>\n<li><span style=\"font-size: 16px;\">Ne spu\u0161\u010dajte in ne udarjajte instrumentov ob trde povr\u0161ine. To lahko po\u0161koduje rezalne robove, zlasti konice.<\/span><\/li>\n<\/ul>","protected":false},"excerpt":{"rendered":"<p><a href=\"https:\/\/www.meavia-mh.hr\/wp-content\/uploads\/2022\/04\/staleks-pro-logo-2.jpg\"><img decoding=\"async\" class=\"size-medium wp-image-12389\" src=\"https:\/\/www.meavia-mh.hr\/wp-content\/uploads\/2022\/04\/staleks-pro-logo-2-300x60.jpg\" alt=\"staleks pro logo 2\" width=\"300\" height=\"60\" srcset=\"https:\/\/www.meavia-mh.hr\/wp-content\/uploads\/2022\/04\/staleks-pro-logo-2-300x60.jpg 300w, https:\/\/www.meavia-mh.hr\/wp-content\/uploads\/2022\/04\/staleks-pro-logo-2-1024x206.jpg 1024w, https:\/\/www.meavia-mh.hr\/wp-content\/uploads\/2022\/04\/staleks-pro-logo-2-768x154.jpg 768w, https:\/\/www.meavia-mh.hr\/wp-content\/uploads\/2022\/04\/staleks-pro-logo-2-18x4.jpg 18w, https:\/\/www.meavia-mh.hr\/wp-content\/uploads\/2022\/04\/staleks-pro-logo-2-600x120.jpg 600w, https:\/\/www.meavia-mh.hr\/wp-content\/uploads\/2022\/04\/staleks-pro-logo-2.jpg 1534w\" sizes=\"(max-width: 300px) 100vw, 300px\" \/><\/a><\/p>","protected":false},"featured_media":20910,"comment_status":"closed","ping_status":"closed","template":"","meta":{"_uag_custom_page_level_css":"","site-sidebar-layout":"default","site-content-layout":"default","ast-site-content-layout":"default","site-content-style":"default","site-sidebar-style":"default","ast-global-header-display":"","ast-banner-title-visibility":"","ast-main-header-display":"","ast-hfb-above-header-display":"","ast-hfb-below-header-display":"","ast-hfb-mobile-header-display":"","site-post-title":"","ast-breadcrumbs-content":"","ast-featured-img":"","footer-sml-layout":"","ast-disable-related-posts":"","theme-transparent-header-meta":"default","adv-header-id-meta":"","stick-header-meta":"default","header-above-stick-meta":"","header-main-stick-meta":"","header-below-stick-meta":"","astra-migrate-meta-layouts":"set","ast-page-background-enabled":"default","ast-page-background-meta":{"desktop":{"background-color":"var(--ast-global-color-4)","background-image":"","background-repeat":"repeat","background-position":"center center","background-size":"auto","background-attachment":"scroll","background-type":"","background-media":"","overlay-type":"","overlay-color":"","overlay-opacity":"","overlay-gradient":""},"tablet":{"background-color":"","background-image":"","background-repeat":"repeat","background-position":"center center","background-size":"auto","background-attachment":"scroll","background-type":"","background-media":"","overlay-type":"","overlay-color":"","overlay-opacity":"","overlay-gradient":""},"mobile":{"background-color":"","background-image":"","background-repeat":"repeat","background-position":"center center","background-size":"auto","background-attachment":"scroll","background-type":"","background-media":"","overlay-type":"","overlay-color":"","overlay-opacity":"","overlay-gradient":""}},"ast-content-background-meta":{"desktop":{"background-color":"var(--ast-global-color-5)","background-image":"","background-repeat":"repeat","background-position":"center center","background-size":"auto","background-attachment":"scroll","background-type":"","background-media":"","overlay-type":"","overlay-color":"","overlay-opacity":"","overlay-gradient":""},"tablet":{"background-color":"var(--ast-global-color-5)","background-image":"","background-repeat":"repeat","background-position":"center center","background-size":"auto","background-attachment":"scroll","background-type":"","background-media":"","overlay-type":"","overlay-color":"","overlay-opacity":"","overlay-gradient":""},"mobile":{"background-color":"var(--ast-global-color-5)","background-image":"","background-repeat":"repeat","background-position":"center center","background-size":"auto","background-attachment":"scroll","background-type":"","background-media":"","overlay-type":"","overlay-color":"","overlay-opacity":"","overlay-gradient":""}}},"product_brand":[608],"product_cat":[247,369],"product_tag":[244,226,379,365],"class_list":{"0":"post-20907","1":"product","2":"type-product","3":"status-publish","4":"has-post-thumbnail","6":"product_brand-staleks","7":"product_cat-pribor-za-manikuru","8":"product_cat-staleks","9":"product_tag-manikura","10":"product_tag-pedikura","11":"product_tag-pogurivac","12":"product_tag-staleks","13":"desktop-align-left","14":"tablet-align-left","15":"mobile-align-left","16":"ast-product-gallery-layout-horizontal-slider","17":"ast-product-tabs-layout-horizontal","19":"first","20":"outofstock","21":"taxable","22":"shipping-taxable","23":"purchasable","24":"product-type-simple"},"yoast_head":"<!-- This site is optimized with the Yoast SEO plugin v27.4 - https:\/\/yoast.com\/product\/yoast-seo-wordpress\/ -->\n<title>Staleks Pro poguriva\u010d ko\u017eice Expert 90\/2 &#8902; Mea Via Beauty<\/title>\n<meta name=\"description\" content=\"Staleks Pro poguriva\u010d ko\u017eice Expert 90\/2 &#8902; poguriva\u010d za kutikulu &#8902; top kvaliteta &#8902; medicinski \u010delik &#8902; za manikuru i pedikuru &#8902; ru\u010dno bru\u0161en\" \/>\n<meta name=\"robots\" content=\"index, follow, max-snippet:-1, max-image-preview:large, max-video-preview:-1\" \/>\n<link rel=\"canonical\" href=\"https:\/\/www.meavia-mh.hr\/sl\/product\/staleks-pro-pogurivac-kozice-expert-90-2\/\" \/>\n<meta property=\"og:locale\" content=\"sl_SI\" \/>\n<meta property=\"og:type\" content=\"article\" \/>\n<meta property=\"og:title\" content=\"Staleks Pro poguriva\u010d ko\u017eice Expert 90\/2 &#8902; Mea Via Beauty\" \/>\n<meta property=\"og:description\" content=\"Staleks Pro poguriva\u010d ko\u017eice Expert 90\/2 &#8902; poguriva\u010d za kutikulu &#8902; top kvaliteta &#8902; medicinski \u010delik &#8902; za manikuru i pedikuru &#8902; ru\u010dno bru\u0161en\" \/>\n<meta property=\"og:url\" content=\"https:\/\/www.meavia-mh.hr\/sl\/product\/staleks-pro-pogurivac-kozice-expert-90-2\/\" \/>\n<meta property=\"og:site_name\" content=\"Mea Via Beauty\" \/>\n<meta property=\"article:publisher\" content=\"https:\/\/www.facebook.com\/MeaViaNailsWorld\" \/>\n<meta property=\"article:modified_time\" content=\"2026-04-07T07:52:51+00:00\" \/>\n<meta property=\"og:image\" content=\"https:\/\/www.meavia-mh.hr\/wp-content\/uploads\/2023\/06\/Staleks-Pro-pogurivac-kozice-Expert-90-2-2.jpg\" \/>\n\t<meta property=\"og:image:width\" content=\"1208\" \/>\n\t<meta property=\"og:image:height\" content=\"1206\" \/>\n\t<meta property=\"og:image:type\" content=\"image\/jpeg\" \/>\n<meta name=\"twitter:card\" content=\"summary_large_image\" \/>\n<meta name=\"twitter:label1\" content=\"Est. reading time\" \/>\n\t<meta name=\"twitter:data1\" content=\"3 minute\" \/>\n<script type=\"application\/ld+json\" class=\"yoast-schema-graph\">{\"@context\":\"https:\\\/\\\/schema.org\",\"@graph\":[{\"@type\":\"WebPage\",\"@id\":\"https:\\\/\\\/www.meavia-mh.hr\\\/product\\\/staleks-pro-pogurivac-kozice-expert-90-2\\\/\",\"url\":\"https:\\\/\\\/www.meavia-mh.hr\\\/product\\\/staleks-pro-pogurivac-kozice-expert-90-2\\\/\",\"name\":\"Staleks Pro poguriva\u010d ko\u017eice Expert 90\\\/2 &#8902; Mea Via Beauty\",\"isPartOf\":{\"@id\":\"https:\\\/\\\/meavia-mh.hr\\\/sl\\\/#website\"},\"primaryImageOfPage\":{\"@id\":\"https:\\\/\\\/www.meavia-mh.hr\\\/product\\\/staleks-pro-pogurivac-kozice-expert-90-2\\\/#primaryimage\"},\"image\":{\"@id\":\"https:\\\/\\\/www.meavia-mh.hr\\\/product\\\/staleks-pro-pogurivac-kozice-expert-90-2\\\/#primaryimage\"},\"thumbnailUrl\":\"https:\\\/\\\/www.meavia-mh.hr\\\/wp-content\\\/uploads\\\/2023\\\/06\\\/Staleks-Pro-pogurivac-kozice-Expert-90-2-2.jpg\",\"datePublished\":\"2023-06-05T09:28:47+00:00\",\"dateModified\":\"2026-04-07T07:52:51+00:00\",\"description\":\"Staleks Pro poguriva\u010d ko\u017eice Expert 90\\\/2 &#8902; poguriva\u010d za kutikulu &#8902; top kvaliteta &#8902; medicinski \u010delik &#8902; za manikuru i pedikuru &#8902; ru\u010dno bru\u0161en\",\"breadcrumb\":{\"@id\":\"https:\\\/\\\/www.meavia-mh.hr\\\/product\\\/staleks-pro-pogurivac-kozice-expert-90-2\\\/#breadcrumb\"},\"inLanguage\":\"sl-SI\",\"potentialAction\":[{\"@type\":\"ReadAction\",\"target\":[\"https:\\\/\\\/www.meavia-mh.hr\\\/product\\\/staleks-pro-pogurivac-kozice-expert-90-2\\\/\"]}]},{\"@type\":\"ImageObject\",\"inLanguage\":\"sl-SI\",\"@id\":\"https:\\\/\\\/www.meavia-mh.hr\\\/product\\\/staleks-pro-pogurivac-kozice-expert-90-2\\\/#primaryimage\",\"url\":\"https:\\\/\\\/www.meavia-mh.hr\\\/wp-content\\\/uploads\\\/2023\\\/06\\\/Staleks-Pro-pogurivac-kozice-Expert-90-2-2.jpg\",\"contentUrl\":\"https:\\\/\\\/www.meavia-mh.hr\\\/wp-content\\\/uploads\\\/2023\\\/06\\\/Staleks-Pro-pogurivac-kozice-Expert-90-2-2.jpg\",\"width\":1208,\"height\":1206,\"caption\":\"Staleks Pro poguriva\u010d ko\u017eice Expert 90\\\/2\"},{\"@type\":\"BreadcrumbList\",\"@id\":\"https:\\\/\\\/www.meavia-mh.hr\\\/product\\\/staleks-pro-pogurivac-kozice-expert-90-2\\\/#breadcrumb\",\"itemListElement\":[{\"@type\":\"ListItem\",\"position\":1,\"name\":\"Po\u010detna stranica\",\"item\":\"https:\\\/\\\/www.meavia-mh.hr\\\/\"},{\"@type\":\"ListItem\",\"position\":2,\"name\":\"Trgovina\",\"item\":\"https:\\\/\\\/meavia-mh.hr\\\/sl\\\/store\\\/\"},{\"@type\":\"ListItem\",\"position\":3,\"name\":\"Staleks Pro poguriva\u010d ko\u017eice Expert 90\\\/2\"}]},{\"@type\":\"WebSite\",\"@id\":\"https:\\\/\\\/meavia-mh.hr\\\/sl\\\/#website\",\"url\":\"https:\\\/\\\/meavia-mh.hr\\\/sl\\\/\",\"name\":\"Mea Via Beauty\",\"description\":\"Only The Best For Your Beauty\",\"publisher\":{\"@id\":\"https:\\\/\\\/meavia-mh.hr\\\/sl\\\/#organization\"},\"alternateName\":\"Mea Via Nails\",\"potentialAction\":[{\"@type\":\"SearchAction\",\"target\":{\"@type\":\"EntryPoint\",\"urlTemplate\":\"https:\\\/\\\/meavia-mh.hr\\\/sl\\\/?s={search_term_string}\"},\"query-input\":{\"@type\":\"PropertyValueSpecification\",\"valueRequired\":true,\"valueName\":\"search_term_string\"}}],\"inLanguage\":\"sl-SI\"},{\"@type\":\"Organization\",\"@id\":\"https:\\\/\\\/meavia-mh.hr\\\/sl\\\/#organization\",\"name\":\"Mea Via Nails World\",\"alternateName\":\"Mea Via\",\"url\":\"https:\\\/\\\/meavia-mh.hr\\\/sl\\\/\",\"logo\":{\"@type\":\"ImageObject\",\"inLanguage\":\"sl-SI\",\"@id\":\"https:\\\/\\\/meavia-mh.hr\\\/sl\\\/#\\\/schema\\\/logo\\\/image\\\/\",\"url\":\"https:\\\/\\\/www.meavia-mh.hr\\\/wp-content\\\/uploads\\\/2020\\\/12\\\/Mea-Via.png\",\"contentUrl\":\"https:\\\/\\\/www.meavia-mh.hr\\\/wp-content\\\/uploads\\\/2020\\\/12\\\/Mea-Via.png\",\"width\":1181,\"height\":393,\"caption\":\"Mea Via Nails World\"},\"image\":{\"@id\":\"https:\\\/\\\/meavia-mh.hr\\\/sl\\\/#\\\/schema\\\/logo\\\/image\\\/\"},\"sameAs\":[\"https:\\\/\\\/www.facebook.com\\\/MeaViaNailsWorld\",\"https:\\\/\\\/www.instagram.com\\\/mea_via_nails_world\\\/\",\"https:\\\/\\\/www.youtube.com\\\/channel\\\/UCECk0hpRWP6TN-EfA4ER96g\\\/featured\"]}]}<\/script>\n<!-- \/ Yoast SEO plugin. -->","yoast_head_json":{"title":"Staleks Pro potiskalnik ko\u017eice Expert 90\/2 \u22c6 Mea Via Beauty","description":"Staleks Pro potiskalec obnohtne ko\u017eice Expert 90\/2 \u22c6 potiskalec obnohtne ko\u017eice \u22c6 vrhunska kakovost \u22c6 medicinsko jeklo \u22c6 za manikuro in pedikuro \u22c6 ro\u010dno bru\u0161en","robots":{"index":"index","follow":"follow","max-snippet":"max-snippet:-1","max-image-preview":"max-image-preview:large","max-video-preview":"max-video-preview:-1"},"canonical":"https:\/\/www.meavia-mh.hr\/sl\/product\/staleks-pro-pogurivac-kozice-expert-90-2\/","og_locale":"sl_SI","og_type":"article","og_title":"Staleks Pro poguriva\u010d ko\u017eice Expert 90\/2 &#8902; Mea Via Beauty","og_description":"Staleks Pro poguriva\u010d ko\u017eice Expert 90\/2 &#8902; poguriva\u010d za kutikulu &#8902; top kvaliteta &#8902; medicinski \u010delik &#8902; za manikuru i pedikuru &#8902; ru\u010dno bru\u0161en","og_url":"https:\/\/www.meavia-mh.hr\/sl\/product\/staleks-pro-pogurivac-kozice-expert-90-2\/","og_site_name":"Mea Via Beauty","article_publisher":"https:\/\/www.facebook.com\/MeaViaNailsWorld","article_modified_time":"2026-04-07T07:52:51+00:00","og_image":[{"width":1208,"height":1206,"url":"https:\/\/www.meavia-mh.hr\/wp-content\/uploads\/2023\/06\/Staleks-Pro-pogurivac-kozice-Expert-90-2-2.jpg","type":"image\/jpeg"}],"twitter_card":"summary_large_image","twitter_misc":{"Est. reading time":"3 minute"},"schema":{"@context":"https:\/\/schema.org","@graph":[{"@type":"WebPage","@id":"https:\/\/www.meavia-mh.hr\/product\/staleks-pro-pogurivac-kozice-expert-90-2\/","url":"https:\/\/www.meavia-mh.hr\/product\/staleks-pro-pogurivac-kozice-expert-90-2\/","name":"Staleks Pro potiskalnik ko\u017eice Expert 90\/2 \u22c6 Mea Via Beauty","isPartOf":{"@id":"https:\/\/meavia-mh.hr\/sl\/#website"},"primaryImageOfPage":{"@id":"https:\/\/www.meavia-mh.hr\/product\/staleks-pro-pogurivac-kozice-expert-90-2\/#primaryimage"},"image":{"@id":"https:\/\/www.meavia-mh.hr\/product\/staleks-pro-pogurivac-kozice-expert-90-2\/#primaryimage"},"thumbnailUrl":"https:\/\/www.meavia-mh.hr\/wp-content\/uploads\/2023\/06\/Staleks-Pro-pogurivac-kozice-Expert-90-2-2.jpg","datePublished":"2023-06-05T09:28:47+00:00","dateModified":"2026-04-07T07:52:51+00:00","description":"Staleks Pro potiskalec obnohtne ko\u017eice Expert 90\/2 \u22c6 potiskalec obnohtne ko\u017eice \u22c6 vrhunska kakovost \u22c6 medicinsko jeklo \u22c6 za manikuro in pedikuro \u22c6 ro\u010dno bru\u0161en","breadcrumb":{"@id":"https:\/\/www.meavia-mh.hr\/product\/staleks-pro-pogurivac-kozice-expert-90-2\/#breadcrumb"},"inLanguage":"sl-SI","potentialAction":[{"@type":"ReadAction","target":["https:\/\/www.meavia-mh.hr\/product\/staleks-pro-pogurivac-kozice-expert-90-2\/"]}]},{"@type":"ImageObject","inLanguage":"sl-SI","@id":"https:\/\/www.meavia-mh.hr\/product\/staleks-pro-pogurivac-kozice-expert-90-2\/#primaryimage","url":"https:\/\/www.meavia-mh.hr\/wp-content\/uploads\/2023\/06\/Staleks-Pro-pogurivac-kozice-Expert-90-2-2.jpg","contentUrl":"https:\/\/www.meavia-mh.hr\/wp-content\/uploads\/2023\/06\/Staleks-Pro-pogurivac-kozice-Expert-90-2-2.jpg","width":1208,"height":1206,"caption":"Staleks Pro poguriva\u010d ko\u017eice Expert 90\/2"},{"@type":"BreadcrumbList","@id":"https:\/\/www.meavia-mh.hr\/product\/staleks-pro-pogurivac-kozice-expert-90-2\/#breadcrumb","itemListElement":[{"@type":"ListItem","position":1,"name":"Po\u010detna stranica","item":"https:\/\/www.meavia-mh.hr\/"},{"@type":"ListItem","position":2,"name":"Trgovina","item":"https:\/\/meavia-mh.hr\/sl\/store\/"},{"@type":"ListItem","position":3,"name":"Staleks Pro poguriva\u010d ko\u017eice Expert 90\/2"}]},{"@type":"WebSite","@id":"https:\/\/meavia-mh.hr\/sl\/#website","url":"https:\/\/meavia-mh.hr\/sl\/","name":"MEA VIA BEAUTY","description":"Only The Best For Your Beauty","publisher":{"@id":"https:\/\/meavia-mh.hr\/sl\/#organization"},"alternateName":"Mea Via Nails","potentialAction":[{"@type":"SearchAction","target":{"@type":"EntryPoint","urlTemplate":"https:\/\/meavia-mh.hr\/sl\/?s={search_term_string}"},"query-input":{"@type":"PropertyValueSpecification","valueRequired":true,"valueName":"search_term_string"}}],"inLanguage":"sl-SI"},{"@type":"Organization","@id":"https:\/\/meavia-mh.hr\/sl\/#organization","name":"Mea Via Nails World","alternateName":"Mea Via","url":"https:\/\/meavia-mh.hr\/sl\/","logo":{"@type":"ImageObject","inLanguage":"sl-SI","@id":"https:\/\/meavia-mh.hr\/sl\/#\/schema\/logo\/image\/","url":"https:\/\/www.meavia-mh.hr\/wp-content\/uploads\/2020\/12\/Mea-Via.png","contentUrl":"https:\/\/www.meavia-mh.hr\/wp-content\/uploads\/2020\/12\/Mea-Via.png","width":1181,"height":393,"caption":"Mea Via Nails World"},"image":{"@id":"https:\/\/meavia-mh.hr\/sl\/#\/schema\/logo\/image\/"},"sameAs":["https:\/\/www.facebook.com\/MeaViaNailsWorld","https:\/\/www.instagram.com\/mea_via_nails_world\/","https:\/\/www.youtube.com\/channel\/UCECk0hpRWP6TN-EfA4ER96g\/featured"]}]}},"spectra_custom_meta":{"_sku":["PE-90\/2"],"_regular_price":["8.99"],"total_sales":["46"],"_tax_status":["taxable"],"_tax_class":[""],"_manage_stock":["yes"],"_backorders":["no"],"_sold_individually":["no"],"_virtual":["no"],"_downloadable":["no"],"_product_image_gallery":["20909,20911,20908"],"_download_limit":["-1"],"_download_expiry":["-1"],"_thumbnail_id":["20910"],"_stock":["0"],"_stock_status":["outofstock"],"_wc_average_rating":["0"],"_wc_review_count":["0"],"_product_version":["10.6.2"],"_price":["8.99"],"_wp_page_template":["default"],"_yoast_wpseo_focuskw":["staleks pro poguriva\u010d ko\u017eice"],"_yoast_wpseo_metadesc":["%%title%% %%sep%% poguriva\u010d za kutikulu %%sep%% top kvaliteta %%sep%% medicinski \u010delik %%sep%% za manikuru i pedikuru %%sep%% ru\u010dno bru\u0161en"],"_yoast_wpseo_linkdex":["72"],"_yoast_wpseo_content_score":["90"],"_yoast_wpseo_estimated-reading-time-minutes":["3"],"cartflows_redirect_flow_id":[""],"cartflows_add_to_cart_text":[""],"_woocs_price_geo_countries":[""],"_woocs_regular_price_geo":[""],"_woocs_sale_price_geo":[""],"site-sidebar-layout":["default"],"site-content-layout":["default"],"_yoast_wpseo_primary_product_cat":["247"],"theme-transparent-header-meta":["default"],"stick-header-meta":["default"],"_woocs_regular_price_EUR":["8.75"],"_woocs_sale_price_EUR":["-1"],"_yoast_wpseo_wordproof_timestamp":[""],"_lowest_price_30_days":["8.99"],"_edit_lock":["1740820905:1239"],"_edit_last":["1239"],"_yoast_wpseo_primary_fb_product_set":[""],"uag_migration_processed":["1"],"fb_product_item_id":["9513817785313812"],"_wc_facebook_sync_enabled":["yes"],"fb_visibility":["yes"],"fb_product_description":[""],"fb_rich_text_description":[""],"_wc_facebook_product_image_source":["product"],"fb_product_video":["a:0:{}"],"fb_brand":[""],"fb_mpn":[""],"ast-site-content-layout":["default"],"site-content-style":["default"],"site-sidebar-style":["default"],"astra-migrate-meta-layouts":["set"],"_yoast_wpseo_primary_product_brand":[""],"_last_change_time":["1774453202"],"_elementor_page_assets":["a:0:{}"],"_uag_page_assets":["a:9:{s:3:\"css\";s:0:\"\";s:2:\"js\";s:0:\"\";s:18:\"current_block_list\";a:3:{i:0;s:11:\"core\/search\";i:1;s:18:\"core\/legacy-widget\";i:2;s:27:\"woocommerce\/product-filters\";}s:8:\"uag_flag\";b:0;s:11:\"uag_version\";s:10:\"1776503599\";s:6:\"gfonts\";a:0:{}s:10:\"gfonts_url\";s:0:\"\";s:12:\"gfonts_files\";a:0:{}s:14:\"uag_faq_layout\";b:0;}"]},"uagb_featured_image_src":{"full":["https:\/\/www.meavia-mh.hr\/wp-content\/uploads\/2023\/06\/Staleks-Pro-pogurivac-kozice-Expert-90-2-2.jpg",1208,1206,false],"thumbnail":["https:\/\/www.meavia-mh.hr\/wp-content\/uploads\/2023\/06\/Staleks-Pro-pogurivac-kozice-Expert-90-2-2-150x150.jpg",150,150,true],"medium":["https:\/\/www.meavia-mh.hr\/wp-content\/uploads\/2023\/06\/Staleks-Pro-pogurivac-kozice-Expert-90-2-2-300x300.jpg",300,300,true],"medium_large":["https:\/\/www.meavia-mh.hr\/wp-content\/uploads\/2023\/06\/Staleks-Pro-pogurivac-kozice-Expert-90-2-2-768x767.jpg",768,767,true],"large":["https:\/\/www.meavia-mh.hr\/wp-content\/uploads\/2023\/06\/Staleks-Pro-pogurivac-kozice-Expert-90-2-2-1024x1022.jpg",1024,1022,true],"1536x1536":["https:\/\/www.meavia-mh.hr\/wp-content\/uploads\/2023\/06\/Staleks-Pro-pogurivac-kozice-Expert-90-2-2.jpg",1208,1206,false],"2048x2048":["https:\/\/www.meavia-mh.hr\/wp-content\/uploads\/2023\/06\/Staleks-Pro-pogurivac-kozice-Expert-90-2-2.jpg",1208,1206,false],"trp-custom-language-flag":["https:\/\/www.meavia-mh.hr\/wp-content\/uploads\/2023\/06\/Staleks-Pro-pogurivac-kozice-Expert-90-2-2-12x12.jpg",12,12,true],"woocommerce_thumbnail":["https:\/\/www.meavia-mh.hr\/wp-content\/uploads\/2023\/06\/Staleks-Pro-pogurivac-kozice-Expert-90-2-2-300x300.jpg",300,300,true],"woocommerce_single":["https:\/\/www.meavia-mh.hr\/wp-content\/uploads\/2023\/06\/Staleks-Pro-pogurivac-kozice-Expert-90-2-2-600x599.jpg",600,599,true],"woocommerce_gallery_thumbnail":["https:\/\/www.meavia-mh.hr\/wp-content\/uploads\/2023\/06\/Staleks-Pro-pogurivac-kozice-Expert-90-2-2-100x100.jpg",100,100,true]},"uagb_author_info":{"display_name":"Zla Gol","author_link":"https:\/\/www.meavia-mh.hr\/sl\/author\/"},"uagb_comment_info":0,"uagb_excerpt":null,"_links":{"self":[{"href":"https:\/\/www.meavia-mh.hr\/sl\/wp-json\/wp\/v2\/product\/20907","targetHints":{"allow":["GET"]}}],"collection":[{"href":"https:\/\/www.meavia-mh.hr\/sl\/wp-json\/wp\/v2\/product"}],"about":[{"href":"https:\/\/www.meavia-mh.hr\/sl\/wp-json\/wp\/v2\/types\/product"}],"replies":[{"embeddable":true,"href":"https:\/\/www.meavia-mh.hr\/sl\/wp-json\/wp\/v2\/comments?post=20907"}],"version-history":[{"count":3,"href":"https:\/\/www.meavia-mh.hr\/sl\/wp-json\/wp\/v2\/product\/20907\/revisions"}],"predecessor-version":[{"id":36807,"href":"https:\/\/www.meavia-mh.hr\/sl\/wp-json\/wp\/v2\/product\/20907\/revisions\/36807"}],"wp:featuredmedia":[{"embeddable":true,"href":"https:\/\/www.meavia-mh.hr\/sl\/wp-json\/wp\/v2\/media\/20910"}],"wp:attachment":[{"href":"https:\/\/www.meavia-mh.hr\/sl\/wp-json\/wp\/v2\/media?parent=20907"}],"wp:term":[{"taxonomy":"product_brand","embeddable":true,"href":"https:\/\/www.meavia-mh.hr\/sl\/wp-json\/wp\/v2\/product_brand?post=20907"},{"taxonomy":"product_cat","embeddable":true,"href":"https:\/\/www.meavia-mh.hr\/sl\/wp-json\/wp\/v2\/product_cat?post=20907"},{"taxonomy":"product_tag","embeddable":true,"href":"https:\/\/www.meavia-mh.hr\/sl\/wp-json\/wp\/v2\/product_tag?post=20907"}],"curies":[{"name":"delovni list","href":"https:\/\/api.w.org\/{rel}","templated":true}]}}