{"id":20319,"date":"2023-05-12T12:10:03","date_gmt":"2023-05-12T12:10:03","guid":{"rendered":"https:\/\/www.meavia-mh.hr\/?post_type=product&#038;p=20319"},"modified":"2026-01-29T22:54:11","modified_gmt":"2026-01-29T21:54:11","slug":"reklame-tipse-za-nokte-paleta-18-uzoraka-transparent","status":"publish","type":"product","link":"https:\/\/www.meavia-mh.hr\/sl\/product\/reklame-tipse-za-nokte-paleta-18-uzoraka-transparent\/","title":{"rendered":"Paleta reklamnih konic za nohte 18 vzorcev - prozorna"},"content":{"rendered":"<p>Ogla\u0161evalski nasveti za palete nohtov 18 vzorcev je odli\u010den na\u010din, da barvam va\u0161ih barvnih lakov date novo dimenzijo. Ogla\u0161evalski nasveti so najpreprostej\u0161i na\u010din, da strankam poka\u017eete bogastvo barv, ki jih imate v va\u0161em salonu. Paleta za testiranje barvnih odtenkov je zasnovana za la\u017ejo predstavitev in primerjavo. Vse, kar \u017eelite poskusiti in pokazati. Enostavno in jasno z 18<strong>\u00a0barvni vlo\u017eki<\/strong>.<\/p>\n<p>Uporablja se za prikaz barv <a href=\"https:\/\/www.meavia-mh.hr\/sl\/product\/ikon-iq-prima-gel-polish-trajni-lak-millie-15-ml\/\">trajni laki<\/a>, <a href=\"https:\/\/www.meavia-mh.hr\/sl\/product\/palu-base-rubber-14-11ml\/\">gumijasta podlaga<\/a>, <a href=\"https:\/\/www.meavia-mh.hr\/sl\/product\/palu-matrix-spider-gel-silver-mg3-5-g\/\">pajkovi geli<\/a>, <a href=\"https:\/\/www.meavia-mh.hr\/sl\/product\/ikon-iq-inspire-painting-gel-sandhamn-5-ml\/\">barvni geli<\/a> ali za va\u0161e stilizacije nail art.<\/p>\n<p><strong>Barva: prozorna<\/strong><\/p>\n<p><strong>Material: plastika<\/strong><\/p>","protected":false},"excerpt":{"rendered":"<p>Reklame tipse za nokte paleta 18 uzoraka odli\u010dan je na\u010din da poklonite bojama svojih kolor lakova novu dimenziju. Reklamne tipse najednostavnji su na\u010din da va\u0161im klijentima poka\u017eete bogatstvo boja kojima raspola\u017eete u svom salonu. Paleta za isprobavanje nijansi boja dizajnirana je za lak\u0161u prezentaciju i usporedbu. Sve \u0161to \u017eelite isprobati i pokazati. Jednostavna i pregledna [&hellip;]<\/p>\n","protected":false},"featured_media":20315,"comment_status":"closed","ping_status":"closed","template":"","meta":{"_uag_custom_page_level_css":"","site-sidebar-layout":"default","site-content-layout":"default","ast-site-content-layout":"default","site-content-style":"default","site-sidebar-style":"default","ast-global-header-display":"","ast-banner-title-visibility":"","ast-main-header-display":"","ast-hfb-above-header-display":"","ast-hfb-below-header-display":"","ast-hfb-mobile-header-display":"","site-post-title":"","ast-breadcrumbs-content":"","ast-featured-img":"","footer-sml-layout":"","ast-disable-related-posts":"","theme-transparent-header-meta":"default","adv-header-id-meta":"","stick-header-meta":"default","header-above-stick-meta":"","header-main-stick-meta":"","header-below-stick-meta":"","astra-migrate-meta-layouts":"default","ast-page-background-enabled":"default","ast-page-background-meta":{"desktop":{"background-color":"var(--ast-global-color-4)","background-image":"","background-repeat":"repeat","background-position":"center center","background-size":"auto","background-attachment":"scroll","background-type":"","background-media":"","overlay-type":"","overlay-color":"","overlay-opacity":"","overlay-gradient":""},"tablet":{"background-color":"","background-image":"","background-repeat":"repeat","background-position":"center center","background-size":"auto","background-attachment":"scroll","background-type":"","background-media":"","overlay-type":"","overlay-color":"","overlay-opacity":"","overlay-gradient":""},"mobile":{"background-color":"","background-image":"","background-repeat":"repeat","background-position":"center center","background-size":"auto","background-attachment":"scroll","background-type":"","background-media":"","overlay-type":"","overlay-color":"","overlay-opacity":"","overlay-gradient":""}},"ast-content-background-meta":{"desktop":{"background-color":"var(--ast-global-color-5)","background-image":"","background-repeat":"repeat","background-position":"center center","background-size":"auto","background-attachment":"scroll","background-type":"","background-media":"","overlay-type":"","overlay-color":"","overlay-opacity":"","overlay-gradient":""},"tablet":{"background-color":"var(--ast-global-color-5)","background-image":"","background-repeat":"repeat","background-position":"center center","background-size":"auto","background-attachment":"scroll","background-type":"","background-media":"","overlay-type":"","overlay-color":"","overlay-opacity":"","overlay-gradient":""},"mobile":{"background-color":"var(--ast-global-color-5)","background-image":"","background-repeat":"repeat","background-position":"center center","background-size":"auto","background-attachment":"scroll","background-type":"","background-media":"","overlay-type":"","overlay-color":"","overlay-opacity":"","overlay-gradient":""}}},"product_brand":[],"product_cat":[524,24],"product_tag":[260,129],"class_list":{"0":"post-20319","1":"product","2":"type-product","3":"status-publish","4":"has-post-thumbnail","6":"product_cat-akcija","7":"product_cat-dodaci","8":"product_tag-display","9":"product_tag-tipse","10":"desktop-align-left","11":"tablet-align-left","12":"mobile-align-left","13":"ast-product-gallery-layout-horizontal-slider","14":"ast-product-tabs-layout-horizontal","16":"first","17":"instock","18":"sale","19":"taxable","20":"shipping-taxable","21":"purchasable","22":"product-type-simple"},"yoast_head":"<!-- This site is optimized with the Yoast SEO plugin v27.4 - https:\/\/yoast.com\/product\/yoast-seo-wordpress\/ -->\n<title>Reklame tipse za nokte paleta 18 uzoraka - transparent &#8902; promo tipse &#8902; Mea Via Beauty<\/title>\n<meta name=\"description\" content=\"Mea Via Beauty &#8902; Reklame tipse za nokte paleta 18 uzoraka - transparent &#8902; reklamne tipse &#8902; za prezentaciju boja za nokte &#8902; za nail art\" \/>\n<meta name=\"robots\" content=\"index, follow, max-snippet:-1, max-image-preview:large, max-video-preview:-1\" \/>\n<link rel=\"canonical\" href=\"https:\/\/www.meavia-mh.hr\/sl\/product\/reklame-tipse-za-nokte-paleta-18-uzoraka-transparent\/\" \/>\n<meta property=\"og:locale\" content=\"sl_SI\" \/>\n<meta property=\"og:type\" content=\"article\" \/>\n<meta property=\"og:title\" content=\"Reklame tipse za nokte paleta 18 uzoraka - transparent &#8902; promo tipse &#8902; Mea Via Beauty\" \/>\n<meta property=\"og:description\" content=\"Mea Via Beauty &#8902; Reklame tipse za nokte paleta 18 uzoraka - transparent &#8902; reklamne tipse &#8902; za prezentaciju boja za nokte &#8902; za nail art\" \/>\n<meta property=\"og:url\" content=\"https:\/\/www.meavia-mh.hr\/sl\/product\/reklame-tipse-za-nokte-paleta-18-uzoraka-transparent\/\" \/>\n<meta property=\"og:site_name\" content=\"Mea Via Beauty\" \/>\n<meta property=\"article:publisher\" content=\"https:\/\/www.facebook.com\/MeaViaNailsWorld\" \/>\n<meta property=\"article:modified_time\" content=\"2026-01-29T21:54:11+00:00\" \/>\n<meta property=\"og:image\" content=\"https:\/\/www.meavia-mh.hr\/wp-content\/uploads\/2021\/09\/transparent-1-1.jpg\" \/>\n\t<meta property=\"og:image:width\" content=\"1610\" \/>\n\t<meta property=\"og:image:height\" content=\"1608\" \/>\n\t<meta property=\"og:image:type\" content=\"image\/jpeg\" \/>\n<meta name=\"twitter:card\" content=\"summary_large_image\" \/>\n<meta name=\"twitter:label1\" content=\"Est. reading time\" \/>\n\t<meta name=\"twitter:data1\" content=\"1 minuta\" \/>\n<script type=\"application\/ld+json\" class=\"yoast-schema-graph\">{\"@context\":\"https:\\\/\\\/schema.org\",\"@graph\":[{\"@type\":\"WebPage\",\"@id\":\"https:\\\/\\\/www.meavia-mh.hr\\\/product\\\/reklame-tipse-za-nokte-paleta-18-uzoraka-transparent\\\/\",\"url\":\"https:\\\/\\\/www.meavia-mh.hr\\\/product\\\/reklame-tipse-za-nokte-paleta-18-uzoraka-transparent\\\/\",\"name\":\"Reklame tipse za nokte paleta 18 uzoraka - transparent &#8902; promo tipse &#8902; Mea Via Beauty\",\"isPartOf\":{\"@id\":\"https:\\\/\\\/meavia-mh.hr\\\/sl\\\/#website\"},\"primaryImageOfPage\":{\"@id\":\"https:\\\/\\\/www.meavia-mh.hr\\\/product\\\/reklame-tipse-za-nokte-paleta-18-uzoraka-transparent\\\/#primaryimage\"},\"image\":{\"@id\":\"https:\\\/\\\/www.meavia-mh.hr\\\/product\\\/reklame-tipse-za-nokte-paleta-18-uzoraka-transparent\\\/#primaryimage\"},\"thumbnailUrl\":\"https:\\\/\\\/www.meavia-mh.hr\\\/wp-content\\\/uploads\\\/2021\\\/09\\\/transparent-1-1.jpg\",\"datePublished\":\"2023-05-12T12:10:03+00:00\",\"dateModified\":\"2026-01-29T21:54:11+00:00\",\"description\":\"Mea Via Beauty &#8902; Reklame tipse za nokte paleta 18 uzoraka - transparent &#8902; reklamne tipse &#8902; za prezentaciju boja za nokte &#8902; za nail art\",\"breadcrumb\":{\"@id\":\"https:\\\/\\\/www.meavia-mh.hr\\\/product\\\/reklame-tipse-za-nokte-paleta-18-uzoraka-transparent\\\/#breadcrumb\"},\"inLanguage\":\"sl-SI\",\"potentialAction\":[{\"@type\":\"ReadAction\",\"target\":[\"https:\\\/\\\/www.meavia-mh.hr\\\/product\\\/reklame-tipse-za-nokte-paleta-18-uzoraka-transparent\\\/\"]}]},{\"@type\":\"ImageObject\",\"inLanguage\":\"sl-SI\",\"@id\":\"https:\\\/\\\/www.meavia-mh.hr\\\/product\\\/reklame-tipse-za-nokte-paleta-18-uzoraka-transparent\\\/#primaryimage\",\"url\":\"https:\\\/\\\/www.meavia-mh.hr\\\/wp-content\\\/uploads\\\/2021\\\/09\\\/transparent-1-1.jpg\",\"contentUrl\":\"https:\\\/\\\/www.meavia-mh.hr\\\/wp-content\\\/uploads\\\/2021\\\/09\\\/transparent-1-1.jpg\",\"width\":1610,\"height\":1608,\"caption\":\"Reklame tipse za nokte paleta 18 uzoraka - transparent\"},{\"@type\":\"BreadcrumbList\",\"@id\":\"https:\\\/\\\/www.meavia-mh.hr\\\/product\\\/reklame-tipse-za-nokte-paleta-18-uzoraka-transparent\\\/#breadcrumb\",\"itemListElement\":[{\"@type\":\"ListItem\",\"position\":1,\"name\":\"Po\u010detna stranica\",\"item\":\"https:\\\/\\\/www.meavia-mh.hr\\\/\"},{\"@type\":\"ListItem\",\"position\":2,\"name\":\"Trgovina\",\"item\":\"https:\\\/\\\/meavia-mh.hr\\\/sl\\\/store\\\/\"},{\"@type\":\"ListItem\",\"position\":3,\"name\":\"Reklame tipse za nokte paleta 18 uzoraka &#8211; transparent\"}]},{\"@type\":\"WebSite\",\"@id\":\"https:\\\/\\\/meavia-mh.hr\\\/sl\\\/#website\",\"url\":\"https:\\\/\\\/meavia-mh.hr\\\/sl\\\/\",\"name\":\"Mea Via Beauty\",\"description\":\"Only The Best For Your Beauty\",\"publisher\":{\"@id\":\"https:\\\/\\\/meavia-mh.hr\\\/sl\\\/#organization\"},\"alternateName\":\"Mea Via Nails\",\"potentialAction\":[{\"@type\":\"SearchAction\",\"target\":{\"@type\":\"EntryPoint\",\"urlTemplate\":\"https:\\\/\\\/meavia-mh.hr\\\/sl\\\/?s={search_term_string}\"},\"query-input\":{\"@type\":\"PropertyValueSpecification\",\"valueRequired\":true,\"valueName\":\"search_term_string\"}}],\"inLanguage\":\"sl-SI\"},{\"@type\":\"Organization\",\"@id\":\"https:\\\/\\\/meavia-mh.hr\\\/sl\\\/#organization\",\"name\":\"Mea Via Nails World\",\"alternateName\":\"Mea Via\",\"url\":\"https:\\\/\\\/meavia-mh.hr\\\/sl\\\/\",\"logo\":{\"@type\":\"ImageObject\",\"inLanguage\":\"sl-SI\",\"@id\":\"https:\\\/\\\/meavia-mh.hr\\\/sl\\\/#\\\/schema\\\/logo\\\/image\\\/\",\"url\":\"https:\\\/\\\/www.meavia-mh.hr\\\/wp-content\\\/uploads\\\/2020\\\/12\\\/Mea-Via.png\",\"contentUrl\":\"https:\\\/\\\/www.meavia-mh.hr\\\/wp-content\\\/uploads\\\/2020\\\/12\\\/Mea-Via.png\",\"width\":1181,\"height\":393,\"caption\":\"Mea Via Nails World\"},\"image\":{\"@id\":\"https:\\\/\\\/meavia-mh.hr\\\/sl\\\/#\\\/schema\\\/logo\\\/image\\\/\"},\"sameAs\":[\"https:\\\/\\\/www.facebook.com\\\/MeaViaNailsWorld\",\"https:\\\/\\\/www.instagram.com\\\/mea_via_nails_world\\\/\",\"https:\\\/\\\/www.youtube.com\\\/channel\\\/UCECk0hpRWP6TN-EfA4ER96g\\\/featured\"]}]}<\/script>\n<!-- \/ Yoast SEO plugin. -->","yoast_head_json":{"title":"Nasveti za ogla\u0161evanje palete nohtov 18 vzorcev - pasica \u22c6 promocijski nasveti \u22c6 Mea Via Beauty","description":"Mea Via Beauty \u22c6 Paleta reklamnih konic za nohte 18 vzorcev - prozorna \u22c6 reklamne konice \u22c6 za predstavitev barv za nohte \u22c6 za poslikavo nohtov","robots":{"index":"index","follow":"follow","max-snippet":"max-snippet:-1","max-image-preview":"max-image-preview:large","max-video-preview":"max-video-preview:-1"},"canonical":"https:\/\/www.meavia-mh.hr\/sl\/product\/reklame-tipse-za-nokte-paleta-18-uzoraka-transparent\/","og_locale":"sl_SI","og_type":"article","og_title":"Reklame tipse za nokte paleta 18 uzoraka - transparent &#8902; promo tipse &#8902; Mea Via Beauty","og_description":"Mea Via Beauty &#8902; Reklame tipse za nokte paleta 18 uzoraka - transparent &#8902; reklamne tipse &#8902; za prezentaciju boja za nokte &#8902; za nail art","og_url":"https:\/\/www.meavia-mh.hr\/sl\/product\/reklame-tipse-za-nokte-paleta-18-uzoraka-transparent\/","og_site_name":"Mea Via Beauty","article_publisher":"https:\/\/www.facebook.com\/MeaViaNailsWorld","article_modified_time":"2026-01-29T21:54:11+00:00","og_image":[{"width":1610,"height":1608,"url":"https:\/\/www.meavia-mh.hr\/wp-content\/uploads\/2021\/09\/transparent-1-1.jpg","type":"image\/jpeg"}],"twitter_card":"summary_large_image","twitter_misc":{"Est. reading time":"1 minuta"},"schema":{"@context":"https:\/\/schema.org","@graph":[{"@type":"WebPage","@id":"https:\/\/www.meavia-mh.hr\/product\/reklame-tipse-za-nokte-paleta-18-uzoraka-transparent\/","url":"https:\/\/www.meavia-mh.hr\/product\/reklame-tipse-za-nokte-paleta-18-uzoraka-transparent\/","name":"Nasveti za ogla\u0161evanje palete nohtov 18 vzorcev - pasica \u22c6 promocijski nasveti \u22c6 Mea Via Beauty","isPartOf":{"@id":"https:\/\/meavia-mh.hr\/sl\/#website"},"primaryImageOfPage":{"@id":"https:\/\/www.meavia-mh.hr\/product\/reklame-tipse-za-nokte-paleta-18-uzoraka-transparent\/#primaryimage"},"image":{"@id":"https:\/\/www.meavia-mh.hr\/product\/reklame-tipse-za-nokte-paleta-18-uzoraka-transparent\/#primaryimage"},"thumbnailUrl":"https:\/\/www.meavia-mh.hr\/wp-content\/uploads\/2021\/09\/transparent-1-1.jpg","datePublished":"2023-05-12T12:10:03+00:00","dateModified":"2026-01-29T21:54:11+00:00","description":"Mea Via Beauty \u22c6 Paleta reklamnih konic za nohte 18 vzorcev - prozorna \u22c6 reklamne konice \u22c6 za predstavitev barv za nohte \u22c6 za poslikavo nohtov","breadcrumb":{"@id":"https:\/\/www.meavia-mh.hr\/product\/reklame-tipse-za-nokte-paleta-18-uzoraka-transparent\/#breadcrumb"},"inLanguage":"sl-SI","potentialAction":[{"@type":"ReadAction","target":["https:\/\/www.meavia-mh.hr\/product\/reklame-tipse-za-nokte-paleta-18-uzoraka-transparent\/"]}]},{"@type":"ImageObject","inLanguage":"sl-SI","@id":"https:\/\/www.meavia-mh.hr\/product\/reklame-tipse-za-nokte-paleta-18-uzoraka-transparent\/#primaryimage","url":"https:\/\/www.meavia-mh.hr\/wp-content\/uploads\/2021\/09\/transparent-1-1.jpg","contentUrl":"https:\/\/www.meavia-mh.hr\/wp-content\/uploads\/2021\/09\/transparent-1-1.jpg","width":1610,"height":1608,"caption":"Reklame tipse za nokte paleta 18 uzoraka - transparent"},{"@type":"BreadcrumbList","@id":"https:\/\/www.meavia-mh.hr\/product\/reklame-tipse-za-nokte-paleta-18-uzoraka-transparent\/#breadcrumb","itemListElement":[{"@type":"ListItem","position":1,"name":"Po\u010detna stranica","item":"https:\/\/www.meavia-mh.hr\/"},{"@type":"ListItem","position":2,"name":"Trgovina","item":"https:\/\/meavia-mh.hr\/sl\/store\/"},{"@type":"ListItem","position":3,"name":"Reklame tipse za nokte paleta 18 uzoraka &#8211; transparent"}]},{"@type":"WebSite","@id":"https:\/\/meavia-mh.hr\/sl\/#website","url":"https:\/\/meavia-mh.hr\/sl\/","name":"MEA VIA BEAUTY","description":"Only The Best For Your Beauty","publisher":{"@id":"https:\/\/meavia-mh.hr\/sl\/#organization"},"alternateName":"Mea Via Nails","potentialAction":[{"@type":"SearchAction","target":{"@type":"EntryPoint","urlTemplate":"https:\/\/meavia-mh.hr\/sl\/?s={search_term_string}"},"query-input":{"@type":"PropertyValueSpecification","valueRequired":true,"valueName":"search_term_string"}}],"inLanguage":"sl-SI"},{"@type":"Organization","@id":"https:\/\/meavia-mh.hr\/sl\/#organization","name":"Mea Via Nails World","alternateName":"Mea Via","url":"https:\/\/meavia-mh.hr\/sl\/","logo":{"@type":"ImageObject","inLanguage":"sl-SI","@id":"https:\/\/meavia-mh.hr\/sl\/#\/schema\/logo\/image\/","url":"https:\/\/www.meavia-mh.hr\/wp-content\/uploads\/2020\/12\/Mea-Via.png","contentUrl":"https:\/\/www.meavia-mh.hr\/wp-content\/uploads\/2020\/12\/Mea-Via.png","width":1181,"height":393,"caption":"Mea Via Nails World"},"image":{"@id":"https:\/\/meavia-mh.hr\/sl\/#\/schema\/logo\/image\/"},"sameAs":["https:\/\/www.facebook.com\/MeaViaNailsWorld","https:\/\/www.instagram.com\/mea_via_nails_world\/","https:\/\/www.youtube.com\/channel\/UCECk0hpRWP6TN-EfA4ER96g\/featured"]}]}},"spectra_custom_meta":{"_sku":["5904611273707"],"_regular_price":["1.05"],"total_sales":["20"],"_tax_status":["taxable"],"_tax_class":[""],"_manage_stock":["yes"],"_backorders":["no"],"_sold_individually":["no"],"_virtual":["no"],"_downloadable":["no"],"_product_image_gallery":["20314,20316"],"_download_limit":["-1"],"_download_expiry":["-1"],"_thumbnail_id":["20315"],"_stock":["26"],"_stock_status":["instock"],"_wc_average_rating":["0"],"_wc_review_count":["0"],"_product_version":["10.4.3"],"_price":["0.84"],"_wp_page_template":["default"],"_yoast_wpseo_focuskw":["Reklame tipse za nokte"],"_yoast_wpseo_metadesc":["%%sitename%% %%sep%% %%title%% %%sep%% reklamne tipse %%sep%% za prezentaciju boja za nokte %%sep%% za nail art"],"_yoast_wpseo_linkdex":["50"],"_yoast_wpseo_content_score":["90"],"_yoast_wpseo_primary_product_cat":["24"],"site-sidebar-layout":["default"],"site-content-layout":["default"],"theme-transparent-header-meta":["default"],"stick-header-meta":["default"],"_woocs_price_geo_countries":[""],"_woocs_regular_price_geo":[""],"_woocs_sale_price_geo":[""],"_yoast_wpseo_estimated-reading-time-minutes":["1"],"cartflows_redirect_flow_id":[""],"cartflows_add_to_cart_text":[""],"_yoast_wpseo_title":["%%title%% %%page%% %%sep%% promo tipse %%sep%% %%sitename%%"],"_woocs_regular_price_EUR":["1.05"],"_woocs_sale_price_EUR":["-1"],"_lowest_price_30_days":["1.05"],"_yoast_wpseo_wordproof_timestamp":[""],"_yoast_wpseo_primary_fb_product_set":[""],"_edit_lock":["1683893583:1239"],"_edit_last":["1239"],"uag_migration_processed":["1"],"_sale_price":["0.84"],"_last_change_time":["1769004828"],"_elementor_page_assets":["a:0:{}"],"_uag_page_assets":["a:9:{s:3:\"css\";s:0:\"\";s:2:\"js\";s:0:\"\";s:18:\"current_block_list\";a:3:{i:0;s:11:\"core\/search\";i:1;s:18:\"core\/legacy-widget\";i:2;s:27:\"woocommerce\/product-filters\";}s:8:\"uag_flag\";b:0;s:11:\"uag_version\";s:10:\"1776554116\";s:6:\"gfonts\";a:0:{}s:10:\"gfonts_url\";s:0:\"\";s:12:\"gfonts_files\";a:0:{}s:14:\"uag_faq_layout\";b:0;}"]},"uagb_featured_image_src":{"full":["https:\/\/www.meavia-mh.hr\/wp-content\/uploads\/2021\/09\/transparent-1-1.jpg",1610,1608,false],"thumbnail":["https:\/\/www.meavia-mh.hr\/wp-content\/uploads\/2021\/09\/transparent-1-1-150x150.jpg",150,150,true],"medium":["https:\/\/www.meavia-mh.hr\/wp-content\/uploads\/2021\/09\/transparent-1-1-300x300.jpg",300,300,true],"medium_large":["https:\/\/www.meavia-mh.hr\/wp-content\/uploads\/2021\/09\/transparent-1-1-768x767.jpg",768,767,true],"large":["https:\/\/www.meavia-mh.hr\/wp-content\/uploads\/2021\/09\/transparent-1-1-1024x1024.jpg",1024,1024,true],"1536x1536":["https:\/\/www.meavia-mh.hr\/wp-content\/uploads\/2021\/09\/transparent-1-1-1536x1534.jpg",1536,1534,true],"2048x2048":["https:\/\/www.meavia-mh.hr\/wp-content\/uploads\/2021\/09\/transparent-1-1.jpg",1610,1608,false],"trp-custom-language-flag":["https:\/\/www.meavia-mh.hr\/wp-content\/uploads\/2021\/09\/transparent-1-1-12x12.jpg",12,12,true],"woocommerce_thumbnail":["https:\/\/www.meavia-mh.hr\/wp-content\/uploads\/2021\/09\/transparent-1-1-300x300.jpg",300,300,true],"woocommerce_single":["https:\/\/www.meavia-mh.hr\/wp-content\/uploads\/2021\/09\/transparent-1-1-600x599.jpg",600,599,true],"woocommerce_gallery_thumbnail":["https:\/\/www.meavia-mh.hr\/wp-content\/uploads\/2021\/09\/transparent-1-1-100x100.jpg",100,100,true]},"uagb_author_info":{"display_name":"Zla Gol","author_link":"https:\/\/www.meavia-mh.hr\/sl\/author\/"},"uagb_comment_info":0,"uagb_excerpt":"Reklame tipse za nokte paleta 18 uzoraka odli\u010dan je na\u010din da poklonite bojama svojih kolor lakova novu dimenziju. Reklamne tipse najednostavnji su na\u010din da va\u0161im klijentima poka\u017eete bogatstvo boja kojima raspola\u017eete u svom salonu. Paleta za isprobavanje nijansi boja dizajnirana je za lak\u0161u prezentaciju i usporedbu. Sve \u0161to \u017eelite isprobati i pokazati. Jednostavna i pregledna&hellip;","_links":{"self":[{"href":"https:\/\/www.meavia-mh.hr\/sl\/wp-json\/wp\/v2\/product\/20319","targetHints":{"allow":["GET"]}}],"collection":[{"href":"https:\/\/www.meavia-mh.hr\/sl\/wp-json\/wp\/v2\/product"}],"about":[{"href":"https:\/\/www.meavia-mh.hr\/sl\/wp-json\/wp\/v2\/types\/product"}],"replies":[{"embeddable":true,"href":"https:\/\/www.meavia-mh.hr\/sl\/wp-json\/wp\/v2\/comments?post=20319"}],"version-history":[{"count":1,"href":"https:\/\/www.meavia-mh.hr\/sl\/wp-json\/wp\/v2\/product\/20319\/revisions"}],"predecessor-version":[{"id":30476,"href":"https:\/\/www.meavia-mh.hr\/sl\/wp-json\/wp\/v2\/product\/20319\/revisions\/30476"}],"wp:featuredmedia":[{"embeddable":true,"href":"https:\/\/www.meavia-mh.hr\/sl\/wp-json\/wp\/v2\/media\/20315"}],"wp:attachment":[{"href":"https:\/\/www.meavia-mh.hr\/sl\/wp-json\/wp\/v2\/media?parent=20319"}],"wp:term":[{"taxonomy":"product_brand","embeddable":true,"href":"https:\/\/www.meavia-mh.hr\/sl\/wp-json\/wp\/v2\/product_brand?post=20319"},{"taxonomy":"product_cat","embeddable":true,"href":"https:\/\/www.meavia-mh.hr\/sl\/wp-json\/wp\/v2\/product_cat?post=20319"},{"taxonomy":"product_tag","embeddable":true,"href":"https:\/\/www.meavia-mh.hr\/sl\/wp-json\/wp\/v2\/product_tag?post=20319"}],"curies":[{"name":"delovni list","href":"https:\/\/api.w.org\/{rel}","templated":true}]}}