{"id":20254,"date":"2023-05-10T16:49:40","date_gmt":"2023-05-10T16:49:40","guid":{"rendered":"https:\/\/www.meavia-mh.hr\/?post_type=product&#038;p=20254"},"modified":"2026-04-13T08:04:06","modified_gmt":"2026-04-13T07:04:06","slug":"metalna-kopca-za-pincanje-noktiju-31-mm","status":"publish","type":"product","link":"https:\/\/www.meavia-mh.hr\/sl\/product\/metalna-kopca-za-pincanje-noktiju-31-mm\/","title":{"rendered":"Kovinska sponka za \u0161\u010dipanje nohtov 31 mm"},"content":{"rendered":"<p>Kovinski stri\u017enik za nohte vam bo pomagal zgraditi popolno C-krivuljo. Priporo\u010dljivo pri delu z <a href=\"https:\/\/www.meavia-mh.hr\/sl\/product\/palu-flexi-acryl-gel-pink-2-30-ml\/\">akril<\/a> ali <a href=\"https:\/\/www.meavia-mh.hr\/sl\/product\/palu-gradivni-gel-pink-15-ml\/\">gel<\/a>. S pomo\u010djo zaponk brez napora boste dobili \u010dudovit tunel in va\u0161i nohti bodo videti popolno.<\/p>\n<p>Kovinska sponka za nohte je narejena iz kovine, ki jo je mogo\u010de enostavno razku\u017eiti.<\/p>\n<h6><strong>dimenzije:<\/strong>\u00a031 mm<\/h6>\n<h6>Pakiranje: 1 kos<\/h6>","protected":false},"excerpt":{"rendered":"<p>&nbsp;<\/p>\n<p>&nbsp;<\/p>\n<p>&nbsp;<\/p>\n<p>&nbsp;<\/p>","protected":false},"featured_media":20253,"comment_status":"closed","ping_status":"closed","template":"","meta":{"_uag_custom_page_level_css":"","site-sidebar-layout":"default","site-content-layout":"default","ast-site-content-layout":"default","site-content-style":"default","site-sidebar-style":"default","ast-global-header-display":"","ast-banner-title-visibility":"","ast-main-header-display":"","ast-hfb-above-header-display":"","ast-hfb-below-header-display":"","ast-hfb-mobile-header-display":"","site-post-title":"","ast-breadcrumbs-content":"","ast-featured-img":"","footer-sml-layout":"","ast-disable-related-posts":"","theme-transparent-header-meta":"default","adv-header-id-meta":"","stick-header-meta":"default","header-above-stick-meta":"","header-main-stick-meta":"","header-below-stick-meta":"","astra-migrate-meta-layouts":"default","ast-page-background-enabled":"default","ast-page-background-meta":{"desktop":{"background-color":"var(--ast-global-color-4)","background-image":"","background-repeat":"repeat","background-position":"center center","background-size":"auto","background-attachment":"scroll","background-type":"","background-media":"","overlay-type":"","overlay-color":"","overlay-opacity":"","overlay-gradient":""},"tablet":{"background-color":"","background-image":"","background-repeat":"repeat","background-position":"center center","background-size":"auto","background-attachment":"scroll","background-type":"","background-media":"","overlay-type":"","overlay-color":"","overlay-opacity":"","overlay-gradient":""},"mobile":{"background-color":"","background-image":"","background-repeat":"repeat","background-position":"center center","background-size":"auto","background-attachment":"scroll","background-type":"","background-media":"","overlay-type":"","overlay-color":"","overlay-opacity":"","overlay-gradient":""}},"ast-content-background-meta":{"desktop":{"background-color":"var(--ast-global-color-5)","background-image":"","background-repeat":"repeat","background-position":"center center","background-size":"auto","background-attachment":"scroll","background-type":"","background-media":"","overlay-type":"","overlay-color":"","overlay-opacity":"","overlay-gradient":""},"tablet":{"background-color":"var(--ast-global-color-5)","background-image":"","background-repeat":"repeat","background-position":"center center","background-size":"auto","background-attachment":"scroll","background-type":"","background-media":"","overlay-type":"","overlay-color":"","overlay-opacity":"","overlay-gradient":""},"mobile":{"background-color":"var(--ast-global-color-5)","background-image":"","background-repeat":"repeat","background-position":"center center","background-size":"auto","background-attachment":"scroll","background-type":"","background-media":"","overlay-type":"","overlay-color":"","overlay-opacity":"","overlay-gradient":""}}},"product_brand":[],"product_cat":[524,24],"product_tag":[302,301,303],"class_list":{"0":"post-20254","1":"product","2":"type-product","3":"status-publish","4":"has-post-thumbnail","6":"product_cat-akcija","7":"product_cat-dodaci","8":"product_tag-metalna-stezaljka","9":"product_tag-pincanje","10":"product_tag-pinch","11":"desktop-align-left","12":"tablet-align-left","13":"mobile-align-left","14":"ast-product-gallery-layout-horizontal-slider","15":"ast-product-tabs-layout-horizontal","17":"first","18":"instock","19":"sale","20":"taxable","21":"shipping-taxable","22":"purchasable","23":"product-type-simple"},"yoast_head":"<!-- This site is optimized with the Yoast SEO plugin v27.4 - https:\/\/yoast.com\/product\/yoast-seo-wordpress\/ -->\n<title>Metalna kop\u010da za pin\u010danje noktiju 31 mm &#8902; Mea Via Beauty<\/title>\n<meta name=\"description\" content=\"Metalna kop\u010da za pin\u010danje noktiju 31 mm &#8902; za izradu c-luka&#8902; za pin\u010danje &#8902; top kvaliteta &#8902; metalne kop\u010de za pin\u010danje &#8902; stezaljka za pin\u010danje\" \/>\n<meta name=\"robots\" content=\"index, follow, max-snippet:-1, max-image-preview:large, max-video-preview:-1\" \/>\n<link rel=\"canonical\" href=\"https:\/\/www.meavia-mh.hr\/sl\/product\/metalna-kopca-za-pincanje-noktiju-31-mm\/\" \/>\n<meta property=\"og:locale\" content=\"sl_SI\" \/>\n<meta property=\"og:type\" content=\"article\" \/>\n<meta property=\"og:title\" content=\"Metalna kop\u010da za pin\u010danje noktiju 31 mm &#8902; Mea Via Beauty\" \/>\n<meta property=\"og:description\" content=\"Metalna kop\u010da za pin\u010danje noktiju 31 mm &#8902; za izradu c-luka&#8902; za pin\u010danje &#8902; top kvaliteta &#8902; metalne kop\u010de za pin\u010danje &#8902; stezaljka za pin\u010danje\" \/>\n<meta property=\"og:url\" content=\"https:\/\/www.meavia-mh.hr\/sl\/product\/metalna-kopca-za-pincanje-noktiju-31-mm\/\" \/>\n<meta property=\"og:site_name\" content=\"Mea Via Beauty\" \/>\n<meta property=\"article:publisher\" content=\"https:\/\/www.facebook.com\/MeaViaNailsWorld\" \/>\n<meta property=\"article:modified_time\" content=\"2026-04-13T07:04:06+00:00\" \/>\n<meta property=\"og:image\" content=\"https:\/\/www.meavia-mh.hr\/wp-content\/uploads\/2023\/05\/Slika-zaslona-2023-05-10-u-18.38.09.jpg\" \/>\n\t<meta property=\"og:image:width\" content=\"1616\" \/>\n\t<meta property=\"og:image:height\" content=\"1612\" \/>\n\t<meta property=\"og:image:type\" content=\"image\/jpeg\" \/>\n<meta name=\"twitter:card\" content=\"summary_large_image\" \/>\n<meta name=\"twitter:label1\" content=\"Est. reading time\" \/>\n\t<meta name=\"twitter:data1\" content=\"1 minuta\" \/>\n<script type=\"application\/ld+json\" class=\"yoast-schema-graph\">{\"@context\":\"https:\\\/\\\/schema.org\",\"@graph\":[{\"@type\":\"WebPage\",\"@id\":\"https:\\\/\\\/www.meavia-mh.hr\\\/product\\\/metalna-kopca-za-pincanje-noktiju-31-mm\\\/\",\"url\":\"https:\\\/\\\/www.meavia-mh.hr\\\/product\\\/metalna-kopca-za-pincanje-noktiju-31-mm\\\/\",\"name\":\"Metalna kop\u010da za pin\u010danje noktiju 31 mm &#8902; Mea Via Beauty\",\"isPartOf\":{\"@id\":\"https:\\\/\\\/meavia-mh.hr\\\/sl\\\/#website\"},\"primaryImageOfPage\":{\"@id\":\"https:\\\/\\\/www.meavia-mh.hr\\\/product\\\/metalna-kopca-za-pincanje-noktiju-31-mm\\\/#primaryimage\"},\"image\":{\"@id\":\"https:\\\/\\\/www.meavia-mh.hr\\\/product\\\/metalna-kopca-za-pincanje-noktiju-31-mm\\\/#primaryimage\"},\"thumbnailUrl\":\"https:\\\/\\\/www.meavia-mh.hr\\\/wp-content\\\/uploads\\\/2023\\\/05\\\/Slika-zaslona-2023-05-10-u-18.38.09.jpg\",\"datePublished\":\"2023-05-10T16:49:40+00:00\",\"dateModified\":\"2026-04-13T07:04:06+00:00\",\"description\":\"Metalna kop\u010da za pin\u010danje noktiju 31 mm &#8902; za izradu c-luka&#8902; za pin\u010danje &#8902; top kvaliteta &#8902; metalne kop\u010de za pin\u010danje &#8902; stezaljka za pin\u010danje\",\"breadcrumb\":{\"@id\":\"https:\\\/\\\/www.meavia-mh.hr\\\/product\\\/metalna-kopca-za-pincanje-noktiju-31-mm\\\/#breadcrumb\"},\"inLanguage\":\"sl-SI\",\"potentialAction\":[{\"@type\":\"ReadAction\",\"target\":[\"https:\\\/\\\/www.meavia-mh.hr\\\/product\\\/metalna-kopca-za-pincanje-noktiju-31-mm\\\/\"]}]},{\"@type\":\"ImageObject\",\"inLanguage\":\"sl-SI\",\"@id\":\"https:\\\/\\\/www.meavia-mh.hr\\\/product\\\/metalna-kopca-za-pincanje-noktiju-31-mm\\\/#primaryimage\",\"url\":\"https:\\\/\\\/www.meavia-mh.hr\\\/wp-content\\\/uploads\\\/2023\\\/05\\\/Slika-zaslona-2023-05-10-u-18.38.09.jpg\",\"contentUrl\":\"https:\\\/\\\/www.meavia-mh.hr\\\/wp-content\\\/uploads\\\/2023\\\/05\\\/Slika-zaslona-2023-05-10-u-18.38.09.jpg\",\"width\":1616,\"height\":1612,\"caption\":\"Metalna kop\u010da za pin\u010danje noktiju\"},{\"@type\":\"BreadcrumbList\",\"@id\":\"https:\\\/\\\/www.meavia-mh.hr\\\/product\\\/metalna-kopca-za-pincanje-noktiju-31-mm\\\/#breadcrumb\",\"itemListElement\":[{\"@type\":\"ListItem\",\"position\":1,\"name\":\"Po\u010detna stranica\",\"item\":\"https:\\\/\\\/www.meavia-mh.hr\\\/\"},{\"@type\":\"ListItem\",\"position\":2,\"name\":\"Trgovina\",\"item\":\"https:\\\/\\\/meavia-mh.hr\\\/sl\\\/store\\\/\"},{\"@type\":\"ListItem\",\"position\":3,\"name\":\"Metalna kop\u010da za pin\u010danje noktiju 31 mm\"}]},{\"@type\":\"WebSite\",\"@id\":\"https:\\\/\\\/meavia-mh.hr\\\/sl\\\/#website\",\"url\":\"https:\\\/\\\/meavia-mh.hr\\\/sl\\\/\",\"name\":\"Mea Via Beauty\",\"description\":\"Only The Best For Your Beauty\",\"publisher\":{\"@id\":\"https:\\\/\\\/meavia-mh.hr\\\/sl\\\/#organization\"},\"alternateName\":\"Mea Via Nails\",\"potentialAction\":[{\"@type\":\"SearchAction\",\"target\":{\"@type\":\"EntryPoint\",\"urlTemplate\":\"https:\\\/\\\/meavia-mh.hr\\\/sl\\\/?s={search_term_string}\"},\"query-input\":{\"@type\":\"PropertyValueSpecification\",\"valueRequired\":true,\"valueName\":\"search_term_string\"}}],\"inLanguage\":\"sl-SI\"},{\"@type\":\"Organization\",\"@id\":\"https:\\\/\\\/meavia-mh.hr\\\/sl\\\/#organization\",\"name\":\"Mea Via Nails World\",\"alternateName\":\"Mea Via\",\"url\":\"https:\\\/\\\/meavia-mh.hr\\\/sl\\\/\",\"logo\":{\"@type\":\"ImageObject\",\"inLanguage\":\"sl-SI\",\"@id\":\"https:\\\/\\\/meavia-mh.hr\\\/sl\\\/#\\\/schema\\\/logo\\\/image\\\/\",\"url\":\"https:\\\/\\\/www.meavia-mh.hr\\\/wp-content\\\/uploads\\\/2020\\\/12\\\/Mea-Via.png\",\"contentUrl\":\"https:\\\/\\\/www.meavia-mh.hr\\\/wp-content\\\/uploads\\\/2020\\\/12\\\/Mea-Via.png\",\"width\":1181,\"height\":393,\"caption\":\"Mea Via Nails World\"},\"image\":{\"@id\":\"https:\\\/\\\/meavia-mh.hr\\\/sl\\\/#\\\/schema\\\/logo\\\/image\\\/\"},\"sameAs\":[\"https:\\\/\\\/www.facebook.com\\\/MeaViaNailsWorld\",\"https:\\\/\\\/www.instagram.com\\\/mea_via_nails_world\\\/\",\"https:\\\/\\\/www.youtube.com\\\/channel\\\/UCECk0hpRWP6TN-EfA4ER96g\\\/featured\"]}]}<\/script>\n<!-- \/ Yoast SEO plugin. -->","yoast_head_json":{"title":"Kovinska sponka za nohte 31 mm \u22c6 Mea Via Beauty","description":"Kovinska sponka za nohte 31 mm \u22c6 za izdelavo C-lokov \u22c6 za stri\u017eenje nohtov \u22c6 vrhunska kakovost \u22c6 kovinske sponke za nohte \u22c6 sponka za nohte","robots":{"index":"index","follow":"follow","max-snippet":"max-snippet:-1","max-image-preview":"max-image-preview:large","max-video-preview":"max-video-preview:-1"},"canonical":"https:\/\/www.meavia-mh.hr\/sl\/product\/metalna-kopca-za-pincanje-noktiju-31-mm\/","og_locale":"sl_SI","og_type":"article","og_title":"Metalna kop\u010da za pin\u010danje noktiju 31 mm &#8902; Mea Via Beauty","og_description":"Metalna kop\u010da za pin\u010danje noktiju 31 mm &#8902; za izradu c-luka&#8902; za pin\u010danje &#8902; top kvaliteta &#8902; metalne kop\u010de za pin\u010danje &#8902; stezaljka za pin\u010danje","og_url":"https:\/\/www.meavia-mh.hr\/sl\/product\/metalna-kopca-za-pincanje-noktiju-31-mm\/","og_site_name":"Mea Via Beauty","article_publisher":"https:\/\/www.facebook.com\/MeaViaNailsWorld","article_modified_time":"2026-04-13T07:04:06+00:00","og_image":[{"width":1616,"height":1612,"url":"https:\/\/www.meavia-mh.hr\/wp-content\/uploads\/2023\/05\/Slika-zaslona-2023-05-10-u-18.38.09.jpg","type":"image\/jpeg"}],"twitter_card":"summary_large_image","twitter_misc":{"Est. reading time":"1 minuta"},"schema":{"@context":"https:\/\/schema.org","@graph":[{"@type":"WebPage","@id":"https:\/\/www.meavia-mh.hr\/product\/metalna-kopca-za-pincanje-noktiju-31-mm\/","url":"https:\/\/www.meavia-mh.hr\/product\/metalna-kopca-za-pincanje-noktiju-31-mm\/","name":"Kovinska sponka za nohte 31 mm \u22c6 Mea Via Beauty","isPartOf":{"@id":"https:\/\/meavia-mh.hr\/sl\/#website"},"primaryImageOfPage":{"@id":"https:\/\/www.meavia-mh.hr\/product\/metalna-kopca-za-pincanje-noktiju-31-mm\/#primaryimage"},"image":{"@id":"https:\/\/www.meavia-mh.hr\/product\/metalna-kopca-za-pincanje-noktiju-31-mm\/#primaryimage"},"thumbnailUrl":"https:\/\/www.meavia-mh.hr\/wp-content\/uploads\/2023\/05\/Slika-zaslona-2023-05-10-u-18.38.09.jpg","datePublished":"2023-05-10T16:49:40+00:00","dateModified":"2026-04-13T07:04:06+00:00","description":"Kovinska sponka za nohte 31 mm \u22c6 za izdelavo C-lokov \u22c6 za stri\u017eenje nohtov \u22c6 vrhunska kakovost \u22c6 kovinske sponke za nohte \u22c6 sponka za nohte","breadcrumb":{"@id":"https:\/\/www.meavia-mh.hr\/product\/metalna-kopca-za-pincanje-noktiju-31-mm\/#breadcrumb"},"inLanguage":"sl-SI","potentialAction":[{"@type":"ReadAction","target":["https:\/\/www.meavia-mh.hr\/product\/metalna-kopca-za-pincanje-noktiju-31-mm\/"]}]},{"@type":"ImageObject","inLanguage":"sl-SI","@id":"https:\/\/www.meavia-mh.hr\/product\/metalna-kopca-za-pincanje-noktiju-31-mm\/#primaryimage","url":"https:\/\/www.meavia-mh.hr\/wp-content\/uploads\/2023\/05\/Slika-zaslona-2023-05-10-u-18.38.09.jpg","contentUrl":"https:\/\/www.meavia-mh.hr\/wp-content\/uploads\/2023\/05\/Slika-zaslona-2023-05-10-u-18.38.09.jpg","width":1616,"height":1612,"caption":"Metalna kop\u010da za pin\u010danje noktiju"},{"@type":"BreadcrumbList","@id":"https:\/\/www.meavia-mh.hr\/product\/metalna-kopca-za-pincanje-noktiju-31-mm\/#breadcrumb","itemListElement":[{"@type":"ListItem","position":1,"name":"Po\u010detna stranica","item":"https:\/\/www.meavia-mh.hr\/"},{"@type":"ListItem","position":2,"name":"Trgovina","item":"https:\/\/meavia-mh.hr\/sl\/store\/"},{"@type":"ListItem","position":3,"name":"Metalna kop\u010da za pin\u010danje noktiju 31 mm"}]},{"@type":"WebSite","@id":"https:\/\/meavia-mh.hr\/sl\/#website","url":"https:\/\/meavia-mh.hr\/sl\/","name":"MEA VIA BEAUTY","description":"Only The Best For Your Beauty","publisher":{"@id":"https:\/\/meavia-mh.hr\/sl\/#organization"},"alternateName":"Mea Via Nails","potentialAction":[{"@type":"SearchAction","target":{"@type":"EntryPoint","urlTemplate":"https:\/\/meavia-mh.hr\/sl\/?s={search_term_string}"},"query-input":{"@type":"PropertyValueSpecification","valueRequired":true,"valueName":"search_term_string"}}],"inLanguage":"sl-SI"},{"@type":"Organization","@id":"https:\/\/meavia-mh.hr\/sl\/#organization","name":"Mea Via Nails World","alternateName":"Mea Via","url":"https:\/\/meavia-mh.hr\/sl\/","logo":{"@type":"ImageObject","inLanguage":"sl-SI","@id":"https:\/\/meavia-mh.hr\/sl\/#\/schema\/logo\/image\/","url":"https:\/\/www.meavia-mh.hr\/wp-content\/uploads\/2020\/12\/Mea-Via.png","contentUrl":"https:\/\/www.meavia-mh.hr\/wp-content\/uploads\/2020\/12\/Mea-Via.png","width":1181,"height":393,"caption":"Mea Via Nails World"},"image":{"@id":"https:\/\/meavia-mh.hr\/sl\/#\/schema\/logo\/image\/"},"sameAs":["https:\/\/www.facebook.com\/MeaViaNailsWorld","https:\/\/www.instagram.com\/mea_via_nails_world\/","https:\/\/www.youtube.com\/channel\/UCECk0hpRWP6TN-EfA4ER96g\/featured"]}]}},"spectra_custom_meta":{"_sku":["5901062727278"],"_regular_price":["1.1"],"total_sales":["45"],"_tax_status":["taxable"],"_tax_class":[""],"_manage_stock":["yes"],"_backorders":["no"],"_sold_individually":["no"],"_virtual":["no"],"_downloadable":["no"],"_product_image_gallery":["20241,20240,20244,20252,20245,20243"],"_download_limit":["-1"],"_download_expiry":["-1"],"_thumbnail_id":["20253"],"_stock":["61"],"_stock_status":["instock"],"_wc_average_rating":["0"],"_wc_review_count":["0"],"_product_version":["10.6.2"],"_price":["0.88"],"_wp_page_template":["default"],"_yoast_wpseo_focuskw":["Metalna kop\u010da za pin\u010danje noktiju"],"_yoast_wpseo_linkdex":["55"],"_yoast_wpseo_content_score":["90"],"_yoast_wpseo_primary_product_cat":["24"],"site-sidebar-layout":["default"],"site-content-layout":["default"],"theme-transparent-header-meta":["default"],"stick-header-meta":["default"],"_yoast_wpseo_metadesc":["%%title%% %%sep%% za izradu c-luka%%sep%% za pin\u010danje %%sep%% top kvaliteta %%sep%% metalne kop\u010de za pin\u010danje %%sep%% stezaljka za pin\u010danje"],"_yoast_wpseo_estimated-reading-time-minutes":["1"],"_woocs_price_geo_countries":[""],"_woocs_regular_price_geo":[""],"_woocs_sale_price_geo":[""],"cartflows_redirect_flow_id":[""],"cartflows_add_to_cart_text":[""],"_oembed_83f44044c8d33c0043318e27c4d5cefb":["<iframe title=\"Brusilica Marathon 3\" width=\"500\" height=\"281\" src=\"https:\/\/www.youtube.com\/embed\/arMjmxUu5dY?feature=oembed\" frameborder=\"0\" allow=\"accelerometer; autoplay; clipboard-write; encrypted-media; gyroscope; picture-in-picture\" allowfullscreen><\/iframe>"],"_oembed_time_83f44044c8d33c0043318e27c4d5cefb":["1628411514"],"_oembed_fd03f06d7b392a2c4483f65b44b045cf":["<iframe title=\"Brusilica Marathon 3\" width=\"898\" height=\"505\" src=\"https:\/\/www.youtube.com\/embed\/arMjmxUu5dY?feature=oembed\" frameborder=\"0\" allow=\"accelerometer; autoplay; clipboard-write; encrypted-media; gyroscope; picture-in-picture\" allowfullscreen><\/iframe>"],"_oembed_time_fd03f06d7b392a2c4483f65b44b045cf":["1628411516"],"_oembed_30e73c3855363736a48ac2452393f82f":["<iframe title=\"Brusilica Marathon 3 Champion\" width=\"922\" height=\"519\" src=\"https:\/\/www.youtube.com\/embed\/arMjmxUu5dY?feature=oembed\" frameborder=\"0\" allow=\"accelerometer; autoplay; clipboard-write; encrypted-media; gyroscope; picture-in-picture\" allowfullscreen><\/iframe>"],"_oembed_time_30e73c3855363736a48ac2452393f82f":["1628412271"],"_oembed_143f70aa5b7f20bfb8e464f950236574":["<iframe title=\"Brusilica Marathon 3 Champion\" width=\"1200\" height=\"675\" src=\"https:\/\/www.youtube.com\/embed\/arMjmxUu5dY?feature=oembed\" frameborder=\"0\" allow=\"accelerometer; autoplay; clipboard-write; encrypted-media; gyroscope; picture-in-picture\" allowfullscreen><\/iframe>"],"_oembed_time_143f70aa5b7f20bfb8e464f950236574":["1628421158"],"_oembed_76fb69acf37e468c4152de83f67b53e2":["<iframe title=\"Marathon K-35 Cube\" width=\"500\" height=\"281\" src=\"https:\/\/www.youtube.com\/embed\/KiUOlhpxP4U?feature=oembed\" frameborder=\"0\" allow=\"accelerometer; autoplay; clipboard-write; encrypted-media; gyroscope; picture-in-picture\" allowfullscreen><\/iframe>"],"_oembed_time_76fb69acf37e468c4152de83f67b53e2":["1630617750"],"_oembed_e4b5a8521ccd38526004dc5c9e5b0821":["<iframe title=\"Marathon K-35 Cube\" width=\"898\" height=\"505\" src=\"https:\/\/www.youtube.com\/embed\/KiUOlhpxP4U?feature=oembed\" frameborder=\"0\" allow=\"accelerometer; autoplay; clipboard-write; encrypted-media; gyroscope; picture-in-picture\" allowfullscreen><\/iframe>"],"_oembed_time_e4b5a8521ccd38526004dc5c9e5b0821":["1628625314"],"_oembed_cec2353f12088b8b08913046d8edda04":["<iframe title=\"Marathon K-35 Cube\" width=\"922\" height=\"519\" src=\"https:\/\/www.youtube.com\/embed\/KiUOlhpxP4U?feature=oembed\" frameborder=\"0\" allow=\"accelerometer; autoplay; clipboard-write; encrypted-media; gyroscope; picture-in-picture\" allowfullscreen><\/iframe>"],"_oembed_time_cec2353f12088b8b08913046d8edda04":["1628626170"],"_oembed_80c2050ed97690eec8331119d7f4ce8b":["<iframe title=\"Marathon K-35 Cube\" width=\"1200\" height=\"675\" src=\"https:\/\/www.youtube.com\/embed\/KiUOlhpxP4U?feature=oembed\" frameborder=\"0\" allow=\"accelerometer; autoplay; clipboard-write; encrypted-media; gyroscope; picture-in-picture\" allowfullscreen><\/iframe>"],"_oembed_time_80c2050ed97690eec8331119d7f4ce8b":["1628626219"],"_woocs_regular_price_EUR":["-1"],"_woocs_sale_price_EUR":["-1"],"_yoast_wpseo_wordproof_timestamp":[""],"_lowest_price_30_days":["0.9"],"_yoast_wpseo_primary_fb_product_set":[""],"_edit_lock":["1684192617:1239"],"_edit_last":["1239"],"footer-adv-display":[null],"adv-header-id-meta":[""],"uag_migration_processed":["1"],"_sale_price":["0.88"],"_uag_page_assets":["a:9:{s:3:\"css\";s:0:\"\";s:2:\"js\";s:0:\"\";s:18:\"current_block_list\";a:3:{i:0;s:11:\"core\/search\";i:1;s:18:\"core\/legacy-widget\";i:2;s:27:\"woocommerce\/product-filters\";}s:8:\"uag_flag\";b:0;s:11:\"uag_version\";s:10:\"1776341704\";s:6:\"gfonts\";a:0:{}s:10:\"gfonts_url\";s:0:\"\";s:12:\"gfonts_files\";a:0:{}s:14:\"uag_faq_layout\";b:0;}"],"_elementor_page_assets":["a:0:{}"]},"uagb_featured_image_src":{"full":["https:\/\/www.meavia-mh.hr\/wp-content\/uploads\/2023\/05\/Slika-zaslona-2023-05-10-u-18.38.09.jpg",1616,1612,false],"thumbnail":["https:\/\/www.meavia-mh.hr\/wp-content\/uploads\/2023\/05\/Slika-zaslona-2023-05-10-u-18.38.09-150x150.jpg",150,150,true],"medium":["https:\/\/www.meavia-mh.hr\/wp-content\/uploads\/2023\/05\/Slika-zaslona-2023-05-10-u-18.38.09-300x300.jpg",300,300,true],"medium_large":["https:\/\/www.meavia-mh.hr\/wp-content\/uploads\/2023\/05\/Slika-zaslona-2023-05-10-u-18.38.09-768x766.jpg",768,766,true],"large":["https:\/\/www.meavia-mh.hr\/wp-content\/uploads\/2023\/05\/Slika-zaslona-2023-05-10-u-18.38.09-1024x1021.jpg",1024,1021,true],"1536x1536":["https:\/\/www.meavia-mh.hr\/wp-content\/uploads\/2023\/05\/Slika-zaslona-2023-05-10-u-18.38.09-1536x1532.jpg",1536,1532,true],"2048x2048":["https:\/\/www.meavia-mh.hr\/wp-content\/uploads\/2023\/05\/Slika-zaslona-2023-05-10-u-18.38.09.jpg",1616,1612,false],"trp-custom-language-flag":["https:\/\/www.meavia-mh.hr\/wp-content\/uploads\/2023\/05\/Slika-zaslona-2023-05-10-u-18.38.09-12x12.jpg",12,12,true],"woocommerce_thumbnail":["https:\/\/www.meavia-mh.hr\/wp-content\/uploads\/2023\/05\/Slika-zaslona-2023-05-10-u-18.38.09-300x300.jpg",300,300,true],"woocommerce_single":["https:\/\/www.meavia-mh.hr\/wp-content\/uploads\/2023\/05\/Slika-zaslona-2023-05-10-u-18.38.09-600x599.jpg",600,599,true],"woocommerce_gallery_thumbnail":["https:\/\/www.meavia-mh.hr\/wp-content\/uploads\/2023\/05\/Slika-zaslona-2023-05-10-u-18.38.09-100x100.jpg",100,100,true]},"uagb_author_info":{"display_name":"Zla Gol","author_link":"https:\/\/www.meavia-mh.hr\/sl\/author\/"},"uagb_comment_info":0,"uagb_excerpt":"&nbsp; &nbsp; &nbsp; &nbsp;","_links":{"self":[{"href":"https:\/\/www.meavia-mh.hr\/sl\/wp-json\/wp\/v2\/product\/20254","targetHints":{"allow":["GET"]}}],"collection":[{"href":"https:\/\/www.meavia-mh.hr\/sl\/wp-json\/wp\/v2\/product"}],"about":[{"href":"https:\/\/www.meavia-mh.hr\/sl\/wp-json\/wp\/v2\/types\/product"}],"replies":[{"embeddable":true,"href":"https:\/\/www.meavia-mh.hr\/sl\/wp-json\/wp\/v2\/comments?post=20254"}],"version-history":[{"count":1,"href":"https:\/\/www.meavia-mh.hr\/sl\/wp-json\/wp\/v2\/product\/20254\/revisions"}],"predecessor-version":[{"id":30480,"href":"https:\/\/www.meavia-mh.hr\/sl\/wp-json\/wp\/v2\/product\/20254\/revisions\/30480"}],"wp:featuredmedia":[{"embeddable":true,"href":"https:\/\/www.meavia-mh.hr\/sl\/wp-json\/wp\/v2\/media\/20253"}],"wp:attachment":[{"href":"https:\/\/www.meavia-mh.hr\/sl\/wp-json\/wp\/v2\/media?parent=20254"}],"wp:term":[{"taxonomy":"product_brand","embeddable":true,"href":"https:\/\/www.meavia-mh.hr\/sl\/wp-json\/wp\/v2\/product_brand?post=20254"},{"taxonomy":"product_cat","embeddable":true,"href":"https:\/\/www.meavia-mh.hr\/sl\/wp-json\/wp\/v2\/product_cat?post=20254"},{"taxonomy":"product_tag","embeddable":true,"href":"https:\/\/www.meavia-mh.hr\/sl\/wp-json\/wp\/v2\/product_tag?post=20254"}],"curies":[{"name":"delovni list","href":"https:\/\/api.w.org\/{rel}","templated":true}]}}