{"id":20234,"date":"2023-05-10T16:16:52","date_gmt":"2023-05-10T16:16:52","guid":{"rendered":"https:\/\/www.meavia-mh.hr\/?post_type=product&#038;p=20234"},"modified":"2026-01-24T07:56:31","modified_gmt":"2026-01-24T06:56:31","slug":"folija-za-skidanje-trajnog-laka-gel-lack-off-folia-100-kom","status":"publish","type":"product","link":"https:\/\/www.meavia-mh.hr\/sl\/product\/folija-za-skidanje-trajnog-laka-gel-lack-off-folia-100-kom\/","title":{"rendered":"Folija za odstranjevanje permanentnega laka (gel lak off folija) - 100 kom"},"content":{"rendered":"<div class=\"product-description rte\">\n<div class=\"vc_row wpb_row vc_row-fluid\">\n<div class=\"wpb_column vc_column_container vc_col-sm-12\">\n<div class=\"vc_column-inner\">\n<div class=\"wpb_wrapper\">\n<div class=\"vc_row wpb_row vc_inner vc_row-fluid\">\n<div class=\"wpb_column vc_column_container vc_col-sm-6\">\n<div class=\"vc_column-inner\">\n<div class=\"wpb_wrapper\">\n<div class=\"ult-spacer spacer-60075a7ea814f\" data-id=\"60075a7ea814f\" data-height=\"120\" data-height-mobile=\"0\" data-height-tab=\"\" data-height-tab-portrait=\"\" data-height-mobile-landscape=\"0\">Folija za odstranjevanje permanentnega laka (gel lak off folija) je enostavna re\u0161itev za odstranjevanje starega permanentnega laka. D<span style=\"font-size: 16px\">namenjeni so strankam profesionalnih kozmeti\u010dnih salonov. Primerno za permanentno lakiranje (<span class=\"\">hibridni, geli za gel lake), geli, akrili in tradicionalni laki.\u00a0<\/span>Prihranijo nepotrebno uporabo acetona, so ekonomi\u010dni in enostavni za uporabo.<\/span><\/div>\n<div data-id=\"60075a7ea814f\" data-height=\"120\" data-height-mobile=\"0\" data-height-tab=\"\" data-height-tab-portrait=\"\" data-height-mobile-landscape=\"0\"><\/div>\n<div class=\"wpb_text_column wpb_content_element\">\n<div class=\"wpb_wrapper\">\n<div class=\"item item-6\">\n<p><strong><span><span class=\"\">Uporaba:<\/span><\/span><\/strong><\/p>\n<ol>\n<li><span>Namo\u010dite vatno blazinico <a href=\"https:\/\/www.meavia-mh.hr\/sl\/product\/claresa-remover-500-ml\/\"><strong>Odstranjevalec Clares<\/strong><\/a>\u00a0- re\u0161itev za odstranjevanje permanentnega laka.<\/span><\/li>\n<li><span>Namo\u010deno vato polo\u017eite na noht (direktno na plo\u0161\u010dico, pod obnohtno ko\u017eico).<\/span><\/li>\n<li><span>Ovijte folijo okoli prsta\/stopala.<\/span><\/li>\n<li><span>Konec folije upognite okoli prsta. Pokrov je zdaj zavarovan.<\/span><\/li>\n<li><span>Obkladek pustite na prstih pribli\u017eno 10 minut.<\/span><\/li>\n<li><span>Previdno odvijte folijo in jo odstranite s prsta.<\/span><\/li>\n<li><span>Z vato odstranite folijo z nohta.<\/span><\/li>\n<li><span>O\u010distite noht.<\/span><\/li>\n<\/ol>\n<p><strong><span>Dimenzije folije:<\/span><\/strong><span>\u00a010,5 cm x 8,5 cm.<\/span><\/p>\n<h6>Pakiranje: 100 kosov<\/h6>\n<h6><span style=\"font-size: 16px;font-style: normal\">Hranite stran od otrok.<\/span><\/h6>\n<h6><\/h6>\n<\/div>\n<\/div>\n<\/div>\n<\/div>\n<\/div>\n<\/div>\n<\/div>\n<\/div>\n<\/div>\n<\/div>\n<\/div>\n<\/div>","protected":false},"excerpt":{"rendered":"<p>&nbsp;<\/p>\n<p>&nbsp;<\/p>\n<p>&nbsp;<\/p>\n<p>&nbsp;<\/p>","protected":false},"featured_media":20236,"comment_status":"closed","ping_status":"closed","template":"","meta":{"_uag_custom_page_level_css":"","site-sidebar-layout":"default","site-content-layout":"default","ast-site-content-layout":"default","site-content-style":"default","site-sidebar-style":"default","ast-global-header-display":"","ast-banner-title-visibility":"","ast-main-header-display":"","ast-hfb-above-header-display":"","ast-hfb-below-header-display":"","ast-hfb-mobile-header-display":"","site-post-title":"","ast-breadcrumbs-content":"","ast-featured-img":"","footer-sml-layout":"","ast-disable-related-posts":"","theme-transparent-header-meta":"default","adv-header-id-meta":"","stick-header-meta":"default","header-above-stick-meta":"","header-main-stick-meta":"","header-below-stick-meta":"","astra-migrate-meta-layouts":"default","ast-page-background-enabled":"default","ast-page-background-meta":{"desktop":{"background-color":"var(--ast-global-color-4)","background-image":"","background-repeat":"repeat","background-position":"center center","background-size":"auto","background-attachment":"scroll","background-type":"","background-media":"","overlay-type":"","overlay-color":"","overlay-opacity":"","overlay-gradient":""},"tablet":{"background-color":"","background-image":"","background-repeat":"repeat","background-position":"center center","background-size":"auto","background-attachment":"scroll","background-type":"","background-media":"","overlay-type":"","overlay-color":"","overlay-opacity":"","overlay-gradient":""},"mobile":{"background-color":"","background-image":"","background-repeat":"repeat","background-position":"center center","background-size":"auto","background-attachment":"scroll","background-type":"","background-media":"","overlay-type":"","overlay-color":"","overlay-opacity":"","overlay-gradient":""}},"ast-content-background-meta":{"desktop":{"background-color":"var(--ast-global-color-5)","background-image":"","background-repeat":"repeat","background-position":"center center","background-size":"auto","background-attachment":"scroll","background-type":"","background-media":"","overlay-type":"","overlay-color":"","overlay-opacity":"","overlay-gradient":""},"tablet":{"background-color":"var(--ast-global-color-5)","background-image":"","background-repeat":"repeat","background-position":"center center","background-size":"auto","background-attachment":"scroll","background-type":"","background-media":"","overlay-type":"","overlay-color":"","overlay-opacity":"","overlay-gradient":""},"mobile":{"background-color":"var(--ast-global-color-5)","background-image":"","background-repeat":"repeat","background-position":"center center","background-size":"auto","background-attachment":"scroll","background-type":"","background-media":"","overlay-type":"","overlay-color":"","overlay-opacity":"","overlay-gradient":""}}},"product_brand":[],"product_cat":[24],"product_tag":[37],"class_list":{"0":"post-20234","1":"product","2":"type-product","3":"status-publish","4":"has-post-thumbnail","6":"product_cat-dodaci","7":"product_tag-trajni-lak","8":"desktop-align-left","9":"tablet-align-left","10":"mobile-align-left","11":"ast-product-gallery-layout-horizontal-slider","12":"ast-product-tabs-layout-horizontal","14":"first","15":"outofstock","16":"taxable","17":"shipping-taxable","18":"purchasable","19":"product-type-simple"},"yoast_head":"<!-- This site is optimized with the Yoast SEO plugin v27.4 - https:\/\/yoast.com\/product\/yoast-seo-wordpress\/ -->\n<title>Folija za skidanje trajnog laka (gel lack off folia) - 100 kom &#8902; Mea Via Beauty<\/title>\n<meta name=\"description\" content=\"Folija za skidanje trajnog laka (gel lack off folia) - 100 kom &#8902; za vi\u0161ekratnu upotrebu&#8902; 100 komada &#8902; brzo i jednostavno uklanjanje trajnog laka\" \/>\n<meta name=\"robots\" content=\"index, follow, max-snippet:-1, max-image-preview:large, max-video-preview:-1\" \/>\n<link rel=\"canonical\" href=\"https:\/\/www.meavia-mh.hr\/sl\/product\/folija-za-skidanje-trajnog-laka-gel-lack-off-folia-100-kom\/\" \/>\n<meta property=\"og:locale\" content=\"sl_SI\" \/>\n<meta property=\"og:type\" content=\"article\" \/>\n<meta property=\"og:title\" content=\"Folija za skidanje trajnog laka (gel lack off folia) - 100 kom &#8902; Mea Via Beauty\" \/>\n<meta property=\"og:description\" content=\"Folija za skidanje trajnog laka (gel lack off folia) - 100 kom &#8902; za vi\u0161ekratnu upotrebu&#8902; 100 komada &#8902; brzo i jednostavno uklanjanje trajnog laka\" \/>\n<meta property=\"og:url\" content=\"https:\/\/www.meavia-mh.hr\/sl\/product\/folija-za-skidanje-trajnog-laka-gel-lack-off-folia-100-kom\/\" \/>\n<meta property=\"og:site_name\" content=\"Mea Via Beauty\" \/>\n<meta property=\"article:publisher\" content=\"https:\/\/www.facebook.com\/MeaViaNailsWorld\" \/>\n<meta property=\"article:modified_time\" content=\"2026-01-24T06:56:31+00:00\" \/>\n<meta property=\"og:image\" content=\"https:\/\/www.meavia-mh.hr\/wp-content\/uploads\/2023\/05\/Folia-za-skidanje-trajnog-laka-1.jpg\" \/>\n\t<meta property=\"og:image:width\" content=\"1616\" \/>\n\t<meta property=\"og:image:height\" content=\"1612\" \/>\n\t<meta property=\"og:image:type\" content=\"image\/jpeg\" \/>\n<meta name=\"twitter:card\" content=\"summary_large_image\" \/>\n<meta name=\"twitter:label1\" content=\"Est. reading time\" \/>\n\t<meta name=\"twitter:data1\" content=\"1 minuta\" \/>\n<script type=\"application\/ld+json\" class=\"yoast-schema-graph\">{\"@context\":\"https:\\\/\\\/schema.org\",\"@graph\":[{\"@type\":\"WebPage\",\"@id\":\"https:\\\/\\\/www.meavia-mh.hr\\\/product\\\/folija-za-skidanje-trajnog-laka-gel-lack-off-folia-100-kom\\\/\",\"url\":\"https:\\\/\\\/www.meavia-mh.hr\\\/product\\\/folija-za-skidanje-trajnog-laka-gel-lack-off-folia-100-kom\\\/\",\"name\":\"Folija za skidanje trajnog laka (gel lack off folia) - 100 kom &#8902; Mea Via Beauty\",\"isPartOf\":{\"@id\":\"https:\\\/\\\/meavia-mh.hr\\\/sl\\\/#website\"},\"primaryImageOfPage\":{\"@id\":\"https:\\\/\\\/www.meavia-mh.hr\\\/product\\\/folija-za-skidanje-trajnog-laka-gel-lack-off-folia-100-kom\\\/#primaryimage\"},\"image\":{\"@id\":\"https:\\\/\\\/www.meavia-mh.hr\\\/product\\\/folija-za-skidanje-trajnog-laka-gel-lack-off-folia-100-kom\\\/#primaryimage\"},\"thumbnailUrl\":\"https:\\\/\\\/www.meavia-mh.hr\\\/wp-content\\\/uploads\\\/2023\\\/05\\\/Folia-za-skidanje-trajnog-laka-1.jpg\",\"datePublished\":\"2023-05-10T16:16:52+00:00\",\"dateModified\":\"2026-01-24T06:56:31+00:00\",\"description\":\"Folija za skidanje trajnog laka (gel lack off folia) - 100 kom &#8902; za vi\u0161ekratnu upotrebu&#8902; 100 komada &#8902; brzo i jednostavno uklanjanje trajnog laka\",\"breadcrumb\":{\"@id\":\"https:\\\/\\\/www.meavia-mh.hr\\\/product\\\/folija-za-skidanje-trajnog-laka-gel-lack-off-folia-100-kom\\\/#breadcrumb\"},\"inLanguage\":\"sl-SI\",\"potentialAction\":[{\"@type\":\"ReadAction\",\"target\":[\"https:\\\/\\\/www.meavia-mh.hr\\\/product\\\/folija-za-skidanje-trajnog-laka-gel-lack-off-folia-100-kom\\\/\"]}]},{\"@type\":\"ImageObject\",\"inLanguage\":\"sl-SI\",\"@id\":\"https:\\\/\\\/www.meavia-mh.hr\\\/product\\\/folija-za-skidanje-trajnog-laka-gel-lack-off-folia-100-kom\\\/#primaryimage\",\"url\":\"https:\\\/\\\/www.meavia-mh.hr\\\/wp-content\\\/uploads\\\/2023\\\/05\\\/Folia-za-skidanje-trajnog-laka-1.jpg\",\"contentUrl\":\"https:\\\/\\\/www.meavia-mh.hr\\\/wp-content\\\/uploads\\\/2023\\\/05\\\/Folia-za-skidanje-trajnog-laka-1.jpg\",\"width\":1616,\"height\":1612,\"caption\":\"Folia za skidanje trajnog laka (gel lack off folia)\"},{\"@type\":\"BreadcrumbList\",\"@id\":\"https:\\\/\\\/www.meavia-mh.hr\\\/product\\\/folija-za-skidanje-trajnog-laka-gel-lack-off-folia-100-kom\\\/#breadcrumb\",\"itemListElement\":[{\"@type\":\"ListItem\",\"position\":1,\"name\":\"Po\u010detna stranica\",\"item\":\"https:\\\/\\\/www.meavia-mh.hr\\\/\"},{\"@type\":\"ListItem\",\"position\":2,\"name\":\"Trgovina\",\"item\":\"https:\\\/\\\/meavia-mh.hr\\\/sl\\\/store\\\/\"},{\"@type\":\"ListItem\",\"position\":3,\"name\":\"Folija za skidanje trajnog laka (gel lack off folia) &#8211; 100 kom\"}]},{\"@type\":\"WebSite\",\"@id\":\"https:\\\/\\\/meavia-mh.hr\\\/sl\\\/#website\",\"url\":\"https:\\\/\\\/meavia-mh.hr\\\/sl\\\/\",\"name\":\"Mea Via Beauty\",\"description\":\"Only The Best For Your Beauty\",\"publisher\":{\"@id\":\"https:\\\/\\\/meavia-mh.hr\\\/sl\\\/#organization\"},\"alternateName\":\"Mea Via Nails\",\"potentialAction\":[{\"@type\":\"SearchAction\",\"target\":{\"@type\":\"EntryPoint\",\"urlTemplate\":\"https:\\\/\\\/meavia-mh.hr\\\/sl\\\/?s={search_term_string}\"},\"query-input\":{\"@type\":\"PropertyValueSpecification\",\"valueRequired\":true,\"valueName\":\"search_term_string\"}}],\"inLanguage\":\"sl-SI\"},{\"@type\":\"Organization\",\"@id\":\"https:\\\/\\\/meavia-mh.hr\\\/sl\\\/#organization\",\"name\":\"Mea Via Nails World\",\"alternateName\":\"Mea Via\",\"url\":\"https:\\\/\\\/meavia-mh.hr\\\/sl\\\/\",\"logo\":{\"@type\":\"ImageObject\",\"inLanguage\":\"sl-SI\",\"@id\":\"https:\\\/\\\/meavia-mh.hr\\\/sl\\\/#\\\/schema\\\/logo\\\/image\\\/\",\"url\":\"https:\\\/\\\/www.meavia-mh.hr\\\/wp-content\\\/uploads\\\/2020\\\/12\\\/Mea-Via.png\",\"contentUrl\":\"https:\\\/\\\/www.meavia-mh.hr\\\/wp-content\\\/uploads\\\/2020\\\/12\\\/Mea-Via.png\",\"width\":1181,\"height\":393,\"caption\":\"Mea Via Nails World\"},\"image\":{\"@id\":\"https:\\\/\\\/meavia-mh.hr\\\/sl\\\/#\\\/schema\\\/logo\\\/image\\\/\"},\"sameAs\":[\"https:\\\/\\\/www.facebook.com\\\/MeaViaNailsWorld\",\"https:\\\/\\\/www.instagram.com\\\/mea_via_nails_world\\\/\",\"https:\\\/\\\/www.youtube.com\\\/channel\\\/UCECk0hpRWP6TN-EfA4ER96g\\\/featured\"]}]}<\/script>\n<!-- \/ Yoast SEO plugin. -->","yoast_head_json":{"title":"Folija za odstranjevanje gel laka - 100 kosov \u22c6 Mea Via Beauty","description":"Folija za odstranjevanje gel laka - 100 kosov \u22c6 za ve\u010dkratno uporabo \u22c6 100 kosov \u22c6 hitro in enostavno odstranjevanje permanentnega laka","robots":{"index":"index","follow":"follow","max-snippet":"max-snippet:-1","max-image-preview":"max-image-preview:large","max-video-preview":"max-video-preview:-1"},"canonical":"https:\/\/www.meavia-mh.hr\/sl\/product\/folija-za-skidanje-trajnog-laka-gel-lack-off-folia-100-kom\/","og_locale":"sl_SI","og_type":"article","og_title":"Folija za skidanje trajnog laka (gel lack off folia) - 100 kom &#8902; Mea Via Beauty","og_description":"Folija za skidanje trajnog laka (gel lack off folia) - 100 kom &#8902; za vi\u0161ekratnu upotrebu&#8902; 100 komada &#8902; brzo i jednostavno uklanjanje trajnog laka","og_url":"https:\/\/www.meavia-mh.hr\/sl\/product\/folija-za-skidanje-trajnog-laka-gel-lack-off-folia-100-kom\/","og_site_name":"Mea Via Beauty","article_publisher":"https:\/\/www.facebook.com\/MeaViaNailsWorld","article_modified_time":"2026-01-24T06:56:31+00:00","og_image":[{"width":1616,"height":1612,"url":"https:\/\/www.meavia-mh.hr\/wp-content\/uploads\/2023\/05\/Folia-za-skidanje-trajnog-laka-1.jpg","type":"image\/jpeg"}],"twitter_card":"summary_large_image","twitter_misc":{"Est. reading time":"1 minuta"},"schema":{"@context":"https:\/\/schema.org","@graph":[{"@type":"WebPage","@id":"https:\/\/www.meavia-mh.hr\/product\/folija-za-skidanje-trajnog-laka-gel-lack-off-folia-100-kom\/","url":"https:\/\/www.meavia-mh.hr\/product\/folija-za-skidanje-trajnog-laka-gel-lack-off-folia-100-kom\/","name":"Folija za odstranjevanje gel laka - 100 kosov \u22c6 Mea Via Beauty","isPartOf":{"@id":"https:\/\/meavia-mh.hr\/sl\/#website"},"primaryImageOfPage":{"@id":"https:\/\/www.meavia-mh.hr\/product\/folija-za-skidanje-trajnog-laka-gel-lack-off-folia-100-kom\/#primaryimage"},"image":{"@id":"https:\/\/www.meavia-mh.hr\/product\/folija-za-skidanje-trajnog-laka-gel-lack-off-folia-100-kom\/#primaryimage"},"thumbnailUrl":"https:\/\/www.meavia-mh.hr\/wp-content\/uploads\/2023\/05\/Folia-za-skidanje-trajnog-laka-1.jpg","datePublished":"2023-05-10T16:16:52+00:00","dateModified":"2026-01-24T06:56:31+00:00","description":"Folija za odstranjevanje gel laka - 100 kosov \u22c6 za ve\u010dkratno uporabo \u22c6 100 kosov \u22c6 hitro in enostavno odstranjevanje permanentnega laka","breadcrumb":{"@id":"https:\/\/www.meavia-mh.hr\/product\/folija-za-skidanje-trajnog-laka-gel-lack-off-folia-100-kom\/#breadcrumb"},"inLanguage":"sl-SI","potentialAction":[{"@type":"ReadAction","target":["https:\/\/www.meavia-mh.hr\/product\/folija-za-skidanje-trajnog-laka-gel-lack-off-folia-100-kom\/"]}]},{"@type":"ImageObject","inLanguage":"sl-SI","@id":"https:\/\/www.meavia-mh.hr\/product\/folija-za-skidanje-trajnog-laka-gel-lack-off-folia-100-kom\/#primaryimage","url":"https:\/\/www.meavia-mh.hr\/wp-content\/uploads\/2023\/05\/Folia-za-skidanje-trajnog-laka-1.jpg","contentUrl":"https:\/\/www.meavia-mh.hr\/wp-content\/uploads\/2023\/05\/Folia-za-skidanje-trajnog-laka-1.jpg","width":1616,"height":1612,"caption":"Folia za skidanje trajnog laka (gel lack off folia)"},{"@type":"BreadcrumbList","@id":"https:\/\/www.meavia-mh.hr\/product\/folija-za-skidanje-trajnog-laka-gel-lack-off-folia-100-kom\/#breadcrumb","itemListElement":[{"@type":"ListItem","position":1,"name":"Po\u010detna stranica","item":"https:\/\/www.meavia-mh.hr\/"},{"@type":"ListItem","position":2,"name":"Trgovina","item":"https:\/\/meavia-mh.hr\/sl\/store\/"},{"@type":"ListItem","position":3,"name":"Folija za skidanje trajnog laka (gel lack off folia) &#8211; 100 kom"}]},{"@type":"WebSite","@id":"https:\/\/meavia-mh.hr\/sl\/#website","url":"https:\/\/meavia-mh.hr\/sl\/","name":"MEA VIA BEAUTY","description":"Only The Best For Your Beauty","publisher":{"@id":"https:\/\/meavia-mh.hr\/sl\/#organization"},"alternateName":"Mea Via Nails","potentialAction":[{"@type":"SearchAction","target":{"@type":"EntryPoint","urlTemplate":"https:\/\/meavia-mh.hr\/sl\/?s={search_term_string}"},"query-input":{"@type":"PropertyValueSpecification","valueRequired":true,"valueName":"search_term_string"}}],"inLanguage":"sl-SI"},{"@type":"Organization","@id":"https:\/\/meavia-mh.hr\/sl\/#organization","name":"Mea Via Nails World","alternateName":"Mea Via","url":"https:\/\/meavia-mh.hr\/sl\/","logo":{"@type":"ImageObject","inLanguage":"sl-SI","@id":"https:\/\/meavia-mh.hr\/sl\/#\/schema\/logo\/image\/","url":"https:\/\/www.meavia-mh.hr\/wp-content\/uploads\/2020\/12\/Mea-Via.png","contentUrl":"https:\/\/www.meavia-mh.hr\/wp-content\/uploads\/2020\/12\/Mea-Via.png","width":1181,"height":393,"caption":"Mea Via Nails World"},"image":{"@id":"https:\/\/meavia-mh.hr\/sl\/#\/schema\/logo\/image\/"},"sameAs":["https:\/\/www.facebook.com\/MeaViaNailsWorld","https:\/\/www.instagram.com\/mea_via_nails_world\/","https:\/\/www.youtube.com\/channel\/UCECk0hpRWP6TN-EfA4ER96g\/featured"]}]}},"spectra_custom_meta":{"_sku":["5906062719827"],"_regular_price":["3.99"],"total_sales":["31"],"_tax_status":["taxable"],"_tax_class":[""],"_manage_stock":["yes"],"_backorders":["no"],"_sold_individually":["no"],"_virtual":["no"],"_downloadable":["no"],"_product_image_gallery":["20238,20235,20237"],"_download_limit":["-1"],"_download_expiry":["-1"],"_thumbnail_id":["20236"],"_stock":["0"],"_stock_status":["outofstock"],"_wc_average_rating":["0"],"_wc_review_count":["0"],"_product_version":["10.4.3"],"_price":["3.99"],"_wp_page_template":["default"],"_yoast_wpseo_focuskw":["Folija za skidanje trajnog laka (gel lack off folia)"],"_yoast_wpseo_linkdex":["54"],"_yoast_wpseo_content_score":["90"],"_yoast_wpseo_primary_product_cat":["24"],"site-sidebar-layout":["default"],"site-content-layout":["default"],"theme-transparent-header-meta":["default"],"stick-header-meta":["default"],"_yoast_wpseo_metadesc":["%%title%% %%sep%% za vi\u0161ekratnu upotrebu%%sep%% 100 komada %%sep%% brzo i jednostavno uklanjanje trajnog laka"],"_yoast_wpseo_estimated-reading-time-minutes":["1"],"_woocs_price_geo_countries":[""],"_woocs_regular_price_geo":[""],"_woocs_sale_price_geo":[""],"cartflows_redirect_flow_id":[""],"cartflows_add_to_cart_text":[""],"_oembed_83f44044c8d33c0043318e27c4d5cefb":["<iframe title=\"Brusilica Marathon 3\" width=\"500\" height=\"281\" src=\"https:\/\/www.youtube.com\/embed\/arMjmxUu5dY?feature=oembed\" frameborder=\"0\" allow=\"accelerometer; autoplay; clipboard-write; encrypted-media; gyroscope; picture-in-picture\" allowfullscreen><\/iframe>"],"_oembed_time_83f44044c8d33c0043318e27c4d5cefb":["1628411514"],"_oembed_fd03f06d7b392a2c4483f65b44b045cf":["<iframe title=\"Brusilica Marathon 3\" width=\"898\" height=\"505\" src=\"https:\/\/www.youtube.com\/embed\/arMjmxUu5dY?feature=oembed\" frameborder=\"0\" allow=\"accelerometer; autoplay; clipboard-write; encrypted-media; gyroscope; picture-in-picture\" allowfullscreen><\/iframe>"],"_oembed_time_fd03f06d7b392a2c4483f65b44b045cf":["1628411516"],"_oembed_30e73c3855363736a48ac2452393f82f":["<iframe title=\"Brusilica Marathon 3 Champion\" width=\"922\" height=\"519\" src=\"https:\/\/www.youtube.com\/embed\/arMjmxUu5dY?feature=oembed\" frameborder=\"0\" allow=\"accelerometer; autoplay; clipboard-write; encrypted-media; gyroscope; picture-in-picture\" allowfullscreen><\/iframe>"],"_oembed_time_30e73c3855363736a48ac2452393f82f":["1628412271"],"_oembed_143f70aa5b7f20bfb8e464f950236574":["<iframe title=\"Brusilica Marathon 3 Champion\" width=\"1200\" height=\"675\" src=\"https:\/\/www.youtube.com\/embed\/arMjmxUu5dY?feature=oembed\" frameborder=\"0\" allow=\"accelerometer; autoplay; clipboard-write; encrypted-media; gyroscope; picture-in-picture\" allowfullscreen><\/iframe>"],"_oembed_time_143f70aa5b7f20bfb8e464f950236574":["1628421158"],"_oembed_76fb69acf37e468c4152de83f67b53e2":["<iframe title=\"Marathon K-35 Cube\" width=\"500\" height=\"281\" src=\"https:\/\/www.youtube.com\/embed\/KiUOlhpxP4U?feature=oembed\" frameborder=\"0\" allow=\"accelerometer; autoplay; clipboard-write; encrypted-media; gyroscope; picture-in-picture\" allowfullscreen><\/iframe>"],"_oembed_time_76fb69acf37e468c4152de83f67b53e2":["1630617750"],"_oembed_e4b5a8521ccd38526004dc5c9e5b0821":["<iframe title=\"Marathon K-35 Cube\" width=\"898\" height=\"505\" src=\"https:\/\/www.youtube.com\/embed\/KiUOlhpxP4U?feature=oembed\" frameborder=\"0\" allow=\"accelerometer; autoplay; clipboard-write; encrypted-media; gyroscope; picture-in-picture\" allowfullscreen><\/iframe>"],"_oembed_time_e4b5a8521ccd38526004dc5c9e5b0821":["1628625314"],"_oembed_cec2353f12088b8b08913046d8edda04":["<iframe title=\"Marathon K-35 Cube\" width=\"922\" height=\"519\" src=\"https:\/\/www.youtube.com\/embed\/KiUOlhpxP4U?feature=oembed\" frameborder=\"0\" allow=\"accelerometer; autoplay; clipboard-write; encrypted-media; gyroscope; picture-in-picture\" allowfullscreen><\/iframe>"],"_oembed_time_cec2353f12088b8b08913046d8edda04":["1628626170"],"_oembed_80c2050ed97690eec8331119d7f4ce8b":["<iframe title=\"Marathon K-35 Cube\" width=\"1200\" height=\"675\" src=\"https:\/\/www.youtube.com\/embed\/KiUOlhpxP4U?feature=oembed\" frameborder=\"0\" allow=\"accelerometer; autoplay; clipboard-write; encrypted-media; gyroscope; picture-in-picture\" allowfullscreen><\/iframe>"],"_oembed_time_80c2050ed97690eec8331119d7f4ce8b":["1628626219"],"_woocs_regular_price_EUR":["4.63"],"_woocs_sale_price_EUR":["-1"],"_lowest_price_30_days":["3.99"],"_edit_lock":["1683736513:1239"],"_edit_last":["1239"],"_yoast_wpseo_wordproof_timestamp":[""],"_yoast_wpseo_primary_fb_product_set":[""],"uag_migration_processed":["1"],"_elementor_page_assets":["a:0:{}"],"_uag_page_assets":["a:9:{s:3:\"css\";s:0:\"\";s:2:\"js\";s:0:\"\";s:18:\"current_block_list\";a:3:{i:0;s:11:\"core\/search\";i:1;s:18:\"core\/legacy-widget\";i:2;s:27:\"woocommerce\/product-filters\";}s:8:\"uag_flag\";b:0;s:11:\"uag_version\";s:10:\"1776872348\";s:6:\"gfonts\";a:0:{}s:10:\"gfonts_url\";s:0:\"\";s:12:\"gfonts_files\";a:0:{}s:14:\"uag_faq_layout\";b:0;}"]},"uagb_featured_image_src":{"full":["https:\/\/www.meavia-mh.hr\/wp-content\/uploads\/2023\/05\/Folia-za-skidanje-trajnog-laka-1.jpg",1616,1612,false],"thumbnail":["https:\/\/www.meavia-mh.hr\/wp-content\/uploads\/2023\/05\/Folia-za-skidanje-trajnog-laka-1-150x150.jpg",150,150,true],"medium":["https:\/\/www.meavia-mh.hr\/wp-content\/uploads\/2023\/05\/Folia-za-skidanje-trajnog-laka-1-300x300.jpg",300,300,true],"medium_large":["https:\/\/www.meavia-mh.hr\/wp-content\/uploads\/2023\/05\/Folia-za-skidanje-trajnog-laka-1-768x766.jpg",768,766,true],"large":["https:\/\/www.meavia-mh.hr\/wp-content\/uploads\/2023\/05\/Folia-za-skidanje-trajnog-laka-1-1024x1021.jpg",1024,1021,true],"1536x1536":["https:\/\/www.meavia-mh.hr\/wp-content\/uploads\/2023\/05\/Folia-za-skidanje-trajnog-laka-1-1536x1532.jpg",1536,1532,true],"2048x2048":["https:\/\/www.meavia-mh.hr\/wp-content\/uploads\/2023\/05\/Folia-za-skidanje-trajnog-laka-1.jpg",1616,1612,false],"trp-custom-language-flag":["https:\/\/www.meavia-mh.hr\/wp-content\/uploads\/2023\/05\/Folia-za-skidanje-trajnog-laka-1-12x12.jpg",12,12,true],"woocommerce_thumbnail":["https:\/\/www.meavia-mh.hr\/wp-content\/uploads\/2023\/05\/Folia-za-skidanje-trajnog-laka-1-300x300.jpg",300,300,true],"woocommerce_single":["https:\/\/www.meavia-mh.hr\/wp-content\/uploads\/2023\/05\/Folia-za-skidanje-trajnog-laka-1-600x599.jpg",600,599,true],"woocommerce_gallery_thumbnail":["https:\/\/www.meavia-mh.hr\/wp-content\/uploads\/2023\/05\/Folia-za-skidanje-trajnog-laka-1-100x100.jpg",100,100,true]},"uagb_author_info":{"display_name":"Zla Gol","author_link":"https:\/\/www.meavia-mh.hr\/sl\/author\/"},"uagb_comment_info":0,"uagb_excerpt":"&nbsp; &nbsp; &nbsp; &nbsp;","_links":{"self":[{"href":"https:\/\/www.meavia-mh.hr\/sl\/wp-json\/wp\/v2\/product\/20234","targetHints":{"allow":["GET"]}}],"collection":[{"href":"https:\/\/www.meavia-mh.hr\/sl\/wp-json\/wp\/v2\/product"}],"about":[{"href":"https:\/\/www.meavia-mh.hr\/sl\/wp-json\/wp\/v2\/types\/product"}],"replies":[{"embeddable":true,"href":"https:\/\/www.meavia-mh.hr\/sl\/wp-json\/wp\/v2\/comments?post=20234"}],"version-history":[{"count":1,"href":"https:\/\/www.meavia-mh.hr\/sl\/wp-json\/wp\/v2\/product\/20234\/revisions"}],"predecessor-version":[{"id":30482,"href":"https:\/\/www.meavia-mh.hr\/sl\/wp-json\/wp\/v2\/product\/20234\/revisions\/30482"}],"wp:featuredmedia":[{"embeddable":true,"href":"https:\/\/www.meavia-mh.hr\/sl\/wp-json\/wp\/v2\/media\/20236"}],"wp:attachment":[{"href":"https:\/\/www.meavia-mh.hr\/sl\/wp-json\/wp\/v2\/media?parent=20234"}],"wp:term":[{"taxonomy":"product_brand","embeddable":true,"href":"https:\/\/www.meavia-mh.hr\/sl\/wp-json\/wp\/v2\/product_brand?post=20234"},{"taxonomy":"product_cat","embeddable":true,"href":"https:\/\/www.meavia-mh.hr\/sl\/wp-json\/wp\/v2\/product_cat?post=20234"},{"taxonomy":"product_tag","embeddable":true,"href":"https:\/\/www.meavia-mh.hr\/sl\/wp-json\/wp\/v2\/product_tag?post=20234"}],"curies":[{"name":"delovni list","href":"https:\/\/api.w.org\/{rel}","templated":true}]}}