{"id":20214,"date":"2023-05-09T20:10:20","date_gmt":"2023-05-09T20:10:20","guid":{"rendered":"https:\/\/www.meavia-mh.hr\/?post_type=product&#038;p=20214"},"modified":"2026-01-24T07:56:45","modified_gmt":"2026-01-24T06:56:45","slug":"set-nastavaka-freza-za-brusilicu-za-nokte-pro-4-30-kom","status":"publish","type":"product","link":"https:\/\/www.meavia-mh.hr\/sl\/product\/set-nastavaka-freza-za-brusilicu-za-nokte-pro-4-30-kom\/","title":{"rendered":"Set nastavkov za brusilko za nohte Pro 4 (30 kos)"},"content":{"rendered":"<p>Komplet nastavkov (rezalnik) za brusilnik nohtov je sestavljen iz 30 diamantnih nastavkov za bru\u0161enje. Rezalniki so kot nala\u0161\u010d za odstranjevanje gela in akrilne mase, odstranjevanje obnohtne ko\u017eice okoli nohta, pa tudi za pedikuro.<\/p>\n<p>Ni vam ve\u010d treba skrbeti, da ne boste imeli pravega rezalnika.<\/p>\n<p>Komplet diamantnih rezalnikov <span style=\"font-size: 16px;font-style: normal;font-weight: 400\">odli\u010dno bo pomagal odstraniti ne\u017eeleno ko\u017eico z nohta in odstraniti ostanke gela, permanentnega laka ali akrila.<\/span><\/p>\n<p><span style=\"font-size: 16px\">Ta za\u010detnica<\/span><span style=\"font-size: 16px\"> komplet nastavkov (rezalnik) za manikuro in pedikuro vrhunske kakovosti <a href=\"https:\/\/www.meavia-mh.hr\/sl\/product\/brusilica-za-nokte-portable-star-pro-rose\/\"><strong>Star Pro<\/strong><\/a> ali \u00a0<\/span><a style=\"font-size: 16px;background-color: #ffffff\" href=\"https:\/\/www.meavia-mh.hr\/sl\/product\/brusilica-za-nokte-marathon-3-champion-white-h200\/\"><strong>maraton<\/strong>\u00a0<strong>Prvak<\/strong> brusilniki za nohte<\/a><span style=\"font-size: 16px\"> iz na\u0161e ponudbe vam bo pomagalo delati la\u017eje in hitreje. <\/span><\/p>\n<p><span style=\"font-size: 16px\">Redno preverjajte, ali so va\u0161i nastavki za bru\u0161enje v redu. To lahko enostavno storite s pomo\u010djo posebej oblikovanega\u00a0 <\/span><a style=\"font-size: 16px;background-color: #ffffff\" href=\"https:\/\/www.meavia-mh.hr\/sl\/product\/tester-za-provjeru-freza-acurata\/\"><strong>Acurata tester z rezkarjem<\/strong> (nastavki za bru\u0161enje).<\/a><span style=\"font-size: 16px\">\u00a0<\/span><span class=\"\" style=\"font-size: 16px\">Zahvaljujo\u010d njemu je mogo\u010de preveriti, ali je rezalnik (frezkalnik) plosko in ne povzro\u010da trajnih po\u0161kodb na le\u017eajih glave. <a href=\"https:\/\/www.meavia-mh.hr\/sl\/product\/brusilica-za-nokte-marathon-k35-cube-hot-pink-h20\/\">mlin\u010dki<\/a>.\u00a0<\/span><span style=\"font-size: 16px;font-style: normal;font-weight: 400\">Va\u0161a dragocena elektri\u010dna datoteka vam bo hvale\u017ena!<\/span><span style=\"font-size: 16px\">\u00a0<\/span><\/p>\n<p style=\"font-size: 16px;font-style: normal;font-weight: 400\">Rezalnike lahko varno sterilizirate in razku\u017eite\u00a0<a style=\"font-size: 16px\" href=\"https:\/\/www.meavia-mh.hr\/sl\/product\/promed-ultrasonic-sterilizator-uc-50\/\">Ultrazvo\u010dni sterilizator PROMED<\/a>\u00a0ali\u00a0<a style=\"font-size: 16px\" href=\"https:\/\/www.meavia-mh.hr\/sl\/product\/sterilizator-mini-pro\/\">Sterilizator Mini Pro.<\/a><\/p>\n<p><span style=\"font-size: 16px\">Redno \u010di\u0161\u010denje vam bo pomagalo <\/span><a style=\"font-size: 16px;background-color: #ffffff\" href=\"https:\/\/www.meavia-mh.hr\/sl\/product\/cetkica-za-ciscenje-freza\/\">posebej zasnovana krta\u010da za rezkalnike<\/a><span style=\"font-size: 16px\"> ki s svojo zasnovo in vlakni pomaga u\u010dinkovito odstranjevati prah in umazanijo.<\/span><\/p>\n<h6>Pakiranje: 1 set (30 kosov)<\/h6>","protected":false},"excerpt":{"rendered":"<p>&nbsp;<\/p>\n<p>&nbsp;<\/p>\n<p>&nbsp;<\/p>\n<p>&nbsp;<\/p>","protected":false},"featured_media":20220,"comment_status":"closed","ping_status":"closed","template":"","meta":{"_uag_custom_page_level_css":"","site-sidebar-layout":"default","site-content-layout":null,"ast-site-content-layout":"default","site-content-style":"default","site-sidebar-style":"default","ast-global-header-display":"","ast-banner-title-visibility":"","ast-main-header-display":"","ast-hfb-above-header-display":"","ast-hfb-below-header-display":"","ast-hfb-mobile-header-display":"","site-post-title":"","ast-breadcrumbs-content":null,"ast-featured-img":"","footer-sml-layout":"","ast-disable-related-posts":"","theme-transparent-header-meta":"default","adv-header-id-meta":"","stick-header-meta":"default","header-above-stick-meta":"","header-main-stick-meta":"","header-below-stick-meta":"","astra-migrate-meta-layouts":"default","ast-page-background-enabled":"default","ast-page-background-meta":{"desktop":{"background-color":"var(--ast-global-color-4)","background-image":"","background-repeat":"repeat","background-position":"center center","background-size":"auto","background-attachment":"scroll","background-type":"","background-media":"","overlay-type":"","overlay-color":"","overlay-opacity":"","overlay-gradient":""},"tablet":{"background-color":"","background-image":"","background-repeat":"repeat","background-position":"center center","background-size":"auto","background-attachment":"scroll","background-type":"","background-media":"","overlay-type":"","overlay-color":"","overlay-opacity":"","overlay-gradient":""},"mobile":{"background-color":"","background-image":"","background-repeat":"repeat","background-position":"center center","background-size":"auto","background-attachment":"scroll","background-type":"","background-media":"","overlay-type":"","overlay-color":"","overlay-opacity":"","overlay-gradient":""}},"ast-content-background-meta":{"desktop":{"background-color":"var(--ast-global-color-5)","background-image":"","background-repeat":"repeat","background-position":"center center","background-size":"auto","background-attachment":"scroll","background-type":"","background-media":"","overlay-type":"","overlay-color":"","overlay-opacity":"","overlay-gradient":""},"tablet":{"background-color":"var(--ast-global-color-5)","background-image":"","background-repeat":"repeat","background-position":"center center","background-size":"auto","background-attachment":"scroll","background-type":"","background-media":"","overlay-type":"","overlay-color":"","overlay-opacity":"","overlay-gradient":""},"mobile":{"background-color":"var(--ast-global-color-5)","background-image":"","background-repeat":"repeat","background-position":"center center","background-size":"auto","background-attachment":"scroll","background-type":"","background-media":"","overlay-type":"","overlay-color":"","overlay-opacity":"","overlay-gradient":""}}},"product_brand":[],"product_cat":[537],"product_tag":[300,314],"class_list":{"0":"post-20214","1":"product","2":"type-product","3":"status-publish","4":"has-post-thumbnail","6":"product_cat-nastavci-za-brusilice","7":"product_tag-brusni-nastavak","8":"product_tag-freza","9":"desktop-align-left","10":"tablet-align-left","11":"mobile-align-left","12":"ast-product-gallery-layout-horizontal-slider","13":"ast-product-tabs-layout-horizontal","15":"first","16":"instock","17":"taxable","18":"shipping-taxable","19":"purchasable","20":"product-type-simple"},"yoast_head":"<!-- This site is optimized with the Yoast SEO plugin v27.4 - https:\/\/yoast.com\/product\/yoast-seo-wordpress\/ -->\n<title>Set nastavaka (freza) za brusilicu za nokte Pro 4 (30 kom) &#8902; Mea Via Beauty<\/title>\n<meta name=\"description\" content=\"Set nastavaka (freza) za brusilicu za nokte Pro 4 (30 kom) &#8902; brusni nastavci za nokte&#8902; za pedikuru i manikuru &#8902; top kvaliteta &#8902;\" \/>\n<meta name=\"robots\" content=\"index, follow, max-snippet:-1, max-image-preview:large, max-video-preview:-1\" \/>\n<link rel=\"canonical\" href=\"https:\/\/www.meavia-mh.hr\/sl\/product\/set-nastavaka-freza-za-brusilicu-za-nokte-pro-4-30-kom\/\" \/>\n<meta property=\"og:locale\" content=\"sl_SI\" \/>\n<meta property=\"og:type\" content=\"article\" \/>\n<meta property=\"og:title\" content=\"Set nastavaka (freza) za brusilicu za nokte Pro 4 (30 kom) &#8902; Mea Via Beauty\" \/>\n<meta property=\"og:description\" content=\"Set nastavaka (freza) za brusilicu za nokte Pro 4 (30 kom) &#8902; brusni nastavci za nokte&#8902; za pedikuru i manikuru &#8902; top kvaliteta &#8902;\" \/>\n<meta property=\"og:url\" content=\"https:\/\/www.meavia-mh.hr\/sl\/product\/set-nastavaka-freza-za-brusilicu-za-nokte-pro-4-30-kom\/\" \/>\n<meta property=\"og:site_name\" content=\"Mea Via Beauty\" \/>\n<meta property=\"article:publisher\" content=\"https:\/\/www.facebook.com\/MeaViaNailsWorld\" \/>\n<meta property=\"article:modified_time\" content=\"2026-01-24T06:56:45+00:00\" \/>\n<meta property=\"og:image\" content=\"https:\/\/www.meavia-mh.hr\/wp-content\/uploads\/2023\/05\/Set-nastavaka-freza-za-brusilicu-za-nokte-Pro-4.d.jpg\" \/>\n\t<meta property=\"og:image:width\" content=\"1616\" \/>\n\t<meta property=\"og:image:height\" content=\"1612\" \/>\n\t<meta property=\"og:image:type\" content=\"image\/jpeg\" \/>\n<meta name=\"twitter:card\" content=\"summary_large_image\" \/>\n<meta name=\"twitter:label1\" content=\"Est. reading time\" \/>\n\t<meta name=\"twitter:data1\" content=\"2 minuti\" \/>\n<script type=\"application\/ld+json\" class=\"yoast-schema-graph\">{\"@context\":\"https:\\\/\\\/schema.org\",\"@graph\":[{\"@type\":\"WebPage\",\"@id\":\"https:\\\/\\\/www.meavia-mh.hr\\\/product\\\/set-nastavaka-freza-za-brusilicu-za-nokte-pro-4-30-kom\\\/\",\"url\":\"https:\\\/\\\/www.meavia-mh.hr\\\/product\\\/set-nastavaka-freza-za-brusilicu-za-nokte-pro-4-30-kom\\\/\",\"name\":\"Set nastavaka (freza) za brusilicu za nokte Pro 4 (30 kom) &#8902; Mea Via Beauty\",\"isPartOf\":{\"@id\":\"https:\\\/\\\/meavia-mh.hr\\\/sl\\\/#website\"},\"primaryImageOfPage\":{\"@id\":\"https:\\\/\\\/www.meavia-mh.hr\\\/product\\\/set-nastavaka-freza-za-brusilicu-za-nokte-pro-4-30-kom\\\/#primaryimage\"},\"image\":{\"@id\":\"https:\\\/\\\/www.meavia-mh.hr\\\/product\\\/set-nastavaka-freza-za-brusilicu-za-nokte-pro-4-30-kom\\\/#primaryimage\"},\"thumbnailUrl\":\"https:\\\/\\\/www.meavia-mh.hr\\\/wp-content\\\/uploads\\\/2023\\\/05\\\/Set-nastavaka-freza-za-brusilicu-za-nokte-Pro-4.d.jpg\",\"datePublished\":\"2023-05-09T20:10:20+00:00\",\"dateModified\":\"2026-01-24T06:56:45+00:00\",\"description\":\"Set nastavaka (freza) za brusilicu za nokte Pro 4 (30 kom) &#8902; brusni nastavci za nokte&#8902; za pedikuru i manikuru &#8902; top kvaliteta &#8902;\",\"breadcrumb\":{\"@id\":\"https:\\\/\\\/www.meavia-mh.hr\\\/product\\\/set-nastavaka-freza-za-brusilicu-za-nokte-pro-4-30-kom\\\/#breadcrumb\"},\"inLanguage\":\"sl-SI\",\"potentialAction\":[{\"@type\":\"ReadAction\",\"target\":[\"https:\\\/\\\/www.meavia-mh.hr\\\/product\\\/set-nastavaka-freza-za-brusilicu-za-nokte-pro-4-30-kom\\\/\"]}]},{\"@type\":\"ImageObject\",\"inLanguage\":\"sl-SI\",\"@id\":\"https:\\\/\\\/www.meavia-mh.hr\\\/product\\\/set-nastavaka-freza-za-brusilicu-za-nokte-pro-4-30-kom\\\/#primaryimage\",\"url\":\"https:\\\/\\\/www.meavia-mh.hr\\\/wp-content\\\/uploads\\\/2023\\\/05\\\/Set-nastavaka-freza-za-brusilicu-za-nokte-Pro-4.d.jpg\",\"contentUrl\":\"https:\\\/\\\/www.meavia-mh.hr\\\/wp-content\\\/uploads\\\/2023\\\/05\\\/Set-nastavaka-freza-za-brusilicu-za-nokte-Pro-4.d.jpg\",\"width\":1616,\"height\":1612,\"caption\":\"Set nastavaka (freza) za brusilicu za nokte Pro 4\"},{\"@type\":\"BreadcrumbList\",\"@id\":\"https:\\\/\\\/www.meavia-mh.hr\\\/product\\\/set-nastavaka-freza-za-brusilicu-za-nokte-pro-4-30-kom\\\/#breadcrumb\",\"itemListElement\":[{\"@type\":\"ListItem\",\"position\":1,\"name\":\"Po\u010detna stranica\",\"item\":\"https:\\\/\\\/www.meavia-mh.hr\\\/\"},{\"@type\":\"ListItem\",\"position\":2,\"name\":\"Trgovina\",\"item\":\"https:\\\/\\\/meavia-mh.hr\\\/sl\\\/store\\\/\"},{\"@type\":\"ListItem\",\"position\":3,\"name\":\"Set nastavaka (freza) za brusilicu za nokte Pro 4 (30 kom)\"}]},{\"@type\":\"WebSite\",\"@id\":\"https:\\\/\\\/meavia-mh.hr\\\/sl\\\/#website\",\"url\":\"https:\\\/\\\/meavia-mh.hr\\\/sl\\\/\",\"name\":\"Mea Via Beauty\",\"description\":\"Only The Best For Your Beauty\",\"publisher\":{\"@id\":\"https:\\\/\\\/meavia-mh.hr\\\/sl\\\/#organization\"},\"alternateName\":\"Mea Via Nails\",\"potentialAction\":[{\"@type\":\"SearchAction\",\"target\":{\"@type\":\"EntryPoint\",\"urlTemplate\":\"https:\\\/\\\/meavia-mh.hr\\\/sl\\\/?s={search_term_string}\"},\"query-input\":{\"@type\":\"PropertyValueSpecification\",\"valueRequired\":true,\"valueName\":\"search_term_string\"}}],\"inLanguage\":\"sl-SI\"},{\"@type\":\"Organization\",\"@id\":\"https:\\\/\\\/meavia-mh.hr\\\/sl\\\/#organization\",\"name\":\"Mea Via Nails World\",\"alternateName\":\"Mea Via\",\"url\":\"https:\\\/\\\/meavia-mh.hr\\\/sl\\\/\",\"logo\":{\"@type\":\"ImageObject\",\"inLanguage\":\"sl-SI\",\"@id\":\"https:\\\/\\\/meavia-mh.hr\\\/sl\\\/#\\\/schema\\\/logo\\\/image\\\/\",\"url\":\"https:\\\/\\\/www.meavia-mh.hr\\\/wp-content\\\/uploads\\\/2020\\\/12\\\/Mea-Via.png\",\"contentUrl\":\"https:\\\/\\\/www.meavia-mh.hr\\\/wp-content\\\/uploads\\\/2020\\\/12\\\/Mea-Via.png\",\"width\":1181,\"height\":393,\"caption\":\"Mea Via Nails World\"},\"image\":{\"@id\":\"https:\\\/\\\/meavia-mh.hr\\\/sl\\\/#\\\/schema\\\/logo\\\/image\\\/\"},\"sameAs\":[\"https:\\\/\\\/www.facebook.com\\\/MeaViaNailsWorld\",\"https:\\\/\\\/www.instagram.com\\\/mea_via_nails_world\\\/\",\"https:\\\/\\\/www.youtube.com\\\/channel\\\/UCECk0hpRWP6TN-EfA4ER96g\\\/featured\"]}]}<\/script>\n<!-- \/ Yoast SEO plugin. -->","yoast_head_json":{"title":"Komplet nastavkov (rezalnikov) za brusilnik za nohte Pro 4 (30 kosov) \u22c6 Mea Via Beauty","description":"Komplet nastavkov (rezalnikov) za brusilnik za nohte Pro 4 (30 kosov) \u22c6 nastavki za bru\u0161enje nohtov \u22c6 za pedikuro in manikuro \u22c6 vrhunska kakovost \u22c6","robots":{"index":"index","follow":"follow","max-snippet":"max-snippet:-1","max-image-preview":"max-image-preview:large","max-video-preview":"max-video-preview:-1"},"canonical":"https:\/\/www.meavia-mh.hr\/sl\/product\/set-nastavaka-freza-za-brusilicu-za-nokte-pro-4-30-kom\/","og_locale":"sl_SI","og_type":"article","og_title":"Set nastavaka (freza) za brusilicu za nokte Pro 4 (30 kom) &#8902; Mea Via Beauty","og_description":"Set nastavaka (freza) za brusilicu za nokte Pro 4 (30 kom) &#8902; brusni nastavci za nokte&#8902; za pedikuru i manikuru &#8902; top kvaliteta &#8902;","og_url":"https:\/\/www.meavia-mh.hr\/sl\/product\/set-nastavaka-freza-za-brusilicu-za-nokte-pro-4-30-kom\/","og_site_name":"Mea Via Beauty","article_publisher":"https:\/\/www.facebook.com\/MeaViaNailsWorld","article_modified_time":"2026-01-24T06:56:45+00:00","og_image":[{"width":1616,"height":1612,"url":"https:\/\/www.meavia-mh.hr\/wp-content\/uploads\/2023\/05\/Set-nastavaka-freza-za-brusilicu-za-nokte-Pro-4.d.jpg","type":"image\/jpeg"}],"twitter_card":"summary_large_image","twitter_misc":{"Est. reading time":"2 minuti"},"schema":{"@context":"https:\/\/schema.org","@graph":[{"@type":"WebPage","@id":"https:\/\/www.meavia-mh.hr\/product\/set-nastavaka-freza-za-brusilicu-za-nokte-pro-4-30-kom\/","url":"https:\/\/www.meavia-mh.hr\/product\/set-nastavaka-freza-za-brusilicu-za-nokte-pro-4-30-kom\/","name":"Komplet nastavkov (rezalnikov) za brusilnik za nohte Pro 4 (30 kosov) \u22c6 Mea Via Beauty","isPartOf":{"@id":"https:\/\/meavia-mh.hr\/sl\/#website"},"primaryImageOfPage":{"@id":"https:\/\/www.meavia-mh.hr\/product\/set-nastavaka-freza-za-brusilicu-za-nokte-pro-4-30-kom\/#primaryimage"},"image":{"@id":"https:\/\/www.meavia-mh.hr\/product\/set-nastavaka-freza-za-brusilicu-za-nokte-pro-4-30-kom\/#primaryimage"},"thumbnailUrl":"https:\/\/www.meavia-mh.hr\/wp-content\/uploads\/2023\/05\/Set-nastavaka-freza-za-brusilicu-za-nokte-Pro-4.d.jpg","datePublished":"2023-05-09T20:10:20+00:00","dateModified":"2026-01-24T06:56:45+00:00","description":"Komplet nastavkov (rezalnikov) za brusilnik za nohte Pro 4 (30 kosov) \u22c6 nastavki za bru\u0161enje nohtov \u22c6 za pedikuro in manikuro \u22c6 vrhunska kakovost \u22c6","breadcrumb":{"@id":"https:\/\/www.meavia-mh.hr\/product\/set-nastavaka-freza-za-brusilicu-za-nokte-pro-4-30-kom\/#breadcrumb"},"inLanguage":"sl-SI","potentialAction":[{"@type":"ReadAction","target":["https:\/\/www.meavia-mh.hr\/product\/set-nastavaka-freza-za-brusilicu-za-nokte-pro-4-30-kom\/"]}]},{"@type":"ImageObject","inLanguage":"sl-SI","@id":"https:\/\/www.meavia-mh.hr\/product\/set-nastavaka-freza-za-brusilicu-za-nokte-pro-4-30-kom\/#primaryimage","url":"https:\/\/www.meavia-mh.hr\/wp-content\/uploads\/2023\/05\/Set-nastavaka-freza-za-brusilicu-za-nokte-Pro-4.d.jpg","contentUrl":"https:\/\/www.meavia-mh.hr\/wp-content\/uploads\/2023\/05\/Set-nastavaka-freza-za-brusilicu-za-nokte-Pro-4.d.jpg","width":1616,"height":1612,"caption":"Set nastavaka (freza) za brusilicu za nokte Pro 4"},{"@type":"BreadcrumbList","@id":"https:\/\/www.meavia-mh.hr\/product\/set-nastavaka-freza-za-brusilicu-za-nokte-pro-4-30-kom\/#breadcrumb","itemListElement":[{"@type":"ListItem","position":1,"name":"Po\u010detna stranica","item":"https:\/\/www.meavia-mh.hr\/"},{"@type":"ListItem","position":2,"name":"Trgovina","item":"https:\/\/meavia-mh.hr\/sl\/store\/"},{"@type":"ListItem","position":3,"name":"Set nastavaka (freza) za brusilicu za nokte Pro 4 (30 kom)"}]},{"@type":"WebSite","@id":"https:\/\/meavia-mh.hr\/sl\/#website","url":"https:\/\/meavia-mh.hr\/sl\/","name":"MEA VIA BEAUTY","description":"Only The Best For Your Beauty","publisher":{"@id":"https:\/\/meavia-mh.hr\/sl\/#organization"},"alternateName":"Mea Via Nails","potentialAction":[{"@type":"SearchAction","target":{"@type":"EntryPoint","urlTemplate":"https:\/\/meavia-mh.hr\/sl\/?s={search_term_string}"},"query-input":{"@type":"PropertyValueSpecification","valueRequired":true,"valueName":"search_term_string"}}],"inLanguage":"sl-SI"},{"@type":"Organization","@id":"https:\/\/meavia-mh.hr\/sl\/#organization","name":"Mea Via Nails World","alternateName":"Mea Via","url":"https:\/\/meavia-mh.hr\/sl\/","logo":{"@type":"ImageObject","inLanguage":"sl-SI","@id":"https:\/\/meavia-mh.hr\/sl\/#\/schema\/logo\/image\/","url":"https:\/\/www.meavia-mh.hr\/wp-content\/uploads\/2020\/12\/Mea-Via.png","contentUrl":"https:\/\/www.meavia-mh.hr\/wp-content\/uploads\/2020\/12\/Mea-Via.png","width":1181,"height":393,"caption":"Mea Via Nails World"},"image":{"@id":"https:\/\/meavia-mh.hr\/sl\/#\/schema\/logo\/image\/"},"sameAs":["https:\/\/www.facebook.com\/MeaViaNailsWorld","https:\/\/www.instagram.com\/mea_via_nails_world\/","https:\/\/www.youtube.com\/channel\/UCECk0hpRWP6TN-EfA4ER96g\/featured"]}]}},"spectra_custom_meta":{"_sku":["5903665352246"],"_regular_price":["17.99"],"total_sales":["8"],"_tax_status":["taxable"],"_tax_class":[""],"_manage_stock":["yes"],"_backorders":["no"],"_sold_individually":["no"],"_virtual":["no"],"_downloadable":["no"],"_product_image_gallery":["20215,20221,20219,20218,20217,20216"],"_download_limit":["-1"],"_download_expiry":["-1"],"_thumbnail_id":["20220"],"_stock":["2.000000"],"_stock_status":["instock"],"_wc_average_rating":["0"],"_wc_review_count":["0"],"_product_version":["10.4.3"],"_price":["17.99"],"_wp_page_template":["default"],"_yoast_wpseo_focuskw":["Set nastavaka (freza) za brusilicu za nokte"],"_yoast_wpseo_linkdex":["55"],"_yoast_wpseo_content_score":["90"],"_yoast_wpseo_primary_product_cat":["114"],"site-sidebar-layout":["default"],"site-content-layout":[null],"theme-transparent-header-meta":["default"],"stick-header-meta":["default"],"_yoast_wpseo_metadesc":["%%title%% %%sep%% brusni nastavci za nokte%%sep%% za pedikuru i manikuru %%sep%% top kvaliteta %%sep%%"],"_yoast_wpseo_estimated-reading-time-minutes":["2"],"_woocs_price_geo_countries":[""],"_woocs_regular_price_geo":[""],"_woocs_sale_price_geo":[""],"cartflows_redirect_flow_id":[""],"cartflows_add_to_cart_text":[""],"_oembed_83f44044c8d33c0043318e27c4d5cefb":["<iframe title=\"Brusilica Marathon 3\" width=\"500\" height=\"281\" src=\"https:\/\/www.youtube.com\/embed\/arMjmxUu5dY?feature=oembed\" frameborder=\"0\" allow=\"accelerometer; autoplay; clipboard-write; encrypted-media; gyroscope; picture-in-picture\" allowfullscreen><\/iframe>"],"_oembed_time_83f44044c8d33c0043318e27c4d5cefb":["1628411514"],"_oembed_fd03f06d7b392a2c4483f65b44b045cf":["<iframe title=\"Brusilica Marathon 3\" width=\"898\" height=\"505\" src=\"https:\/\/www.youtube.com\/embed\/arMjmxUu5dY?feature=oembed\" frameborder=\"0\" allow=\"accelerometer; autoplay; clipboard-write; encrypted-media; gyroscope; picture-in-picture\" allowfullscreen><\/iframe>"],"_oembed_time_fd03f06d7b392a2c4483f65b44b045cf":["1628411516"],"_oembed_30e73c3855363736a48ac2452393f82f":["<iframe title=\"Brusilica Marathon 3 Champion\" width=\"922\" height=\"519\" src=\"https:\/\/www.youtube.com\/embed\/arMjmxUu5dY?feature=oembed\" frameborder=\"0\" allow=\"accelerometer; autoplay; clipboard-write; encrypted-media; gyroscope; picture-in-picture\" allowfullscreen><\/iframe>"],"_oembed_time_30e73c3855363736a48ac2452393f82f":["1628412271"],"_oembed_143f70aa5b7f20bfb8e464f950236574":["<iframe title=\"Brusilica Marathon 3 Champion\" width=\"1200\" height=\"675\" src=\"https:\/\/www.youtube.com\/embed\/arMjmxUu5dY?feature=oembed\" frameborder=\"0\" allow=\"accelerometer; autoplay; clipboard-write; encrypted-media; gyroscope; picture-in-picture\" allowfullscreen><\/iframe>"],"_oembed_time_143f70aa5b7f20bfb8e464f950236574":["1628421158"],"_oembed_76fb69acf37e468c4152de83f67b53e2":["<iframe title=\"Marathon K-35 Cube\" width=\"500\" height=\"281\" src=\"https:\/\/www.youtube.com\/embed\/KiUOlhpxP4U?feature=oembed\" frameborder=\"0\" allow=\"accelerometer; autoplay; clipboard-write; encrypted-media; gyroscope; picture-in-picture\" allowfullscreen><\/iframe>"],"_oembed_time_76fb69acf37e468c4152de83f67b53e2":["1630617750"],"_oembed_e4b5a8521ccd38526004dc5c9e5b0821":["<iframe title=\"Marathon K-35 Cube\" width=\"898\" height=\"505\" src=\"https:\/\/www.youtube.com\/embed\/KiUOlhpxP4U?feature=oembed\" frameborder=\"0\" allow=\"accelerometer; autoplay; clipboard-write; encrypted-media; gyroscope; picture-in-picture\" allowfullscreen><\/iframe>"],"_oembed_time_e4b5a8521ccd38526004dc5c9e5b0821":["1628625314"],"_oembed_cec2353f12088b8b08913046d8edda04":["<iframe title=\"Marathon K-35 Cube\" width=\"922\" height=\"519\" src=\"https:\/\/www.youtube.com\/embed\/KiUOlhpxP4U?feature=oembed\" frameborder=\"0\" allow=\"accelerometer; autoplay; clipboard-write; encrypted-media; gyroscope; picture-in-picture\" allowfullscreen><\/iframe>"],"_oembed_time_cec2353f12088b8b08913046d8edda04":["1628626170"],"_oembed_80c2050ed97690eec8331119d7f4ce8b":["<iframe title=\"Marathon K-35 Cube\" width=\"1200\" height=\"675\" src=\"https:\/\/www.youtube.com\/embed\/KiUOlhpxP4U?feature=oembed\" frameborder=\"0\" allow=\"accelerometer; autoplay; clipboard-write; encrypted-media; gyroscope; picture-in-picture\" allowfullscreen><\/iframe>"],"_oembed_time_80c2050ed97690eec8331119d7f4ce8b":["1628626219"],"_woocs_regular_price_EUR":["17.24"],"_woocs_sale_price_EUR":["-1"],"_yoast_wpseo_wordproof_timestamp":[""],"_lowest_price_30_days":["17.99"],"_yoast_wpseo_primary_fb_product_set":[""],"_edit_lock":["1763161068:1239"],"_edit_last":["1239"],"footer-adv-display":[null],"adv-header-id-meta":[""],"uag_migration_processed":["1"],"ast-above-header-display":[null],"ast-below-header-display":[null],"ast-breadcrumbs-content":[null],"_last_change_time":["1763161068"],"_elementor_page_assets":["a:0:{}"],"_uag_page_assets":["a:9:{s:3:\"css\";s:0:\"\";s:2:\"js\";s:0:\"\";s:18:\"current_block_list\";a:3:{i:0;s:11:\"core\/search\";i:1;s:18:\"core\/legacy-widget\";i:2;s:27:\"woocommerce\/product-filters\";}s:8:\"uag_flag\";b:0;s:11:\"uag_version\";s:10:\"1776503599\";s:6:\"gfonts\";a:0:{}s:10:\"gfonts_url\";s:0:\"\";s:12:\"gfonts_files\";a:0:{}s:14:\"uag_faq_layout\";b:0;}"]},"uagb_featured_image_src":{"full":["https:\/\/www.meavia-mh.hr\/wp-content\/uploads\/2023\/05\/Set-nastavaka-freza-za-brusilicu-za-nokte-Pro-4.d.jpg",1616,1612,false],"thumbnail":["https:\/\/www.meavia-mh.hr\/wp-content\/uploads\/2023\/05\/Set-nastavaka-freza-za-brusilicu-za-nokte-Pro-4.d-150x150.jpg",150,150,true],"medium":["https:\/\/www.meavia-mh.hr\/wp-content\/uploads\/2023\/05\/Set-nastavaka-freza-za-brusilicu-za-nokte-Pro-4.d-300x300.jpg",300,300,true],"medium_large":["https:\/\/www.meavia-mh.hr\/wp-content\/uploads\/2023\/05\/Set-nastavaka-freza-za-brusilicu-za-nokte-Pro-4.d-768x766.jpg",768,766,true],"large":["https:\/\/www.meavia-mh.hr\/wp-content\/uploads\/2023\/05\/Set-nastavaka-freza-za-brusilicu-za-nokte-Pro-4.d-1024x1021.jpg",1024,1021,true],"1536x1536":["https:\/\/www.meavia-mh.hr\/wp-content\/uploads\/2023\/05\/Set-nastavaka-freza-za-brusilicu-za-nokte-Pro-4.d-1536x1532.jpg",1536,1532,true],"2048x2048":["https:\/\/www.meavia-mh.hr\/wp-content\/uploads\/2023\/05\/Set-nastavaka-freza-za-brusilicu-za-nokte-Pro-4.d.jpg",1616,1612,false],"trp-custom-language-flag":["https:\/\/www.meavia-mh.hr\/wp-content\/uploads\/2023\/05\/Set-nastavaka-freza-za-brusilicu-za-nokte-Pro-4.d-12x12.jpg",12,12,true],"woocommerce_thumbnail":["https:\/\/www.meavia-mh.hr\/wp-content\/uploads\/2023\/05\/Set-nastavaka-freza-za-brusilicu-za-nokte-Pro-4.d-300x300.jpg",300,300,true],"woocommerce_single":["https:\/\/www.meavia-mh.hr\/wp-content\/uploads\/2023\/05\/Set-nastavaka-freza-za-brusilicu-za-nokte-Pro-4.d-600x599.jpg",600,599,true],"woocommerce_gallery_thumbnail":["https:\/\/www.meavia-mh.hr\/wp-content\/uploads\/2023\/05\/Set-nastavaka-freza-za-brusilicu-za-nokte-Pro-4.d-100x100.jpg",100,100,true]},"uagb_author_info":{"display_name":"Zla Gol","author_link":"https:\/\/www.meavia-mh.hr\/sl\/author\/"},"uagb_comment_info":0,"uagb_excerpt":"&nbsp; &nbsp; &nbsp; &nbsp;","_links":{"self":[{"href":"https:\/\/www.meavia-mh.hr\/sl\/wp-json\/wp\/v2\/product\/20214","targetHints":{"allow":["GET"]}}],"collection":[{"href":"https:\/\/www.meavia-mh.hr\/sl\/wp-json\/wp\/v2\/product"}],"about":[{"href":"https:\/\/www.meavia-mh.hr\/sl\/wp-json\/wp\/v2\/types\/product"}],"replies":[{"embeddable":true,"href":"https:\/\/www.meavia-mh.hr\/sl\/wp-json\/wp\/v2\/comments?post=20214"}],"version-history":[{"count":2,"href":"https:\/\/www.meavia-mh.hr\/sl\/wp-json\/wp\/v2\/product\/20214\/revisions"}],"predecessor-version":[{"id":30485,"href":"https:\/\/www.meavia-mh.hr\/sl\/wp-json\/wp\/v2\/product\/20214\/revisions\/30485"}],"wp:featuredmedia":[{"embeddable":true,"href":"https:\/\/www.meavia-mh.hr\/sl\/wp-json\/wp\/v2\/media\/20220"}],"wp:attachment":[{"href":"https:\/\/www.meavia-mh.hr\/sl\/wp-json\/wp\/v2\/media?parent=20214"}],"wp:term":[{"taxonomy":"product_brand","embeddable":true,"href":"https:\/\/www.meavia-mh.hr\/sl\/wp-json\/wp\/v2\/product_brand?post=20214"},{"taxonomy":"product_cat","embeddable":true,"href":"https:\/\/www.meavia-mh.hr\/sl\/wp-json\/wp\/v2\/product_cat?post=20214"},{"taxonomy":"product_tag","embeddable":true,"href":"https:\/\/www.meavia-mh.hr\/sl\/wp-json\/wp\/v2\/product_tag?post=20214"}],"curies":[{"name":"delovni list","href":"https:\/\/api.w.org\/{rel}","templated":true}]}}