{"id":19837,"date":"2023-04-21T14:24:35","date_gmt":"2023-04-21T14:24:35","guid":{"rendered":"https:\/\/www.meavia-mh.hr\/?post_type=product&#038;p=19837"},"modified":"2026-04-16T15:42:36","modified_gmt":"2026-04-16T14:42:36","slug":"sterilizator-mini-pro-2","status":"publish","type":"product","link":"https:\/\/www.meavia-mh.hr\/sl\/product\/sterilizator-mini-pro-2\/","title":{"rendered":"Sterilizator Mini Pro 2"},"content":{"rendered":"<p>Mini Pro Sterilizator je nujna naprava za sterilizacijo opreme in orodja v va\u0161em salonu ali doma. S pomo\u010djo te naprave boste razku\u017eili vsa orodja za manikuro in pedikuro, nastavke za brusilnike - rezalnike ter vso kovinsko in plasti\u010dno opremo, <a href=\"https:\/\/www.meavia-mh.hr\/sl\/product\/ikon-iq-skarice-za-kutikulu\/\">\u0161karje<\/a>, <a href=\"https:\/\/www.meavia-mh.hr\/sl\/product\/pogurivac-kozice-za-manikuru-pedikuru-yc004\/\">potiskalci ko\u017ee<\/a>, pincete, frizerski pripomo\u010dki, nakit.<\/p>\n<p>Mini Pro sterilizator za orodje iz trpe\u017ene plastike, odporne na razku\u017eila. Enostaven za uporabo. Preprosta zasnova vam omogo\u010da, da va\u0161i dodatki ostanejo popolnoma \u010disti. Podalj\u0161ek omogo\u010da temeljito su\u0161enje steriliziranih instrumentov.<\/p>\n<p>Bela barva se bo prilegala v katero koli notranjost salona. Prakti\u010den prozoren pokrov. V sterilizator dajte razku\u017eilo (medicinski alkohol). Pribor za manikuro potopite v razku\u017eilo. Po 5 minutah odstranite pribor iz sterilizatorja.<\/p>\n<h6>Oglejte si tudi video predstavitev:<\/h6>\n<div class=\"ast-oembed-container\" style=\"height: 100%;\"><iframe title=\"Sterilizator Mini Pro\" width=\"500\" height=\"281\" src=\"https:\/\/www.youtube.com\/embed\/ZMj7fghfaDE?feature=oembed\" frameborder=\"0\" allow=\"accelerometer; autoplay; clipboard-write; encrypted-media; gyroscope; picture-in-picture; web-share\" referrerpolicy=\"strict-origin-when-cross-origin\" allowfullscreen><\/iframe><\/div>\n<h6>Pakiranje: 1 kos<\/h6>\n<h6>Barva: bela<\/h6>\n<div><strong>Dimenzije\u00a0<\/strong><\/div>\n<div>\n<ul>\n<li>Dol\u017eina 22 cm<\/li>\n<li>\u0160irina 11 cm<\/li>\n<li>Vi\u0161ina 8 cm<\/li>\n<\/ul>\n<\/div>","protected":false},"excerpt":{"rendered":"<p>Sterilizator Mini Pro neophodan je ure\u0111aj za sterilizacju opreme i alata u va\u0161em salonu ili kod ku\u0107e. Uz\u00a0 pomo\u0107 ovog ure\u0111aja dezinficirat \u0107ete sve alate za manikuru i pedikuru, nastavke za brusilice &#8211; freze te svu metalnu i plasti\u010dnu opremu, \u0161karice, poguriva\u010de ko\u017eice, pincete, frizerski pribor, nakit. Sterilizator Mini Pro alata izra\u0111en od \u010dvrste plastike [&hellip;]<\/p>\n","protected":false},"featured_media":9191,"comment_status":"closed","ping_status":"closed","template":"","meta":{"_uag_custom_page_level_css":"","site-sidebar-layout":"default","site-content-layout":null,"ast-site-content-layout":"default","site-content-style":"default","site-sidebar-style":"default","ast-global-header-display":"","ast-banner-title-visibility":"","ast-main-header-display":"","ast-hfb-above-header-display":"","ast-hfb-below-header-display":"","ast-hfb-mobile-header-display":"","site-post-title":"","ast-breadcrumbs-content":"","ast-featured-img":"","footer-sml-layout":"","ast-disable-related-posts":"","theme-transparent-header-meta":"default","adv-header-id-meta":"","stick-header-meta":"default","header-above-stick-meta":"","header-main-stick-meta":"","header-below-stick-meta":"","astra-migrate-meta-layouts":"default","ast-page-background-enabled":"default","ast-page-background-meta":{"desktop":{"background-color":"var(--ast-global-color-4)","background-image":"","background-repeat":"repeat","background-position":"center center","background-size":"auto","background-attachment":"scroll","background-type":"","background-media":"","overlay-type":"","overlay-color":"","overlay-opacity":"","overlay-gradient":""},"tablet":{"background-color":"","background-image":"","background-repeat":"repeat","background-position":"center center","background-size":"auto","background-attachment":"scroll","background-type":"","background-media":"","overlay-type":"","overlay-color":"","overlay-opacity":"","overlay-gradient":""},"mobile":{"background-color":"","background-image":"","background-repeat":"repeat","background-position":"center center","background-size":"auto","background-attachment":"scroll","background-type":"","background-media":"","overlay-type":"","overlay-color":"","overlay-opacity":"","overlay-gradient":""}},"ast-content-background-meta":{"desktop":{"background-color":"var(--ast-global-color-5)","background-image":"","background-repeat":"repeat","background-position":"center center","background-size":"auto","background-attachment":"scroll","background-type":"","background-media":"","overlay-type":"","overlay-color":"","overlay-opacity":"","overlay-gradient":""},"tablet":{"background-color":"var(--ast-global-color-5)","background-image":"","background-repeat":"repeat","background-position":"center center","background-size":"auto","background-attachment":"scroll","background-type":"","background-media":"","overlay-type":"","overlay-color":"","overlay-opacity":"","overlay-gradient":""},"mobile":{"background-color":"var(--ast-global-color-5)","background-image":"","background-repeat":"repeat","background-position":"center center","background-size":"auto","background-attachment":"scroll","background-type":"","background-media":"","overlay-type":"","overlay-color":"","overlay-opacity":"","overlay-gradient":""}}},"product_brand":[],"product_cat":[536],"product_tag":[306],"class_list":{"0":"post-19837","1":"product","2":"type-product","3":"status-publish","4":"has-post-thumbnail","6":"product_cat-sterilizatori","7":"product_tag-sterilizator","8":"desktop-align-left","9":"tablet-align-left","10":"mobile-align-left","11":"ast-product-gallery-layout-horizontal-slider","12":"ast-product-tabs-layout-horizontal","14":"first","15":"instock","16":"taxable","17":"shipping-taxable","18":"purchasable","19":"product-type-simple"},"yoast_head":"<!-- This site is optimized with the Yoast SEO plugin v27.4 - https:\/\/yoast.com\/product\/yoast-seo-wordpress\/ -->\n<title>Sterilizator Mini Pro 2 &#8902; Mea Via Beauty<\/title>\n<meta name=\"description\" content=\"Sterilizator Mini Pro 2 &#8902; sterilizator za salone i ku\u0107nu upotabu &#8902; sterilizira i dezinficira pribor za manikuru i pedikuru\" \/>\n<meta name=\"robots\" content=\"index, follow, max-snippet:-1, max-image-preview:large, max-video-preview:-1\" \/>\n<link rel=\"canonical\" href=\"https:\/\/www.meavia-mh.hr\/sl\/product\/sterilizator-mini-pro-2\/\" \/>\n<meta property=\"og:locale\" content=\"sl_SI\" \/>\n<meta property=\"og:type\" content=\"article\" \/>\n<meta property=\"og:title\" content=\"Sterilizator Mini Pro 2 &#8902; Mea Via Beauty\" \/>\n<meta property=\"og:description\" content=\"Sterilizator Mini Pro 2 &#8902; sterilizator za salone i ku\u0107nu upotabu &#8902; sterilizira i dezinficira pribor za manikuru i pedikuru\" \/>\n<meta property=\"og:url\" content=\"https:\/\/www.meavia-mh.hr\/sl\/product\/sterilizator-mini-pro-2\/\" \/>\n<meta property=\"og:site_name\" content=\"Mea Via Beauty\" \/>\n<meta property=\"article:publisher\" content=\"https:\/\/www.facebook.com\/MeaViaNailsWorld\" \/>\n<meta property=\"article:modified_time\" content=\"2026-04-16T14:42:36+00:00\" \/>\n<meta property=\"og:image\" content=\"https:\/\/www.meavia-mh.hr\/wp-content\/uploads\/2021\/09\/Slika-zaslona-2021-09-12-u-10.30.45.jpg\" \/>\n\t<meta property=\"og:image:width\" content=\"1614\" \/>\n\t<meta property=\"og:image:height\" content=\"1508\" \/>\n\t<meta property=\"og:image:type\" content=\"image\/jpeg\" \/>\n<meta name=\"twitter:card\" content=\"summary_large_image\" \/>\n<meta name=\"twitter:label1\" content=\"Est. reading time\" \/>\n\t<meta name=\"twitter:data1\" content=\"1 minuta\" \/>\n<script type=\"application\/ld+json\" class=\"yoast-schema-graph\">{\"@context\":\"https:\\\/\\\/schema.org\",\"@graph\":[{\"@type\":\"WebPage\",\"@id\":\"https:\\\/\\\/www.meavia-mh.hr\\\/product\\\/sterilizator-mini-pro-2\\\/\",\"url\":\"https:\\\/\\\/www.meavia-mh.hr\\\/product\\\/sterilizator-mini-pro-2\\\/\",\"name\":\"Sterilizator Mini Pro 2 &#8902; Mea Via Beauty\",\"isPartOf\":{\"@id\":\"https:\\\/\\\/meavia-mh.hr\\\/sl\\\/#website\"},\"primaryImageOfPage\":{\"@id\":\"https:\\\/\\\/www.meavia-mh.hr\\\/product\\\/sterilizator-mini-pro-2\\\/#primaryimage\"},\"image\":{\"@id\":\"https:\\\/\\\/www.meavia-mh.hr\\\/product\\\/sterilizator-mini-pro-2\\\/#primaryimage\"},\"thumbnailUrl\":\"https:\\\/\\\/www.meavia-mh.hr\\\/wp-content\\\/uploads\\\/2021\\\/09\\\/Slika-zaslona-2021-09-12-u-10.30.45.jpg\",\"datePublished\":\"2023-04-21T14:24:35+00:00\",\"dateModified\":\"2026-04-16T14:42:36+00:00\",\"description\":\"Sterilizator Mini Pro 2 &#8902; sterilizator za salone i ku\u0107nu upotabu &#8902; sterilizira i dezinficira pribor za manikuru i pedikuru\",\"breadcrumb\":{\"@id\":\"https:\\\/\\\/www.meavia-mh.hr\\\/product\\\/sterilizator-mini-pro-2\\\/#breadcrumb\"},\"inLanguage\":\"sl-SI\",\"potentialAction\":[{\"@type\":\"ReadAction\",\"target\":[\"https:\\\/\\\/www.meavia-mh.hr\\\/product\\\/sterilizator-mini-pro-2\\\/\"]}]},{\"@type\":\"ImageObject\",\"inLanguage\":\"sl-SI\",\"@id\":\"https:\\\/\\\/www.meavia-mh.hr\\\/product\\\/sterilizator-mini-pro-2\\\/#primaryimage\",\"url\":\"https:\\\/\\\/www.meavia-mh.hr\\\/wp-content\\\/uploads\\\/2021\\\/09\\\/Slika-zaslona-2021-09-12-u-10.30.45.jpg\",\"contentUrl\":\"https:\\\/\\\/www.meavia-mh.hr\\\/wp-content\\\/uploads\\\/2021\\\/09\\\/Slika-zaslona-2021-09-12-u-10.30.45.jpg\",\"width\":1614,\"height\":1508,\"caption\":\"Sterilizator Mini Pro\"},{\"@type\":\"BreadcrumbList\",\"@id\":\"https:\\\/\\\/www.meavia-mh.hr\\\/product\\\/sterilizator-mini-pro-2\\\/#breadcrumb\",\"itemListElement\":[{\"@type\":\"ListItem\",\"position\":1,\"name\":\"Po\u010detna stranica\",\"item\":\"https:\\\/\\\/www.meavia-mh.hr\\\/\"},{\"@type\":\"ListItem\",\"position\":2,\"name\":\"Trgovina\",\"item\":\"https:\\\/\\\/meavia-mh.hr\\\/sl\\\/store\\\/\"},{\"@type\":\"ListItem\",\"position\":3,\"name\":\"Sterilizator Mini Pro 2\"}]},{\"@type\":\"WebSite\",\"@id\":\"https:\\\/\\\/meavia-mh.hr\\\/sl\\\/#website\",\"url\":\"https:\\\/\\\/meavia-mh.hr\\\/sl\\\/\",\"name\":\"Mea Via Beauty\",\"description\":\"Only The Best For Your Beauty\",\"publisher\":{\"@id\":\"https:\\\/\\\/meavia-mh.hr\\\/sl\\\/#organization\"},\"alternateName\":\"Mea Via Nails\",\"potentialAction\":[{\"@type\":\"SearchAction\",\"target\":{\"@type\":\"EntryPoint\",\"urlTemplate\":\"https:\\\/\\\/meavia-mh.hr\\\/sl\\\/?s={search_term_string}\"},\"query-input\":{\"@type\":\"PropertyValueSpecification\",\"valueRequired\":true,\"valueName\":\"search_term_string\"}}],\"inLanguage\":\"sl-SI\"},{\"@type\":\"Organization\",\"@id\":\"https:\\\/\\\/meavia-mh.hr\\\/sl\\\/#organization\",\"name\":\"Mea Via Nails World\",\"alternateName\":\"Mea Via\",\"url\":\"https:\\\/\\\/meavia-mh.hr\\\/sl\\\/\",\"logo\":{\"@type\":\"ImageObject\",\"inLanguage\":\"sl-SI\",\"@id\":\"https:\\\/\\\/meavia-mh.hr\\\/sl\\\/#\\\/schema\\\/logo\\\/image\\\/\",\"url\":\"https:\\\/\\\/www.meavia-mh.hr\\\/wp-content\\\/uploads\\\/2020\\\/12\\\/Mea-Via.png\",\"contentUrl\":\"https:\\\/\\\/www.meavia-mh.hr\\\/wp-content\\\/uploads\\\/2020\\\/12\\\/Mea-Via.png\",\"width\":1181,\"height\":393,\"caption\":\"Mea Via Nails World\"},\"image\":{\"@id\":\"https:\\\/\\\/meavia-mh.hr\\\/sl\\\/#\\\/schema\\\/logo\\\/image\\\/\"},\"sameAs\":[\"https:\\\/\\\/www.facebook.com\\\/MeaViaNailsWorld\",\"https:\\\/\\\/www.instagram.com\\\/mea_via_nails_world\\\/\",\"https:\\\/\\\/www.youtube.com\\\/channel\\\/UCECk0hpRWP6TN-EfA4ER96g\\\/featured\"]}]}<\/script>\n<!-- \/ Yoast SEO plugin. -->","yoast_head_json":{"title":"Sterilizator Mini Pro 2 \u22c6 Mea Via Beauty","description":"Mini Pro 2 sterilizator \u22c6 sterilizator za salone in doma\u010do uporabo \u22c6 sterilizira in razku\u017euje orodja za manikuro in pedikuro","robots":{"index":"index","follow":"follow","max-snippet":"max-snippet:-1","max-image-preview":"max-image-preview:large","max-video-preview":"max-video-preview:-1"},"canonical":"https:\/\/www.meavia-mh.hr\/sl\/product\/sterilizator-mini-pro-2\/","og_locale":"sl_SI","og_type":"article","og_title":"Sterilizator Mini Pro 2 &#8902; Mea Via Beauty","og_description":"Sterilizator Mini Pro 2 &#8902; sterilizator za salone i ku\u0107nu upotabu &#8902; sterilizira i dezinficira pribor za manikuru i pedikuru","og_url":"https:\/\/www.meavia-mh.hr\/sl\/product\/sterilizator-mini-pro-2\/","og_site_name":"Mea Via Beauty","article_publisher":"https:\/\/www.facebook.com\/MeaViaNailsWorld","article_modified_time":"2026-04-16T14:42:36+00:00","og_image":[{"width":1614,"height":1508,"url":"https:\/\/www.meavia-mh.hr\/wp-content\/uploads\/2021\/09\/Slika-zaslona-2021-09-12-u-10.30.45.jpg","type":"image\/jpeg"}],"twitter_card":"summary_large_image","twitter_misc":{"Est. reading time":"1 minuta"},"schema":{"@context":"https:\/\/schema.org","@graph":[{"@type":"WebPage","@id":"https:\/\/www.meavia-mh.hr\/product\/sterilizator-mini-pro-2\/","url":"https:\/\/www.meavia-mh.hr\/product\/sterilizator-mini-pro-2\/","name":"Sterilizator Mini Pro 2 \u22c6 Mea Via Beauty","isPartOf":{"@id":"https:\/\/meavia-mh.hr\/sl\/#website"},"primaryImageOfPage":{"@id":"https:\/\/www.meavia-mh.hr\/product\/sterilizator-mini-pro-2\/#primaryimage"},"image":{"@id":"https:\/\/www.meavia-mh.hr\/product\/sterilizator-mini-pro-2\/#primaryimage"},"thumbnailUrl":"https:\/\/www.meavia-mh.hr\/wp-content\/uploads\/2021\/09\/Slika-zaslona-2021-09-12-u-10.30.45.jpg","datePublished":"2023-04-21T14:24:35+00:00","dateModified":"2026-04-16T14:42:36+00:00","description":"Mini Pro 2 sterilizator \u22c6 sterilizator za salone in doma\u010do uporabo \u22c6 sterilizira in razku\u017euje orodja za manikuro in pedikuro","breadcrumb":{"@id":"https:\/\/www.meavia-mh.hr\/product\/sterilizator-mini-pro-2\/#breadcrumb"},"inLanguage":"sl-SI","potentialAction":[{"@type":"ReadAction","target":["https:\/\/www.meavia-mh.hr\/product\/sterilizator-mini-pro-2\/"]}]},{"@type":"ImageObject","inLanguage":"sl-SI","@id":"https:\/\/www.meavia-mh.hr\/product\/sterilizator-mini-pro-2\/#primaryimage","url":"https:\/\/www.meavia-mh.hr\/wp-content\/uploads\/2021\/09\/Slika-zaslona-2021-09-12-u-10.30.45.jpg","contentUrl":"https:\/\/www.meavia-mh.hr\/wp-content\/uploads\/2021\/09\/Slika-zaslona-2021-09-12-u-10.30.45.jpg","width":1614,"height":1508,"caption":"Sterilizator Mini Pro"},{"@type":"BreadcrumbList","@id":"https:\/\/www.meavia-mh.hr\/product\/sterilizator-mini-pro-2\/#breadcrumb","itemListElement":[{"@type":"ListItem","position":1,"name":"Po\u010detna stranica","item":"https:\/\/www.meavia-mh.hr\/"},{"@type":"ListItem","position":2,"name":"Trgovina","item":"https:\/\/meavia-mh.hr\/sl\/store\/"},{"@type":"ListItem","position":3,"name":"Sterilizator Mini Pro 2"}]},{"@type":"WebSite","@id":"https:\/\/meavia-mh.hr\/sl\/#website","url":"https:\/\/meavia-mh.hr\/sl\/","name":"MEA VIA BEAUTY","description":"Only The Best For Your Beauty","publisher":{"@id":"https:\/\/meavia-mh.hr\/sl\/#organization"},"alternateName":"Mea Via Nails","potentialAction":[{"@type":"SearchAction","target":{"@type":"EntryPoint","urlTemplate":"https:\/\/meavia-mh.hr\/sl\/?s={search_term_string}"},"query-input":{"@type":"PropertyValueSpecification","valueRequired":true,"valueName":"search_term_string"}}],"inLanguage":"sl-SI"},{"@type":"Organization","@id":"https:\/\/meavia-mh.hr\/sl\/#organization","name":"Mea Via Nails World","alternateName":"Mea Via","url":"https:\/\/meavia-mh.hr\/sl\/","logo":{"@type":"ImageObject","inLanguage":"sl-SI","@id":"https:\/\/meavia-mh.hr\/sl\/#\/schema\/logo\/image\/","url":"https:\/\/www.meavia-mh.hr\/wp-content\/uploads\/2020\/12\/Mea-Via.png","contentUrl":"https:\/\/www.meavia-mh.hr\/wp-content\/uploads\/2020\/12\/Mea-Via.png","width":1181,"height":393,"caption":"Mea Via Nails World"},"image":{"@id":"https:\/\/meavia-mh.hr\/sl\/#\/schema\/logo\/image\/"},"sameAs":["https:\/\/www.facebook.com\/MeaViaNailsWorld","https:\/\/www.instagram.com\/mea_via_nails_world\/","https:\/\/www.youtube.com\/channel\/UCECk0hpRWP6TN-EfA4ER96g\/featured"]}]}},"spectra_custom_meta":{"_sku":["5906717400124"],"_regular_price":["8.99"],"total_sales":["55"],"_tax_status":["taxable"],"_tax_class":[""],"_manage_stock":["yes"],"_backorders":["no"],"_sold_individually":["no"],"_virtual":["no"],"_downloadable":["no"],"_product_image_gallery":["9193,9192,9197,9196,9195,9194"],"_download_limit":["-1"],"_download_expiry":["-1"],"_thumbnail_id":["9191"],"_stock":["1"],"_stock_status":["instock"],"_wc_average_rating":["0"],"_wc_review_count":["0"],"_product_version":["10.7.0"],"_price":["8.99"],"_wp_page_template":["default"],"_yoast_wpseo_focuskw":["Sterilizator Mini Pro"],"_yoast_wpseo_linkdex":["68"],"_yoast_wpseo_content_score":["90"],"_yoast_wpseo_primary_product_cat":["24"],"site-sidebar-layout":["default"],"site-content-layout":[null],"theme-transparent-header-meta":["default"],"stick-header-meta":["default"],"_yoast_wpseo_metadesc":["%%title%% %%sep%% sterilizator za salone i ku\u0107nu upotabu %%sep%% sterilizira i dezinficira pribor za manikuru i pedikuru"],"_woocs_price_geo_countries":[""],"_woocs_regular_price_geo":[""],"_woocs_sale_price_geo":[""],"_yoast_wpseo_estimated-reading-time-minutes":["1"],"cartflows_redirect_flow_id":[""],"cartflows_add_to_cart_text":[""],"_oembed_dbb948f2d5140888985d53095e513413":["<iframe title=\"Promed ultrazvu\u010dni sterilizator  UC-50\" width=\"500\" height=\"281\" src=\"https:\/\/www.youtube.com\/embed\/FVkfLO4vFG0?feature=oembed\" frameborder=\"0\" allow=\"accelerometer; autoplay; clipboard-write; encrypted-media; gyroscope; picture-in-picture\" allowfullscreen><\/iframe>"],"_oembed_time_dbb948f2d5140888985d53095e513413":["1631357167"],"_oembed_4b07da0c982329bfa2fcb07d91616b4f":["<iframe title=\"Promed ultrazvu\u010dni sterilizator  UC-50\" width=\"898\" height=\"505\" src=\"https:\/\/www.youtube.com\/embed\/FVkfLO4vFG0?feature=oembed\" frameborder=\"0\" allow=\"accelerometer; autoplay; clipboard-write; encrypted-media; gyroscope; picture-in-picture\" allowfullscreen><\/iframe>"],"_oembed_time_4b07da0c982329bfa2fcb07d91616b4f":["1631357169"],"_oembed_faced7df4d096a14e01aa84f088350cc":["<iframe title=\"Promed ultrazvu\u010dni sterilizator  UC-50\" width=\"922\" height=\"519\" src=\"https:\/\/www.youtube.com\/embed\/FVkfLO4vFG0?feature=oembed\" frameborder=\"0\" allow=\"accelerometer; autoplay; clipboard-write; encrypted-media; gyroscope; picture-in-picture\" allowfullscreen><\/iframe>"],"_oembed_time_faced7df4d096a14e01aa84f088350cc":["1631357204"],"_oembed_b5384fff31debc9be2feed30abd4fa6a":["<iframe title=\"Promed ultrazvu\u010dni sterilizator  UC-50\" width=\"1200\" height=\"675\" src=\"https:\/\/www.youtube.com\/embed\/FVkfLO4vFG0?feature=oembed\" frameborder=\"0\" allow=\"accelerometer; autoplay; clipboard-write; encrypted-media; gyroscope; picture-in-picture\" allowfullscreen><\/iframe>"],"_oembed_time_b5384fff31debc9be2feed30abd4fa6a":["1631378283"],"_oembed_0dfd5085bd769c598dcc5c0cf1557735":["<iframe title=\"Sterilizator Mini Pro\" width=\"500\" height=\"281\" src=\"https:\/\/www.youtube.com\/embed\/ZMj7fghfaDE?feature=oembed\" frameborder=\"0\" allow=\"accelerometer; autoplay; clipboard-write; encrypted-media; gyroscope; picture-in-picture; web-share\" allowfullscreen><\/iframe>"],"_oembed_time_0dfd5085bd769c598dcc5c0cf1557735":["1682087167"],"_oembed_ca760e9b3dde63925284f7d99dd90b1d":["<iframe title=\"Sterilizator Mini Pro\" width=\"898\" height=\"505\" src=\"https:\/\/www.youtube.com\/embed\/ZMj7fghfaDE?feature=oembed\" frameborder=\"0\" allow=\"accelerometer; autoplay; clipboard-write; encrypted-media; gyroscope; picture-in-picture\" allowfullscreen><\/iframe>"],"_oembed_time_ca760e9b3dde63925284f7d99dd90b1d":["1631439186"],"_woocs_regular_price_EUR":["7.95"],"_woocs_sale_price_EUR":["-1"],"_oembed_656a5786d74374c94d8ef3609778a011":["<iframe title=\"Sterilizator Mini Pro\" width=\"922\" height=\"519\" src=\"https:\/\/www.youtube.com\/embed\/ZMj7fghfaDE?feature=oembed\" frameborder=\"0\" allow=\"accelerometer; autoplay; clipboard-write; encrypted-media; gyroscope; picture-in-picture\" allowfullscreen><\/iframe>"],"_oembed_time_656a5786d74374c94d8ef3609778a011":["1631439202"],"_oembed_6db7e7a824459b3508ad0fb13d2374a0":["<iframe title=\"Sterilizator Mini Pro\" width=\"1200\" height=\"675\" src=\"https:\/\/www.youtube.com\/embed\/ZMj7fghfaDE?feature=oembed\" frameborder=\"0\" allow=\"accelerometer; autoplay; clipboard-write; encrypted-media; gyroscope; picture-in-picture\" allowfullscreen><\/iframe>"],"_oembed_time_6db7e7a824459b3508ad0fb13d2374a0":["1631439214"],"_lowest_price_30_days":["7.95"],"_edit_lock":["1702851631:1239"],"_edit_last":["1239"],"_yoast_wpseo_wordproof_timestamp":[""],"_yoast_wpseo_primary_fb_product_set":[""],"footer-adv-display":[null],"adv-header-id-meta":[""],"_oembed_3d5576cfc84a89e76834a93c7e4469e4":["<iframe title=\"Sterilizator Mini Pro\" width=\"500\" height=\"281\" src=\"https:\/\/www.youtube.com\/embed\/ZMj7fghfaDE?feature=oembed\" frameborder=\"0\" allow=\"accelerometer; autoplay; clipboard-write; encrypted-media; gyroscope; picture-in-picture; web-share\" referrerpolicy=\"strict-origin-when-cross-origin\" allowfullscreen><\/iframe>"],"_oembed_time_3d5576cfc84a89e76834a93c7e4469e4":["1713432409"],"uag_migration_processed":["1"],"_last_change_time":["1775739431"],"_elementor_page_assets":["a:0:{}"],"_uag_page_assets":["a:9:{s:3:\"css\";s:0:\"\";s:2:\"js\";s:0:\"\";s:18:\"current_block_list\";a:3:{i:0;s:11:\"core\/search\";i:1;s:18:\"core\/legacy-widget\";i:2;s:27:\"woocommerce\/product-filters\";}s:8:\"uag_flag\";b:0;s:11:\"uag_version\";s:10:\"1776414062\";s:6:\"gfonts\";a:0:{}s:10:\"gfonts_url\";s:0:\"\";s:12:\"gfonts_files\";a:0:{}s:14:\"uag_faq_layout\";b:0;}"]},"uagb_featured_image_src":{"full":["https:\/\/www.meavia-mh.hr\/wp-content\/uploads\/2021\/09\/Slika-zaslona-2021-09-12-u-10.30.45.jpg",1614,1508,false],"thumbnail":["https:\/\/www.meavia-mh.hr\/wp-content\/uploads\/2021\/09\/Slika-zaslona-2021-09-12-u-10.30.45-150x150.jpg",150,150,true],"medium":["https:\/\/www.meavia-mh.hr\/wp-content\/uploads\/2021\/09\/Slika-zaslona-2021-09-12-u-10.30.45-300x280.jpg",300,280,true],"medium_large":["https:\/\/www.meavia-mh.hr\/wp-content\/uploads\/2021\/09\/Slika-zaslona-2021-09-12-u-10.30.45-768x718.jpg",768,718,true],"large":["https:\/\/www.meavia-mh.hr\/wp-content\/uploads\/2021\/09\/Slika-zaslona-2021-09-12-u-10.30.45-1024x957.jpg",1024,957,true],"1536x1536":["https:\/\/www.meavia-mh.hr\/wp-content\/uploads\/2021\/09\/Slika-zaslona-2021-09-12-u-10.30.45-1536x1435.jpg",1536,1435,true],"2048x2048":["https:\/\/www.meavia-mh.hr\/wp-content\/uploads\/2021\/09\/Slika-zaslona-2021-09-12-u-10.30.45.jpg",1614,1508,false],"trp-custom-language-flag":["https:\/\/www.meavia-mh.hr\/wp-content\/uploads\/2021\/09\/Slika-zaslona-2021-09-12-u-10.30.45-13x12.jpg",13,12,true],"woocommerce_thumbnail":["https:\/\/www.meavia-mh.hr\/wp-content\/uploads\/2021\/09\/Slika-zaslona-2021-09-12-u-10.30.45-300x300.jpg",300,300,true],"woocommerce_single":["https:\/\/www.meavia-mh.hr\/wp-content\/uploads\/2021\/09\/Slika-zaslona-2021-09-12-u-10.30.45-600x561.jpg",600,561,true],"woocommerce_gallery_thumbnail":["https:\/\/www.meavia-mh.hr\/wp-content\/uploads\/2021\/09\/Slika-zaslona-2021-09-12-u-10.30.45-100x100.jpg",100,100,true]},"uagb_author_info":{"display_name":"Zla Gol","author_link":"https:\/\/www.meavia-mh.hr\/sl\/author\/"},"uagb_comment_info":0,"uagb_excerpt":"Sterilizator Mini Pro neophodan je ure\u0111aj za sterilizacju opreme i alata u va\u0161em salonu ili kod ku\u0107e. Uz\u00a0 pomo\u0107 ovog ure\u0111aja dezinficirat \u0107ete sve alate za manikuru i pedikuru, nastavke za brusilice &#8211; freze te svu metalnu i plasti\u010dnu opremu, \u0161karice, poguriva\u010de ko\u017eice, pincete, frizerski pribor, nakit. Sterilizator Mini Pro alata izra\u0111en od \u010dvrste plastike&hellip;","_links":{"self":[{"href":"https:\/\/www.meavia-mh.hr\/sl\/wp-json\/wp\/v2\/product\/19837","targetHints":{"allow":["GET"]}}],"collection":[{"href":"https:\/\/www.meavia-mh.hr\/sl\/wp-json\/wp\/v2\/product"}],"about":[{"href":"https:\/\/www.meavia-mh.hr\/sl\/wp-json\/wp\/v2\/types\/product"}],"replies":[{"embeddable":true,"href":"https:\/\/www.meavia-mh.hr\/sl\/wp-json\/wp\/v2\/comments?post=19837"}],"version-history":[{"count":1,"href":"https:\/\/www.meavia-mh.hr\/sl\/wp-json\/wp\/v2\/product\/19837\/revisions"}],"predecessor-version":[{"id":25121,"href":"https:\/\/www.meavia-mh.hr\/sl\/wp-json\/wp\/v2\/product\/19837\/revisions\/25121"}],"wp:featuredmedia":[{"embeddable":true,"href":"https:\/\/www.meavia-mh.hr\/sl\/wp-json\/wp\/v2\/media\/9191"}],"wp:attachment":[{"href":"https:\/\/www.meavia-mh.hr\/sl\/wp-json\/wp\/v2\/media?parent=19837"}],"wp:term":[{"taxonomy":"product_brand","embeddable":true,"href":"https:\/\/www.meavia-mh.hr\/sl\/wp-json\/wp\/v2\/product_brand?post=19837"},{"taxonomy":"product_cat","embeddable":true,"href":"https:\/\/www.meavia-mh.hr\/sl\/wp-json\/wp\/v2\/product_cat?post=19837"},{"taxonomy":"product_tag","embeddable":true,"href":"https:\/\/www.meavia-mh.hr\/sl\/wp-json\/wp\/v2\/product_tag?post=19837"}],"curies":[{"name":"delovni list","href":"https:\/\/api.w.org\/{rel}","templated":true}]}}