{"id":19826,"date":"2023-04-21T14:01:59","date_gmt":"2023-04-21T14:01:59","guid":{"rendered":"https:\/\/www.meavia-mh.hr\/?post_type=product&#038;p=19826"},"modified":"2026-01-24T09:34:19","modified_gmt":"2026-01-24T08:34:19","slug":"raspa-za-nokte-half-moon-pro-slim-180-240-10-kom","status":"publish","type":"product","link":"https:\/\/www.meavia-mh.hr\/sl\/product\/raspa-za-nokte-half-moon-pro-slim-180-240-10-kom\/","title":{"rendered":"Pilica za nohte Half Moon Pro Slim 180\/240 \u2013 10 kos"},"content":{"rendered":"<p>Pilica za nohte Half Moon Slim 180\/240 je srednje groba in srednje fina pilica. Ta tanka, a mo\u010dna in prilagodljiva ra\u0161pa za nohte je popolna za stri\u017eenje in oblikovanje <a href=\"https:\/\/www.meavia-mh.hr\/sl\/product\/palu-flexi-acryl-gel-clear-1-30-ml\/\">akril<\/a> ali\u00a0<a href=\"https:\/\/www.meavia-mh.hr\/sl\/product\/palu-gradivni-gel-cover-30-ml\/\">gelirani nohti<\/a> in za pripravo naravne nohtne plo\u0161\u010de za oblikovanje.<\/p>\n<p>Pilica za nohte Half Moon Slim 180\/240 zagotavlja visoko kakovost, izdelana je iz vrhunskih materialov, je zelo odporna in dolgotrajna. Zaradi trdnega jedra je sredina ra\u0161pe (pile) izjemno stabilna, kar prepre\u010duje upogibanje pile med delovanjem.<\/p>\n<p>Univerzalni\u00a0<strong>mapa<\/strong>, <strong>granulacija 180\/240<\/strong>, u\u00a0<strong>oblika polmeseca (polmeseca)<\/strong>, je idealna izbira za naravne in podalj\u0161ane nohte, z izjemno vzdr\u017eljivimi komponentami in dolgo \u017eivljenjsko dobo.<\/p>\n<p>Pilica za nohte v obliki polmeseca je edinstvena, ergonomska kombinacija dveh oblik \u2013 plo\u0161\u010date in banane. Zahvaljujo\u010d temu je delo z njim izjemno enostavno. Omogo\u010da natan\u010dno obdelavo te\u017eko dostopnih mest. Sodobna, bolj\u0161a struktura papirnatih datotek, izdelana iz najkakovostnej\u0161ih surovin, zagotavlja dolgotrajno uporabo.<\/p>\n<p>Zanj je zna\u010dilna trda sredina, odporna na deformacije. Izdelek gladko drsi po povr\u0161ini reza, ne da bi po\u0161kodoval ko\u017eo ali povzro\u010dal nelagodje. Kvaliteten nasip je odporen proti obrabi.<\/p>\n<p>Dve gradaciji v eni ra\u0161pi so funkcionalen odgovor na pri\u010dakovanja salona za oblikovanje nohtov. Mo\u010dnej\u0161a granulacija zrn bo hitro in u\u010dinkovito razre\u0161ila ostanke hibridne in gelne mase ter nohte pripravila na nadaljnje obdelave. Mehkej\u0161a stran bo uporabna za pripravo naravne nohtne plo\u0161\u010de, matiranje in dajanje ustrezne kon\u010dne oblike.<\/p>\n<p>Pilica je priporo\u010dljiva za vse postopke manikure in pedikure, pri katerih potrebujete natan\u010dno in varno pripravo nohtov.<\/p>\n<p><span style=\"font-size: 16px;font-style: normal\">Za profesionalno uporabo.<\/span><\/p>\n<h6>Pakiranje: 10 kosov<\/h6>\n<p><strong>Oblika polmeseca (Half Moon) Tanka<br \/>\n<\/strong>Oblika pile Half Moon vam omogo\u010da, da dose\u017eete te\u017eko dostopna mesta, kot so robovi, in prepre\u010duje po\u0161kodbe ko\u017ee.<br \/>\n<strong>GRADA\u010cJA 180\/240<br \/>\n<\/strong><\/p>\n<p>Globa\u00a0<strong>zrnati ra\u0161p.<\/strong>\u00a0Zaradi izjemno fine obdelave na robovih se znatno zmanj\u0161a mo\u017enost po\u0161kodbe stranke pri odstranjevanju ali obdelavi UV gela. S to datoteko lahko naredite gelni lak za nohte.<\/p>\n<h6><strong>Katero datoteko izbrati?<\/strong><\/h6>\n<div>Pri izbiri datoteke ni pomembna barva, temve\u010d to, koliko ima datoteka pesk (oznake drobnosti zrn na datotekah).<\/div>\n<div>Manj\u0161e oznake na datoteki, npr. 80\/100, pomenijo, da so zrna datoteke bolj groba, ve\u010dje oznake na datotekah, npr. 180\/240, pa, da so zrna datoteke bolj drobna. Manj\u0161a kot je oznaka, groba in ostrej\u0161a je datoteka, ve\u010dja je oznaka na datoteki, drobnej\u0161a in mehkej\u0161a je datoteka. Nekatere datoteke imajo me\u0161ane oznake, npr. 80\/100 ali 120\/180, 180\/240 ... To pomeni, na primer za 180\/240, da ima ena stran 180 peska, druga stran pa 240 peska.<\/div>\n<div>\n<h6><\/h6>\n<h6><strong>Kaj je gradacija?<\/strong><\/h6>\n<p>To je koli\u010dina zrna, posuta na povr\u0161ini papirne datoteke na 1 cm kvadratni. Kaj to pomeni v praksi? Vi\u0161je kot je \u0161tevilo\/gradacija, bolj ob\u010dutljiva bo ra\u0161pa.<\/p>\n<p>Mo\u010dnej\u0161a zrna bodo hitro in u\u010dinkovito odstranila ostanke hibridne ali gelne mase in bodo nohte pripravila na nadaljnje tretmaje. Mehkej\u0161a stran bo uporabna za pripravo naravne nohtne plo\u0161\u010de, matiranje in dajanje ustrezne kon\u010dne oblike.<\/p>\n<p>Pilica je priporo\u010dljiva za vse postopke manikure in pedikure, pri katerih potrebujete natan\u010dno in varno pripravo nohtov.<\/p>\n<p><strong>Najpogosteje se izbere ra\u0161pica z gradacijo 100\/180, imenovana CLASSIC. Uporablja se za pripravo vgrajenih, podalj\u0161anih nohtov, za skraj\u0161anje in oblikovanje.<\/strong><\/p>\n<p><strong>Ra\u0161pica z stopnjevanjem 180\/240 se obi\u010dajno uporablja pri klasi\u010dni in hibridni manikuri, kjer imamo ve\u010dji stik z naravno nohtno plo\u0161\u010do. <\/strong><\/p>\n<p>Izpu\u0161\u010daji na nohtih se na splo\u0161no razlikujejo po obliki. Vsak ima lahko druga\u010dno raven ostrine, vendar je oblika odvisna od individualnih preferenc stilista.<\/p>\n<p><strong>Ravna oblika<\/strong> - je najbolj univerzalna oblika ra\u0161pice. Uporabljate ga lahko v kateri koli fazi oblikovanja in z njim naredite skoraj vse! Najpogosteje se uporablja za oblikovanje in skraj\u0161anje naravnih in podalj\u0161anih nohtov.<\/p>\n<p><strong>Zaobljena banana<\/strong> - Ra\u0161pica te oblike je idealna na primer za natan\u010dno delo na ko\u017eici, kar mo\u010dno vpliva na natan\u010dnost in hitrost oblikovanja. Udobna oblika vam bo omogo\u010dila, da dose\u017eete te\u017eko dostopna mesta periungualnih osi.<\/p>\n<p><strong>Polmeseca (polmeseca)<\/strong> - Ra\u0161pe imajo eno ravno in drugo zaobljeno stran, zato jih v svojih salonih najpogosteje uporabljajo stilisti.<\/p>\n<\/div>","protected":false},"excerpt":{"rendered":"<p>Ra\u0161pa za nokte Half Moon Slim 180\/240 je srednje gruba i srednje fina turpija. Ova tanka, ali \u010dvrsta i savitljiva ra\u0161pa za nokte savr\u0161ena je za skra\u0107ivanje i oblikovanje akril ili\u00a0gel noktiju te za pripremu prirodne plo\u010de nokta za styling. Ra\u0161pa za nokte Half Moon Slim 180\/240 osiguravaja visoku kvalitetu, izra\u0111ena je od vrhunskih materijala, [&hellip;]<\/p>\n","protected":false},"featured_media":8116,"comment_status":"closed","ping_status":"closed","template":"","meta":{"_uag_custom_page_level_css":"","site-sidebar-layout":"default","site-content-layout":"default","ast-site-content-layout":"default","site-content-style":"default","site-sidebar-style":"default","ast-global-header-display":"","ast-banner-title-visibility":"","ast-main-header-display":"","ast-hfb-above-header-display":"","ast-hfb-below-header-display":"","ast-hfb-mobile-header-display":"","site-post-title":"","ast-breadcrumbs-content":"","ast-featured-img":"","footer-sml-layout":"","ast-disable-related-posts":"","theme-transparent-header-meta":"default","adv-header-id-meta":"","stick-header-meta":"default","header-above-stick-meta":"","header-main-stick-meta":"","header-below-stick-meta":"","astra-migrate-meta-layouts":"set","ast-page-background-enabled":"default","ast-page-background-meta":{"desktop":{"background-color":"var(--ast-global-color-4)","background-image":"","background-repeat":"repeat","background-position":"center center","background-size":"auto","background-attachment":"scroll","background-type":"","background-media":"","overlay-type":"","overlay-color":"","overlay-opacity":"","overlay-gradient":""},"tablet":{"background-color":"","background-image":"","background-repeat":"repeat","background-position":"center center","background-size":"auto","background-attachment":"scroll","background-type":"","background-media":"","overlay-type":"","overlay-color":"","overlay-opacity":"","overlay-gradient":""},"mobile":{"background-color":"","background-image":"","background-repeat":"repeat","background-position":"center center","background-size":"auto","background-attachment":"scroll","background-type":"","background-media":"","overlay-type":"","overlay-color":"","overlay-opacity":"","overlay-gradient":""}},"ast-content-background-meta":{"desktop":{"background-color":"var(--ast-global-color-5)","background-image":"","background-repeat":"repeat","background-position":"center center","background-size":"auto","background-attachment":"scroll","background-type":"","background-media":"","overlay-type":"","overlay-color":"","overlay-opacity":"","overlay-gradient":""},"tablet":{"background-color":"var(--ast-global-color-5)","background-image":"","background-repeat":"repeat","background-position":"center center","background-size":"auto","background-attachment":"scroll","background-type":"","background-media":"","overlay-type":"","overlay-color":"","overlay-opacity":"","overlay-gradient":""},"mobile":{"background-color":"var(--ast-global-color-5)","background-image":"","background-repeat":"repeat","background-position":"center center","background-size":"auto","background-attachment":"scroll","background-type":"","background-media":"","overlay-type":"","overlay-color":"","overlay-opacity":"","overlay-gradient":""}}},"product_brand":[],"product_cat":[113],"product_tag":[196,197],"class_list":{"0":"post-19826","1":"product","2":"type-product","3":"status-publish","4":"has-post-thumbnail","6":"product_cat-raspe","7":"product_tag-raspa","8":"product_tag-turpija","9":"desktop-align-left","10":"tablet-align-left","11":"mobile-align-left","12":"ast-product-gallery-layout-horizontal-slider","13":"ast-product-tabs-layout-horizontal","15":"first","16":"outofstock","17":"taxable","18":"shipping-taxable","19":"purchasable","20":"product-type-simple"},"yoast_head":"<!-- This site is optimized with the Yoast SEO plugin v27.4 - https:\/\/yoast.com\/product\/yoast-seo-wordpress\/ -->\n<title>Ra\u0161pa za nokte Half Moon Pro Slim 180\/240 - 10 kom &#8902; Mea Via Beauty<\/title>\n<meta name=\"description\" content=\"Ra\u0161pa za nokte Half Moon Pro Slim 180\/240 - 10 kom &#8902; trupija za gel, akril gel, trajni lak&#8902; dvostrana ra\u0161pa za manikuru &#8902; top kvaliteta\" \/>\n<meta name=\"robots\" content=\"index, follow, max-snippet:-1, max-image-preview:large, max-video-preview:-1\" \/>\n<link rel=\"canonical\" href=\"https:\/\/www.meavia-mh.hr\/sl\/product\/raspa-za-nokte-half-moon-pro-slim-180-240-10-kom\/\" \/>\n<meta property=\"og:locale\" content=\"sl_SI\" \/>\n<meta property=\"og:type\" content=\"article\" \/>\n<meta property=\"og:title\" content=\"Ra\u0161pa za nokte Half Moon Pro Slim 180\/240 - 10 kom &#8902; Mea Via Beauty\" \/>\n<meta property=\"og:description\" content=\"Ra\u0161pa za nokte Half Moon Pro Slim 180\/240 - 10 kom &#8902; trupija za gel, akril gel, trajni lak&#8902; dvostrana ra\u0161pa za manikuru &#8902; top kvaliteta\" \/>\n<meta property=\"og:url\" content=\"https:\/\/www.meavia-mh.hr\/sl\/product\/raspa-za-nokte-half-moon-pro-slim-180-240-10-kom\/\" \/>\n<meta property=\"og:site_name\" content=\"Mea Via Beauty\" \/>\n<meta property=\"article:publisher\" content=\"https:\/\/www.facebook.com\/MeaViaNailsWorld\" \/>\n<meta property=\"article:modified_time\" content=\"2026-01-24T08:34:19+00:00\" \/>\n<meta property=\"og:image\" content=\"https:\/\/www.meavia-mh.hr\/wp-content\/uploads\/2021\/08\/ezgif.com-gif-maker-273.jpg\" \/>\n\t<meta property=\"og:image:width\" content=\"1688\" \/>\n\t<meta property=\"og:image:height\" content=\"1462\" \/>\n\t<meta property=\"og:image:type\" content=\"image\/jpeg\" \/>\n<meta name=\"twitter:card\" content=\"summary_large_image\" \/>\n<meta name=\"twitter:label1\" content=\"Est. reading time\" \/>\n\t<meta name=\"twitter:data1\" content=\"4 minute\" \/>\n<script type=\"application\/ld+json\" class=\"yoast-schema-graph\">{\"@context\":\"https:\\\/\\\/schema.org\",\"@graph\":[{\"@type\":\"WebPage\",\"@id\":\"https:\\\/\\\/www.meavia-mh.hr\\\/product\\\/raspa-za-nokte-half-moon-pro-slim-180-240-10-kom\\\/\",\"url\":\"https:\\\/\\\/www.meavia-mh.hr\\\/product\\\/raspa-za-nokte-half-moon-pro-slim-180-240-10-kom\\\/\",\"name\":\"Ra\u0161pa za nokte Half Moon Pro Slim 180\\\/240 - 10 kom &#8902; Mea Via Beauty\",\"isPartOf\":{\"@id\":\"https:\\\/\\\/meavia-mh.hr\\\/sl\\\/#website\"},\"primaryImageOfPage\":{\"@id\":\"https:\\\/\\\/www.meavia-mh.hr\\\/product\\\/raspa-za-nokte-half-moon-pro-slim-180-240-10-kom\\\/#primaryimage\"},\"image\":{\"@id\":\"https:\\\/\\\/www.meavia-mh.hr\\\/product\\\/raspa-za-nokte-half-moon-pro-slim-180-240-10-kom\\\/#primaryimage\"},\"thumbnailUrl\":\"https:\\\/\\\/www.meavia-mh.hr\\\/wp-content\\\/uploads\\\/2021\\\/08\\\/ezgif.com-gif-maker-273.jpg\",\"datePublished\":\"2023-04-21T14:01:59+00:00\",\"dateModified\":\"2026-01-24T08:34:19+00:00\",\"description\":\"Ra\u0161pa za nokte Half Moon Pro Slim 180\\\/240 - 10 kom &#8902; trupija za gel, akril gel, trajni lak&#8902; dvostrana ra\u0161pa za manikuru &#8902; top kvaliteta\",\"breadcrumb\":{\"@id\":\"https:\\\/\\\/www.meavia-mh.hr\\\/product\\\/raspa-za-nokte-half-moon-pro-slim-180-240-10-kom\\\/#breadcrumb\"},\"inLanguage\":\"sl-SI\",\"potentialAction\":[{\"@type\":\"ReadAction\",\"target\":[\"https:\\\/\\\/www.meavia-mh.hr\\\/product\\\/raspa-za-nokte-half-moon-pro-slim-180-240-10-kom\\\/\"]}]},{\"@type\":\"ImageObject\",\"inLanguage\":\"sl-SI\",\"@id\":\"https:\\\/\\\/www.meavia-mh.hr\\\/product\\\/raspa-za-nokte-half-moon-pro-slim-180-240-10-kom\\\/#primaryimage\",\"url\":\"https:\\\/\\\/www.meavia-mh.hr\\\/wp-content\\\/uploads\\\/2021\\\/08\\\/ezgif.com-gif-maker-273.jpg\",\"contentUrl\":\"https:\\\/\\\/www.meavia-mh.hr\\\/wp-content\\\/uploads\\\/2021\\\/08\\\/ezgif.com-gif-maker-273.jpg\",\"width\":1688,\"height\":1462,\"caption\":\"ra\u0161pa Half Moon\"},{\"@type\":\"BreadcrumbList\",\"@id\":\"https:\\\/\\\/www.meavia-mh.hr\\\/product\\\/raspa-za-nokte-half-moon-pro-slim-180-240-10-kom\\\/#breadcrumb\",\"itemListElement\":[{\"@type\":\"ListItem\",\"position\":1,\"name\":\"Po\u010detna stranica\",\"item\":\"https:\\\/\\\/www.meavia-mh.hr\\\/\"},{\"@type\":\"ListItem\",\"position\":2,\"name\":\"Trgovina\",\"item\":\"https:\\\/\\\/meavia-mh.hr\\\/sl\\\/store\\\/\"},{\"@type\":\"ListItem\",\"position\":3,\"name\":\"Ra\u0161pa za nokte Half Moon Pro Slim 180\\\/240 &#8211; 10 kom\"}]},{\"@type\":\"WebSite\",\"@id\":\"https:\\\/\\\/meavia-mh.hr\\\/sl\\\/#website\",\"url\":\"https:\\\/\\\/meavia-mh.hr\\\/sl\\\/\",\"name\":\"Mea Via Beauty\",\"description\":\"Only The Best For Your Beauty\",\"publisher\":{\"@id\":\"https:\\\/\\\/meavia-mh.hr\\\/sl\\\/#organization\"},\"alternateName\":\"Mea Via Nails\",\"potentialAction\":[{\"@type\":\"SearchAction\",\"target\":{\"@type\":\"EntryPoint\",\"urlTemplate\":\"https:\\\/\\\/meavia-mh.hr\\\/sl\\\/?s={search_term_string}\"},\"query-input\":{\"@type\":\"PropertyValueSpecification\",\"valueRequired\":true,\"valueName\":\"search_term_string\"}}],\"inLanguage\":\"sl-SI\"},{\"@type\":\"Organization\",\"@id\":\"https:\\\/\\\/meavia-mh.hr\\\/sl\\\/#organization\",\"name\":\"Mea Via Nails World\",\"alternateName\":\"Mea Via\",\"url\":\"https:\\\/\\\/meavia-mh.hr\\\/sl\\\/\",\"logo\":{\"@type\":\"ImageObject\",\"inLanguage\":\"sl-SI\",\"@id\":\"https:\\\/\\\/meavia-mh.hr\\\/sl\\\/#\\\/schema\\\/logo\\\/image\\\/\",\"url\":\"https:\\\/\\\/www.meavia-mh.hr\\\/wp-content\\\/uploads\\\/2020\\\/12\\\/Mea-Via.png\",\"contentUrl\":\"https:\\\/\\\/www.meavia-mh.hr\\\/wp-content\\\/uploads\\\/2020\\\/12\\\/Mea-Via.png\",\"width\":1181,\"height\":393,\"caption\":\"Mea Via Nails World\"},\"image\":{\"@id\":\"https:\\\/\\\/meavia-mh.hr\\\/sl\\\/#\\\/schema\\\/logo\\\/image\\\/\"},\"sameAs\":[\"https:\\\/\\\/www.facebook.com\\\/MeaViaNailsWorld\",\"https:\\\/\\\/www.instagram.com\\\/mea_via_nails_world\\\/\",\"https:\\\/\\\/www.youtube.com\\\/channel\\\/UCECk0hpRWP6TN-EfA4ER96g\\\/featured\"]}]}<\/script>\n<!-- \/ Yoast SEO plugin. -->","yoast_head_json":{"title":"Ra\u0161pa za nokte Half Moon Pro Slim 180\/240 - 10 kom &#8902; Mea Via Beauty","description":"Ra\u0161pa za nokte Half Moon Pro Slim 180\/240 - 10 kom &#8902; trupija za gel, akril gel, trajni lak&#8902; dvostrana ra\u0161pa za manikuru &#8902; top kvaliteta","robots":{"index":"index","follow":"follow","max-snippet":"max-snippet:-1","max-image-preview":"max-image-preview:large","max-video-preview":"max-video-preview:-1"},"canonical":"https:\/\/www.meavia-mh.hr\/sl\/product\/raspa-za-nokte-half-moon-pro-slim-180-240-10-kom\/","og_locale":"sl_SI","og_type":"article","og_title":"Ra\u0161pa za nokte Half Moon Pro Slim 180\/240 - 10 kom &#8902; Mea Via Beauty","og_description":"Ra\u0161pa za nokte Half Moon Pro Slim 180\/240 - 10 kom &#8902; trupija za gel, akril gel, trajni lak&#8902; dvostrana ra\u0161pa za manikuru &#8902; top kvaliteta","og_url":"https:\/\/www.meavia-mh.hr\/sl\/product\/raspa-za-nokte-half-moon-pro-slim-180-240-10-kom\/","og_site_name":"Mea Via Beauty","article_publisher":"https:\/\/www.facebook.com\/MeaViaNailsWorld","article_modified_time":"2026-01-24T08:34:19+00:00","og_image":[{"width":1688,"height":1462,"url":"https:\/\/www.meavia-mh.hr\/wp-content\/uploads\/2021\/08\/ezgif.com-gif-maker-273.jpg","type":"image\/jpeg"}],"twitter_card":"summary_large_image","twitter_misc":{"Est. reading time":"4 minute"},"schema":{"@context":"https:\/\/schema.org","@graph":[{"@type":"WebPage","@id":"https:\/\/www.meavia-mh.hr\/product\/raspa-za-nokte-half-moon-pro-slim-180-240-10-kom\/","url":"https:\/\/www.meavia-mh.hr\/product\/raspa-za-nokte-half-moon-pro-slim-180-240-10-kom\/","name":"Ra\u0161pa za nokte Half Moon Pro Slim 180\/240 - 10 kom &#8902; Mea Via Beauty","isPartOf":{"@id":"https:\/\/meavia-mh.hr\/sl\/#website"},"primaryImageOfPage":{"@id":"https:\/\/www.meavia-mh.hr\/product\/raspa-za-nokte-half-moon-pro-slim-180-240-10-kom\/#primaryimage"},"image":{"@id":"https:\/\/www.meavia-mh.hr\/product\/raspa-za-nokte-half-moon-pro-slim-180-240-10-kom\/#primaryimage"},"thumbnailUrl":"https:\/\/www.meavia-mh.hr\/wp-content\/uploads\/2021\/08\/ezgif.com-gif-maker-273.jpg","datePublished":"2023-04-21T14:01:59+00:00","dateModified":"2026-01-24T08:34:19+00:00","description":"Ra\u0161pa za nokte Half Moon Pro Slim 180\/240 - 10 kom &#8902; trupija za gel, akril gel, trajni lak&#8902; dvostrana ra\u0161pa za manikuru &#8902; top kvaliteta","breadcrumb":{"@id":"https:\/\/www.meavia-mh.hr\/product\/raspa-za-nokte-half-moon-pro-slim-180-240-10-kom\/#breadcrumb"},"inLanguage":"sl-SI","potentialAction":[{"@type":"ReadAction","target":["https:\/\/www.meavia-mh.hr\/product\/raspa-za-nokte-half-moon-pro-slim-180-240-10-kom\/"]}]},{"@type":"ImageObject","inLanguage":"sl-SI","@id":"https:\/\/www.meavia-mh.hr\/product\/raspa-za-nokte-half-moon-pro-slim-180-240-10-kom\/#primaryimage","url":"https:\/\/www.meavia-mh.hr\/wp-content\/uploads\/2021\/08\/ezgif.com-gif-maker-273.jpg","contentUrl":"https:\/\/www.meavia-mh.hr\/wp-content\/uploads\/2021\/08\/ezgif.com-gif-maker-273.jpg","width":1688,"height":1462,"caption":"ra\u0161pa Half Moon"},{"@type":"BreadcrumbList","@id":"https:\/\/www.meavia-mh.hr\/product\/raspa-za-nokte-half-moon-pro-slim-180-240-10-kom\/#breadcrumb","itemListElement":[{"@type":"ListItem","position":1,"name":"Po\u010detna stranica","item":"https:\/\/www.meavia-mh.hr\/"},{"@type":"ListItem","position":2,"name":"Trgovina","item":"https:\/\/meavia-mh.hr\/sl\/store\/"},{"@type":"ListItem","position":3,"name":"Ra\u0161pa za nokte Half Moon Pro Slim 180\/240 &#8211; 10 kom"}]},{"@type":"WebSite","@id":"https:\/\/meavia-mh.hr\/sl\/#website","url":"https:\/\/meavia-mh.hr\/sl\/","name":"MEA VIA BEAUTY","description":"Only The Best For Your Beauty","publisher":{"@id":"https:\/\/meavia-mh.hr\/sl\/#organization"},"alternateName":"Mea Via Nails","potentialAction":[{"@type":"SearchAction","target":{"@type":"EntryPoint","urlTemplate":"https:\/\/meavia-mh.hr\/sl\/?s={search_term_string}"},"query-input":{"@type":"PropertyValueSpecification","valueRequired":true,"valueName":"search_term_string"}}],"inLanguage":"sl-SI"},{"@type":"Organization","@id":"https:\/\/meavia-mh.hr\/sl\/#organization","name":"Mea Via Nails World","alternateName":"Mea Via","url":"https:\/\/meavia-mh.hr\/sl\/","logo":{"@type":"ImageObject","inLanguage":"sl-SI","@id":"https:\/\/meavia-mh.hr\/sl\/#\/schema\/logo\/image\/","url":"https:\/\/www.meavia-mh.hr\/wp-content\/uploads\/2020\/12\/Mea-Via.png","contentUrl":"https:\/\/www.meavia-mh.hr\/wp-content\/uploads\/2020\/12\/Mea-Via.png","width":1181,"height":393,"caption":"Mea Via Nails World"},"image":{"@id":"https:\/\/meavia-mh.hr\/sl\/#\/schema\/logo\/image\/"},"sameAs":["https:\/\/www.facebook.com\/MeaViaNailsWorld","https:\/\/www.instagram.com\/mea_via_nails_world\/","https:\/\/www.youtube.com\/channel\/UCECk0hpRWP6TN-EfA4ER96g\/featured"]}]}},"spectra_custom_meta":{"_sku":["5906717442735"],"_regular_price":["8.88"],"total_sales":["19"],"_tax_status":["taxable"],"_tax_class":[""],"_manage_stock":["yes"],"_backorders":["no"],"_sold_individually":["no"],"_virtual":["no"],"_downloadable":["no"],"_product_image_gallery":["19828,19827"],"_download_limit":["-1"],"_download_expiry":["-1"],"_thumbnail_id":["8116"],"_stock":["0"],"_stock_status":["outofstock"],"_wc_average_rating":["0"],"_wc_review_count":["0"],"_product_version":["10.4.3"],"_price":["8.88"],"_wp_page_template":["default"],"_yoast_wpseo_focuskw":["Ra\u0161pa za nokte Half Moon"],"_yoast_wpseo_metadesc":["%%title%% %%sep%% trupija za gel, akril gel, trajni lak%%sep%% dvostrana ra\u0161pa za manikuru %%sep%% top kvaliteta"],"_yoast_wpseo_linkdex":["78"],"_yoast_wpseo_content_score":["90"],"site-sidebar-layout":["default"],"site-content-layout":["default"],"theme-transparent-header-meta":["default"],"stick-header-meta":["default"],"_yoast_wpseo_primary_product_cat":["113"],"_woocs_price_geo_countries":[""],"_woocs_regular_price_geo":[""],"_woocs_sale_price_geo":[""],"_yoast_wpseo_estimated-reading-time-minutes":["4"],"cartflows_redirect_flow_id":[""],"cartflows_add_to_cart_text":[""],"_woocs_regular_price_EUR":["8.88"],"_woocs_sale_price_EUR":["-1"],"_lowest_price_30_days":["8.88"],"_edit_lock":["1696871003:1239"],"_edit_last":["1239"],"_yoast_wpseo_wordproof_timestamp":[""],"_yoast_wpseo_primary_fb_product_set":[""],"ast-site-content-layout":["default"],"site-content-style":["default"],"site-sidebar-style":["default"],"astra-migrate-meta-layouts":["set"],"uag_migration_processed":["1"],"_elementor_page_assets":["a:0:{}"],"_uag_page_assets":["a:9:{s:3:\"css\";s:0:\"\";s:2:\"js\";s:0:\"\";s:18:\"current_block_list\";a:3:{i:0;s:11:\"core\/search\";i:1;s:18:\"core\/legacy-widget\";i:2;s:27:\"woocommerce\/product-filters\";}s:8:\"uag_flag\";b:0;s:11:\"uag_version\";s:10:\"1776497662\";s:6:\"gfonts\";a:0:{}s:10:\"gfonts_url\";s:0:\"\";s:12:\"gfonts_files\";a:0:{}s:14:\"uag_faq_layout\";b:0;}"]},"uagb_featured_image_src":{"full":["https:\/\/www.meavia-mh.hr\/wp-content\/uploads\/2021\/08\/ezgif.com-gif-maker-273.jpg",1688,1462,false],"thumbnail":["https:\/\/www.meavia-mh.hr\/wp-content\/uploads\/2021\/08\/ezgif.com-gif-maker-273-150x150.jpg",150,150,true],"medium":["https:\/\/www.meavia-mh.hr\/wp-content\/uploads\/2021\/08\/ezgif.com-gif-maker-273-300x260.jpg",300,260,true],"medium_large":["https:\/\/www.meavia-mh.hr\/wp-content\/uploads\/2021\/08\/ezgif.com-gif-maker-273-768x665.jpg",768,665,true],"large":["https:\/\/www.meavia-mh.hr\/wp-content\/uploads\/2021\/08\/ezgif.com-gif-maker-273-1024x887.jpg",1024,887,true],"1536x1536":["https:\/\/www.meavia-mh.hr\/wp-content\/uploads\/2021\/08\/ezgif.com-gif-maker-273-1536x1330.jpg",1536,1330,true],"2048x2048":["https:\/\/www.meavia-mh.hr\/wp-content\/uploads\/2021\/08\/ezgif.com-gif-maker-273.jpg",1688,1462,false],"trp-custom-language-flag":["https:\/\/www.meavia-mh.hr\/wp-content\/uploads\/2021\/08\/ezgif.com-gif-maker-273-14x12.jpg",14,12,true],"woocommerce_thumbnail":["https:\/\/www.meavia-mh.hr\/wp-content\/uploads\/2021\/08\/ezgif.com-gif-maker-273-300x300.jpg",300,300,true],"woocommerce_single":["https:\/\/www.meavia-mh.hr\/wp-content\/uploads\/2021\/08\/ezgif.com-gif-maker-273-600x520.jpg",600,520,true],"woocommerce_gallery_thumbnail":["https:\/\/www.meavia-mh.hr\/wp-content\/uploads\/2021\/08\/ezgif.com-gif-maker-273-100x100.jpg",100,100,true]},"uagb_author_info":{"display_name":"Zla Gol","author_link":"https:\/\/www.meavia-mh.hr\/sl\/author\/"},"uagb_comment_info":0,"uagb_excerpt":"Ra\u0161pa za nokte Half Moon Slim 180\/240 je srednje gruba i srednje fina turpija. Ova tanka, ali \u010dvrsta i savitljiva ra\u0161pa za nokte savr\u0161ena je za skra\u0107ivanje i oblikovanje akril ili\u00a0gel noktiju te za pripremu prirodne plo\u010de nokta za styling. Ra\u0161pa za nokte Half Moon Slim 180\/240 osiguravaja visoku kvalitetu, izra\u0111ena je od vrhunskih materijala,&hellip;","_links":{"self":[{"href":"https:\/\/www.meavia-mh.hr\/sl\/wp-json\/wp\/v2\/product\/19826","targetHints":{"allow":["GET"]}}],"collection":[{"href":"https:\/\/www.meavia-mh.hr\/sl\/wp-json\/wp\/v2\/product"}],"about":[{"href":"https:\/\/www.meavia-mh.hr\/sl\/wp-json\/wp\/v2\/types\/product"}],"replies":[{"embeddable":true,"href":"https:\/\/www.meavia-mh.hr\/sl\/wp-json\/wp\/v2\/comments?post=19826"}],"version-history":[{"count":1,"href":"https:\/\/www.meavia-mh.hr\/sl\/wp-json\/wp\/v2\/product\/19826\/revisions"}],"predecessor-version":[{"id":30493,"href":"https:\/\/www.meavia-mh.hr\/sl\/wp-json\/wp\/v2\/product\/19826\/revisions\/30493"}],"wp:featuredmedia":[{"embeddable":true,"href":"https:\/\/www.meavia-mh.hr\/sl\/wp-json\/wp\/v2\/media\/8116"}],"wp:attachment":[{"href":"https:\/\/www.meavia-mh.hr\/sl\/wp-json\/wp\/v2\/media?parent=19826"}],"wp:term":[{"taxonomy":"product_brand","embeddable":true,"href":"https:\/\/www.meavia-mh.hr\/sl\/wp-json\/wp\/v2\/product_brand?post=19826"},{"taxonomy":"product_cat","embeddable":true,"href":"https:\/\/www.meavia-mh.hr\/sl\/wp-json\/wp\/v2\/product_cat?post=19826"},{"taxonomy":"product_tag","embeddable":true,"href":"https:\/\/www.meavia-mh.hr\/sl\/wp-json\/wp\/v2\/product_tag?post=19826"}],"curies":[{"name":"delovni list","href":"https:\/\/api.w.org\/{rel}","templated":true}]}}