{"id":19353,"date":"2023-03-30T12:56:39","date_gmt":"2023-03-30T12:56:39","guid":{"rendered":"https:\/\/www.meavia-mh.hr\/?post_type=product&#038;p=19353"},"modified":"2026-03-28T15:31:41","modified_gmt":"2026-03-28T14:31:41","slug":"claresa-primer-no-acid","status":"publish","type":"product","link":"https:\/\/www.meavia-mh.hr\/sl\/product\/claresa-primer-no-acid\/","title":{"rendered":"Claresa primer No Acid"},"content":{"rendered":"<p><span class=\"\">Ali \u017eelite <\/span><span class=\"\">va\u0161 dizajn nohtov bo dolgo \u010dasa v popolnem stanju<\/span><span class=\"\">?<\/span>\u00a0Imamo zanesljivo re\u0161itev<strong> \u2013 Claresa primer No Acid \u2013 brezkislinski bazi\u010dni primer.<\/strong><\/p>\n<p><strong><span class=\"\">POSEBNOST<\/span><\/strong><span class=\"\">\u00a0\u2013 str<\/span>pove\u010danje oprijema podlage in gela na nohtno plo\u0161\u010do ter podalj\u0161anje obstojnosti oblikovanja.<\/p>\n<p><strong>ZA KOGA - z<\/strong><span class=\"\">ter profesionalce in hobiste, ki \u017eelijo pove\u010dati obstojnost svojih stilov.<\/span><\/p>\n<p><strong><span class=\"\">SUPER MO\u010c<\/span><\/strong><span class=\"\"> : Neuni\u010dljiva manikura do 3 tedne!<\/span><\/p>\n<p><strong>Navodila za uporabo:\u00a0<\/strong><span class=\"\">Izdelek je treba nanesti neposredno na \u010disto in razma\u0161\u010deno nohtno plo\u0161\u010do. <\/span>Pustite nekaj sekund, da izhlapi, nato nanesite podlago ali gel za nohte.<\/p>\n<h4><strong>Lastnosti izdelka:<\/strong><\/h4>\n<ul>\n<li>Podalj\u0161uje obstojnost nohtov<\/li>\n<li>Temeljni premaz brez kislin - brez kislin<\/li>\n<li>Dermatolo\u0161ko testiran izdelek<\/li>\n<li>Brez \u0161kodljivih in strupenih snovi<\/li>\n<li>Brez krutosti (izdelek ni testiran na \u017eivalih)<\/li>\n<li>Izdelano v EU<\/li>\n<li>Vse surovine za proizvodnjo iz EU<\/li>\n<li><span class=\"\">Barva: prozorna.\u00a0<\/span><\/li>\n<\/ul>\n<h4><span class=\"\">Primer brez kislin za nego nohtne plo\u0161\u010de<\/span><\/h4>\n<p>Claresa primer No Acid - primer brez kislin to omogo\u010da\u00a0<span class=\"\">str<\/span>pove\u010danje oprijema podlage in gela na nohtno plo\u0161\u010do ter podalj\u0161anje obstojnosti oblikovanja.<\/p>\n<h6><span style=\"font-size: 17.600000381469727px;font-style: normal;font-weight: bold\">Pakiranje: 5 g<\/span><\/h6>\n<p><strong>Izdelek ne vsebuje sestavin, ki bi lahko povzro\u010dile alergije, kot so:formaldehyde, toluene, DBP, camphor, dibutyl phthalate.<\/strong><\/p>\n<h3>Na\u010din uporabe:<\/h3>\n<p>Nohtno plo\u0161\u010do rahlo matirajte s polirnim blokom. Na nohtu razma\u0161\u010den <a href=\"https:\/\/www.meavia-mh.hr\/sl\/product\/palu-cleaner-2-500-ml\/\">PALU Cleanerom<\/a>\u00a0nanese\u0161 Claresa primer brez kislin in po\u010daka\u0161, da izhlapi. Uporablja se po pripravi nohta in nanosu \u010distila (dehidratorja), pred nanosom podlage za permanentni lak, gel, akril ali akrigel. Ustvari vez med naravnim nohtom in podlago. Priporo\u010dljivo je uporabljati pri zelo mastnih nohtih<a href=\"https:\/\/www.meavia-mh.hr\/sl\/product\/palu-primer-acid-1-11ml\/\"><strong> kislinski temeljni premaz<\/strong>.<\/a><\/p>\n<p>Nanesite eno tanko plast <a href=\"https:\/\/www.meavia-mh.hr\/sl\/product\/claresa-baza\/\">Clares baza<\/a> in polimerizirajte v profesionalnoj\u00a0<a href=\"https:\/\/www.meavia-mh.hr\/sl\/product\/uv-led-lampa-za-nokte-star-pro-96w-rose\/\">UV\/LED lu\u010dki.<\/a>\u00a0<span class=\"\" style=\"font-size: 16px;font-style: normal\">Odvisno od stanja nohta, na plo\u0161\u010do nanesite 1 ali 2 sloja podlage in vsakega strdite 30-60 sekund.\u00a0<\/span><span style=\"font-size: 16px;font-style: normal\">v UV\/LED svetilki. Stekleni\u010dka s \u010dopi\u010dem zagotavlja maksimalno udobje pri uporabi. n<span class=\"\">in na koncu lahko nanesete barvo trajnega laka po \u017eelji<\/span><\/span>. Oglejte si ponudbo vrhunskih trajnih lakov iz na\u0161e ponudbe blagovnih znamk: <a href=\"https:\/\/www.meavia-mh.hr\/sl\/product\/claresa-trajni-lak-gel-polish-frosty-morning-10\/\">Claresa<\/a>,\u00a0<span style=\"font-size: 16px;font-style: normal\"><a href=\"https:\/\/www.meavia-mh.hr\/sl\/product\/ikon-iq-prima-gel-polish-trajni-lak-fredrika-15-ml\/\">IKON.iQ<\/a> in\u00a0<\/span><a href=\"https:\/\/www.meavia-mh.hr\/sl\/product\/palu-gel-polish-trajni-lak-petersburg-pe5-11-ml\/\"><span style=\"font-size: 16px\">PALU<\/span><\/a>.\u00a0<span class=\"\">Na koncu nanesite en sloj \u00a0<a href=\"https:\/\/www.meavia-mh.hr\/sl\/product\/claresa-top-coat-diamond-no-wipe\/\"><strong>Claresa zgornji premaz Diamond No Wipe<\/strong><\/a><\/span><strong><span class=\"\">\u00a0<\/span><\/strong><span class=\"\"> in posu\u0161ite v profesionalcu <a href=\"https:\/\/www.meavia-mh.hr\/sl\/product\/uv-led-lampa-za-nokte-lux-1-48w-srebrno-pink\/\">UV\/LED lu\u010dki.<\/a>\u00a0<\/span><\/p>\n<p><strong>Blagovna znamka Claresa<\/strong> ustvarjen je bil za potrebe potro\u0161nikov, ki \u017eelijo le izdelke najvi\u0161je kakovosti. Brezkompromisna kakovost in skrbno izbrane sestavine postavljajo kozmetiko Claresa na vrh lestvice.<br \/>\nZasnoval v Franciji s <strong>CLARESA<\/strong>, laki in dodatki za oblikovanje nohtov so narejeni iz najkvalitetnej\u0161ih sestavin, ki ne povzro\u010dajo alergij. Prvotno so bili na voljo samo za salonske profesionalce in umetnike li\u010denja najve\u010djih zvezd. Zdaj so ti vrhunski izdelki na voljo vsem strankam po najbolj\u0161i ceni!<\/p>\n<h4>Previdnostni ukrepi:<\/h4>\n<ul>\n<li>Hraniti izven pogleda in dosega otrok.<\/li>\n<li>Izogibajte se stiku z o\u010dmi.<\/li>\n<li>Ne uporabljajte v primeru preob\u010dutljivosti na katero koli sestavino izdelka.<\/li>\n<li>V primeru kakr\u0161nih koli ne\u017eelenih u\u010dinkov ali preob\u010dutljivosti, kot so peko\u010d ob\u010dutek, srbenje, pordelost ipd., je treba zdravilo prekiniti.<\/li>\n<li>Ne uporabljajte na na\u010din, ki ni v skladu z namenom.<\/li>\n<li>Ne uporabljajte po poteku roka uporabnosti.<\/li>\n<\/ul>","protected":false},"excerpt":{"rendered":"<p><a href=\"https:\/\/www.meavia-mh.hr\/wp-content\/uploads\/2022\/07\/1-3.jpg\"><img decoding=\"async\" class=\"alignnone size-thumbnail wp-image-14687\" src=\"https:\/\/www.meavia-mh.hr\/wp-content\/uploads\/2022\/07\/1-3-150x150.jpg\" alt=\"Dermatologically tested\" width=\"150\" height=\"150\" srcset=\"https:\/\/www.meavia-mh.hr\/wp-content\/uploads\/2022\/07\/1-3-150x150.jpg 150w, https:\/\/www.meavia-mh.hr\/wp-content\/uploads\/2022\/07\/1-3-300x300.jpg 300w, https:\/\/www.meavia-mh.hr\/wp-content\/uploads\/2022\/07\/1-3-1024x1024.jpg 1024w, https:\/\/www.meavia-mh.hr\/wp-content\/uploads\/2022\/07\/1-3-768x768.jpg 768w, https:\/\/www.meavia-mh.hr\/wp-content\/uploads\/2022\/07\/1-3-12x12.jpg 12w, https:\/\/www.meavia-mh.hr\/wp-content\/uploads\/2022\/07\/1-3-600x600.jpg 600w, https:\/\/www.meavia-mh.hr\/wp-content\/uploads\/2022\/07\/1-3-100x100.jpg 100w, https:\/\/www.meavia-mh.hr\/wp-content\/uploads\/2022\/07\/1-3.jpg 1080w\" sizes=\"(max-width: 150px) 100vw, 150px\" \/><\/a><\/p>","protected":false},"featured_media":19355,"comment_status":"closed","ping_status":"closed","template":"","meta":{"_uag_custom_page_level_css":"","site-sidebar-layout":"default","site-content-layout":"default","ast-site-content-layout":"default","site-content-style":"default","site-sidebar-style":"default","ast-global-header-display":"","ast-banner-title-visibility":"","ast-main-header-display":"","ast-hfb-above-header-display":"","ast-hfb-below-header-display":"","ast-hfb-mobile-header-display":"","site-post-title":"","ast-breadcrumbs-content":"","ast-featured-img":"","footer-sml-layout":"","ast-disable-related-posts":"","theme-transparent-header-meta":"default","adv-header-id-meta":"","stick-header-meta":"default","header-above-stick-meta":"","header-main-stick-meta":"","header-below-stick-meta":"","astra-migrate-meta-layouts":"set","ast-page-background-enabled":"default","ast-page-background-meta":{"desktop":{"background-color":"var(--ast-global-color-4)","background-image":"","background-repeat":"repeat","background-position":"center center","background-size":"auto","background-attachment":"scroll","background-type":"","background-media":"","overlay-type":"","overlay-color":"","overlay-opacity":"","overlay-gradient":""},"tablet":{"background-color":"","background-image":"","background-repeat":"repeat","background-position":"center center","background-size":"auto","background-attachment":"scroll","background-type":"","background-media":"","overlay-type":"","overlay-color":"","overlay-opacity":"","overlay-gradient":""},"mobile":{"background-color":"","background-image":"","background-repeat":"repeat","background-position":"center center","background-size":"auto","background-attachment":"scroll","background-type":"","background-media":"","overlay-type":"","overlay-color":"","overlay-opacity":"","overlay-gradient":""}},"ast-content-background-meta":{"desktop":{"background-color":"var(--ast-global-color-5)","background-image":"","background-repeat":"repeat","background-position":"center center","background-size":"auto","background-attachment":"scroll","background-type":"","background-media":"","overlay-type":"","overlay-color":"","overlay-opacity":"","overlay-gradient":""},"tablet":{"background-color":"var(--ast-global-color-5)","background-image":"","background-repeat":"repeat","background-position":"center center","background-size":"auto","background-attachment":"scroll","background-type":"","background-media":"","overlay-type":"","overlay-color":"","overlay-opacity":"","overlay-gradient":""},"mobile":{"background-color":"var(--ast-global-color-5)","background-image":"","background-repeat":"repeat","background-position":"center center","background-size":"auto","background-attachment":"scroll","background-type":"","background-media":"","overlay-type":"","overlay-color":"","overlay-opacity":"","overlay-gradient":""}}},"product_brand":[607],"product_cat":[534,115],"product_tag":[210],"class_list":{"0":"post-19353","1":"product","2":"type-product","3":"status-publish","4":"has-post-thumbnail","6":"product_brand-claresa","7":"product_cat-claresa","8":"product_cat-pripremne-tekucine","9":"product_tag-primer","10":"desktop-align-left","11":"tablet-align-left","12":"mobile-align-left","13":"ast-product-gallery-layout-horizontal-slider","14":"ast-product-gallery-with-no-image","15":"ast-product-tabs-layout-horizontal","17":"first","18":"instock","19":"taxable","20":"shipping-taxable","21":"purchasable","22":"product-type-simple"},"yoast_head":"<!-- This site is optimized with the Yoast SEO plugin v27.4 - https:\/\/yoast.com\/product\/yoast-seo-wordpress\/ -->\n<title>Claresa primer No Acid &#8902; Mea Via Beauty<\/title>\n<meta name=\"description\" content=\"Claresa primer No Acid &#8902; bezkiselinski primer &#8902; ja\u010da i \u0161titi nokte &#8902; vrhunska kvaliteta &#8902; dermatolo\u0161ki testiran &#8902; Acid Free\" \/>\n<meta name=\"robots\" content=\"index, follow, max-snippet:-1, max-image-preview:large, max-video-preview:-1\" \/>\n<link rel=\"canonical\" href=\"https:\/\/www.meavia-mh.hr\/sl\/product\/claresa-primer-no-acid\/\" \/>\n<meta property=\"og:locale\" content=\"sl_SI\" \/>\n<meta property=\"og:type\" content=\"article\" \/>\n<meta property=\"og:title\" content=\"Claresa primer No Acid &#8902; Mea Via Beauty\" \/>\n<meta property=\"og:description\" content=\"Claresa primer No Acid &#8902; bezkiselinski primer &#8902; ja\u010da i \u0161titi nokte &#8902; vrhunska kvaliteta &#8902; dermatolo\u0161ki testiran &#8902; Acid Free\" \/>\n<meta property=\"og:url\" content=\"https:\/\/www.meavia-mh.hr\/sl\/product\/claresa-primer-no-acid\/\" \/>\n<meta property=\"og:site_name\" content=\"Mea Via Beauty\" \/>\n<meta property=\"article:publisher\" content=\"https:\/\/www.facebook.com\/MeaViaNailsWorld\" \/>\n<meta property=\"article:modified_time\" content=\"2026-03-28T14:31:41+00:00\" \/>\n<meta property=\"og:image\" content=\"https:\/\/www.meavia-mh.hr\/wp-content\/uploads\/2023\/03\/Claresa-primer-no-Acid.jpg\" \/>\n\t<meta property=\"og:image:width\" content=\"1672\" \/>\n\t<meta property=\"og:image:height\" content=\"1668\" \/>\n\t<meta property=\"og:image:type\" content=\"image\/jpeg\" \/>\n<meta name=\"twitter:card\" content=\"summary_large_image\" \/>\n<meta name=\"twitter:label1\" content=\"Est. reading time\" \/>\n\t<meta name=\"twitter:data1\" content=\"3 minute\" \/>\n<script type=\"application\/ld+json\" class=\"yoast-schema-graph\">{\"@context\":\"https:\\\/\\\/schema.org\",\"@graph\":[{\"@type\":\"WebPage\",\"@id\":\"https:\\\/\\\/www.meavia-mh.hr\\\/product\\\/claresa-primer-no-acid\\\/\",\"url\":\"https:\\\/\\\/www.meavia-mh.hr\\\/product\\\/claresa-primer-no-acid\\\/\",\"name\":\"Claresa primer No Acid &#8902; Mea Via Beauty\",\"isPartOf\":{\"@id\":\"https:\\\/\\\/meavia-mh.hr\\\/sl\\\/#website\"},\"primaryImageOfPage\":{\"@id\":\"https:\\\/\\\/www.meavia-mh.hr\\\/product\\\/claresa-primer-no-acid\\\/#primaryimage\"},\"image\":{\"@id\":\"https:\\\/\\\/www.meavia-mh.hr\\\/product\\\/claresa-primer-no-acid\\\/#primaryimage\"},\"thumbnailUrl\":\"https:\\\/\\\/www.meavia-mh.hr\\\/wp-content\\\/uploads\\\/2023\\\/03\\\/Claresa-primer-no-Acid.jpg\",\"datePublished\":\"2023-03-30T12:56:39+00:00\",\"dateModified\":\"2026-03-28T14:31:41+00:00\",\"description\":\"Claresa primer No Acid &#8902; bezkiselinski primer &#8902; ja\u010da i \u0161titi nokte &#8902; vrhunska kvaliteta &#8902; dermatolo\u0161ki testiran &#8902; Acid Free\",\"breadcrumb\":{\"@id\":\"https:\\\/\\\/www.meavia-mh.hr\\\/product\\\/claresa-primer-no-acid\\\/#breadcrumb\"},\"inLanguage\":\"sl-SI\",\"potentialAction\":[{\"@type\":\"ReadAction\",\"target\":[\"https:\\\/\\\/www.meavia-mh.hr\\\/product\\\/claresa-primer-no-acid\\\/\"]}]},{\"@type\":\"ImageObject\",\"inLanguage\":\"sl-SI\",\"@id\":\"https:\\\/\\\/www.meavia-mh.hr\\\/product\\\/claresa-primer-no-acid\\\/#primaryimage\",\"url\":\"https:\\\/\\\/www.meavia-mh.hr\\\/wp-content\\\/uploads\\\/2023\\\/03\\\/Claresa-primer-no-Acid.jpg\",\"contentUrl\":\"https:\\\/\\\/www.meavia-mh.hr\\\/wp-content\\\/uploads\\\/2023\\\/03\\\/Claresa-primer-no-Acid.jpg\",\"width\":1672,\"height\":1668,\"caption\":\"Claresa primer No Acid\"},{\"@type\":\"BreadcrumbList\",\"@id\":\"https:\\\/\\\/www.meavia-mh.hr\\\/product\\\/claresa-primer-no-acid\\\/#breadcrumb\",\"itemListElement\":[{\"@type\":\"ListItem\",\"position\":1,\"name\":\"Po\u010detna stranica\",\"item\":\"https:\\\/\\\/www.meavia-mh.hr\\\/\"},{\"@type\":\"ListItem\",\"position\":2,\"name\":\"Trgovina\",\"item\":\"https:\\\/\\\/meavia-mh.hr\\\/sl\\\/store\\\/\"},{\"@type\":\"ListItem\",\"position\":3,\"name\":\"Claresa primer No Acid\"}]},{\"@type\":\"WebSite\",\"@id\":\"https:\\\/\\\/meavia-mh.hr\\\/sl\\\/#website\",\"url\":\"https:\\\/\\\/meavia-mh.hr\\\/sl\\\/\",\"name\":\"Mea Via Beauty\",\"description\":\"Only The Best For Your Beauty\",\"publisher\":{\"@id\":\"https:\\\/\\\/meavia-mh.hr\\\/sl\\\/#organization\"},\"alternateName\":\"Mea Via Nails\",\"potentialAction\":[{\"@type\":\"SearchAction\",\"target\":{\"@type\":\"EntryPoint\",\"urlTemplate\":\"https:\\\/\\\/meavia-mh.hr\\\/sl\\\/?s={search_term_string}\"},\"query-input\":{\"@type\":\"PropertyValueSpecification\",\"valueRequired\":true,\"valueName\":\"search_term_string\"}}],\"inLanguage\":\"sl-SI\"},{\"@type\":\"Organization\",\"@id\":\"https:\\\/\\\/meavia-mh.hr\\\/sl\\\/#organization\",\"name\":\"Mea Via Nails World\",\"alternateName\":\"Mea Via\",\"url\":\"https:\\\/\\\/meavia-mh.hr\\\/sl\\\/\",\"logo\":{\"@type\":\"ImageObject\",\"inLanguage\":\"sl-SI\",\"@id\":\"https:\\\/\\\/meavia-mh.hr\\\/sl\\\/#\\\/schema\\\/logo\\\/image\\\/\",\"url\":\"https:\\\/\\\/www.meavia-mh.hr\\\/wp-content\\\/uploads\\\/2020\\\/12\\\/Mea-Via.png\",\"contentUrl\":\"https:\\\/\\\/www.meavia-mh.hr\\\/wp-content\\\/uploads\\\/2020\\\/12\\\/Mea-Via.png\",\"width\":1181,\"height\":393,\"caption\":\"Mea Via Nails World\"},\"image\":{\"@id\":\"https:\\\/\\\/meavia-mh.hr\\\/sl\\\/#\\\/schema\\\/logo\\\/image\\\/\"},\"sameAs\":[\"https:\\\/\\\/www.facebook.com\\\/MeaViaNailsWorld\",\"https:\\\/\\\/www.instagram.com\\\/mea_via_nails_world\\\/\",\"https:\\\/\\\/www.youtube.com\\\/channel\\\/UCECk0hpRWP6TN-EfA4ER96g\\\/featured\"]}]}<\/script>\n<!-- \/ Yoast SEO plugin. -->","yoast_head_json":{"title":"Claresa Primer brez kislin \u22c6 Mea Via Beauty","description":"Claresa primer brez kislin \u22c6 primer brez kislin \u22c6 krepi in \u0161\u010diti nohte \u22c6 vrhunska kakovost \u22c6 dermatolo\u0161ko testirano \u22c6 brez kislin","robots":{"index":"index","follow":"follow","max-snippet":"max-snippet:-1","max-image-preview":"max-image-preview:large","max-video-preview":"max-video-preview:-1"},"canonical":"https:\/\/www.meavia-mh.hr\/sl\/product\/claresa-primer-no-acid\/","og_locale":"sl_SI","og_type":"article","og_title":"Claresa primer No Acid &#8902; Mea Via Beauty","og_description":"Claresa primer No Acid &#8902; bezkiselinski primer &#8902; ja\u010da i \u0161titi nokte &#8902; vrhunska kvaliteta &#8902; dermatolo\u0161ki testiran &#8902; Acid Free","og_url":"https:\/\/www.meavia-mh.hr\/sl\/product\/claresa-primer-no-acid\/","og_site_name":"Mea Via Beauty","article_publisher":"https:\/\/www.facebook.com\/MeaViaNailsWorld","article_modified_time":"2026-03-28T14:31:41+00:00","og_image":[{"width":1672,"height":1668,"url":"https:\/\/www.meavia-mh.hr\/wp-content\/uploads\/2023\/03\/Claresa-primer-no-Acid.jpg","type":"image\/jpeg"}],"twitter_card":"summary_large_image","twitter_misc":{"Est. reading time":"3 minute"},"schema":{"@context":"https:\/\/schema.org","@graph":[{"@type":"WebPage","@id":"https:\/\/www.meavia-mh.hr\/product\/claresa-primer-no-acid\/","url":"https:\/\/www.meavia-mh.hr\/product\/claresa-primer-no-acid\/","name":"Claresa Primer brez kislin \u22c6 Mea Via Beauty","isPartOf":{"@id":"https:\/\/meavia-mh.hr\/sl\/#website"},"primaryImageOfPage":{"@id":"https:\/\/www.meavia-mh.hr\/product\/claresa-primer-no-acid\/#primaryimage"},"image":{"@id":"https:\/\/www.meavia-mh.hr\/product\/claresa-primer-no-acid\/#primaryimage"},"thumbnailUrl":"https:\/\/www.meavia-mh.hr\/wp-content\/uploads\/2023\/03\/Claresa-primer-no-Acid.jpg","datePublished":"2023-03-30T12:56:39+00:00","dateModified":"2026-03-28T14:31:41+00:00","description":"Claresa primer brez kislin \u22c6 primer brez kislin \u22c6 krepi in \u0161\u010diti nohte \u22c6 vrhunska kakovost \u22c6 dermatolo\u0161ko testirano \u22c6 brez kislin","breadcrumb":{"@id":"https:\/\/www.meavia-mh.hr\/product\/claresa-primer-no-acid\/#breadcrumb"},"inLanguage":"sl-SI","potentialAction":[{"@type":"ReadAction","target":["https:\/\/www.meavia-mh.hr\/product\/claresa-primer-no-acid\/"]}]},{"@type":"ImageObject","inLanguage":"sl-SI","@id":"https:\/\/www.meavia-mh.hr\/product\/claresa-primer-no-acid\/#primaryimage","url":"https:\/\/www.meavia-mh.hr\/wp-content\/uploads\/2023\/03\/Claresa-primer-no-Acid.jpg","contentUrl":"https:\/\/www.meavia-mh.hr\/wp-content\/uploads\/2023\/03\/Claresa-primer-no-Acid.jpg","width":1672,"height":1668,"caption":"Claresa primer No Acid"},{"@type":"BreadcrumbList","@id":"https:\/\/www.meavia-mh.hr\/product\/claresa-primer-no-acid\/#breadcrumb","itemListElement":[{"@type":"ListItem","position":1,"name":"Po\u010detna stranica","item":"https:\/\/www.meavia-mh.hr\/"},{"@type":"ListItem","position":2,"name":"Trgovina","item":"https:\/\/meavia-mh.hr\/sl\/store\/"},{"@type":"ListItem","position":3,"name":"Claresa primer No Acid"}]},{"@type":"WebSite","@id":"https:\/\/meavia-mh.hr\/sl\/#website","url":"https:\/\/meavia-mh.hr\/sl\/","name":"MEA VIA BEAUTY","description":"Only The Best For Your Beauty","publisher":{"@id":"https:\/\/meavia-mh.hr\/sl\/#organization"},"alternateName":"Mea Via Nails","potentialAction":[{"@type":"SearchAction","target":{"@type":"EntryPoint","urlTemplate":"https:\/\/meavia-mh.hr\/sl\/?s={search_term_string}"},"query-input":{"@type":"PropertyValueSpecification","valueRequired":true,"valueName":"search_term_string"}}],"inLanguage":"sl-SI"},{"@type":"Organization","@id":"https:\/\/meavia-mh.hr\/sl\/#organization","name":"Mea Via Nails World","alternateName":"Mea Via","url":"https:\/\/meavia-mh.hr\/sl\/","logo":{"@type":"ImageObject","inLanguage":"sl-SI","@id":"https:\/\/meavia-mh.hr\/sl\/#\/schema\/logo\/image\/","url":"https:\/\/www.meavia-mh.hr\/wp-content\/uploads\/2020\/12\/Mea-Via.png","contentUrl":"https:\/\/www.meavia-mh.hr\/wp-content\/uploads\/2020\/12\/Mea-Via.png","width":1181,"height":393,"caption":"Mea Via Nails World"},"image":{"@id":"https:\/\/meavia-mh.hr\/sl\/#\/schema\/logo\/image\/"},"sameAs":["https:\/\/www.facebook.com\/MeaViaNailsWorld","https:\/\/www.instagram.com\/mea_via_nails_world\/","https:\/\/www.youtube.com\/channel\/UCECk0hpRWP6TN-EfA4ER96g\/featured"]}]}},"spectra_custom_meta":{"_sku":["5906750236834"],"_regular_price":["5.3"],"total_sales":["103"],"_tax_status":["taxable"],"_tax_class":[""],"_manage_stock":["yes"],"_backorders":["no"],"_sold_individually":["no"],"_virtual":["no"],"_downloadable":["no"],"_download_limit":["-1"],"_download_expiry":["-1"],"_thumbnail_id":["19355"],"_stock":["4"],"_stock_status":["instock"],"_wc_average_rating":["0"],"_wc_review_count":["0"],"_product_version":["10.6.1"],"_price":["5.3"],"_wp_page_template":["default"],"_yoast_wpseo_focuskw":["Claresa bezkiselinski primer"],"_yoast_wpseo_linkdex":["76"],"_yoast_wpseo_content_score":["90"],"_yoast_wpseo_estimated-reading-time-minutes":["3"],"cartflows_redirect_flow_id":[""],"cartflows_add_to_cart_text":[""],"_woocs_price_geo_countries":[""],"_woocs_regular_price_geo":[""],"_woocs_sale_price_geo":[""],"site-sidebar-layout":["default"],"site-content-layout":["default"],"theme-transparent-header-meta":["default"],"stick-header-meta":["default"],"_yoast_wpseo_primary_product_cat":["115"],"_yoast_wpseo_metadesc":["%%title%% %%sep%% bezkiselinski primer %%sep%% ja\u010da i \u0161titi nokte %%sep%% vrhunska kvaliteta %%sep%% dermatolo\u0161ki testiran %%sep%% Acid Free"],"_woocs_regular_price_EUR":["5.3"],"_woocs_sale_price_EUR":["-1"],"_lowest_price_30_days":["5.3"],"_edit_lock":["1710342323:1239"],"_edit_last":["1239"],"_yoast_wpseo_wordproof_timestamp":[""],"_yoast_wpseo_primary_fb_product_set":[""],"ast-site-content-layout":["default"],"site-content-style":["default"],"site-sidebar-style":["default"],"astra-migrate-meta-layouts":["set"],"uag_migration_processed":["1"],"_last_change_time":["1762352023"],"_elementor_page_assets":["a:0:{}"],"_uag_page_assets":["a:9:{s:3:\"css\";s:0:\"\";s:2:\"js\";s:0:\"\";s:18:\"current_block_list\";a:3:{i:0;s:11:\"core\/search\";i:1;s:18:\"core\/legacy-widget\";i:2;s:27:\"woocommerce\/product-filters\";}s:8:\"uag_flag\";b:0;s:11:\"uag_version\";s:10:\"1776717535\";s:6:\"gfonts\";a:0:{}s:10:\"gfonts_url\";s:0:\"\";s:12:\"gfonts_files\";a:0:{}s:14:\"uag_faq_layout\";b:0;}"]},"uagb_featured_image_src":{"full":["https:\/\/www.meavia-mh.hr\/wp-content\/uploads\/2023\/03\/Claresa-primer-no-Acid.jpg",1672,1668,false],"thumbnail":["https:\/\/www.meavia-mh.hr\/wp-content\/uploads\/2023\/03\/Claresa-primer-no-Acid-150x150.jpg",150,150,true],"medium":["https:\/\/www.meavia-mh.hr\/wp-content\/uploads\/2023\/03\/Claresa-primer-no-Acid-300x300.jpg",300,300,true],"medium_large":["https:\/\/www.meavia-mh.hr\/wp-content\/uploads\/2023\/03\/Claresa-primer-no-Acid-768x766.jpg",768,766,true],"large":["https:\/\/www.meavia-mh.hr\/wp-content\/uploads\/2023\/03\/Claresa-primer-no-Acid-1024x1022.jpg",1024,1022,true],"1536x1536":["https:\/\/www.meavia-mh.hr\/wp-content\/uploads\/2023\/03\/Claresa-primer-no-Acid-1536x1532.jpg",1536,1532,true],"2048x2048":["https:\/\/www.meavia-mh.hr\/wp-content\/uploads\/2023\/03\/Claresa-primer-no-Acid.jpg",1672,1668,false],"trp-custom-language-flag":["https:\/\/www.meavia-mh.hr\/wp-content\/uploads\/2023\/03\/Claresa-primer-no-Acid-12x12.jpg",12,12,true],"woocommerce_thumbnail":["https:\/\/www.meavia-mh.hr\/wp-content\/uploads\/2023\/03\/Claresa-primer-no-Acid-300x300.jpg",300,300,true],"woocommerce_single":["https:\/\/www.meavia-mh.hr\/wp-content\/uploads\/2023\/03\/Claresa-primer-no-Acid-600x599.jpg",600,599,true],"woocommerce_gallery_thumbnail":["https:\/\/www.meavia-mh.hr\/wp-content\/uploads\/2023\/03\/Claresa-primer-no-Acid-100x100.jpg",100,100,true]},"uagb_author_info":{"display_name":"Zla Gol","author_link":"https:\/\/www.meavia-mh.hr\/sl\/author\/"},"uagb_comment_info":0,"uagb_excerpt":null,"_links":{"self":[{"href":"https:\/\/www.meavia-mh.hr\/sl\/wp-json\/wp\/v2\/product\/19353","targetHints":{"allow":["GET"]}}],"collection":[{"href":"https:\/\/www.meavia-mh.hr\/sl\/wp-json\/wp\/v2\/product"}],"about":[{"href":"https:\/\/www.meavia-mh.hr\/sl\/wp-json\/wp\/v2\/types\/product"}],"replies":[{"embeddable":true,"href":"https:\/\/www.meavia-mh.hr\/sl\/wp-json\/wp\/v2\/comments?post=19353"}],"version-history":[{"count":3,"href":"https:\/\/www.meavia-mh.hr\/sl\/wp-json\/wp\/v2\/product\/19353\/revisions"}],"predecessor-version":[{"id":30510,"href":"https:\/\/www.meavia-mh.hr\/sl\/wp-json\/wp\/v2\/product\/19353\/revisions\/30510"}],"wp:featuredmedia":[{"embeddable":true,"href":"https:\/\/www.meavia-mh.hr\/sl\/wp-json\/wp\/v2\/media\/19355"}],"wp:attachment":[{"href":"https:\/\/www.meavia-mh.hr\/sl\/wp-json\/wp\/v2\/media?parent=19353"}],"wp:term":[{"taxonomy":"product_brand","embeddable":true,"href":"https:\/\/www.meavia-mh.hr\/sl\/wp-json\/wp\/v2\/product_brand?post=19353"},{"taxonomy":"product_cat","embeddable":true,"href":"https:\/\/www.meavia-mh.hr\/sl\/wp-json\/wp\/v2\/product_cat?post=19353"},{"taxonomy":"product_tag","embeddable":true,"href":"https:\/\/www.meavia-mh.hr\/sl\/wp-json\/wp\/v2\/product_tag?post=19353"}],"curies":[{"name":"delovni list","href":"https:\/\/api.w.org\/{rel}","templated":true}]}}