{"id":18435,"date":"2023-01-25T16:12:27","date_gmt":"2023-01-25T16:12:27","guid":{"rendered":"https:\/\/www.meavia-mh.hr\/?post_type=product&#038;p=18435"},"modified":"2026-01-24T08:01:23","modified_gmt":"2026-01-24T07:01:23","slug":"ikon-iq-nova-start-set-1-base-shine-raspberry","status":"publish","type":"product","link":"https:\/\/www.meavia-mh.hr\/sl\/product\/ikon-iq-nova-start-set-1-base-shine-raspberry\/","title":{"rendered":"IKON.iQ Nova za\u010detni set 1 (osnova in sijaj, malina)"},"content":{"rendered":"<p><span class=\"\">Podlaga, top, laki in \u0161e mnogo drugih stvari\u2026 vse to je potrebno, \u010de \u017eelite za\u010deti svojo avanturo s hibridnimi nohti. <\/span><span class=\"\">Zdaj vam ni ve\u010d treba iskati posameznih izdelkov, saj <\/span><strong><span class=\"\">imate vse kar potrebujete na enem mestu<\/span><\/strong><span class=\"\"> \u00a0\u2013 in to po neverjetno nizki ceni. <\/span>V na\u0161em <strong>za\u010detni set<\/strong> boste na\u0161li vrhunske izdelke za nego nohtov. \u00a0<strong>Po strditvi so nohti popolnoma suhi<\/strong> in vse dejavnosti lahko izvedete takoj brez strahu, da bi jih po\u0161kodovali.<\/p>\n<h4><strong>Izdelek brez HEMA<\/strong><\/h4>\n<p>IKON.iQ NOVA podlaga in sijaj\u00a0<strong>ni hipoalergen izdelek<\/strong>\u00a0ker vsebuje hidroksipropil metakrilat (HPMA). Vendar ne vsebuje HEMA in ne vsebuje kislin, ki lahko povzro\u010dijo oniholizo (motnja, pri kateri se noht spontano lo\u010di od podlage). Zato ne priporo\u010damo <strong>IKON.iQ Nova baza in sijaj<\/strong> tistim, ki ste alergi\u010dni na HPMA ali imate alergije na neznane sestavine, priporo\u010damo uporabo le-teh\u00a0<a href=\"https:\/\/www.meavia-mh.hr\/sl\/product\/ikon-iq-prima-gel-polish-base-15ml\/\">Podlaga za gel lak IKON.IQ PRIMA<\/a>,\u00a0<a href=\"https:\/\/www.meavia-mh.hr\/sl\/product\/evolution-soak-off-sculpting-gels-extension-builder-5ml\/\">IKON.iQ Evolution Soak-off gradilni gel Extension Builder<\/a> ali <a href=\"https:\/\/www.meavia-mh.hr\/sl\/product\/ikon-iq-nova-rubber-base-milky-white-15-ml\/\">IKON.iQ NOVO gumijasto podno\u017eje<\/a>.<\/p>\n<h5><strong>Konkuren\u010dna cena in nizko tveganje za alergije<\/strong><\/h5>\n<p>IKON.IQ Nova Base &amp; Shine je zasnovan za stro\u0161kovno ozave\u0161\u010dene in nove mojstre nohtov. Danes na trgu ni drugega gelnega laka, ki bi zagotavljal enako u\u010dinkovitost, kakovost in varnost za podobno nizko ceno.<\/p>\n<h3>Vsebina novega za\u010detnega kompleta IKON.iQ:<\/h3>\n<ul>\n<li><strong> IKON.iQ Nova baza in sijaj<\/strong>\u00a0 8 ml \u2013 to<span class=\"\">\u00a0je edinstven <strong>Izdelek 2 v 1<\/strong> - podlaga, ki pove\u010da oprijem laka na nohtno plo\u0161\u010do in nadlak, ki bo popolna za\u0161\u010dita va\u0161ega stajlinga in ga naredila odpornega na \u0161kodljive vplive zunanjih dejavnikov.<\/span>\u00a0Edinstven podlak in kon\u010dni sijaj \u2013 nadlak v enem izdelku IKON.iQ NOVA Base &amp; Shine je kombinacija podlaka in kon\u010dnega sijaja (nadlak, nadlak) z neverjetno hitrim \u010dasom vpijanja 7 minut. Lahko se nanese v tankem sloju, ne da bi se zalil v stranske stene, nudi visoko oprijemljivost za obstojnost in visoko sijajni kon\u010dni premaz.<\/li>\n<li><strong>IKON.iQ Nova permanentni lak Malina<\/strong>\u00a08 ml \u2013 Popoln, brez\u010dasen <strong>rde\u010da barva permanentnega laka<\/strong> idealen je tako k vsakodnevnemu outfitu kot tudi za eleganten ve\u010derni izhod.<\/li>\n<\/ul>\n<p><strong><span class=\"JsGRdQ\">Shranjujte v zaprtih prostorih pri sobni temperaturi in za\u0161\u010diteno pred neposredno son\u010dno svetlobo.<\/span><\/strong><\/p>\n<p>Ali \u017eelite spremeniti stil va\u0161ih nohtov? Svojo zbirko permanentnih lakov lahko vedno dopolnite z barvami iz na\u0161e ponudbe. Izberite svoje najljub\u0161e barve permanentnih lakov in pustite domi\u0161ljiji prosto pot <strong>svet barv<\/strong>\u00a0Mea Via Nails World. Oglejte si ponudbo barv permanentnih lakov za nohte v na\u0161i spletni trgovini in poi\u0161\u010dite svoje najljub\u0161e.<\/p>\n<p>Ne glede na to, ali ste mlada mamica, zaposlena poslovna \u017eenska ali se aktivno ukvarjate s \u0161portom - <strong>permanentni lak<\/strong><strong>\u00a0vam bodo zagotovili udobje, prihranek \u010dasa in neodvisnost.<\/strong><\/p>\n<p>Hipoalergenski za\u010detni set IKON.iQ je vse, kar potrebujete za uspe\u0161en nanos permanentnega laka za nohte. Vrhunski profesionalni izdelki v setu zagotavljajo kakovost in obstojnost va\u0161ih nohtov.<\/p>\n<p>IN <strong>Za\u010detni set IKON.iQ<\/strong>\u00a0Sedaj dobite izdelke za pripravo naravnih nohtov, modeliranje s permanentnim lakom in njegovo odstranjevanje. Profesionalna kakovost, ki je ni mogo\u010de premagati!<\/p>\n<h3>prednosti:<\/h3>\n<ul>\n<li>ceneje kupiti v kompletu<\/li>\n<li>Formula brez HEMA<\/li>\n<li>namo\u010dite gel lak<\/li>\n<li>zaradi izjemne pigmentacije se nanese v enem sloju<\/li>\n<li>tanek naravni videz nohtov, brez kr\u010denja ali gub<\/li>\n<li>brez \u0161kodljivih in strupenih snovi<\/li>\n<li>veganski izdelek<\/li>\n<li>izdelek brez krutosti (ni testiran na \u017eivalih)<\/li>\n<li>brez rumenenja ali bledenja<\/li>\n<li>obstojne, bogate barve ve\u010d kot 4 tedne<\/li>\n<li>Eti\u010dno proizvedeno v EU<\/li>\n<\/ul>\n<p>I\u0161\u010dete navdih za oblikovanje nohtov? Sledite nam <strong>#MeaViaNailsWorld<\/strong> na dru\u017ebenih medijih <a href=\"https:\/\/www.instagram.com\/mea_via_nails_world\/\"><strong>Instagram<\/strong><\/a>, <strong><a href=\"https:\/\/www.facebook.com\/MeaViaNailsWorld\">Facebook<\/a> in\u00a0<a href=\"https:\/\/www.youtube.com\/channel\/UCECk0hpRWP6TN-EfA4ER96g\">YouTube.<\/a><\/strong><\/p>\n<p><strong><span class=\"JsGRdQ\">Shranjujte v zaprtih prostorih pri sobni temperaturi in za\u0161\u010diteno pred neposredno son\u010dno svetlobo.<\/span><\/strong><\/p>\n<h6 class=\"_04xlpA direction-ltr align-justify para-style-body\"><span class=\"JsGRdQ\">NAVODILA<\/span><\/h6>\n<ul>\n<li><span class=\"JsGRdQ\">Razku\u017eite roke in jih posu\u0161ite. Odstranite vse ostanke starega trajnega laka.<\/span><\/li>\n<li><span class=\"JsGRdQ\">Nohtno plo\u0161\u010do rahlo polakirajte s polirno plo\u0161\u010dico ali ra\u0161pico 180\u00a0<\/span>za odstranitev sijaja<\/li>\n<li>Nanesite NOVA Base &amp; Shine. Ena tanka plast. Polimerizirajte 60 sekund v profesionalni UV\/LED lu\u010dki 48 W<\/li>\n<li>Nanesite permanentni barvni lak IKON.iQ. Nanesite kot gel in potisnite proti proksimalni gubi nohta (obnohtna ko\u017eica). Previdno povlecite navzdol do prostega roba, da tam zagotovite dobro pokritost.<\/li>\n<li>Polimerizirajte v profesionalni UV\/LED svetilki 48 W<\/li>\n<li>Nanesite NOVA Base &amp; Shine kot nadlak. Su\u0161ite 60 sekund in obri\u0161ite, da odstranite zaviralno plast s \u010distilom<\/li>\n<\/ul>\n<p>&nbsp;<\/p>","protected":false},"excerpt":{"rendered":"<p><a href=\"https:\/\/www.meavia-mh.hr\/wp-content\/uploads\/2020\/12\/HEMA-free.jpg\"><img decoding=\"async\" class=\"size-full wp-image-3549\" src=\"https:\/\/www.meavia-mh.hr\/wp-content\/uploads\/2020\/12\/HEMA-free.jpg\" alt=\"HEMA free\" width=\"194\" height=\"190\" \/><\/a><\/p>","protected":false},"featured_media":18437,"comment_status":"open","ping_status":"closed","template":"","meta":{"_uag_custom_page_level_css":"","site-sidebar-layout":"default","site-content-layout":"default","ast-site-content-layout":"default","site-content-style":"default","site-sidebar-style":"default","ast-global-header-display":"","ast-banner-title-visibility":"","ast-main-header-display":"","ast-hfb-above-header-display":"","ast-hfb-below-header-display":"","ast-hfb-mobile-header-display":"","site-post-title":"","ast-breadcrumbs-content":"","ast-featured-img":"","footer-sml-layout":"","ast-disable-related-posts":"","theme-transparent-header-meta":"default","adv-header-id-meta":"","stick-header-meta":"default","header-above-stick-meta":"","header-main-stick-meta":"","header-below-stick-meta":"","astra-migrate-meta-layouts":"default","ast-page-background-enabled":"default","ast-page-background-meta":{"desktop":{"background-color":"var(--ast-global-color-4)","background-image":"","background-repeat":"repeat","background-position":"center center","background-size":"auto","background-attachment":"scroll","background-type":"","background-media":"","overlay-type":"","overlay-color":"","overlay-opacity":"","overlay-gradient":""},"tablet":{"background-color":"","background-image":"","background-repeat":"repeat","background-position":"center center","background-size":"auto","background-attachment":"scroll","background-type":"","background-media":"","overlay-type":"","overlay-color":"","overlay-opacity":"","overlay-gradient":""},"mobile":{"background-color":"","background-image":"","background-repeat":"repeat","background-position":"center center","background-size":"auto","background-attachment":"scroll","background-type":"","background-media":"","overlay-type":"","overlay-color":"","overlay-opacity":"","overlay-gradient":""}},"ast-content-background-meta":{"desktop":{"background-color":"var(--ast-global-color-5)","background-image":"","background-repeat":"repeat","background-position":"center center","background-size":"auto","background-attachment":"scroll","background-type":"","background-media":"","overlay-type":"","overlay-color":"","overlay-opacity":"","overlay-gradient":""},"tablet":{"background-color":"var(--ast-global-color-5)","background-image":"","background-repeat":"repeat","background-position":"center center","background-size":"auto","background-attachment":"scroll","background-type":"","background-media":"","overlay-type":"","overlay-color":"","overlay-opacity":"","overlay-gradient":""},"mobile":{"background-color":"var(--ast-global-color-5)","background-image":"","background-repeat":"repeat","background-position":"center center","background-size":"auto","background-attachment":"scroll","background-type":"","background-media":"","overlay-type":"","overlay-color":"","overlay-opacity":"","overlay-gradient":""}}},"product_brand":[604],"product_cat":[25,435,315],"product_tag":[316],"class_list":{"0":"post-18435","1":"product","2":"type-product","3":"status-publish","4":"has-post-thumbnail","6":"product_brand-ikon-iq","7":"product_cat-ikoniq","8":"product_cat-ikon-iq-nova-ikoniq-trajni-lak-polish-soak-off","9":"product_cat-setovi","10":"product_tag-start-set","11":"desktop-align-left","12":"tablet-align-left","13":"mobile-align-left","14":"ast-product-gallery-layout-horizontal-slider","15":"ast-product-tabs-layout-horizontal","17":"first","18":"outofstock","19":"taxable","20":"shipping-taxable","21":"purchasable","22":"product-type-simple"},"yoast_head":"<!-- This site is optimized with the Yoast SEO plugin v27.4 - https:\/\/yoast.com\/product\/yoast-seo-wordpress\/ -->\n<title>IKON.iQ Nova Start Set 1 (Base &amp; Shine, Raspberry) &#8902; Mea Via Beauty<\/title>\n<meta name=\"description\" content=\"IKON.iQ Nova Start Set 1 (Base &amp; Shine, Raspberry) &#8902; po\u010detni set za trajni lak &#8902; vrhunska, profesionalna kvaliteta &#8902; hipoalergeni proizvodi &#8902;\" \/>\n<meta name=\"robots\" content=\"index, follow, max-snippet:-1, max-image-preview:large, max-video-preview:-1\" \/>\n<link rel=\"canonical\" href=\"https:\/\/www.meavia-mh.hr\/sl\/product\/ikon-iq-nova-start-set-1-base-shine-raspberry\/\" \/>\n<meta property=\"og:locale\" content=\"sl_SI\" \/>\n<meta property=\"og:type\" content=\"article\" \/>\n<meta property=\"og:title\" content=\"IKON.iQ Nova Start Set 1 (Base &amp; Shine, Raspberry) &#8902; Mea Via Beauty\" \/>\n<meta property=\"og:description\" content=\"IKON.iQ Nova Start Set 1 (Base &amp; Shine, Raspberry) &#8902; po\u010detni set za trajni lak &#8902; vrhunska, profesionalna kvaliteta &#8902; hipoalergeni proizvodi &#8902;\" \/>\n<meta property=\"og:url\" content=\"https:\/\/www.meavia-mh.hr\/sl\/product\/ikon-iq-nova-start-set-1-base-shine-raspberry\/\" \/>\n<meta property=\"og:site_name\" content=\"Mea Via Beauty\" \/>\n<meta property=\"article:publisher\" content=\"https:\/\/www.facebook.com\/MeaViaNailsWorld\" \/>\n<meta property=\"article:modified_time\" content=\"2026-01-24T07:01:23+00:00\" \/>\n<meta property=\"og:image\" content=\"https:\/\/www.meavia-mh.hr\/wp-content\/uploads\/2023\/01\/IKON.iQ-nova-start-set.jpg\" \/>\n\t<meta property=\"og:image:width\" content=\"1268\" \/>\n\t<meta property=\"og:image:height\" content=\"1268\" \/>\n\t<meta property=\"og:image:type\" content=\"image\/jpeg\" \/>\n<meta name=\"twitter:card\" content=\"summary_large_image\" \/>\n<meta name=\"twitter:label1\" content=\"Est. reading time\" \/>\n\t<meta name=\"twitter:data1\" content=\"4 minute\" \/>\n<script type=\"application\/ld+json\" class=\"yoast-schema-graph\">{\"@context\":\"https:\\\/\\\/schema.org\",\"@graph\":[{\"@type\":\"WebPage\",\"@id\":\"https:\\\/\\\/www.meavia-mh.hr\\\/product\\\/ikon-iq-nova-start-set-1-base-shine-raspberry\\\/\",\"url\":\"https:\\\/\\\/www.meavia-mh.hr\\\/product\\\/ikon-iq-nova-start-set-1-base-shine-raspberry\\\/\",\"name\":\"IKON.iQ Nova Start Set 1 (Base &amp; Shine, Raspberry) &#8902; Mea Via Beauty\",\"isPartOf\":{\"@id\":\"https:\\\/\\\/meavia-mh.hr\\\/sl\\\/#website\"},\"primaryImageOfPage\":{\"@id\":\"https:\\\/\\\/www.meavia-mh.hr\\\/product\\\/ikon-iq-nova-start-set-1-base-shine-raspberry\\\/#primaryimage\"},\"image\":{\"@id\":\"https:\\\/\\\/www.meavia-mh.hr\\\/product\\\/ikon-iq-nova-start-set-1-base-shine-raspberry\\\/#primaryimage\"},\"thumbnailUrl\":\"https:\\\/\\\/www.meavia-mh.hr\\\/wp-content\\\/uploads\\\/2023\\\/01\\\/IKON.iQ-nova-start-set.jpg\",\"datePublished\":\"2023-01-25T16:12:27+00:00\",\"dateModified\":\"2026-01-24T07:01:23+00:00\",\"description\":\"IKON.iQ Nova Start Set 1 (Base &amp; Shine, Raspberry) &#8902; po\u010detni set za trajni lak &#8902; vrhunska, profesionalna kvaliteta &#8902; hipoalergeni proizvodi &#8902;\",\"breadcrumb\":{\"@id\":\"https:\\\/\\\/www.meavia-mh.hr\\\/product\\\/ikon-iq-nova-start-set-1-base-shine-raspberry\\\/#breadcrumb\"},\"inLanguage\":\"sl-SI\",\"potentialAction\":[{\"@type\":\"ReadAction\",\"target\":[\"https:\\\/\\\/www.meavia-mh.hr\\\/product\\\/ikon-iq-nova-start-set-1-base-shine-raspberry\\\/\"]}]},{\"@type\":\"ImageObject\",\"inLanguage\":\"sl-SI\",\"@id\":\"https:\\\/\\\/www.meavia-mh.hr\\\/product\\\/ikon-iq-nova-start-set-1-base-shine-raspberry\\\/#primaryimage\",\"url\":\"https:\\\/\\\/www.meavia-mh.hr\\\/wp-content\\\/uploads\\\/2023\\\/01\\\/IKON.iQ-nova-start-set.jpg\",\"contentUrl\":\"https:\\\/\\\/www.meavia-mh.hr\\\/wp-content\\\/uploads\\\/2023\\\/01\\\/IKON.iQ-nova-start-set.jpg\",\"width\":1268,\"height\":1268,\"caption\":\"IKON.iQ Nova Start Set\"},{\"@type\":\"BreadcrumbList\",\"@id\":\"https:\\\/\\\/www.meavia-mh.hr\\\/product\\\/ikon-iq-nova-start-set-1-base-shine-raspberry\\\/#breadcrumb\",\"itemListElement\":[{\"@type\":\"ListItem\",\"position\":1,\"name\":\"Po\u010detna stranica\",\"item\":\"https:\\\/\\\/www.meavia-mh.hr\\\/\"},{\"@type\":\"ListItem\",\"position\":2,\"name\":\"Trgovina\",\"item\":\"https:\\\/\\\/meavia-mh.hr\\\/sl\\\/store\\\/\"},{\"@type\":\"ListItem\",\"position\":3,\"name\":\"IKON.iQ Nova Start Set 1 (Base &amp; Shine, Raspberry)\"}]},{\"@type\":\"WebSite\",\"@id\":\"https:\\\/\\\/meavia-mh.hr\\\/sl\\\/#website\",\"url\":\"https:\\\/\\\/meavia-mh.hr\\\/sl\\\/\",\"name\":\"Mea Via Beauty\",\"description\":\"Only The Best For Your Beauty\",\"publisher\":{\"@id\":\"https:\\\/\\\/meavia-mh.hr\\\/sl\\\/#organization\"},\"alternateName\":\"Mea Via Nails\",\"potentialAction\":[{\"@type\":\"SearchAction\",\"target\":{\"@type\":\"EntryPoint\",\"urlTemplate\":\"https:\\\/\\\/meavia-mh.hr\\\/sl\\\/?s={search_term_string}\"},\"query-input\":{\"@type\":\"PropertyValueSpecification\",\"valueRequired\":true,\"valueName\":\"search_term_string\"}}],\"inLanguage\":\"sl-SI\"},{\"@type\":\"Organization\",\"@id\":\"https:\\\/\\\/meavia-mh.hr\\\/sl\\\/#organization\",\"name\":\"Mea Via Nails World\",\"alternateName\":\"Mea Via\",\"url\":\"https:\\\/\\\/meavia-mh.hr\\\/sl\\\/\",\"logo\":{\"@type\":\"ImageObject\",\"inLanguage\":\"sl-SI\",\"@id\":\"https:\\\/\\\/meavia-mh.hr\\\/sl\\\/#\\\/schema\\\/logo\\\/image\\\/\",\"url\":\"https:\\\/\\\/www.meavia-mh.hr\\\/wp-content\\\/uploads\\\/2020\\\/12\\\/Mea-Via.png\",\"contentUrl\":\"https:\\\/\\\/www.meavia-mh.hr\\\/wp-content\\\/uploads\\\/2020\\\/12\\\/Mea-Via.png\",\"width\":1181,\"height\":393,\"caption\":\"Mea Via Nails World\"},\"image\":{\"@id\":\"https:\\\/\\\/meavia-mh.hr\\\/sl\\\/#\\\/schema\\\/logo\\\/image\\\/\"},\"sameAs\":[\"https:\\\/\\\/www.facebook.com\\\/MeaViaNailsWorld\",\"https:\\\/\\\/www.instagram.com\\\/mea_via_nails_world\\\/\",\"https:\\\/\\\/www.youtube.com\\\/channel\\\/UCECk0hpRWP6TN-EfA4ER96g\\\/featured\"]}]}<\/script>\n<!-- \/ Yoast SEO plugin. -->","yoast_head_json":{"title":"IKON.iQ Nova Start Set 1 (Base &amp; Shine, Malina) \u22c6 Mea Via Beauty","description":"IKON.iQ Nova Start Set 1 (Base &amp; Shine, Malina) \u22c6 za\u010detni set za permanentni lak za nohte \u22c6 vrhunska, profesionalna kakovost \u22c6 hipoalergeni izdelki \u22c6","robots":{"index":"index","follow":"follow","max-snippet":"max-snippet:-1","max-image-preview":"max-image-preview:large","max-video-preview":"max-video-preview:-1"},"canonical":"https:\/\/www.meavia-mh.hr\/sl\/product\/ikon-iq-nova-start-set-1-base-shine-raspberry\/","og_locale":"sl_SI","og_type":"article","og_title":"IKON.iQ Nova Start Set 1 (Base &amp; Shine, Raspberry) &#8902; Mea Via Beauty","og_description":"IKON.iQ Nova Start Set 1 (Base &amp; Shine, Raspberry) &#8902; po\u010detni set za trajni lak &#8902; vrhunska, profesionalna kvaliteta &#8902; hipoalergeni proizvodi &#8902;","og_url":"https:\/\/www.meavia-mh.hr\/sl\/product\/ikon-iq-nova-start-set-1-base-shine-raspberry\/","og_site_name":"Mea Via Beauty","article_publisher":"https:\/\/www.facebook.com\/MeaViaNailsWorld","article_modified_time":"2026-01-24T07:01:23+00:00","og_image":[{"width":1268,"height":1268,"url":"https:\/\/www.meavia-mh.hr\/wp-content\/uploads\/2023\/01\/IKON.iQ-nova-start-set.jpg","type":"image\/jpeg"}],"twitter_card":"summary_large_image","twitter_misc":{"Est. reading time":"4 minute"},"schema":{"@context":"https:\/\/schema.org","@graph":[{"@type":"WebPage","@id":"https:\/\/www.meavia-mh.hr\/product\/ikon-iq-nova-start-set-1-base-shine-raspberry\/","url":"https:\/\/www.meavia-mh.hr\/product\/ikon-iq-nova-start-set-1-base-shine-raspberry\/","name":"IKON.iQ Nova Start Set 1 (Base &amp; Shine, Malina) \u22c6 Mea Via Beauty","isPartOf":{"@id":"https:\/\/meavia-mh.hr\/sl\/#website"},"primaryImageOfPage":{"@id":"https:\/\/www.meavia-mh.hr\/product\/ikon-iq-nova-start-set-1-base-shine-raspberry\/#primaryimage"},"image":{"@id":"https:\/\/www.meavia-mh.hr\/product\/ikon-iq-nova-start-set-1-base-shine-raspberry\/#primaryimage"},"thumbnailUrl":"https:\/\/www.meavia-mh.hr\/wp-content\/uploads\/2023\/01\/IKON.iQ-nova-start-set.jpg","datePublished":"2023-01-25T16:12:27+00:00","dateModified":"2026-01-24T07:01:23+00:00","description":"IKON.iQ Nova Start Set 1 (Base &amp; Shine, Malina) \u22c6 za\u010detni set za permanentni lak za nohte \u22c6 vrhunska, profesionalna kakovost \u22c6 hipoalergeni izdelki \u22c6","breadcrumb":{"@id":"https:\/\/www.meavia-mh.hr\/product\/ikon-iq-nova-start-set-1-base-shine-raspberry\/#breadcrumb"},"inLanguage":"sl-SI","potentialAction":[{"@type":"ReadAction","target":["https:\/\/www.meavia-mh.hr\/product\/ikon-iq-nova-start-set-1-base-shine-raspberry\/"]}]},{"@type":"ImageObject","inLanguage":"sl-SI","@id":"https:\/\/www.meavia-mh.hr\/product\/ikon-iq-nova-start-set-1-base-shine-raspberry\/#primaryimage","url":"https:\/\/www.meavia-mh.hr\/wp-content\/uploads\/2023\/01\/IKON.iQ-nova-start-set.jpg","contentUrl":"https:\/\/www.meavia-mh.hr\/wp-content\/uploads\/2023\/01\/IKON.iQ-nova-start-set.jpg","width":1268,"height":1268,"caption":"IKON.iQ Nova Start Set"},{"@type":"BreadcrumbList","@id":"https:\/\/www.meavia-mh.hr\/product\/ikon-iq-nova-start-set-1-base-shine-raspberry\/#breadcrumb","itemListElement":[{"@type":"ListItem","position":1,"name":"Po\u010detna stranica","item":"https:\/\/www.meavia-mh.hr\/"},{"@type":"ListItem","position":2,"name":"Trgovina","item":"https:\/\/meavia-mh.hr\/sl\/store\/"},{"@type":"ListItem","position":3,"name":"IKON.iQ Nova Start Set 1 (Base &amp; Shine, Raspberry)"}]},{"@type":"WebSite","@id":"https:\/\/meavia-mh.hr\/sl\/#website","url":"https:\/\/meavia-mh.hr\/sl\/","name":"MEA VIA BEAUTY","description":"Only The Best For Your Beauty","publisher":{"@id":"https:\/\/meavia-mh.hr\/sl\/#organization"},"alternateName":"Mea Via Nails","potentialAction":[{"@type":"SearchAction","target":{"@type":"EntryPoint","urlTemplate":"https:\/\/meavia-mh.hr\/sl\/?s={search_term_string}"},"query-input":{"@type":"PropertyValueSpecification","valueRequired":true,"valueName":"search_term_string"}}],"inLanguage":"sl-SI"},{"@type":"Organization","@id":"https:\/\/meavia-mh.hr\/sl\/#organization","name":"Mea Via Nails World","alternateName":"Mea Via","url":"https:\/\/meavia-mh.hr\/sl\/","logo":{"@type":"ImageObject","inLanguage":"sl-SI","@id":"https:\/\/meavia-mh.hr\/sl\/#\/schema\/logo\/image\/","url":"https:\/\/www.meavia-mh.hr\/wp-content\/uploads\/2020\/12\/Mea-Via.png","contentUrl":"https:\/\/www.meavia-mh.hr\/wp-content\/uploads\/2020\/12\/Mea-Via.png","width":1181,"height":393,"caption":"Mea Via Nails World"},"image":{"@id":"https:\/\/meavia-mh.hr\/sl\/#\/schema\/logo\/image\/"},"sameAs":["https:\/\/www.facebook.com\/MeaViaNailsWorld","https:\/\/www.instagram.com\/mea_via_nails_world\/","https:\/\/www.youtube.com\/channel\/UCECk0hpRWP6TN-EfA4ER96g\/featured"]}]}},"spectra_custom_meta":{"_sku":["G25610"],"_regular_price":["16.99"],"total_sales":["6"],"_tax_status":["taxable"],"_tax_class":[""],"_manage_stock":["yes"],"_backorders":["no"],"_sold_individually":["no"],"_virtual":["no"],"_downloadable":["no"],"_product_image_gallery":["18436,15735"],"_download_limit":["-1"],"_download_expiry":["-1"],"_thumbnail_id":["18437"],"_stock":["0.000000"],"_stock_status":["outofstock"],"_wc_average_rating":["0"],"_wc_review_count":["0"],"_product_version":["10.4.3"],"_price":["16.99"],"_wp_page_template":["default"],"_yoast_wpseo_focuskw":["start set"],"_yoast_wpseo_linkdex":["71"],"_yoast_wpseo_content_score":["90"],"_yoast_wpseo_estimated-reading-time-minutes":["4"],"cartflows_redirect_flow_id":[""],"cartflows_add_to_cart_text":[""],"_woocs_price_geo_countries":[""],"_woocs_regular_price_geo":[""],"_woocs_sale_price_geo":[""],"site-sidebar-layout":["default"],"site-content-layout":["default"],"theme-transparent-header-meta":["default"],"stick-header-meta":["default"],"_yoast_wpseo_primary_product_cat":["315"],"_yoast_wpseo_metadesc":["%%title%% %%sep%% po\u010detni set za trajni lak %%sep%% vrhunska, profesionalna kvaliteta %%sep%% hipoalergeni proizvodi %%sep%%"],"_oembed_2196b4f05746c0ce210d24a108ba9a63":["<iframe title=\"Start Set trajni lak\" width=\"500\" height=\"281\" src=\"https:\/\/www.youtube.com\/embed\/9d73HWqV-K8?feature=oembed\" frameborder=\"0\" allow=\"accelerometer; autoplay; clipboard-write; encrypted-media; gyroscope; picture-in-picture\" allowfullscreen><\/iframe>"],"_oembed_time_2196b4f05746c0ce210d24a108ba9a63":["1656284796"],"_oembed_af33523ce67e309f6360d688db8d96b2":["<iframe title=\"Start Set trajni lak\" width=\"898\" height=\"505\" src=\"https:\/\/www.youtube.com\/embed\/9d73HWqV-K8?feature=oembed\" frameborder=\"0\" allow=\"accelerometer; autoplay; clipboard-write; encrypted-media; gyroscope; picture-in-picture\" allowfullscreen><\/iframe>"],"_oembed_time_af33523ce67e309f6360d688db8d96b2":["1633687097"],"_oembed_00d1446cf57c63eca6a21a6178d6f032":["<iframe title=\"Start Set trajni lak\" width=\"922\" height=\"519\" src=\"https:\/\/www.youtube.com\/embed\/9d73HWqV-K8?feature=oembed\" frameborder=\"0\" allow=\"accelerometer; autoplay; clipboard-write; encrypted-media; gyroscope; picture-in-picture\" allowfullscreen><\/iframe>"],"_oembed_time_00d1446cf57c63eca6a21a6178d6f032":["1633687786"],"_oembed_4742002dce8a0ae843861989605debef":["<iframe title=\"Start Set trajni lak\" width=\"1200\" height=\"675\" src=\"https:\/\/www.youtube.com\/embed\/9d73HWqV-K8?feature=oembed\" frameborder=\"0\" allow=\"accelerometer; autoplay; clipboard-write; encrypted-media; gyroscope; picture-in-picture\" allowfullscreen><\/iframe>"],"_oembed_time_4742002dce8a0ae843861989605debef":["1633688158"],"_yoast_wpseo_wordproof_timestamp":[""],"_woocs_regular_price_EUR":["63.69"],"_woocs_sale_price_EUR":["-1"],"_edit_lock":["1753721934:1239"],"_edit_last":["1239"],"_lowest_price_30_days":["19.99"],"uag_migration_processed":["1"]},"uagb_featured_image_src":{"full":["https:\/\/www.meavia-mh.hr\/wp-content\/uploads\/2023\/01\/IKON.iQ-nova-start-set.jpg",1268,1268,false],"thumbnail":["https:\/\/www.meavia-mh.hr\/wp-content\/uploads\/2023\/01\/IKON.iQ-nova-start-set-150x150.jpg",150,150,true],"medium":["https:\/\/www.meavia-mh.hr\/wp-content\/uploads\/2023\/01\/IKON.iQ-nova-start-set-300x300.jpg",300,300,true],"medium_large":["https:\/\/www.meavia-mh.hr\/wp-content\/uploads\/2023\/01\/IKON.iQ-nova-start-set-768x768.jpg",768,768,true],"large":["https:\/\/www.meavia-mh.hr\/wp-content\/uploads\/2023\/01\/IKON.iQ-nova-start-set-1024x1024.jpg",1024,1024,true],"1536x1536":["https:\/\/www.meavia-mh.hr\/wp-content\/uploads\/2023\/01\/IKON.iQ-nova-start-set.jpg",1268,1268,false],"2048x2048":["https:\/\/www.meavia-mh.hr\/wp-content\/uploads\/2023\/01\/IKON.iQ-nova-start-set.jpg",1268,1268,false],"trp-custom-language-flag":["https:\/\/www.meavia-mh.hr\/wp-content\/uploads\/2023\/01\/IKON.iQ-nova-start-set-12x12.jpg",12,12,true],"woocommerce_thumbnail":["https:\/\/www.meavia-mh.hr\/wp-content\/uploads\/2023\/01\/IKON.iQ-nova-start-set-300x300.jpg",300,300,true],"woocommerce_single":["https:\/\/www.meavia-mh.hr\/wp-content\/uploads\/2023\/01\/IKON.iQ-nova-start-set-600x600.jpg",600,600,true],"woocommerce_gallery_thumbnail":["https:\/\/www.meavia-mh.hr\/wp-content\/uploads\/2023\/01\/IKON.iQ-nova-start-set-100x100.jpg",100,100,true]},"uagb_author_info":{"display_name":"Zla Gol","author_link":"https:\/\/www.meavia-mh.hr\/sl\/author\/"},"uagb_comment_info":0,"uagb_excerpt":null,"_links":{"self":[{"href":"https:\/\/www.meavia-mh.hr\/sl\/wp-json\/wp\/v2\/product\/18435","targetHints":{"allow":["GET"]}}],"collection":[{"href":"https:\/\/www.meavia-mh.hr\/sl\/wp-json\/wp\/v2\/product"}],"about":[{"href":"https:\/\/www.meavia-mh.hr\/sl\/wp-json\/wp\/v2\/types\/product"}],"replies":[{"embeddable":true,"href":"https:\/\/www.meavia-mh.hr\/sl\/wp-json\/wp\/v2\/comments?post=18435"}],"version-history":[{"count":2,"href":"https:\/\/www.meavia-mh.hr\/sl\/wp-json\/wp\/v2\/product\/18435\/revisions"}],"predecessor-version":[{"id":39738,"href":"https:\/\/www.meavia-mh.hr\/sl\/wp-json\/wp\/v2\/product\/18435\/revisions\/39738"}],"wp:featuredmedia":[{"embeddable":true,"href":"https:\/\/www.meavia-mh.hr\/sl\/wp-json\/wp\/v2\/media\/18437"}],"wp:attachment":[{"href":"https:\/\/www.meavia-mh.hr\/sl\/wp-json\/wp\/v2\/media?parent=18435"}],"wp:term":[{"taxonomy":"product_brand","embeddable":true,"href":"https:\/\/www.meavia-mh.hr\/sl\/wp-json\/wp\/v2\/product_brand?post=18435"},{"taxonomy":"product_cat","embeddable":true,"href":"https:\/\/www.meavia-mh.hr\/sl\/wp-json\/wp\/v2\/product_cat?post=18435"},{"taxonomy":"product_tag","embeddable":true,"href":"https:\/\/www.meavia-mh.hr\/sl\/wp-json\/wp\/v2\/product_tag?post=18435"}],"curies":[{"name":"delovni list","href":"https:\/\/api.w.org\/{rel}","templated":true}]}}