{"id":17941,"date":"2022-12-23T15:58:51","date_gmt":"2022-12-23T15:58:51","guid":{"rendered":"https:\/\/www.meavia-mh.hr\/?post_type=product&#038;p=17941"},"modified":"2026-03-09T08:15:01","modified_gmt":"2026-03-09T07:15:01","slug":"drveni-stapici-za-manikuru-5-kom","status":"publish","type":"product","link":"https:\/\/www.meavia-mh.hr\/sl\/product\/drveni-stapici-za-manikuru-5-kom\/","title":{"rendered":"Lesene pal\u010dke za manikuro - 5 kom"},"content":{"rendered":"<p>Lesene blazinice za manikuro so kot nala\u0161\u010d za potiskanje obnohtne ko\u017eice okoli nohtov ter \u010di\u0161\u010denje pod in okoli nohtov. Z ravnim po\u0161evnim in koni\u010dastim koncem za optimalno nego nohtov. Z<strong>et 5 kosov po najbolj\u0161i ceni.<\/strong><\/p>\n<p><span style=\"font-size: 16px;font-style: normal\">Lesene manikirne palice so na enem koncu splo\u0161\u010dene, na drugem pa ostra konica.\u00a0<\/span><span style=\"font-size: 16px;font-style: normal\">Enostaven za uporabo in uporabo.\u00a0<\/span><span style=\"font-size: 16px\">Za premikanje in odstranjevanje ko\u017ee se uporablja lesena palica za enkratno uporabo. Dol\u017eina palice 9,5 cm.<\/span><\/p>\n<h6><span style=\"font-size: 17.600000381469727px;font-style: normal;font-weight: bold\">Pakiranje: 5 kosov<\/span><\/h6>\n<p>Palice so narejene iz oran\u017enega lesa, zato ni \u0161kodljiva za nohte ali ko\u017eo.\u00a0<span style=\"font-size: 16px;font-style: normal\">Tudi ta les ima razku\u017eevalni u\u010dinek, kar je pomembno tudi za tak postopek, kot je manikura.\u00a0<\/span><span style=\"font-size: 16px\">Zahvaljujo\u010d njegovi<\/span><span style=\"font-size: 16px\">\u00a0elasti\u010dna povr\u0161ina, ki ni izpostavljena razslojevanju in razpokanju, palice ne bodo travmatizirale povr\u0161ine nohtov in okolja ko\u017ee.<\/span><\/p>\n<p>Palice za nohte se pogosto uporabljajo v salonih in se najpogosteje uporabljajo pri ve\u010d postopkih nohtov:<\/p>\n<ul>\n<li><strong>Odstranjevanje umazanije pod nohtom.\u00a0<\/strong>Palica vam omogo\u010da hitro in natan\u010dno \u010di\u0161\u010denje nohta od znotraj. \u010ce \u017eelite to narediti, dr\u017eite oster konec manikirnega orodja pod nohtom. Pomembno je upo\u0161tevati dejstvo, da bolj pogosto kot jih uporabljajo za izvajanje tega postopka, pogosteje jih je treba spreminjati.<\/li>\n<li><strong>Odstranjevanje obnohtne ko\u017eice.\u00a0<\/strong>Ta postopek je glavna naloga palice. Topa stran slu\u017ei za potiskanje ko\u017eice na noht. Pred izvedbo tega postopka je priporo\u010dljivo ko\u017eo okoli nohta navla\u017eiti s posebnimi sredstvi. Koni\u010dasti rob palice vam bo pomagal pri soo\u010danju s trdo ko\u017eico. Delovati je treba po\u010dasi in brez pritiska z lesenimi palicami, da ne po\u0161kodujemo povrhnjice in nohta.<\/li>\n<li><strong>Odstranjevanje odve\u010dnega materiala (<a href=\"https:\/\/www.meavia-mh.hr\/sl\/product\/palu-gradivni-gel-cover-50-ml\/\">gel<\/a>, <a href=\"https:\/\/www.meavia-mh.hr\/sl\/product\/palu-gel-polish-trajni-lak-toronto-t6-11-ml\/\">trajni lak<\/a>) s ko\u017eice. <\/strong>Manikirna palica je nenadomestljiv pomo\u010dnik pri odstranjevanju odve\u010dnega materiala z laka, gela ali akrila.<\/li>\n<li><strong>Okraski in nohti. <\/strong>Manikirne pal\u010dke vam bodo pomagale ne\u017eno in natan\u010dno na nohte nanesti okrasne kamne, nakit, kroglice, ble\u0161\u010dice, kamen\u010dke in druge okraske. Prav tako jih je mogo\u010de uporabiti za nana\u0161anje <a href=\"https:\/\/www.meavia-mh.hr\/sl\/product\/palu-matrix-spider-gel-gold-mg4-5-g\/\">pajek gel.<\/a><\/li>\n<li><strong>Me\u0161anje barv.<\/strong> S palicami boste la\u017eje me\u0161ali barvne gele in trajne lake v razli\u010dnih barvah.<\/li>\n<\/ul>","protected":false},"excerpt":{"rendered":"<p>Pakiranje 10 kosov.<\/p>\n<p>Dol\u017eina palice 9,5 cm.<\/p>","protected":false},"featured_media":5420,"comment_status":"open","ping_status":"closed","template":"","meta":{"_uag_custom_page_level_css":"","site-sidebar-layout":"default","site-content-layout":"default","ast-site-content-layout":"default","site-content-style":"default","site-sidebar-style":"default","ast-global-header-display":"","ast-banner-title-visibility":"","ast-main-header-display":"","ast-hfb-above-header-display":"","ast-hfb-below-header-display":"","ast-hfb-mobile-header-display":"","site-post-title":"","ast-breadcrumbs-content":"","ast-featured-img":"","footer-sml-layout":"","ast-disable-related-posts":"","theme-transparent-header-meta":"default","adv-header-id-meta":"","stick-header-meta":"default","header-above-stick-meta":"","header-main-stick-meta":"","header-below-stick-meta":"","astra-migrate-meta-layouts":"default","ast-page-background-enabled":"default","ast-page-background-meta":{"desktop":{"background-color":"var(--ast-global-color-4)","background-image":"","background-repeat":"repeat","background-position":"center center","background-size":"auto","background-attachment":"scroll","background-type":"","background-media":"","overlay-type":"","overlay-color":"","overlay-opacity":"","overlay-gradient":""},"tablet":{"background-color":"","background-image":"","background-repeat":"repeat","background-position":"center center","background-size":"auto","background-attachment":"scroll","background-type":"","background-media":"","overlay-type":"","overlay-color":"","overlay-opacity":"","overlay-gradient":""},"mobile":{"background-color":"","background-image":"","background-repeat":"repeat","background-position":"center center","background-size":"auto","background-attachment":"scroll","background-type":"","background-media":"","overlay-type":"","overlay-color":"","overlay-opacity":"","overlay-gradient":""}},"ast-content-background-meta":{"desktop":{"background-color":"var(--ast-global-color-5)","background-image":"","background-repeat":"repeat","background-position":"center center","background-size":"auto","background-attachment":"scroll","background-type":"","background-media":"","overlay-type":"","overlay-color":"","overlay-opacity":"","overlay-gradient":""},"tablet":{"background-color":"var(--ast-global-color-5)","background-image":"","background-repeat":"repeat","background-position":"center center","background-size":"auto","background-attachment":"scroll","background-type":"","background-media":"","overlay-type":"","overlay-color":"","overlay-opacity":"","overlay-gradient":""},"mobile":{"background-color":"var(--ast-global-color-5)","background-image":"","background-repeat":"repeat","background-position":"center center","background-size":"auto","background-attachment":"scroll","background-type":"","background-media":"","overlay-type":"","overlay-color":"","overlay-opacity":"","overlay-gradient":""}}},"product_brand":[],"product_cat":[524,24,247],"product_tag":[246,244,226,245],"class_list":{"0":"post-17941","1":"product","2":"type-product","3":"status-publish","4":"has-post-thumbnail","6":"product_cat-akcija","7":"product_cat-dodaci","8":"product_cat-pribor-za-manikuru","9":"product_tag-accessorise","10":"product_tag-manikura","11":"product_tag-pedikura","12":"product_tag-stapici-za-manikuru","13":"desktop-align-left","14":"tablet-align-left","15":"mobile-align-left","16":"ast-product-gallery-layout-horizontal-slider","17":"ast-product-tabs-layout-horizontal","19":"first","20":"instock","21":"sale","22":"taxable","23":"shipping-taxable","24":"purchasable","25":"product-type-simple"},"yoast_head":"<!-- This site is optimized with the Yoast SEO plugin v27.4 - https:\/\/yoast.com\/product\/yoast-seo-wordpress\/ -->\n<title>Drveni \u0161tapi\u0107i za manikuru - 5 kom &#8902; Mea Via Beauty<\/title>\n<meta name=\"description\" content=\"Drveni \u0161tapi\u0107i za manikuru - 5 kom &#8902; veliko pakiranje od 100 komada &#8902; za potiskivane zanoktica &#8902; za ure\u0111ivane kutikule &#8902; uklanjanje gela, laka\" \/>\n<meta name=\"robots\" content=\"index, follow, max-snippet:-1, max-image-preview:large, max-video-preview:-1\" \/>\n<link rel=\"canonical\" href=\"https:\/\/www.meavia-mh.hr\/sl\/product\/drveni-stapici-za-manikuru-5-kom\/\" \/>\n<meta property=\"og:locale\" content=\"sl_SI\" \/>\n<meta property=\"og:type\" content=\"article\" \/>\n<meta property=\"og:title\" content=\"Drveni \u0161tapi\u0107i za manikuru - 5 kom &#8902; Mea Via Beauty\" \/>\n<meta property=\"og:description\" content=\"Drveni \u0161tapi\u0107i za manikuru - 5 kom &#8902; veliko pakiranje od 100 komada &#8902; za potiskivane zanoktica &#8902; za ure\u0111ivane kutikule &#8902; uklanjanje gela, laka\" \/>\n<meta property=\"og:url\" content=\"https:\/\/www.meavia-mh.hr\/sl\/product\/drveni-stapici-za-manikuru-5-kom\/\" \/>\n<meta property=\"og:site_name\" content=\"Mea Via Beauty\" \/>\n<meta property=\"article:publisher\" content=\"https:\/\/www.facebook.com\/MeaViaNailsWorld\" \/>\n<meta property=\"article:modified_time\" content=\"2026-03-09T07:15:01+00:00\" \/>\n<meta property=\"og:image\" content=\"https:\/\/www.meavia-mh.hr\/wp-content\/uploads\/2021\/01\/Drveni-stapici-za-manikuru.jpg\" \/>\n\t<meta property=\"og:image:width\" content=\"1380\" \/>\n\t<meta property=\"og:image:height\" content=\"1382\" \/>\n\t<meta property=\"og:image:type\" content=\"image\/jpeg\" \/>\n<meta name=\"twitter:card\" content=\"summary_large_image\" \/>\n<meta name=\"twitter:label1\" content=\"Est. reading time\" \/>\n\t<meta name=\"twitter:data1\" content=\"2 minuti\" \/>\n<script type=\"application\/ld+json\" class=\"yoast-schema-graph\">{\"@context\":\"https:\\\/\\\/schema.org\",\"@graph\":[{\"@type\":\"WebPage\",\"@id\":\"https:\\\/\\\/www.meavia-mh.hr\\\/product\\\/drveni-stapici-za-manikuru-5-kom\\\/\",\"url\":\"https:\\\/\\\/www.meavia-mh.hr\\\/product\\\/drveni-stapici-za-manikuru-5-kom\\\/\",\"name\":\"Drveni \u0161tapi\u0107i za manikuru - 5 kom &#8902; Mea Via Beauty\",\"isPartOf\":{\"@id\":\"https:\\\/\\\/meavia-mh.hr\\\/sl\\\/#website\"},\"primaryImageOfPage\":{\"@id\":\"https:\\\/\\\/www.meavia-mh.hr\\\/product\\\/drveni-stapici-za-manikuru-5-kom\\\/#primaryimage\"},\"image\":{\"@id\":\"https:\\\/\\\/www.meavia-mh.hr\\\/product\\\/drveni-stapici-za-manikuru-5-kom\\\/#primaryimage\"},\"thumbnailUrl\":\"https:\\\/\\\/www.meavia-mh.hr\\\/wp-content\\\/uploads\\\/2021\\\/01\\\/Drveni-stapici-za-manikuru.jpg\",\"datePublished\":\"2022-12-23T15:58:51+00:00\",\"dateModified\":\"2026-03-09T07:15:01+00:00\",\"description\":\"Drveni \u0161tapi\u0107i za manikuru - 5 kom &#8902; veliko pakiranje od 100 komada &#8902; za potiskivane zanoktica &#8902; za ure\u0111ivane kutikule &#8902; uklanjanje gela, laka\",\"breadcrumb\":{\"@id\":\"https:\\\/\\\/www.meavia-mh.hr\\\/product\\\/drveni-stapici-za-manikuru-5-kom\\\/#breadcrumb\"},\"inLanguage\":\"sl-SI\",\"potentialAction\":[{\"@type\":\"ReadAction\",\"target\":[\"https:\\\/\\\/www.meavia-mh.hr\\\/product\\\/drveni-stapici-za-manikuru-5-kom\\\/\"]}]},{\"@type\":\"ImageObject\",\"inLanguage\":\"sl-SI\",\"@id\":\"https:\\\/\\\/www.meavia-mh.hr\\\/product\\\/drveni-stapici-za-manikuru-5-kom\\\/#primaryimage\",\"url\":\"https:\\\/\\\/www.meavia-mh.hr\\\/wp-content\\\/uploads\\\/2021\\\/01\\\/Drveni-stapici-za-manikuru.jpg\",\"contentUrl\":\"https:\\\/\\\/www.meavia-mh.hr\\\/wp-content\\\/uploads\\\/2021\\\/01\\\/Drveni-stapici-za-manikuru.jpg\",\"width\":1380,\"height\":1382,\"caption\":\"Drveni \u0161tapi\u0107i za manikuru\"},{\"@type\":\"BreadcrumbList\",\"@id\":\"https:\\\/\\\/www.meavia-mh.hr\\\/product\\\/drveni-stapici-za-manikuru-5-kom\\\/#breadcrumb\",\"itemListElement\":[{\"@type\":\"ListItem\",\"position\":1,\"name\":\"Po\u010detna stranica\",\"item\":\"https:\\\/\\\/www.meavia-mh.hr\\\/\"},{\"@type\":\"ListItem\",\"position\":2,\"name\":\"Trgovina\",\"item\":\"https:\\\/\\\/meavia-mh.hr\\\/sl\\\/store\\\/\"},{\"@type\":\"ListItem\",\"position\":3,\"name\":\"Drveni \u0161tapi\u0107i za manikuru &#8211; 5 kom\"}]},{\"@type\":\"WebSite\",\"@id\":\"https:\\\/\\\/meavia-mh.hr\\\/sl\\\/#website\",\"url\":\"https:\\\/\\\/meavia-mh.hr\\\/sl\\\/\",\"name\":\"Mea Via Beauty\",\"description\":\"Only The Best For Your Beauty\",\"publisher\":{\"@id\":\"https:\\\/\\\/meavia-mh.hr\\\/sl\\\/#organization\"},\"alternateName\":\"Mea Via Nails\",\"potentialAction\":[{\"@type\":\"SearchAction\",\"target\":{\"@type\":\"EntryPoint\",\"urlTemplate\":\"https:\\\/\\\/meavia-mh.hr\\\/sl\\\/?s={search_term_string}\"},\"query-input\":{\"@type\":\"PropertyValueSpecification\",\"valueRequired\":true,\"valueName\":\"search_term_string\"}}],\"inLanguage\":\"sl-SI\"},{\"@type\":\"Organization\",\"@id\":\"https:\\\/\\\/meavia-mh.hr\\\/sl\\\/#organization\",\"name\":\"Mea Via Nails World\",\"alternateName\":\"Mea Via\",\"url\":\"https:\\\/\\\/meavia-mh.hr\\\/sl\\\/\",\"logo\":{\"@type\":\"ImageObject\",\"inLanguage\":\"sl-SI\",\"@id\":\"https:\\\/\\\/meavia-mh.hr\\\/sl\\\/#\\\/schema\\\/logo\\\/image\\\/\",\"url\":\"https:\\\/\\\/www.meavia-mh.hr\\\/wp-content\\\/uploads\\\/2020\\\/12\\\/Mea-Via.png\",\"contentUrl\":\"https:\\\/\\\/www.meavia-mh.hr\\\/wp-content\\\/uploads\\\/2020\\\/12\\\/Mea-Via.png\",\"width\":1181,\"height\":393,\"caption\":\"Mea Via Nails World\"},\"image\":{\"@id\":\"https:\\\/\\\/meavia-mh.hr\\\/sl\\\/#\\\/schema\\\/logo\\\/image\\\/\"},\"sameAs\":[\"https:\\\/\\\/www.facebook.com\\\/MeaViaNailsWorld\",\"https:\\\/\\\/www.instagram.com\\\/mea_via_nails_world\\\/\",\"https:\\\/\\\/www.youtube.com\\\/channel\\\/UCECk0hpRWP6TN-EfA4ER96g\\\/featured\"]}]}<\/script>\n<!-- \/ Yoast SEO plugin. -->","yoast_head_json":{"title":"Lesene pal\u010dke za manikuro - 5 kosov \u22c6 Mea Via Beauty","description":"Lesene manikirne pal\u010dke - 5 kosov \u22c6 veliko pakiranje 100 kosov \u22c6 za potiskanje obnohtne ko\u017eice \u22c6 za prirezovanje obnohtne ko\u017eice \u22c6 odstranjevanje gela, laka za nohte","robots":{"index":"index","follow":"follow","max-snippet":"max-snippet:-1","max-image-preview":"max-image-preview:large","max-video-preview":"max-video-preview:-1"},"canonical":"https:\/\/www.meavia-mh.hr\/sl\/product\/drveni-stapici-za-manikuru-5-kom\/","og_locale":"sl_SI","og_type":"article","og_title":"Drveni \u0161tapi\u0107i za manikuru - 5 kom &#8902; Mea Via Beauty","og_description":"Drveni \u0161tapi\u0107i za manikuru - 5 kom &#8902; veliko pakiranje od 100 komada &#8902; za potiskivane zanoktica &#8902; za ure\u0111ivane kutikule &#8902; uklanjanje gela, laka","og_url":"https:\/\/www.meavia-mh.hr\/sl\/product\/drveni-stapici-za-manikuru-5-kom\/","og_site_name":"Mea Via Beauty","article_publisher":"https:\/\/www.facebook.com\/MeaViaNailsWorld","article_modified_time":"2026-03-09T07:15:01+00:00","og_image":[{"width":1380,"height":1382,"url":"https:\/\/www.meavia-mh.hr\/wp-content\/uploads\/2021\/01\/Drveni-stapici-za-manikuru.jpg","type":"image\/jpeg"}],"twitter_card":"summary_large_image","twitter_misc":{"Est. reading time":"2 minuti"},"schema":{"@context":"https:\/\/schema.org","@graph":[{"@type":"WebPage","@id":"https:\/\/www.meavia-mh.hr\/product\/drveni-stapici-za-manikuru-5-kom\/","url":"https:\/\/www.meavia-mh.hr\/product\/drveni-stapici-za-manikuru-5-kom\/","name":"Lesene pal\u010dke za manikuro - 5 kosov \u22c6 Mea Via Beauty","isPartOf":{"@id":"https:\/\/meavia-mh.hr\/sl\/#website"},"primaryImageOfPage":{"@id":"https:\/\/www.meavia-mh.hr\/product\/drveni-stapici-za-manikuru-5-kom\/#primaryimage"},"image":{"@id":"https:\/\/www.meavia-mh.hr\/product\/drveni-stapici-za-manikuru-5-kom\/#primaryimage"},"thumbnailUrl":"https:\/\/www.meavia-mh.hr\/wp-content\/uploads\/2021\/01\/Drveni-stapici-za-manikuru.jpg","datePublished":"2022-12-23T15:58:51+00:00","dateModified":"2026-03-09T07:15:01+00:00","description":"Lesene manikirne pal\u010dke - 5 kosov \u22c6 veliko pakiranje 100 kosov \u22c6 za potiskanje obnohtne ko\u017eice \u22c6 za prirezovanje obnohtne ko\u017eice \u22c6 odstranjevanje gela, laka za nohte","breadcrumb":{"@id":"https:\/\/www.meavia-mh.hr\/product\/drveni-stapici-za-manikuru-5-kom\/#breadcrumb"},"inLanguage":"sl-SI","potentialAction":[{"@type":"ReadAction","target":["https:\/\/www.meavia-mh.hr\/product\/drveni-stapici-za-manikuru-5-kom\/"]}]},{"@type":"ImageObject","inLanguage":"sl-SI","@id":"https:\/\/www.meavia-mh.hr\/product\/drveni-stapici-za-manikuru-5-kom\/#primaryimage","url":"https:\/\/www.meavia-mh.hr\/wp-content\/uploads\/2021\/01\/Drveni-stapici-za-manikuru.jpg","contentUrl":"https:\/\/www.meavia-mh.hr\/wp-content\/uploads\/2021\/01\/Drveni-stapici-za-manikuru.jpg","width":1380,"height":1382,"caption":"Drveni \u0161tapi\u0107i za manikuru"},{"@type":"BreadcrumbList","@id":"https:\/\/www.meavia-mh.hr\/product\/drveni-stapici-za-manikuru-5-kom\/#breadcrumb","itemListElement":[{"@type":"ListItem","position":1,"name":"Po\u010detna stranica","item":"https:\/\/www.meavia-mh.hr\/"},{"@type":"ListItem","position":2,"name":"Trgovina","item":"https:\/\/meavia-mh.hr\/sl\/store\/"},{"@type":"ListItem","position":3,"name":"Drveni \u0161tapi\u0107i za manikuru &#8211; 5 kom"}]},{"@type":"WebSite","@id":"https:\/\/meavia-mh.hr\/sl\/#website","url":"https:\/\/meavia-mh.hr\/sl\/","name":"MEA VIA BEAUTY","description":"Only The Best For Your Beauty","publisher":{"@id":"https:\/\/meavia-mh.hr\/sl\/#organization"},"alternateName":"Mea Via Nails","potentialAction":[{"@type":"SearchAction","target":{"@type":"EntryPoint","urlTemplate":"https:\/\/meavia-mh.hr\/sl\/?s={search_term_string}"},"query-input":{"@type":"PropertyValueSpecification","valueRequired":true,"valueName":"search_term_string"}}],"inLanguage":"sl-SI"},{"@type":"Organization","@id":"https:\/\/meavia-mh.hr\/sl\/#organization","name":"Mea Via Nails World","alternateName":"Mea Via","url":"https:\/\/meavia-mh.hr\/sl\/","logo":{"@type":"ImageObject","inLanguage":"sl-SI","@id":"https:\/\/meavia-mh.hr\/sl\/#\/schema\/logo\/image\/","url":"https:\/\/www.meavia-mh.hr\/wp-content\/uploads\/2020\/12\/Mea-Via.png","contentUrl":"https:\/\/www.meavia-mh.hr\/wp-content\/uploads\/2020\/12\/Mea-Via.png","width":1181,"height":393,"caption":"Mea Via Nails World"},"image":{"@id":"https:\/\/meavia-mh.hr\/sl\/#\/schema\/logo\/image\/"},"sameAs":["https:\/\/www.facebook.com\/MeaViaNailsWorld","https:\/\/www.instagram.com\/mea_via_nails_world\/","https:\/\/www.youtube.com\/channel\/UCECk0hpRWP6TN-EfA4ER96g\/featured"]}]}},"spectra_custom_meta":{"_sku":["000006"],"_regular_price":["0.66"],"total_sales":["47"],"_tax_status":["taxable"],"_tax_class":[""],"_manage_stock":["yes"],"_backorders":["no"],"_sold_individually":["no"],"_virtual":["no"],"_downloadable":["no"],"_product_image_gallery":["5422,5421,8843"],"_download_limit":["-1"],"_download_expiry":["-1"],"_thumbnail_id":["5420"],"_stock":["100"],"_stock_status":["instock"],"_wc_average_rating":["0"],"_wc_review_count":["0"],"_product_version":["10.5.3"],"_price":["0.53"],"_wp_page_template":["default"],"_yoast_wpseo_focuskw":["\u0161tapi\u0107i za manikuru"],"_yoast_wpseo_metadesc":["%%title%% %%sep%% veliko pakiranje od 100 komada %%sep%% za potiskivane zanoktica %%sep%% za ure\u0111ivane kutikule %%sep%% uklanjanje gela, laka"],"_yoast_wpseo_linkdex":["72"],"_yoast_wpseo_content_score":["90"],"_yoast_wpseo_primary_product_cat":["24"],"site-sidebar-layout":["default"],"site-content-layout":["default"],"theme-transparent-header-meta":["default"],"stick-header-meta":["default"],"_yoast_wpseo_estimated-reading-time-minutes":["2"],"_woocs_price_geo_countries":[""],"_woocs_regular_price_geo":[""],"_woocs_sale_price_geo":[""],"cartflows_redirect_flow_id":[""],"cartflows_add_to_cart_text":[""],"_edit_lock":["1671811523:1"],"_edit_last":["1239"],"_yoast_wpseo_wordproof_timestamp":[""],"_woocs_regular_price_EUR":["-1"],"_woocs_sale_price_EUR":["-1"],"_lowest_price_30_days":["0.66"],"uag_migration_processed":["1"],"_sale_price":["0.53"],"_last_change_time":["1767410733"],"_elementor_page_assets":["a:0:{}"]},"uagb_featured_image_src":{"full":["https:\/\/www.meavia-mh.hr\/wp-content\/uploads\/2021\/01\/Drveni-stapici-za-manikuru.jpg",1380,1382,false],"thumbnail":["https:\/\/www.meavia-mh.hr\/wp-content\/uploads\/2021\/01\/Drveni-stapici-za-manikuru-150x150.jpg",150,150,true],"medium":["https:\/\/www.meavia-mh.hr\/wp-content\/uploads\/2021\/01\/Drveni-stapici-za-manikuru-300x300.jpg",300,300,true],"medium_large":["https:\/\/www.meavia-mh.hr\/wp-content\/uploads\/2021\/01\/Drveni-stapici-za-manikuru-768x769.jpg",768,769,true],"large":["https:\/\/www.meavia-mh.hr\/wp-content\/uploads\/2021\/01\/Drveni-stapici-za-manikuru-1024x1024.jpg",1024,1024,true],"1536x1536":["https:\/\/www.meavia-mh.hr\/wp-content\/uploads\/2021\/01\/Drveni-stapici-za-manikuru.jpg",1380,1382,false],"2048x2048":["https:\/\/www.meavia-mh.hr\/wp-content\/uploads\/2021\/01\/Drveni-stapici-za-manikuru.jpg",1380,1382,false],"trp-custom-language-flag":["https:\/\/www.meavia-mh.hr\/wp-content\/uploads\/2021\/01\/Drveni-stapici-za-manikuru.jpg",12,12,false],"woocommerce_thumbnail":["https:\/\/www.meavia-mh.hr\/wp-content\/uploads\/2021\/01\/Drveni-stapici-za-manikuru-300x300.jpg",300,300,true],"woocommerce_single":["https:\/\/www.meavia-mh.hr\/wp-content\/uploads\/2021\/01\/Drveni-stapici-za-manikuru-600x601.jpg",600,601,true],"woocommerce_gallery_thumbnail":["https:\/\/www.meavia-mh.hr\/wp-content\/uploads\/2021\/01\/Drveni-stapici-za-manikuru-100x100.jpg",100,100,true]},"uagb_author_info":{"display_name":"Mea Via","author_link":"https:\/\/www.meavia-mh.hr\/sl\/author\/"},"uagb_comment_info":0,"uagb_excerpt":"Pakiranje od 10 komada. Du\u017eina \u0161tapi\u0107a 9,5 cm.","_links":{"self":[{"href":"https:\/\/www.meavia-mh.hr\/sl\/wp-json\/wp\/v2\/product\/17941","targetHints":{"allow":["GET"]}}],"collection":[{"href":"https:\/\/www.meavia-mh.hr\/sl\/wp-json\/wp\/v2\/product"}],"about":[{"href":"https:\/\/www.meavia-mh.hr\/sl\/wp-json\/wp\/v2\/types\/product"}],"replies":[{"embeddable":true,"href":"https:\/\/www.meavia-mh.hr\/sl\/wp-json\/wp\/v2\/comments?post=17941"}],"version-history":[{"count":1,"href":"https:\/\/www.meavia-mh.hr\/sl\/wp-json\/wp\/v2\/product\/17941\/revisions"}],"predecessor-version":[{"id":30569,"href":"https:\/\/www.meavia-mh.hr\/sl\/wp-json\/wp\/v2\/product\/17941\/revisions\/30569"}],"wp:featuredmedia":[{"embeddable":true,"href":"https:\/\/www.meavia-mh.hr\/sl\/wp-json\/wp\/v2\/media\/5420"}],"wp:attachment":[{"href":"https:\/\/www.meavia-mh.hr\/sl\/wp-json\/wp\/v2\/media?parent=17941"}],"wp:term":[{"taxonomy":"product_brand","embeddable":true,"href":"https:\/\/www.meavia-mh.hr\/sl\/wp-json\/wp\/v2\/product_brand?post=17941"},{"taxonomy":"product_cat","embeddable":true,"href":"https:\/\/www.meavia-mh.hr\/sl\/wp-json\/wp\/v2\/product_cat?post=17941"},{"taxonomy":"product_tag","embeddable":true,"href":"https:\/\/www.meavia-mh.hr\/sl\/wp-json\/wp\/v2\/product_tag?post=17941"}],"curies":[{"name":"delovni list","href":"https:\/\/api.w.org\/{rel}","templated":true}]}}