{"id":17536,"date":"2022-12-12T15:13:13","date_gmt":"2022-12-12T15:13:13","guid":{"rendered":"https:\/\/www.meavia-mh.hr\/?post_type=product&#038;p=17536"},"modified":"2026-03-28T15:34:30","modified_gmt":"2026-03-28T14:34:30","slug":"prst-za-vjezbanje-na-tipsama","status":"publish","type":"product","link":"https:\/\/www.meavia-mh.hr\/sl\/product\/prst-za-vjezbanje-na-tipsama\/","title":{"rendered":"Prst za vajo na konicah"},"content":{"rendered":"<p>Vadbeni prst iz materiala, ki je primeren za uporabo in nego ter pomaga nohtnim stilistom, da z vajo pospe\u0161ijo tempo dela pri oblikovanju nohtov.<\/p>\n<p>Kot nala\u0161\u010d za u\u010denje umetnosti gradnje nohtov na konicah.<\/p>\n<p>Vadbeni prst lahko pritrdite na mizo, da se med vadbo ne premika.<\/p>\n<p>Primerno za ve\u010dkratno uporabo.<\/p>\n<h6><strong>prednosti:<\/strong><\/h6>\n<ul>\n<li>material, ki ga je enostavno o\u010distiti<\/li>\n<li>trden nastavek, ki prepre\u010duje premikanje prsta med delovanjem<\/li>\n<li>model, ki vam omogo\u010da, da pridobite \/ poglobite ve\u0161\u010dine oblikovanja nohtov na \u0161abloni<\/li>\n<li>za ve\u010dkratno uporabo<\/li>\n<\/ul>\n<p><span class=\"\">Vi\u0161ina: 5 cm <\/span><br \/>\n<span class=\"\">Dol\u017eina: 4,5 cm <\/span><br \/>\n<span class=\"\">\u0160irina: 3 cm<\/span><\/p>\n<div class=\"page\" title=\"stran 1\">\n<div class=\"section\">\n<div class=\"layoutArea\">\n<div class=\"column\"><\/div>\n<\/div>\n<\/div>\n<\/div>\n<h6>Pakiranje: 1 kos<\/h6>","protected":false},"excerpt":{"rendered":"<p>Prst za vje\u017ebanje izra\u0111en od materijala koji je podoban za uporabu i njegu, a koji poma\u017ee nail stilstima da vje\u017ebanjem ubrzaju tempo rada na oblikovanju noktiju. Biti savr\u0161en za u\u010denje vje\u0161tine izgradnje nokta na tipsama. Prst za vje\u017ebanje mo\u017ee se pri\u010dvrstiti na plo\u010du stola da se ne mi\u010de tijekom vje\u017ebanja. Pogodno za vi\u0161estruku upotrebu. Prednosti: [&hellip;]<\/p>\n","protected":false},"featured_media":17537,"comment_status":"closed","ping_status":"closed","template":"","meta":{"_uag_custom_page_level_css":"","site-sidebar-layout":"default","site-content-layout":"default","ast-site-content-layout":"default","site-content-style":"default","site-sidebar-style":"default","ast-global-header-display":"","ast-banner-title-visibility":"","ast-main-header-display":"","ast-hfb-above-header-display":"","ast-hfb-below-header-display":"","ast-hfb-mobile-header-display":"","site-post-title":"","ast-breadcrumbs-content":"","ast-featured-img":"","footer-sml-layout":"","ast-disable-related-posts":"","theme-transparent-header-meta":"default","adv-header-id-meta":"","stick-header-meta":"default","header-above-stick-meta":"","header-main-stick-meta":"","header-below-stick-meta":"","astra-migrate-meta-layouts":"set","ast-page-background-enabled":"default","ast-page-background-meta":{"desktop":{"background-color":"var(--ast-global-color-4)","background-image":"","background-repeat":"repeat","background-position":"center center","background-size":"auto","background-attachment":"scroll","background-type":"","background-media":"","overlay-type":"","overlay-color":"","overlay-opacity":"","overlay-gradient":""},"tablet":{"background-color":"","background-image":"","background-repeat":"repeat","background-position":"center center","background-size":"auto","background-attachment":"scroll","background-type":"","background-media":"","overlay-type":"","overlay-color":"","overlay-opacity":"","overlay-gradient":""},"mobile":{"background-color":"","background-image":"","background-repeat":"repeat","background-position":"center center","background-size":"auto","background-attachment":"scroll","background-type":"","background-media":"","overlay-type":"","overlay-color":"","overlay-opacity":"","overlay-gradient":""}},"ast-content-background-meta":{"desktop":{"background-color":"var(--ast-global-color-5)","background-image":"","background-repeat":"repeat","background-position":"center center","background-size":"auto","background-attachment":"scroll","background-type":"","background-media":"","overlay-type":"","overlay-color":"","overlay-opacity":"","overlay-gradient":""},"tablet":{"background-color":"var(--ast-global-color-5)","background-image":"","background-repeat":"repeat","background-position":"center center","background-size":"auto","background-attachment":"scroll","background-type":"","background-media":"","overlay-type":"","overlay-color":"","overlay-opacity":"","overlay-gradient":""},"mobile":{"background-color":"var(--ast-global-color-5)","background-image":"","background-repeat":"repeat","background-position":"center center","background-size":"auto","background-attachment":"scroll","background-type":"","background-media":"","overlay-type":"","overlay-color":"","overlay-opacity":"","overlay-gradient":""}}},"product_brand":[],"product_cat":[524,24],"product_tag":[312],"class_list":{"0":"post-17536","1":"product","2":"type-product","3":"status-publish","4":"has-post-thumbnail","6":"product_cat-akcija","7":"product_cat-dodaci","8":"product_tag-prst-za-vjezbu","9":"desktop-align-left","10":"tablet-align-left","11":"mobile-align-left","12":"ast-product-gallery-layout-horizontal-slider","13":"ast-product-gallery-with-no-image","14":"ast-product-tabs-layout-horizontal","16":"first","17":"instock","18":"sale","19":"taxable","20":"shipping-taxable","21":"purchasable","22":"product-type-simple"},"yoast_head":"<!-- This site is optimized with the Yoast SEO plugin v27.4 - https:\/\/yoast.com\/product\/yoast-seo-wordpress\/ -->\n<title>Prst za vje\u017ebanje na tipsama &#8902; Mea Via Beauty<\/title>\n<meta name=\"description\" content=\"Prst za vje\u017ebanje na tipsama &#8902; za usavr\u0161avanje tehnika nail designa &#8902; za vi\u0161estruku uporabu &#8902; za vje\u017ebanje izdradnje noktiju\" \/>\n<meta name=\"robots\" content=\"index, follow, max-snippet:-1, max-image-preview:large, max-video-preview:-1\" \/>\n<link rel=\"canonical\" href=\"https:\/\/www.meavia-mh.hr\/sl\/product\/prst-za-vjezbanje-na-tipsama\/\" \/>\n<meta property=\"og:locale\" content=\"sl_SI\" \/>\n<meta property=\"og:type\" content=\"article\" \/>\n<meta property=\"og:title\" content=\"Prst za vje\u017ebanje na tipsama &#8902; Mea Via Beauty\" \/>\n<meta property=\"og:description\" content=\"Prst za vje\u017ebanje na tipsama &#8902; za usavr\u0161avanje tehnika nail designa &#8902; za vi\u0161estruku uporabu &#8902; za vje\u017ebanje izdradnje noktiju\" \/>\n<meta property=\"og:url\" content=\"https:\/\/www.meavia-mh.hr\/sl\/product\/prst-za-vjezbanje-na-tipsama\/\" \/>\n<meta property=\"og:site_name\" content=\"Mea Via Beauty\" \/>\n<meta property=\"article:publisher\" content=\"https:\/\/www.facebook.com\/MeaViaNailsWorld\" \/>\n<meta property=\"article:modified_time\" content=\"2026-03-28T14:34:30+00:00\" \/>\n<meta property=\"og:image\" content=\"https:\/\/www.meavia-mh.hr\/wp-content\/uploads\/2022\/12\/prst-za-vjezbanje-na-tipsama.jpg\" \/>\n\t<meta property=\"og:image:width\" content=\"1422\" \/>\n\t<meta property=\"og:image:height\" content=\"1422\" \/>\n\t<meta property=\"og:image:type\" content=\"image\/jpeg\" \/>\n<meta name=\"twitter:card\" content=\"summary_large_image\" \/>\n<meta name=\"twitter:label1\" content=\"Est. reading time\" \/>\n\t<meta name=\"twitter:data1\" content=\"1 minuta\" \/>\n<script type=\"application\/ld+json\" class=\"yoast-schema-graph\">{\"@context\":\"https:\\\/\\\/schema.org\",\"@graph\":[{\"@type\":\"WebPage\",\"@id\":\"https:\\\/\\\/www.meavia-mh.hr\\\/product\\\/prst-za-vjezbanje-na-tipsama\\\/\",\"url\":\"https:\\\/\\\/www.meavia-mh.hr\\\/product\\\/prst-za-vjezbanje-na-tipsama\\\/\",\"name\":\"Prst za vje\u017ebanje na tipsama &#8902; Mea Via Beauty\",\"isPartOf\":{\"@id\":\"https:\\\/\\\/meavia-mh.hr\\\/sl\\\/#website\"},\"primaryImageOfPage\":{\"@id\":\"https:\\\/\\\/www.meavia-mh.hr\\\/product\\\/prst-za-vjezbanje-na-tipsama\\\/#primaryimage\"},\"image\":{\"@id\":\"https:\\\/\\\/www.meavia-mh.hr\\\/product\\\/prst-za-vjezbanje-na-tipsama\\\/#primaryimage\"},\"thumbnailUrl\":\"https:\\\/\\\/www.meavia-mh.hr\\\/wp-content\\\/uploads\\\/2022\\\/12\\\/prst-za-vjezbanje-na-tipsama.jpg\",\"datePublished\":\"2022-12-12T15:13:13+00:00\",\"dateModified\":\"2026-03-28T14:34:30+00:00\",\"description\":\"Prst za vje\u017ebanje na tipsama &#8902; za usavr\u0161avanje tehnika nail designa &#8902; za vi\u0161estruku uporabu &#8902; za vje\u017ebanje izdradnje noktiju\",\"breadcrumb\":{\"@id\":\"https:\\\/\\\/www.meavia-mh.hr\\\/product\\\/prst-za-vjezbanje-na-tipsama\\\/#breadcrumb\"},\"inLanguage\":\"sl-SI\",\"potentialAction\":[{\"@type\":\"ReadAction\",\"target\":[\"https:\\\/\\\/www.meavia-mh.hr\\\/product\\\/prst-za-vjezbanje-na-tipsama\\\/\"]}]},{\"@type\":\"ImageObject\",\"inLanguage\":\"sl-SI\",\"@id\":\"https:\\\/\\\/www.meavia-mh.hr\\\/product\\\/prst-za-vjezbanje-na-tipsama\\\/#primaryimage\",\"url\":\"https:\\\/\\\/www.meavia-mh.hr\\\/wp-content\\\/uploads\\\/2022\\\/12\\\/prst-za-vjezbanje-na-tipsama.jpg\",\"contentUrl\":\"https:\\\/\\\/www.meavia-mh.hr\\\/wp-content\\\/uploads\\\/2022\\\/12\\\/prst-za-vjezbanje-na-tipsama.jpg\",\"width\":1422,\"height\":1422,\"caption\":\"Prst za vje\u017ebanje na tipsama\"},{\"@type\":\"BreadcrumbList\",\"@id\":\"https:\\\/\\\/www.meavia-mh.hr\\\/product\\\/prst-za-vjezbanje-na-tipsama\\\/#breadcrumb\",\"itemListElement\":[{\"@type\":\"ListItem\",\"position\":1,\"name\":\"Po\u010detna stranica\",\"item\":\"https:\\\/\\\/www.meavia-mh.hr\\\/\"},{\"@type\":\"ListItem\",\"position\":2,\"name\":\"Trgovina\",\"item\":\"https:\\\/\\\/meavia-mh.hr\\\/sl\\\/store\\\/\"},{\"@type\":\"ListItem\",\"position\":3,\"name\":\"Prst za vje\u017ebanje na tipsama\"}]},{\"@type\":\"WebSite\",\"@id\":\"https:\\\/\\\/meavia-mh.hr\\\/sl\\\/#website\",\"url\":\"https:\\\/\\\/meavia-mh.hr\\\/sl\\\/\",\"name\":\"Mea Via Beauty\",\"description\":\"Only The Best For Your Beauty\",\"publisher\":{\"@id\":\"https:\\\/\\\/meavia-mh.hr\\\/sl\\\/#organization\"},\"alternateName\":\"Mea Via Nails\",\"potentialAction\":[{\"@type\":\"SearchAction\",\"target\":{\"@type\":\"EntryPoint\",\"urlTemplate\":\"https:\\\/\\\/meavia-mh.hr\\\/sl\\\/?s={search_term_string}\"},\"query-input\":{\"@type\":\"PropertyValueSpecification\",\"valueRequired\":true,\"valueName\":\"search_term_string\"}}],\"inLanguage\":\"sl-SI\"},{\"@type\":\"Organization\",\"@id\":\"https:\\\/\\\/meavia-mh.hr\\\/sl\\\/#organization\",\"name\":\"Mea Via Nails World\",\"alternateName\":\"Mea Via\",\"url\":\"https:\\\/\\\/meavia-mh.hr\\\/sl\\\/\",\"logo\":{\"@type\":\"ImageObject\",\"inLanguage\":\"sl-SI\",\"@id\":\"https:\\\/\\\/meavia-mh.hr\\\/sl\\\/#\\\/schema\\\/logo\\\/image\\\/\",\"url\":\"https:\\\/\\\/www.meavia-mh.hr\\\/wp-content\\\/uploads\\\/2020\\\/12\\\/Mea-Via.png\",\"contentUrl\":\"https:\\\/\\\/www.meavia-mh.hr\\\/wp-content\\\/uploads\\\/2020\\\/12\\\/Mea-Via.png\",\"width\":1181,\"height\":393,\"caption\":\"Mea Via Nails World\"},\"image\":{\"@id\":\"https:\\\/\\\/meavia-mh.hr\\\/sl\\\/#\\\/schema\\\/logo\\\/image\\\/\"},\"sameAs\":[\"https:\\\/\\\/www.facebook.com\\\/MeaViaNailsWorld\",\"https:\\\/\\\/www.instagram.com\\\/mea_via_nails_world\\\/\",\"https:\\\/\\\/www.youtube.com\\\/channel\\\/UCECk0hpRWP6TN-EfA4ER96g\\\/featured\"]}]}<\/script>\n<!-- \/ Yoast SEO plugin. -->","yoast_head_json":{"title":"Prst za vje\u017ebanje na tipsama &#8902; Mea Via Beauty","description":"Prst za vje\u017ebanje na tipsama &#8902; za usavr\u0161avanje tehnika nail designa &#8902; za vi\u0161estruku uporabu &#8902; za vje\u017ebanje izdradnje noktiju","robots":{"index":"index","follow":"follow","max-snippet":"max-snippet:-1","max-image-preview":"max-image-preview:large","max-video-preview":"max-video-preview:-1"},"canonical":"https:\/\/www.meavia-mh.hr\/sl\/product\/prst-za-vjezbanje-na-tipsama\/","og_locale":"sl_SI","og_type":"article","og_title":"Prst za vje\u017ebanje na tipsama &#8902; Mea Via Beauty","og_description":"Prst za vje\u017ebanje na tipsama &#8902; za usavr\u0161avanje tehnika nail designa &#8902; za vi\u0161estruku uporabu &#8902; za vje\u017ebanje izdradnje noktiju","og_url":"https:\/\/www.meavia-mh.hr\/sl\/product\/prst-za-vjezbanje-na-tipsama\/","og_site_name":"Mea Via Beauty","article_publisher":"https:\/\/www.facebook.com\/MeaViaNailsWorld","article_modified_time":"2026-03-28T14:34:30+00:00","og_image":[{"width":1422,"height":1422,"url":"https:\/\/www.meavia-mh.hr\/wp-content\/uploads\/2022\/12\/prst-za-vjezbanje-na-tipsama.jpg","type":"image\/jpeg"}],"twitter_card":"summary_large_image","twitter_misc":{"Est. reading time":"1 minuta"},"schema":{"@context":"https:\/\/schema.org","@graph":[{"@type":"WebPage","@id":"https:\/\/www.meavia-mh.hr\/product\/prst-za-vjezbanje-na-tipsama\/","url":"https:\/\/www.meavia-mh.hr\/product\/prst-za-vjezbanje-na-tipsama\/","name":"Prst za vje\u017ebanje na tipsama &#8902; Mea Via Beauty","isPartOf":{"@id":"https:\/\/meavia-mh.hr\/sl\/#website"},"primaryImageOfPage":{"@id":"https:\/\/www.meavia-mh.hr\/product\/prst-za-vjezbanje-na-tipsama\/#primaryimage"},"image":{"@id":"https:\/\/www.meavia-mh.hr\/product\/prst-za-vjezbanje-na-tipsama\/#primaryimage"},"thumbnailUrl":"https:\/\/www.meavia-mh.hr\/wp-content\/uploads\/2022\/12\/prst-za-vjezbanje-na-tipsama.jpg","datePublished":"2022-12-12T15:13:13+00:00","dateModified":"2026-03-28T14:34:30+00:00","description":"Prst za vje\u017ebanje na tipsama &#8902; za usavr\u0161avanje tehnika nail designa &#8902; za vi\u0161estruku uporabu &#8902; za vje\u017ebanje izdradnje noktiju","breadcrumb":{"@id":"https:\/\/www.meavia-mh.hr\/product\/prst-za-vjezbanje-na-tipsama\/#breadcrumb"},"inLanguage":"sl-SI","potentialAction":[{"@type":"ReadAction","target":["https:\/\/www.meavia-mh.hr\/product\/prst-za-vjezbanje-na-tipsama\/"]}]},{"@type":"ImageObject","inLanguage":"sl-SI","@id":"https:\/\/www.meavia-mh.hr\/product\/prst-za-vjezbanje-na-tipsama\/#primaryimage","url":"https:\/\/www.meavia-mh.hr\/wp-content\/uploads\/2022\/12\/prst-za-vjezbanje-na-tipsama.jpg","contentUrl":"https:\/\/www.meavia-mh.hr\/wp-content\/uploads\/2022\/12\/prst-za-vjezbanje-na-tipsama.jpg","width":1422,"height":1422,"caption":"Prst za vje\u017ebanje na tipsama"},{"@type":"BreadcrumbList","@id":"https:\/\/www.meavia-mh.hr\/product\/prst-za-vjezbanje-na-tipsama\/#breadcrumb","itemListElement":[{"@type":"ListItem","position":1,"name":"Po\u010detna stranica","item":"https:\/\/www.meavia-mh.hr\/"},{"@type":"ListItem","position":2,"name":"Trgovina","item":"https:\/\/meavia-mh.hr\/sl\/store\/"},{"@type":"ListItem","position":3,"name":"Prst za vje\u017ebanje na tipsama"}]},{"@type":"WebSite","@id":"https:\/\/meavia-mh.hr\/sl\/#website","url":"https:\/\/meavia-mh.hr\/sl\/","name":"MEA VIA BEAUTY","description":"Only The Best For Your Beauty","publisher":{"@id":"https:\/\/meavia-mh.hr\/sl\/#organization"},"alternateName":"Mea Via Nails","potentialAction":[{"@type":"SearchAction","target":{"@type":"EntryPoint","urlTemplate":"https:\/\/meavia-mh.hr\/sl\/?s={search_term_string}"},"query-input":{"@type":"PropertyValueSpecification","valueRequired":true,"valueName":"search_term_string"}}],"inLanguage":"sl-SI"},{"@type":"Organization","@id":"https:\/\/meavia-mh.hr\/sl\/#organization","name":"Mea Via Nails World","alternateName":"Mea Via","url":"https:\/\/meavia-mh.hr\/sl\/","logo":{"@type":"ImageObject","inLanguage":"sl-SI","@id":"https:\/\/meavia-mh.hr\/sl\/#\/schema\/logo\/image\/","url":"https:\/\/www.meavia-mh.hr\/wp-content\/uploads\/2020\/12\/Mea-Via.png","contentUrl":"https:\/\/www.meavia-mh.hr\/wp-content\/uploads\/2020\/12\/Mea-Via.png","width":1181,"height":393,"caption":"Mea Via Nails World"},"image":{"@id":"https:\/\/meavia-mh.hr\/sl\/#\/schema\/logo\/image\/"},"sameAs":["https:\/\/www.facebook.com\/MeaViaNailsWorld","https:\/\/www.instagram.com\/mea_via_nails_world\/","https:\/\/www.youtube.com\/channel\/UCECk0hpRWP6TN-EfA4ER96g\/featured"]}]}},"spectra_custom_meta":{"_sku":["5906717450877"],"_regular_price":["1.29"],"total_sales":["32"],"_tax_status":["taxable"],"_tax_class":[""],"_manage_stock":["yes"],"_backorders":["no"],"_sold_individually":["no"],"_virtual":["no"],"_downloadable":["no"],"_download_limit":["-1"],"_download_expiry":["-1"],"_thumbnail_id":["17537"],"_stock":["17"],"_stock_status":["instock"],"_wc_average_rating":["0"],"_wc_review_count":["0"],"_product_version":["10.6.1"],"_price":["0.39"],"_wp_page_template":["default"],"_yoast_wpseo_focuskw":["prst za vje\u017ebanje na tipsama"],"_yoast_wpseo_metadesc":["%%title%% %%sep%% za usavr\u0161avanje tehnika nail designa %%sep%% za vi\u0161estruku uporabu %%sep%% za vje\u017ebanje izdradnje noktiju"],"_yoast_wpseo_linkdex":["64"],"_yoast_wpseo_content_score":["90"],"_yoast_wpseo_estimated-reading-time-minutes":["1"],"cartflows_redirect_flow_id":[""],"cartflows_add_to_cart_text":[""],"_woocs_price_geo_countries":[""],"_woocs_regular_price_geo":[""],"_woocs_sale_price_geo":[""],"site-sidebar-layout":["default"],"site-content-layout":["default"],"theme-transparent-header-meta":["default"],"stick-header-meta":["default"],"_yoast_wpseo_primary_product_cat":["24"],"_yoast_wpseo_wordproof_timestamp":[""],"_edit_lock":["1754314914:1239"],"_edit_last":["1239"],"_woocs_regular_price_EUR":["1.29"],"_woocs_sale_price_EUR":["-1"],"_lowest_price_30_days":["1.29"],"uag_migration_processed":["1"],"fb_product_item_id":["8758291027621234"],"_sale_price":["0.39"],"_wc_facebook_sync_enabled":["yes"],"fb_visibility":["yes"],"fb_product_description":[""],"_wc_facebook_product_image_source":["product"],"_wc_facebook_commerce_enabled":["no"],"ast-site-content-layout":["default"],"site-content-style":["default"],"site-sidebar-style":["default"],"_yoast_wpseo_primary_fb_product_set":[""],"fb_rich_text_description":[""],"fb_product_video":["a:0:{}"],"fb_brand":[""],"fb_mpn":[""],"fb_size":[""],"fb_color":[""],"fb_material":[""],"fb_pattern":[""],"fb_age_group":[""],"fb_gender":[""],"fb_product_condition":[""],"astra-migrate-meta-layouts":["set"],"_yoast_wpseo_primary_product_brand":[""],"_last_change_time":["1769892945"],"_uag_page_assets":["a:9:{s:3:\"css\";s:0:\"\";s:2:\"js\";s:0:\"\";s:18:\"current_block_list\";a:3:{i:0;s:11:\"core\/search\";i:1;s:18:\"core\/legacy-widget\";i:2;s:27:\"woocommerce\/product-filters\";}s:8:\"uag_flag\";b:0;s:11:\"uag_version\";s:10:\"1776341704\";s:6:\"gfonts\";a:0:{}s:10:\"gfonts_url\";s:0:\"\";s:12:\"gfonts_files\";a:0:{}s:14:\"uag_faq_layout\";b:0;}"],"_elementor_page_assets":["a:0:{}"]},"uagb_featured_image_src":{"full":["https:\/\/www.meavia-mh.hr\/wp-content\/uploads\/2022\/12\/prst-za-vjezbanje-na-tipsama.jpg",1422,1422,false],"thumbnail":["https:\/\/www.meavia-mh.hr\/wp-content\/uploads\/2022\/12\/prst-za-vjezbanje-na-tipsama-150x150.jpg",150,150,true],"medium":["https:\/\/www.meavia-mh.hr\/wp-content\/uploads\/2022\/12\/prst-za-vjezbanje-na-tipsama-300x300.jpg",300,300,true],"medium_large":["https:\/\/www.meavia-mh.hr\/wp-content\/uploads\/2022\/12\/prst-za-vjezbanje-na-tipsama-768x768.jpg",768,768,true],"large":["https:\/\/www.meavia-mh.hr\/wp-content\/uploads\/2022\/12\/prst-za-vjezbanje-na-tipsama-1024x1024.jpg",1024,1024,true],"1536x1536":["https:\/\/www.meavia-mh.hr\/wp-content\/uploads\/2022\/12\/prst-za-vjezbanje-na-tipsama.jpg",1422,1422,false],"2048x2048":["https:\/\/www.meavia-mh.hr\/wp-content\/uploads\/2022\/12\/prst-za-vjezbanje-na-tipsama.jpg",1422,1422,false],"trp-custom-language-flag":["https:\/\/www.meavia-mh.hr\/wp-content\/uploads\/2022\/12\/prst-za-vjezbanje-na-tipsama-12x12.jpg",12,12,true],"woocommerce_thumbnail":["https:\/\/www.meavia-mh.hr\/wp-content\/uploads\/2022\/12\/prst-za-vjezbanje-na-tipsama-300x300.jpg",300,300,true],"woocommerce_single":["https:\/\/www.meavia-mh.hr\/wp-content\/uploads\/2022\/12\/prst-za-vjezbanje-na-tipsama-600x600.jpg",600,600,true],"woocommerce_gallery_thumbnail":["https:\/\/www.meavia-mh.hr\/wp-content\/uploads\/2022\/12\/prst-za-vjezbanje-na-tipsama-100x100.jpg",100,100,true]},"uagb_author_info":{"display_name":"Mea Via","author_link":"https:\/\/www.meavia-mh.hr\/sl\/author\/"},"uagb_comment_info":0,"uagb_excerpt":"Prst za vje\u017ebanje izra\u0111en od materijala koji je podoban za uporabu i njegu, a koji poma\u017ee nail stilstima da vje\u017ebanjem ubrzaju tempo rada na oblikovanju noktiju. Biti savr\u0161en za u\u010denje vje\u0161tine izgradnje nokta na tipsama. Prst za vje\u017ebanje mo\u017ee se pri\u010dvrstiti na plo\u010du stola da se ne mi\u010de tijekom vje\u017ebanja. Pogodno za vi\u0161estruku upotrebu. Prednosti:&hellip;","_links":{"self":[{"href":"https:\/\/www.meavia-mh.hr\/sl\/wp-json\/wp\/v2\/product\/17536","targetHints":{"allow":["GET"]}}],"collection":[{"href":"https:\/\/www.meavia-mh.hr\/sl\/wp-json\/wp\/v2\/product"}],"about":[{"href":"https:\/\/www.meavia-mh.hr\/sl\/wp-json\/wp\/v2\/types\/product"}],"replies":[{"embeddable":true,"href":"https:\/\/www.meavia-mh.hr\/sl\/wp-json\/wp\/v2\/comments?post=17536"}],"version-history":[{"count":1,"href":"https:\/\/www.meavia-mh.hr\/sl\/wp-json\/wp\/v2\/product\/17536\/revisions"}],"predecessor-version":[{"id":30597,"href":"https:\/\/www.meavia-mh.hr\/sl\/wp-json\/wp\/v2\/product\/17536\/revisions\/30597"}],"wp:featuredmedia":[{"embeddable":true,"href":"https:\/\/www.meavia-mh.hr\/sl\/wp-json\/wp\/v2\/media\/17537"}],"wp:attachment":[{"href":"https:\/\/www.meavia-mh.hr\/sl\/wp-json\/wp\/v2\/media?parent=17536"}],"wp:term":[{"taxonomy":"product_brand","embeddable":true,"href":"https:\/\/www.meavia-mh.hr\/sl\/wp-json\/wp\/v2\/product_brand?post=17536"},{"taxonomy":"product_cat","embeddable":true,"href":"https:\/\/www.meavia-mh.hr\/sl\/wp-json\/wp\/v2\/product_cat?post=17536"},{"taxonomy":"product_tag","embeddable":true,"href":"https:\/\/www.meavia-mh.hr\/sl\/wp-json\/wp\/v2\/product_tag?post=17536"}],"curies":[{"name":"delovni list","href":"https:\/\/api.w.org\/{rel}","templated":true}]}}