{"id":17069,"date":"2022-11-08T19:51:33","date_gmt":"2022-11-08T19:51:33","guid":{"rendered":"https:\/\/www.meavia-mh.hr\/?post_type=product&#038;p=17069"},"modified":"2026-01-24T07:50:38","modified_gmt":"2026-01-24T06:50:38","slug":"luteq-parfums-paris-mirisna-svijeca-od-soje-romantique-230g","status":"publish","type":"product","link":"https:\/\/www.meavia-mh.hr\/sl\/product\/luteq-parfums-paris-mirisna-svijeca-od-soje-romantique-230g\/","title":{"rendered":"L&#039;uteq Parfums Paris di\u0161e\u010da sojina sve\u010da Romantique 230 g"},"content":{"rendered":"<p>L&#039;UTEQ PARFUMS DI\u0160E\u010cE SOJINE SVE\u010cE<\/p>\n<p><span class=\"productname\">Na voljo v petih di\u0161e\u010dih tonih: <a href=\"https:\/\/www.meavia-mh.hr\/sl\/product\/luteq-parfums-paris-mirisna-svijeca-od-soje-belle-230g\/\">Belle<\/a>, <a href=\"https:\/\/www.meavia-mh.hr\/sl\/product\/luteq-parfums-paris-mirisna-svijeca-od-soje-feminine-230g\/\">\u017denstveno<\/a>, <a href=\"https:\/\/www.meavia-mh.hr\/sl\/product\/luteq-parfums-paris-mirisna-svijeca-od-soje-belle-230g-kopiraj\/\">Tehtnica<\/a>, <a href=\"https:\/\/www.meavia-mh.hr\/sl\/product\/luteq-parfums-paris-mirisna-svijeca-od-soje-romantique-230g\/\">Romantika<\/a> in <a href=\"https:\/\/www.meavia-mh.hr\/sl\/product\/luteq-parfums-paris-mirisna-svijeca-od-soje-sensuelle-230g\/\">Sensuelle<\/a>. \u00a0<\/span>Vsaka od 5 sve\u010d ustreza 5 di\u0161avam L&#039;UTEQ. Za odi\u0161avljanje voska so bile uporabljene na\u0161e edinstvene francoske parfumske kompozicije. Sve\u010de na osnovi sojinega voska so varne za okolje in za alergike. Sojin vosek je prakti\u010dno brez vonja, zato ne vpliva na di\u0161ave, ki se v njem uporabljajo. L&#039;UTEQ PARFUMS sojine sve\u010de popolnoma odra\u017eajo vonj parfuma, ki ga vsebujejo.<\/p>\n<p><strong><span class=\"\">Romantika<\/span><\/strong><span class=\"\"> \u2013 odpre se \u010dutna, ve\u010derna di\u0161ava\u00a0<\/span><strong><span class=\"\"> z notami \u010drnega ribeza in sladkega sadja li\u010dija<\/span><\/strong><span class=\"\">. <\/span>Ta duo se postopoma umakne \u0161opku, sestavljenemu iz\u00a0<strong> vrtnica in vijolica<\/strong>. Sadno-cvetli\u010dna me\u0161anica je potopljena v bogato desertno noto<strong>\u00a0karamela in vanilija<\/strong>. <span class=\"\">Poudarjena je celotna kompozicija\u00a0<\/span><strong><span class=\"\"> orientalski pa\u010duli<\/span><\/strong><span class=\"\">. <\/span>Na\u0161e stranke to di\u0161avo primerjajo z \u2013 Lancome \u2013 Tresor la Nuit.<\/p>\n<p><span class=\"\">Sve\u010de L&#039;UTEQ PARFUMS se topijo pri ni\u017eji temperaturi kot parafinske, njihov \u010das gorenja pa je dvakrat dalj\u0161i in zna\u0161a 30 ur. <\/span>Te sve\u010de oddajajo 90% manj ogljikovega dioksida.<\/p>\n<p>Te\u017ea: 230 g<\/p>\n<p>Preverite vse razpolo\u017eljive di\u0161ave in izberite popolno zase. Izberite idealno darilo za obdarovanje.<\/p>\n<figure id=\"attachment_17041\" aria-describedby=\"caption-attachment-17041\" style=\"width: 1024px\" class=\"wp-caption aligncenter\"><a href=\"https:\/\/www.meavia-mh.hr\/wp-content\/uploads\/2022\/11\/sv4.jpg\"><img fetchpriority=\"high\" decoding=\"async\" class=\"wp-image-17041 size-large\" src=\"https:\/\/www.meavia-mh.hr\/wp-content\/uploads\/2022\/11\/sv4-1024x969.jpg\" alt=\"L'uteq Parfums Paris mirisna svije\u0107a od soje\" width=\"1024\" height=\"969\" srcset=\"https:\/\/www.meavia-mh.hr\/wp-content\/uploads\/2022\/11\/sv4-1024x969.jpg 1024w, https:\/\/www.meavia-mh.hr\/wp-content\/uploads\/2022\/11\/sv4-300x284.jpg 300w, https:\/\/www.meavia-mh.hr\/wp-content\/uploads\/2022\/11\/sv4-768x727.jpg 768w, https:\/\/www.meavia-mh.hr\/wp-content\/uploads\/2022\/11\/sv4-13x12.jpg 13w, https:\/\/www.meavia-mh.hr\/wp-content\/uploads\/2022\/11\/sv4-600x568.jpg 600w, https:\/\/www.meavia-mh.hr\/wp-content\/uploads\/2022\/11\/sv4.jpg 1188w\" sizes=\"(max-width: 1024px) 100vw, 1024px\" \/><\/a><figcaption id=\"caption-attachment-17041\" class=\"wp-caption-text\">L&#039;uteq Parfums Paris di\u0161e\u010da sojina sve\u010da<\/figcaption><\/figure>","protected":false},"excerpt":{"rendered":"<p>L&#8217;UTEQ PARFUMS MIRISNE SVIJE\u0106E OD SOJE Dostupne u pet mirisnih tonova: Belle, Feminine, Libre, Romantique i Sensuelle. \u00a0Svaka od 5 svije\u0107a odgovara\u00a0 5 L&#8217;UTEQ mirisa. Za parfimiranje voska kori\u0161tene su na\u0161e jedinstvene francuske parfemske kompozicije. Svije\u0107e na bazi sojinog voska sigurne su za okoli\u0161 i za alergi\u010dare. Sojin vosak je prakti\u010dki bez mirisa, pa ne [&hellip;]<\/p>\n","protected":false},"featured_media":17045,"comment_status":"open","ping_status":"closed","template":"","meta":{"_uag_custom_page_level_css":"","site-sidebar-layout":"default","site-content-layout":"default","ast-site-content-layout":"default","site-content-style":"default","site-sidebar-style":"default","ast-global-header-display":"","ast-banner-title-visibility":"","ast-main-header-display":"","ast-hfb-above-header-display":"","ast-hfb-below-header-display":"","ast-hfb-mobile-header-display":"","site-post-title":"","ast-breadcrumbs-content":"","ast-featured-img":"","footer-sml-layout":"","ast-disable-related-posts":"","theme-transparent-header-meta":"default","adv-header-id-meta":"","stick-header-meta":"default","header-above-stick-meta":"","header-main-stick-meta":"","header-below-stick-meta":"","astra-migrate-meta-layouts":"default","ast-page-background-enabled":"default","ast-page-background-meta":{"desktop":{"background-color":"var(--ast-global-color-4)","background-image":"","background-repeat":"repeat","background-position":"center center","background-size":"auto","background-attachment":"scroll","background-type":"","background-media":"","overlay-type":"","overlay-color":"","overlay-opacity":"","overlay-gradient":""},"tablet":{"background-color":"","background-image":"","background-repeat":"repeat","background-position":"center center","background-size":"auto","background-attachment":"scroll","background-type":"","background-media":"","overlay-type":"","overlay-color":"","overlay-opacity":"","overlay-gradient":""},"mobile":{"background-color":"","background-image":"","background-repeat":"repeat","background-position":"center center","background-size":"auto","background-attachment":"scroll","background-type":"","background-media":"","overlay-type":"","overlay-color":"","overlay-opacity":"","overlay-gradient":""}},"ast-content-background-meta":{"desktop":{"background-color":"var(--ast-global-color-5)","background-image":"","background-repeat":"repeat","background-position":"center center","background-size":"auto","background-attachment":"scroll","background-type":"","background-media":"","overlay-type":"","overlay-color":"","overlay-opacity":"","overlay-gradient":""},"tablet":{"background-color":"var(--ast-global-color-5)","background-image":"","background-repeat":"repeat","background-position":"center center","background-size":"auto","background-attachment":"scroll","background-type":"","background-media":"","overlay-type":"","overlay-color":"","overlay-opacity":"","overlay-gradient":""},"mobile":{"background-color":"var(--ast-global-color-5)","background-image":"","background-repeat":"repeat","background-position":"center center","background-size":"auto","background-attachment":"scroll","background-type":"","background-media":"","overlay-type":"","overlay-color":"","overlay-opacity":"","overlay-gradient":""}}},"product_brand":[],"product_cat":[24],"product_tag":[451],"class_list":{"0":"post-17069","1":"product","2":"type-product","3":"status-publish","4":"has-post-thumbnail","6":"product_cat-dodaci","7":"product_tag-svijeca","8":"desktop-align-left","9":"tablet-align-left","10":"mobile-align-left","11":"ast-product-gallery-layout-horizontal-slider","12":"ast-product-tabs-layout-horizontal","14":"first","15":"outofstock","16":"taxable","17":"shipping-taxable","18":"purchasable","19":"product-type-simple"},"yoast_head":"<!-- This site is optimized with the Yoast SEO plugin v27.5 - https:\/\/yoast.com\/product\/yoast-seo-wordpress\/ -->\n<title>L&#039;uteq Parfums Paris mirisna svije\u0107a od soje Romantique 230g &#8902; Mea Via Beauty<\/title>\n<meta name=\"description\" content=\"L&#039;uteq Parfums Paris mirisna svije\u0107a od soje Romantique 230g &#8902; mirisna. parfumirana svije\u0107a &#8902; dvostruko du\u017ee trajanje &#8902; veganski prooizvod &#8902; trajanje 30 sati\" \/>\n<meta name=\"robots\" content=\"index, follow, max-snippet:-1, max-image-preview:large, max-video-preview:-1\" \/>\n<link rel=\"canonical\" href=\"https:\/\/www.meavia-mh.hr\/sl\/product\/luteq-parfums-paris-mirisna-svijeca-od-soje-romantique-230g\/\" \/>\n<meta property=\"og:locale\" content=\"sl_SI\" \/>\n<meta property=\"og:type\" content=\"article\" \/>\n<meta property=\"og:title\" content=\"L&#039;uteq Parfums Paris mirisna svije\u0107a od soje Romantique 230g &#8902; Mea Via Beauty\" \/>\n<meta property=\"og:description\" content=\"L&#039;uteq Parfums Paris mirisna svije\u0107a od soje Romantique 230g &#8902; mirisna. parfumirana svije\u0107a &#8902; dvostruko du\u017ee trajanje &#8902; veganski prooizvod &#8902; trajanje 30 sati\" \/>\n<meta property=\"og:url\" content=\"https:\/\/www.meavia-mh.hr\/sl\/product\/luteq-parfums-paris-mirisna-svijeca-od-soje-romantique-230g\/\" \/>\n<meta property=\"og:site_name\" content=\"Mea Via Beauty\" \/>\n<meta property=\"article:publisher\" content=\"https:\/\/www.facebook.com\/MeaViaNailsWorld\" \/>\n<meta property=\"article:modified_time\" content=\"2026-01-24T06:50:38+00:00\" \/>\n<meta property=\"og:image\" content=\"https:\/\/www.meavia-mh.hr\/wp-content\/uploads\/2022\/11\/sv2.jpg\" \/>\n\t<meta property=\"og:image:width\" content=\"1024\" \/>\n\t<meta property=\"og:image:height\" content=\"1030\" \/>\n\t<meta property=\"og:image:type\" content=\"image\/jpeg\" \/>\n<meta name=\"twitter:card\" content=\"summary_large_image\" \/>\n<meta name=\"twitter:label1\" content=\"Est. reading time\" \/>\n\t<meta name=\"twitter:data1\" content=\"2 minuti\" \/>\n<script type=\"application\/ld+json\" class=\"yoast-schema-graph\">{\"@context\":\"https:\\\/\\\/schema.org\",\"@graph\":[{\"@type\":\"WebPage\",\"@id\":\"https:\\\/\\\/www.meavia-mh.hr\\\/product\\\/luteq-parfums-paris-mirisna-svijeca-od-soje-romantique-230g\\\/\",\"url\":\"https:\\\/\\\/www.meavia-mh.hr\\\/product\\\/luteq-parfums-paris-mirisna-svijeca-od-soje-romantique-230g\\\/\",\"name\":\"L'uteq Parfums Paris mirisna svije\u0107a od soje Romantique 230g &#8902; Mea Via Beauty\",\"isPartOf\":{\"@id\":\"https:\\\/\\\/meavia-mh.hr\\\/sl\\\/#website\"},\"primaryImageOfPage\":{\"@id\":\"https:\\\/\\\/www.meavia-mh.hr\\\/product\\\/luteq-parfums-paris-mirisna-svijeca-od-soje-romantique-230g\\\/#primaryimage\"},\"image\":{\"@id\":\"https:\\\/\\\/www.meavia-mh.hr\\\/product\\\/luteq-parfums-paris-mirisna-svijeca-od-soje-romantique-230g\\\/#primaryimage\"},\"thumbnailUrl\":\"https:\\\/\\\/www.meavia-mh.hr\\\/wp-content\\\/uploads\\\/2022\\\/11\\\/sv2.jpg\",\"datePublished\":\"2022-11-08T19:51:33+00:00\",\"dateModified\":\"2026-01-24T06:50:38+00:00\",\"description\":\"L'uteq Parfums Paris mirisna svije\u0107a od soje Romantique 230g &#8902; mirisna. parfumirana svije\u0107a &#8902; dvostruko du\u017ee trajanje &#8902; veganski prooizvod &#8902; trajanje 30 sati\",\"breadcrumb\":{\"@id\":\"https:\\\/\\\/www.meavia-mh.hr\\\/product\\\/luteq-parfums-paris-mirisna-svijeca-od-soje-romantique-230g\\\/#breadcrumb\"},\"inLanguage\":\"sl-SI\",\"potentialAction\":[{\"@type\":\"ReadAction\",\"target\":[\"https:\\\/\\\/www.meavia-mh.hr\\\/product\\\/luteq-parfums-paris-mirisna-svijeca-od-soje-romantique-230g\\\/\"]}]},{\"@type\":\"ImageObject\",\"inLanguage\":\"sl-SI\",\"@id\":\"https:\\\/\\\/www.meavia-mh.hr\\\/product\\\/luteq-parfums-paris-mirisna-svijeca-od-soje-romantique-230g\\\/#primaryimage\",\"url\":\"https:\\\/\\\/www.meavia-mh.hr\\\/wp-content\\\/uploads\\\/2022\\\/11\\\/sv2.jpg\",\"contentUrl\":\"https:\\\/\\\/www.meavia-mh.hr\\\/wp-content\\\/uploads\\\/2022\\\/11\\\/sv2.jpg\",\"width\":1024,\"height\":1030,\"caption\":\"L'uteq Parfums Paris mirisna svije\u0107a od soje Romantique\"},{\"@type\":\"BreadcrumbList\",\"@id\":\"https:\\\/\\\/www.meavia-mh.hr\\\/product\\\/luteq-parfums-paris-mirisna-svijeca-od-soje-romantique-230g\\\/#breadcrumb\",\"itemListElement\":[{\"@type\":\"ListItem\",\"position\":1,\"name\":\"Po\u010detna stranica\",\"item\":\"https:\\\/\\\/www.meavia-mh.hr\\\/\"},{\"@type\":\"ListItem\",\"position\":2,\"name\":\"Trgovina\",\"item\":\"https:\\\/\\\/meavia-mh.hr\\\/sl\\\/store\\\/\"},{\"@type\":\"ListItem\",\"position\":3,\"name\":\"L&#8217;uteq Parfums Paris mirisna svije\u0107a od soje Romantique 230g\"}]},{\"@type\":\"WebSite\",\"@id\":\"https:\\\/\\\/meavia-mh.hr\\\/sl\\\/#website\",\"url\":\"https:\\\/\\\/meavia-mh.hr\\\/sl\\\/\",\"name\":\"Mea Via Beauty\",\"description\":\"Only The Best For Your Beauty\",\"publisher\":{\"@id\":\"https:\\\/\\\/meavia-mh.hr\\\/sl\\\/#organization\"},\"alternateName\":\"Mea Via Nails\",\"potentialAction\":[{\"@type\":\"SearchAction\",\"target\":{\"@type\":\"EntryPoint\",\"urlTemplate\":\"https:\\\/\\\/meavia-mh.hr\\\/sl\\\/?s={search_term_string}\"},\"query-input\":{\"@type\":\"PropertyValueSpecification\",\"valueRequired\":true,\"valueName\":\"search_term_string\"}}],\"inLanguage\":\"sl-SI\"},{\"@type\":\"Organization\",\"@id\":\"https:\\\/\\\/meavia-mh.hr\\\/sl\\\/#organization\",\"name\":\"Mea Via Nails World\",\"alternateName\":\"Mea Via\",\"url\":\"https:\\\/\\\/meavia-mh.hr\\\/sl\\\/\",\"logo\":{\"@type\":\"ImageObject\",\"inLanguage\":\"sl-SI\",\"@id\":\"https:\\\/\\\/meavia-mh.hr\\\/sl\\\/#\\\/schema\\\/logo\\\/image\\\/\",\"url\":\"https:\\\/\\\/www.meavia-mh.hr\\\/wp-content\\\/uploads\\\/2020\\\/12\\\/Mea-Via.png\",\"contentUrl\":\"https:\\\/\\\/www.meavia-mh.hr\\\/wp-content\\\/uploads\\\/2020\\\/12\\\/Mea-Via.png\",\"width\":1181,\"height\":393,\"caption\":\"Mea Via Nails World\"},\"image\":{\"@id\":\"https:\\\/\\\/meavia-mh.hr\\\/sl\\\/#\\\/schema\\\/logo\\\/image\\\/\"},\"sameAs\":[\"https:\\\/\\\/www.facebook.com\\\/MeaViaNailsWorld\",\"https:\\\/\\\/www.instagram.com\\\/mea_via_nails_world\\\/\",\"https:\\\/\\\/www.youtube.com\\\/channel\\\/UCECk0hpRWP6TN-EfA4ER96g\\\/featured\"]}]}<\/script>\n<!-- \/ Yoast SEO plugin. -->","yoast_head_json":{"title":"L'uteq Parfums Paris mirisna svije\u0107a od soje Romantique 230g &#8902; Mea Via Beauty","description":"L'uteq Parfums Paris mirisna svije\u0107a od soje Romantique 230g &#8902; mirisna. parfumirana svije\u0107a &#8902; dvostruko du\u017ee trajanje &#8902; veganski prooizvod &#8902; trajanje 30 sati","robots":{"index":"index","follow":"follow","max-snippet":"max-snippet:-1","max-image-preview":"max-image-preview:large","max-video-preview":"max-video-preview:-1"},"canonical":"https:\/\/www.meavia-mh.hr\/sl\/product\/luteq-parfums-paris-mirisna-svijeca-od-soje-romantique-230g\/","og_locale":"sl_SI","og_type":"article","og_title":"L'uteq Parfums Paris mirisna svije\u0107a od soje Romantique 230g &#8902; Mea Via Beauty","og_description":"L'uteq Parfums Paris mirisna svije\u0107a od soje Romantique 230g &#8902; mirisna. parfumirana svije\u0107a &#8902; dvostruko du\u017ee trajanje &#8902; veganski prooizvod &#8902; trajanje 30 sati","og_url":"https:\/\/www.meavia-mh.hr\/sl\/product\/luteq-parfums-paris-mirisna-svijeca-od-soje-romantique-230g\/","og_site_name":"Mea Via Beauty","article_publisher":"https:\/\/www.facebook.com\/MeaViaNailsWorld","article_modified_time":"2026-01-24T06:50:38+00:00","og_image":[{"width":1024,"height":1030,"url":"https:\/\/www.meavia-mh.hr\/wp-content\/uploads\/2022\/11\/sv2.jpg","type":"image\/jpeg"}],"twitter_card":"summary_large_image","twitter_misc":{"Est. reading time":"2 minuti"},"schema":{"@context":"https:\/\/schema.org","@graph":[{"@type":"WebPage","@id":"https:\/\/www.meavia-mh.hr\/product\/luteq-parfums-paris-mirisna-svijeca-od-soje-romantique-230g\/","url":"https:\/\/www.meavia-mh.hr\/product\/luteq-parfums-paris-mirisna-svijeca-od-soje-romantique-230g\/","name":"L'uteq Parfums Paris mirisna svije\u0107a od soje Romantique 230g &#8902; Mea Via Beauty","isPartOf":{"@id":"https:\/\/meavia-mh.hr\/sl\/#website"},"primaryImageOfPage":{"@id":"https:\/\/www.meavia-mh.hr\/product\/luteq-parfums-paris-mirisna-svijeca-od-soje-romantique-230g\/#primaryimage"},"image":{"@id":"https:\/\/www.meavia-mh.hr\/product\/luteq-parfums-paris-mirisna-svijeca-od-soje-romantique-230g\/#primaryimage"},"thumbnailUrl":"https:\/\/www.meavia-mh.hr\/wp-content\/uploads\/2022\/11\/sv2.jpg","datePublished":"2022-11-08T19:51:33+00:00","dateModified":"2026-01-24T06:50:38+00:00","description":"L'uteq Parfums Paris mirisna svije\u0107a od soje Romantique 230g &#8902; mirisna. parfumirana svije\u0107a &#8902; dvostruko du\u017ee trajanje &#8902; veganski prooizvod &#8902; trajanje 30 sati","breadcrumb":{"@id":"https:\/\/www.meavia-mh.hr\/product\/luteq-parfums-paris-mirisna-svijeca-od-soje-romantique-230g\/#breadcrumb"},"inLanguage":"sl-SI","potentialAction":[{"@type":"ReadAction","target":["https:\/\/www.meavia-mh.hr\/product\/luteq-parfums-paris-mirisna-svijeca-od-soje-romantique-230g\/"]}]},{"@type":"ImageObject","inLanguage":"sl-SI","@id":"https:\/\/www.meavia-mh.hr\/product\/luteq-parfums-paris-mirisna-svijeca-od-soje-romantique-230g\/#primaryimage","url":"https:\/\/www.meavia-mh.hr\/wp-content\/uploads\/2022\/11\/sv2.jpg","contentUrl":"https:\/\/www.meavia-mh.hr\/wp-content\/uploads\/2022\/11\/sv2.jpg","width":1024,"height":1030,"caption":"L'uteq Parfums Paris mirisna svije\u0107a od soje Romantique"},{"@type":"BreadcrumbList","@id":"https:\/\/www.meavia-mh.hr\/product\/luteq-parfums-paris-mirisna-svijeca-od-soje-romantique-230g\/#breadcrumb","itemListElement":[{"@type":"ListItem","position":1,"name":"Po\u010detna stranica","item":"https:\/\/www.meavia-mh.hr\/"},{"@type":"ListItem","position":2,"name":"Trgovina","item":"https:\/\/meavia-mh.hr\/sl\/store\/"},{"@type":"ListItem","position":3,"name":"L&#8217;uteq Parfums Paris mirisna svije\u0107a od soje Romantique 230g"}]},{"@type":"WebSite","@id":"https:\/\/meavia-mh.hr\/sl\/#website","url":"https:\/\/meavia-mh.hr\/sl\/","name":"MEA VIA BEAUTY","description":"Only The Best For Your Beauty","publisher":{"@id":"https:\/\/meavia-mh.hr\/sl\/#organization"},"alternateName":"Mea Via Nails","potentialAction":[{"@type":"SearchAction","target":{"@type":"EntryPoint","urlTemplate":"https:\/\/meavia-mh.hr\/sl\/?s={search_term_string}"},"query-input":{"@type":"PropertyValueSpecification","valueRequired":true,"valueName":"search_term_string"}}],"inLanguage":"sl-SI"},{"@type":"Organization","@id":"https:\/\/meavia-mh.hr\/sl\/#organization","name":"Mea Via Nails World","alternateName":"Mea Via","url":"https:\/\/meavia-mh.hr\/sl\/","logo":{"@type":"ImageObject","inLanguage":"sl-SI","@id":"https:\/\/meavia-mh.hr\/sl\/#\/schema\/logo\/image\/","url":"https:\/\/www.meavia-mh.hr\/wp-content\/uploads\/2020\/12\/Mea-Via.png","contentUrl":"https:\/\/www.meavia-mh.hr\/wp-content\/uploads\/2020\/12\/Mea-Via.png","width":1181,"height":393,"caption":"Mea Via Nails World"},"image":{"@id":"https:\/\/meavia-mh.hr\/sl\/#\/schema\/logo\/image\/"},"sameAs":["https:\/\/www.facebook.com\/MeaViaNailsWorld","https:\/\/www.instagram.com\/mea_via_nails_world\/","https:\/\/www.youtube.com\/channel\/UCECk0hpRWP6TN-EfA4ER96g\/featured"]}]}},"spectra_custom_meta":{"_sku":["5904474860960"],"_regular_price":["9.28"],"total_sales":["5"],"_tax_status":["taxable"],"_tax_class":[""],"_manage_stock":["yes"],"_backorders":["no"],"_sold_individually":["no"],"_virtual":["no"],"_downloadable":["no"],"_product_image_gallery":["17064,17067,17036,17041"],"_download_limit":["-1"],"_download_expiry":["-1"],"_thumbnail_id":["17045"],"_stock":["0"],"_stock_status":["outofstock"],"_wc_average_rating":["0"],"_wc_review_count":["0"],"_product_version":["10.4.3"],"_price":["9.28"],"_wp_page_template":["default"],"_yoast_wpseo_focuskw":["mirisna svije\u0107a"],"_yoast_wpseo_metadesc":["%%title%% %%sep%% %%sep%% mirisna. parfumirana svije\u0107a %%sep%% dvostruko du\u017ee trajanje %%sep%% veganski prooizvod %%sep%% trajanje 30 sati"],"_yoast_wpseo_linkdex":["47"],"_yoast_wpseo_content_score":["90"],"_yoast_wpseo_estimated-reading-time-minutes":["2"],"_yoast_wpseo_wordproof_timestamp":[""],"cartflows_redirect_flow_id":[""],"cartflows_add_to_cart_text":[""],"_woocs_price_geo_countries":[""],"_woocs_regular_price_geo":[""],"_woocs_sale_price_geo":[""],"site-sidebar-layout":["default"],"site-content-layout":["default"],"theme-transparent-header-meta":["default"],"stick-header-meta":["default"],"_yoast_wpseo_primary_product_cat":["24"],"_edit_lock":["1667938169:1"],"_edit_last":["1"],"_woocs_regular_price_EUR":["9.28"],"_woocs_sale_price_EUR":["-1"],"_lowest_price_30_days":["9.28"],"uag_migration_processed":["1"]},"uagb_featured_image_src":{"full":["https:\/\/www.meavia-mh.hr\/wp-content\/uploads\/2022\/11\/sv2.jpg",1024,1030,false],"thumbnail":["https:\/\/www.meavia-mh.hr\/wp-content\/uploads\/2022\/11\/sv2-150x150.jpg",150,150,true],"medium":["https:\/\/www.meavia-mh.hr\/wp-content\/uploads\/2022\/11\/sv2-298x300.jpg",298,300,true],"medium_large":["https:\/\/www.meavia-mh.hr\/wp-content\/uploads\/2022\/11\/sv2-768x773.jpg",768,773,true],"large":["https:\/\/www.meavia-mh.hr\/wp-content\/uploads\/2022\/11\/sv2-1018x1024.jpg",1018,1024,true],"1536x1536":["https:\/\/www.meavia-mh.hr\/wp-content\/uploads\/2022\/11\/sv2.jpg",1024,1030,false],"2048x2048":["https:\/\/www.meavia-mh.hr\/wp-content\/uploads\/2022\/11\/sv2.jpg",1024,1030,false],"trp-custom-language-flag":["https:\/\/www.meavia-mh.hr\/wp-content\/uploads\/2022\/11\/sv2-12x12.jpg",12,12,true],"woocommerce_thumbnail":["https:\/\/www.meavia-mh.hr\/wp-content\/uploads\/2022\/11\/sv2-300x300.jpg",300,300,true],"woocommerce_single":["https:\/\/www.meavia-mh.hr\/wp-content\/uploads\/2022\/11\/sv2-600x604.jpg",600,604,true],"woocommerce_gallery_thumbnail":["https:\/\/www.meavia-mh.hr\/wp-content\/uploads\/2022\/11\/sv2-100x100.jpg",100,100,true]},"uagb_author_info":{"display_name":"Mea Via","author_link":"https:\/\/www.meavia-mh.hr\/sl\/author\/"},"uagb_comment_info":0,"uagb_excerpt":"L&#8217;UTEQ PARFUMS MIRISNE SVIJE\u0106E OD SOJE Dostupne u pet mirisnih tonova: Belle, Feminine, Libre, Romantique i Sensuelle. \u00a0Svaka od 5 svije\u0107a odgovara\u00a0 5 L&#8217;UTEQ mirisa. Za parfimiranje voska kori\u0161tene su na\u0161e jedinstvene francuske parfemske kompozicije. Svije\u0107e na bazi sojinog voska sigurne su za okoli\u0161 i za alergi\u010dare. Sojin vosak je prakti\u010dki bez mirisa, pa ne&hellip;","_links":{"self":[{"href":"https:\/\/www.meavia-mh.hr\/sl\/wp-json\/wp\/v2\/product\/17069","targetHints":{"allow":["GET"]}}],"collection":[{"href":"https:\/\/www.meavia-mh.hr\/sl\/wp-json\/wp\/v2\/product"}],"about":[{"href":"https:\/\/www.meavia-mh.hr\/sl\/wp-json\/wp\/v2\/types\/product"}],"replies":[{"embeddable":true,"href":"https:\/\/www.meavia-mh.hr\/sl\/wp-json\/wp\/v2\/comments?post=17069"}],"version-history":[{"count":1,"href":"https:\/\/www.meavia-mh.hr\/sl\/wp-json\/wp\/v2\/product\/17069\/revisions"}],"predecessor-version":[{"id":30610,"href":"https:\/\/www.meavia-mh.hr\/sl\/wp-json\/wp\/v2\/product\/17069\/revisions\/30610"}],"wp:featuredmedia":[{"embeddable":true,"href":"https:\/\/www.meavia-mh.hr\/sl\/wp-json\/wp\/v2\/media\/17045"}],"wp:attachment":[{"href":"https:\/\/www.meavia-mh.hr\/sl\/wp-json\/wp\/v2\/media?parent=17069"}],"wp:term":[{"taxonomy":"product_brand","embeddable":true,"href":"https:\/\/www.meavia-mh.hr\/sl\/wp-json\/wp\/v2\/product_brand?post=17069"},{"taxonomy":"product_cat","embeddable":true,"href":"https:\/\/www.meavia-mh.hr\/sl\/wp-json\/wp\/v2\/product_cat?post=17069"},{"taxonomy":"product_tag","embeddable":true,"href":"https:\/\/www.meavia-mh.hr\/sl\/wp-json\/wp\/v2\/product_tag?post=17069"}],"curies":[{"name":"delovni list","href":"https:\/\/api.w.org\/{rel}","templated":true}]}}