{"id":16206,"date":"2022-09-20T08:31:31","date_gmt":"2022-09-20T08:31:31","guid":{"rendered":"https:\/\/www.meavia-mh.hr\/?post_type=product&#038;p=16206"},"modified":"2026-01-24T08:30:57","modified_gmt":"2026-01-24T07:30:57","slug":"stylistc-blok-za-poliranje-180","status":"publish","type":"product","link":"https:\/\/www.meavia-mh.hr\/sl\/product\/stylistc-blok-za-poliranje-180\/","title":{"rendered":"Stylistc polirni blok 180"},"content":{"rendered":"<p>Polirni blok Stylistc 180 je namenjen glajenju in sijaju nohtne plo\u0161\u010de. Uporabljamo ga pri pripravi nohtne plo\u0161\u010de. Polirni blok Stylistc 180 poskrbi za odstranjevanje ma\u0161\u010dobe z nohtne plo\u0161\u010de in optimalen oprijem permanentnega laka. Po odstranitvi permanentnega laka ali UV gela naredi noht gladek. Ne po\u0161koduje naravnega nohta. Ko odstranimo obnohtno ko\u017eico in s pomo\u010djo pilice (ra\u0161pice) nohtu damo ustrezno obliko in dol\u017eino, plo\u0161\u010do zgladimo, s \u010dimer dobimo ustrezno pripravljen noht za vgrajevanje umetnih nohtov oz. <a href=\"https:\/\/www.meavia-mh.hr\/sl\/product\/palu-gel-polish-trajni-lak-las-vegas-shining-glitter-fgl2-11-ml\/\">permanentni lak<\/a>.<\/p>\n<h6>Preprosto pripravite noht v \u0161tirih korakih:<\/h6>\n<p>1. korak: Oblikujte nohtno plo\u0161\u010do v pravo obliko in dol\u017eino<br \/>\n2. korak: odstranjevanje neravnin, pridobivanje gladke povr\u0161ine, pripravljene za nadaljnje oblikovanje<br \/>\n3. korak: Natan\u010dno gladite nohtno plo\u0161\u010do<br \/>\n4. korak: Polirajte in polirajte za profesionalno izvedbo<\/p>\n<p><span style=\"font-size: 16px;font-style: normal\">Za profesionalno uporabo.<\/span><\/p>\n<h6><strong>Katero pilico za nohte izbrati?<\/strong><\/h6>\n<div>Pri izbiri datoteke ni pomembna barva, temve\u010d kakovost in koli\u010dina peska (oznake drobnosti zrn).<\/div>\n<div>Manj\u0161e oznake na razpr\u0161ilniku, npr. 80\/100, pomenijo, da so zrna pilice bolj groba, ve\u010dje oznake na datotekah, npr. 180\/240, pa, da so zrna datoteke bolj drobna. Manj\u0161a kot je oznaka, groba in ostrej\u0161a je datoteka, ve\u010dja je oznaka na datoteki, drobnej\u0161a in mehkej\u0161a je datoteka. Nekatere datoteke imajo me\u0161ane oznake, npr. 80\/100 ali 120\/180, 180\/240 ... To pomeni, na primer za 180\/240, da ima ena stran 180 peska, druga stran pa 240 peska.<\/div>\n<ul>\n<li>80\/80 - razpr\u0161ilec za nohte je v glavnem namenjen tro\u0161enju umetnega materiala z nohtov (odstranjevanje konic). Ima veliko trenje in odstranjuje ve\u010dje povr\u0161ine materiala z nohta.<\/li>\n<li>100\/100 - razpr\u0161ilec za nohte s tak\u0161no kroglico je namenjen predvsem razmazovanju umetnega materiala z nohtov (odstranjevanje konic).<\/li>\n<li>100\/180 - klasi\u010dna gradacija ra\u0161pov je namenjena osnovnemu laj\u0161anju nohtov.<\/li>\n<li>180\/240 - pilica za nohte s tak\u0161no kroglico je namenjena glajenju (matiranju) naravne nohtne plo\u0161\u010de, ob\u010dutljivim naravnim nohtom in kon\u010dnemu oblikovanju akrilnih ali geliranih nohtov.<\/li>\n<\/ul>","protected":false},"excerpt":{"rendered":"<p>Stylistc blok za poliranje 180 dizajniran je za zagla\u0111ivanje i sjaj plo\u010de nokta.\u00a0Koristimo ga prilikom pripreme plo\u010de nokta. Stylistc blok za poliranje 180 osigurava uklanjanje masno\u0107e s plo\u010de nokta i optimalno prijanjanje trajnog laka.\u00a0Nakon skidanja trajnog laka ili uv gela nokat \u010dini glatkim.\u00a0Ne o\u0161te\u0107uje prirodni nokat.\u00a0Nakon uklanjanja kutikule i davanja noktiju odgovaraju\u0107eg oblika i duljine [&hellip;]<\/p>\n","protected":false},"featured_media":16207,"comment_status":"open","ping_status":"closed","template":"","meta":{"_uag_custom_page_level_css":"","site-sidebar-layout":"default","site-content-layout":"default","ast-site-content-layout":"default","site-content-style":"default","site-sidebar-style":"default","ast-global-header-display":"","ast-banner-title-visibility":"","ast-main-header-display":"","ast-hfb-above-header-display":"","ast-hfb-below-header-display":"","ast-hfb-mobile-header-display":"","site-post-title":"","ast-breadcrumbs-content":"","ast-featured-img":"","footer-sml-layout":"","ast-disable-related-posts":"","theme-transparent-header-meta":"default","adv-header-id-meta":"","stick-header-meta":"default","header-above-stick-meta":"","header-main-stick-meta":"","header-below-stick-meta":"","astra-migrate-meta-layouts":"default","ast-page-background-enabled":"default","ast-page-background-meta":{"desktop":{"background-color":"var(--ast-global-color-4)","background-image":"","background-repeat":"repeat","background-position":"center center","background-size":"auto","background-attachment":"scroll","background-type":"","background-media":"","overlay-type":"","overlay-color":"","overlay-opacity":"","overlay-gradient":""},"tablet":{"background-color":"","background-image":"","background-repeat":"repeat","background-position":"center center","background-size":"auto","background-attachment":"scroll","background-type":"","background-media":"","overlay-type":"","overlay-color":"","overlay-opacity":"","overlay-gradient":""},"mobile":{"background-color":"","background-image":"","background-repeat":"repeat","background-position":"center center","background-size":"auto","background-attachment":"scroll","background-type":"","background-media":"","overlay-type":"","overlay-color":"","overlay-opacity":"","overlay-gradient":""}},"ast-content-background-meta":{"desktop":{"background-color":"var(--ast-global-color-5)","background-image":"","background-repeat":"repeat","background-position":"center center","background-size":"auto","background-attachment":"scroll","background-type":"","background-media":"","overlay-type":"","overlay-color":"","overlay-opacity":"","overlay-gradient":""},"tablet":{"background-color":"var(--ast-global-color-5)","background-image":"","background-repeat":"repeat","background-position":"center center","background-size":"auto","background-attachment":"scroll","background-type":"","background-media":"","overlay-type":"","overlay-color":"","overlay-opacity":"","overlay-gradient":""},"mobile":{"background-color":"var(--ast-global-color-5)","background-image":"","background-repeat":"repeat","background-position":"center center","background-size":"auto","background-attachment":"scroll","background-type":"","background-media":"","overlay-type":"","overlay-color":"","overlay-opacity":"","overlay-gradient":""}}},"product_brand":[],"product_cat":[113],"product_tag":[233,232,196,197],"class_list":{"0":"post-16206","1":"product","2":"type-product","3":"status-publish","4":"has-post-thumbnail","6":"product_cat-raspe","7":"product_tag-buffer","8":"product_tag-polir-blok","9":"product_tag-raspa","10":"product_tag-turpija","11":"desktop-align-left","12":"tablet-align-left","13":"mobile-align-left","14":"ast-product-gallery-layout-horizontal-slider","15":"ast-product-gallery-with-no-image","16":"ast-product-tabs-layout-horizontal","18":"first","19":"outofstock","20":"taxable","21":"shipping-taxable","22":"purchasable","23":"product-type-simple"},"yoast_head":"<!-- This site is optimized with the Yoast SEO plugin v27.4 - https:\/\/yoast.com\/product\/yoast-seo-wordpress\/ -->\n<title>Stylistc blok za poliranje 180 &#8902; Mea Via Beauty<\/title>\n<meta name=\"description\" content=\"Stylistc blok za poliranje 180 &#8902; polir blok za nokte &#8902; za zagla\u0111ivanje i sjaj plo\u010de nokta &#8902; top kvaliteta &#8902; dugotrajna &#8902; buffer za poliranje nokta\" \/>\n<meta name=\"robots\" content=\"index, follow, max-snippet:-1, max-image-preview:large, max-video-preview:-1\" \/>\n<link rel=\"canonical\" href=\"https:\/\/www.meavia-mh.hr\/sl\/product\/stylistc-blok-za-poliranje-180\/\" \/>\n<meta property=\"og:locale\" content=\"sl_SI\" \/>\n<meta property=\"og:type\" content=\"article\" \/>\n<meta property=\"og:title\" content=\"Stylistc blok za poliranje 180 &#8902; Mea Via Beauty\" \/>\n<meta property=\"og:description\" content=\"Stylistc blok za poliranje 180 &#8902; polir blok za nokte &#8902; za zagla\u0111ivanje i sjaj plo\u010de nokta &#8902; top kvaliteta &#8902; dugotrajna &#8902; buffer za poliranje nokta\" \/>\n<meta property=\"og:url\" content=\"https:\/\/www.meavia-mh.hr\/sl\/product\/stylistc-blok-za-poliranje-180\/\" \/>\n<meta property=\"og:site_name\" content=\"Mea Via Beauty\" \/>\n<meta property=\"article:publisher\" content=\"https:\/\/www.facebook.com\/MeaViaNailsWorld\" \/>\n<meta property=\"article:modified_time\" content=\"2026-01-24T07:30:57+00:00\" \/>\n<meta property=\"og:image\" content=\"https:\/\/www.meavia-mh.hr\/wp-content\/uploads\/2022\/09\/polir-blok.jpg\" \/>\n\t<meta property=\"og:image:width\" content=\"1610\" \/>\n\t<meta property=\"og:image:height\" content=\"1606\" \/>\n\t<meta property=\"og:image:type\" content=\"image\/jpeg\" \/>\n<meta name=\"twitter:card\" content=\"summary_large_image\" \/>\n<meta name=\"twitter:label1\" content=\"Est. reading time\" \/>\n\t<meta name=\"twitter:data1\" content=\"2 minuti\" \/>\n<script type=\"application\/ld+json\" class=\"yoast-schema-graph\">{\"@context\":\"https:\\\/\\\/schema.org\",\"@graph\":[{\"@type\":\"WebPage\",\"@id\":\"https:\\\/\\\/www.meavia-mh.hr\\\/product\\\/stylistc-blok-za-poliranje-180\\\/\",\"url\":\"https:\\\/\\\/www.meavia-mh.hr\\\/product\\\/stylistc-blok-za-poliranje-180\\\/\",\"name\":\"Stylistc blok za poliranje 180 &#8902; Mea Via Beauty\",\"isPartOf\":{\"@id\":\"https:\\\/\\\/meavia-mh.hr\\\/sl\\\/#website\"},\"primaryImageOfPage\":{\"@id\":\"https:\\\/\\\/www.meavia-mh.hr\\\/product\\\/stylistc-blok-za-poliranje-180\\\/#primaryimage\"},\"image\":{\"@id\":\"https:\\\/\\\/www.meavia-mh.hr\\\/product\\\/stylistc-blok-za-poliranje-180\\\/#primaryimage\"},\"thumbnailUrl\":\"https:\\\/\\\/www.meavia-mh.hr\\\/wp-content\\\/uploads\\\/2022\\\/09\\\/polir-blok.jpg\",\"datePublished\":\"2022-09-20T08:31:31+00:00\",\"dateModified\":\"2026-01-24T07:30:57+00:00\",\"description\":\"Stylistc blok za poliranje 180 &#8902; polir blok za nokte &#8902; za zagla\u0111ivanje i sjaj plo\u010de nokta &#8902; top kvaliteta &#8902; dugotrajna &#8902; buffer za poliranje nokta\",\"breadcrumb\":{\"@id\":\"https:\\\/\\\/www.meavia-mh.hr\\\/product\\\/stylistc-blok-za-poliranje-180\\\/#breadcrumb\"},\"inLanguage\":\"sl-SI\",\"potentialAction\":[{\"@type\":\"ReadAction\",\"target\":[\"https:\\\/\\\/www.meavia-mh.hr\\\/product\\\/stylistc-blok-za-poliranje-180\\\/\"]}]},{\"@type\":\"ImageObject\",\"inLanguage\":\"sl-SI\",\"@id\":\"https:\\\/\\\/www.meavia-mh.hr\\\/product\\\/stylistc-blok-za-poliranje-180\\\/#primaryimage\",\"url\":\"https:\\\/\\\/www.meavia-mh.hr\\\/wp-content\\\/uploads\\\/2022\\\/09\\\/polir-blok.jpg\",\"contentUrl\":\"https:\\\/\\\/www.meavia-mh.hr\\\/wp-content\\\/uploads\\\/2022\\\/09\\\/polir-blok.jpg\",\"width\":1610,\"height\":1606,\"caption\":\"Stylistc blok za poliranje 180\"},{\"@type\":\"BreadcrumbList\",\"@id\":\"https:\\\/\\\/www.meavia-mh.hr\\\/product\\\/stylistc-blok-za-poliranje-180\\\/#breadcrumb\",\"itemListElement\":[{\"@type\":\"ListItem\",\"position\":1,\"name\":\"Po\u010detna stranica\",\"item\":\"https:\\\/\\\/www.meavia-mh.hr\\\/\"},{\"@type\":\"ListItem\",\"position\":2,\"name\":\"Trgovina\",\"item\":\"https:\\\/\\\/meavia-mh.hr\\\/sl\\\/store\\\/\"},{\"@type\":\"ListItem\",\"position\":3,\"name\":\"Stylistc blok za poliranje 180\"}]},{\"@type\":\"WebSite\",\"@id\":\"https:\\\/\\\/meavia-mh.hr\\\/sl\\\/#website\",\"url\":\"https:\\\/\\\/meavia-mh.hr\\\/sl\\\/\",\"name\":\"Mea Via Beauty\",\"description\":\"Only The Best For Your Beauty\",\"publisher\":{\"@id\":\"https:\\\/\\\/meavia-mh.hr\\\/sl\\\/#organization\"},\"alternateName\":\"Mea Via Nails\",\"potentialAction\":[{\"@type\":\"SearchAction\",\"target\":{\"@type\":\"EntryPoint\",\"urlTemplate\":\"https:\\\/\\\/meavia-mh.hr\\\/sl\\\/?s={search_term_string}\"},\"query-input\":{\"@type\":\"PropertyValueSpecification\",\"valueRequired\":true,\"valueName\":\"search_term_string\"}}],\"inLanguage\":\"sl-SI\"},{\"@type\":\"Organization\",\"@id\":\"https:\\\/\\\/meavia-mh.hr\\\/sl\\\/#organization\",\"name\":\"Mea Via Nails World\",\"alternateName\":\"Mea Via\",\"url\":\"https:\\\/\\\/meavia-mh.hr\\\/sl\\\/\",\"logo\":{\"@type\":\"ImageObject\",\"inLanguage\":\"sl-SI\",\"@id\":\"https:\\\/\\\/meavia-mh.hr\\\/sl\\\/#\\\/schema\\\/logo\\\/image\\\/\",\"url\":\"https:\\\/\\\/www.meavia-mh.hr\\\/wp-content\\\/uploads\\\/2020\\\/12\\\/Mea-Via.png\",\"contentUrl\":\"https:\\\/\\\/www.meavia-mh.hr\\\/wp-content\\\/uploads\\\/2020\\\/12\\\/Mea-Via.png\",\"width\":1181,\"height\":393,\"caption\":\"Mea Via Nails World\"},\"image\":{\"@id\":\"https:\\\/\\\/meavia-mh.hr\\\/sl\\\/#\\\/schema\\\/logo\\\/image\\\/\"},\"sameAs\":[\"https:\\\/\\\/www.facebook.com\\\/MeaViaNailsWorld\",\"https:\\\/\\\/www.instagram.com\\\/mea_via_nails_world\\\/\",\"https:\\\/\\\/www.youtube.com\\\/channel\\\/UCECk0hpRWP6TN-EfA4ER96g\\\/featured\"]}]}<\/script>\n<!-- \/ Yoast SEO plugin. -->","yoast_head_json":{"title":"Stylistc blok za poliranje 180 &#8902; Mea Via Beauty","description":"Stylistc blok za poliranje 180 &#8902; polir blok za nokte &#8902; za zagla\u0111ivanje i sjaj plo\u010de nokta &#8902; top kvaliteta &#8902; dugotrajna &#8902; buffer za poliranje nokta","robots":{"index":"index","follow":"follow","max-snippet":"max-snippet:-1","max-image-preview":"max-image-preview:large","max-video-preview":"max-video-preview:-1"},"canonical":"https:\/\/www.meavia-mh.hr\/sl\/product\/stylistc-blok-za-poliranje-180\/","og_locale":"sl_SI","og_type":"article","og_title":"Stylistc blok za poliranje 180 &#8902; Mea Via Beauty","og_description":"Stylistc blok za poliranje 180 &#8902; polir blok za nokte &#8902; za zagla\u0111ivanje i sjaj plo\u010de nokta &#8902; top kvaliteta &#8902; dugotrajna &#8902; buffer za poliranje nokta","og_url":"https:\/\/www.meavia-mh.hr\/sl\/product\/stylistc-blok-za-poliranje-180\/","og_site_name":"Mea Via Beauty","article_publisher":"https:\/\/www.facebook.com\/MeaViaNailsWorld","article_modified_time":"2026-01-24T07:30:57+00:00","og_image":[{"width":1610,"height":1606,"url":"https:\/\/www.meavia-mh.hr\/wp-content\/uploads\/2022\/09\/polir-blok.jpg","type":"image\/jpeg"}],"twitter_card":"summary_large_image","twitter_misc":{"Est. reading time":"2 minuti"},"schema":{"@context":"https:\/\/schema.org","@graph":[{"@type":"WebPage","@id":"https:\/\/www.meavia-mh.hr\/product\/stylistc-blok-za-poliranje-180\/","url":"https:\/\/www.meavia-mh.hr\/product\/stylistc-blok-za-poliranje-180\/","name":"Stylistc blok za poliranje 180 &#8902; Mea Via Beauty","isPartOf":{"@id":"https:\/\/meavia-mh.hr\/sl\/#website"},"primaryImageOfPage":{"@id":"https:\/\/www.meavia-mh.hr\/product\/stylistc-blok-za-poliranje-180\/#primaryimage"},"image":{"@id":"https:\/\/www.meavia-mh.hr\/product\/stylistc-blok-za-poliranje-180\/#primaryimage"},"thumbnailUrl":"https:\/\/www.meavia-mh.hr\/wp-content\/uploads\/2022\/09\/polir-blok.jpg","datePublished":"2022-09-20T08:31:31+00:00","dateModified":"2026-01-24T07:30:57+00:00","description":"Stylistc blok za poliranje 180 &#8902; polir blok za nokte &#8902; za zagla\u0111ivanje i sjaj plo\u010de nokta &#8902; top kvaliteta &#8902; dugotrajna &#8902; buffer za poliranje nokta","breadcrumb":{"@id":"https:\/\/www.meavia-mh.hr\/product\/stylistc-blok-za-poliranje-180\/#breadcrumb"},"inLanguage":"sl-SI","potentialAction":[{"@type":"ReadAction","target":["https:\/\/www.meavia-mh.hr\/product\/stylistc-blok-za-poliranje-180\/"]}]},{"@type":"ImageObject","inLanguage":"sl-SI","@id":"https:\/\/www.meavia-mh.hr\/product\/stylistc-blok-za-poliranje-180\/#primaryimage","url":"https:\/\/www.meavia-mh.hr\/wp-content\/uploads\/2022\/09\/polir-blok.jpg","contentUrl":"https:\/\/www.meavia-mh.hr\/wp-content\/uploads\/2022\/09\/polir-blok.jpg","width":1610,"height":1606,"caption":"Stylistc blok za poliranje 180"},{"@type":"BreadcrumbList","@id":"https:\/\/www.meavia-mh.hr\/product\/stylistc-blok-za-poliranje-180\/#breadcrumb","itemListElement":[{"@type":"ListItem","position":1,"name":"Po\u010detna stranica","item":"https:\/\/www.meavia-mh.hr\/"},{"@type":"ListItem","position":2,"name":"Trgovina","item":"https:\/\/meavia-mh.hr\/sl\/store\/"},{"@type":"ListItem","position":3,"name":"Stylistc blok za poliranje 180"}]},{"@type":"WebSite","@id":"https:\/\/meavia-mh.hr\/sl\/#website","url":"https:\/\/meavia-mh.hr\/sl\/","name":"MEA VIA BEAUTY","description":"Only The Best For Your Beauty","publisher":{"@id":"https:\/\/meavia-mh.hr\/sl\/#organization"},"alternateName":"Mea Via Nails","potentialAction":[{"@type":"SearchAction","target":{"@type":"EntryPoint","urlTemplate":"https:\/\/meavia-mh.hr\/sl\/?s={search_term_string}"},"query-input":{"@type":"PropertyValueSpecification","valueRequired":true,"valueName":"search_term_string"}}],"inLanguage":"sl-SI"},{"@type":"Organization","@id":"https:\/\/meavia-mh.hr\/sl\/#organization","name":"Mea Via Nails World","alternateName":"Mea Via","url":"https:\/\/meavia-mh.hr\/sl\/","logo":{"@type":"ImageObject","inLanguage":"sl-SI","@id":"https:\/\/meavia-mh.hr\/sl\/#\/schema\/logo\/image\/","url":"https:\/\/www.meavia-mh.hr\/wp-content\/uploads\/2020\/12\/Mea-Via.png","contentUrl":"https:\/\/www.meavia-mh.hr\/wp-content\/uploads\/2020\/12\/Mea-Via.png","width":1181,"height":393,"caption":"Mea Via Nails World"},"image":{"@id":"https:\/\/meavia-mh.hr\/sl\/#\/schema\/logo\/image\/"},"sameAs":["https:\/\/www.facebook.com\/MeaViaNailsWorld","https:\/\/www.instagram.com\/mea_via_nails_world\/","https:\/\/www.youtube.com\/channel\/UCECk0hpRWP6TN-EfA4ER96g\/featured"]}]}},"spectra_custom_meta":{"_sku":["5903819811872"],"_regular_price":["0.93"],"total_sales":["64"],"_tax_status":["taxable"],"_tax_class":[""],"_manage_stock":["yes"],"_backorders":["no"],"_sold_individually":["no"],"_virtual":["no"],"_downloadable":["no"],"_download_limit":["-1"],"_download_expiry":["-1"],"_thumbnail_id":["16207"],"_stock":["0"],"_stock_status":["outofstock"],"_wc_average_rating":["0"],"_wc_review_count":["0"],"_product_version":["10.4.3"],"_price":["0.93"],"_wp_page_template":["default"],"_yoast_wpseo_focuskw":["Stylistic ra\u0161pa Buffer (polir blok) 4 color"],"_yoast_wpseo_metadesc":["%%title%% %%sep%% polir blok za nokte %%sep%% za zagla\u0111ivanje i sjaj plo\u010de nokta %%sep%% top kvaliteta %%sep%% dugotrajna %%sep%% buffer za poliranje nokta"],"_yoast_wpseo_linkdex":["56"],"_yoast_wpseo_content_score":["90"],"site-sidebar-layout":["default"],"site-content-layout":["default"],"theme-transparent-header-meta":["default"],"stick-header-meta":["default"],"_yoast_wpseo_primary_product_cat":["113"],"_woocs_price_geo_countries":[""],"_woocs_regular_price_geo":[""],"_woocs_sale_price_geo":[""],"_yoast_wpseo_estimated-reading-time-minutes":["2"],"_edit_lock":["1663665447:1"],"_edit_last":["1"],"_yoast_wpseo_wordproof_timestamp":[""],"cartflows_redirect_flow_id":[""],"cartflows_add_to_cart_text":[""],"_woocs_regular_price_EUR":["-1"],"_woocs_sale_price_EUR":["-1"],"_lowest_price_30_days":["0.93"],"uag_migration_processed":["1"],"_elementor_page_assets":["a:0:{}"],"_uag_page_assets":["a:9:{s:3:\"css\";s:0:\"\";s:2:\"js\";s:0:\"\";s:18:\"current_block_list\";a:3:{i:0;s:11:\"core\/search\";i:1;s:18:\"core\/legacy-widget\";i:2;s:27:\"woocommerce\/product-filters\";}s:8:\"uag_flag\";b:0;s:11:\"uag_version\";s:10:\"1776403924\";s:6:\"gfonts\";a:0:{}s:10:\"gfonts_url\";s:0:\"\";s:12:\"gfonts_files\";a:0:{}s:14:\"uag_faq_layout\";b:0;}"]},"uagb_featured_image_src":{"full":["https:\/\/www.meavia-mh.hr\/wp-content\/uploads\/2022\/09\/polir-blok.jpg",1610,1606,false],"thumbnail":["https:\/\/www.meavia-mh.hr\/wp-content\/uploads\/2022\/09\/polir-blok-150x150.jpg",150,150,true],"medium":["https:\/\/www.meavia-mh.hr\/wp-content\/uploads\/2022\/09\/polir-blok-300x300.jpg",300,300,true],"medium_large":["https:\/\/www.meavia-mh.hr\/wp-content\/uploads\/2022\/09\/polir-blok-768x766.jpg",768,766,true],"large":["https:\/\/www.meavia-mh.hr\/wp-content\/uploads\/2022\/09\/polir-blok-1024x1021.jpg",1024,1021,true],"1536x1536":["https:\/\/www.meavia-mh.hr\/wp-content\/uploads\/2022\/09\/polir-blok-1536x1532.jpg",1536,1532,true],"2048x2048":["https:\/\/www.meavia-mh.hr\/wp-content\/uploads\/2022\/09\/polir-blok.jpg",1610,1606,false],"trp-custom-language-flag":["https:\/\/www.meavia-mh.hr\/wp-content\/uploads\/2022\/09\/polir-blok-12x12.jpg",12,12,true],"woocommerce_thumbnail":["https:\/\/www.meavia-mh.hr\/wp-content\/uploads\/2022\/09\/polir-blok-300x300.jpg",300,300,true],"woocommerce_single":["https:\/\/www.meavia-mh.hr\/wp-content\/uploads\/2022\/09\/polir-blok-600x599.jpg",600,599,true],"woocommerce_gallery_thumbnail":["https:\/\/www.meavia-mh.hr\/wp-content\/uploads\/2022\/09\/polir-blok-100x100.jpg",100,100,true]},"uagb_author_info":{"display_name":"Mea Via","author_link":"https:\/\/www.meavia-mh.hr\/sl\/author\/"},"uagb_comment_info":0,"uagb_excerpt":"Stylistc blok za poliranje 180 dizajniran je za zagla\u0111ivanje i sjaj plo\u010de nokta.\u00a0Koristimo ga prilikom pripreme plo\u010de nokta. Stylistc blok za poliranje 180 osigurava uklanjanje masno\u0107e s plo\u010de nokta i optimalno prijanjanje trajnog laka.\u00a0Nakon skidanja trajnog laka ili uv gela nokat \u010dini glatkim.\u00a0Ne o\u0161te\u0107uje prirodni nokat.\u00a0Nakon uklanjanja kutikule i davanja noktiju odgovaraju\u0107eg oblika i duljine&hellip;","_links":{"self":[{"href":"https:\/\/www.meavia-mh.hr\/sl\/wp-json\/wp\/v2\/product\/16206","targetHints":{"allow":["GET"]}}],"collection":[{"href":"https:\/\/www.meavia-mh.hr\/sl\/wp-json\/wp\/v2\/product"}],"about":[{"href":"https:\/\/www.meavia-mh.hr\/sl\/wp-json\/wp\/v2\/types\/product"}],"replies":[{"embeddable":true,"href":"https:\/\/www.meavia-mh.hr\/sl\/wp-json\/wp\/v2\/comments?post=16206"}],"version-history":[{"count":1,"href":"https:\/\/www.meavia-mh.hr\/sl\/wp-json\/wp\/v2\/product\/16206\/revisions"}],"predecessor-version":[{"id":30642,"href":"https:\/\/www.meavia-mh.hr\/sl\/wp-json\/wp\/v2\/product\/16206\/revisions\/30642"}],"wp:featuredmedia":[{"embeddable":true,"href":"https:\/\/www.meavia-mh.hr\/sl\/wp-json\/wp\/v2\/media\/16207"}],"wp:attachment":[{"href":"https:\/\/www.meavia-mh.hr\/sl\/wp-json\/wp\/v2\/media?parent=16206"}],"wp:term":[{"taxonomy":"product_brand","embeddable":true,"href":"https:\/\/www.meavia-mh.hr\/sl\/wp-json\/wp\/v2\/product_brand?post=16206"},{"taxonomy":"product_cat","embeddable":true,"href":"https:\/\/www.meavia-mh.hr\/sl\/wp-json\/wp\/v2\/product_cat?post=16206"},{"taxonomy":"product_tag","embeddable":true,"href":"https:\/\/www.meavia-mh.hr\/sl\/wp-json\/wp\/v2\/product_tag?post=16206"}],"curies":[{"name":"delovni list","href":"https:\/\/api.w.org\/{rel}","templated":true}]}}