{"id":16019,"date":"2022-09-10T14:06:55","date_gmt":"2022-09-10T14:06:55","guid":{"rendered":"https:\/\/www.meavia-mh.hr\/?post_type=product&#038;p=16019"},"modified":"2026-01-29T23:36:28","modified_gmt":"2026-01-29T22:36:28","slug":"claresa-krema-za-kutikulu-cherry","status":"publish","type":"product","link":"https:\/\/www.meavia-mh.hr\/sl\/product\/claresa-krema-za-kutikulu-cherry\/","title":{"rendered":"Claresa krema za obnohtno ko\u017eico Cherry"},"content":{"rendered":"<p><span class=\"\"><span class=\"goog-text-highlight\">Kako skrbeti za obnohtno ko\u017eico, da bo dobro navla\u017eena, negovana in ne bo pokala? <\/span>Skrb zanje sploh ni skrivnost! Ko\u017ea, tako kot celotno telo, potrebuje redno nego. Ko je obnohtna ko\u017eica izpostavljena \u0161kodljivim zunanjim vplivom, detergentom, pralnim sredstvom in podobnim sredstvom, se hitreje su\u0161i in izrablja. Na pomo\u010d prisko\u010dijo sadne kreme\u00a0<strong>za nego obnohtne ko\u017eice in nohtov<\/strong> ki odli\u010dno navla\u017eijo, meh\u010dajo in \u0161\u010ditijo obnohtno ko\u017eico pred izsu\u0161itvijo. Obogatena z olji grozdnih pe\u0161k, ricinusovim oljem in karitejevim maslom, sadne kreme iz linije <strong>Kos sadja<\/strong>\u00a0odli\u010dno negujejo in gladijo obnohtno ko\u017eico. <strong>Claresa krema za obnohtno ko\u017eico Cherry<\/strong> z aromati\u010dnim vonjem \u010de\u0161nje je ustvarjen za ljubitelje intenzivnih, sadnih arom, ob katerih se boste po\u010dutili kot v \u010de\u0161njevem nasadu, polnem so\u010dnih sade\u017eev in \u010dudovitih cvetov.<\/span><\/p>\n<figure id=\"attachment_15998\" aria-describedby=\"caption-attachment-15998\" style=\"width: 1024px\" class=\"wp-caption aligncenter\"><a href=\"https:\/\/www.meavia-mh.hr\/wp-content\/uploads\/2022\/09\/46.jpg\"><img fetchpriority=\"high\" decoding=\"async\" class=\"wp-image-15998 size-large\" src=\"https:\/\/www.meavia-mh.hr\/wp-content\/uploads\/2022\/09\/46-1024x395.jpg\" alt=\"Claresa krema za kutikulu Cherry, Stawberry i Pineapple \" width=\"1024\" height=\"395\" srcset=\"https:\/\/www.meavia-mh.hr\/wp-content\/uploads\/2022\/09\/46-1024x395.jpg 1024w, https:\/\/www.meavia-mh.hr\/wp-content\/uploads\/2022\/09\/46-300x116.jpg 300w, https:\/\/www.meavia-mh.hr\/wp-content\/uploads\/2022\/09\/46-768x296.jpg 768w, https:\/\/www.meavia-mh.hr\/wp-content\/uploads\/2022\/09\/46-1536x592.jpg 1536w, https:\/\/www.meavia-mh.hr\/wp-content\/uploads\/2022\/09\/46-2048x789.jpg 2048w, https:\/\/www.meavia-mh.hr\/wp-content\/uploads\/2022\/09\/46-18x7.jpg 18w, https:\/\/www.meavia-mh.hr\/wp-content\/uploads\/2022\/09\/46-600x231.jpg 600w\" sizes=\"(max-width: 1024px) 100vw, 1024px\" \/><\/a><figcaption id=\"caption-attachment-15998\" class=\"wp-caption-text\">Claresa krema za obnohtno ko\u017eico \u010de\u0161nja, jagoda in ananas<\/figcaption><\/figure>\n<p>Linija izdelkov <strong>kos sadja,<\/strong>\u00a0ki jih zajema <strong>olje za obnohtno ko\u017eico<\/strong> <a href=\"https:\/\/www.meavia-mh.hr\/sl\/product\/claresa-ulje-za-kutikulu-strawberry\/\">Jagode<\/a> in <a href=\"https:\/\/www.meavia-mh.hr\/sl\/product\/claresa-ulje-za-kutikulu-mango\/\">Mango<\/a> in <strong>kreme za obnohtno ko\u017eico<\/strong> jagoda, <a href=\"https:\/\/www.meavia-mh.hr\/sl\/product\/claresa-krema-za-kutikulu-cherry\/\">\u010ce\u0161nja<\/a> in Ananas, so nenadomestljiv zaklju\u010dek vsake stilizacije nohtov ter popolna nega nenalakiranih nohtov.<\/p>\n<h6>Hranilne in kreme za nego nohtov<\/h6>\n<p>\u010ce je obnohtna ko\u017eica okoli va\u0161ih nohtov iz razli\u010dnih razlogov izjemno suha in nagnjena k bole\u010demu pokanju, potrebujete kozmetiko za posebne naloge. Krema za obnohtno ko\u017eico, ki je sestavljena iz bogate sestave olja grozdnih pe\u0161k, ricinusovega olja in karitejevega masla, je ena izmed njih. Edinstvena me\u0161anica zdravih sadnih sestavin intenzivno vla\u017ei, regenerira in gladi obnohtno ko\u017eico. Krema vsebuje \u0161tevilne najpomembnej\u0161e hranilne snovi, ki naredijo ko\u017eo elasti\u010dno in ustvarijo naraven za\u0161\u010ditni film, zaradi \u010desar je predel nohtov bolj odporen proti po\u0161kodbam.<\/p>\n<p><span class=\"\">Popolna hidracija, popolna regeneracija in \u010dudovit vonj, v katerega se boste zaljubili \u017ee ob prvem nanosu! <\/span><strong><span class=\"\">Vsako lepo oblikovanje nohtov se za\u010dne z negovano ko\u017eo rok<\/span><\/strong> - zato je vla\u017eilna krema nujno potreben izdelek v va\u0161i kozmeti\u010dni torbici.<\/p>\n<h6>Za \u0161e bolj\u0161o nego je Claresa krema za obnohtno ko\u017eico \u010ce\u0161nja obogatena z:<\/h6>\n<p><span class=\"\">\u2022 olje grozdnih pe\u0161k \u2013 ima mo\u010dne za\u0161\u010ditne lastnosti, neguje, naredi ko\u017eo gladko in mehko;<br \/>\n\u2022 ricinusovo olje \u2013 neguje, meh\u010da in gladi, krepi nohtno plo\u0161\u010do, naredi nohte lepe in sijo\u010de;<br \/>\n\u2022 Karitejevo maslo \u2013 ne\u017eno razvaja, \u0161\u010diti pred izsu\u0161itvijo, meh\u010da in gladi<\/span><\/p>\n<h6>Sestava:<\/h6>\n<p>Aqua, olje semen Vitis Vinifera, se\u010dnina, olje semen Ricinus Communis, cetearil alkohol, maslo Butyrospermum Parkii, glicerin, ceteareth-25, parfum, natrijev laktat, sorbitan seskvioleat, tokoferil acetat, fenoksietanol, magnezijev sulfat, etilheksilglicerin, citronska kislina, limonen, Amil cinamal, cinamal, evgenol, benzil benzoat.<\/p>\n<h6><strong>Komu je krema namenjena?<\/strong><\/h6>\n<p>Za vsako \u017eensko, ki obo\u017euje \u010dutne, spodbudne vonjave in \u017eeli negovati obnohtno ko\u017eico in nohte.<\/p>\n<h6><strong>Zna\u010dilnosti:\u00a0<\/strong><\/h6>\n<ul>\n<li>Pomaga gladiti in nahraniti obmo\u010dje okoli nohta.<\/li>\n<li>Pozitivno vpliva na regeneracijo nohtne matrice, zaradi \u010desar je nohtna plo\u0161\u010da mo\u010dnej\u0161a in manj dovzetna za po\u0161kodbe.<\/li>\n<li>\u00a0Uporabite takoj po manikuri in v vsakodnevnem ritualu nege.<\/li>\n<\/ul>\n<h6><strong>Lastnosti izdelka:<\/strong><\/h6>\n<ul>\n<li>Eleganten in dolgo obstojen vonj<\/li>\n<li>Formula za nego<\/li>\n<li>Enostaven nanos<\/li>\n<\/ul>\n<h6>Pakiranje: 13 g<\/h6>\n<h6>Kako uporabiti:<\/h6>\n<p><span class=\"\">Majhno koli\u010dino nanesite na ko\u017eo okoli nohtov, masirajte, dokler se ne vpije. <\/span>Ne pozabite biti redni za najbolj\u0161e rezultate. <span class=\"\">Za intenzivno vla\u017eenje obilno nanesite na obnohtno ko\u017eico, nadenite bomba\u017ene rokavice in pustite na rokah \u010dez no\u010d.<\/span><\/p>","protected":false},"excerpt":{"rendered":"<p><a href=\"https:\/\/www.meavia-mh.hr\/wp-content\/uploads\/2022\/07\/1-3.jpg\"><img decoding=\"async\" class=\"alignnone size-thumbnail wp-image-14687\" src=\"https:\/\/www.meavia-mh.hr\/wp-content\/uploads\/2022\/07\/1-3-150x150.jpg\" alt=\"Dermatologically tested\" width=\"150\" height=\"150\" srcset=\"https:\/\/www.meavia-mh.hr\/wp-content\/uploads\/2022\/07\/1-3-150x150.jpg 150w, https:\/\/www.meavia-mh.hr\/wp-content\/uploads\/2022\/07\/1-3-300x300.jpg 300w, https:\/\/www.meavia-mh.hr\/wp-content\/uploads\/2022\/07\/1-3-1024x1024.jpg 1024w, https:\/\/www.meavia-mh.hr\/wp-content\/uploads\/2022\/07\/1-3-768x768.jpg 768w, https:\/\/www.meavia-mh.hr\/wp-content\/uploads\/2022\/07\/1-3-12x12.jpg 12w, https:\/\/www.meavia-mh.hr\/wp-content\/uploads\/2022\/07\/1-3-600x600.jpg 600w, https:\/\/www.meavia-mh.hr\/wp-content\/uploads\/2022\/07\/1-3-100x100.jpg 100w, https:\/\/www.meavia-mh.hr\/wp-content\/uploads\/2022\/07\/1-3.jpg 1080w\" sizes=\"(max-width: 150px) 100vw, 150px\" \/><\/a><\/p>","protected":false},"featured_media":16011,"comment_status":"open","ping_status":"closed","template":"","meta":{"_uag_custom_page_level_css":"","site-sidebar-layout":"default","site-content-layout":"default","ast-site-content-layout":"default","site-content-style":"default","site-sidebar-style":"default","ast-global-header-display":"","ast-banner-title-visibility":"","ast-main-header-display":"","ast-hfb-above-header-display":"","ast-hfb-below-header-display":"","ast-hfb-mobile-header-display":"","site-post-title":"","ast-breadcrumbs-content":"","ast-featured-img":"","footer-sml-layout":"","ast-disable-related-posts":"","theme-transparent-header-meta":"default","adv-header-id-meta":"","stick-header-meta":"default","header-above-stick-meta":"","header-main-stick-meta":"","header-below-stick-meta":"","astra-migrate-meta-layouts":"default","ast-page-background-enabled":"default","ast-page-background-meta":{"desktop":{"background-color":"var(--ast-global-color-4)","background-image":"","background-repeat":"repeat","background-position":"center center","background-size":"auto","background-attachment":"scroll","background-type":"","background-media":"","overlay-type":"","overlay-color":"","overlay-opacity":"","overlay-gradient":""},"tablet":{"background-color":"","background-image":"","background-repeat":"repeat","background-position":"center center","background-size":"auto","background-attachment":"scroll","background-type":"","background-media":"","overlay-type":"","overlay-color":"","overlay-opacity":"","overlay-gradient":""},"mobile":{"background-color":"","background-image":"","background-repeat":"repeat","background-position":"center center","background-size":"auto","background-attachment":"scroll","background-type":"","background-media":"","overlay-type":"","overlay-color":"","overlay-opacity":"","overlay-gradient":""}},"ast-content-background-meta":{"desktop":{"background-color":"var(--ast-global-color-5)","background-image":"","background-repeat":"repeat","background-position":"center center","background-size":"auto","background-attachment":"scroll","background-type":"","background-media":"","overlay-type":"","overlay-color":"","overlay-opacity":"","overlay-gradient":""},"tablet":{"background-color":"var(--ast-global-color-5)","background-image":"","background-repeat":"repeat","background-position":"center center","background-size":"auto","background-attachment":"scroll","background-type":"","background-media":"","overlay-type":"","overlay-color":"","overlay-opacity":"","overlay-gradient":""},"mobile":{"background-color":"var(--ast-global-color-5)","background-image":"","background-repeat":"repeat","background-position":"center center","background-size":"auto","background-attachment":"scroll","background-type":"","background-media":"","overlay-type":"","overlay-color":"","overlay-opacity":"","overlay-gradient":""}}},"product_brand":[607],"product_cat":[534,118],"product_tag":[440,243],"class_list":{"0":"post-16019","1":"product","2":"type-product","3":"status-publish","4":"has-post-thumbnail","6":"product_brand-claresa","7":"product_cat-claresa","8":"product_cat-njegu-ruku-i-nogu","9":"product_tag-krema-za-kutikulu","10":"product_tag-krema-za-ruke","11":"desktop-align-left","12":"tablet-align-left","13":"mobile-align-left","14":"ast-product-gallery-layout-horizontal-slider","15":"ast-product-tabs-layout-horizontal","17":"first","18":"outofstock","19":"taxable","20":"shipping-taxable","21":"purchasable","22":"product-type-simple"},"yoast_head":"<!-- This site is optimized with the Yoast SEO plugin v27.4 - https:\/\/yoast.com\/product\/yoast-seo-wordpress\/ -->\n<title>Claresa krema za kutikulu Cherry &#8902; Mea Via Beauty<\/title>\n<meta name=\"description\" content=\"Claresa krema za kutikulu Cherry &#8902; hidratantna krema za zanoktice &#8902; vrhunska kvaliteta &#8902; oboga\u0107eno hranjivim sastojcima &#8902; njeguje i \u0161titi nokte\" \/>\n<meta name=\"robots\" content=\"index, follow, max-snippet:-1, max-image-preview:large, max-video-preview:-1\" \/>\n<link rel=\"canonical\" href=\"https:\/\/www.meavia-mh.hr\/sl\/product\/claresa-krema-za-kutikulu-cherry\/\" \/>\n<meta property=\"og:locale\" content=\"sl_SI\" \/>\n<meta property=\"og:type\" content=\"article\" \/>\n<meta property=\"og:title\" content=\"Claresa krema za kutikulu Cherry &#8902; Mea Via Beauty\" \/>\n<meta property=\"og:description\" content=\"Claresa krema za kutikulu Cherry &#8902; hidratantna krema za zanoktice &#8902; vrhunska kvaliteta &#8902; oboga\u0107eno hranjivim sastojcima &#8902; njeguje i \u0161titi nokte\" \/>\n<meta property=\"og:url\" content=\"https:\/\/www.meavia-mh.hr\/sl\/product\/claresa-krema-za-kutikulu-cherry\/\" \/>\n<meta property=\"og:site_name\" content=\"Mea Via Beauty\" \/>\n<meta property=\"article:publisher\" content=\"https:\/\/www.facebook.com\/MeaViaNailsWorld\" \/>\n<meta property=\"article:modified_time\" content=\"2026-01-29T22:36:28+00:00\" \/>\n<meta property=\"og:image\" content=\"https:\/\/www.meavia-mh.hr\/wp-content\/uploads\/2022\/09\/Cuticle_butter_cherry_1500x1500.jpg\" \/>\n\t<meta property=\"og:image:width\" content=\"1500\" \/>\n\t<meta property=\"og:image:height\" content=\"1500\" \/>\n\t<meta property=\"og:image:type\" content=\"image\/jpeg\" \/>\n<meta name=\"twitter:card\" content=\"summary_large_image\" \/>\n<meta name=\"twitter:label1\" content=\"Est. reading time\" \/>\n\t<meta name=\"twitter:data1\" content=\"3 minute\" \/>\n<script type=\"application\/ld+json\" class=\"yoast-schema-graph\">{\"@context\":\"https:\\\/\\\/schema.org\",\"@graph\":[{\"@type\":\"WebPage\",\"@id\":\"https:\\\/\\\/www.meavia-mh.hr\\\/product\\\/claresa-krema-za-kutikulu-cherry\\\/\",\"url\":\"https:\\\/\\\/www.meavia-mh.hr\\\/product\\\/claresa-krema-za-kutikulu-cherry\\\/\",\"name\":\"Claresa krema za kutikulu Cherry &#8902; Mea Via Beauty\",\"isPartOf\":{\"@id\":\"https:\\\/\\\/meavia-mh.hr\\\/sl\\\/#website\"},\"primaryImageOfPage\":{\"@id\":\"https:\\\/\\\/www.meavia-mh.hr\\\/product\\\/claresa-krema-za-kutikulu-cherry\\\/#primaryimage\"},\"image\":{\"@id\":\"https:\\\/\\\/www.meavia-mh.hr\\\/product\\\/claresa-krema-za-kutikulu-cherry\\\/#primaryimage\"},\"thumbnailUrl\":\"https:\\\/\\\/www.meavia-mh.hr\\\/wp-content\\\/uploads\\\/2022\\\/09\\\/Cuticle_butter_cherry_1500x1500.jpg\",\"datePublished\":\"2022-09-10T14:06:55+00:00\",\"dateModified\":\"2026-01-29T22:36:28+00:00\",\"description\":\"Claresa krema za kutikulu Cherry &#8902; hidratantna krema za zanoktice &#8902; vrhunska kvaliteta &#8902; oboga\u0107eno hranjivim sastojcima &#8902; njeguje i \u0161titi nokte\",\"breadcrumb\":{\"@id\":\"https:\\\/\\\/www.meavia-mh.hr\\\/product\\\/claresa-krema-za-kutikulu-cherry\\\/#breadcrumb\"},\"inLanguage\":\"sl-SI\",\"potentialAction\":[{\"@type\":\"ReadAction\",\"target\":[\"https:\\\/\\\/www.meavia-mh.hr\\\/product\\\/claresa-krema-za-kutikulu-cherry\\\/\"]}]},{\"@type\":\"ImageObject\",\"inLanguage\":\"sl-SI\",\"@id\":\"https:\\\/\\\/www.meavia-mh.hr\\\/product\\\/claresa-krema-za-kutikulu-cherry\\\/#primaryimage\",\"url\":\"https:\\\/\\\/www.meavia-mh.hr\\\/wp-content\\\/uploads\\\/2022\\\/09\\\/Cuticle_butter_cherry_1500x1500.jpg\",\"contentUrl\":\"https:\\\/\\\/www.meavia-mh.hr\\\/wp-content\\\/uploads\\\/2022\\\/09\\\/Cuticle_butter_cherry_1500x1500.jpg\",\"width\":1500,\"height\":1500,\"caption\":\"Claresa krema za kutikulu Cherry\"},{\"@type\":\"BreadcrumbList\",\"@id\":\"https:\\\/\\\/www.meavia-mh.hr\\\/product\\\/claresa-krema-za-kutikulu-cherry\\\/#breadcrumb\",\"itemListElement\":[{\"@type\":\"ListItem\",\"position\":1,\"name\":\"Po\u010detna stranica\",\"item\":\"https:\\\/\\\/www.meavia-mh.hr\\\/\"},{\"@type\":\"ListItem\",\"position\":2,\"name\":\"Trgovina\",\"item\":\"https:\\\/\\\/meavia-mh.hr\\\/sl\\\/store\\\/\"},{\"@type\":\"ListItem\",\"position\":3,\"name\":\"Claresa krema za kutikulu Cherry\"}]},{\"@type\":\"WebSite\",\"@id\":\"https:\\\/\\\/meavia-mh.hr\\\/sl\\\/#website\",\"url\":\"https:\\\/\\\/meavia-mh.hr\\\/sl\\\/\",\"name\":\"Mea Via Beauty\",\"description\":\"Only The Best For Your Beauty\",\"publisher\":{\"@id\":\"https:\\\/\\\/meavia-mh.hr\\\/sl\\\/#organization\"},\"alternateName\":\"Mea Via Nails\",\"potentialAction\":[{\"@type\":\"SearchAction\",\"target\":{\"@type\":\"EntryPoint\",\"urlTemplate\":\"https:\\\/\\\/meavia-mh.hr\\\/sl\\\/?s={search_term_string}\"},\"query-input\":{\"@type\":\"PropertyValueSpecification\",\"valueRequired\":true,\"valueName\":\"search_term_string\"}}],\"inLanguage\":\"sl-SI\"},{\"@type\":\"Organization\",\"@id\":\"https:\\\/\\\/meavia-mh.hr\\\/sl\\\/#organization\",\"name\":\"Mea Via Nails World\",\"alternateName\":\"Mea Via\",\"url\":\"https:\\\/\\\/meavia-mh.hr\\\/sl\\\/\",\"logo\":{\"@type\":\"ImageObject\",\"inLanguage\":\"sl-SI\",\"@id\":\"https:\\\/\\\/meavia-mh.hr\\\/sl\\\/#\\\/schema\\\/logo\\\/image\\\/\",\"url\":\"https:\\\/\\\/www.meavia-mh.hr\\\/wp-content\\\/uploads\\\/2020\\\/12\\\/Mea-Via.png\",\"contentUrl\":\"https:\\\/\\\/www.meavia-mh.hr\\\/wp-content\\\/uploads\\\/2020\\\/12\\\/Mea-Via.png\",\"width\":1181,\"height\":393,\"caption\":\"Mea Via Nails World\"},\"image\":{\"@id\":\"https:\\\/\\\/meavia-mh.hr\\\/sl\\\/#\\\/schema\\\/logo\\\/image\\\/\"},\"sameAs\":[\"https:\\\/\\\/www.facebook.com\\\/MeaViaNailsWorld\",\"https:\\\/\\\/www.instagram.com\\\/mea_via_nails_world\\\/\",\"https:\\\/\\\/www.youtube.com\\\/channel\\\/UCECk0hpRWP6TN-EfA4ER96g\\\/featured\"]}]}<\/script>\n<!-- \/ Yoast SEO plugin. -->","yoast_head_json":{"title":"Claresa krema za obnohtno ko\u017eico z vonjem \u010de\u0161nje \u22c6 Mea Via Beauty","description":"Claresa krema za obnohtno ko\u017eico \u010ce\u0161nja \u22c6 vla\u017eilna krema za obnohtno ko\u017eico \u22c6 vrhunska kakovost \u22c6 obogatena s hranili \u22c6 neguje in \u0161\u010diti nohte","robots":{"index":"index","follow":"follow","max-snippet":"max-snippet:-1","max-image-preview":"max-image-preview:large","max-video-preview":"max-video-preview:-1"},"canonical":"https:\/\/www.meavia-mh.hr\/sl\/product\/claresa-krema-za-kutikulu-cherry\/","og_locale":"sl_SI","og_type":"article","og_title":"Claresa krema za kutikulu Cherry &#8902; Mea Via Beauty","og_description":"Claresa krema za kutikulu Cherry &#8902; hidratantna krema za zanoktice &#8902; vrhunska kvaliteta &#8902; oboga\u0107eno hranjivim sastojcima &#8902; njeguje i \u0161titi nokte","og_url":"https:\/\/www.meavia-mh.hr\/sl\/product\/claresa-krema-za-kutikulu-cherry\/","og_site_name":"Mea Via Beauty","article_publisher":"https:\/\/www.facebook.com\/MeaViaNailsWorld","article_modified_time":"2026-01-29T22:36:28+00:00","og_image":[{"width":1500,"height":1500,"url":"https:\/\/www.meavia-mh.hr\/wp-content\/uploads\/2022\/09\/Cuticle_butter_cherry_1500x1500.jpg","type":"image\/jpeg"}],"twitter_card":"summary_large_image","twitter_misc":{"Est. reading time":"3 minute"},"schema":{"@context":"https:\/\/schema.org","@graph":[{"@type":"WebPage","@id":"https:\/\/www.meavia-mh.hr\/product\/claresa-krema-za-kutikulu-cherry\/","url":"https:\/\/www.meavia-mh.hr\/product\/claresa-krema-za-kutikulu-cherry\/","name":"Claresa krema za obnohtno ko\u017eico z vonjem \u010de\u0161nje \u22c6 Mea Via Beauty","isPartOf":{"@id":"https:\/\/meavia-mh.hr\/sl\/#website"},"primaryImageOfPage":{"@id":"https:\/\/www.meavia-mh.hr\/product\/claresa-krema-za-kutikulu-cherry\/#primaryimage"},"image":{"@id":"https:\/\/www.meavia-mh.hr\/product\/claresa-krema-za-kutikulu-cherry\/#primaryimage"},"thumbnailUrl":"https:\/\/www.meavia-mh.hr\/wp-content\/uploads\/2022\/09\/Cuticle_butter_cherry_1500x1500.jpg","datePublished":"2022-09-10T14:06:55+00:00","dateModified":"2026-01-29T22:36:28+00:00","description":"Claresa krema za obnohtno ko\u017eico \u010ce\u0161nja \u22c6 vla\u017eilna krema za obnohtno ko\u017eico \u22c6 vrhunska kakovost \u22c6 obogatena s hranili \u22c6 neguje in \u0161\u010diti nohte","breadcrumb":{"@id":"https:\/\/www.meavia-mh.hr\/product\/claresa-krema-za-kutikulu-cherry\/#breadcrumb"},"inLanguage":"sl-SI","potentialAction":[{"@type":"ReadAction","target":["https:\/\/www.meavia-mh.hr\/product\/claresa-krema-za-kutikulu-cherry\/"]}]},{"@type":"ImageObject","inLanguage":"sl-SI","@id":"https:\/\/www.meavia-mh.hr\/product\/claresa-krema-za-kutikulu-cherry\/#primaryimage","url":"https:\/\/www.meavia-mh.hr\/wp-content\/uploads\/2022\/09\/Cuticle_butter_cherry_1500x1500.jpg","contentUrl":"https:\/\/www.meavia-mh.hr\/wp-content\/uploads\/2022\/09\/Cuticle_butter_cherry_1500x1500.jpg","width":1500,"height":1500,"caption":"Claresa krema za kutikulu Cherry"},{"@type":"BreadcrumbList","@id":"https:\/\/www.meavia-mh.hr\/product\/claresa-krema-za-kutikulu-cherry\/#breadcrumb","itemListElement":[{"@type":"ListItem","position":1,"name":"Po\u010detna stranica","item":"https:\/\/www.meavia-mh.hr\/"},{"@type":"ListItem","position":2,"name":"Trgovina","item":"https:\/\/meavia-mh.hr\/sl\/store\/"},{"@type":"ListItem","position":3,"name":"Claresa krema za kutikulu Cherry"}]},{"@type":"WebSite","@id":"https:\/\/meavia-mh.hr\/sl\/#website","url":"https:\/\/meavia-mh.hr\/sl\/","name":"MEA VIA BEAUTY","description":"Only The Best For Your Beauty","publisher":{"@id":"https:\/\/meavia-mh.hr\/sl\/#organization"},"alternateName":"Mea Via Nails","potentialAction":[{"@type":"SearchAction","target":{"@type":"EntryPoint","urlTemplate":"https:\/\/meavia-mh.hr\/sl\/?s={search_term_string}"},"query-input":{"@type":"PropertyValueSpecification","valueRequired":true,"valueName":"search_term_string"}}],"inLanguage":"sl-SI"},{"@type":"Organization","@id":"https:\/\/meavia-mh.hr\/sl\/#organization","name":"Mea Via Nails World","alternateName":"Mea Via","url":"https:\/\/meavia-mh.hr\/sl\/","logo":{"@type":"ImageObject","inLanguage":"sl-SI","@id":"https:\/\/meavia-mh.hr\/sl\/#\/schema\/logo\/image\/","url":"https:\/\/www.meavia-mh.hr\/wp-content\/uploads\/2020\/12\/Mea-Via.png","contentUrl":"https:\/\/www.meavia-mh.hr\/wp-content\/uploads\/2020\/12\/Mea-Via.png","width":1181,"height":393,"caption":"Mea Via Nails World"},"image":{"@id":"https:\/\/meavia-mh.hr\/sl\/#\/schema\/logo\/image\/"},"sameAs":["https:\/\/www.facebook.com\/MeaViaNailsWorld","https:\/\/www.instagram.com\/mea_via_nails_world\/","https:\/\/www.youtube.com\/channel\/UCECk0hpRWP6TN-EfA4ER96g\/featured"]}]}},"spectra_custom_meta":{"_sku":["5903819812848"],"_regular_price":["2.49"],"total_sales":["67"],"_tax_status":["taxable"],"_tax_class":[""],"_manage_stock":["yes"],"_backorders":["no"],"_sold_individually":["no"],"_virtual":["no"],"_downloadable":["no"],"_product_image_gallery":["16007"],"_download_limit":["-1"],"_download_expiry":["-1"],"_thumbnail_id":["16011"],"_stock":["0"],"_stock_status":["outofstock"],"_wc_average_rating":["0"],"_wc_review_count":["0"],"_product_version":["10.4.3"],"_price":["2.49"],"_wp_page_template":["default"],"_yoast_wpseo_focuskw":["krema za kutikulu"],"_yoast_wpseo_linkdex":["79"],"_yoast_wpseo_content_score":["90"],"_yoast_wpseo_estimated-reading-time-minutes":["3"],"_yoast_wpseo_wordproof_timestamp":[""],"cartflows_redirect_flow_id":[""],"cartflows_add_to_cart_text":[""],"_woocs_price_geo_countries":[""],"_woocs_regular_price_geo":[""],"_woocs_sale_price_geo":[""],"site-sidebar-layout":["default"],"site-content-layout":["default"],"theme-transparent-header-meta":["default"],"stick-header-meta":["default"],"_yoast_wpseo_primary_product_cat":["118"],"_yoast_wpseo_metadesc":["%%title%% %%sep%% hidratantna krema za zanoktice %%sep%% vrhunska kvaliteta %%sep%% oboga\u0107eno hranjivim sastojcima %%sep%% njeguje i \u0161titi nokte"],"_edit_lock":["1662821557:1"],"_edit_last":["1239"],"_woocs_regular_price_EUR":["2.39"],"_woocs_sale_price_EUR":["-1"],"_lowest_price_30_days":["2.39"],"uag_migration_processed":["1"],"_last_change_time":["1764847148"],"_elementor_page_assets":["a:0:{}"],"_uag_page_assets":["a:9:{s:3:\"css\";s:0:\"\";s:2:\"js\";s:0:\"\";s:18:\"current_block_list\";a:3:{i:0;s:11:\"core\/search\";i:1;s:18:\"core\/legacy-widget\";i:2;s:27:\"woocommerce\/product-filters\";}s:8:\"uag_flag\";b:0;s:11:\"uag_version\";s:10:\"1776414062\";s:6:\"gfonts\";a:0:{}s:10:\"gfonts_url\";s:0:\"\";s:12:\"gfonts_files\";a:0:{}s:14:\"uag_faq_layout\";b:0;}"]},"uagb_featured_image_src":{"full":["https:\/\/www.meavia-mh.hr\/wp-content\/uploads\/2022\/09\/Cuticle_butter_cherry_1500x1500.jpg",1500,1500,false],"thumbnail":["https:\/\/www.meavia-mh.hr\/wp-content\/uploads\/2022\/09\/Cuticle_butter_cherry_1500x1500-150x150.jpg",150,150,true],"medium":["https:\/\/www.meavia-mh.hr\/wp-content\/uploads\/2022\/09\/Cuticle_butter_cherry_1500x1500-300x300.jpg",300,300,true],"medium_large":["https:\/\/www.meavia-mh.hr\/wp-content\/uploads\/2022\/09\/Cuticle_butter_cherry_1500x1500-768x768.jpg",768,768,true],"large":["https:\/\/www.meavia-mh.hr\/wp-content\/uploads\/2022\/09\/Cuticle_butter_cherry_1500x1500-1024x1024.jpg",1024,1024,true],"1536x1536":["https:\/\/www.meavia-mh.hr\/wp-content\/uploads\/2022\/09\/Cuticle_butter_cherry_1500x1500.jpg",1500,1500,false],"2048x2048":["https:\/\/www.meavia-mh.hr\/wp-content\/uploads\/2022\/09\/Cuticle_butter_cherry_1500x1500.jpg",1500,1500,false],"trp-custom-language-flag":["https:\/\/www.meavia-mh.hr\/wp-content\/uploads\/2022\/09\/Cuticle_butter_cherry_1500x1500-12x12.jpg",12,12,true],"woocommerce_thumbnail":["https:\/\/www.meavia-mh.hr\/wp-content\/uploads\/2022\/09\/Cuticle_butter_cherry_1500x1500-300x300.jpg",300,300,true],"woocommerce_single":["https:\/\/www.meavia-mh.hr\/wp-content\/uploads\/2022\/09\/Cuticle_butter_cherry_1500x1500-600x600.jpg",600,600,true],"woocommerce_gallery_thumbnail":["https:\/\/www.meavia-mh.hr\/wp-content\/uploads\/2022\/09\/Cuticle_butter_cherry_1500x1500-100x100.jpg",100,100,true]},"uagb_author_info":{"display_name":"Mea Via","author_link":"https:\/\/www.meavia-mh.hr\/sl\/author\/"},"uagb_comment_info":0,"uagb_excerpt":null,"_links":{"self":[{"href":"https:\/\/www.meavia-mh.hr\/sl\/wp-json\/wp\/v2\/product\/16019","targetHints":{"allow":["GET"]}}],"collection":[{"href":"https:\/\/www.meavia-mh.hr\/sl\/wp-json\/wp\/v2\/product"}],"about":[{"href":"https:\/\/www.meavia-mh.hr\/sl\/wp-json\/wp\/v2\/types\/product"}],"replies":[{"embeddable":true,"href":"https:\/\/www.meavia-mh.hr\/sl\/wp-json\/wp\/v2\/comments?post=16019"}],"version-history":[{"count":1,"href":"https:\/\/www.meavia-mh.hr\/sl\/wp-json\/wp\/v2\/product\/16019\/revisions"}],"predecessor-version":[{"id":30646,"href":"https:\/\/www.meavia-mh.hr\/sl\/wp-json\/wp\/v2\/product\/16019\/revisions\/30646"}],"wp:featuredmedia":[{"embeddable":true,"href":"https:\/\/www.meavia-mh.hr\/sl\/wp-json\/wp\/v2\/media\/16011"}],"wp:attachment":[{"href":"https:\/\/www.meavia-mh.hr\/sl\/wp-json\/wp\/v2\/media?parent=16019"}],"wp:term":[{"taxonomy":"product_brand","embeddable":true,"href":"https:\/\/www.meavia-mh.hr\/sl\/wp-json\/wp\/v2\/product_brand?post=16019"},{"taxonomy":"product_cat","embeddable":true,"href":"https:\/\/www.meavia-mh.hr\/sl\/wp-json\/wp\/v2\/product_cat?post=16019"},{"taxonomy":"product_tag","embeddable":true,"href":"https:\/\/www.meavia-mh.hr\/sl\/wp-json\/wp\/v2\/product_tag?post=16019"}],"curies":[{"name":"delovni list","href":"https:\/\/api.w.org\/{rel}","templated":true}]}}