{"id":16016,"date":"2022-09-10T13:56:00","date_gmt":"2022-09-10T13:56:00","guid":{"rendered":"https:\/\/www.meavia-mh.hr\/?post_type=product&#038;p=16016"},"modified":"2026-04-29T13:30:14","modified_gmt":"2026-04-29T12:30:14","slug":"claresa-ulje-za-kutikulu-mango","status":"publish","type":"product","link":"https:\/\/www.meavia-mh.hr\/sl\/product\/claresa-ulje-za-kutikulu-mango\/","title":{"rendered":"Claresa olje za obnohtno ko\u017eico Mango"},"content":{"rendered":"<p><span class=\"\"><strong>Claresa olje za obnohtno ko\u017eico Mango<\/strong>\u00a0je odgovor na suho, razpokano obnohtno ko\u017eico in oslabljeno, po\u0161kodovano nohtno plo\u0161\u010do. <strong>Sadna olja za obnohtno ko\u017eico in nohte zagotavljajo<\/strong><\/span><span class=\"\">\u00a0\u0161\u010diti pred \u0161kodljivimi vplivi zunanjih dejavnikov in prepre\u010duje izsu\u0161itev obnohtne ko\u017eice. <\/span>Vsebujejo negovalna olja, ki vla\u017eijo in meh\u010dajo ko\u017eo ter krepijo nohte. Olja pozitivno vplivajo na regeneracijo nohtne matrice, zaradi \u010desar postane nohtna plo\u0161\u010da mo\u010dnej\u0161a in manj nagnjena k po\u0161kodbam.<\/p>\n<figure id=\"attachment_15999\" aria-describedby=\"caption-attachment-15999\" style=\"width: 1024px\" class=\"wp-caption aligncenter\"><a href=\"https:\/\/www.meavia-mh.hr\/wp-content\/uploads\/2022\/09\/47.jpg\"><img fetchpriority=\"high\" decoding=\"async\" class=\"wp-image-15999 size-large\" src=\"https:\/\/www.meavia-mh.hr\/wp-content\/uploads\/2022\/09\/47-1024x395.jpg\" alt=\"Claresa ulje za kutikulu Strawberry i Mango\" width=\"1024\" height=\"395\" srcset=\"https:\/\/www.meavia-mh.hr\/wp-content\/uploads\/2022\/09\/47-1024x395.jpg 1024w, https:\/\/www.meavia-mh.hr\/wp-content\/uploads\/2022\/09\/47-300x116.jpg 300w, https:\/\/www.meavia-mh.hr\/wp-content\/uploads\/2022\/09\/47-768x296.jpg 768w, https:\/\/www.meavia-mh.hr\/wp-content\/uploads\/2022\/09\/47-1536x592.jpg 1536w, https:\/\/www.meavia-mh.hr\/wp-content\/uploads\/2022\/09\/47-2048x789.jpg 2048w, https:\/\/www.meavia-mh.hr\/wp-content\/uploads\/2022\/09\/47-18x7.jpg 18w, https:\/\/www.meavia-mh.hr\/wp-content\/uploads\/2022\/09\/47-600x231.jpg 600w\" sizes=\"(max-width: 1024px) 100vw, 1024px\" \/><\/a><figcaption id=\"caption-attachment-15999\" class=\"wp-caption-text\">Olje za obnohtno ko\u017eico Claresa jagoda in mango<\/figcaption><\/figure>\n<p>Linija izdelkov <strong>kos sadja,<\/strong>\u00a0ki jih zajema <strong>olje za obnohtno ko\u017eico<\/strong> Jagode in mango ter <strong>kreme za obnohtno ko\u017eico<\/strong> Stawberry, Cherry in Pineapple so nenadomestljiv zaklju\u010dek vsake stilizacije nohtov in popolna nega nelakiranih nohtov.<\/p>\n<p><strong>Claresa olje za obnohtno ko\u017eico MANGO <\/strong>z vonjem tropskega manga je predlog, ki bo v\u0161e\u010d ljubiteljem eksoti\u010dnih in sladkih vonjav.<\/p>\n<p><strong><span class=\"\">Vpliv olja na stanje<\/span><\/strong><span class=\"\"> obnohtno ko\u017eico <\/span><strong><span class=\"\">je nesporno<\/span><\/strong><span class=\"\"> - kaj pa nohti? <\/span>Ali vla\u017eilne lastnosti izdelka vplivajo tudi na nohtno plo\u0161\u010do? To! <strong>Olja imajo hranilne lastnosti ne le za obnohtno ko\u017eico<\/strong>, ampak tudi za nohte. Sestava olj, ki jih vsebujejo, jih naredi mo\u010dnej\u0161e in izjemno hidrirane. Poleg tega poskrbijo za bolj\u0161o mikrocirkulacijo pod nohtno plo\u0161\u010do in jo vidno zgladijo. <strong>Prijavite se in se prepri\u010dajte sami<\/strong> kako popolni bodo va\u0161i nohti in obnohtna ko\u017eica.<\/p>\n<p><span class=\"\">Popolna hidracija, popolna regeneracija in \u010dudovit vonj, v katerega se boste zaljubili \u017ee ob prvem nanosu! <\/span><strong><span class=\"\">Vsako lepo oblikovanje nohtov se za\u010dne z negovano ko\u017eo rok<\/span><\/strong> - Zato je vla\u017eilno olje nujno potreben izdelek v va\u0161i kozmeti\u010dni torbici.<\/p>\n<h6>Za \u0161e bolj\u0161o nego Clares je Mangovo olje za obnohtno ko\u017eico obogateno z:<\/h6>\n<p><span class=\"\">\u2022 Olje sladkega mandlja \u2013 krepi nohtno plo\u0161\u010do, odli\u010dno neguje, vla\u017ei in meh\u010da obnohtno ko\u017eico; <\/span><br \/>\n\u2022 Olje breskovih pe\u010dk \u2013 prepre\u010duje lomljivost nohtov in spodbuja njihovo rast, krepi nohtno plo\u0161\u010do.<\/p>\n<h6>Sestava\/INCI:<\/h6>\n<p>Paraffinum Liquidum, Prunus Amygdalus Dulcis Oil, Parfum, Prunus Persica Kernel Oil, Citronelol, Geraniol, Hexyl Cinnamal, Limonene, Linalool, CI 47000, CI 26100.<\/p>\n<h6><strong>Za koga je?<\/strong><\/h6>\n<p>Za vsako \u017eensko, ki obo\u017euje \u010dutne, spodbudne vonjave in \u017eeli negovati obnohtno ko\u017eico in nohte.<\/p>\n<h6><strong>Zna\u010dilnosti:\u00a0<\/strong><\/h6>\n<ul>\n<li>Pomaga gladiti in nahraniti obmo\u010dje okoli nohta.<\/li>\n<li>Pozitivno vpliva na regeneracijo nohtne matrice, zaradi \u010desar je nohtna plo\u0161\u010da mo\u010dnej\u0161a in manj dovzetna za po\u0161kodbe.<\/li>\n<li>\u00a0Uporabite takoj po manikuri in v vsakodnevnem ritualu nege.<\/li>\n<\/ul>\n<h6><strong>Lastnosti izdelka:<\/strong><\/h6>\n<ul>\n<li>Elegantna in dolgo obstojna di\u0161ava manga<\/li>\n<li>Formula za nego<\/li>\n<li>Enostaven za nana\u0161anje zahvaljujo\u010d posebej prilagojenemu \u010dopi\u010du<\/li>\n<\/ul>\n<h6>Pakiranje: 5 ml<\/h6>\n<p>&nbsp;<\/p>\n<h6>Kako uporabljati olje za obnohtno ko\u017eico:<\/h6>\n<ul>\n<li>Pred uporabo olja za nohte in obnohtno ko\u017eico o\u010distite roke in nohte<\/li>\n<li>Posu\u0161ite roke in nohte<\/li>\n<li>S \u010dopi\u010dem nanesite olje na vsak noht<\/li>\n<li>Masirajte olje, da olaj\u0161ate njegovo absorpcijo<\/li>\n<li>Previdno umijte in posu\u0161ite nohte, \u010de po tretmaju nanesete lak<\/li>\n<li>Olje uporabite ve\u010dkrat na dan<\/li>\n<\/ul>","protected":false},"excerpt":{"rendered":"<p><a href=\"https:\/\/www.meavia-mh.hr\/wp-content\/uploads\/2022\/07\/1-3.jpg\"><img decoding=\"async\" class=\"alignnone size-thumbnail wp-image-14687\" src=\"https:\/\/www.meavia-mh.hr\/wp-content\/uploads\/2022\/07\/1-3-150x150.jpg\" alt=\"Dermatologically tested\" width=\"150\" height=\"150\" srcset=\"https:\/\/www.meavia-mh.hr\/wp-content\/uploads\/2022\/07\/1-3-150x150.jpg 150w, https:\/\/www.meavia-mh.hr\/wp-content\/uploads\/2022\/07\/1-3-300x300.jpg 300w, https:\/\/www.meavia-mh.hr\/wp-content\/uploads\/2022\/07\/1-3-1024x1024.jpg 1024w, https:\/\/www.meavia-mh.hr\/wp-content\/uploads\/2022\/07\/1-3-768x768.jpg 768w, https:\/\/www.meavia-mh.hr\/wp-content\/uploads\/2022\/07\/1-3-12x12.jpg 12w, https:\/\/www.meavia-mh.hr\/wp-content\/uploads\/2022\/07\/1-3-600x600.jpg 600w, https:\/\/www.meavia-mh.hr\/wp-content\/uploads\/2022\/07\/1-3-100x100.jpg 100w, https:\/\/www.meavia-mh.hr\/wp-content\/uploads\/2022\/07\/1-3.jpg 1080w\" sizes=\"(max-width: 150px) 100vw, 150px\" \/><\/a><\/p>","protected":false},"featured_media":16009,"comment_status":"open","ping_status":"closed","template":"","meta":{"_uag_custom_page_level_css":"","site-sidebar-layout":"default","site-content-layout":"default","ast-site-content-layout":"default","site-content-style":"default","site-sidebar-style":"default","ast-global-header-display":"","ast-banner-title-visibility":"","ast-main-header-display":"","ast-hfb-above-header-display":"","ast-hfb-below-header-display":"","ast-hfb-mobile-header-display":"","site-post-title":"","ast-breadcrumbs-content":"","ast-featured-img":"","footer-sml-layout":"","ast-disable-related-posts":"","theme-transparent-header-meta":"default","adv-header-id-meta":"","stick-header-meta":"default","header-above-stick-meta":"","header-main-stick-meta":"","header-below-stick-meta":"","astra-migrate-meta-layouts":"default","ast-page-background-enabled":"default","ast-page-background-meta":{"desktop":{"background-color":"var(--ast-global-color-4)","background-image":"","background-repeat":"repeat","background-position":"center center","background-size":"auto","background-attachment":"scroll","background-type":"","background-media":"","overlay-type":"","overlay-color":"","overlay-opacity":"","overlay-gradient":""},"tablet":{"background-color":"","background-image":"","background-repeat":"repeat","background-position":"center center","background-size":"auto","background-attachment":"scroll","background-type":"","background-media":"","overlay-type":"","overlay-color":"","overlay-opacity":"","overlay-gradient":""},"mobile":{"background-color":"","background-image":"","background-repeat":"repeat","background-position":"center center","background-size":"auto","background-attachment":"scroll","background-type":"","background-media":"","overlay-type":"","overlay-color":"","overlay-opacity":"","overlay-gradient":""}},"ast-content-background-meta":{"desktop":{"background-color":"var(--ast-global-color-5)","background-image":"","background-repeat":"repeat","background-position":"center center","background-size":"auto","background-attachment":"scroll","background-type":"","background-media":"","overlay-type":"","overlay-color":"","overlay-opacity":"","overlay-gradient":""},"tablet":{"background-color":"var(--ast-global-color-5)","background-image":"","background-repeat":"repeat","background-position":"center center","background-size":"auto","background-attachment":"scroll","background-type":"","background-media":"","overlay-type":"","overlay-color":"","overlay-opacity":"","overlay-gradient":""},"mobile":{"background-color":"var(--ast-global-color-5)","background-image":"","background-repeat":"repeat","background-position":"center center","background-size":"auto","background-attachment":"scroll","background-type":"","background-media":"","overlay-type":"","overlay-color":"","overlay-opacity":"","overlay-gradient":""}}},"product_brand":[607],"product_cat":[534,118],"product_tag":[325,326],"class_list":{"0":"post-16016","1":"product","2":"type-product","3":"status-publish","4":"has-post-thumbnail","6":"product_brand-claresa","7":"product_cat-claresa","8":"product_cat-njegu-ruku-i-nogu","9":"product_tag-ulje-za-kutikulu","10":"product_tag-ulje-za-zanoktice","11":"desktop-align-left","12":"tablet-align-left","13":"mobile-align-left","14":"ast-product-gallery-layout-horizontal-slider","15":"ast-product-tabs-layout-horizontal","17":"first","18":"instock","19":"taxable","20":"shipping-taxable","21":"purchasable","22":"product-type-simple"},"yoast_head":"<!-- This site is optimized with the Yoast SEO plugin v27.5 - https:\/\/yoast.com\/product\/yoast-seo-wordpress\/ -->\n<title>Claresa ulje za kutikulu Mango &#8902; Mea Via Beauty<\/title>\n<meta name=\"description\" content=\"Claresa ulje za kutikulu Mango &#8902; hidratantno ulje za zanoktice &#8902; vrhunska kvaliteta &#8902; oboga\u0107eno hranjivim sastojcima &#8902; njeguje i \u0161titi nokte\" \/>\n<meta name=\"robots\" content=\"index, follow, max-snippet:-1, max-image-preview:large, max-video-preview:-1\" \/>\n<link rel=\"canonical\" href=\"https:\/\/www.meavia-mh.hr\/sl\/product\/claresa-ulje-za-kutikulu-mango\/\" \/>\n<meta property=\"og:locale\" content=\"sl_SI\" \/>\n<meta property=\"og:type\" content=\"article\" \/>\n<meta property=\"og:title\" content=\"Claresa ulje za kutikulu Mango &#8902; Mea Via Beauty\" \/>\n<meta property=\"og:description\" content=\"Claresa ulje za kutikulu Mango &#8902; hidratantno ulje za zanoktice &#8902; vrhunska kvaliteta &#8902; oboga\u0107eno hranjivim sastojcima &#8902; njeguje i \u0161titi nokte\" \/>\n<meta property=\"og:url\" content=\"https:\/\/www.meavia-mh.hr\/sl\/product\/claresa-ulje-za-kutikulu-mango\/\" \/>\n<meta property=\"og:site_name\" content=\"Mea Via Beauty\" \/>\n<meta property=\"article:publisher\" content=\"https:\/\/www.facebook.com\/MeaViaNailsWorld\" \/>\n<meta property=\"article:modified_time\" content=\"2026-04-29T12:30:14+00:00\" \/>\n<meta property=\"og:image\" content=\"https:\/\/www.meavia-mh.hr\/wp-content\/uploads\/2022\/09\/Claresa_Piece-of-FRUIT_MANGO.jpg\" \/>\n\t<meta property=\"og:image:width\" content=\"1500\" \/>\n\t<meta property=\"og:image:height\" content=\"1500\" \/>\n\t<meta property=\"og:image:type\" content=\"image\/jpeg\" \/>\n<meta name=\"twitter:card\" content=\"summary_large_image\" \/>\n<meta name=\"twitter:label1\" content=\"Est. reading time\" \/>\n\t<meta name=\"twitter:data1\" content=\"3 minute\" \/>\n<script type=\"application\/ld+json\" class=\"yoast-schema-graph\">{\"@context\":\"https:\\\/\\\/schema.org\",\"@graph\":[{\"@type\":\"WebPage\",\"@id\":\"https:\\\/\\\/www.meavia-mh.hr\\\/product\\\/claresa-ulje-za-kutikulu-mango\\\/\",\"url\":\"https:\\\/\\\/www.meavia-mh.hr\\\/product\\\/claresa-ulje-za-kutikulu-mango\\\/\",\"name\":\"Claresa ulje za kutikulu Mango &#8902; Mea Via Beauty\",\"isPartOf\":{\"@id\":\"https:\\\/\\\/meavia-mh.hr\\\/sl\\\/#website\"},\"primaryImageOfPage\":{\"@id\":\"https:\\\/\\\/www.meavia-mh.hr\\\/product\\\/claresa-ulje-za-kutikulu-mango\\\/#primaryimage\"},\"image\":{\"@id\":\"https:\\\/\\\/www.meavia-mh.hr\\\/product\\\/claresa-ulje-za-kutikulu-mango\\\/#primaryimage\"},\"thumbnailUrl\":\"https:\\\/\\\/www.meavia-mh.hr\\\/wp-content\\\/uploads\\\/2022\\\/09\\\/Claresa_Piece-of-FRUIT_MANGO.jpg\",\"datePublished\":\"2022-09-10T13:56:00+00:00\",\"dateModified\":\"2026-04-29T12:30:14+00:00\",\"description\":\"Claresa ulje za kutikulu Mango &#8902; hidratantno ulje za zanoktice &#8902; vrhunska kvaliteta &#8902; oboga\u0107eno hranjivim sastojcima &#8902; njeguje i \u0161titi nokte\",\"breadcrumb\":{\"@id\":\"https:\\\/\\\/www.meavia-mh.hr\\\/product\\\/claresa-ulje-za-kutikulu-mango\\\/#breadcrumb\"},\"inLanguage\":\"sl-SI\",\"potentialAction\":[{\"@type\":\"ReadAction\",\"target\":[\"https:\\\/\\\/www.meavia-mh.hr\\\/product\\\/claresa-ulje-za-kutikulu-mango\\\/\"]}]},{\"@type\":\"ImageObject\",\"inLanguage\":\"sl-SI\",\"@id\":\"https:\\\/\\\/www.meavia-mh.hr\\\/product\\\/claresa-ulje-za-kutikulu-mango\\\/#primaryimage\",\"url\":\"https:\\\/\\\/www.meavia-mh.hr\\\/wp-content\\\/uploads\\\/2022\\\/09\\\/Claresa_Piece-of-FRUIT_MANGO.jpg\",\"contentUrl\":\"https:\\\/\\\/www.meavia-mh.hr\\\/wp-content\\\/uploads\\\/2022\\\/09\\\/Claresa_Piece-of-FRUIT_MANGO.jpg\",\"width\":1500,\"height\":1500,\"caption\":\"Claresa ulje za kutikulu Mango\"},{\"@type\":\"BreadcrumbList\",\"@id\":\"https:\\\/\\\/www.meavia-mh.hr\\\/product\\\/claresa-ulje-za-kutikulu-mango\\\/#breadcrumb\",\"itemListElement\":[{\"@type\":\"ListItem\",\"position\":1,\"name\":\"Po\u010detna stranica\",\"item\":\"https:\\\/\\\/www.meavia-mh.hr\\\/\"},{\"@type\":\"ListItem\",\"position\":2,\"name\":\"Trgovina\",\"item\":\"https:\\\/\\\/meavia-mh.hr\\\/sl\\\/store\\\/\"},{\"@type\":\"ListItem\",\"position\":3,\"name\":\"Claresa ulje za kutikulu Mango\"}]},{\"@type\":\"WebSite\",\"@id\":\"https:\\\/\\\/meavia-mh.hr\\\/sl\\\/#website\",\"url\":\"https:\\\/\\\/meavia-mh.hr\\\/sl\\\/\",\"name\":\"Mea Via Beauty\",\"description\":\"Only The Best For Your Beauty\",\"publisher\":{\"@id\":\"https:\\\/\\\/meavia-mh.hr\\\/sl\\\/#organization\"},\"alternateName\":\"Mea Via Nails\",\"potentialAction\":[{\"@type\":\"SearchAction\",\"target\":{\"@type\":\"EntryPoint\",\"urlTemplate\":\"https:\\\/\\\/meavia-mh.hr\\\/sl\\\/?s={search_term_string}\"},\"query-input\":{\"@type\":\"PropertyValueSpecification\",\"valueRequired\":true,\"valueName\":\"search_term_string\"}}],\"inLanguage\":\"sl-SI\"},{\"@type\":\"Organization\",\"@id\":\"https:\\\/\\\/meavia-mh.hr\\\/sl\\\/#organization\",\"name\":\"Mea Via Nails World\",\"alternateName\":\"Mea Via\",\"url\":\"https:\\\/\\\/meavia-mh.hr\\\/sl\\\/\",\"logo\":{\"@type\":\"ImageObject\",\"inLanguage\":\"sl-SI\",\"@id\":\"https:\\\/\\\/meavia-mh.hr\\\/sl\\\/#\\\/schema\\\/logo\\\/image\\\/\",\"url\":\"https:\\\/\\\/www.meavia-mh.hr\\\/wp-content\\\/uploads\\\/2020\\\/12\\\/Mea-Via.png\",\"contentUrl\":\"https:\\\/\\\/www.meavia-mh.hr\\\/wp-content\\\/uploads\\\/2020\\\/12\\\/Mea-Via.png\",\"width\":1181,\"height\":393,\"caption\":\"Mea Via Nails World\"},\"image\":{\"@id\":\"https:\\\/\\\/meavia-mh.hr\\\/sl\\\/#\\\/schema\\\/logo\\\/image\\\/\"},\"sameAs\":[\"https:\\\/\\\/www.facebook.com\\\/MeaViaNailsWorld\",\"https:\\\/\\\/www.instagram.com\\\/mea_via_nails_world\\\/\",\"https:\\\/\\\/www.youtube.com\\\/channel\\\/UCECk0hpRWP6TN-EfA4ER96g\\\/featured\"]}]}<\/script>\n<!-- \/ Yoast SEO plugin. -->","yoast_head_json":{"title":"Claresa ulje za kutikulu Mango &#8902; Mea Via Beauty","description":"Claresa ulje za kutikulu Mango &#8902; hidratantno ulje za zanoktice &#8902; vrhunska kvaliteta &#8902; oboga\u0107eno hranjivim sastojcima &#8902; njeguje i \u0161titi nokte","robots":{"index":"index","follow":"follow","max-snippet":"max-snippet:-1","max-image-preview":"max-image-preview:large","max-video-preview":"max-video-preview:-1"},"canonical":"https:\/\/www.meavia-mh.hr\/sl\/product\/claresa-ulje-za-kutikulu-mango\/","og_locale":"sl_SI","og_type":"article","og_title":"Claresa ulje za kutikulu Mango &#8902; Mea Via Beauty","og_description":"Claresa ulje za kutikulu Mango &#8902; hidratantno ulje za zanoktice &#8902; vrhunska kvaliteta &#8902; oboga\u0107eno hranjivim sastojcima &#8902; njeguje i \u0161titi nokte","og_url":"https:\/\/www.meavia-mh.hr\/sl\/product\/claresa-ulje-za-kutikulu-mango\/","og_site_name":"Mea Via Beauty","article_publisher":"https:\/\/www.facebook.com\/MeaViaNailsWorld","article_modified_time":"2026-04-29T12:30:14+00:00","og_image":[{"width":1500,"height":1500,"url":"https:\/\/www.meavia-mh.hr\/wp-content\/uploads\/2022\/09\/Claresa_Piece-of-FRUIT_MANGO.jpg","type":"image\/jpeg"}],"twitter_card":"summary_large_image","twitter_misc":{"Est. reading time":"3 minute"},"schema":{"@context":"https:\/\/schema.org","@graph":[{"@type":"WebPage","@id":"https:\/\/www.meavia-mh.hr\/product\/claresa-ulje-za-kutikulu-mango\/","url":"https:\/\/www.meavia-mh.hr\/product\/claresa-ulje-za-kutikulu-mango\/","name":"Claresa ulje za kutikulu Mango &#8902; Mea Via Beauty","isPartOf":{"@id":"https:\/\/meavia-mh.hr\/sl\/#website"},"primaryImageOfPage":{"@id":"https:\/\/www.meavia-mh.hr\/product\/claresa-ulje-za-kutikulu-mango\/#primaryimage"},"image":{"@id":"https:\/\/www.meavia-mh.hr\/product\/claresa-ulje-za-kutikulu-mango\/#primaryimage"},"thumbnailUrl":"https:\/\/www.meavia-mh.hr\/wp-content\/uploads\/2022\/09\/Claresa_Piece-of-FRUIT_MANGO.jpg","datePublished":"2022-09-10T13:56:00+00:00","dateModified":"2026-04-29T12:30:14+00:00","description":"Claresa ulje za kutikulu Mango &#8902; hidratantno ulje za zanoktice &#8902; vrhunska kvaliteta &#8902; oboga\u0107eno hranjivim sastojcima &#8902; njeguje i \u0161titi nokte","breadcrumb":{"@id":"https:\/\/www.meavia-mh.hr\/product\/claresa-ulje-za-kutikulu-mango\/#breadcrumb"},"inLanguage":"sl-SI","potentialAction":[{"@type":"ReadAction","target":["https:\/\/www.meavia-mh.hr\/product\/claresa-ulje-za-kutikulu-mango\/"]}]},{"@type":"ImageObject","inLanguage":"sl-SI","@id":"https:\/\/www.meavia-mh.hr\/product\/claresa-ulje-za-kutikulu-mango\/#primaryimage","url":"https:\/\/www.meavia-mh.hr\/wp-content\/uploads\/2022\/09\/Claresa_Piece-of-FRUIT_MANGO.jpg","contentUrl":"https:\/\/www.meavia-mh.hr\/wp-content\/uploads\/2022\/09\/Claresa_Piece-of-FRUIT_MANGO.jpg","width":1500,"height":1500,"caption":"Claresa ulje za kutikulu Mango"},{"@type":"BreadcrumbList","@id":"https:\/\/www.meavia-mh.hr\/product\/claresa-ulje-za-kutikulu-mango\/#breadcrumb","itemListElement":[{"@type":"ListItem","position":1,"name":"Po\u010detna stranica","item":"https:\/\/www.meavia-mh.hr\/"},{"@type":"ListItem","position":2,"name":"Trgovina","item":"https:\/\/meavia-mh.hr\/sl\/store\/"},{"@type":"ListItem","position":3,"name":"Claresa ulje za kutikulu Mango"}]},{"@type":"WebSite","@id":"https:\/\/meavia-mh.hr\/sl\/#website","url":"https:\/\/meavia-mh.hr\/sl\/","name":"MEA VIA BEAUTY","description":"Only The Best For Your Beauty","publisher":{"@id":"https:\/\/meavia-mh.hr\/sl\/#organization"},"alternateName":"Mea Via Nails","potentialAction":[{"@type":"SearchAction","target":{"@type":"EntryPoint","urlTemplate":"https:\/\/meavia-mh.hr\/sl\/?s={search_term_string}"},"query-input":{"@type":"PropertyValueSpecification","valueRequired":true,"valueName":"search_term_string"}}],"inLanguage":"sl-SI"},{"@type":"Organization","@id":"https:\/\/meavia-mh.hr\/sl\/#organization","name":"Mea Via Nails World","alternateName":"Mea Via","url":"https:\/\/meavia-mh.hr\/sl\/","logo":{"@type":"ImageObject","inLanguage":"sl-SI","@id":"https:\/\/meavia-mh.hr\/sl\/#\/schema\/logo\/image\/","url":"https:\/\/www.meavia-mh.hr\/wp-content\/uploads\/2020\/12\/Mea-Via.png","contentUrl":"https:\/\/www.meavia-mh.hr\/wp-content\/uploads\/2020\/12\/Mea-Via.png","width":1181,"height":393,"caption":"Mea Via Nails World"},"image":{"@id":"https:\/\/meavia-mh.hr\/sl\/#\/schema\/logo\/image\/"},"sameAs":["https:\/\/www.facebook.com\/MeaViaNailsWorld","https:\/\/www.instagram.com\/mea_via_nails_world\/","https:\/\/www.youtube.com\/channel\/UCECk0hpRWP6TN-EfA4ER96g\/featured"]}]}},"spectra_custom_meta":{"_sku":["5903819814392"],"_regular_price":["2.29"],"total_sales":["171"],"_tax_status":["taxable"],"_tax_class":[""],"_manage_stock":["yes"],"_backorders":["no"],"_sold_individually":["no"],"_virtual":["no"],"_downloadable":["no"],"_product_image_gallery":["16008"],"_download_limit":["-1"],"_download_expiry":["-1"],"_thumbnail_id":["16009"],"_stock":["26"],"_stock_status":["instock"],"_wc_average_rating":["0"],"_wc_review_count":["0"],"_product_version":["10.7.0"],"_price":["2.29"],"_wp_page_template":["default"],"_yoast_wpseo_focuskw":["ulje za kutikulu"],"_yoast_wpseo_linkdex":["76"],"_yoast_wpseo_content_score":["90"],"_yoast_wpseo_estimated-reading-time-minutes":["3"],"_yoast_wpseo_wordproof_timestamp":[""],"cartflows_redirect_flow_id":[""],"cartflows_add_to_cart_text":[""],"_woocs_price_geo_countries":[""],"_woocs_regular_price_geo":[""],"_woocs_sale_price_geo":[""],"site-sidebar-layout":["default"],"site-content-layout":["default"],"theme-transparent-header-meta":["default"],"stick-header-meta":["default"],"_yoast_wpseo_primary_product_cat":["118"],"_yoast_wpseo_metadesc":["%%title%% %%sep%% hidratantno ulje za zanoktice %%sep%% vrhunska kvaliteta %%sep%% oboga\u0107eno hranjivim sastojcima %%sep%% njeguje i \u0161titi nokte"],"_edit_lock":["1698268767:1239"],"_edit_last":["1239"],"_woocs_regular_price_EUR":["2.12"],"_woocs_sale_price_EUR":["-1"],"_lowest_price_30_days":["2.12"],"uag_migration_processed":["1"],"_last_change_time":["1777465814"],"_elementor_page_assets":["a:0:{}"],"_uag_page_assets":["a:9:{s:3:\"css\";s:0:\"\";s:2:\"js\";s:0:\"\";s:18:\"current_block_list\";a:3:{i:0;s:11:\"core\/search\";i:1;s:18:\"core\/legacy-widget\";i:2;s:27:\"woocommerce\/product-filters\";}s:8:\"uag_flag\";b:0;s:11:\"uag_version\";s:10:\"1778248427\";s:6:\"gfonts\";a:0:{}s:10:\"gfonts_url\";s:0:\"\";s:12:\"gfonts_files\";a:0:{}s:14:\"uag_faq_layout\";b:0;}"]},"uagb_featured_image_src":{"full":["https:\/\/www.meavia-mh.hr\/wp-content\/uploads\/2022\/09\/Claresa_Piece-of-FRUIT_MANGO.jpg",1500,1500,false],"thumbnail":["https:\/\/www.meavia-mh.hr\/wp-content\/uploads\/2022\/09\/Claresa_Piece-of-FRUIT_MANGO-150x150.jpg",150,150,true],"medium":["https:\/\/www.meavia-mh.hr\/wp-content\/uploads\/2022\/09\/Claresa_Piece-of-FRUIT_MANGO-300x300.jpg",300,300,true],"medium_large":["https:\/\/www.meavia-mh.hr\/wp-content\/uploads\/2022\/09\/Claresa_Piece-of-FRUIT_MANGO-768x768.jpg",768,768,true],"large":["https:\/\/www.meavia-mh.hr\/wp-content\/uploads\/2022\/09\/Claresa_Piece-of-FRUIT_MANGO-1024x1024.jpg",1024,1024,true],"1536x1536":["https:\/\/www.meavia-mh.hr\/wp-content\/uploads\/2022\/09\/Claresa_Piece-of-FRUIT_MANGO.jpg",1500,1500,false],"2048x2048":["https:\/\/www.meavia-mh.hr\/wp-content\/uploads\/2022\/09\/Claresa_Piece-of-FRUIT_MANGO.jpg",1500,1500,false],"trp-custom-language-flag":["https:\/\/www.meavia-mh.hr\/wp-content\/uploads\/2022\/09\/Claresa_Piece-of-FRUIT_MANGO-12x12.jpg",12,12,true],"woocommerce_thumbnail":["https:\/\/www.meavia-mh.hr\/wp-content\/uploads\/2022\/09\/Claresa_Piece-of-FRUIT_MANGO-300x300.jpg",300,300,true],"woocommerce_single":["https:\/\/www.meavia-mh.hr\/wp-content\/uploads\/2022\/09\/Claresa_Piece-of-FRUIT_MANGO-600x600.jpg",600,600,true],"woocommerce_gallery_thumbnail":["https:\/\/www.meavia-mh.hr\/wp-content\/uploads\/2022\/09\/Claresa_Piece-of-FRUIT_MANGO-100x100.jpg",100,100,true]},"uagb_author_info":{"display_name":"Mea Via","author_link":"https:\/\/www.meavia-mh.hr\/sl\/author\/"},"uagb_comment_info":0,"uagb_excerpt":null,"_links":{"self":[{"href":"https:\/\/www.meavia-mh.hr\/sl\/wp-json\/wp\/v2\/product\/16016","targetHints":{"allow":["GET"]}}],"collection":[{"href":"https:\/\/www.meavia-mh.hr\/sl\/wp-json\/wp\/v2\/product"}],"about":[{"href":"https:\/\/www.meavia-mh.hr\/sl\/wp-json\/wp\/v2\/types\/product"}],"replies":[{"embeddable":true,"href":"https:\/\/www.meavia-mh.hr\/sl\/wp-json\/wp\/v2\/comments?post=16016"}],"version-history":[{"count":1,"href":"https:\/\/www.meavia-mh.hr\/sl\/wp-json\/wp\/v2\/product\/16016\/revisions"}],"predecessor-version":[{"id":30647,"href":"https:\/\/www.meavia-mh.hr\/sl\/wp-json\/wp\/v2\/product\/16016\/revisions\/30647"}],"wp:featuredmedia":[{"embeddable":true,"href":"https:\/\/www.meavia-mh.hr\/sl\/wp-json\/wp\/v2\/media\/16009"}],"wp:attachment":[{"href":"https:\/\/www.meavia-mh.hr\/sl\/wp-json\/wp\/v2\/media?parent=16016"}],"wp:term":[{"taxonomy":"product_brand","embeddable":true,"href":"https:\/\/www.meavia-mh.hr\/sl\/wp-json\/wp\/v2\/product_brand?post=16016"},{"taxonomy":"product_cat","embeddable":true,"href":"https:\/\/www.meavia-mh.hr\/sl\/wp-json\/wp\/v2\/product_cat?post=16016"},{"taxonomy":"product_tag","embeddable":true,"href":"https:\/\/www.meavia-mh.hr\/sl\/wp-json\/wp\/v2\/product_tag?post=16016"}],"curies":[{"name":"delovni list","href":"https:\/\/api.w.org\/{rel}","templated":true}]}}