{"id":15171,"date":"2022-08-02T16:42:10","date_gmt":"2022-08-02T16:42:10","guid":{"rendered":"https:\/\/www.meavia-mh.hr\/?post_type=product&#038;p=15171"},"modified":"2026-03-18T08:34:53","modified_gmt":"2026-03-18T07:34:53","slug":"vrecice-za-pedikuru-50-kom","status":"publish","type":"product","link":"https:\/\/www.meavia-mh.hr\/sl\/product\/vrecice-za-pedikuru-50-kom\/","title":{"rendered":"Torbice za pedikuro (50 kom)"},"content":{"rendered":"<div>\n<div><strong>Vre\u010dke iz folije za pedikuro 50 kom.<\/strong><\/div>\n<div><span class=\"goog-text-highlight\"><span class=\"goog-text-highlight\">Prakti\u010dne, higienske za\u0161\u010ditne vre\u010dke za pladenj za pedikuro.\u00a0<\/span><\/span><span style=\"font-size: 16px\">Vre\u010dke za pedikuro so standardnih dimenzij in se prilegajo standardnim kadi za pedikuro. Namenjeni so profesionalni uporabi.<\/span><\/div>\n<h6>Lastnosti:<\/h6>\n<div>\n<div class=\"detail-anotation\">\n<ul class=\"ul\">\n<li>za enkratno uporabo<\/li>\n<li>iz polietilena<\/li>\n<li>tanek<\/li>\n<li>vzdr\u017eljiv<\/li>\n<li>higiensko<\/li>\n<li>pakiranje po 50 kom<\/li>\n<\/ul>\n<\/div>\n<\/div>\n<div>Dimenzije: 50 x 50 cm<\/div>\n<div><\/div>\n<\/div>\n<h6>Koli\u010dina v pakiranju: 50 kosov<\/h6>","protected":false},"excerpt":{"rendered":"<p>Vre\u010dke iz folije za pedikuro 50 kom. Prakti\u010dne, higienske za\u0161\u010ditne vre\u010dke za pladenj za pedikuro. Vre\u010dke za pedikuro so standardnih dimenzij in se prilegajo standardnim kadi za pedikuro. Namenjeni so profesionalni uporabi. Lastnosti: za enkratno uporabo iz polietilena tanko trpe\u017eno higiensko pakiranje po 50 kosov Dimenzije: 50 x 50 cm Koli\u010dina v paketu: 50 kosov<\/p>","protected":false},"featured_media":15173,"comment_status":"open","ping_status":"closed","template":"","meta":{"_uag_custom_page_level_css":"","site-sidebar-layout":"default","site-content-layout":"default","ast-site-content-layout":"default","site-content-style":"default","site-sidebar-style":"default","ast-global-header-display":"","ast-banner-title-visibility":"","ast-main-header-display":"","ast-hfb-above-header-display":"","ast-hfb-below-header-display":"","ast-hfb-mobile-header-display":"","site-post-title":"","ast-breadcrumbs-content":"","ast-featured-img":"","footer-sml-layout":"","ast-disable-related-posts":"","theme-transparent-header-meta":"default","adv-header-id-meta":"","stick-header-meta":"default","header-above-stick-meta":"","header-main-stick-meta":"","header-below-stick-meta":"","astra-migrate-meta-layouts":"default","ast-page-background-enabled":"default","ast-page-background-meta":{"desktop":{"background-color":"var(--ast-global-color-4)","background-image":"","background-repeat":"repeat","background-position":"center center","background-size":"auto","background-attachment":"scroll","background-type":"","background-media":"","overlay-type":"","overlay-color":"","overlay-opacity":"","overlay-gradient":""},"tablet":{"background-color":"","background-image":"","background-repeat":"repeat","background-position":"center center","background-size":"auto","background-attachment":"scroll","background-type":"","background-media":"","overlay-type":"","overlay-color":"","overlay-opacity":"","overlay-gradient":""},"mobile":{"background-color":"","background-image":"","background-repeat":"repeat","background-position":"center center","background-size":"auto","background-attachment":"scroll","background-type":"","background-media":"","overlay-type":"","overlay-color":"","overlay-opacity":"","overlay-gradient":""}},"ast-content-background-meta":{"desktop":{"background-color":"var(--ast-global-color-5)","background-image":"","background-repeat":"repeat","background-position":"center center","background-size":"auto","background-attachment":"scroll","background-type":"","background-media":"","overlay-type":"","overlay-color":"","overlay-opacity":"","overlay-gradient":""},"tablet":{"background-color":"var(--ast-global-color-5)","background-image":"","background-repeat":"repeat","background-position":"center center","background-size":"auto","background-attachment":"scroll","background-type":"","background-media":"","overlay-type":"","overlay-color":"","overlay-opacity":"","overlay-gradient":""},"mobile":{"background-color":"var(--ast-global-color-5)","background-image":"","background-repeat":"repeat","background-position":"center center","background-size":"auto","background-attachment":"scroll","background-type":"","background-media":"","overlay-type":"","overlay-color":"","overlay-opacity":"","overlay-gradient":""}}},"product_brand":[],"product_cat":[24],"product_tag":[427,226],"class_list":{"0":"post-15171","1":"product","2":"type-product","3":"status-publish","4":"has-post-thumbnail","6":"product_cat-dodaci","7":"product_tag-papuce","8":"product_tag-pedikura","9":"desktop-align-left","10":"tablet-align-left","11":"mobile-align-left","12":"ast-product-gallery-layout-horizontal-slider","13":"ast-product-tabs-layout-horizontal","15":"first","16":"instock","17":"taxable","18":"shipping-taxable","19":"purchasable","20":"product-type-simple"},"yoast_head":"<!-- This site is optimized with the Yoast SEO plugin v27.4 - https:\/\/yoast.com\/product\/yoast-seo-wordpress\/ -->\n<title>Vre\u010dice za pedikuru (50 kom) &#8902; Mea Via Beauty<\/title>\n<meta name=\"description\" content=\"Vre\u010dice za pedikuru (50 kom) &#8902; vre\u010dice za spa salone i pedikuru &#8902; vrhunska kvaliteta &#8902; jednokratne &#8902; higijenske &#8902; pakiranje 50vkomada\" \/>\n<meta name=\"robots\" content=\"index, follow, max-snippet:-1, max-image-preview:large, max-video-preview:-1\" \/>\n<link rel=\"canonical\" href=\"https:\/\/www.meavia-mh.hr\/sl\/product\/vrecice-za-pedikuru-50-kom\/\" \/>\n<meta property=\"og:locale\" content=\"sl_SI\" \/>\n<meta property=\"og:type\" content=\"article\" \/>\n<meta property=\"og:title\" content=\"Vre\u010dice za pedikuru (50 kom) &#8902; Mea Via Beauty\" \/>\n<meta property=\"og:description\" content=\"Vre\u010dice za pedikuru (50 kom) &#8902; vre\u010dice za spa salone i pedikuru &#8902; vrhunska kvaliteta &#8902; jednokratne &#8902; higijenske &#8902; pakiranje 50vkomada\" \/>\n<meta property=\"og:url\" content=\"https:\/\/www.meavia-mh.hr\/sl\/product\/vrecice-za-pedikuru-50-kom\/\" \/>\n<meta property=\"og:site_name\" content=\"Mea Via Beauty\" \/>\n<meta property=\"article:publisher\" content=\"https:\/\/www.facebook.com\/MeaViaNailsWorld\" \/>\n<meta property=\"article:modified_time\" content=\"2026-03-18T07:34:53+00:00\" \/>\n<meta property=\"og:image\" content=\"https:\/\/www.meavia-mh.hr\/wp-content\/uploads\/2022\/08\/b021d5ca-ac95-45b1-b95e-6383b4e6a702.jpg\" \/>\n\t<meta property=\"og:image:width\" content=\"500\" \/>\n\t<meta property=\"og:image:height\" content=\"433\" \/>\n\t<meta property=\"og:image:type\" content=\"image\/jpeg\" \/>\n<meta name=\"twitter:card\" content=\"summary_large_image\" \/>\n<meta name=\"twitter:label1\" content=\"Est. reading time\" \/>\n\t<meta name=\"twitter:data1\" content=\"1 minuta\" \/>\n<script type=\"application\/ld+json\" class=\"yoast-schema-graph\">{\"@context\":\"https:\\\/\\\/schema.org\",\"@graph\":[{\"@type\":\"WebPage\",\"@id\":\"https:\\\/\\\/www.meavia-mh.hr\\\/product\\\/vrecice-za-pedikuru-50-kom\\\/\",\"url\":\"https:\\\/\\\/www.meavia-mh.hr\\\/product\\\/vrecice-za-pedikuru-50-kom\\\/\",\"name\":\"Vre\u010dice za pedikuru (50 kom) &#8902; Mea Via Beauty\",\"isPartOf\":{\"@id\":\"https:\\\/\\\/meavia-mh.hr\\\/sl\\\/#website\"},\"primaryImageOfPage\":{\"@id\":\"https:\\\/\\\/www.meavia-mh.hr\\\/product\\\/vrecice-za-pedikuru-50-kom\\\/#primaryimage\"},\"image\":{\"@id\":\"https:\\\/\\\/www.meavia-mh.hr\\\/product\\\/vrecice-za-pedikuru-50-kom\\\/#primaryimage\"},\"thumbnailUrl\":\"https:\\\/\\\/www.meavia-mh.hr\\\/wp-content\\\/uploads\\\/2022\\\/08\\\/b021d5ca-ac95-45b1-b95e-6383b4e6a702.jpg\",\"datePublished\":\"2022-08-02T16:42:10+00:00\",\"dateModified\":\"2026-03-18T07:34:53+00:00\",\"description\":\"Vre\u010dice za pedikuru (50 kom) &#8902; vre\u010dice za spa salone i pedikuru &#8902; vrhunska kvaliteta &#8902; jednokratne &#8902; higijenske &#8902; pakiranje 50vkomada\",\"breadcrumb\":{\"@id\":\"https:\\\/\\\/www.meavia-mh.hr\\\/product\\\/vrecice-za-pedikuru-50-kom\\\/#breadcrumb\"},\"inLanguage\":\"sl-SI\",\"potentialAction\":[{\"@type\":\"ReadAction\",\"target\":[\"https:\\\/\\\/www.meavia-mh.hr\\\/product\\\/vrecice-za-pedikuru-50-kom\\\/\"]}]},{\"@type\":\"ImageObject\",\"inLanguage\":\"sl-SI\",\"@id\":\"https:\\\/\\\/www.meavia-mh.hr\\\/product\\\/vrecice-za-pedikuru-50-kom\\\/#primaryimage\",\"url\":\"https:\\\/\\\/www.meavia-mh.hr\\\/wp-content\\\/uploads\\\/2022\\\/08\\\/b021d5ca-ac95-45b1-b95e-6383b4e6a702.jpg\",\"contentUrl\":\"https:\\\/\\\/www.meavia-mh.hr\\\/wp-content\\\/uploads\\\/2022\\\/08\\\/b021d5ca-ac95-45b1-b95e-6383b4e6a702.jpg\",\"width\":500,\"height\":433,\"caption\":\"Vre\u010dice za pedikuru\"},{\"@type\":\"BreadcrumbList\",\"@id\":\"https:\\\/\\\/www.meavia-mh.hr\\\/product\\\/vrecice-za-pedikuru-50-kom\\\/#breadcrumb\",\"itemListElement\":[{\"@type\":\"ListItem\",\"position\":1,\"name\":\"Po\u010detna stranica\",\"item\":\"https:\\\/\\\/www.meavia-mh.hr\\\/\"},{\"@type\":\"ListItem\",\"position\":2,\"name\":\"Trgovina\",\"item\":\"https:\\\/\\\/meavia-mh.hr\\\/sl\\\/store\\\/\"},{\"@type\":\"ListItem\",\"position\":3,\"name\":\"Vre\u010dice za pedikuru (50 kom)\"}]},{\"@type\":\"WebSite\",\"@id\":\"https:\\\/\\\/meavia-mh.hr\\\/sl\\\/#website\",\"url\":\"https:\\\/\\\/meavia-mh.hr\\\/sl\\\/\",\"name\":\"Mea Via Beauty\",\"description\":\"Only The Best For Your Beauty\",\"publisher\":{\"@id\":\"https:\\\/\\\/meavia-mh.hr\\\/sl\\\/#organization\"},\"alternateName\":\"Mea Via Nails\",\"potentialAction\":[{\"@type\":\"SearchAction\",\"target\":{\"@type\":\"EntryPoint\",\"urlTemplate\":\"https:\\\/\\\/meavia-mh.hr\\\/sl\\\/?s={search_term_string}\"},\"query-input\":{\"@type\":\"PropertyValueSpecification\",\"valueRequired\":true,\"valueName\":\"search_term_string\"}}],\"inLanguage\":\"sl-SI\"},{\"@type\":\"Organization\",\"@id\":\"https:\\\/\\\/meavia-mh.hr\\\/sl\\\/#organization\",\"name\":\"Mea Via Nails World\",\"alternateName\":\"Mea Via\",\"url\":\"https:\\\/\\\/meavia-mh.hr\\\/sl\\\/\",\"logo\":{\"@type\":\"ImageObject\",\"inLanguage\":\"sl-SI\",\"@id\":\"https:\\\/\\\/meavia-mh.hr\\\/sl\\\/#\\\/schema\\\/logo\\\/image\\\/\",\"url\":\"https:\\\/\\\/www.meavia-mh.hr\\\/wp-content\\\/uploads\\\/2020\\\/12\\\/Mea-Via.png\",\"contentUrl\":\"https:\\\/\\\/www.meavia-mh.hr\\\/wp-content\\\/uploads\\\/2020\\\/12\\\/Mea-Via.png\",\"width\":1181,\"height\":393,\"caption\":\"Mea Via Nails World\"},\"image\":{\"@id\":\"https:\\\/\\\/meavia-mh.hr\\\/sl\\\/#\\\/schema\\\/logo\\\/image\\\/\"},\"sameAs\":[\"https:\\\/\\\/www.facebook.com\\\/MeaViaNailsWorld\",\"https:\\\/\\\/www.instagram.com\\\/mea_via_nails_world\\\/\",\"https:\\\/\\\/www.youtube.com\\\/channel\\\/UCECk0hpRWP6TN-EfA4ER96g\\\/featured\"]}]}<\/script>\n<!-- \/ Yoast SEO plugin. -->","yoast_head_json":{"title":"Vre\u010dke za pedikuro (50 kosov) \u22c6 Mea Via Beauty","description":"Vre\u010dke za pedikuro (50 kosov) \u22c6 vre\u010dke za spa salone in pedikuro \u22c6 vrhunska kakovost \u22c6 za enkratno uporabo \u22c6 higienske \u22c6 pakiranje 50 kosov","robots":{"index":"index","follow":"follow","max-snippet":"max-snippet:-1","max-image-preview":"max-image-preview:large","max-video-preview":"max-video-preview:-1"},"canonical":"https:\/\/www.meavia-mh.hr\/sl\/product\/vrecice-za-pedikuru-50-kom\/","og_locale":"sl_SI","og_type":"article","og_title":"Vre\u010dice za pedikuru (50 kom) &#8902; Mea Via Beauty","og_description":"Vre\u010dice za pedikuru (50 kom) &#8902; vre\u010dice za spa salone i pedikuru &#8902; vrhunska kvaliteta &#8902; jednokratne &#8902; higijenske &#8902; pakiranje 50vkomada","og_url":"https:\/\/www.meavia-mh.hr\/sl\/product\/vrecice-za-pedikuru-50-kom\/","og_site_name":"Mea Via Beauty","article_publisher":"https:\/\/www.facebook.com\/MeaViaNailsWorld","article_modified_time":"2026-03-18T07:34:53+00:00","og_image":[{"width":500,"height":433,"url":"https:\/\/www.meavia-mh.hr\/wp-content\/uploads\/2022\/08\/b021d5ca-ac95-45b1-b95e-6383b4e6a702.jpg","type":"image\/jpeg"}],"twitter_card":"summary_large_image","twitter_misc":{"Est. reading time":"1 minuta"},"schema":{"@context":"https:\/\/schema.org","@graph":[{"@type":"WebPage","@id":"https:\/\/www.meavia-mh.hr\/product\/vrecice-za-pedikuru-50-kom\/","url":"https:\/\/www.meavia-mh.hr\/product\/vrecice-za-pedikuru-50-kom\/","name":"Vre\u010dke za pedikuro (50 kosov) \u22c6 Mea Via Beauty","isPartOf":{"@id":"https:\/\/meavia-mh.hr\/sl\/#website"},"primaryImageOfPage":{"@id":"https:\/\/www.meavia-mh.hr\/product\/vrecice-za-pedikuru-50-kom\/#primaryimage"},"image":{"@id":"https:\/\/www.meavia-mh.hr\/product\/vrecice-za-pedikuru-50-kom\/#primaryimage"},"thumbnailUrl":"https:\/\/www.meavia-mh.hr\/wp-content\/uploads\/2022\/08\/b021d5ca-ac95-45b1-b95e-6383b4e6a702.jpg","datePublished":"2022-08-02T16:42:10+00:00","dateModified":"2026-03-18T07:34:53+00:00","description":"Vre\u010dke za pedikuro (50 kosov) \u22c6 vre\u010dke za spa salone in pedikuro \u22c6 vrhunska kakovost \u22c6 za enkratno uporabo \u22c6 higienske \u22c6 pakiranje 50 kosov","breadcrumb":{"@id":"https:\/\/www.meavia-mh.hr\/product\/vrecice-za-pedikuru-50-kom\/#breadcrumb"},"inLanguage":"sl-SI","potentialAction":[{"@type":"ReadAction","target":["https:\/\/www.meavia-mh.hr\/product\/vrecice-za-pedikuru-50-kom\/"]}]},{"@type":"ImageObject","inLanguage":"sl-SI","@id":"https:\/\/www.meavia-mh.hr\/product\/vrecice-za-pedikuru-50-kom\/#primaryimage","url":"https:\/\/www.meavia-mh.hr\/wp-content\/uploads\/2022\/08\/b021d5ca-ac95-45b1-b95e-6383b4e6a702.jpg","contentUrl":"https:\/\/www.meavia-mh.hr\/wp-content\/uploads\/2022\/08\/b021d5ca-ac95-45b1-b95e-6383b4e6a702.jpg","width":500,"height":433,"caption":"Vre\u010dice za pedikuru"},{"@type":"BreadcrumbList","@id":"https:\/\/www.meavia-mh.hr\/product\/vrecice-za-pedikuru-50-kom\/#breadcrumb","itemListElement":[{"@type":"ListItem","position":1,"name":"Po\u010detna stranica","item":"https:\/\/www.meavia-mh.hr\/"},{"@type":"ListItem","position":2,"name":"Trgovina","item":"https:\/\/meavia-mh.hr\/sl\/store\/"},{"@type":"ListItem","position":3,"name":"Vre\u010dice za pedikuru (50 kom)"}]},{"@type":"WebSite","@id":"https:\/\/meavia-mh.hr\/sl\/#website","url":"https:\/\/meavia-mh.hr\/sl\/","name":"MEA VIA BEAUTY","description":"Only The Best For Your Beauty","publisher":{"@id":"https:\/\/meavia-mh.hr\/sl\/#organization"},"alternateName":"Mea Via Nails","potentialAction":[{"@type":"SearchAction","target":{"@type":"EntryPoint","urlTemplate":"https:\/\/meavia-mh.hr\/sl\/?s={search_term_string}"},"query-input":{"@type":"PropertyValueSpecification","valueRequired":true,"valueName":"search_term_string"}}],"inLanguage":"sl-SI"},{"@type":"Organization","@id":"https:\/\/meavia-mh.hr\/sl\/#organization","name":"Mea Via Nails World","alternateName":"Mea Via","url":"https:\/\/meavia-mh.hr\/sl\/","logo":{"@type":"ImageObject","inLanguage":"sl-SI","@id":"https:\/\/meavia-mh.hr\/sl\/#\/schema\/logo\/image\/","url":"https:\/\/www.meavia-mh.hr\/wp-content\/uploads\/2020\/12\/Mea-Via.png","contentUrl":"https:\/\/www.meavia-mh.hr\/wp-content\/uploads\/2020\/12\/Mea-Via.png","width":1181,"height":393,"caption":"Mea Via Nails World"},"image":{"@id":"https:\/\/meavia-mh.hr\/sl\/#\/schema\/logo\/image\/"},"sameAs":["https:\/\/www.facebook.com\/MeaViaNailsWorld","https:\/\/www.instagram.com\/mea_via_nails_world\/","https:\/\/www.youtube.com\/channel\/UCECk0hpRWP6TN-EfA4ER96g\/featured"]}]}},"spectra_custom_meta":{"_sku":["5906717403460"],"_regular_price":["6.62"],"total_sales":["33"],"_tax_status":["taxable"],"_tax_class":[""],"_manage_stock":["yes"],"_backorders":["no"],"_sold_individually":["no"],"_virtual":["no"],"_downloadable":["no"],"_product_image_gallery":["15172"],"_download_limit":["-1"],"_download_expiry":["-1"],"_thumbnail_id":["15173"],"_stock":["2"],"_stock_status":["instock"],"_wc_average_rating":["0"],"_wc_review_count":["0"],"_product_version":["10.6.1"],"_price":["6.62"],"_wp_page_template":["default"],"_yoast_wpseo_focuskw":["Vre\u010dice za pedikuru"],"_yoast_wpseo_metadesc":["%%title%% %%sep%% vre\u010dice za spa salone i pedikuru %%sep%% vrhunska kvaliteta %%sep%% jednokratne %%sep%% higijenske %%sep%% pakiranje 50vkomada"],"_yoast_wpseo_linkdex":["52"],"_yoast_wpseo_content_score":["90"],"_yoast_wpseo_estimated-reading-time-minutes":["1"],"_yoast_wpseo_wordproof_timestamp":[""],"cartflows_redirect_flow_id":[""],"cartflows_add_to_cart_text":[""],"_woocs_price_geo_countries":[""],"_woocs_regular_price_geo":[""],"_woocs_sale_price_geo":[""],"site-sidebar-layout":["default"],"site-content-layout":["default"],"theme-transparent-header-meta":["default"],"stick-header-meta":["default"],"_yoast_wpseo_primary_product_cat":["24"],"_edit_lock":["1659459127:1"],"_edit_last":["1"],"_woocs_regular_price_EUR":["6.62"],"_woocs_sale_price_EUR":["-1"],"_lowest_price_30_days":["6.62"],"uag_migration_processed":["1"],"_last_change_time":["1762645879"],"_elementor_page_assets":["a:0:{}"],"_uag_page_assets":["a:9:{s:3:\"css\";s:0:\"\";s:2:\"js\";s:0:\"\";s:18:\"current_block_list\";a:3:{i:0;s:11:\"core\/search\";i:1;s:18:\"core\/legacy-widget\";i:2;s:27:\"woocommerce\/product-filters\";}s:8:\"uag_flag\";b:0;s:11:\"uag_version\";s:10:\"1776341704\";s:6:\"gfonts\";a:0:{}s:10:\"gfonts_url\";s:0:\"\";s:12:\"gfonts_files\";a:0:{}s:14:\"uag_faq_layout\";b:0;}"]},"uagb_featured_image_src":{"full":["https:\/\/www.meavia-mh.hr\/wp-content\/uploads\/2022\/08\/b021d5ca-ac95-45b1-b95e-6383b4e6a702.jpg",500,433,false],"thumbnail":["https:\/\/www.meavia-mh.hr\/wp-content\/uploads\/2022\/08\/b021d5ca-ac95-45b1-b95e-6383b4e6a702-150x150.jpg",150,150,true],"medium":["https:\/\/www.meavia-mh.hr\/wp-content\/uploads\/2022\/08\/b021d5ca-ac95-45b1-b95e-6383b4e6a702-300x260.jpg",300,260,true],"medium_large":["https:\/\/www.meavia-mh.hr\/wp-content\/uploads\/2022\/08\/b021d5ca-ac95-45b1-b95e-6383b4e6a702.jpg",500,433,false],"large":["https:\/\/www.meavia-mh.hr\/wp-content\/uploads\/2022\/08\/b021d5ca-ac95-45b1-b95e-6383b4e6a702.jpg",500,433,false],"1536x1536":["https:\/\/www.meavia-mh.hr\/wp-content\/uploads\/2022\/08\/b021d5ca-ac95-45b1-b95e-6383b4e6a702.jpg",500,433,false],"2048x2048":["https:\/\/www.meavia-mh.hr\/wp-content\/uploads\/2022\/08\/b021d5ca-ac95-45b1-b95e-6383b4e6a702.jpg",500,433,false],"trp-custom-language-flag":["https:\/\/www.meavia-mh.hr\/wp-content\/uploads\/2022\/08\/b021d5ca-ac95-45b1-b95e-6383b4e6a702-14x12.jpg",14,12,true],"woocommerce_thumbnail":["https:\/\/www.meavia-mh.hr\/wp-content\/uploads\/2022\/08\/b021d5ca-ac95-45b1-b95e-6383b4e6a702-300x300.jpg",300,300,true],"woocommerce_single":["https:\/\/www.meavia-mh.hr\/wp-content\/uploads\/2022\/08\/b021d5ca-ac95-45b1-b95e-6383b4e6a702.jpg",500,433,false],"woocommerce_gallery_thumbnail":["https:\/\/www.meavia-mh.hr\/wp-content\/uploads\/2022\/08\/b021d5ca-ac95-45b1-b95e-6383b4e6a702-100x100.jpg",100,100,true]},"uagb_author_info":{"display_name":"Mea Via","author_link":"https:\/\/www.meavia-mh.hr\/sl\/author\/"},"uagb_comment_info":0,"uagb_excerpt":"Vre\u0107ice od folije za pedikuru 50 kom. Prakti\u010dne, higijenske za\u0161titne vre\u0107ice za pedikirsku posudu.\u00a0Pedikerske vre\u0107ice su standardnih dimenzija i odgovaraju uobi\u010dajenim kadicama za pedikir. Namijenjene su profesionalnoj upotrebi. Zna\u010dajke: jednokratne napravljene od polietilena tanke izdr\u017eljive higijenske pakiranje od 50 kom Dimenzije: 50 x 50 cm Koli\u010dina u pakiranju: 50 komada","_links":{"self":[{"href":"https:\/\/www.meavia-mh.hr\/sl\/wp-json\/wp\/v2\/product\/15171","targetHints":{"allow":["GET"]}}],"collection":[{"href":"https:\/\/www.meavia-mh.hr\/sl\/wp-json\/wp\/v2\/product"}],"about":[{"href":"https:\/\/www.meavia-mh.hr\/sl\/wp-json\/wp\/v2\/types\/product"}],"replies":[{"embeddable":true,"href":"https:\/\/www.meavia-mh.hr\/sl\/wp-json\/wp\/v2\/comments?post=15171"}],"version-history":[{"count":1,"href":"https:\/\/www.meavia-mh.hr\/sl\/wp-json\/wp\/v2\/product\/15171\/revisions"}],"predecessor-version":[{"id":30718,"href":"https:\/\/www.meavia-mh.hr\/sl\/wp-json\/wp\/v2\/product\/15171\/revisions\/30718"}],"wp:featuredmedia":[{"embeddable":true,"href":"https:\/\/www.meavia-mh.hr\/sl\/wp-json\/wp\/v2\/media\/15173"}],"wp:attachment":[{"href":"https:\/\/www.meavia-mh.hr\/sl\/wp-json\/wp\/v2\/media?parent=15171"}],"wp:term":[{"taxonomy":"product_brand","embeddable":true,"href":"https:\/\/www.meavia-mh.hr\/sl\/wp-json\/wp\/v2\/product_brand?post=15171"},{"taxonomy":"product_cat","embeddable":true,"href":"https:\/\/www.meavia-mh.hr\/sl\/wp-json\/wp\/v2\/product_cat?post=15171"},{"taxonomy":"product_tag","embeddable":true,"href":"https:\/\/www.meavia-mh.hr\/sl\/wp-json\/wp\/v2\/product_tag?post=15171"}],"curies":[{"name":"delovni list","href":"https:\/\/api.w.org\/{rel}","templated":true}]}}