{"id":14704,"date":"2022-07-17T19:48:01","date_gmt":"2022-07-17T19:48:01","guid":{"rendered":"https:\/\/www.meavia-mh.hr\/?post_type=product&#038;p=14704"},"modified":"2026-01-24T08:26:32","modified_gmt":"2026-01-24T07:26:32","slug":"silikonske-tipse-za-nokte-120-kom","status":"publish","type":"product","link":"https:\/\/www.meavia-mh.hr\/sl\/product\/silikonske-tipse-za-nokte-120-kom\/","title":{"rendered":"Silikonske konice za nohte 120 kom"},"content":{"rendered":"<p>Radi nosite dolge nohte, a bi jih radi naredili v udobju svojega doma veliko hitreje, a z brezhibno strukturo?<\/p>\n<p>Izberite \u017ee pripravljeno re\u0161itev, to so silikonske konice v obliki nohta.<\/p>\n<p>Potreben je le trenutek, da se va\u0161e roke spremenijo v popolne nohte, ki ste jih preprosto zgradili s pomo\u010djo silikonskih konic. Negovani in dolgi nohti na dosegu roke. Popolna konstrukcija odslej ne bo ve\u010d problem in vsak noht bo brezhiben.<\/p>\n<p><span class=\"\">V kompletu je 12 velikosti silikonskih konic, vsaka v druga\u010dni velikosti. Fantje<\/span>\u00a0so o\u0161tevil\u010dene z velikostmi od 0 do 11.<\/p>\n<p><span class=\"\">Posebej zasnovan za hitro oblikovanje nohtov <a href=\"https:\/\/www.meavia-mh.hr\/sl\/product\/palu-flexi-acryl-gel-peach-3-30-ml\/\">PALU akrilni geli<\/a>, gradbeni geli in akrili.<\/span><\/p>\n<p><span class=\"\">Konice so namenjene ve\u010dkratni uporabi.<\/span><\/p>\n<p><strong>Paket vsebuje:<\/strong>\u00a0120 kosov konic - 12 razli\u010dnih velikosti, ki jih enostavno prilagodite vsakemu nohtu.<\/p>\n<p>Silikonske konice so narejene iz zelo mo\u010dnega, a fleksibilnega silikonskega materiala. Nohti narejeni s konicami izgledajo zelo naravno. Med nanosom in uporabo ne pokajo.<\/p>\n<p>Zahvaljujo\u010d njim lahko hitro in u\u010dinkovito oblikujemo pravo obliko nohta brez piljenja (odvisno od natan\u010dnosti nanosa izdelka). Pazite, da izberete pravilno velikost konice glede na nohtno plo\u0161\u010do. Konica mora biti vedno enake velikosti naravnega nohta. V paketu dobite 12 razli\u010dnih velikosti konic.\u00a0<span style=\"font-size: 16px;font-style: normal\">P<\/span><span style=\"font-size: 16px;font-style: normal\">prilagodite konico glede na obliko nohta.<\/span><\/p>\n<p>Ko uporabljate na\u0161e <strong>obrazci<\/strong>, zamudite najte\u017ejo fazo - ustvarjanje popolne oblike, oblikovanje legendarne &quot;C-krivulje&quot; in piljenje - vse to deluje za vas dvojno obliko!<\/p>\n<p><strong>Enostavno in hitro do popolnih nohtov.<\/strong><\/p>\n<p><a href=\"https:\/\/www.meavia-mh.hr\/wp-content\/uploads\/2022\/01\/Slika-zaslona-2022-01-06-u-12.41.51.jpg\"><img fetchpriority=\"high\" decoding=\"async\" class=\"aligncenter wp-image-10593 size-large\" src=\"https:\/\/www.meavia-mh.hr\/wp-content\/uploads\/2022\/01\/Slika-zaslona-2022-01-06-u-12.41.51-1024x468.jpg\" alt=\"Dual tipse balerina\" width=\"1024\" height=\"468\" srcset=\"https:\/\/www.meavia-mh.hr\/wp-content\/uploads\/2022\/01\/Slika-zaslona-2022-01-06-u-12.41.51-1024x468.jpg 1024w, https:\/\/www.meavia-mh.hr\/wp-content\/uploads\/2022\/01\/Slika-zaslona-2022-01-06-u-12.41.51-300x137.jpg 300w, https:\/\/www.meavia-mh.hr\/wp-content\/uploads\/2022\/01\/Slika-zaslona-2022-01-06-u-12.41.51-768x351.jpg 768w, https:\/\/www.meavia-mh.hr\/wp-content\/uploads\/2022\/01\/Slika-zaslona-2022-01-06-u-12.41.51-1536x702.jpg 1536w, https:\/\/www.meavia-mh.hr\/wp-content\/uploads\/2022\/01\/Slika-zaslona-2022-01-06-u-12.41.51-18x8.jpg 18w, https:\/\/www.meavia-mh.hr\/wp-content\/uploads\/2022\/01\/Slika-zaslona-2022-01-06-u-12.41.51-600x274.jpg 600w, https:\/\/www.meavia-mh.hr\/wp-content\/uploads\/2022\/01\/Slika-zaslona-2022-01-06-u-12.41.51.jpg 1614w\" sizes=\"(max-width: 1024px) 100vw, 1024px\" \/><\/a><\/p>\n<h6><strong>Navodila za uporabo:<\/strong><\/h6>\n<ol>\n<li>Nohtno plo\u0161\u010do ne\u017eno polakirajte s polirno plo\u0161\u010dico, s \u010dopi\u010dem odstranite nastali prah in nohte sperite z razku\u017eilom.<\/li>\n<li>Standardno pripravite noht za hibridni lak, gel ali akril gel. Prijavite se <a href=\"https:\/\/www.meavia-mh.hr\/sl\/product\/palu-maxi-base-11-ml\/\">PADLA baza<\/a> in strdi noter <a href=\"https:\/\/www.meavia-mh.hr\/sl\/product\/led-lampa-za-nokte-u1-84w\/\">UV\/LED lu\u010dki.<\/a><\/li>\n<li>Izberite silikonsko konico, prilagojeno posameznemu nohtu. Previdno prilagodite velikost z nohti in nanesite kroglico na konkavni del obrazca <a href=\"https:\/\/www.meavia-mh.hr\/sl\/product\/palu-flexi-acryl-gel-clear-1-30-ml\/\">PALU Flexi akrilni gel<\/a> ali <a href=\"https:\/\/www.meavia-mh.hr\/sl\/product\/ikon-iq-polytek-polymer-gel-clear-60g\/\">IKON.iQ Polytek akrilni gel.<\/a><\/li>\n<li>\u010copi\u010d navla\u017eite z akrilnim gelom. Prese\u017eek lahko odcedite na papirnati brisa\u010di, kar priporo\u010damo.<\/li>\n<li>Izdelek enakomerno porazdelite \u2013 koncentrirajte ga na sredino kalupa. Prepri\u010dajte se, da je \u010dopi\u010d \u010dopi\u010da ves \u010das moker in da robovi, ki se bodo dr\u017eali ene od obnohtnih ko\u017eic, nimajo preve\u010d akrilnega gela. Da izdelek na konicah zgladimo in dose\u017eemo \u017eeleno dol\u017eino, uporabimo \u010dopi\u010d, namo\u010den v \u010distilo.<\/li>\n<li>Kalup nanesite in z optimalnim pritiskom pritisnite na noht. Na tej stopnji lahko \u0161e vedno popravite njegovo postavitev. Nato obrnite roko in preverite, ali je pod njo preve\u010d politega izdelka. S sponko za nohte dodatno pritrdite noht pred polimerizacijo v UV\/LED lu\u010dki.<\/li>\n<li>Po strjevanju v UV\/LED \u017earnici obliko ne\u017eno odlepite z vzvodom na robovih.<\/li>\n<li>Uporabite brusilnik za nohte ali pilico, da nohtom date kon\u010dno \u017eeleno obliko.<\/li>\n<li>Nazadnje lahko nohte oblikujete z nanosom hibridnega laka. Izberite barvo po svoji izbiri iz bogate zbirke vrhunskih trajnih lakov iz na\u0161e ponudbe (<a href=\"https:\/\/www.meavia-mh.hr\/sl\/product\/ikon-iq-prima-gel-polish-trajni-lak-matilda-15-ml\/\">IKON.iQ Prima gel lak<\/a> ali <a href=\"https:\/\/www.meavia-mh.hr\/sl\/product\/palu-gel-polish-trajni-lak-hollywood-red-r3-11-ml\/\">PALU gel lak<\/a>) ali jih pustite v tej obliki! Na koncu nanesite \u0161e zadnji sloj iz na\u0161e zbirke (<a href=\"https:\/\/www.meavia-mh.hr\/sl\/product\/ikon-iq-prima-gel-polish-shine-like-a-diamond-non-wipe-top-15ml\/\">IKON.iQ prima sije kot diamant<\/a>, <a href=\"https:\/\/www.meavia-mh.hr\/sl\/product\/ikon-iq-prima-matte-top-non-wipe-15-ml\/\">IKON.iQ Prima mat top<\/a>, <a href=\"https:\/\/www.meavia-mh.hr\/sl\/product\/palu-top-coat-no-wipe-11-ml\/\">PALU top coat no wipe<\/a>, <a href=\"https:\/\/www.meavia-mh.hr\/sl\/product\/palu-top-coat-shine-1-11-ml\/\">PALU nadlak za sijaj<\/a>, <a href=\"https:\/\/www.meavia-mh.hr\/sl\/product\/palu-top-coat-no-wipe-flash-silver-11-ml\/\">PALU zgornji premaz Flash Silver<\/a>, <a href=\"https:\/\/www.meavia-mh.hr\/sl\/product\/palu-top-coat-no-wipe-flash-blue-11-ml\/\">PALU zgornji premaz Flash Blue<\/a>).<\/li>\n<\/ol>\n<h6><strong>Barva: prozorna<\/strong><\/h6>\n<h6>Pakiranje 120 kosov<\/h6>\n<h6>Material: silikon<\/h6>","protected":false},"excerpt":{"rendered":"<p>Volite li nositi duge nokte, ali biste ih \u017eeljeli napraviti u udobnosti svog doma puno br\u017ee, ali s besprijekornom strukturom? Odaberite gotovo rje\u0161enje, a to su sillikonske tipse u obliku nokta. Dovoljan je samo trenutak da se va\u0161e ruke promijene do uz savr\u0161ene nokte koje ste jednostavno izgradili uz pomo\u0107 slikonskih tipsi.\u00a0Njegovani i dugi nokti [&hellip;]<\/p>\n","protected":false},"featured_media":14706,"comment_status":"closed","ping_status":"closed","template":"","meta":{"_uag_custom_page_level_css":"","site-sidebar-layout":"default","site-content-layout":null,"ast-site-content-layout":"default","site-content-style":"default","site-sidebar-style":"default","ast-global-header-display":"","ast-banner-title-visibility":"","ast-main-header-display":"","ast-hfb-above-header-display":"","ast-hfb-below-header-display":"","ast-hfb-mobile-header-display":"","site-post-title":"","ast-breadcrumbs-content":"","ast-featured-img":"","footer-sml-layout":"","ast-disable-related-posts":"","theme-transparent-header-meta":"default","adv-header-id-meta":"","stick-header-meta":"default","header-above-stick-meta":"","header-main-stick-meta":"","header-below-stick-meta":"","astra-migrate-meta-layouts":"default","ast-page-background-enabled":"default","ast-page-background-meta":{"desktop":{"background-color":"var(--ast-global-color-4)","background-image":"","background-repeat":"repeat","background-position":"center center","background-size":"auto","background-attachment":"scroll","background-type":"","background-media":"","overlay-type":"","overlay-color":"","overlay-opacity":"","overlay-gradient":""},"tablet":{"background-color":"","background-image":"","background-repeat":"repeat","background-position":"center center","background-size":"auto","background-attachment":"scroll","background-type":"","background-media":"","overlay-type":"","overlay-color":"","overlay-opacity":"","overlay-gradient":""},"mobile":{"background-color":"","background-image":"","background-repeat":"repeat","background-position":"center center","background-size":"auto","background-attachment":"scroll","background-type":"","background-media":"","overlay-type":"","overlay-color":"","overlay-opacity":"","overlay-gradient":""}},"ast-content-background-meta":{"desktop":{"background-color":"var(--ast-global-color-5)","background-image":"","background-repeat":"repeat","background-position":"center center","background-size":"auto","background-attachment":"scroll","background-type":"","background-media":"","overlay-type":"","overlay-color":"","overlay-opacity":"","overlay-gradient":""},"tablet":{"background-color":"var(--ast-global-color-5)","background-image":"","background-repeat":"repeat","background-position":"center center","background-size":"auto","background-attachment":"scroll","background-type":"","background-media":"","overlay-type":"","overlay-color":"","overlay-opacity":"","overlay-gradient":""},"mobile":{"background-color":"var(--ast-global-color-5)","background-image":"","background-repeat":"repeat","background-position":"center center","background-size":"auto","background-attachment":"scroll","background-type":"","background-media":"","overlay-type":"","overlay-color":"","overlay-opacity":"","overlay-gradient":""}}},"product_brand":[],"product_cat":[116],"product_tag":[329,129],"class_list":{"0":"post-14704","1":"product","2":"type-product","3":"status-publish","4":"has-post-thumbnail","6":"product_cat-sablone-i-tipse","7":"product_tag-dual-tipse","8":"product_tag-tipse","9":"desktop-align-left","10":"tablet-align-left","11":"mobile-align-left","12":"ast-product-gallery-layout-horizontal-slider","13":"ast-product-gallery-with-no-image","14":"ast-product-tabs-layout-horizontal","16":"first","17":"outofstock","18":"taxable","19":"shipping-taxable","20":"purchasable","21":"product-type-simple"},"yoast_head":"<!-- This site is optimized with the Yoast SEO plugin v27.4 - https:\/\/yoast.com\/product\/yoast-seo-wordpress\/ -->\n<title>Silikonske tipse za nokte 120 kom &#8902; Mea Via Beauty<\/title>\n<meta name=\"description\" content=\"Mea Via Beauty &#8902; Silikonske tipse za nokte 120 kom &#8902; jednostavna izgradnja nokta &#8902; oblik balerina &#8902; prilago\u0111ene veli\u010dine svakom noktu\" \/>\n<meta name=\"robots\" content=\"index, follow, max-snippet:-1, max-image-preview:large, max-video-preview:-1\" \/>\n<link rel=\"canonical\" href=\"https:\/\/www.meavia-mh.hr\/sl\/product\/silikonske-tipse-za-nokte-120-kom\/\" \/>\n<meta property=\"og:locale\" content=\"sl_SI\" \/>\n<meta property=\"og:type\" content=\"article\" \/>\n<meta property=\"og:title\" content=\"Silikonske tipse za nokte 120 kom &#8902; Mea Via Beauty\" \/>\n<meta property=\"og:description\" content=\"Mea Via Beauty &#8902; Silikonske tipse za nokte 120 kom &#8902; jednostavna izgradnja nokta &#8902; oblik balerina &#8902; prilago\u0111ene veli\u010dine svakom noktu\" \/>\n<meta property=\"og:url\" content=\"https:\/\/www.meavia-mh.hr\/sl\/product\/silikonske-tipse-za-nokte-120-kom\/\" \/>\n<meta property=\"og:site_name\" content=\"Mea Via Beauty\" \/>\n<meta property=\"article:publisher\" content=\"https:\/\/www.facebook.com\/MeaViaNailsWorld\" \/>\n<meta property=\"article:modified_time\" content=\"2026-01-24T07:26:32+00:00\" \/>\n<meta property=\"og:image\" content=\"https:\/\/www.meavia-mh.hr\/wp-content\/uploads\/2022\/07\/a203f24b-de46-4f51-bad4-1a9ea4a425c6.jpg\" \/>\n\t<meta property=\"og:image:width\" content=\"1500\" \/>\n\t<meta property=\"og:image:height\" content=\"1500\" \/>\n\t<meta property=\"og:image:type\" content=\"image\/jpeg\" \/>\n<meta name=\"twitter:card\" content=\"summary_large_image\" \/>\n<meta name=\"twitter:label1\" content=\"Est. reading time\" \/>\n\t<meta name=\"twitter:data1\" content=\"3 minute\" \/>\n<script type=\"application\/ld+json\" class=\"yoast-schema-graph\">{\"@context\":\"https:\\\/\\\/schema.org\",\"@graph\":[{\"@type\":\"WebPage\",\"@id\":\"https:\\\/\\\/www.meavia-mh.hr\\\/product\\\/silikonske-tipse-za-nokte-120-kom\\\/\",\"url\":\"https:\\\/\\\/www.meavia-mh.hr\\\/product\\\/silikonske-tipse-za-nokte-120-kom\\\/\",\"name\":\"Silikonske tipse za nokte 120 kom &#8902; Mea Via Beauty\",\"isPartOf\":{\"@id\":\"https:\\\/\\\/meavia-mh.hr\\\/sl\\\/#website\"},\"primaryImageOfPage\":{\"@id\":\"https:\\\/\\\/www.meavia-mh.hr\\\/product\\\/silikonske-tipse-za-nokte-120-kom\\\/#primaryimage\"},\"image\":{\"@id\":\"https:\\\/\\\/www.meavia-mh.hr\\\/product\\\/silikonske-tipse-za-nokte-120-kom\\\/#primaryimage\"},\"thumbnailUrl\":\"https:\\\/\\\/www.meavia-mh.hr\\\/wp-content\\\/uploads\\\/2022\\\/07\\\/a203f24b-de46-4f51-bad4-1a9ea4a425c6.jpg\",\"datePublished\":\"2022-07-17T19:48:01+00:00\",\"dateModified\":\"2026-01-24T07:26:32+00:00\",\"description\":\"Mea Via Beauty &#8902; Silikonske tipse za nokte 120 kom &#8902; jednostavna izgradnja nokta &#8902; oblik balerina &#8902; prilago\u0111ene veli\u010dine svakom noktu\",\"breadcrumb\":{\"@id\":\"https:\\\/\\\/www.meavia-mh.hr\\\/product\\\/silikonske-tipse-za-nokte-120-kom\\\/#breadcrumb\"},\"inLanguage\":\"sl-SI\",\"potentialAction\":[{\"@type\":\"ReadAction\",\"target\":[\"https:\\\/\\\/www.meavia-mh.hr\\\/product\\\/silikonske-tipse-za-nokte-120-kom\\\/\"]}]},{\"@type\":\"ImageObject\",\"inLanguage\":\"sl-SI\",\"@id\":\"https:\\\/\\\/www.meavia-mh.hr\\\/product\\\/silikonske-tipse-za-nokte-120-kom\\\/#primaryimage\",\"url\":\"https:\\\/\\\/www.meavia-mh.hr\\\/wp-content\\\/uploads\\\/2022\\\/07\\\/a203f24b-de46-4f51-bad4-1a9ea4a425c6.jpg\",\"contentUrl\":\"https:\\\/\\\/www.meavia-mh.hr\\\/wp-content\\\/uploads\\\/2022\\\/07\\\/a203f24b-de46-4f51-bad4-1a9ea4a425c6.jpg\",\"width\":1500,\"height\":1500,\"caption\":\"Silikonske tipse za nokte 120 kom\"},{\"@type\":\"BreadcrumbList\",\"@id\":\"https:\\\/\\\/www.meavia-mh.hr\\\/product\\\/silikonske-tipse-za-nokte-120-kom\\\/#breadcrumb\",\"itemListElement\":[{\"@type\":\"ListItem\",\"position\":1,\"name\":\"Po\u010detna stranica\",\"item\":\"https:\\\/\\\/www.meavia-mh.hr\\\/\"},{\"@type\":\"ListItem\",\"position\":2,\"name\":\"Trgovina\",\"item\":\"https:\\\/\\\/meavia-mh.hr\\\/sl\\\/store\\\/\"},{\"@type\":\"ListItem\",\"position\":3,\"name\":\"Silikonske tipse za nokte 120 kom\"}]},{\"@type\":\"WebSite\",\"@id\":\"https:\\\/\\\/meavia-mh.hr\\\/sl\\\/#website\",\"url\":\"https:\\\/\\\/meavia-mh.hr\\\/sl\\\/\",\"name\":\"Mea Via Beauty\",\"description\":\"Only The Best For Your Beauty\",\"publisher\":{\"@id\":\"https:\\\/\\\/meavia-mh.hr\\\/sl\\\/#organization\"},\"alternateName\":\"Mea Via Nails\",\"potentialAction\":[{\"@type\":\"SearchAction\",\"target\":{\"@type\":\"EntryPoint\",\"urlTemplate\":\"https:\\\/\\\/meavia-mh.hr\\\/sl\\\/?s={search_term_string}\"},\"query-input\":{\"@type\":\"PropertyValueSpecification\",\"valueRequired\":true,\"valueName\":\"search_term_string\"}}],\"inLanguage\":\"sl-SI\"},{\"@type\":\"Organization\",\"@id\":\"https:\\\/\\\/meavia-mh.hr\\\/sl\\\/#organization\",\"name\":\"Mea Via Nails World\",\"alternateName\":\"Mea Via\",\"url\":\"https:\\\/\\\/meavia-mh.hr\\\/sl\\\/\",\"logo\":{\"@type\":\"ImageObject\",\"inLanguage\":\"sl-SI\",\"@id\":\"https:\\\/\\\/meavia-mh.hr\\\/sl\\\/#\\\/schema\\\/logo\\\/image\\\/\",\"url\":\"https:\\\/\\\/www.meavia-mh.hr\\\/wp-content\\\/uploads\\\/2020\\\/12\\\/Mea-Via.png\",\"contentUrl\":\"https:\\\/\\\/www.meavia-mh.hr\\\/wp-content\\\/uploads\\\/2020\\\/12\\\/Mea-Via.png\",\"width\":1181,\"height\":393,\"caption\":\"Mea Via Nails World\"},\"image\":{\"@id\":\"https:\\\/\\\/meavia-mh.hr\\\/sl\\\/#\\\/schema\\\/logo\\\/image\\\/\"},\"sameAs\":[\"https:\\\/\\\/www.facebook.com\\\/MeaViaNailsWorld\",\"https:\\\/\\\/www.instagram.com\\\/mea_via_nails_world\\\/\",\"https:\\\/\\\/www.youtube.com\\\/channel\\\/UCECk0hpRWP6TN-EfA4ER96g\\\/featured\"]}]}<\/script>\n<!-- \/ Yoast SEO plugin. -->","yoast_head_json":{"title":"Silikonski nastavki za nohte 120 kosov \u22c6 Mea Via Beauty","description":"Mea Via Beauty \u22c6 Silikonski konici za nohte 120 kosov \u22c6 preprosto oblikovanje nohtov \u22c6 oblika balerine \u22c6 velikosti po meri za vsak noht","robots":{"index":"index","follow":"follow","max-snippet":"max-snippet:-1","max-image-preview":"max-image-preview:large","max-video-preview":"max-video-preview:-1"},"canonical":"https:\/\/www.meavia-mh.hr\/sl\/product\/silikonske-tipse-za-nokte-120-kom\/","og_locale":"sl_SI","og_type":"article","og_title":"Silikonske tipse za nokte 120 kom &#8902; Mea Via Beauty","og_description":"Mea Via Beauty &#8902; Silikonske tipse za nokte 120 kom &#8902; jednostavna izgradnja nokta &#8902; oblik balerina &#8902; prilago\u0111ene veli\u010dine svakom noktu","og_url":"https:\/\/www.meavia-mh.hr\/sl\/product\/silikonske-tipse-za-nokte-120-kom\/","og_site_name":"Mea Via Beauty","article_publisher":"https:\/\/www.facebook.com\/MeaViaNailsWorld","article_modified_time":"2026-01-24T07:26:32+00:00","og_image":[{"width":1500,"height":1500,"url":"https:\/\/www.meavia-mh.hr\/wp-content\/uploads\/2022\/07\/a203f24b-de46-4f51-bad4-1a9ea4a425c6.jpg","type":"image\/jpeg"}],"twitter_card":"summary_large_image","twitter_misc":{"Est. reading time":"3 minute"},"schema":{"@context":"https:\/\/schema.org","@graph":[{"@type":"WebPage","@id":"https:\/\/www.meavia-mh.hr\/product\/silikonske-tipse-za-nokte-120-kom\/","url":"https:\/\/www.meavia-mh.hr\/product\/silikonske-tipse-za-nokte-120-kom\/","name":"Silikonski nastavki za nohte 120 kosov \u22c6 Mea Via Beauty","isPartOf":{"@id":"https:\/\/meavia-mh.hr\/sl\/#website"},"primaryImageOfPage":{"@id":"https:\/\/www.meavia-mh.hr\/product\/silikonske-tipse-za-nokte-120-kom\/#primaryimage"},"image":{"@id":"https:\/\/www.meavia-mh.hr\/product\/silikonske-tipse-za-nokte-120-kom\/#primaryimage"},"thumbnailUrl":"https:\/\/www.meavia-mh.hr\/wp-content\/uploads\/2022\/07\/a203f24b-de46-4f51-bad4-1a9ea4a425c6.jpg","datePublished":"2022-07-17T19:48:01+00:00","dateModified":"2026-01-24T07:26:32+00:00","description":"Mea Via Beauty \u22c6 Silikonski konici za nohte 120 kosov \u22c6 preprosto oblikovanje nohtov \u22c6 oblika balerine \u22c6 velikosti po meri za vsak noht","breadcrumb":{"@id":"https:\/\/www.meavia-mh.hr\/product\/silikonske-tipse-za-nokte-120-kom\/#breadcrumb"},"inLanguage":"sl-SI","potentialAction":[{"@type":"ReadAction","target":["https:\/\/www.meavia-mh.hr\/product\/silikonske-tipse-za-nokte-120-kom\/"]}]},{"@type":"ImageObject","inLanguage":"sl-SI","@id":"https:\/\/www.meavia-mh.hr\/product\/silikonske-tipse-za-nokte-120-kom\/#primaryimage","url":"https:\/\/www.meavia-mh.hr\/wp-content\/uploads\/2022\/07\/a203f24b-de46-4f51-bad4-1a9ea4a425c6.jpg","contentUrl":"https:\/\/www.meavia-mh.hr\/wp-content\/uploads\/2022\/07\/a203f24b-de46-4f51-bad4-1a9ea4a425c6.jpg","width":1500,"height":1500,"caption":"Silikonske tipse za nokte 120 kom"},{"@type":"BreadcrumbList","@id":"https:\/\/www.meavia-mh.hr\/product\/silikonske-tipse-za-nokte-120-kom\/#breadcrumb","itemListElement":[{"@type":"ListItem","position":1,"name":"Po\u010detna stranica","item":"https:\/\/www.meavia-mh.hr\/"},{"@type":"ListItem","position":2,"name":"Trgovina","item":"https:\/\/meavia-mh.hr\/sl\/store\/"},{"@type":"ListItem","position":3,"name":"Silikonske tipse za nokte 120 kom"}]},{"@type":"WebSite","@id":"https:\/\/meavia-mh.hr\/sl\/#website","url":"https:\/\/meavia-mh.hr\/sl\/","name":"MEA VIA BEAUTY","description":"Only The Best For Your Beauty","publisher":{"@id":"https:\/\/meavia-mh.hr\/sl\/#organization"},"alternateName":"Mea Via Nails","potentialAction":[{"@type":"SearchAction","target":{"@type":"EntryPoint","urlTemplate":"https:\/\/meavia-mh.hr\/sl\/?s={search_term_string}"},"query-input":{"@type":"PropertyValueSpecification","valueRequired":true,"valueName":"search_term_string"}}],"inLanguage":"sl-SI"},{"@type":"Organization","@id":"https:\/\/meavia-mh.hr\/sl\/#organization","name":"Mea Via Nails World","alternateName":"Mea Via","url":"https:\/\/meavia-mh.hr\/sl\/","logo":{"@type":"ImageObject","inLanguage":"sl-SI","@id":"https:\/\/meavia-mh.hr\/sl\/#\/schema\/logo\/image\/","url":"https:\/\/www.meavia-mh.hr\/wp-content\/uploads\/2020\/12\/Mea-Via.png","contentUrl":"https:\/\/www.meavia-mh.hr\/wp-content\/uploads\/2020\/12\/Mea-Via.png","width":1181,"height":393,"caption":"Mea Via Nails World"},"image":{"@id":"https:\/\/meavia-mh.hr\/sl\/#\/schema\/logo\/image\/"},"sameAs":["https:\/\/www.facebook.com\/MeaViaNailsWorld","https:\/\/www.instagram.com\/mea_via_nails_world\/","https:\/\/www.youtube.com\/channel\/UCECk0hpRWP6TN-EfA4ER96g\/featured"]}]}},"spectra_custom_meta":{"_sku":["5906750236964"],"_regular_price":["6.62"],"total_sales":["16"],"_tax_status":["taxable"],"_tax_class":[""],"_manage_stock":["yes"],"_backorders":["no"],"_sold_individually":["no"],"_virtual":["no"],"_downloadable":["no"],"_download_limit":["-1"],"_download_expiry":["-1"],"_thumbnail_id":["14706"],"_stock":["0"],"_stock_status":["outofstock"],"_wc_average_rating":["0"],"_wc_review_count":["0"],"_product_version":["10.4.3"],"_price":["6.62"],"_wp_page_template":["default"],"_yoast_wpseo_focuskw":["dual tipse"],"_yoast_wpseo_metadesc":["%%sitename%% %%sep%% %%title%% %%sep%% jednostavna izgradnja nokta %%sep%% oblik balerina %%sep%% prilago\u0111ene veli\u010dine svakom noktu"],"_yoast_wpseo_linkdex":["59"],"_yoast_wpseo_content_score":["90"],"_yoast_wpseo_primary_product_cat":["24"],"site-sidebar-layout":["default"],"site-content-layout":[null],"theme-transparent-header-meta":["default"],"stick-header-meta":["default"],"_woocs_price_geo_countries":[""],"_woocs_regular_price_geo":[""],"_woocs_sale_price_geo":[""],"_yoast_wpseo_estimated-reading-time-minutes":["3"],"cartflows_redirect_flow_id":[""],"cartflows_add_to_cart_text":[""],"_edit_lock":["1702851774:1239"],"_edit_last":["1239"],"_yoast_wpseo_wordproof_timestamp":[""],"_woocs_regular_price_EUR":["6.62"],"_woocs_sale_price_EUR":["-1"],"_lowest_price_30_days":["6.62"],"footer-adv-display":[null],"adv-header-id-meta":[""],"uag_migration_processed":["1"],"_elementor_page_assets":["a:0:{}"],"_uag_page_assets":["a:9:{s:3:\"css\";s:0:\"\";s:2:\"js\";s:0:\"\";s:18:\"current_block_list\";a:3:{i:0;s:11:\"core\/search\";i:1;s:18:\"core\/legacy-widget\";i:2;s:27:\"woocommerce\/product-filters\";}s:8:\"uag_flag\";b:0;s:11:\"uag_version\";s:10:\"1776586682\";s:6:\"gfonts\";a:0:{}s:10:\"gfonts_url\";s:0:\"\";s:12:\"gfonts_files\";a:0:{}s:14:\"uag_faq_layout\";b:0;}"]},"uagb_featured_image_src":{"full":["https:\/\/www.meavia-mh.hr\/wp-content\/uploads\/2022\/07\/a203f24b-de46-4f51-bad4-1a9ea4a425c6.jpg",1500,1500,false],"thumbnail":["https:\/\/www.meavia-mh.hr\/wp-content\/uploads\/2022\/07\/a203f24b-de46-4f51-bad4-1a9ea4a425c6-150x150.jpg",150,150,true],"medium":["https:\/\/www.meavia-mh.hr\/wp-content\/uploads\/2022\/07\/a203f24b-de46-4f51-bad4-1a9ea4a425c6-300x300.jpg",300,300,true],"medium_large":["https:\/\/www.meavia-mh.hr\/wp-content\/uploads\/2022\/07\/a203f24b-de46-4f51-bad4-1a9ea4a425c6-768x768.jpg",768,768,true],"large":["https:\/\/www.meavia-mh.hr\/wp-content\/uploads\/2022\/07\/a203f24b-de46-4f51-bad4-1a9ea4a425c6-1024x1024.jpg",1024,1024,true],"1536x1536":["https:\/\/www.meavia-mh.hr\/wp-content\/uploads\/2022\/07\/a203f24b-de46-4f51-bad4-1a9ea4a425c6.jpg",1500,1500,false],"2048x2048":["https:\/\/www.meavia-mh.hr\/wp-content\/uploads\/2022\/07\/a203f24b-de46-4f51-bad4-1a9ea4a425c6.jpg",1500,1500,false],"trp-custom-language-flag":["https:\/\/www.meavia-mh.hr\/wp-content\/uploads\/2022\/07\/a203f24b-de46-4f51-bad4-1a9ea4a425c6-12x12.jpg",12,12,true],"woocommerce_thumbnail":["https:\/\/www.meavia-mh.hr\/wp-content\/uploads\/2022\/07\/a203f24b-de46-4f51-bad4-1a9ea4a425c6-300x300.jpg",300,300,true],"woocommerce_single":["https:\/\/www.meavia-mh.hr\/wp-content\/uploads\/2022\/07\/a203f24b-de46-4f51-bad4-1a9ea4a425c6-600x600.jpg",600,600,true],"woocommerce_gallery_thumbnail":["https:\/\/www.meavia-mh.hr\/wp-content\/uploads\/2022\/07\/a203f24b-de46-4f51-bad4-1a9ea4a425c6-100x100.jpg",100,100,true]},"uagb_author_info":{"display_name":"Mea Via","author_link":"https:\/\/www.meavia-mh.hr\/sl\/author\/"},"uagb_comment_info":0,"uagb_excerpt":"Volite li nositi duge nokte, ali biste ih \u017eeljeli napraviti u udobnosti svog doma puno br\u017ee, ali s besprijekornom strukturom? Odaberite gotovo rje\u0161enje, a to su sillikonske tipse u obliku nokta. Dovoljan je samo trenutak da se va\u0161e ruke promijene do uz savr\u0161ene nokte koje ste jednostavno izgradili uz pomo\u0107 slikonskih tipsi.\u00a0Njegovani i dugi nokti&hellip;","_links":{"self":[{"href":"https:\/\/www.meavia-mh.hr\/sl\/wp-json\/wp\/v2\/product\/14704","targetHints":{"allow":["GET"]}}],"collection":[{"href":"https:\/\/www.meavia-mh.hr\/sl\/wp-json\/wp\/v2\/product"}],"about":[{"href":"https:\/\/www.meavia-mh.hr\/sl\/wp-json\/wp\/v2\/types\/product"}],"replies":[{"embeddable":true,"href":"https:\/\/www.meavia-mh.hr\/sl\/wp-json\/wp\/v2\/comments?post=14704"}],"version-history":[{"count":2,"href":"https:\/\/www.meavia-mh.hr\/sl\/wp-json\/wp\/v2\/product\/14704\/revisions"}],"predecessor-version":[{"id":30730,"href":"https:\/\/www.meavia-mh.hr\/sl\/wp-json\/wp\/v2\/product\/14704\/revisions\/30730"}],"wp:featuredmedia":[{"embeddable":true,"href":"https:\/\/www.meavia-mh.hr\/sl\/wp-json\/wp\/v2\/media\/14706"}],"wp:attachment":[{"href":"https:\/\/www.meavia-mh.hr\/sl\/wp-json\/wp\/v2\/media?parent=14704"}],"wp:term":[{"taxonomy":"product_brand","embeddable":true,"href":"https:\/\/www.meavia-mh.hr\/sl\/wp-json\/wp\/v2\/product_brand?post=14704"},{"taxonomy":"product_cat","embeddable":true,"href":"https:\/\/www.meavia-mh.hr\/sl\/wp-json\/wp\/v2\/product_cat?post=14704"},{"taxonomy":"product_tag","embeddable":true,"href":"https:\/\/www.meavia-mh.hr\/sl\/wp-json\/wp\/v2\/product_tag?post=14704"}],"curies":[{"name":"delovni list","href":"https:\/\/api.w.org\/{rel}","templated":true}]}}