{"id":13964,"date":"2022-06-07T22:31:53","date_gmt":"2022-06-07T22:31:53","guid":{"rendered":"https:\/\/www.meavia-mh.hr\/?post_type=product&#038;p=13964"},"modified":"2026-01-24T08:27:01","modified_gmt":"2026-01-24T07:27:01","slug":"bionicare-pedi-pro-regenarirajuca-biljna-mast-za-stopala","status":"publish","type":"product","link":"https:\/\/www.meavia-mh.hr\/sl\/product\/bionicare-pedi-pro-regenarirajuca-biljna-mast-za-stopala\/","title":{"rendered":"Bionicare Pedi Pro regenerativno zeli\u0161\u010dno mazilo za stopala"},"content":{"rendered":"<div class=\"mpof_ki myre_zn myre_8v_l _0d3bd_YrWCD\">\n<div class=\"mp4t_16_s mryx_16_s mr3m_1 mli2_1 mh85_56 mh85_0_l\">\n<div class=\"mgn2_16 _0d3bd_5pK0q\">\n<p>Bionicare Pedi Pro regenerirajo\u010de zeli\u0161\u010dno mazilo za stopala priporo\u010damo s<span class=\"\">in profesionalna, zelo intenzivna nega za suho ko\u017eo stopal in ko\u017eo z atopijo in hiperkeratozo. <\/span><span class=\"\">Namenjen je tudi ljudem, ki trpijo za hipotiroidizmom.<\/span><\/p>\n<p><span class=\"\">Blazinica za stopala normalizira procese obnavljanja povrhnjice in zmanj\u0161a mehurje. <\/span>\u010cebelji vosek pomirja razdra\u017eenost, regenerira in ima vla\u017eilne lastnosti. Ustvari okluzivno plast, ki prepre\u010duje izgubo vode, meh\u010da in gladi ko\u017eo. <span class=\"\">Holesterol, prisoten v pripravku, ko\u017eo neguje, pove\u010duje u\u010dinkovitost ostalih sestavin, ki jih vsebuje izdelek, krepi in obnavlja hidrolipidno pregrado ter s tem izbolj\u0161uje stopnjo hidracije ko\u017ee. <\/span>Maslo iz mangovih semen je bogat vir ma\u0161\u010dobnih kislin in antioksidantov, ki odli\u010dno vla\u017ei in neguje.<strong>\u00a0<\/strong>Vsebnost eucerina pove\u010da spro\u0161\u010danje zdravila iz linimenta in njegovo absorpcijo v povrhnjici. Ima mo\u010dan vla\u017eilni, vla\u017eilni in meh\u010dalni u\u010dinek. <span class=\"\">Olje \u010dajevca je bakteriostatsko in protivirusno.<\/span><\/p>\n<h6>navodila za uporabo<\/h6>\n<p><span class=\"\">Na prizadeta mesta nanesite ustrezno koli\u010dino mazila. <\/span>Nato masirajte, dokler se popolnoma ne vpije. Lahko po\u010dakate 10 minut. Priporo\u010dljivo je tudi za nego hrapave ko\u017ee na kolenih in komolcih. <span class=\"\">Priporo\u010dljiva je uporaba po pedikuri za ustrezno vla\u017eenje izjemno suhe ko\u017ee in za vsakodnevno nego stopal.<\/span><\/p>\n<p><b>Velikost<\/b>: 200 ml<\/p>\n<h6><strong><b>Bionicare Pedi Pro regenerativno zeli\u0161\u010dno mazilo za stopala - s<\/b>astojci:\u00a0<\/strong><\/h6>\n<p>Petrolatum, Cera Alba, cetilni alkohol, holesterol, olje iz semen Rubus Idaeus, maslo iz semen Mangifera Indica, tokoferol, olje listov Melaleuca Alternifolia, dietilheksil Syringilidemalonat, kaprilni\/kapri\u010dni triglicerid limonen*, izoeugen<\/p>\n<figure id=\"attachment_13898\" aria-describedby=\"caption-attachment-13898\" style=\"width: 1024px\" class=\"wp-caption aligncenter\"><a href=\"https:\/\/www.meavia-mh.hr\/wp-content\/uploads\/2022\/06\/Bionicare-kolekcija-2118-x-816.jpg\"><img fetchpriority=\"high\" decoding=\"async\" class=\"wp-image-13898 size-large\" src=\"https:\/\/www.meavia-mh.hr\/wp-content\/uploads\/2022\/06\/Bionicare-kolekcija-2118-x-816-1024x395.jpg\" alt=\"Bionicare kolekcija \" width=\"1024\" height=\"395\" srcset=\"https:\/\/www.meavia-mh.hr\/wp-content\/uploads\/2022\/06\/Bionicare-kolekcija-2118-x-816-1024x395.jpg 1024w, https:\/\/www.meavia-mh.hr\/wp-content\/uploads\/2022\/06\/Bionicare-kolekcija-2118-x-816-300x116.jpg 300w, https:\/\/www.meavia-mh.hr\/wp-content\/uploads\/2022\/06\/Bionicare-kolekcija-2118-x-816-768x296.jpg 768w, https:\/\/www.meavia-mh.hr\/wp-content\/uploads\/2022\/06\/Bionicare-kolekcija-2118-x-816-1536x592.jpg 1536w, https:\/\/www.meavia-mh.hr\/wp-content\/uploads\/2022\/06\/Bionicare-kolekcija-2118-x-816-2048x789.jpg 2048w, https:\/\/www.meavia-mh.hr\/wp-content\/uploads\/2022\/06\/Bionicare-kolekcija-2118-x-816-18x7.jpg 18w, https:\/\/www.meavia-mh.hr\/wp-content\/uploads\/2022\/06\/Bionicare-kolekcija-2118-x-816-600x231.jpg 600w\" sizes=\"(max-width: 1024px) 100vw, 1024px\" \/><\/a><figcaption id=\"caption-attachment-13898\" class=\"wp-caption-text\">Zbirka Bionicare<\/figcaption><\/figure>\n<\/div>\n<\/div>\n<\/div>\n<div class=\"mpof_ki myre_zn myre_8v_l _0d3bd_YrWCD\">\n<div class=\"mp4t_16_s mryx_16_s mr3m_1 mli2_1 mh85_56 mh85_0_l\">\n<div class=\"mgn2_16 _0d3bd_5pK0q\">\n<h6><b>Previdnostni ukrepi:<\/b><\/h6>\n<ul>\n<li>Shranjujte pri temperaturi do 25 \u00b0C.<\/li>\n<li>Za\u0161\u010ditite pred neposredno son\u010dno svetlobo.<\/li>\n<li>Ne uporabljajte na po\u0161kodovani ali razdra\u017eeni ko\u017ei stopal.<\/li>\n<li>Hranite stran od otrok.<\/li>\n<li>Izdelek za profesionalno uporabo.<\/li>\n<\/ul>\n<\/div>\n<\/div>\n<\/div>\n<h6><span class=\"goog-text-highlight\">Bionicare \u2013 nova dimenzija odli\u010dnosti pri negi stopal, rok in nohtov<\/span><\/h6>\n<p><span class=\"\">BIONICARE je specializirana blagovna znamka z obse\u017eno paleto u\u010dinkovitih izdelkov na podro\u010dju profesionalne podiatrije. <\/span>Ima lasten raziskovalni center, kjer najbolj\u0161i tehnologi in podiatri izdelujejo in preverjajo pridobljene kozmeti\u010dne recepte. Zahvaljujo\u010d temu smo prepri\u010dani, da so vsi izdelki Bionicare varni in u\u010dinkoviti. Linije izdelkov so oblikovane glede na potrebe kupcev, kot so: globoki mehurji in \u017eulji, suha ko\u017ea stopal, hiperhidroza in mikoza. Izdelki Bionicare so namenjeni tretmajem, ki se izvajajo v specializiranih ordinacijah. V ponudbi je tudi ponudba, namenjena doma\u010di negi - Home Therapy za ohranjanje u\u010dinka profesionalne nege.<\/p>\n<p>Lepa in negovana stopala ne pomenijo le udobja, temve\u010d tudi samozavest, ki vam omogo\u010da, da se po\u010dutite spro\u0161\u010deno, ne glede na situacijo. Ne glede na va\u0161 \u017eivljenjski slog, starost in tip ko\u017ee je na\u0161e poslanstvo vedno enako:\u00a0<strong>ga na vsakem koraku.<\/strong><\/p>\n<h6>Kaj razlikuje blagovno znamko Bionicare?<\/h6>\n<ul>\n<li>Inovativni in u\u010dinkoviti recepti<\/li>\n<li>Vrhunske tehnologije<\/li>\n<li>Visoka u\u010dinkovitost in varnost izdelkov<\/li>\n<li>Ekipa, ki ustvarja izdelke s strastjo do ustvarjanja in odkrivanja novih mo\u017enosti za nego<\/li>\n<li>Izku\u0161eni pedikerji, ki pomagajo pri razvoju izdelkov blagovne znamke<\/li>\n<\/ul>\n<h6>Aktivne naravne sestavine, ki jih najdemo v izdelkih Bionicare<\/h6>\n<p>Skrbno izbrane, naravne sestavine kozmetike Bionicare, izbrane za zagotavljanje najve\u010dje u\u010dinkovitosti nege.<\/p>\n<p>&nbsp;<\/p>","protected":false},"excerpt":{"rendered":"<p><a href=\"https:\/\/www.meavia-mh.hr\/wp-content\/uploads\/2022\/06\/Bionicare-logo--scaled.jpg\"><img decoding=\"async\" class=\"size-medium wp-image-13899\" src=\"https:\/\/www.meavia-mh.hr\/wp-content\/uploads\/2022\/06\/Bionicare-logo--300x112.jpg\" alt=\"Bionicare logo\" width=\"300\" height=\"112\" srcset=\"https:\/\/www.meavia-mh.hr\/wp-content\/uploads\/2022\/06\/Bionicare-logo--300x112.jpg 300w, https:\/\/www.meavia-mh.hr\/wp-content\/uploads\/2022\/06\/Bionicare-logo--1024x384.jpg 1024w, https:\/\/www.meavia-mh.hr\/wp-content\/uploads\/2022\/06\/Bionicare-logo--768x288.jpg 768w, https:\/\/www.meavia-mh.hr\/wp-content\/uploads\/2022\/06\/Bionicare-logo--1536x576.jpg 1536w, https:\/\/www.meavia-mh.hr\/wp-content\/uploads\/2022\/06\/Bionicare-logo--2048x767.jpg 2048w, https:\/\/www.meavia-mh.hr\/wp-content\/uploads\/2022\/06\/Bionicare-logo--18x7.jpg 18w, https:\/\/www.meavia-mh.hr\/wp-content\/uploads\/2022\/06\/Bionicare-logo--600x225.jpg 600w\" sizes=\"(max-width: 300px) 100vw, 300px\" \/><\/a><\/p>","protected":false},"featured_media":13965,"comment_status":"closed","ping_status":"closed","template":"","meta":{"_uag_custom_page_level_css":"","site-sidebar-layout":"default","site-content-layout":"default","ast-site-content-layout":"default","site-content-style":"default","site-sidebar-style":"default","ast-global-header-display":"","ast-banner-title-visibility":"","ast-main-header-display":"","ast-hfb-above-header-display":"","ast-hfb-below-header-display":"","ast-hfb-mobile-header-display":"","site-post-title":"","ast-breadcrumbs-content":"","ast-featured-img":"","footer-sml-layout":"","ast-disable-related-posts":"","theme-transparent-header-meta":"default","adv-header-id-meta":"","stick-header-meta":"default","header-above-stick-meta":"","header-main-stick-meta":"","header-below-stick-meta":"","astra-migrate-meta-layouts":"set","ast-page-background-enabled":"default","ast-page-background-meta":{"desktop":{"background-color":"var(--ast-global-color-4)","background-image":"","background-repeat":"repeat","background-position":"center center","background-size":"auto","background-attachment":"scroll","background-type":"","background-media":"","overlay-type":"","overlay-color":"","overlay-opacity":"","overlay-gradient":""},"tablet":{"background-color":"","background-image":"","background-repeat":"repeat","background-position":"center center","background-size":"auto","background-attachment":"scroll","background-type":"","background-media":"","overlay-type":"","overlay-color":"","overlay-opacity":"","overlay-gradient":""},"mobile":{"background-color":"","background-image":"","background-repeat":"repeat","background-position":"center center","background-size":"auto","background-attachment":"scroll","background-type":"","background-media":"","overlay-type":"","overlay-color":"","overlay-opacity":"","overlay-gradient":""}},"ast-content-background-meta":{"desktop":{"background-color":"var(--ast-global-color-5)","background-image":"","background-repeat":"repeat","background-position":"center center","background-size":"auto","background-attachment":"scroll","background-type":"","background-media":"","overlay-type":"","overlay-color":"","overlay-opacity":"","overlay-gradient":""},"tablet":{"background-color":"var(--ast-global-color-5)","background-image":"","background-repeat":"repeat","background-position":"center center","background-size":"auto","background-attachment":"scroll","background-type":"","background-media":"","overlay-type":"","overlay-color":"","overlay-opacity":"","overlay-gradient":""},"mobile":{"background-color":"var(--ast-global-color-5)","background-image":"","background-repeat":"repeat","background-position":"center center","background-size":"auto","background-attachment":"scroll","background-type":"","background-media":"","overlay-type":"","overlay-color":"","overlay-opacity":"","overlay-gradient":""}}},"product_brand":[],"product_cat":[118,388],"product_tag":[389,226],"class_list":{"0":"post-13964","1":"product","2":"type-product","3":"status-publish","4":"has-post-thumbnail","6":"product_cat-njegu-ruku-i-nogu","7":"product_cat-pedikura","8":"product_tag-bionicare","9":"product_tag-pedikura","10":"desktop-align-left","11":"tablet-align-left","12":"mobile-align-left","13":"ast-product-gallery-layout-horizontal-slider","14":"ast-product-tabs-layout-horizontal","16":"first","17":"outofstock","18":"taxable","19":"shipping-taxable","20":"purchasable","21":"product-type-simple"},"yoast_head":"<!-- This site is optimized with the Yoast SEO plugin v27.5 - https:\/\/yoast.com\/product\/yoast-seo-wordpress\/ -->\n<title>Bionicare Pedi Pro regenariraju\u0107a biljna mast za stopala &#8902; Mea Via Beauty<\/title>\n<meta name=\"description\" content=\"Bionicare Pedi Pro regenariraju\u0107a biljna mast za stopala &#8902; njeguje i \u0161titi ko\u017eu stopala &#8902; za profesionalnu upotrebu &#8902; za pedikuru\" \/>\n<meta name=\"robots\" content=\"index, follow, max-snippet:-1, max-image-preview:large, max-video-preview:-1\" \/>\n<link rel=\"canonical\" href=\"https:\/\/www.meavia-mh.hr\/sl\/product\/bionicare-pedi-pro-regenarirajuca-biljna-mast-za-stopala\/\" \/>\n<meta property=\"og:locale\" content=\"sl_SI\" \/>\n<meta property=\"og:type\" content=\"article\" \/>\n<meta property=\"og:title\" content=\"Bionicare Pedi Pro regenariraju\u0107a biljna mast za stopala &#8902; Mea Via Beauty\" \/>\n<meta property=\"og:description\" content=\"Bionicare Pedi Pro regenariraju\u0107a biljna mast za stopala &#8902; njeguje i \u0161titi ko\u017eu stopala &#8902; za profesionalnu upotrebu &#8902; za pedikuru\" \/>\n<meta property=\"og:url\" content=\"https:\/\/www.meavia-mh.hr\/sl\/product\/bionicare-pedi-pro-regenarirajuca-biljna-mast-za-stopala\/\" \/>\n<meta property=\"og:site_name\" content=\"Mea Via Beauty\" \/>\n<meta property=\"article:publisher\" content=\"https:\/\/www.facebook.com\/MeaViaNailsWorld\" \/>\n<meta property=\"article:modified_time\" content=\"2026-01-24T07:27:01+00:00\" \/>\n<meta property=\"og:image\" content=\"https:\/\/www.meavia-mh.hr\/wp-content\/uploads\/2022\/06\/Slika-zaslona-2022-06-08-u-00.30.32.jpg\" \/>\n\t<meta property=\"og:image:width\" content=\"1436\" \/>\n\t<meta property=\"og:image:height\" content=\"1420\" \/>\n\t<meta property=\"og:image:type\" content=\"image\/jpeg\" \/>\n<meta name=\"twitter:card\" content=\"summary_large_image\" \/>\n<meta name=\"twitter:label1\" content=\"Est. reading time\" \/>\n\t<meta name=\"twitter:data1\" content=\"3 minute\" \/>\n<script type=\"application\/ld+json\" class=\"yoast-schema-graph\">{\"@context\":\"https:\\\/\\\/schema.org\",\"@graph\":[{\"@type\":\"WebPage\",\"@id\":\"https:\\\/\\\/www.meavia-mh.hr\\\/product\\\/bionicare-pedi-pro-regenarirajuca-biljna-mast-za-stopala\\\/\",\"url\":\"https:\\\/\\\/www.meavia-mh.hr\\\/product\\\/bionicare-pedi-pro-regenarirajuca-biljna-mast-za-stopala\\\/\",\"name\":\"Bionicare Pedi Pro regenariraju\u0107a biljna mast za stopala &#8902; Mea Via Beauty\",\"isPartOf\":{\"@id\":\"https:\\\/\\\/meavia-mh.hr\\\/sl\\\/#website\"},\"primaryImageOfPage\":{\"@id\":\"https:\\\/\\\/www.meavia-mh.hr\\\/product\\\/bionicare-pedi-pro-regenarirajuca-biljna-mast-za-stopala\\\/#primaryimage\"},\"image\":{\"@id\":\"https:\\\/\\\/www.meavia-mh.hr\\\/product\\\/bionicare-pedi-pro-regenarirajuca-biljna-mast-za-stopala\\\/#primaryimage\"},\"thumbnailUrl\":\"https:\\\/\\\/www.meavia-mh.hr\\\/wp-content\\\/uploads\\\/2022\\\/06\\\/Slika-zaslona-2022-06-08-u-00.30.32.jpg\",\"datePublished\":\"2022-06-07T22:31:53+00:00\",\"dateModified\":\"2026-01-24T07:27:01+00:00\",\"description\":\"Bionicare Pedi Pro regenariraju\u0107a biljna mast za stopala &#8902; njeguje i \u0161titi ko\u017eu stopala &#8902; za profesionalnu upotrebu &#8902; za pedikuru\",\"breadcrumb\":{\"@id\":\"https:\\\/\\\/www.meavia-mh.hr\\\/product\\\/bionicare-pedi-pro-regenarirajuca-biljna-mast-za-stopala\\\/#breadcrumb\"},\"inLanguage\":\"sl-SI\",\"potentialAction\":[{\"@type\":\"ReadAction\",\"target\":[\"https:\\\/\\\/www.meavia-mh.hr\\\/product\\\/bionicare-pedi-pro-regenarirajuca-biljna-mast-za-stopala\\\/\"]}]},{\"@type\":\"ImageObject\",\"inLanguage\":\"sl-SI\",\"@id\":\"https:\\\/\\\/www.meavia-mh.hr\\\/product\\\/bionicare-pedi-pro-regenarirajuca-biljna-mast-za-stopala\\\/#primaryimage\",\"url\":\"https:\\\/\\\/www.meavia-mh.hr\\\/wp-content\\\/uploads\\\/2022\\\/06\\\/Slika-zaslona-2022-06-08-u-00.30.32.jpg\",\"contentUrl\":\"https:\\\/\\\/www.meavia-mh.hr\\\/wp-content\\\/uploads\\\/2022\\\/06\\\/Slika-zaslona-2022-06-08-u-00.30.32.jpg\",\"width\":1436,\"height\":1420,\"caption\":\"Bionicare Pedi Pro regenariraju\u0107a biljna mast za stopala\"},{\"@type\":\"BreadcrumbList\",\"@id\":\"https:\\\/\\\/www.meavia-mh.hr\\\/product\\\/bionicare-pedi-pro-regenarirajuca-biljna-mast-za-stopala\\\/#breadcrumb\",\"itemListElement\":[{\"@type\":\"ListItem\",\"position\":1,\"name\":\"Po\u010detna stranica\",\"item\":\"https:\\\/\\\/www.meavia-mh.hr\\\/\"},{\"@type\":\"ListItem\",\"position\":2,\"name\":\"Trgovina\",\"item\":\"https:\\\/\\\/meavia-mh.hr\\\/sl\\\/store\\\/\"},{\"@type\":\"ListItem\",\"position\":3,\"name\":\"Bionicare Pedi Pro regenariraju\u0107a biljna mast za stopala\"}]},{\"@type\":\"WebSite\",\"@id\":\"https:\\\/\\\/meavia-mh.hr\\\/sl\\\/#website\",\"url\":\"https:\\\/\\\/meavia-mh.hr\\\/sl\\\/\",\"name\":\"Mea Via Beauty\",\"description\":\"Only The Best For Your Beauty\",\"publisher\":{\"@id\":\"https:\\\/\\\/meavia-mh.hr\\\/sl\\\/#organization\"},\"alternateName\":\"Mea Via Nails\",\"potentialAction\":[{\"@type\":\"SearchAction\",\"target\":{\"@type\":\"EntryPoint\",\"urlTemplate\":\"https:\\\/\\\/meavia-mh.hr\\\/sl\\\/?s={search_term_string}\"},\"query-input\":{\"@type\":\"PropertyValueSpecification\",\"valueRequired\":true,\"valueName\":\"search_term_string\"}}],\"inLanguage\":\"sl-SI\"},{\"@type\":\"Organization\",\"@id\":\"https:\\\/\\\/meavia-mh.hr\\\/sl\\\/#organization\",\"name\":\"Mea Via Nails World\",\"alternateName\":\"Mea Via\",\"url\":\"https:\\\/\\\/meavia-mh.hr\\\/sl\\\/\",\"logo\":{\"@type\":\"ImageObject\",\"inLanguage\":\"sl-SI\",\"@id\":\"https:\\\/\\\/meavia-mh.hr\\\/sl\\\/#\\\/schema\\\/logo\\\/image\\\/\",\"url\":\"https:\\\/\\\/www.meavia-mh.hr\\\/wp-content\\\/uploads\\\/2020\\\/12\\\/Mea-Via.png\",\"contentUrl\":\"https:\\\/\\\/www.meavia-mh.hr\\\/wp-content\\\/uploads\\\/2020\\\/12\\\/Mea-Via.png\",\"width\":1181,\"height\":393,\"caption\":\"Mea Via Nails World\"},\"image\":{\"@id\":\"https:\\\/\\\/meavia-mh.hr\\\/sl\\\/#\\\/schema\\\/logo\\\/image\\\/\"},\"sameAs\":[\"https:\\\/\\\/www.facebook.com\\\/MeaViaNailsWorld\",\"https:\\\/\\\/www.instagram.com\\\/mea_via_nails_world\\\/\",\"https:\\\/\\\/www.youtube.com\\\/channel\\\/UCECk0hpRWP6TN-EfA4ER96g\\\/featured\"]}]}<\/script>\n<!-- \/ Yoast SEO plugin. -->","yoast_head_json":{"title":"Bionicare Pedi Pro regeneracijsko zeli\u0161\u010dno mazilo za stopala \u22c6 Mea Via Beauty","description":"Bionicare Pedi Pro regeneracijsko zeli\u0161\u010dno mazilo za stopala \u22c6 neguje in \u0161\u010diti ko\u017eo stopal \u22c6 za profesionalno uporabo \u22c6 za pedikuro","robots":{"index":"index","follow":"follow","max-snippet":"max-snippet:-1","max-image-preview":"max-image-preview:large","max-video-preview":"max-video-preview:-1"},"canonical":"https:\/\/www.meavia-mh.hr\/sl\/product\/bionicare-pedi-pro-regenarirajuca-biljna-mast-za-stopala\/","og_locale":"sl_SI","og_type":"article","og_title":"Bionicare Pedi Pro regenariraju\u0107a biljna mast za stopala &#8902; Mea Via Beauty","og_description":"Bionicare Pedi Pro regenariraju\u0107a biljna mast za stopala &#8902; njeguje i \u0161titi ko\u017eu stopala &#8902; za profesionalnu upotrebu &#8902; za pedikuru","og_url":"https:\/\/www.meavia-mh.hr\/sl\/product\/bionicare-pedi-pro-regenarirajuca-biljna-mast-za-stopala\/","og_site_name":"Mea Via Beauty","article_publisher":"https:\/\/www.facebook.com\/MeaViaNailsWorld","article_modified_time":"2026-01-24T07:27:01+00:00","og_image":[{"width":1436,"height":1420,"url":"https:\/\/www.meavia-mh.hr\/wp-content\/uploads\/2022\/06\/Slika-zaslona-2022-06-08-u-00.30.32.jpg","type":"image\/jpeg"}],"twitter_card":"summary_large_image","twitter_misc":{"Est. reading time":"3 minute"},"schema":{"@context":"https:\/\/schema.org","@graph":[{"@type":"WebPage","@id":"https:\/\/www.meavia-mh.hr\/product\/bionicare-pedi-pro-regenarirajuca-biljna-mast-za-stopala\/","url":"https:\/\/www.meavia-mh.hr\/product\/bionicare-pedi-pro-regenarirajuca-biljna-mast-za-stopala\/","name":"Bionicare Pedi Pro regeneracijsko zeli\u0161\u010dno mazilo za stopala \u22c6 Mea Via Beauty","isPartOf":{"@id":"https:\/\/meavia-mh.hr\/sl\/#website"},"primaryImageOfPage":{"@id":"https:\/\/www.meavia-mh.hr\/product\/bionicare-pedi-pro-regenarirajuca-biljna-mast-za-stopala\/#primaryimage"},"image":{"@id":"https:\/\/www.meavia-mh.hr\/product\/bionicare-pedi-pro-regenarirajuca-biljna-mast-za-stopala\/#primaryimage"},"thumbnailUrl":"https:\/\/www.meavia-mh.hr\/wp-content\/uploads\/2022\/06\/Slika-zaslona-2022-06-08-u-00.30.32.jpg","datePublished":"2022-06-07T22:31:53+00:00","dateModified":"2026-01-24T07:27:01+00:00","description":"Bionicare Pedi Pro regeneracijsko zeli\u0161\u010dno mazilo za stopala \u22c6 neguje in \u0161\u010diti ko\u017eo stopal \u22c6 za profesionalno uporabo \u22c6 za pedikuro","breadcrumb":{"@id":"https:\/\/www.meavia-mh.hr\/product\/bionicare-pedi-pro-regenarirajuca-biljna-mast-za-stopala\/#breadcrumb"},"inLanguage":"sl-SI","potentialAction":[{"@type":"ReadAction","target":["https:\/\/www.meavia-mh.hr\/product\/bionicare-pedi-pro-regenarirajuca-biljna-mast-za-stopala\/"]}]},{"@type":"ImageObject","inLanguage":"sl-SI","@id":"https:\/\/www.meavia-mh.hr\/product\/bionicare-pedi-pro-regenarirajuca-biljna-mast-za-stopala\/#primaryimage","url":"https:\/\/www.meavia-mh.hr\/wp-content\/uploads\/2022\/06\/Slika-zaslona-2022-06-08-u-00.30.32.jpg","contentUrl":"https:\/\/www.meavia-mh.hr\/wp-content\/uploads\/2022\/06\/Slika-zaslona-2022-06-08-u-00.30.32.jpg","width":1436,"height":1420,"caption":"Bionicare Pedi Pro regenariraju\u0107a biljna mast za stopala"},{"@type":"BreadcrumbList","@id":"https:\/\/www.meavia-mh.hr\/product\/bionicare-pedi-pro-regenarirajuca-biljna-mast-za-stopala\/#breadcrumb","itemListElement":[{"@type":"ListItem","position":1,"name":"Po\u010detna stranica","item":"https:\/\/www.meavia-mh.hr\/"},{"@type":"ListItem","position":2,"name":"Trgovina","item":"https:\/\/meavia-mh.hr\/sl\/store\/"},{"@type":"ListItem","position":3,"name":"Bionicare Pedi Pro regenariraju\u0107a biljna mast za stopala"}]},{"@type":"WebSite","@id":"https:\/\/meavia-mh.hr\/sl\/#website","url":"https:\/\/meavia-mh.hr\/sl\/","name":"MEA VIA BEAUTY","description":"Only The Best For Your Beauty","publisher":{"@id":"https:\/\/meavia-mh.hr\/sl\/#organization"},"alternateName":"Mea Via Nails","potentialAction":[{"@type":"SearchAction","target":{"@type":"EntryPoint","urlTemplate":"https:\/\/meavia-mh.hr\/sl\/?s={search_term_string}"},"query-input":{"@type":"PropertyValueSpecification","valueRequired":true,"valueName":"search_term_string"}}],"inLanguage":"sl-SI"},{"@type":"Organization","@id":"https:\/\/meavia-mh.hr\/sl\/#organization","name":"Mea Via Nails World","alternateName":"Mea Via","url":"https:\/\/meavia-mh.hr\/sl\/","logo":{"@type":"ImageObject","inLanguage":"sl-SI","@id":"https:\/\/meavia-mh.hr\/sl\/#\/schema\/logo\/image\/","url":"https:\/\/www.meavia-mh.hr\/wp-content\/uploads\/2020\/12\/Mea-Via.png","contentUrl":"https:\/\/www.meavia-mh.hr\/wp-content\/uploads\/2020\/12\/Mea-Via.png","width":1181,"height":393,"caption":"Mea Via Nails World"},"image":{"@id":"https:\/\/meavia-mh.hr\/sl\/#\/schema\/logo\/image\/"},"sameAs":["https:\/\/www.facebook.com\/MeaViaNailsWorld","https:\/\/www.instagram.com\/mea_via_nails_world\/","https:\/\/www.youtube.com\/channel\/UCECk0hpRWP6TN-EfA4ER96g\/featured"]}]}},"spectra_custom_meta":{"_sku":["5904474861158"],"_regular_price":["16.71"],"total_sales":["21"],"_tax_status":["taxable"],"_tax_class":[""],"_manage_stock":["yes"],"_backorders":["no"],"_sold_individually":["no"],"_virtual":["no"],"_downloadable":["no"],"_product_image_gallery":["13922,13933,13904,13935"],"_download_limit":["-1"],"_download_expiry":["-1"],"_thumbnail_id":["13965"],"_stock":["0"],"_stock_status":["outofstock"],"_wc_average_rating":["0"],"_wc_review_count":["0"],"_product_version":["10.4.3"],"_price":["16.71"],"_wp_page_template":["default"],"_yoast_wpseo_focuskw":["regenariraju\u0107a biljna mast za stopala"],"_yoast_wpseo_linkdex":["81"],"_yoast_wpseo_content_score":["90"],"_yoast_wpseo_estimated-reading-time-minutes":["3"],"cartflows_redirect_flow_id":[""],"cartflows_add_to_cart_text":[""],"_woocs_price_geo_countries":[""],"_woocs_regular_price_geo":[""],"_woocs_sale_price_geo":[""],"site-sidebar-layout":["default"],"site-content-layout":["default"],"theme-transparent-header-meta":["default"],"stick-header-meta":["default"],"_yoast_wpseo_primary_product_cat":["388"],"_yoast_wpseo_metadesc":["%%title%% %%sep%% njeguje i \u0161titi ko\u017eu stopala %%sep%% za profesionalnu upotrebu %%sep%% za pedikuru"],"_edit_lock":["1738023544:1239"],"_edit_last":["1239"],"_woocs_regular_price_EUR":["16.71"],"_woocs_sale_price_EUR":["-1"],"_lowest_price_30_days":["16.71"],"uag_migration_processed":["1"],"_wc_facebook_sync_enabled":["yes"],"fb_visibility":["yes"],"fb_product_description":[""],"_wc_facebook_product_image_source":["product"],"fb_product_group_id":["9019649051422745"],"ast-site-content-layout":["default"],"site-content-style":["default"],"site-sidebar-style":["default"],"_yoast_wpseo_primary_product_brand":[""],"_yoast_wpseo_primary_fb_product_set":[""],"fb_product_item_id":["9019649298089387"],"astra-migrate-meta-layouts":["set"],"_elementor_page_assets":["a:0:{}"],"_uag_page_assets":["a:9:{s:3:\"css\";s:0:\"\";s:2:\"js\";s:0:\"\";s:18:\"current_block_list\";a:3:{i:0;s:11:\"core\/search\";i:1;s:18:\"core\/legacy-widget\";i:2;s:27:\"woocommerce\/product-filters\";}s:8:\"uag_flag\";b:0;s:11:\"uag_version\";s:10:\"1777638976\";s:6:\"gfonts\";a:0:{}s:10:\"gfonts_url\";s:0:\"\";s:12:\"gfonts_files\";a:0:{}s:14:\"uag_faq_layout\";b:0;}"]},"uagb_featured_image_src":{"full":["https:\/\/www.meavia-mh.hr\/wp-content\/uploads\/2022\/06\/Slika-zaslona-2022-06-08-u-00.30.32.jpg",1436,1420,false],"thumbnail":["https:\/\/www.meavia-mh.hr\/wp-content\/uploads\/2022\/06\/Slika-zaslona-2022-06-08-u-00.30.32-150x150.jpg",150,150,true],"medium":["https:\/\/www.meavia-mh.hr\/wp-content\/uploads\/2022\/06\/Slika-zaslona-2022-06-08-u-00.30.32-300x297.jpg",300,297,true],"medium_large":["https:\/\/www.meavia-mh.hr\/wp-content\/uploads\/2022\/06\/Slika-zaslona-2022-06-08-u-00.30.32-768x759.jpg",768,759,true],"large":["https:\/\/www.meavia-mh.hr\/wp-content\/uploads\/2022\/06\/Slika-zaslona-2022-06-08-u-00.30.32-1024x1013.jpg",1024,1013,true],"1536x1536":["https:\/\/www.meavia-mh.hr\/wp-content\/uploads\/2022\/06\/Slika-zaslona-2022-06-08-u-00.30.32.jpg",1436,1420,false],"2048x2048":["https:\/\/www.meavia-mh.hr\/wp-content\/uploads\/2022\/06\/Slika-zaslona-2022-06-08-u-00.30.32.jpg",1436,1420,false],"trp-custom-language-flag":["https:\/\/www.meavia-mh.hr\/wp-content\/uploads\/2022\/06\/Slika-zaslona-2022-06-08-u-00.30.32-12x12.jpg",12,12,true],"woocommerce_thumbnail":["https:\/\/www.meavia-mh.hr\/wp-content\/uploads\/2022\/06\/Slika-zaslona-2022-06-08-u-00.30.32-300x300.jpg",300,300,true],"woocommerce_single":["https:\/\/www.meavia-mh.hr\/wp-content\/uploads\/2022\/06\/Slika-zaslona-2022-06-08-u-00.30.32-600x593.jpg",600,593,true],"woocommerce_gallery_thumbnail":["https:\/\/www.meavia-mh.hr\/wp-content\/uploads\/2022\/06\/Slika-zaslona-2022-06-08-u-00.30.32-100x100.jpg",100,100,true]},"uagb_author_info":{"display_name":"Mea Via","author_link":"https:\/\/www.meavia-mh.hr\/sl\/author\/"},"uagb_comment_info":0,"uagb_excerpt":null,"_links":{"self":[{"href":"https:\/\/www.meavia-mh.hr\/sl\/wp-json\/wp\/v2\/product\/13964","targetHints":{"allow":["GET"]}}],"collection":[{"href":"https:\/\/www.meavia-mh.hr\/sl\/wp-json\/wp\/v2\/product"}],"about":[{"href":"https:\/\/www.meavia-mh.hr\/sl\/wp-json\/wp\/v2\/types\/product"}],"replies":[{"embeddable":true,"href":"https:\/\/www.meavia-mh.hr\/sl\/wp-json\/wp\/v2\/comments?post=13964"}],"version-history":[{"count":2,"href":"https:\/\/www.meavia-mh.hr\/sl\/wp-json\/wp\/v2\/product\/13964\/revisions"}],"predecessor-version":[{"id":35910,"href":"https:\/\/www.meavia-mh.hr\/sl\/wp-json\/wp\/v2\/product\/13964\/revisions\/35910"}],"wp:featuredmedia":[{"embeddable":true,"href":"https:\/\/www.meavia-mh.hr\/sl\/wp-json\/wp\/v2\/media\/13965"}],"wp:attachment":[{"href":"https:\/\/www.meavia-mh.hr\/sl\/wp-json\/wp\/v2\/media?parent=13964"}],"wp:term":[{"taxonomy":"product_brand","embeddable":true,"href":"https:\/\/www.meavia-mh.hr\/sl\/wp-json\/wp\/v2\/product_brand?post=13964"},{"taxonomy":"product_cat","embeddable":true,"href":"https:\/\/www.meavia-mh.hr\/sl\/wp-json\/wp\/v2\/product_cat?post=13964"},{"taxonomy":"product_tag","embeddable":true,"href":"https:\/\/www.meavia-mh.hr\/sl\/wp-json\/wp\/v2\/product_tag?post=13964"}],"curies":[{"name":"delovni list","href":"https:\/\/api.w.org\/{rel}","templated":true}]}}