{"id":13947,"date":"2022-06-07T21:12:05","date_gmt":"2022-06-07T21:12:05","guid":{"rendered":"https:\/\/www.meavia-mh.hr\/?post_type=product&#038;p=13947"},"modified":"2026-01-24T08:23:34","modified_gmt":"2026-01-24T07:23:34","slug":"bionicare-pedi-pro-regenerirajuca-sol-za-kupku-stopala","status":"publish","type":"product","link":"https:\/\/www.meavia-mh.hr\/sl\/product\/bionicare-pedi-pro-regenerirajuca-sol-za-kupku-stopala\/","title":{"rendered":"Bionicare Pedi Pro regeneracijska sol za kopel za stopala"},"content":{"rendered":"<div class=\"mpof_ki myre_zn myre_8v_l _0d3bd_YrWCD\">\n<div class=\"mp4t_16_s mryx_16_s mr3m_1 mli2_1 mh85_56 mh85_0_l\">\n<div class=\"mgn2_16 _0d3bd_5pK0q\">\n<p>Bionicare Pedi Pro regeneracijska sol za kopanje stopal z oljem malinovih pe\u0161k. Kopalna sol, bogata z mikro in makro elementi, popolna\u00a0\u00a0<strong>zmeh\u010da \u017euljasto povrhnjico, \u017eulje in kurja o\u010desa,<\/strong>\u00a0\u00a0priprava ko\u017ee stopal za naslednje faze zdravljenja.<\/p>\n<p>son\u010dni\u010dno olje, ki ga vsebuje sol, bogato s fosfolipidi, karotenom in vitaminom E,\u00a0\u00a0<strong>krepi in tonizira ko\u017eo<\/strong>. Olje malinovih pe\u010dk pomirja\u00a0\u00a0<strong>dra\u017ei in ima protivnetne lastnosti.<\/strong><\/p>\n<h6>navodila za uporabo<\/h6>\n<p>Ustrezno koli\u010dino soli, pribli\u017eno 20 g, raztopite v 3 litrih tople vode in stopala namakajte 5 do 10 minut. Nato ko\u017eo temeljito osu\u0161ite in nadaljujte z naslednjimi fazami zdravljenja.<\/p>\n<p><b>Velikost<\/b>: 900 g<\/p>\n<h6><strong><b>Bionicare Pedi Pro regeneracijska sol za kopel za stopala - s<\/b>astojci:\u00a0<\/strong><\/h6>\n<p>Natrijev klorid, olje iz semen Helianthus Annus, olje iz semen Rubus Idaeus, parfum.<\/p>\n<figure id=\"attachment_13898\" aria-describedby=\"caption-attachment-13898\" style=\"width: 1024px\" class=\"wp-caption aligncenter\"><a href=\"https:\/\/www.meavia-mh.hr\/wp-content\/uploads\/2022\/06\/Bionicare-kolekcija-2118-x-816.jpg\"><img fetchpriority=\"high\" decoding=\"async\" class=\"wp-image-13898 size-large\" src=\"https:\/\/www.meavia-mh.hr\/wp-content\/uploads\/2022\/06\/Bionicare-kolekcija-2118-x-816-1024x395.jpg\" alt=\"Bionicare kolekcija \" width=\"1024\" height=\"395\" srcset=\"https:\/\/www.meavia-mh.hr\/wp-content\/uploads\/2022\/06\/Bionicare-kolekcija-2118-x-816-1024x395.jpg 1024w, https:\/\/www.meavia-mh.hr\/wp-content\/uploads\/2022\/06\/Bionicare-kolekcija-2118-x-816-300x116.jpg 300w, https:\/\/www.meavia-mh.hr\/wp-content\/uploads\/2022\/06\/Bionicare-kolekcija-2118-x-816-768x296.jpg 768w, https:\/\/www.meavia-mh.hr\/wp-content\/uploads\/2022\/06\/Bionicare-kolekcija-2118-x-816-1536x592.jpg 1536w, https:\/\/www.meavia-mh.hr\/wp-content\/uploads\/2022\/06\/Bionicare-kolekcija-2118-x-816-2048x789.jpg 2048w, https:\/\/www.meavia-mh.hr\/wp-content\/uploads\/2022\/06\/Bionicare-kolekcija-2118-x-816-18x7.jpg 18w, https:\/\/www.meavia-mh.hr\/wp-content\/uploads\/2022\/06\/Bionicare-kolekcija-2118-x-816-600x231.jpg 600w\" sizes=\"(max-width: 1024px) 100vw, 1024px\" \/><\/a><figcaption id=\"caption-attachment-13898\" class=\"wp-caption-text\">Zbirka Bionicare<\/figcaption><\/figure>\n<\/div>\n<\/div>\n<\/div>\n<div class=\"mpof_ki myre_zn myre_8v_l _0d3bd_YrWCD\">\n<div class=\"mp4t_16_s mryx_16_s mr3m_1 mli2_1 mh85_56 mh85_0_l\">\n<div class=\"mgn2_16 _0d3bd_5pK0q\">\n<h6><b>Previdnostni ukrepi:<\/b><\/h6>\n<ul>\n<li>Shranjujte pri temperaturi do 25 \u00b0C.<\/li>\n<li>Za\u0161\u010ditite pred neposredno son\u010dno svetlobo.<\/li>\n<li>Ne uporabljajte na po\u0161kodovani ali razdra\u017eeni ko\u017ei stopal.<\/li>\n<li>Hranite stran od otrok.<\/li>\n<li>Izdelek za profesionalno uporabo.<\/li>\n<\/ul>\n<\/div>\n<\/div>\n<\/div>\n<h6><span class=\"goog-text-highlight\">Bionicare \u2013 nova dimenzija odli\u010dnosti pri negi stopal, rok in nohtov<\/span><\/h6>\n<p><span class=\"\">BIONICARE je specializirana blagovna znamka z obse\u017eno paleto u\u010dinkovitih izdelkov na podro\u010dju profesionalne podiatrije. <\/span>Ima lasten raziskovalni center, kjer najbolj\u0161i tehnologi in podiatri izdelujejo in preverjajo pridobljene kozmeti\u010dne recepte. Zahvaljujo\u010d temu smo prepri\u010dani, da so vsi izdelki Bionicare varni in u\u010dinkoviti. Linije izdelkov so oblikovane glede na potrebe kupcev, kot so: globoki mehurji in \u017eulji, suha ko\u017ea stopal, hiperhidroza in mikoza. Izdelki Bionicare so namenjeni tretmajem, ki se izvajajo v specializiranih ordinacijah. V ponudbi je tudi ponudba, namenjena doma\u010di negi - Home Therapy za ohranjanje u\u010dinka profesionalne nege.<\/p>\n<p>Lepa in negovana stopala ne pomenijo le udobja, temve\u010d tudi samozavest, ki vam omogo\u010da, da se po\u010dutite spro\u0161\u010deno, ne glede na situacijo. Ne glede na va\u0161 \u017eivljenjski slog, starost in tip ko\u017ee je na\u0161e poslanstvo vedno enako:\u00a0<strong>ga na vsakem koraku.<\/strong><\/p>\n<h6>Kaj razlikuje blagovno znamko Bionicare?<\/h6>\n<ul>\n<li>Inovativni in u\u010dinkoviti recepti<\/li>\n<li>Vrhunske tehnologije<\/li>\n<li>Visoka u\u010dinkovitost in varnost izdelkov<\/li>\n<li>Ekipa, ki ustvarja izdelke s strastjo do ustvarjanja in odkrivanja novih mo\u017enosti za nego<\/li>\n<li>Izku\u0161eni pedikerji, ki pomagajo pri razvoju izdelkov blagovne znamke<\/li>\n<\/ul>\n<h6>Aktivne naravne sestavine, ki jih najdemo v izdelkih Bionicare<\/h6>\n<p>Skrbno izbrane, naravne sestavine kozmetike Bionicare, izbrane za zagotavljanje najve\u010dje u\u010dinkovitosti nege.<\/p>\n<p>&nbsp;<\/p>","protected":false},"excerpt":{"rendered":"<p><a href=\"https:\/\/www.meavia-mh.hr\/wp-content\/uploads\/2022\/06\/Bionicare-logo--scaled.jpg\"><img decoding=\"async\" class=\"wp-image-13899\" src=\"https:\/\/www.meavia-mh.hr\/wp-content\/uploads\/2022\/06\/Bionicare-logo--300x112.jpg\" alt=\"Bionicare logo\" width=\"201\" height=\"75\" srcset=\"https:\/\/www.meavia-mh.hr\/wp-content\/uploads\/2022\/06\/Bionicare-logo--300x112.jpg 300w, https:\/\/www.meavia-mh.hr\/wp-content\/uploads\/2022\/06\/Bionicare-logo--1024x384.jpg 1024w, https:\/\/www.meavia-mh.hr\/wp-content\/uploads\/2022\/06\/Bionicare-logo--768x288.jpg 768w, https:\/\/www.meavia-mh.hr\/wp-content\/uploads\/2022\/06\/Bionicare-logo--1536x576.jpg 1536w, https:\/\/www.meavia-mh.hr\/wp-content\/uploads\/2022\/06\/Bionicare-logo--2048x767.jpg 2048w, https:\/\/www.meavia-mh.hr\/wp-content\/uploads\/2022\/06\/Bionicare-logo--18x7.jpg 18w, https:\/\/www.meavia-mh.hr\/wp-content\/uploads\/2022\/06\/Bionicare-logo--600x225.jpg 600w\" sizes=\"(max-width: 201px) 100vw, 201px\" \/><\/a><\/p>","protected":false},"featured_media":13948,"comment_status":"closed","ping_status":"closed","template":"","meta":{"_uag_custom_page_level_css":"","site-sidebar-layout":"default","site-content-layout":null,"ast-site-content-layout":"default","site-content-style":"default","site-sidebar-style":"default","ast-global-header-display":"","ast-banner-title-visibility":"","ast-main-header-display":"","ast-hfb-above-header-display":"","ast-hfb-below-header-display":"","ast-hfb-mobile-header-display":"","site-post-title":"","ast-breadcrumbs-content":null,"ast-featured-img":"","footer-sml-layout":"","ast-disable-related-posts":"","theme-transparent-header-meta":"default","adv-header-id-meta":"","stick-header-meta":"default","header-above-stick-meta":"","header-main-stick-meta":"","header-below-stick-meta":"","astra-migrate-meta-layouts":"set","ast-page-background-enabled":"default","ast-page-background-meta":{"desktop":{"background-color":"var(--ast-global-color-4)","background-image":"","background-repeat":"repeat","background-position":"center center","background-size":"auto","background-attachment":"scroll","background-type":"","background-media":"","overlay-type":"","overlay-color":"","overlay-opacity":"","overlay-gradient":""},"tablet":{"background-color":"","background-image":"","background-repeat":"repeat","background-position":"center center","background-size":"auto","background-attachment":"scroll","background-type":"","background-media":"","overlay-type":"","overlay-color":"","overlay-opacity":"","overlay-gradient":""},"mobile":{"background-color":"","background-image":"","background-repeat":"repeat","background-position":"center center","background-size":"auto","background-attachment":"scroll","background-type":"","background-media":"","overlay-type":"","overlay-color":"","overlay-opacity":"","overlay-gradient":""}},"ast-content-background-meta":{"desktop":{"background-color":"var(--ast-global-color-5)","background-image":"","background-repeat":"repeat","background-position":"center center","background-size":"auto","background-attachment":"scroll","background-type":"","background-media":"","overlay-type":"","overlay-color":"","overlay-opacity":"","overlay-gradient":""},"tablet":{"background-color":"var(--ast-global-color-5)","background-image":"","background-repeat":"repeat","background-position":"center center","background-size":"auto","background-attachment":"scroll","background-type":"","background-media":"","overlay-type":"","overlay-color":"","overlay-opacity":"","overlay-gradient":""},"mobile":{"background-color":"var(--ast-global-color-5)","background-image":"","background-repeat":"repeat","background-position":"center center","background-size":"auto","background-attachment":"scroll","background-type":"","background-media":"","overlay-type":"","overlay-color":"","overlay-opacity":"","overlay-gradient":""}}},"product_brand":[],"product_cat":[118,388],"product_tag":[389,226],"class_list":{"0":"post-13947","1":"product","2":"type-product","3":"status-publish","4":"has-post-thumbnail","6":"product_cat-njegu-ruku-i-nogu","7":"product_cat-pedikura","8":"product_tag-bionicare","9":"product_tag-pedikura","10":"desktop-align-left","11":"tablet-align-left","12":"mobile-align-left","13":"ast-product-gallery-layout-horizontal-slider","14":"ast-product-tabs-layout-horizontal","16":"first","17":"outofstock","18":"taxable","19":"shipping-taxable","20":"purchasable","21":"product-type-simple"},"yoast_head":"<!-- This site is optimized with the Yoast SEO plugin v27.4 - https:\/\/yoast.com\/product\/yoast-seo-wordpress\/ -->\n<title>Bionicare Pedi Pro regeneriraju\u0107a sol za kupku stopala &#8902; Mea Via Beauty<\/title>\n<meta name=\"description\" content=\"Bionicare Pedi Pro regeneriraju\u0107a sol za kupku stopala &#8902; njeguje i \u0161titi ko\u017eu stopala &#8902; za profesionalnu upotrebu &#8902; za pedikuru\" \/>\n<meta name=\"robots\" content=\"index, follow, max-snippet:-1, max-image-preview:large, max-video-preview:-1\" \/>\n<link rel=\"canonical\" href=\"https:\/\/www.meavia-mh.hr\/sl\/product\/bionicare-pedi-pro-regenerirajuca-sol-za-kupku-stopala\/\" \/>\n<meta property=\"og:locale\" content=\"sl_SI\" \/>\n<meta property=\"og:type\" content=\"article\" \/>\n<meta property=\"og:title\" content=\"Bionicare Pedi Pro regeneriraju\u0107a sol za kupku stopala &#8902; Mea Via Beauty\" \/>\n<meta property=\"og:description\" content=\"Bionicare Pedi Pro regeneriraju\u0107a sol za kupku stopala &#8902; njeguje i \u0161titi ko\u017eu stopala &#8902; za profesionalnu upotrebu &#8902; za pedikuru\" \/>\n<meta property=\"og:url\" content=\"https:\/\/www.meavia-mh.hr\/sl\/product\/bionicare-pedi-pro-regenerirajuca-sol-za-kupku-stopala\/\" \/>\n<meta property=\"og:site_name\" content=\"Mea Via Beauty\" \/>\n<meta property=\"article:publisher\" content=\"https:\/\/www.facebook.com\/MeaViaNailsWorld\" \/>\n<meta property=\"article:modified_time\" content=\"2026-01-24T07:23:34+00:00\" \/>\n<meta property=\"og:image\" content=\"https:\/\/www.meavia-mh.hr\/wp-content\/uploads\/2022\/06\/Bionicare-PEDI-PRO-Regenerirajuca-sol-za-kupku-za-stopala.jpg\" \/>\n\t<meta property=\"og:image:width\" content=\"1248\" \/>\n\t<meta property=\"og:image:height\" content=\"1246\" \/>\n\t<meta property=\"og:image:type\" content=\"image\/jpeg\" \/>\n<meta name=\"twitter:card\" content=\"summary_large_image\" \/>\n<meta name=\"twitter:label1\" content=\"Est. reading time\" \/>\n\t<meta name=\"twitter:data1\" content=\"3 minute\" \/>\n<script type=\"application\/ld+json\" class=\"yoast-schema-graph\">{\"@context\":\"https:\\\/\\\/schema.org\",\"@graph\":[{\"@type\":\"WebPage\",\"@id\":\"https:\\\/\\\/www.meavia-mh.hr\\\/product\\\/bionicare-pedi-pro-regenerirajuca-sol-za-kupku-stopala\\\/\",\"url\":\"https:\\\/\\\/www.meavia-mh.hr\\\/product\\\/bionicare-pedi-pro-regenerirajuca-sol-za-kupku-stopala\\\/\",\"name\":\"Bionicare Pedi Pro regeneriraju\u0107a sol za kupku stopala &#8902; Mea Via Beauty\",\"isPartOf\":{\"@id\":\"https:\\\/\\\/meavia-mh.hr\\\/sl\\\/#website\"},\"primaryImageOfPage\":{\"@id\":\"https:\\\/\\\/www.meavia-mh.hr\\\/product\\\/bionicare-pedi-pro-regenerirajuca-sol-za-kupku-stopala\\\/#primaryimage\"},\"image\":{\"@id\":\"https:\\\/\\\/www.meavia-mh.hr\\\/product\\\/bionicare-pedi-pro-regenerirajuca-sol-za-kupku-stopala\\\/#primaryimage\"},\"thumbnailUrl\":\"https:\\\/\\\/www.meavia-mh.hr\\\/wp-content\\\/uploads\\\/2022\\\/06\\\/Bionicare-PEDI-PRO-Regenerirajuca-sol-za-kupku-za-stopala.jpg\",\"datePublished\":\"2022-06-07T21:12:05+00:00\",\"dateModified\":\"2026-01-24T07:23:34+00:00\",\"description\":\"Bionicare Pedi Pro regeneriraju\u0107a sol za kupku stopala &#8902; njeguje i \u0161titi ko\u017eu stopala &#8902; za profesionalnu upotrebu &#8902; za pedikuru\",\"breadcrumb\":{\"@id\":\"https:\\\/\\\/www.meavia-mh.hr\\\/product\\\/bionicare-pedi-pro-regenerirajuca-sol-za-kupku-stopala\\\/#breadcrumb\"},\"inLanguage\":\"sl-SI\",\"potentialAction\":[{\"@type\":\"ReadAction\",\"target\":[\"https:\\\/\\\/www.meavia-mh.hr\\\/product\\\/bionicare-pedi-pro-regenerirajuca-sol-za-kupku-stopala\\\/\"]}]},{\"@type\":\"ImageObject\",\"inLanguage\":\"sl-SI\",\"@id\":\"https:\\\/\\\/www.meavia-mh.hr\\\/product\\\/bionicare-pedi-pro-regenerirajuca-sol-za-kupku-stopala\\\/#primaryimage\",\"url\":\"https:\\\/\\\/www.meavia-mh.hr\\\/wp-content\\\/uploads\\\/2022\\\/06\\\/Bionicare-PEDI-PRO-Regenerirajuca-sol-za-kupku-za-stopala.jpg\",\"contentUrl\":\"https:\\\/\\\/www.meavia-mh.hr\\\/wp-content\\\/uploads\\\/2022\\\/06\\\/Bionicare-PEDI-PRO-Regenerirajuca-sol-za-kupku-za-stopala.jpg\",\"width\":1248,\"height\":1246,\"caption\":\"Bionicare Pedi Pro regeneriraju\u0107a sol za kupku stopala\"},{\"@type\":\"BreadcrumbList\",\"@id\":\"https:\\\/\\\/www.meavia-mh.hr\\\/product\\\/bionicare-pedi-pro-regenerirajuca-sol-za-kupku-stopala\\\/#breadcrumb\",\"itemListElement\":[{\"@type\":\"ListItem\",\"position\":1,\"name\":\"Po\u010detna stranica\",\"item\":\"https:\\\/\\\/www.meavia-mh.hr\\\/\"},{\"@type\":\"ListItem\",\"position\":2,\"name\":\"Trgovina\",\"item\":\"https:\\\/\\\/meavia-mh.hr\\\/sl\\\/store\\\/\"},{\"@type\":\"ListItem\",\"position\":3,\"name\":\"Bionicare Pedi Pro regeneriraju\u0107a sol za kupku stopala\"}]},{\"@type\":\"WebSite\",\"@id\":\"https:\\\/\\\/meavia-mh.hr\\\/sl\\\/#website\",\"url\":\"https:\\\/\\\/meavia-mh.hr\\\/sl\\\/\",\"name\":\"Mea Via Beauty\",\"description\":\"Only The Best For Your Beauty\",\"publisher\":{\"@id\":\"https:\\\/\\\/meavia-mh.hr\\\/sl\\\/#organization\"},\"alternateName\":\"Mea Via Nails\",\"potentialAction\":[{\"@type\":\"SearchAction\",\"target\":{\"@type\":\"EntryPoint\",\"urlTemplate\":\"https:\\\/\\\/meavia-mh.hr\\\/sl\\\/?s={search_term_string}\"},\"query-input\":{\"@type\":\"PropertyValueSpecification\",\"valueRequired\":true,\"valueName\":\"search_term_string\"}}],\"inLanguage\":\"sl-SI\"},{\"@type\":\"Organization\",\"@id\":\"https:\\\/\\\/meavia-mh.hr\\\/sl\\\/#organization\",\"name\":\"Mea Via Nails World\",\"alternateName\":\"Mea Via\",\"url\":\"https:\\\/\\\/meavia-mh.hr\\\/sl\\\/\",\"logo\":{\"@type\":\"ImageObject\",\"inLanguage\":\"sl-SI\",\"@id\":\"https:\\\/\\\/meavia-mh.hr\\\/sl\\\/#\\\/schema\\\/logo\\\/image\\\/\",\"url\":\"https:\\\/\\\/www.meavia-mh.hr\\\/wp-content\\\/uploads\\\/2020\\\/12\\\/Mea-Via.png\",\"contentUrl\":\"https:\\\/\\\/www.meavia-mh.hr\\\/wp-content\\\/uploads\\\/2020\\\/12\\\/Mea-Via.png\",\"width\":1181,\"height\":393,\"caption\":\"Mea Via Nails World\"},\"image\":{\"@id\":\"https:\\\/\\\/meavia-mh.hr\\\/sl\\\/#\\\/schema\\\/logo\\\/image\\\/\"},\"sameAs\":[\"https:\\\/\\\/www.facebook.com\\\/MeaViaNailsWorld\",\"https:\\\/\\\/www.instagram.com\\\/mea_via_nails_world\\\/\",\"https:\\\/\\\/www.youtube.com\\\/channel\\\/UCECk0hpRWP6TN-EfA4ER96g\\\/featured\"]}]}<\/script>\n<!-- \/ Yoast SEO plugin. -->","yoast_head_json":{"title":"Bionicare Pedi Pro regeneracijska sol za kopel stopal \u22c6 Mea Via Beauty","description":"Bionicare Pedi Pro regeneracijska sol za kopel nog \u22c6 neguje in \u0161\u010diti ko\u017eo nog \u22c6 za profesionalno uporabo \u22c6 za pedikuro","robots":{"index":"index","follow":"follow","max-snippet":"max-snippet:-1","max-image-preview":"max-image-preview:large","max-video-preview":"max-video-preview:-1"},"canonical":"https:\/\/www.meavia-mh.hr\/sl\/product\/bionicare-pedi-pro-regenerirajuca-sol-za-kupku-stopala\/","og_locale":"sl_SI","og_type":"article","og_title":"Bionicare Pedi Pro regeneriraju\u0107a sol za kupku stopala &#8902; Mea Via Beauty","og_description":"Bionicare Pedi Pro regeneriraju\u0107a sol za kupku stopala &#8902; njeguje i \u0161titi ko\u017eu stopala &#8902; za profesionalnu upotrebu &#8902; za pedikuru","og_url":"https:\/\/www.meavia-mh.hr\/sl\/product\/bionicare-pedi-pro-regenerirajuca-sol-za-kupku-stopala\/","og_site_name":"Mea Via Beauty","article_publisher":"https:\/\/www.facebook.com\/MeaViaNailsWorld","article_modified_time":"2026-01-24T07:23:34+00:00","og_image":[{"width":1248,"height":1246,"url":"https:\/\/www.meavia-mh.hr\/wp-content\/uploads\/2022\/06\/Bionicare-PEDI-PRO-Regenerirajuca-sol-za-kupku-za-stopala.jpg","type":"image\/jpeg"}],"twitter_card":"summary_large_image","twitter_misc":{"Est. reading time":"3 minute"},"schema":{"@context":"https:\/\/schema.org","@graph":[{"@type":"WebPage","@id":"https:\/\/www.meavia-mh.hr\/product\/bionicare-pedi-pro-regenerirajuca-sol-za-kupku-stopala\/","url":"https:\/\/www.meavia-mh.hr\/product\/bionicare-pedi-pro-regenerirajuca-sol-za-kupku-stopala\/","name":"Bionicare Pedi Pro regeneracijska sol za kopel stopal \u22c6 Mea Via Beauty","isPartOf":{"@id":"https:\/\/meavia-mh.hr\/sl\/#website"},"primaryImageOfPage":{"@id":"https:\/\/www.meavia-mh.hr\/product\/bionicare-pedi-pro-regenerirajuca-sol-za-kupku-stopala\/#primaryimage"},"image":{"@id":"https:\/\/www.meavia-mh.hr\/product\/bionicare-pedi-pro-regenerirajuca-sol-za-kupku-stopala\/#primaryimage"},"thumbnailUrl":"https:\/\/www.meavia-mh.hr\/wp-content\/uploads\/2022\/06\/Bionicare-PEDI-PRO-Regenerirajuca-sol-za-kupku-za-stopala.jpg","datePublished":"2022-06-07T21:12:05+00:00","dateModified":"2026-01-24T07:23:34+00:00","description":"Bionicare Pedi Pro regeneracijska sol za kopel nog \u22c6 neguje in \u0161\u010diti ko\u017eo nog \u22c6 za profesionalno uporabo \u22c6 za pedikuro","breadcrumb":{"@id":"https:\/\/www.meavia-mh.hr\/product\/bionicare-pedi-pro-regenerirajuca-sol-za-kupku-stopala\/#breadcrumb"},"inLanguage":"sl-SI","potentialAction":[{"@type":"ReadAction","target":["https:\/\/www.meavia-mh.hr\/product\/bionicare-pedi-pro-regenerirajuca-sol-za-kupku-stopala\/"]}]},{"@type":"ImageObject","inLanguage":"sl-SI","@id":"https:\/\/www.meavia-mh.hr\/product\/bionicare-pedi-pro-regenerirajuca-sol-za-kupku-stopala\/#primaryimage","url":"https:\/\/www.meavia-mh.hr\/wp-content\/uploads\/2022\/06\/Bionicare-PEDI-PRO-Regenerirajuca-sol-za-kupku-za-stopala.jpg","contentUrl":"https:\/\/www.meavia-mh.hr\/wp-content\/uploads\/2022\/06\/Bionicare-PEDI-PRO-Regenerirajuca-sol-za-kupku-za-stopala.jpg","width":1248,"height":1246,"caption":"Bionicare Pedi Pro regeneriraju\u0107a sol za kupku stopala"},{"@type":"BreadcrumbList","@id":"https:\/\/www.meavia-mh.hr\/product\/bionicare-pedi-pro-regenerirajuca-sol-za-kupku-stopala\/#breadcrumb","itemListElement":[{"@type":"ListItem","position":1,"name":"Po\u010detna stranica","item":"https:\/\/www.meavia-mh.hr\/"},{"@type":"ListItem","position":2,"name":"Trgovina","item":"https:\/\/meavia-mh.hr\/sl\/store\/"},{"@type":"ListItem","position":3,"name":"Bionicare Pedi Pro regeneriraju\u0107a sol za kupku stopala"}]},{"@type":"WebSite","@id":"https:\/\/meavia-mh.hr\/sl\/#website","url":"https:\/\/meavia-mh.hr\/sl\/","name":"MEA VIA BEAUTY","description":"Only The Best For Your Beauty","publisher":{"@id":"https:\/\/meavia-mh.hr\/sl\/#organization"},"alternateName":"Mea Via Nails","potentialAction":[{"@type":"SearchAction","target":{"@type":"EntryPoint","urlTemplate":"https:\/\/meavia-mh.hr\/sl\/?s={search_term_string}"},"query-input":{"@type":"PropertyValueSpecification","valueRequired":true,"valueName":"search_term_string"}}],"inLanguage":"sl-SI"},{"@type":"Organization","@id":"https:\/\/meavia-mh.hr\/sl\/#organization","name":"Mea Via Nails World","alternateName":"Mea Via","url":"https:\/\/meavia-mh.hr\/sl\/","logo":{"@type":"ImageObject","inLanguage":"sl-SI","@id":"https:\/\/meavia-mh.hr\/sl\/#\/schema\/logo\/image\/","url":"https:\/\/www.meavia-mh.hr\/wp-content\/uploads\/2020\/12\/Mea-Via.png","contentUrl":"https:\/\/www.meavia-mh.hr\/wp-content\/uploads\/2020\/12\/Mea-Via.png","width":1181,"height":393,"caption":"Mea Via Nails World"},"image":{"@id":"https:\/\/meavia-mh.hr\/sl\/#\/schema\/logo\/image\/"},"sameAs":["https:\/\/www.facebook.com\/MeaViaNailsWorld","https:\/\/www.instagram.com\/mea_via_nails_world\/","https:\/\/www.youtube.com\/channel\/UCECk0hpRWP6TN-EfA4ER96g\/featured"]}]}},"spectra_custom_meta":{"_sku":["5904474861196"],"_regular_price":["19.9"],"total_sales":["20"],"_tax_status":["taxable"],"_tax_class":[""],"_manage_stock":["yes"],"_backorders":["no"],"_sold_individually":["no"],"_virtual":["no"],"_downloadable":["no"],"_product_image_gallery":["13907,13903,13931,13927,13928"],"_download_limit":["-1"],"_download_expiry":["-1"],"_thumbnail_id":["13948"],"_stock":["0"],"_stock_status":["outofstock"],"_wc_average_rating":["0"],"_wc_review_count":["0"],"_product_version":["10.4.3"],"_price":["19.9"],"_wp_page_template":["default"],"_yoast_wpseo_focuskw":["regeneriraju\u0107a sol za kupku stopala"],"_yoast_wpseo_linkdex":["92"],"_yoast_wpseo_content_score":["90"],"_yoast_wpseo_estimated-reading-time-minutes":["3"],"cartflows_redirect_flow_id":[""],"cartflows_add_to_cart_text":[""],"_woocs_price_geo_countries":[""],"_woocs_regular_price_geo":[""],"_woocs_sale_price_geo":[""],"site-sidebar-layout":["default"],"site-content-layout":[null],"theme-transparent-header-meta":["default"],"stick-header-meta":["default"],"_yoast_wpseo_primary_product_cat":["388"],"_yoast_wpseo_metadesc":["%%title%% %%sep%% njeguje i \u0161titi ko\u017eu stopala %%sep%% za profesionalnu upotrebu %%sep%% za pedikuru"],"_edit_lock":["1758659365:1239"],"_edit_last":["1239"],"_woocs_regular_price_EUR":["19.9"],"_woocs_sale_price_EUR":["-1"],"_lowest_price_30_days":["19.9"],"uag_migration_processed":["1"],"_wc_facebook_sync_enabled":["yes"],"fb_visibility":["yes"],"fb_product_description":[""],"_wc_facebook_product_image_source":["product"],"fb_product_group_id":["9084261778334654"],"ast-site-content-layout":["default"],"site-content-style":["default"],"site-sidebar-style":["default"],"_yoast_wpseo_primary_product_brand":[""],"_yoast_wpseo_primary_fb_product_set":[""],"fb_product_item_id":["9084262051667960"],"fb_rich_text_description":[""],"fb_product_video":["a:0:{}"],"fb_brand":[""],"fb_mpn":[""],"fb_size":[""],"fb_color":[""],"fb_material":[""],"fb_pattern":[""],"fb_age_group":[""],"fb_gender":[""],"fb_product_condition":[""],"astra-migrate-meta-layouts":["set"],"ast-above-header-display":[null],"ast-below-header-display":[null],"footer-adv-display":[null],"adv-header-id-meta":[""],"ast-breadcrumbs-content":[null],"_elementor_page_assets":["a:0:{}"],"_uag_page_assets":["a:9:{s:3:\"css\";s:0:\"\";s:2:\"js\";s:0:\"\";s:18:\"current_block_list\";a:3:{i:0;s:11:\"core\/search\";i:1;s:18:\"core\/legacy-widget\";i:2;s:27:\"woocommerce\/product-filters\";}s:8:\"uag_flag\";b:0;s:11:\"uag_version\";s:10:\"1776604338\";s:6:\"gfonts\";a:0:{}s:10:\"gfonts_url\";s:0:\"\";s:12:\"gfonts_files\";a:0:{}s:14:\"uag_faq_layout\";b:0;}"]},"uagb_featured_image_src":{"full":["https:\/\/www.meavia-mh.hr\/wp-content\/uploads\/2022\/06\/Bionicare-PEDI-PRO-Regenerirajuca-sol-za-kupku-za-stopala.jpg",1248,1246,false],"thumbnail":["https:\/\/www.meavia-mh.hr\/wp-content\/uploads\/2022\/06\/Bionicare-PEDI-PRO-Regenerirajuca-sol-za-kupku-za-stopala-150x150.jpg",150,150,true],"medium":["https:\/\/www.meavia-mh.hr\/wp-content\/uploads\/2022\/06\/Bionicare-PEDI-PRO-Regenerirajuca-sol-za-kupku-za-stopala-300x300.jpg",300,300,true],"medium_large":["https:\/\/www.meavia-mh.hr\/wp-content\/uploads\/2022\/06\/Bionicare-PEDI-PRO-Regenerirajuca-sol-za-kupku-za-stopala-768x767.jpg",768,767,true],"large":["https:\/\/www.meavia-mh.hr\/wp-content\/uploads\/2022\/06\/Bionicare-PEDI-PRO-Regenerirajuca-sol-za-kupku-za-stopala-1024x1022.jpg",1024,1022,true],"1536x1536":["https:\/\/www.meavia-mh.hr\/wp-content\/uploads\/2022\/06\/Bionicare-PEDI-PRO-Regenerirajuca-sol-za-kupku-za-stopala.jpg",1248,1246,false],"2048x2048":["https:\/\/www.meavia-mh.hr\/wp-content\/uploads\/2022\/06\/Bionicare-PEDI-PRO-Regenerirajuca-sol-za-kupku-za-stopala.jpg",1248,1246,false],"trp-custom-language-flag":["https:\/\/www.meavia-mh.hr\/wp-content\/uploads\/2022\/06\/Bionicare-PEDI-PRO-Regenerirajuca-sol-za-kupku-za-stopala-12x12.jpg",12,12,true],"woocommerce_thumbnail":["https:\/\/www.meavia-mh.hr\/wp-content\/uploads\/2022\/06\/Bionicare-PEDI-PRO-Regenerirajuca-sol-za-kupku-za-stopala-300x300.jpg",300,300,true],"woocommerce_single":["https:\/\/www.meavia-mh.hr\/wp-content\/uploads\/2022\/06\/Bionicare-PEDI-PRO-Regenerirajuca-sol-za-kupku-za-stopala-600x599.jpg",600,599,true],"woocommerce_gallery_thumbnail":["https:\/\/www.meavia-mh.hr\/wp-content\/uploads\/2022\/06\/Bionicare-PEDI-PRO-Regenerirajuca-sol-za-kupku-za-stopala-100x100.jpg",100,100,true]},"uagb_author_info":{"display_name":"Mea Via","author_link":"https:\/\/www.meavia-mh.hr\/sl\/author\/"},"uagb_comment_info":0,"uagb_excerpt":null,"_links":{"self":[{"href":"https:\/\/www.meavia-mh.hr\/sl\/wp-json\/wp\/v2\/product\/13947","targetHints":{"allow":["GET"]}}],"collection":[{"href":"https:\/\/www.meavia-mh.hr\/sl\/wp-json\/wp\/v2\/product"}],"about":[{"href":"https:\/\/www.meavia-mh.hr\/sl\/wp-json\/wp\/v2\/types\/product"}],"replies":[{"embeddable":true,"href":"https:\/\/www.meavia-mh.hr\/sl\/wp-json\/wp\/v2\/comments?post=13947"}],"version-history":[{"count":4,"href":"https:\/\/www.meavia-mh.hr\/sl\/wp-json\/wp\/v2\/product\/13947\/revisions"}],"predecessor-version":[{"id":40735,"href":"https:\/\/www.meavia-mh.hr\/sl\/wp-json\/wp\/v2\/product\/13947\/revisions\/40735"}],"wp:featuredmedia":[{"embeddable":true,"href":"https:\/\/www.meavia-mh.hr\/sl\/wp-json\/wp\/v2\/media\/13948"}],"wp:attachment":[{"href":"https:\/\/www.meavia-mh.hr\/sl\/wp-json\/wp\/v2\/media?parent=13947"}],"wp:term":[{"taxonomy":"product_brand","embeddable":true,"href":"https:\/\/www.meavia-mh.hr\/sl\/wp-json\/wp\/v2\/product_brand?post=13947"},{"taxonomy":"product_cat","embeddable":true,"href":"https:\/\/www.meavia-mh.hr\/sl\/wp-json\/wp\/v2\/product_cat?post=13947"},{"taxonomy":"product_tag","embeddable":true,"href":"https:\/\/www.meavia-mh.hr\/sl\/wp-json\/wp\/v2\/product_tag?post=13947"}],"curies":[{"name":"delovni list","href":"https:\/\/api.w.org\/{rel}","templated":true}]}}